{"id":5519,"date":"2024-11-29T21:34:40","date_gmt":"2024-11-29T13:34:40","guid":{"rendered":"https:\/\/www.hnhlcrane.com\/?post_type=product&#038;p=5519"},"modified":"2025-09-14T22:39:20","modified_gmt":"2025-09-14T14:39:20","slug":"wjkc-ray-klipsleri","status":"publish","type":"product","link":"https:\/\/www.hnhlcrane.com\/tr\/product\/wjkc-ray-klipsleri\/","title":{"rendered":"WJKC Ray Klipsleri"},"content":{"rendered":"<h6><span style=\"font-family: arial, helvetica, sans-serif; font-size: 18pt;\"><strong>WJKC Ray Klipslerinin \u00d6zellikleri<\/strong><\/span><\/h6>\n<ol>\n<li><strong>Birincil Uygulamalar<\/strong>:<br \/>\nWJKC ray klipsleri \u00f6ncelikle \u00e7elik vin\u00e7 kiri\u015fleri \u00fczerinde yatay k\u0131lavuz tekerlekli vin\u00e7 raylar\u0131n\u0131n sabitlenmesi ve b\u00fcy\u00fck tonajl\u0131 yumu\u015fak kancal\u0131 vin\u00e7lerin raylar\u0131n\u0131n sabitlenmesi i\u00e7in kullan\u0131l\u0131r.<\/li>\n<li><strong>Kurulum Kolayl\u0131\u011f\u0131<\/strong>:<br \/>\nTasar\u0131m, raylar\u0131n kolay kurulumunu, ayarlanmas\u0131n\u0131 ve de\u011fi\u015ftirilmesini kolayla\u015ft\u0131r\u0131r.<\/li>\n<li><strong>Sondaj Gerektirmez<\/strong>:<br \/>\nBu klipsler, do\u011frudan vin\u00e7 kiri\u015finin \u00fcst flan\u015f\u0131na kaynakland\u0131\u011f\u0131ndan, vin\u00e7 kiri\u015flerini delme ihtiyac\u0131n\u0131 ortadan kald\u0131r\u0131r.<\/li>\n<li><strong>\u00c7ift C\u0131vata Ba\u011flant\u0131s\u0131<\/strong>:<br \/>\nWJKC sabitleme cihazlar\u0131, geli\u015fmi\u015f stabilite ve g\u00fcvenilirlik i\u00e7in yaln\u0131zca \u00e7ift c\u0131vatal\u0131 bir ba\u011flant\u0131 kullan\u0131r.<\/li>\n<li><strong>Y\u00fck Ta\u015f\u0131ma Kapasitesi<\/strong>:\n<ul>\n<li>WJKC1: Maksimum yanal kuvvetin \u00fcstesinden gelir <strong>135kN<\/strong> yatay k\u0131lavuz tekerleklerden.<\/li>\n<li>WJKC2: Maksimum yanal kuvvetin \u00fcstesinden gelir <strong>220kN<\/strong>.<\/li>\n<li>WJKC3: Maksimum yanal kuvvetin \u00fcstesinden gelir <strong>400kN<\/strong>.<\/li>\n<\/ul>\n<\/li>\n<\/ol>\n<h6><span style=\"font-family: arial, helvetica, sans-serif; font-size: 18pt;\"><strong>WJKC Ray Klipsleri i\u00e7in Se\u00e7im Hususlar\u0131<\/strong><\/span><\/h6>\n<ul>\n<li>Yatay k\u0131lavuz tekerlekli vin\u00e7 raylar\u0131 i\u00e7in, ray\u0131n alt\u0131ndaki t\u00fcm uzunluk boyunca \u00f6zel kompozit kau\u00e7uk pedlerin kullan\u0131lmas\u0131 zorunludur.<\/li>\n<li>Yatay k\u0131lavuz tekerlekleri olmayan paletler monte edilmemelidir.<\/li>\n<li>QU120 raylar b\u00fcy\u00fck tonajl\u0131 vin\u00e7ler i\u00e7in tavsiye edilir, ancak \u00f6zel durumlarda di\u011fer ray tipleri de d\u00fc\u015f\u00fcn\u00fclebilir.<\/li>\n<\/ul>\n<h6><span style=\"font-family: arial, helvetica, sans-serif; font-size: 18pt;\"><strong>WJKC i\u00e7in Kurulum S\u0131ras\u0131 ve \u00d6nemli Noktalar <a href=\"https:\/\/www.hnhlcrane.com\/tr\/urunler\/vi%cc%87nc-ray-kli%cc%87pleri%cc%87\/\" target=\"_blank\" rel=\"noopener\">Ray Klipsleri<\/a><\/strong><\/span><\/h6>\n<ol>\n<li><strong>Temel Hizalama<\/strong>:<br \/>\nKonumland\u0131rmak i\u00e7in sabit taban\u0131n y\u00fczeyindeki \u00fc\u00e7 olu\u011fu ve ray kelep\u00e7esinin merkezini kullan\u0131n. Vin\u00e7 kiri\u015fi merkez hatt\u0131ndan izin verilen sapma 1,00 mm'dir.<\/li>\n<li><strong>T-Civatalar<\/strong>:<br \/>\nT c\u0131vatalar\u0131 tak\u0131n ve raya do\u011fru kayd\u0131rarak yerle\u015ftirin.<\/li>\n<li><strong>Ayar Plakas\u0131<\/strong>:<br \/>\nMontaj s\u0131ras\u0131nda ayar plakas\u0131n\u0131n yivli taraf\u0131n\u0131n yukar\u0131 bakt\u0131\u011f\u0131ndan emin olun.<\/li>\n<li><strong>Bile\u015fen Montaj\u0131<\/strong>:<br \/>\nBask\u0131 plakas\u0131n\u0131, rondelalar\u0131, yayl\u0131 rondelalar\u0131 ve somunlar\u0131 s\u0131rayla tak\u0131n.<\/li>\n<li><strong>Hizalama ve S\u0131kma<\/strong>:\n<ul>\n<li>Ray kelep\u00e7esinin raya dik olmas\u0131n\u0131 sa\u011flamak i\u00e7in kama \u015feklindeki ayar plakas\u0131n\u0131 ayarlay\u0131n.<\/li>\n<li>Bask\u0131 plakas\u0131 ray\u0131n alt flan\u015f\u0131na tam olarak oturdu\u011funda c\u0131vatalar\u0131 s\u0131k\u0131n.<\/li>\n<li>Tork \u00f6zellikleri: WJKC1 ve WJKC2 i\u00e7in 256N-m, WJKC3 i\u00e7in 423N-m.<\/li>\n<\/ul>\n<\/li>\n<li><strong>Stres Azaltma<\/strong>:<br \/>\nKaynak gerilimini en aza indirmek i\u00e7in simetrik kaynak, ters kaynak veya atlama kayna\u011f\u0131 gibi teknikler kullan\u0131n.<\/li>\n<li><strong>A\u00e7\u0131 Ayarlar\u0131<\/strong>:<br \/>\nTasar\u0131m ve kurulum s\u0131ras\u0131nda, sabit taban plakas\u0131n\u0131n vin\u00e7 kiri\u015finin a\u00e7\u0131s\u0131n\u0131 nas\u0131l etkileyebilece\u011fini g\u00f6z \u00f6n\u00fcnde bulundurun.<\/li>\n<\/ol>\n<p>&nbsp;<\/p>","protected":false},"excerpt":{"rendered":"<p><span style=\"font-family: arial, helvetica, sans-serif;\"><strong>WJKC Ray Klipslerinin \u00d6zellikleri<\/strong><\/span><\/p>\n<ul>\n<li><strong>Modeller<\/strong>: WJKC1, WJKC2, WJKC3<\/li>\n<li><strong>Sabitleme Y\u00f6ntemi<\/strong>: Kaynakl\u0131 taban plakas\u0131<\/li>\n<\/ul>","protected":false},"featured_media":5520,"template":"","meta":{"_kad_post_transparent":"default","_kad_post_title":"","_kad_post_layout":"default","_kad_post_sidebar_id":"","_kad_post_content_style":"default","_kad_post_vertical_padding":"show","_kad_post_feature":"","_kad_post_feature_position":"","_kad_post_header":false,"_kad_post_footer":false},"product_brand":[],"product_cat":[83],"product_tag":[224,223,222,221,218,214,217,225,228,216,226,219,227,215,220],"class_list":{"0":"post-5519","1":"product","2":"type-product","3":"status-publish","4":"has-post-thumbnail","6":"product_cat-crane-rail-clips","7":"product_tag-05g525-rail-clips","8":"product_tag-cgbk-rail-clips","9":"product_tag-cgek-rail-clips","10":"product_tag-cgwk-rail-clips","11":"product_tag-crane-rail-clamp","12":"product_tag-crane-rail-clips","13":"product_tag-crane-rail-fixing-device","14":"product_tag-hdgy-rail-clips","15":"product_tag-rail-connection-splint","16":"product_tag-rail-fixing-device","17":"product_tag-rail-joints","18":"product_tag-swjk-rail-clips","19":"product_tag-tracks-jointing-plates","20":"product_tag-wjk-rail-clips","21":"product_tag-wjkc-rail-clips","23":"first","24":"instock","25":"shipping-taxable","26":"product-type-simple","27":"entry","28":"content-bg","29":"loop-entry"},"yoast_head":"<!-- This site is optimized with the Yoast SEO plugin v25.6 - https:\/\/yoast.com\/wordpress\/plugins\/seo\/ -->\n<title>WJKC Rail Clips \u2013 Durable &amp; Reliable Rail Fastening Solution<\/title>\n<meta name=\"description\" content=\"High-quality WJKC Rail Clips for secure and long-lasting rail connections. Ideal for railways, industrial tracks, and heavy-duty applications.\" \/>\n<meta name=\"robots\" content=\"index, follow, max-snippet:-1, max-image-preview:large, max-video-preview:-1\" \/>\n<link rel=\"canonical\" href=\"https:\/\/www.hnhlcrane.com\/tr\/product\/wjkc-ray-klipsleri\/\" \/>\n<meta property=\"og:locale\" content=\"tr_TR\" \/>\n<meta property=\"og:type\" content=\"article\" \/>\n<meta property=\"og:title\" content=\"WJKC Rail Clips \u2013 Durable &amp; Reliable Rail Fastening Solution\" \/>\n<meta property=\"og:description\" content=\"High-quality WJKC Rail Clips for secure and long-lasting rail connections. Ideal for railways, industrial tracks, and heavy-duty applications.\" \/>\n<meta property=\"og:url\" content=\"https:\/\/www.hnhlcrane.com\/tr\/product\/wjkc-ray-klipsleri\/\" \/>\n<meta property=\"og:site_name\" content=\"Crane Parts Supplier-HL Crame\" \/>\n<meta property=\"article:modified_time\" content=\"2025-09-14T14:39:20+00:00\" \/>\n<meta property=\"og:image\" content=\"https:\/\/www.hnhlcrane.com\/wp-content\/uploads\/2024\/11\/WJKC1-Rail-Clips.jpg\" \/>\n\t<meta property=\"og:image:width\" content=\"600\" \/>\n\t<meta property=\"og:image:height\" content=\"600\" \/>\n\t<meta property=\"og:image:type\" content=\"image\/jpeg\" \/>\n<meta name=\"twitter:card\" content=\"summary_large_image\" \/>\n<meta name=\"twitter:label1\" content=\"Tahmini okuma s\u00fcresi\" \/>\n\t<meta name=\"twitter:data1\" content=\"2 dakika\" \/>\n<script type=\"application\/ld+json\" class=\"yoast-schema-graph\">{\"@context\":\"https:\/\/schema.org\",\"@graph\":[{\"@type\":\"WebPage\",\"@id\":\"https:\/\/www.hnhlcrane.com\/product\/wjkc-rail-clips\/\",\"url\":\"https:\/\/www.hnhlcrane.com\/product\/wjkc-rail-clips\/\",\"name\":\"WJKC Rail Clips \u2013 Durable & Reliable Rail Fastening Solution\",\"isPartOf\":{\"@id\":\"https:\/\/www.hnhlcrane.com\/#website\"},\"primaryImageOfPage\":{\"@id\":\"https:\/\/www.hnhlcrane.com\/product\/wjkc-rail-clips\/#primaryimage\"},\"image\":{\"@id\":\"https:\/\/www.hnhlcrane.com\/product\/wjkc-rail-clips\/#primaryimage\"},\"thumbnailUrl\":\"https:\/\/www.hnhlcrane.com\/wp-content\/uploads\/2024\/11\/WJKC1-Rail-Clips.jpg\",\"datePublished\":\"2024-11-29T13:34:40+00:00\",\"dateModified\":\"2025-09-14T14:39:20+00:00\",\"description\":\"High-quality WJKC Rail Clips for secure and long-lasting rail connections. Ideal for railways, industrial tracks, and heavy-duty applications.\",\"breadcrumb\":{\"@id\":\"https:\/\/www.hnhlcrane.com\/product\/wjkc-rail-clips\/#breadcrumb\"},\"inLanguage\":\"tr\",\"potentialAction\":[{\"@type\":\"ReadAction\",\"target\":[\"https:\/\/www.hnhlcrane.com\/product\/wjkc-rail-clips\/\"]}]},{\"@type\":\"ImageObject\",\"inLanguage\":\"tr\",\"@id\":\"https:\/\/www.hnhlcrane.com\/product\/wjkc-rail-clips\/#primaryimage\",\"url\":\"https:\/\/www.hnhlcrane.com\/wp-content\/uploads\/2024\/11\/WJKC1-Rail-Clips.jpg\",\"contentUrl\":\"https:\/\/www.hnhlcrane.com\/wp-content\/uploads\/2024\/11\/WJKC1-Rail-Clips.jpg\",\"width\":600,\"height\":600},{\"@type\":\"BreadcrumbList\",\"@id\":\"https:\/\/www.hnhlcrane.com\/product\/wjkc-rail-clips\/#breadcrumb\",\"itemListElement\":[{\"@type\":\"ListItem\",\"position\":1,\"name\":\"home\",\"item\":\"https:\/\/www.hnhlcrane.com\/\"},{\"@type\":\"ListItem\",\"position\":2,\"name\":\"products\",\"item\":\"https:\/\/www.hnhlcrane.com\/products\/\"},{\"@type\":\"ListItem\",\"position\":3,\"name\":\"WJKC Rail Clips\"}]},{\"@type\":\"WebSite\",\"@id\":\"https:\/\/www.hnhlcrane.com\/#website\",\"url\":\"https:\/\/www.hnhlcrane.com\/\",\"name\":\"Crane Parts Supplier-HL Crame\",\"description\":\"One-stop solution for all your  crane parts needs,Crane Hook,Crane Drum,Crane Wheel,Crane Coupling,Crane Gearbox,Crane Motor,Crane Brake,Special Crane Spreader,Crane grab,Container spreader,Billet crane clamps,Crane C-type spreader,Lifting Electromagnet,Crane Rail Clips,Electric Hoist,FEM Standard Crane End Carriages,Light Crane Parts,Workstation Crane Parts,Crane Electrical Parts,I-beam cable trolley,Crane remote controller,Crane electrical control cabinet,Crane limit switch,Crane sound and light alarm,Heavy Duty Aviation Connector,Crane overload limiter,China Crane Parts Supplier,Crane hooks,Gantry crane hook,Crane accessories,Forged hook,hook processing,Hook manufacturer,China standard crane hook,electric hoist hook,Crane pulley,Hook pulley,Rolled pulley,Crane Pulley Supplier\uff0cEuropean hook pulley,Gantry crane hook pulley,WZL type crane drum,European style reel set,Crane reel,crane parts,Drum processing,crane drum manufacturer,Cast steel drum,Electric hoist drum,Crane drum assembly,DRS Wheel Blocks,European crane wheel,Forged wheels,Active wheel set,Driving wheel set,Driven wheel group,crane wheels manufacturer,Demag crane wheels,Konecranes Crane Wheels,Overhead crane Wheel,Shaft couplings,Power Transmission Couplings,Disc Couplings,Fluid couplings,Coupling manufacturer\uff0cCardan coupling,Crane Reducer,Crane Decelerators,Reducer gearbox,Reducer for crane,Gear Reducer For Crane,Hard tooth surface reducerCrane and hoist reducer,Flender reducer,Reducer manufacturer,ZQ reducer,QJ reducer,QJY reducer,Gear Motors,Konecranes reducer,F series three-in-one reducer,K series three-in-one reducer,travelling machinery,Travelling Motor With Gear,Gear Motor for Crane Traveling,Travelling machinery Frequency inverter motors,FEM standard Gear Motors,Crane motors,Inverter motors,Hoist motors,motorCrane duty motors,Special motor for crane,YZR YZP YZ series motors,Crane and hoist motor,Frequency conversion motor,Electro hydraulic drum brakes,Electro-hydraulic disc brakes,Brake,Overhead Crane Brakes,Disc brakes,Electromagnetic disk brake,Crane hydraulic disc brake,Brakes manufacturer,crane Safety brakes,Singlr rope grab,Four rope grab,Electro-hydraulic multi-flap grab,Orange peel grab,Electric motor grab,Electro-Hydraulicclamshell grab,grab manufacturers,Container spreader manufacturers,20ft Container Spreader,Semi Automatic container spreader,40ft Container Lifting Frame,TEC container Spreader,Billet lifting clamp,Billet Clamps,Billet crane clamps manufacturer,billet lifting clamps china supplier,Coil C-Type Hook,coil hook,Overhead Crane Steel Coil C-Type Hook,Crane C-hook,C-type spreader,C-type hook,Crane magnets,Rail fixing device,Crane Rail fixing device,crane Rail Clamp,CD\/MD Wire Rope Electric Hoist,Wire Rope Electric Hoist China Manufacturer,Single Girder Wire Rope Electric Hoist,Double Girder Wire Rope Electric Hoist,Chain Hoist,Electric chain hoist manufacturer,Electric chain hoist China distributor,European wire rope electric hoist\uff0cEuropean double beam wire rope electric hoist,European Style Single Beam Crane End Carriage,FEN\/DIN European Style Single Beam Crane End Carriage,Crane end beam manufacturers,European style hoist double beam crane end beam,Suspension crane end beam,European style suspended single beam crane end beam,FEN\/DIN Suspension crane end beam,crane cable trolley,Wireless remote control,remote controller,Crane control handle,Crane Controls,electrical control cabinet,crane control cabinet,Limit switch,Sound and light alarm,Aviation plug,quick connector,Crane aviation plug,Overload limiter\",\"publisher\":{\"@id\":\"https:\/\/www.hnhlcrane.com\/#organization\"},\"potentialAction\":[{\"@type\":\"SearchAction\",\"target\":{\"@type\":\"EntryPoint\",\"urlTemplate\":\"https:\/\/www.hnhlcrane.com\/?s={search_term_string}\"},\"query-input\":{\"@type\":\"PropertyValueSpecification\",\"valueRequired\":true,\"valueName\":\"search_term_string\"}}],\"inLanguage\":\"tr\"},{\"@type\":\"Organization\",\"@id\":\"https:\/\/www.hnhlcrane.com\/#organization\",\"name\":\"Crane Parts Supplier-HL Crame\",\"url\":\"https:\/\/www.hnhlcrane.com\/\",\"logo\":{\"@type\":\"ImageObject\",\"inLanguage\":\"tr\",\"@id\":\"https:\/\/www.hnhlcrane.com\/#\/schema\/logo\/image\/\",\"url\":\"https:\/\/www.hnhlcrane.com\/wp-content\/uploads\/2024\/09\/logo6-1-e1733899395598.png\",\"contentUrl\":\"https:\/\/www.hnhlcrane.com\/wp-content\/uploads\/2024\/09\/logo6-1-e1733899395598.png\",\"width\":1000,\"height\":282,\"caption\":\"Crane Parts Supplier-HL Crame\"},\"image\":{\"@id\":\"https:\/\/www.hnhlcrane.com\/#\/schema\/logo\/image\/\"}}]}<\/script>\n<!-- \/ Yoast SEO plugin. -->","yoast_head_json":{"title":"WJKC Ray Klipsleri - Dayan\u0131kl\u0131 ve G\u00fcvenilir Ray Sabitleme \u00c7\u00f6z\u00fcm\u00fc","description":"G\u00fcvenli ve uzun \u00f6m\u00fcrl\u00fc ray ba\u011flant\u0131lar\u0131 i\u00e7in y\u00fcksek kaliteli WJKC Ray Klipsleri. Demiryollar\u0131, end\u00fcstriyel raylar ve a\u011f\u0131r hizmet uygulamalar\u0131 i\u00e7in idealdir.","robots":{"index":"index","follow":"follow","max-snippet":"max-snippet:-1","max-image-preview":"max-image-preview:large","max-video-preview":"max-video-preview:-1"},"canonical":"https:\/\/www.hnhlcrane.com\/tr\/product\/wjkc-ray-klipsleri\/","og_locale":"tr_TR","og_type":"article","og_title":"WJKC Rail Clips \u2013 Durable & Reliable Rail Fastening Solution","og_description":"High-quality WJKC Rail Clips for secure and long-lasting rail connections. Ideal for railways, industrial tracks, and heavy-duty applications.","og_url":"https:\/\/www.hnhlcrane.com\/tr\/product\/wjkc-ray-klipsleri\/","og_site_name":"Crane Parts Supplier-HL Crame","article_modified_time":"2025-09-14T14:39:20+00:00","og_image":[{"width":600,"height":600,"url":"https:\/\/www.hnhlcrane.com\/wp-content\/uploads\/2024\/11\/WJKC1-Rail-Clips.jpg","type":"image\/jpeg"}],"twitter_card":"summary_large_image","twitter_misc":{"Tahmini okuma s\u00fcresi":"2 dakika"},"schema":{"@context":"https:\/\/schema.org","@graph":[{"@type":"WebPage","@id":"https:\/\/www.hnhlcrane.com\/product\/wjkc-rail-clips\/","url":"https:\/\/www.hnhlcrane.com\/product\/wjkc-rail-clips\/","name":"WJKC Ray Klipsleri - Dayan\u0131kl\u0131 ve G\u00fcvenilir Ray Sabitleme \u00c7\u00f6z\u00fcm\u00fc","isPartOf":{"@id":"https:\/\/www.hnhlcrane.com\/#website"},"primaryImageOfPage":{"@id":"https:\/\/www.hnhlcrane.com\/product\/wjkc-rail-clips\/#primaryimage"},"image":{"@id":"https:\/\/www.hnhlcrane.com\/product\/wjkc-rail-clips\/#primaryimage"},"thumbnailUrl":"https:\/\/www.hnhlcrane.com\/wp-content\/uploads\/2024\/11\/WJKC1-Rail-Clips.jpg","datePublished":"2024-11-29T13:34:40+00:00","dateModified":"2025-09-14T14:39:20+00:00","description":"G\u00fcvenli ve uzun \u00f6m\u00fcrl\u00fc ray ba\u011flant\u0131lar\u0131 i\u00e7in y\u00fcksek kaliteli WJKC Ray Klipsleri. Demiryollar\u0131, end\u00fcstriyel raylar ve a\u011f\u0131r hizmet uygulamalar\u0131 i\u00e7in idealdir.","breadcrumb":{"@id":"https:\/\/www.hnhlcrane.com\/product\/wjkc-rail-clips\/#breadcrumb"},"inLanguage":"tr","potentialAction":[{"@type":"ReadAction","target":["https:\/\/www.hnhlcrane.com\/product\/wjkc-rail-clips\/"]}]},{"@type":"ImageObject","inLanguage":"tr","@id":"https:\/\/www.hnhlcrane.com\/product\/wjkc-rail-clips\/#primaryimage","url":"https:\/\/www.hnhlcrane.com\/wp-content\/uploads\/2024\/11\/WJKC1-Rail-Clips.jpg","contentUrl":"https:\/\/www.hnhlcrane.com\/wp-content\/uploads\/2024\/11\/WJKC1-Rail-Clips.jpg","width":600,"height":600},{"@type":"BreadcrumbList","@id":"https:\/\/www.hnhlcrane.com\/product\/wjkc-rail-clips\/#breadcrumb","itemListElement":[{"@type":"ListItem","position":1,"name":"home","item":"https:\/\/www.hnhlcrane.com\/"},{"@type":"ListItem","position":2,"name":"products","item":"https:\/\/www.hnhlcrane.com\/products\/"},{"@type":"ListItem","position":3,"name":"WJKC Rail Clips"}]},{"@type":"WebSite","@id":"https:\/\/www.hnhlcrane.com\/#website","url":"https:\/\/www.hnhlcrane.com\/","name":"Vin\u00e7 Par\u00e7alar\u0131 Tedarik\u00e7isi-HL Crame","description":"T\u00fcm vin\u00e7 par\u00e7alar\u0131 ihtiya\u00e7lar\u0131n\u0131z i\u00e7in tek noktadan \u00e7\u00f6z\u00fcm, Vin\u00e7 Kancas\u0131, Vin\u00e7 Tamburu, Vin\u00e7 Tekerle\u011fi, Vin\u00e7 Kaplini, Vin\u00e7 \u015eanz\u0131man\u0131, Vin\u00e7 Motoru, Vin\u00e7 Freni, \u00d6zel Vin\u00e7 Serpme Makinesi, Vin\u00e7 kep\u00e7esi, Konteyner serpme makinesi, K\u00fct\u00fck vin\u00e7 kelep\u00e7eleri, Vin\u00e7 C tipi serpme makinesi,Kald\u0131rma Elektrom\u0131knat\u0131s\u0131, Vin\u00e7 Ray Klipsleri, Elektrikli Vin\u00e7, FEM Standart Vin\u00e7 U\u00e7 Ta\u015f\u0131y\u0131c\u0131lar\u0131, Hafif Vin\u00e7 Par\u00e7alar\u0131, \u0130\u015f \u0130stasyonu Vin\u00e7 Par\u00e7alar\u0131, Vin\u00e7 Elektrik Par\u00e7alar\u0131, I-kiri\u015f kablo arabas\u0131, Vin\u00e7 uzaktan kumandas\u0131, Vin\u00e7 elektrik kontrol kabini,Vin\u00e7 limit anahtar\u0131, Vin\u00e7 ses ve \u0131\u015f\u0131k alarm\u0131, A\u011f\u0131r Hizmet Havac\u0131l\u0131k Konekt\u00f6r\u00fc, Vin\u00e7 a\u015f\u0131r\u0131 y\u00fck s\u0131n\u0131rlay\u0131c\u0131, \u00c7in Vin\u00e7 Par\u00e7alar\u0131 Tedarik\u00e7isi, Vin\u00e7 kancalar\u0131, Portal vin\u00e7 kancas\u0131, Vin\u00e7 aksesuarlar\u0131, D\u00f6vme kanca, kanca i\u015fleme, Kanca \u00fcreticisi, \u00c7in standart vin\u00e7 kancas\u0131, elektrikli vin\u00e7 kancas\u0131, Vin\u00e7 kasna\u011f\u0131, Kanca kasna\u011f\u0131, Haddelenmi\u015f kasnak, Vin\u00e7 Kasna\u011f\u0131 Tedarik\u00e7isi \uff0c Avrupa kanca kasna\u011f\u0131, Portal vin\u00e7 kancas\u0131 kasna\u011f\u0131, WZL tipi vin\u00e7 tamburu, Avrupa tarz\u0131 makara seti, Vin\u00e7 makaras\u0131,vin\u00e7 par\u00e7alar\u0131, Tambur i\u015fleme, vin\u00e7 tamburu \u00fcreticisi, D\u00f6kme \u00e7elik tambur, Elektrikli vin\u00e7 tamburu, Vin\u00e7 tamburu montaj\u0131, DRS Tekerlek Bloklar\u0131, Avrupa vin\u00e7 tekerle\u011fi, D\u00f6vme tekerlekler, Aktif tekerlek seti, Tahrik tekerle\u011fi seti, Tahrikli tekerlek grubu, vin\u00e7 tekerlekleri \u00fcreticisi, Demag vin\u00e7 tekerlekleri, Konecranes Vin\u00e7 Tekerlekleri, Gezer vin\u00e7 Tekerle\u011fi, \u015eaft kaplinleri, G\u00fc\u00e7 Aktarma Kaplinleri, Disk Kaplinleri, Ak\u0131\u015fkan kaplinleri, Kaplin \u00fcreticisi \uff0c Kardan kaplin, Vin\u00e7 Red\u00fckt\u00f6r\u00fc,Vin\u00e7 Yava\u015flat\u0131c\u0131lar\u0131, Red\u00fckt\u00f6r di\u015fli kutusu, Vin\u00e7 i\u00e7in red\u00fckt\u00f6r, Vin\u00e7 i\u00e7in Di\u015fli Red\u00fckt\u00f6r, Sert di\u015f y\u00fczey red\u00fckt\u00f6r\u00fc Vin\u00e7 ve kald\u0131rma red\u00fckt\u00f6r\u00fc, Flender red\u00fckt\u00f6r, Red\u00fckt\u00f6r \u00fcreticisi, ZQ red\u00fckt\u00f6r, QJ red\u00fckt\u00f6r, QJY red\u00fckt\u00f6r, Di\u015fli Motorlar\u0131, Konecranes red\u00fckt\u00f6r,F serisi \u00fc\u00e7\u00fc bir arada red\u00fckt\u00f6r, K serisi \u00fc\u00e7\u00fc bir arada red\u00fckt\u00f6r, seyahat makineleri, Di\u015fli ile Seyahat Motoru, Vin\u00e7 Seyahati i\u00e7in Di\u015fli Motoru, Seyahat makineleri Frekans invert\u00f6r motorlar\u0131, FEM standart Di\u015fli Motorlar\u0131, Vin\u00e7 motorlar\u0131,\u0130nvert\u00f6r motorlar\u0131, Vin\u00e7 motorlar\u0131, motorVin\u00e7 g\u00f6rev motorlar\u0131, Vin\u00e7 i\u00e7in \u00f6zel motor, YZR YZP YZ serisi motorlar, Vin\u00e7 ve kald\u0131rma motoru, Frekans d\u00f6n\u00fc\u015ft\u00fcrme motoru, Elektro hidrolik kampana frenler, Elektro-hidrolik disk frenler, Fren, Gezer Vin\u00e7 Frenleri, Disk frenler, Elektromanyetik disk fren, Vin\u00e7 hidrolik disk fren, Fren \u00fcreticisi, vin\u00e7 G\u00fcvenlik frenleri, Tek halatl\u0131 kep\u00e7e, D\u00f6rt halatl\u0131 kep\u00e7e, Elektro-hidrolik \u00e7ok kanatl\u0131 kep\u00e7e, Portakal kabu\u011fu kep\u00e7e, Elektrikli motor kep\u00e7e,Elektro-Hidrolik kapakl\u0131 kep\u00e7e, kep\u00e7e \u00fcreticileri, Konteyner serpme \u00fcreticileri, 20ft Konteyner Serpme Makinesi, Yar\u0131 Otomatik konteyner serpme makinesi, 40ft Konteyner Kald\u0131rma \u00c7er\u00e7evesi, TEC konteyner Serpme Makinesi, K\u00fct\u00fck kald\u0131rma kelep\u00e7esi, K\u00fct\u00fck Kelep\u00e7eler, K\u00fct\u00fck vin\u00e7 kelep\u00e7eleri \u00fcreticisi, k\u00fct\u00fck kald\u0131rma kelep\u00e7eleri \u00e7in tedarik\u00e7isi, Bobin C-Tipi Kanca, bobin kancas\u0131, Gezer Vin\u00e7 \u00c7elik Bobin C-Tipi Kanca, Vin\u00e7 C kancas\u0131, C tipi serpme makinesi, C tipi kanca, Vin\u00e7 m\u0131knat\u0131slar\u0131, Ray sabitleme cihaz\u0131,Vin\u00e7 Ray sabitleme cihaz\u0131, vin\u00e7 Ray Kelep\u00e7esi, CD \/ MD Tel Halatl\u0131 Elektrikli Vin\u00e7, Tel Halatl\u0131 Elektrikli Vin\u00e7 \u00c7in \u00dcretici, Tek Kiri\u015fli Tel Halatl\u0131 Elektrikli Vin\u00e7, \u00c7ift Kiri\u015fli Tel Halatl\u0131 Elektrikli Vin\u00e7, Zincirli Vin\u00e7, Elektrikli zincirli vin\u00e7 \u00fcreticisi, Elektrikli zincirli vin\u00e7 \u00c7in distrib\u00fct\u00f6r\u00fc, Avrupa tel halatl\u0131 elektrikli vin\u00e7 \uff0c Avrupa \u00e7ift kiri\u015fli tel halatl\u0131 elektrikli vin\u00e7, Avrupa Tarz\u0131 Tek Kiri\u015fli Vin\u00e7 U\u00e7 Ta\u015f\u0131y\u0131c\u0131, FEN \/ DIN Avrupa Tarz\u0131 Tek Kiri\u015fli Vin\u00e7 U\u00e7 Ta\u015f\u0131y\u0131c\u0131,Vin\u00e7 u\u00e7 kiri\u015fi \u00fcreticileri, Avrupa tarz\u0131 kald\u0131rma \u00e7ift kiri\u015fli vin\u00e7 u\u00e7 kiri\u015fi, S\u00fcspansiyonlu vin\u00e7 u\u00e7 kiri\u015fi, Avrupa tarz\u0131 asma tek kiri\u015fli vin\u00e7 u\u00e7 kiri\u015fi, FEN \/ DIN S\u00fcspansiyonlu vin\u00e7 u\u00e7 kiri\u015fi, vin\u00e7 kablo arabas\u0131, Kablosuz uzaktan kumanda, uzaktan kumanda, Vin\u00e7 kontrol kolu, Vin\u00e7 Kontrolleri, elektrik kontrol kabini, vin\u00e7 kontrol kabini, Limit anahtar\u0131, Ses ve \u0131\u015f\u0131k alarm\u0131, Havac\u0131l\u0131k fi\u015fi, h\u0131zl\u0131 konekt\u00f6r, Vin\u00e7 havac\u0131l\u0131k fi\u015fi, A\u015f\u0131r\u0131 y\u00fck s\u0131n\u0131rlay\u0131c\u0131","publisher":{"@id":"https:\/\/www.hnhlcrane.com\/#organization"},"potentialAction":[{"@type":"SearchAction","target":{"@type":"EntryPoint","urlTemplate":"https:\/\/www.hnhlcrane.com\/?s={search_term_string}"},"query-input":{"@type":"PropertyValueSpecification","valueRequired":true,"valueName":"search_term_string"}}],"inLanguage":"tr"},{"@type":"Organization","@id":"https:\/\/www.hnhlcrane.com\/#organization","name":"Vin\u00e7 Par\u00e7alar\u0131 Tedarik\u00e7isi-HL Crame","url":"https:\/\/www.hnhlcrane.com\/","logo":{"@type":"ImageObject","inLanguage":"tr","@id":"https:\/\/www.hnhlcrane.com\/#\/schema\/logo\/image\/","url":"https:\/\/www.hnhlcrane.com\/wp-content\/uploads\/2024\/09\/logo6-1-e1733899395598.png","contentUrl":"https:\/\/www.hnhlcrane.com\/wp-content\/uploads\/2024\/09\/logo6-1-e1733899395598.png","width":1000,"height":282,"caption":"Crane Parts Supplier-HL Crame"},"image":{"@id":"https:\/\/www.hnhlcrane.com\/#\/schema\/logo\/image\/"}}]}},"_links":{"self":[{"href":"https:\/\/www.hnhlcrane.com\/tr\/wp-json\/wp\/v2\/product\/5519","targetHints":{"allow":["GET"]}}],"collection":[{"href":"https:\/\/www.hnhlcrane.com\/tr\/wp-json\/wp\/v2\/product"}],"about":[{"href":"https:\/\/www.hnhlcrane.com\/tr\/wp-json\/wp\/v2\/types\/product"}],"version-history":[{"count":1,"href":"https:\/\/www.hnhlcrane.com\/tr\/wp-json\/wp\/v2\/product\/5519\/revisions"}],"predecessor-version":[{"id":6969,"href":"https:\/\/www.hnhlcrane.com\/tr\/wp-json\/wp\/v2\/product\/5519\/revisions\/6969"}],"wp:featuredmedia":[{"embeddable":true,"href":"https:\/\/www.hnhlcrane.com\/tr\/wp-json\/wp\/v2\/media\/5520"}],"wp:attachment":[{"href":"https:\/\/www.hnhlcrane.com\/tr\/wp-json\/wp\/v2\/media?parent=5519"}],"wp:term":[{"taxonomy":"product_brand","embeddable":true,"href":"https:\/\/www.hnhlcrane.com\/tr\/wp-json\/wp\/v2\/product_brand?post=5519"},{"taxonomy":"product_cat","embeddable":true,"href":"https:\/\/www.hnhlcrane.com\/tr\/wp-json\/wp\/v2\/product_cat?post=5519"},{"taxonomy":"product_tag","embeddable":true,"href":"https:\/\/www.hnhlcrane.com\/tr\/wp-json\/wp\/v2\/product_tag?post=5519"}],"curies":[{"name":"wp","href":"https:\/\/api.w.org\/{rel}","templated":true}]}}