{"id":5505,"date":"2024-11-28T14:51:15","date_gmt":"2024-11-28T06:51:15","guid":{"rendered":"https:\/\/www.hnhlcrane.com\/?post_type=product&#038;p=5505"},"modified":"2025-09-10T10:52:52","modified_gmt":"2025-09-10T02:52:52","slug":"wjk-ray-klipsleri","status":"publish","type":"product","link":"https:\/\/www.hnhlcrane.com\/tr\/product\/wjk-ray-klipsleri\/","title":{"rendered":"WJK Ray Klipsleri"},"content":{"rendered":"<h6><strong><span style=\"font-family: arial, helvetica, sans-serif; font-size: 18pt;\">WJK Ray Klipslerinin \u00d6zellikleri<\/span><\/strong><\/h6>\n<p>WJK ray klipsleri \u00e7elik kiri\u015fler i\u00e7in tasarlanm\u0131\u015f olup, set ba\u015f\u0131na 350 ton kald\u0131rma kapasitesine sahiptir ve toplamda yedi bile\u015fenden olu\u015fmaktad\u0131r.<\/p>\n<ol>\n<li><span style=\"font-size: 14pt;\"><strong>Taban Plakas\u0131 Kayna\u011f\u0131<\/strong>:<\/span><br \/>\nWJK taban plakas\u0131, \u00e7elik vin\u00e7 kiri\u015finin flan\u015f\u0131na ya \u00fc\u00e7 tarafl\u0131 \u00e7evre kaynaklar\u0131yla ya da iki tarafl\u0131 yanal kaynaklarla kaynaklan\u0131r. Bu konfig\u00fcrasyon, vincin yatay yanal kuvvetinin vin\u00e7 kiri\u015fine sorunsuz bir \u015fekilde aktar\u0131lmas\u0131n\u0131 sa\u011flar. Ayr\u0131ca, flan\u015ftaki a\u015f\u0131r\u0131 delme i\u015fleminin neden oldu\u011fu yap\u0131sal zay\u0131flamay\u0131 ortadan kald\u0131rarak vin\u00e7 kiri\u015finin kesit y\u00fck ta\u015f\u0131ma kapasitesini \u00f6nemli \u00f6l\u00e7\u00fcde art\u0131r\u0131r.<\/li>\n<li><span style=\"font-size: 14pt;\"><strong>Rotil Ba\u011flant\u0131s\u0131<\/strong>:<\/span><br \/>\nTaban plakas\u0131, bir bilyeli mafsal arac\u0131l\u0131\u011f\u0131yla T c\u0131vatan\u0131n alt ucuna ba\u011flan\u0131r. Sonu\u00e7 olarak, T-c\u0131vata yanal kuvvet uygulamas\u0131 s\u0131ras\u0131nda \u00fcst kapa\u011fa dik kal\u0131r ve hafif e\u011filmeye izin verir. Bu tasar\u0131m, vincin ray, vin\u00e7 kiri\u015fi ve fren sistemi \u00fczerindeki yanal etkisini etkili bir \u015fekilde azaltarak yap\u0131sal hizmet \u00f6mr\u00fcn\u00fc uzat\u0131r.<\/li>\n<li><span style=\"font-size: 14pt;\"><strong>G\u00f6sterge Ayar Plakas\u0131<\/strong>:<\/span><br \/>\nWJK klipsleri, ray mastar\u0131n\u0131n ince ayar\u0131n\u0131 yapmak i\u00e7in bir mastar ayar plakas\u0131 i\u00e7erir. Bu \u00f6zellik montaj hassasiyetini art\u0131r\u0131r, ray merkez hatt\u0131ndaki sapmalar\u0131 azalt\u0131r ve kullan\u0131m s\u0131ras\u0131nda gev\u015femeyi \u00f6nlemek i\u00e7in \u00e7ift kendinden kilitlemeli bir mekanizma i\u00e7erir.<\/li>\n<li><span style=\"font-family: arial, helvetica, sans-serif; font-size: 14pt;\"><strong>Kurulum ve Bak\u0131m Kolayl\u0131\u011f\u0131<\/strong>:<\/span><br \/>\nT c\u0131vatalar\u0131 ve \u00fcst kapak plakalar\u0131 <a href=\"https:\/\/www.hnhlcrane.com\/tr\/urunler\/vi%cc%87nc-ray-kli%cc%87pleri%cc%87\/\" target=\"_blank\" rel=\"noopener\">WJK klipleri<\/a> kolayca monte ve demonte edilebildi\u011finden in\u015faat ve bak\u0131m i\u015flemleri s\u0131ras\u0131nda b\u00fcy\u00fck kolayl\u0131k sa\u011flar.<\/li>\n<li><span style=\"font-size: 14pt;\"><strong>Ray E\u011frili\u011fi ile Uyumluluk<\/strong>:<\/span><br \/>\n\u00dcst kapak plakas\u0131, ray kesitinin e\u011frili\u011fine uyarak ray\u0131n hafif uzunlamas\u0131na hareketini engellemeden s\u0131k\u0131ca sabitlenmesini sa\u011flar. Bu \u00f6zellik ayn\u0131 zamanda tam uzunluktaki raylar\u0131n kaynaklanmas\u0131n\u0131 da kolayla\u015ft\u0131r\u0131r.<\/li>\n<li><span style=\"font-size: 14pt;\"><strong>Sabit Bile\u015fen Aral\u0131\u011f\u0131<\/strong>:<\/span><br \/>\nSabit bile\u015fenlerin aral\u0131\u011f\u0131 vincin kald\u0131rma kapasitesine g\u00f6re belirlenir. 275 tondan az y\u00fckler i\u00e7in aral\u0131k 600 mm'dir; 275 tondan fazla y\u00fckler i\u00e7in aral\u0131k 500 mm'ye d\u00fc\u015f\u00fcr\u00fcl\u00fcr.<\/li>\n<li><span style=\"font-size: 14pt;\"><strong>Kaynak Malzemesi Uyumlulu\u011fu<\/strong>:<\/span><br \/>\nSabit bile\u015fenin taban\u0131, ba\u011flant\u0131 bile\u015fenlerinin malzemesi ile uyumlu elektrot modelleri kullan\u0131larak vin\u00e7 kiri\u015fine kaynaklan\u0131r. \u00d6rne\u011fin Q235 \u00e7eli\u011fi i\u00e7in E4303 elektrotlar kullan\u0131l\u0131rken, Q345 \u00e7eli\u011fi i\u00e7in E5015 elektrotlar kullan\u0131l\u0131r.<\/li>\n<li><span style=\"font-size: 14pt;\"><strong>Vin\u00e7 G\u00f6revine G\u00f6re Kaynak Tipleri<\/strong>:<\/span><br \/>\nOrta hizmet tipi vin\u00e7lerde iki tarafl\u0131 kaynak diki\u015fleri kullan\u0131l\u0131rken, a\u011f\u0131r hizmet tipi (veya s\u00fcper a\u011f\u0131r hizmet tipi) vin\u00e7lerde \u00fc\u00e7 tarafl\u0131 \u00e7evreleyen kaynak diki\u015fleri gerekir.<\/li>\n<li><span style=\"font-size: 14pt;\"><strong>C\u0131vata S\u0131kma Torku<\/strong>:<\/span><br \/>\nOrta hizmet tipi vin\u00e7ler (Q \u2264 275t) i\u00e7in maksimum c\u0131vata s\u0131kma torku 150N-m'dir. A\u011f\u0131r hizmet tipi vin\u00e7ler i\u00e7in bu de\u011fer 220N-m'ye y\u00fckseltilir.<\/li>\n<li><span style=\"font-size: 14pt;\"><strong>Maksimum Yanal Kuvvet<\/strong>:<\/span><br \/>\nRay klipsleri i\u00e7in izin verilen maksimum yanal kuvvet 45kN'dir.<\/li>\n<\/ol>\n<p><img fetchpriority=\"high\" decoding=\"async\" class=\"alignnone wp-image-5508\" src=\"https:\/\/www.hnhlcrane.com\/wp-content\/uploads\/2024\/11\/WJK-Rail-Clips-3-300x95.jpg\" alt=\"\" width=\"802\" height=\"254\" srcset=\"https:\/\/www.hnhlcrane.com\/wp-content\/uploads\/2024\/11\/WJK-Rail-Clips-3-300x95.jpg 300w, https:\/\/www.hnhlcrane.com\/wp-content\/uploads\/2024\/11\/WJK-Rail-Clips-3-768x242.jpg 768w, https:\/\/www.hnhlcrane.com\/wp-content\/uploads\/2024\/11\/WJK-Rail-Clips-3-600x189.jpg 600w, https:\/\/www.hnhlcrane.com\/wp-content\/uploads\/2024\/11\/WJK-Rail-Clips-3.jpg 800w\" sizes=\"(max-width: 802px) 100vw, 802px\" \/><\/p>","protected":false},"excerpt":{"rendered":"<h6><strong><span style=\"font-family: arial, helvetica, sans-serif; font-size: 14pt;\">WJK Ray Klipslerinin \u00d6zellikleri<\/span><\/strong><\/h6>\n<ul>\n<li><strong>Modeller<\/strong>: WJK-TG38, WJK-TG43, WJK-TG50, WJK-TG60, WJK-QU70, WJK-QU80, WJK-QU100, WJK-QU120<\/li>\n<li><strong>Sabitleme Y\u00f6ntemi<\/strong>: Kaynakl\u0131 taban plakas\u0131<\/li>\n<\/ul>","protected":false},"featured_media":5506,"template":"","meta":{"_kad_post_transparent":"default","_kad_post_title":"","_kad_post_layout":"default","_kad_post_sidebar_id":"","_kad_post_content_style":"default","_kad_post_vertical_padding":"show","_kad_post_feature":"","_kad_post_feature_position":"","_kad_post_header":false,"_kad_post_footer":false},"product_brand":[],"product_cat":[83],"product_tag":[224,223,222,221,218,214,217,225,228,216,226,219,227,215,220],"class_list":{"0":"post-5505","1":"product","2":"type-product","3":"status-publish","4":"has-post-thumbnail","6":"product_cat-crane-rail-clips","7":"product_tag-05g525-rail-clips","8":"product_tag-cgbk-rail-clips","9":"product_tag-cgek-rail-clips","10":"product_tag-cgwk-rail-clips","11":"product_tag-crane-rail-clamp","12":"product_tag-crane-rail-clips","13":"product_tag-crane-rail-fixing-device","14":"product_tag-hdgy-rail-clips","15":"product_tag-rail-connection-splint","16":"product_tag-rail-fixing-device","17":"product_tag-rail-joints","18":"product_tag-swjk-rail-clips","19":"product_tag-tracks-jointing-plates","20":"product_tag-wjk-rail-clips","21":"product_tag-wjkc-rail-clips","23":"first","24":"instock","25":"shipping-taxable","26":"product-type-simple","27":"entry","28":"content-bg","29":"loop-entry"},"yoast_head":"<!-- This site is optimized with the Yoast SEO plugin v25.6 - https:\/\/yoast.com\/wordpress\/plugins\/seo\/ -->\n<title>WJK Rail Clips Manufacturer \u2013 Expert Crane Rail Fastening Solutions<\/title>\n<meta name=\"description\" content=\"WJK rail clips designed for secure crane rail attachment, vibration resistance, and long-lasting performance in overhead crane systems.\" \/>\n<meta name=\"robots\" content=\"index, follow, max-snippet:-1, max-image-preview:large, max-video-preview:-1\" \/>\n<link rel=\"canonical\" href=\"https:\/\/www.hnhlcrane.com\/tr\/product\/wjk-ray-klipsleri\/\" \/>\n<meta property=\"og:locale\" content=\"tr_TR\" \/>\n<meta property=\"og:type\" content=\"article\" \/>\n<meta property=\"og:title\" content=\"WJK Rail Clips Manufacturer \u2013 Expert Crane Rail Fastening Solutions\" \/>\n<meta property=\"og:description\" content=\"WJK rail clips designed for secure crane rail attachment, vibration resistance, and long-lasting performance in overhead crane systems.\" \/>\n<meta property=\"og:url\" content=\"https:\/\/www.hnhlcrane.com\/tr\/product\/wjk-ray-klipsleri\/\" \/>\n<meta property=\"og:site_name\" content=\"Crane Parts Supplier-HL Crame\" \/>\n<meta property=\"article:modified_time\" content=\"2025-09-10T02:52:52+00:00\" \/>\n<meta property=\"og:image\" content=\"https:\/\/www.hnhlcrane.com\/wp-content\/uploads\/2024\/11\/WJK-Rail-Clips-1.jpg\" \/>\n\t<meta property=\"og:image:width\" content=\"600\" \/>\n\t<meta property=\"og:image:height\" content=\"600\" \/>\n\t<meta property=\"og:image:type\" content=\"image\/jpeg\" \/>\n<meta name=\"twitter:card\" content=\"summary_large_image\" \/>\n<meta name=\"twitter:label1\" content=\"Tahmini okuma s\u00fcresi\" \/>\n\t<meta name=\"twitter:data1\" content=\"3 dakika\" \/>\n<script type=\"application\/ld+json\" class=\"yoast-schema-graph\">{\"@context\":\"https:\/\/schema.org\",\"@graph\":[{\"@type\":\"WebPage\",\"@id\":\"https:\/\/www.hnhlcrane.com\/product\/wjk-rail-clips\/\",\"url\":\"https:\/\/www.hnhlcrane.com\/product\/wjk-rail-clips\/\",\"name\":\"WJK Rail Clips Manufacturer \u2013 Expert Crane Rail Fastening Solutions\",\"isPartOf\":{\"@id\":\"https:\/\/www.hnhlcrane.com\/#website\"},\"primaryImageOfPage\":{\"@id\":\"https:\/\/www.hnhlcrane.com\/product\/wjk-rail-clips\/#primaryimage\"},\"image\":{\"@id\":\"https:\/\/www.hnhlcrane.com\/product\/wjk-rail-clips\/#primaryimage\"},\"thumbnailUrl\":\"https:\/\/www.hnhlcrane.com\/wp-content\/uploads\/2024\/11\/WJK-Rail-Clips-1.jpg\",\"datePublished\":\"2024-11-28T06:51:15+00:00\",\"dateModified\":\"2025-09-10T02:52:52+00:00\",\"description\":\"WJK rail clips designed for secure crane rail attachment, vibration resistance, and long-lasting performance in overhead crane systems.\",\"breadcrumb\":{\"@id\":\"https:\/\/www.hnhlcrane.com\/product\/wjk-rail-clips\/#breadcrumb\"},\"inLanguage\":\"tr\",\"potentialAction\":[{\"@type\":\"ReadAction\",\"target\":[\"https:\/\/www.hnhlcrane.com\/product\/wjk-rail-clips\/\"]}]},{\"@type\":\"ImageObject\",\"inLanguage\":\"tr\",\"@id\":\"https:\/\/www.hnhlcrane.com\/product\/wjk-rail-clips\/#primaryimage\",\"url\":\"https:\/\/www.hnhlcrane.com\/wp-content\/uploads\/2024\/11\/WJK-Rail-Clips-1.jpg\",\"contentUrl\":\"https:\/\/www.hnhlcrane.com\/wp-content\/uploads\/2024\/11\/WJK-Rail-Clips-1.jpg\",\"width\":600,\"height\":600},{\"@type\":\"BreadcrumbList\",\"@id\":\"https:\/\/www.hnhlcrane.com\/product\/wjk-rail-clips\/#breadcrumb\",\"itemListElement\":[{\"@type\":\"ListItem\",\"position\":1,\"name\":\"home\",\"item\":\"https:\/\/www.hnhlcrane.com\/\"},{\"@type\":\"ListItem\",\"position\":2,\"name\":\"products\",\"item\":\"https:\/\/www.hnhlcrane.com\/products\/\"},{\"@type\":\"ListItem\",\"position\":3,\"name\":\"WJK Rail Clips\"}]},{\"@type\":\"WebSite\",\"@id\":\"https:\/\/www.hnhlcrane.com\/#website\",\"url\":\"https:\/\/www.hnhlcrane.com\/\",\"name\":\"Crane Parts Supplier-HL Crame\",\"description\":\"One-stop solution for all your  crane parts needs,Crane Hook,Crane Drum,Crane Wheel,Crane Coupling,Crane Gearbox,Crane Motor,Crane Brake,Special Crane Spreader,Crane grab,Container spreader,Billet crane clamps,Crane C-type spreader,Lifting Electromagnet,Crane Rail Clips,Electric Hoist,FEM Standard Crane End Carriages,Light Crane Parts,Workstation Crane Parts,Crane Electrical Parts,I-beam cable trolley,Crane remote controller,Crane electrical control cabinet,Crane limit switch,Crane sound and light alarm,Heavy Duty Aviation Connector,Crane overload limiter,China Crane Parts Supplier,Crane hooks,Gantry crane hook,Crane accessories,Forged hook,hook processing,Hook manufacturer,China standard crane hook,electric hoist hook,Crane pulley,Hook pulley,Rolled pulley,Crane Pulley Supplier\uff0cEuropean hook pulley,Gantry crane hook pulley,WZL type crane drum,European style reel set,Crane reel,crane parts,Drum processing,crane drum manufacturer,Cast steel drum,Electric hoist drum,Crane drum assembly,DRS Wheel Blocks,European crane wheel,Forged wheels,Active wheel set,Driving wheel set,Driven wheel group,crane wheels manufacturer,Demag crane wheels,Konecranes Crane Wheels,Overhead crane Wheel,Shaft couplings,Power Transmission Couplings,Disc Couplings,Fluid couplings,Coupling manufacturer\uff0cCardan coupling,Crane Reducer,Crane Decelerators,Reducer gearbox,Reducer for crane,Gear Reducer For Crane,Hard tooth surface reducerCrane and hoist reducer,Flender reducer,Reducer manufacturer,ZQ reducer,QJ reducer,QJY reducer,Gear Motors,Konecranes reducer,F series three-in-one reducer,K series three-in-one reducer,travelling machinery,Travelling Motor With Gear,Gear Motor for Crane Traveling,Travelling machinery Frequency inverter motors,FEM standard Gear Motors,Crane motors,Inverter motors,Hoist motors,motorCrane duty motors,Special motor for crane,YZR YZP YZ series motors,Crane and hoist motor,Frequency conversion motor,Electro hydraulic drum brakes,Electro-hydraulic disc brakes,Brake,Overhead Crane Brakes,Disc brakes,Electromagnetic disk brake,Crane hydraulic disc brake,Brakes manufacturer,crane Safety brakes,Singlr rope grab,Four rope grab,Electro-hydraulic multi-flap grab,Orange peel grab,Electric motor grab,Electro-Hydraulicclamshell grab,grab manufacturers,Container spreader manufacturers,20ft Container Spreader,Semi Automatic container spreader,40ft Container Lifting Frame,TEC container Spreader,Billet lifting clamp,Billet Clamps,Billet crane clamps manufacturer,billet lifting clamps china supplier,Coil C-Type Hook,coil hook,Overhead Crane Steel Coil C-Type Hook,Crane C-hook,C-type spreader,C-type hook,Crane magnets,Rail fixing device,Crane Rail fixing device,crane Rail Clamp,CD\/MD Wire Rope Electric Hoist,Wire Rope Electric Hoist China Manufacturer,Single Girder Wire Rope Electric Hoist,Double Girder Wire Rope Electric Hoist,Chain Hoist,Electric chain hoist manufacturer,Electric chain hoist China distributor,European wire rope electric hoist\uff0cEuropean double beam wire rope electric hoist,European Style Single Beam Crane End Carriage,FEN\/DIN European Style Single Beam Crane End Carriage,Crane end beam manufacturers,European style hoist double beam crane end beam,Suspension crane end beam,European style suspended single beam crane end beam,FEN\/DIN Suspension crane end beam,crane cable trolley,Wireless remote control,remote controller,Crane control handle,Crane Controls,electrical control cabinet,crane control cabinet,Limit switch,Sound and light alarm,Aviation plug,quick connector,Crane aviation plug,Overload limiter\",\"publisher\":{\"@id\":\"https:\/\/www.hnhlcrane.com\/#organization\"},\"potentialAction\":[{\"@type\":\"SearchAction\",\"target\":{\"@type\":\"EntryPoint\",\"urlTemplate\":\"https:\/\/www.hnhlcrane.com\/?s={search_term_string}\"},\"query-input\":{\"@type\":\"PropertyValueSpecification\",\"valueRequired\":true,\"valueName\":\"search_term_string\"}}],\"inLanguage\":\"tr\"},{\"@type\":\"Organization\",\"@id\":\"https:\/\/www.hnhlcrane.com\/#organization\",\"name\":\"Crane Parts Supplier-HL Crame\",\"url\":\"https:\/\/www.hnhlcrane.com\/\",\"logo\":{\"@type\":\"ImageObject\",\"inLanguage\":\"tr\",\"@id\":\"https:\/\/www.hnhlcrane.com\/#\/schema\/logo\/image\/\",\"url\":\"https:\/\/www.hnhlcrane.com\/wp-content\/uploads\/2024\/09\/logo6-1-e1733899395598.png\",\"contentUrl\":\"https:\/\/www.hnhlcrane.com\/wp-content\/uploads\/2024\/09\/logo6-1-e1733899395598.png\",\"width\":1000,\"height\":282,\"caption\":\"Crane Parts Supplier-HL Crame\"},\"image\":{\"@id\":\"https:\/\/www.hnhlcrane.com\/#\/schema\/logo\/image\/\"}}]}<\/script>\n<!-- \/ Yoast SEO plugin. -->","yoast_head_json":{"title":"WJK Ray Klipsleri \u00dcreticisi - Uzman Vin\u00e7 Ray Sabitleme \u00c7\u00f6z\u00fcmleri","description":"WJK ray klipsleri, tavan vinci sistemlerinde g\u00fcvenli vin\u00e7 ray\u0131 ba\u011flant\u0131s\u0131, titre\u015fim direnci ve uzun \u00f6m\u00fcrl\u00fc performans i\u00e7in tasarlanm\u0131\u015ft\u0131r.","robots":{"index":"index","follow":"follow","max-snippet":"max-snippet:-1","max-image-preview":"max-image-preview:large","max-video-preview":"max-video-preview:-1"},"canonical":"https:\/\/www.hnhlcrane.com\/tr\/product\/wjk-ray-klipsleri\/","og_locale":"tr_TR","og_type":"article","og_title":"WJK Rail Clips Manufacturer \u2013 Expert Crane Rail Fastening Solutions","og_description":"WJK rail clips designed for secure crane rail attachment, vibration resistance, and long-lasting performance in overhead crane systems.","og_url":"https:\/\/www.hnhlcrane.com\/tr\/product\/wjk-ray-klipsleri\/","og_site_name":"Crane Parts Supplier-HL Crame","article_modified_time":"2025-09-10T02:52:52+00:00","og_image":[{"width":600,"height":600,"url":"https:\/\/www.hnhlcrane.com\/wp-content\/uploads\/2024\/11\/WJK-Rail-Clips-1.jpg","type":"image\/jpeg"}],"twitter_card":"summary_large_image","twitter_misc":{"Tahmini okuma s\u00fcresi":"3 dakika"},"schema":{"@context":"https:\/\/schema.org","@graph":[{"@type":"WebPage","@id":"https:\/\/www.hnhlcrane.com\/product\/wjk-rail-clips\/","url":"https:\/\/www.hnhlcrane.com\/product\/wjk-rail-clips\/","name":"WJK Ray Klipsleri \u00dcreticisi - Uzman Vin\u00e7 Ray Sabitleme \u00c7\u00f6z\u00fcmleri","isPartOf":{"@id":"https:\/\/www.hnhlcrane.com\/#website"},"primaryImageOfPage":{"@id":"https:\/\/www.hnhlcrane.com\/product\/wjk-rail-clips\/#primaryimage"},"image":{"@id":"https:\/\/www.hnhlcrane.com\/product\/wjk-rail-clips\/#primaryimage"},"thumbnailUrl":"https:\/\/www.hnhlcrane.com\/wp-content\/uploads\/2024\/11\/WJK-Rail-Clips-1.jpg","datePublished":"2024-11-28T06:51:15+00:00","dateModified":"2025-09-10T02:52:52+00:00","description":"WJK ray klipsleri, tavan vinci sistemlerinde g\u00fcvenli vin\u00e7 ray\u0131 ba\u011flant\u0131s\u0131, titre\u015fim direnci ve uzun \u00f6m\u00fcrl\u00fc performans i\u00e7in tasarlanm\u0131\u015ft\u0131r.","breadcrumb":{"@id":"https:\/\/www.hnhlcrane.com\/product\/wjk-rail-clips\/#breadcrumb"},"inLanguage":"tr","potentialAction":[{"@type":"ReadAction","target":["https:\/\/www.hnhlcrane.com\/product\/wjk-rail-clips\/"]}]},{"@type":"ImageObject","inLanguage":"tr","@id":"https:\/\/www.hnhlcrane.com\/product\/wjk-rail-clips\/#primaryimage","url":"https:\/\/www.hnhlcrane.com\/wp-content\/uploads\/2024\/11\/WJK-Rail-Clips-1.jpg","contentUrl":"https:\/\/www.hnhlcrane.com\/wp-content\/uploads\/2024\/11\/WJK-Rail-Clips-1.jpg","width":600,"height":600},{"@type":"BreadcrumbList","@id":"https:\/\/www.hnhlcrane.com\/product\/wjk-rail-clips\/#breadcrumb","itemListElement":[{"@type":"ListItem","position":1,"name":"home","item":"https:\/\/www.hnhlcrane.com\/"},{"@type":"ListItem","position":2,"name":"products","item":"https:\/\/www.hnhlcrane.com\/products\/"},{"@type":"ListItem","position":3,"name":"WJK Rail Clips"}]},{"@type":"WebSite","@id":"https:\/\/www.hnhlcrane.com\/#website","url":"https:\/\/www.hnhlcrane.com\/","name":"Vin\u00e7 Par\u00e7alar\u0131 Tedarik\u00e7isi-HL Crame","description":"T\u00fcm vin\u00e7 par\u00e7alar\u0131 ihtiya\u00e7lar\u0131n\u0131z i\u00e7in tek noktadan \u00e7\u00f6z\u00fcm, Vin\u00e7 Kancas\u0131, Vin\u00e7 Tamburu, Vin\u00e7 Tekerle\u011fi, Vin\u00e7 Kaplini, Vin\u00e7 \u015eanz\u0131man\u0131, Vin\u00e7 Motoru, Vin\u00e7 Freni, \u00d6zel Vin\u00e7 Serpme Makinesi, Vin\u00e7 kep\u00e7esi, Konteyner serpme makinesi, K\u00fct\u00fck vin\u00e7 kelep\u00e7eleri, Vin\u00e7 C tipi serpme makinesi,Kald\u0131rma Elektrom\u0131knat\u0131s\u0131, Vin\u00e7 Ray Klipsleri, Elektrikli Vin\u00e7, FEM Standart Vin\u00e7 U\u00e7 Ta\u015f\u0131y\u0131c\u0131lar\u0131, Hafif Vin\u00e7 Par\u00e7alar\u0131, \u0130\u015f \u0130stasyonu Vin\u00e7 Par\u00e7alar\u0131, Vin\u00e7 Elektrik Par\u00e7alar\u0131, I-kiri\u015f kablo arabas\u0131, Vin\u00e7 uzaktan kumandas\u0131, Vin\u00e7 elektrik kontrol kabini,Vin\u00e7 limit anahtar\u0131, Vin\u00e7 ses ve \u0131\u015f\u0131k alarm\u0131, A\u011f\u0131r Hizmet Havac\u0131l\u0131k Konekt\u00f6r\u00fc, Vin\u00e7 a\u015f\u0131r\u0131 y\u00fck s\u0131n\u0131rlay\u0131c\u0131, \u00c7in Vin\u00e7 Par\u00e7alar\u0131 Tedarik\u00e7isi, Vin\u00e7 kancalar\u0131, Portal vin\u00e7 kancas\u0131, Vin\u00e7 aksesuarlar\u0131, D\u00f6vme kanca, kanca i\u015fleme, Kanca \u00fcreticisi, \u00c7in standart vin\u00e7 kancas\u0131, elektrikli vin\u00e7 kancas\u0131, Vin\u00e7 kasna\u011f\u0131, Kanca kasna\u011f\u0131, Haddelenmi\u015f kasnak, Vin\u00e7 Kasna\u011f\u0131 Tedarik\u00e7isi \uff0c Avrupa kanca kasna\u011f\u0131, Portal vin\u00e7 kancas\u0131 kasna\u011f\u0131, WZL tipi vin\u00e7 tamburu, Avrupa tarz\u0131 makara seti, Vin\u00e7 makaras\u0131,vin\u00e7 par\u00e7alar\u0131, Tambur i\u015fleme, vin\u00e7 tamburu \u00fcreticisi, D\u00f6kme \u00e7elik tambur, Elektrikli vin\u00e7 tamburu, Vin\u00e7 tamburu montaj\u0131, DRS Tekerlek Bloklar\u0131, Avrupa vin\u00e7 tekerle\u011fi, D\u00f6vme tekerlekler, Aktif tekerlek seti, Tahrik tekerle\u011fi seti, Tahrikli tekerlek grubu, vin\u00e7 tekerlekleri \u00fcreticisi, Demag vin\u00e7 tekerlekleri, Konecranes Vin\u00e7 Tekerlekleri, Gezer vin\u00e7 Tekerle\u011fi, \u015eaft kaplinleri, G\u00fc\u00e7 Aktarma Kaplinleri, Disk Kaplinleri, Ak\u0131\u015fkan kaplinleri, Kaplin \u00fcreticisi \uff0c Kardan kaplin, Vin\u00e7 Red\u00fckt\u00f6r\u00fc,Vin\u00e7 Yava\u015flat\u0131c\u0131lar\u0131, Red\u00fckt\u00f6r di\u015fli kutusu, Vin\u00e7 i\u00e7in red\u00fckt\u00f6r, Vin\u00e7 i\u00e7in Di\u015fli Red\u00fckt\u00f6r, Sert di\u015f y\u00fczey red\u00fckt\u00f6r\u00fc Vin\u00e7 ve kald\u0131rma red\u00fckt\u00f6r\u00fc, Flender red\u00fckt\u00f6r, Red\u00fckt\u00f6r \u00fcreticisi, ZQ red\u00fckt\u00f6r, QJ red\u00fckt\u00f6r, QJY red\u00fckt\u00f6r, Di\u015fli Motorlar\u0131, Konecranes red\u00fckt\u00f6r,F serisi \u00fc\u00e7\u00fc bir arada red\u00fckt\u00f6r, K serisi \u00fc\u00e7\u00fc bir arada red\u00fckt\u00f6r, seyahat makineleri, Di\u015fli ile Seyahat Motoru, Vin\u00e7 Seyahati i\u00e7in Di\u015fli Motoru, Seyahat makineleri Frekans invert\u00f6r motorlar\u0131, FEM standart Di\u015fli Motorlar\u0131, Vin\u00e7 motorlar\u0131,\u0130nvert\u00f6r motorlar\u0131, Vin\u00e7 motorlar\u0131, motorVin\u00e7 g\u00f6rev motorlar\u0131, Vin\u00e7 i\u00e7in \u00f6zel motor, YZR YZP YZ serisi motorlar, Vin\u00e7 ve kald\u0131rma motoru, Frekans d\u00f6n\u00fc\u015ft\u00fcrme motoru, Elektro hidrolik kampana frenler, Elektro-hidrolik disk frenler, Fren, Gezer Vin\u00e7 Frenleri, Disk frenler, Elektromanyetik disk fren, Vin\u00e7 hidrolik disk fren, Fren \u00fcreticisi, vin\u00e7 G\u00fcvenlik frenleri, Tek halatl\u0131 kep\u00e7e, D\u00f6rt halatl\u0131 kep\u00e7e, Elektro-hidrolik \u00e7ok kanatl\u0131 kep\u00e7e, Portakal kabu\u011fu kep\u00e7e, Elektrikli motor kep\u00e7e,Elektro-Hidrolik kapakl\u0131 kep\u00e7e, kep\u00e7e \u00fcreticileri, Konteyner serpme \u00fcreticileri, 20ft Konteyner Serpme Makinesi, Yar\u0131 Otomatik konteyner serpme makinesi, 40ft Konteyner Kald\u0131rma \u00c7er\u00e7evesi, TEC konteyner Serpme Makinesi, K\u00fct\u00fck kald\u0131rma kelep\u00e7esi, K\u00fct\u00fck Kelep\u00e7eler, K\u00fct\u00fck vin\u00e7 kelep\u00e7eleri \u00fcreticisi, k\u00fct\u00fck kald\u0131rma kelep\u00e7eleri \u00e7in tedarik\u00e7isi, Bobin C-Tipi Kanca, bobin kancas\u0131, Gezer Vin\u00e7 \u00c7elik Bobin C-Tipi Kanca, Vin\u00e7 C kancas\u0131, C tipi serpme makinesi, C tipi kanca, Vin\u00e7 m\u0131knat\u0131slar\u0131, Ray sabitleme cihaz\u0131,Vin\u00e7 Ray sabitleme cihaz\u0131, vin\u00e7 Ray Kelep\u00e7esi, CD \/ MD Tel Halatl\u0131 Elektrikli Vin\u00e7, Tel Halatl\u0131 Elektrikli Vin\u00e7 \u00c7in \u00dcretici, Tek Kiri\u015fli Tel Halatl\u0131 Elektrikli Vin\u00e7, \u00c7ift Kiri\u015fli Tel Halatl\u0131 Elektrikli Vin\u00e7, Zincirli Vin\u00e7, Elektrikli zincirli vin\u00e7 \u00fcreticisi, Elektrikli zincirli vin\u00e7 \u00c7in distrib\u00fct\u00f6r\u00fc, Avrupa tel halatl\u0131 elektrikli vin\u00e7 \uff0c Avrupa \u00e7ift kiri\u015fli tel halatl\u0131 elektrikli vin\u00e7, Avrupa Tarz\u0131 Tek Kiri\u015fli Vin\u00e7 U\u00e7 Ta\u015f\u0131y\u0131c\u0131, FEN \/ DIN Avrupa Tarz\u0131 Tek Kiri\u015fli Vin\u00e7 U\u00e7 Ta\u015f\u0131y\u0131c\u0131,Vin\u00e7 u\u00e7 kiri\u015fi \u00fcreticileri, Avrupa tarz\u0131 kald\u0131rma \u00e7ift kiri\u015fli vin\u00e7 u\u00e7 kiri\u015fi, S\u00fcspansiyonlu vin\u00e7 u\u00e7 kiri\u015fi, Avrupa tarz\u0131 asma tek kiri\u015fli vin\u00e7 u\u00e7 kiri\u015fi, FEN \/ DIN S\u00fcspansiyonlu vin\u00e7 u\u00e7 kiri\u015fi, vin\u00e7 kablo arabas\u0131, Kablosuz uzaktan kumanda, uzaktan kumanda, Vin\u00e7 kontrol kolu, Vin\u00e7 Kontrolleri, elektrik kontrol kabini, vin\u00e7 kontrol kabini, Limit anahtar\u0131, Ses ve \u0131\u015f\u0131k alarm\u0131, Havac\u0131l\u0131k fi\u015fi, h\u0131zl\u0131 konekt\u00f6r, Vin\u00e7 havac\u0131l\u0131k fi\u015fi, A\u015f\u0131r\u0131 y\u00fck s\u0131n\u0131rlay\u0131c\u0131","publisher":{"@id":"https:\/\/www.hnhlcrane.com\/#organization"},"potentialAction":[{"@type":"SearchAction","target":{"@type":"EntryPoint","urlTemplate":"https:\/\/www.hnhlcrane.com\/?s={search_term_string}"},"query-input":{"@type":"PropertyValueSpecification","valueRequired":true,"valueName":"search_term_string"}}],"inLanguage":"tr"},{"@type":"Organization","@id":"https:\/\/www.hnhlcrane.com\/#organization","name":"Vin\u00e7 Par\u00e7alar\u0131 Tedarik\u00e7isi-HL Crame","url":"https:\/\/www.hnhlcrane.com\/","logo":{"@type":"ImageObject","inLanguage":"tr","@id":"https:\/\/www.hnhlcrane.com\/#\/schema\/logo\/image\/","url":"https:\/\/www.hnhlcrane.com\/wp-content\/uploads\/2024\/09\/logo6-1-e1733899395598.png","contentUrl":"https:\/\/www.hnhlcrane.com\/wp-content\/uploads\/2024\/09\/logo6-1-e1733899395598.png","width":1000,"height":282,"caption":"Crane Parts Supplier-HL Crame"},"image":{"@id":"https:\/\/www.hnhlcrane.com\/#\/schema\/logo\/image\/"}}]}},"_links":{"self":[{"href":"https:\/\/www.hnhlcrane.com\/tr\/wp-json\/wp\/v2\/product\/5505","targetHints":{"allow":["GET"]}}],"collection":[{"href":"https:\/\/www.hnhlcrane.com\/tr\/wp-json\/wp\/v2\/product"}],"about":[{"href":"https:\/\/www.hnhlcrane.com\/tr\/wp-json\/wp\/v2\/types\/product"}],"version-history":[{"count":1,"href":"https:\/\/www.hnhlcrane.com\/tr\/wp-json\/wp\/v2\/product\/5505\/revisions"}],"predecessor-version":[{"id":6958,"href":"https:\/\/www.hnhlcrane.com\/tr\/wp-json\/wp\/v2\/product\/5505\/revisions\/6958"}],"wp:featuredmedia":[{"embeddable":true,"href":"https:\/\/www.hnhlcrane.com\/tr\/wp-json\/wp\/v2\/media\/5506"}],"wp:attachment":[{"href":"https:\/\/www.hnhlcrane.com\/tr\/wp-json\/wp\/v2\/media?parent=5505"}],"wp:term":[{"taxonomy":"product_brand","embeddable":true,"href":"https:\/\/www.hnhlcrane.com\/tr\/wp-json\/wp\/v2\/product_brand?post=5505"},{"taxonomy":"product_cat","embeddable":true,"href":"https:\/\/www.hnhlcrane.com\/tr\/wp-json\/wp\/v2\/product_cat?post=5505"},{"taxonomy":"product_tag","embeddable":true,"href":"https:\/\/www.hnhlcrane.com\/tr\/wp-json\/wp\/v2\/product_tag?post=5505"}],"curies":[{"name":"wp","href":"https:\/\/api.w.org\/{rel}","templated":true}]}}