{"id":5444,"date":"2024-11-25T23:42:41","date_gmt":"2024-11-25T15:42:41","guid":{"rendered":"https:\/\/www.hnhlcrane.com\/?post_type=product&#038;p=5444"},"modified":"2025-09-14T22:22:06","modified_gmt":"2025-09-14T14:22:06","slug":"konteyner-yayici","status":"publish","type":"product","link":"https:\/\/www.hnhlcrane.com\/tr\/product\/konteyner-yayici\/","title":{"rendered":"Konteyner da\u011f\u0131t\u0131c\u0131"},"content":{"rendered":"<h6><span style=\"font-family: arial, helvetica, sans-serif; font-size: 18pt;\"><strong>Konteyner Serpme Makinesine Genel Bak\u0131\u015f<\/strong><\/span><\/h6>\n<p>A <strong>konteyner yay\u0131c\u0131<\/strong> konteynerlerin y\u00fcklenmesi, bo\u015falt\u0131lmas\u0131 ve aktar\u0131lmas\u0131 i\u00e7in tasarlanm\u0131\u015f b\u00fcy\u00fck, \u00f6zel bir ara\u00e7t\u0131r. Y\u00fck depolama, su limanlar\u0131 ve terminallerde yayg\u0131n olarak kullan\u0131lan bu ara\u00e7, y\u00fcksek g\u00fcvenilirlik, sorunsuz \u00e7al\u0131\u015fma ve m\u00fckemmel verimlilik ile karakterize edilir ve a\u015fa\u011f\u0131dakiler i\u00e7in \u00f6nemli bir yard\u0131mc\u0131 cihazd\u0131r <a href=\"https:\/\/www.hnhlcrane.com\/tr\/urunler\/ozel-vi%cc%87nc-yayici\/\" target=\"_blank\" rel=\"noopener\">kald\u0131rma ekipmanlar\u0131<\/a>.<\/p>\n<h6><span style=\"font-family: arial, helvetica, sans-serif; font-size: 18pt;\"><strong>Konteyner Serpme Makinesi \u00c7e\u015fitleri<\/strong><\/span><\/h6>\n<ul style=\"list-style-type: disc;\">\n<li><strong>Sabit Serpme<\/strong>:\n<ul style=\"list-style-type: circle;\">\n<li><strong>\u00d6zellikler<\/strong>: Basit yap\u0131 ve hafiflik.<\/li>\n<li><strong>S\u0131n\u0131rlama<\/strong>: Yaln\u0131zca belirli bir kap boyutu i\u00e7in uygundur.<\/li>\n<li><strong>Uygulamalar<\/strong>: Genellikle \u00e7ok ama\u00e7l\u0131 portal vin\u00e7ler ve genel portal vin\u00e7ler ile kullan\u0131l\u0131r.<\/li>\n<\/ul>\n<\/li>\n<li><strong>Master-Slave Serpici (Kombine Serpici)<\/strong>:\n<ul style=\"list-style-type: circle;\">\n<li><strong>Yap\u0131<\/strong>: Birlikte \u00e7al\u0131\u015fan iki yay\u0131c\u0131dan (\u00fcst ve alt) olu\u015fur.<\/li>\n<li><strong>Avantajlar<\/strong>: Kullan\u0131ma uygun.<\/li>\n<li><strong>S\u0131n\u0131rlama<\/strong>: Nispeten a\u011f\u0131rd\u0131r.<\/li>\n<\/ul>\n<\/li>\n<li><strong>Anne-K\u0131z Spreader (D\u00f6n\u00fc\u015ft\u00fcr\u00fclebilir Spreader)<\/strong>:\n<ul style=\"list-style-type: circle;\">\n<li><strong>\u00d6zellikler<\/strong>: \u00d6zel kiri\u015f \u00fczerinde \u00f6zel bir g\u00fc\u00e7 sistemi ile donat\u0131lm\u0131\u015ft\u0131r.<\/li>\n<li><strong>Avantajlar<\/strong>: Hafif tasar\u0131m.<\/li>\n<li><strong>S\u0131n\u0131rlama<\/strong>: Serpme makinesinin de\u011fi\u015ftirilmesi i\u00e7in daha fazla zaman gerekir.<\/li>\n<\/ul>\n<\/li>\n<li><strong>Teleskopik Serpme Makinesi<\/strong>:\n<ul style=\"list-style-type: circle;\">\n<li><strong>Mekanizma<\/strong>: Teleskopik zincirleri veya silindirleri tahrik etmek i\u00e7in hidrolik \u015fanz\u0131man kullan\u0131r.<\/li>\n<li><strong>Avantajlar<\/strong>: Kolay uzunluk ayar\u0131, esnek \u00e7al\u0131\u015fma, g\u00fc\u00e7l\u00fc \u00e7ok y\u00f6nl\u00fcl\u00fck ve y\u00fcksek verimlilik.<\/li>\n<\/ul>\n<\/li>\n<li><strong>D\u00f6ner Serpme Makinesi<\/strong>:\n<ul style=\"list-style-type: circle;\">\n<li><strong>\u00d6zellikler<\/strong>: D\u00fczlemsel d\u00f6nme hareketi kabiliyeti.<\/li>\n<li><strong>Uygulamalar<\/strong>: D\u00f6nme kabiliyeti gerektiren konteyner elle\u00e7leme operasyonlar\u0131 i\u00e7in uygundur.<\/li>\n<\/ul>\n<\/li>\n<\/ul>\n<h6><span style=\"font-family: arial, helvetica, sans-serif; font-size: 18pt;\"><strong>Konteyner Serpme Makinelerinin Yap\u0131sal \u00d6zellikleri<\/strong><\/span><\/h6>\n<ul style=\"list-style-type: disc;\">\n<li><strong>Y\u00fcksek Mukavemetli \u00c7er\u00e7eve<\/strong>:\n<ul style=\"list-style-type: circle;\">\n<li>Ana \u00e7er\u00e7eve, hafif bir tasar\u0131m\u0131 korurken geli\u015fmi\u015f y\u00fck kapasitesi ve sertlik i\u00e7in g\u00fc\u00e7lendirilmi\u015f kritik alanlara sahip I-kiri\u015flerden yap\u0131lm\u0131\u015ft\u0131r.<\/li>\n<\/ul>\n<\/li>\n<li><strong>Twistlocklar i\u00e7in \u00c7ift Pozisyonlu Kilitleme<\/strong>:\n<ul style=\"list-style-type: circle;\">\n<li>Kald\u0131rma s\u0131ras\u0131nda konteynerin sabit kalmas\u0131n\u0131 sa\u011flayarak g\u00fcvenli\u011fi art\u0131r\u0131r.<\/li>\n<\/ul>\n<\/li>\n<li><strong>Yanal Tahrik i\u00e7in D\u00f6rt Ba\u011flant\u0131l\u0131 Mekanizma<\/strong>:\n<ul style=\"list-style-type: circle;\">\n<li>Daha yumu\u015fak ve daha do\u011fru b\u00fck\u00fcml\u00fc kilit d\u00f6n\u00fc\u015f\u00fc sa\u011flayarak g\u00fcvenli\u011fi ve operasyonel hassasiyeti art\u0131r\u0131r.<\/li>\n<\/ul>\n<\/li>\n<li><strong>Yuvarlak K\u00f6\u015fe Tasar\u0131m\u0131<\/strong>:\n<ul style=\"list-style-type: circle;\">\n<li>\u00c7al\u0131\u015fma s\u0131ras\u0131nda konteynerlerin hasar g\u00f6rmesini \u00f6nler.<\/li>\n<\/ul>\n<\/li>\n<li><strong>Kilitleme\/Kilit A\u00e7ma G\u00f6sterge Panelleri<\/strong>:\n<ul style=\"list-style-type: circle;\">\n<li>Operat\u00f6rlerin geli\u015fmi\u015f operasyonel g\u00fcvenlik i\u00e7in kilitleme\/kilit a\u00e7ma durumunu kolayca belirleyebilmelerini sa\u011flar.<\/li>\n<\/ul>\n<\/li>\n<\/ul>\n<h6><span style=\"font-family: arial, helvetica, sans-serif; font-size: 18pt;\"><strong>Konteyner Serpme Makineleri Uygulamalar\u0131<\/strong><\/span><\/h6>\n<p>Konteyner da\u011f\u0131t\u0131c\u0131lar, verimli ve g\u00fcvenli konteyner elle\u00e7leme taleplerini kar\u015f\u0131lamak \u00fczere \u00f6zel olarak tasarlanm\u0131\u015ft\u0131r. A\u015fa\u011f\u0131dakiler gibi \u00e7e\u015fitli vin\u00e7 t\u00fcrleriyle entegre edilebilirler:<\/p>\n<ul>\n<li>R\u0131ht\u0131m vin\u00e7leri,<\/li>\n<li>Lastik tekerlekli portal vin\u00e7ler (RTG'ler),<\/li>\n<li>Raya monteli portal vin\u00e7ler (RMG'ler),<\/li>\n<li>Gezer vin\u00e7ler ve<\/li>\n<li>Portal vin\u00e7ler.<\/li>\n<\/ul>\n<p>Bu \u00e7ok y\u00f6nl\u00fcl\u00fck, konteyner serpme makinelerinin \u00e7e\u015fitli operasyonel senaryolara ve gereksinimlere uyum sa\u011flamas\u0131na olanak tan\u0131r.<\/p>","protected":false},"excerpt":{"rendered":"<p>Konteyner serpme makinesi \u00fcreticileri,20ft Konteyner Serpme Makinesi,Yar\u0131 Otomatik konteyner serpme makinesi,40ft Konteyner Kald\u0131rma \u00c7er\u00e7evesi,Konteyner serpme makinesi<\/p>","protected":false},"featured_media":5445,"template":"","meta":{"_kad_post_transparent":"default","_kad_post_title":"","_kad_post_layout":"default","_kad_post_sidebar_id":"","_kad_post_content_style":"default","_kad_post_vertical_padding":"show","_kad_post_feature":"","_kad_post_feature_position":"","_kad_post_header":false,"_kad_post_footer":false},"product_brand":[],"product_cat":[59],"product_tag":[196,198,194,195,197,185,199],"class_list":{"0":"post-5444","1":"product","2":"type-product","3":"status-publish","4":"has-post-thumbnail","6":"product_cat-special-crane-spreader","7":"product_tag-20ft-container-spreader","8":"product_tag-40ft-container-lifting-frame","9":"product_tag-container-spreader","10":"product_tag-container-spreader-manufacturers","11":"product_tag-semi-automatic-container-spreader","12":"product_tag-special-crane-spreader","13":"product_tag-tec-container-spreader","15":"first","16":"instock","17":"shipping-taxable","18":"product-type-simple","19":"entry","20":"content-bg","21":"loop-entry"},"yoast_head":"<!-- This site is optimized with the Yoast SEO plugin v25.6 - https:\/\/yoast.com\/wordpress\/plugins\/seo\/ -->\n<title>Container Spreader \u2013 Heavy-Duty Port &amp; Shipping Equipment<\/title>\n<meta name=\"description\" content=\"Top-quality Container Spreader for fast, safe, and efficient container handling in ports and shipping yards. Boost your cargo operations today.Container spreader manufacturers\" \/>\n<meta name=\"robots\" content=\"index, follow, max-snippet:-1, max-image-preview:large, max-video-preview:-1\" \/>\n<link rel=\"canonical\" href=\"https:\/\/www.hnhlcrane.com\/tr\/product\/konteyner-yayici\/\" \/>\n<meta property=\"og:locale\" content=\"tr_TR\" \/>\n<meta property=\"og:type\" content=\"article\" \/>\n<meta property=\"og:title\" content=\"Container Spreader \u2013 Heavy-Duty Port &amp; Shipping Equipment\" \/>\n<meta property=\"og:description\" content=\"Top-quality Container Spreader for fast, safe, and efficient container handling in ports and shipping yards. Boost your cargo operations today.Container spreader manufacturers\" \/>\n<meta property=\"og:url\" content=\"https:\/\/www.hnhlcrane.com\/tr\/product\/konteyner-yayici\/\" \/>\n<meta property=\"og:site_name\" content=\"Crane Parts Supplier-HL Crame\" \/>\n<meta property=\"article:modified_time\" content=\"2025-09-14T14:22:06+00:00\" \/>\n<meta property=\"og:image\" content=\"https:\/\/www.hnhlcrane.com\/wp-content\/uploads\/2024\/11\/Container-spreader-1.jpg\" \/>\n\t<meta property=\"og:image:width\" content=\"600\" \/>\n\t<meta property=\"og:image:height\" content=\"600\" \/>\n\t<meta property=\"og:image:type\" content=\"image\/jpeg\" \/>\n<meta name=\"twitter:card\" content=\"summary_large_image\" \/>\n<meta name=\"twitter:label1\" content=\"Tahmini okuma s\u00fcresi\" \/>\n\t<meta name=\"twitter:data1\" content=\"2 dakika\" \/>\n<script type=\"application\/ld+json\" class=\"yoast-schema-graph\">{\"@context\":\"https:\/\/schema.org\",\"@graph\":[{\"@type\":\"WebPage\",\"@id\":\"https:\/\/www.hnhlcrane.com\/product\/container-spreader\/\",\"url\":\"https:\/\/www.hnhlcrane.com\/product\/container-spreader\/\",\"name\":\"Container Spreader \u2013 Heavy-Duty Port & Shipping Equipment\",\"isPartOf\":{\"@id\":\"https:\/\/www.hnhlcrane.com\/#website\"},\"primaryImageOfPage\":{\"@id\":\"https:\/\/www.hnhlcrane.com\/product\/container-spreader\/#primaryimage\"},\"image\":{\"@id\":\"https:\/\/www.hnhlcrane.com\/product\/container-spreader\/#primaryimage\"},\"thumbnailUrl\":\"https:\/\/www.hnhlcrane.com\/wp-content\/uploads\/2024\/11\/Container-spreader-1.jpg\",\"datePublished\":\"2024-11-25T15:42:41+00:00\",\"dateModified\":\"2025-09-14T14:22:06+00:00\",\"description\":\"Top-quality Container Spreader for fast, safe, and efficient container handling in ports and shipping yards. Boost your cargo operations today.Container spreader manufacturers\",\"breadcrumb\":{\"@id\":\"https:\/\/www.hnhlcrane.com\/product\/container-spreader\/#breadcrumb\"},\"inLanguage\":\"tr\",\"potentialAction\":[{\"@type\":\"ReadAction\",\"target\":[\"https:\/\/www.hnhlcrane.com\/product\/container-spreader\/\"]}]},{\"@type\":\"ImageObject\",\"inLanguage\":\"tr\",\"@id\":\"https:\/\/www.hnhlcrane.com\/product\/container-spreader\/#primaryimage\",\"url\":\"https:\/\/www.hnhlcrane.com\/wp-content\/uploads\/2024\/11\/Container-spreader-1.jpg\",\"contentUrl\":\"https:\/\/www.hnhlcrane.com\/wp-content\/uploads\/2024\/11\/Container-spreader-1.jpg\",\"width\":600,\"height\":600},{\"@type\":\"BreadcrumbList\",\"@id\":\"https:\/\/www.hnhlcrane.com\/product\/container-spreader\/#breadcrumb\",\"itemListElement\":[{\"@type\":\"ListItem\",\"position\":1,\"name\":\"home\",\"item\":\"https:\/\/www.hnhlcrane.com\/\"},{\"@type\":\"ListItem\",\"position\":2,\"name\":\"products\",\"item\":\"https:\/\/www.hnhlcrane.com\/products\/\"},{\"@type\":\"ListItem\",\"position\":3,\"name\":\"Container spreader\"}]},{\"@type\":\"WebSite\",\"@id\":\"https:\/\/www.hnhlcrane.com\/#website\",\"url\":\"https:\/\/www.hnhlcrane.com\/\",\"name\":\"Crane Parts Supplier-HL Crame\",\"description\":\"One-stop solution for all your  crane parts needs,Crane Hook,Crane Drum,Crane Wheel,Crane Coupling,Crane Gearbox,Crane Motor,Crane Brake,Special Crane Spreader,Crane grab,Container spreader,Billet crane clamps,Crane C-type spreader,Lifting Electromagnet,Crane Rail Clips,Electric Hoist,FEM Standard Crane End Carriages,Light Crane Parts,Workstation Crane Parts,Crane Electrical Parts,I-beam cable trolley,Crane remote controller,Crane electrical control cabinet,Crane limit switch,Crane sound and light alarm,Heavy Duty Aviation Connector,Crane overload limiter,China Crane Parts Supplier,Crane hooks,Gantry crane hook,Crane accessories,Forged hook,hook processing,Hook manufacturer,China standard crane hook,electric hoist hook,Crane pulley,Hook pulley,Rolled pulley,Crane Pulley Supplier\uff0cEuropean hook pulley,Gantry crane hook pulley,WZL type crane drum,European style reel set,Crane reel,crane parts,Drum processing,crane drum manufacturer,Cast steel drum,Electric hoist drum,Crane drum assembly,DRS Wheel Blocks,European crane wheel,Forged wheels,Active wheel set,Driving wheel set,Driven wheel group,crane wheels manufacturer,Demag crane wheels,Konecranes Crane Wheels,Overhead crane Wheel,Shaft couplings,Power Transmission Couplings,Disc Couplings,Fluid couplings,Coupling manufacturer\uff0cCardan coupling,Crane Reducer,Crane Decelerators,Reducer gearbox,Reducer for crane,Gear Reducer For Crane,Hard tooth surface reducerCrane and hoist reducer,Flender reducer,Reducer manufacturer,ZQ reducer,QJ reducer,QJY reducer,Gear Motors,Konecranes reducer,F series three-in-one reducer,K series three-in-one reducer,travelling machinery,Travelling Motor With Gear,Gear Motor for Crane Traveling,Travelling machinery Frequency inverter motors,FEM standard Gear Motors,Crane motors,Inverter motors,Hoist motors,motorCrane duty motors,Special motor for crane,YZR YZP YZ series motors,Crane and hoist motor,Frequency conversion motor,Electro hydraulic drum brakes,Electro-hydraulic disc brakes,Brake,Overhead Crane Brakes,Disc brakes,Electromagnetic disk brake,Crane hydraulic disc brake,Brakes manufacturer,crane Safety brakes,Singlr rope grab,Four rope grab,Electro-hydraulic multi-flap grab,Orange peel grab,Electric motor grab,Electro-Hydraulicclamshell grab,grab manufacturers,Container spreader manufacturers,20ft Container Spreader,Semi Automatic container spreader,40ft Container Lifting Frame,TEC container Spreader,Billet lifting clamp,Billet Clamps,Billet crane clamps manufacturer,billet lifting clamps china supplier,Coil C-Type Hook,coil hook,Overhead Crane Steel Coil C-Type Hook,Crane C-hook,C-type spreader,C-type hook,Crane magnets,Rail fixing device,Crane Rail fixing device,crane Rail Clamp,CD\/MD Wire Rope Electric Hoist,Wire Rope Electric Hoist China Manufacturer,Single Girder Wire Rope Electric Hoist,Double Girder Wire Rope Electric Hoist,Chain Hoist,Electric chain hoist manufacturer,Electric chain hoist China distributor,European wire rope electric hoist\uff0cEuropean double beam wire rope electric hoist,European Style Single Beam Crane End Carriage,FEN\/DIN European Style Single Beam Crane End Carriage,Crane end beam manufacturers,European style hoist double beam crane end beam,Suspension crane end beam,European style suspended single beam crane end beam,FEN\/DIN Suspension crane end beam,crane cable trolley,Wireless remote control,remote controller,Crane control handle,Crane Controls,electrical control cabinet,crane control cabinet,Limit switch,Sound and light alarm,Aviation plug,quick connector,Crane aviation plug,Overload limiter\",\"publisher\":{\"@id\":\"https:\/\/www.hnhlcrane.com\/#organization\"},\"potentialAction\":[{\"@type\":\"SearchAction\",\"target\":{\"@type\":\"EntryPoint\",\"urlTemplate\":\"https:\/\/www.hnhlcrane.com\/?s={search_term_string}\"},\"query-input\":{\"@type\":\"PropertyValueSpecification\",\"valueRequired\":true,\"valueName\":\"search_term_string\"}}],\"inLanguage\":\"tr\"},{\"@type\":\"Organization\",\"@id\":\"https:\/\/www.hnhlcrane.com\/#organization\",\"name\":\"Crane Parts Supplier-HL Crame\",\"url\":\"https:\/\/www.hnhlcrane.com\/\",\"logo\":{\"@type\":\"ImageObject\",\"inLanguage\":\"tr\",\"@id\":\"https:\/\/www.hnhlcrane.com\/#\/schema\/logo\/image\/\",\"url\":\"https:\/\/www.hnhlcrane.com\/wp-content\/uploads\/2024\/09\/logo6-1-e1733899395598.png\",\"contentUrl\":\"https:\/\/www.hnhlcrane.com\/wp-content\/uploads\/2024\/09\/logo6-1-e1733899395598.png\",\"width\":1000,\"height\":282,\"caption\":\"Crane Parts Supplier-HL Crame\"},\"image\":{\"@id\":\"https:\/\/www.hnhlcrane.com\/#\/schema\/logo\/image\/\"}}]}<\/script>\n<!-- \/ Yoast SEO plugin. -->","yoast_head_json":{"title":"Konteyner Da\u011f\u0131t\u0131c\u0131 - A\u011f\u0131r Hizmet Liman\u0131 ve Nakliye Ekipmanlar\u0131","description":"Limanlarda ve nakliye sahalar\u0131nda h\u0131zl\u0131, g\u00fcvenli ve verimli konteyner elle\u00e7leme i\u00e7in en kaliteli Konteyner Serpme Makinesi. Kargo operasyonlar\u0131n\u0131z\u0131 bug\u00fcn art\u0131r\u0131n Konteyner da\u011f\u0131t\u0131c\u0131 \u00fcreticileri","robots":{"index":"index","follow":"follow","max-snippet":"max-snippet:-1","max-image-preview":"max-image-preview:large","max-video-preview":"max-video-preview:-1"},"canonical":"https:\/\/www.hnhlcrane.com\/tr\/product\/konteyner-yayici\/","og_locale":"tr_TR","og_type":"article","og_title":"Container Spreader \u2013 Heavy-Duty Port & Shipping Equipment","og_description":"Top-quality Container Spreader for fast, safe, and efficient container handling in ports and shipping yards. Boost your cargo operations today.Container spreader manufacturers","og_url":"https:\/\/www.hnhlcrane.com\/tr\/product\/konteyner-yayici\/","og_site_name":"Crane Parts Supplier-HL Crame","article_modified_time":"2025-09-14T14:22:06+00:00","og_image":[{"width":600,"height":600,"url":"https:\/\/www.hnhlcrane.com\/wp-content\/uploads\/2024\/11\/Container-spreader-1.jpg","type":"image\/jpeg"}],"twitter_card":"summary_large_image","twitter_misc":{"Tahmini okuma s\u00fcresi":"2 dakika"},"schema":{"@context":"https:\/\/schema.org","@graph":[{"@type":"WebPage","@id":"https:\/\/www.hnhlcrane.com\/product\/container-spreader\/","url":"https:\/\/www.hnhlcrane.com\/product\/container-spreader\/","name":"Konteyner Da\u011f\u0131t\u0131c\u0131 - A\u011f\u0131r Hizmet Liman\u0131 ve Nakliye Ekipmanlar\u0131","isPartOf":{"@id":"https:\/\/www.hnhlcrane.com\/#website"},"primaryImageOfPage":{"@id":"https:\/\/www.hnhlcrane.com\/product\/container-spreader\/#primaryimage"},"image":{"@id":"https:\/\/www.hnhlcrane.com\/product\/container-spreader\/#primaryimage"},"thumbnailUrl":"https:\/\/www.hnhlcrane.com\/wp-content\/uploads\/2024\/11\/Container-spreader-1.jpg","datePublished":"2024-11-25T15:42:41+00:00","dateModified":"2025-09-14T14:22:06+00:00","description":"Limanlarda ve nakliye sahalar\u0131nda h\u0131zl\u0131, g\u00fcvenli ve verimli konteyner elle\u00e7leme i\u00e7in en kaliteli Konteyner Serpme Makinesi. Kargo operasyonlar\u0131n\u0131z\u0131 bug\u00fcn art\u0131r\u0131n Konteyner da\u011f\u0131t\u0131c\u0131 \u00fcreticileri","breadcrumb":{"@id":"https:\/\/www.hnhlcrane.com\/product\/container-spreader\/#breadcrumb"},"inLanguage":"tr","potentialAction":[{"@type":"ReadAction","target":["https:\/\/www.hnhlcrane.com\/product\/container-spreader\/"]}]},{"@type":"ImageObject","inLanguage":"tr","@id":"https:\/\/www.hnhlcrane.com\/product\/container-spreader\/#primaryimage","url":"https:\/\/www.hnhlcrane.com\/wp-content\/uploads\/2024\/11\/Container-spreader-1.jpg","contentUrl":"https:\/\/www.hnhlcrane.com\/wp-content\/uploads\/2024\/11\/Container-spreader-1.jpg","width":600,"height":600},{"@type":"BreadcrumbList","@id":"https:\/\/www.hnhlcrane.com\/product\/container-spreader\/#breadcrumb","itemListElement":[{"@type":"ListItem","position":1,"name":"home","item":"https:\/\/www.hnhlcrane.com\/"},{"@type":"ListItem","position":2,"name":"products","item":"https:\/\/www.hnhlcrane.com\/products\/"},{"@type":"ListItem","position":3,"name":"Container spreader"}]},{"@type":"WebSite","@id":"https:\/\/www.hnhlcrane.com\/#website","url":"https:\/\/www.hnhlcrane.com\/","name":"Vin\u00e7 Par\u00e7alar\u0131 Tedarik\u00e7isi-HL Crame","description":"T\u00fcm vin\u00e7 par\u00e7alar\u0131 ihtiya\u00e7lar\u0131n\u0131z i\u00e7in tek noktadan \u00e7\u00f6z\u00fcm, Vin\u00e7 Kancas\u0131, Vin\u00e7 Tamburu, Vin\u00e7 Tekerle\u011fi, Vin\u00e7 Kaplini, Vin\u00e7 \u015eanz\u0131man\u0131, Vin\u00e7 Motoru, Vin\u00e7 Freni, \u00d6zel Vin\u00e7 Serpme Makinesi, Vin\u00e7 kep\u00e7esi, Konteyner serpme makinesi, K\u00fct\u00fck vin\u00e7 kelep\u00e7eleri, Vin\u00e7 C tipi serpme makinesi,Kald\u0131rma Elektrom\u0131knat\u0131s\u0131, Vin\u00e7 Ray Klipsleri, Elektrikli Vin\u00e7, FEM Standart Vin\u00e7 U\u00e7 Ta\u015f\u0131y\u0131c\u0131lar\u0131, Hafif Vin\u00e7 Par\u00e7alar\u0131, \u0130\u015f \u0130stasyonu Vin\u00e7 Par\u00e7alar\u0131, Vin\u00e7 Elektrik Par\u00e7alar\u0131, I-kiri\u015f kablo arabas\u0131, Vin\u00e7 uzaktan kumandas\u0131, Vin\u00e7 elektrik kontrol kabini,Vin\u00e7 limit anahtar\u0131, Vin\u00e7 ses ve \u0131\u015f\u0131k alarm\u0131, A\u011f\u0131r Hizmet Havac\u0131l\u0131k Konekt\u00f6r\u00fc, Vin\u00e7 a\u015f\u0131r\u0131 y\u00fck s\u0131n\u0131rlay\u0131c\u0131, \u00c7in Vin\u00e7 Par\u00e7alar\u0131 Tedarik\u00e7isi, Vin\u00e7 kancalar\u0131, Portal vin\u00e7 kancas\u0131, Vin\u00e7 aksesuarlar\u0131, D\u00f6vme kanca, kanca i\u015fleme, Kanca \u00fcreticisi, \u00c7in standart vin\u00e7 kancas\u0131, elektrikli vin\u00e7 kancas\u0131, Vin\u00e7 kasna\u011f\u0131, Kanca kasna\u011f\u0131, Haddelenmi\u015f kasnak, Vin\u00e7 Kasna\u011f\u0131 Tedarik\u00e7isi \uff0c Avrupa kanca kasna\u011f\u0131, Portal vin\u00e7 kancas\u0131 kasna\u011f\u0131, WZL tipi vin\u00e7 tamburu, Avrupa tarz\u0131 makara seti, Vin\u00e7 makaras\u0131,vin\u00e7 par\u00e7alar\u0131, Tambur i\u015fleme, vin\u00e7 tamburu \u00fcreticisi, D\u00f6kme \u00e7elik tambur, Elektrikli vin\u00e7 tamburu, Vin\u00e7 tamburu montaj\u0131, DRS Tekerlek Bloklar\u0131, Avrupa vin\u00e7 tekerle\u011fi, D\u00f6vme tekerlekler, Aktif tekerlek seti, Tahrik tekerle\u011fi seti, Tahrikli tekerlek grubu, vin\u00e7 tekerlekleri \u00fcreticisi, Demag vin\u00e7 tekerlekleri, Konecranes Vin\u00e7 Tekerlekleri, Gezer vin\u00e7 Tekerle\u011fi, \u015eaft kaplinleri, G\u00fc\u00e7 Aktarma Kaplinleri, Disk Kaplinleri, Ak\u0131\u015fkan kaplinleri, Kaplin \u00fcreticisi \uff0c Kardan kaplin, Vin\u00e7 Red\u00fckt\u00f6r\u00fc,Vin\u00e7 Yava\u015flat\u0131c\u0131lar\u0131, Red\u00fckt\u00f6r di\u015fli kutusu, Vin\u00e7 i\u00e7in red\u00fckt\u00f6r, Vin\u00e7 i\u00e7in Di\u015fli Red\u00fckt\u00f6r, Sert di\u015f y\u00fczey red\u00fckt\u00f6r\u00fc Vin\u00e7 ve kald\u0131rma red\u00fckt\u00f6r\u00fc, Flender red\u00fckt\u00f6r, Red\u00fckt\u00f6r \u00fcreticisi, ZQ red\u00fckt\u00f6r, QJ red\u00fckt\u00f6r, QJY red\u00fckt\u00f6r, Di\u015fli Motorlar\u0131, Konecranes red\u00fckt\u00f6r,F serisi \u00fc\u00e7\u00fc bir arada red\u00fckt\u00f6r, K serisi \u00fc\u00e7\u00fc bir arada red\u00fckt\u00f6r, seyahat makineleri, Di\u015fli ile Seyahat Motoru, Vin\u00e7 Seyahati i\u00e7in Di\u015fli Motoru, Seyahat makineleri Frekans invert\u00f6r motorlar\u0131, FEM standart Di\u015fli Motorlar\u0131, Vin\u00e7 motorlar\u0131,\u0130nvert\u00f6r motorlar\u0131, Vin\u00e7 motorlar\u0131, motorVin\u00e7 g\u00f6rev motorlar\u0131, Vin\u00e7 i\u00e7in \u00f6zel motor, YZR YZP YZ serisi motorlar, Vin\u00e7 ve kald\u0131rma motoru, Frekans d\u00f6n\u00fc\u015ft\u00fcrme motoru, Elektro hidrolik kampana frenler, Elektro-hidrolik disk frenler, Fren, Gezer Vin\u00e7 Frenleri, Disk frenler, Elektromanyetik disk fren, Vin\u00e7 hidrolik disk fren, Fren \u00fcreticisi, vin\u00e7 G\u00fcvenlik frenleri, Tek halatl\u0131 kep\u00e7e, D\u00f6rt halatl\u0131 kep\u00e7e, Elektro-hidrolik \u00e7ok kanatl\u0131 kep\u00e7e, Portakal kabu\u011fu kep\u00e7e, Elektrikli motor kep\u00e7e,Elektro-Hidrolik kapakl\u0131 kep\u00e7e, kep\u00e7e \u00fcreticileri, Konteyner serpme \u00fcreticileri, 20ft Konteyner Serpme Makinesi, Yar\u0131 Otomatik konteyner serpme makinesi, 40ft Konteyner Kald\u0131rma \u00c7er\u00e7evesi, TEC konteyner Serpme Makinesi, K\u00fct\u00fck kald\u0131rma kelep\u00e7esi, K\u00fct\u00fck Kelep\u00e7eler, K\u00fct\u00fck vin\u00e7 kelep\u00e7eleri \u00fcreticisi, k\u00fct\u00fck kald\u0131rma kelep\u00e7eleri \u00e7in tedarik\u00e7isi, Bobin C-Tipi Kanca, bobin kancas\u0131, Gezer Vin\u00e7 \u00c7elik Bobin C-Tipi Kanca, Vin\u00e7 C kancas\u0131, C tipi serpme makinesi, C tipi kanca, Vin\u00e7 m\u0131knat\u0131slar\u0131, Ray sabitleme cihaz\u0131,Vin\u00e7 Ray sabitleme cihaz\u0131, vin\u00e7 Ray Kelep\u00e7esi, CD \/ MD Tel Halatl\u0131 Elektrikli Vin\u00e7, Tel Halatl\u0131 Elektrikli Vin\u00e7 \u00c7in \u00dcretici, Tek Kiri\u015fli Tel Halatl\u0131 Elektrikli Vin\u00e7, \u00c7ift Kiri\u015fli Tel Halatl\u0131 Elektrikli Vin\u00e7, Zincirli Vin\u00e7, Elektrikli zincirli vin\u00e7 \u00fcreticisi, Elektrikli zincirli vin\u00e7 \u00c7in distrib\u00fct\u00f6r\u00fc, Avrupa tel halatl\u0131 elektrikli vin\u00e7 \uff0c Avrupa \u00e7ift kiri\u015fli tel halatl\u0131 elektrikli vin\u00e7, Avrupa Tarz\u0131 Tek Kiri\u015fli Vin\u00e7 U\u00e7 Ta\u015f\u0131y\u0131c\u0131, FEN \/ DIN Avrupa Tarz\u0131 Tek Kiri\u015fli Vin\u00e7 U\u00e7 Ta\u015f\u0131y\u0131c\u0131,Vin\u00e7 u\u00e7 kiri\u015fi \u00fcreticileri, Avrupa tarz\u0131 kald\u0131rma \u00e7ift kiri\u015fli vin\u00e7 u\u00e7 kiri\u015fi, S\u00fcspansiyonlu vin\u00e7 u\u00e7 kiri\u015fi, Avrupa tarz\u0131 asma tek kiri\u015fli vin\u00e7 u\u00e7 kiri\u015fi, FEN \/ DIN S\u00fcspansiyonlu vin\u00e7 u\u00e7 kiri\u015fi, vin\u00e7 kablo arabas\u0131, Kablosuz uzaktan kumanda, uzaktan kumanda, Vin\u00e7 kontrol kolu, Vin\u00e7 Kontrolleri, elektrik kontrol kabini, vin\u00e7 kontrol kabini, Limit anahtar\u0131, Ses ve \u0131\u015f\u0131k alarm\u0131, Havac\u0131l\u0131k fi\u015fi, h\u0131zl\u0131 konekt\u00f6r, Vin\u00e7 havac\u0131l\u0131k fi\u015fi, A\u015f\u0131r\u0131 y\u00fck s\u0131n\u0131rlay\u0131c\u0131","publisher":{"@id":"https:\/\/www.hnhlcrane.com\/#organization"},"potentialAction":[{"@type":"SearchAction","target":{"@type":"EntryPoint","urlTemplate":"https:\/\/www.hnhlcrane.com\/?s={search_term_string}"},"query-input":{"@type":"PropertyValueSpecification","valueRequired":true,"valueName":"search_term_string"}}],"inLanguage":"tr"},{"@type":"Organization","@id":"https:\/\/www.hnhlcrane.com\/#organization","name":"Vin\u00e7 Par\u00e7alar\u0131 Tedarik\u00e7isi-HL Crame","url":"https:\/\/www.hnhlcrane.com\/","logo":{"@type":"ImageObject","inLanguage":"tr","@id":"https:\/\/www.hnhlcrane.com\/#\/schema\/logo\/image\/","url":"https:\/\/www.hnhlcrane.com\/wp-content\/uploads\/2024\/09\/logo6-1-e1733899395598.png","contentUrl":"https:\/\/www.hnhlcrane.com\/wp-content\/uploads\/2024\/09\/logo6-1-e1733899395598.png","width":1000,"height":282,"caption":"Crane Parts Supplier-HL Crame"},"image":{"@id":"https:\/\/www.hnhlcrane.com\/#\/schema\/logo\/image\/"}}]}},"_links":{"self":[{"href":"https:\/\/www.hnhlcrane.com\/tr\/wp-json\/wp\/v2\/product\/5444","targetHints":{"allow":["GET"]}}],"collection":[{"href":"https:\/\/www.hnhlcrane.com\/tr\/wp-json\/wp\/v2\/product"}],"about":[{"href":"https:\/\/www.hnhlcrane.com\/tr\/wp-json\/wp\/v2\/types\/product"}],"version-history":[{"count":2,"href":"https:\/\/www.hnhlcrane.com\/tr\/wp-json\/wp\/v2\/product\/5444\/revisions"}],"predecessor-version":[{"id":6967,"href":"https:\/\/www.hnhlcrane.com\/tr\/wp-json\/wp\/v2\/product\/5444\/revisions\/6967"}],"wp:featuredmedia":[{"embeddable":true,"href":"https:\/\/www.hnhlcrane.com\/tr\/wp-json\/wp\/v2\/media\/5445"}],"wp:attachment":[{"href":"https:\/\/www.hnhlcrane.com\/tr\/wp-json\/wp\/v2\/media?parent=5444"}],"wp:term":[{"taxonomy":"product_brand","embeddable":true,"href":"https:\/\/www.hnhlcrane.com\/tr\/wp-json\/wp\/v2\/product_brand?post=5444"},{"taxonomy":"product_cat","embeddable":true,"href":"https:\/\/www.hnhlcrane.com\/tr\/wp-json\/wp\/v2\/product_cat?post=5444"},{"taxonomy":"product_tag","embeddable":true,"href":"https:\/\/www.hnhlcrane.com\/tr\/wp-json\/wp\/v2\/product_tag?post=5444"}],"curies":[{"name":"wp","href":"https:\/\/api.w.org\/{rel}","templated":true}]}}