{"id":4915,"date":"2024-11-08T16:24:37","date_gmt":"2024-11-08T08:24:37","guid":{"rendered":"https:\/\/www.hnhlcrane.com\/?post_type=product&#038;p=4915"},"modified":"2025-09-20T22:33:08","modified_gmt":"2025-09-20T14:33:08","slug":"vinc-fren-tekerlegi-kaplini","status":"publish","type":"product","link":"https:\/\/www.hnhlcrane.com\/tr\/product\/vinc-fren-tekerlegi-kaplini\/","title":{"rendered":"Vin\u00e7 fren tekerle\u011fi kaplini"},"content":{"rendered":"<p>Vin\u00e7 fren tekerle\u011fi kaplini, bir vincin tahrik ve tahrik edilen \u015faftlar\u0131n\u0131 ba\u011flamak i\u00e7in kullan\u0131lan kritik bir mekanik bile\u015fendir ve torku iletmek i\u00e7in birlikte d\u00f6nmelerini sa\u011flar. Bu kaplin yaln\u0131zca g\u00fc\u00e7 ve hareket iletme rol\u00fcn\u00fc oynamakla kalmaz, ayn\u0131 zamanda ba\u011fl\u0131 makinelere a\u015f\u0131r\u0131 y\u00fck binmesini \u00f6nlemek i\u00e7in bir seviye a\u015f\u0131r\u0131 y\u00fck korumas\u0131 da sa\u011flar. Vin\u00e7 \u00e7al\u0131\u015fmas\u0131 s\u0131ras\u0131nda fren tekerle\u011fi kaplini, kald\u0131rma i\u015flemlerinin g\u00fcvenli\u011fini ve verimlili\u011fini sa\u011flamada hayati bir i\u015flev g\u00f6r\u00fcr.<\/p>\n<p>Tasarlarken ve \u00fcretirken<a href=\"https:\/\/www.hnhlcrane.com\/tr\/urunler\/vinc-baglantisi\/\" target=\"_blank\" rel=\"noopener\"> vin\u00e7 fren tekerle\u011fi kaplini<\/a>performans\u0131n\u0131 ve g\u00fcvenilirli\u011fini garanti etmek i\u00e7in \u00e7e\u015fitli fakt\u00f6rler g\u00f6z \u00f6n\u00fcnde bulundurulur. \u0130lk olarak, kald\u0131rma i\u015flemleri s\u0131ras\u0131nda \u00fcretilen \u00f6nemli torka dayanmal\u0131 ve ayn\u0131 zamanda dayan\u0131kl\u0131 ve stabil olmal\u0131d\u0131r. Ayr\u0131ca, vin\u00e7lerin kar\u015f\u0131la\u015ft\u0131\u011f\u0131 benzersiz \u00e7al\u0131\u015fma ko\u015fullar\u0131 nedeniyle, bu kaplin \u00e7e\u015fitli karma\u015f\u0131k \u00e7al\u0131\u015fma ortamlar\u0131na uyum sa\u011flamak i\u00e7in m\u00fckemmel a\u015f\u0131nma direnci ve korozyon direncine ihtiya\u00e7 duyar.<\/p>\n<p>Bir fren tekerle\u011fi kaplini se\u00e7erken ve kullan\u0131rken, y\u00fck boyutu ve yap\u0131s\u0131, \u015faft hizalamas\u0131 ve \u00e7al\u0131\u015fma ortam\u0131 dahil olmak \u00fczere bir\u00e7ok fakt\u00f6r\u00fc g\u00f6z \u00f6n\u00fcnde bulundurmak \u00f6nemlidir. \u00d6rne\u011fin, y\u00fck\u00fcn sabit oldu\u011fu ve \u015faftlar\u0131n tam olarak hizaland\u0131\u011f\u0131 durumlarda rijit bir kaplin uygun olabilir. Bununla birlikte, b\u00fcy\u00fck y\u00fck dalgalanmalar\u0131n\u0131n veya s\u0131k s\u0131k ba\u015flatma ve durdurma i\u015flemlerinin oldu\u011fu senaryolarda, yast\u0131klama ve titre\u015fim s\u00f6n\u00fcmleme elemanlar\u0131na sahip esnek bir kaplin tercih edilir. Ayr\u0131ca, uygun olmayan malzeme ve yap\u0131lar\u0131n se\u00e7ilmesinden ka\u00e7\u0131nmak i\u00e7in y\u00fcksek veya d\u00fc\u015f\u00fck s\u0131cakl\u0131klar veya ya\u011f, asit veya alkalilerin varl\u0131\u011f\u0131 gibi belirli \u00e7evresel fakt\u00f6rler dikkate al\u0131nmal\u0131d\u0131r.<\/p>\n<p>\u00d6zetle, fren tekerle\u011fi kaplini bir vin\u00e7 sisteminin vazge\u00e7ilmez bir par\u00e7as\u0131d\u0131r ve performans\u0131 ve g\u00fcvenilirli\u011fi vincin g\u00fcvenli \u00e7al\u0131\u015fmas\u0131n\u0131 ve \u00e7al\u0131\u015fma verimlili\u011fini do\u011frudan etkiler. Bu nedenle, do\u011fru kaplin tipinin se\u00e7ilmesi ve kullan\u0131lmas\u0131 \u00e7ok \u00f6nemlidir.<\/p>\n<p><img fetchpriority=\"high\" decoding=\"async\" class=\"wp-image-4929 alignleft\" src=\"https:\/\/www.hnhlcrane.com\/wp-content\/uploads\/2024\/11\/Crane-brake-wheel-coupling-300x204.jpg\" alt=\"\" width=\"1101\" height=\"748\" srcset=\"https:\/\/www.hnhlcrane.com\/wp-content\/uploads\/2024\/11\/Crane-brake-wheel-coupling-300x204.jpg 300w, https:\/\/www.hnhlcrane.com\/wp-content\/uploads\/2024\/11\/Crane-brake-wheel-coupling-768x523.jpg 768w, https:\/\/www.hnhlcrane.com\/wp-content\/uploads\/2024\/11\/Crane-brake-wheel-coupling-600x409.jpg 600w\" sizes=\"(max-width: 1101px) 100vw, 1101px\" \/><\/p>","protected":false},"excerpt":{"rendered":"<p><strong>Vin\u00e7 Fren Tekerle\u011fi Kaplin Parametreleri:<\/strong><\/p>\n<ul>\n<li><strong>\u0130zin Verilen Maksimum Tork:<\/strong> 630 Nm ila 125.000 Nm<\/li>\n<li><strong>Maksimum H\u0131z:<\/strong> 4000 rpm ila 950 rpm<\/li>\n<li><strong>Fren Tekerle\u011fi \u00c7ap\u0131:<\/strong> \u2205160, \u2205200, \u2205250, \u2205300, \u2205315, \u2205400, \u2205500, \u2205600, \u2205630, \u2205700, \u2205800<\/li>\n<li><strong>Kaplin Malzemesi:<\/strong> ZG430-640, 45 \u00e7elik<\/li>\n<li><strong>Kaplin Tipi:<\/strong> Yar\u0131m di\u015fli kaplinli fren tekerle\u011fi<\/li>\n<li><strong>\u00d6zel Se\u00e7enekler:<\/strong> Kendi \u00e7izimlerinizi sa\u011flayabilirsiniz ve belirtilen boyutlara g\u00f6re \u00fcretim yapaca\u011f\u0131z.<\/li>\n<\/ul>","protected":false},"featured_media":4969,"template":"","meta":{"_kad_post_transparent":"default","_kad_post_title":"","_kad_post_layout":"default","_kad_post_sidebar_id":"","_kad_post_content_style":"default","_kad_post_vertical_padding":"show","_kad_post_feature":"","_kad_post_feature_position":"","_kad_post_header":false,"_kad_post_footer":false},"product_brand":[],"product_cat":[54],"product_tag":[131,135,127,132,126,73,129,121,128,72,124,130,125,134,123,122,133],"class_list":{"0":"post-4915","1":"product","2":"type-product","3":"status-publish","4":"has-post-thumbnail","6":"product_cat-crane-coupling","7":"product_tag-brake-wheel-drum-gear-coupling","8":"product_tag-brake-wheel-plum-elastic-coupling","9":"product_tag-cardan-coupling","10":"product_tag-cardan-shaft-coupling","11":"product_tag-coupling-manufacturer","12":"product_tag-crane-accessories","13":"product_tag-crane-brake-wheel-coupling","14":"product_tag-crane-coupling","15":"product_tag-crane-gear-couplings","16":"product_tag-crane-parts","17":"product_tag-disc-couplings","18":"product_tag-drum-gear-couplings","19":"product_tag-fluid-couplings","20":"product_tag-plum-blossom-elastic-coupling","21":"product_tag-power-transmission-couplings","22":"product_tag-shaft-couplings","23":"product_tag-wzl-drum-coupling","25":"first","26":"instock","27":"shipping-taxable","28":"product-type-simple","29":"entry","30":"content-bg","31":"loop-entry"},"yoast_head":"<!-- This site is optimized with the Yoast SEO plugin v25.6 - https:\/\/yoast.com\/wordpress\/plugins\/seo\/ -->\n<title>Crane Brake Wheel Coupling | Buy Durable &amp; Reliable Crane Parts<\/title>\n<meta name=\"description\" content=\"Buy durable crane brake wheel coupling for overhead and gantry cranes. HLCRANE ensures smooth braking and long-lasting performance.\" \/>\n<meta name=\"robots\" content=\"index, follow, max-snippet:-1, max-image-preview:large, max-video-preview:-1\" \/>\n<link rel=\"canonical\" href=\"https:\/\/www.hnhlcrane.com\/tr\/product\/vinc-fren-tekerlegi-kaplini\/\" \/>\n<meta property=\"og:locale\" content=\"tr_TR\" \/>\n<meta property=\"og:type\" content=\"article\" \/>\n<meta property=\"og:title\" content=\"Crane Brake Wheel Coupling | Buy Durable &amp; Reliable Crane Parts\" \/>\n<meta property=\"og:description\" content=\"Buy durable crane brake wheel coupling for overhead and gantry cranes. HLCRANE ensures smooth braking and long-lasting performance.\" \/>\n<meta property=\"og:url\" content=\"https:\/\/www.hnhlcrane.com\/tr\/product\/vinc-fren-tekerlegi-kaplini\/\" \/>\n<meta property=\"og:site_name\" content=\"Crane Parts Supplier-HL Crame\" \/>\n<meta property=\"article:modified_time\" content=\"2025-09-20T14:33:08+00:00\" \/>\n<meta property=\"og:image\" content=\"https:\/\/www.hnhlcrane.com\/wp-content\/uploads\/2024\/11\/Brake-wheel-drum-gear-coupling-1.jpg\" \/>\n\t<meta property=\"og:image:width\" content=\"600\" \/>\n\t<meta property=\"og:image:height\" content=\"600\" \/>\n\t<meta property=\"og:image:type\" content=\"image\/jpeg\" \/>\n<meta name=\"twitter:card\" content=\"summary_large_image\" \/>\n<meta name=\"twitter:label1\" content=\"Tahmini okuma s\u00fcresi\" \/>\n\t<meta name=\"twitter:data1\" content=\"2 dakika\" \/>\n<script type=\"application\/ld+json\" class=\"yoast-schema-graph\">{\"@context\":\"https:\/\/schema.org\",\"@graph\":[{\"@type\":\"WebPage\",\"@id\":\"https:\/\/www.hnhlcrane.com\/product\/crane-brake-wheel-coupling\/\",\"url\":\"https:\/\/www.hnhlcrane.com\/product\/crane-brake-wheel-coupling\/\",\"name\":\"Crane Brake Wheel Coupling | Buy Durable & Reliable Crane Parts\",\"isPartOf\":{\"@id\":\"https:\/\/www.hnhlcrane.com\/#website\"},\"primaryImageOfPage\":{\"@id\":\"https:\/\/www.hnhlcrane.com\/product\/crane-brake-wheel-coupling\/#primaryimage\"},\"image\":{\"@id\":\"https:\/\/www.hnhlcrane.com\/product\/crane-brake-wheel-coupling\/#primaryimage\"},\"thumbnailUrl\":\"https:\/\/www.hnhlcrane.com\/wp-content\/uploads\/2024\/11\/Brake-wheel-drum-gear-coupling-1.jpg\",\"datePublished\":\"2024-11-08T08:24:37+00:00\",\"dateModified\":\"2025-09-20T14:33:08+00:00\",\"description\":\"Buy durable crane brake wheel coupling for overhead and gantry cranes. HLCRANE ensures smooth braking and long-lasting performance.\",\"breadcrumb\":{\"@id\":\"https:\/\/www.hnhlcrane.com\/product\/crane-brake-wheel-coupling\/#breadcrumb\"},\"inLanguage\":\"tr\",\"potentialAction\":[{\"@type\":\"ReadAction\",\"target\":[\"https:\/\/www.hnhlcrane.com\/product\/crane-brake-wheel-coupling\/\"]}]},{\"@type\":\"ImageObject\",\"inLanguage\":\"tr\",\"@id\":\"https:\/\/www.hnhlcrane.com\/product\/crane-brake-wheel-coupling\/#primaryimage\",\"url\":\"https:\/\/www.hnhlcrane.com\/wp-content\/uploads\/2024\/11\/Brake-wheel-drum-gear-coupling-1.jpg\",\"contentUrl\":\"https:\/\/www.hnhlcrane.com\/wp-content\/uploads\/2024\/11\/Brake-wheel-drum-gear-coupling-1.jpg\",\"width\":600,\"height\":600},{\"@type\":\"BreadcrumbList\",\"@id\":\"https:\/\/www.hnhlcrane.com\/product\/crane-brake-wheel-coupling\/#breadcrumb\",\"itemListElement\":[{\"@type\":\"ListItem\",\"position\":1,\"name\":\"home\",\"item\":\"https:\/\/www.hnhlcrane.com\/\"},{\"@type\":\"ListItem\",\"position\":2,\"name\":\"products\",\"item\":\"https:\/\/www.hnhlcrane.com\/products\/\"},{\"@type\":\"ListItem\",\"position\":3,\"name\":\"Crane brake wheel coupling\"}]},{\"@type\":\"WebSite\",\"@id\":\"https:\/\/www.hnhlcrane.com\/#website\",\"url\":\"https:\/\/www.hnhlcrane.com\/\",\"name\":\"Crane Parts Supplier-HL Crame\",\"description\":\"One-stop solution for all your  crane parts needs,Crane Hook,Crane Drum,Crane Wheel,Crane Coupling,Crane Gearbox,Crane Motor,Crane Brake,Special Crane Spreader,Crane grab,Container spreader,Billet crane clamps,Crane C-type spreader,Lifting Electromagnet,Crane Rail Clips,Electric Hoist,FEM Standard Crane End Carriages,Light Crane Parts,Workstation Crane Parts,Crane Electrical Parts,I-beam cable trolley,Crane remote controller,Crane electrical control cabinet,Crane limit switch,Crane sound and light alarm,Heavy Duty Aviation Connector,Crane overload limiter,China Crane Parts Supplier,Crane hooks,Gantry crane hook,Crane accessories,Forged hook,hook processing,Hook manufacturer,China standard crane hook,electric hoist hook,Crane pulley,Hook pulley,Rolled pulley,Crane Pulley Supplier\uff0cEuropean hook pulley,Gantry crane hook pulley,WZL type crane drum,European style reel set,Crane reel,crane parts,Drum processing,crane drum manufacturer,Cast steel drum,Electric hoist drum,Crane drum assembly,DRS Wheel Blocks,European crane wheel,Forged wheels,Active wheel set,Driving wheel set,Driven wheel group,crane wheels manufacturer,Demag crane wheels,Konecranes Crane Wheels,Overhead crane Wheel,Shaft couplings,Power Transmission Couplings,Disc Couplings,Fluid couplings,Coupling manufacturer\uff0cCardan coupling,Crane Reducer,Crane Decelerators,Reducer gearbox,Reducer for crane,Gear Reducer For Crane,Hard tooth surface reducerCrane and hoist reducer,Flender reducer,Reducer manufacturer,ZQ reducer,QJ reducer,QJY reducer,Gear Motors,Konecranes reducer,F series three-in-one reducer,K series three-in-one reducer,travelling machinery,Travelling Motor With Gear,Gear Motor for Crane Traveling,Travelling machinery Frequency inverter motors,FEM standard Gear Motors,Crane motors,Inverter motors,Hoist motors,motorCrane duty motors,Special motor for crane,YZR YZP YZ series motors,Crane and hoist motor,Frequency conversion motor,Electro hydraulic drum brakes,Electro-hydraulic disc brakes,Brake,Overhead Crane Brakes,Disc brakes,Electromagnetic disk brake,Crane hydraulic disc brake,Brakes manufacturer,crane Safety brakes,Singlr rope grab,Four rope grab,Electro-hydraulic multi-flap grab,Orange peel grab,Electric motor grab,Electro-Hydraulicclamshell grab,grab manufacturers,Container spreader manufacturers,20ft Container Spreader,Semi Automatic container spreader,40ft Container Lifting Frame,TEC container Spreader,Billet lifting clamp,Billet Clamps,Billet crane clamps manufacturer,billet lifting clamps china supplier,Coil C-Type Hook,coil hook,Overhead Crane Steel Coil C-Type Hook,Crane C-hook,C-type spreader,C-type hook,Crane magnets,Rail fixing device,Crane Rail fixing device,crane Rail Clamp,CD\/MD Wire Rope Electric Hoist,Wire Rope Electric Hoist China Manufacturer,Single Girder Wire Rope Electric Hoist,Double Girder Wire Rope Electric Hoist,Chain Hoist,Electric chain hoist manufacturer,Electric chain hoist China distributor,European wire rope electric hoist\uff0cEuropean double beam wire rope electric hoist,European Style Single Beam Crane End Carriage,FEN\/DIN European Style Single Beam Crane End Carriage,Crane end beam manufacturers,European style hoist double beam crane end beam,Suspension crane end beam,European style suspended single beam crane end beam,FEN\/DIN Suspension crane end beam,crane cable trolley,Wireless remote control,remote controller,Crane control handle,Crane Controls,electrical control cabinet,crane control cabinet,Limit switch,Sound and light alarm,Aviation plug,quick connector,Crane aviation plug,Overload limiter\",\"publisher\":{\"@id\":\"https:\/\/www.hnhlcrane.com\/#organization\"},\"potentialAction\":[{\"@type\":\"SearchAction\",\"target\":{\"@type\":\"EntryPoint\",\"urlTemplate\":\"https:\/\/www.hnhlcrane.com\/?s={search_term_string}\"},\"query-input\":{\"@type\":\"PropertyValueSpecification\",\"valueRequired\":true,\"valueName\":\"search_term_string\"}}],\"inLanguage\":\"tr\"},{\"@type\":\"Organization\",\"@id\":\"https:\/\/www.hnhlcrane.com\/#organization\",\"name\":\"Crane Parts Supplier-HL Crame\",\"url\":\"https:\/\/www.hnhlcrane.com\/\",\"logo\":{\"@type\":\"ImageObject\",\"inLanguage\":\"tr\",\"@id\":\"https:\/\/www.hnhlcrane.com\/#\/schema\/logo\/image\/\",\"url\":\"https:\/\/www.hnhlcrane.com\/wp-content\/uploads\/2024\/09\/logo6-1-e1733899395598.png\",\"contentUrl\":\"https:\/\/www.hnhlcrane.com\/wp-content\/uploads\/2024\/09\/logo6-1-e1733899395598.png\",\"width\":1000,\"height\":282,\"caption\":\"Crane Parts Supplier-HL Crame\"},\"image\":{\"@id\":\"https:\/\/www.hnhlcrane.com\/#\/schema\/logo\/image\/\"}}]}<\/script>\n<!-- \/ Yoast SEO plugin. -->","yoast_head_json":{"title":"Vin\u00e7 Fren Tekerle\u011fi Kaplini | Dayan\u0131kl\u0131 ve G\u00fcvenilir Vin\u00e7 Par\u00e7alar\u0131 Sat\u0131n Al\u0131n","description":"Gezer ve portal vin\u00e7ler i\u00e7in dayan\u0131kl\u0131 vin\u00e7 fren tekerle\u011fi kaplini sat\u0131n al\u0131n. HLCRANE yumu\u015fak frenleme ve uzun \u00f6m\u00fcrl\u00fc performans sa\u011flar.","robots":{"index":"index","follow":"follow","max-snippet":"max-snippet:-1","max-image-preview":"max-image-preview:large","max-video-preview":"max-video-preview:-1"},"canonical":"https:\/\/www.hnhlcrane.com\/tr\/product\/vinc-fren-tekerlegi-kaplini\/","og_locale":"tr_TR","og_type":"article","og_title":"Crane Brake Wheel Coupling | Buy Durable & Reliable Crane Parts","og_description":"Buy durable crane brake wheel coupling for overhead and gantry cranes. HLCRANE ensures smooth braking and long-lasting performance.","og_url":"https:\/\/www.hnhlcrane.com\/tr\/product\/vinc-fren-tekerlegi-kaplini\/","og_site_name":"Crane Parts Supplier-HL Crame","article_modified_time":"2025-09-20T14:33:08+00:00","og_image":[{"width":600,"height":600,"url":"https:\/\/www.hnhlcrane.com\/wp-content\/uploads\/2024\/11\/Brake-wheel-drum-gear-coupling-1.jpg","type":"image\/jpeg"}],"twitter_card":"summary_large_image","twitter_misc":{"Tahmini okuma s\u00fcresi":"2 dakika"},"schema":{"@context":"https:\/\/schema.org","@graph":[{"@type":"WebPage","@id":"https:\/\/www.hnhlcrane.com\/product\/crane-brake-wheel-coupling\/","url":"https:\/\/www.hnhlcrane.com\/product\/crane-brake-wheel-coupling\/","name":"Vin\u00e7 Fren Tekerle\u011fi Kaplini | Dayan\u0131kl\u0131 ve G\u00fcvenilir Vin\u00e7 Par\u00e7alar\u0131 Sat\u0131n Al\u0131n","isPartOf":{"@id":"https:\/\/www.hnhlcrane.com\/#website"},"primaryImageOfPage":{"@id":"https:\/\/www.hnhlcrane.com\/product\/crane-brake-wheel-coupling\/#primaryimage"},"image":{"@id":"https:\/\/www.hnhlcrane.com\/product\/crane-brake-wheel-coupling\/#primaryimage"},"thumbnailUrl":"https:\/\/www.hnhlcrane.com\/wp-content\/uploads\/2024\/11\/Brake-wheel-drum-gear-coupling-1.jpg","datePublished":"2024-11-08T08:24:37+00:00","dateModified":"2025-09-20T14:33:08+00:00","description":"Gezer ve portal vin\u00e7ler i\u00e7in dayan\u0131kl\u0131 vin\u00e7 fren tekerle\u011fi kaplini sat\u0131n al\u0131n. HLCRANE yumu\u015fak frenleme ve uzun \u00f6m\u00fcrl\u00fc performans sa\u011flar.","breadcrumb":{"@id":"https:\/\/www.hnhlcrane.com\/product\/crane-brake-wheel-coupling\/#breadcrumb"},"inLanguage":"tr","potentialAction":[{"@type":"ReadAction","target":["https:\/\/www.hnhlcrane.com\/product\/crane-brake-wheel-coupling\/"]}]},{"@type":"ImageObject","inLanguage":"tr","@id":"https:\/\/www.hnhlcrane.com\/product\/crane-brake-wheel-coupling\/#primaryimage","url":"https:\/\/www.hnhlcrane.com\/wp-content\/uploads\/2024\/11\/Brake-wheel-drum-gear-coupling-1.jpg","contentUrl":"https:\/\/www.hnhlcrane.com\/wp-content\/uploads\/2024\/11\/Brake-wheel-drum-gear-coupling-1.jpg","width":600,"height":600},{"@type":"BreadcrumbList","@id":"https:\/\/www.hnhlcrane.com\/product\/crane-brake-wheel-coupling\/#breadcrumb","itemListElement":[{"@type":"ListItem","position":1,"name":"home","item":"https:\/\/www.hnhlcrane.com\/"},{"@type":"ListItem","position":2,"name":"products","item":"https:\/\/www.hnhlcrane.com\/products\/"},{"@type":"ListItem","position":3,"name":"Crane brake wheel coupling"}]},{"@type":"WebSite","@id":"https:\/\/www.hnhlcrane.com\/#website","url":"https:\/\/www.hnhlcrane.com\/","name":"Vin\u00e7 Par\u00e7alar\u0131 Tedarik\u00e7isi-HL Crame","description":"T\u00fcm vin\u00e7 par\u00e7alar\u0131 ihtiya\u00e7lar\u0131n\u0131z i\u00e7in tek noktadan \u00e7\u00f6z\u00fcm, Vin\u00e7 Kancas\u0131, Vin\u00e7 Tamburu, Vin\u00e7 Tekerle\u011fi, Vin\u00e7 Kaplini, Vin\u00e7 \u015eanz\u0131man\u0131, Vin\u00e7 Motoru, Vin\u00e7 Freni, \u00d6zel Vin\u00e7 Serpme Makinesi, Vin\u00e7 kep\u00e7esi, Konteyner serpme makinesi, K\u00fct\u00fck vin\u00e7 kelep\u00e7eleri, Vin\u00e7 C tipi serpme makinesi,Kald\u0131rma Elektrom\u0131knat\u0131s\u0131, Vin\u00e7 Ray Klipsleri, Elektrikli Vin\u00e7, FEM Standart Vin\u00e7 U\u00e7 Ta\u015f\u0131y\u0131c\u0131lar\u0131, Hafif Vin\u00e7 Par\u00e7alar\u0131, \u0130\u015f \u0130stasyonu Vin\u00e7 Par\u00e7alar\u0131, Vin\u00e7 Elektrik Par\u00e7alar\u0131, I-kiri\u015f kablo arabas\u0131, Vin\u00e7 uzaktan kumandas\u0131, Vin\u00e7 elektrik kontrol kabini,Vin\u00e7 limit anahtar\u0131, Vin\u00e7 ses ve \u0131\u015f\u0131k alarm\u0131, A\u011f\u0131r Hizmet Havac\u0131l\u0131k Konekt\u00f6r\u00fc, Vin\u00e7 a\u015f\u0131r\u0131 y\u00fck s\u0131n\u0131rlay\u0131c\u0131, \u00c7in Vin\u00e7 Par\u00e7alar\u0131 Tedarik\u00e7isi, Vin\u00e7 kancalar\u0131, Portal vin\u00e7 kancas\u0131, Vin\u00e7 aksesuarlar\u0131, D\u00f6vme kanca, kanca i\u015fleme, Kanca \u00fcreticisi, \u00c7in standart vin\u00e7 kancas\u0131, elektrikli vin\u00e7 kancas\u0131, Vin\u00e7 kasna\u011f\u0131, Kanca kasna\u011f\u0131, Haddelenmi\u015f kasnak, Vin\u00e7 Kasna\u011f\u0131 Tedarik\u00e7isi \uff0c Avrupa kanca kasna\u011f\u0131, Portal vin\u00e7 kancas\u0131 kasna\u011f\u0131, WZL tipi vin\u00e7 tamburu, Avrupa tarz\u0131 makara seti, Vin\u00e7 makaras\u0131,vin\u00e7 par\u00e7alar\u0131, Tambur i\u015fleme, vin\u00e7 tamburu \u00fcreticisi, D\u00f6kme \u00e7elik tambur, Elektrikli vin\u00e7 tamburu, Vin\u00e7 tamburu montaj\u0131, DRS Tekerlek Bloklar\u0131, Avrupa vin\u00e7 tekerle\u011fi, D\u00f6vme tekerlekler, Aktif tekerlek seti, Tahrik tekerle\u011fi seti, Tahrikli tekerlek grubu, vin\u00e7 tekerlekleri \u00fcreticisi, Demag vin\u00e7 tekerlekleri, Konecranes Vin\u00e7 Tekerlekleri, Gezer vin\u00e7 Tekerle\u011fi, \u015eaft kaplinleri, G\u00fc\u00e7 Aktarma Kaplinleri, Disk Kaplinleri, Ak\u0131\u015fkan kaplinleri, Kaplin \u00fcreticisi \uff0c Kardan kaplin, Vin\u00e7 Red\u00fckt\u00f6r\u00fc,Vin\u00e7 Yava\u015flat\u0131c\u0131lar\u0131, Red\u00fckt\u00f6r di\u015fli kutusu, Vin\u00e7 i\u00e7in red\u00fckt\u00f6r, Vin\u00e7 i\u00e7in Di\u015fli Red\u00fckt\u00f6r, Sert di\u015f y\u00fczey red\u00fckt\u00f6r\u00fc Vin\u00e7 ve kald\u0131rma red\u00fckt\u00f6r\u00fc, Flender red\u00fckt\u00f6r, Red\u00fckt\u00f6r \u00fcreticisi, ZQ red\u00fckt\u00f6r, QJ red\u00fckt\u00f6r, QJY red\u00fckt\u00f6r, Di\u015fli Motorlar\u0131, Konecranes red\u00fckt\u00f6r,F serisi \u00fc\u00e7\u00fc bir arada red\u00fckt\u00f6r, K serisi \u00fc\u00e7\u00fc bir arada red\u00fckt\u00f6r, seyahat makineleri, Di\u015fli ile Seyahat Motoru, Vin\u00e7 Seyahati i\u00e7in Di\u015fli Motoru, Seyahat makineleri Frekans invert\u00f6r motorlar\u0131, FEM standart Di\u015fli Motorlar\u0131, Vin\u00e7 motorlar\u0131,\u0130nvert\u00f6r motorlar\u0131, Vin\u00e7 motorlar\u0131, motorVin\u00e7 g\u00f6rev motorlar\u0131, Vin\u00e7 i\u00e7in \u00f6zel motor, YZR YZP YZ serisi motorlar, Vin\u00e7 ve kald\u0131rma motoru, Frekans d\u00f6n\u00fc\u015ft\u00fcrme motoru, Elektro hidrolik kampana frenler, Elektro-hidrolik disk frenler, Fren, Gezer Vin\u00e7 Frenleri, Disk frenler, Elektromanyetik disk fren, Vin\u00e7 hidrolik disk fren, Fren \u00fcreticisi, vin\u00e7 G\u00fcvenlik frenleri, Tek halatl\u0131 kep\u00e7e, D\u00f6rt halatl\u0131 kep\u00e7e, Elektro-hidrolik \u00e7ok kanatl\u0131 kep\u00e7e, Portakal kabu\u011fu kep\u00e7e, Elektrikli motor kep\u00e7e,Elektro-Hidrolik kapakl\u0131 kep\u00e7e, kep\u00e7e \u00fcreticileri, Konteyner serpme \u00fcreticileri, 20ft Konteyner Serpme Makinesi, Yar\u0131 Otomatik konteyner serpme makinesi, 40ft Konteyner Kald\u0131rma \u00c7er\u00e7evesi, TEC konteyner Serpme Makinesi, K\u00fct\u00fck kald\u0131rma kelep\u00e7esi, K\u00fct\u00fck Kelep\u00e7eler, K\u00fct\u00fck vin\u00e7 kelep\u00e7eleri \u00fcreticisi, k\u00fct\u00fck kald\u0131rma kelep\u00e7eleri \u00e7in tedarik\u00e7isi, Bobin C-Tipi Kanca, bobin kancas\u0131, Gezer Vin\u00e7 \u00c7elik Bobin C-Tipi Kanca, Vin\u00e7 C kancas\u0131, C tipi serpme makinesi, C tipi kanca, Vin\u00e7 m\u0131knat\u0131slar\u0131, Ray sabitleme cihaz\u0131,Vin\u00e7 Ray sabitleme cihaz\u0131, vin\u00e7 Ray Kelep\u00e7esi, CD \/ MD Tel Halatl\u0131 Elektrikli Vin\u00e7, Tel Halatl\u0131 Elektrikli Vin\u00e7 \u00c7in \u00dcretici, Tek Kiri\u015fli Tel Halatl\u0131 Elektrikli Vin\u00e7, \u00c7ift Kiri\u015fli Tel Halatl\u0131 Elektrikli Vin\u00e7, Zincirli Vin\u00e7, Elektrikli zincirli vin\u00e7 \u00fcreticisi, Elektrikli zincirli vin\u00e7 \u00c7in distrib\u00fct\u00f6r\u00fc, Avrupa tel halatl\u0131 elektrikli vin\u00e7 \uff0c Avrupa \u00e7ift kiri\u015fli tel halatl\u0131 elektrikli vin\u00e7, Avrupa Tarz\u0131 Tek Kiri\u015fli Vin\u00e7 U\u00e7 Ta\u015f\u0131y\u0131c\u0131, FEN \/ DIN Avrupa Tarz\u0131 Tek Kiri\u015fli Vin\u00e7 U\u00e7 Ta\u015f\u0131y\u0131c\u0131,Vin\u00e7 u\u00e7 kiri\u015fi \u00fcreticileri, Avrupa tarz\u0131 kald\u0131rma \u00e7ift kiri\u015fli vin\u00e7 u\u00e7 kiri\u015fi, S\u00fcspansiyonlu vin\u00e7 u\u00e7 kiri\u015fi, Avrupa tarz\u0131 asma tek kiri\u015fli vin\u00e7 u\u00e7 kiri\u015fi, FEN \/ DIN S\u00fcspansiyonlu vin\u00e7 u\u00e7 kiri\u015fi, vin\u00e7 kablo arabas\u0131, Kablosuz uzaktan kumanda, uzaktan kumanda, Vin\u00e7 kontrol kolu, Vin\u00e7 Kontrolleri, elektrik kontrol kabini, vin\u00e7 kontrol kabini, Limit anahtar\u0131, Ses ve \u0131\u015f\u0131k alarm\u0131, Havac\u0131l\u0131k fi\u015fi, h\u0131zl\u0131 konekt\u00f6r, Vin\u00e7 havac\u0131l\u0131k fi\u015fi, A\u015f\u0131r\u0131 y\u00fck s\u0131n\u0131rlay\u0131c\u0131","publisher":{"@id":"https:\/\/www.hnhlcrane.com\/#organization"},"potentialAction":[{"@type":"SearchAction","target":{"@type":"EntryPoint","urlTemplate":"https:\/\/www.hnhlcrane.com\/?s={search_term_string}"},"query-input":{"@type":"PropertyValueSpecification","valueRequired":true,"valueName":"search_term_string"}}],"inLanguage":"tr"},{"@type":"Organization","@id":"https:\/\/www.hnhlcrane.com\/#organization","name":"Vin\u00e7 Par\u00e7alar\u0131 Tedarik\u00e7isi-HL Crame","url":"https:\/\/www.hnhlcrane.com\/","logo":{"@type":"ImageObject","inLanguage":"tr","@id":"https:\/\/www.hnhlcrane.com\/#\/schema\/logo\/image\/","url":"https:\/\/www.hnhlcrane.com\/wp-content\/uploads\/2024\/09\/logo6-1-e1733899395598.png","contentUrl":"https:\/\/www.hnhlcrane.com\/wp-content\/uploads\/2024\/09\/logo6-1-e1733899395598.png","width":1000,"height":282,"caption":"Crane Parts Supplier-HL Crame"},"image":{"@id":"https:\/\/www.hnhlcrane.com\/#\/schema\/logo\/image\/"}}]}},"_links":{"self":[{"href":"https:\/\/www.hnhlcrane.com\/tr\/wp-json\/wp\/v2\/product\/4915","targetHints":{"allow":["GET"]}}],"collection":[{"href":"https:\/\/www.hnhlcrane.com\/tr\/wp-json\/wp\/v2\/product"}],"about":[{"href":"https:\/\/www.hnhlcrane.com\/tr\/wp-json\/wp\/v2\/types\/product"}],"version-history":[{"count":2,"href":"https:\/\/www.hnhlcrane.com\/tr\/wp-json\/wp\/v2\/product\/4915\/revisions"}],"predecessor-version":[{"id":6913,"href":"https:\/\/www.hnhlcrane.com\/tr\/wp-json\/wp\/v2\/product\/4915\/revisions\/6913"}],"wp:featuredmedia":[{"embeddable":true,"href":"https:\/\/www.hnhlcrane.com\/tr\/wp-json\/wp\/v2\/media\/4969"}],"wp:attachment":[{"href":"https:\/\/www.hnhlcrane.com\/tr\/wp-json\/wp\/v2\/media?parent=4915"}],"wp:term":[{"taxonomy":"product_brand","embeddable":true,"href":"https:\/\/www.hnhlcrane.com\/tr\/wp-json\/wp\/v2\/product_brand?post=4915"},{"taxonomy":"product_cat","embeddable":true,"href":"https:\/\/www.hnhlcrane.com\/tr\/wp-json\/wp\/v2\/product_cat?post=4915"},{"taxonomy":"product_tag","embeddable":true,"href":"https:\/\/www.hnhlcrane.com\/tr\/wp-json\/wp\/v2\/product_tag?post=4915"}],"curies":[{"name":"wp","href":"https:\/\/api.w.org\/{rel}","templated":true}]}}