{"id":5740,"date":"2024-12-05T22:42:34","date_gmt":"2024-12-05T14:42:34","guid":{"rendered":"https:\/\/www.hnhlcrane.com\/?post_type=product&#038;p=5740"},"modified":"2025-09-14T23:11:45","modified_gmt":"2025-09-14T15:11:45","slug":"fjarrkontroll-for-kran","status":"publish","type":"product","link":"https:\/\/www.hnhlcrane.com\/sv\/produkt\/fjarrkontroll-for-kran\/","title":{"rendered":"Fj\u00e4rrkontroll f\u00f6r kran"},"content":{"rendered":"<div class=\"flex max-w-full flex-col flex-grow\">\n<div class=\"min-h-8 text-message flex w-full flex-col items-end gap-2 whitespace-normal break-words [.text-message+&amp;]:mt-5\" dir=\"auto\" data-message-author-role=\"assistant\" data-message-id=\"d22886da-3fb2-45fa-876a-33dd54db9fd5\" data-message-model-slug=\"gpt-4o\">\n<div class=\"flex w-full flex-col gap-1 empty:hidden first:pt-[3px]\">\n<div class=\"markdown prose w-full break-words dark:prose-invert light\">\n<h6><strong><span style=\"font-family: arial, helvetica, sans-serif; font-size: 18pt;\">Introduktion till fj\u00e4rrkontroller f\u00f6r kranar<\/span><\/strong><\/h6>\n<p>Den <strong>fj\u00e4rrkontroll f\u00f6r kran<\/strong> \u00e4r en enhet som \u00e4r utformad f\u00f6r att m\u00f6jligg\u00f6ra fj\u00e4rrstyrning av kranar via tr\u00e5dl\u00f6sa signaler och d\u00e4rigenom f\u00f6rb\u00e4ttra driftseffektivitet, s\u00e4kerhet och bekv\u00e4mlighet. F\u00f6r att ge en s\u00f6ml\u00f6s funktionalitet best\u00e5r kranens fj\u00e4rrkontroll i allm\u00e4nhet av tv\u00e5 huvudkomponenter: s\u00e4ndaren och mottagaren. S\u00e4ndaren, som ofta \u00e4r en handh\u00e5llen fj\u00e4rrkontroll, g\u00f6r det m\u00f6jligt f\u00f6r operat\u00f6ren att ge kommandon med hj\u00e4lp av knappar eller joysticks. Samtidigt bearbetar mottagaren, som \u00e4r installerad p\u00e5 kranen, dessa kommandon och driver motsvarande mekanismer f\u00f6r att utf\u00f6ra olika kran\u00e5tg\u00e4rder.<\/p>\n<p>F\u00f6r att b\u00e4ttre f\u00f6rst\u00e5 dess kapacitet, l\u00e5t oss f\u00f6rdjupa oss i de viktigaste funktionerna, prim\u00e4ra funktionerna och viktiga anv\u00e4ndningsf\u00f6rsiktighets\u00e5tg\u00e4rder f\u00f6r kranens fj\u00e4rrkontroll.<\/p>\n<h6><strong><span style=\"font-family: arial, helvetica, sans-serif; font-size: 18pt;\">Viktiga egenskaper hos kranens fj\u00e4rrkontroller<\/span><\/strong><\/h6>\n<ol>\n<li><strong>Tr\u00e5dl\u00f6s drift<\/strong>:<br \/>\nUtan behov av direktkontakt g\u00f6r styrenheten det m\u00f6jligt f\u00f6r operat\u00f6rer att hantera kranar fr\u00e5n ett s\u00e4kert avst\u00e5nd, vilket garanterar b\u00e5de s\u00e4kerhet och bekv\u00e4mlighet.<\/li>\n<li><strong>Anv\u00e4ndarv\u00e4nlighet<\/strong>:<br \/>\nTack vare sin ergonomiska design \u00e4r styrenheten intuitiv och enkel att anv\u00e4nda.<\/li>\n<li><strong>H\u00f6g stabilitet<\/strong>:<br \/>\nNoggrant testad f\u00f6r att s\u00e4kerst\u00e4lla tillf\u00f6rlitlig prestanda i olika arbetsmilj\u00f6er.<\/li>\n<li><strong>F\u00f6rb\u00e4ttrad s\u00e4kerhet<\/strong>:<br \/>\nUtrustad med flera s\u00e4kerhets\u00e5tg\u00e4rder f\u00f6r att f\u00f6rhindra driftfel.<\/li>\n<li><strong>Kontroll p\u00e5 flera niv\u00e5er<\/strong>:<br \/>\nSt\u00f6der justerbara r\u00f6relsehastigheter och krafter baserat p\u00e5 specifika krav.<\/li>\n<li><strong>Precisionskontroll<\/strong>:<br \/>\nAvancerad sensorteknik garanterar mycket exakta operationer.<\/li>\n<li><strong>B\u00e4rbarhet<\/strong>:<br \/>\nKompakt och l\u00e4tt design g\u00f6r styrenheten enkel att b\u00e4ra med sig och anv\u00e4nda.<\/li>\n<\/ol>\n<h6><strong><span style=\"font-family: arial, helvetica, sans-serif; font-size: 18pt;\">Huvudfunktioner f\u00f6r kranens fj\u00e4rrkontroller<\/span><\/strong><\/h6>\n<ol>\n<li><strong>Kontroll av lyft<\/strong>:<br \/>\nOperat\u00f6rerna kan styra kranens lyft- och s\u00e4nkningsr\u00f6relser genom att trycka p\u00e5 de avsedda knapparna p\u00e5 fj\u00e4rrkontrollen.<\/li>\n<li><strong>Teleskopisk kontroll<\/strong>:<br \/>\nJusterar kranens boml\u00e4ngd enkelt med hj\u00e4lp av kontrollknapparna.<\/li>\n<li><strong>Rotationskontroll<\/strong>:<br \/>\nM\u00f6jligg\u00f6r s\u00f6ml\u00f6s kranrotation med hj\u00e4lp av s\u00e4rskilda rotationsreglage.<\/li>\n<li><strong>Extra funktioner<\/strong>:<br \/>\nInneh\u00e5ller funktioner som ljusstyrning och signalhorn f\u00f6r att f\u00f6rb\u00e4ttra k\u00f6rningen i m\u00f6rker eller komplexa milj\u00f6er.<\/li>\n<\/ol>\n<h6><strong><span style=\"font-family: arial, helvetica, sans-serif; font-size: 18pt;\">F\u00f6rsiktighets\u00e5tg\u00e4rder f\u00f6r anv\u00e4ndning av kranens fj\u00e4rrkontroller<\/span><\/strong><\/h6>\n<p>F\u00f6r att garantera s\u00e4kerhet och l\u00e5ng livsl\u00e4ngd b\u00f6r anv\u00e4ndarna f\u00f6lja f\u00f6ljande f\u00f6rsiktighets\u00e5tg\u00e4rder:<\/p>\n<ol>\n<li><strong>F\u00f6rberedelser f\u00f6re drift<\/strong>:<br \/>\nKontrollera att batteriet \u00e4r tillr\u00e4ckligt laddat och bekanta dig med styrenhetens funktioner och knapplayout.<\/li>\n<li><strong>S\u00e4ker drift<\/strong>:<br \/>\nF\u00f6lj s\u00e4kerhetsf\u00f6reskrifterna, var uppm\u00e4rksam och undvik att arbeta i farliga omr\u00e5den.<\/li>\n<li><strong>Vattent\u00e4tning<\/strong>:<br \/>\nAvst\u00e5 fr\u00e5n att anv\u00e4nda styrenheten i fuktiga eller v\u00e5ta milj\u00f6er.<\/li>\n<li><strong>St\u00f6tmotst\u00e5nd<\/strong>:<br \/>\nHantera f\u00f6rsiktigt f\u00f6r att undvika fall eller kraftiga st\u00f6tar.<\/li>\n<li><strong>Signalst\u00f6rningar<\/strong>:<br \/>\nUndvik att anv\u00e4nda styrenheten i n\u00e4rheten av starka elektromagnetiska f\u00e4lt.<\/li>\n<li><strong>Rutinm\u00e4ssig inspektion<\/strong>:<br \/>\nInspektera regelbundet styrenheten f\u00f6r att s\u00e4kerst\u00e4lla att alla funktioner fungerar korrekt.<\/li>\n<\/ol>\n<h6><strong><span style=\"font-family: arial, helvetica, sans-serif; font-size: 18pt;\">Till\u00e4mpningar av fj\u00e4rrkontroller f\u00f6r kranar<\/span><\/strong><\/h6>\n<p>Denna m\u00e5ngsidiga enhet \u00e4r l\u00e4mplig f\u00f6r ett brett spektrum av tekniska scenarier, inklusive modern bygg- och logistikverksamhet. Genom att avsev\u00e4rt f\u00f6rb\u00e4ttra bekv\u00e4mlighet, s\u00e4kerhet och effektivitet har kranens fj\u00e4rrkontroll blivit ett oumb\u00e4rligt verktyg i moderna industrier.<\/p>\n<\/div>\n<\/div>\n<\/div>\n<\/div>\n<p>&nbsp;<\/p>","protected":false},"excerpt":{"rendered":"<h6><strong><span style=\"font-family: arial, helvetica, sans-serif; font-size: 14pt;\">Specifikationer f\u00f6r Crane fj\u00e4rrkontroll<\/span><\/strong><\/h6>\n<ul>\n<li><strong>Modellalternativ<\/strong>: F24-6D, F24-8D, F24-10D, F24-12D, F24-60<\/li>\n<li><strong>Alternativ f\u00f6r knappar<\/strong>: 6, 8, 10, 12 knappar eller joystickstyrning<\/li>\n<li><strong>Skyddsklassning<\/strong>: IP65<\/li>\n<li><strong>Frekvensomr\u00e5de<\/strong>: VHF: 310-331 MHz; UHF: 425-446 MHz<\/li>\n<li><strong>Mottagarens str\u00f6mf\u00f6rs\u00f6rjningsalternativ<\/strong>: 24V, 36V, 220V, 380V (tillval)<\/li>\n<li><strong>Driftstemperatur<\/strong>: -40\u00b0C till +85\u00b0C<\/li>\n<li><strong>Kontrollavst\u00e5nd<\/strong>: Upp till 100 m i \u00f6ppna milj\u00f6er<\/li>\n<\/ul>","protected":false},"featured_media":5741,"template":"","meta":{"_kad_post_transparent":"default","_kad_post_title":"","_kad_post_layout":"default","_kad_post_sidebar_id":"","_kad_post_content_style":"default","_kad_post_vertical_padding":"show","_kad_post_feature":"","_kad_post_feature_position":"","_kad_post_header":false,"_kad_post_footer":false},"product_brand":[],"product_cat":[65],"product_tag":[284,288,290,289],"class_list":{"0":"post-5740","1":"product","2":"type-product","3":"status-publish","4":"has-post-thumbnail","6":"product_cat-crane-electrical-parts","7":"product_tag-crane-electrical-parts","8":"product_tag-crane-remote-controller","9":"product_tag-remote-controller","10":"product_tag-wireless-remote-control","12":"first","13":"instock","14":"shipping-taxable","15":"product-type-simple","16":"entry","17":"content-bg","18":"loop-entry"},"yoast_head":"<!-- This site is optimized with the Yoast SEO plugin v25.6 - https:\/\/yoast.com\/wordpress\/plugins\/seo\/ -->\n<title>Crane remote controller -Wireless remote control,remote controller<\/title>\n<meta name=\"description\" content=\"Our Crane Remote Controllers deliver dependable performance for safe and efficient crane operations, widely used in factories, ports, and warehouses.\" \/>\n<meta name=\"robots\" content=\"index, follow, max-snippet:-1, max-image-preview:large, max-video-preview:-1\" \/>\n<link rel=\"canonical\" href=\"https:\/\/www.hnhlcrane.com\/sv\/produkt\/fjarrkontroll-for-kran\/\" \/>\n<meta property=\"og:locale\" content=\"sv_SE\" \/>\n<meta property=\"og:type\" content=\"article\" \/>\n<meta property=\"og:title\" content=\"Crane remote controller -Wireless remote control,remote controller\" \/>\n<meta property=\"og:description\" content=\"Our Crane Remote Controllers deliver dependable performance for safe and efficient crane operations, widely used in factories, ports, and warehouses.\" \/>\n<meta property=\"og:url\" content=\"https:\/\/www.hnhlcrane.com\/sv\/produkt\/fjarrkontroll-for-kran\/\" \/>\n<meta property=\"og:site_name\" content=\"Crane Parts Supplier-HL Crame\" \/>\n<meta property=\"article:modified_time\" content=\"2025-09-14T15:11:45+00:00\" \/>\n<meta property=\"og:image\" content=\"https:\/\/www.hnhlcrane.com\/wp-content\/uploads\/2024\/12\/Crane-remote-controller-1.jpg\" \/>\n\t<meta property=\"og:image:width\" content=\"600\" \/>\n\t<meta property=\"og:image:height\" content=\"600\" \/>\n\t<meta property=\"og:image:type\" content=\"image\/jpeg\" \/>\n<meta name=\"twitter:card\" content=\"summary_large_image\" \/>\n<meta name=\"twitter:label1\" content=\"Ber\u00e4knad l\u00e4stid\" \/>\n\t<meta name=\"twitter:data1\" content=\"3 minuter\" \/>\n<script type=\"application\/ld+json\" class=\"yoast-schema-graph\">{\"@context\":\"https:\/\/schema.org\",\"@graph\":[{\"@type\":\"WebPage\",\"@id\":\"https:\/\/www.hnhlcrane.com\/product\/crane-remote-controller\/\",\"url\":\"https:\/\/www.hnhlcrane.com\/product\/crane-remote-controller\/\",\"name\":\"Crane remote controller -Wireless remote control,remote controller\",\"isPartOf\":{\"@id\":\"https:\/\/www.hnhlcrane.com\/#website\"},\"primaryImageOfPage\":{\"@id\":\"https:\/\/www.hnhlcrane.com\/product\/crane-remote-controller\/#primaryimage\"},\"image\":{\"@id\":\"https:\/\/www.hnhlcrane.com\/product\/crane-remote-controller\/#primaryimage\"},\"thumbnailUrl\":\"https:\/\/www.hnhlcrane.com\/wp-content\/uploads\/2024\/12\/Crane-remote-controller-1.jpg\",\"datePublished\":\"2024-12-05T14:42:34+00:00\",\"dateModified\":\"2025-09-14T15:11:45+00:00\",\"description\":\"Our Crane Remote Controllers deliver dependable performance for safe and efficient crane operations, widely used in factories, ports, and warehouses.\",\"breadcrumb\":{\"@id\":\"https:\/\/www.hnhlcrane.com\/product\/crane-remote-controller\/#breadcrumb\"},\"inLanguage\":\"sv-SE\",\"potentialAction\":[{\"@type\":\"ReadAction\",\"target\":[\"https:\/\/www.hnhlcrane.com\/product\/crane-remote-controller\/\"]}]},{\"@type\":\"ImageObject\",\"inLanguage\":\"sv-SE\",\"@id\":\"https:\/\/www.hnhlcrane.com\/product\/crane-remote-controller\/#primaryimage\",\"url\":\"https:\/\/www.hnhlcrane.com\/wp-content\/uploads\/2024\/12\/Crane-remote-controller-1.jpg\",\"contentUrl\":\"https:\/\/www.hnhlcrane.com\/wp-content\/uploads\/2024\/12\/Crane-remote-controller-1.jpg\",\"width\":600,\"height\":600},{\"@type\":\"BreadcrumbList\",\"@id\":\"https:\/\/www.hnhlcrane.com\/product\/crane-remote-controller\/#breadcrumb\",\"itemListElement\":[{\"@type\":\"ListItem\",\"position\":1,\"name\":\"home\",\"item\":\"https:\/\/www.hnhlcrane.com\/\"},{\"@type\":\"ListItem\",\"position\":2,\"name\":\"products\",\"item\":\"https:\/\/www.hnhlcrane.com\/products\/\"},{\"@type\":\"ListItem\",\"position\":3,\"name\":\"Crane remote controller\"}]},{\"@type\":\"WebSite\",\"@id\":\"https:\/\/www.hnhlcrane.com\/#website\",\"url\":\"https:\/\/www.hnhlcrane.com\/\",\"name\":\"Crane Parts Supplier-HL Crame\",\"description\":\"One-stop solution for all your  crane parts needs,Crane Hook,Crane Drum,Crane Wheel,Crane Coupling,Crane Gearbox,Crane Motor,Crane Brake,Special Crane Spreader,Crane grab,Container spreader,Billet crane clamps,Crane C-type spreader,Lifting Electromagnet,Crane Rail Clips,Electric Hoist,FEM Standard Crane End Carriages,Light Crane Parts,Workstation Crane Parts,Crane Electrical Parts,I-beam cable trolley,Crane remote controller,Crane electrical control cabinet,Crane limit switch,Crane sound and light alarm,Heavy Duty Aviation Connector,Crane overload limiter,China Crane Parts Supplier,Crane hooks,Gantry crane hook,Crane accessories,Forged hook,hook processing,Hook manufacturer,China standard crane hook,electric hoist hook,Crane pulley,Hook pulley,Rolled pulley,Crane Pulley Supplier\uff0cEuropean hook pulley,Gantry crane hook pulley,WZL type crane drum,European style reel set,Crane reel,crane parts,Drum processing,crane drum manufacturer,Cast steel drum,Electric hoist drum,Crane drum assembly,DRS Wheel Blocks,European crane wheel,Forged wheels,Active wheel set,Driving wheel set,Driven wheel group,crane wheels manufacturer,Demag crane wheels,Konecranes Crane Wheels,Overhead crane Wheel,Shaft couplings,Power Transmission Couplings,Disc Couplings,Fluid couplings,Coupling manufacturer\uff0cCardan coupling,Crane Reducer,Crane Decelerators,Reducer gearbox,Reducer for crane,Gear Reducer For Crane,Hard tooth surface reducerCrane and hoist reducer,Flender reducer,Reducer manufacturer,ZQ reducer,QJ reducer,QJY reducer,Gear Motors,Konecranes reducer,F series three-in-one reducer,K series three-in-one reducer,travelling machinery,Travelling Motor With Gear,Gear Motor for Crane Traveling,Travelling machinery Frequency inverter motors,FEM standard Gear Motors,Crane motors,Inverter motors,Hoist motors,motorCrane duty motors,Special motor for crane,YZR YZP YZ series motors,Crane and hoist motor,Frequency conversion motor,Electro hydraulic drum brakes,Electro-hydraulic disc brakes,Brake,Overhead Crane Brakes,Disc brakes,Electromagnetic disk brake,Crane hydraulic disc brake,Brakes manufacturer,crane Safety brakes,Singlr rope grab,Four rope grab,Electro-hydraulic multi-flap grab,Orange peel grab,Electric motor grab,Electro-Hydraulicclamshell grab,grab manufacturers,Container spreader manufacturers,20ft Container Spreader,Semi Automatic container spreader,40ft Container Lifting Frame,TEC container Spreader,Billet lifting clamp,Billet Clamps,Billet crane clamps manufacturer,billet lifting clamps china supplier,Coil C-Type Hook,coil hook,Overhead Crane Steel Coil C-Type Hook,Crane C-hook,C-type spreader,C-type hook,Crane magnets,Rail fixing device,Crane Rail fixing device,crane Rail Clamp,CD\/MD Wire Rope Electric Hoist,Wire Rope Electric Hoist China Manufacturer,Single Girder Wire Rope Electric Hoist,Double Girder Wire Rope Electric Hoist,Chain Hoist,Electric chain hoist manufacturer,Electric chain hoist China distributor,European wire rope electric hoist\uff0cEuropean double beam wire rope electric hoist,European Style Single Beam Crane End Carriage,FEN\/DIN European Style Single Beam Crane End Carriage,Crane end beam manufacturers,European style hoist double beam crane end beam,Suspension crane end beam,European style suspended single beam crane end beam,FEN\/DIN Suspension crane end beam,crane cable trolley,Wireless remote control,remote controller,Crane control handle,Crane Controls,electrical control cabinet,crane control cabinet,Limit switch,Sound and light alarm,Aviation plug,quick connector,Crane aviation plug,Overload limiter\",\"publisher\":{\"@id\":\"https:\/\/www.hnhlcrane.com\/#organization\"},\"potentialAction\":[{\"@type\":\"SearchAction\",\"target\":{\"@type\":\"EntryPoint\",\"urlTemplate\":\"https:\/\/www.hnhlcrane.com\/?s={search_term_string}\"},\"query-input\":{\"@type\":\"PropertyValueSpecification\",\"valueRequired\":true,\"valueName\":\"search_term_string\"}}],\"inLanguage\":\"sv-SE\"},{\"@type\":\"Organization\",\"@id\":\"https:\/\/www.hnhlcrane.com\/#organization\",\"name\":\"Crane Parts Supplier-HL Crame\",\"url\":\"https:\/\/www.hnhlcrane.com\/\",\"logo\":{\"@type\":\"ImageObject\",\"inLanguage\":\"sv-SE\",\"@id\":\"https:\/\/www.hnhlcrane.com\/#\/schema\/logo\/image\/\",\"url\":\"https:\/\/www.hnhlcrane.com\/wp-content\/uploads\/2024\/09\/logo6-1-e1733899395598.png\",\"contentUrl\":\"https:\/\/www.hnhlcrane.com\/wp-content\/uploads\/2024\/09\/logo6-1-e1733899395598.png\",\"width\":1000,\"height\":282,\"caption\":\"Crane Parts Supplier-HL Crame\"},\"image\":{\"@id\":\"https:\/\/www.hnhlcrane.com\/#\/schema\/logo\/image\/\"}}]}<\/script>\n<!-- \/ Yoast SEO plugin. -->","yoast_head_json":{"title":"Fj\u00e4rrkontroll f\u00f6r kran - Tr\u00e5dl\u00f6s fj\u00e4rrkontroll,fj\u00e4rrkontroll","description":"V\u00e5ra fj\u00e4rrkontroller f\u00f6r kranar ger tillf\u00f6rlitlig prestanda f\u00f6r s\u00e4ker och effektiv krandrift och anv\u00e4nds ofta i fabriker, hamnar och lagerlokaler.","robots":{"index":"index","follow":"follow","max-snippet":"max-snippet:-1","max-image-preview":"max-image-preview:large","max-video-preview":"max-video-preview:-1"},"canonical":"https:\/\/www.hnhlcrane.com\/sv\/produkt\/fjarrkontroll-for-kran\/","og_locale":"sv_SE","og_type":"article","og_title":"Crane remote controller -Wireless remote control,remote controller","og_description":"Our Crane Remote Controllers deliver dependable performance for safe and efficient crane operations, widely used in factories, ports, and warehouses.","og_url":"https:\/\/www.hnhlcrane.com\/sv\/produkt\/fjarrkontroll-for-kran\/","og_site_name":"Crane Parts Supplier-HL Crame","article_modified_time":"2025-09-14T15:11:45+00:00","og_image":[{"width":600,"height":600,"url":"https:\/\/www.hnhlcrane.com\/wp-content\/uploads\/2024\/12\/Crane-remote-controller-1.jpg","type":"image\/jpeg"}],"twitter_card":"summary_large_image","twitter_misc":{"Ber\u00e4knad l\u00e4stid":"3 minuter"},"schema":{"@context":"https:\/\/schema.org","@graph":[{"@type":"WebPage","@id":"https:\/\/www.hnhlcrane.com\/product\/crane-remote-controller\/","url":"https:\/\/www.hnhlcrane.com\/product\/crane-remote-controller\/","name":"Fj\u00e4rrkontroll f\u00f6r kran - Tr\u00e5dl\u00f6s fj\u00e4rrkontroll,fj\u00e4rrkontroll","isPartOf":{"@id":"https:\/\/www.hnhlcrane.com\/#website"},"primaryImageOfPage":{"@id":"https:\/\/www.hnhlcrane.com\/product\/crane-remote-controller\/#primaryimage"},"image":{"@id":"https:\/\/www.hnhlcrane.com\/product\/crane-remote-controller\/#primaryimage"},"thumbnailUrl":"https:\/\/www.hnhlcrane.com\/wp-content\/uploads\/2024\/12\/Crane-remote-controller-1.jpg","datePublished":"2024-12-05T14:42:34+00:00","dateModified":"2025-09-14T15:11:45+00:00","description":"V\u00e5ra fj\u00e4rrkontroller f\u00f6r kranar ger tillf\u00f6rlitlig prestanda f\u00f6r s\u00e4ker och effektiv krandrift och anv\u00e4nds ofta i fabriker, hamnar och lagerlokaler.","breadcrumb":{"@id":"https:\/\/www.hnhlcrane.com\/product\/crane-remote-controller\/#breadcrumb"},"inLanguage":"sv-SE","potentialAction":[{"@type":"ReadAction","target":["https:\/\/www.hnhlcrane.com\/product\/crane-remote-controller\/"]}]},{"@type":"ImageObject","inLanguage":"sv-SE","@id":"https:\/\/www.hnhlcrane.com\/product\/crane-remote-controller\/#primaryimage","url":"https:\/\/www.hnhlcrane.com\/wp-content\/uploads\/2024\/12\/Crane-remote-controller-1.jpg","contentUrl":"https:\/\/www.hnhlcrane.com\/wp-content\/uploads\/2024\/12\/Crane-remote-controller-1.jpg","width":600,"height":600},{"@type":"BreadcrumbList","@id":"https:\/\/www.hnhlcrane.com\/product\/crane-remote-controller\/#breadcrumb","itemListElement":[{"@type":"ListItem","position":1,"name":"home","item":"https:\/\/www.hnhlcrane.com\/"},{"@type":"ListItem","position":2,"name":"products","item":"https:\/\/www.hnhlcrane.com\/products\/"},{"@type":"ListItem","position":3,"name":"Crane remote controller"}]},{"@type":"WebSite","@id":"https:\/\/www.hnhlcrane.com\/#website","url":"https:\/\/www.hnhlcrane.com\/","name":"Leverant\u00f6r av krandelar-HL Crame","description":"One-stop-l\u00f6sning f\u00f6r alla dina behov av krandelar, krankrok, krantrumma, kranhjul, krankoppling, kranv\u00e4xell\u00e5da, kranmotor, kranbroms, speciell kranspridare, krangrepp, containerspridare, krankl\u00e4mmor av betsel, spridare av kran av C-typ,Lyftelektromagnet,Kranskena kl\u00e4mmor,Elektrisk lyftanordning,FEM-standard kran\u00e4ndvagnar,L\u00e4tta krandelar,Arbetsstationskrandelar,Kran elektriska delar,I-balk kabelvagn,Kran fj\u00e4rrkontroll,Kran elektriska kontrollsk\u00e5p,Kranbegr\u00e4nsningsbrytare,Kranljud- och ljuslarm,Heavy Duty Aviation Connector,Kran\u00f6verbelastningsbegr\u00e4nsare,Leverant\u00f6r av krandelar i Kina,Krankrokar,Portalkrankrok,Krantillbeh\u00f6r,Smidd krok,krokbearbetning,Kroktillverkare,Kina standardkrankrok,elektrisk lyftkrok,Kranskiva,Krokskiva,Valsad remskiva,Leverant\u00f6r av kranskivor,Europeisk krokskiva,Portalkrankrokskiva,Krantrumma av WZL-typ,Hjulsats i europeisk stil,Kranrulle,krandelar,Trumbearbetning,krantrumma tillverkare,Gjuten st\u00e5ltrumma,Elektrisk lyfttrumma,Krantrumma montering,DRS hjulblock,Europeiska kranhjul,Smidda hjul,Aktiv hjulupps\u00e4ttning,Drivhjulupps\u00e4ttning,Drivhjulsgrupp,Kranhjul tillverkare,Demag kranhjul,Konecranes kranhjul,Traverskranhjul,Axelkopplingar,Kraft\u00f6verf\u00f6ringskopplingar,Skivkopplingar,V\u00e4tskekopplingar,Kopplingstillverkare,Cardankoppling,Kranreducerare,Crane Decelerators,Reducer v\u00e4xell\u00e5da,Reducer f\u00f6r kran,Reduktionsv\u00e4xel f\u00f6r kran,Reduktionsv\u00e4xel f\u00f6r kran,Reduktionsv\u00e4xel f\u00f6r h\u00e5rd tandytaCrane and hoist reducer,Flender reducer,Reducer tillverkare,ZQ reducer,QJ reducer,QJY reducer,V\u00e4xelmotorer,Konecranes reducer,F-serie tre-i-ett-reducerare,K-serie tre-i-ett-reducerare,resemaskiner,Resemotor med v\u00e4xel,V\u00e4xelmotor f\u00f6r kranresor,Resemaskiner Frekvensomriktarmotorer,FEM-standardv\u00e4xelmotorer,Kranmotorer,Invertermotorer,Lyftmotorer,motorKranmotorer,Specialmotor f\u00f6r kran,YZR YZP YZ-serie motorer,Kran- och lyftmotor,Frekvensomvandlingsmotor,Elektrohydrauliska trumbromsar,Elektrohydrauliska skivbromsar,Broms,Traverskranbromsar,Skivbromsar,Elektromagnetisk skivbroms,Kranhydraulisk skivbroms,Bromstillverkare,Kran S\u00e4kerhetsbromsar,Singlr rep grip,Fyra rep grip,Elektrohydraulisk multi-flap grip,Orange peel grip,Elmotor grip,Elektrohydraulisk kl\u00e4mskalsgrip,griptillverkare,Containerspridare tillverkare,20ft Containerspridare,Halvautomatisk containerspridare,40ft Containerlyftram,TEC containerspridare,Billetlyftkl\u00e4mma,Billetkl\u00e4mmor,Billetkrankl\u00e4mmor tillverkare,billetlyftkl\u00e4mmor Kina leverant\u00f6r,Coil C-Typ Krok,coil krok,Traverskran St\u00e5l Coil C-Typ Krok,Kran C-krok,C-typ spridare,C-typ krok,Kranmagneter,R\u00e4lsbef\u00e4stningsanordning,Kranskena fixeringsanordning,kranskena kl\u00e4mma,CD \/ MD Wire Rope Electric Hoist,Wire Rope Electric Hoist Kina Tillverkare,Single Girder Wire Rope Electric Hoist,Double Girder Wire Rope Electric Hoist,K\u00e4ttingtelfer,Elektrisk kedjetelfer tillverkare,Elektrisk kedjetelfer Kina distribut\u00f6r,Europeisk wire rope elektrisk lyftanordning,Europeisk dubbelbalk wire rope elektrisk lyftanordning,European Style Single Beam Crane End Carriage,FEN \/ DIN European Style Single Beam Crane End Carriage,Tillverkare av kran\u00e4ndbalkar, europeisk stil lyft dubbelbalkskran\u00e4ndbalk, upph\u00e4ngningskran\u00e4ndbalk, europeisk stil upph\u00e4ngd enkelbalkskran\u00e4ndbalk, FEN \/ DIN upph\u00e4ngningskran\u00e4ndbalk, krankabelvagn, tr\u00e5dl\u00f6s fj\u00e4rrkontroll, fj\u00e4rrkontroll, kranstyrhandtag, krankontroller, elektriskt styrsk\u00e5p, kranstyrsk\u00e5p, gr\u00e4nsl\u00e4gesbrytare, ljud- och ljuslarm, flygplugg, snabbkontakt, kranflygplugg, \u00f6verbelastningsbegr\u00e4nsare","publisher":{"@id":"https:\/\/www.hnhlcrane.com\/#organization"},"potentialAction":[{"@type":"SearchAction","target":{"@type":"EntryPoint","urlTemplate":"https:\/\/www.hnhlcrane.com\/?s={search_term_string}"},"query-input":{"@type":"PropertyValueSpecification","valueRequired":true,"valueName":"search_term_string"}}],"inLanguage":"sv-SE"},{"@type":"Organization","@id":"https:\/\/www.hnhlcrane.com\/#organization","name":"Leverant\u00f6r av krandelar-HL Crame","url":"https:\/\/www.hnhlcrane.com\/","logo":{"@type":"ImageObject","inLanguage":"sv-SE","@id":"https:\/\/www.hnhlcrane.com\/#\/schema\/logo\/image\/","url":"https:\/\/www.hnhlcrane.com\/wp-content\/uploads\/2024\/09\/logo6-1-e1733899395598.png","contentUrl":"https:\/\/www.hnhlcrane.com\/wp-content\/uploads\/2024\/09\/logo6-1-e1733899395598.png","width":1000,"height":282,"caption":"Crane Parts Supplier-HL Crame"},"image":{"@id":"https:\/\/www.hnhlcrane.com\/#\/schema\/logo\/image\/"}}]}},"_links":{"self":[{"href":"https:\/\/www.hnhlcrane.com\/sv\/wp-json\/wp\/v2\/product\/5740","targetHints":{"allow":["GET"]}}],"collection":[{"href":"https:\/\/www.hnhlcrane.com\/sv\/wp-json\/wp\/v2\/product"}],"about":[{"href":"https:\/\/www.hnhlcrane.com\/sv\/wp-json\/wp\/v2\/types\/product"}],"version-history":[{"count":1,"href":"https:\/\/www.hnhlcrane.com\/sv\/wp-json\/wp\/v2\/product\/5740\/revisions"}],"predecessor-version":[{"id":6979,"href":"https:\/\/www.hnhlcrane.com\/sv\/wp-json\/wp\/v2\/product\/5740\/revisions\/6979"}],"wp:featuredmedia":[{"embeddable":true,"href":"https:\/\/www.hnhlcrane.com\/sv\/wp-json\/wp\/v2\/media\/5741"}],"wp:attachment":[{"href":"https:\/\/www.hnhlcrane.com\/sv\/wp-json\/wp\/v2\/media?parent=5740"}],"wp:term":[{"taxonomy":"product_brand","embeddable":true,"href":"https:\/\/www.hnhlcrane.com\/sv\/wp-json\/wp\/v2\/product_brand?post=5740"},{"taxonomy":"product_cat","embeddable":true,"href":"https:\/\/www.hnhlcrane.com\/sv\/wp-json\/wp\/v2\/product_cat?post=5740"},{"taxonomy":"product_tag","embeddable":true,"href":"https:\/\/www.hnhlcrane.com\/sv\/wp-json\/wp\/v2\/product_tag?post=5740"}],"curies":[{"name":"wp","href":"https:\/\/api.w.org\/{rel}","templated":true}]}}