{"id":5659,"date":"2024-12-03T17:07:45","date_gmt":"2024-12-03T09:07:45","guid":{"rendered":"https:\/\/www.hnhlcrane.com\/?post_type=product&#038;p=5659"},"modified":"2024-12-06T13:37:05","modified_gmt":"2024-12-06T05:37:05","slug":"fem-upphangningskranars-andvagnar","status":"publish","type":"product","link":"https:\/\/www.hnhlcrane.com\/sv\/produkt\/fem-upphangningskranars-andvagnar\/","title":{"rendered":"FEM Fj\u00e4dringskranars \u00e4ndvagnar"},"content":{"rendered":"<h6><strong><span style=\"font-family: arial, helvetica, sans-serif; font-size: 18pt;\">De viktigaste egenskaperna hos FEM Suspension-kranens \u00e4ndvagnar \u00e4r f\u00f6ljande:<\/span><\/strong><\/h6>\n<ul>\n<li><strong>Kompakt struktur<\/strong>: Konstruktionen av FEM Suspension-kranens \u00e4ndvagnar \u00e4r mycket kompakt. Denna design ger inte bara den \u00f6vergripande strukturen ett rent och enkelt utseende utan underl\u00e4ttar ocks\u00e5 enkel lastning, lossning och underh\u00e5ll.<\/li>\n<li><strong>L\u00e4ttviktsdesign<\/strong>: Genom att anv\u00e4nda avancerad tillverkningsteknik och l\u00e4ttviktsmaterial har vikten p\u00e5 den europeiska upph\u00e4ngningsgaveln reducerats avsev\u00e4rt. Detta g\u00f6r den inte bara l\u00e4ttare att flytta och installera utan minskar ocks\u00e5 energif\u00f6rbrukningen och f\u00f6rb\u00e4ttrar milj\u00f6f\u00f6rdelarna.<\/li>\n<li><strong>H\u00f6g h\u00e5llfasthet<\/strong>: \u00c4ndvagnarna \u00e4r tillverkade av h\u00f6gh\u00e5llfasta material och optimerade konstruktionsdesigner, vilket g\u00f6r att de kan b\u00e4ra tunga belastningar och motst\u00e5 ov\u00e4ntade st\u00f6tar, vilket s\u00e4kerst\u00e4ller strukturens styrka och stabilitet.<\/li>\n<li><strong>S\u00e4kerhetsskydd<\/strong>: Utrustad med ett omfattande s\u00e4kerhetsskyddssystem, inklusive ursp\u00e5rningsskydd och buffertar, garanterar systemet s\u00e4ker drift av utrustningen.<\/li>\n<li><strong>Tillverkning med h\u00f6g precision<\/strong>: \u00c4ndvagnarna tillverkas med h\u00f6gprecisionsprocesser, t.ex. CNC-borrning och h\u00f6gh\u00e5llfasta skruvf\u00f6rband, vilket s\u00e4kerst\u00e4ller precision och smidig drift av utrustningen.<\/li>\n<\/ul>\n<h6><strong><span style=\"font-family: arial, helvetica, sans-serif; font-size: 18pt;\">Specifika f\u00f6rdelar med FEM Suspension-kranens \u00e4ndvagnar \u00e4r bland annat<\/span><\/strong><\/h6>\n<ul>\n<li><strong>Energieffektivitet<\/strong>: Tack vare sin l\u00e4tta och effektiva konstruktion har europeiska upph\u00e4ngda slutvagnar en utm\u00e4rkt energif\u00f6rbrukning, vilket \u00e4r i linje med principerna f\u00f6r gr\u00f6n design.<\/li>\n<li><strong>Enkel anv\u00e4ndning<\/strong>: Utformningen av \u00e4ndvagnarna tar h\u00e4nsyn till anv\u00e4ndarv\u00e4nligheten. Tillvalsfunktioner, t.ex. tr\u00e5dl\u00f6sa fj\u00e4rrkontrollsystem, \u00f6kar flexibiliteten i driften och anv\u00e4ndarv\u00e4nligheten.<\/li>\n<li><strong>H\u00f6g s\u00e4kerhet<\/strong>: Med flera skydds\u00e5tg\u00e4rder p\u00e5 plats, t.ex. \u00f6verhettningsskydd och \u00f6verbelastningsskydd, garanterar utrustningen s\u00e4ker drift.<\/li>\n<li><strong>Bred till\u00e4mpbarhet<\/strong>: Tack vare sin l\u00e4tta vikt och kompakta storlek \u00e4r de europeiska upph\u00e4ngda gavelvagnarna l\u00e4mpliga f\u00f6r ett brett spektrum av arbetsmilj\u00f6er, vilket ger l\u00e4gre byggkostnader.<\/li>\n<\/ul>\n<p>Anv\u00e4ndningsomr\u00e5dena f\u00f6r kran\u00e4ndvagnar med FEM Suspension \u00e4r m\u00e5nga. Tack vare sin l\u00e5ga vikt, h\u00f6ga h\u00e5llfasthet och s\u00e4kerhetsfunktioner anv\u00e4nds dessa gavlar i stor utstr\u00e4ckning i moderna industriella milj\u00f6er, t.ex. fabriker och lager, d\u00e4r effektiv och s\u00e4ker materialhantering \u00e4r avg\u00f6rande. Deras kompakta design och h\u00f6ga effektivitet g\u00f6r dem idealiska f\u00f6r att maximera prestandan i tr\u00e5nga utrymmen, vilket g\u00f6r dem l\u00e4mpliga f\u00f6r olika industriella till\u00e4mpningar.<\/p>\n<h6><strong><span style=\"font-family: arial, helvetica, sans-serif; font-size: 18pt;\">1.DU10 3.2t Lyftkranens \u00e4ndvagnar<\/span><\/strong><\/h6>\n<p><img fetchpriority=\"high\" decoding=\"async\" class=\"alignnone  wp-image-5673\" src=\"https:\/\/www.hnhlcrane.com\/wp-content\/uploads\/2024\/12\/FEM-Suspension-crane-end-carriages-3.2t-300x211.jpg\" alt=\"\" width=\"800\" height=\"563\" srcset=\"https:\/\/www.hnhlcrane.com\/wp-content\/uploads\/2024\/12\/FEM-Suspension-crane-end-carriages-3.2t-300x211.jpg 300w, https:\/\/www.hnhlcrane.com\/wp-content\/uploads\/2024\/12\/FEM-Suspension-crane-end-carriages-3.2t-768x540.jpg 768w, https:\/\/www.hnhlcrane.com\/wp-content\/uploads\/2024\/12\/FEM-Suspension-crane-end-carriages-3.2t-600x422.jpg 600w, https:\/\/www.hnhlcrane.com\/wp-content\/uploads\/2024\/12\/FEM-Suspension-crane-end-carriages-3.2t.jpg 1000w\" sizes=\"(max-width: 800px) 100vw, 800px\" \/><\/p>\n<p>\u2460 buffert<i>\uff1b<\/i>\u2461Endbalk<i>\uff1b<\/i>\u2462 Hjulen<i>(k\u00f6r)<\/i><i>\uff1b<\/i>\u2463 Hjulen<i>(tomg\u00e5ng)<\/i><i>\uff1b<\/i>\u2464 Hjulen<i>(tomg\u00e5ngsk\u00f6rning eller k\u00f6rning)<\/i><\/p>\n<h6><strong><span style=\"font-family: arial, helvetica, sans-serif; font-size: 18pt;\">2.DU13 5t Upph\u00e4ngningskranens \u00e4ndvagnar<\/span><\/strong><\/h6>\n<p><img decoding=\"async\" class=\"alignnone  wp-image-5674\" src=\"https:\/\/www.hnhlcrane.com\/wp-content\/uploads\/2024\/12\/FEM-Suspension-crane-end-carriages-5t-300x226.jpg\" alt=\"\" width=\"799\" height=\"602\" srcset=\"https:\/\/www.hnhlcrane.com\/wp-content\/uploads\/2024\/12\/FEM-Suspension-crane-end-carriages-5t-300x226.jpg 300w, https:\/\/www.hnhlcrane.com\/wp-content\/uploads\/2024\/12\/FEM-Suspension-crane-end-carriages-5t-768x578.jpg 768w, https:\/\/www.hnhlcrane.com\/wp-content\/uploads\/2024\/12\/FEM-Suspension-crane-end-carriages-5t-600x451.jpg 600w, https:\/\/www.hnhlcrane.com\/wp-content\/uploads\/2024\/12\/FEM-Suspension-crane-end-carriages-5t.jpg 1000w\" sizes=\"(max-width: 799px) 100vw, 799px\" \/><\/p>\n<p>\u2460 buffert<i>\uff1b<\/i>\u2461Endbalk<i>\uff1b<\/i>\u2462 Hjulen<i>(k\u00f6r) \uff1b (k\u00f6r)<\/i>\u2463 Hjulen<i>(tomg\u00e5ng)<\/i>\u2464 Hjulen<i>(tomg\u00e5ngsk\u00f6rning eller k\u00f6rning)<\/i><\/p>\n<h6><strong><span style=\"font-family: arial, helvetica, sans-serif; font-size: 18pt;\">3.DU16 10t Upph\u00e4ngningskranens \u00e4ndvagnar<\/span><\/strong><\/h6>\n<p><img decoding=\"async\" class=\"alignnone  wp-image-5675\" src=\"https:\/\/www.hnhlcrane.com\/wp-content\/uploads\/2024\/12\/FEM-Suspension-crane-end-carriages-10t-300x216.jpg\" alt=\"\" width=\"800\" height=\"576\" srcset=\"https:\/\/www.hnhlcrane.com\/wp-content\/uploads\/2024\/12\/FEM-Suspension-crane-end-carriages-10t-300x216.jpg 300w, https:\/\/www.hnhlcrane.com\/wp-content\/uploads\/2024\/12\/FEM-Suspension-crane-end-carriages-10t-768x553.jpg 768w, https:\/\/www.hnhlcrane.com\/wp-content\/uploads\/2024\/12\/FEM-Suspension-crane-end-carriages-10t-600x432.jpg 600w, https:\/\/www.hnhlcrane.com\/wp-content\/uploads\/2024\/12\/FEM-Suspension-crane-end-carriages-10t.jpg 1000w\" sizes=\"(max-width: 800px) 100vw, 800px\" \/><\/p>\n<p>\u2460 buffert<i>\uff1b<\/i>\u2461Endbalk<i>\uff1b<\/i>\u2462 Hjulen<i>(k\u00f6r) \uff1b (k\u00f6r)<\/i>\u2463 Hjulen<i>(tomg\u00e5ng)<\/i>\u2464 Hjulen<i>(tomg\u00e5ngsk\u00f6rning eller k\u00f6rning)<\/i><\/p>","protected":false},"excerpt":{"rendered":"<h6><strong><span style=\"font-family: arial, helvetica, sans-serif; font-size: 14pt;\">Specifikationer f\u00f6r <\/span><span style=\"font-family: arial, helvetica, sans-serif; font-size: 14pt;\">FEM Fj\u00e4dringskranars \u00e4ndvagnar<\/span><\/strong><\/h6>\n<ul>\n<li><strong>Modeller<\/strong>:DU10,DU13,DU16<\/li>\n<li><strong>Hjulmaterial<\/strong>: 40Cr<\/li>\n<li><strong>Typer av hjulanslutningar<\/strong>: v\u00e4xel<\/li>\n<li><strong>Matchande sp\u00e5rform:<\/strong> I-balk, H-balk<\/li>\n<\/ul>","protected":false},"featured_media":5660,"template":"","meta":{"_kad_post_transparent":"default","_kad_post_title":"","_kad_post_layout":"default","_kad_post_sidebar_id":"","_kad_post_content_style":"default","_kad_post_vertical_padding":"show","_kad_post_feature":"","_kad_post_feature_position":"","_kad_post_header":false,"_kad_post_footer":false},"product_brand":[],"product_cat":[62,61],"product_tag":[253,255,252,256,251,258,249,248,247,250,254,259,257],"class_list":{"0":"post-5659","1":"product","2":"type-product","3":"status-publish","4":"has-post-thumbnail","6":"product_cat-fem-standard-crane-end-carriages","7":"product_cat-fem-standard-crane-parts","8":"product_tag-crane-end-beam","9":"product_tag-crane-end-beam-manufacturers","10":"product_tag-end-carriages","11":"product_tag-european-style-hoist-double-beam-crane-end-beam","12":"product_tag-european-style-single-beam-crane-end-carriage","13":"product_tag-european-style-suspended-single-beam-crane-end-beam","14":"product_tag-fem-double-girder-crane-end-carriages","15":"product_tag-fem-single-girder-crane-end-carriages","16":"product_tag-fem-standard-crane-end-carriages","17":"product_tag-fem-suspension-crane-end-carriages","18":"product_tag-fen-din-european-style-single-beam-crane-end-carriage","19":"product_tag-fen-din-suspension-crane-end-beam","20":"product_tag-suspension-crane-end-beam","22":"first","23":"instock","24":"featured","25":"shipping-taxable","26":"product-type-simple","27":"entry","28":"content-bg","29":"loop-entry"},"yoast_head":"<!-- This site is optimized with the Yoast SEO plugin v25.6 - https:\/\/yoast.com\/wordpress\/plugins\/seo\/ -->\n<title>FEM Suspension crane end carriages -European End Carriage<\/title>\n<meta name=\"description\" content=\"Suspension crane end beam,European style suspended single beam crane end beam,FEN\/DIN Suspension crane end beam,FEM Suspension crane end carriages\" \/>\n<meta name=\"robots\" content=\"index, follow, max-snippet:-1, max-image-preview:large, max-video-preview:-1\" \/>\n<link rel=\"canonical\" href=\"https:\/\/www.hnhlcrane.com\/sv\/produkt\/fem-upphangningskranars-andvagnar\/\" \/>\n<meta property=\"og:locale\" content=\"sv_SE\" \/>\n<meta property=\"og:type\" content=\"article\" \/>\n<meta property=\"og:title\" content=\"FEM Suspension crane end carriages -European End Carriage\" \/>\n<meta property=\"og:description\" content=\"Suspension crane end beam,European style suspended single beam crane end beam,FEN\/DIN Suspension crane end beam,FEM Suspension crane end carriages\" \/>\n<meta property=\"og:url\" content=\"https:\/\/www.hnhlcrane.com\/sv\/produkt\/fem-upphangningskranars-andvagnar\/\" \/>\n<meta property=\"og:site_name\" content=\"Crane Parts Supplier-HL Crame\" \/>\n<meta property=\"article:modified_time\" content=\"2024-12-06T05:37:05+00:00\" \/>\n<meta property=\"og:image\" content=\"https:\/\/www.hnhlcrane.com\/wp-content\/uploads\/2024\/12\/FEM-Suspension-crane-end-carriages.jpg\" \/>\n\t<meta property=\"og:image:width\" content=\"600\" \/>\n\t<meta property=\"og:image:height\" content=\"600\" \/>\n\t<meta property=\"og:image:type\" content=\"image\/jpeg\" \/>\n<meta name=\"twitter:card\" content=\"summary_large_image\" \/>\n<meta name=\"twitter:label1\" content=\"Ber\u00e4knad l\u00e4stid\" \/>\n\t<meta name=\"twitter:data1\" content=\"3 minuter\" \/>\n<script type=\"application\/ld+json\" class=\"yoast-schema-graph\">{\"@context\":\"https:\/\/schema.org\",\"@graph\":[{\"@type\":\"WebPage\",\"@id\":\"https:\/\/www.hnhlcrane.com\/product\/fem-suspension-crane-end-carriages\/\",\"url\":\"https:\/\/www.hnhlcrane.com\/product\/fem-suspension-crane-end-carriages\/\",\"name\":\"FEM Suspension crane end carriages -European End Carriage\",\"isPartOf\":{\"@id\":\"https:\/\/www.hnhlcrane.com\/#website\"},\"primaryImageOfPage\":{\"@id\":\"https:\/\/www.hnhlcrane.com\/product\/fem-suspension-crane-end-carriages\/#primaryimage\"},\"image\":{\"@id\":\"https:\/\/www.hnhlcrane.com\/product\/fem-suspension-crane-end-carriages\/#primaryimage\"},\"thumbnailUrl\":\"https:\/\/www.hnhlcrane.com\/wp-content\/uploads\/2024\/12\/FEM-Suspension-crane-end-carriages.jpg\",\"datePublished\":\"2024-12-03T09:07:45+00:00\",\"dateModified\":\"2024-12-06T05:37:05+00:00\",\"description\":\"Suspension crane end beam,European style suspended single beam crane end beam,FEN\/DIN Suspension crane end beam,FEM Suspension crane end carriages\",\"breadcrumb\":{\"@id\":\"https:\/\/www.hnhlcrane.com\/product\/fem-suspension-crane-end-carriages\/#breadcrumb\"},\"inLanguage\":\"sv-SE\",\"potentialAction\":[{\"@type\":\"ReadAction\",\"target\":[\"https:\/\/www.hnhlcrane.com\/product\/fem-suspension-crane-end-carriages\/\"]}]},{\"@type\":\"ImageObject\",\"inLanguage\":\"sv-SE\",\"@id\":\"https:\/\/www.hnhlcrane.com\/product\/fem-suspension-crane-end-carriages\/#primaryimage\",\"url\":\"https:\/\/www.hnhlcrane.com\/wp-content\/uploads\/2024\/12\/FEM-Suspension-crane-end-carriages.jpg\",\"contentUrl\":\"https:\/\/www.hnhlcrane.com\/wp-content\/uploads\/2024\/12\/FEM-Suspension-crane-end-carriages.jpg\",\"width\":600,\"height\":600},{\"@type\":\"BreadcrumbList\",\"@id\":\"https:\/\/www.hnhlcrane.com\/product\/fem-suspension-crane-end-carriages\/#breadcrumb\",\"itemListElement\":[{\"@type\":\"ListItem\",\"position\":1,\"name\":\"home\",\"item\":\"https:\/\/www.hnhlcrane.com\/\"},{\"@type\":\"ListItem\",\"position\":2,\"name\":\"products\",\"item\":\"https:\/\/www.hnhlcrane.com\/products\/\"},{\"@type\":\"ListItem\",\"position\":3,\"name\":\"FEM Suspension crane end carriages\"}]},{\"@type\":\"WebSite\",\"@id\":\"https:\/\/www.hnhlcrane.com\/#website\",\"url\":\"https:\/\/www.hnhlcrane.com\/\",\"name\":\"Crane Parts Supplier-HL Crame\",\"description\":\"One-stop solution for all your  crane parts needs,Crane Hook,Crane Drum,Crane Wheel,Crane Coupling,Crane Gearbox,Crane Motor,Crane Brake,Special Crane Spreader,Crane grab,Container spreader,Billet crane clamps,Crane C-type spreader,Lifting Electromagnet,Crane Rail Clips,Electric Hoist,FEM Standard Crane End Carriages,Light Crane Parts,Workstation Crane Parts,Crane Electrical Parts,I-beam cable trolley,Crane remote controller,Crane electrical control cabinet,Crane limit switch,Crane sound and light alarm,Heavy Duty Aviation Connector,Crane overload limiter,China Crane Parts Supplier,Crane hooks,Gantry crane hook,Crane accessories,Forged hook,hook processing,Hook manufacturer,China standard crane hook,electric hoist hook,Crane pulley,Hook pulley,Rolled pulley,Crane Pulley Supplier\uff0cEuropean hook pulley,Gantry crane hook pulley,WZL type crane drum,European style reel set,Crane reel,crane parts,Drum processing,crane drum manufacturer,Cast steel drum,Electric hoist drum,Crane drum assembly,DRS Wheel Blocks,European crane wheel,Forged wheels,Active wheel set,Driving wheel set,Driven wheel group,crane wheels manufacturer,Demag crane wheels,Konecranes Crane Wheels,Overhead crane Wheel,Shaft couplings,Power Transmission Couplings,Disc Couplings,Fluid couplings,Coupling manufacturer\uff0cCardan coupling,Crane Reducer,Crane Decelerators,Reducer gearbox,Reducer for crane,Gear Reducer For Crane,Hard tooth surface reducerCrane and hoist reducer,Flender reducer,Reducer manufacturer,ZQ reducer,QJ reducer,QJY reducer,Gear Motors,Konecranes reducer,F series three-in-one reducer,K series three-in-one reducer,travelling machinery,Travelling Motor With Gear,Gear Motor for Crane Traveling,Travelling machinery Frequency inverter motors,FEM standard Gear Motors,Crane motors,Inverter motors,Hoist motors,motorCrane duty motors,Special motor for crane,YZR YZP YZ series motors,Crane and hoist motor,Frequency conversion motor,Electro hydraulic drum brakes,Electro-hydraulic disc brakes,Brake,Overhead Crane Brakes,Disc brakes,Electromagnetic disk brake,Crane hydraulic disc brake,Brakes manufacturer,crane Safety brakes,Singlr rope grab,Four rope grab,Electro-hydraulic multi-flap grab,Orange peel grab,Electric motor grab,Electro-Hydraulicclamshell grab,grab manufacturers,Container spreader manufacturers,20ft Container Spreader,Semi Automatic container spreader,40ft Container Lifting Frame,TEC container Spreader,Billet lifting clamp,Billet Clamps,Billet crane clamps manufacturer,billet lifting clamps china supplier,Coil C-Type Hook,coil hook,Overhead Crane Steel Coil C-Type Hook,Crane C-hook,C-type spreader,C-type hook,Crane magnets,Rail fixing device,Crane Rail fixing device,crane Rail Clamp,CD\/MD Wire Rope Electric Hoist,Wire Rope Electric Hoist China Manufacturer,Single Girder Wire Rope Electric Hoist,Double Girder Wire Rope Electric Hoist,Chain Hoist,Electric chain hoist manufacturer,Electric chain hoist China distributor,European wire rope electric hoist\uff0cEuropean double beam wire rope electric hoist,European Style Single Beam Crane End Carriage,FEN\/DIN European Style Single Beam Crane End Carriage,Crane end beam manufacturers,European style hoist double beam crane end beam,Suspension crane end beam,European style suspended single beam crane end beam,FEN\/DIN Suspension crane end beam,crane cable trolley,Wireless remote control,remote controller,Crane control handle,Crane Controls,electrical control cabinet,crane control cabinet,Limit switch,Sound and light alarm,Aviation plug,quick connector,Crane aviation plug,Overload limiter\",\"publisher\":{\"@id\":\"https:\/\/www.hnhlcrane.com\/#organization\"},\"potentialAction\":[{\"@type\":\"SearchAction\",\"target\":{\"@type\":\"EntryPoint\",\"urlTemplate\":\"https:\/\/www.hnhlcrane.com\/?s={search_term_string}\"},\"query-input\":{\"@type\":\"PropertyValueSpecification\",\"valueRequired\":true,\"valueName\":\"search_term_string\"}}],\"inLanguage\":\"sv-SE\"},{\"@type\":\"Organization\",\"@id\":\"https:\/\/www.hnhlcrane.com\/#organization\",\"name\":\"Crane Parts Supplier-HL Crame\",\"url\":\"https:\/\/www.hnhlcrane.com\/\",\"logo\":{\"@type\":\"ImageObject\",\"inLanguage\":\"sv-SE\",\"@id\":\"https:\/\/www.hnhlcrane.com\/#\/schema\/logo\/image\/\",\"url\":\"https:\/\/www.hnhlcrane.com\/wp-content\/uploads\/2024\/09\/logo6-1-e1733899395598.png\",\"contentUrl\":\"https:\/\/www.hnhlcrane.com\/wp-content\/uploads\/2024\/09\/logo6-1-e1733899395598.png\",\"width\":1000,\"height\":282,\"caption\":\"Crane Parts Supplier-HL Crame\"},\"image\":{\"@id\":\"https:\/\/www.hnhlcrane.com\/#\/schema\/logo\/image\/\"}}]}<\/script>\n<!-- \/ Yoast SEO plugin. -->","yoast_head_json":{"title":"FEM Slutvagnar f\u00f6r h\u00e4ngande kranar -Europeiska slutvagnar","description":"Upph\u00e4ngningskranens \u00e4ndbalk,Europeisk stil upph\u00e4ngd enkelbalkskranens \u00e4ndbalk,FEN\/DIN Upph\u00e4ngningskranens \u00e4ndbalk,FEM Upph\u00e4ngningskranens \u00e4ndvagnar","robots":{"index":"index","follow":"follow","max-snippet":"max-snippet:-1","max-image-preview":"max-image-preview:large","max-video-preview":"max-video-preview:-1"},"canonical":"https:\/\/www.hnhlcrane.com\/sv\/produkt\/fem-upphangningskranars-andvagnar\/","og_locale":"sv_SE","og_type":"article","og_title":"FEM Suspension crane end carriages -European End Carriage","og_description":"Suspension crane end beam,European style suspended single beam crane end beam,FEN\/DIN Suspension crane end beam,FEM Suspension crane end carriages","og_url":"https:\/\/www.hnhlcrane.com\/sv\/produkt\/fem-upphangningskranars-andvagnar\/","og_site_name":"Crane Parts Supplier-HL Crame","article_modified_time":"2024-12-06T05:37:05+00:00","og_image":[{"width":600,"height":600,"url":"https:\/\/www.hnhlcrane.com\/wp-content\/uploads\/2024\/12\/FEM-Suspension-crane-end-carriages.jpg","type":"image\/jpeg"}],"twitter_card":"summary_large_image","twitter_misc":{"Ber\u00e4knad l\u00e4stid":"3 minuter"},"schema":{"@context":"https:\/\/schema.org","@graph":[{"@type":"WebPage","@id":"https:\/\/www.hnhlcrane.com\/product\/fem-suspension-crane-end-carriages\/","url":"https:\/\/www.hnhlcrane.com\/product\/fem-suspension-crane-end-carriages\/","name":"FEM Slutvagnar f\u00f6r h\u00e4ngande kranar -Europeiska slutvagnar","isPartOf":{"@id":"https:\/\/www.hnhlcrane.com\/#website"},"primaryImageOfPage":{"@id":"https:\/\/www.hnhlcrane.com\/product\/fem-suspension-crane-end-carriages\/#primaryimage"},"image":{"@id":"https:\/\/www.hnhlcrane.com\/product\/fem-suspension-crane-end-carriages\/#primaryimage"},"thumbnailUrl":"https:\/\/www.hnhlcrane.com\/wp-content\/uploads\/2024\/12\/FEM-Suspension-crane-end-carriages.jpg","datePublished":"2024-12-03T09:07:45+00:00","dateModified":"2024-12-06T05:37:05+00:00","description":"Upph\u00e4ngningskranens \u00e4ndbalk,Europeisk stil upph\u00e4ngd enkelbalkskranens \u00e4ndbalk,FEN\/DIN Upph\u00e4ngningskranens \u00e4ndbalk,FEM Upph\u00e4ngningskranens \u00e4ndvagnar","breadcrumb":{"@id":"https:\/\/www.hnhlcrane.com\/product\/fem-suspension-crane-end-carriages\/#breadcrumb"},"inLanguage":"sv-SE","potentialAction":[{"@type":"ReadAction","target":["https:\/\/www.hnhlcrane.com\/product\/fem-suspension-crane-end-carriages\/"]}]},{"@type":"ImageObject","inLanguage":"sv-SE","@id":"https:\/\/www.hnhlcrane.com\/product\/fem-suspension-crane-end-carriages\/#primaryimage","url":"https:\/\/www.hnhlcrane.com\/wp-content\/uploads\/2024\/12\/FEM-Suspension-crane-end-carriages.jpg","contentUrl":"https:\/\/www.hnhlcrane.com\/wp-content\/uploads\/2024\/12\/FEM-Suspension-crane-end-carriages.jpg","width":600,"height":600},{"@type":"BreadcrumbList","@id":"https:\/\/www.hnhlcrane.com\/product\/fem-suspension-crane-end-carriages\/#breadcrumb","itemListElement":[{"@type":"ListItem","position":1,"name":"home","item":"https:\/\/www.hnhlcrane.com\/"},{"@type":"ListItem","position":2,"name":"products","item":"https:\/\/www.hnhlcrane.com\/products\/"},{"@type":"ListItem","position":3,"name":"FEM Suspension crane end carriages"}]},{"@type":"WebSite","@id":"https:\/\/www.hnhlcrane.com\/#website","url":"https:\/\/www.hnhlcrane.com\/","name":"Leverant\u00f6r av krandelar-HL Crame","description":"One-stop-l\u00f6sning f\u00f6r alla dina behov av krandelar, krankrok, krantrumma, kranhjul, krankoppling, kranv\u00e4xell\u00e5da, kranmotor, kranbroms, speciell kranspridare, krangrepp, containerspridare, krankl\u00e4mmor av betsel, spridare av kran av C-typ,Lyftelektromagnet,Kranskena kl\u00e4mmor,Elektrisk lyftanordning,FEM-standard kran\u00e4ndvagnar,L\u00e4tta krandelar,Arbetsstationskrandelar,Kran elektriska delar,I-balk kabelvagn,Kran fj\u00e4rrkontroll,Kran elektriska kontrollsk\u00e5p,Kranbegr\u00e4nsningsbrytare,Kranljud- och ljuslarm,Heavy Duty Aviation Connector,Kran\u00f6verbelastningsbegr\u00e4nsare,Leverant\u00f6r av krandelar i Kina,Krankrokar,Portalkrankrok,Krantillbeh\u00f6r,Smidd krok,krokbearbetning,Kroktillverkare,Kina standardkrankrok,elektrisk lyftkrok,Kranskiva,Krokskiva,Valsad remskiva,Leverant\u00f6r av kranskivor,Europeisk krokskiva,Portalkrankrokskiva,Krantrumma av WZL-typ,Hjulsats i europeisk stil,Kranrulle,krandelar,Trumbearbetning,krantrumma tillverkare,Gjuten st\u00e5ltrumma,Elektrisk lyfttrumma,Krantrumma montering,DRS hjulblock,Europeiska kranhjul,Smidda hjul,Aktiv hjulupps\u00e4ttning,Drivhjulupps\u00e4ttning,Drivhjulsgrupp,Kranhjul tillverkare,Demag kranhjul,Konecranes kranhjul,Traverskranhjul,Axelkopplingar,Kraft\u00f6verf\u00f6ringskopplingar,Skivkopplingar,V\u00e4tskekopplingar,Kopplingstillverkare,Cardankoppling,Kranreducerare,Crane Decelerators,Reducer v\u00e4xell\u00e5da,Reducer f\u00f6r kran,Reduktionsv\u00e4xel f\u00f6r kran,Reduktionsv\u00e4xel f\u00f6r kran,Reduktionsv\u00e4xel f\u00f6r h\u00e5rd tandytaCrane and hoist reducer,Flender reducer,Reducer tillverkare,ZQ reducer,QJ reducer,QJY reducer,V\u00e4xelmotorer,Konecranes reducer,F-serie tre-i-ett-reducerare,K-serie tre-i-ett-reducerare,resemaskiner,Resemotor med v\u00e4xel,V\u00e4xelmotor f\u00f6r kranresor,Resemaskiner Frekvensomriktarmotorer,FEM-standardv\u00e4xelmotorer,Kranmotorer,Invertermotorer,Lyftmotorer,motorKranmotorer,Specialmotor f\u00f6r kran,YZR YZP YZ-serie motorer,Kran- och lyftmotor,Frekvensomvandlingsmotor,Elektrohydrauliska trumbromsar,Elektrohydrauliska skivbromsar,Broms,Traverskranbromsar,Skivbromsar,Elektromagnetisk skivbroms,Kranhydraulisk skivbroms,Bromstillverkare,Kran S\u00e4kerhetsbromsar,Singlr rep grip,Fyra rep grip,Elektrohydraulisk multi-flap grip,Orange peel grip,Elmotor grip,Elektrohydraulisk kl\u00e4mskalsgrip,griptillverkare,Containerspridare tillverkare,20ft Containerspridare,Halvautomatisk containerspridare,40ft Containerlyftram,TEC containerspridare,Billetlyftkl\u00e4mma,Billetkl\u00e4mmor,Billetkrankl\u00e4mmor tillverkare,billetlyftkl\u00e4mmor Kina leverant\u00f6r,Coil C-Typ Krok,coil krok,Traverskran St\u00e5l Coil C-Typ Krok,Kran C-krok,C-typ spridare,C-typ krok,Kranmagneter,R\u00e4lsbef\u00e4stningsanordning,Kranskena fixeringsanordning,kranskena kl\u00e4mma,CD \/ MD Wire Rope Electric Hoist,Wire Rope Electric Hoist Kina Tillverkare,Single Girder Wire Rope Electric Hoist,Double Girder Wire Rope Electric Hoist,K\u00e4ttingtelfer,Elektrisk kedjetelfer tillverkare,Elektrisk kedjetelfer Kina distribut\u00f6r,Europeisk wire rope elektrisk lyftanordning,Europeisk dubbelbalk wire rope elektrisk lyftanordning,European Style Single Beam Crane End Carriage,FEN \/ DIN European Style Single Beam Crane End Carriage,Tillverkare av kran\u00e4ndbalkar, europeisk stil lyft dubbelbalkskran\u00e4ndbalk, upph\u00e4ngningskran\u00e4ndbalk, europeisk stil upph\u00e4ngd enkelbalkskran\u00e4ndbalk, FEN \/ DIN upph\u00e4ngningskran\u00e4ndbalk, krankabelvagn, tr\u00e5dl\u00f6s fj\u00e4rrkontroll, fj\u00e4rrkontroll, kranstyrhandtag, krankontroller, elektriskt styrsk\u00e5p, kranstyrsk\u00e5p, gr\u00e4nsl\u00e4gesbrytare, ljud- och ljuslarm, flygplugg, snabbkontakt, kranflygplugg, \u00f6verbelastningsbegr\u00e4nsare","publisher":{"@id":"https:\/\/www.hnhlcrane.com\/#organization"},"potentialAction":[{"@type":"SearchAction","target":{"@type":"EntryPoint","urlTemplate":"https:\/\/www.hnhlcrane.com\/?s={search_term_string}"},"query-input":{"@type":"PropertyValueSpecification","valueRequired":true,"valueName":"search_term_string"}}],"inLanguage":"sv-SE"},{"@type":"Organization","@id":"https:\/\/www.hnhlcrane.com\/#organization","name":"Leverant\u00f6r av krandelar-HL Crame","url":"https:\/\/www.hnhlcrane.com\/","logo":{"@type":"ImageObject","inLanguage":"sv-SE","@id":"https:\/\/www.hnhlcrane.com\/#\/schema\/logo\/image\/","url":"https:\/\/www.hnhlcrane.com\/wp-content\/uploads\/2024\/09\/logo6-1-e1733899395598.png","contentUrl":"https:\/\/www.hnhlcrane.com\/wp-content\/uploads\/2024\/09\/logo6-1-e1733899395598.png","width":1000,"height":282,"caption":"Crane Parts Supplier-HL Crame"},"image":{"@id":"https:\/\/www.hnhlcrane.com\/#\/schema\/logo\/image\/"}}]}},"_links":{"self":[{"href":"https:\/\/www.hnhlcrane.com\/sv\/wp-json\/wp\/v2\/product\/5659","targetHints":{"allow":["GET"]}}],"collection":[{"href":"https:\/\/www.hnhlcrane.com\/sv\/wp-json\/wp\/v2\/product"}],"about":[{"href":"https:\/\/www.hnhlcrane.com\/sv\/wp-json\/wp\/v2\/types\/product"}],"version-history":[{"count":0,"href":"https:\/\/www.hnhlcrane.com\/sv\/wp-json\/wp\/v2\/product\/5659\/revisions"}],"wp:featuredmedia":[{"embeddable":true,"href":"https:\/\/www.hnhlcrane.com\/sv\/wp-json\/wp\/v2\/media\/5660"}],"wp:attachment":[{"href":"https:\/\/www.hnhlcrane.com\/sv\/wp-json\/wp\/v2\/media?parent=5659"}],"wp:term":[{"taxonomy":"product_brand","embeddable":true,"href":"https:\/\/www.hnhlcrane.com\/sv\/wp-json\/wp\/v2\/product_brand?post=5659"},{"taxonomy":"product_cat","embeddable":true,"href":"https:\/\/www.hnhlcrane.com\/sv\/wp-json\/wp\/v2\/product_cat?post=5659"},{"taxonomy":"product_tag","embeddable":true,"href":"https:\/\/www.hnhlcrane.com\/sv\/wp-json\/wp\/v2\/product_tag?post=5659"}],"curies":[{"name":"wp","href":"https:\/\/api.w.org\/{rel}","templated":true}]}}