{"id":5524,"date":"2024-11-29T21:45:30","date_gmt":"2024-11-29T13:45:30","guid":{"rendered":"https:\/\/www.hnhlcrane.com\/?post_type=product&#038;p=5524"},"modified":"2025-09-14T22:47:54","modified_gmt":"2025-09-14T14:47:54","slug":"cgwk-skenklammor","status":"publish","type":"product","link":"https:\/\/www.hnhlcrane.com\/sv\/produkt\/cgwk-skenklammor\/","title":{"rendered":"CGWK skenkl\u00e4mmor"},"content":{"rendered":"<h6><span style=\"font-family: arial, helvetica, sans-serif; font-size: 18pt;\"><strong>Egenskaper hos CGWK Rail Clips<\/strong><\/span><\/h6>\n<ol>\n<li><strong>Svetsning av bottenplatta<\/strong>:<br \/>\nCGWK-bottenplattan svetsas fast p\u00e5 kranbalkens \u00f6vre fl\u00e4ns med hj\u00e4lp av antingen k\u00e4lsvetsar p\u00e5 tv\u00e5 sidor eller omslutande svetsar p\u00e5 tre sidor. Detta s\u00e4kerst\u00e4ller att de horisontella sidokrafterna fr\u00e5n kranen \u00f6verf\u00f6rs j\u00e4mnt till kranbalken och undviker de strukturella svagheter som orsakas av omfattande borrning p\u00e5 balkfl\u00e4nsen.<\/li>\n<li><strong>Sf\u00e4risk g\u00e5ngj\u00e4rnsanslutning<\/strong>:<br \/>\nBasplattan och den \u00f6vre kl\u00e4mplattan \u00e4r f\u00f6rbundna med varandra via ett sf\u00e4riskt g\u00e5ngj\u00e4rn. Denna konstruktion m\u00f6jligg\u00f6r en l\u00e4tt lutning under sidokrafter, vilket effektivt minskar horisontalkrafternas inverkan p\u00e5 kranbalken och bromssystemen.<\/li>\n<li><strong>Positionering N\u00e4rhet<\/strong>:<br \/>\nCGWK-basplattan \u00e4r placerad ungef\u00e4r <strong>1 mm<\/strong> under r\u00e4lsens nedre kant, vilket effektivt begr\u00e4nsar r\u00e4lsens r\u00f6relse i sidled.<\/li>\n<li><strong>Specialbultar f\u00f6r stabilitet<\/strong>:<br \/>\nSpecialbultar anv\u00e4nds f\u00f6r att optimera lastf\u00f6rdelningen p\u00e5 f\u00e4stkomponenterna, och den \u00f6vre kl\u00e4mplattan kan enkelt tas bort, vilket underl\u00e4ttar installation och underh\u00e5ll.<\/li>\n<li><strong>Material och h\u00e5llfasthet<\/strong>:<br \/>\nAlla f\u00e4stkomponenter \u00e4r tillverkade av l\u00e5glegerat h\u00f6gh\u00e5llfast st\u00e5l. De <strong>M20 klass 8.8<\/strong> h\u00e5llfasthetsbultarna dras \u00e5t med ett vridmoment p\u00e5 <strong>220N-m<\/strong>och systemet kan motst\u00e5 en maximal sidokraft p\u00e5 <strong>65 kN<\/strong> vid varje hjullastpunkt.<\/li>\n<\/ol>\n<h6><span style=\"font-family: arial, helvetica, sans-serif; font-size: 18pt;\"><strong>Installationsanvisningar f\u00f6r CGWK<a href=\"https:\/\/www.hnhlcrane.com\/sv\/produkter\/clips-for-kranskena\/\" target=\"_blank\" rel=\"noopener\"> R\u00e4lskl\u00e4mmor<\/a><\/strong><\/span><\/h6>\n<ol>\n<li><strong>J\u00e4rnv\u00e4gsinriktning<\/strong>:<br \/>\nRikta in skenan enligt konstruktionsspecifikationerna innan du p\u00e5b\u00f6rjar installationen.<\/li>\n<li><strong>Positionering av basplatta<\/strong>:\n<ul>\n<li>Placera basplattorna l\u00e4ngs r\u00e4lsens riktning med intervall p\u00e5 <strong>500 mm<\/strong>.<\/li>\n<li>Se till att det vinkelr\u00e4ta avst\u00e5ndet fr\u00e5n bultens centrum till skenans centrum (v\u00e4rde <strong>a<\/strong>) \u00e4r korrekt placerad.<\/li>\n<\/ul>\n<\/li>\n<li><strong>Svetsning av bottenplatta<\/strong>:<br \/>\nSvetsa fast bottenplattan p\u00e5 kranbalken enligt angiven metod (tv\u00e5- eller tresidig svetsning).<\/li>\n<li><strong>Montering av komponenter<\/strong>:<br \/>\nMontera kl\u00e4mmorna i f\u00f6ljande ordning:<\/p>\n<ul>\n<li>Positionera bultarna<\/li>\n<li>Placera den \u00f6vre sp\u00e4nnplattan<\/li>\n<li>L\u00e4gg till planbrickor, fj\u00e4derbrickor och muttrar<\/li>\n<li>Dra \u00e5t muttrarna med ett \u00e5tdragningsmoment p\u00e5 <strong>220N-m<\/strong>.<\/li>\n<\/ul>\n<\/li>\n<\/ol>\n<p><img fetchpriority=\"high\" decoding=\"async\" class=\"alignnone wp-image-5526\" src=\"https:\/\/www.hnhlcrane.com\/wp-content\/uploads\/2024\/11\/CGWK-Rail-Clips-1-300x103.jpg\" alt=\"\" width=\"804\" height=\"276\" srcset=\"https:\/\/www.hnhlcrane.com\/wp-content\/uploads\/2024\/11\/CGWK-Rail-Clips-1-300x103.jpg 300w, https:\/\/www.hnhlcrane.com\/wp-content\/uploads\/2024\/11\/CGWK-Rail-Clips-1-768x263.jpg 768w, https:\/\/www.hnhlcrane.com\/wp-content\/uploads\/2024\/11\/CGWK-Rail-Clips-1-600x205.jpg 600w, https:\/\/www.hnhlcrane.com\/wp-content\/uploads\/2024\/11\/CGWK-Rail-Clips-1.jpg 1000w\" sizes=\"(max-width: 804px) 100vw, 804px\" \/><\/p>","protected":false},"excerpt":{"rendered":"<h6><span style=\"font-family: arial, helvetica, sans-serif; font-size: 14pt;\"><strong>Specifikationer f\u00f6r CGWK skenkl\u00e4mmor<\/strong><\/span><\/h6>\n<ul>\n<li><strong>Modeller<\/strong>: CGWK38, CGWK43, CGWK50, CGWK60, CGWK70, CGWK80, CGWK100, CGWK120<\/li>\n<li><strong>Fasts\u00e4ttningsmetod<\/strong>: Svetsad bottenplatta<\/li>\n<\/ul>","protected":false},"featured_media":5525,"template":"","meta":{"_kad_post_transparent":"default","_kad_post_title":"","_kad_post_layout":"default","_kad_post_sidebar_id":"","_kad_post_content_style":"default","_kad_post_vertical_padding":"show","_kad_post_feature":"","_kad_post_feature_position":"","_kad_post_header":false,"_kad_post_footer":false},"product_brand":[],"product_cat":[83],"product_tag":[224,223,222,221,218,214,217,225,228,216,226,219,227,215,220],"class_list":{"0":"post-5524","1":"product","2":"type-product","3":"status-publish","4":"has-post-thumbnail","6":"product_cat-crane-rail-clips","7":"product_tag-05g525-rail-clips","8":"product_tag-cgbk-rail-clips","9":"product_tag-cgek-rail-clips","10":"product_tag-cgwk-rail-clips","11":"product_tag-crane-rail-clamp","12":"product_tag-crane-rail-clips","13":"product_tag-crane-rail-fixing-device","14":"product_tag-hdgy-rail-clips","15":"product_tag-rail-connection-splint","16":"product_tag-rail-fixing-device","17":"product_tag-rail-joints","18":"product_tag-swjk-rail-clips","19":"product_tag-tracks-jointing-plates","20":"product_tag-wjk-rail-clips","21":"product_tag-wjkc-rail-clips","23":"first","24":"instock","25":"shipping-taxable","26":"product-type-simple","27":"entry","28":"content-bg","29":"loop-entry"},"yoast_head":"<!-- This site is optimized with the Yoast SEO plugin v25.6 - https:\/\/yoast.com\/wordpress\/plugins\/seo\/ -->\n<title>CGWK Rail Clips \u2013 Durable &amp; Reliable Rail Fastening Solution<\/title>\n<meta name=\"description\" content=\"High-quality CGWK Rail Clips for secure and long-lasting rail connections. Ideal for railways, industrial tracks, and heavy-duty applications.\" \/>\n<meta name=\"robots\" content=\"index, follow, max-snippet:-1, max-image-preview:large, max-video-preview:-1\" \/>\n<link rel=\"canonical\" href=\"https:\/\/www.hnhlcrane.com\/sv\/produkt\/cgwk-skenklammor\/\" \/>\n<meta property=\"og:locale\" content=\"sv_SE\" \/>\n<meta property=\"og:type\" content=\"article\" \/>\n<meta property=\"og:title\" content=\"CGWK Rail Clips \u2013 Durable &amp; Reliable Rail Fastening Solution\" \/>\n<meta property=\"og:description\" content=\"High-quality CGWK Rail Clips for secure and long-lasting rail connections. Ideal for railways, industrial tracks, and heavy-duty applications.\" \/>\n<meta property=\"og:url\" content=\"https:\/\/www.hnhlcrane.com\/sv\/produkt\/cgwk-skenklammor\/\" \/>\n<meta property=\"og:site_name\" content=\"Crane Parts Supplier-HL Crame\" \/>\n<meta property=\"article:modified_time\" content=\"2025-09-14T14:47:54+00:00\" \/>\n<meta property=\"og:image\" content=\"https:\/\/www.hnhlcrane.com\/wp-content\/uploads\/2024\/11\/CGWK-Rail-Clips.jpg\" \/>\n\t<meta property=\"og:image:width\" content=\"600\" \/>\n\t<meta property=\"og:image:height\" content=\"600\" \/>\n\t<meta property=\"og:image:type\" content=\"image\/jpeg\" \/>\n<meta name=\"twitter:card\" content=\"summary_large_image\" \/>\n<meta name=\"twitter:label1\" content=\"Ber\u00e4knad l\u00e4stid\" \/>\n\t<meta name=\"twitter:data1\" content=\"2 minuter\" \/>\n<script type=\"application\/ld+json\" class=\"yoast-schema-graph\">{\"@context\":\"https:\/\/schema.org\",\"@graph\":[{\"@type\":\"WebPage\",\"@id\":\"https:\/\/www.hnhlcrane.com\/product\/cgwk-rail-clips\/\",\"url\":\"https:\/\/www.hnhlcrane.com\/product\/cgwk-rail-clips\/\",\"name\":\"CGWK Rail Clips \u2013 Durable & Reliable Rail Fastening Solution\",\"isPartOf\":{\"@id\":\"https:\/\/www.hnhlcrane.com\/#website\"},\"primaryImageOfPage\":{\"@id\":\"https:\/\/www.hnhlcrane.com\/product\/cgwk-rail-clips\/#primaryimage\"},\"image\":{\"@id\":\"https:\/\/www.hnhlcrane.com\/product\/cgwk-rail-clips\/#primaryimage\"},\"thumbnailUrl\":\"https:\/\/www.hnhlcrane.com\/wp-content\/uploads\/2024\/11\/CGWK-Rail-Clips.jpg\",\"datePublished\":\"2024-11-29T13:45:30+00:00\",\"dateModified\":\"2025-09-14T14:47:54+00:00\",\"description\":\"High-quality CGWK Rail Clips for secure and long-lasting rail connections. Ideal for railways, industrial tracks, and heavy-duty applications.\",\"breadcrumb\":{\"@id\":\"https:\/\/www.hnhlcrane.com\/product\/cgwk-rail-clips\/#breadcrumb\"},\"inLanguage\":\"sv-SE\",\"potentialAction\":[{\"@type\":\"ReadAction\",\"target\":[\"https:\/\/www.hnhlcrane.com\/product\/cgwk-rail-clips\/\"]}]},{\"@type\":\"ImageObject\",\"inLanguage\":\"sv-SE\",\"@id\":\"https:\/\/www.hnhlcrane.com\/product\/cgwk-rail-clips\/#primaryimage\",\"url\":\"https:\/\/www.hnhlcrane.com\/wp-content\/uploads\/2024\/11\/CGWK-Rail-Clips.jpg\",\"contentUrl\":\"https:\/\/www.hnhlcrane.com\/wp-content\/uploads\/2024\/11\/CGWK-Rail-Clips.jpg\",\"width\":600,\"height\":600},{\"@type\":\"BreadcrumbList\",\"@id\":\"https:\/\/www.hnhlcrane.com\/product\/cgwk-rail-clips\/#breadcrumb\",\"itemListElement\":[{\"@type\":\"ListItem\",\"position\":1,\"name\":\"home\",\"item\":\"https:\/\/www.hnhlcrane.com\/\"},{\"@type\":\"ListItem\",\"position\":2,\"name\":\"products\",\"item\":\"https:\/\/www.hnhlcrane.com\/products\/\"},{\"@type\":\"ListItem\",\"position\":3,\"name\":\"CGWK Rail Clips\"}]},{\"@type\":\"WebSite\",\"@id\":\"https:\/\/www.hnhlcrane.com\/#website\",\"url\":\"https:\/\/www.hnhlcrane.com\/\",\"name\":\"Crane Parts Supplier-HL Crame\",\"description\":\"One-stop solution for all your  crane parts needs,Crane Hook,Crane Drum,Crane Wheel,Crane Coupling,Crane Gearbox,Crane Motor,Crane Brake,Special Crane Spreader,Crane grab,Container spreader,Billet crane clamps,Crane C-type spreader,Lifting Electromagnet,Crane Rail Clips,Electric Hoist,FEM Standard Crane End Carriages,Light Crane Parts,Workstation Crane Parts,Crane Electrical Parts,I-beam cable trolley,Crane remote controller,Crane electrical control cabinet,Crane limit switch,Crane sound and light alarm,Heavy Duty Aviation Connector,Crane overload limiter,China Crane Parts Supplier,Crane hooks,Gantry crane hook,Crane accessories,Forged hook,hook processing,Hook manufacturer,China standard crane hook,electric hoist hook,Crane pulley,Hook pulley,Rolled pulley,Crane Pulley Supplier\uff0cEuropean hook pulley,Gantry crane hook pulley,WZL type crane drum,European style reel set,Crane reel,crane parts,Drum processing,crane drum manufacturer,Cast steel drum,Electric hoist drum,Crane drum assembly,DRS Wheel Blocks,European crane wheel,Forged wheels,Active wheel set,Driving wheel set,Driven wheel group,crane wheels manufacturer,Demag crane wheels,Konecranes Crane Wheels,Overhead crane Wheel,Shaft couplings,Power Transmission Couplings,Disc Couplings,Fluid couplings,Coupling manufacturer\uff0cCardan coupling,Crane Reducer,Crane Decelerators,Reducer gearbox,Reducer for crane,Gear Reducer For Crane,Hard tooth surface reducerCrane and hoist reducer,Flender reducer,Reducer manufacturer,ZQ reducer,QJ reducer,QJY reducer,Gear Motors,Konecranes reducer,F series three-in-one reducer,K series three-in-one reducer,travelling machinery,Travelling Motor With Gear,Gear Motor for Crane Traveling,Travelling machinery Frequency inverter motors,FEM standard Gear Motors,Crane motors,Inverter motors,Hoist motors,motorCrane duty motors,Special motor for crane,YZR YZP YZ series motors,Crane and hoist motor,Frequency conversion motor,Electro hydraulic drum brakes,Electro-hydraulic disc brakes,Brake,Overhead Crane Brakes,Disc brakes,Electromagnetic disk brake,Crane hydraulic disc brake,Brakes manufacturer,crane Safety brakes,Singlr rope grab,Four rope grab,Electro-hydraulic multi-flap grab,Orange peel grab,Electric motor grab,Electro-Hydraulicclamshell grab,grab manufacturers,Container spreader manufacturers,20ft Container Spreader,Semi Automatic container spreader,40ft Container Lifting Frame,TEC container Spreader,Billet lifting clamp,Billet Clamps,Billet crane clamps manufacturer,billet lifting clamps china supplier,Coil C-Type Hook,coil hook,Overhead Crane Steel Coil C-Type Hook,Crane C-hook,C-type spreader,C-type hook,Crane magnets,Rail fixing device,Crane Rail fixing device,crane Rail Clamp,CD\/MD Wire Rope Electric Hoist,Wire Rope Electric Hoist China Manufacturer,Single Girder Wire Rope Electric Hoist,Double Girder Wire Rope Electric Hoist,Chain Hoist,Electric chain hoist manufacturer,Electric chain hoist China distributor,European wire rope electric hoist\uff0cEuropean double beam wire rope electric hoist,European Style Single Beam Crane End Carriage,FEN\/DIN European Style Single Beam Crane End Carriage,Crane end beam manufacturers,European style hoist double beam crane end beam,Suspension crane end beam,European style suspended single beam crane end beam,FEN\/DIN Suspension crane end beam,crane cable trolley,Wireless remote control,remote controller,Crane control handle,Crane Controls,electrical control cabinet,crane control cabinet,Limit switch,Sound and light alarm,Aviation plug,quick connector,Crane aviation plug,Overload limiter\",\"publisher\":{\"@id\":\"https:\/\/www.hnhlcrane.com\/#organization\"},\"potentialAction\":[{\"@type\":\"SearchAction\",\"target\":{\"@type\":\"EntryPoint\",\"urlTemplate\":\"https:\/\/www.hnhlcrane.com\/?s={search_term_string}\"},\"query-input\":{\"@type\":\"PropertyValueSpecification\",\"valueRequired\":true,\"valueName\":\"search_term_string\"}}],\"inLanguage\":\"sv-SE\"},{\"@type\":\"Organization\",\"@id\":\"https:\/\/www.hnhlcrane.com\/#organization\",\"name\":\"Crane Parts Supplier-HL Crame\",\"url\":\"https:\/\/www.hnhlcrane.com\/\",\"logo\":{\"@type\":\"ImageObject\",\"inLanguage\":\"sv-SE\",\"@id\":\"https:\/\/www.hnhlcrane.com\/#\/schema\/logo\/image\/\",\"url\":\"https:\/\/www.hnhlcrane.com\/wp-content\/uploads\/2024\/09\/logo6-1-e1733899395598.png\",\"contentUrl\":\"https:\/\/www.hnhlcrane.com\/wp-content\/uploads\/2024\/09\/logo6-1-e1733899395598.png\",\"width\":1000,\"height\":282,\"caption\":\"Crane Parts Supplier-HL Crame\"},\"image\":{\"@id\":\"https:\/\/www.hnhlcrane.com\/#\/schema\/logo\/image\/\"}}]}<\/script>\n<!-- \/ Yoast SEO plugin. -->","yoast_head_json":{"title":"CGWK Rail Clips - h\u00e5llbar och p\u00e5litlig l\u00f6sning f\u00f6r inf\u00e4stning av skenor","description":"CGWK Rail Clips av h\u00f6g kvalitet f\u00f6r s\u00e4kra och l\u00e5ngvariga r\u00e4lsanslutningar. Perfekt f\u00f6r j\u00e4rnv\u00e4gar, industrisp\u00e5r och tunga till\u00e4mpningar.","robots":{"index":"index","follow":"follow","max-snippet":"max-snippet:-1","max-image-preview":"max-image-preview:large","max-video-preview":"max-video-preview:-1"},"canonical":"https:\/\/www.hnhlcrane.com\/sv\/produkt\/cgwk-skenklammor\/","og_locale":"sv_SE","og_type":"article","og_title":"CGWK Rail Clips \u2013 Durable & Reliable Rail Fastening Solution","og_description":"High-quality CGWK Rail Clips for secure and long-lasting rail connections. Ideal for railways, industrial tracks, and heavy-duty applications.","og_url":"https:\/\/www.hnhlcrane.com\/sv\/produkt\/cgwk-skenklammor\/","og_site_name":"Crane Parts Supplier-HL Crame","article_modified_time":"2025-09-14T14:47:54+00:00","og_image":[{"width":600,"height":600,"url":"https:\/\/www.hnhlcrane.com\/wp-content\/uploads\/2024\/11\/CGWK-Rail-Clips.jpg","type":"image\/jpeg"}],"twitter_card":"summary_large_image","twitter_misc":{"Ber\u00e4knad l\u00e4stid":"2 minuter"},"schema":{"@context":"https:\/\/schema.org","@graph":[{"@type":"WebPage","@id":"https:\/\/www.hnhlcrane.com\/product\/cgwk-rail-clips\/","url":"https:\/\/www.hnhlcrane.com\/product\/cgwk-rail-clips\/","name":"CGWK Rail Clips - h\u00e5llbar och p\u00e5litlig l\u00f6sning f\u00f6r inf\u00e4stning av skenor","isPartOf":{"@id":"https:\/\/www.hnhlcrane.com\/#website"},"primaryImageOfPage":{"@id":"https:\/\/www.hnhlcrane.com\/product\/cgwk-rail-clips\/#primaryimage"},"image":{"@id":"https:\/\/www.hnhlcrane.com\/product\/cgwk-rail-clips\/#primaryimage"},"thumbnailUrl":"https:\/\/www.hnhlcrane.com\/wp-content\/uploads\/2024\/11\/CGWK-Rail-Clips.jpg","datePublished":"2024-11-29T13:45:30+00:00","dateModified":"2025-09-14T14:47:54+00:00","description":"CGWK Rail Clips av h\u00f6g kvalitet f\u00f6r s\u00e4kra och l\u00e5ngvariga r\u00e4lsanslutningar. Perfekt f\u00f6r j\u00e4rnv\u00e4gar, industrisp\u00e5r och tunga till\u00e4mpningar.","breadcrumb":{"@id":"https:\/\/www.hnhlcrane.com\/product\/cgwk-rail-clips\/#breadcrumb"},"inLanguage":"sv-SE","potentialAction":[{"@type":"ReadAction","target":["https:\/\/www.hnhlcrane.com\/product\/cgwk-rail-clips\/"]}]},{"@type":"ImageObject","inLanguage":"sv-SE","@id":"https:\/\/www.hnhlcrane.com\/product\/cgwk-rail-clips\/#primaryimage","url":"https:\/\/www.hnhlcrane.com\/wp-content\/uploads\/2024\/11\/CGWK-Rail-Clips.jpg","contentUrl":"https:\/\/www.hnhlcrane.com\/wp-content\/uploads\/2024\/11\/CGWK-Rail-Clips.jpg","width":600,"height":600},{"@type":"BreadcrumbList","@id":"https:\/\/www.hnhlcrane.com\/product\/cgwk-rail-clips\/#breadcrumb","itemListElement":[{"@type":"ListItem","position":1,"name":"home","item":"https:\/\/www.hnhlcrane.com\/"},{"@type":"ListItem","position":2,"name":"products","item":"https:\/\/www.hnhlcrane.com\/products\/"},{"@type":"ListItem","position":3,"name":"CGWK Rail Clips"}]},{"@type":"WebSite","@id":"https:\/\/www.hnhlcrane.com\/#website","url":"https:\/\/www.hnhlcrane.com\/","name":"Leverant\u00f6r av krandelar-HL Crame","description":"One-stop-l\u00f6sning f\u00f6r alla dina behov av krandelar, krankrok, krantrumma, kranhjul, krankoppling, kranv\u00e4xell\u00e5da, kranmotor, kranbroms, speciell kranspridare, krangrepp, containerspridare, krankl\u00e4mmor av betsel, spridare av kran av C-typ,Lyftelektromagnet,Kranskena kl\u00e4mmor,Elektrisk lyftanordning,FEM-standard kran\u00e4ndvagnar,L\u00e4tta krandelar,Arbetsstationskrandelar,Kran elektriska delar,I-balk kabelvagn,Kran fj\u00e4rrkontroll,Kran elektriska kontrollsk\u00e5p,Kranbegr\u00e4nsningsbrytare,Kranljud- och ljuslarm,Heavy Duty Aviation Connector,Kran\u00f6verbelastningsbegr\u00e4nsare,Leverant\u00f6r av krandelar i Kina,Krankrokar,Portalkrankrok,Krantillbeh\u00f6r,Smidd krok,krokbearbetning,Kroktillverkare,Kina standardkrankrok,elektrisk lyftkrok,Kranskiva,Krokskiva,Valsad remskiva,Leverant\u00f6r av kranskivor,Europeisk krokskiva,Portalkrankrokskiva,Krantrumma av WZL-typ,Hjulsats i europeisk stil,Kranrulle,krandelar,Trumbearbetning,krantrumma tillverkare,Gjuten st\u00e5ltrumma,Elektrisk lyfttrumma,Krantrumma montering,DRS hjulblock,Europeiska kranhjul,Smidda hjul,Aktiv hjulupps\u00e4ttning,Drivhjulupps\u00e4ttning,Drivhjulsgrupp,Kranhjul tillverkare,Demag kranhjul,Konecranes kranhjul,Traverskranhjul,Axelkopplingar,Kraft\u00f6verf\u00f6ringskopplingar,Skivkopplingar,V\u00e4tskekopplingar,Kopplingstillverkare,Cardankoppling,Kranreducerare,Crane Decelerators,Reducer v\u00e4xell\u00e5da,Reducer f\u00f6r kran,Reduktionsv\u00e4xel f\u00f6r kran,Reduktionsv\u00e4xel f\u00f6r kran,Reduktionsv\u00e4xel f\u00f6r h\u00e5rd tandytaCrane and hoist reducer,Flender reducer,Reducer tillverkare,ZQ reducer,QJ reducer,QJY reducer,V\u00e4xelmotorer,Konecranes reducer,F-serie tre-i-ett-reducerare,K-serie tre-i-ett-reducerare,resemaskiner,Resemotor med v\u00e4xel,V\u00e4xelmotor f\u00f6r kranresor,Resemaskiner Frekvensomriktarmotorer,FEM-standardv\u00e4xelmotorer,Kranmotorer,Invertermotorer,Lyftmotorer,motorKranmotorer,Specialmotor f\u00f6r kran,YZR YZP YZ-serie motorer,Kran- och lyftmotor,Frekvensomvandlingsmotor,Elektrohydrauliska trumbromsar,Elektrohydrauliska skivbromsar,Broms,Traverskranbromsar,Skivbromsar,Elektromagnetisk skivbroms,Kranhydraulisk skivbroms,Bromstillverkare,Kran S\u00e4kerhetsbromsar,Singlr rep grip,Fyra rep grip,Elektrohydraulisk multi-flap grip,Orange peel grip,Elmotor grip,Elektrohydraulisk kl\u00e4mskalsgrip,griptillverkare,Containerspridare tillverkare,20ft Containerspridare,Halvautomatisk containerspridare,40ft Containerlyftram,TEC containerspridare,Billetlyftkl\u00e4mma,Billetkl\u00e4mmor,Billetkrankl\u00e4mmor tillverkare,billetlyftkl\u00e4mmor Kina leverant\u00f6r,Coil C-Typ Krok,coil krok,Traverskran St\u00e5l Coil C-Typ Krok,Kran C-krok,C-typ spridare,C-typ krok,Kranmagneter,R\u00e4lsbef\u00e4stningsanordning,Kranskena fixeringsanordning,kranskena kl\u00e4mma,CD \/ MD Wire Rope Electric Hoist,Wire Rope Electric Hoist Kina Tillverkare,Single Girder Wire Rope Electric Hoist,Double Girder Wire Rope Electric Hoist,K\u00e4ttingtelfer,Elektrisk kedjetelfer tillverkare,Elektrisk kedjetelfer Kina distribut\u00f6r,Europeisk wire rope elektrisk lyftanordning,Europeisk dubbelbalk wire rope elektrisk lyftanordning,European Style Single Beam Crane End Carriage,FEN \/ DIN European Style Single Beam Crane End Carriage,Tillverkare av kran\u00e4ndbalkar, europeisk stil lyft dubbelbalkskran\u00e4ndbalk, upph\u00e4ngningskran\u00e4ndbalk, europeisk stil upph\u00e4ngd enkelbalkskran\u00e4ndbalk, FEN \/ DIN upph\u00e4ngningskran\u00e4ndbalk, krankabelvagn, tr\u00e5dl\u00f6s fj\u00e4rrkontroll, fj\u00e4rrkontroll, kranstyrhandtag, krankontroller, elektriskt styrsk\u00e5p, kranstyrsk\u00e5p, gr\u00e4nsl\u00e4gesbrytare, ljud- och ljuslarm, flygplugg, snabbkontakt, kranflygplugg, \u00f6verbelastningsbegr\u00e4nsare","publisher":{"@id":"https:\/\/www.hnhlcrane.com\/#organization"},"potentialAction":[{"@type":"SearchAction","target":{"@type":"EntryPoint","urlTemplate":"https:\/\/www.hnhlcrane.com\/?s={search_term_string}"},"query-input":{"@type":"PropertyValueSpecification","valueRequired":true,"valueName":"search_term_string"}}],"inLanguage":"sv-SE"},{"@type":"Organization","@id":"https:\/\/www.hnhlcrane.com\/#organization","name":"Leverant\u00f6r av krandelar-HL Crame","url":"https:\/\/www.hnhlcrane.com\/","logo":{"@type":"ImageObject","inLanguage":"sv-SE","@id":"https:\/\/www.hnhlcrane.com\/#\/schema\/logo\/image\/","url":"https:\/\/www.hnhlcrane.com\/wp-content\/uploads\/2024\/09\/logo6-1-e1733899395598.png","contentUrl":"https:\/\/www.hnhlcrane.com\/wp-content\/uploads\/2024\/09\/logo6-1-e1733899395598.png","width":1000,"height":282,"caption":"Crane Parts Supplier-HL Crame"},"image":{"@id":"https:\/\/www.hnhlcrane.com\/#\/schema\/logo\/image\/"}}]}},"_links":{"self":[{"href":"https:\/\/www.hnhlcrane.com\/sv\/wp-json\/wp\/v2\/product\/5524","targetHints":{"allow":["GET"]}}],"collection":[{"href":"https:\/\/www.hnhlcrane.com\/sv\/wp-json\/wp\/v2\/product"}],"about":[{"href":"https:\/\/www.hnhlcrane.com\/sv\/wp-json\/wp\/v2\/types\/product"}],"version-history":[{"count":1,"href":"https:\/\/www.hnhlcrane.com\/sv\/wp-json\/wp\/v2\/product\/5524\/revisions"}],"predecessor-version":[{"id":6970,"href":"https:\/\/www.hnhlcrane.com\/sv\/wp-json\/wp\/v2\/product\/5524\/revisions\/6970"}],"wp:featuredmedia":[{"embeddable":true,"href":"https:\/\/www.hnhlcrane.com\/sv\/wp-json\/wp\/v2\/media\/5525"}],"wp:attachment":[{"href":"https:\/\/www.hnhlcrane.com\/sv\/wp-json\/wp\/v2\/media?parent=5524"}],"wp:term":[{"taxonomy":"product_brand","embeddable":true,"href":"https:\/\/www.hnhlcrane.com\/sv\/wp-json\/wp\/v2\/product_brand?post=5524"},{"taxonomy":"product_cat","embeddable":true,"href":"https:\/\/www.hnhlcrane.com\/sv\/wp-json\/wp\/v2\/product_cat?post=5524"},{"taxonomy":"product_tag","embeddable":true,"href":"https:\/\/www.hnhlcrane.com\/sv\/wp-json\/wp\/v2\/product_tag?post=5524"}],"curies":[{"name":"wp","href":"https:\/\/api.w.org\/{rel}","templated":true}]}}