{"id":5519,"date":"2024-11-29T21:34:40","date_gmt":"2024-11-29T13:34:40","guid":{"rendered":"https:\/\/www.hnhlcrane.com\/?post_type=product&#038;p=5519"},"modified":"2025-09-14T22:39:20","modified_gmt":"2025-09-14T14:39:20","slug":"wjkc-skenklammor","status":"publish","type":"product","link":"https:\/\/www.hnhlcrane.com\/sv\/produkt\/wjkc-skenklammor\/","title":{"rendered":"WJKC skenkl\u00e4mmor"},"content":{"rendered":"<h6><span style=\"font-family: arial, helvetica, sans-serif; font-size: 18pt;\"><strong>Egenskaper f\u00f6r WJKC Rail Clips<\/strong><\/span><\/h6>\n<ol>\n<li><strong>Prim\u00e4ra till\u00e4mpningar<\/strong>:<br \/>\nWJKC:s r\u00e4lskl\u00e4mmor anv\u00e4nds fr\u00e4mst f\u00f6r att f\u00e4sta kranskenor med horisontella styrhjul p\u00e5 kranbalkar av st\u00e5l samt f\u00f6r att f\u00e4sta r\u00e4ls p\u00e5 mjukkrokskranar med stort tonnage.<\/li>\n<li><strong>Enkel installation<\/strong>:<br \/>\nKonstruktionen g\u00f6r det enkelt att installera, justera och byta ut skenorna.<\/li>\n<li><strong>Ingen borrning kr\u00e4vs<\/strong>:<br \/>\nDessa clips eliminerar behovet av att borra i kranbalkar, eftersom de svetsas direkt p\u00e5 kranbalkens \u00f6vre fl\u00e4ns.<\/li>\n<li><strong>Dubbel bultanslutning<\/strong>:<br \/>\nWJKC:s fixeringsanordningar anv\u00e4nder uteslutande en dubbelbultad anslutning f\u00f6r \u00f6kad stabilitet och tillf\u00f6rlitlighet.<\/li>\n<li><strong>Lastb\u00e4rande kapacitet<\/strong>:\n<ul>\n<li>WJKC1: Klarar en maximal kraft i sidled p\u00e5 <strong>135 kN<\/strong> fr\u00e5n horisontella styrhjul.<\/li>\n<li>WJKC2: Klarar en maximal kraft i sidled p\u00e5 <strong>220 kN<\/strong>.<\/li>\n<li>WJKC3: Klarar en maximal kraft i sidled p\u00e5 <strong>400 kN<\/strong>.<\/li>\n<\/ul>\n<\/li>\n<\/ol>\n<h6><span style=\"font-family: arial, helvetica, sans-serif; font-size: 18pt;\"><strong>\u00d6verv\u00e4ganden f\u00f6r val av WJKC-skenkl\u00e4mmor<\/strong><\/span><\/h6>\n<ul>\n<li>F\u00f6r kranbanor med horisontella styrhjul \u00e4r det obligatoriskt att anv\u00e4nda speciella kompositgummikuddar l\u00e4ngs hela l\u00e4ngden under r\u00e4lsen.<\/li>\n<li>Skenor utan horisontella styrhjul b\u00f6r inte installeras.<\/li>\n<li>QU120-skenor rekommenderas f\u00f6r kranar med stort tonnage, \u00e4ven om andra typer av skenor kan \u00f6verv\u00e4gas i s\u00e4rskilda fall.<\/li>\n<\/ul>\n<h6><span style=\"font-family: arial, helvetica, sans-serif; font-size: 18pt;\"><strong>Installationssekvens och viktiga punkter f\u00f6r WJKC <a href=\"https:\/\/www.hnhlcrane.com\/sv\/produkter\/clips-for-kranskena\/\" target=\"_blank\" rel=\"noopener\">R\u00e4lskl\u00e4mmor<\/a><\/strong><\/span><\/h6>\n<ol>\n<li><strong>Basinriktning<\/strong>:<br \/>\nAnv\u00e4nd de tre sp\u00e5ren p\u00e5 ytan av den fasta basen och mitten av r\u00e4lskl\u00e4mman f\u00f6r att positionera den. Den till\u00e5tna avvikelsen fr\u00e5n kranbalkens mittlinje \u00e4r 1,00 mm.<\/li>\n<li><strong>T-bultar<\/strong>:<br \/>\nS\u00e4tt i T-bultarna och skjut dem i l\u00e4ge mot skenan.<\/li>\n<li><strong>Justeringsplatta<\/strong>:<br \/>\nSe till att den r\u00e4fflade sidan p\u00e5 justeringsplattan \u00e4r v\u00e4nd upp\u00e5t under monteringen.<\/li>\n<li><strong>Montering av komponenter<\/strong>:<br \/>\nMontera pressplattan, brickorna, fj\u00e4derbrickorna och muttrarna i tur och ordning.<\/li>\n<li><strong>Justering och \u00e5tdragning<\/strong>:\n<ul>\n<li>Justera den kilformade justeringsplattan f\u00f6r att s\u00e4kerst\u00e4lla att r\u00e4lskl\u00e4mman \u00e4r vinkelr\u00e4t mot r\u00e4lsen.<\/li>\n<li>Dra \u00e5t bultarna n\u00e4r pressplattan sitter t\u00e4tt mot skenans nedre fl\u00e4ns.<\/li>\n<li>Specifikationer f\u00f6r vridmoment: 256N-m f\u00f6r WJKC1 och WJKC2, 423N-m f\u00f6r WJKC3.<\/li>\n<\/ul>\n<\/li>\n<li><strong>Minskning av stress<\/strong>:<br \/>\nMinimera svetsbelastningen genom att anv\u00e4nda tekniker som symmetrisk svetsning, omv\u00e4nd svetsning eller hoppsvetsning.<\/li>\n<li><strong>Justering av vinklar<\/strong>:<br \/>\nVid projektering och installation b\u00f6r man beakta hur den fasta bottenplattan kan p\u00e5verka kranbalkens vinkel.<\/li>\n<\/ol>\n<p>&nbsp;<\/p>","protected":false},"excerpt":{"rendered":"<p><span style=\"font-family: arial, helvetica, sans-serif;\"><strong>Specifikationer f\u00f6r WJKC Rail Clips<\/strong><\/span><\/p>\n<ul>\n<li><strong>Modeller<\/strong>: WJKC1, WJKC2, WJKC3<\/li>\n<li><strong>Fasts\u00e4ttningsmetod<\/strong>: Svetsad bottenplatta<\/li>\n<\/ul>","protected":false},"featured_media":5520,"template":"","meta":{"_kad_post_transparent":"default","_kad_post_title":"","_kad_post_layout":"default","_kad_post_sidebar_id":"","_kad_post_content_style":"default","_kad_post_vertical_padding":"show","_kad_post_feature":"","_kad_post_feature_position":"","_kad_post_header":false,"_kad_post_footer":false},"product_brand":[],"product_cat":[83],"product_tag":[224,223,222,221,218,214,217,225,228,216,226,219,227,215,220],"class_list":{"0":"post-5519","1":"product","2":"type-product","3":"status-publish","4":"has-post-thumbnail","6":"product_cat-crane-rail-clips","7":"product_tag-05g525-rail-clips","8":"product_tag-cgbk-rail-clips","9":"product_tag-cgek-rail-clips","10":"product_tag-cgwk-rail-clips","11":"product_tag-crane-rail-clamp","12":"product_tag-crane-rail-clips","13":"product_tag-crane-rail-fixing-device","14":"product_tag-hdgy-rail-clips","15":"product_tag-rail-connection-splint","16":"product_tag-rail-fixing-device","17":"product_tag-rail-joints","18":"product_tag-swjk-rail-clips","19":"product_tag-tracks-jointing-plates","20":"product_tag-wjk-rail-clips","21":"product_tag-wjkc-rail-clips","23":"first","24":"instock","25":"shipping-taxable","26":"product-type-simple","27":"entry","28":"content-bg","29":"loop-entry"},"yoast_head":"<!-- This site is optimized with the Yoast SEO plugin v25.6 - https:\/\/yoast.com\/wordpress\/plugins\/seo\/ -->\n<title>WJKC Rail Clips \u2013 Durable &amp; Reliable Rail Fastening Solution<\/title>\n<meta name=\"description\" content=\"High-quality WJKC Rail Clips for secure and long-lasting rail connections. Ideal for railways, industrial tracks, and heavy-duty applications.\" \/>\n<meta name=\"robots\" content=\"index, follow, max-snippet:-1, max-image-preview:large, max-video-preview:-1\" \/>\n<link rel=\"canonical\" href=\"https:\/\/www.hnhlcrane.com\/sv\/produkt\/wjkc-skenklammor\/\" \/>\n<meta property=\"og:locale\" content=\"sv_SE\" \/>\n<meta property=\"og:type\" content=\"article\" \/>\n<meta property=\"og:title\" content=\"WJKC Rail Clips \u2013 Durable &amp; Reliable Rail Fastening Solution\" \/>\n<meta property=\"og:description\" content=\"High-quality WJKC Rail Clips for secure and long-lasting rail connections. Ideal for railways, industrial tracks, and heavy-duty applications.\" \/>\n<meta property=\"og:url\" content=\"https:\/\/www.hnhlcrane.com\/sv\/produkt\/wjkc-skenklammor\/\" \/>\n<meta property=\"og:site_name\" content=\"Crane Parts Supplier-HL Crame\" \/>\n<meta property=\"article:modified_time\" content=\"2025-09-14T14:39:20+00:00\" \/>\n<meta property=\"og:image\" content=\"https:\/\/www.hnhlcrane.com\/wp-content\/uploads\/2024\/11\/WJKC1-Rail-Clips.jpg\" \/>\n\t<meta property=\"og:image:width\" content=\"600\" \/>\n\t<meta property=\"og:image:height\" content=\"600\" \/>\n\t<meta property=\"og:image:type\" content=\"image\/jpeg\" \/>\n<meta name=\"twitter:card\" content=\"summary_large_image\" \/>\n<meta name=\"twitter:label1\" content=\"Ber\u00e4knad l\u00e4stid\" \/>\n\t<meta name=\"twitter:data1\" content=\"2 minuter\" \/>\n<script type=\"application\/ld+json\" class=\"yoast-schema-graph\">{\"@context\":\"https:\/\/schema.org\",\"@graph\":[{\"@type\":\"WebPage\",\"@id\":\"https:\/\/www.hnhlcrane.com\/product\/wjkc-rail-clips\/\",\"url\":\"https:\/\/www.hnhlcrane.com\/product\/wjkc-rail-clips\/\",\"name\":\"WJKC Rail Clips \u2013 Durable & Reliable Rail Fastening Solution\",\"isPartOf\":{\"@id\":\"https:\/\/www.hnhlcrane.com\/#website\"},\"primaryImageOfPage\":{\"@id\":\"https:\/\/www.hnhlcrane.com\/product\/wjkc-rail-clips\/#primaryimage\"},\"image\":{\"@id\":\"https:\/\/www.hnhlcrane.com\/product\/wjkc-rail-clips\/#primaryimage\"},\"thumbnailUrl\":\"https:\/\/www.hnhlcrane.com\/wp-content\/uploads\/2024\/11\/WJKC1-Rail-Clips.jpg\",\"datePublished\":\"2024-11-29T13:34:40+00:00\",\"dateModified\":\"2025-09-14T14:39:20+00:00\",\"description\":\"High-quality WJKC Rail Clips for secure and long-lasting rail connections. Ideal for railways, industrial tracks, and heavy-duty applications.\",\"breadcrumb\":{\"@id\":\"https:\/\/www.hnhlcrane.com\/product\/wjkc-rail-clips\/#breadcrumb\"},\"inLanguage\":\"sv-SE\",\"potentialAction\":[{\"@type\":\"ReadAction\",\"target\":[\"https:\/\/www.hnhlcrane.com\/product\/wjkc-rail-clips\/\"]}]},{\"@type\":\"ImageObject\",\"inLanguage\":\"sv-SE\",\"@id\":\"https:\/\/www.hnhlcrane.com\/product\/wjkc-rail-clips\/#primaryimage\",\"url\":\"https:\/\/www.hnhlcrane.com\/wp-content\/uploads\/2024\/11\/WJKC1-Rail-Clips.jpg\",\"contentUrl\":\"https:\/\/www.hnhlcrane.com\/wp-content\/uploads\/2024\/11\/WJKC1-Rail-Clips.jpg\",\"width\":600,\"height\":600},{\"@type\":\"BreadcrumbList\",\"@id\":\"https:\/\/www.hnhlcrane.com\/product\/wjkc-rail-clips\/#breadcrumb\",\"itemListElement\":[{\"@type\":\"ListItem\",\"position\":1,\"name\":\"home\",\"item\":\"https:\/\/www.hnhlcrane.com\/\"},{\"@type\":\"ListItem\",\"position\":2,\"name\":\"products\",\"item\":\"https:\/\/www.hnhlcrane.com\/products\/\"},{\"@type\":\"ListItem\",\"position\":3,\"name\":\"WJKC Rail Clips\"}]},{\"@type\":\"WebSite\",\"@id\":\"https:\/\/www.hnhlcrane.com\/#website\",\"url\":\"https:\/\/www.hnhlcrane.com\/\",\"name\":\"Crane Parts Supplier-HL Crame\",\"description\":\"One-stop solution for all your  crane parts needs,Crane Hook,Crane Drum,Crane Wheel,Crane Coupling,Crane Gearbox,Crane Motor,Crane Brake,Special Crane Spreader,Crane grab,Container spreader,Billet crane clamps,Crane C-type spreader,Lifting Electromagnet,Crane Rail Clips,Electric Hoist,FEM Standard Crane End Carriages,Light Crane Parts,Workstation Crane Parts,Crane Electrical Parts,I-beam cable trolley,Crane remote controller,Crane electrical control cabinet,Crane limit switch,Crane sound and light alarm,Heavy Duty Aviation Connector,Crane overload limiter,China Crane Parts Supplier,Crane hooks,Gantry crane hook,Crane accessories,Forged hook,hook processing,Hook manufacturer,China standard crane hook,electric hoist hook,Crane pulley,Hook pulley,Rolled pulley,Crane Pulley Supplier\uff0cEuropean hook pulley,Gantry crane hook pulley,WZL type crane drum,European style reel set,Crane reel,crane parts,Drum processing,crane drum manufacturer,Cast steel drum,Electric hoist drum,Crane drum assembly,DRS Wheel Blocks,European crane wheel,Forged wheels,Active wheel set,Driving wheel set,Driven wheel group,crane wheels manufacturer,Demag crane wheels,Konecranes Crane Wheels,Overhead crane Wheel,Shaft couplings,Power Transmission Couplings,Disc Couplings,Fluid couplings,Coupling manufacturer\uff0cCardan coupling,Crane Reducer,Crane Decelerators,Reducer gearbox,Reducer for crane,Gear Reducer For Crane,Hard tooth surface reducerCrane and hoist reducer,Flender reducer,Reducer manufacturer,ZQ reducer,QJ reducer,QJY reducer,Gear Motors,Konecranes reducer,F series three-in-one reducer,K series three-in-one reducer,travelling machinery,Travelling Motor With Gear,Gear Motor for Crane Traveling,Travelling machinery Frequency inverter motors,FEM standard Gear Motors,Crane motors,Inverter motors,Hoist motors,motorCrane duty motors,Special motor for crane,YZR YZP YZ series motors,Crane and hoist motor,Frequency conversion motor,Electro hydraulic drum brakes,Electro-hydraulic disc brakes,Brake,Overhead Crane Brakes,Disc brakes,Electromagnetic disk brake,Crane hydraulic disc brake,Brakes manufacturer,crane Safety brakes,Singlr rope grab,Four rope grab,Electro-hydraulic multi-flap grab,Orange peel grab,Electric motor grab,Electro-Hydraulicclamshell grab,grab manufacturers,Container spreader manufacturers,20ft Container Spreader,Semi Automatic container spreader,40ft Container Lifting Frame,TEC container Spreader,Billet lifting clamp,Billet Clamps,Billet crane clamps manufacturer,billet lifting clamps china supplier,Coil C-Type Hook,coil hook,Overhead Crane Steel Coil C-Type Hook,Crane C-hook,C-type spreader,C-type hook,Crane magnets,Rail fixing device,Crane Rail fixing device,crane Rail Clamp,CD\/MD Wire Rope Electric Hoist,Wire Rope Electric Hoist China Manufacturer,Single Girder Wire Rope Electric Hoist,Double Girder Wire Rope Electric Hoist,Chain Hoist,Electric chain hoist manufacturer,Electric chain hoist China distributor,European wire rope electric hoist\uff0cEuropean double beam wire rope electric hoist,European Style Single Beam Crane End Carriage,FEN\/DIN European Style Single Beam Crane End Carriage,Crane end beam manufacturers,European style hoist double beam crane end beam,Suspension crane end beam,European style suspended single beam crane end beam,FEN\/DIN Suspension crane end beam,crane cable trolley,Wireless remote control,remote controller,Crane control handle,Crane Controls,electrical control cabinet,crane control cabinet,Limit switch,Sound and light alarm,Aviation plug,quick connector,Crane aviation plug,Overload limiter\",\"publisher\":{\"@id\":\"https:\/\/www.hnhlcrane.com\/#organization\"},\"potentialAction\":[{\"@type\":\"SearchAction\",\"target\":{\"@type\":\"EntryPoint\",\"urlTemplate\":\"https:\/\/www.hnhlcrane.com\/?s={search_term_string}\"},\"query-input\":{\"@type\":\"PropertyValueSpecification\",\"valueRequired\":true,\"valueName\":\"search_term_string\"}}],\"inLanguage\":\"sv-SE\"},{\"@type\":\"Organization\",\"@id\":\"https:\/\/www.hnhlcrane.com\/#organization\",\"name\":\"Crane Parts Supplier-HL Crame\",\"url\":\"https:\/\/www.hnhlcrane.com\/\",\"logo\":{\"@type\":\"ImageObject\",\"inLanguage\":\"sv-SE\",\"@id\":\"https:\/\/www.hnhlcrane.com\/#\/schema\/logo\/image\/\",\"url\":\"https:\/\/www.hnhlcrane.com\/wp-content\/uploads\/2024\/09\/logo6-1-e1733899395598.png\",\"contentUrl\":\"https:\/\/www.hnhlcrane.com\/wp-content\/uploads\/2024\/09\/logo6-1-e1733899395598.png\",\"width\":1000,\"height\":282,\"caption\":\"Crane Parts Supplier-HL Crame\"},\"image\":{\"@id\":\"https:\/\/www.hnhlcrane.com\/#\/schema\/logo\/image\/\"}}]}<\/script>\n<!-- \/ Yoast SEO plugin. -->","yoast_head_json":{"title":"WJKC Rail Clips - h\u00e5llbar och p\u00e5litlig l\u00f6sning f\u00f6r inf\u00e4stning av skenor","description":"H\u00f6gkvalitativa WJKC Rail Clips f\u00f6r s\u00e4kra och l\u00e5ngvariga r\u00e4lsanslutningar. Idealisk f\u00f6r j\u00e4rnv\u00e4gar, industrisp\u00e5r och tunga applikationer.","robots":{"index":"index","follow":"follow","max-snippet":"max-snippet:-1","max-image-preview":"max-image-preview:large","max-video-preview":"max-video-preview:-1"},"canonical":"https:\/\/www.hnhlcrane.com\/sv\/produkt\/wjkc-skenklammor\/","og_locale":"sv_SE","og_type":"article","og_title":"WJKC Rail Clips \u2013 Durable & Reliable Rail Fastening Solution","og_description":"High-quality WJKC Rail Clips for secure and long-lasting rail connections. Ideal for railways, industrial tracks, and heavy-duty applications.","og_url":"https:\/\/www.hnhlcrane.com\/sv\/produkt\/wjkc-skenklammor\/","og_site_name":"Crane Parts Supplier-HL Crame","article_modified_time":"2025-09-14T14:39:20+00:00","og_image":[{"width":600,"height":600,"url":"https:\/\/www.hnhlcrane.com\/wp-content\/uploads\/2024\/11\/WJKC1-Rail-Clips.jpg","type":"image\/jpeg"}],"twitter_card":"summary_large_image","twitter_misc":{"Ber\u00e4knad l\u00e4stid":"2 minuter"},"schema":{"@context":"https:\/\/schema.org","@graph":[{"@type":"WebPage","@id":"https:\/\/www.hnhlcrane.com\/product\/wjkc-rail-clips\/","url":"https:\/\/www.hnhlcrane.com\/product\/wjkc-rail-clips\/","name":"WJKC Rail Clips - h\u00e5llbar och p\u00e5litlig l\u00f6sning f\u00f6r inf\u00e4stning av skenor","isPartOf":{"@id":"https:\/\/www.hnhlcrane.com\/#website"},"primaryImageOfPage":{"@id":"https:\/\/www.hnhlcrane.com\/product\/wjkc-rail-clips\/#primaryimage"},"image":{"@id":"https:\/\/www.hnhlcrane.com\/product\/wjkc-rail-clips\/#primaryimage"},"thumbnailUrl":"https:\/\/www.hnhlcrane.com\/wp-content\/uploads\/2024\/11\/WJKC1-Rail-Clips.jpg","datePublished":"2024-11-29T13:34:40+00:00","dateModified":"2025-09-14T14:39:20+00:00","description":"H\u00f6gkvalitativa WJKC Rail Clips f\u00f6r s\u00e4kra och l\u00e5ngvariga r\u00e4lsanslutningar. Idealisk f\u00f6r j\u00e4rnv\u00e4gar, industrisp\u00e5r och tunga applikationer.","breadcrumb":{"@id":"https:\/\/www.hnhlcrane.com\/product\/wjkc-rail-clips\/#breadcrumb"},"inLanguage":"sv-SE","potentialAction":[{"@type":"ReadAction","target":["https:\/\/www.hnhlcrane.com\/product\/wjkc-rail-clips\/"]}]},{"@type":"ImageObject","inLanguage":"sv-SE","@id":"https:\/\/www.hnhlcrane.com\/product\/wjkc-rail-clips\/#primaryimage","url":"https:\/\/www.hnhlcrane.com\/wp-content\/uploads\/2024\/11\/WJKC1-Rail-Clips.jpg","contentUrl":"https:\/\/www.hnhlcrane.com\/wp-content\/uploads\/2024\/11\/WJKC1-Rail-Clips.jpg","width":600,"height":600},{"@type":"BreadcrumbList","@id":"https:\/\/www.hnhlcrane.com\/product\/wjkc-rail-clips\/#breadcrumb","itemListElement":[{"@type":"ListItem","position":1,"name":"home","item":"https:\/\/www.hnhlcrane.com\/"},{"@type":"ListItem","position":2,"name":"products","item":"https:\/\/www.hnhlcrane.com\/products\/"},{"@type":"ListItem","position":3,"name":"WJKC Rail Clips"}]},{"@type":"WebSite","@id":"https:\/\/www.hnhlcrane.com\/#website","url":"https:\/\/www.hnhlcrane.com\/","name":"Leverant\u00f6r av krandelar-HL Crame","description":"One-stop-l\u00f6sning f\u00f6r alla dina behov av krandelar, krankrok, krantrumma, kranhjul, krankoppling, kranv\u00e4xell\u00e5da, kranmotor, kranbroms, speciell kranspridare, krangrepp, containerspridare, krankl\u00e4mmor av betsel, spridare av kran av C-typ,Lyftelektromagnet,Kranskena kl\u00e4mmor,Elektrisk lyftanordning,FEM-standard kran\u00e4ndvagnar,L\u00e4tta krandelar,Arbetsstationskrandelar,Kran elektriska delar,I-balk kabelvagn,Kran fj\u00e4rrkontroll,Kran elektriska kontrollsk\u00e5p,Kranbegr\u00e4nsningsbrytare,Kranljud- och ljuslarm,Heavy Duty Aviation Connector,Kran\u00f6verbelastningsbegr\u00e4nsare,Leverant\u00f6r av krandelar i Kina,Krankrokar,Portalkrankrok,Krantillbeh\u00f6r,Smidd krok,krokbearbetning,Kroktillverkare,Kina standardkrankrok,elektrisk lyftkrok,Kranskiva,Krokskiva,Valsad remskiva,Leverant\u00f6r av kranskivor,Europeisk krokskiva,Portalkrankrokskiva,Krantrumma av WZL-typ,Hjulsats i europeisk stil,Kranrulle,krandelar,Trumbearbetning,krantrumma tillverkare,Gjuten st\u00e5ltrumma,Elektrisk lyfttrumma,Krantrumma montering,DRS hjulblock,Europeiska kranhjul,Smidda hjul,Aktiv hjulupps\u00e4ttning,Drivhjulupps\u00e4ttning,Drivhjulsgrupp,Kranhjul tillverkare,Demag kranhjul,Konecranes kranhjul,Traverskranhjul,Axelkopplingar,Kraft\u00f6verf\u00f6ringskopplingar,Skivkopplingar,V\u00e4tskekopplingar,Kopplingstillverkare,Cardankoppling,Kranreducerare,Crane Decelerators,Reducer v\u00e4xell\u00e5da,Reducer f\u00f6r kran,Reduktionsv\u00e4xel f\u00f6r kran,Reduktionsv\u00e4xel f\u00f6r kran,Reduktionsv\u00e4xel f\u00f6r h\u00e5rd tandytaCrane and hoist reducer,Flender reducer,Reducer tillverkare,ZQ reducer,QJ reducer,QJY reducer,V\u00e4xelmotorer,Konecranes reducer,F-serie tre-i-ett-reducerare,K-serie tre-i-ett-reducerare,resemaskiner,Resemotor med v\u00e4xel,V\u00e4xelmotor f\u00f6r kranresor,Resemaskiner Frekvensomriktarmotorer,FEM-standardv\u00e4xelmotorer,Kranmotorer,Invertermotorer,Lyftmotorer,motorKranmotorer,Specialmotor f\u00f6r kran,YZR YZP YZ-serie motorer,Kran- och lyftmotor,Frekvensomvandlingsmotor,Elektrohydrauliska trumbromsar,Elektrohydrauliska skivbromsar,Broms,Traverskranbromsar,Skivbromsar,Elektromagnetisk skivbroms,Kranhydraulisk skivbroms,Bromstillverkare,Kran S\u00e4kerhetsbromsar,Singlr rep grip,Fyra rep grip,Elektrohydraulisk multi-flap grip,Orange peel grip,Elmotor grip,Elektrohydraulisk kl\u00e4mskalsgrip,griptillverkare,Containerspridare tillverkare,20ft Containerspridare,Halvautomatisk containerspridare,40ft Containerlyftram,TEC containerspridare,Billetlyftkl\u00e4mma,Billetkl\u00e4mmor,Billetkrankl\u00e4mmor tillverkare,billetlyftkl\u00e4mmor Kina leverant\u00f6r,Coil C-Typ Krok,coil krok,Traverskran St\u00e5l Coil C-Typ Krok,Kran C-krok,C-typ spridare,C-typ krok,Kranmagneter,R\u00e4lsbef\u00e4stningsanordning,Kranskena fixeringsanordning,kranskena kl\u00e4mma,CD \/ MD Wire Rope Electric Hoist,Wire Rope Electric Hoist Kina Tillverkare,Single Girder Wire Rope Electric Hoist,Double Girder Wire Rope Electric Hoist,K\u00e4ttingtelfer,Elektrisk kedjetelfer tillverkare,Elektrisk kedjetelfer Kina distribut\u00f6r,Europeisk wire rope elektrisk lyftanordning,Europeisk dubbelbalk wire rope elektrisk lyftanordning,European Style Single Beam Crane End Carriage,FEN \/ DIN European Style Single Beam Crane End Carriage,Tillverkare av kran\u00e4ndbalkar, europeisk stil lyft dubbelbalkskran\u00e4ndbalk, upph\u00e4ngningskran\u00e4ndbalk, europeisk stil upph\u00e4ngd enkelbalkskran\u00e4ndbalk, FEN \/ DIN upph\u00e4ngningskran\u00e4ndbalk, krankabelvagn, tr\u00e5dl\u00f6s fj\u00e4rrkontroll, fj\u00e4rrkontroll, kranstyrhandtag, krankontroller, elektriskt styrsk\u00e5p, kranstyrsk\u00e5p, gr\u00e4nsl\u00e4gesbrytare, ljud- och ljuslarm, flygplugg, snabbkontakt, kranflygplugg, \u00f6verbelastningsbegr\u00e4nsare","publisher":{"@id":"https:\/\/www.hnhlcrane.com\/#organization"},"potentialAction":[{"@type":"SearchAction","target":{"@type":"EntryPoint","urlTemplate":"https:\/\/www.hnhlcrane.com\/?s={search_term_string}"},"query-input":{"@type":"PropertyValueSpecification","valueRequired":true,"valueName":"search_term_string"}}],"inLanguage":"sv-SE"},{"@type":"Organization","@id":"https:\/\/www.hnhlcrane.com\/#organization","name":"Leverant\u00f6r av krandelar-HL Crame","url":"https:\/\/www.hnhlcrane.com\/","logo":{"@type":"ImageObject","inLanguage":"sv-SE","@id":"https:\/\/www.hnhlcrane.com\/#\/schema\/logo\/image\/","url":"https:\/\/www.hnhlcrane.com\/wp-content\/uploads\/2024\/09\/logo6-1-e1733899395598.png","contentUrl":"https:\/\/www.hnhlcrane.com\/wp-content\/uploads\/2024\/09\/logo6-1-e1733899395598.png","width":1000,"height":282,"caption":"Crane Parts Supplier-HL Crame"},"image":{"@id":"https:\/\/www.hnhlcrane.com\/#\/schema\/logo\/image\/"}}]}},"_links":{"self":[{"href":"https:\/\/www.hnhlcrane.com\/sv\/wp-json\/wp\/v2\/product\/5519","targetHints":{"allow":["GET"]}}],"collection":[{"href":"https:\/\/www.hnhlcrane.com\/sv\/wp-json\/wp\/v2\/product"}],"about":[{"href":"https:\/\/www.hnhlcrane.com\/sv\/wp-json\/wp\/v2\/types\/product"}],"version-history":[{"count":1,"href":"https:\/\/www.hnhlcrane.com\/sv\/wp-json\/wp\/v2\/product\/5519\/revisions"}],"predecessor-version":[{"id":6969,"href":"https:\/\/www.hnhlcrane.com\/sv\/wp-json\/wp\/v2\/product\/5519\/revisions\/6969"}],"wp:featuredmedia":[{"embeddable":true,"href":"https:\/\/www.hnhlcrane.com\/sv\/wp-json\/wp\/v2\/media\/5520"}],"wp:attachment":[{"href":"https:\/\/www.hnhlcrane.com\/sv\/wp-json\/wp\/v2\/media?parent=5519"}],"wp:term":[{"taxonomy":"product_brand","embeddable":true,"href":"https:\/\/www.hnhlcrane.com\/sv\/wp-json\/wp\/v2\/product_brand?post=5519"},{"taxonomy":"product_cat","embeddable":true,"href":"https:\/\/www.hnhlcrane.com\/sv\/wp-json\/wp\/v2\/product_cat?post=5519"},{"taxonomy":"product_tag","embeddable":true,"href":"https:\/\/www.hnhlcrane.com\/sv\/wp-json\/wp\/v2\/product_tag?post=5519"}],"curies":[{"name":"wp","href":"https:\/\/api.w.org\/{rel}","templated":true}]}}