{"id":5444,"date":"2024-11-25T23:42:41","date_gmt":"2024-11-25T15:42:41","guid":{"rendered":"https:\/\/www.hnhlcrane.com\/?post_type=product&#038;p=5444"},"modified":"2025-09-14T22:22:06","modified_gmt":"2025-09-14T14:22:06","slug":"behallarspridare","status":"publish","type":"product","link":"https:\/\/www.hnhlcrane.com\/sv\/produkt\/behallarspridare\/","title":{"rendered":"Spridare f\u00f6r beh\u00e5llare"},"content":{"rendered":"<h6><span style=\"font-family: arial, helvetica, sans-serif; font-size: 18pt;\"><strong>\u00d6versikt \u00f6ver containerspridare<\/strong><\/span><\/h6>\n<p>A <strong>beh\u00e5llarspridare<\/strong> \u00e4r ett stort, specialiserat verktyg f\u00f6r lastning, lossning och f\u00f6rflyttning av containrar. Den anv\u00e4nds ofta i godsmagasin, vattenburna hamnar och terminaler och k\u00e4nnetecknas av h\u00f6g tillf\u00f6rlitlighet, smidig drift och utm\u00e4rkt effektivitet, vilket g\u00f6r den till en viktig hj\u00e4lpanordning f\u00f6r <a href=\"https:\/\/www.hnhlcrane.com\/sv\/produkter\/specialkran-spridare\/\" target=\"_blank\" rel=\"noopener\">lyftutrustning<\/a>.<\/p>\n<h6><span style=\"font-family: arial, helvetica, sans-serif; font-size: 18pt;\"><strong>Olika typer av containerspridare<\/strong><\/span><\/h6>\n<ul style=\"list-style-type: disc;\">\n<li><strong>Fast spridare<\/strong>:\n<ul style=\"list-style-type: circle;\">\n<li><strong>Funktioner<\/strong>: Enkel struktur och l\u00e5g vikt.<\/li>\n<li><strong>Begr\u00e4nsning<\/strong>: L\u00e4mpar sig endast f\u00f6r en specifik beh\u00e5llarstorlek.<\/li>\n<li><strong>Till\u00e4mpningar<\/strong>: Anv\u00e4nds vanligen med portalkranar f\u00f6r flera \u00e4ndam\u00e5l och allm\u00e4nna portalkranar.<\/li>\n<\/ul>\n<\/li>\n<li><strong>Master-Slave Spreader (Kombinerad spridare)<\/strong>:\n<ul style=\"list-style-type: circle;\">\n<li><strong>Struktur<\/strong>: Best\u00e5r av tv\u00e5 spridare (\u00f6vre och nedre) som arbetar i kombination.<\/li>\n<li><strong>F\u00f6rdelar<\/strong>: Bekv\u00e4mt att anv\u00e4nda.<\/li>\n<li><strong>Begr\u00e4nsning<\/strong>: Relativt tung i vikt.<\/li>\n<\/ul>\n<\/li>\n<li><strong>Mor-dotter-spridare (konvertibel spridare)<\/strong>:\n<ul style=\"list-style-type: circle;\">\n<li><strong>Funktioner<\/strong>: Utrustad med ett s\u00e4rskilt kraftsystem p\u00e5 den specialiserade balken.<\/li>\n<li><strong>F\u00f6rdelar<\/strong>: L\u00e4ttviktsdesign.<\/li>\n<li><strong>Begr\u00e4nsning<\/strong>: Kr\u00e4ver mer tid f\u00f6r byte av spridare.<\/li>\n<\/ul>\n<\/li>\n<li><strong>Teleskopisk spridare<\/strong>:\n<ul style=\"list-style-type: circle;\">\n<li><strong>Mekanism<\/strong>: Anv\u00e4nder hydraulisk transmission f\u00f6r att driva teleskopiska kedjor eller cylindrar.<\/li>\n<li><strong>F\u00f6rdelar<\/strong>: Enkel l\u00e4ngdjustering, flexibel drift, stor m\u00e5ngsidighet och h\u00f6g produktivitet.<\/li>\n<\/ul>\n<\/li>\n<li><strong>Roterande spridare<\/strong>:\n<ul style=\"list-style-type: circle;\">\n<li><strong>Funktioner<\/strong>: Kan utf\u00f6ra en plan rotationsr\u00f6relse.<\/li>\n<li><strong>Till\u00e4mpningar<\/strong>: L\u00e4mplig f\u00f6r containerhantering som kr\u00e4ver rotationsf\u00f6rm\u00e5ga.<\/li>\n<\/ul>\n<\/li>\n<\/ul>\n<h6><span style=\"font-family: arial, helvetica, sans-serif; font-size: 18pt;\"><strong>Strukturella egenskaper hos containerspridare<\/strong><\/span><\/h6>\n<ul style=\"list-style-type: disc;\">\n<li><strong>H\u00f6gh\u00e5llfast ram<\/strong>:\n<ul style=\"list-style-type: circle;\">\n<li>Huvudramen \u00e4r konstruerad av I-balkar med f\u00f6rst\u00e4rkta kritiska omr\u00e5den f\u00f6r \u00f6kad lastkapacitet och styvhet samtidigt som den l\u00e4tta konstruktionen bibeh\u00e5lls.<\/li>\n<\/ul>\n<\/li>\n<li><strong>Dubbelpositionsl\u00e5sning f\u00f6r vridl\u00e5s<\/strong>:\n<ul style=\"list-style-type: circle;\">\n<li>S\u00e4kerst\u00e4ller att beh\u00e5llaren h\u00e5lls p\u00e5 plats under lyft, vilket \u00f6kar s\u00e4kerheten.<\/li>\n<\/ul>\n<\/li>\n<li><strong>Fyrl\u00e4nksmekanism f\u00f6r sidodrivning<\/strong>:\n<ul style=\"list-style-type: circle;\">\n<li>Ger mjukare och mer exakt rotation av vridl\u00e5set, vilket f\u00f6rb\u00e4ttrar s\u00e4kerheten och precisionen i arbetet.<\/li>\n<\/ul>\n<\/li>\n<li><strong>Design med rundat h\u00f6rn<\/strong>:\n<ul style=\"list-style-type: circle;\">\n<li>F\u00f6rhindrar skador p\u00e5 beh\u00e5llare under drift.<\/li>\n<\/ul>\n<\/li>\n<li><strong>Indikatorpaneler f\u00f6r l\u00e5sning\/uppl\u00e5sning<\/strong>:\n<ul style=\"list-style-type: circle;\">\n<li>G\u00f6r det m\u00f6jligt f\u00f6r operat\u00f6rer att enkelt identifiera status f\u00f6r l\u00e5sning\/uppl\u00e5sning f\u00f6r \u00f6kad drifts\u00e4kerhet.<\/li>\n<\/ul>\n<\/li>\n<\/ul>\n<h6><span style=\"font-family: arial, helvetica, sans-serif; font-size: 18pt;\"><strong>Anv\u00e4ndningsomr\u00e5den f\u00f6r containerspridare<\/strong><\/span><\/h6>\n<p>Containerspreaders \u00e4r speciellt konstruerade f\u00f6r att uppfylla kraven p\u00e5 effektiv och s\u00e4ker containerhantering. De kan integreras med olika typer av kranar, t.ex:<\/p>\n<ul>\n<li>Kranar vid kajerna,<\/li>\n<li>Portalkranar med gummidrivna hjul (RTG),<\/li>\n<li>J\u00e4rnv\u00e4gsmonterade portalkranar (RMG),<\/li>\n<li>traverskranar, och<\/li>\n<li>Portalkranar.<\/li>\n<\/ul>\n<p>Denna m\u00e5ngsidighet g\u00f6r att containerspridare kan anpassas till olika driftsscenarier och krav.<\/p>","protected":false},"excerpt":{"rendered":"<p>Tillverkare av containerspridare,20ft containerspridare,Halvautomatisk containerspridare,40ft containerlyftram,containerspridare<\/p>","protected":false},"featured_media":5445,"template":"","meta":{"_kad_post_transparent":"default","_kad_post_title":"","_kad_post_layout":"default","_kad_post_sidebar_id":"","_kad_post_content_style":"default","_kad_post_vertical_padding":"show","_kad_post_feature":"","_kad_post_feature_position":"","_kad_post_header":false,"_kad_post_footer":false},"product_brand":[],"product_cat":[59],"product_tag":[196,198,194,195,197,185,199],"class_list":{"0":"post-5444","1":"product","2":"type-product","3":"status-publish","4":"has-post-thumbnail","6":"product_cat-special-crane-spreader","7":"product_tag-20ft-container-spreader","8":"product_tag-40ft-container-lifting-frame","9":"product_tag-container-spreader","10":"product_tag-container-spreader-manufacturers","11":"product_tag-semi-automatic-container-spreader","12":"product_tag-special-crane-spreader","13":"product_tag-tec-container-spreader","15":"first","16":"instock","17":"shipping-taxable","18":"product-type-simple","19":"entry","20":"content-bg","21":"loop-entry"},"yoast_head":"<!-- This site is optimized with the Yoast SEO plugin v25.6 - https:\/\/yoast.com\/wordpress\/plugins\/seo\/ -->\n<title>Container Spreader \u2013 Heavy-Duty Port &amp; Shipping Equipment<\/title>\n<meta name=\"description\" content=\"Top-quality Container Spreader for fast, safe, and efficient container handling in ports and shipping yards. Boost your cargo operations today.Container spreader manufacturers\" \/>\n<meta name=\"robots\" content=\"index, follow, max-snippet:-1, max-image-preview:large, max-video-preview:-1\" \/>\n<link rel=\"canonical\" href=\"https:\/\/www.hnhlcrane.com\/sv\/produkt\/behallarspridare\/\" \/>\n<meta property=\"og:locale\" content=\"sv_SE\" \/>\n<meta property=\"og:type\" content=\"article\" \/>\n<meta property=\"og:title\" content=\"Container Spreader \u2013 Heavy-Duty Port &amp; Shipping Equipment\" \/>\n<meta property=\"og:description\" content=\"Top-quality Container Spreader for fast, safe, and efficient container handling in ports and shipping yards. Boost your cargo operations today.Container spreader manufacturers\" \/>\n<meta property=\"og:url\" content=\"https:\/\/www.hnhlcrane.com\/sv\/produkt\/behallarspridare\/\" \/>\n<meta property=\"og:site_name\" content=\"Crane Parts Supplier-HL Crame\" \/>\n<meta property=\"article:modified_time\" content=\"2025-09-14T14:22:06+00:00\" \/>\n<meta property=\"og:image\" content=\"https:\/\/www.hnhlcrane.com\/wp-content\/uploads\/2024\/11\/Container-spreader-1.jpg\" \/>\n\t<meta property=\"og:image:width\" content=\"600\" \/>\n\t<meta property=\"og:image:height\" content=\"600\" \/>\n\t<meta property=\"og:image:type\" content=\"image\/jpeg\" \/>\n<meta name=\"twitter:card\" content=\"summary_large_image\" \/>\n<meta name=\"twitter:label1\" content=\"Ber\u00e4knad l\u00e4stid\" \/>\n\t<meta name=\"twitter:data1\" content=\"2 minuter\" \/>\n<script type=\"application\/ld+json\" class=\"yoast-schema-graph\">{\"@context\":\"https:\/\/schema.org\",\"@graph\":[{\"@type\":\"WebPage\",\"@id\":\"https:\/\/www.hnhlcrane.com\/product\/container-spreader\/\",\"url\":\"https:\/\/www.hnhlcrane.com\/product\/container-spreader\/\",\"name\":\"Container Spreader \u2013 Heavy-Duty Port & Shipping Equipment\",\"isPartOf\":{\"@id\":\"https:\/\/www.hnhlcrane.com\/#website\"},\"primaryImageOfPage\":{\"@id\":\"https:\/\/www.hnhlcrane.com\/product\/container-spreader\/#primaryimage\"},\"image\":{\"@id\":\"https:\/\/www.hnhlcrane.com\/product\/container-spreader\/#primaryimage\"},\"thumbnailUrl\":\"https:\/\/www.hnhlcrane.com\/wp-content\/uploads\/2024\/11\/Container-spreader-1.jpg\",\"datePublished\":\"2024-11-25T15:42:41+00:00\",\"dateModified\":\"2025-09-14T14:22:06+00:00\",\"description\":\"Top-quality Container Spreader for fast, safe, and efficient container handling in ports and shipping yards. Boost your cargo operations today.Container spreader manufacturers\",\"breadcrumb\":{\"@id\":\"https:\/\/www.hnhlcrane.com\/product\/container-spreader\/#breadcrumb\"},\"inLanguage\":\"sv-SE\",\"potentialAction\":[{\"@type\":\"ReadAction\",\"target\":[\"https:\/\/www.hnhlcrane.com\/product\/container-spreader\/\"]}]},{\"@type\":\"ImageObject\",\"inLanguage\":\"sv-SE\",\"@id\":\"https:\/\/www.hnhlcrane.com\/product\/container-spreader\/#primaryimage\",\"url\":\"https:\/\/www.hnhlcrane.com\/wp-content\/uploads\/2024\/11\/Container-spreader-1.jpg\",\"contentUrl\":\"https:\/\/www.hnhlcrane.com\/wp-content\/uploads\/2024\/11\/Container-spreader-1.jpg\",\"width\":600,\"height\":600},{\"@type\":\"BreadcrumbList\",\"@id\":\"https:\/\/www.hnhlcrane.com\/product\/container-spreader\/#breadcrumb\",\"itemListElement\":[{\"@type\":\"ListItem\",\"position\":1,\"name\":\"home\",\"item\":\"https:\/\/www.hnhlcrane.com\/\"},{\"@type\":\"ListItem\",\"position\":2,\"name\":\"products\",\"item\":\"https:\/\/www.hnhlcrane.com\/products\/\"},{\"@type\":\"ListItem\",\"position\":3,\"name\":\"Container spreader\"}]},{\"@type\":\"WebSite\",\"@id\":\"https:\/\/www.hnhlcrane.com\/#website\",\"url\":\"https:\/\/www.hnhlcrane.com\/\",\"name\":\"Crane Parts Supplier-HL Crame\",\"description\":\"One-stop solution for all your  crane parts needs,Crane Hook,Crane Drum,Crane Wheel,Crane Coupling,Crane Gearbox,Crane Motor,Crane Brake,Special Crane Spreader,Crane grab,Container spreader,Billet crane clamps,Crane C-type spreader,Lifting Electromagnet,Crane Rail Clips,Electric Hoist,FEM Standard Crane End Carriages,Light Crane Parts,Workstation Crane Parts,Crane Electrical Parts,I-beam cable trolley,Crane remote controller,Crane electrical control cabinet,Crane limit switch,Crane sound and light alarm,Heavy Duty Aviation Connector,Crane overload limiter,China Crane Parts Supplier,Crane hooks,Gantry crane hook,Crane accessories,Forged hook,hook processing,Hook manufacturer,China standard crane hook,electric hoist hook,Crane pulley,Hook pulley,Rolled pulley,Crane Pulley Supplier\uff0cEuropean hook pulley,Gantry crane hook pulley,WZL type crane drum,European style reel set,Crane reel,crane parts,Drum processing,crane drum manufacturer,Cast steel drum,Electric hoist drum,Crane drum assembly,DRS Wheel Blocks,European crane wheel,Forged wheels,Active wheel set,Driving wheel set,Driven wheel group,crane wheels manufacturer,Demag crane wheels,Konecranes Crane Wheels,Overhead crane Wheel,Shaft couplings,Power Transmission Couplings,Disc Couplings,Fluid couplings,Coupling manufacturer\uff0cCardan coupling,Crane Reducer,Crane Decelerators,Reducer gearbox,Reducer for crane,Gear Reducer For Crane,Hard tooth surface reducerCrane and hoist reducer,Flender reducer,Reducer manufacturer,ZQ reducer,QJ reducer,QJY reducer,Gear Motors,Konecranes reducer,F series three-in-one reducer,K series three-in-one reducer,travelling machinery,Travelling Motor With Gear,Gear Motor for Crane Traveling,Travelling machinery Frequency inverter motors,FEM standard Gear Motors,Crane motors,Inverter motors,Hoist motors,motorCrane duty motors,Special motor for crane,YZR YZP YZ series motors,Crane and hoist motor,Frequency conversion motor,Electro hydraulic drum brakes,Electro-hydraulic disc brakes,Brake,Overhead Crane Brakes,Disc brakes,Electromagnetic disk brake,Crane hydraulic disc brake,Brakes manufacturer,crane Safety brakes,Singlr rope grab,Four rope grab,Electro-hydraulic multi-flap grab,Orange peel grab,Electric motor grab,Electro-Hydraulicclamshell grab,grab manufacturers,Container spreader manufacturers,20ft Container Spreader,Semi Automatic container spreader,40ft Container Lifting Frame,TEC container Spreader,Billet lifting clamp,Billet Clamps,Billet crane clamps manufacturer,billet lifting clamps china supplier,Coil C-Type Hook,coil hook,Overhead Crane Steel Coil C-Type Hook,Crane C-hook,C-type spreader,C-type hook,Crane magnets,Rail fixing device,Crane Rail fixing device,crane Rail Clamp,CD\/MD Wire Rope Electric Hoist,Wire Rope Electric Hoist China Manufacturer,Single Girder Wire Rope Electric Hoist,Double Girder Wire Rope Electric Hoist,Chain Hoist,Electric chain hoist manufacturer,Electric chain hoist China distributor,European wire rope electric hoist\uff0cEuropean double beam wire rope electric hoist,European Style Single Beam Crane End Carriage,FEN\/DIN European Style Single Beam Crane End Carriage,Crane end beam manufacturers,European style hoist double beam crane end beam,Suspension crane end beam,European style suspended single beam crane end beam,FEN\/DIN Suspension crane end beam,crane cable trolley,Wireless remote control,remote controller,Crane control handle,Crane Controls,electrical control cabinet,crane control cabinet,Limit switch,Sound and light alarm,Aviation plug,quick connector,Crane aviation plug,Overload limiter\",\"publisher\":{\"@id\":\"https:\/\/www.hnhlcrane.com\/#organization\"},\"potentialAction\":[{\"@type\":\"SearchAction\",\"target\":{\"@type\":\"EntryPoint\",\"urlTemplate\":\"https:\/\/www.hnhlcrane.com\/?s={search_term_string}\"},\"query-input\":{\"@type\":\"PropertyValueSpecification\",\"valueRequired\":true,\"valueName\":\"search_term_string\"}}],\"inLanguage\":\"sv-SE\"},{\"@type\":\"Organization\",\"@id\":\"https:\/\/www.hnhlcrane.com\/#organization\",\"name\":\"Crane Parts Supplier-HL Crame\",\"url\":\"https:\/\/www.hnhlcrane.com\/\",\"logo\":{\"@type\":\"ImageObject\",\"inLanguage\":\"sv-SE\",\"@id\":\"https:\/\/www.hnhlcrane.com\/#\/schema\/logo\/image\/\",\"url\":\"https:\/\/www.hnhlcrane.com\/wp-content\/uploads\/2024\/09\/logo6-1-e1733899395598.png\",\"contentUrl\":\"https:\/\/www.hnhlcrane.com\/wp-content\/uploads\/2024\/09\/logo6-1-e1733899395598.png\",\"width\":1000,\"height\":282,\"caption\":\"Crane Parts Supplier-HL Crame\"},\"image\":{\"@id\":\"https:\/\/www.hnhlcrane.com\/#\/schema\/logo\/image\/\"}}]}<\/script>\n<!-- \/ Yoast SEO plugin. -->","yoast_head_json":{"title":"Containerspridare - Heavy-Duty utrustning f\u00f6r hamnar och sj\u00f6fart","description":"Containerspridare av h\u00f6gsta kvalitet f\u00f6r snabb, s\u00e4ker och effektiv containerhantering i hamnar och p\u00e5 skeppsvarv. \u00d6ka din lasthantering redan idag.tillverkare av containerspreader","robots":{"index":"index","follow":"follow","max-snippet":"max-snippet:-1","max-image-preview":"max-image-preview:large","max-video-preview":"max-video-preview:-1"},"canonical":"https:\/\/www.hnhlcrane.com\/sv\/produkt\/behallarspridare\/","og_locale":"sv_SE","og_type":"article","og_title":"Container Spreader \u2013 Heavy-Duty Port & Shipping Equipment","og_description":"Top-quality Container Spreader for fast, safe, and efficient container handling in ports and shipping yards. Boost your cargo operations today.Container spreader manufacturers","og_url":"https:\/\/www.hnhlcrane.com\/sv\/produkt\/behallarspridare\/","og_site_name":"Crane Parts Supplier-HL Crame","article_modified_time":"2025-09-14T14:22:06+00:00","og_image":[{"width":600,"height":600,"url":"https:\/\/www.hnhlcrane.com\/wp-content\/uploads\/2024\/11\/Container-spreader-1.jpg","type":"image\/jpeg"}],"twitter_card":"summary_large_image","twitter_misc":{"Ber\u00e4knad l\u00e4stid":"2 minuter"},"schema":{"@context":"https:\/\/schema.org","@graph":[{"@type":"WebPage","@id":"https:\/\/www.hnhlcrane.com\/product\/container-spreader\/","url":"https:\/\/www.hnhlcrane.com\/product\/container-spreader\/","name":"Containerspridare - Heavy-Duty utrustning f\u00f6r hamnar och sj\u00f6fart","isPartOf":{"@id":"https:\/\/www.hnhlcrane.com\/#website"},"primaryImageOfPage":{"@id":"https:\/\/www.hnhlcrane.com\/product\/container-spreader\/#primaryimage"},"image":{"@id":"https:\/\/www.hnhlcrane.com\/product\/container-spreader\/#primaryimage"},"thumbnailUrl":"https:\/\/www.hnhlcrane.com\/wp-content\/uploads\/2024\/11\/Container-spreader-1.jpg","datePublished":"2024-11-25T15:42:41+00:00","dateModified":"2025-09-14T14:22:06+00:00","description":"Containerspridare av h\u00f6gsta kvalitet f\u00f6r snabb, s\u00e4ker och effektiv containerhantering i hamnar och p\u00e5 skeppsvarv. \u00d6ka din lasthantering redan idag.tillverkare av containerspreader","breadcrumb":{"@id":"https:\/\/www.hnhlcrane.com\/product\/container-spreader\/#breadcrumb"},"inLanguage":"sv-SE","potentialAction":[{"@type":"ReadAction","target":["https:\/\/www.hnhlcrane.com\/product\/container-spreader\/"]}]},{"@type":"ImageObject","inLanguage":"sv-SE","@id":"https:\/\/www.hnhlcrane.com\/product\/container-spreader\/#primaryimage","url":"https:\/\/www.hnhlcrane.com\/wp-content\/uploads\/2024\/11\/Container-spreader-1.jpg","contentUrl":"https:\/\/www.hnhlcrane.com\/wp-content\/uploads\/2024\/11\/Container-spreader-1.jpg","width":600,"height":600},{"@type":"BreadcrumbList","@id":"https:\/\/www.hnhlcrane.com\/product\/container-spreader\/#breadcrumb","itemListElement":[{"@type":"ListItem","position":1,"name":"home","item":"https:\/\/www.hnhlcrane.com\/"},{"@type":"ListItem","position":2,"name":"products","item":"https:\/\/www.hnhlcrane.com\/products\/"},{"@type":"ListItem","position":3,"name":"Container spreader"}]},{"@type":"WebSite","@id":"https:\/\/www.hnhlcrane.com\/#website","url":"https:\/\/www.hnhlcrane.com\/","name":"Leverant\u00f6r av krandelar-HL Crame","description":"One-stop-l\u00f6sning f\u00f6r alla dina behov av krandelar, krankrok, krantrumma, kranhjul, krankoppling, kranv\u00e4xell\u00e5da, kranmotor, kranbroms, speciell kranspridare, krangrepp, containerspridare, krankl\u00e4mmor av betsel, spridare av kran av C-typ,Lyftelektromagnet,Kranskena kl\u00e4mmor,Elektrisk lyftanordning,FEM-standard kran\u00e4ndvagnar,L\u00e4tta krandelar,Arbetsstationskrandelar,Kran elektriska delar,I-balk kabelvagn,Kran fj\u00e4rrkontroll,Kran elektriska kontrollsk\u00e5p,Kranbegr\u00e4nsningsbrytare,Kranljud- och ljuslarm,Heavy Duty Aviation Connector,Kran\u00f6verbelastningsbegr\u00e4nsare,Leverant\u00f6r av krandelar i Kina,Krankrokar,Portalkrankrok,Krantillbeh\u00f6r,Smidd krok,krokbearbetning,Kroktillverkare,Kina standardkrankrok,elektrisk lyftkrok,Kranskiva,Krokskiva,Valsad remskiva,Leverant\u00f6r av kranskivor,Europeisk krokskiva,Portalkrankrokskiva,Krantrumma av WZL-typ,Hjulsats i europeisk stil,Kranrulle,krandelar,Trumbearbetning,krantrumma tillverkare,Gjuten st\u00e5ltrumma,Elektrisk lyfttrumma,Krantrumma montering,DRS hjulblock,Europeiska kranhjul,Smidda hjul,Aktiv hjulupps\u00e4ttning,Drivhjulupps\u00e4ttning,Drivhjulsgrupp,Kranhjul tillverkare,Demag kranhjul,Konecranes kranhjul,Traverskranhjul,Axelkopplingar,Kraft\u00f6verf\u00f6ringskopplingar,Skivkopplingar,V\u00e4tskekopplingar,Kopplingstillverkare,Cardankoppling,Kranreducerare,Crane Decelerators,Reducer v\u00e4xell\u00e5da,Reducer f\u00f6r kran,Reduktionsv\u00e4xel f\u00f6r kran,Reduktionsv\u00e4xel f\u00f6r kran,Reduktionsv\u00e4xel f\u00f6r h\u00e5rd tandytaCrane and hoist reducer,Flender reducer,Reducer tillverkare,ZQ reducer,QJ reducer,QJY reducer,V\u00e4xelmotorer,Konecranes reducer,F-serie tre-i-ett-reducerare,K-serie tre-i-ett-reducerare,resemaskiner,Resemotor med v\u00e4xel,V\u00e4xelmotor f\u00f6r kranresor,Resemaskiner Frekvensomriktarmotorer,FEM-standardv\u00e4xelmotorer,Kranmotorer,Invertermotorer,Lyftmotorer,motorKranmotorer,Specialmotor f\u00f6r kran,YZR YZP YZ-serie motorer,Kran- och lyftmotor,Frekvensomvandlingsmotor,Elektrohydrauliska trumbromsar,Elektrohydrauliska skivbromsar,Broms,Traverskranbromsar,Skivbromsar,Elektromagnetisk skivbroms,Kranhydraulisk skivbroms,Bromstillverkare,Kran S\u00e4kerhetsbromsar,Singlr rep grip,Fyra rep grip,Elektrohydraulisk multi-flap grip,Orange peel grip,Elmotor grip,Elektrohydraulisk kl\u00e4mskalsgrip,griptillverkare,Containerspridare tillverkare,20ft Containerspridare,Halvautomatisk containerspridare,40ft Containerlyftram,TEC containerspridare,Billetlyftkl\u00e4mma,Billetkl\u00e4mmor,Billetkrankl\u00e4mmor tillverkare,billetlyftkl\u00e4mmor Kina leverant\u00f6r,Coil C-Typ Krok,coil krok,Traverskran St\u00e5l Coil C-Typ Krok,Kran C-krok,C-typ spridare,C-typ krok,Kranmagneter,R\u00e4lsbef\u00e4stningsanordning,Kranskena fixeringsanordning,kranskena kl\u00e4mma,CD \/ MD Wire Rope Electric Hoist,Wire Rope Electric Hoist Kina Tillverkare,Single Girder Wire Rope Electric Hoist,Double Girder Wire Rope Electric Hoist,K\u00e4ttingtelfer,Elektrisk kedjetelfer tillverkare,Elektrisk kedjetelfer Kina distribut\u00f6r,Europeisk wire rope elektrisk lyftanordning,Europeisk dubbelbalk wire rope elektrisk lyftanordning,European Style Single Beam Crane End Carriage,FEN \/ DIN European Style Single Beam Crane End Carriage,Tillverkare av kran\u00e4ndbalkar, europeisk stil lyft dubbelbalkskran\u00e4ndbalk, upph\u00e4ngningskran\u00e4ndbalk, europeisk stil upph\u00e4ngd enkelbalkskran\u00e4ndbalk, FEN \/ DIN upph\u00e4ngningskran\u00e4ndbalk, krankabelvagn, tr\u00e5dl\u00f6s fj\u00e4rrkontroll, fj\u00e4rrkontroll, kranstyrhandtag, krankontroller, elektriskt styrsk\u00e5p, kranstyrsk\u00e5p, gr\u00e4nsl\u00e4gesbrytare, ljud- och ljuslarm, flygplugg, snabbkontakt, kranflygplugg, \u00f6verbelastningsbegr\u00e4nsare","publisher":{"@id":"https:\/\/www.hnhlcrane.com\/#organization"},"potentialAction":[{"@type":"SearchAction","target":{"@type":"EntryPoint","urlTemplate":"https:\/\/www.hnhlcrane.com\/?s={search_term_string}"},"query-input":{"@type":"PropertyValueSpecification","valueRequired":true,"valueName":"search_term_string"}}],"inLanguage":"sv-SE"},{"@type":"Organization","@id":"https:\/\/www.hnhlcrane.com\/#organization","name":"Leverant\u00f6r av krandelar-HL Crame","url":"https:\/\/www.hnhlcrane.com\/","logo":{"@type":"ImageObject","inLanguage":"sv-SE","@id":"https:\/\/www.hnhlcrane.com\/#\/schema\/logo\/image\/","url":"https:\/\/www.hnhlcrane.com\/wp-content\/uploads\/2024\/09\/logo6-1-e1733899395598.png","contentUrl":"https:\/\/www.hnhlcrane.com\/wp-content\/uploads\/2024\/09\/logo6-1-e1733899395598.png","width":1000,"height":282,"caption":"Crane Parts Supplier-HL Crame"},"image":{"@id":"https:\/\/www.hnhlcrane.com\/#\/schema\/logo\/image\/"}}]}},"_links":{"self":[{"href":"https:\/\/www.hnhlcrane.com\/sv\/wp-json\/wp\/v2\/product\/5444","targetHints":{"allow":["GET"]}}],"collection":[{"href":"https:\/\/www.hnhlcrane.com\/sv\/wp-json\/wp\/v2\/product"}],"about":[{"href":"https:\/\/www.hnhlcrane.com\/sv\/wp-json\/wp\/v2\/types\/product"}],"version-history":[{"count":2,"href":"https:\/\/www.hnhlcrane.com\/sv\/wp-json\/wp\/v2\/product\/5444\/revisions"}],"predecessor-version":[{"id":6967,"href":"https:\/\/www.hnhlcrane.com\/sv\/wp-json\/wp\/v2\/product\/5444\/revisions\/6967"}],"wp:featuredmedia":[{"embeddable":true,"href":"https:\/\/www.hnhlcrane.com\/sv\/wp-json\/wp\/v2\/media\/5445"}],"wp:attachment":[{"href":"https:\/\/www.hnhlcrane.com\/sv\/wp-json\/wp\/v2\/media?parent=5444"}],"wp:term":[{"taxonomy":"product_brand","embeddable":true,"href":"https:\/\/www.hnhlcrane.com\/sv\/wp-json\/wp\/v2\/product_brand?post=5444"},{"taxonomy":"product_cat","embeddable":true,"href":"https:\/\/www.hnhlcrane.com\/sv\/wp-json\/wp\/v2\/product_cat?post=5444"},{"taxonomy":"product_tag","embeddable":true,"href":"https:\/\/www.hnhlcrane.com\/sv\/wp-json\/wp\/v2\/product_tag?post=5444"}],"curies":[{"name":"wp","href":"https:\/\/api.w.org\/{rel}","templated":true}]}}