{"id":4915,"date":"2024-11-08T16:24:37","date_gmt":"2024-11-08T08:24:37","guid":{"rendered":"https:\/\/www.hnhlcrane.com\/?post_type=product&#038;p=4915"},"modified":"2025-09-20T22:33:08","modified_gmt":"2025-09-20T14:33:08","slug":"kranbroms-hjulkoppling","status":"publish","type":"product","link":"https:\/\/www.hnhlcrane.com\/sv\/produkt\/kranbroms-hjulkoppling\/","title":{"rendered":"Kranbroms hjulkoppling"},"content":{"rendered":"<p>Kranens bromshjulskoppling \u00e4r en kritisk mekanisk komponent som anv\u00e4nds f\u00f6r att koppla samman kranens drivande och drivna axlar, s\u00e5 att de kan rotera tillsammans och \u00f6verf\u00f6ra vridmoment. Kopplingen \u00f6verf\u00f6r inte bara kraft och r\u00f6relse, utan ger ocks\u00e5 ett \u00f6verbelastningsskydd f\u00f6r att f\u00f6rhindra \u00f6verbelastning p\u00e5 det anslutna maskineriet. Under kranens drift har bromshjulskopplingen en viktig funktion f\u00f6r att s\u00e4kerst\u00e4lla s\u00e4kerheten och effektiviteten i lyftoperationerna.<\/p>\n<p>Vid konstruktion och tillverkning av<a href=\"https:\/\/www.hnhlcrane.com\/sv\/produkter\/kranens-koppling\/\" target=\"_blank\" rel=\"noopener\"> kranbroms hjulkoppling<\/a>F\u00f6r att garantera dess prestanda och tillf\u00f6rlitlighet m\u00e5ste flera faktorer beaktas. F\u00f6r det f\u00f6rsta m\u00e5ste den klara det betydande vridmoment som genereras under lyftoperationer samtidigt som den \u00e4r h\u00e5llbar och stabil. P\u00e5 grund av de unika driftsf\u00f6rh\u00e5llanden som kranar uts\u00e4tts f\u00f6r m\u00e5ste kopplingen dessutom ha utm\u00e4rkt slitstyrka och korrosionsbest\u00e4ndighet f\u00f6r att kunna anpassas till olika komplexa arbetsmilj\u00f6er.<\/p>\n<p>Vid val och anv\u00e4ndning av bromshjulskoppling \u00e4r det viktigt att ta h\u00e4nsyn till flera faktorer, bland annat lastens storlek och art, axeluppriktning och arbetsmilj\u00f6. I fall d\u00e4r lasten \u00e4r j\u00e4mn och axlarna \u00e4r exakt uppriktade kan till exempel en stel koppling vara l\u00e4mplig. I scenarier med stora lastfluktuationer eller frekventa start- och stoppoperationer \u00e4r dock en flexibel koppling med d\u00e4mpande och vibrationsd\u00e4mpande element att f\u00f6redra. Dessutom m\u00e5ste man ta h\u00e4nsyn till specifika milj\u00f6faktorer, t.ex. h\u00f6ga eller l\u00e5ga temperaturer eller f\u00f6rekomst av olja, syror eller alkalier, f\u00f6r att undvika att v\u00e4lja ol\u00e4mpliga material och konstruktioner.<\/p>\n<p>Sammanfattningsvis \u00e4r bromshjulskopplingen en oumb\u00e4rlig del av ett kransystem, och dess prestanda och tillf\u00f6rlitlighet har en direkt inverkan p\u00e5 kranens s\u00e4kra drift och arbetseffektivitet. D\u00e4rf\u00f6r \u00e4r det avg\u00f6rande att v\u00e4lja och anv\u00e4nda r\u00e4tt kopplingstyp.<\/p>\n<p><img fetchpriority=\"high\" decoding=\"async\" class=\"wp-image-4929 alignleft\" src=\"https:\/\/www.hnhlcrane.com\/wp-content\/uploads\/2024\/11\/Crane-brake-wheel-coupling-300x204.jpg\" alt=\"\" width=\"1101\" height=\"748\" srcset=\"https:\/\/www.hnhlcrane.com\/wp-content\/uploads\/2024\/11\/Crane-brake-wheel-coupling-300x204.jpg 300w, https:\/\/www.hnhlcrane.com\/wp-content\/uploads\/2024\/11\/Crane-brake-wheel-coupling-768x523.jpg 768w, https:\/\/www.hnhlcrane.com\/wp-content\/uploads\/2024\/11\/Crane-brake-wheel-coupling-600x409.jpg 600w\" sizes=\"(max-width: 1101px) 100vw, 1101px\" \/><\/p>","protected":false},"excerpt":{"rendered":"<p><strong>Parametrar f\u00f6r kranbromsens hjulkoppling:<\/strong><\/p>\n<ul>\n<li><strong>Maximalt till\u00e5tet vridmoment:<\/strong> 630 Nm till 125.000 Nm<\/li>\n<li><strong>Maximal hastighet:<\/strong> 4000 rpm till 950 rpm<\/li>\n<li><strong>Broms Hjuldiameter:<\/strong> \u2205160, \u2205200, \u2205250, \u2205300, \u2205315, \u2205400, \u2205500, \u2205600, \u2205630, \u2205700, \u2205800<\/li>\n<li><strong>Material f\u00f6r koppling:<\/strong> ZG430-640, 45 st\u00e5l<\/li>\n<li><strong>Kopplingstyp:<\/strong> Bromshjul med halvtandad koppling<\/li>\n<li><strong>Anpassade alternativ:<\/strong> Du kan tillhandah\u00e5lla dina egna ritningar, s\u00e5 tillverkar vi enligt de angivna m\u00e5tten.<\/li>\n<\/ul>","protected":false},"featured_media":4969,"template":"","meta":{"_kad_post_transparent":"default","_kad_post_title":"","_kad_post_layout":"default","_kad_post_sidebar_id":"","_kad_post_content_style":"default","_kad_post_vertical_padding":"show","_kad_post_feature":"","_kad_post_feature_position":"","_kad_post_header":false,"_kad_post_footer":false},"product_brand":[],"product_cat":[54],"product_tag":[131,135,127,132,126,73,129,121,128,72,124,130,125,134,123,122,133],"class_list":{"0":"post-4915","1":"product","2":"type-product","3":"status-publish","4":"has-post-thumbnail","6":"product_cat-crane-coupling","7":"product_tag-brake-wheel-drum-gear-coupling","8":"product_tag-brake-wheel-plum-elastic-coupling","9":"product_tag-cardan-coupling","10":"product_tag-cardan-shaft-coupling","11":"product_tag-coupling-manufacturer","12":"product_tag-crane-accessories","13":"product_tag-crane-brake-wheel-coupling","14":"product_tag-crane-coupling","15":"product_tag-crane-gear-couplings","16":"product_tag-crane-parts","17":"product_tag-disc-couplings","18":"product_tag-drum-gear-couplings","19":"product_tag-fluid-couplings","20":"product_tag-plum-blossom-elastic-coupling","21":"product_tag-power-transmission-couplings","22":"product_tag-shaft-couplings","23":"product_tag-wzl-drum-coupling","25":"first","26":"instock","27":"shipping-taxable","28":"product-type-simple","29":"entry","30":"content-bg","31":"loop-entry"},"yoast_head":"<!-- This site is optimized with the Yoast SEO plugin v25.6 - https:\/\/yoast.com\/wordpress\/plugins\/seo\/ -->\n<title>Crane Brake Wheel Coupling | Buy Durable &amp; Reliable Crane Parts<\/title>\n<meta name=\"description\" content=\"Buy durable crane brake wheel coupling for overhead and gantry cranes. HLCRANE ensures smooth braking and long-lasting performance.\" \/>\n<meta name=\"robots\" content=\"index, follow, max-snippet:-1, max-image-preview:large, max-video-preview:-1\" \/>\n<link rel=\"canonical\" href=\"https:\/\/www.hnhlcrane.com\/sv\/produkt\/kranbroms-hjulkoppling\/\" \/>\n<meta property=\"og:locale\" content=\"sv_SE\" \/>\n<meta property=\"og:type\" content=\"article\" \/>\n<meta property=\"og:title\" content=\"Crane Brake Wheel Coupling | Buy Durable &amp; Reliable Crane Parts\" \/>\n<meta property=\"og:description\" content=\"Buy durable crane brake wheel coupling for overhead and gantry cranes. HLCRANE ensures smooth braking and long-lasting performance.\" \/>\n<meta property=\"og:url\" content=\"https:\/\/www.hnhlcrane.com\/sv\/produkt\/kranbroms-hjulkoppling\/\" \/>\n<meta property=\"og:site_name\" content=\"Crane Parts Supplier-HL Crame\" \/>\n<meta property=\"article:modified_time\" content=\"2025-09-20T14:33:08+00:00\" \/>\n<meta property=\"og:image\" content=\"https:\/\/www.hnhlcrane.com\/wp-content\/uploads\/2024\/11\/Brake-wheel-drum-gear-coupling-1.jpg\" \/>\n\t<meta property=\"og:image:width\" content=\"600\" \/>\n\t<meta property=\"og:image:height\" content=\"600\" \/>\n\t<meta property=\"og:image:type\" content=\"image\/jpeg\" \/>\n<meta name=\"twitter:card\" content=\"summary_large_image\" \/>\n<meta name=\"twitter:label1\" content=\"Ber\u00e4knad l\u00e4stid\" \/>\n\t<meta name=\"twitter:data1\" content=\"2 minuter\" \/>\n<script type=\"application\/ld+json\" class=\"yoast-schema-graph\">{\"@context\":\"https:\/\/schema.org\",\"@graph\":[{\"@type\":\"WebPage\",\"@id\":\"https:\/\/www.hnhlcrane.com\/product\/crane-brake-wheel-coupling\/\",\"url\":\"https:\/\/www.hnhlcrane.com\/product\/crane-brake-wheel-coupling\/\",\"name\":\"Crane Brake Wheel Coupling | Buy Durable & Reliable Crane Parts\",\"isPartOf\":{\"@id\":\"https:\/\/www.hnhlcrane.com\/#website\"},\"primaryImageOfPage\":{\"@id\":\"https:\/\/www.hnhlcrane.com\/product\/crane-brake-wheel-coupling\/#primaryimage\"},\"image\":{\"@id\":\"https:\/\/www.hnhlcrane.com\/product\/crane-brake-wheel-coupling\/#primaryimage\"},\"thumbnailUrl\":\"https:\/\/www.hnhlcrane.com\/wp-content\/uploads\/2024\/11\/Brake-wheel-drum-gear-coupling-1.jpg\",\"datePublished\":\"2024-11-08T08:24:37+00:00\",\"dateModified\":\"2025-09-20T14:33:08+00:00\",\"description\":\"Buy durable crane brake wheel coupling for overhead and gantry cranes. HLCRANE ensures smooth braking and long-lasting performance.\",\"breadcrumb\":{\"@id\":\"https:\/\/www.hnhlcrane.com\/product\/crane-brake-wheel-coupling\/#breadcrumb\"},\"inLanguage\":\"sv-SE\",\"potentialAction\":[{\"@type\":\"ReadAction\",\"target\":[\"https:\/\/www.hnhlcrane.com\/product\/crane-brake-wheel-coupling\/\"]}]},{\"@type\":\"ImageObject\",\"inLanguage\":\"sv-SE\",\"@id\":\"https:\/\/www.hnhlcrane.com\/product\/crane-brake-wheel-coupling\/#primaryimage\",\"url\":\"https:\/\/www.hnhlcrane.com\/wp-content\/uploads\/2024\/11\/Brake-wheel-drum-gear-coupling-1.jpg\",\"contentUrl\":\"https:\/\/www.hnhlcrane.com\/wp-content\/uploads\/2024\/11\/Brake-wheel-drum-gear-coupling-1.jpg\",\"width\":600,\"height\":600},{\"@type\":\"BreadcrumbList\",\"@id\":\"https:\/\/www.hnhlcrane.com\/product\/crane-brake-wheel-coupling\/#breadcrumb\",\"itemListElement\":[{\"@type\":\"ListItem\",\"position\":1,\"name\":\"home\",\"item\":\"https:\/\/www.hnhlcrane.com\/\"},{\"@type\":\"ListItem\",\"position\":2,\"name\":\"products\",\"item\":\"https:\/\/www.hnhlcrane.com\/products\/\"},{\"@type\":\"ListItem\",\"position\":3,\"name\":\"Crane brake wheel coupling\"}]},{\"@type\":\"WebSite\",\"@id\":\"https:\/\/www.hnhlcrane.com\/#website\",\"url\":\"https:\/\/www.hnhlcrane.com\/\",\"name\":\"Crane Parts Supplier-HL Crame\",\"description\":\"One-stop solution for all your  crane parts needs,Crane Hook,Crane Drum,Crane Wheel,Crane Coupling,Crane Gearbox,Crane Motor,Crane Brake,Special Crane Spreader,Crane grab,Container spreader,Billet crane clamps,Crane C-type spreader,Lifting Electromagnet,Crane Rail Clips,Electric Hoist,FEM Standard Crane End Carriages,Light Crane Parts,Workstation Crane Parts,Crane Electrical Parts,I-beam cable trolley,Crane remote controller,Crane electrical control cabinet,Crane limit switch,Crane sound and light alarm,Heavy Duty Aviation Connector,Crane overload limiter,China Crane Parts Supplier,Crane hooks,Gantry crane hook,Crane accessories,Forged hook,hook processing,Hook manufacturer,China standard crane hook,electric hoist hook,Crane pulley,Hook pulley,Rolled pulley,Crane Pulley Supplier\uff0cEuropean hook pulley,Gantry crane hook pulley,WZL type crane drum,European style reel set,Crane reel,crane parts,Drum processing,crane drum manufacturer,Cast steel drum,Electric hoist drum,Crane drum assembly,DRS Wheel Blocks,European crane wheel,Forged wheels,Active wheel set,Driving wheel set,Driven wheel group,crane wheels manufacturer,Demag crane wheels,Konecranes Crane Wheels,Overhead crane Wheel,Shaft couplings,Power Transmission Couplings,Disc Couplings,Fluid couplings,Coupling manufacturer\uff0cCardan coupling,Crane Reducer,Crane Decelerators,Reducer gearbox,Reducer for crane,Gear Reducer For Crane,Hard tooth surface reducerCrane and hoist reducer,Flender reducer,Reducer manufacturer,ZQ reducer,QJ reducer,QJY reducer,Gear Motors,Konecranes reducer,F series three-in-one reducer,K series three-in-one reducer,travelling machinery,Travelling Motor With Gear,Gear Motor for Crane Traveling,Travelling machinery Frequency inverter motors,FEM standard Gear Motors,Crane motors,Inverter motors,Hoist motors,motorCrane duty motors,Special motor for crane,YZR YZP YZ series motors,Crane and hoist motor,Frequency conversion motor,Electro hydraulic drum brakes,Electro-hydraulic disc brakes,Brake,Overhead Crane Brakes,Disc brakes,Electromagnetic disk brake,Crane hydraulic disc brake,Brakes manufacturer,crane Safety brakes,Singlr rope grab,Four rope grab,Electro-hydraulic multi-flap grab,Orange peel grab,Electric motor grab,Electro-Hydraulicclamshell grab,grab manufacturers,Container spreader manufacturers,20ft Container Spreader,Semi Automatic container spreader,40ft Container Lifting Frame,TEC container Spreader,Billet lifting clamp,Billet Clamps,Billet crane clamps manufacturer,billet lifting clamps china supplier,Coil C-Type Hook,coil hook,Overhead Crane Steel Coil C-Type Hook,Crane C-hook,C-type spreader,C-type hook,Crane magnets,Rail fixing device,Crane Rail fixing device,crane Rail Clamp,CD\/MD Wire Rope Electric Hoist,Wire Rope Electric Hoist China Manufacturer,Single Girder Wire Rope Electric Hoist,Double Girder Wire Rope Electric Hoist,Chain Hoist,Electric chain hoist manufacturer,Electric chain hoist China distributor,European wire rope electric hoist\uff0cEuropean double beam wire rope electric hoist,European Style Single Beam Crane End Carriage,FEN\/DIN European Style Single Beam Crane End Carriage,Crane end beam manufacturers,European style hoist double beam crane end beam,Suspension crane end beam,European style suspended single beam crane end beam,FEN\/DIN Suspension crane end beam,crane cable trolley,Wireless remote control,remote controller,Crane control handle,Crane Controls,electrical control cabinet,crane control cabinet,Limit switch,Sound and light alarm,Aviation plug,quick connector,Crane aviation plug,Overload limiter\",\"publisher\":{\"@id\":\"https:\/\/www.hnhlcrane.com\/#organization\"},\"potentialAction\":[{\"@type\":\"SearchAction\",\"target\":{\"@type\":\"EntryPoint\",\"urlTemplate\":\"https:\/\/www.hnhlcrane.com\/?s={search_term_string}\"},\"query-input\":{\"@type\":\"PropertyValueSpecification\",\"valueRequired\":true,\"valueName\":\"search_term_string\"}}],\"inLanguage\":\"sv-SE\"},{\"@type\":\"Organization\",\"@id\":\"https:\/\/www.hnhlcrane.com\/#organization\",\"name\":\"Crane Parts Supplier-HL Crame\",\"url\":\"https:\/\/www.hnhlcrane.com\/\",\"logo\":{\"@type\":\"ImageObject\",\"inLanguage\":\"sv-SE\",\"@id\":\"https:\/\/www.hnhlcrane.com\/#\/schema\/logo\/image\/\",\"url\":\"https:\/\/www.hnhlcrane.com\/wp-content\/uploads\/2024\/09\/logo6-1-e1733899395598.png\",\"contentUrl\":\"https:\/\/www.hnhlcrane.com\/wp-content\/uploads\/2024\/09\/logo6-1-e1733899395598.png\",\"width\":1000,\"height\":282,\"caption\":\"Crane Parts Supplier-HL Crame\"},\"image\":{\"@id\":\"https:\/\/www.hnhlcrane.com\/#\/schema\/logo\/image\/\"}}]}<\/script>\n<!-- \/ Yoast SEO plugin. -->","yoast_head_json":{"title":"Kranbromshjulskoppling | K\u00f6p h\u00e5llbara och p\u00e5litliga krandelar","description":"K\u00f6p h\u00e5llbara kranbromsar och hjulkopplingar f\u00f6r traverser och portalkranar. HLCRANE s\u00e4kerst\u00e4ller smidig bromsning och l\u00e5ngvarig prestanda.","robots":{"index":"index","follow":"follow","max-snippet":"max-snippet:-1","max-image-preview":"max-image-preview:large","max-video-preview":"max-video-preview:-1"},"canonical":"https:\/\/www.hnhlcrane.com\/sv\/produkt\/kranbroms-hjulkoppling\/","og_locale":"sv_SE","og_type":"article","og_title":"Crane Brake Wheel Coupling | Buy Durable & Reliable Crane Parts","og_description":"Buy durable crane brake wheel coupling for overhead and gantry cranes. HLCRANE ensures smooth braking and long-lasting performance.","og_url":"https:\/\/www.hnhlcrane.com\/sv\/produkt\/kranbroms-hjulkoppling\/","og_site_name":"Crane Parts Supplier-HL Crame","article_modified_time":"2025-09-20T14:33:08+00:00","og_image":[{"width":600,"height":600,"url":"https:\/\/www.hnhlcrane.com\/wp-content\/uploads\/2024\/11\/Brake-wheel-drum-gear-coupling-1.jpg","type":"image\/jpeg"}],"twitter_card":"summary_large_image","twitter_misc":{"Ber\u00e4knad l\u00e4stid":"2 minuter"},"schema":{"@context":"https:\/\/schema.org","@graph":[{"@type":"WebPage","@id":"https:\/\/www.hnhlcrane.com\/product\/crane-brake-wheel-coupling\/","url":"https:\/\/www.hnhlcrane.com\/product\/crane-brake-wheel-coupling\/","name":"Kranbromshjulskoppling | K\u00f6p h\u00e5llbara och p\u00e5litliga krandelar","isPartOf":{"@id":"https:\/\/www.hnhlcrane.com\/#website"},"primaryImageOfPage":{"@id":"https:\/\/www.hnhlcrane.com\/product\/crane-brake-wheel-coupling\/#primaryimage"},"image":{"@id":"https:\/\/www.hnhlcrane.com\/product\/crane-brake-wheel-coupling\/#primaryimage"},"thumbnailUrl":"https:\/\/www.hnhlcrane.com\/wp-content\/uploads\/2024\/11\/Brake-wheel-drum-gear-coupling-1.jpg","datePublished":"2024-11-08T08:24:37+00:00","dateModified":"2025-09-20T14:33:08+00:00","description":"K\u00f6p h\u00e5llbara kranbromsar och hjulkopplingar f\u00f6r traverser och portalkranar. HLCRANE s\u00e4kerst\u00e4ller smidig bromsning och l\u00e5ngvarig prestanda.","breadcrumb":{"@id":"https:\/\/www.hnhlcrane.com\/product\/crane-brake-wheel-coupling\/#breadcrumb"},"inLanguage":"sv-SE","potentialAction":[{"@type":"ReadAction","target":["https:\/\/www.hnhlcrane.com\/product\/crane-brake-wheel-coupling\/"]}]},{"@type":"ImageObject","inLanguage":"sv-SE","@id":"https:\/\/www.hnhlcrane.com\/product\/crane-brake-wheel-coupling\/#primaryimage","url":"https:\/\/www.hnhlcrane.com\/wp-content\/uploads\/2024\/11\/Brake-wheel-drum-gear-coupling-1.jpg","contentUrl":"https:\/\/www.hnhlcrane.com\/wp-content\/uploads\/2024\/11\/Brake-wheel-drum-gear-coupling-1.jpg","width":600,"height":600},{"@type":"BreadcrumbList","@id":"https:\/\/www.hnhlcrane.com\/product\/crane-brake-wheel-coupling\/#breadcrumb","itemListElement":[{"@type":"ListItem","position":1,"name":"home","item":"https:\/\/www.hnhlcrane.com\/"},{"@type":"ListItem","position":2,"name":"products","item":"https:\/\/www.hnhlcrane.com\/products\/"},{"@type":"ListItem","position":3,"name":"Crane brake wheel coupling"}]},{"@type":"WebSite","@id":"https:\/\/www.hnhlcrane.com\/#website","url":"https:\/\/www.hnhlcrane.com\/","name":"Leverant\u00f6r av krandelar-HL Crame","description":"One-stop-l\u00f6sning f\u00f6r alla dina behov av krandelar, krankrok, krantrumma, kranhjul, krankoppling, kranv\u00e4xell\u00e5da, kranmotor, kranbroms, speciell kranspridare, krangrepp, containerspridare, krankl\u00e4mmor av betsel, spridare av kran av C-typ,Lyftelektromagnet,Kranskena kl\u00e4mmor,Elektrisk lyftanordning,FEM-standard kran\u00e4ndvagnar,L\u00e4tta krandelar,Arbetsstationskrandelar,Kran elektriska delar,I-balk kabelvagn,Kran fj\u00e4rrkontroll,Kran elektriska kontrollsk\u00e5p,Kranbegr\u00e4nsningsbrytare,Kranljud- och ljuslarm,Heavy Duty Aviation Connector,Kran\u00f6verbelastningsbegr\u00e4nsare,Leverant\u00f6r av krandelar i Kina,Krankrokar,Portalkrankrok,Krantillbeh\u00f6r,Smidd krok,krokbearbetning,Kroktillverkare,Kina standardkrankrok,elektrisk lyftkrok,Kranskiva,Krokskiva,Valsad remskiva,Leverant\u00f6r av kranskivor,Europeisk krokskiva,Portalkrankrokskiva,Krantrumma av WZL-typ,Hjulsats i europeisk stil,Kranrulle,krandelar,Trumbearbetning,krantrumma tillverkare,Gjuten st\u00e5ltrumma,Elektrisk lyfttrumma,Krantrumma montering,DRS hjulblock,Europeiska kranhjul,Smidda hjul,Aktiv hjulupps\u00e4ttning,Drivhjulupps\u00e4ttning,Drivhjulsgrupp,Kranhjul tillverkare,Demag kranhjul,Konecranes kranhjul,Traverskranhjul,Axelkopplingar,Kraft\u00f6verf\u00f6ringskopplingar,Skivkopplingar,V\u00e4tskekopplingar,Kopplingstillverkare,Cardankoppling,Kranreducerare,Crane Decelerators,Reducer v\u00e4xell\u00e5da,Reducer f\u00f6r kran,Reduktionsv\u00e4xel f\u00f6r kran,Reduktionsv\u00e4xel f\u00f6r kran,Reduktionsv\u00e4xel f\u00f6r h\u00e5rd tandytaCrane and hoist reducer,Flender reducer,Reducer tillverkare,ZQ reducer,QJ reducer,QJY reducer,V\u00e4xelmotorer,Konecranes reducer,F-serie tre-i-ett-reducerare,K-serie tre-i-ett-reducerare,resemaskiner,Resemotor med v\u00e4xel,V\u00e4xelmotor f\u00f6r kranresor,Resemaskiner Frekvensomriktarmotorer,FEM-standardv\u00e4xelmotorer,Kranmotorer,Invertermotorer,Lyftmotorer,motorKranmotorer,Specialmotor f\u00f6r kran,YZR YZP YZ-serie motorer,Kran- och lyftmotor,Frekvensomvandlingsmotor,Elektrohydrauliska trumbromsar,Elektrohydrauliska skivbromsar,Broms,Traverskranbromsar,Skivbromsar,Elektromagnetisk skivbroms,Kranhydraulisk skivbroms,Bromstillverkare,Kran S\u00e4kerhetsbromsar,Singlr rep grip,Fyra rep grip,Elektrohydraulisk multi-flap grip,Orange peel grip,Elmotor grip,Elektrohydraulisk kl\u00e4mskalsgrip,griptillverkare,Containerspridare tillverkare,20ft Containerspridare,Halvautomatisk containerspridare,40ft Containerlyftram,TEC containerspridare,Billetlyftkl\u00e4mma,Billetkl\u00e4mmor,Billetkrankl\u00e4mmor tillverkare,billetlyftkl\u00e4mmor Kina leverant\u00f6r,Coil C-Typ Krok,coil krok,Traverskran St\u00e5l Coil C-Typ Krok,Kran C-krok,C-typ spridare,C-typ krok,Kranmagneter,R\u00e4lsbef\u00e4stningsanordning,Kranskena fixeringsanordning,kranskena kl\u00e4mma,CD \/ MD Wire Rope Electric Hoist,Wire Rope Electric Hoist Kina Tillverkare,Single Girder Wire Rope Electric Hoist,Double Girder Wire Rope Electric Hoist,K\u00e4ttingtelfer,Elektrisk kedjetelfer tillverkare,Elektrisk kedjetelfer Kina distribut\u00f6r,Europeisk wire rope elektrisk lyftanordning,Europeisk dubbelbalk wire rope elektrisk lyftanordning,European Style Single Beam Crane End Carriage,FEN \/ DIN European Style Single Beam Crane End Carriage,Tillverkare av kran\u00e4ndbalkar, europeisk stil lyft dubbelbalkskran\u00e4ndbalk, upph\u00e4ngningskran\u00e4ndbalk, europeisk stil upph\u00e4ngd enkelbalkskran\u00e4ndbalk, FEN \/ DIN upph\u00e4ngningskran\u00e4ndbalk, krankabelvagn, tr\u00e5dl\u00f6s fj\u00e4rrkontroll, fj\u00e4rrkontroll, kranstyrhandtag, krankontroller, elektriskt styrsk\u00e5p, kranstyrsk\u00e5p, gr\u00e4nsl\u00e4gesbrytare, ljud- och ljuslarm, flygplugg, snabbkontakt, kranflygplugg, \u00f6verbelastningsbegr\u00e4nsare","publisher":{"@id":"https:\/\/www.hnhlcrane.com\/#organization"},"potentialAction":[{"@type":"SearchAction","target":{"@type":"EntryPoint","urlTemplate":"https:\/\/www.hnhlcrane.com\/?s={search_term_string}"},"query-input":{"@type":"PropertyValueSpecification","valueRequired":true,"valueName":"search_term_string"}}],"inLanguage":"sv-SE"},{"@type":"Organization","@id":"https:\/\/www.hnhlcrane.com\/#organization","name":"Leverant\u00f6r av krandelar-HL Crame","url":"https:\/\/www.hnhlcrane.com\/","logo":{"@type":"ImageObject","inLanguage":"sv-SE","@id":"https:\/\/www.hnhlcrane.com\/#\/schema\/logo\/image\/","url":"https:\/\/www.hnhlcrane.com\/wp-content\/uploads\/2024\/09\/logo6-1-e1733899395598.png","contentUrl":"https:\/\/www.hnhlcrane.com\/wp-content\/uploads\/2024\/09\/logo6-1-e1733899395598.png","width":1000,"height":282,"caption":"Crane Parts Supplier-HL Crame"},"image":{"@id":"https:\/\/www.hnhlcrane.com\/#\/schema\/logo\/image\/"}}]}},"_links":{"self":[{"href":"https:\/\/www.hnhlcrane.com\/sv\/wp-json\/wp\/v2\/product\/4915","targetHints":{"allow":["GET"]}}],"collection":[{"href":"https:\/\/www.hnhlcrane.com\/sv\/wp-json\/wp\/v2\/product"}],"about":[{"href":"https:\/\/www.hnhlcrane.com\/sv\/wp-json\/wp\/v2\/types\/product"}],"version-history":[{"count":2,"href":"https:\/\/www.hnhlcrane.com\/sv\/wp-json\/wp\/v2\/product\/4915\/revisions"}],"predecessor-version":[{"id":6913,"href":"https:\/\/www.hnhlcrane.com\/sv\/wp-json\/wp\/v2\/product\/4915\/revisions\/6913"}],"wp:featuredmedia":[{"embeddable":true,"href":"https:\/\/www.hnhlcrane.com\/sv\/wp-json\/wp\/v2\/media\/4969"}],"wp:attachment":[{"href":"https:\/\/www.hnhlcrane.com\/sv\/wp-json\/wp\/v2\/media?parent=4915"}],"wp:term":[{"taxonomy":"product_brand","embeddable":true,"href":"https:\/\/www.hnhlcrane.com\/sv\/wp-json\/wp\/v2\/product_brand?post=4915"},{"taxonomy":"product_cat","embeddable":true,"href":"https:\/\/www.hnhlcrane.com\/sv\/wp-json\/wp\/v2\/product_cat?post=4915"},{"taxonomy":"product_tag","embeddable":true,"href":"https:\/\/www.hnhlcrane.com\/sv\/wp-json\/wp\/v2\/product_tag?post=4915"}],"curies":[{"name":"wp","href":"https:\/\/api.w.org\/{rel}","templated":true}]}}