{"id":4896,"date":"2024-11-08T15:16:00","date_gmt":"2024-11-08T07:16:00","guid":{"rendered":"https:\/\/www.hnhlcrane.com\/?post_type=product&#038;p=4896"},"modified":"2025-09-20T22:12:18","modified_gmt":"2025-09-20T14:12:18","slug":"kranvaxelkopplingar","status":"publish","type":"product","link":"https:\/\/www.hnhlcrane.com\/sv\/produkt\/kranvaxelkopplingar\/","title":{"rendered":"Kopplingar f\u00f6r kranv\u00e4xlar"},"content":{"rendered":"<div class=\"flex max-w-full flex-col flex-grow\">\n<div class=\"min-h-8 text-message flex w-full flex-col items-end gap-2 whitespace-normal break-words [.text-message+&amp;]:mt-5\" dir=\"auto\" data-message-author-role=\"assistant\" data-message-id=\"41acb770-e85a-4730-8533-81f9699d1e74\" data-message-model-slug=\"gpt-4o\">\n<div class=\"flex w-full flex-col gap-1 empty:hidden first:pt-[3px]\">\n<div class=\"markdown prose w-full break-words dark:prose-invert light\"><\/div>\n<\/div>\n<\/div>\n<\/div>\n<p>Kranv\u00e4xelkopplingar \u00e4r viktiga mekaniska komponenter som anv\u00e4nds f\u00f6r att \u00f6verf\u00f6ra vridmoment, koppla samman tv\u00e5 koaxiala eller n\u00e4stan parallella roterande axlar och kompensera f\u00f6r sm\u00e5 vinkel- och radiella feljusteringar. Vanligtvis best\u00e5r de av tv\u00e5 delar: den drivande axeln och den drivna axeln. Dessutom anv\u00e4nds de ofta i reduktionsv\u00e4xlar f\u00f6r att underl\u00e4tta vridmoment\u00f6verf\u00f6ringen. Vid konstruktion och anv\u00e4ndning av kranv\u00e4xelkopplingar beaktas flera faktorer f\u00f6r att s\u00e4kerst\u00e4lla deras prestanda och tillf\u00f6rlitlighet, inklusive men inte begr\u00e4nsat till:<\/p>\n<ul>\n<li><strong>Kompensatorisk flexibilitet<\/strong>: De kan justera f\u00f6r relativ f\u00f6rskjutning mellan de roterande komponenterna, vilket ger kompensation f\u00f6r tillverknings- och installationsfel, temperaturvariationer under drift och deformationer under belastning.<\/li>\n<li><strong>St\u00f6td\u00e4mpning<\/strong>: F\u00f6r situationer med frekventa laststarter eller f\u00f6r\u00e4ndrade driftsbelastningar b\u00f6r kopplingen inneh\u00e5lla elastiska element som ger d\u00e4mpning och vibrationsd\u00e4mpning och d\u00e4rmed skyddar b\u00e5de drivmotorn och arbetsmaskinen fr\u00e5n potentiella skador.<\/li>\n<li><strong>S\u00e4kerhet och tillf\u00f6rlitlighet<\/strong>: De har tillr\u00e4cklig styrka och livsl\u00e4ngd f\u00f6r att garantera s\u00e4ker drift under olika arbetsf\u00f6rh\u00e5llanden.<\/li>\n<li><strong>Enkel struktur<\/strong>: De \u00e4r l\u00e4tta att montera, demontera och underh\u00e5lla, vilket minskar b\u00e5de underh\u00e5llskostnader och tids\u00e5tg\u00e5ng.<\/li>\n<\/ul>\n<p>Vid val av kopplingstyp b\u00f6r man ta h\u00e4nsyn till erforderlig kapacitet och egenskaper f\u00f6r \u00f6verf\u00f6ring av vridmoment, liksom behovet av st\u00f6td\u00e4mpning, vibrationsd\u00e4mpning och risken f\u00f6r resonans. Kran <a href=\"https:\/\/www.hnhlcrane.com\/sv\/produkter\/kranens-koppling\/\" target=\"_blank\" rel=\"noopener\">kugghjulskopplingar<\/a> anv\u00e4nds inom omr\u00e5den som metallurgi, gruvdrift, lyft och transport samt i tunga maskiner inom branscher som petroleum, kemiteknik och allm\u00e4nna maskiner. Dessa kopplingar \u00e4r k\u00e4nda f\u00f6r sin kompakta radiella storlek, h\u00f6ga lastb\u00e4rande kapacitet, h\u00f6ga transmissionseffektivitet, l\u00e5ga ljudniv\u00e5 och f\u00f6rl\u00e4ngda underh\u00e5llsintervall, vilket g\u00f6r dem s\u00e4rskilt l\u00e4mpliga f\u00f6r l\u00e5ga hastigheter och tunga arbetsf\u00f6rh\u00e5llanden.<\/p>\n<p><img fetchpriority=\"high\" decoding=\"async\" class=\"alignnone wp-image-4907\" src=\"https:\/\/www.hnhlcrane.com\/wp-content\/uploads\/2024\/11\/1-222x300.jpg\" alt=\"\" width=\"1100\" height=\"1486\" srcset=\"https:\/\/www.hnhlcrane.com\/wp-content\/uploads\/2024\/11\/1-222x300.jpg 222w, https:\/\/www.hnhlcrane.com\/wp-content\/uploads\/2024\/11\/1-759x1024.jpg 759w, https:\/\/www.hnhlcrane.com\/wp-content\/uploads\/2024\/11\/1-768x1036.jpg 768w\" sizes=\"(max-width: 1100px) 100vw, 1100px\" \/><\/p>\n<p><img decoding=\"async\" class=\"alignnone wp-image-4908\" src=\"https:\/\/www.hnhlcrane.com\/wp-content\/uploads\/2024\/11\/2-216x300.jpg\" alt=\"\" width=\"1100\" height=\"1528\" srcset=\"https:\/\/www.hnhlcrane.com\/wp-content\/uploads\/2024\/11\/2-216x300.jpg 216w, https:\/\/www.hnhlcrane.com\/wp-content\/uploads\/2024\/11\/2-768x1068.jpg 768w, https:\/\/www.hnhlcrane.com\/wp-content\/uploads\/2024\/11\/2-600x834.jpg 600w, https:\/\/www.hnhlcrane.com\/wp-content\/uploads\/2024\/11\/2.jpg 950w\" sizes=\"(max-width: 1100px) 100vw, 1100px\" \/> <img decoding=\"async\" class=\"alignnone wp-image-4909\" src=\"https:\/\/www.hnhlcrane.com\/wp-content\/uploads\/2024\/11\/3-219x300.jpg\" alt=\"\" width=\"1101\" height=\"1508\" srcset=\"https:\/\/www.hnhlcrane.com\/wp-content\/uploads\/2024\/11\/3-219x300.jpg 219w, https:\/\/www.hnhlcrane.com\/wp-content\/uploads\/2024\/11\/3-748x1024.jpg 748w, https:\/\/www.hnhlcrane.com\/wp-content\/uploads\/2024\/11\/3-768x1051.jpg 768w, https:\/\/www.hnhlcrane.com\/wp-content\/uploads\/2024\/11\/3-600x821.jpg 600w, https:\/\/www.hnhlcrane.com\/wp-content\/uploads\/2024\/11\/3.jpg 950w\" sizes=\"(max-width: 1101px) 100vw, 1101px\" \/> <img loading=\"lazy\" decoding=\"async\" class=\"alignnone wp-image-4910\" src=\"https:\/\/www.hnhlcrane.com\/wp-content\/uploads\/2024\/11\/4-227x300.jpg\" alt=\"\" width=\"1102\" height=\"1456\" srcset=\"https:\/\/www.hnhlcrane.com\/wp-content\/uploads\/2024\/11\/4-227x300.jpg 227w, https:\/\/www.hnhlcrane.com\/wp-content\/uploads\/2024\/11\/4-775x1024.jpg 775w, https:\/\/www.hnhlcrane.com\/wp-content\/uploads\/2024\/11\/4-768x1015.jpg 768w, https:\/\/www.hnhlcrane.com\/wp-content\/uploads\/2024\/11\/4-600x793.jpg 600w, https:\/\/www.hnhlcrane.com\/wp-content\/uploads\/2024\/11\/4.jpg 950w\" sizes=\"(max-width: 1102px) 100vw, 1102px\" \/><\/p>\n<p><span style=\"font-family: var(--global-body-font-family);\">\u00a0<\/span><span style=\"font-family: var(--global-body-font-family);\">\u00a0<\/span><\/p>","protected":false},"excerpt":{"rendered":"<p><strong>Kranv\u00e4xelkopplingar Parametrar:<\/strong><\/p>\n<ul>\n<li><strong>Maximalt till\u00e5tet vridmoment:<\/strong> 710 Nm till 1.000.000 Nm<\/li>\n<li><strong>Maximal hastighet:<\/strong> 7100 rpm till 700 rpm<\/li>\n<li><strong>Material f\u00f6r koppling:<\/strong> ZG430-640, 45 st\u00e5l<\/li>\n<li><strong>Kopplingstyper:<\/strong> Heltandskopplingar och halvtandskopplingar<\/li>\n<li><strong>Anpassade alternativ:<\/strong> Du kan tillhandah\u00e5lla dina egna ritningar, s\u00e5 tillverkar vi enligt de angivna m\u00e5tten.<\/li>\n<\/ul>","protected":false},"featured_media":4897,"template":"","meta":{"_kad_post_transparent":"default","_kad_post_title":"","_kad_post_layout":"default","_kad_post_sidebar_id":"","_kad_post_content_style":"default","_kad_post_vertical_padding":"show","_kad_post_feature":"","_kad_post_feature_position":"","_kad_post_header":false,"_kad_post_footer":false},"product_brand":[],"product_cat":[54],"product_tag":[131,135,127,132,126,73,129,121,128,72,124,130,125,134,123,122,133],"class_list":{"0":"post-4896","1":"product","2":"type-product","3":"status-publish","4":"has-post-thumbnail","6":"product_cat-crane-coupling","7":"product_tag-brake-wheel-drum-gear-coupling","8":"product_tag-brake-wheel-plum-elastic-coupling","9":"product_tag-cardan-coupling","10":"product_tag-cardan-shaft-coupling","11":"product_tag-coupling-manufacturer","12":"product_tag-crane-accessories","13":"product_tag-crane-brake-wheel-coupling","14":"product_tag-crane-coupling","15":"product_tag-crane-gear-couplings","16":"product_tag-crane-parts","17":"product_tag-disc-couplings","18":"product_tag-drum-gear-couplings","19":"product_tag-fluid-couplings","20":"product_tag-plum-blossom-elastic-coupling","21":"product_tag-power-transmission-couplings","22":"product_tag-shaft-couplings","23":"product_tag-wzl-drum-coupling","25":"first","26":"instock","27":"shipping-taxable","28":"product-type-simple","29":"entry","30":"content-bg","31":"loop-entry"},"yoast_head":"<!-- This site is optimized with the Yoast SEO plugin v25.6 - https:\/\/yoast.com\/wordpress\/plugins\/seo\/ -->\n<title>Crane gear couplings -Power Transmission Couplings-&amp; High-Performance Crane Couplings<\/title>\n<meta name=\"description\" content=\"Shop high-quality crane gear couplings for overhead and gantry cranes. HLCRANE provides durable, precision-engineered couplings to ensure smooth crane operation and long-lasting performance.\" \/>\n<meta name=\"robots\" content=\"index, follow, max-snippet:-1, max-image-preview:large, max-video-preview:-1\" \/>\n<link rel=\"canonical\" href=\"https:\/\/www.hnhlcrane.com\/sv\/produkt\/kranvaxelkopplingar\/\" \/>\n<meta property=\"og:locale\" content=\"sv_SE\" \/>\n<meta property=\"og:type\" content=\"article\" \/>\n<meta property=\"og:title\" content=\"Crane gear couplings -Power Transmission Couplings-&amp; High-Performance Crane Couplings\" \/>\n<meta property=\"og:description\" content=\"Shop high-quality crane gear couplings for overhead and gantry cranes. HLCRANE provides durable, precision-engineered couplings to ensure smooth crane operation and long-lasting performance.\" \/>\n<meta property=\"og:url\" content=\"https:\/\/www.hnhlcrane.com\/sv\/produkt\/kranvaxelkopplingar\/\" \/>\n<meta property=\"og:site_name\" content=\"Crane Parts Supplier-HL Crame\" \/>\n<meta property=\"article:modified_time\" content=\"2025-09-20T14:12:18+00:00\" \/>\n<meta property=\"og:image\" content=\"https:\/\/www.hnhlcrane.com\/wp-content\/uploads\/2024\/11\/Crane-gear-couplings.jpg\" \/>\n\t<meta property=\"og:image:width\" content=\"600\" \/>\n\t<meta property=\"og:image:height\" content=\"600\" \/>\n\t<meta property=\"og:image:type\" content=\"image\/jpeg\" \/>\n<meta name=\"twitter:card\" content=\"summary_large_image\" \/>\n<meta name=\"twitter:label1\" content=\"Ber\u00e4knad l\u00e4stid\" \/>\n\t<meta name=\"twitter:data1\" content=\"3 minuter\" \/>\n<script type=\"application\/ld+json\" class=\"yoast-schema-graph\">{\"@context\":\"https:\/\/schema.org\",\"@graph\":[{\"@type\":\"WebPage\",\"@id\":\"https:\/\/www.hnhlcrane.com\/product\/crane-gear-couplings\/\",\"url\":\"https:\/\/www.hnhlcrane.com\/product\/crane-gear-couplings\/\",\"name\":\"Crane gear couplings -Power Transmission Couplings-& High-Performance Crane Couplings\",\"isPartOf\":{\"@id\":\"https:\/\/www.hnhlcrane.com\/#website\"},\"primaryImageOfPage\":{\"@id\":\"https:\/\/www.hnhlcrane.com\/product\/crane-gear-couplings\/#primaryimage\"},\"image\":{\"@id\":\"https:\/\/www.hnhlcrane.com\/product\/crane-gear-couplings\/#primaryimage\"},\"thumbnailUrl\":\"https:\/\/www.hnhlcrane.com\/wp-content\/uploads\/2024\/11\/Crane-gear-couplings.jpg\",\"datePublished\":\"2024-11-08T07:16:00+00:00\",\"dateModified\":\"2025-09-20T14:12:18+00:00\",\"description\":\"Shop high-quality crane gear couplings for overhead and gantry cranes. HLCRANE provides durable, precision-engineered couplings to ensure smooth crane operation and long-lasting performance.\",\"breadcrumb\":{\"@id\":\"https:\/\/www.hnhlcrane.com\/product\/crane-gear-couplings\/#breadcrumb\"},\"inLanguage\":\"sv-SE\",\"potentialAction\":[{\"@type\":\"ReadAction\",\"target\":[\"https:\/\/www.hnhlcrane.com\/product\/crane-gear-couplings\/\"]}]},{\"@type\":\"ImageObject\",\"inLanguage\":\"sv-SE\",\"@id\":\"https:\/\/www.hnhlcrane.com\/product\/crane-gear-couplings\/#primaryimage\",\"url\":\"https:\/\/www.hnhlcrane.com\/wp-content\/uploads\/2024\/11\/Crane-gear-couplings.jpg\",\"contentUrl\":\"https:\/\/www.hnhlcrane.com\/wp-content\/uploads\/2024\/11\/Crane-gear-couplings.jpg\",\"width\":600,\"height\":600},{\"@type\":\"BreadcrumbList\",\"@id\":\"https:\/\/www.hnhlcrane.com\/product\/crane-gear-couplings\/#breadcrumb\",\"itemListElement\":[{\"@type\":\"ListItem\",\"position\":1,\"name\":\"home\",\"item\":\"https:\/\/www.hnhlcrane.com\/\"},{\"@type\":\"ListItem\",\"position\":2,\"name\":\"products\",\"item\":\"https:\/\/www.hnhlcrane.com\/products\/\"},{\"@type\":\"ListItem\",\"position\":3,\"name\":\"Crane gear couplings\"}]},{\"@type\":\"WebSite\",\"@id\":\"https:\/\/www.hnhlcrane.com\/#website\",\"url\":\"https:\/\/www.hnhlcrane.com\/\",\"name\":\"Crane Parts Supplier-HL Crame\",\"description\":\"One-stop solution for all your  crane parts needs,Crane Hook,Crane Drum,Crane Wheel,Crane Coupling,Crane Gearbox,Crane Motor,Crane Brake,Special Crane Spreader,Crane grab,Container spreader,Billet crane clamps,Crane C-type spreader,Lifting Electromagnet,Crane Rail Clips,Electric Hoist,FEM Standard Crane End Carriages,Light Crane Parts,Workstation Crane Parts,Crane Electrical Parts,I-beam cable trolley,Crane remote controller,Crane electrical control cabinet,Crane limit switch,Crane sound and light alarm,Heavy Duty Aviation Connector,Crane overload limiter,China Crane Parts Supplier,Crane hooks,Gantry crane hook,Crane accessories,Forged hook,hook processing,Hook manufacturer,China standard crane hook,electric hoist hook,Crane pulley,Hook pulley,Rolled pulley,Crane Pulley Supplier\uff0cEuropean hook pulley,Gantry crane hook pulley,WZL type crane drum,European style reel set,Crane reel,crane parts,Drum processing,crane drum manufacturer,Cast steel drum,Electric hoist drum,Crane drum assembly,DRS Wheel Blocks,European crane wheel,Forged wheels,Active wheel set,Driving wheel set,Driven wheel group,crane wheels manufacturer,Demag crane wheels,Konecranes Crane Wheels,Overhead crane Wheel,Shaft couplings,Power Transmission Couplings,Disc Couplings,Fluid couplings,Coupling manufacturer\uff0cCardan coupling,Crane Reducer,Crane Decelerators,Reducer gearbox,Reducer for crane,Gear Reducer For Crane,Hard tooth surface reducerCrane and hoist reducer,Flender reducer,Reducer manufacturer,ZQ reducer,QJ reducer,QJY reducer,Gear Motors,Konecranes reducer,F series three-in-one reducer,K series three-in-one reducer,travelling machinery,Travelling Motor With Gear,Gear Motor for Crane Traveling,Travelling machinery Frequency inverter motors,FEM standard Gear Motors,Crane motors,Inverter motors,Hoist motors,motorCrane duty motors,Special motor for crane,YZR YZP YZ series motors,Crane and hoist motor,Frequency conversion motor,Electro hydraulic drum brakes,Electro-hydraulic disc brakes,Brake,Overhead Crane Brakes,Disc brakes,Electromagnetic disk brake,Crane hydraulic disc brake,Brakes manufacturer,crane Safety brakes,Singlr rope grab,Four rope grab,Electro-hydraulic multi-flap grab,Orange peel grab,Electric motor grab,Electro-Hydraulicclamshell grab,grab manufacturers,Container spreader manufacturers,20ft Container Spreader,Semi Automatic container spreader,40ft Container Lifting Frame,TEC container Spreader,Billet lifting clamp,Billet Clamps,Billet crane clamps manufacturer,billet lifting clamps china supplier,Coil C-Type Hook,coil hook,Overhead Crane Steel Coil C-Type Hook,Crane C-hook,C-type spreader,C-type hook,Crane magnets,Rail fixing device,Crane Rail fixing device,crane Rail Clamp,CD\/MD Wire Rope Electric Hoist,Wire Rope Electric Hoist China Manufacturer,Single Girder Wire Rope Electric Hoist,Double Girder Wire Rope Electric Hoist,Chain Hoist,Electric chain hoist manufacturer,Electric chain hoist China distributor,European wire rope electric hoist\uff0cEuropean double beam wire rope electric hoist,European Style Single Beam Crane End Carriage,FEN\/DIN European Style Single Beam Crane End Carriage,Crane end beam manufacturers,European style hoist double beam crane end beam,Suspension crane end beam,European style suspended single beam crane end beam,FEN\/DIN Suspension crane end beam,crane cable trolley,Wireless remote control,remote controller,Crane control handle,Crane Controls,electrical control cabinet,crane control cabinet,Limit switch,Sound and light alarm,Aviation plug,quick connector,Crane aviation plug,Overload limiter\",\"publisher\":{\"@id\":\"https:\/\/www.hnhlcrane.com\/#organization\"},\"potentialAction\":[{\"@type\":\"SearchAction\",\"target\":{\"@type\":\"EntryPoint\",\"urlTemplate\":\"https:\/\/www.hnhlcrane.com\/?s={search_term_string}\"},\"query-input\":{\"@type\":\"PropertyValueSpecification\",\"valueRequired\":true,\"valueName\":\"search_term_string\"}}],\"inLanguage\":\"sv-SE\"},{\"@type\":\"Organization\",\"@id\":\"https:\/\/www.hnhlcrane.com\/#organization\",\"name\":\"Crane Parts Supplier-HL Crame\",\"url\":\"https:\/\/www.hnhlcrane.com\/\",\"logo\":{\"@type\":\"ImageObject\",\"inLanguage\":\"sv-SE\",\"@id\":\"https:\/\/www.hnhlcrane.com\/#\/schema\/logo\/image\/\",\"url\":\"https:\/\/www.hnhlcrane.com\/wp-content\/uploads\/2024\/09\/logo6-1-e1733899395598.png\",\"contentUrl\":\"https:\/\/www.hnhlcrane.com\/wp-content\/uploads\/2024\/09\/logo6-1-e1733899395598.png\",\"width\":1000,\"height\":282,\"caption\":\"Crane Parts Supplier-HL Crame\"},\"image\":{\"@id\":\"https:\/\/www.hnhlcrane.com\/#\/schema\/logo\/image\/\"}}]}<\/script>\n<!-- \/ Yoast SEO plugin. -->","yoast_head_json":{"title":"Kranv\u00e4xelkopplingar - Kraft\u00f6verf\u00f6ringskopplingar - &amp; H\u00f6gpresterande krankopplingar","description":"K\u00f6p h\u00f6gkvalitativa kranv\u00e4xelkopplingar f\u00f6r traverser och portalkranar. HLCRANE tillhandah\u00e5ller h\u00e5llbara, precisionskonstruerade kopplingar f\u00f6r att s\u00e4kerst\u00e4lla smidig krandrift och l\u00e5ngvarig prestanda.","robots":{"index":"index","follow":"follow","max-snippet":"max-snippet:-1","max-image-preview":"max-image-preview:large","max-video-preview":"max-video-preview:-1"},"canonical":"https:\/\/www.hnhlcrane.com\/sv\/produkt\/kranvaxelkopplingar\/","og_locale":"sv_SE","og_type":"article","og_title":"Crane gear couplings -Power Transmission Couplings-& High-Performance Crane Couplings","og_description":"Shop high-quality crane gear couplings for overhead and gantry cranes. HLCRANE provides durable, precision-engineered couplings to ensure smooth crane operation and long-lasting performance.","og_url":"https:\/\/www.hnhlcrane.com\/sv\/produkt\/kranvaxelkopplingar\/","og_site_name":"Crane Parts Supplier-HL Crame","article_modified_time":"2025-09-20T14:12:18+00:00","og_image":[{"width":600,"height":600,"url":"https:\/\/www.hnhlcrane.com\/wp-content\/uploads\/2024\/11\/Crane-gear-couplings.jpg","type":"image\/jpeg"}],"twitter_card":"summary_large_image","twitter_misc":{"Ber\u00e4knad l\u00e4stid":"3 minuter"},"schema":{"@context":"https:\/\/schema.org","@graph":[{"@type":"WebPage","@id":"https:\/\/www.hnhlcrane.com\/product\/crane-gear-couplings\/","url":"https:\/\/www.hnhlcrane.com\/product\/crane-gear-couplings\/","name":"Kranv\u00e4xelkopplingar - Kraft\u00f6verf\u00f6ringskopplingar - &amp; H\u00f6gpresterande krankopplingar","isPartOf":{"@id":"https:\/\/www.hnhlcrane.com\/#website"},"primaryImageOfPage":{"@id":"https:\/\/www.hnhlcrane.com\/product\/crane-gear-couplings\/#primaryimage"},"image":{"@id":"https:\/\/www.hnhlcrane.com\/product\/crane-gear-couplings\/#primaryimage"},"thumbnailUrl":"https:\/\/www.hnhlcrane.com\/wp-content\/uploads\/2024\/11\/Crane-gear-couplings.jpg","datePublished":"2024-11-08T07:16:00+00:00","dateModified":"2025-09-20T14:12:18+00:00","description":"K\u00f6p h\u00f6gkvalitativa kranv\u00e4xelkopplingar f\u00f6r traverser och portalkranar. HLCRANE tillhandah\u00e5ller h\u00e5llbara, precisionskonstruerade kopplingar f\u00f6r att s\u00e4kerst\u00e4lla smidig krandrift och l\u00e5ngvarig prestanda.","breadcrumb":{"@id":"https:\/\/www.hnhlcrane.com\/product\/crane-gear-couplings\/#breadcrumb"},"inLanguage":"sv-SE","potentialAction":[{"@type":"ReadAction","target":["https:\/\/www.hnhlcrane.com\/product\/crane-gear-couplings\/"]}]},{"@type":"ImageObject","inLanguage":"sv-SE","@id":"https:\/\/www.hnhlcrane.com\/product\/crane-gear-couplings\/#primaryimage","url":"https:\/\/www.hnhlcrane.com\/wp-content\/uploads\/2024\/11\/Crane-gear-couplings.jpg","contentUrl":"https:\/\/www.hnhlcrane.com\/wp-content\/uploads\/2024\/11\/Crane-gear-couplings.jpg","width":600,"height":600},{"@type":"BreadcrumbList","@id":"https:\/\/www.hnhlcrane.com\/product\/crane-gear-couplings\/#breadcrumb","itemListElement":[{"@type":"ListItem","position":1,"name":"home","item":"https:\/\/www.hnhlcrane.com\/"},{"@type":"ListItem","position":2,"name":"products","item":"https:\/\/www.hnhlcrane.com\/products\/"},{"@type":"ListItem","position":3,"name":"Crane gear couplings"}]},{"@type":"WebSite","@id":"https:\/\/www.hnhlcrane.com\/#website","url":"https:\/\/www.hnhlcrane.com\/","name":"Leverant\u00f6r av krandelar-HL Crame","description":"One-stop-l\u00f6sning f\u00f6r alla dina behov av krandelar, krankrok, krantrumma, kranhjul, krankoppling, kranv\u00e4xell\u00e5da, kranmotor, kranbroms, speciell kranspridare, krangrepp, containerspridare, krankl\u00e4mmor av betsel, spridare av kran av C-typ,Lyftelektromagnet,Kranskena kl\u00e4mmor,Elektrisk lyftanordning,FEM-standard kran\u00e4ndvagnar,L\u00e4tta krandelar,Arbetsstationskrandelar,Kran elektriska delar,I-balk kabelvagn,Kran fj\u00e4rrkontroll,Kran elektriska kontrollsk\u00e5p,Kranbegr\u00e4nsningsbrytare,Kranljud- och ljuslarm,Heavy Duty Aviation Connector,Kran\u00f6verbelastningsbegr\u00e4nsare,Leverant\u00f6r av krandelar i Kina,Krankrokar,Portalkrankrok,Krantillbeh\u00f6r,Smidd krok,krokbearbetning,Kroktillverkare,Kina standardkrankrok,elektrisk lyftkrok,Kranskiva,Krokskiva,Valsad remskiva,Leverant\u00f6r av kranskivor,Europeisk krokskiva,Portalkrankrokskiva,Krantrumma av WZL-typ,Hjulsats i europeisk stil,Kranrulle,krandelar,Trumbearbetning,krantrumma tillverkare,Gjuten st\u00e5ltrumma,Elektrisk lyfttrumma,Krantrumma montering,DRS hjulblock,Europeiska kranhjul,Smidda hjul,Aktiv hjulupps\u00e4ttning,Drivhjulupps\u00e4ttning,Drivhjulsgrupp,Kranhjul tillverkare,Demag kranhjul,Konecranes kranhjul,Traverskranhjul,Axelkopplingar,Kraft\u00f6verf\u00f6ringskopplingar,Skivkopplingar,V\u00e4tskekopplingar,Kopplingstillverkare,Cardankoppling,Kranreducerare,Crane Decelerators,Reducer v\u00e4xell\u00e5da,Reducer f\u00f6r kran,Reduktionsv\u00e4xel f\u00f6r kran,Reduktionsv\u00e4xel f\u00f6r kran,Reduktionsv\u00e4xel f\u00f6r h\u00e5rd tandytaCrane and hoist reducer,Flender reducer,Reducer tillverkare,ZQ reducer,QJ reducer,QJY reducer,V\u00e4xelmotorer,Konecranes reducer,F-serie tre-i-ett-reducerare,K-serie tre-i-ett-reducerare,resemaskiner,Resemotor med v\u00e4xel,V\u00e4xelmotor f\u00f6r kranresor,Resemaskiner Frekvensomriktarmotorer,FEM-standardv\u00e4xelmotorer,Kranmotorer,Invertermotorer,Lyftmotorer,motorKranmotorer,Specialmotor f\u00f6r kran,YZR YZP YZ-serie motorer,Kran- och lyftmotor,Frekvensomvandlingsmotor,Elektrohydrauliska trumbromsar,Elektrohydrauliska skivbromsar,Broms,Traverskranbromsar,Skivbromsar,Elektromagnetisk skivbroms,Kranhydraulisk skivbroms,Bromstillverkare,Kran S\u00e4kerhetsbromsar,Singlr rep grip,Fyra rep grip,Elektrohydraulisk multi-flap grip,Orange peel grip,Elmotor grip,Elektrohydraulisk kl\u00e4mskalsgrip,griptillverkare,Containerspridare tillverkare,20ft Containerspridare,Halvautomatisk containerspridare,40ft Containerlyftram,TEC containerspridare,Billetlyftkl\u00e4mma,Billetkl\u00e4mmor,Billetkrankl\u00e4mmor tillverkare,billetlyftkl\u00e4mmor Kina leverant\u00f6r,Coil C-Typ Krok,coil krok,Traverskran St\u00e5l Coil C-Typ Krok,Kran C-krok,C-typ spridare,C-typ krok,Kranmagneter,R\u00e4lsbef\u00e4stningsanordning,Kranskena fixeringsanordning,kranskena kl\u00e4mma,CD \/ MD Wire Rope Electric Hoist,Wire Rope Electric Hoist Kina Tillverkare,Single Girder Wire Rope Electric Hoist,Double Girder Wire Rope Electric Hoist,K\u00e4ttingtelfer,Elektrisk kedjetelfer tillverkare,Elektrisk kedjetelfer Kina distribut\u00f6r,Europeisk wire rope elektrisk lyftanordning,Europeisk dubbelbalk wire rope elektrisk lyftanordning,European Style Single Beam Crane End Carriage,FEN \/ DIN European Style Single Beam Crane End Carriage,Tillverkare av kran\u00e4ndbalkar, europeisk stil lyft dubbelbalkskran\u00e4ndbalk, upph\u00e4ngningskran\u00e4ndbalk, europeisk stil upph\u00e4ngd enkelbalkskran\u00e4ndbalk, FEN \/ DIN upph\u00e4ngningskran\u00e4ndbalk, krankabelvagn, tr\u00e5dl\u00f6s fj\u00e4rrkontroll, fj\u00e4rrkontroll, kranstyrhandtag, krankontroller, elektriskt styrsk\u00e5p, kranstyrsk\u00e5p, gr\u00e4nsl\u00e4gesbrytare, ljud- och ljuslarm, flygplugg, snabbkontakt, kranflygplugg, \u00f6verbelastningsbegr\u00e4nsare","publisher":{"@id":"https:\/\/www.hnhlcrane.com\/#organization"},"potentialAction":[{"@type":"SearchAction","target":{"@type":"EntryPoint","urlTemplate":"https:\/\/www.hnhlcrane.com\/?s={search_term_string}"},"query-input":{"@type":"PropertyValueSpecification","valueRequired":true,"valueName":"search_term_string"}}],"inLanguage":"sv-SE"},{"@type":"Organization","@id":"https:\/\/www.hnhlcrane.com\/#organization","name":"Leverant\u00f6r av krandelar-HL Crame","url":"https:\/\/www.hnhlcrane.com\/","logo":{"@type":"ImageObject","inLanguage":"sv-SE","@id":"https:\/\/www.hnhlcrane.com\/#\/schema\/logo\/image\/","url":"https:\/\/www.hnhlcrane.com\/wp-content\/uploads\/2024\/09\/logo6-1-e1733899395598.png","contentUrl":"https:\/\/www.hnhlcrane.com\/wp-content\/uploads\/2024\/09\/logo6-1-e1733899395598.png","width":1000,"height":282,"caption":"Crane Parts Supplier-HL Crame"},"image":{"@id":"https:\/\/www.hnhlcrane.com\/#\/schema\/logo\/image\/"}}]}},"_links":{"self":[{"href":"https:\/\/www.hnhlcrane.com\/sv\/wp-json\/wp\/v2\/product\/4896","targetHints":{"allow":["GET"]}}],"collection":[{"href":"https:\/\/www.hnhlcrane.com\/sv\/wp-json\/wp\/v2\/product"}],"about":[{"href":"https:\/\/www.hnhlcrane.com\/sv\/wp-json\/wp\/v2\/types\/product"}],"version-history":[{"count":1,"href":"https:\/\/www.hnhlcrane.com\/sv\/wp-json\/wp\/v2\/product\/4896\/revisions"}],"predecessor-version":[{"id":6911,"href":"https:\/\/www.hnhlcrane.com\/sv\/wp-json\/wp\/v2\/product\/4896\/revisions\/6911"}],"wp:featuredmedia":[{"embeddable":true,"href":"https:\/\/www.hnhlcrane.com\/sv\/wp-json\/wp\/v2\/media\/4897"}],"wp:attachment":[{"href":"https:\/\/www.hnhlcrane.com\/sv\/wp-json\/wp\/v2\/media?parent=4896"}],"wp:term":[{"taxonomy":"product_brand","embeddable":true,"href":"https:\/\/www.hnhlcrane.com\/sv\/wp-json\/wp\/v2\/product_brand?post=4896"},{"taxonomy":"product_cat","embeddable":true,"href":"https:\/\/www.hnhlcrane.com\/sv\/wp-json\/wp\/v2\/product_cat?post=4896"},{"taxonomy":"product_tag","embeddable":true,"href":"https:\/\/www.hnhlcrane.com\/sv\/wp-json\/wp\/v2\/product_tag?post=4896"}],"curies":[{"name":"wp","href":"https:\/\/api.w.org\/{rel}","templated":true}]}}