{"id":5740,"date":"2024-12-05T22:42:34","date_gmt":"2024-12-05T14:42:34","guid":{"rendered":"https:\/\/www.hnhlcrane.com\/?post_type=product&#038;p=5740"},"modified":"2025-09-14T23:11:45","modified_gmt":"2025-09-14T15:11:45","slug":"daljinski-upravljalnik-zerjava","status":"publish","type":"product","link":"https:\/\/www.hnhlcrane.com\/sl\/izdelek\/daljinski-upravljalnik-zerjava\/","title":{"rendered":"Daljinski upravljalnik \u017eerjava"},"content":{"rendered":"<div class=\"flex max-w-full flex-col flex-grow\">\n<div class=\"min-h-8 text-message flex w-full flex-col items-end gap-2 whitespace-normal break-words [.text-message+&amp;]:mt-5\" dir=\"auto\" data-message-author-role=\"assistant\" data-message-id=\"d22886da-3fb2-45fa-876a-33dd54db9fd5\" data-message-model-slug=\"gpt-4o\">\n<div class=\"flex w-full flex-col gap-1 empty:hidden first:pt-[3px]\">\n<div class=\"markdown prose w-full break-words dark:prose-invert light\">\n<h6><strong><span style=\"font-family: arial, helvetica, sans-serif; font-size: 18pt;\">Uvod v daljinske upravljalnike \u017eerjavov<\/span><\/strong><\/h6>\n<p>Spletna stran <strong>daljinski upravljalnik \u017eerjava<\/strong> je naprava, ki omogo\u010da daljinsko upravljanje \u017eerjavov prek brez\u017ei\u010dnih signalov in s tem izbolj\u0161a u\u010dinkovitost, varnost in udobje pri delu. Za zagotavljanje nemotenega delovanja je daljinski upravljalnik \u017eerjava obi\u010dajno sestavljen iz dveh glavnih delov: oddajnika in sprejemnika. Oddajnik, ki je pogosto ro\u010dni daljinski upravljalnik, omogo\u010da upravljavcem, da izdajajo ukaze z gumbi ali krmilnimi palicami. Sprejemnik, ki je name\u0161\u010den na \u017eerjavu, obdeluje te ukaze in poganja ustrezne mehanizme za izvajanje razli\u010dnih dejavnosti \u017eerjava.<\/p>\n<p>Za bolj\u0161e razumevanje njegovih zmogljivosti se poglobimo v klju\u010dne zna\u010dilnosti, glavne funkcije in bistvene previdnostne ukrepe za uporabo daljinskega upravljalnika \u017eerjava.<\/p>\n<h6><strong><span style=\"font-family: arial, helvetica, sans-serif; font-size: 18pt;\">Klju\u010dne lastnosti daljinskih upravljalnikov \u017eerjavov<\/span><\/strong><\/h6>\n<ol>\n<li><strong>Brez\u017ei\u010dno delovanje<\/strong>:<br \/>\nBrez potrebe po neposrednem stiku krmilnik upravljavcem omogo\u010da upravljanje \u017eerjavov z varne razdalje, kar zagotavlja varnost in udobje.<\/li>\n<li><strong>Enostavnost uporabe<\/strong>:<br \/>\nZaradi ergonomske zasnove je upravljanje krmilnika intuitivno in preprosto.<\/li>\n<li><strong>Visoka stabilnost<\/strong>:<br \/>\nStrogo preizku\u0161eni za zagotavljanje zanesljivega delovanja v razli\u010dnih delovnih okoljih.<\/li>\n<li><strong>Pove\u010dana varnost<\/strong>:<br \/>\nOpremljen je s \u0161tevilnimi varnostnimi ukrepi za prepre\u010devanje napak pri delovanju.<\/li>\n<li><strong>Ve\u010dstopenjski nadzor<\/strong>:<br \/>\nPodpira nastavljive hitrosti in sile gibanja glede na posebne zahteve.<\/li>\n<li><strong>Natan\u010den nadzor<\/strong>:<br \/>\nNapredna tehnologija senzorjev zagotavlja zelo natan\u010dno delovanje.<\/li>\n<li><strong>Prenosljivost<\/strong>:<br \/>\nZaradi kompaktne in lahke zasnove je krmilnik enostaven za prena\u0161anje in uporabo.<\/li>\n<\/ol>\n<h6><strong><span style=\"font-family: arial, helvetica, sans-serif; font-size: 18pt;\">Glavne funkcije daljinskih upravljalnikov za \u017eerjave<\/span><\/strong><\/h6>\n<ol>\n<li><strong>Nadzor dvigovanja<\/strong>:<br \/>\nUpravljavci lahko nadzorujejo dvigovanje in spu\u0161\u010danje \u017eerjava s pritiskom na dolo\u010dene gumbe na daljinskem upravljalniku.<\/li>\n<li><strong>Teleskopski nadzor<\/strong>:<br \/>\nDol\u017eino \u017eerjava lahko enostavno prilagodite z gumbi za upravljanje.<\/li>\n<li><strong>Nadzor vrtenja<\/strong>:<br \/>\nOmogo\u010da nemoteno vrtenje \u017eerjava z uporabo namenskih krmilnikov vrtenja.<\/li>\n<li><strong>Pomo\u017ene funkcije<\/strong>:<br \/>\nVklju\u010duje funkcije, kot sta nadzor svetlobe in opozorila sirene, ki izbolj\u0161ujejo delovanje v no\u010dnih ali zapletenih okoljih.<\/li>\n<\/ol>\n<h6><strong><span style=\"font-family: arial, helvetica, sans-serif; font-size: 18pt;\">Previdnostni ukrepi za uporabo daljinskih upravljalnikov \u017eerjava<\/span><\/strong><\/h6>\n<p>Za zagotovitev varnosti in dolge \u017eivljenjske dobe morajo uporabniki upo\u0161tevati naslednje previdnostne ukrepe:<\/p>\n<ol>\n<li><strong>Priprava pred delovanjem<\/strong>:<br \/>\nPreverite, ali je baterija dovolj napolnjena, in se seznanite s funkcijami in razporeditvijo gumbov na krmilniku.<\/li>\n<li><strong>Varno delovanje<\/strong>:<br \/>\nUpo\u0161tevajte varnostne protokole, ostanite pozorni in se izogibajte delu na nevarnih obmo\u010djih.<\/li>\n<li><strong>Hidroizolacija<\/strong>:<br \/>\nKrmilnika ne uporabljajte v vla\u017enih ali mokrih okoljih.<\/li>\n<li><strong>Odpornost na udarce<\/strong>:<br \/>\nZ njim ravnajte previdno, da ga ne bi spustili ali mo\u010dno udarili.<\/li>\n<li><strong>Motnje signala<\/strong>:<br \/>\nKrmilnika ne uporabljajte v bli\u017eini mo\u010dnih elektromagnetnih polj.<\/li>\n<li><strong>Rutinski pregled<\/strong>:<br \/>\nRedno pregledujte krmilnik in se prepri\u010dajte, da vse funkcije delujejo pravilno.<\/li>\n<\/ol>\n<h6><strong><span style=\"font-family: arial, helvetica, sans-serif; font-size: 18pt;\">Uporaba daljinskih upravljalnikov za \u017eerjave<\/span><\/strong><\/h6>\n<p>Ta vsestranska naprava je primerna za \u0161tevilne in\u017eenirske scenarije, vklju\u010dno s sodobnimi gradbenimi in logisti\u010dnimi operacijami. Daljinski upravljalnik \u017eerjava je z bistveno pove\u010danjem udobja, varnosti in u\u010dinkovitosti postal nepogre\u0161ljivo orodje v sodobni industriji.<\/p>\n<\/div>\n<\/div>\n<\/div>\n<\/div>\n<p>&nbsp;<\/p>","protected":false},"excerpt":{"rendered":"<h6><strong><span style=\"font-family: arial, helvetica, sans-serif; font-size: 14pt;\">Specifikacije daljinskega upravljalnika Crane<\/span><\/strong><\/h6>\n<ul>\n<li><strong>Mo\u017enosti modela<\/strong>: F24-6D, F24-8D, F24-10D, F24-12D, F24-60<\/li>\n<li><strong>Mo\u017enosti gumbov<\/strong>: 6, 8, 10, 12 gumbov ali krmiljenje s krmilno palico<\/li>\n<li><strong>Ocena za\u0161\u010dite<\/strong>: IP65<\/li>\n<li><strong>Frekven\u010dni razpon<\/strong>: VHF: 310-331 MHz; UHF: 425-446 MHz<\/li>\n<li><strong>Mo\u017enosti napajanja sprejemnika<\/strong>: 24 V, 36 V, 220 V, 380 V (neobvezno)<\/li>\n<li><strong>Delovna temperatura<\/strong>: -40 \u00b0C do +85 \u00b0C<\/li>\n<li><strong>Nadzorna razdalja<\/strong>: Do 100 m v odprtem okolju<\/li>\n<\/ul>","protected":false},"featured_media":5741,"template":"","meta":{"_kad_post_transparent":"default","_kad_post_title":"","_kad_post_layout":"default","_kad_post_sidebar_id":"","_kad_post_content_style":"default","_kad_post_vertical_padding":"show","_kad_post_feature":"","_kad_post_feature_position":"","_kad_post_header":false,"_kad_post_footer":false},"product_brand":[],"product_cat":[65],"product_tag":[284,288,290,289],"class_list":{"0":"post-5740","1":"product","2":"type-product","3":"status-publish","4":"has-post-thumbnail","6":"product_cat-crane-electrical-parts","7":"product_tag-crane-electrical-parts","8":"product_tag-crane-remote-controller","9":"product_tag-remote-controller","10":"product_tag-wireless-remote-control","12":"first","13":"instock","14":"shipping-taxable","15":"product-type-simple","16":"entry","17":"content-bg","18":"loop-entry"},"yoast_head":"<!-- This site is optimized with the Yoast SEO plugin v25.6 - https:\/\/yoast.com\/wordpress\/plugins\/seo\/ -->\n<title>Crane remote controller -Wireless remote control,remote controller<\/title>\n<meta name=\"description\" content=\"Our Crane Remote Controllers deliver dependable performance for safe and efficient crane operations, widely used in factories, ports, and warehouses.\" \/>\n<meta name=\"robots\" content=\"index, follow, max-snippet:-1, max-image-preview:large, max-video-preview:-1\" \/>\n<link rel=\"canonical\" href=\"https:\/\/www.hnhlcrane.com\/sl\/izdelek\/daljinski-upravljalnik-zerjava\/\" \/>\n<meta property=\"og:locale\" content=\"sl_SI\" \/>\n<meta property=\"og:type\" content=\"article\" \/>\n<meta property=\"og:title\" content=\"Crane remote controller -Wireless remote control,remote controller\" \/>\n<meta property=\"og:description\" content=\"Our Crane Remote Controllers deliver dependable performance for safe and efficient crane operations, widely used in factories, ports, and warehouses.\" \/>\n<meta property=\"og:url\" content=\"https:\/\/www.hnhlcrane.com\/sl\/izdelek\/daljinski-upravljalnik-zerjava\/\" \/>\n<meta property=\"og:site_name\" content=\"Crane Parts Supplier-HL Crame\" \/>\n<meta property=\"article:modified_time\" content=\"2025-09-14T15:11:45+00:00\" \/>\n<meta property=\"og:image\" content=\"https:\/\/www.hnhlcrane.com\/wp-content\/uploads\/2024\/12\/Crane-remote-controller-1.jpg\" \/>\n\t<meta property=\"og:image:width\" content=\"600\" \/>\n\t<meta property=\"og:image:height\" content=\"600\" \/>\n\t<meta property=\"og:image:type\" content=\"image\/jpeg\" \/>\n<meta name=\"twitter:card\" content=\"summary_large_image\" \/>\n<meta name=\"twitter:label1\" content=\"Est. reading time\" \/>\n\t<meta name=\"twitter:data1\" content=\"3 minute\" \/>\n<script type=\"application\/ld+json\" class=\"yoast-schema-graph\">{\"@context\":\"https:\/\/schema.org\",\"@graph\":[{\"@type\":\"WebPage\",\"@id\":\"https:\/\/www.hnhlcrane.com\/product\/crane-remote-controller\/\",\"url\":\"https:\/\/www.hnhlcrane.com\/product\/crane-remote-controller\/\",\"name\":\"Crane remote controller -Wireless remote control,remote controller\",\"isPartOf\":{\"@id\":\"https:\/\/www.hnhlcrane.com\/#website\"},\"primaryImageOfPage\":{\"@id\":\"https:\/\/www.hnhlcrane.com\/product\/crane-remote-controller\/#primaryimage\"},\"image\":{\"@id\":\"https:\/\/www.hnhlcrane.com\/product\/crane-remote-controller\/#primaryimage\"},\"thumbnailUrl\":\"https:\/\/www.hnhlcrane.com\/wp-content\/uploads\/2024\/12\/Crane-remote-controller-1.jpg\",\"datePublished\":\"2024-12-05T14:42:34+00:00\",\"dateModified\":\"2025-09-14T15:11:45+00:00\",\"description\":\"Our Crane Remote Controllers deliver dependable performance for safe and efficient crane operations, widely used in factories, ports, and warehouses.\",\"breadcrumb\":{\"@id\":\"https:\/\/www.hnhlcrane.com\/product\/crane-remote-controller\/#breadcrumb\"},\"inLanguage\":\"sl-SI\",\"potentialAction\":[{\"@type\":\"ReadAction\",\"target\":[\"https:\/\/www.hnhlcrane.com\/product\/crane-remote-controller\/\"]}]},{\"@type\":\"ImageObject\",\"inLanguage\":\"sl-SI\",\"@id\":\"https:\/\/www.hnhlcrane.com\/product\/crane-remote-controller\/#primaryimage\",\"url\":\"https:\/\/www.hnhlcrane.com\/wp-content\/uploads\/2024\/12\/Crane-remote-controller-1.jpg\",\"contentUrl\":\"https:\/\/www.hnhlcrane.com\/wp-content\/uploads\/2024\/12\/Crane-remote-controller-1.jpg\",\"width\":600,\"height\":600},{\"@type\":\"BreadcrumbList\",\"@id\":\"https:\/\/www.hnhlcrane.com\/product\/crane-remote-controller\/#breadcrumb\",\"itemListElement\":[{\"@type\":\"ListItem\",\"position\":1,\"name\":\"home\",\"item\":\"https:\/\/www.hnhlcrane.com\/\"},{\"@type\":\"ListItem\",\"position\":2,\"name\":\"products\",\"item\":\"https:\/\/www.hnhlcrane.com\/products\/\"},{\"@type\":\"ListItem\",\"position\":3,\"name\":\"Crane remote controller\"}]},{\"@type\":\"WebSite\",\"@id\":\"https:\/\/www.hnhlcrane.com\/#website\",\"url\":\"https:\/\/www.hnhlcrane.com\/\",\"name\":\"Crane Parts Supplier-HL Crame\",\"description\":\"One-stop solution for all your  crane parts needs,Crane Hook,Crane Drum,Crane Wheel,Crane Coupling,Crane Gearbox,Crane Motor,Crane Brake,Special Crane Spreader,Crane grab,Container spreader,Billet crane clamps,Crane C-type spreader,Lifting Electromagnet,Crane Rail Clips,Electric Hoist,FEM Standard Crane End Carriages,Light Crane Parts,Workstation Crane Parts,Crane Electrical Parts,I-beam cable trolley,Crane remote controller,Crane electrical control cabinet,Crane limit switch,Crane sound and light alarm,Heavy Duty Aviation Connector,Crane overload limiter,China Crane Parts Supplier,Crane hooks,Gantry crane hook,Crane accessories,Forged hook,hook processing,Hook manufacturer,China standard crane hook,electric hoist hook,Crane pulley,Hook pulley,Rolled pulley,Crane Pulley Supplier\uff0cEuropean hook pulley,Gantry crane hook pulley,WZL type crane drum,European style reel set,Crane reel,crane parts,Drum processing,crane drum manufacturer,Cast steel drum,Electric hoist drum,Crane drum assembly,DRS Wheel Blocks,European crane wheel,Forged wheels,Active wheel set,Driving wheel set,Driven wheel group,crane wheels manufacturer,Demag crane wheels,Konecranes Crane Wheels,Overhead crane Wheel,Shaft couplings,Power Transmission Couplings,Disc Couplings,Fluid couplings,Coupling manufacturer\uff0cCardan coupling,Crane Reducer,Crane Decelerators,Reducer gearbox,Reducer for crane,Gear Reducer For Crane,Hard tooth surface reducerCrane and hoist reducer,Flender reducer,Reducer manufacturer,ZQ reducer,QJ reducer,QJY reducer,Gear Motors,Konecranes reducer,F series three-in-one reducer,K series three-in-one reducer,travelling machinery,Travelling Motor With Gear,Gear Motor for Crane Traveling,Travelling machinery Frequency inverter motors,FEM standard Gear Motors,Crane motors,Inverter motors,Hoist motors,motorCrane duty motors,Special motor for crane,YZR YZP YZ series motors,Crane and hoist motor,Frequency conversion motor,Electro hydraulic drum brakes,Electro-hydraulic disc brakes,Brake,Overhead Crane Brakes,Disc brakes,Electromagnetic disk brake,Crane hydraulic disc brake,Brakes manufacturer,crane Safety brakes,Singlr rope grab,Four rope grab,Electro-hydraulic multi-flap grab,Orange peel grab,Electric motor grab,Electro-Hydraulicclamshell grab,grab manufacturers,Container spreader manufacturers,20ft Container Spreader,Semi Automatic container spreader,40ft Container Lifting Frame,TEC container Spreader,Billet lifting clamp,Billet Clamps,Billet crane clamps manufacturer,billet lifting clamps china supplier,Coil C-Type Hook,coil hook,Overhead Crane Steel Coil C-Type Hook,Crane C-hook,C-type spreader,C-type hook,Crane magnets,Rail fixing device,Crane Rail fixing device,crane Rail Clamp,CD\/MD Wire Rope Electric Hoist,Wire Rope Electric Hoist China Manufacturer,Single Girder Wire Rope Electric Hoist,Double Girder Wire Rope Electric Hoist,Chain Hoist,Electric chain hoist manufacturer,Electric chain hoist China distributor,European wire rope electric hoist\uff0cEuropean double beam wire rope electric hoist,European Style Single Beam Crane End Carriage,FEN\/DIN European Style Single Beam Crane End Carriage,Crane end beam manufacturers,European style hoist double beam crane end beam,Suspension crane end beam,European style suspended single beam crane end beam,FEN\/DIN Suspension crane end beam,crane cable trolley,Wireless remote control,remote controller,Crane control handle,Crane Controls,electrical control cabinet,crane control cabinet,Limit switch,Sound and light alarm,Aviation plug,quick connector,Crane aviation plug,Overload limiter\",\"publisher\":{\"@id\":\"https:\/\/www.hnhlcrane.com\/#organization\"},\"potentialAction\":[{\"@type\":\"SearchAction\",\"target\":{\"@type\":\"EntryPoint\",\"urlTemplate\":\"https:\/\/www.hnhlcrane.com\/?s={search_term_string}\"},\"query-input\":{\"@type\":\"PropertyValueSpecification\",\"valueRequired\":true,\"valueName\":\"search_term_string\"}}],\"inLanguage\":\"sl-SI\"},{\"@type\":\"Organization\",\"@id\":\"https:\/\/www.hnhlcrane.com\/#organization\",\"name\":\"Crane Parts Supplier-HL Crame\",\"url\":\"https:\/\/www.hnhlcrane.com\/\",\"logo\":{\"@type\":\"ImageObject\",\"inLanguage\":\"sl-SI\",\"@id\":\"https:\/\/www.hnhlcrane.com\/#\/schema\/logo\/image\/\",\"url\":\"https:\/\/www.hnhlcrane.com\/wp-content\/uploads\/2024\/09\/logo6-1-e1733899395598.png\",\"contentUrl\":\"https:\/\/www.hnhlcrane.com\/wp-content\/uploads\/2024\/09\/logo6-1-e1733899395598.png\",\"width\":1000,\"height\":282,\"caption\":\"Crane Parts Supplier-HL Crame\"},\"image\":{\"@id\":\"https:\/\/www.hnhlcrane.com\/#\/schema\/logo\/image\/\"}}]}<\/script>\n<!-- \/ Yoast SEO plugin. -->","yoast_head_json":{"title":"Brez\u017ei\u010dni daljinski upravljalnik za \u017eerjave - Brez\u017ei\u010dni daljinski upravljalnik, daljinski upravljalnik","description":"Na\u0161i daljinski upravljalniki \u017eerjavov zagotavljajo zanesljivo delovanje za varno in u\u010dinkovito delovanje \u017eerjavov, ki se pogosto uporabljajo v tovarnah, pristani\u0161\u010dih in skladi\u0161\u010dih.","robots":{"index":"index","follow":"follow","max-snippet":"max-snippet:-1","max-image-preview":"max-image-preview:large","max-video-preview":"max-video-preview:-1"},"canonical":"https:\/\/www.hnhlcrane.com\/sl\/izdelek\/daljinski-upravljalnik-zerjava\/","og_locale":"sl_SI","og_type":"article","og_title":"Crane remote controller -Wireless remote control,remote controller","og_description":"Our Crane Remote Controllers deliver dependable performance for safe and efficient crane operations, widely used in factories, ports, and warehouses.","og_url":"https:\/\/www.hnhlcrane.com\/sl\/izdelek\/daljinski-upravljalnik-zerjava\/","og_site_name":"Crane Parts Supplier-HL Crame","article_modified_time":"2025-09-14T15:11:45+00:00","og_image":[{"width":600,"height":600,"url":"https:\/\/www.hnhlcrane.com\/wp-content\/uploads\/2024\/12\/Crane-remote-controller-1.jpg","type":"image\/jpeg"}],"twitter_card":"summary_large_image","twitter_misc":{"Est. reading time":"3 minute"},"schema":{"@context":"https:\/\/schema.org","@graph":[{"@type":"WebPage","@id":"https:\/\/www.hnhlcrane.com\/product\/crane-remote-controller\/","url":"https:\/\/www.hnhlcrane.com\/product\/crane-remote-controller\/","name":"Brez\u017ei\u010dni daljinski upravljalnik za \u017eerjave - Brez\u017ei\u010dni daljinski upravljalnik, daljinski upravljalnik","isPartOf":{"@id":"https:\/\/www.hnhlcrane.com\/#website"},"primaryImageOfPage":{"@id":"https:\/\/www.hnhlcrane.com\/product\/crane-remote-controller\/#primaryimage"},"image":{"@id":"https:\/\/www.hnhlcrane.com\/product\/crane-remote-controller\/#primaryimage"},"thumbnailUrl":"https:\/\/www.hnhlcrane.com\/wp-content\/uploads\/2024\/12\/Crane-remote-controller-1.jpg","datePublished":"2024-12-05T14:42:34+00:00","dateModified":"2025-09-14T15:11:45+00:00","description":"Na\u0161i daljinski upravljalniki \u017eerjavov zagotavljajo zanesljivo delovanje za varno in u\u010dinkovito delovanje \u017eerjavov, ki se pogosto uporabljajo v tovarnah, pristani\u0161\u010dih in skladi\u0161\u010dih.","breadcrumb":{"@id":"https:\/\/www.hnhlcrane.com\/product\/crane-remote-controller\/#breadcrumb"},"inLanguage":"sl-SI","potentialAction":[{"@type":"ReadAction","target":["https:\/\/www.hnhlcrane.com\/product\/crane-remote-controller\/"]}]},{"@type":"ImageObject","inLanguage":"sl-SI","@id":"https:\/\/www.hnhlcrane.com\/product\/crane-remote-controller\/#primaryimage","url":"https:\/\/www.hnhlcrane.com\/wp-content\/uploads\/2024\/12\/Crane-remote-controller-1.jpg","contentUrl":"https:\/\/www.hnhlcrane.com\/wp-content\/uploads\/2024\/12\/Crane-remote-controller-1.jpg","width":600,"height":600},{"@type":"BreadcrumbList","@id":"https:\/\/www.hnhlcrane.com\/product\/crane-remote-controller\/#breadcrumb","itemListElement":[{"@type":"ListItem","position":1,"name":"home","item":"https:\/\/www.hnhlcrane.com\/"},{"@type":"ListItem","position":2,"name":"products","item":"https:\/\/www.hnhlcrane.com\/products\/"},{"@type":"ListItem","position":3,"name":"Crane remote controller"}]},{"@type":"WebSite","@id":"https:\/\/www.hnhlcrane.com\/#website","url":"https:\/\/www.hnhlcrane.com\/","name":"Dobavitelj delov \u017eerjava-HL Crame","description":"Re\u0161itev na enem mestu za vse va\u0161e potrebe po delih \u017eerjava, kavelj \u017eerjava, boben \u017eerjava, kolo \u017eerjava, sklopka \u017eerjava, menjalnik \u017eerjava, motor \u017eerjava, zavora \u017eerjava, poseben razpr\u0161ilec \u017eerjava, zajem \u017eerjava, razpr\u0161ilec zabojnikov, sponke \u017eerjava iz predal\u010dka, razpr\u0161ilec \u017eerjava tipa C,dvi\u017eni elektromagnet, \u017eerjavne tirne sponke, elektri\u010dno dvigalo, standardni kon\u010dni vozi\u010dki \u017eerjava FEM, lahki deli \u017eerjava, deli \u017eerjava za delovno postajo, elektri\u010dni deli \u017eerjava, kabelski vozi\u010dek I-nosilca, daljinski upravljalnik \u017eerjava, elektri\u010dna krmilna omarica \u017eerjava,Kon\u010dno stikalo \u017eerjava, zvo\u010dni in svetlobni alarm \u017eerjava, Heavy Duty Aviation Connector, omejevalnik preobremenitve \u017eerjava, kitajski dobavitelj delov \u017eerjava, kavlji \u017eerjava, kavelj portalnega \u017eerjava, pribor \u017eerjava, kovani kavelj, predelava kavlja, proizvajalec kavlja, kitajski standardni kavelj \u017eerjava, elektri\u010dni kavelj, \u0161krip\u010devje \u017eerjava, \u0161krip\u010devje kavlja, valjani \u0161kripec, dobavitelj \u0161kripca \u017eerjava\uff0cEvropski \u0161kripec kavlja, \u0161kripec kavlja portalnega \u017eerjava, boben \u017eerjava tipa WZL, komplet bobna evropskega stila, boben \u017eerjava,deli za \u017eerjave,Obdelava bobna,Proizvajalec bobna za \u017eerjave,Boben iz litega jekla,Boben za elektri\u010dna dvigala,Sestava bobna za \u017eerjave,Bloki koles DRS,Evropsko kolo za \u017eerjave,Kovana kolesa,Komplet aktivnih koles,Komplet pogonskih koles,Skupina pogonskih koles,Proizvajalec koles za \u017eerjave,Kolesa za \u017eerjave Demag,Konecranes Kolesa za \u017eerjave,Kolo za mostne \u017eerjave,Spojke za gredi,Spojke za prenos mo\u010di,Diske,Teko\u010de spojke,Proizvajalec spojk\uff0cKardanska spojka,Redukcija za \u017eerjave,Reduktorji za \u017eerjave, reduktorji za \u017eerjave, reduktorji za \u017eerjave, reduktorji za \u017eerjave, reduktorji s trdo zobato povr\u0161ino, reduktorji za \u017eerjave in dvigala, reduktorji Flender, proizvajalec reduktorjev, reduktorji ZQ, reduktorji QJ, reduktorji QJY, zobni\u0161ki motorji, reduktorji Konecranes,reduktor serije F tri v enem,reduktor serije K tri v enem,potovalni stroji,potovalni motor z zobnikom,zobni\u0161ki motor za potovalni \u017eerjav,potovalni stroji Motorji s frekven\u010dnim pretvornikom,standardni zobni\u0161ki motorji FEM,motorji za \u017eerjave,Motorji z inverterjem, motorji za dvigala, motorji za \u017eerjave, posebni motorji za \u017eerjave, motorji serije YZR YZP YZ, motorji za \u017eerjave in dvigala, motorji s frekven\u010dno pretvorbo, elektrohidravli\u010dne bobenske zavore, elektrohidravli\u010dne kolutne zavore, zavore, zavore za mostne \u017eerjave, kolutne zavore, elektromagnetne kolutne zavore, hidravli\u010dne kolutne zavore za \u017eerjave, proizvajalec zavor, varnostne zavore za \u017eerjave, enojni ro\u010di\u010dni grabelj, \u010detverni ro\u010di\u010dni grabelj, elektrohidravli\u010dni ve\u010dlamelni robec, robec z oran\u017eno lupino, elektromotorni robec,Electro-Hydraulicclamshell grab, proizvajalci grab, proizvajalci kontejnerjev razsipnik, 20ft kontejnerjev razsipnik, pol avtomatski kontejnerjev razsipnik, 40ft kontejnerjev dvi\u017eni okvir, TEC kontejnerjev razsipnik, Billet dvi\u017ene objemke, Billet objemke, Billet \u017eerjava objemke proizvajalec, Billet dvi\u017ene objemke kitajski dobavitelj, tuljava C-Type Hook, tuljava kavelj, Overhead Crane Steel Coil C-Type Hook, C-hook \u017eerjava, C-tip razsipnik, C-tip kavelj, \u017eerjav magneti, Rail pritrditev naprave,\u017derjav Naprava za pritrjevanje tirnic, \u017eerjavova tirna objemka, CD\/MD \u017ei\u010dna vrvna elektri\u010dna dvigala, \u017ei\u010dna vrvna elektri\u010dna dvigala kitajski proizvajalec, \u017ei\u010dna vrvna elektri\u010dna dvigala z enojnim nosilcem, \u017ei\u010dna vrvna elektri\u010dna dvigala z dvojnim nosilcem, veri\u017ena dvigala, elektri\u010dni veri\u017eni dvigala proizvajalec, elektri\u010dni veri\u017eni dvigala kitajski distributer, evropska \u017ei\u010dna vrvna elektri\u010dna dvigala, evropska dvojna \u017ei\u010dna vrvna elektri\u010dna dvigala, kon\u010dni vozi\u010dek \u017eerjava z enim nosilcem, FEN\/DIN evropski kon\u010dni vozi\u010dek \u017eerjava z enim nosilcem,Proizvajalci kon\u010dnih nosilcev \u017eerjavov, Kon\u010dni nosilec \u017eerjava z dvojnim nosilcem evropskega sloga, Kon\u010dni nosilec \u017eerjava, Kon\u010dni nosilec \u017eerjava z enojnim nosilcem evropskega sloga, Kon\u010dni nosilec \u017eerjava z enojnim nosilcem FEN\/DIN, Vozi\u010dek \u017eerjava, Brez\u017ei\u010dni daljinski upravljalnik, daljinski upravljalnik, Ro\u010dica za upravljanje \u017eerjava, Krmilniki \u017eerjava, elektri\u010dna krmilna omara, Krmilna omara \u017eerjava, Kon\u010dno stikalo, Zvo\u010dni in svetlobni alarm, Letalski vti\u010d, hitri priklju\u010dek, Letalski vti\u010d \u017eerjava, Omejilnik preobremenitve","publisher":{"@id":"https:\/\/www.hnhlcrane.com\/#organization"},"potentialAction":[{"@type":"SearchAction","target":{"@type":"EntryPoint","urlTemplate":"https:\/\/www.hnhlcrane.com\/?s={search_term_string}"},"query-input":{"@type":"PropertyValueSpecification","valueRequired":true,"valueName":"search_term_string"}}],"inLanguage":"sl-SI"},{"@type":"Organization","@id":"https:\/\/www.hnhlcrane.com\/#organization","name":"Dobavitelj delov \u017eerjava-HL Crame","url":"https:\/\/www.hnhlcrane.com\/","logo":{"@type":"ImageObject","inLanguage":"sl-SI","@id":"https:\/\/www.hnhlcrane.com\/#\/schema\/logo\/image\/","url":"https:\/\/www.hnhlcrane.com\/wp-content\/uploads\/2024\/09\/logo6-1-e1733899395598.png","contentUrl":"https:\/\/www.hnhlcrane.com\/wp-content\/uploads\/2024\/09\/logo6-1-e1733899395598.png","width":1000,"height":282,"caption":"Crane Parts Supplier-HL Crame"},"image":{"@id":"https:\/\/www.hnhlcrane.com\/#\/schema\/logo\/image\/"}}]}},"_links":{"self":[{"href":"https:\/\/www.hnhlcrane.com\/sl\/wp-json\/wp\/v2\/product\/5740","targetHints":{"allow":["GET"]}}],"collection":[{"href":"https:\/\/www.hnhlcrane.com\/sl\/wp-json\/wp\/v2\/product"}],"about":[{"href":"https:\/\/www.hnhlcrane.com\/sl\/wp-json\/wp\/v2\/types\/product"}],"version-history":[{"count":1,"href":"https:\/\/www.hnhlcrane.com\/sl\/wp-json\/wp\/v2\/product\/5740\/revisions"}],"predecessor-version":[{"id":6979,"href":"https:\/\/www.hnhlcrane.com\/sl\/wp-json\/wp\/v2\/product\/5740\/revisions\/6979"}],"wp:featuredmedia":[{"embeddable":true,"href":"https:\/\/www.hnhlcrane.com\/sl\/wp-json\/wp\/v2\/media\/5741"}],"wp:attachment":[{"href":"https:\/\/www.hnhlcrane.com\/sl\/wp-json\/wp\/v2\/media?parent=5740"}],"wp:term":[{"taxonomy":"product_brand","embeddable":true,"href":"https:\/\/www.hnhlcrane.com\/sl\/wp-json\/wp\/v2\/product_brand?post=5740"},{"taxonomy":"product_cat","embeddable":true,"href":"https:\/\/www.hnhlcrane.com\/sl\/wp-json\/wp\/v2\/product_cat?post=5740"},{"taxonomy":"product_tag","embeddable":true,"href":"https:\/\/www.hnhlcrane.com\/sl\/wp-json\/wp\/v2\/product_tag?post=5740"}],"curies":[{"name":"wp","href":"https:\/\/api.w.org\/{rel}","templated":true}]}}