{"id":5524,"date":"2024-11-29T21:45:30","date_gmt":"2024-11-29T13:45:30","guid":{"rendered":"https:\/\/www.hnhlcrane.com\/?post_type=product&#038;p=5524"},"modified":"2025-09-14T22:47:54","modified_gmt":"2025-09-14T14:47:54","slug":"cgwk-zelezniske-sponke","status":"publish","type":"product","link":"https:\/\/www.hnhlcrane.com\/sl\/izdelek\/cgwk-zelezniske-sponke\/","title":{"rendered":"Sponke CGWK Rail"},"content":{"rendered":"<h6><span style=\"font-family: arial, helvetica, sans-serif; font-size: 18pt;\"><strong>Lastnosti sponk CGWK Rail<\/strong><\/span><\/h6>\n<ol>\n<li><strong>Varjenje osnovne plo\u0161\u010de<\/strong>:<br \/>\nOsnovna plo\u0161\u010da CGWK je varjena na zgornjo prirobnico jeklenega \u017eerjavnega nosilca z dvostranskimi ali tristranskimi zavitimi zvarnimi spoji. To zagotavlja, da se vodoravne bo\u010dne sile \u017eerjava enakomerno prena\u0161ajo na \u017eerjavni nosilec, s \u010dimer se izognemo strukturnim slabostim, ki jih povzro\u010da obse\u017eno vrtanje na prirobnici \u017eerjava.<\/li>\n<li><strong>Sferi\u010dni te\u010dajni priklju\u010dek<\/strong>:<br \/>\nOsnovna plo\u0161\u010da in zgornja vpenjalna plo\u0161\u010da sta povezani s kroglastim te\u010dajem. Tak\u0161na zasnova omogo\u010da rahlo nagibanje pod vplivom bo\u010dnih sil in u\u010dinkovito zmanj\u0161uje vpliv vodoravnih sil na \u017eerjavni nosilec in zavorne sisteme.<\/li>\n<li><strong>Bli\u017eina pozicioniranja<\/strong>:<br \/>\nOsnovna plo\u0161\u010da CGWK je name\u0161\u010dena pribli\u017eno <strong>1 mm<\/strong> pod spodnjim robom tirnice, kar u\u010dinkovito omejuje bo\u010dno premikanje tirnice.<\/li>\n<li><strong>Posebni vijaki za stabilnost<\/strong>:<br \/>\nZa optimalno porazdelitev obremenitve na pritrdilne elemente so uporabljeni posebni vijaki, zgornjo vpenjalno plo\u0161\u010do pa je mogo\u010de enostavno odstraniti, kar mo\u010dno olaj\u0161a namestitev in vzdr\u017eevanje.<\/li>\n<li><strong>Material in trdnost<\/strong>:<br \/>\nVsi pritrdilni elementi so izdelani iz nizkolegiranega jekla visoke trdnosti. Na spletni strani <strong>M20 razred 8.8<\/strong> vijaki za trdnost so zategnjeni z navorom <strong>220 N-m<\/strong>, sistem pa lahko prenese najve\u010djo bo\u010dno silo <strong>65kN<\/strong> v vsaki to\u010dki obremenitve kolesa.<\/li>\n<\/ol>\n<h6><span style=\"font-family: arial, helvetica, sans-serif; font-size: 18pt;\"><strong>Navodila za namestitev za CGWK<a href=\"https:\/\/www.hnhlcrane.com\/sl\/izdelki\/sponke-za-tirnice-zerjava\/\" target=\"_blank\" rel=\"noopener\"> \u017delezni\u0161ke sponke<\/a><\/strong><\/span><\/h6>\n<ol>\n<li><strong>Poravnava tirov<\/strong>:<br \/>\nPred za\u010detkom namestitve poravnajte tirnico v skladu s projektnimi specifikacijami.<\/li>\n<li><strong>Postavitev osnovne plo\u0161\u010de<\/strong>:\n<ul>\n<li>Osnovne plo\u0161\u010de namestite vzdol\u017e smeri tirnice v razmiku <strong>500 mm<\/strong>.<\/li>\n<li>Prepri\u010dajte se, da je pravokotna razdalja med sredi\u0161\u010dem vijaka in sredi\u0161\u010dem tirnice (vrednost <strong>a<\/strong>) je pravilno name\u0161\u010den.<\/li>\n<\/ul>\n<\/li>\n<li><strong>Varjenje osnovne plo\u0161\u010de<\/strong>:<br \/>\nZvarite osnovno plo\u0161\u010do na nosilec \u017eerjava po predpisani metodi (dvostransko ali tristransko varjenje).<\/li>\n<li><strong>Sestava komponent<\/strong>:<br \/>\nSponke sestavite v naslednjem vrstnem redu:<\/p>\n<ul>\n<li>Polo\u017eaj vijakov<\/li>\n<li>Postavite zgornjo vpenjalno plo\u0161\u010do<\/li>\n<li>Dodajte plo\u0161\u010date podlo\u017eke, vzmetne podlo\u017eke in matice.<\/li>\n<li>Matice zategnite z navorom <strong>220 N-m<\/strong>.<\/li>\n<\/ul>\n<\/li>\n<\/ol>\n<p><img fetchpriority=\"high\" decoding=\"async\" class=\"alignnone wp-image-5526\" src=\"https:\/\/www.hnhlcrane.com\/wp-content\/uploads\/2024\/11\/CGWK-Rail-Clips-1-300x103.jpg\" alt=\"\" width=\"804\" height=\"276\" srcset=\"https:\/\/www.hnhlcrane.com\/wp-content\/uploads\/2024\/11\/CGWK-Rail-Clips-1-300x103.jpg 300w, https:\/\/www.hnhlcrane.com\/wp-content\/uploads\/2024\/11\/CGWK-Rail-Clips-1-768x263.jpg 768w, https:\/\/www.hnhlcrane.com\/wp-content\/uploads\/2024\/11\/CGWK-Rail-Clips-1-600x205.jpg 600w, https:\/\/www.hnhlcrane.com\/wp-content\/uploads\/2024\/11\/CGWK-Rail-Clips-1.jpg 1000w\" sizes=\"(max-width: 804px) 100vw, 804px\" \/><\/p>","protected":false},"excerpt":{"rendered":"<h6><span style=\"font-family: arial, helvetica, sans-serif; font-size: 14pt;\"><strong>Specifikacije sponk CGWK Rail<\/strong><\/span><\/h6>\n<ul>\n<li><strong>Modeli<\/strong>: CGWK38, CGWK43, CGWK50, CGWK60, CGWK70, CGWK80, CGWK100, CGWK120<\/li>\n<li><strong>Metoda pritrjevanja<\/strong>: Varjena osnovna plo\u0161\u010da<\/li>\n<\/ul>","protected":false},"featured_media":5525,"template":"","meta":{"_kad_post_transparent":"default","_kad_post_title":"","_kad_post_layout":"default","_kad_post_sidebar_id":"","_kad_post_content_style":"default","_kad_post_vertical_padding":"show","_kad_post_feature":"","_kad_post_feature_position":"","_kad_post_header":false,"_kad_post_footer":false},"product_brand":[],"product_cat":[83],"product_tag":[224,223,222,221,218,214,217,225,228,216,226,219,227,215,220],"class_list":{"0":"post-5524","1":"product","2":"type-product","3":"status-publish","4":"has-post-thumbnail","6":"product_cat-crane-rail-clips","7":"product_tag-05g525-rail-clips","8":"product_tag-cgbk-rail-clips","9":"product_tag-cgek-rail-clips","10":"product_tag-cgwk-rail-clips","11":"product_tag-crane-rail-clamp","12":"product_tag-crane-rail-clips","13":"product_tag-crane-rail-fixing-device","14":"product_tag-hdgy-rail-clips","15":"product_tag-rail-connection-splint","16":"product_tag-rail-fixing-device","17":"product_tag-rail-joints","18":"product_tag-swjk-rail-clips","19":"product_tag-tracks-jointing-plates","20":"product_tag-wjk-rail-clips","21":"product_tag-wjkc-rail-clips","23":"first","24":"instock","25":"shipping-taxable","26":"product-type-simple","27":"entry","28":"content-bg","29":"loop-entry"},"yoast_head":"<!-- This site is optimized with the Yoast SEO plugin v25.6 - https:\/\/yoast.com\/wordpress\/plugins\/seo\/ -->\n<title>CGWK Rail Clips \u2013 Durable &amp; Reliable Rail Fastening Solution<\/title>\n<meta name=\"description\" content=\"High-quality CGWK Rail Clips for secure and long-lasting rail connections. Ideal for railways, industrial tracks, and heavy-duty applications.\" \/>\n<meta name=\"robots\" content=\"index, follow, max-snippet:-1, max-image-preview:large, max-video-preview:-1\" \/>\n<link rel=\"canonical\" href=\"https:\/\/www.hnhlcrane.com\/sl\/izdelek\/cgwk-zelezniske-sponke\/\" \/>\n<meta property=\"og:locale\" content=\"sl_SI\" \/>\n<meta property=\"og:type\" content=\"article\" \/>\n<meta property=\"og:title\" content=\"CGWK Rail Clips \u2013 Durable &amp; Reliable Rail Fastening Solution\" \/>\n<meta property=\"og:description\" content=\"High-quality CGWK Rail Clips for secure and long-lasting rail connections. Ideal for railways, industrial tracks, and heavy-duty applications.\" \/>\n<meta property=\"og:url\" content=\"https:\/\/www.hnhlcrane.com\/sl\/izdelek\/cgwk-zelezniske-sponke\/\" \/>\n<meta property=\"og:site_name\" content=\"Crane Parts Supplier-HL Crame\" \/>\n<meta property=\"article:modified_time\" content=\"2025-09-14T14:47:54+00:00\" \/>\n<meta property=\"og:image\" content=\"https:\/\/www.hnhlcrane.com\/wp-content\/uploads\/2024\/11\/CGWK-Rail-Clips.jpg\" \/>\n\t<meta property=\"og:image:width\" content=\"600\" \/>\n\t<meta property=\"og:image:height\" content=\"600\" \/>\n\t<meta property=\"og:image:type\" content=\"image\/jpeg\" \/>\n<meta name=\"twitter:card\" content=\"summary_large_image\" \/>\n<meta name=\"twitter:label1\" content=\"Est. reading time\" \/>\n\t<meta name=\"twitter:data1\" content=\"2 minuti\" \/>\n<script type=\"application\/ld+json\" class=\"yoast-schema-graph\">{\"@context\":\"https:\/\/schema.org\",\"@graph\":[{\"@type\":\"WebPage\",\"@id\":\"https:\/\/www.hnhlcrane.com\/product\/cgwk-rail-clips\/\",\"url\":\"https:\/\/www.hnhlcrane.com\/product\/cgwk-rail-clips\/\",\"name\":\"CGWK Rail Clips \u2013 Durable & Reliable Rail Fastening Solution\",\"isPartOf\":{\"@id\":\"https:\/\/www.hnhlcrane.com\/#website\"},\"primaryImageOfPage\":{\"@id\":\"https:\/\/www.hnhlcrane.com\/product\/cgwk-rail-clips\/#primaryimage\"},\"image\":{\"@id\":\"https:\/\/www.hnhlcrane.com\/product\/cgwk-rail-clips\/#primaryimage\"},\"thumbnailUrl\":\"https:\/\/www.hnhlcrane.com\/wp-content\/uploads\/2024\/11\/CGWK-Rail-Clips.jpg\",\"datePublished\":\"2024-11-29T13:45:30+00:00\",\"dateModified\":\"2025-09-14T14:47:54+00:00\",\"description\":\"High-quality CGWK Rail Clips for secure and long-lasting rail connections. Ideal for railways, industrial tracks, and heavy-duty applications.\",\"breadcrumb\":{\"@id\":\"https:\/\/www.hnhlcrane.com\/product\/cgwk-rail-clips\/#breadcrumb\"},\"inLanguage\":\"sl-SI\",\"potentialAction\":[{\"@type\":\"ReadAction\",\"target\":[\"https:\/\/www.hnhlcrane.com\/product\/cgwk-rail-clips\/\"]}]},{\"@type\":\"ImageObject\",\"inLanguage\":\"sl-SI\",\"@id\":\"https:\/\/www.hnhlcrane.com\/product\/cgwk-rail-clips\/#primaryimage\",\"url\":\"https:\/\/www.hnhlcrane.com\/wp-content\/uploads\/2024\/11\/CGWK-Rail-Clips.jpg\",\"contentUrl\":\"https:\/\/www.hnhlcrane.com\/wp-content\/uploads\/2024\/11\/CGWK-Rail-Clips.jpg\",\"width\":600,\"height\":600},{\"@type\":\"BreadcrumbList\",\"@id\":\"https:\/\/www.hnhlcrane.com\/product\/cgwk-rail-clips\/#breadcrumb\",\"itemListElement\":[{\"@type\":\"ListItem\",\"position\":1,\"name\":\"home\",\"item\":\"https:\/\/www.hnhlcrane.com\/\"},{\"@type\":\"ListItem\",\"position\":2,\"name\":\"products\",\"item\":\"https:\/\/www.hnhlcrane.com\/products\/\"},{\"@type\":\"ListItem\",\"position\":3,\"name\":\"CGWK Rail Clips\"}]},{\"@type\":\"WebSite\",\"@id\":\"https:\/\/www.hnhlcrane.com\/#website\",\"url\":\"https:\/\/www.hnhlcrane.com\/\",\"name\":\"Crane Parts Supplier-HL Crame\",\"description\":\"One-stop solution for all your  crane parts needs,Crane Hook,Crane Drum,Crane Wheel,Crane Coupling,Crane Gearbox,Crane Motor,Crane Brake,Special Crane Spreader,Crane grab,Container spreader,Billet crane clamps,Crane C-type spreader,Lifting Electromagnet,Crane Rail Clips,Electric Hoist,FEM Standard Crane End Carriages,Light Crane Parts,Workstation Crane Parts,Crane Electrical Parts,I-beam cable trolley,Crane remote controller,Crane electrical control cabinet,Crane limit switch,Crane sound and light alarm,Heavy Duty Aviation Connector,Crane overload limiter,China Crane Parts Supplier,Crane hooks,Gantry crane hook,Crane accessories,Forged hook,hook processing,Hook manufacturer,China standard crane hook,electric hoist hook,Crane pulley,Hook pulley,Rolled pulley,Crane Pulley Supplier\uff0cEuropean hook pulley,Gantry crane hook pulley,WZL type crane drum,European style reel set,Crane reel,crane parts,Drum processing,crane drum manufacturer,Cast steel drum,Electric hoist drum,Crane drum assembly,DRS Wheel Blocks,European crane wheel,Forged wheels,Active wheel set,Driving wheel set,Driven wheel group,crane wheels manufacturer,Demag crane wheels,Konecranes Crane Wheels,Overhead crane Wheel,Shaft couplings,Power Transmission Couplings,Disc Couplings,Fluid couplings,Coupling manufacturer\uff0cCardan coupling,Crane Reducer,Crane Decelerators,Reducer gearbox,Reducer for crane,Gear Reducer For Crane,Hard tooth surface reducerCrane and hoist reducer,Flender reducer,Reducer manufacturer,ZQ reducer,QJ reducer,QJY reducer,Gear Motors,Konecranes reducer,F series three-in-one reducer,K series three-in-one reducer,travelling machinery,Travelling Motor With Gear,Gear Motor for Crane Traveling,Travelling machinery Frequency inverter motors,FEM standard Gear Motors,Crane motors,Inverter motors,Hoist motors,motorCrane duty motors,Special motor for crane,YZR YZP YZ series motors,Crane and hoist motor,Frequency conversion motor,Electro hydraulic drum brakes,Electro-hydraulic disc brakes,Brake,Overhead Crane Brakes,Disc brakes,Electromagnetic disk brake,Crane hydraulic disc brake,Brakes manufacturer,crane Safety brakes,Singlr rope grab,Four rope grab,Electro-hydraulic multi-flap grab,Orange peel grab,Electric motor grab,Electro-Hydraulicclamshell grab,grab manufacturers,Container spreader manufacturers,20ft Container Spreader,Semi Automatic container spreader,40ft Container Lifting Frame,TEC container Spreader,Billet lifting clamp,Billet Clamps,Billet crane clamps manufacturer,billet lifting clamps china supplier,Coil C-Type Hook,coil hook,Overhead Crane Steel Coil C-Type Hook,Crane C-hook,C-type spreader,C-type hook,Crane magnets,Rail fixing device,Crane Rail fixing device,crane Rail Clamp,CD\/MD Wire Rope Electric Hoist,Wire Rope Electric Hoist China Manufacturer,Single Girder Wire Rope Electric Hoist,Double Girder Wire Rope Electric Hoist,Chain Hoist,Electric chain hoist manufacturer,Electric chain hoist China distributor,European wire rope electric hoist\uff0cEuropean double beam wire rope electric hoist,European Style Single Beam Crane End Carriage,FEN\/DIN European Style Single Beam Crane End Carriage,Crane end beam manufacturers,European style hoist double beam crane end beam,Suspension crane end beam,European style suspended single beam crane end beam,FEN\/DIN Suspension crane end beam,crane cable trolley,Wireless remote control,remote controller,Crane control handle,Crane Controls,electrical control cabinet,crane control cabinet,Limit switch,Sound and light alarm,Aviation plug,quick connector,Crane aviation plug,Overload limiter\",\"publisher\":{\"@id\":\"https:\/\/www.hnhlcrane.com\/#organization\"},\"potentialAction\":[{\"@type\":\"SearchAction\",\"target\":{\"@type\":\"EntryPoint\",\"urlTemplate\":\"https:\/\/www.hnhlcrane.com\/?s={search_term_string}\"},\"query-input\":{\"@type\":\"PropertyValueSpecification\",\"valueRequired\":true,\"valueName\":\"search_term_string\"}}],\"inLanguage\":\"sl-SI\"},{\"@type\":\"Organization\",\"@id\":\"https:\/\/www.hnhlcrane.com\/#organization\",\"name\":\"Crane Parts Supplier-HL Crame\",\"url\":\"https:\/\/www.hnhlcrane.com\/\",\"logo\":{\"@type\":\"ImageObject\",\"inLanguage\":\"sl-SI\",\"@id\":\"https:\/\/www.hnhlcrane.com\/#\/schema\/logo\/image\/\",\"url\":\"https:\/\/www.hnhlcrane.com\/wp-content\/uploads\/2024\/09\/logo6-1-e1733899395598.png\",\"contentUrl\":\"https:\/\/www.hnhlcrane.com\/wp-content\/uploads\/2024\/09\/logo6-1-e1733899395598.png\",\"width\":1000,\"height\":282,\"caption\":\"Crane Parts Supplier-HL Crame\"},\"image\":{\"@id\":\"https:\/\/www.hnhlcrane.com\/#\/schema\/logo\/image\/\"}}]}<\/script>\n<!-- \/ Yoast SEO plugin. -->","yoast_head_json":{"title":"CGWK Rail Clips - Trajna in zanesljiva re\u0161itev za pritrditev tirnic","description":"Visokokakovostne sponke CGWK Rail Clips za varne in dolgotrajne \u017eelezni\u0161ke povezave. Idealne za \u017eeleznice, industrijske tire in te\u017eke aplikacije.","robots":{"index":"index","follow":"follow","max-snippet":"max-snippet:-1","max-image-preview":"max-image-preview:large","max-video-preview":"max-video-preview:-1"},"canonical":"https:\/\/www.hnhlcrane.com\/sl\/izdelek\/cgwk-zelezniske-sponke\/","og_locale":"sl_SI","og_type":"article","og_title":"CGWK Rail Clips \u2013 Durable & Reliable Rail Fastening Solution","og_description":"High-quality CGWK Rail Clips for secure and long-lasting rail connections. Ideal for railways, industrial tracks, and heavy-duty applications.","og_url":"https:\/\/www.hnhlcrane.com\/sl\/izdelek\/cgwk-zelezniske-sponke\/","og_site_name":"Crane Parts Supplier-HL Crame","article_modified_time":"2025-09-14T14:47:54+00:00","og_image":[{"width":600,"height":600,"url":"https:\/\/www.hnhlcrane.com\/wp-content\/uploads\/2024\/11\/CGWK-Rail-Clips.jpg","type":"image\/jpeg"}],"twitter_card":"summary_large_image","twitter_misc":{"Est. reading time":"2 minuti"},"schema":{"@context":"https:\/\/schema.org","@graph":[{"@type":"WebPage","@id":"https:\/\/www.hnhlcrane.com\/product\/cgwk-rail-clips\/","url":"https:\/\/www.hnhlcrane.com\/product\/cgwk-rail-clips\/","name":"CGWK Rail Clips - Trajna in zanesljiva re\u0161itev za pritrditev tirnic","isPartOf":{"@id":"https:\/\/www.hnhlcrane.com\/#website"},"primaryImageOfPage":{"@id":"https:\/\/www.hnhlcrane.com\/product\/cgwk-rail-clips\/#primaryimage"},"image":{"@id":"https:\/\/www.hnhlcrane.com\/product\/cgwk-rail-clips\/#primaryimage"},"thumbnailUrl":"https:\/\/www.hnhlcrane.com\/wp-content\/uploads\/2024\/11\/CGWK-Rail-Clips.jpg","datePublished":"2024-11-29T13:45:30+00:00","dateModified":"2025-09-14T14:47:54+00:00","description":"Visokokakovostne sponke CGWK Rail Clips za varne in dolgotrajne \u017eelezni\u0161ke povezave. Idealne za \u017eeleznice, industrijske tire in te\u017eke aplikacije.","breadcrumb":{"@id":"https:\/\/www.hnhlcrane.com\/product\/cgwk-rail-clips\/#breadcrumb"},"inLanguage":"sl-SI","potentialAction":[{"@type":"ReadAction","target":["https:\/\/www.hnhlcrane.com\/product\/cgwk-rail-clips\/"]}]},{"@type":"ImageObject","inLanguage":"sl-SI","@id":"https:\/\/www.hnhlcrane.com\/product\/cgwk-rail-clips\/#primaryimage","url":"https:\/\/www.hnhlcrane.com\/wp-content\/uploads\/2024\/11\/CGWK-Rail-Clips.jpg","contentUrl":"https:\/\/www.hnhlcrane.com\/wp-content\/uploads\/2024\/11\/CGWK-Rail-Clips.jpg","width":600,"height":600},{"@type":"BreadcrumbList","@id":"https:\/\/www.hnhlcrane.com\/product\/cgwk-rail-clips\/#breadcrumb","itemListElement":[{"@type":"ListItem","position":1,"name":"home","item":"https:\/\/www.hnhlcrane.com\/"},{"@type":"ListItem","position":2,"name":"products","item":"https:\/\/www.hnhlcrane.com\/products\/"},{"@type":"ListItem","position":3,"name":"CGWK Rail Clips"}]},{"@type":"WebSite","@id":"https:\/\/www.hnhlcrane.com\/#website","url":"https:\/\/www.hnhlcrane.com\/","name":"Dobavitelj delov \u017eerjava-HL Crame","description":"Re\u0161itev na enem mestu za vse va\u0161e potrebe po delih \u017eerjava, kavelj \u017eerjava, boben \u017eerjava, kolo \u017eerjava, sklopka \u017eerjava, menjalnik \u017eerjava, motor \u017eerjava, zavora \u017eerjava, poseben razpr\u0161ilec \u017eerjava, zajem \u017eerjava, razpr\u0161ilec zabojnikov, sponke \u017eerjava iz predal\u010dka, razpr\u0161ilec \u017eerjava tipa C,dvi\u017eni elektromagnet, \u017eerjavne tirne sponke, elektri\u010dno dvigalo, standardni kon\u010dni vozi\u010dki \u017eerjava FEM, lahki deli \u017eerjava, deli \u017eerjava za delovno postajo, elektri\u010dni deli \u017eerjava, kabelski vozi\u010dek I-nosilca, daljinski upravljalnik \u017eerjava, elektri\u010dna krmilna omarica \u017eerjava,Kon\u010dno stikalo \u017eerjava, zvo\u010dni in svetlobni alarm \u017eerjava, Heavy Duty Aviation Connector, omejevalnik preobremenitve \u017eerjava, kitajski dobavitelj delov \u017eerjava, kavlji \u017eerjava, kavelj portalnega \u017eerjava, pribor \u017eerjava, kovani kavelj, predelava kavlja, proizvajalec kavlja, kitajski standardni kavelj \u017eerjava, elektri\u010dni kavelj, \u0161krip\u010devje \u017eerjava, \u0161krip\u010devje kavlja, valjani \u0161kripec, dobavitelj \u0161kripca \u017eerjava\uff0cEvropski \u0161kripec kavlja, \u0161kripec kavlja portalnega \u017eerjava, boben \u017eerjava tipa WZL, komplet bobna evropskega stila, boben \u017eerjava,deli za \u017eerjave,Obdelava bobna,Proizvajalec bobna za \u017eerjave,Boben iz litega jekla,Boben za elektri\u010dna dvigala,Sestava bobna za \u017eerjave,Bloki koles DRS,Evropsko kolo za \u017eerjave,Kovana kolesa,Komplet aktivnih koles,Komplet pogonskih koles,Skupina pogonskih koles,Proizvajalec koles za \u017eerjave,Kolesa za \u017eerjave Demag,Konecranes Kolesa za \u017eerjave,Kolo za mostne \u017eerjave,Spojke za gredi,Spojke za prenos mo\u010di,Diske,Teko\u010de spojke,Proizvajalec spojk\uff0cKardanska spojka,Redukcija za \u017eerjave,Reduktorji za \u017eerjave, reduktorji za \u017eerjave, reduktorji za \u017eerjave, reduktorji za \u017eerjave, reduktorji s trdo zobato povr\u0161ino, reduktorji za \u017eerjave in dvigala, reduktorji Flender, proizvajalec reduktorjev, reduktorji ZQ, reduktorji QJ, reduktorji QJY, zobni\u0161ki motorji, reduktorji Konecranes,reduktor serije F tri v enem,reduktor serije K tri v enem,potovalni stroji,potovalni motor z zobnikom,zobni\u0161ki motor za potovalni \u017eerjav,potovalni stroji Motorji s frekven\u010dnim pretvornikom,standardni zobni\u0161ki motorji FEM,motorji za \u017eerjave,Motorji z inverterjem, motorji za dvigala, motorji za \u017eerjave, posebni motorji za \u017eerjave, motorji serije YZR YZP YZ, motorji za \u017eerjave in dvigala, motorji s frekven\u010dno pretvorbo, elektrohidravli\u010dne bobenske zavore, elektrohidravli\u010dne kolutne zavore, zavore, zavore za mostne \u017eerjave, kolutne zavore, elektromagnetne kolutne zavore, hidravli\u010dne kolutne zavore za \u017eerjave, proizvajalec zavor, varnostne zavore za \u017eerjave, enojni ro\u010di\u010dni grabelj, \u010detverni ro\u010di\u010dni grabelj, elektrohidravli\u010dni ve\u010dlamelni robec, robec z oran\u017eno lupino, elektromotorni robec,Electro-Hydraulicclamshell grab, proizvajalci grab, proizvajalci kontejnerjev razsipnik, 20ft kontejnerjev razsipnik, pol avtomatski kontejnerjev razsipnik, 40ft kontejnerjev dvi\u017eni okvir, TEC kontejnerjev razsipnik, Billet dvi\u017ene objemke, Billet objemke, Billet \u017eerjava objemke proizvajalec, Billet dvi\u017ene objemke kitajski dobavitelj, tuljava C-Type Hook, tuljava kavelj, Overhead Crane Steel Coil C-Type Hook, C-hook \u017eerjava, C-tip razsipnik, C-tip kavelj, \u017eerjav magneti, Rail pritrditev naprave,\u017derjav Naprava za pritrjevanje tirnic, \u017eerjavova tirna objemka, CD\/MD \u017ei\u010dna vrvna elektri\u010dna dvigala, \u017ei\u010dna vrvna elektri\u010dna dvigala kitajski proizvajalec, \u017ei\u010dna vrvna elektri\u010dna dvigala z enojnim nosilcem, \u017ei\u010dna vrvna elektri\u010dna dvigala z dvojnim nosilcem, veri\u017ena dvigala, elektri\u010dni veri\u017eni dvigala proizvajalec, elektri\u010dni veri\u017eni dvigala kitajski distributer, evropska \u017ei\u010dna vrvna elektri\u010dna dvigala, evropska dvojna \u017ei\u010dna vrvna elektri\u010dna dvigala, kon\u010dni vozi\u010dek \u017eerjava z enim nosilcem, FEN\/DIN evropski kon\u010dni vozi\u010dek \u017eerjava z enim nosilcem,Proizvajalci kon\u010dnih nosilcev \u017eerjavov, Kon\u010dni nosilec \u017eerjava z dvojnim nosilcem evropskega sloga, Kon\u010dni nosilec \u017eerjava, Kon\u010dni nosilec \u017eerjava z enojnim nosilcem evropskega sloga, Kon\u010dni nosilec \u017eerjava z enojnim nosilcem FEN\/DIN, Vozi\u010dek \u017eerjava, Brez\u017ei\u010dni daljinski upravljalnik, daljinski upravljalnik, Ro\u010dica za upravljanje \u017eerjava, Krmilniki \u017eerjava, elektri\u010dna krmilna omara, Krmilna omara \u017eerjava, Kon\u010dno stikalo, Zvo\u010dni in svetlobni alarm, Letalski vti\u010d, hitri priklju\u010dek, Letalski vti\u010d \u017eerjava, Omejilnik preobremenitve","publisher":{"@id":"https:\/\/www.hnhlcrane.com\/#organization"},"potentialAction":[{"@type":"SearchAction","target":{"@type":"EntryPoint","urlTemplate":"https:\/\/www.hnhlcrane.com\/?s={search_term_string}"},"query-input":{"@type":"PropertyValueSpecification","valueRequired":true,"valueName":"search_term_string"}}],"inLanguage":"sl-SI"},{"@type":"Organization","@id":"https:\/\/www.hnhlcrane.com\/#organization","name":"Dobavitelj delov \u017eerjava-HL Crame","url":"https:\/\/www.hnhlcrane.com\/","logo":{"@type":"ImageObject","inLanguage":"sl-SI","@id":"https:\/\/www.hnhlcrane.com\/#\/schema\/logo\/image\/","url":"https:\/\/www.hnhlcrane.com\/wp-content\/uploads\/2024\/09\/logo6-1-e1733899395598.png","contentUrl":"https:\/\/www.hnhlcrane.com\/wp-content\/uploads\/2024\/09\/logo6-1-e1733899395598.png","width":1000,"height":282,"caption":"Crane Parts Supplier-HL Crame"},"image":{"@id":"https:\/\/www.hnhlcrane.com\/#\/schema\/logo\/image\/"}}]}},"_links":{"self":[{"href":"https:\/\/www.hnhlcrane.com\/sl\/wp-json\/wp\/v2\/product\/5524","targetHints":{"allow":["GET"]}}],"collection":[{"href":"https:\/\/www.hnhlcrane.com\/sl\/wp-json\/wp\/v2\/product"}],"about":[{"href":"https:\/\/www.hnhlcrane.com\/sl\/wp-json\/wp\/v2\/types\/product"}],"version-history":[{"count":1,"href":"https:\/\/www.hnhlcrane.com\/sl\/wp-json\/wp\/v2\/product\/5524\/revisions"}],"predecessor-version":[{"id":6970,"href":"https:\/\/www.hnhlcrane.com\/sl\/wp-json\/wp\/v2\/product\/5524\/revisions\/6970"}],"wp:featuredmedia":[{"embeddable":true,"href":"https:\/\/www.hnhlcrane.com\/sl\/wp-json\/wp\/v2\/media\/5525"}],"wp:attachment":[{"href":"https:\/\/www.hnhlcrane.com\/sl\/wp-json\/wp\/v2\/media?parent=5524"}],"wp:term":[{"taxonomy":"product_brand","embeddable":true,"href":"https:\/\/www.hnhlcrane.com\/sl\/wp-json\/wp\/v2\/product_brand?post=5524"},{"taxonomy":"product_cat","embeddable":true,"href":"https:\/\/www.hnhlcrane.com\/sl\/wp-json\/wp\/v2\/product_cat?post=5524"},{"taxonomy":"product_tag","embeddable":true,"href":"https:\/\/www.hnhlcrane.com\/sl\/wp-json\/wp\/v2\/product_tag?post=5524"}],"curies":[{"name":"wp","href":"https:\/\/api.w.org\/{rel}","templated":true}]}}