{"id":5487,"date":"2024-11-26T01:03:18","date_gmt":"2024-11-25T17:03:18","guid":{"rendered":"https:\/\/www.hnhlcrane.com\/?post_type=product&#038;p=5487"},"modified":"2025-09-10T10:47:44","modified_gmt":"2025-09-10T02:47:44","slug":"dvizni-elektromagnet","status":"publish","type":"product","link":"https:\/\/www.hnhlcrane.com\/sl\/izdelek\/dvizni-elektromagnet\/","title":{"rendered":"Elektromagnet za dvigovanje"},"content":{"rendered":"<h6><strong><span style=\"font-family: arial, helvetica, sans-serif; font-size: 18pt;\">Pregled dvi\u017enega elektromagneta<\/span><\/strong><\/h6>\n<p>A <strong>Elektromagnet za dvigovanje<\/strong> je naprava, ki s pomo\u010djo elektri\u010dnega toka, ki te\u010de skozi tuljavo, ustvarja magnetizem, ki po izklopu toka izgine. \u0160iroko se uporablja v industrijskih okoljih, obi\u010dajno je izdelana iz mehkega \u017eeleza ali silicijevega jekla in ima popolnoma zatesnjeno zasnovo, odporno na vlago. Ti magneti so optimizirani za majhno te\u017eo, veliko sesalno silo in majhno porabo energije. Magnetne lastnosti je mogo\u010de priro\u010dno nadzorovati s prilagajanjem elektri\u010dnega toka, zato so vsestranski in u\u010dinkoviti.<\/p>\n<h6><span style=\"font-family: arial, helvetica, sans-serif; font-size: 18pt;\"><strong>Glavne prednosti<\/strong><\/span><\/h6>\n<ul>\n<li><strong>Enostavno upravljanje<\/strong>:\n<ul>\n<li>Magnetizem se aktivira ali deaktivira s preprostim vklopom ali izklopom toka.<\/li>\n<\/ul>\n<\/li>\n<li><strong>Prilagodljiva prilagoditev<\/strong>:\n<ul>\n<li>Mo\u010d in polarnost magnetnega polja lahko spreminjamo s prilagajanjem jakosti in smeri toka.<\/li>\n<\/ul>\n<\/li>\n<li><strong>\u0160iroka uporaba<\/strong>:\n<ul>\n<li>Primerno za industrijo, kot so metalurgija, rudarstvo, strojni\u0161tvo in transport, za dvigovanje feromagnetnih materialov, kot je jeklo.<\/li>\n<\/ul>\n<\/li>\n<\/ul>\n<h6><span style=\"font-family: arial, helvetica, sans-serif; font-size: 18pt;\"><strong>Aplikacije<\/strong><\/span><\/h6>\n<ul>\n<li><strong>Metalurgija, rudarstvo in stroji<\/strong>:\n<ul>\n<li>Za dvigovanje jekla, litega \u017eeleza in drugih magnetnih materialov.<\/li>\n<\/ul>\n<\/li>\n<li><strong>Prevoz<\/strong>:\n<ul>\n<li>\u0160iroko se uporabljajo v \u017eelezni\u0161ki logistiki, pristani\u0161\u010dih in ladjedelni\u0161tvu, kjer nadome\u0161\u010dajo ro\u010dno rokovanje s te\u017ekimi bremeni.<\/li>\n<\/ul>\n<\/li>\n<li><strong>Posebna okolja<\/strong>:\n<ul>\n<li>Deluje lahko v ekstremnih razmerah, vklju\u010dno z visokimi temperaturami, podvodnimi, pra\u0161nimi, strupenimi ali hladnimi okolji.<\/li>\n<\/ul>\n<\/li>\n<\/ul>\n<h6><span style=\"font-family: arial, helvetica, sans-serif; font-size: 18pt;\"><strong>Specializirani modeli<\/strong><\/span><\/h6>\n<h6><span style=\"font-family: arial, helvetica, sans-serif; font-size: 14pt;\"><strong>Serija MW5 - Elektromagnet za dviganje odpadnega jekla<\/strong><\/span><\/h6>\n<ul>\n<li>Zasnovan je za dvigovanje \u017eeleznih ingotov, jeklenih kroglic in razli\u010dnih jeklenih odpadkov.<\/li>\n<\/ul>\n<h6><span style=\"font-family: arial, helvetica, sans-serif; font-size: 14pt;\"><strong>Serija MW12 - pravokotno elektromagnetno vpenjalno dr\u017ealo za vezano armaturo<\/strong><\/span><\/h6>\n<ul>\n<li>Ima visoko prepustno zasnovo magnetnega vezja, ki lahko prodre skozi \u0161tevilne zra\u010dne re\u017ee.<\/li>\n<li>Primerno za dvigovanje vezane armature; pogosto se uporablja v kombinaciji ve\u010d vpenjalnih strojev.<\/li>\n<\/ul>\n<h6><span style=\"font-family: arial, helvetica, sans-serif; font-size: 14pt;\"><strong>Serija MW22 - Jekleni ingoti in veliki bloomi<\/strong><\/span><\/h6>\n<ul>\n<li>Optimizirano za dvigovanje jeklenih ingotov, velikih za\u010detnih blokov in konstrukcijskih jeklenih komponent.<\/li>\n<\/ul>\n<h6><span style=\"font-family: arial, helvetica, sans-serif; font-size: 14pt;\"><strong>Serija MW84 - Elektromagnet za srednje debele in debele jeklene plo\u0161\u010de<\/strong><\/span><\/h6>\n<ul>\n<li>Posebej zasnovan za dvigovanje srednje debelih jeklenih plo\u0161\u010d (6-32 mm).<\/li>\n<li>Zagotavlja varno, natan\u010dno in u\u010dinkovito delo.<\/li>\n<li>Za dalj\u0161e jeklene plo\u0161\u010de je treba uporabiti ve\u010d elektromagnetov v tandemu.<\/li>\n<li>Na voljo sta dve vrsti:\n<ul style=\"list-style-type: circle;\">\n<li><strong>Tip 350<\/strong> in . <strong>Tip 400<\/strong> za razli\u010dne dvi\u017ene zmogljivosti.<\/li>\n<li><strong>Normalna temperatura<\/strong> in . <strong>Visokotemperaturni<\/strong> (do 700 \u00b0C).<\/li>\n<\/ul>\n<\/li>\n<\/ul>\n<h6><span style=\"font-family: arial, helvetica, sans-serif; font-size: 18pt;\"><strong>Zakaj izbrati dvi\u017ene elektromagnete?<\/strong><\/span><\/h6>\n<p>Elektromagneti za dvigovanje so bistvena orodja za u\u010dinkovito ravnanje z materialom v panogah, ki zahtevajo pogosta in te\u017eka dvigovanja. Zaradi njihove sposobnosti delovanja v razli\u010dnih okoljih, skupaj s prilagodljivo mo\u010djo in prilagodljivostjo delovanja, so neprecenljivi tako v standardnih kot specializiranih industrijskih aplikacijah.<\/p>","protected":false},"excerpt":{"rendered":"<p>Magneti za \u017eerjave, dvi\u017eni elektromagneti<\/p>\n<ul>\n<li><span style=\"font-family: arial, helvetica, sans-serif; font-size: 12pt;\"><strong>Serija MW5 - Elektromagnet za dviganje odpadnega jekla<\/strong><\/span><\/li>\n<li><span style=\"font-family: arial, helvetica, sans-serif; font-size: 12pt;\"><strong>Serija MW12 - pravokotno elektromagnetno vpenjalno dr\u017ealo za vezano armaturo<\/strong><\/span><\/li>\n<li><span style=\"font-family: arial, helvetica, sans-serif; font-size: 12pt;\"><strong>Serija MW22 - Jekleni ingoti in veliki bloomi<\/strong><\/span><\/li>\n<li><span style=\"font-family: arial, helvetica, sans-serif; font-size: 12pt;\"><strong>Serija MW84 - Elektromagnet za srednje debele in debele jeklene plo\u0161\u010de<\/strong><\/span><\/li>\n<\/ul>","protected":false},"featured_media":5488,"template":"","meta":{"_kad_post_transparent":"default","_kad_post_title":"","_kad_post_layout":"default","_kad_post_sidebar_id":"","_kad_post_content_style":"default","_kad_post_vertical_padding":"show","_kad_post_feature":"","_kad_post_feature_position":"","_kad_post_header":false,"_kad_post_footer":false},"product_brand":[],"product_cat":[59],"product_tag":[213,212,185],"class_list":{"0":"post-5487","1":"product","2":"type-product","3":"status-publish","4":"has-post-thumbnail","6":"product_cat-special-crane-spreader","7":"product_tag-crane-magnets","8":"product_tag-lifting-electromagnet","9":"product_tag-special-crane-spreader","11":"first","12":"instock","13":"shipping-taxable","14":"product-type-simple","15":"entry","16":"content-bg","17":"loop-entry"},"yoast_head":"<!-- This site is optimized with the Yoast SEO plugin v25.6 - https:\/\/yoast.com\/wordpress\/plugins\/seo\/ -->\n<title>Lifting Electromagnet \u2013 Efficient Crane &amp; Industrial Lifting Magnet<\/title>\n<meta name=\"description\" content=\"Lifting electromagnets designed for maximum magnetic force, energy efficiency, and reliable performance in heavy-duty crane and industrial applications.\" \/>\n<meta name=\"robots\" content=\"index, follow, max-snippet:-1, max-image-preview:large, max-video-preview:-1\" \/>\n<link rel=\"canonical\" href=\"https:\/\/www.hnhlcrane.com\/sl\/izdelek\/dvizni-elektromagnet\/\" \/>\n<meta property=\"og:locale\" content=\"sl_SI\" \/>\n<meta property=\"og:type\" content=\"article\" \/>\n<meta property=\"og:title\" content=\"Lifting Electromagnet \u2013 Efficient Crane &amp; Industrial Lifting Magnet\" \/>\n<meta property=\"og:description\" content=\"Lifting electromagnets designed for maximum magnetic force, energy efficiency, and reliable performance in heavy-duty crane and industrial applications.\" \/>\n<meta property=\"og:url\" content=\"https:\/\/www.hnhlcrane.com\/sl\/izdelek\/dvizni-elektromagnet\/\" \/>\n<meta property=\"og:site_name\" content=\"Crane Parts Supplier-HL Crame\" \/>\n<meta property=\"article:modified_time\" content=\"2025-09-10T02:47:44+00:00\" \/>\n<meta property=\"og:image\" content=\"https:\/\/www.hnhlcrane.com\/wp-content\/uploads\/2024\/11\/Lifting-Electromagnet-1.jpg\" \/>\n\t<meta property=\"og:image:width\" content=\"600\" \/>\n\t<meta property=\"og:image:height\" content=\"600\" \/>\n\t<meta property=\"og:image:type\" content=\"image\/jpeg\" \/>\n<meta name=\"twitter:card\" content=\"summary_large_image\" \/>\n<meta name=\"twitter:label1\" content=\"Est. reading time\" \/>\n\t<meta name=\"twitter:data1\" content=\"2 minuti\" \/>\n<script type=\"application\/ld+json\" class=\"yoast-schema-graph\">{\"@context\":\"https:\/\/schema.org\",\"@graph\":[{\"@type\":\"WebPage\",\"@id\":\"https:\/\/www.hnhlcrane.com\/product\/lifting-electromagnet\/\",\"url\":\"https:\/\/www.hnhlcrane.com\/product\/lifting-electromagnet\/\",\"name\":\"Lifting Electromagnet \u2013 Efficient Crane & Industrial Lifting Magnet\",\"isPartOf\":{\"@id\":\"https:\/\/www.hnhlcrane.com\/#website\"},\"primaryImageOfPage\":{\"@id\":\"https:\/\/www.hnhlcrane.com\/product\/lifting-electromagnet\/#primaryimage\"},\"image\":{\"@id\":\"https:\/\/www.hnhlcrane.com\/product\/lifting-electromagnet\/#primaryimage\"},\"thumbnailUrl\":\"https:\/\/www.hnhlcrane.com\/wp-content\/uploads\/2024\/11\/Lifting-Electromagnet-1.jpg\",\"datePublished\":\"2024-11-25T17:03:18+00:00\",\"dateModified\":\"2025-09-10T02:47:44+00:00\",\"description\":\"Lifting electromagnets designed for maximum magnetic force, energy efficiency, and reliable performance in heavy-duty crane and industrial applications.\",\"breadcrumb\":{\"@id\":\"https:\/\/www.hnhlcrane.com\/product\/lifting-electromagnet\/#breadcrumb\"},\"inLanguage\":\"sl-SI\",\"potentialAction\":[{\"@type\":\"ReadAction\",\"target\":[\"https:\/\/www.hnhlcrane.com\/product\/lifting-electromagnet\/\"]}]},{\"@type\":\"ImageObject\",\"inLanguage\":\"sl-SI\",\"@id\":\"https:\/\/www.hnhlcrane.com\/product\/lifting-electromagnet\/#primaryimage\",\"url\":\"https:\/\/www.hnhlcrane.com\/wp-content\/uploads\/2024\/11\/Lifting-Electromagnet-1.jpg\",\"contentUrl\":\"https:\/\/www.hnhlcrane.com\/wp-content\/uploads\/2024\/11\/Lifting-Electromagnet-1.jpg\",\"width\":600,\"height\":600},{\"@type\":\"BreadcrumbList\",\"@id\":\"https:\/\/www.hnhlcrane.com\/product\/lifting-electromagnet\/#breadcrumb\",\"itemListElement\":[{\"@type\":\"ListItem\",\"position\":1,\"name\":\"home\",\"item\":\"https:\/\/www.hnhlcrane.com\/\"},{\"@type\":\"ListItem\",\"position\":2,\"name\":\"products\",\"item\":\"https:\/\/www.hnhlcrane.com\/products\/\"},{\"@type\":\"ListItem\",\"position\":3,\"name\":\"Lifting Electromagnet\"}]},{\"@type\":\"WebSite\",\"@id\":\"https:\/\/www.hnhlcrane.com\/#website\",\"url\":\"https:\/\/www.hnhlcrane.com\/\",\"name\":\"Crane Parts Supplier-HL Crame\",\"description\":\"One-stop solution for all your  crane parts needs,Crane Hook,Crane Drum,Crane Wheel,Crane Coupling,Crane Gearbox,Crane Motor,Crane Brake,Special Crane Spreader,Crane grab,Container spreader,Billet crane clamps,Crane C-type spreader,Lifting Electromagnet,Crane Rail Clips,Electric Hoist,FEM Standard Crane End Carriages,Light Crane Parts,Workstation Crane Parts,Crane Electrical Parts,I-beam cable trolley,Crane remote controller,Crane electrical control cabinet,Crane limit switch,Crane sound and light alarm,Heavy Duty Aviation Connector,Crane overload limiter,China Crane Parts Supplier,Crane hooks,Gantry crane hook,Crane accessories,Forged hook,hook processing,Hook manufacturer,China standard crane hook,electric hoist hook,Crane pulley,Hook pulley,Rolled pulley,Crane Pulley Supplier\uff0cEuropean hook pulley,Gantry crane hook pulley,WZL type crane drum,European style reel set,Crane reel,crane parts,Drum processing,crane drum manufacturer,Cast steel drum,Electric hoist drum,Crane drum assembly,DRS Wheel Blocks,European crane wheel,Forged wheels,Active wheel set,Driving wheel set,Driven wheel group,crane wheels manufacturer,Demag crane wheels,Konecranes Crane Wheels,Overhead crane Wheel,Shaft couplings,Power Transmission Couplings,Disc Couplings,Fluid couplings,Coupling manufacturer\uff0cCardan coupling,Crane Reducer,Crane Decelerators,Reducer gearbox,Reducer for crane,Gear Reducer For Crane,Hard tooth surface reducerCrane and hoist reducer,Flender reducer,Reducer manufacturer,ZQ reducer,QJ reducer,QJY reducer,Gear Motors,Konecranes reducer,F series three-in-one reducer,K series three-in-one reducer,travelling machinery,Travelling Motor With Gear,Gear Motor for Crane Traveling,Travelling machinery Frequency inverter motors,FEM standard Gear Motors,Crane motors,Inverter motors,Hoist motors,motorCrane duty motors,Special motor for crane,YZR YZP YZ series motors,Crane and hoist motor,Frequency conversion motor,Electro hydraulic drum brakes,Electro-hydraulic disc brakes,Brake,Overhead Crane Brakes,Disc brakes,Electromagnetic disk brake,Crane hydraulic disc brake,Brakes manufacturer,crane Safety brakes,Singlr rope grab,Four rope grab,Electro-hydraulic multi-flap grab,Orange peel grab,Electric motor grab,Electro-Hydraulicclamshell grab,grab manufacturers,Container spreader manufacturers,20ft Container Spreader,Semi Automatic container spreader,40ft Container Lifting Frame,TEC container Spreader,Billet lifting clamp,Billet Clamps,Billet crane clamps manufacturer,billet lifting clamps china supplier,Coil C-Type Hook,coil hook,Overhead Crane Steel Coil C-Type Hook,Crane C-hook,C-type spreader,C-type hook,Crane magnets,Rail fixing device,Crane Rail fixing device,crane Rail Clamp,CD\/MD Wire Rope Electric Hoist,Wire Rope Electric Hoist China Manufacturer,Single Girder Wire Rope Electric Hoist,Double Girder Wire Rope Electric Hoist,Chain Hoist,Electric chain hoist manufacturer,Electric chain hoist China distributor,European wire rope electric hoist\uff0cEuropean double beam wire rope electric hoist,European Style Single Beam Crane End Carriage,FEN\/DIN European Style Single Beam Crane End Carriage,Crane end beam manufacturers,European style hoist double beam crane end beam,Suspension crane end beam,European style suspended single beam crane end beam,FEN\/DIN Suspension crane end beam,crane cable trolley,Wireless remote control,remote controller,Crane control handle,Crane Controls,electrical control cabinet,crane control cabinet,Limit switch,Sound and light alarm,Aviation plug,quick connector,Crane aviation plug,Overload limiter\",\"publisher\":{\"@id\":\"https:\/\/www.hnhlcrane.com\/#organization\"},\"potentialAction\":[{\"@type\":\"SearchAction\",\"target\":{\"@type\":\"EntryPoint\",\"urlTemplate\":\"https:\/\/www.hnhlcrane.com\/?s={search_term_string}\"},\"query-input\":{\"@type\":\"PropertyValueSpecification\",\"valueRequired\":true,\"valueName\":\"search_term_string\"}}],\"inLanguage\":\"sl-SI\"},{\"@type\":\"Organization\",\"@id\":\"https:\/\/www.hnhlcrane.com\/#organization\",\"name\":\"Crane Parts Supplier-HL Crame\",\"url\":\"https:\/\/www.hnhlcrane.com\/\",\"logo\":{\"@type\":\"ImageObject\",\"inLanguage\":\"sl-SI\",\"@id\":\"https:\/\/www.hnhlcrane.com\/#\/schema\/logo\/image\/\",\"url\":\"https:\/\/www.hnhlcrane.com\/wp-content\/uploads\/2024\/09\/logo6-1-e1733899395598.png\",\"contentUrl\":\"https:\/\/www.hnhlcrane.com\/wp-content\/uploads\/2024\/09\/logo6-1-e1733899395598.png\",\"width\":1000,\"height\":282,\"caption\":\"Crane Parts Supplier-HL Crame\"},\"image\":{\"@id\":\"https:\/\/www.hnhlcrane.com\/#\/schema\/logo\/image\/\"}}]}<\/script>\n<!-- \/ Yoast SEO plugin. -->","yoast_head_json":{"title":"Elektromagnet za dvigovanje - u\u010dinkovit \u017eerjav in industrijski magnet za dvigovanje","description":"Elektromagneti za dvigovanje, zasnovani za najve\u010djo magnetno silo, energetsko u\u010dinkovitost in zanesljivo delovanje v te\u017ekih \u017eerjavih in industrijskih aplikacijah.","robots":{"index":"index","follow":"follow","max-snippet":"max-snippet:-1","max-image-preview":"max-image-preview:large","max-video-preview":"max-video-preview:-1"},"canonical":"https:\/\/www.hnhlcrane.com\/sl\/izdelek\/dvizni-elektromagnet\/","og_locale":"sl_SI","og_type":"article","og_title":"Lifting Electromagnet \u2013 Efficient Crane & Industrial Lifting Magnet","og_description":"Lifting electromagnets designed for maximum magnetic force, energy efficiency, and reliable performance in heavy-duty crane and industrial applications.","og_url":"https:\/\/www.hnhlcrane.com\/sl\/izdelek\/dvizni-elektromagnet\/","og_site_name":"Crane Parts Supplier-HL Crame","article_modified_time":"2025-09-10T02:47:44+00:00","og_image":[{"width":600,"height":600,"url":"https:\/\/www.hnhlcrane.com\/wp-content\/uploads\/2024\/11\/Lifting-Electromagnet-1.jpg","type":"image\/jpeg"}],"twitter_card":"summary_large_image","twitter_misc":{"Est. reading time":"2 minuti"},"schema":{"@context":"https:\/\/schema.org","@graph":[{"@type":"WebPage","@id":"https:\/\/www.hnhlcrane.com\/product\/lifting-electromagnet\/","url":"https:\/\/www.hnhlcrane.com\/product\/lifting-electromagnet\/","name":"Elektromagnet za dvigovanje - u\u010dinkovit \u017eerjav in industrijski magnet za dvigovanje","isPartOf":{"@id":"https:\/\/www.hnhlcrane.com\/#website"},"primaryImageOfPage":{"@id":"https:\/\/www.hnhlcrane.com\/product\/lifting-electromagnet\/#primaryimage"},"image":{"@id":"https:\/\/www.hnhlcrane.com\/product\/lifting-electromagnet\/#primaryimage"},"thumbnailUrl":"https:\/\/www.hnhlcrane.com\/wp-content\/uploads\/2024\/11\/Lifting-Electromagnet-1.jpg","datePublished":"2024-11-25T17:03:18+00:00","dateModified":"2025-09-10T02:47:44+00:00","description":"Elektromagneti za dvigovanje, zasnovani za najve\u010djo magnetno silo, energetsko u\u010dinkovitost in zanesljivo delovanje v te\u017ekih \u017eerjavih in industrijskih aplikacijah.","breadcrumb":{"@id":"https:\/\/www.hnhlcrane.com\/product\/lifting-electromagnet\/#breadcrumb"},"inLanguage":"sl-SI","potentialAction":[{"@type":"ReadAction","target":["https:\/\/www.hnhlcrane.com\/product\/lifting-electromagnet\/"]}]},{"@type":"ImageObject","inLanguage":"sl-SI","@id":"https:\/\/www.hnhlcrane.com\/product\/lifting-electromagnet\/#primaryimage","url":"https:\/\/www.hnhlcrane.com\/wp-content\/uploads\/2024\/11\/Lifting-Electromagnet-1.jpg","contentUrl":"https:\/\/www.hnhlcrane.com\/wp-content\/uploads\/2024\/11\/Lifting-Electromagnet-1.jpg","width":600,"height":600},{"@type":"BreadcrumbList","@id":"https:\/\/www.hnhlcrane.com\/product\/lifting-electromagnet\/#breadcrumb","itemListElement":[{"@type":"ListItem","position":1,"name":"home","item":"https:\/\/www.hnhlcrane.com\/"},{"@type":"ListItem","position":2,"name":"products","item":"https:\/\/www.hnhlcrane.com\/products\/"},{"@type":"ListItem","position":3,"name":"Lifting Electromagnet"}]},{"@type":"WebSite","@id":"https:\/\/www.hnhlcrane.com\/#website","url":"https:\/\/www.hnhlcrane.com\/","name":"Dobavitelj delov \u017eerjava-HL Crame","description":"Re\u0161itev na enem mestu za vse va\u0161e potrebe po delih \u017eerjava, kavelj \u017eerjava, boben \u017eerjava, kolo \u017eerjava, sklopka \u017eerjava, menjalnik \u017eerjava, motor \u017eerjava, zavora \u017eerjava, poseben razpr\u0161ilec \u017eerjava, zajem \u017eerjava, razpr\u0161ilec zabojnikov, sponke \u017eerjava iz predal\u010dka, razpr\u0161ilec \u017eerjava tipa C,dvi\u017eni elektromagnet, \u017eerjavne tirne sponke, elektri\u010dno dvigalo, standardni kon\u010dni vozi\u010dki \u017eerjava FEM, lahki deli \u017eerjava, deli \u017eerjava za delovno postajo, elektri\u010dni deli \u017eerjava, kabelski vozi\u010dek I-nosilca, daljinski upravljalnik \u017eerjava, elektri\u010dna krmilna omarica \u017eerjava,Kon\u010dno stikalo \u017eerjava, zvo\u010dni in svetlobni alarm \u017eerjava, Heavy Duty Aviation Connector, omejevalnik preobremenitve \u017eerjava, kitajski dobavitelj delov \u017eerjava, kavlji \u017eerjava, kavelj portalnega \u017eerjava, pribor \u017eerjava, kovani kavelj, predelava kavlja, proizvajalec kavlja, kitajski standardni kavelj \u017eerjava, elektri\u010dni kavelj, \u0161krip\u010devje \u017eerjava, \u0161krip\u010devje kavlja, valjani \u0161kripec, dobavitelj \u0161kripca \u017eerjava\uff0cEvropski \u0161kripec kavlja, \u0161kripec kavlja portalnega \u017eerjava, boben \u017eerjava tipa WZL, komplet bobna evropskega stila, boben \u017eerjava,deli za \u017eerjave,Obdelava bobna,Proizvajalec bobna za \u017eerjave,Boben iz litega jekla,Boben za elektri\u010dna dvigala,Sestava bobna za \u017eerjave,Bloki koles DRS,Evropsko kolo za \u017eerjave,Kovana kolesa,Komplet aktivnih koles,Komplet pogonskih koles,Skupina pogonskih koles,Proizvajalec koles za \u017eerjave,Kolesa za \u017eerjave Demag,Konecranes Kolesa za \u017eerjave,Kolo za mostne \u017eerjave,Spojke za gredi,Spojke za prenos mo\u010di,Diske,Teko\u010de spojke,Proizvajalec spojk\uff0cKardanska spojka,Redukcija za \u017eerjave,Reduktorji za \u017eerjave, reduktorji za \u017eerjave, reduktorji za \u017eerjave, reduktorji za \u017eerjave, reduktorji s trdo zobato povr\u0161ino, reduktorji za \u017eerjave in dvigala, reduktorji Flender, proizvajalec reduktorjev, reduktorji ZQ, reduktorji QJ, reduktorji QJY, zobni\u0161ki motorji, reduktorji Konecranes,reduktor serije F tri v enem,reduktor serije K tri v enem,potovalni stroji,potovalni motor z zobnikom,zobni\u0161ki motor za potovalni \u017eerjav,potovalni stroji Motorji s frekven\u010dnim pretvornikom,standardni zobni\u0161ki motorji FEM,motorji za \u017eerjave,Motorji z inverterjem, motorji za dvigala, motorji za \u017eerjave, posebni motorji za \u017eerjave, motorji serije YZR YZP YZ, motorji za \u017eerjave in dvigala, motorji s frekven\u010dno pretvorbo, elektrohidravli\u010dne bobenske zavore, elektrohidravli\u010dne kolutne zavore, zavore, zavore za mostne \u017eerjave, kolutne zavore, elektromagnetne kolutne zavore, hidravli\u010dne kolutne zavore za \u017eerjave, proizvajalec zavor, varnostne zavore za \u017eerjave, enojni ro\u010di\u010dni grabelj, \u010detverni ro\u010di\u010dni grabelj, elektrohidravli\u010dni ve\u010dlamelni robec, robec z oran\u017eno lupino, elektromotorni robec,Electro-Hydraulicclamshell grab, proizvajalci grab, proizvajalci kontejnerjev razsipnik, 20ft kontejnerjev razsipnik, pol avtomatski kontejnerjev razsipnik, 40ft kontejnerjev dvi\u017eni okvir, TEC kontejnerjev razsipnik, Billet dvi\u017ene objemke, Billet objemke, Billet \u017eerjava objemke proizvajalec, Billet dvi\u017ene objemke kitajski dobavitelj, tuljava C-Type Hook, tuljava kavelj, Overhead Crane Steel Coil C-Type Hook, C-hook \u017eerjava, C-tip razsipnik, C-tip kavelj, \u017eerjav magneti, Rail pritrditev naprave,\u017derjav Naprava za pritrjevanje tirnic, \u017eerjavova tirna objemka, CD\/MD \u017ei\u010dna vrvna elektri\u010dna dvigala, \u017ei\u010dna vrvna elektri\u010dna dvigala kitajski proizvajalec, \u017ei\u010dna vrvna elektri\u010dna dvigala z enojnim nosilcem, \u017ei\u010dna vrvna elektri\u010dna dvigala z dvojnim nosilcem, veri\u017ena dvigala, elektri\u010dni veri\u017eni dvigala proizvajalec, elektri\u010dni veri\u017eni dvigala kitajski distributer, evropska \u017ei\u010dna vrvna elektri\u010dna dvigala, evropska dvojna \u017ei\u010dna vrvna elektri\u010dna dvigala, kon\u010dni vozi\u010dek \u017eerjava z enim nosilcem, FEN\/DIN evropski kon\u010dni vozi\u010dek \u017eerjava z enim nosilcem,Proizvajalci kon\u010dnih nosilcev \u017eerjavov, Kon\u010dni nosilec \u017eerjava z dvojnim nosilcem evropskega sloga, Kon\u010dni nosilec \u017eerjava, Kon\u010dni nosilec \u017eerjava z enojnim nosilcem evropskega sloga, Kon\u010dni nosilec \u017eerjava z enojnim nosilcem FEN\/DIN, Vozi\u010dek \u017eerjava, Brez\u017ei\u010dni daljinski upravljalnik, daljinski upravljalnik, Ro\u010dica za upravljanje \u017eerjava, Krmilniki \u017eerjava, elektri\u010dna krmilna omara, Krmilna omara \u017eerjava, Kon\u010dno stikalo, Zvo\u010dni in svetlobni alarm, Letalski vti\u010d, hitri priklju\u010dek, Letalski vti\u010d \u017eerjava, Omejilnik preobremenitve","publisher":{"@id":"https:\/\/www.hnhlcrane.com\/#organization"},"potentialAction":[{"@type":"SearchAction","target":{"@type":"EntryPoint","urlTemplate":"https:\/\/www.hnhlcrane.com\/?s={search_term_string}"},"query-input":{"@type":"PropertyValueSpecification","valueRequired":true,"valueName":"search_term_string"}}],"inLanguage":"sl-SI"},{"@type":"Organization","@id":"https:\/\/www.hnhlcrane.com\/#organization","name":"Dobavitelj delov \u017eerjava-HL Crame","url":"https:\/\/www.hnhlcrane.com\/","logo":{"@type":"ImageObject","inLanguage":"sl-SI","@id":"https:\/\/www.hnhlcrane.com\/#\/schema\/logo\/image\/","url":"https:\/\/www.hnhlcrane.com\/wp-content\/uploads\/2024\/09\/logo6-1-e1733899395598.png","contentUrl":"https:\/\/www.hnhlcrane.com\/wp-content\/uploads\/2024\/09\/logo6-1-e1733899395598.png","width":1000,"height":282,"caption":"Crane Parts Supplier-HL Crame"},"image":{"@id":"https:\/\/www.hnhlcrane.com\/#\/schema\/logo\/image\/"}}]}},"_links":{"self":[{"href":"https:\/\/www.hnhlcrane.com\/sl\/wp-json\/wp\/v2\/product\/5487","targetHints":{"allow":["GET"]}}],"collection":[{"href":"https:\/\/www.hnhlcrane.com\/sl\/wp-json\/wp\/v2\/product"}],"about":[{"href":"https:\/\/www.hnhlcrane.com\/sl\/wp-json\/wp\/v2\/types\/product"}],"version-history":[{"count":2,"href":"https:\/\/www.hnhlcrane.com\/sl\/wp-json\/wp\/v2\/product\/5487\/revisions"}],"predecessor-version":[{"id":6957,"href":"https:\/\/www.hnhlcrane.com\/sl\/wp-json\/wp\/v2\/product\/5487\/revisions\/6957"}],"wp:featuredmedia":[{"embeddable":true,"href":"https:\/\/www.hnhlcrane.com\/sl\/wp-json\/wp\/v2\/media\/5488"}],"wp:attachment":[{"href":"https:\/\/www.hnhlcrane.com\/sl\/wp-json\/wp\/v2\/media?parent=5487"}],"wp:term":[{"taxonomy":"product_brand","embeddable":true,"href":"https:\/\/www.hnhlcrane.com\/sl\/wp-json\/wp\/v2\/product_brand?post=5487"},{"taxonomy":"product_cat","embeddable":true,"href":"https:\/\/www.hnhlcrane.com\/sl\/wp-json\/wp\/v2\/product_cat?post=5487"},{"taxonomy":"product_tag","embeddable":true,"href":"https:\/\/www.hnhlcrane.com\/sl\/wp-json\/wp\/v2\/product_tag?post=5487"}],"curies":[{"name":"wp","href":"https:\/\/api.w.org\/{rel}","templated":true}]}}