{"id":5472,"date":"2024-11-26T00:45:41","date_gmt":"2024-11-25T16:45:41","guid":{"rendered":"https:\/\/www.hnhlcrane.com\/?post_type=product&#038;p=5472"},"modified":"2025-09-10T10:45:04","modified_gmt":"2025-09-10T02:45:04","slug":"predelane-zerjavne-objemke-kopija","status":"publish","type":"product","link":"https:\/\/www.hnhlcrane.com\/sl\/izdelek\/predelane-zerjavne-objemke-kopija\/","title":{"rendered":"Raztresalnik tipa C podjetja Crane"},"content":{"rendered":"<h6><span style=\"font-family: arial, helvetica, sans-serif; font-size: 18pt;\"><strong>Pregled trosilnikov tipa C podjetja Crane<\/strong><\/span><\/h6>\n<p>Raztegovalnik tipa C podjetja Crane je specializirana naprava, zasnovana za vodoravno dvigovanje in prevoz kolutov. Raztegovalnik, ki je dobil ime zaradi podobnosti s \u010drko \"C\", se obi\u010dajno uporablja v jeklarnah, obratih za proizvodnjo in obdelavo hladno valjane plo\u010devine, skladi\u0161\u010dih in na drugih delovnih mestih, kjer se vodoravno ravna z jeklenimi tuljavami.<\/p>\n<h6><span style=\"font-family: arial, helvetica, sans-serif; font-size: 18pt;\"><strong>Strukturne zna\u010dilnosti \u017eerjava <a href=\"https:\/\/www.hnhlcrane.com\/sl\/izdelki\/poseben-razprsilec-z-zerjavom\/\" target=\"_blank\" rel=\"noopener\">Trosilnik tipa C<\/a><\/strong><\/span><\/h6>\n<ul>\n<li><strong>Glavno telo in protiute\u017e<\/strong>:\n<ul>\n<li><strong>Glavno telo<\/strong>: Izdelan je iz jeklenih plo\u0161\u010d in jeklenih cevi, kar zagotavlja odli\u010dno odpornost proti upogibanju in torziji. Lahka konstrukcija omogo\u010da la\u017ejo uporabo in podalj\u0161uje \u017eivljenjsko dobo.<\/li>\n<li><strong>Protiute\u017e<\/strong>: Uravnote\u017ei razsmernik in uskladi njegovo te\u017ei\u0161\u010de s te\u017ei\u0161\u010dem dvignjenega predmeta, kar zagotavlja varno in zanesljivo delovanje.<\/li>\n<\/ul>\n<\/li>\n<li><strong>Mo\u017enosti za\u0161\u010ditne zasnove<\/strong>:\n<ul>\n<li>Glede na zahteve uporabnika lahko na sti\u010dnih to\u010dkah dodamo za\u0161\u010ditne ukrepe, kot so gumijaste ali najlonske plo\u0161\u010de, ki prepre\u010dujejo po\u0161kodbe na dvignjenih materialih.<\/li>\n<\/ul>\n<\/li>\n<\/ul>\n<h6><span style=\"font-family: arial, helvetica, sans-serif; font-size: 18pt;\"><strong>Aplikacije<\/strong><\/span><\/h6>\n<p>Trosilnik tipa C je primeren za ravnanje z razli\u010dnimi zvitimi materiali, vklju\u010dno z:<\/p>\n<ul>\n<li><strong>Jeklene kolute<\/strong><\/li>\n<li><strong>Aluminijaste tuljave<\/strong><\/li>\n<li><strong>Bakrene tuljave<\/strong><\/li>\n<li><strong>\u017di\u010dne palice<\/strong><\/li>\n<\/ul>\n<p>Posebej u\u010dinkovit je v okoljih, kjer je potrebno skrbno ravnanje in u\u010dinkovit prevoz vodoravnih kolutov.<\/p>\n<h6><span style=\"font-family: arial, helvetica, sans-serif; font-size: 18pt;\"><strong>Prednosti<\/strong><\/span><\/h6>\n<ul>\n<li><strong>Racionalno oblikovanje<\/strong>:<span style=\"font-family: var(--global-body-font-family);\">Zasnova trosilnika zagotavlja stabilnost, ravnote\u017eje in natan\u010dnost pri delu.<\/span><\/li>\n<li><strong>Prilagodljivost in priro\u010dnost<\/strong>:<span style=\"font-family: var(--global-body-font-family);\">Gladki gibi in enostavno rokovanje pove\u010dujejo u\u010dinkovitost delovanja.<\/span><\/li>\n<li><strong>Trajnost<\/strong>:<span style=\"font-family: var(--global-body-font-family);\">Robustna konstrukcija je odporna na obrabo, kar zagotavlja dolgo \u017eivljenjsko dobo in zanesljivost.<\/span><\/li>\n<\/ul>\n<h6><span style=\"font-family: arial, helvetica, sans-serif; font-size: 18pt;\"><strong>Smernice za vzdr\u017eevanje in uporabo<\/strong><\/span><\/h6>\n<ul>\n<li><strong>Zahteve za shranjevanje<\/strong>:<span style=\"font-family: var(--global-body-font-family);\">Shranjujte v <\/span><strong style=\"font-family: var(--global-body-font-family);\">prezra\u010devano, suho in \u010disto okolje.<\/strong><span style=\"font-family: var(--global-body-font-family);\">. Izogibajte se izpostavljenosti <\/span><strong style=\"font-family: var(--global-body-font-family);\">kisline, alkalije, soli, kemi\u010dni plini ali vla\u017ene razmere.<\/strong><span style=\"font-family: var(--global-body-font-family);\"> za prepre\u010devanje korozije.<\/span><\/li>\n<li><strong>Za\u0161\u010dita povr\u0161ine<\/strong>:<span style=\"font-family: var(--global-body-font-family);\">Redno nana\u0161ajte premaze proti rjavenju, da za\u0161\u010ditite povr\u0161ino ter ohranite njen videz in vzdr\u017eljivost.<\/span><\/li>\n<li><strong>Mazanje in \u010di\u0161\u010denje<\/strong>:<span style=\"font-family: var(--global-body-font-family);\">Redno \u010distite in ma\u017eite gibljive dele, da prepre\u010dite suho trenje in zatikanje ter zagotovite nemoteno delovanje.<\/span><\/li>\n<li><strong>In\u0161pekcijski pregled<\/strong>:<span style=\"font-family: var(--global-body-font-family);\">Izvajajte redne preglede za ugotavljanje obrabe ali po\u0161kodb klju\u010dnih sestavnih delov ter nemudoma odpravite te\u017eave, da ohranite varnost in funkcionalnost.<\/span><\/li>\n<\/ul>\n<p>Pravilna uporaba in vzdr\u017eevanje trosilnika Crane tipa C znatno podalj\u0161ata njegovo \u017eivljenjsko dobo ter zagotavljata stabilno delovanje in varnost pri delu. To orodje je nepogre\u0161ljiva re\u0161itev za panoge, ki zahtevajo varno in u\u010dinkovito ravnanje s tuljavami.<\/p>\n<h6><strong><span style=\"font-family: arial, helvetica, sans-serif; font-size: 18pt;\">Dimenzije in parametri<\/span><\/strong><\/h6>\n<p><img fetchpriority=\"high\" decoding=\"async\" class=\"alignnone wp-image-5483\" src=\"https:\/\/www.hnhlcrane.com\/wp-content\/uploads\/2024\/11\/Crane-C-type-spreader-a-245x300.jpg\" alt=\"\" width=\"799\" height=\"978\" srcset=\"https:\/\/www.hnhlcrane.com\/wp-content\/uploads\/2024\/11\/Crane-C-type-spreader-a-245x300.jpg 245w, https:\/\/www.hnhlcrane.com\/wp-content\/uploads\/2024\/11\/Crane-C-type-spreader-a-768x939.jpg 768w, https:\/\/www.hnhlcrane.com\/wp-content\/uploads\/2024\/11\/Crane-C-type-spreader-a-600x734.jpg 600w, https:\/\/www.hnhlcrane.com\/wp-content\/uploads\/2024\/11\/Crane-C-type-spreader-a.jpg 800w\" sizes=\"(max-width: 799px) 100vw, 799px\" \/><\/p>","protected":false},"excerpt":{"rendered":"<p>Tuljava C-Type Hook, tuljava kavelj, Overhead Crane Steel Tuljava C-Type Hook, \u017eerjav C-ko\u0161, C-tip razsipnik, C-tip kavelj, \u017eerjav C-tip razsipnik, Posebni \u017eerjav razsipnik<\/p>","protected":false},"featured_media":5473,"template":"","meta":{"_kad_post_transparent":"default","_kad_post_title":"","_kad_post_layout":"default","_kad_post_sidebar_id":"","_kad_post_content_style":"default","_kad_post_vertical_padding":"show","_kad_post_feature":"","_kad_post_feature_position":"","_kad_post_header":false,"_kad_post_footer":false},"product_brand":[],"product_cat":[59],"product_tag":[211,210,206,207,209,205,208,185],"class_list":{"0":"post-5472","1":"product","2":"type-product","3":"status-publish","4":"has-post-thumbnail","6":"product_cat-special-crane-spreader","7":"product_tag-c-type-hook","8":"product_tag-c-type-spreader","9":"product_tag-coil-c-type-hook","10":"product_tag-coil-hook","11":"product_tag-crane-c-hook","12":"product_tag-crane-c-type-spreader","13":"product_tag-overhead-crane-steel-coil-c-type-hook","14":"product_tag-special-crane-spreader","16":"first","17":"instock","18":"featured","19":"shipping-taxable","20":"product-type-simple","21":"entry","22":"content-bg","23":"loop-entry"},"yoast_head":"<!-- This site is optimized with the Yoast SEO plugin v25.6 - https:\/\/yoast.com\/wordpress\/plugins\/seo\/ -->\n<title>Crane C-type spreader \u2013 Heavy-Duty Lifting &amp; Container Handling Solution<\/title>\n<meta name=\"description\" content=\"High-quality crane C-type spreader for safe and efficient container and cargo handling. Ideal for overhead cranes, gantry cranes, and port operations.\" \/>\n<meta name=\"robots\" content=\"index, follow, max-snippet:-1, max-image-preview:large, max-video-preview:-1\" \/>\n<link rel=\"canonical\" href=\"https:\/\/www.hnhlcrane.com\/sl\/izdelek\/predelane-zerjavne-objemke-kopija\/\" \/>\n<meta property=\"og:locale\" content=\"sl_SI\" \/>\n<meta property=\"og:type\" content=\"article\" \/>\n<meta property=\"og:title\" content=\"Crane C-type spreader \u2013 Heavy-Duty Lifting &amp; Container Handling Solution\" \/>\n<meta property=\"og:description\" content=\"High-quality crane C-type spreader for safe and efficient container and cargo handling. Ideal for overhead cranes, gantry cranes, and port operations.\" \/>\n<meta property=\"og:url\" content=\"https:\/\/www.hnhlcrane.com\/sl\/izdelek\/predelane-zerjavne-objemke-kopija\/\" \/>\n<meta property=\"og:site_name\" content=\"Crane Parts Supplier-HL Crame\" \/>\n<meta property=\"article:modified_time\" content=\"2025-09-10T02:45:04+00:00\" \/>\n<meta property=\"og:image\" content=\"https:\/\/www.hnhlcrane.com\/wp-content\/uploads\/2024\/11\/Crane-C-type-spreader-1.jpg\" \/>\n\t<meta property=\"og:image:width\" content=\"600\" \/>\n\t<meta property=\"og:image:height\" content=\"600\" \/>\n\t<meta property=\"og:image:type\" content=\"image\/jpeg\" \/>\n<meta name=\"twitter:card\" content=\"summary_large_image\" \/>\n<meta name=\"twitter:label1\" content=\"Est. reading time\" \/>\n\t<meta name=\"twitter:data1\" content=\"2 minuti\" \/>\n<script type=\"application\/ld+json\" class=\"yoast-schema-graph\">{\"@context\":\"https:\/\/schema.org\",\"@graph\":[{\"@type\":\"WebPage\",\"@id\":\"https:\/\/www.hnhlcrane.com\/product\/billet-crane-clamps-copy\/\",\"url\":\"https:\/\/www.hnhlcrane.com\/product\/billet-crane-clamps-copy\/\",\"name\":\"Crane C-type spreader \u2013 Heavy-Duty Lifting & Container Handling Solution\",\"isPartOf\":{\"@id\":\"https:\/\/www.hnhlcrane.com\/#website\"},\"primaryImageOfPage\":{\"@id\":\"https:\/\/www.hnhlcrane.com\/product\/billet-crane-clamps-copy\/#primaryimage\"},\"image\":{\"@id\":\"https:\/\/www.hnhlcrane.com\/product\/billet-crane-clamps-copy\/#primaryimage\"},\"thumbnailUrl\":\"https:\/\/www.hnhlcrane.com\/wp-content\/uploads\/2024\/11\/Crane-C-type-spreader-1.jpg\",\"datePublished\":\"2024-11-25T16:45:41+00:00\",\"dateModified\":\"2025-09-10T02:45:04+00:00\",\"description\":\"High-quality crane C-type spreader for safe and efficient container and cargo handling. Ideal for overhead cranes, gantry cranes, and port operations.\",\"breadcrumb\":{\"@id\":\"https:\/\/www.hnhlcrane.com\/product\/billet-crane-clamps-copy\/#breadcrumb\"},\"inLanguage\":\"sl-SI\",\"potentialAction\":[{\"@type\":\"ReadAction\",\"target\":[\"https:\/\/www.hnhlcrane.com\/product\/billet-crane-clamps-copy\/\"]}]},{\"@type\":\"ImageObject\",\"inLanguage\":\"sl-SI\",\"@id\":\"https:\/\/www.hnhlcrane.com\/product\/billet-crane-clamps-copy\/#primaryimage\",\"url\":\"https:\/\/www.hnhlcrane.com\/wp-content\/uploads\/2024\/11\/Crane-C-type-spreader-1.jpg\",\"contentUrl\":\"https:\/\/www.hnhlcrane.com\/wp-content\/uploads\/2024\/11\/Crane-C-type-spreader-1.jpg\",\"width\":600,\"height\":600},{\"@type\":\"BreadcrumbList\",\"@id\":\"https:\/\/www.hnhlcrane.com\/product\/billet-crane-clamps-copy\/#breadcrumb\",\"itemListElement\":[{\"@type\":\"ListItem\",\"position\":1,\"name\":\"home\",\"item\":\"https:\/\/www.hnhlcrane.com\/\"},{\"@type\":\"ListItem\",\"position\":2,\"name\":\"products\",\"item\":\"https:\/\/www.hnhlcrane.com\/products\/\"},{\"@type\":\"ListItem\",\"position\":3,\"name\":\"Crane C-type spreader\"}]},{\"@type\":\"WebSite\",\"@id\":\"https:\/\/www.hnhlcrane.com\/#website\",\"url\":\"https:\/\/www.hnhlcrane.com\/\",\"name\":\"Crane Parts Supplier-HL Crame\",\"description\":\"One-stop solution for all your  crane parts needs,Crane Hook,Crane Drum,Crane Wheel,Crane Coupling,Crane Gearbox,Crane Motor,Crane Brake,Special Crane Spreader,Crane grab,Container spreader,Billet crane clamps,Crane C-type spreader,Lifting Electromagnet,Crane Rail Clips,Electric Hoist,FEM Standard Crane End Carriages,Light Crane Parts,Workstation Crane Parts,Crane Electrical Parts,I-beam cable trolley,Crane remote controller,Crane electrical control cabinet,Crane limit switch,Crane sound and light alarm,Heavy Duty Aviation Connector,Crane overload limiter,China Crane Parts Supplier,Crane hooks,Gantry crane hook,Crane accessories,Forged hook,hook processing,Hook manufacturer,China standard crane hook,electric hoist hook,Crane pulley,Hook pulley,Rolled pulley,Crane Pulley Supplier\uff0cEuropean hook pulley,Gantry crane hook pulley,WZL type crane drum,European style reel set,Crane reel,crane parts,Drum processing,crane drum manufacturer,Cast steel drum,Electric hoist drum,Crane drum assembly,DRS Wheel Blocks,European crane wheel,Forged wheels,Active wheel set,Driving wheel set,Driven wheel group,crane wheels manufacturer,Demag crane wheels,Konecranes Crane Wheels,Overhead crane Wheel,Shaft couplings,Power Transmission Couplings,Disc Couplings,Fluid couplings,Coupling manufacturer\uff0cCardan coupling,Crane Reducer,Crane Decelerators,Reducer gearbox,Reducer for crane,Gear Reducer For Crane,Hard tooth surface reducerCrane and hoist reducer,Flender reducer,Reducer manufacturer,ZQ reducer,QJ reducer,QJY reducer,Gear Motors,Konecranes reducer,F series three-in-one reducer,K series three-in-one reducer,travelling machinery,Travelling Motor With Gear,Gear Motor for Crane Traveling,Travelling machinery Frequency inverter motors,FEM standard Gear Motors,Crane motors,Inverter motors,Hoist motors,motorCrane duty motors,Special motor for crane,YZR YZP YZ series motors,Crane and hoist motor,Frequency conversion motor,Electro hydraulic drum brakes,Electro-hydraulic disc brakes,Brake,Overhead Crane Brakes,Disc brakes,Electromagnetic disk brake,Crane hydraulic disc brake,Brakes manufacturer,crane Safety brakes,Singlr rope grab,Four rope grab,Electro-hydraulic multi-flap grab,Orange peel grab,Electric motor grab,Electro-Hydraulicclamshell grab,grab manufacturers,Container spreader manufacturers,20ft Container Spreader,Semi Automatic container spreader,40ft Container Lifting Frame,TEC container Spreader,Billet lifting clamp,Billet Clamps,Billet crane clamps manufacturer,billet lifting clamps china supplier,Coil C-Type Hook,coil hook,Overhead Crane Steel Coil C-Type Hook,Crane C-hook,C-type spreader,C-type hook,Crane magnets,Rail fixing device,Crane Rail fixing device,crane Rail Clamp,CD\/MD Wire Rope Electric Hoist,Wire Rope Electric Hoist China Manufacturer,Single Girder Wire Rope Electric Hoist,Double Girder Wire Rope Electric Hoist,Chain Hoist,Electric chain hoist manufacturer,Electric chain hoist China distributor,European wire rope electric hoist\uff0cEuropean double beam wire rope electric hoist,European Style Single Beam Crane End Carriage,FEN\/DIN European Style Single Beam Crane End Carriage,Crane end beam manufacturers,European style hoist double beam crane end beam,Suspension crane end beam,European style suspended single beam crane end beam,FEN\/DIN Suspension crane end beam,crane cable trolley,Wireless remote control,remote controller,Crane control handle,Crane Controls,electrical control cabinet,crane control cabinet,Limit switch,Sound and light alarm,Aviation plug,quick connector,Crane aviation plug,Overload limiter\",\"publisher\":{\"@id\":\"https:\/\/www.hnhlcrane.com\/#organization\"},\"potentialAction\":[{\"@type\":\"SearchAction\",\"target\":{\"@type\":\"EntryPoint\",\"urlTemplate\":\"https:\/\/www.hnhlcrane.com\/?s={search_term_string}\"},\"query-input\":{\"@type\":\"PropertyValueSpecification\",\"valueRequired\":true,\"valueName\":\"search_term_string\"}}],\"inLanguage\":\"sl-SI\"},{\"@type\":\"Organization\",\"@id\":\"https:\/\/www.hnhlcrane.com\/#organization\",\"name\":\"Crane Parts Supplier-HL Crame\",\"url\":\"https:\/\/www.hnhlcrane.com\/\",\"logo\":{\"@type\":\"ImageObject\",\"inLanguage\":\"sl-SI\",\"@id\":\"https:\/\/www.hnhlcrane.com\/#\/schema\/logo\/image\/\",\"url\":\"https:\/\/www.hnhlcrane.com\/wp-content\/uploads\/2024\/09\/logo6-1-e1733899395598.png\",\"contentUrl\":\"https:\/\/www.hnhlcrane.com\/wp-content\/uploads\/2024\/09\/logo6-1-e1733899395598.png\",\"width\":1000,\"height\":282,\"caption\":\"Crane Parts Supplier-HL Crame\"},\"image\":{\"@id\":\"https:\/\/www.hnhlcrane.com\/#\/schema\/logo\/image\/\"}}]}<\/script>\n<!-- \/ Yoast SEO plugin. -->","yoast_head_json":{"title":"Trosilnik tipa C podjetja Crane - Re\u0161itev za dvigovanje te\u017ekih tovorov in ravnanje s kontejnerji","description":"Visokokakovostni \u017eerjavni razpr\u0161ilec tipa C za varno in u\u010dinkovito ravnanje z zabojniki in tovorom. Idealen za mostne \u017eerjave, portalne \u017eerjave in pristani\u0161ke dejavnosti.","robots":{"index":"index","follow":"follow","max-snippet":"max-snippet:-1","max-image-preview":"max-image-preview:large","max-video-preview":"max-video-preview:-1"},"canonical":"https:\/\/www.hnhlcrane.com\/sl\/izdelek\/predelane-zerjavne-objemke-kopija\/","og_locale":"sl_SI","og_type":"article","og_title":"Crane C-type spreader \u2013 Heavy-Duty Lifting & Container Handling Solution","og_description":"High-quality crane C-type spreader for safe and efficient container and cargo handling. Ideal for overhead cranes, gantry cranes, and port operations.","og_url":"https:\/\/www.hnhlcrane.com\/sl\/izdelek\/predelane-zerjavne-objemke-kopija\/","og_site_name":"Crane Parts Supplier-HL Crame","article_modified_time":"2025-09-10T02:45:04+00:00","og_image":[{"width":600,"height":600,"url":"https:\/\/www.hnhlcrane.com\/wp-content\/uploads\/2024\/11\/Crane-C-type-spreader-1.jpg","type":"image\/jpeg"}],"twitter_card":"summary_large_image","twitter_misc":{"Est. reading time":"2 minuti"},"schema":{"@context":"https:\/\/schema.org","@graph":[{"@type":"WebPage","@id":"https:\/\/www.hnhlcrane.com\/product\/billet-crane-clamps-copy\/","url":"https:\/\/www.hnhlcrane.com\/product\/billet-crane-clamps-copy\/","name":"Trosilnik tipa C podjetja Crane - Re\u0161itev za dvigovanje te\u017ekih tovorov in ravnanje s kontejnerji","isPartOf":{"@id":"https:\/\/www.hnhlcrane.com\/#website"},"primaryImageOfPage":{"@id":"https:\/\/www.hnhlcrane.com\/product\/billet-crane-clamps-copy\/#primaryimage"},"image":{"@id":"https:\/\/www.hnhlcrane.com\/product\/billet-crane-clamps-copy\/#primaryimage"},"thumbnailUrl":"https:\/\/www.hnhlcrane.com\/wp-content\/uploads\/2024\/11\/Crane-C-type-spreader-1.jpg","datePublished":"2024-11-25T16:45:41+00:00","dateModified":"2025-09-10T02:45:04+00:00","description":"Visokokakovostni \u017eerjavni razpr\u0161ilec tipa C za varno in u\u010dinkovito ravnanje z zabojniki in tovorom. Idealen za mostne \u017eerjave, portalne \u017eerjave in pristani\u0161ke dejavnosti.","breadcrumb":{"@id":"https:\/\/www.hnhlcrane.com\/product\/billet-crane-clamps-copy\/#breadcrumb"},"inLanguage":"sl-SI","potentialAction":[{"@type":"ReadAction","target":["https:\/\/www.hnhlcrane.com\/product\/billet-crane-clamps-copy\/"]}]},{"@type":"ImageObject","inLanguage":"sl-SI","@id":"https:\/\/www.hnhlcrane.com\/product\/billet-crane-clamps-copy\/#primaryimage","url":"https:\/\/www.hnhlcrane.com\/wp-content\/uploads\/2024\/11\/Crane-C-type-spreader-1.jpg","contentUrl":"https:\/\/www.hnhlcrane.com\/wp-content\/uploads\/2024\/11\/Crane-C-type-spreader-1.jpg","width":600,"height":600},{"@type":"BreadcrumbList","@id":"https:\/\/www.hnhlcrane.com\/product\/billet-crane-clamps-copy\/#breadcrumb","itemListElement":[{"@type":"ListItem","position":1,"name":"home","item":"https:\/\/www.hnhlcrane.com\/"},{"@type":"ListItem","position":2,"name":"products","item":"https:\/\/www.hnhlcrane.com\/products\/"},{"@type":"ListItem","position":3,"name":"Crane C-type spreader"}]},{"@type":"WebSite","@id":"https:\/\/www.hnhlcrane.com\/#website","url":"https:\/\/www.hnhlcrane.com\/","name":"Dobavitelj delov \u017eerjava-HL Crame","description":"Re\u0161itev na enem mestu za vse va\u0161e potrebe po delih \u017eerjava, kavelj \u017eerjava, boben \u017eerjava, kolo \u017eerjava, sklopka \u017eerjava, menjalnik \u017eerjava, motor \u017eerjava, zavora \u017eerjava, poseben razpr\u0161ilec \u017eerjava, zajem \u017eerjava, razpr\u0161ilec zabojnikov, sponke \u017eerjava iz predal\u010dka, razpr\u0161ilec \u017eerjava tipa C,dvi\u017eni elektromagnet, \u017eerjavne tirne sponke, elektri\u010dno dvigalo, standardni kon\u010dni vozi\u010dki \u017eerjava FEM, lahki deli \u017eerjava, deli \u017eerjava za delovno postajo, elektri\u010dni deli \u017eerjava, kabelski vozi\u010dek I-nosilca, daljinski upravljalnik \u017eerjava, elektri\u010dna krmilna omarica \u017eerjava,Kon\u010dno stikalo \u017eerjava, zvo\u010dni in svetlobni alarm \u017eerjava, Heavy Duty Aviation Connector, omejevalnik preobremenitve \u017eerjava, kitajski dobavitelj delov \u017eerjava, kavlji \u017eerjava, kavelj portalnega \u017eerjava, pribor \u017eerjava, kovani kavelj, predelava kavlja, proizvajalec kavlja, kitajski standardni kavelj \u017eerjava, elektri\u010dni kavelj, \u0161krip\u010devje \u017eerjava, \u0161krip\u010devje kavlja, valjani \u0161kripec, dobavitelj \u0161kripca \u017eerjava\uff0cEvropski \u0161kripec kavlja, \u0161kripec kavlja portalnega \u017eerjava, boben \u017eerjava tipa WZL, komplet bobna evropskega stila, boben \u017eerjava,deli za \u017eerjave,Obdelava bobna,Proizvajalec bobna za \u017eerjave,Boben iz litega jekla,Boben za elektri\u010dna dvigala,Sestava bobna za \u017eerjave,Bloki koles DRS,Evropsko kolo za \u017eerjave,Kovana kolesa,Komplet aktivnih koles,Komplet pogonskih koles,Skupina pogonskih koles,Proizvajalec koles za \u017eerjave,Kolesa za \u017eerjave Demag,Konecranes Kolesa za \u017eerjave,Kolo za mostne \u017eerjave,Spojke za gredi,Spojke za prenos mo\u010di,Diske,Teko\u010de spojke,Proizvajalec spojk\uff0cKardanska spojka,Redukcija za \u017eerjave,Reduktorji za \u017eerjave, reduktorji za \u017eerjave, reduktorji za \u017eerjave, reduktorji za \u017eerjave, reduktorji s trdo zobato povr\u0161ino, reduktorji za \u017eerjave in dvigala, reduktorji Flender, proizvajalec reduktorjev, reduktorji ZQ, reduktorji QJ, reduktorji QJY, zobni\u0161ki motorji, reduktorji Konecranes,reduktor serije F tri v enem,reduktor serije K tri v enem,potovalni stroji,potovalni motor z zobnikom,zobni\u0161ki motor za potovalni \u017eerjav,potovalni stroji Motorji s frekven\u010dnim pretvornikom,standardni zobni\u0161ki motorji FEM,motorji za \u017eerjave,Motorji z inverterjem, motorji za dvigala, motorji za \u017eerjave, posebni motorji za \u017eerjave, motorji serije YZR YZP YZ, motorji za \u017eerjave in dvigala, motorji s frekven\u010dno pretvorbo, elektrohidravli\u010dne bobenske zavore, elektrohidravli\u010dne kolutne zavore, zavore, zavore za mostne \u017eerjave, kolutne zavore, elektromagnetne kolutne zavore, hidravli\u010dne kolutne zavore za \u017eerjave, proizvajalec zavor, varnostne zavore za \u017eerjave, enojni ro\u010di\u010dni grabelj, \u010detverni ro\u010di\u010dni grabelj, elektrohidravli\u010dni ve\u010dlamelni robec, robec z oran\u017eno lupino, elektromotorni robec,Electro-Hydraulicclamshell grab, proizvajalci grab, proizvajalci kontejnerjev razsipnik, 20ft kontejnerjev razsipnik, pol avtomatski kontejnerjev razsipnik, 40ft kontejnerjev dvi\u017eni okvir, TEC kontejnerjev razsipnik, Billet dvi\u017ene objemke, Billet objemke, Billet \u017eerjava objemke proizvajalec, Billet dvi\u017ene objemke kitajski dobavitelj, tuljava C-Type Hook, tuljava kavelj, Overhead Crane Steel Coil C-Type Hook, C-hook \u017eerjava, C-tip razsipnik, C-tip kavelj, \u017eerjav magneti, Rail pritrditev naprave,\u017derjav Naprava za pritrjevanje tirnic, \u017eerjavova tirna objemka, CD\/MD \u017ei\u010dna vrvna elektri\u010dna dvigala, \u017ei\u010dna vrvna elektri\u010dna dvigala kitajski proizvajalec, \u017ei\u010dna vrvna elektri\u010dna dvigala z enojnim nosilcem, \u017ei\u010dna vrvna elektri\u010dna dvigala z dvojnim nosilcem, veri\u017ena dvigala, elektri\u010dni veri\u017eni dvigala proizvajalec, elektri\u010dni veri\u017eni dvigala kitajski distributer, evropska \u017ei\u010dna vrvna elektri\u010dna dvigala, evropska dvojna \u017ei\u010dna vrvna elektri\u010dna dvigala, kon\u010dni vozi\u010dek \u017eerjava z enim nosilcem, FEN\/DIN evropski kon\u010dni vozi\u010dek \u017eerjava z enim nosilcem,Proizvajalci kon\u010dnih nosilcev \u017eerjavov, Kon\u010dni nosilec \u017eerjava z dvojnim nosilcem evropskega sloga, Kon\u010dni nosilec \u017eerjava, Kon\u010dni nosilec \u017eerjava z enojnim nosilcem evropskega sloga, Kon\u010dni nosilec \u017eerjava z enojnim nosilcem FEN\/DIN, Vozi\u010dek \u017eerjava, Brez\u017ei\u010dni daljinski upravljalnik, daljinski upravljalnik, Ro\u010dica za upravljanje \u017eerjava, Krmilniki \u017eerjava, elektri\u010dna krmilna omara, Krmilna omara \u017eerjava, Kon\u010dno stikalo, Zvo\u010dni in svetlobni alarm, Letalski vti\u010d, hitri priklju\u010dek, Letalski vti\u010d \u017eerjava, Omejilnik preobremenitve","publisher":{"@id":"https:\/\/www.hnhlcrane.com\/#organization"},"potentialAction":[{"@type":"SearchAction","target":{"@type":"EntryPoint","urlTemplate":"https:\/\/www.hnhlcrane.com\/?s={search_term_string}"},"query-input":{"@type":"PropertyValueSpecification","valueRequired":true,"valueName":"search_term_string"}}],"inLanguage":"sl-SI"},{"@type":"Organization","@id":"https:\/\/www.hnhlcrane.com\/#organization","name":"Dobavitelj delov \u017eerjava-HL Crame","url":"https:\/\/www.hnhlcrane.com\/","logo":{"@type":"ImageObject","inLanguage":"sl-SI","@id":"https:\/\/www.hnhlcrane.com\/#\/schema\/logo\/image\/","url":"https:\/\/www.hnhlcrane.com\/wp-content\/uploads\/2024\/09\/logo6-1-e1733899395598.png","contentUrl":"https:\/\/www.hnhlcrane.com\/wp-content\/uploads\/2024\/09\/logo6-1-e1733899395598.png","width":1000,"height":282,"caption":"Crane Parts Supplier-HL Crame"},"image":{"@id":"https:\/\/www.hnhlcrane.com\/#\/schema\/logo\/image\/"}}]}},"_links":{"self":[{"href":"https:\/\/www.hnhlcrane.com\/sl\/wp-json\/wp\/v2\/product\/5472","targetHints":{"allow":["GET"]}}],"collection":[{"href":"https:\/\/www.hnhlcrane.com\/sl\/wp-json\/wp\/v2\/product"}],"about":[{"href":"https:\/\/www.hnhlcrane.com\/sl\/wp-json\/wp\/v2\/types\/product"}],"version-history":[{"count":2,"href":"https:\/\/www.hnhlcrane.com\/sl\/wp-json\/wp\/v2\/product\/5472\/revisions"}],"predecessor-version":[{"id":6955,"href":"https:\/\/www.hnhlcrane.com\/sl\/wp-json\/wp\/v2\/product\/5472\/revisions\/6955"}],"wp:featuredmedia":[{"embeddable":true,"href":"https:\/\/www.hnhlcrane.com\/sl\/wp-json\/wp\/v2\/media\/5473"}],"wp:attachment":[{"href":"https:\/\/www.hnhlcrane.com\/sl\/wp-json\/wp\/v2\/media?parent=5472"}],"wp:term":[{"taxonomy":"product_brand","embeddable":true,"href":"https:\/\/www.hnhlcrane.com\/sl\/wp-json\/wp\/v2\/product_brand?post=5472"},{"taxonomy":"product_cat","embeddable":true,"href":"https:\/\/www.hnhlcrane.com\/sl\/wp-json\/wp\/v2\/product_cat?post=5472"},{"taxonomy":"product_tag","embeddable":true,"href":"https:\/\/www.hnhlcrane.com\/sl\/wp-json\/wp\/v2\/product_tag?post=5472"}],"curies":[{"name":"wp","href":"https:\/\/api.w.org\/{rel}","templated":true}]}}