{"id":4896,"date":"2024-11-08T15:16:00","date_gmt":"2024-11-08T07:16:00","guid":{"rendered":"https:\/\/www.hnhlcrane.com\/?post_type=product&#038;p=4896"},"modified":"2025-09-20T22:12:18","modified_gmt":"2025-09-20T14:12:18","slug":"spenjace-zerjavnih-zobnikov","status":"publish","type":"product","link":"https:\/\/www.hnhlcrane.com\/sl\/izdelek\/spenjace-zerjavnih-zobnikov\/","title":{"rendered":"Spojke z zobniki za \u017eerjave"},"content":{"rendered":"<div class=\"flex max-w-full flex-col flex-grow\">\n<div class=\"min-h-8 text-message flex w-full flex-col items-end gap-2 whitespace-normal break-words [.text-message+&amp;]:mt-5\" dir=\"auto\" data-message-author-role=\"assistant\" data-message-id=\"41acb770-e85a-4730-8533-81f9699d1e74\" data-message-model-slug=\"gpt-4o\">\n<div class=\"flex w-full flex-col gap-1 empty:hidden first:pt-[3px]\">\n<div class=\"markdown prose w-full break-words dark:prose-invert light\"><\/div>\n<\/div>\n<\/div>\n<\/div>\n<p>\u017derjavne zobni\u0161ke spojke so bistvene mehanske komponente, ki se uporabljajo za prenos navora, povezovanje dveh soosnih ali skoraj vzporednih vrte\u010dih se gredi ter izravnavo majhnih kotnih in radialnih neskladij. Obi\u010dajno so sestavljene iz dveh delov: gonilne in pogonske gredi. Poleg tega se pogosto uporabljajo v reduktorjih za la\u017eji prenos navora. Pri na\u010drtovanju in uporabi zobni\u0161kih sklopk za \u017eerjave je treba upo\u0161tevati ve\u010d dejavnikov, da se zagotovita njihova zmogljivost in zanesljivost, med drugim<\/p>\n<ul>\n<li><strong>Nadomestna pro\u017enost<\/strong>: Prilagodijo lahko relativni premik med vrte\u010dimi se komponentami, kar omogo\u010da kompenzacijo napak pri izdelavi in namestitvi, temperaturnih sprememb med delovanjem in deformacij pod obremenitvijo.<\/li>\n<li><strong>Absorpcija udarcev<\/strong>: V primerih pogostega zagona ali spreminjajo\u010dih se delovnih obremenitev mora sklopka vsebovati elasti\u010dne elemente, ki bla\u017eijo in du\u0161ijo vibracije ter tako \u0161\u010ditijo pogonski agregat in delovni stroj pred morebitnimi po\u0161kodbami.<\/li>\n<li><strong>Varnost in zanesljivost<\/strong>: Imajo zadostno trdnost in dolgo \u017eivljenjsko dobo, da zagotavljajo varno delovanje v razli\u010dnih delovnih pogojih.<\/li>\n<li><strong>Enostavna struktura<\/strong>: Enostavno jih je sestavljati, razstavljati in vzdr\u017eevati, kar zmanj\u0161uje stro\u0161ke in \u010das vzdr\u017eevanja.<\/li>\n<\/ul>\n<p>Pri izbiri vrste sklopke je treba upo\u0161tevati zahtevano zmogljivost in zna\u010dilnosti prenosa navora ter potrebo po bla\u017eenju udarcev, du\u0161enju vibracij in mo\u017enosti resonance. \u017derjav <a href=\"https:\/\/www.hnhlcrane.com\/sl\/izdelki\/spojka-zerjava\/\" target=\"_blank\" rel=\"noopener\">zobni\u0161ke spojke<\/a> se uporabljajo na podro\u010djih, kot so metalurgija, rudarstvo, dviganje in prevoz, ter v te\u017ekih strojih v panogah, kot so naftna industrija, kemijsko in\u017eenirstvo in splo\u0161ni stroji. Te spojke so znane po kompaktni radialni velikosti, visoki nosilnosti, visoki u\u010dinkovitosti prenosa, nizki ravni hrupa in podalj\u0161anih intervalih vzdr\u017eevanja, zaradi \u010desar so \u0161e posebej primerne za uporabo pri nizkih hitrostih in te\u017ekih obremenitvah.<\/p>\n<p><img fetchpriority=\"high\" decoding=\"async\" class=\"alignnone wp-image-4907\" src=\"https:\/\/www.hnhlcrane.com\/wp-content\/uploads\/2024\/11\/1-222x300.jpg\" alt=\"\" width=\"1100\" height=\"1486\" srcset=\"https:\/\/www.hnhlcrane.com\/wp-content\/uploads\/2024\/11\/1-222x300.jpg 222w, https:\/\/www.hnhlcrane.com\/wp-content\/uploads\/2024\/11\/1-759x1024.jpg 759w, https:\/\/www.hnhlcrane.com\/wp-content\/uploads\/2024\/11\/1-768x1036.jpg 768w\" sizes=\"(max-width: 1100px) 100vw, 1100px\" \/><\/p>\n<p><img decoding=\"async\" class=\"alignnone wp-image-4908\" src=\"https:\/\/www.hnhlcrane.com\/wp-content\/uploads\/2024\/11\/2-216x300.jpg\" alt=\"\" width=\"1100\" height=\"1528\" srcset=\"https:\/\/www.hnhlcrane.com\/wp-content\/uploads\/2024\/11\/2-216x300.jpg 216w, https:\/\/www.hnhlcrane.com\/wp-content\/uploads\/2024\/11\/2-768x1068.jpg 768w, https:\/\/www.hnhlcrane.com\/wp-content\/uploads\/2024\/11\/2-600x834.jpg 600w, https:\/\/www.hnhlcrane.com\/wp-content\/uploads\/2024\/11\/2.jpg 950w\" sizes=\"(max-width: 1100px) 100vw, 1100px\" \/> <img decoding=\"async\" class=\"alignnone wp-image-4909\" src=\"https:\/\/www.hnhlcrane.com\/wp-content\/uploads\/2024\/11\/3-219x300.jpg\" alt=\"\" width=\"1101\" height=\"1508\" srcset=\"https:\/\/www.hnhlcrane.com\/wp-content\/uploads\/2024\/11\/3-219x300.jpg 219w, https:\/\/www.hnhlcrane.com\/wp-content\/uploads\/2024\/11\/3-748x1024.jpg 748w, https:\/\/www.hnhlcrane.com\/wp-content\/uploads\/2024\/11\/3-768x1051.jpg 768w, https:\/\/www.hnhlcrane.com\/wp-content\/uploads\/2024\/11\/3-600x821.jpg 600w, https:\/\/www.hnhlcrane.com\/wp-content\/uploads\/2024\/11\/3.jpg 950w\" sizes=\"(max-width: 1101px) 100vw, 1101px\" \/> <img loading=\"lazy\" decoding=\"async\" class=\"alignnone wp-image-4910\" src=\"https:\/\/www.hnhlcrane.com\/wp-content\/uploads\/2024\/11\/4-227x300.jpg\" alt=\"\" width=\"1102\" height=\"1456\" srcset=\"https:\/\/www.hnhlcrane.com\/wp-content\/uploads\/2024\/11\/4-227x300.jpg 227w, https:\/\/www.hnhlcrane.com\/wp-content\/uploads\/2024\/11\/4-775x1024.jpg 775w, https:\/\/www.hnhlcrane.com\/wp-content\/uploads\/2024\/11\/4-768x1015.jpg 768w, https:\/\/www.hnhlcrane.com\/wp-content\/uploads\/2024\/11\/4-600x793.jpg 600w, https:\/\/www.hnhlcrane.com\/wp-content\/uploads\/2024\/11\/4.jpg 950w\" sizes=\"(max-width: 1102px) 100vw, 1102px\" \/><\/p>\n<p><span style=\"font-family: var(--global-body-font-family);\">\u00a0<\/span><span style=\"font-family: var(--global-body-font-family);\">\u00a0<\/span><\/p>","protected":false},"excerpt":{"rendered":"<p><strong>\u017derjavne zobni\u0161ke spojke Parametri:<\/strong><\/p>\n<ul>\n<li><strong>Najve\u010dji dovoljeni navor:<\/strong> 710 Nm do 1.000.000 Nm<\/li>\n<li><strong>Najve\u010dja hitrost:<\/strong> 7100 do 700 vrtljajev na minuto<\/li>\n<li><strong>Material spojke:<\/strong> ZG430-640, 45 jekla<\/li>\n<li><strong>Tipi spojev:<\/strong> Polnozobne in polzobne spojke<\/li>\n<li><strong>Mo\u017enosti po meri:<\/strong> Zagotovite lahko svoje risbe, mi pa jih bomo izdelali v skladu z navedenimi merami.<\/li>\n<\/ul>","protected":false},"featured_media":4897,"template":"","meta":{"_kad_post_transparent":"default","_kad_post_title":"","_kad_post_layout":"default","_kad_post_sidebar_id":"","_kad_post_content_style":"default","_kad_post_vertical_padding":"show","_kad_post_feature":"","_kad_post_feature_position":"","_kad_post_header":false,"_kad_post_footer":false},"product_brand":[],"product_cat":[54],"product_tag":[131,135,127,132,126,73,129,121,128,72,124,130,125,134,123,122,133],"class_list":{"0":"post-4896","1":"product","2":"type-product","3":"status-publish","4":"has-post-thumbnail","6":"product_cat-crane-coupling","7":"product_tag-brake-wheel-drum-gear-coupling","8":"product_tag-brake-wheel-plum-elastic-coupling","9":"product_tag-cardan-coupling","10":"product_tag-cardan-shaft-coupling","11":"product_tag-coupling-manufacturer","12":"product_tag-crane-accessories","13":"product_tag-crane-brake-wheel-coupling","14":"product_tag-crane-coupling","15":"product_tag-crane-gear-couplings","16":"product_tag-crane-parts","17":"product_tag-disc-couplings","18":"product_tag-drum-gear-couplings","19":"product_tag-fluid-couplings","20":"product_tag-plum-blossom-elastic-coupling","21":"product_tag-power-transmission-couplings","22":"product_tag-shaft-couplings","23":"product_tag-wzl-drum-coupling","25":"first","26":"instock","27":"shipping-taxable","28":"product-type-simple","29":"entry","30":"content-bg","31":"loop-entry"},"yoast_head":"<!-- This site is optimized with the Yoast SEO plugin v25.6 - https:\/\/yoast.com\/wordpress\/plugins\/seo\/ -->\n<title>Crane gear couplings -Power Transmission Couplings-&amp; High-Performance Crane Couplings<\/title>\n<meta name=\"description\" content=\"Shop high-quality crane gear couplings for overhead and gantry cranes. HLCRANE provides durable, precision-engineered couplings to ensure smooth crane operation and long-lasting performance.\" \/>\n<meta name=\"robots\" content=\"index, follow, max-snippet:-1, max-image-preview:large, max-video-preview:-1\" \/>\n<link rel=\"canonical\" href=\"https:\/\/www.hnhlcrane.com\/sl\/izdelek\/spenjace-zerjavnih-zobnikov\/\" \/>\n<meta property=\"og:locale\" content=\"sl_SI\" \/>\n<meta property=\"og:type\" content=\"article\" \/>\n<meta property=\"og:title\" content=\"Crane gear couplings -Power Transmission Couplings-&amp; High-Performance Crane Couplings\" \/>\n<meta property=\"og:description\" content=\"Shop high-quality crane gear couplings for overhead and gantry cranes. HLCRANE provides durable, precision-engineered couplings to ensure smooth crane operation and long-lasting performance.\" \/>\n<meta property=\"og:url\" content=\"https:\/\/www.hnhlcrane.com\/sl\/izdelek\/spenjace-zerjavnih-zobnikov\/\" \/>\n<meta property=\"og:site_name\" content=\"Crane Parts Supplier-HL Crame\" \/>\n<meta property=\"article:modified_time\" content=\"2025-09-20T14:12:18+00:00\" \/>\n<meta property=\"og:image\" content=\"https:\/\/www.hnhlcrane.com\/wp-content\/uploads\/2024\/11\/Crane-gear-couplings.jpg\" \/>\n\t<meta property=\"og:image:width\" content=\"600\" \/>\n\t<meta property=\"og:image:height\" content=\"600\" \/>\n\t<meta property=\"og:image:type\" content=\"image\/jpeg\" \/>\n<meta name=\"twitter:card\" content=\"summary_large_image\" \/>\n<meta name=\"twitter:label1\" content=\"Est. reading time\" \/>\n\t<meta name=\"twitter:data1\" content=\"3 minute\" \/>\n<script type=\"application\/ld+json\" class=\"yoast-schema-graph\">{\"@context\":\"https:\/\/schema.org\",\"@graph\":[{\"@type\":\"WebPage\",\"@id\":\"https:\/\/www.hnhlcrane.com\/product\/crane-gear-couplings\/\",\"url\":\"https:\/\/www.hnhlcrane.com\/product\/crane-gear-couplings\/\",\"name\":\"Crane gear couplings -Power Transmission Couplings-& High-Performance Crane Couplings\",\"isPartOf\":{\"@id\":\"https:\/\/www.hnhlcrane.com\/#website\"},\"primaryImageOfPage\":{\"@id\":\"https:\/\/www.hnhlcrane.com\/product\/crane-gear-couplings\/#primaryimage\"},\"image\":{\"@id\":\"https:\/\/www.hnhlcrane.com\/product\/crane-gear-couplings\/#primaryimage\"},\"thumbnailUrl\":\"https:\/\/www.hnhlcrane.com\/wp-content\/uploads\/2024\/11\/Crane-gear-couplings.jpg\",\"datePublished\":\"2024-11-08T07:16:00+00:00\",\"dateModified\":\"2025-09-20T14:12:18+00:00\",\"description\":\"Shop high-quality crane gear couplings for overhead and gantry cranes. HLCRANE provides durable, precision-engineered couplings to ensure smooth crane operation and long-lasting performance.\",\"breadcrumb\":{\"@id\":\"https:\/\/www.hnhlcrane.com\/product\/crane-gear-couplings\/#breadcrumb\"},\"inLanguage\":\"sl-SI\",\"potentialAction\":[{\"@type\":\"ReadAction\",\"target\":[\"https:\/\/www.hnhlcrane.com\/product\/crane-gear-couplings\/\"]}]},{\"@type\":\"ImageObject\",\"inLanguage\":\"sl-SI\",\"@id\":\"https:\/\/www.hnhlcrane.com\/product\/crane-gear-couplings\/#primaryimage\",\"url\":\"https:\/\/www.hnhlcrane.com\/wp-content\/uploads\/2024\/11\/Crane-gear-couplings.jpg\",\"contentUrl\":\"https:\/\/www.hnhlcrane.com\/wp-content\/uploads\/2024\/11\/Crane-gear-couplings.jpg\",\"width\":600,\"height\":600},{\"@type\":\"BreadcrumbList\",\"@id\":\"https:\/\/www.hnhlcrane.com\/product\/crane-gear-couplings\/#breadcrumb\",\"itemListElement\":[{\"@type\":\"ListItem\",\"position\":1,\"name\":\"home\",\"item\":\"https:\/\/www.hnhlcrane.com\/\"},{\"@type\":\"ListItem\",\"position\":2,\"name\":\"products\",\"item\":\"https:\/\/www.hnhlcrane.com\/products\/\"},{\"@type\":\"ListItem\",\"position\":3,\"name\":\"Crane gear couplings\"}]},{\"@type\":\"WebSite\",\"@id\":\"https:\/\/www.hnhlcrane.com\/#website\",\"url\":\"https:\/\/www.hnhlcrane.com\/\",\"name\":\"Crane Parts Supplier-HL Crame\",\"description\":\"One-stop solution for all your  crane parts needs,Crane Hook,Crane Drum,Crane Wheel,Crane Coupling,Crane Gearbox,Crane Motor,Crane Brake,Special Crane Spreader,Crane grab,Container spreader,Billet crane clamps,Crane C-type spreader,Lifting Electromagnet,Crane Rail Clips,Electric Hoist,FEM Standard Crane End Carriages,Light Crane Parts,Workstation Crane Parts,Crane Electrical Parts,I-beam cable trolley,Crane remote controller,Crane electrical control cabinet,Crane limit switch,Crane sound and light alarm,Heavy Duty Aviation Connector,Crane overload limiter,China Crane Parts Supplier,Crane hooks,Gantry crane hook,Crane accessories,Forged hook,hook processing,Hook manufacturer,China standard crane hook,electric hoist hook,Crane pulley,Hook pulley,Rolled pulley,Crane Pulley Supplier\uff0cEuropean hook pulley,Gantry crane hook pulley,WZL type crane drum,European style reel set,Crane reel,crane parts,Drum processing,crane drum manufacturer,Cast steel drum,Electric hoist drum,Crane drum assembly,DRS Wheel Blocks,European crane wheel,Forged wheels,Active wheel set,Driving wheel set,Driven wheel group,crane wheels manufacturer,Demag crane wheels,Konecranes Crane Wheels,Overhead crane Wheel,Shaft couplings,Power Transmission Couplings,Disc Couplings,Fluid couplings,Coupling manufacturer\uff0cCardan coupling,Crane Reducer,Crane Decelerators,Reducer gearbox,Reducer for crane,Gear Reducer For Crane,Hard tooth surface reducerCrane and hoist reducer,Flender reducer,Reducer manufacturer,ZQ reducer,QJ reducer,QJY reducer,Gear Motors,Konecranes reducer,F series three-in-one reducer,K series three-in-one reducer,travelling machinery,Travelling Motor With Gear,Gear Motor for Crane Traveling,Travelling machinery Frequency inverter motors,FEM standard Gear Motors,Crane motors,Inverter motors,Hoist motors,motorCrane duty motors,Special motor for crane,YZR YZP YZ series motors,Crane and hoist motor,Frequency conversion motor,Electro hydraulic drum brakes,Electro-hydraulic disc brakes,Brake,Overhead Crane Brakes,Disc brakes,Electromagnetic disk brake,Crane hydraulic disc brake,Brakes manufacturer,crane Safety brakes,Singlr rope grab,Four rope grab,Electro-hydraulic multi-flap grab,Orange peel grab,Electric motor grab,Electro-Hydraulicclamshell grab,grab manufacturers,Container spreader manufacturers,20ft Container Spreader,Semi Automatic container spreader,40ft Container Lifting Frame,TEC container Spreader,Billet lifting clamp,Billet Clamps,Billet crane clamps manufacturer,billet lifting clamps china supplier,Coil C-Type Hook,coil hook,Overhead Crane Steel Coil C-Type Hook,Crane C-hook,C-type spreader,C-type hook,Crane magnets,Rail fixing device,Crane Rail fixing device,crane Rail Clamp,CD\/MD Wire Rope Electric Hoist,Wire Rope Electric Hoist China Manufacturer,Single Girder Wire Rope Electric Hoist,Double Girder Wire Rope Electric Hoist,Chain Hoist,Electric chain hoist manufacturer,Electric chain hoist China distributor,European wire rope electric hoist\uff0cEuropean double beam wire rope electric hoist,European Style Single Beam Crane End Carriage,FEN\/DIN European Style Single Beam Crane End Carriage,Crane end beam manufacturers,European style hoist double beam crane end beam,Suspension crane end beam,European style suspended single beam crane end beam,FEN\/DIN Suspension crane end beam,crane cable trolley,Wireless remote control,remote controller,Crane control handle,Crane Controls,electrical control cabinet,crane control cabinet,Limit switch,Sound and light alarm,Aviation plug,quick connector,Crane aviation plug,Overload limiter\",\"publisher\":{\"@id\":\"https:\/\/www.hnhlcrane.com\/#organization\"},\"potentialAction\":[{\"@type\":\"SearchAction\",\"target\":{\"@type\":\"EntryPoint\",\"urlTemplate\":\"https:\/\/www.hnhlcrane.com\/?s={search_term_string}\"},\"query-input\":{\"@type\":\"PropertyValueSpecification\",\"valueRequired\":true,\"valueName\":\"search_term_string\"}}],\"inLanguage\":\"sl-SI\"},{\"@type\":\"Organization\",\"@id\":\"https:\/\/www.hnhlcrane.com\/#organization\",\"name\":\"Crane Parts Supplier-HL Crame\",\"url\":\"https:\/\/www.hnhlcrane.com\/\",\"logo\":{\"@type\":\"ImageObject\",\"inLanguage\":\"sl-SI\",\"@id\":\"https:\/\/www.hnhlcrane.com\/#\/schema\/logo\/image\/\",\"url\":\"https:\/\/www.hnhlcrane.com\/wp-content\/uploads\/2024\/09\/logo6-1-e1733899395598.png\",\"contentUrl\":\"https:\/\/www.hnhlcrane.com\/wp-content\/uploads\/2024\/09\/logo6-1-e1733899395598.png\",\"width\":1000,\"height\":282,\"caption\":\"Crane Parts Supplier-HL Crame\"},\"image\":{\"@id\":\"https:\/\/www.hnhlcrane.com\/#\/schema\/logo\/image\/\"}}]}<\/script>\n<!-- \/ Yoast SEO plugin. -->","yoast_head_json":{"title":"\u017derjavne zobni\u0161ke spojke - spojke za prenos mo\u010di - in visoko zmogljive \u017eerjavne spojke","description":"Kupite visokokakovostne zobni\u0161ke spojke za mostne in portalne \u017eerjave. HLCRANE zagotavlja vzdr\u017eljive, natan\u010dno izdelane sklopke, ki zagotavljajo nemoteno delovanje \u017eerjava in dolgotrajno delovanje.","robots":{"index":"index","follow":"follow","max-snippet":"max-snippet:-1","max-image-preview":"max-image-preview:large","max-video-preview":"max-video-preview:-1"},"canonical":"https:\/\/www.hnhlcrane.com\/sl\/izdelek\/spenjace-zerjavnih-zobnikov\/","og_locale":"sl_SI","og_type":"article","og_title":"Crane gear couplings -Power Transmission Couplings-& High-Performance Crane Couplings","og_description":"Shop high-quality crane gear couplings for overhead and gantry cranes. HLCRANE provides durable, precision-engineered couplings to ensure smooth crane operation and long-lasting performance.","og_url":"https:\/\/www.hnhlcrane.com\/sl\/izdelek\/spenjace-zerjavnih-zobnikov\/","og_site_name":"Crane Parts Supplier-HL Crame","article_modified_time":"2025-09-20T14:12:18+00:00","og_image":[{"width":600,"height":600,"url":"https:\/\/www.hnhlcrane.com\/wp-content\/uploads\/2024\/11\/Crane-gear-couplings.jpg","type":"image\/jpeg"}],"twitter_card":"summary_large_image","twitter_misc":{"Est. reading time":"3 minute"},"schema":{"@context":"https:\/\/schema.org","@graph":[{"@type":"WebPage","@id":"https:\/\/www.hnhlcrane.com\/product\/crane-gear-couplings\/","url":"https:\/\/www.hnhlcrane.com\/product\/crane-gear-couplings\/","name":"\u017derjavne zobni\u0161ke spojke - spojke za prenos mo\u010di - in visoko zmogljive \u017eerjavne spojke","isPartOf":{"@id":"https:\/\/www.hnhlcrane.com\/#website"},"primaryImageOfPage":{"@id":"https:\/\/www.hnhlcrane.com\/product\/crane-gear-couplings\/#primaryimage"},"image":{"@id":"https:\/\/www.hnhlcrane.com\/product\/crane-gear-couplings\/#primaryimage"},"thumbnailUrl":"https:\/\/www.hnhlcrane.com\/wp-content\/uploads\/2024\/11\/Crane-gear-couplings.jpg","datePublished":"2024-11-08T07:16:00+00:00","dateModified":"2025-09-20T14:12:18+00:00","description":"Kupite visokokakovostne zobni\u0161ke spojke za mostne in portalne \u017eerjave. HLCRANE zagotavlja vzdr\u017eljive, natan\u010dno izdelane sklopke, ki zagotavljajo nemoteno delovanje \u017eerjava in dolgotrajno delovanje.","breadcrumb":{"@id":"https:\/\/www.hnhlcrane.com\/product\/crane-gear-couplings\/#breadcrumb"},"inLanguage":"sl-SI","potentialAction":[{"@type":"ReadAction","target":["https:\/\/www.hnhlcrane.com\/product\/crane-gear-couplings\/"]}]},{"@type":"ImageObject","inLanguage":"sl-SI","@id":"https:\/\/www.hnhlcrane.com\/product\/crane-gear-couplings\/#primaryimage","url":"https:\/\/www.hnhlcrane.com\/wp-content\/uploads\/2024\/11\/Crane-gear-couplings.jpg","contentUrl":"https:\/\/www.hnhlcrane.com\/wp-content\/uploads\/2024\/11\/Crane-gear-couplings.jpg","width":600,"height":600},{"@type":"BreadcrumbList","@id":"https:\/\/www.hnhlcrane.com\/product\/crane-gear-couplings\/#breadcrumb","itemListElement":[{"@type":"ListItem","position":1,"name":"home","item":"https:\/\/www.hnhlcrane.com\/"},{"@type":"ListItem","position":2,"name":"products","item":"https:\/\/www.hnhlcrane.com\/products\/"},{"@type":"ListItem","position":3,"name":"Crane gear couplings"}]},{"@type":"WebSite","@id":"https:\/\/www.hnhlcrane.com\/#website","url":"https:\/\/www.hnhlcrane.com\/","name":"Dobavitelj delov \u017eerjava-HL Crame","description":"Re\u0161itev na enem mestu za vse va\u0161e potrebe po delih \u017eerjava, kavelj \u017eerjava, boben \u017eerjava, kolo \u017eerjava, sklopka \u017eerjava, menjalnik \u017eerjava, motor \u017eerjava, zavora \u017eerjava, poseben razpr\u0161ilec \u017eerjava, zajem \u017eerjava, razpr\u0161ilec zabojnikov, sponke \u017eerjava iz predal\u010dka, razpr\u0161ilec \u017eerjava tipa C,dvi\u017eni elektromagnet, \u017eerjavne tirne sponke, elektri\u010dno dvigalo, standardni kon\u010dni vozi\u010dki \u017eerjava FEM, lahki deli \u017eerjava, deli \u017eerjava za delovno postajo, elektri\u010dni deli \u017eerjava, kabelski vozi\u010dek I-nosilca, daljinski upravljalnik \u017eerjava, elektri\u010dna krmilna omarica \u017eerjava,Kon\u010dno stikalo \u017eerjava, zvo\u010dni in svetlobni alarm \u017eerjava, Heavy Duty Aviation Connector, omejevalnik preobremenitve \u017eerjava, kitajski dobavitelj delov \u017eerjava, kavlji \u017eerjava, kavelj portalnega \u017eerjava, pribor \u017eerjava, kovani kavelj, predelava kavlja, proizvajalec kavlja, kitajski standardni kavelj \u017eerjava, elektri\u010dni kavelj, \u0161krip\u010devje \u017eerjava, \u0161krip\u010devje kavlja, valjani \u0161kripec, dobavitelj \u0161kripca \u017eerjava\uff0cEvropski \u0161kripec kavlja, \u0161kripec kavlja portalnega \u017eerjava, boben \u017eerjava tipa WZL, komplet bobna evropskega stila, boben \u017eerjava,deli za \u017eerjave,Obdelava bobna,Proizvajalec bobna za \u017eerjave,Boben iz litega jekla,Boben za elektri\u010dna dvigala,Sestava bobna za \u017eerjave,Bloki koles DRS,Evropsko kolo za \u017eerjave,Kovana kolesa,Komplet aktivnih koles,Komplet pogonskih koles,Skupina pogonskih koles,Proizvajalec koles za \u017eerjave,Kolesa za \u017eerjave Demag,Konecranes Kolesa za \u017eerjave,Kolo za mostne \u017eerjave,Spojke za gredi,Spojke za prenos mo\u010di,Diske,Teko\u010de spojke,Proizvajalec spojk\uff0cKardanska spojka,Redukcija za \u017eerjave,Reduktorji za \u017eerjave, reduktorji za \u017eerjave, reduktorji za \u017eerjave, reduktorji za \u017eerjave, reduktorji s trdo zobato povr\u0161ino, reduktorji za \u017eerjave in dvigala, reduktorji Flender, proizvajalec reduktorjev, reduktorji ZQ, reduktorji QJ, reduktorji QJY, zobni\u0161ki motorji, reduktorji Konecranes,reduktor serije F tri v enem,reduktor serije K tri v enem,potovalni stroji,potovalni motor z zobnikom,zobni\u0161ki motor za potovalni \u017eerjav,potovalni stroji Motorji s frekven\u010dnim pretvornikom,standardni zobni\u0161ki motorji FEM,motorji za \u017eerjave,Motorji z inverterjem, motorji za dvigala, motorji za \u017eerjave, posebni motorji za \u017eerjave, motorji serije YZR YZP YZ, motorji za \u017eerjave in dvigala, motorji s frekven\u010dno pretvorbo, elektrohidravli\u010dne bobenske zavore, elektrohidravli\u010dne kolutne zavore, zavore, zavore za mostne \u017eerjave, kolutne zavore, elektromagnetne kolutne zavore, hidravli\u010dne kolutne zavore za \u017eerjave, proizvajalec zavor, varnostne zavore za \u017eerjave, enojni ro\u010di\u010dni grabelj, \u010detverni ro\u010di\u010dni grabelj, elektrohidravli\u010dni ve\u010dlamelni robec, robec z oran\u017eno lupino, elektromotorni robec,Electro-Hydraulicclamshell grab, proizvajalci grab, proizvajalci kontejnerjev razsipnik, 20ft kontejnerjev razsipnik, pol avtomatski kontejnerjev razsipnik, 40ft kontejnerjev dvi\u017eni okvir, TEC kontejnerjev razsipnik, Billet dvi\u017ene objemke, Billet objemke, Billet \u017eerjava objemke proizvajalec, Billet dvi\u017ene objemke kitajski dobavitelj, tuljava C-Type Hook, tuljava kavelj, Overhead Crane Steel Coil C-Type Hook, C-hook \u017eerjava, C-tip razsipnik, C-tip kavelj, \u017eerjav magneti, Rail pritrditev naprave,\u017derjav Naprava za pritrjevanje tirnic, \u017eerjavova tirna objemka, CD\/MD \u017ei\u010dna vrvna elektri\u010dna dvigala, \u017ei\u010dna vrvna elektri\u010dna dvigala kitajski proizvajalec, \u017ei\u010dna vrvna elektri\u010dna dvigala z enojnim nosilcem, \u017ei\u010dna vrvna elektri\u010dna dvigala z dvojnim nosilcem, veri\u017ena dvigala, elektri\u010dni veri\u017eni dvigala proizvajalec, elektri\u010dni veri\u017eni dvigala kitajski distributer, evropska \u017ei\u010dna vrvna elektri\u010dna dvigala, evropska dvojna \u017ei\u010dna vrvna elektri\u010dna dvigala, kon\u010dni vozi\u010dek \u017eerjava z enim nosilcem, FEN\/DIN evropski kon\u010dni vozi\u010dek \u017eerjava z enim nosilcem,Proizvajalci kon\u010dnih nosilcev \u017eerjavov, Kon\u010dni nosilec \u017eerjava z dvojnim nosilcem evropskega sloga, Kon\u010dni nosilec \u017eerjava, Kon\u010dni nosilec \u017eerjava z enojnim nosilcem evropskega sloga, Kon\u010dni nosilec \u017eerjava z enojnim nosilcem FEN\/DIN, Vozi\u010dek \u017eerjava, Brez\u017ei\u010dni daljinski upravljalnik, daljinski upravljalnik, Ro\u010dica za upravljanje \u017eerjava, Krmilniki \u017eerjava, elektri\u010dna krmilna omara, Krmilna omara \u017eerjava, Kon\u010dno stikalo, Zvo\u010dni in svetlobni alarm, Letalski vti\u010d, hitri priklju\u010dek, Letalski vti\u010d \u017eerjava, Omejilnik preobremenitve","publisher":{"@id":"https:\/\/www.hnhlcrane.com\/#organization"},"potentialAction":[{"@type":"SearchAction","target":{"@type":"EntryPoint","urlTemplate":"https:\/\/www.hnhlcrane.com\/?s={search_term_string}"},"query-input":{"@type":"PropertyValueSpecification","valueRequired":true,"valueName":"search_term_string"}}],"inLanguage":"sl-SI"},{"@type":"Organization","@id":"https:\/\/www.hnhlcrane.com\/#organization","name":"Dobavitelj delov \u017eerjava-HL Crame","url":"https:\/\/www.hnhlcrane.com\/","logo":{"@type":"ImageObject","inLanguage":"sl-SI","@id":"https:\/\/www.hnhlcrane.com\/#\/schema\/logo\/image\/","url":"https:\/\/www.hnhlcrane.com\/wp-content\/uploads\/2024\/09\/logo6-1-e1733899395598.png","contentUrl":"https:\/\/www.hnhlcrane.com\/wp-content\/uploads\/2024\/09\/logo6-1-e1733899395598.png","width":1000,"height":282,"caption":"Crane Parts Supplier-HL Crame"},"image":{"@id":"https:\/\/www.hnhlcrane.com\/#\/schema\/logo\/image\/"}}]}},"_links":{"self":[{"href":"https:\/\/www.hnhlcrane.com\/sl\/wp-json\/wp\/v2\/product\/4896","targetHints":{"allow":["GET"]}}],"collection":[{"href":"https:\/\/www.hnhlcrane.com\/sl\/wp-json\/wp\/v2\/product"}],"about":[{"href":"https:\/\/www.hnhlcrane.com\/sl\/wp-json\/wp\/v2\/types\/product"}],"version-history":[{"count":1,"href":"https:\/\/www.hnhlcrane.com\/sl\/wp-json\/wp\/v2\/product\/4896\/revisions"}],"predecessor-version":[{"id":6911,"href":"https:\/\/www.hnhlcrane.com\/sl\/wp-json\/wp\/v2\/product\/4896\/revisions\/6911"}],"wp:featuredmedia":[{"embeddable":true,"href":"https:\/\/www.hnhlcrane.com\/sl\/wp-json\/wp\/v2\/media\/4897"}],"wp:attachment":[{"href":"https:\/\/www.hnhlcrane.com\/sl\/wp-json\/wp\/v2\/media?parent=4896"}],"wp:term":[{"taxonomy":"product_brand","embeddable":true,"href":"https:\/\/www.hnhlcrane.com\/sl\/wp-json\/wp\/v2\/product_brand?post=4896"},{"taxonomy":"product_cat","embeddable":true,"href":"https:\/\/www.hnhlcrane.com\/sl\/wp-json\/wp\/v2\/product_cat?post=4896"},{"taxonomy":"product_tag","embeddable":true,"href":"https:\/\/www.hnhlcrane.com\/sl\/wp-json\/wp\/v2\/product_tag?post=4896"}],"curies":[{"name":"wp","href":"https:\/\/api.w.org\/{rel}","templated":true}]}}