{"id":5539,"date":"2024-11-29T22:23:32","date_gmt":"2024-11-29T14:23:32","guid":{"rendered":"https:\/\/www.hnhlcrane.com\/?post_type=product&#038;p=5539"},"modified":"2024-11-29T22:28:19","modified_gmt":"2024-11-29T14:28:19","slug":"05g525-kolajnicove-svorky","status":"publish","type":"product","link":"https:\/\/www.hnhlcrane.com\/sk\/produkt\/05g525-kolajnicove-svorky\/","title":{"rendered":"05G525 Ko\u013eajnicov\u00e9 spony"},"content":{"rendered":"<h6><span style=\"font-family: arial, helvetica, sans-serif; font-size: 18pt;\"><strong>Vlastnosti ko\u013eajnicov\u00fdch svoriek 05G525<\/strong><\/span><\/h6>\n<ol>\n<li><strong>Konzistentn\u00e1 vzdialenos\u0165 od stredu diery<\/strong>\n<ul>\n<li>V\u0161etky up\u00ednacie dosky maj\u00fa \u0161tandardn\u00fa osov\u00fa vzdialenos\u0165 dvoch otvorov 80 mm.<\/li>\n<\/ul>\n<\/li>\n<li><strong>Uveden\u00e9 <span class=\"katex\"><span class=\"katex-mathml\">A<\/span><\/span>\u00a0Hodnoty<\/strong>\n<ul>\n<li>Str\u00e1nka <span class=\"katex\"><span class=\"katex-mathml\">A<\/span><\/span>\u00a0hodnota sa l\u00ed\u0161i v z\u00e1vislosti od typu ko\u013eajnice:\n<ul>\n<li><strong>38 kg\/m ko\u013eajnice:<\/strong> <span class=\"katex\"><span class=\"katex-mathml\">A=90 mm<\/span><\/span><\/li>\n<li><strong>43 kg\/m ko\u013eajnice:<\/strong> <span class=\"katex\"><span class=\"katex-mathml\">A=90 mm<\/span><\/span><\/li>\n<li><strong>Ko\u013eajnice QU80:<\/strong> <span class=\"katex\"><span class=\"katex-mathml\">A=100 mm<\/span><\/span><\/li>\n<li><strong>Ko\u013eajnice QU100:<\/strong> <span class=\"katex\"><span class=\"katex-mathml\">A=105 mm<\/span><\/span><\/li>\n<li><strong>Ko\u013eajnice QU120:<\/strong> <span class=\"katex\"><span class=\"katex-mathml\">A=115 mm<\/span><\/span><\/li>\n<\/ul>\n<\/li>\n<\/ul>\n<\/li>\n<li><strong>Bezpe\u010dn\u00e9 upevnenie ko\u013eajn\u00edc<\/strong>\n<ul>\n<li>Pri upev\u0148ovan\u00ed ko\u013eajn\u00edc pomocou up\u00ednac\u00edch dosiek musia by\u0165 dosky v tesnom kontakte s ko\u013eajnicou.<\/li>\n<li>Spojenie medzi up\u00ednacou doskou a z\u00e1kladnou doskou zv\u00e1rajte a\u017e po spr\u00e1vnom nastaven\u00ed ko\u013eajnice.<\/li>\n<li>Pred zv\u00e1ran\u00edm utiahnite skrutky, aby ste ko\u013eajnicu pevne pritla\u010dili. Po zv\u00e1ran\u00ed skontrolujte ka\u017ed\u00fa svorku, \u010di nie je uvo\u013enen\u00e1.<\/li>\n<\/ul>\n<\/li>\n<\/ol>\n<p><img fetchpriority=\"high\" decoding=\"async\" class=\"wp-image-5541 alignleft\" src=\"https:\/\/www.hnhlcrane.com\/wp-content\/uploads\/2024\/11\/05G525-Rail-Clips-2-300x230.jpg\" alt=\"\" width=\"422\" height=\"323\" srcset=\"https:\/\/www.hnhlcrane.com\/wp-content\/uploads\/2024\/11\/05G525-Rail-Clips-2-300x230.jpg 300w, https:\/\/www.hnhlcrane.com\/wp-content\/uploads\/2024\/11\/05G525-Rail-Clips-2-768x588.jpg 768w, https:\/\/www.hnhlcrane.com\/wp-content\/uploads\/2024\/11\/05G525-Rail-Clips-2-600x459.jpg 600w, https:\/\/www.hnhlcrane.com\/wp-content\/uploads\/2024\/11\/05G525-Rail-Clips-2.jpg 800w\" sizes=\"(max-width: 422px) 100vw, 422px\" \/><\/p>","protected":false},"excerpt":{"rendered":"<h6><span style=\"font-family: arial, helvetica, sans-serif; font-size: 18pt;\"><strong>\u0160pecifik\u00e1cie ko\u013eajnicov\u00fdch svoriek 05G525<\/strong><\/span><\/h6>\n<ul>\n<li><strong>Model:<\/strong> 05G525<\/li>\n<li><strong>Sp\u00f4sob upevnenia:<\/strong> Upevnenie skrutky<\/li>\n<\/ul>","protected":false},"featured_media":5540,"template":"","meta":{"_kad_post_transparent":"default","_kad_post_title":"","_kad_post_layout":"default","_kad_post_sidebar_id":"","_kad_post_content_style":"default","_kad_post_vertical_padding":"show","_kad_post_feature":"","_kad_post_feature_position":"","_kad_post_header":false,"_kad_post_footer":false},"product_brand":[],"product_cat":[83],"product_tag":[224,223,222,221,218,214,217,225,228,216,226,219,227,215,220],"class_list":{"0":"post-5539","1":"product","2":"type-product","3":"status-publish","4":"has-post-thumbnail","6":"product_cat-crane-rail-clips","7":"product_tag-05g525-rail-clips","8":"product_tag-cgbk-rail-clips","9":"product_tag-cgek-rail-clips","10":"product_tag-cgwk-rail-clips","11":"product_tag-crane-rail-clamp","12":"product_tag-crane-rail-clips","13":"product_tag-crane-rail-fixing-device","14":"product_tag-hdgy-rail-clips","15":"product_tag-rail-connection-splint","16":"product_tag-rail-fixing-device","17":"product_tag-rail-joints","18":"product_tag-swjk-rail-clips","19":"product_tag-tracks-jointing-plates","20":"product_tag-wjk-rail-clips","21":"product_tag-wjkc-rail-clips","23":"first","24":"instock","25":"shipping-taxable","26":"product-type-simple","27":"entry","28":"content-bg","29":"loop-entry"},"yoast_head":"<!-- This site is optimized with the Yoast SEO plugin v25.6 - https:\/\/yoast.com\/wordpress\/plugins\/seo\/ -->\n<title>05G525 Rail Clips -Crane Rail Clips-Rail Clips-Crane Rail Clamp<\/title>\n<meta name=\"description\" content=\"Rail Clips,05G525 Rail Clips,Crane Rail Clips,Rail fixing device,Crane Rail fixing device,crane Rail Clamp,WJK Rail Clips,Overhead Crane Rail Clips\" \/>\n<meta name=\"robots\" content=\"index, follow, max-snippet:-1, max-image-preview:large, max-video-preview:-1\" \/>\n<link rel=\"canonical\" href=\"https:\/\/www.hnhlcrane.com\/sk\/produkt\/05g525-kolajnicove-svorky\/\" \/>\n<meta property=\"og:locale\" content=\"sk_SK\" \/>\n<meta property=\"og:type\" content=\"article\" \/>\n<meta property=\"og:title\" content=\"05G525 Rail Clips -Crane Rail Clips-Rail Clips-Crane Rail Clamp\" \/>\n<meta property=\"og:description\" content=\"Rail Clips,05G525 Rail Clips,Crane Rail Clips,Rail fixing device,Crane Rail fixing device,crane Rail Clamp,WJK Rail Clips,Overhead Crane Rail Clips\" \/>\n<meta property=\"og:url\" content=\"https:\/\/www.hnhlcrane.com\/sk\/produkt\/05g525-kolajnicove-svorky\/\" \/>\n<meta property=\"og:site_name\" content=\"Crane Parts Supplier-HL Crame\" \/>\n<meta property=\"article:modified_time\" content=\"2024-11-29T14:28:19+00:00\" \/>\n<meta property=\"og:image\" content=\"https:\/\/www.hnhlcrane.com\/wp-content\/uploads\/2024\/11\/05G525-Rail-Clips-1.jpg\" \/>\n\t<meta property=\"og:image:width\" content=\"600\" \/>\n\t<meta property=\"og:image:height\" content=\"600\" \/>\n\t<meta property=\"og:image:type\" content=\"image\/jpeg\" \/>\n<meta name=\"twitter:card\" content=\"summary_large_image\" \/>\n<meta name=\"twitter:label1\" content=\"Predpokladan\u00fd \u010das \u010d\u00edtania\" \/>\n\t<meta name=\"twitter:data1\" content=\"1 min\u00fata\" \/>\n<script type=\"application\/ld+json\" class=\"yoast-schema-graph\">{\"@context\":\"https:\/\/schema.org\",\"@graph\":[{\"@type\":\"WebPage\",\"@id\":\"https:\/\/www.hnhlcrane.com\/product\/05g525-rail-clips\/\",\"url\":\"https:\/\/www.hnhlcrane.com\/product\/05g525-rail-clips\/\",\"name\":\"05G525 Rail Clips -Crane Rail Clips-Rail Clips-Crane Rail Clamp\",\"isPartOf\":{\"@id\":\"https:\/\/www.hnhlcrane.com\/#website\"},\"primaryImageOfPage\":{\"@id\":\"https:\/\/www.hnhlcrane.com\/product\/05g525-rail-clips\/#primaryimage\"},\"image\":{\"@id\":\"https:\/\/www.hnhlcrane.com\/product\/05g525-rail-clips\/#primaryimage\"},\"thumbnailUrl\":\"https:\/\/www.hnhlcrane.com\/wp-content\/uploads\/2024\/11\/05G525-Rail-Clips-1.jpg\",\"datePublished\":\"2024-11-29T14:23:32+00:00\",\"dateModified\":\"2024-11-29T14:28:19+00:00\",\"description\":\"Rail Clips,05G525 Rail Clips,Crane Rail Clips,Rail fixing device,Crane Rail fixing device,crane Rail Clamp,WJK Rail Clips,Overhead Crane Rail Clips\",\"breadcrumb\":{\"@id\":\"https:\/\/www.hnhlcrane.com\/product\/05g525-rail-clips\/#breadcrumb\"},\"inLanguage\":\"sk-SK\",\"potentialAction\":[{\"@type\":\"ReadAction\",\"target\":[\"https:\/\/www.hnhlcrane.com\/product\/05g525-rail-clips\/\"]}]},{\"@type\":\"ImageObject\",\"inLanguage\":\"sk-SK\",\"@id\":\"https:\/\/www.hnhlcrane.com\/product\/05g525-rail-clips\/#primaryimage\",\"url\":\"https:\/\/www.hnhlcrane.com\/wp-content\/uploads\/2024\/11\/05G525-Rail-Clips-1.jpg\",\"contentUrl\":\"https:\/\/www.hnhlcrane.com\/wp-content\/uploads\/2024\/11\/05G525-Rail-Clips-1.jpg\",\"width\":600,\"height\":600},{\"@type\":\"BreadcrumbList\",\"@id\":\"https:\/\/www.hnhlcrane.com\/product\/05g525-rail-clips\/#breadcrumb\",\"itemListElement\":[{\"@type\":\"ListItem\",\"position\":1,\"name\":\"home\",\"item\":\"https:\/\/www.hnhlcrane.com\/\"},{\"@type\":\"ListItem\",\"position\":2,\"name\":\"products\",\"item\":\"https:\/\/www.hnhlcrane.com\/products\/\"},{\"@type\":\"ListItem\",\"position\":3,\"name\":\"05G525 Rail Clips\"}]},{\"@type\":\"WebSite\",\"@id\":\"https:\/\/www.hnhlcrane.com\/#website\",\"url\":\"https:\/\/www.hnhlcrane.com\/\",\"name\":\"Crane Parts Supplier-HL Crame\",\"description\":\"One-stop solution for all your  crane parts needs,Crane Hook,Crane Drum,Crane Wheel,Crane Coupling,Crane Gearbox,Crane Motor,Crane Brake,Special Crane Spreader,Crane grab,Container spreader,Billet crane clamps,Crane C-type spreader,Lifting Electromagnet,Crane Rail Clips,Electric Hoist,FEM Standard Crane End Carriages,Light Crane Parts,Workstation Crane Parts,Crane Electrical Parts,I-beam cable trolley,Crane remote controller,Crane electrical control cabinet,Crane limit switch,Crane sound and light alarm,Heavy Duty Aviation Connector,Crane overload limiter,China Crane Parts Supplier,Crane hooks,Gantry crane hook,Crane accessories,Forged hook,hook processing,Hook manufacturer,China standard crane hook,electric hoist hook,Crane pulley,Hook pulley,Rolled pulley,Crane Pulley Supplier\uff0cEuropean hook pulley,Gantry crane hook pulley,WZL type crane drum,European style reel set,Crane reel,crane parts,Drum processing,crane drum manufacturer,Cast steel drum,Electric hoist drum,Crane drum assembly,DRS Wheel Blocks,European crane wheel,Forged wheels,Active wheel set,Driving wheel set,Driven wheel group,crane wheels manufacturer,Demag crane wheels,Konecranes Crane Wheels,Overhead crane Wheel,Shaft couplings,Power Transmission Couplings,Disc Couplings,Fluid couplings,Coupling manufacturer\uff0cCardan coupling,Crane Reducer,Crane Decelerators,Reducer gearbox,Reducer for crane,Gear Reducer For Crane,Hard tooth surface reducerCrane and hoist reducer,Flender reducer,Reducer manufacturer,ZQ reducer,QJ reducer,QJY reducer,Gear Motors,Konecranes reducer,F series three-in-one reducer,K series three-in-one reducer,travelling machinery,Travelling Motor With Gear,Gear Motor for Crane Traveling,Travelling machinery Frequency inverter motors,FEM standard Gear Motors,Crane motors,Inverter motors,Hoist motors,motorCrane duty motors,Special motor for crane,YZR YZP YZ series motors,Crane and hoist motor,Frequency conversion motor,Electro hydraulic drum brakes,Electro-hydraulic disc brakes,Brake,Overhead Crane Brakes,Disc brakes,Electromagnetic disk brake,Crane hydraulic disc brake,Brakes manufacturer,crane Safety brakes,Singlr rope grab,Four rope grab,Electro-hydraulic multi-flap grab,Orange peel grab,Electric motor grab,Electro-Hydraulicclamshell grab,grab manufacturers,Container spreader manufacturers,20ft Container Spreader,Semi Automatic container spreader,40ft Container Lifting Frame,TEC container Spreader,Billet lifting clamp,Billet Clamps,Billet crane clamps manufacturer,billet lifting clamps china supplier,Coil C-Type Hook,coil hook,Overhead Crane Steel Coil C-Type Hook,Crane C-hook,C-type spreader,C-type hook,Crane magnets,Rail fixing device,Crane Rail fixing device,crane Rail Clamp,CD\/MD Wire Rope Electric Hoist,Wire Rope Electric Hoist China Manufacturer,Single Girder Wire Rope Electric Hoist,Double Girder Wire Rope Electric Hoist,Chain Hoist,Electric chain hoist manufacturer,Electric chain hoist China distributor,European wire rope electric hoist\uff0cEuropean double beam wire rope electric hoist,European Style Single Beam Crane End Carriage,FEN\/DIN European Style Single Beam Crane End Carriage,Crane end beam manufacturers,European style hoist double beam crane end beam,Suspension crane end beam,European style suspended single beam crane end beam,FEN\/DIN Suspension crane end beam,crane cable trolley,Wireless remote control,remote controller,Crane control handle,Crane Controls,electrical control cabinet,crane control cabinet,Limit switch,Sound and light alarm,Aviation plug,quick connector,Crane aviation plug,Overload limiter\",\"publisher\":{\"@id\":\"https:\/\/www.hnhlcrane.com\/#organization\"},\"potentialAction\":[{\"@type\":\"SearchAction\",\"target\":{\"@type\":\"EntryPoint\",\"urlTemplate\":\"https:\/\/www.hnhlcrane.com\/?s={search_term_string}\"},\"query-input\":{\"@type\":\"PropertyValueSpecification\",\"valueRequired\":true,\"valueName\":\"search_term_string\"}}],\"inLanguage\":\"sk-SK\"},{\"@type\":\"Organization\",\"@id\":\"https:\/\/www.hnhlcrane.com\/#organization\",\"name\":\"Crane Parts Supplier-HL Crame\",\"url\":\"https:\/\/www.hnhlcrane.com\/\",\"logo\":{\"@type\":\"ImageObject\",\"inLanguage\":\"sk-SK\",\"@id\":\"https:\/\/www.hnhlcrane.com\/#\/schema\/logo\/image\/\",\"url\":\"https:\/\/www.hnhlcrane.com\/wp-content\/uploads\/2024\/09\/logo6-1-e1733899395598.png\",\"contentUrl\":\"https:\/\/www.hnhlcrane.com\/wp-content\/uploads\/2024\/09\/logo6-1-e1733899395598.png\",\"width\":1000,\"height\":282,\"caption\":\"Crane Parts Supplier-HL Crame\"},\"image\":{\"@id\":\"https:\/\/www.hnhlcrane.com\/#\/schema\/logo\/image\/\"}}]}<\/script>\n<!-- \/ Yoast SEO plugin. -->","yoast_head_json":{"title":"05G525 Ko\u013eajnicov\u00e9 svorky - \u017deriavov\u00e9 ko\u013eajnicov\u00e9 svorky - Ko\u013eajnicov\u00e9 svorky - \u017deriavov\u00e1 ko\u013eajnicov\u00e1 svorka","description":"Ko\u013eajnicov\u00e9 svorky,05G525 ko\u013eajnicov\u00e9 svorky,\u017deriavov\u00e9 ko\u013eajnicov\u00e9 svorky,Zariadenie na upevnenie ko\u013eajn\u00edc,Zariadenie na upevnenie ko\u013eajn\u00edc \u017eeriavov,\u017deriavov\u00e1 ko\u013eajnicov\u00e1 svorka,Ko\u013eajnicov\u00e9 svorky WJK,Ko\u013eajnicov\u00e9 svorky pre stropn\u00e9 \u017eeriavy","robots":{"index":"index","follow":"follow","max-snippet":"max-snippet:-1","max-image-preview":"max-image-preview:large","max-video-preview":"max-video-preview:-1"},"canonical":"https:\/\/www.hnhlcrane.com\/sk\/produkt\/05g525-kolajnicove-svorky\/","og_locale":"sk_SK","og_type":"article","og_title":"05G525 Rail Clips -Crane Rail Clips-Rail Clips-Crane Rail Clamp","og_description":"Rail Clips,05G525 Rail Clips,Crane Rail Clips,Rail fixing device,Crane Rail fixing device,crane Rail Clamp,WJK Rail Clips,Overhead Crane Rail Clips","og_url":"https:\/\/www.hnhlcrane.com\/sk\/produkt\/05g525-kolajnicove-svorky\/","og_site_name":"Crane Parts Supplier-HL Crame","article_modified_time":"2024-11-29T14:28:19+00:00","og_image":[{"width":600,"height":600,"url":"https:\/\/www.hnhlcrane.com\/wp-content\/uploads\/2024\/11\/05G525-Rail-Clips-1.jpg","type":"image\/jpeg"}],"twitter_card":"summary_large_image","twitter_misc":{"Predpokladan\u00fd \u010das \u010d\u00edtania":"1 min\u00fata"},"schema":{"@context":"https:\/\/schema.org","@graph":[{"@type":"WebPage","@id":"https:\/\/www.hnhlcrane.com\/product\/05g525-rail-clips\/","url":"https:\/\/www.hnhlcrane.com\/product\/05g525-rail-clips\/","name":"05G525 Ko\u013eajnicov\u00e9 svorky - \u017deriavov\u00e9 ko\u013eajnicov\u00e9 svorky - Ko\u013eajnicov\u00e9 svorky - \u017deriavov\u00e1 ko\u013eajnicov\u00e1 svorka","isPartOf":{"@id":"https:\/\/www.hnhlcrane.com\/#website"},"primaryImageOfPage":{"@id":"https:\/\/www.hnhlcrane.com\/product\/05g525-rail-clips\/#primaryimage"},"image":{"@id":"https:\/\/www.hnhlcrane.com\/product\/05g525-rail-clips\/#primaryimage"},"thumbnailUrl":"https:\/\/www.hnhlcrane.com\/wp-content\/uploads\/2024\/11\/05G525-Rail-Clips-1.jpg","datePublished":"2024-11-29T14:23:32+00:00","dateModified":"2024-11-29T14:28:19+00:00","description":"Ko\u013eajnicov\u00e9 svorky,05G525 ko\u013eajnicov\u00e9 svorky,\u017deriavov\u00e9 ko\u013eajnicov\u00e9 svorky,Zariadenie na upevnenie ko\u013eajn\u00edc,Zariadenie na upevnenie ko\u013eajn\u00edc \u017eeriavov,\u017deriavov\u00e1 ko\u013eajnicov\u00e1 svorka,Ko\u013eajnicov\u00e9 svorky WJK,Ko\u013eajnicov\u00e9 svorky pre stropn\u00e9 \u017eeriavy","breadcrumb":{"@id":"https:\/\/www.hnhlcrane.com\/product\/05g525-rail-clips\/#breadcrumb"},"inLanguage":"sk-SK","potentialAction":[{"@type":"ReadAction","target":["https:\/\/www.hnhlcrane.com\/product\/05g525-rail-clips\/"]}]},{"@type":"ImageObject","inLanguage":"sk-SK","@id":"https:\/\/www.hnhlcrane.com\/product\/05g525-rail-clips\/#primaryimage","url":"https:\/\/www.hnhlcrane.com\/wp-content\/uploads\/2024\/11\/05G525-Rail-Clips-1.jpg","contentUrl":"https:\/\/www.hnhlcrane.com\/wp-content\/uploads\/2024\/11\/05G525-Rail-Clips-1.jpg","width":600,"height":600},{"@type":"BreadcrumbList","@id":"https:\/\/www.hnhlcrane.com\/product\/05g525-rail-clips\/#breadcrumb","itemListElement":[{"@type":"ListItem","position":1,"name":"home","item":"https:\/\/www.hnhlcrane.com\/"},{"@type":"ListItem","position":2,"name":"products","item":"https:\/\/www.hnhlcrane.com\/products\/"},{"@type":"ListItem","position":3,"name":"05G525 Rail Clips"}]},{"@type":"WebSite","@id":"https:\/\/www.hnhlcrane.com\/#website","url":"https:\/\/www.hnhlcrane.com\/","name":"Dod\u00e1vate\u013e dielov \u017eeriavov-HL Crame","description":"Jednorazov\u00e9 rie\u0161enie pre v\u0161etky va\u0161e potreby dielov \u017eeriavov, h\u00e1k \u017eeriavu, bubon \u017eeriavu, koleso \u017eeriavu, spojka \u017eeriavu, prevodovka \u017eeriavu, motor \u017eeriavu, brzda \u017eeriavu, \u0161peci\u00e1lny \u017eeriavov\u00fd rozmet\u00e1va\u010d, \u017eeriavov\u00fd drap\u00e1k, kontajnerov\u00fd rozmet\u00e1va\u010d, oce\u013eov\u00e9 \u017eeriavov\u00e9 svorky, \u017eeriavov\u00fd rozmet\u00e1va\u010d typu C,Zdv\u00edhac\u00ed elektromagnet, \u017eeriavov\u00e9 ko\u013eajnicov\u00e9 svorky, elektrick\u00fd kladkostroj, koncov\u00e9 voz\u00edky \u017eeriavov pod\u013ea normy FEM, \u013eahk\u00e9 \u017eeriavov\u00e9 diely, diely \u017eeriavov\u00e9ho pracoviska, elektrick\u00e9 diely \u017eeriavov, lanov\u00fd voz\u00edk s I-nosn\u00edkom, dia\u013ekov\u00fd ovl\u00e1da\u010d \u017eeriavov, elektrick\u00e1 riadiaca skri\u0148a \u017eeriavov,Koncov\u00fd sp\u00edna\u010d \u017eeriavu, zvukov\u00fd a sveteln\u00fd alarm \u017eeriavu, konektor pre \u0165a\u017ek\u00e9 leteck\u00e9 vozidl\u00e1, obmedzova\u010d pre\u0165a\u017eenia \u017eeriavu, dod\u00e1vate\u013e dielov \u017eeriavov v \u010c\u00edne, h\u00e1ky \u017eeriavov, h\u00e1k port\u00e1lov\u00e9ho \u017eeriavu, pr\u00edslu\u0161enstvo \u017eeriavov, kovan\u00fd h\u00e1k, spracovanie h\u00e1ku, v\u00fdrobca h\u00e1kov, \u010d\u00ednsky \u0161tandardn\u00fd h\u00e1k \u017eeriavu, elektrick\u00fd h\u00e1k kladkostroja, kladka \u017eeriavu, kladka h\u00e1ku, valcovan\u00e1 kladka, dod\u00e1vate\u013e kladky \u017eeriavov\uff0cEur\u00f3pska kladka h\u00e1ku, kladka h\u00e1ku port\u00e1lov\u00e9ho \u017eeriavu, bubon \u017eeriavu typu WZL, sada navijakov eur\u00f3pskeho \u0161t\u00fdlu, navijak \u017eeriavu,\u017deriavov\u00e9 diely,Spracovanie bubnov,V\u00fdrobca bubnov \u017eeriavov,Bubon z liatej ocele,Bubon elektrick\u00e9ho kladkostroja,Zostava bubnov \u017eeriavov,Bloky kolies DRS,Eur\u00f3pske \u017eeriavov\u00e9 koleso,Kovan\u00e9 koles\u00e1,S\u00faprava akt\u00edvnych kolies,S\u00faprava hnac\u00edch kolies,Skupina hnac\u00edch kolies,V\u00fdrobca kolies \u017eeriavov,Koles\u00e1 \u017eeriavov Demag,Koles\u00e1 \u017eeriavov Konecranes,Koles\u00e1 mostov\u00fdch \u017eeriavov,Hriade\u013eov\u00e9 spojky,Spojky na prenos energie,Kot\u00fa\u010dov\u00e9 spojky,Tekut\u00e9 spojky,V\u00fdrobca spojok\uff0cKardanov\u00e1 spojka,\u017deriavov\u00e1 redukcia,Spoma\u013eova\u010de \u017eeriavov, Reduk\u010dn\u00e1 prevodovka, Redukcia pre \u017eeriav, Redukcia pre \u017eeriav, Redukcia s tvrd\u00fdm povrchom zubovRedukcia \u017eeriavov a kladkostrojov, Redukcia Flender, V\u00fdrobca reduktorov, Redukcia ZQ, Redukcia QJ, Redukcia QJY, Prevodov\u00e9 motory, Redukcia Konecranes,Reduktor s\u00e9rie F tri v jednom,reduktor s\u00e9rie K tri v jednom,pojazdov\u00e9 stroje,pojazdov\u00fd motor s prevodovkou,prevodov\u00fd motor pre pojazdov\u00e9 \u017eeriavy,pojazdov\u00e9 stroje Motory s frekven\u010dn\u00fdm meni\u010dom,\u0161tandardn\u00e9 prevodov\u00e9 motory FEM,motory pre \u017eeriavy,Invertorov\u00e9 motory, motory pre zdv\u00edhacie zariadenia, motory pre \u017eeriavy, \u0161peci\u00e1lne motory pre \u017eeriavy, motory s\u00e9rie YZR YZP YZ, motory pre \u017eeriavy a zdv\u00edhacie zariadenia, motory s frekven\u010dn\u00fdm meni\u010dom, elektrohydraulick\u00e9 bubnov\u00e9 brzdy, elektrohydraulick\u00e9 kot\u00fa\u010dov\u00e9 brzdy, brzdy, brzdy pre mostov\u00e9 \u017eeriavy, kot\u00fa\u010dov\u00e9 brzdy, elektromagnetick\u00e9 kot\u00fa\u010dov\u00e9 brzdy, hydraulick\u00e9 kot\u00fa\u010dov\u00e9 brzdy pre \u017eeriavy, v\u00fdrobca b\u0155zd, bezpe\u010dnostn\u00e9 brzdy pre \u017eeriavy, lanov\u00fd drap\u00e1k Singlr, lanov\u00fd drap\u00e1k Four, elektrohydraulick\u00fd viaclamelov\u00fd drap\u00e1k, drap\u00e1k Orange peel, elektrick\u00fd motorov\u00fd drap\u00e1k,Elektro-hydraulick\u00fd lamelov\u00fd drap\u00e1k, v\u00fdrobcovia drap\u00e1kov, v\u00fdrobcovia rozmetadiel kontajnerov, 20ft rozmetadlo kontajnerov, poloautomatick\u00e9 rozmetadlo kontajnerov, 40ft r\u00e1m na zdv\u00edhanie kontajnerov, rozmetadlo kontajnerov TEC, zdv\u00edhacia svorka na gu\u013eatinu, svorky na gu\u013eatinu, v\u00fdrobca \u017eeriavov\u00fdch svoriek, zdv\u00edhacie svorky na gu\u013eatinu \u010d\u00ednsky dod\u00e1vate\u013e, h\u00e1k na cievky typu C, h\u00e1k na cievky, h\u00e1k na oce\u013eov\u00e9 cievky typu C, \u017eeriavov\u00fd h\u00e1k typu C, rozmetadlo typu C, h\u00e1k typu C, \u017eeriavov\u00e9 magnety, upev\u0148ovacie zariadenie na ko\u013eajnice,\u017deriav Rail fixa\u010dn\u00e9 zariadenie, \u017eeriav Rail Clamp, CD\/MD oce\u013eov\u00e9 lano elektrick\u00fd kladkostroj, oce\u013eov\u00e9 lano elektrick\u00fd kladkostroj \u010c\u00edna v\u00fdrobca, jeden nosn\u00edk oce\u013eov\u00e9 lano elektrick\u00fd kladkostroj, dvojnosn\u00edk oce\u013eov\u00e9 lano elektrick\u00fd kladkostroj, re\u0165azov\u00fd kladkostroj, elektrick\u00fd re\u0165azov\u00fd kladkostroj v\u00fdrobca, elektrick\u00fd re\u0165azov\u00fd kladkostroj \u010c\u00edna distrib\u00fator, eur\u00f3pske oce\u013eov\u00e9 lano elektrick\u00fd kladkostroj\uff0cEur\u00f3psky dvojit\u00fd nosn\u00edk oce\u013eov\u00e9 lano elektrick\u00fd kladkostroj, eur\u00f3psky \u0161t\u00fdl jeden nosn\u00edk \u017eeriav koncov\u00e9 voz\u00edky, FEN\/DIN eur\u00f3psky \u0161t\u00fdl jeden nosn\u00edk \u017eeriav koncov\u00e9 voz\u00edky,V\u00fdrobcovia koncov\u00fdch nosn\u00edkov \u017eeriavov, eur\u00f3psky \u0161t\u00fdl kladkostroja dvojit\u00fd nosn\u00edk koncov\u00fd nosn\u00edk \u017eeriavov, z\u00e1vesn\u00fd koncov\u00fd nosn\u00edk \u017eeriavov, eur\u00f3psky \u0161t\u00fdl z\u00e1vesn\u00e9ho jednoduch\u00e9ho nosn\u00edka \u017eeriavov, FEN\/DIN z\u00e1vesn\u00fd koncov\u00fd nosn\u00edk \u017eeriavov, \u017eeriavov\u00fd lanov\u00fd voz\u00edk, bezdr\u00f4tov\u00e9 dia\u013ekov\u00e9 ovl\u00e1danie, dia\u013ekov\u00fd ovl\u00e1da\u010d, rukov\u00e4\u0165 \u017eeriavov, ovl\u00e1danie \u017eeriavov, elektrick\u00e1 ovl\u00e1dacia skrinka, ovl\u00e1dacia skrinka \u017eeriavov, koncov\u00fd sp\u00edna\u010d, zvukov\u00fd a sveteln\u00fd alarm, leteck\u00e1 z\u00e1str\u010dka, r\u00fdchlospojka, leteck\u00e1 z\u00e1str\u010dka \u017eeriavov, obmedzova\u010d pre\u0165a\u017eenia","publisher":{"@id":"https:\/\/www.hnhlcrane.com\/#organization"},"potentialAction":[{"@type":"SearchAction","target":{"@type":"EntryPoint","urlTemplate":"https:\/\/www.hnhlcrane.com\/?s={search_term_string}"},"query-input":{"@type":"PropertyValueSpecification","valueRequired":true,"valueName":"search_term_string"}}],"inLanguage":"sk-SK"},{"@type":"Organization","@id":"https:\/\/www.hnhlcrane.com\/#organization","name":"Dod\u00e1vate\u013e dielov \u017eeriavov-HL Crame","url":"https:\/\/www.hnhlcrane.com\/","logo":{"@type":"ImageObject","inLanguage":"sk-SK","@id":"https:\/\/www.hnhlcrane.com\/#\/schema\/logo\/image\/","url":"https:\/\/www.hnhlcrane.com\/wp-content\/uploads\/2024\/09\/logo6-1-e1733899395598.png","contentUrl":"https:\/\/www.hnhlcrane.com\/wp-content\/uploads\/2024\/09\/logo6-1-e1733899395598.png","width":1000,"height":282,"caption":"Crane Parts Supplier-HL Crame"},"image":{"@id":"https:\/\/www.hnhlcrane.com\/#\/schema\/logo\/image\/"}}]}},"_links":{"self":[{"href":"https:\/\/www.hnhlcrane.com\/sk\/wp-json\/wp\/v2\/product\/5539","targetHints":{"allow":["GET"]}}],"collection":[{"href":"https:\/\/www.hnhlcrane.com\/sk\/wp-json\/wp\/v2\/product"}],"about":[{"href":"https:\/\/www.hnhlcrane.com\/sk\/wp-json\/wp\/v2\/types\/product"}],"version-history":[{"count":0,"href":"https:\/\/www.hnhlcrane.com\/sk\/wp-json\/wp\/v2\/product\/5539\/revisions"}],"wp:featuredmedia":[{"embeddable":true,"href":"https:\/\/www.hnhlcrane.com\/sk\/wp-json\/wp\/v2\/media\/5540"}],"wp:attachment":[{"href":"https:\/\/www.hnhlcrane.com\/sk\/wp-json\/wp\/v2\/media?parent=5539"}],"wp:term":[{"taxonomy":"product_brand","embeddable":true,"href":"https:\/\/www.hnhlcrane.com\/sk\/wp-json\/wp\/v2\/product_brand?post=5539"},{"taxonomy":"product_cat","embeddable":true,"href":"https:\/\/www.hnhlcrane.com\/sk\/wp-json\/wp\/v2\/product_cat?post=5539"},{"taxonomy":"product_tag","embeddable":true,"href":"https:\/\/www.hnhlcrane.com\/sk\/wp-json\/wp\/v2\/product_tag?post=5539"}],"curies":[{"name":"wp","href":"https:\/\/api.w.org\/{rel}","templated":true}]}}