{"id":5524,"date":"2024-11-29T21:45:30","date_gmt":"2024-11-29T13:45:30","guid":{"rendered":"https:\/\/www.hnhlcrane.com\/?post_type=product&#038;p=5524"},"modified":"2025-09-14T22:47:54","modified_gmt":"2025-09-14T14:47:54","slug":"cgwk-kolajnicove-svorky","status":"publish","type":"product","link":"https:\/\/www.hnhlcrane.com\/sk\/produkt\/cgwk-kolajnicove-svorky\/","title":{"rendered":"CGWK ko\u013eajnicov\u00e9 svorky"},"content":{"rendered":"<h6><span style=\"font-family: arial, helvetica, sans-serif; font-size: 18pt;\"><strong>Vlastnosti ko\u013eajnicov\u00fdch svoriek CGWK<\/strong><\/span><\/h6>\n<ol>\n<li><strong>Zv\u00e1ranie z\u00e1kladnej dosky<\/strong>:<br \/>\nZ\u00e1kladn\u00e1 doska CGWK je privaren\u00e1 k hornej pr\u00edrube oce\u013eov\u00e9ho nosn\u00edka \u017eeriavu pomocou obojstrann\u00fdch k\u00fatov\u00fdch zvarov alebo trojstrann\u00fdch obtokov\u00fdch zvarov. T\u00fdm sa zabezpe\u010d\u00ed, \u017ee vodorovn\u00e9 bo\u010dn\u00e9 sily od \u017eeriavu sa rovnomerne pren\u00e1\u0161aj\u00fa na nosn\u00edk \u017eeriavu, \u010d\u00edm sa zabr\u00e1ni kon\u0161truk\u010dn\u00fdm nedostatkom sp\u00f4soben\u00fdm rozsiahlym v\u0155tan\u00edm na pr\u00edrube nosn\u00edka.<\/li>\n<li><strong>Sf\u00e9rick\u00e9 z\u00e1vesn\u00e9 pripojenie<\/strong>:<br \/>\nZ\u00e1kladn\u00e1 doska a horn\u00e1 up\u00ednacia doska s\u00fa spojen\u00e9 pomocou gu\u013eov\u00e9ho z\u00e1vesu. T\u00e1to kon\u0161trukcia umo\u017e\u0148uje mierne naklonenie pri p\u00f4soben\u00ed bo\u010dn\u00fdch s\u00edl, \u010d\u00edm sa \u00fa\u010dinne zmier\u0148uje vplyv horizont\u00e1lnych s\u00edl na nosn\u00edk \u017eeriava a brzdov\u00e9 syst\u00e9my.<\/li>\n<li><strong>Bl\u00edzkos\u0165 polohy<\/strong>:<br \/>\nZ\u00e1kladn\u00e1 doska CGWK je umiestnen\u00e1 pribli\u017ene <strong>1 mm<\/strong> pod spodn\u00fdm okrajom ko\u013eajnice, \u010do \u00fa\u010dinne obmedzuje bo\u010dn\u00fd pohyb ko\u013eajnice.<\/li>\n<li><strong>\u0160peci\u00e1lne skrutky pre stabilitu<\/strong>:<br \/>\nNa optimaliz\u00e1ciu rozlo\u017eenia za\u0165a\u017eenia na upev\u0148ovacie komponenty sa pou\u017e\u00edvaj\u00fa \u0161peci\u00e1lne skrutky a horn\u00fa up\u00ednaciu dosku mo\u017eno \u013eahko odstr\u00e1ni\u0165, \u010do v\u00fdrazne u\u013eah\u010duje in\u0161tal\u00e1ciu a \u00fadr\u017ebu.<\/li>\n<li><strong>Materi\u00e1l a pevnos\u0165<\/strong>:<br \/>\nV\u0161etky upev\u0148ovacie komponenty s\u00fa vyroben\u00e9 z n\u00edzkolegovanej vysokopevnostnej ocele. Str\u00e1nka <strong>M20 Trieda 8.8<\/strong> pevnostn\u00e9 skrutky s\u00fa utiahnut\u00e9 na kr\u00fatiaci moment <strong>220N-m<\/strong>a syst\u00e9m vydr\u017e\u00ed maxim\u00e1lnu bo\u010dn\u00fa silu <strong>65 kN<\/strong> v ka\u017edom bode za\u0165a\u017eenia kolesa.<\/li>\n<\/ol>\n<h6><span style=\"font-family: arial, helvetica, sans-serif; font-size: 18pt;\"><strong>In\u0161tala\u010dn\u00e9 pokyny pre CGWK<a href=\"https:\/\/www.hnhlcrane.com\/sk\/produkty\/klipy-na-zeriavove-kolajnice\/\" target=\"_blank\" rel=\"noopener\"> Ko\u013eajnicov\u00e9 svorky<\/a><\/strong><\/span><\/h6>\n<ol>\n<li><strong>Vyrovnanie ko\u013eajn\u00edc<\/strong>:<br \/>\nPred za\u010dat\u00edm in\u0161tal\u00e1cie vyrovnajte ko\u013eajnicu pod\u013ea kon\u0161truk\u010dn\u00fdch \u0161pecifik\u00e1ci\u00ed.<\/li>\n<li><strong>Umiestnenie z\u00e1kladnej dosky<\/strong>:\n<ul>\n<li>Z\u00e1kladn\u00e9 dosky umiestnite pozd\u013a\u017e smeru ko\u013eajnice v intervaloch <strong>500 mm<\/strong>.<\/li>\n<li>Uistite sa, \u017ee kolm\u00e1 vzdialenos\u0165 od stredu skrutky k stredu ko\u013eajnice (hodnota <strong>a<\/strong>) je spr\u00e1vne umiestnen\u00fd.<\/li>\n<\/ul>\n<\/li>\n<li><strong>Zv\u00e1ranie z\u00e1kladnej dosky<\/strong>:<br \/>\nZvarte z\u00e1kladov\u00fa dosku k nosn\u00edku \u017eeriavu ur\u010denou met\u00f3dou (obojstrann\u00e9 alebo trojstrann\u00e9 zv\u00e1ranie).<\/li>\n<li><strong>Mont\u00e1\u017e komponentov<\/strong>:<br \/>\nZostavte svorky v nasleduj\u00facom porad\u00ed:<\/p>\n<ul>\n<li>Umiestnenie skrutiek<\/li>\n<li>Umiestnite horn\u00fa up\u00ednaciu dosku<\/li>\n<li>Pridajte ploch\u00e9 podlo\u017eky, pru\u017en\u00e9 podlo\u017eky a matice<\/li>\n<li>Utiahnite matice na kr\u00fatiaci moment <strong>220N-m<\/strong>.<\/li>\n<\/ul>\n<\/li>\n<\/ol>\n<p><img fetchpriority=\"high\" decoding=\"async\" class=\"alignnone wp-image-5526\" src=\"https:\/\/www.hnhlcrane.com\/wp-content\/uploads\/2024\/11\/CGWK-Rail-Clips-1-300x103.jpg\" alt=\"\" width=\"804\" height=\"276\" srcset=\"https:\/\/www.hnhlcrane.com\/wp-content\/uploads\/2024\/11\/CGWK-Rail-Clips-1-300x103.jpg 300w, https:\/\/www.hnhlcrane.com\/wp-content\/uploads\/2024\/11\/CGWK-Rail-Clips-1-768x263.jpg 768w, https:\/\/www.hnhlcrane.com\/wp-content\/uploads\/2024\/11\/CGWK-Rail-Clips-1-600x205.jpg 600w, https:\/\/www.hnhlcrane.com\/wp-content\/uploads\/2024\/11\/CGWK-Rail-Clips-1.jpg 1000w\" sizes=\"(max-width: 804px) 100vw, 804px\" \/><\/p>","protected":false},"excerpt":{"rendered":"<h6><span style=\"font-family: arial, helvetica, sans-serif; font-size: 14pt;\"><strong>\u0160pecifik\u00e1cie ko\u013eajnicov\u00fdch svoriek CGWK<\/strong><\/span><\/h6>\n<ul>\n<li><strong>Modely<\/strong>: CGWK38, CGWK43, CGWK50, CGWK60, CGWK70, CGWK80, CGWK100, CGWK120<\/li>\n<li><strong>Sp\u00f4sob upevnenia<\/strong>: Zv\u00e1ran\u00e1 z\u00e1kladn\u00e1 doska<\/li>\n<\/ul>","protected":false},"featured_media":5525,"template":"","meta":{"_kad_post_transparent":"default","_kad_post_title":"","_kad_post_layout":"default","_kad_post_sidebar_id":"","_kad_post_content_style":"default","_kad_post_vertical_padding":"show","_kad_post_feature":"","_kad_post_feature_position":"","_kad_post_header":false,"_kad_post_footer":false},"product_brand":[],"product_cat":[83],"product_tag":[224,223,222,221,218,214,217,225,228,216,226,219,227,215,220],"class_list":{"0":"post-5524","1":"product","2":"type-product","3":"status-publish","4":"has-post-thumbnail","6":"product_cat-crane-rail-clips","7":"product_tag-05g525-rail-clips","8":"product_tag-cgbk-rail-clips","9":"product_tag-cgek-rail-clips","10":"product_tag-cgwk-rail-clips","11":"product_tag-crane-rail-clamp","12":"product_tag-crane-rail-clips","13":"product_tag-crane-rail-fixing-device","14":"product_tag-hdgy-rail-clips","15":"product_tag-rail-connection-splint","16":"product_tag-rail-fixing-device","17":"product_tag-rail-joints","18":"product_tag-swjk-rail-clips","19":"product_tag-tracks-jointing-plates","20":"product_tag-wjk-rail-clips","21":"product_tag-wjkc-rail-clips","23":"first","24":"instock","25":"shipping-taxable","26":"product-type-simple","27":"entry","28":"content-bg","29":"loop-entry"},"yoast_head":"<!-- This site is optimized with the Yoast SEO plugin v25.6 - https:\/\/yoast.com\/wordpress\/plugins\/seo\/ -->\n<title>CGWK Rail Clips \u2013 Durable &amp; Reliable Rail Fastening Solution<\/title>\n<meta name=\"description\" content=\"High-quality CGWK Rail Clips for secure and long-lasting rail connections. Ideal for railways, industrial tracks, and heavy-duty applications.\" \/>\n<meta name=\"robots\" content=\"index, follow, max-snippet:-1, max-image-preview:large, max-video-preview:-1\" \/>\n<link rel=\"canonical\" href=\"https:\/\/www.hnhlcrane.com\/sk\/produkt\/cgwk-kolajnicove-svorky\/\" \/>\n<meta property=\"og:locale\" content=\"sk_SK\" \/>\n<meta property=\"og:type\" content=\"article\" \/>\n<meta property=\"og:title\" content=\"CGWK Rail Clips \u2013 Durable &amp; Reliable Rail Fastening Solution\" \/>\n<meta property=\"og:description\" content=\"High-quality CGWK Rail Clips for secure and long-lasting rail connections. Ideal for railways, industrial tracks, and heavy-duty applications.\" \/>\n<meta property=\"og:url\" content=\"https:\/\/www.hnhlcrane.com\/sk\/produkt\/cgwk-kolajnicove-svorky\/\" \/>\n<meta property=\"og:site_name\" content=\"Crane Parts Supplier-HL Crame\" \/>\n<meta property=\"article:modified_time\" content=\"2025-09-14T14:47:54+00:00\" \/>\n<meta property=\"og:image\" content=\"https:\/\/www.hnhlcrane.com\/wp-content\/uploads\/2024\/11\/CGWK-Rail-Clips.jpg\" \/>\n\t<meta property=\"og:image:width\" content=\"600\" \/>\n\t<meta property=\"og:image:height\" content=\"600\" \/>\n\t<meta property=\"og:image:type\" content=\"image\/jpeg\" \/>\n<meta name=\"twitter:card\" content=\"summary_large_image\" \/>\n<meta name=\"twitter:label1\" content=\"Predpokladan\u00fd \u010das \u010d\u00edtania\" \/>\n\t<meta name=\"twitter:data1\" content=\"2 min\u00faty\" \/>\n<script type=\"application\/ld+json\" class=\"yoast-schema-graph\">{\"@context\":\"https:\/\/schema.org\",\"@graph\":[{\"@type\":\"WebPage\",\"@id\":\"https:\/\/www.hnhlcrane.com\/product\/cgwk-rail-clips\/\",\"url\":\"https:\/\/www.hnhlcrane.com\/product\/cgwk-rail-clips\/\",\"name\":\"CGWK Rail Clips \u2013 Durable & Reliable Rail Fastening Solution\",\"isPartOf\":{\"@id\":\"https:\/\/www.hnhlcrane.com\/#website\"},\"primaryImageOfPage\":{\"@id\":\"https:\/\/www.hnhlcrane.com\/product\/cgwk-rail-clips\/#primaryimage\"},\"image\":{\"@id\":\"https:\/\/www.hnhlcrane.com\/product\/cgwk-rail-clips\/#primaryimage\"},\"thumbnailUrl\":\"https:\/\/www.hnhlcrane.com\/wp-content\/uploads\/2024\/11\/CGWK-Rail-Clips.jpg\",\"datePublished\":\"2024-11-29T13:45:30+00:00\",\"dateModified\":\"2025-09-14T14:47:54+00:00\",\"description\":\"High-quality CGWK Rail Clips for secure and long-lasting rail connections. Ideal for railways, industrial tracks, and heavy-duty applications.\",\"breadcrumb\":{\"@id\":\"https:\/\/www.hnhlcrane.com\/product\/cgwk-rail-clips\/#breadcrumb\"},\"inLanguage\":\"sk-SK\",\"potentialAction\":[{\"@type\":\"ReadAction\",\"target\":[\"https:\/\/www.hnhlcrane.com\/product\/cgwk-rail-clips\/\"]}]},{\"@type\":\"ImageObject\",\"inLanguage\":\"sk-SK\",\"@id\":\"https:\/\/www.hnhlcrane.com\/product\/cgwk-rail-clips\/#primaryimage\",\"url\":\"https:\/\/www.hnhlcrane.com\/wp-content\/uploads\/2024\/11\/CGWK-Rail-Clips.jpg\",\"contentUrl\":\"https:\/\/www.hnhlcrane.com\/wp-content\/uploads\/2024\/11\/CGWK-Rail-Clips.jpg\",\"width\":600,\"height\":600},{\"@type\":\"BreadcrumbList\",\"@id\":\"https:\/\/www.hnhlcrane.com\/product\/cgwk-rail-clips\/#breadcrumb\",\"itemListElement\":[{\"@type\":\"ListItem\",\"position\":1,\"name\":\"home\",\"item\":\"https:\/\/www.hnhlcrane.com\/\"},{\"@type\":\"ListItem\",\"position\":2,\"name\":\"products\",\"item\":\"https:\/\/www.hnhlcrane.com\/products\/\"},{\"@type\":\"ListItem\",\"position\":3,\"name\":\"CGWK Rail Clips\"}]},{\"@type\":\"WebSite\",\"@id\":\"https:\/\/www.hnhlcrane.com\/#website\",\"url\":\"https:\/\/www.hnhlcrane.com\/\",\"name\":\"Crane Parts Supplier-HL Crame\",\"description\":\"One-stop solution for all your  crane parts needs,Crane Hook,Crane Drum,Crane Wheel,Crane Coupling,Crane Gearbox,Crane Motor,Crane Brake,Special Crane Spreader,Crane grab,Container spreader,Billet crane clamps,Crane C-type spreader,Lifting Electromagnet,Crane Rail Clips,Electric Hoist,FEM Standard Crane End Carriages,Light Crane Parts,Workstation Crane Parts,Crane Electrical Parts,I-beam cable trolley,Crane remote controller,Crane electrical control cabinet,Crane limit switch,Crane sound and light alarm,Heavy Duty Aviation Connector,Crane overload limiter,China Crane Parts Supplier,Crane hooks,Gantry crane hook,Crane accessories,Forged hook,hook processing,Hook manufacturer,China standard crane hook,electric hoist hook,Crane pulley,Hook pulley,Rolled pulley,Crane Pulley Supplier\uff0cEuropean hook pulley,Gantry crane hook pulley,WZL type crane drum,European style reel set,Crane reel,crane parts,Drum processing,crane drum manufacturer,Cast steel drum,Electric hoist drum,Crane drum assembly,DRS Wheel Blocks,European crane wheel,Forged wheels,Active wheel set,Driving wheel set,Driven wheel group,crane wheels manufacturer,Demag crane wheels,Konecranes Crane Wheels,Overhead crane Wheel,Shaft couplings,Power Transmission Couplings,Disc Couplings,Fluid couplings,Coupling manufacturer\uff0cCardan coupling,Crane Reducer,Crane Decelerators,Reducer gearbox,Reducer for crane,Gear Reducer For Crane,Hard tooth surface reducerCrane and hoist reducer,Flender reducer,Reducer manufacturer,ZQ reducer,QJ reducer,QJY reducer,Gear Motors,Konecranes reducer,F series three-in-one reducer,K series three-in-one reducer,travelling machinery,Travelling Motor With Gear,Gear Motor for Crane Traveling,Travelling machinery Frequency inverter motors,FEM standard Gear Motors,Crane motors,Inverter motors,Hoist motors,motorCrane duty motors,Special motor for crane,YZR YZP YZ series motors,Crane and hoist motor,Frequency conversion motor,Electro hydraulic drum brakes,Electro-hydraulic disc brakes,Brake,Overhead Crane Brakes,Disc brakes,Electromagnetic disk brake,Crane hydraulic disc brake,Brakes manufacturer,crane Safety brakes,Singlr rope grab,Four rope grab,Electro-hydraulic multi-flap grab,Orange peel grab,Electric motor grab,Electro-Hydraulicclamshell grab,grab manufacturers,Container spreader manufacturers,20ft Container Spreader,Semi Automatic container spreader,40ft Container Lifting Frame,TEC container Spreader,Billet lifting clamp,Billet Clamps,Billet crane clamps manufacturer,billet lifting clamps china supplier,Coil C-Type Hook,coil hook,Overhead Crane Steel Coil C-Type Hook,Crane C-hook,C-type spreader,C-type hook,Crane magnets,Rail fixing device,Crane Rail fixing device,crane Rail Clamp,CD\/MD Wire Rope Electric Hoist,Wire Rope Electric Hoist China Manufacturer,Single Girder Wire Rope Electric Hoist,Double Girder Wire Rope Electric Hoist,Chain Hoist,Electric chain hoist manufacturer,Electric chain hoist China distributor,European wire rope electric hoist\uff0cEuropean double beam wire rope electric hoist,European Style Single Beam Crane End Carriage,FEN\/DIN European Style Single Beam Crane End Carriage,Crane end beam manufacturers,European style hoist double beam crane end beam,Suspension crane end beam,European style suspended single beam crane end beam,FEN\/DIN Suspension crane end beam,crane cable trolley,Wireless remote control,remote controller,Crane control handle,Crane Controls,electrical control cabinet,crane control cabinet,Limit switch,Sound and light alarm,Aviation plug,quick connector,Crane aviation plug,Overload limiter\",\"publisher\":{\"@id\":\"https:\/\/www.hnhlcrane.com\/#organization\"},\"potentialAction\":[{\"@type\":\"SearchAction\",\"target\":{\"@type\":\"EntryPoint\",\"urlTemplate\":\"https:\/\/www.hnhlcrane.com\/?s={search_term_string}\"},\"query-input\":{\"@type\":\"PropertyValueSpecification\",\"valueRequired\":true,\"valueName\":\"search_term_string\"}}],\"inLanguage\":\"sk-SK\"},{\"@type\":\"Organization\",\"@id\":\"https:\/\/www.hnhlcrane.com\/#organization\",\"name\":\"Crane Parts Supplier-HL Crame\",\"url\":\"https:\/\/www.hnhlcrane.com\/\",\"logo\":{\"@type\":\"ImageObject\",\"inLanguage\":\"sk-SK\",\"@id\":\"https:\/\/www.hnhlcrane.com\/#\/schema\/logo\/image\/\",\"url\":\"https:\/\/www.hnhlcrane.com\/wp-content\/uploads\/2024\/09\/logo6-1-e1733899395598.png\",\"contentUrl\":\"https:\/\/www.hnhlcrane.com\/wp-content\/uploads\/2024\/09\/logo6-1-e1733899395598.png\",\"width\":1000,\"height\":282,\"caption\":\"Crane Parts Supplier-HL Crame\"},\"image\":{\"@id\":\"https:\/\/www.hnhlcrane.com\/#\/schema\/logo\/image\/\"}}]}<\/script>\n<!-- \/ Yoast SEO plugin. -->","yoast_head_json":{"title":"CGWK Rail Clips - odoln\u00e9 a spo\u013eahliv\u00e9 rie\u0161enie upevnenia ko\u013eajn\u00edc","description":"Vysokokvalitn\u00e9 ko\u013eajnicov\u00e9 spony CGWK na bezpe\u010dn\u00e9 a dlhotrvaj\u00face ko\u013eajnicov\u00e9 spojenia. Ide\u00e1lne pre \u017eeleznice, priemyseln\u00e9 ko\u013eaje a n\u00e1ro\u010dn\u00e9 aplik\u00e1cie.","robots":{"index":"index","follow":"follow","max-snippet":"max-snippet:-1","max-image-preview":"max-image-preview:large","max-video-preview":"max-video-preview:-1"},"canonical":"https:\/\/www.hnhlcrane.com\/sk\/produkt\/cgwk-kolajnicove-svorky\/","og_locale":"sk_SK","og_type":"article","og_title":"CGWK Rail Clips \u2013 Durable & Reliable Rail Fastening Solution","og_description":"High-quality CGWK Rail Clips for secure and long-lasting rail connections. Ideal for railways, industrial tracks, and heavy-duty applications.","og_url":"https:\/\/www.hnhlcrane.com\/sk\/produkt\/cgwk-kolajnicove-svorky\/","og_site_name":"Crane Parts Supplier-HL Crame","article_modified_time":"2025-09-14T14:47:54+00:00","og_image":[{"width":600,"height":600,"url":"https:\/\/www.hnhlcrane.com\/wp-content\/uploads\/2024\/11\/CGWK-Rail-Clips.jpg","type":"image\/jpeg"}],"twitter_card":"summary_large_image","twitter_misc":{"Predpokladan\u00fd \u010das \u010d\u00edtania":"2 min\u00faty"},"schema":{"@context":"https:\/\/schema.org","@graph":[{"@type":"WebPage","@id":"https:\/\/www.hnhlcrane.com\/product\/cgwk-rail-clips\/","url":"https:\/\/www.hnhlcrane.com\/product\/cgwk-rail-clips\/","name":"CGWK Rail Clips - odoln\u00e9 a spo\u013eahliv\u00e9 rie\u0161enie upevnenia ko\u013eajn\u00edc","isPartOf":{"@id":"https:\/\/www.hnhlcrane.com\/#website"},"primaryImageOfPage":{"@id":"https:\/\/www.hnhlcrane.com\/product\/cgwk-rail-clips\/#primaryimage"},"image":{"@id":"https:\/\/www.hnhlcrane.com\/product\/cgwk-rail-clips\/#primaryimage"},"thumbnailUrl":"https:\/\/www.hnhlcrane.com\/wp-content\/uploads\/2024\/11\/CGWK-Rail-Clips.jpg","datePublished":"2024-11-29T13:45:30+00:00","dateModified":"2025-09-14T14:47:54+00:00","description":"Vysokokvalitn\u00e9 ko\u013eajnicov\u00e9 spony CGWK na bezpe\u010dn\u00e9 a dlhotrvaj\u00face ko\u013eajnicov\u00e9 spojenia. Ide\u00e1lne pre \u017eeleznice, priemyseln\u00e9 ko\u013eaje a n\u00e1ro\u010dn\u00e9 aplik\u00e1cie.","breadcrumb":{"@id":"https:\/\/www.hnhlcrane.com\/product\/cgwk-rail-clips\/#breadcrumb"},"inLanguage":"sk-SK","potentialAction":[{"@type":"ReadAction","target":["https:\/\/www.hnhlcrane.com\/product\/cgwk-rail-clips\/"]}]},{"@type":"ImageObject","inLanguage":"sk-SK","@id":"https:\/\/www.hnhlcrane.com\/product\/cgwk-rail-clips\/#primaryimage","url":"https:\/\/www.hnhlcrane.com\/wp-content\/uploads\/2024\/11\/CGWK-Rail-Clips.jpg","contentUrl":"https:\/\/www.hnhlcrane.com\/wp-content\/uploads\/2024\/11\/CGWK-Rail-Clips.jpg","width":600,"height":600},{"@type":"BreadcrumbList","@id":"https:\/\/www.hnhlcrane.com\/product\/cgwk-rail-clips\/#breadcrumb","itemListElement":[{"@type":"ListItem","position":1,"name":"home","item":"https:\/\/www.hnhlcrane.com\/"},{"@type":"ListItem","position":2,"name":"products","item":"https:\/\/www.hnhlcrane.com\/products\/"},{"@type":"ListItem","position":3,"name":"CGWK Rail Clips"}]},{"@type":"WebSite","@id":"https:\/\/www.hnhlcrane.com\/#website","url":"https:\/\/www.hnhlcrane.com\/","name":"Dod\u00e1vate\u013e dielov \u017eeriavov-HL Crame","description":"Jednorazov\u00e9 rie\u0161enie pre v\u0161etky va\u0161e potreby dielov \u017eeriavov, h\u00e1k \u017eeriavu, bubon \u017eeriavu, koleso \u017eeriavu, spojka \u017eeriavu, prevodovka \u017eeriavu, motor \u017eeriavu, brzda \u017eeriavu, \u0161peci\u00e1lny \u017eeriavov\u00fd rozmet\u00e1va\u010d, \u017eeriavov\u00fd drap\u00e1k, kontajnerov\u00fd rozmet\u00e1va\u010d, oce\u013eov\u00e9 \u017eeriavov\u00e9 svorky, \u017eeriavov\u00fd rozmet\u00e1va\u010d typu C,Zdv\u00edhac\u00ed elektromagnet, \u017eeriavov\u00e9 ko\u013eajnicov\u00e9 svorky, elektrick\u00fd kladkostroj, koncov\u00e9 voz\u00edky \u017eeriavov pod\u013ea normy FEM, \u013eahk\u00e9 \u017eeriavov\u00e9 diely, diely \u017eeriavov\u00e9ho pracoviska, elektrick\u00e9 diely \u017eeriavov, lanov\u00fd voz\u00edk s I-nosn\u00edkom, dia\u013ekov\u00fd ovl\u00e1da\u010d \u017eeriavov, elektrick\u00e1 riadiaca skri\u0148a \u017eeriavov,Koncov\u00fd sp\u00edna\u010d \u017eeriavu, zvukov\u00fd a sveteln\u00fd alarm \u017eeriavu, konektor pre \u0165a\u017ek\u00e9 leteck\u00e9 vozidl\u00e1, obmedzova\u010d pre\u0165a\u017eenia \u017eeriavu, dod\u00e1vate\u013e dielov \u017eeriavov v \u010c\u00edne, h\u00e1ky \u017eeriavov, h\u00e1k port\u00e1lov\u00e9ho \u017eeriavu, pr\u00edslu\u0161enstvo \u017eeriavov, kovan\u00fd h\u00e1k, spracovanie h\u00e1ku, v\u00fdrobca h\u00e1kov, \u010d\u00ednsky \u0161tandardn\u00fd h\u00e1k \u017eeriavu, elektrick\u00fd h\u00e1k kladkostroja, kladka \u017eeriavu, kladka h\u00e1ku, valcovan\u00e1 kladka, dod\u00e1vate\u013e kladky \u017eeriavov\uff0cEur\u00f3pska kladka h\u00e1ku, kladka h\u00e1ku port\u00e1lov\u00e9ho \u017eeriavu, bubon \u017eeriavu typu WZL, sada navijakov eur\u00f3pskeho \u0161t\u00fdlu, navijak \u017eeriavu,\u017deriavov\u00e9 diely,Spracovanie bubnov,V\u00fdrobca bubnov \u017eeriavov,Bubon z liatej ocele,Bubon elektrick\u00e9ho kladkostroja,Zostava bubnov \u017eeriavov,Bloky kolies DRS,Eur\u00f3pske \u017eeriavov\u00e9 koleso,Kovan\u00e9 koles\u00e1,S\u00faprava akt\u00edvnych kolies,S\u00faprava hnac\u00edch kolies,Skupina hnac\u00edch kolies,V\u00fdrobca kolies \u017eeriavov,Koles\u00e1 \u017eeriavov Demag,Koles\u00e1 \u017eeriavov Konecranes,Koles\u00e1 mostov\u00fdch \u017eeriavov,Hriade\u013eov\u00e9 spojky,Spojky na prenos energie,Kot\u00fa\u010dov\u00e9 spojky,Tekut\u00e9 spojky,V\u00fdrobca spojok\uff0cKardanov\u00e1 spojka,\u017deriavov\u00e1 redukcia,Spoma\u013eova\u010de \u017eeriavov, Reduk\u010dn\u00e1 prevodovka, Redukcia pre \u017eeriav, Redukcia pre \u017eeriav, Redukcia s tvrd\u00fdm povrchom zubovRedukcia \u017eeriavov a kladkostrojov, Redukcia Flender, V\u00fdrobca reduktorov, Redukcia ZQ, Redukcia QJ, Redukcia QJY, Prevodov\u00e9 motory, Redukcia Konecranes,Reduktor s\u00e9rie F tri v jednom,reduktor s\u00e9rie K tri v jednom,pojazdov\u00e9 stroje,pojazdov\u00fd motor s prevodovkou,prevodov\u00fd motor pre pojazdov\u00e9 \u017eeriavy,pojazdov\u00e9 stroje Motory s frekven\u010dn\u00fdm meni\u010dom,\u0161tandardn\u00e9 prevodov\u00e9 motory FEM,motory pre \u017eeriavy,Invertorov\u00e9 motory, motory pre zdv\u00edhacie zariadenia, motory pre \u017eeriavy, \u0161peci\u00e1lne motory pre \u017eeriavy, motory s\u00e9rie YZR YZP YZ, motory pre \u017eeriavy a zdv\u00edhacie zariadenia, motory s frekven\u010dn\u00fdm meni\u010dom, elektrohydraulick\u00e9 bubnov\u00e9 brzdy, elektrohydraulick\u00e9 kot\u00fa\u010dov\u00e9 brzdy, brzdy, brzdy pre mostov\u00e9 \u017eeriavy, kot\u00fa\u010dov\u00e9 brzdy, elektromagnetick\u00e9 kot\u00fa\u010dov\u00e9 brzdy, hydraulick\u00e9 kot\u00fa\u010dov\u00e9 brzdy pre \u017eeriavy, v\u00fdrobca b\u0155zd, bezpe\u010dnostn\u00e9 brzdy pre \u017eeriavy, lanov\u00fd drap\u00e1k Singlr, lanov\u00fd drap\u00e1k Four, elektrohydraulick\u00fd viaclamelov\u00fd drap\u00e1k, drap\u00e1k Orange peel, elektrick\u00fd motorov\u00fd drap\u00e1k,Elektro-hydraulick\u00fd lamelov\u00fd drap\u00e1k, v\u00fdrobcovia drap\u00e1kov, v\u00fdrobcovia rozmetadiel kontajnerov, 20ft rozmetadlo kontajnerov, poloautomatick\u00e9 rozmetadlo kontajnerov, 40ft r\u00e1m na zdv\u00edhanie kontajnerov, rozmetadlo kontajnerov TEC, zdv\u00edhacia svorka na gu\u013eatinu, svorky na gu\u013eatinu, v\u00fdrobca \u017eeriavov\u00fdch svoriek, zdv\u00edhacie svorky na gu\u013eatinu \u010d\u00ednsky dod\u00e1vate\u013e, h\u00e1k na cievky typu C, h\u00e1k na cievky, h\u00e1k na oce\u013eov\u00e9 cievky typu C, \u017eeriavov\u00fd h\u00e1k typu C, rozmetadlo typu C, h\u00e1k typu C, \u017eeriavov\u00e9 magnety, upev\u0148ovacie zariadenie na ko\u013eajnice,\u017deriav Rail fixa\u010dn\u00e9 zariadenie, \u017eeriav Rail Clamp, CD\/MD oce\u013eov\u00e9 lano elektrick\u00fd kladkostroj, oce\u013eov\u00e9 lano elektrick\u00fd kladkostroj \u010c\u00edna v\u00fdrobca, jeden nosn\u00edk oce\u013eov\u00e9 lano elektrick\u00fd kladkostroj, dvojnosn\u00edk oce\u013eov\u00e9 lano elektrick\u00fd kladkostroj, re\u0165azov\u00fd kladkostroj, elektrick\u00fd re\u0165azov\u00fd kladkostroj v\u00fdrobca, elektrick\u00fd re\u0165azov\u00fd kladkostroj \u010c\u00edna distrib\u00fator, eur\u00f3pske oce\u013eov\u00e9 lano elektrick\u00fd kladkostroj\uff0cEur\u00f3psky dvojit\u00fd nosn\u00edk oce\u013eov\u00e9 lano elektrick\u00fd kladkostroj, eur\u00f3psky \u0161t\u00fdl jeden nosn\u00edk \u017eeriav koncov\u00e9 voz\u00edky, FEN\/DIN eur\u00f3psky \u0161t\u00fdl jeden nosn\u00edk \u017eeriav koncov\u00e9 voz\u00edky,V\u00fdrobcovia koncov\u00fdch nosn\u00edkov \u017eeriavov, eur\u00f3psky \u0161t\u00fdl kladkostroja dvojit\u00fd nosn\u00edk koncov\u00fd nosn\u00edk \u017eeriavov, z\u00e1vesn\u00fd koncov\u00fd nosn\u00edk \u017eeriavov, eur\u00f3psky \u0161t\u00fdl z\u00e1vesn\u00e9ho jednoduch\u00e9ho nosn\u00edka \u017eeriavov, FEN\/DIN z\u00e1vesn\u00fd koncov\u00fd nosn\u00edk \u017eeriavov, \u017eeriavov\u00fd lanov\u00fd voz\u00edk, bezdr\u00f4tov\u00e9 dia\u013ekov\u00e9 ovl\u00e1danie, dia\u013ekov\u00fd ovl\u00e1da\u010d, rukov\u00e4\u0165 \u017eeriavov, ovl\u00e1danie \u017eeriavov, elektrick\u00e1 ovl\u00e1dacia skrinka, ovl\u00e1dacia skrinka \u017eeriavov, koncov\u00fd sp\u00edna\u010d, zvukov\u00fd a sveteln\u00fd alarm, leteck\u00e1 z\u00e1str\u010dka, r\u00fdchlospojka, leteck\u00e1 z\u00e1str\u010dka \u017eeriavov, obmedzova\u010d pre\u0165a\u017eenia","publisher":{"@id":"https:\/\/www.hnhlcrane.com\/#organization"},"potentialAction":[{"@type":"SearchAction","target":{"@type":"EntryPoint","urlTemplate":"https:\/\/www.hnhlcrane.com\/?s={search_term_string}"},"query-input":{"@type":"PropertyValueSpecification","valueRequired":true,"valueName":"search_term_string"}}],"inLanguage":"sk-SK"},{"@type":"Organization","@id":"https:\/\/www.hnhlcrane.com\/#organization","name":"Dod\u00e1vate\u013e dielov \u017eeriavov-HL Crame","url":"https:\/\/www.hnhlcrane.com\/","logo":{"@type":"ImageObject","inLanguage":"sk-SK","@id":"https:\/\/www.hnhlcrane.com\/#\/schema\/logo\/image\/","url":"https:\/\/www.hnhlcrane.com\/wp-content\/uploads\/2024\/09\/logo6-1-e1733899395598.png","contentUrl":"https:\/\/www.hnhlcrane.com\/wp-content\/uploads\/2024\/09\/logo6-1-e1733899395598.png","width":1000,"height":282,"caption":"Crane Parts Supplier-HL Crame"},"image":{"@id":"https:\/\/www.hnhlcrane.com\/#\/schema\/logo\/image\/"}}]}},"_links":{"self":[{"href":"https:\/\/www.hnhlcrane.com\/sk\/wp-json\/wp\/v2\/product\/5524","targetHints":{"allow":["GET"]}}],"collection":[{"href":"https:\/\/www.hnhlcrane.com\/sk\/wp-json\/wp\/v2\/product"}],"about":[{"href":"https:\/\/www.hnhlcrane.com\/sk\/wp-json\/wp\/v2\/types\/product"}],"version-history":[{"count":1,"href":"https:\/\/www.hnhlcrane.com\/sk\/wp-json\/wp\/v2\/product\/5524\/revisions"}],"predecessor-version":[{"id":6970,"href":"https:\/\/www.hnhlcrane.com\/sk\/wp-json\/wp\/v2\/product\/5524\/revisions\/6970"}],"wp:featuredmedia":[{"embeddable":true,"href":"https:\/\/www.hnhlcrane.com\/sk\/wp-json\/wp\/v2\/media\/5525"}],"wp:attachment":[{"href":"https:\/\/www.hnhlcrane.com\/sk\/wp-json\/wp\/v2\/media?parent=5524"}],"wp:term":[{"taxonomy":"product_brand","embeddable":true,"href":"https:\/\/www.hnhlcrane.com\/sk\/wp-json\/wp\/v2\/product_brand?post=5524"},{"taxonomy":"product_cat","embeddable":true,"href":"https:\/\/www.hnhlcrane.com\/sk\/wp-json\/wp\/v2\/product_cat?post=5524"},{"taxonomy":"product_tag","embeddable":true,"href":"https:\/\/www.hnhlcrane.com\/sk\/wp-json\/wp\/v2\/product_tag?post=5524"}],"curies":[{"name":"wp","href":"https:\/\/api.w.org\/{rel}","templated":true}]}}