{"id":5528,"date":"2024-11-29T22:04:09","date_gmt":"2024-11-29T14:04:09","guid":{"rendered":"https:\/\/www.hnhlcrane.com\/?post_type=product&#038;p=5528"},"modified":"2025-09-14T22:52:34","modified_gmt":"2025-09-14T14:52:34","slug":"cleme-pentru-sine-cgek","status":"publish","type":"product","link":"https:\/\/www.hnhlcrane.com\/ro\/product\/cleme-pentru-sine-cgek\/","title":{"rendered":"Cleme pentru \u0219ine CGEK"},"content":{"rendered":"<h6><span style=\"font-family: arial, helvetica, sans-serif; font-size: 18pt;\"><strong>Caracteristici ale CGEK Rail Clips<\/strong><\/span><\/h6>\n<ol>\n<li><strong>Reglare lateral\u0103<\/strong><br \/>\nClemele pentru \u0219ine CGEK permit ajustarea lateral\u0103, ceea ce optimizeaz\u0103 condi\u021biile pentru instalarea \u0219i alinierea precis\u0103 a \u0219inelor.<\/li>\n<li><strong>Fiabilitate \u00een suportarea for\u021belor laterale<\/strong><br \/>\nComponentele fixe ale clipsurilor rezist\u0103 fiabil for\u021belor laterale generate \u00een timpul func\u021bion\u0103rii macaralei, asigur\u00e2nd stabilitatea.<\/li>\n<li><strong>Design compact<\/strong><br \/>\nAv\u00e2nd o structur\u0103 \u00eengust\u0103 \u0219i plat\u0103, aceste cleme ofer\u0103 dimensiuni optime de instalare \u0219i sunt potrivite pentru macarale cu sau f\u0103r\u0103 ro\u021bi de ghidare.<\/li>\n<li><strong>Mecanism de blocare automat\u0103<\/strong><br \/>\nPrin designul \u00een form\u0103 de pan\u0103 \u0219i suprafe\u021bele \u00eenclinate care se \u00eentrep\u0103trund ale pl\u0103cilor de prindere superioare \u0219i inferioare, clemele se blocheaz\u0103 automat \u00een pozi\u021bie.<\/li>\n<li><strong>Controlul toleran\u021bei \u0219i durabilitatea contactului<\/strong><br \/>\nAcestea se adapteaz\u0103 \u00een mod eficient toleran\u021belor \u0219inei \u0219i grinzii macaralei, asigur\u00e2nd \u00een acela\u0219i timp un contact de lung\u0103 durat\u0103 \u00eentre \u0219in\u0103 \u0219i baz\u0103, sus\u021binute de baze pretensionate.<\/li>\n<li><strong>Reducerea zgomotului<\/strong><br \/>\nDesignul reduce semnificativ zgomotul, contribuind la un mediu de lucru \u00eembun\u0103t\u0103\u021bit.<\/li>\n<li><strong>Materiale de \u00eenalt\u0103 rezisten\u021b\u0103<\/strong><br \/>\nComponentele sunt fabricate din o\u021bel structural slab aliat, cu rezisten\u021b\u0103 ridicat\u0103, pentru durabilitate \u0219i performan\u021b\u0103 sporite.<\/li>\n<li><strong>\u0218uruburi de \u00eenalt\u0103 rezisten\u021b\u0103<\/strong><br \/>\nEchipat cu \u0219uruburi de \u00eenalt\u0103 rezisten\u021b\u0103 M20, clasa 8.8, sistemul ofer\u0103 un cuplu de str\u00e2ngere de 220 N-m \u0219i poate rezista la o for\u021b\u0103 lateral\u0103 maxim\u0103 de 120 kN exercitat\u0103 de presiunea ro\u021bilor.<\/li>\n<\/ol>\n<hr \/>\n<h6><span style=\"font-family: arial, helvetica, sans-serif; font-size: 18pt;\"><strong>Pa\u0219i de instalare pentru CGEK <a href=\"https:\/\/www.hnhlcrane.com\/ro\/produse\/cleme-pentru-sine-de-macara\/\" target=\"_blank\" rel=\"noopener\">Cleme pentru \u0219ine<\/a><\/strong><\/span><\/h6>\n<ol>\n<li><strong>Pozi\u021bionarea pl\u0103cii de baz\u0103<\/strong>\n<ul>\n<li>Plasa\u021bi pl\u0103cile de baz\u0103 de-a lungul \u0219inei macaralei la intervale de 500 mm.<\/li>\n<li>Alinia\u021bi-le perpendicular pe \u0219in\u0103, cu centrul \u0219urubului \u00een T distan\u021bat de linia median\u0103 a \u0219inei \u00een conformitate cu valoarea specificat\u0103 <span class=\"katex\"><span class=\"katex-mathml\">aa<\/span><span class=\"katex-html\" aria-hidden=\"true\"><span class=\"base\"><span class=\"mord mathnormal\">a<\/span><\/span><\/span><\/span>.<\/li>\n<\/ul>\n<\/li>\n<li><strong>Sudarea pl\u0103cilor de baz\u0103<\/strong>\n<ul>\n<li>Suda\u021bi bine pl\u0103cile de baz\u0103 \u00een pozi\u021biile stabilite.<\/li>\n<\/ul>\n<\/li>\n<li><strong>Instalare secven\u021bial\u0103<\/strong>\n<ul>\n<li>Pozi\u021biona\u021bi \u0219uruburile \u00een T.<\/li>\n<li>Instala\u021bi componentele \u00een urm\u0103toarea ordine: placa de acoperire superioar\u0103 \u2192 \u0219aib\u0103 plat\u0103 \u2192 \u0219aib\u0103 elastic\u0103 \u2192 piuli\u021b\u0103.<\/li>\n<li>Str\u00e2nge\u021bi \u0219uruburile \u00een T \u0219i regla\u021bi placa de acoperire superioar\u0103 dup\u0103 cum este necesar.<\/li>\n<\/ul>\n<\/li>\n<\/ol>\n<p><img fetchpriority=\"high\" decoding=\"async\" class=\"alignnone wp-image-5532\" src=\"https:\/\/www.hnhlcrane.com\/wp-content\/uploads\/2024\/11\/CGEK-Rail-Clips-4-300x129.jpg\" alt=\"\" width=\"800\" height=\"344\" srcset=\"https:\/\/www.hnhlcrane.com\/wp-content\/uploads\/2024\/11\/CGEK-Rail-Clips-4-300x129.jpg 300w, https:\/\/www.hnhlcrane.com\/wp-content\/uploads\/2024\/11\/CGEK-Rail-Clips-4-768x331.jpg 768w, https:\/\/www.hnhlcrane.com\/wp-content\/uploads\/2024\/11\/CGEK-Rail-Clips-4-600x259.jpg 600w, https:\/\/www.hnhlcrane.com\/wp-content\/uploads\/2024\/11\/CGEK-Rail-Clips-4.jpg 1000w\" sizes=\"(max-width: 800px) 100vw, 800px\" \/><\/p>","protected":false},"excerpt":{"rendered":"<h6><span style=\"font-family: arial, helvetica, sans-serif; font-size: 14pt;\"><strong>Specifica\u021bii ale CGEK Rail Clips<\/strong><\/span><\/h6>\n<ul>\n<li><strong>Modele:<\/strong> CGEK38, CGEK43, CGEK50, CGEK60, CGEK70, CGEK80, CGEK100, CGEK120<\/li>\n<li><strong>Metoda de fixare:<\/strong> Plac\u0103 de baz\u0103 sudat\u0103<\/li>\n<\/ul>","protected":false},"featured_media":5529,"template":"","meta":{"_kad_post_transparent":"default","_kad_post_title":"","_kad_post_layout":"default","_kad_post_sidebar_id":"","_kad_post_content_style":"default","_kad_post_vertical_padding":"show","_kad_post_feature":"","_kad_post_feature_position":"","_kad_post_header":false,"_kad_post_footer":false},"product_brand":[],"product_cat":[83],"product_tag":[224,223,222,221,218,214,217,225,228,216,226,219,227,215,220],"class_list":{"0":"post-5528","1":"product","2":"type-product","3":"status-publish","4":"has-post-thumbnail","6":"product_cat-crane-rail-clips","7":"product_tag-05g525-rail-clips","8":"product_tag-cgbk-rail-clips","9":"product_tag-cgek-rail-clips","10":"product_tag-cgwk-rail-clips","11":"product_tag-crane-rail-clamp","12":"product_tag-crane-rail-clips","13":"product_tag-crane-rail-fixing-device","14":"product_tag-hdgy-rail-clips","15":"product_tag-rail-connection-splint","16":"product_tag-rail-fixing-device","17":"product_tag-rail-joints","18":"product_tag-swjk-rail-clips","19":"product_tag-tracks-jointing-plates","20":"product_tag-wjk-rail-clips","21":"product_tag-wjkc-rail-clips","23":"first","24":"instock","25":"shipping-taxable","26":"product-type-simple","27":"entry","28":"content-bg","29":"loop-entry"},"yoast_head":"<!-- This site is optimized with the Yoast SEO plugin v25.6 - https:\/\/yoast.com\/wordpress\/plugins\/seo\/ -->\n<title>CGEK Rail Clips \u2013 Precision Engineered Rail Fasteners<\/title>\n<meta name=\"description\" content=\"Engineered CGEK Rail Clips ensure stable and safe rail fastening. Perfect for railway construction, maintenance, and industrial tracks.\" \/>\n<meta name=\"robots\" content=\"index, follow, max-snippet:-1, max-image-preview:large, max-video-preview:-1\" \/>\n<link rel=\"canonical\" href=\"https:\/\/www.hnhlcrane.com\/ro\/product\/cleme-pentru-sine-cgek\/\" \/>\n<meta property=\"og:locale\" content=\"ro_RO\" \/>\n<meta property=\"og:type\" content=\"article\" \/>\n<meta property=\"og:title\" content=\"CGEK Rail Clips \u2013 Precision Engineered Rail Fasteners\" \/>\n<meta property=\"og:description\" content=\"Engineered CGEK Rail Clips ensure stable and safe rail fastening. Perfect for railway construction, maintenance, and industrial tracks.\" \/>\n<meta property=\"og:url\" content=\"https:\/\/www.hnhlcrane.com\/ro\/product\/cleme-pentru-sine-cgek\/\" \/>\n<meta property=\"og:site_name\" content=\"Crane Parts Supplier-HL Crame\" \/>\n<meta property=\"article:modified_time\" content=\"2025-09-14T14:52:34+00:00\" \/>\n<meta property=\"og:image\" content=\"https:\/\/www.hnhlcrane.com\/wp-content\/uploads\/2024\/11\/CGEK-Rail-Clips-1.jpg\" \/>\n\t<meta property=\"og:image:width\" content=\"600\" \/>\n\t<meta property=\"og:image:height\" content=\"600\" \/>\n\t<meta property=\"og:image:type\" content=\"image\/jpeg\" \/>\n<meta name=\"twitter:card\" content=\"summary_large_image\" \/>\n<meta name=\"twitter:label1\" content=\"Timp estimat pentru citire\" \/>\n\t<meta name=\"twitter:data1\" content=\"2 minute\" \/>\n<script type=\"application\/ld+json\" class=\"yoast-schema-graph\">{\"@context\":\"https:\/\/schema.org\",\"@graph\":[{\"@type\":\"WebPage\",\"@id\":\"https:\/\/www.hnhlcrane.com\/product\/cgek-rail-clips\/\",\"url\":\"https:\/\/www.hnhlcrane.com\/product\/cgek-rail-clips\/\",\"name\":\"CGEK Rail Clips \u2013 Precision Engineered Rail Fasteners\",\"isPartOf\":{\"@id\":\"https:\/\/www.hnhlcrane.com\/#website\"},\"primaryImageOfPage\":{\"@id\":\"https:\/\/www.hnhlcrane.com\/product\/cgek-rail-clips\/#primaryimage\"},\"image\":{\"@id\":\"https:\/\/www.hnhlcrane.com\/product\/cgek-rail-clips\/#primaryimage\"},\"thumbnailUrl\":\"https:\/\/www.hnhlcrane.com\/wp-content\/uploads\/2024\/11\/CGEK-Rail-Clips-1.jpg\",\"datePublished\":\"2024-11-29T14:04:09+00:00\",\"dateModified\":\"2025-09-14T14:52:34+00:00\",\"description\":\"Engineered CGEK Rail Clips ensure stable and safe rail fastening. Perfect for railway construction, maintenance, and industrial tracks.\",\"breadcrumb\":{\"@id\":\"https:\/\/www.hnhlcrane.com\/product\/cgek-rail-clips\/#breadcrumb\"},\"inLanguage\":\"ro-RO\",\"potentialAction\":[{\"@type\":\"ReadAction\",\"target\":[\"https:\/\/www.hnhlcrane.com\/product\/cgek-rail-clips\/\"]}]},{\"@type\":\"ImageObject\",\"inLanguage\":\"ro-RO\",\"@id\":\"https:\/\/www.hnhlcrane.com\/product\/cgek-rail-clips\/#primaryimage\",\"url\":\"https:\/\/www.hnhlcrane.com\/wp-content\/uploads\/2024\/11\/CGEK-Rail-Clips-1.jpg\",\"contentUrl\":\"https:\/\/www.hnhlcrane.com\/wp-content\/uploads\/2024\/11\/CGEK-Rail-Clips-1.jpg\",\"width\":600,\"height\":600},{\"@type\":\"BreadcrumbList\",\"@id\":\"https:\/\/www.hnhlcrane.com\/product\/cgek-rail-clips\/#breadcrumb\",\"itemListElement\":[{\"@type\":\"ListItem\",\"position\":1,\"name\":\"home\",\"item\":\"https:\/\/www.hnhlcrane.com\/\"},{\"@type\":\"ListItem\",\"position\":2,\"name\":\"products\",\"item\":\"https:\/\/www.hnhlcrane.com\/products\/\"},{\"@type\":\"ListItem\",\"position\":3,\"name\":\"CGEK Rail Clips\"}]},{\"@type\":\"WebSite\",\"@id\":\"https:\/\/www.hnhlcrane.com\/#website\",\"url\":\"https:\/\/www.hnhlcrane.com\/\",\"name\":\"Crane Parts Supplier-HL Crame\",\"description\":\"One-stop solution for all your  crane parts needs,Crane Hook,Crane Drum,Crane Wheel,Crane Coupling,Crane Gearbox,Crane Motor,Crane Brake,Special Crane Spreader,Crane grab,Container spreader,Billet crane clamps,Crane C-type spreader,Lifting Electromagnet,Crane Rail Clips,Electric Hoist,FEM Standard Crane End Carriages,Light Crane Parts,Workstation Crane Parts,Crane Electrical Parts,I-beam cable trolley,Crane remote controller,Crane electrical control cabinet,Crane limit switch,Crane sound and light alarm,Heavy Duty Aviation Connector,Crane overload limiter,China Crane Parts Supplier,Crane hooks,Gantry crane hook,Crane accessories,Forged hook,hook processing,Hook manufacturer,China standard crane hook,electric hoist hook,Crane pulley,Hook pulley,Rolled pulley,Crane Pulley Supplier\uff0cEuropean hook pulley,Gantry crane hook pulley,WZL type crane drum,European style reel set,Crane reel,crane parts,Drum processing,crane drum manufacturer,Cast steel drum,Electric hoist drum,Crane drum assembly,DRS Wheel Blocks,European crane wheel,Forged wheels,Active wheel set,Driving wheel set,Driven wheel group,crane wheels manufacturer,Demag crane wheels,Konecranes Crane Wheels,Overhead crane Wheel,Shaft couplings,Power Transmission Couplings,Disc Couplings,Fluid couplings,Coupling manufacturer\uff0cCardan coupling,Crane Reducer,Crane Decelerators,Reducer gearbox,Reducer for crane,Gear Reducer For Crane,Hard tooth surface reducerCrane and hoist reducer,Flender reducer,Reducer manufacturer,ZQ reducer,QJ reducer,QJY reducer,Gear Motors,Konecranes reducer,F series three-in-one reducer,K series three-in-one reducer,travelling machinery,Travelling Motor With Gear,Gear Motor for Crane Traveling,Travelling machinery Frequency inverter motors,FEM standard Gear Motors,Crane motors,Inverter motors,Hoist motors,motorCrane duty motors,Special motor for crane,YZR YZP YZ series motors,Crane and hoist motor,Frequency conversion motor,Electro hydraulic drum brakes,Electro-hydraulic disc brakes,Brake,Overhead Crane Brakes,Disc brakes,Electromagnetic disk brake,Crane hydraulic disc brake,Brakes manufacturer,crane Safety brakes,Singlr rope grab,Four rope grab,Electro-hydraulic multi-flap grab,Orange peel grab,Electric motor grab,Electro-Hydraulicclamshell grab,grab manufacturers,Container spreader manufacturers,20ft Container Spreader,Semi Automatic container spreader,40ft Container Lifting Frame,TEC container Spreader,Billet lifting clamp,Billet Clamps,Billet crane clamps manufacturer,billet lifting clamps china supplier,Coil C-Type Hook,coil hook,Overhead Crane Steel Coil C-Type Hook,Crane C-hook,C-type spreader,C-type hook,Crane magnets,Rail fixing device,Crane Rail fixing device,crane Rail Clamp,CD\/MD Wire Rope Electric Hoist,Wire Rope Electric Hoist China Manufacturer,Single Girder Wire Rope Electric Hoist,Double Girder Wire Rope Electric Hoist,Chain Hoist,Electric chain hoist manufacturer,Electric chain hoist China distributor,European wire rope electric hoist\uff0cEuropean double beam wire rope electric hoist,European Style Single Beam Crane End Carriage,FEN\/DIN European Style Single Beam Crane End Carriage,Crane end beam manufacturers,European style hoist double beam crane end beam,Suspension crane end beam,European style suspended single beam crane end beam,FEN\/DIN Suspension crane end beam,crane cable trolley,Wireless remote control,remote controller,Crane control handle,Crane Controls,electrical control cabinet,crane control cabinet,Limit switch,Sound and light alarm,Aviation plug,quick connector,Crane aviation plug,Overload limiter\",\"publisher\":{\"@id\":\"https:\/\/www.hnhlcrane.com\/#organization\"},\"potentialAction\":[{\"@type\":\"SearchAction\",\"target\":{\"@type\":\"EntryPoint\",\"urlTemplate\":\"https:\/\/www.hnhlcrane.com\/?s={search_term_string}\"},\"query-input\":{\"@type\":\"PropertyValueSpecification\",\"valueRequired\":true,\"valueName\":\"search_term_string\"}}],\"inLanguage\":\"ro-RO\"},{\"@type\":\"Organization\",\"@id\":\"https:\/\/www.hnhlcrane.com\/#organization\",\"name\":\"Crane Parts Supplier-HL Crame\",\"url\":\"https:\/\/www.hnhlcrane.com\/\",\"logo\":{\"@type\":\"ImageObject\",\"inLanguage\":\"ro-RO\",\"@id\":\"https:\/\/www.hnhlcrane.com\/#\/schema\/logo\/image\/\",\"url\":\"https:\/\/www.hnhlcrane.com\/wp-content\/uploads\/2024\/09\/logo6-1-e1733899395598.png\",\"contentUrl\":\"https:\/\/www.hnhlcrane.com\/wp-content\/uploads\/2024\/09\/logo6-1-e1733899395598.png\",\"width\":1000,\"height\":282,\"caption\":\"Crane Parts Supplier-HL Crame\"},\"image\":{\"@id\":\"https:\/\/www.hnhlcrane.com\/#\/schema\/logo\/image\/\"}}]}<\/script>\n<!-- \/ Yoast SEO plugin. -->","yoast_head_json":{"title":"Clipsuri pentru \u0219ine CGEK - Elemente de fixare pentru \u0219ine proiectate cu precizie","description":"Clemele pentru \u0219ine CGEK proiectate asigur\u0103 fixarea stabil\u0103 \u0219i sigur\u0103 a \u0219inelor. Perfecte pentru construc\u021bia \u0219i \u00eentre\u021binerea c\u0103ilor ferate \u0219i a \u0219inelor industriale.","robots":{"index":"index","follow":"follow","max-snippet":"max-snippet:-1","max-image-preview":"max-image-preview:large","max-video-preview":"max-video-preview:-1"},"canonical":"https:\/\/www.hnhlcrane.com\/ro\/product\/cleme-pentru-sine-cgek\/","og_locale":"ro_RO","og_type":"article","og_title":"CGEK Rail Clips \u2013 Precision Engineered Rail Fasteners","og_description":"Engineered CGEK Rail Clips ensure stable and safe rail fastening. Perfect for railway construction, maintenance, and industrial tracks.","og_url":"https:\/\/www.hnhlcrane.com\/ro\/product\/cleme-pentru-sine-cgek\/","og_site_name":"Crane Parts Supplier-HL Crame","article_modified_time":"2025-09-14T14:52:34+00:00","og_image":[{"width":600,"height":600,"url":"https:\/\/www.hnhlcrane.com\/wp-content\/uploads\/2024\/11\/CGEK-Rail-Clips-1.jpg","type":"image\/jpeg"}],"twitter_card":"summary_large_image","twitter_misc":{"Timp estimat pentru citire":"2 minute"},"schema":{"@context":"https:\/\/schema.org","@graph":[{"@type":"WebPage","@id":"https:\/\/www.hnhlcrane.com\/product\/cgek-rail-clips\/","url":"https:\/\/www.hnhlcrane.com\/product\/cgek-rail-clips\/","name":"Clipsuri pentru \u0219ine CGEK - Elemente de fixare pentru \u0219ine proiectate cu precizie","isPartOf":{"@id":"https:\/\/www.hnhlcrane.com\/#website"},"primaryImageOfPage":{"@id":"https:\/\/www.hnhlcrane.com\/product\/cgek-rail-clips\/#primaryimage"},"image":{"@id":"https:\/\/www.hnhlcrane.com\/product\/cgek-rail-clips\/#primaryimage"},"thumbnailUrl":"https:\/\/www.hnhlcrane.com\/wp-content\/uploads\/2024\/11\/CGEK-Rail-Clips-1.jpg","datePublished":"2024-11-29T14:04:09+00:00","dateModified":"2025-09-14T14:52:34+00:00","description":"Clemele pentru \u0219ine CGEK proiectate asigur\u0103 fixarea stabil\u0103 \u0219i sigur\u0103 a \u0219inelor. Perfecte pentru construc\u021bia \u0219i \u00eentre\u021binerea c\u0103ilor ferate \u0219i a \u0219inelor industriale.","breadcrumb":{"@id":"https:\/\/www.hnhlcrane.com\/product\/cgek-rail-clips\/#breadcrumb"},"inLanguage":"ro-RO","potentialAction":[{"@type":"ReadAction","target":["https:\/\/www.hnhlcrane.com\/product\/cgek-rail-clips\/"]}]},{"@type":"ImageObject","inLanguage":"ro-RO","@id":"https:\/\/www.hnhlcrane.com\/product\/cgek-rail-clips\/#primaryimage","url":"https:\/\/www.hnhlcrane.com\/wp-content\/uploads\/2024\/11\/CGEK-Rail-Clips-1.jpg","contentUrl":"https:\/\/www.hnhlcrane.com\/wp-content\/uploads\/2024\/11\/CGEK-Rail-Clips-1.jpg","width":600,"height":600},{"@type":"BreadcrumbList","@id":"https:\/\/www.hnhlcrane.com\/product\/cgek-rail-clips\/#breadcrumb","itemListElement":[{"@type":"ListItem","position":1,"name":"home","item":"https:\/\/www.hnhlcrane.com\/"},{"@type":"ListItem","position":2,"name":"products","item":"https:\/\/www.hnhlcrane.com\/products\/"},{"@type":"ListItem","position":3,"name":"CGEK Rail Clips"}]},{"@type":"WebSite","@id":"https:\/\/www.hnhlcrane.com\/#website","url":"https:\/\/www.hnhlcrane.com\/","name":"Furnizor de piese de macara-HL Crame","description":"Solu\u021bie unic\u0103 pentru toate nevoile dvs. de piese de macara, c\u00e2rlig de macara, tambur de macara, roat\u0103 de macara, cuplaj de macara, cutie de viteze de macara, motor de macara, fr\u00e2n\u0103 de macara, r\u0103sp\u00e2nditor special de macara, apuc\u0103tor de macara, r\u0103sp\u00e2nditor de containere, cleme de macara Billet, r\u0103sp\u00e2nditor tip C de macara,Electromagnet de ridicare, cleme pentru \u0219ine de macara, troliu electric, c\u0103rucioare de cap\u0103t de macara standard FEM, piese de macara u\u0219oare, piese de macara pentru sta\u021bii de lucru, piese electrice de macara, c\u0103rucior cu cablu cu grinzi I, telecomand\u0103 pentru macara, dulap de control electric pentru macara,\u00centrerup\u0103tor de limit\u0103 macara, alarm\u0103 sonor\u0103 \u0219i luminoas\u0103 macara, conector de avia\u021bie heavy duty, limitator de suprasarcin\u0103 macara, Furnizor de piese macara China, c\u00e2rlige macara, c\u00e2rlig macara de tip Gantry, accesorii macara, c\u00e2rlig forjat, prelucrare c\u00e2rlig, produc\u0103tor c\u00e2rlig, c\u00e2rlig macara standard China, c\u00e2rlig troliu electric, scripete macara, scripete c\u00e2rlig, scripete laminate, Furnizor de scripete macara, scripete c\u00e2rlig european, scripete c\u00e2rlig macara de tip Gantry, tambur macara tip WZL, set de role \u00een stil european, rol\u0103 macara,Piese macara, Prelucrarea tamburului, Produc\u0103tor tambur macara, Tambur din o\u021bel turnat, Tambur troliu electric, Ansamblu tambur macara, Blocuri ro\u021bi DRS, Roat\u0103 macara european\u0103, Ro\u021bi forjate, Set ro\u021bi active, Set ro\u021bi motoare, Grup ro\u021bi motoare, Produc\u0103tor ro\u021bi macara, Ro\u021bi macara Demag, Ro\u021bi macara Konecranes, Roat\u0103 pod rulant, Cuplaje arbore, Cuplaje transmisie putere, Cuplaje disc, Cuplaje fluide, Produc\u0103tor cuplaj\uff0cCuplaj cardan, Reductor macara,Reductoare pentru macara, reductor pentru macara, reductor pentru macara, reductor cu suprafa\u021b\u0103 din\u021bat\u0103 dur\u0103, reductor pentru macara \u0219i troliu, reductor Flender, produc\u0103tor de reductoare, reductor ZQ, reductor QJ, reductor QJY, motoare cu angrenaje, reductor Konecranes,Reductor trei \u00een unu seria F, reductor trei \u00een unu seria K, utilaje de deplasare, motor de deplasare cu angrenaj, motor cu angrenaj pentru deplasarea macaralei, utilaje de deplasare Motoare cu invertor de frecven\u021b\u0103, motoare cu angrenaj standard FEM, motoare pentru macarale,Motoare invertor, Motoare de ridicare, MotorMotoare pentru macara, Motor special pentru macara, Motoare din seria YZR YZP YZ, Motor de macara \u0219i de ridicare, Motor de conversie a frecven\u021bei, Fr\u00e2ne electrohidraulice cu tambur, Fr\u00e2ne electrohidraulice cu disc, Fr\u00e2n\u0103, Fr\u00e2ne pentru macara suspendat\u0103, Fr\u00e2ne cu disc, Fr\u00e2n\u0103 electromagnetic\u0103 cu disc, Fr\u00e2n\u0103 hidraulic\u0103 cu disc pentru macara, Produc\u0103tor de fr\u00e2ne, Fr\u00e2ne de siguran\u021b\u0103 pentru macara, Prindere cu cablu simplu, Prindere cu patru cabluri, Prindere electrohidraulic\u0103 cu mai multe clape, Prindere cu coaj\u0103 portocalie, Prindere cu motor electric,Electro-hidraulicclamshell apuca, produc\u0103torii de apucare, produc\u0103torii de \u00eempr\u0103\u0219tiere a containerelor, 20ft Container Spreader, Semi Automatic container Spreader, 40ft Container Lifting Frame, TEC container Spreader, Billet clem\u0103 de ridicare, Billet Cleme, Billet macara cleme produc\u0103tor, billet cleme de ridicare china furnizor, Coil C-Type Hook, c\u00e2rlig bobina, Overhead Crane Steel Coil C-Type Hook, Crane C-hook, C-type Spreader, C-type Hook, Crane magne\u021bi, Dispozitiv de fixare feroviar,Dispozitiv de fixare a \u0219inei macaralei, clem\u0103 pentru \u0219in\u0103 macara, troliu electric cu cablu de s\u00e2rm\u0103 CD\/MD, troliu electric cu cablu de s\u00e2rm\u0103 China produc\u0103tor, troliu electric cu cablu de s\u00e2rm\u0103 cu o singur\u0103 grind\u0103, troliu electric cu cablu de s\u00e2rm\u0103 cu dou\u0103 grinzi, troliu cu lan\u021b, troliu electric cu lan\u021b produc\u0103tor, troliu electric cu lan\u021b China distribuitor, troliu electric cu cablu de s\u00e2rm\u0103 european, troliu electric cu cablu de s\u00e2rm\u0103 cu dou\u0103 grinzi europene, c\u0103rucior de cap\u0103t pentru macara cu o singur\u0103 grind\u0103 \u00een stil european, c\u0103rucior de cap\u0103t pentru macara cu o singur\u0103 grind\u0103 \u00een stil european FEN\/DIN,Produc\u0103tori de fascicule de cap\u0103t pentru macara, fascicul de cap\u0103t pentru macara cu fascicul dublu \u00een stil european, fascicul de cap\u0103t pentru macara cu suspensie, fascicul de cap\u0103t pentru macara cu fascicul unic suspendat \u00een stil european, fascicul de cap\u0103t pentru macara cu suspensie FEN\/DIN, c\u0103rucior cu cablu pentru macara, telecomand\u0103 f\u0103r\u0103 fir, telecomand\u0103, m\u00e2ner de control pentru macara, comenzi pentru macara, dulap de control electric, dulap de control pentru macara, comutator de limit\u0103, alarm\u0103 sonor\u0103 \u0219i luminoas\u0103, fi\u0219\u0103 de avia\u021bie, conector rapid, fi\u0219\u0103 de avia\u021bie pentru macara, limitator de suprasarcin\u0103","publisher":{"@id":"https:\/\/www.hnhlcrane.com\/#organization"},"potentialAction":[{"@type":"SearchAction","target":{"@type":"EntryPoint","urlTemplate":"https:\/\/www.hnhlcrane.com\/?s={search_term_string}"},"query-input":{"@type":"PropertyValueSpecification","valueRequired":true,"valueName":"search_term_string"}}],"inLanguage":"ro-RO"},{"@type":"Organization","@id":"https:\/\/www.hnhlcrane.com\/#organization","name":"Furnizor de piese de macara-HL Crame","url":"https:\/\/www.hnhlcrane.com\/","logo":{"@type":"ImageObject","inLanguage":"ro-RO","@id":"https:\/\/www.hnhlcrane.com\/#\/schema\/logo\/image\/","url":"https:\/\/www.hnhlcrane.com\/wp-content\/uploads\/2024\/09\/logo6-1-e1733899395598.png","contentUrl":"https:\/\/www.hnhlcrane.com\/wp-content\/uploads\/2024\/09\/logo6-1-e1733899395598.png","width":1000,"height":282,"caption":"Crane Parts Supplier-HL Crame"},"image":{"@id":"https:\/\/www.hnhlcrane.com\/#\/schema\/logo\/image\/"}}]}},"_links":{"self":[{"href":"https:\/\/www.hnhlcrane.com\/ro\/wp-json\/wp\/v2\/product\/5528","targetHints":{"allow":["GET"]}}],"collection":[{"href":"https:\/\/www.hnhlcrane.com\/ro\/wp-json\/wp\/v2\/product"}],"about":[{"href":"https:\/\/www.hnhlcrane.com\/ro\/wp-json\/wp\/v2\/types\/product"}],"version-history":[{"count":2,"href":"https:\/\/www.hnhlcrane.com\/ro\/wp-json\/wp\/v2\/product\/5528\/revisions"}],"predecessor-version":[{"id":6972,"href":"https:\/\/www.hnhlcrane.com\/ro\/wp-json\/wp\/v2\/product\/5528\/revisions\/6972"}],"wp:featuredmedia":[{"embeddable":true,"href":"https:\/\/www.hnhlcrane.com\/ro\/wp-json\/wp\/v2\/media\/5529"}],"wp:attachment":[{"href":"https:\/\/www.hnhlcrane.com\/ro\/wp-json\/wp\/v2\/media?parent=5528"}],"wp:term":[{"taxonomy":"product_brand","embeddable":true,"href":"https:\/\/www.hnhlcrane.com\/ro\/wp-json\/wp\/v2\/product_brand?post=5528"},{"taxonomy":"product_cat","embeddable":true,"href":"https:\/\/www.hnhlcrane.com\/ro\/wp-json\/wp\/v2\/product_cat?post=5528"},{"taxonomy":"product_tag","embeddable":true,"href":"https:\/\/www.hnhlcrane.com\/ro\/wp-json\/wp\/v2\/product_tag?post=5528"}],"curies":[{"name":"wp","href":"https:\/\/api.w.org\/{rel}","templated":true}]}}