{"id":5524,"date":"2024-11-29T21:45:30","date_gmt":"2024-11-29T13:45:30","guid":{"rendered":"https:\/\/www.hnhlcrane.com\/?post_type=product&#038;p=5524"},"modified":"2025-09-14T22:47:54","modified_gmt":"2025-09-14T14:47:54","slug":"cleme-de-sina-cgwk","status":"publish","type":"product","link":"https:\/\/www.hnhlcrane.com\/ro\/product\/cleme-de-sina-cgwk\/","title":{"rendered":"Cleme pentru \u0219ine CGWK"},"content":{"rendered":"<h6><span style=\"font-family: arial, helvetica, sans-serif; font-size: 18pt;\"><strong>Caracteristici ale clemelor pentru \u0219ine CGWK<\/strong><\/span><\/h6>\n<ol>\n<li><strong>Sudarea pl\u0103cii de baz\u0103<\/strong>:<br \/>\nPlaca de baz\u0103 CGWK este sudat\u0103 la flan\u0219a superioar\u0103 a grinzii de o\u021bel a macaralei folosind fie suduri de col\u021b pe dou\u0103 laturi, fie suduri de \u00eenf\u0103\u0219urare pe trei laturi. Acest lucru asigur\u0103 transmiterea uniform\u0103 a for\u021belor laterale orizontale de la macara la grinda macaralei, evit\u00e2nd sl\u0103biciunile structurale cauzate de g\u0103urirea extensiv\u0103 a flan\u0219ei grinzii.<\/li>\n<li><strong>Racord sferic cu balamale<\/strong>:<br \/>\nPlaca de baz\u0103 \u0219i placa de prindere superioar\u0103 sunt conectate prin intermediul unei balamale sferice. Acest design permite o u\u0219oar\u0103 \u00eenclinare sub ac\u021biunea for\u021belor laterale, reduc\u00e2nd \u00een mod eficient impactul for\u021belor orizontale asupra grinzii \u0219i a sistemelor de fr\u00e2nare.<\/li>\n<li><strong>Pozi\u021bionare Proximitate<\/strong>:<br \/>\nPlaca de baz\u0103 CGWK este pozi\u021bionat\u0103 aproximativ <strong>1mm<\/strong> sub marginea inferioar\u0103 a \u0219inei, ceea ce limiteaz\u0103 efectiv mi\u0219carea lateral\u0103 a \u0219inei.<\/li>\n<li><strong>\u0218uruburi speciale pentru stabilitate<\/strong>:<br \/>\nSunt utilizate \u0219uruburi speciale pentru a optimiza distribu\u021bia sarcinii pe componentele de fixare, iar placa de prindere superioar\u0103 poate fi \u00eendep\u0103rtat\u0103 cu u\u0219urin\u021b\u0103, facilit\u00e2nd foarte mult instalarea \u0219i \u00eentre\u021binerea.<\/li>\n<li><strong>Material \u0219i rezisten\u021b\u0103<\/strong>:<br \/>\nToate componentele de fixare sunt fabricate din o\u021bel de \u00eenalt\u0103 rezisten\u021b\u0103 slab aliat. Caracteristicile <strong>M20 Grad 8.8<\/strong> \u0219uruburile de rezisten\u021b\u0103 sunt str\u00e2nse la un cuplu de <strong>220N-m<\/strong>, iar sistemul poate rezista la o for\u021b\u0103 lateral\u0103 maxim\u0103 de <strong>65kN<\/strong> la fiecare punct de \u00eenc\u0103rcare a ro\u021bii.<\/li>\n<\/ol>\n<h6><span style=\"font-family: arial, helvetica, sans-serif; font-size: 18pt;\"><strong>Instruc\u021biuni de instalare pentru CGWK<a href=\"https:\/\/www.hnhlcrane.com\/ro\/produse\/cleme-pentru-sine-de-macara\/\" target=\"_blank\" rel=\"noopener\"> Cleme pentru \u0219ine<\/a><\/strong><\/span><\/h6>\n<ol>\n<li><strong>Alinierea c\u0103ii ferate<\/strong>:<br \/>\nAlinia\u021bi \u0219ina conform specifica\u021biilor de proiectare \u00eenainte de a \u00eencepe instalarea.<\/li>\n<li><strong>Pozi\u021bionarea pl\u0103cii de baz\u0103<\/strong>:\n<ul>\n<li>Pozi\u021biona\u021bi pl\u0103cile de baz\u0103 de-a lungul direc\u021biei \u0219inei la intervale de <strong>500mm<\/strong>.<\/li>\n<li>Asigura\u021bi-v\u0103 c\u0103 distan\u021ba perpendicular\u0103 de la centrul \u0219urubului la centrul \u0219inei (valoarea <strong>a<\/strong>) este pozi\u021bionat corect.<\/li>\n<\/ul>\n<\/li>\n<li><strong>Sudarea pl\u0103cii de baz\u0103<\/strong>:<br \/>\nSe sudeaz\u0103 placa de baz\u0103 la grinda macaralei folosind metoda specificat\u0103 (sudare pe dou\u0103 sau trei laturi).<\/li>\n<li><strong>Asamblarea componentelor<\/strong>:<br \/>\nMonta\u021bi clemele \u00een urm\u0103toarea ordine:<\/p>\n<ul>\n<li>Pozi\u021biona\u021bi \u0219uruburile<\/li>\n<li>A\u0219eza\u021bi placa de prindere superioar\u0103<\/li>\n<li>Ad\u0103uga\u021bi \u0219aibe plate, \u0219aibe elastice \u0219i piuli\u021be<\/li>\n<li>Str\u00e2nge\u021bi piuli\u021bele la un cuplu de <strong>220N-m<\/strong>.<\/li>\n<\/ul>\n<\/li>\n<\/ol>\n<p><img fetchpriority=\"high\" decoding=\"async\" class=\"alignnone wp-image-5526\" src=\"https:\/\/www.hnhlcrane.com\/wp-content\/uploads\/2024\/11\/CGWK-Rail-Clips-1-300x103.jpg\" alt=\"\" width=\"804\" height=\"276\" srcset=\"https:\/\/www.hnhlcrane.com\/wp-content\/uploads\/2024\/11\/CGWK-Rail-Clips-1-300x103.jpg 300w, https:\/\/www.hnhlcrane.com\/wp-content\/uploads\/2024\/11\/CGWK-Rail-Clips-1-768x263.jpg 768w, https:\/\/www.hnhlcrane.com\/wp-content\/uploads\/2024\/11\/CGWK-Rail-Clips-1-600x205.jpg 600w, https:\/\/www.hnhlcrane.com\/wp-content\/uploads\/2024\/11\/CGWK-Rail-Clips-1.jpg 1000w\" sizes=\"(max-width: 804px) 100vw, 804px\" \/><\/p>","protected":false},"excerpt":{"rendered":"<h6><span style=\"font-family: arial, helvetica, sans-serif; font-size: 14pt;\"><strong>Specifica\u021bii ale CGWK Rail Clips<\/strong><\/span><\/h6>\n<ul>\n<li><strong>Modele<\/strong>: CGWK38, CGWK43, CGWK50, CGWK60, CGWK70, CGWK80, CGWK100, CGWK120<\/li>\n<li><strong>Metoda de fixare<\/strong>: Plac\u0103 de baz\u0103 sudat\u0103<\/li>\n<\/ul>","protected":false},"featured_media":5525,"template":"","meta":{"_kad_post_transparent":"default","_kad_post_title":"","_kad_post_layout":"default","_kad_post_sidebar_id":"","_kad_post_content_style":"default","_kad_post_vertical_padding":"show","_kad_post_feature":"","_kad_post_feature_position":"","_kad_post_header":false,"_kad_post_footer":false},"product_brand":[],"product_cat":[83],"product_tag":[224,223,222,221,218,214,217,225,228,216,226,219,227,215,220],"class_list":{"0":"post-5524","1":"product","2":"type-product","3":"status-publish","4":"has-post-thumbnail","6":"product_cat-crane-rail-clips","7":"product_tag-05g525-rail-clips","8":"product_tag-cgbk-rail-clips","9":"product_tag-cgek-rail-clips","10":"product_tag-cgwk-rail-clips","11":"product_tag-crane-rail-clamp","12":"product_tag-crane-rail-clips","13":"product_tag-crane-rail-fixing-device","14":"product_tag-hdgy-rail-clips","15":"product_tag-rail-connection-splint","16":"product_tag-rail-fixing-device","17":"product_tag-rail-joints","18":"product_tag-swjk-rail-clips","19":"product_tag-tracks-jointing-plates","20":"product_tag-wjk-rail-clips","21":"product_tag-wjkc-rail-clips","23":"first","24":"instock","25":"shipping-taxable","26":"product-type-simple","27":"entry","28":"content-bg","29":"loop-entry"},"yoast_head":"<!-- This site is optimized with the Yoast SEO plugin v25.6 - https:\/\/yoast.com\/wordpress\/plugins\/seo\/ -->\n<title>CGWK Rail Clips \u2013 Durable &amp; Reliable Rail Fastening Solution<\/title>\n<meta name=\"description\" content=\"High-quality CGWK Rail Clips for secure and long-lasting rail connections. Ideal for railways, industrial tracks, and heavy-duty applications.\" \/>\n<meta name=\"robots\" content=\"index, follow, max-snippet:-1, max-image-preview:large, max-video-preview:-1\" \/>\n<link rel=\"canonical\" href=\"https:\/\/www.hnhlcrane.com\/ro\/product\/cleme-de-sina-cgwk\/\" \/>\n<meta property=\"og:locale\" content=\"ro_RO\" \/>\n<meta property=\"og:type\" content=\"article\" \/>\n<meta property=\"og:title\" content=\"CGWK Rail Clips \u2013 Durable &amp; Reliable Rail Fastening Solution\" \/>\n<meta property=\"og:description\" content=\"High-quality CGWK Rail Clips for secure and long-lasting rail connections. Ideal for railways, industrial tracks, and heavy-duty applications.\" \/>\n<meta property=\"og:url\" content=\"https:\/\/www.hnhlcrane.com\/ro\/product\/cleme-de-sina-cgwk\/\" \/>\n<meta property=\"og:site_name\" content=\"Crane Parts Supplier-HL Crame\" \/>\n<meta property=\"article:modified_time\" content=\"2025-09-14T14:47:54+00:00\" \/>\n<meta property=\"og:image\" content=\"https:\/\/www.hnhlcrane.com\/wp-content\/uploads\/2024\/11\/CGWK-Rail-Clips.jpg\" \/>\n\t<meta property=\"og:image:width\" content=\"600\" \/>\n\t<meta property=\"og:image:height\" content=\"600\" \/>\n\t<meta property=\"og:image:type\" content=\"image\/jpeg\" \/>\n<meta name=\"twitter:card\" content=\"summary_large_image\" \/>\n<meta name=\"twitter:label1\" content=\"Timp estimat pentru citire\" \/>\n\t<meta name=\"twitter:data1\" content=\"2 minute\" \/>\n<script type=\"application\/ld+json\" class=\"yoast-schema-graph\">{\"@context\":\"https:\/\/schema.org\",\"@graph\":[{\"@type\":\"WebPage\",\"@id\":\"https:\/\/www.hnhlcrane.com\/product\/cgwk-rail-clips\/\",\"url\":\"https:\/\/www.hnhlcrane.com\/product\/cgwk-rail-clips\/\",\"name\":\"CGWK Rail Clips \u2013 Durable & Reliable Rail Fastening Solution\",\"isPartOf\":{\"@id\":\"https:\/\/www.hnhlcrane.com\/#website\"},\"primaryImageOfPage\":{\"@id\":\"https:\/\/www.hnhlcrane.com\/product\/cgwk-rail-clips\/#primaryimage\"},\"image\":{\"@id\":\"https:\/\/www.hnhlcrane.com\/product\/cgwk-rail-clips\/#primaryimage\"},\"thumbnailUrl\":\"https:\/\/www.hnhlcrane.com\/wp-content\/uploads\/2024\/11\/CGWK-Rail-Clips.jpg\",\"datePublished\":\"2024-11-29T13:45:30+00:00\",\"dateModified\":\"2025-09-14T14:47:54+00:00\",\"description\":\"High-quality CGWK Rail Clips for secure and long-lasting rail connections. Ideal for railways, industrial tracks, and heavy-duty applications.\",\"breadcrumb\":{\"@id\":\"https:\/\/www.hnhlcrane.com\/product\/cgwk-rail-clips\/#breadcrumb\"},\"inLanguage\":\"ro-RO\",\"potentialAction\":[{\"@type\":\"ReadAction\",\"target\":[\"https:\/\/www.hnhlcrane.com\/product\/cgwk-rail-clips\/\"]}]},{\"@type\":\"ImageObject\",\"inLanguage\":\"ro-RO\",\"@id\":\"https:\/\/www.hnhlcrane.com\/product\/cgwk-rail-clips\/#primaryimage\",\"url\":\"https:\/\/www.hnhlcrane.com\/wp-content\/uploads\/2024\/11\/CGWK-Rail-Clips.jpg\",\"contentUrl\":\"https:\/\/www.hnhlcrane.com\/wp-content\/uploads\/2024\/11\/CGWK-Rail-Clips.jpg\",\"width\":600,\"height\":600},{\"@type\":\"BreadcrumbList\",\"@id\":\"https:\/\/www.hnhlcrane.com\/product\/cgwk-rail-clips\/#breadcrumb\",\"itemListElement\":[{\"@type\":\"ListItem\",\"position\":1,\"name\":\"home\",\"item\":\"https:\/\/www.hnhlcrane.com\/\"},{\"@type\":\"ListItem\",\"position\":2,\"name\":\"products\",\"item\":\"https:\/\/www.hnhlcrane.com\/products\/\"},{\"@type\":\"ListItem\",\"position\":3,\"name\":\"CGWK Rail Clips\"}]},{\"@type\":\"WebSite\",\"@id\":\"https:\/\/www.hnhlcrane.com\/#website\",\"url\":\"https:\/\/www.hnhlcrane.com\/\",\"name\":\"Crane Parts Supplier-HL Crame\",\"description\":\"One-stop solution for all your  crane parts needs,Crane Hook,Crane Drum,Crane Wheel,Crane Coupling,Crane Gearbox,Crane Motor,Crane Brake,Special Crane Spreader,Crane grab,Container spreader,Billet crane clamps,Crane C-type spreader,Lifting Electromagnet,Crane Rail Clips,Electric Hoist,FEM Standard Crane End Carriages,Light Crane Parts,Workstation Crane Parts,Crane Electrical Parts,I-beam cable trolley,Crane remote controller,Crane electrical control cabinet,Crane limit switch,Crane sound and light alarm,Heavy Duty Aviation Connector,Crane overload limiter,China Crane Parts Supplier,Crane hooks,Gantry crane hook,Crane accessories,Forged hook,hook processing,Hook manufacturer,China standard crane hook,electric hoist hook,Crane pulley,Hook pulley,Rolled pulley,Crane Pulley Supplier\uff0cEuropean hook pulley,Gantry crane hook pulley,WZL type crane drum,European style reel set,Crane reel,crane parts,Drum processing,crane drum manufacturer,Cast steel drum,Electric hoist drum,Crane drum assembly,DRS Wheel Blocks,European crane wheel,Forged wheels,Active wheel set,Driving wheel set,Driven wheel group,crane wheels manufacturer,Demag crane wheels,Konecranes Crane Wheels,Overhead crane Wheel,Shaft couplings,Power Transmission Couplings,Disc Couplings,Fluid couplings,Coupling manufacturer\uff0cCardan coupling,Crane Reducer,Crane Decelerators,Reducer gearbox,Reducer for crane,Gear Reducer For Crane,Hard tooth surface reducerCrane and hoist reducer,Flender reducer,Reducer manufacturer,ZQ reducer,QJ reducer,QJY reducer,Gear Motors,Konecranes reducer,F series three-in-one reducer,K series three-in-one reducer,travelling machinery,Travelling Motor With Gear,Gear Motor for Crane Traveling,Travelling machinery Frequency inverter motors,FEM standard Gear Motors,Crane motors,Inverter motors,Hoist motors,motorCrane duty motors,Special motor for crane,YZR YZP YZ series motors,Crane and hoist motor,Frequency conversion motor,Electro hydraulic drum brakes,Electro-hydraulic disc brakes,Brake,Overhead Crane Brakes,Disc brakes,Electromagnetic disk brake,Crane hydraulic disc brake,Brakes manufacturer,crane Safety brakes,Singlr rope grab,Four rope grab,Electro-hydraulic multi-flap grab,Orange peel grab,Electric motor grab,Electro-Hydraulicclamshell grab,grab manufacturers,Container spreader manufacturers,20ft Container Spreader,Semi Automatic container spreader,40ft Container Lifting Frame,TEC container Spreader,Billet lifting clamp,Billet Clamps,Billet crane clamps manufacturer,billet lifting clamps china supplier,Coil C-Type Hook,coil hook,Overhead Crane Steel Coil C-Type Hook,Crane C-hook,C-type spreader,C-type hook,Crane magnets,Rail fixing device,Crane Rail fixing device,crane Rail Clamp,CD\/MD Wire Rope Electric Hoist,Wire Rope Electric Hoist China Manufacturer,Single Girder Wire Rope Electric Hoist,Double Girder Wire Rope Electric Hoist,Chain Hoist,Electric chain hoist manufacturer,Electric chain hoist China distributor,European wire rope electric hoist\uff0cEuropean double beam wire rope electric hoist,European Style Single Beam Crane End Carriage,FEN\/DIN European Style Single Beam Crane End Carriage,Crane end beam manufacturers,European style hoist double beam crane end beam,Suspension crane end beam,European style suspended single beam crane end beam,FEN\/DIN Suspension crane end beam,crane cable trolley,Wireless remote control,remote controller,Crane control handle,Crane Controls,electrical control cabinet,crane control cabinet,Limit switch,Sound and light alarm,Aviation plug,quick connector,Crane aviation plug,Overload limiter\",\"publisher\":{\"@id\":\"https:\/\/www.hnhlcrane.com\/#organization\"},\"potentialAction\":[{\"@type\":\"SearchAction\",\"target\":{\"@type\":\"EntryPoint\",\"urlTemplate\":\"https:\/\/www.hnhlcrane.com\/?s={search_term_string}\"},\"query-input\":{\"@type\":\"PropertyValueSpecification\",\"valueRequired\":true,\"valueName\":\"search_term_string\"}}],\"inLanguage\":\"ro-RO\"},{\"@type\":\"Organization\",\"@id\":\"https:\/\/www.hnhlcrane.com\/#organization\",\"name\":\"Crane Parts Supplier-HL Crame\",\"url\":\"https:\/\/www.hnhlcrane.com\/\",\"logo\":{\"@type\":\"ImageObject\",\"inLanguage\":\"ro-RO\",\"@id\":\"https:\/\/www.hnhlcrane.com\/#\/schema\/logo\/image\/\",\"url\":\"https:\/\/www.hnhlcrane.com\/wp-content\/uploads\/2024\/09\/logo6-1-e1733899395598.png\",\"contentUrl\":\"https:\/\/www.hnhlcrane.com\/wp-content\/uploads\/2024\/09\/logo6-1-e1733899395598.png\",\"width\":1000,\"height\":282,\"caption\":\"Crane Parts Supplier-HL Crame\"},\"image\":{\"@id\":\"https:\/\/www.hnhlcrane.com\/#\/schema\/logo\/image\/\"}}]}<\/script>\n<!-- \/ Yoast SEO plugin. -->","yoast_head_json":{"title":"Cleme pentru \u0219ine CGWK - Solu\u021bie durabil\u0103 \u0219i fiabil\u0103 de fixare a \u0219inelor","description":"Cleme pentru \u0219ine CGWK de \u00eenalt\u0103 calitate pentru conexiuni sigure \u0219i de lung\u0103 durat\u0103 la \u0219ine. Ideale pentru c\u0103i ferate, \u0219ine industriale \u0219i aplica\u021bii grele.","robots":{"index":"index","follow":"follow","max-snippet":"max-snippet:-1","max-image-preview":"max-image-preview:large","max-video-preview":"max-video-preview:-1"},"canonical":"https:\/\/www.hnhlcrane.com\/ro\/product\/cleme-de-sina-cgwk\/","og_locale":"ro_RO","og_type":"article","og_title":"CGWK Rail Clips \u2013 Durable & Reliable Rail Fastening Solution","og_description":"High-quality CGWK Rail Clips for secure and long-lasting rail connections. Ideal for railways, industrial tracks, and heavy-duty applications.","og_url":"https:\/\/www.hnhlcrane.com\/ro\/product\/cleme-de-sina-cgwk\/","og_site_name":"Crane Parts Supplier-HL Crame","article_modified_time":"2025-09-14T14:47:54+00:00","og_image":[{"width":600,"height":600,"url":"https:\/\/www.hnhlcrane.com\/wp-content\/uploads\/2024\/11\/CGWK-Rail-Clips.jpg","type":"image\/jpeg"}],"twitter_card":"summary_large_image","twitter_misc":{"Timp estimat pentru citire":"2 minute"},"schema":{"@context":"https:\/\/schema.org","@graph":[{"@type":"WebPage","@id":"https:\/\/www.hnhlcrane.com\/product\/cgwk-rail-clips\/","url":"https:\/\/www.hnhlcrane.com\/product\/cgwk-rail-clips\/","name":"Cleme pentru \u0219ine CGWK - Solu\u021bie durabil\u0103 \u0219i fiabil\u0103 de fixare a \u0219inelor","isPartOf":{"@id":"https:\/\/www.hnhlcrane.com\/#website"},"primaryImageOfPage":{"@id":"https:\/\/www.hnhlcrane.com\/product\/cgwk-rail-clips\/#primaryimage"},"image":{"@id":"https:\/\/www.hnhlcrane.com\/product\/cgwk-rail-clips\/#primaryimage"},"thumbnailUrl":"https:\/\/www.hnhlcrane.com\/wp-content\/uploads\/2024\/11\/CGWK-Rail-Clips.jpg","datePublished":"2024-11-29T13:45:30+00:00","dateModified":"2025-09-14T14:47:54+00:00","description":"Cleme pentru \u0219ine CGWK de \u00eenalt\u0103 calitate pentru conexiuni sigure \u0219i de lung\u0103 durat\u0103 la \u0219ine. Ideale pentru c\u0103i ferate, \u0219ine industriale \u0219i aplica\u021bii grele.","breadcrumb":{"@id":"https:\/\/www.hnhlcrane.com\/product\/cgwk-rail-clips\/#breadcrumb"},"inLanguage":"ro-RO","potentialAction":[{"@type":"ReadAction","target":["https:\/\/www.hnhlcrane.com\/product\/cgwk-rail-clips\/"]}]},{"@type":"ImageObject","inLanguage":"ro-RO","@id":"https:\/\/www.hnhlcrane.com\/product\/cgwk-rail-clips\/#primaryimage","url":"https:\/\/www.hnhlcrane.com\/wp-content\/uploads\/2024\/11\/CGWK-Rail-Clips.jpg","contentUrl":"https:\/\/www.hnhlcrane.com\/wp-content\/uploads\/2024\/11\/CGWK-Rail-Clips.jpg","width":600,"height":600},{"@type":"BreadcrumbList","@id":"https:\/\/www.hnhlcrane.com\/product\/cgwk-rail-clips\/#breadcrumb","itemListElement":[{"@type":"ListItem","position":1,"name":"home","item":"https:\/\/www.hnhlcrane.com\/"},{"@type":"ListItem","position":2,"name":"products","item":"https:\/\/www.hnhlcrane.com\/products\/"},{"@type":"ListItem","position":3,"name":"CGWK Rail Clips"}]},{"@type":"WebSite","@id":"https:\/\/www.hnhlcrane.com\/#website","url":"https:\/\/www.hnhlcrane.com\/","name":"Furnizor de piese de macara-HL Crame","description":"Solu\u021bie unic\u0103 pentru toate nevoile dvs. de piese de macara, c\u00e2rlig de macara, tambur de macara, roat\u0103 de macara, cuplaj de macara, cutie de viteze de macara, motor de macara, fr\u00e2n\u0103 de macara, r\u0103sp\u00e2nditor special de macara, apuc\u0103tor de macara, r\u0103sp\u00e2nditor de containere, cleme de macara Billet, r\u0103sp\u00e2nditor tip C de macara,Electromagnet de ridicare, cleme pentru \u0219ine de macara, troliu electric, c\u0103rucioare de cap\u0103t de macara standard FEM, piese de macara u\u0219oare, piese de macara pentru sta\u021bii de lucru, piese electrice de macara, c\u0103rucior cu cablu cu grinzi I, telecomand\u0103 pentru macara, dulap de control electric pentru macara,\u00centrerup\u0103tor de limit\u0103 macara, alarm\u0103 sonor\u0103 \u0219i luminoas\u0103 macara, conector de avia\u021bie heavy duty, limitator de suprasarcin\u0103 macara, Furnizor de piese macara China, c\u00e2rlige macara, c\u00e2rlig macara de tip Gantry, accesorii macara, c\u00e2rlig forjat, prelucrare c\u00e2rlig, produc\u0103tor c\u00e2rlig, c\u00e2rlig macara standard China, c\u00e2rlig troliu electric, scripete macara, scripete c\u00e2rlig, scripete laminate, Furnizor de scripete macara, scripete c\u00e2rlig european, scripete c\u00e2rlig macara de tip Gantry, tambur macara tip WZL, set de role \u00een stil european, rol\u0103 macara,Piese macara, Prelucrarea tamburului, Produc\u0103tor tambur macara, Tambur din o\u021bel turnat, Tambur troliu electric, Ansamblu tambur macara, Blocuri ro\u021bi DRS, Roat\u0103 macara european\u0103, Ro\u021bi forjate, Set ro\u021bi active, Set ro\u021bi motoare, Grup ro\u021bi motoare, Produc\u0103tor ro\u021bi macara, Ro\u021bi macara Demag, Ro\u021bi macara Konecranes, Roat\u0103 pod rulant, Cuplaje arbore, Cuplaje transmisie putere, Cuplaje disc, Cuplaje fluide, Produc\u0103tor cuplaj\uff0cCuplaj cardan, Reductor macara,Reductoare pentru macara, reductor pentru macara, reductor pentru macara, reductor cu suprafa\u021b\u0103 din\u021bat\u0103 dur\u0103, reductor pentru macara \u0219i troliu, reductor Flender, produc\u0103tor de reductoare, reductor ZQ, reductor QJ, reductor QJY, motoare cu angrenaje, reductor Konecranes,Reductor trei \u00een unu seria F, reductor trei \u00een unu seria K, utilaje de deplasare, motor de deplasare cu angrenaj, motor cu angrenaj pentru deplasarea macaralei, utilaje de deplasare Motoare cu invertor de frecven\u021b\u0103, motoare cu angrenaj standard FEM, motoare pentru macarale,Motoare invertor, Motoare de ridicare, MotorMotoare pentru macara, Motor special pentru macara, Motoare din seria YZR YZP YZ, Motor de macara \u0219i de ridicare, Motor de conversie a frecven\u021bei, Fr\u00e2ne electrohidraulice cu tambur, Fr\u00e2ne electrohidraulice cu disc, Fr\u00e2n\u0103, Fr\u00e2ne pentru macara suspendat\u0103, Fr\u00e2ne cu disc, Fr\u00e2n\u0103 electromagnetic\u0103 cu disc, Fr\u00e2n\u0103 hidraulic\u0103 cu disc pentru macara, Produc\u0103tor de fr\u00e2ne, Fr\u00e2ne de siguran\u021b\u0103 pentru macara, Prindere cu cablu simplu, Prindere cu patru cabluri, Prindere electrohidraulic\u0103 cu mai multe clape, Prindere cu coaj\u0103 portocalie, Prindere cu motor electric,Electro-hidraulicclamshell apuca, produc\u0103torii de apucare, produc\u0103torii de \u00eempr\u0103\u0219tiere a containerelor, 20ft Container Spreader, Semi Automatic container Spreader, 40ft Container Lifting Frame, TEC container Spreader, Billet clem\u0103 de ridicare, Billet Cleme, Billet macara cleme produc\u0103tor, billet cleme de ridicare china furnizor, Coil C-Type Hook, c\u00e2rlig bobina, Overhead Crane Steel Coil C-Type Hook, Crane C-hook, C-type Spreader, C-type Hook, Crane magne\u021bi, Dispozitiv de fixare feroviar,Dispozitiv de fixare a \u0219inei macaralei, clem\u0103 pentru \u0219in\u0103 macara, troliu electric cu cablu de s\u00e2rm\u0103 CD\/MD, troliu electric cu cablu de s\u00e2rm\u0103 China produc\u0103tor, troliu electric cu cablu de s\u00e2rm\u0103 cu o singur\u0103 grind\u0103, troliu electric cu cablu de s\u00e2rm\u0103 cu dou\u0103 grinzi, troliu cu lan\u021b, troliu electric cu lan\u021b produc\u0103tor, troliu electric cu lan\u021b China distribuitor, troliu electric cu cablu de s\u00e2rm\u0103 european, troliu electric cu cablu de s\u00e2rm\u0103 cu dou\u0103 grinzi europene, c\u0103rucior de cap\u0103t pentru macara cu o singur\u0103 grind\u0103 \u00een stil european, c\u0103rucior de cap\u0103t pentru macara cu o singur\u0103 grind\u0103 \u00een stil european FEN\/DIN,Produc\u0103tori de fascicule de cap\u0103t pentru macara, fascicul de cap\u0103t pentru macara cu fascicul dublu \u00een stil european, fascicul de cap\u0103t pentru macara cu suspensie, fascicul de cap\u0103t pentru macara cu fascicul unic suspendat \u00een stil european, fascicul de cap\u0103t pentru macara cu suspensie FEN\/DIN, c\u0103rucior cu cablu pentru macara, telecomand\u0103 f\u0103r\u0103 fir, telecomand\u0103, m\u00e2ner de control pentru macara, comenzi pentru macara, dulap de control electric, dulap de control pentru macara, comutator de limit\u0103, alarm\u0103 sonor\u0103 \u0219i luminoas\u0103, fi\u0219\u0103 de avia\u021bie, conector rapid, fi\u0219\u0103 de avia\u021bie pentru macara, limitator de suprasarcin\u0103","publisher":{"@id":"https:\/\/www.hnhlcrane.com\/#organization"},"potentialAction":[{"@type":"SearchAction","target":{"@type":"EntryPoint","urlTemplate":"https:\/\/www.hnhlcrane.com\/?s={search_term_string}"},"query-input":{"@type":"PropertyValueSpecification","valueRequired":true,"valueName":"search_term_string"}}],"inLanguage":"ro-RO"},{"@type":"Organization","@id":"https:\/\/www.hnhlcrane.com\/#organization","name":"Furnizor de piese de macara-HL Crame","url":"https:\/\/www.hnhlcrane.com\/","logo":{"@type":"ImageObject","inLanguage":"ro-RO","@id":"https:\/\/www.hnhlcrane.com\/#\/schema\/logo\/image\/","url":"https:\/\/www.hnhlcrane.com\/wp-content\/uploads\/2024\/09\/logo6-1-e1733899395598.png","contentUrl":"https:\/\/www.hnhlcrane.com\/wp-content\/uploads\/2024\/09\/logo6-1-e1733899395598.png","width":1000,"height":282,"caption":"Crane Parts Supplier-HL Crame"},"image":{"@id":"https:\/\/www.hnhlcrane.com\/#\/schema\/logo\/image\/"}}]}},"_links":{"self":[{"href":"https:\/\/www.hnhlcrane.com\/ro\/wp-json\/wp\/v2\/product\/5524","targetHints":{"allow":["GET"]}}],"collection":[{"href":"https:\/\/www.hnhlcrane.com\/ro\/wp-json\/wp\/v2\/product"}],"about":[{"href":"https:\/\/www.hnhlcrane.com\/ro\/wp-json\/wp\/v2\/types\/product"}],"version-history":[{"count":1,"href":"https:\/\/www.hnhlcrane.com\/ro\/wp-json\/wp\/v2\/product\/5524\/revisions"}],"predecessor-version":[{"id":6970,"href":"https:\/\/www.hnhlcrane.com\/ro\/wp-json\/wp\/v2\/product\/5524\/revisions\/6970"}],"wp:featuredmedia":[{"embeddable":true,"href":"https:\/\/www.hnhlcrane.com\/ro\/wp-json\/wp\/v2\/media\/5525"}],"wp:attachment":[{"href":"https:\/\/www.hnhlcrane.com\/ro\/wp-json\/wp\/v2\/media?parent=5524"}],"wp:term":[{"taxonomy":"product_brand","embeddable":true,"href":"https:\/\/www.hnhlcrane.com\/ro\/wp-json\/wp\/v2\/product_brand?post=5524"},{"taxonomy":"product_cat","embeddable":true,"href":"https:\/\/www.hnhlcrane.com\/ro\/wp-json\/wp\/v2\/product_cat?post=5524"},{"taxonomy":"product_tag","embeddable":true,"href":"https:\/\/www.hnhlcrane.com\/ro\/wp-json\/wp\/v2\/product_tag?post=5524"}],"curies":[{"name":"wp","href":"https:\/\/api.w.org\/{rel}","templated":true}]}}