{"id":5505,"date":"2024-11-28T14:51:15","date_gmt":"2024-11-28T06:51:15","guid":{"rendered":"https:\/\/www.hnhlcrane.com\/?post_type=product&#038;p=5505"},"modified":"2025-09-10T10:52:52","modified_gmt":"2025-09-10T02:52:52","slug":"cleme-pentru-sine-wjk","status":"publish","type":"product","link":"https:\/\/www.hnhlcrane.com\/ro\/product\/cleme-pentru-sine-wjk\/","title":{"rendered":"Clipsuri pentru \u0219ine WJK"},"content":{"rendered":"<h6><strong><span style=\"font-family: arial, helvetica, sans-serif; font-size: 18pt;\">Caracteristici ale WJK Rail Clips<\/span><\/strong><\/h6>\n<p>Clemele pentru \u0219ine WJK sunt proiectate pentru grinzi de o\u021bel, cu o capacitate de ridicare de 350 de tone per set, cuprinz\u00e2nd \u0219apte componente \u00een total.<\/p>\n<ol>\n<li><span style=\"font-size: 14pt;\"><strong>Sudarea pl\u0103cii de baz\u0103<\/strong>:<\/span><br \/>\nPlaca de baz\u0103 WJK este sudat\u0103 la flan\u0219a grinzii de o\u021bel fie cu suduri de jur \u00eemprejur pe trei laturi, fie cu suduri laterale pe dou\u0103 laturi. Aceast\u0103 configura\u021bie asigur\u0103 c\u0103 for\u021ba lateral\u0103 orizontal\u0103 a macaralei este transferat\u0103 f\u0103r\u0103 probleme la grinda macaralei. \u00cen plus, ea elimin\u0103 sl\u0103birea structural\u0103 cauzat\u0103 de g\u0103urirea excesiv\u0103 a flan\u0219ei, sporind astfel semnificativ capacitatea portant\u0103 a sec\u021biunii transversale a grinzii.<\/li>\n<li><span style=\"font-size: 14pt;\"><strong>Conexiunea articula\u021biei sferice<\/strong>:<\/span><br \/>\nPlaca de baz\u0103 se conecteaz\u0103 la cap\u0103tul inferior al \u0219urubului \u00een T prin intermediul unei articula\u021bii sferice. \u00cen consecin\u021b\u0103, \u0219urubul \u00een T r\u0103m\u00e2ne perpendicular pe capacul superior \u00een timpul aplic\u0103rii for\u021bei laterale \u0219i permite o u\u0219oar\u0103 \u00eenclinare. Acest design atenueaz\u0103 eficient impactul lateral al macaralei asupra \u0219inei, grinzii macaralei \u0219i sistemului de fr\u00e2nare, prelungind \u00een cele din urm\u0103 durata de via\u021b\u0103 a structurii.<\/li>\n<li><span style=\"font-size: 14pt;\"><strong>Plac\u0103 de reglare a manometrului<\/strong>:<\/span><br \/>\nClemele WJK includ o plac\u0103 de reglare a gabaritului pentru reglarea fin\u0103 a gabaritului \u0219inei. Aceast\u0103 caracteristic\u0103 \u00eembun\u0103t\u0103\u021be\u0219te precizia instal\u0103rii, reduce abaterile de la linia central\u0103 a \u0219inei \u0219i \u00eencorporeaz\u0103 un mecanism dublu de auto-blocare pentru a preveni sl\u0103birea \u00een timpul utiliz\u0103rii.<\/li>\n<li><span style=\"font-family: arial, helvetica, sans-serif; font-size: 14pt;\"><strong>U\u0219urin\u021ba instal\u0103rii \u0219i \u00eentre\u021binerii<\/strong>:<\/span><br \/>\nBol\u021burile \u00een T \u0219i pl\u0103cile de acoperire superioare ale <a href=\"https:\/\/www.hnhlcrane.com\/ro\/produse\/cleme-pentru-sine-de-macara\/\" target=\"_blank\" rel=\"noopener\">Clipuri WJK<\/a> pot fi asamblate \u0219i dezasamblate cu u\u0219urin\u021b\u0103, oferind un mare confort \u00een timpul opera\u021biunilor de construc\u021bie \u0219i \u00eentre\u021binere.<\/li>\n<li><span style=\"font-size: 14pt;\"><strong>Compatibilitate cu curbura \u0219inei<\/strong>:<\/span><br \/>\nPlaca de acoperire superioar\u0103 se potrive\u0219te cu curbura sec\u021biunii transversale a \u0219inei, permi\u021b\u00e2ndu-i s\u0103 fixeze str\u00e2ns \u0219ina f\u0103r\u0103 a \u00eempiedica u\u0219oara mi\u0219care longitudinal\u0103 a acesteia. Aceast\u0103 caracteristic\u0103 faciliteaz\u0103, de asemenea, sudarea \u0219inelor de lungime total\u0103.<\/li>\n<li><span style=\"font-size: 14pt;\"><strong>Spa\u021biere fix\u0103 a componentelor<\/strong>:<\/span><br \/>\nDistan\u021ba dintre componentele fixe este determinat\u0103 de capacitatea de ridicare a macaralei. Pentru sarcini \u2264275t, distan\u021ba este de 600 mm; pentru sarcini &gt;275t, distan\u021ba este redus\u0103 la 500 mm.<\/li>\n<li><span style=\"font-size: 14pt;\"><strong>Compatibilitatea materialelor de sudur\u0103<\/strong>:<\/span><br \/>\nBaza componentei fixe este sudat\u0103 la grinda macaralei folosind modele de electrozi compatibile cu materialul componentelor de leg\u0103tur\u0103. De exemplu, electrozii E4303 sunt utiliza\u021bi pentru o\u021belul Q235, \u00een timp ce electrozii E5015 sunt utiliza\u021bi pentru o\u021belul Q345.<\/li>\n<li><span style=\"font-size: 14pt;\"><strong>Tipuri de sudur\u0103 \u00een func\u021bie de sarcina macaralei<\/strong>:<\/span><br \/>\nMacaralele pentru sarcini medii utilizeaz\u0103 cus\u0103turi de sudur\u0103 pe dou\u0103 p\u0103r\u021bi, \u00een timp ce macaralele pentru sarcini grele (sau foarte grele) necesit\u0103 cus\u0103turi de sudur\u0103 pe trei p\u0103r\u021bi.<\/li>\n<li><span style=\"font-size: 14pt;\"><strong>Cuplu de str\u00e2ngere a \u0219urubului<\/strong>:<\/span><br \/>\nPentru macaralele pentru sarcini medii (Q \u2264 275t), cuplul maxim de str\u00e2ngere a \u0219uruburilor este de 150N-m. Pentru macaralele pentru sarcini grele, acesta este m\u0103rit la 220N-m.<\/li>\n<li><span style=\"font-size: 14pt;\"><strong>For\u021ba lateral\u0103 maxim\u0103<\/strong>:<\/span><br \/>\nFor\u021ba lateral\u0103 maxim\u0103 admis\u0103 pentru clemele de prindere a \u0219inelor este de 45kN.<\/li>\n<\/ol>\n<p><img fetchpriority=\"high\" decoding=\"async\" class=\"alignnone wp-image-5508\" src=\"https:\/\/www.hnhlcrane.com\/wp-content\/uploads\/2024\/11\/WJK-Rail-Clips-3-300x95.jpg\" alt=\"\" width=\"802\" height=\"254\" srcset=\"https:\/\/www.hnhlcrane.com\/wp-content\/uploads\/2024\/11\/WJK-Rail-Clips-3-300x95.jpg 300w, https:\/\/www.hnhlcrane.com\/wp-content\/uploads\/2024\/11\/WJK-Rail-Clips-3-768x242.jpg 768w, https:\/\/www.hnhlcrane.com\/wp-content\/uploads\/2024\/11\/WJK-Rail-Clips-3-600x189.jpg 600w, https:\/\/www.hnhlcrane.com\/wp-content\/uploads\/2024\/11\/WJK-Rail-Clips-3.jpg 800w\" sizes=\"(max-width: 802px) 100vw, 802px\" \/><\/p>","protected":false},"excerpt":{"rendered":"<h6><strong><span style=\"font-family: arial, helvetica, sans-serif; font-size: 14pt;\">Specifica\u021bii ale WJK Rail Clips<\/span><\/strong><\/h6>\n<ul>\n<li><strong>Modele<\/strong>: WJK-TG38, WJK-TG43, WJK-TG50, WJK-TG60, WJK-QU70, WJK-QU80, WJK-QU100, WJK-QU120<\/li>\n<li><strong>Metoda de fixare<\/strong>: Plac\u0103 de baz\u0103 sudat\u0103<\/li>\n<\/ul>","protected":false},"featured_media":5506,"template":"","meta":{"_kad_post_transparent":"default","_kad_post_title":"","_kad_post_layout":"default","_kad_post_sidebar_id":"","_kad_post_content_style":"default","_kad_post_vertical_padding":"show","_kad_post_feature":"","_kad_post_feature_position":"","_kad_post_header":false,"_kad_post_footer":false},"product_brand":[],"product_cat":[83],"product_tag":[224,223,222,221,218,214,217,225,228,216,226,219,227,215,220],"class_list":{"0":"post-5505","1":"product","2":"type-product","3":"status-publish","4":"has-post-thumbnail","6":"product_cat-crane-rail-clips","7":"product_tag-05g525-rail-clips","8":"product_tag-cgbk-rail-clips","9":"product_tag-cgek-rail-clips","10":"product_tag-cgwk-rail-clips","11":"product_tag-crane-rail-clamp","12":"product_tag-crane-rail-clips","13":"product_tag-crane-rail-fixing-device","14":"product_tag-hdgy-rail-clips","15":"product_tag-rail-connection-splint","16":"product_tag-rail-fixing-device","17":"product_tag-rail-joints","18":"product_tag-swjk-rail-clips","19":"product_tag-tracks-jointing-plates","20":"product_tag-wjk-rail-clips","21":"product_tag-wjkc-rail-clips","23":"first","24":"instock","25":"shipping-taxable","26":"product-type-simple","27":"entry","28":"content-bg","29":"loop-entry"},"yoast_head":"<!-- This site is optimized with the Yoast SEO plugin v25.6 - https:\/\/yoast.com\/wordpress\/plugins\/seo\/ -->\n<title>WJK Rail Clips Manufacturer \u2013 Expert Crane Rail Fastening Solutions<\/title>\n<meta name=\"description\" content=\"WJK rail clips designed for secure crane rail attachment, vibration resistance, and long-lasting performance in overhead crane systems.\" \/>\n<meta name=\"robots\" content=\"index, follow, max-snippet:-1, max-image-preview:large, max-video-preview:-1\" \/>\n<link rel=\"canonical\" href=\"https:\/\/www.hnhlcrane.com\/ro\/product\/cleme-pentru-sine-wjk\/\" \/>\n<meta property=\"og:locale\" content=\"ro_RO\" \/>\n<meta property=\"og:type\" content=\"article\" \/>\n<meta property=\"og:title\" content=\"WJK Rail Clips Manufacturer \u2013 Expert Crane Rail Fastening Solutions\" \/>\n<meta property=\"og:description\" content=\"WJK rail clips designed for secure crane rail attachment, vibration resistance, and long-lasting performance in overhead crane systems.\" \/>\n<meta property=\"og:url\" content=\"https:\/\/www.hnhlcrane.com\/ro\/product\/cleme-pentru-sine-wjk\/\" \/>\n<meta property=\"og:site_name\" content=\"Crane Parts Supplier-HL Crame\" \/>\n<meta property=\"article:modified_time\" content=\"2025-09-10T02:52:52+00:00\" \/>\n<meta property=\"og:image\" content=\"https:\/\/www.hnhlcrane.com\/wp-content\/uploads\/2024\/11\/WJK-Rail-Clips-1.jpg\" \/>\n\t<meta property=\"og:image:width\" content=\"600\" \/>\n\t<meta property=\"og:image:height\" content=\"600\" \/>\n\t<meta property=\"og:image:type\" content=\"image\/jpeg\" \/>\n<meta name=\"twitter:card\" content=\"summary_large_image\" \/>\n<meta name=\"twitter:label1\" content=\"Timp estimat pentru citire\" \/>\n\t<meta name=\"twitter:data1\" content=\"3 minute\" \/>\n<script type=\"application\/ld+json\" class=\"yoast-schema-graph\">{\"@context\":\"https:\/\/schema.org\",\"@graph\":[{\"@type\":\"WebPage\",\"@id\":\"https:\/\/www.hnhlcrane.com\/product\/wjk-rail-clips\/\",\"url\":\"https:\/\/www.hnhlcrane.com\/product\/wjk-rail-clips\/\",\"name\":\"WJK Rail Clips Manufacturer \u2013 Expert Crane Rail Fastening Solutions\",\"isPartOf\":{\"@id\":\"https:\/\/www.hnhlcrane.com\/#website\"},\"primaryImageOfPage\":{\"@id\":\"https:\/\/www.hnhlcrane.com\/product\/wjk-rail-clips\/#primaryimage\"},\"image\":{\"@id\":\"https:\/\/www.hnhlcrane.com\/product\/wjk-rail-clips\/#primaryimage\"},\"thumbnailUrl\":\"https:\/\/www.hnhlcrane.com\/wp-content\/uploads\/2024\/11\/WJK-Rail-Clips-1.jpg\",\"datePublished\":\"2024-11-28T06:51:15+00:00\",\"dateModified\":\"2025-09-10T02:52:52+00:00\",\"description\":\"WJK rail clips designed for secure crane rail attachment, vibration resistance, and long-lasting performance in overhead crane systems.\",\"breadcrumb\":{\"@id\":\"https:\/\/www.hnhlcrane.com\/product\/wjk-rail-clips\/#breadcrumb\"},\"inLanguage\":\"ro-RO\",\"potentialAction\":[{\"@type\":\"ReadAction\",\"target\":[\"https:\/\/www.hnhlcrane.com\/product\/wjk-rail-clips\/\"]}]},{\"@type\":\"ImageObject\",\"inLanguage\":\"ro-RO\",\"@id\":\"https:\/\/www.hnhlcrane.com\/product\/wjk-rail-clips\/#primaryimage\",\"url\":\"https:\/\/www.hnhlcrane.com\/wp-content\/uploads\/2024\/11\/WJK-Rail-Clips-1.jpg\",\"contentUrl\":\"https:\/\/www.hnhlcrane.com\/wp-content\/uploads\/2024\/11\/WJK-Rail-Clips-1.jpg\",\"width\":600,\"height\":600},{\"@type\":\"BreadcrumbList\",\"@id\":\"https:\/\/www.hnhlcrane.com\/product\/wjk-rail-clips\/#breadcrumb\",\"itemListElement\":[{\"@type\":\"ListItem\",\"position\":1,\"name\":\"home\",\"item\":\"https:\/\/www.hnhlcrane.com\/\"},{\"@type\":\"ListItem\",\"position\":2,\"name\":\"products\",\"item\":\"https:\/\/www.hnhlcrane.com\/products\/\"},{\"@type\":\"ListItem\",\"position\":3,\"name\":\"WJK Rail Clips\"}]},{\"@type\":\"WebSite\",\"@id\":\"https:\/\/www.hnhlcrane.com\/#website\",\"url\":\"https:\/\/www.hnhlcrane.com\/\",\"name\":\"Crane Parts Supplier-HL Crame\",\"description\":\"One-stop solution for all your  crane parts needs,Crane Hook,Crane Drum,Crane Wheel,Crane Coupling,Crane Gearbox,Crane Motor,Crane Brake,Special Crane Spreader,Crane grab,Container spreader,Billet crane clamps,Crane C-type spreader,Lifting Electromagnet,Crane Rail Clips,Electric Hoist,FEM Standard Crane End Carriages,Light Crane Parts,Workstation Crane Parts,Crane Electrical Parts,I-beam cable trolley,Crane remote controller,Crane electrical control cabinet,Crane limit switch,Crane sound and light alarm,Heavy Duty Aviation Connector,Crane overload limiter,China Crane Parts Supplier,Crane hooks,Gantry crane hook,Crane accessories,Forged hook,hook processing,Hook manufacturer,China standard crane hook,electric hoist hook,Crane pulley,Hook pulley,Rolled pulley,Crane Pulley Supplier\uff0cEuropean hook pulley,Gantry crane hook pulley,WZL type crane drum,European style reel set,Crane reel,crane parts,Drum processing,crane drum manufacturer,Cast steel drum,Electric hoist drum,Crane drum assembly,DRS Wheel Blocks,European crane wheel,Forged wheels,Active wheel set,Driving wheel set,Driven wheel group,crane wheels manufacturer,Demag crane wheels,Konecranes Crane Wheels,Overhead crane Wheel,Shaft couplings,Power Transmission Couplings,Disc Couplings,Fluid couplings,Coupling manufacturer\uff0cCardan coupling,Crane Reducer,Crane Decelerators,Reducer gearbox,Reducer for crane,Gear Reducer For Crane,Hard tooth surface reducerCrane and hoist reducer,Flender reducer,Reducer manufacturer,ZQ reducer,QJ reducer,QJY reducer,Gear Motors,Konecranes reducer,F series three-in-one reducer,K series three-in-one reducer,travelling machinery,Travelling Motor With Gear,Gear Motor for Crane Traveling,Travelling machinery Frequency inverter motors,FEM standard Gear Motors,Crane motors,Inverter motors,Hoist motors,motorCrane duty motors,Special motor for crane,YZR YZP YZ series motors,Crane and hoist motor,Frequency conversion motor,Electro hydraulic drum brakes,Electro-hydraulic disc brakes,Brake,Overhead Crane Brakes,Disc brakes,Electromagnetic disk brake,Crane hydraulic disc brake,Brakes manufacturer,crane Safety brakes,Singlr rope grab,Four rope grab,Electro-hydraulic multi-flap grab,Orange peel grab,Electric motor grab,Electro-Hydraulicclamshell grab,grab manufacturers,Container spreader manufacturers,20ft Container Spreader,Semi Automatic container spreader,40ft Container Lifting Frame,TEC container Spreader,Billet lifting clamp,Billet Clamps,Billet crane clamps manufacturer,billet lifting clamps china supplier,Coil C-Type Hook,coil hook,Overhead Crane Steel Coil C-Type Hook,Crane C-hook,C-type spreader,C-type hook,Crane magnets,Rail fixing device,Crane Rail fixing device,crane Rail Clamp,CD\/MD Wire Rope Electric Hoist,Wire Rope Electric Hoist China Manufacturer,Single Girder Wire Rope Electric Hoist,Double Girder Wire Rope Electric Hoist,Chain Hoist,Electric chain hoist manufacturer,Electric chain hoist China distributor,European wire rope electric hoist\uff0cEuropean double beam wire rope electric hoist,European Style Single Beam Crane End Carriage,FEN\/DIN European Style Single Beam Crane End Carriage,Crane end beam manufacturers,European style hoist double beam crane end beam,Suspension crane end beam,European style suspended single beam crane end beam,FEN\/DIN Suspension crane end beam,crane cable trolley,Wireless remote control,remote controller,Crane control handle,Crane Controls,electrical control cabinet,crane control cabinet,Limit switch,Sound and light alarm,Aviation plug,quick connector,Crane aviation plug,Overload limiter\",\"publisher\":{\"@id\":\"https:\/\/www.hnhlcrane.com\/#organization\"},\"potentialAction\":[{\"@type\":\"SearchAction\",\"target\":{\"@type\":\"EntryPoint\",\"urlTemplate\":\"https:\/\/www.hnhlcrane.com\/?s={search_term_string}\"},\"query-input\":{\"@type\":\"PropertyValueSpecification\",\"valueRequired\":true,\"valueName\":\"search_term_string\"}}],\"inLanguage\":\"ro-RO\"},{\"@type\":\"Organization\",\"@id\":\"https:\/\/www.hnhlcrane.com\/#organization\",\"name\":\"Crane Parts Supplier-HL Crame\",\"url\":\"https:\/\/www.hnhlcrane.com\/\",\"logo\":{\"@type\":\"ImageObject\",\"inLanguage\":\"ro-RO\",\"@id\":\"https:\/\/www.hnhlcrane.com\/#\/schema\/logo\/image\/\",\"url\":\"https:\/\/www.hnhlcrane.com\/wp-content\/uploads\/2024\/09\/logo6-1-e1733899395598.png\",\"contentUrl\":\"https:\/\/www.hnhlcrane.com\/wp-content\/uploads\/2024\/09\/logo6-1-e1733899395598.png\",\"width\":1000,\"height\":282,\"caption\":\"Crane Parts Supplier-HL Crame\"},\"image\":{\"@id\":\"https:\/\/www.hnhlcrane.com\/#\/schema\/logo\/image\/\"}}]}<\/script>\n<!-- \/ Yoast SEO plugin. -->","yoast_head_json":{"title":"WJK Rail Clips Produc\u0103tor - Solu\u021bii experte de fixare a \u0219inelor de macara","description":"Cleme pentru \u0219ine WJK concepute pentru fixarea sigur\u0103 a \u0219inei macaralei, rezisten\u021b\u0103 la vibra\u021bii \u0219i performan\u021b\u0103 de lung\u0103 durat\u0103 \u00een sistemele de macarale suspendate.","robots":{"index":"index","follow":"follow","max-snippet":"max-snippet:-1","max-image-preview":"max-image-preview:large","max-video-preview":"max-video-preview:-1"},"canonical":"https:\/\/www.hnhlcrane.com\/ro\/product\/cleme-pentru-sine-wjk\/","og_locale":"ro_RO","og_type":"article","og_title":"WJK Rail Clips Manufacturer \u2013 Expert Crane Rail Fastening Solutions","og_description":"WJK rail clips designed for secure crane rail attachment, vibration resistance, and long-lasting performance in overhead crane systems.","og_url":"https:\/\/www.hnhlcrane.com\/ro\/product\/cleme-pentru-sine-wjk\/","og_site_name":"Crane Parts Supplier-HL Crame","article_modified_time":"2025-09-10T02:52:52+00:00","og_image":[{"width":600,"height":600,"url":"https:\/\/www.hnhlcrane.com\/wp-content\/uploads\/2024\/11\/WJK-Rail-Clips-1.jpg","type":"image\/jpeg"}],"twitter_card":"summary_large_image","twitter_misc":{"Timp estimat pentru citire":"3 minute"},"schema":{"@context":"https:\/\/schema.org","@graph":[{"@type":"WebPage","@id":"https:\/\/www.hnhlcrane.com\/product\/wjk-rail-clips\/","url":"https:\/\/www.hnhlcrane.com\/product\/wjk-rail-clips\/","name":"WJK Rail Clips Produc\u0103tor - Solu\u021bii experte de fixare a \u0219inelor de macara","isPartOf":{"@id":"https:\/\/www.hnhlcrane.com\/#website"},"primaryImageOfPage":{"@id":"https:\/\/www.hnhlcrane.com\/product\/wjk-rail-clips\/#primaryimage"},"image":{"@id":"https:\/\/www.hnhlcrane.com\/product\/wjk-rail-clips\/#primaryimage"},"thumbnailUrl":"https:\/\/www.hnhlcrane.com\/wp-content\/uploads\/2024\/11\/WJK-Rail-Clips-1.jpg","datePublished":"2024-11-28T06:51:15+00:00","dateModified":"2025-09-10T02:52:52+00:00","description":"Cleme pentru \u0219ine WJK concepute pentru fixarea sigur\u0103 a \u0219inei macaralei, rezisten\u021b\u0103 la vibra\u021bii \u0219i performan\u021b\u0103 de lung\u0103 durat\u0103 \u00een sistemele de macarale suspendate.","breadcrumb":{"@id":"https:\/\/www.hnhlcrane.com\/product\/wjk-rail-clips\/#breadcrumb"},"inLanguage":"ro-RO","potentialAction":[{"@type":"ReadAction","target":["https:\/\/www.hnhlcrane.com\/product\/wjk-rail-clips\/"]}]},{"@type":"ImageObject","inLanguage":"ro-RO","@id":"https:\/\/www.hnhlcrane.com\/product\/wjk-rail-clips\/#primaryimage","url":"https:\/\/www.hnhlcrane.com\/wp-content\/uploads\/2024\/11\/WJK-Rail-Clips-1.jpg","contentUrl":"https:\/\/www.hnhlcrane.com\/wp-content\/uploads\/2024\/11\/WJK-Rail-Clips-1.jpg","width":600,"height":600},{"@type":"BreadcrumbList","@id":"https:\/\/www.hnhlcrane.com\/product\/wjk-rail-clips\/#breadcrumb","itemListElement":[{"@type":"ListItem","position":1,"name":"home","item":"https:\/\/www.hnhlcrane.com\/"},{"@type":"ListItem","position":2,"name":"products","item":"https:\/\/www.hnhlcrane.com\/products\/"},{"@type":"ListItem","position":3,"name":"WJK Rail Clips"}]},{"@type":"WebSite","@id":"https:\/\/www.hnhlcrane.com\/#website","url":"https:\/\/www.hnhlcrane.com\/","name":"Furnizor de piese de macara-HL Crame","description":"Solu\u021bie unic\u0103 pentru toate nevoile dvs. de piese de macara, c\u00e2rlig de macara, tambur de macara, roat\u0103 de macara, cuplaj de macara, cutie de viteze de macara, motor de macara, fr\u00e2n\u0103 de macara, r\u0103sp\u00e2nditor special de macara, apuc\u0103tor de macara, r\u0103sp\u00e2nditor de containere, cleme de macara Billet, r\u0103sp\u00e2nditor tip C de macara,Electromagnet de ridicare, cleme pentru \u0219ine de macara, troliu electric, c\u0103rucioare de cap\u0103t de macara standard FEM, piese de macara u\u0219oare, piese de macara pentru sta\u021bii de lucru, piese electrice de macara, c\u0103rucior cu cablu cu grinzi I, telecomand\u0103 pentru macara, dulap de control electric pentru macara,\u00centrerup\u0103tor de limit\u0103 macara, alarm\u0103 sonor\u0103 \u0219i luminoas\u0103 macara, conector de avia\u021bie heavy duty, limitator de suprasarcin\u0103 macara, Furnizor de piese macara China, c\u00e2rlige macara, c\u00e2rlig macara de tip Gantry, accesorii macara, c\u00e2rlig forjat, prelucrare c\u00e2rlig, produc\u0103tor c\u00e2rlig, c\u00e2rlig macara standard China, c\u00e2rlig troliu electric, scripete macara, scripete c\u00e2rlig, scripete laminate, Furnizor de scripete macara, scripete c\u00e2rlig european, scripete c\u00e2rlig macara de tip Gantry, tambur macara tip WZL, set de role \u00een stil european, rol\u0103 macara,Piese macara, Prelucrarea tamburului, Produc\u0103tor tambur macara, Tambur din o\u021bel turnat, Tambur troliu electric, Ansamblu tambur macara, Blocuri ro\u021bi DRS, Roat\u0103 macara european\u0103, Ro\u021bi forjate, Set ro\u021bi active, Set ro\u021bi motoare, Grup ro\u021bi motoare, Produc\u0103tor ro\u021bi macara, Ro\u021bi macara Demag, Ro\u021bi macara Konecranes, Roat\u0103 pod rulant, Cuplaje arbore, Cuplaje transmisie putere, Cuplaje disc, Cuplaje fluide, Produc\u0103tor cuplaj\uff0cCuplaj cardan, Reductor macara,Reductoare pentru macara, reductor pentru macara, reductor pentru macara, reductor cu suprafa\u021b\u0103 din\u021bat\u0103 dur\u0103, reductor pentru macara \u0219i troliu, reductor Flender, produc\u0103tor de reductoare, reductor ZQ, reductor QJ, reductor QJY, motoare cu angrenaje, reductor Konecranes,Reductor trei \u00een unu seria F, reductor trei \u00een unu seria K, utilaje de deplasare, motor de deplasare cu angrenaj, motor cu angrenaj pentru deplasarea macaralei, utilaje de deplasare Motoare cu invertor de frecven\u021b\u0103, motoare cu angrenaj standard FEM, motoare pentru macarale,Motoare invertor, Motoare de ridicare, MotorMotoare pentru macara, Motor special pentru macara, Motoare din seria YZR YZP YZ, Motor de macara \u0219i de ridicare, Motor de conversie a frecven\u021bei, Fr\u00e2ne electrohidraulice cu tambur, Fr\u00e2ne electrohidraulice cu disc, Fr\u00e2n\u0103, Fr\u00e2ne pentru macara suspendat\u0103, Fr\u00e2ne cu disc, Fr\u00e2n\u0103 electromagnetic\u0103 cu disc, Fr\u00e2n\u0103 hidraulic\u0103 cu disc pentru macara, Produc\u0103tor de fr\u00e2ne, Fr\u00e2ne de siguran\u021b\u0103 pentru macara, Prindere cu cablu simplu, Prindere cu patru cabluri, Prindere electrohidraulic\u0103 cu mai multe clape, Prindere cu coaj\u0103 portocalie, Prindere cu motor electric,Electro-hidraulicclamshell apuca, produc\u0103torii de apucare, produc\u0103torii de \u00eempr\u0103\u0219tiere a containerelor, 20ft Container Spreader, Semi Automatic container Spreader, 40ft Container Lifting Frame, TEC container Spreader, Billet clem\u0103 de ridicare, Billet Cleme, Billet macara cleme produc\u0103tor, billet cleme de ridicare china furnizor, Coil C-Type Hook, c\u00e2rlig bobina, Overhead Crane Steel Coil C-Type Hook, Crane C-hook, C-type Spreader, C-type Hook, Crane magne\u021bi, Dispozitiv de fixare feroviar,Dispozitiv de fixare a \u0219inei macaralei, clem\u0103 pentru \u0219in\u0103 macara, troliu electric cu cablu de s\u00e2rm\u0103 CD\/MD, troliu electric cu cablu de s\u00e2rm\u0103 China produc\u0103tor, troliu electric cu cablu de s\u00e2rm\u0103 cu o singur\u0103 grind\u0103, troliu electric cu cablu de s\u00e2rm\u0103 cu dou\u0103 grinzi, troliu cu lan\u021b, troliu electric cu lan\u021b produc\u0103tor, troliu electric cu lan\u021b China distribuitor, troliu electric cu cablu de s\u00e2rm\u0103 european, troliu electric cu cablu de s\u00e2rm\u0103 cu dou\u0103 grinzi europene, c\u0103rucior de cap\u0103t pentru macara cu o singur\u0103 grind\u0103 \u00een stil european, c\u0103rucior de cap\u0103t pentru macara cu o singur\u0103 grind\u0103 \u00een stil european FEN\/DIN,Produc\u0103tori de fascicule de cap\u0103t pentru macara, fascicul de cap\u0103t pentru macara cu fascicul dublu \u00een stil european, fascicul de cap\u0103t pentru macara cu suspensie, fascicul de cap\u0103t pentru macara cu fascicul unic suspendat \u00een stil european, fascicul de cap\u0103t pentru macara cu suspensie FEN\/DIN, c\u0103rucior cu cablu pentru macara, telecomand\u0103 f\u0103r\u0103 fir, telecomand\u0103, m\u00e2ner de control pentru macara, comenzi pentru macara, dulap de control electric, dulap de control pentru macara, comutator de limit\u0103, alarm\u0103 sonor\u0103 \u0219i luminoas\u0103, fi\u0219\u0103 de avia\u021bie, conector rapid, fi\u0219\u0103 de avia\u021bie pentru macara, limitator de suprasarcin\u0103","publisher":{"@id":"https:\/\/www.hnhlcrane.com\/#organization"},"potentialAction":[{"@type":"SearchAction","target":{"@type":"EntryPoint","urlTemplate":"https:\/\/www.hnhlcrane.com\/?s={search_term_string}"},"query-input":{"@type":"PropertyValueSpecification","valueRequired":true,"valueName":"search_term_string"}}],"inLanguage":"ro-RO"},{"@type":"Organization","@id":"https:\/\/www.hnhlcrane.com\/#organization","name":"Furnizor de piese de macara-HL Crame","url":"https:\/\/www.hnhlcrane.com\/","logo":{"@type":"ImageObject","inLanguage":"ro-RO","@id":"https:\/\/www.hnhlcrane.com\/#\/schema\/logo\/image\/","url":"https:\/\/www.hnhlcrane.com\/wp-content\/uploads\/2024\/09\/logo6-1-e1733899395598.png","contentUrl":"https:\/\/www.hnhlcrane.com\/wp-content\/uploads\/2024\/09\/logo6-1-e1733899395598.png","width":1000,"height":282,"caption":"Crane Parts Supplier-HL Crame"},"image":{"@id":"https:\/\/www.hnhlcrane.com\/#\/schema\/logo\/image\/"}}]}},"_links":{"self":[{"href":"https:\/\/www.hnhlcrane.com\/ro\/wp-json\/wp\/v2\/product\/5505","targetHints":{"allow":["GET"]}}],"collection":[{"href":"https:\/\/www.hnhlcrane.com\/ro\/wp-json\/wp\/v2\/product"}],"about":[{"href":"https:\/\/www.hnhlcrane.com\/ro\/wp-json\/wp\/v2\/types\/product"}],"version-history":[{"count":1,"href":"https:\/\/www.hnhlcrane.com\/ro\/wp-json\/wp\/v2\/product\/5505\/revisions"}],"predecessor-version":[{"id":6958,"href":"https:\/\/www.hnhlcrane.com\/ro\/wp-json\/wp\/v2\/product\/5505\/revisions\/6958"}],"wp:featuredmedia":[{"embeddable":true,"href":"https:\/\/www.hnhlcrane.com\/ro\/wp-json\/wp\/v2\/media\/5506"}],"wp:attachment":[{"href":"https:\/\/www.hnhlcrane.com\/ro\/wp-json\/wp\/v2\/media?parent=5505"}],"wp:term":[{"taxonomy":"product_brand","embeddable":true,"href":"https:\/\/www.hnhlcrane.com\/ro\/wp-json\/wp\/v2\/product_brand?post=5505"},{"taxonomy":"product_cat","embeddable":true,"href":"https:\/\/www.hnhlcrane.com\/ro\/wp-json\/wp\/v2\/product_cat?post=5505"},{"taxonomy":"product_tag","embeddable":true,"href":"https:\/\/www.hnhlcrane.com\/ro\/wp-json\/wp\/v2\/product_tag?post=5505"}],"curies":[{"name":"wp","href":"https:\/\/api.w.org\/{rel}","templated":true}]}}