{"id":5524,"date":"2024-11-29T21:45:30","date_gmt":"2024-11-29T13:45:30","guid":{"rendered":"https:\/\/www.hnhlcrane.com\/?post_type=product&#038;p=5524"},"modified":"2025-09-14T22:47:54","modified_gmt":"2025-09-14T14:47:54","slug":"clipes-de-trilho-cgwk","status":"publish","type":"product","link":"https:\/\/www.hnhlcrane.com\/pt_br\/produto\/clipes-de-trilho-cgwk\/","title":{"rendered":"Clipes de trilho CGWK"},"content":{"rendered":"<h6><span style=\"font-family: arial, helvetica, sans-serif; font-size: 18pt;\"><strong>Caracter\u00edsticas dos clipes de trilho CGWK<\/strong><\/span><\/h6>\n<ol>\n<li><strong>Soldagem da placa base<\/strong>:<br \/>\nA placa de base CGWK \u00e9 soldada ao flange superior da viga de a\u00e7o do guindaste usando soldas de filete em dois lados ou soldas envolventes em tr\u00eas lados. Isso garante que as for\u00e7as laterais horizontais do guindaste sejam transmitidas uniformemente para a viga do guindaste, evitando as fraquezas estruturais causadas por perfura\u00e7\u00f5es extensas no flange da viga.<\/li>\n<li><strong>Conex\u00e3o articulada esf\u00e9rica<\/strong>:<br \/>\nA placa de base e a placa de fixa\u00e7\u00e3o superior s\u00e3o conectadas por meio de uma dobradi\u00e7a esf\u00e9rica. Esse projeto permite uma leve inclina\u00e7\u00e3o sob for\u00e7as laterais, reduzindo efetivamente o impacto das for\u00e7as horizontais na viga do guindaste e nos sistemas de freio.<\/li>\n<li><strong>Proximidade de posicionamento<\/strong>:<br \/>\nA placa de base do CGWK est\u00e1 posicionada aproximadamente <strong>1 mm<\/strong> abaixo da borda inferior do trilho, o que efetivamente restringe o movimento lateral do trilho.<\/li>\n<li><strong>Parafusos especiais para estabilidade<\/strong>:<br \/>\nParafusos especiais s\u00e3o usados para otimizar a distribui\u00e7\u00e3o da carga nos componentes de fixa\u00e7\u00e3o, e a placa de fixa\u00e7\u00e3o superior pode ser facilmente removida, facilitando muito a instala\u00e7\u00e3o e a manuten\u00e7\u00e3o.<\/li>\n<li><strong>Material e resist\u00eancia<\/strong>:<br \/>\nTodos os componentes de fixa\u00e7\u00e3o s\u00e3o feitos de a\u00e7o de baixa liga e alta resist\u00eancia. O <strong>M20 Grau 8.8<\/strong> Os parafusos de resist\u00eancia s\u00e3o apertados com um torque de <strong>220N-m<\/strong>e o sistema pode suportar uma for\u00e7a lateral m\u00e1xima de <strong>65kN<\/strong> em cada ponto de carga da roda.<\/li>\n<\/ol>\n<h6><span style=\"font-family: arial, helvetica, sans-serif; font-size: 18pt;\"><strong>Instru\u00e7\u00f5es de instala\u00e7\u00e3o para CGWK<a href=\"https:\/\/www.hnhlcrane.com\/pt_br\/produtos\/clipes-de-trilho-de-guindaste\/\" target=\"_blank\" rel=\"noopener\"> Clipes de trilho<\/a><\/strong><\/span><\/h6>\n<ol>\n<li><strong>Alinhamento de trilhos<\/strong>:<br \/>\nAlinhe o trilho de acordo com as especifica\u00e7\u00f5es do projeto antes de iniciar a instala\u00e7\u00e3o.<\/li>\n<li><strong>Posicionamento da placa de base<\/strong>:\n<ul>\n<li>Posicione as placas de base ao longo da dire\u00e7\u00e3o do trilho em intervalos de <strong>500 mm<\/strong>.<\/li>\n<li>Certifique-se de que a dist\u00e2ncia perpendicular do centro do parafuso at\u00e9 o centro do trilho (valor <strong>a<\/strong>) est\u00e1 posicionado corretamente.<\/li>\n<\/ul>\n<\/li>\n<li><strong>Soldagem da placa base<\/strong>:<br \/>\nSolde a placa de base \u00e0 viga do guindaste usando o m\u00e9todo especificado (soldagem de dois lados ou de tr\u00eas lados).<\/li>\n<li><strong>Montagem de componentes<\/strong>:<br \/>\nMonte os clipes na seguinte ordem:<\/p>\n<ul>\n<li>Posicione os parafusos<\/li>\n<li>Coloque a placa de fixa\u00e7\u00e3o superior<\/li>\n<li>Adicione arruelas planas, arruelas de press\u00e3o e porcas<\/li>\n<li>Aperte as porcas com um torque de <strong>220N-m<\/strong>.<\/li>\n<\/ul>\n<\/li>\n<\/ol>\n<p><img fetchpriority=\"high\" decoding=\"async\" class=\"alignnone wp-image-5526\" src=\"https:\/\/www.hnhlcrane.com\/wp-content\/uploads\/2024\/11\/CGWK-Rail-Clips-1-300x103.jpg\" alt=\"\" width=\"804\" height=\"276\" srcset=\"https:\/\/www.hnhlcrane.com\/wp-content\/uploads\/2024\/11\/CGWK-Rail-Clips-1-300x103.jpg 300w, https:\/\/www.hnhlcrane.com\/wp-content\/uploads\/2024\/11\/CGWK-Rail-Clips-1-768x263.jpg 768w, https:\/\/www.hnhlcrane.com\/wp-content\/uploads\/2024\/11\/CGWK-Rail-Clips-1-600x205.jpg 600w, https:\/\/www.hnhlcrane.com\/wp-content\/uploads\/2024\/11\/CGWK-Rail-Clips-1.jpg 1000w\" sizes=\"(max-width: 804px) 100vw, 804px\" \/><\/p>","protected":false},"excerpt":{"rendered":"<h6><span style=\"font-family: arial, helvetica, sans-serif; font-size: 14pt;\"><strong>Especifica\u00e7\u00f5es dos clipes de trilho CGWK<\/strong><\/span><\/h6>\n<ul>\n<li><strong>Modelos<\/strong>: CGWK38, CGWK43, CGWK50, CGWK60, CGWK70, CGWK80, CGWK100, CGWK120<\/li>\n<li><strong>M\u00e9todo de fixa\u00e7\u00e3o<\/strong>: Placa de base soldada<\/li>\n<\/ul>","protected":false},"featured_media":5525,"template":"","meta":{"_kad_post_transparent":"default","_kad_post_title":"","_kad_post_layout":"default","_kad_post_sidebar_id":"","_kad_post_content_style":"default","_kad_post_vertical_padding":"show","_kad_post_feature":"","_kad_post_feature_position":"","_kad_post_header":false,"_kad_post_footer":false},"product_brand":[],"product_cat":[83],"product_tag":[224,223,222,221,218,214,217,225,228,216,226,219,227,215,220],"class_list":{"0":"post-5524","1":"product","2":"type-product","3":"status-publish","4":"has-post-thumbnail","6":"product_cat-crane-rail-clips","7":"product_tag-05g525-rail-clips","8":"product_tag-cgbk-rail-clips","9":"product_tag-cgek-rail-clips","10":"product_tag-cgwk-rail-clips","11":"product_tag-crane-rail-clamp","12":"product_tag-crane-rail-clips","13":"product_tag-crane-rail-fixing-device","14":"product_tag-hdgy-rail-clips","15":"product_tag-rail-connection-splint","16":"product_tag-rail-fixing-device","17":"product_tag-rail-joints","18":"product_tag-swjk-rail-clips","19":"product_tag-tracks-jointing-plates","20":"product_tag-wjk-rail-clips","21":"product_tag-wjkc-rail-clips","23":"first","24":"instock","25":"shipping-taxable","26":"product-type-simple","27":"entry","28":"content-bg","29":"loop-entry"},"yoast_head":"<!-- This site is optimized with the Yoast SEO plugin v25.6 - https:\/\/yoast.com\/wordpress\/plugins\/seo\/ -->\n<title>CGWK Rail Clips \u2013 Durable &amp; Reliable Rail Fastening Solution<\/title>\n<meta name=\"description\" content=\"High-quality CGWK Rail Clips for secure and long-lasting rail connections. Ideal for railways, industrial tracks, and heavy-duty applications.\" \/>\n<meta name=\"robots\" content=\"index, follow, max-snippet:-1, max-image-preview:large, max-video-preview:-1\" \/>\n<link rel=\"canonical\" href=\"https:\/\/www.hnhlcrane.com\/pt_br\/produto\/clipes-de-trilho-cgwk\/\" \/>\n<meta property=\"og:locale\" content=\"pt_BR\" \/>\n<meta property=\"og:type\" content=\"article\" \/>\n<meta property=\"og:title\" content=\"CGWK Rail Clips \u2013 Durable &amp; Reliable Rail Fastening Solution\" \/>\n<meta property=\"og:description\" content=\"High-quality CGWK Rail Clips for secure and long-lasting rail connections. Ideal for railways, industrial tracks, and heavy-duty applications.\" \/>\n<meta property=\"og:url\" content=\"https:\/\/www.hnhlcrane.com\/pt_br\/produto\/clipes-de-trilho-cgwk\/\" \/>\n<meta property=\"og:site_name\" content=\"Crane Parts Supplier-HL Crame\" \/>\n<meta property=\"article:modified_time\" content=\"2025-09-14T14:47:54+00:00\" \/>\n<meta property=\"og:image\" content=\"https:\/\/www.hnhlcrane.com\/wp-content\/uploads\/2024\/11\/CGWK-Rail-Clips.jpg\" \/>\n\t<meta property=\"og:image:width\" content=\"600\" \/>\n\t<meta property=\"og:image:height\" content=\"600\" \/>\n\t<meta property=\"og:image:type\" content=\"image\/jpeg\" \/>\n<meta name=\"twitter:card\" content=\"summary_large_image\" \/>\n<meta name=\"twitter:label1\" content=\"Est. tempo de leitura\" \/>\n\t<meta name=\"twitter:data1\" content=\"2 minutos\" \/>\n<script type=\"application\/ld+json\" class=\"yoast-schema-graph\">{\"@context\":\"https:\/\/schema.org\",\"@graph\":[{\"@type\":\"WebPage\",\"@id\":\"https:\/\/www.hnhlcrane.com\/product\/cgwk-rail-clips\/\",\"url\":\"https:\/\/www.hnhlcrane.com\/product\/cgwk-rail-clips\/\",\"name\":\"CGWK Rail Clips \u2013 Durable & Reliable Rail Fastening Solution\",\"isPartOf\":{\"@id\":\"https:\/\/www.hnhlcrane.com\/#website\"},\"primaryImageOfPage\":{\"@id\":\"https:\/\/www.hnhlcrane.com\/product\/cgwk-rail-clips\/#primaryimage\"},\"image\":{\"@id\":\"https:\/\/www.hnhlcrane.com\/product\/cgwk-rail-clips\/#primaryimage\"},\"thumbnailUrl\":\"https:\/\/www.hnhlcrane.com\/wp-content\/uploads\/2024\/11\/CGWK-Rail-Clips.jpg\",\"datePublished\":\"2024-11-29T13:45:30+00:00\",\"dateModified\":\"2025-09-14T14:47:54+00:00\",\"description\":\"High-quality CGWK Rail Clips for secure and long-lasting rail connections. Ideal for railways, industrial tracks, and heavy-duty applications.\",\"breadcrumb\":{\"@id\":\"https:\/\/www.hnhlcrane.com\/product\/cgwk-rail-clips\/#breadcrumb\"},\"inLanguage\":\"pt-BR\",\"potentialAction\":[{\"@type\":\"ReadAction\",\"target\":[\"https:\/\/www.hnhlcrane.com\/product\/cgwk-rail-clips\/\"]}]},{\"@type\":\"ImageObject\",\"inLanguage\":\"pt-BR\",\"@id\":\"https:\/\/www.hnhlcrane.com\/product\/cgwk-rail-clips\/#primaryimage\",\"url\":\"https:\/\/www.hnhlcrane.com\/wp-content\/uploads\/2024\/11\/CGWK-Rail-Clips.jpg\",\"contentUrl\":\"https:\/\/www.hnhlcrane.com\/wp-content\/uploads\/2024\/11\/CGWK-Rail-Clips.jpg\",\"width\":600,\"height\":600},{\"@type\":\"BreadcrumbList\",\"@id\":\"https:\/\/www.hnhlcrane.com\/product\/cgwk-rail-clips\/#breadcrumb\",\"itemListElement\":[{\"@type\":\"ListItem\",\"position\":1,\"name\":\"home\",\"item\":\"https:\/\/www.hnhlcrane.com\/\"},{\"@type\":\"ListItem\",\"position\":2,\"name\":\"products\",\"item\":\"https:\/\/www.hnhlcrane.com\/products\/\"},{\"@type\":\"ListItem\",\"position\":3,\"name\":\"CGWK Rail Clips\"}]},{\"@type\":\"WebSite\",\"@id\":\"https:\/\/www.hnhlcrane.com\/#website\",\"url\":\"https:\/\/www.hnhlcrane.com\/\",\"name\":\"Crane Parts Supplier-HL Crame\",\"description\":\"One-stop solution for all your  crane parts needs,Crane Hook,Crane Drum,Crane Wheel,Crane Coupling,Crane Gearbox,Crane Motor,Crane Brake,Special Crane Spreader,Crane grab,Container spreader,Billet crane clamps,Crane C-type spreader,Lifting Electromagnet,Crane Rail Clips,Electric Hoist,FEM Standard Crane End Carriages,Light Crane Parts,Workstation Crane Parts,Crane Electrical Parts,I-beam cable trolley,Crane remote controller,Crane electrical control cabinet,Crane limit switch,Crane sound and light alarm,Heavy Duty Aviation Connector,Crane overload limiter,China Crane Parts Supplier,Crane hooks,Gantry crane hook,Crane accessories,Forged hook,hook processing,Hook manufacturer,China standard crane hook,electric hoist hook,Crane pulley,Hook pulley,Rolled pulley,Crane Pulley Supplier\uff0cEuropean hook pulley,Gantry crane hook pulley,WZL type crane drum,European style reel set,Crane reel,crane parts,Drum processing,crane drum manufacturer,Cast steel drum,Electric hoist drum,Crane drum assembly,DRS Wheel Blocks,European crane wheel,Forged wheels,Active wheel set,Driving wheel set,Driven wheel group,crane wheels manufacturer,Demag crane wheels,Konecranes Crane Wheels,Overhead crane Wheel,Shaft couplings,Power Transmission Couplings,Disc Couplings,Fluid couplings,Coupling manufacturer\uff0cCardan coupling,Crane Reducer,Crane Decelerators,Reducer gearbox,Reducer for crane,Gear Reducer For Crane,Hard tooth surface reducerCrane and hoist reducer,Flender reducer,Reducer manufacturer,ZQ reducer,QJ reducer,QJY reducer,Gear Motors,Konecranes reducer,F series three-in-one reducer,K series three-in-one reducer,travelling machinery,Travelling Motor With Gear,Gear Motor for Crane Traveling,Travelling machinery Frequency inverter motors,FEM standard Gear Motors,Crane motors,Inverter motors,Hoist motors,motorCrane duty motors,Special motor for crane,YZR YZP YZ series motors,Crane and hoist motor,Frequency conversion motor,Electro hydraulic drum brakes,Electro-hydraulic disc brakes,Brake,Overhead Crane Brakes,Disc brakes,Electromagnetic disk brake,Crane hydraulic disc brake,Brakes manufacturer,crane Safety brakes,Singlr rope grab,Four rope grab,Electro-hydraulic multi-flap grab,Orange peel grab,Electric motor grab,Electro-Hydraulicclamshell grab,grab manufacturers,Container spreader manufacturers,20ft Container Spreader,Semi Automatic container spreader,40ft Container Lifting Frame,TEC container Spreader,Billet lifting clamp,Billet Clamps,Billet crane clamps manufacturer,billet lifting clamps china supplier,Coil C-Type Hook,coil hook,Overhead Crane Steel Coil C-Type Hook,Crane C-hook,C-type spreader,C-type hook,Crane magnets,Rail fixing device,Crane Rail fixing device,crane Rail Clamp,CD\/MD Wire Rope Electric Hoist,Wire Rope Electric Hoist China Manufacturer,Single Girder Wire Rope Electric Hoist,Double Girder Wire Rope Electric Hoist,Chain Hoist,Electric chain hoist manufacturer,Electric chain hoist China distributor,European wire rope electric hoist\uff0cEuropean double beam wire rope electric hoist,European Style Single Beam Crane End Carriage,FEN\/DIN European Style Single Beam Crane End Carriage,Crane end beam manufacturers,European style hoist double beam crane end beam,Suspension crane end beam,European style suspended single beam crane end beam,FEN\/DIN Suspension crane end beam,crane cable trolley,Wireless remote control,remote controller,Crane control handle,Crane Controls,electrical control cabinet,crane control cabinet,Limit switch,Sound and light alarm,Aviation plug,quick connector,Crane aviation plug,Overload limiter\",\"publisher\":{\"@id\":\"https:\/\/www.hnhlcrane.com\/#organization\"},\"potentialAction\":[{\"@type\":\"SearchAction\",\"target\":{\"@type\":\"EntryPoint\",\"urlTemplate\":\"https:\/\/www.hnhlcrane.com\/?s={search_term_string}\"},\"query-input\":{\"@type\":\"PropertyValueSpecification\",\"valueRequired\":true,\"valueName\":\"search_term_string\"}}],\"inLanguage\":\"pt-BR\"},{\"@type\":\"Organization\",\"@id\":\"https:\/\/www.hnhlcrane.com\/#organization\",\"name\":\"Crane Parts Supplier-HL Crame\",\"url\":\"https:\/\/www.hnhlcrane.com\/\",\"logo\":{\"@type\":\"ImageObject\",\"inLanguage\":\"pt-BR\",\"@id\":\"https:\/\/www.hnhlcrane.com\/#\/schema\/logo\/image\/\",\"url\":\"https:\/\/www.hnhlcrane.com\/wp-content\/uploads\/2024\/09\/logo6-1-e1733899395598.png\",\"contentUrl\":\"https:\/\/www.hnhlcrane.com\/wp-content\/uploads\/2024\/09\/logo6-1-e1733899395598.png\",\"width\":1000,\"height\":282,\"caption\":\"Crane Parts Supplier-HL Crame\"},\"image\":{\"@id\":\"https:\/\/www.hnhlcrane.com\/#\/schema\/logo\/image\/\"}}]}<\/script>\n<!-- \/ Yoast SEO plugin. -->","yoast_head_json":{"title":"Clipes para trilhos CGWK - Solu\u00e7\u00e3o dur\u00e1vel e confi\u00e1vel para fixa\u00e7\u00e3o de trilhos","description":"Clipes de trilho CGWK de alta qualidade para conex\u00f5es de trilho seguras e duradouras. Ideal para ferrovias, trilhos industriais e aplica\u00e7\u00f5es pesadas.","robots":{"index":"index","follow":"follow","max-snippet":"max-snippet:-1","max-image-preview":"max-image-preview:large","max-video-preview":"max-video-preview:-1"},"canonical":"https:\/\/www.hnhlcrane.com\/pt_br\/produto\/clipes-de-trilho-cgwk\/","og_locale":"pt_BR","og_type":"article","og_title":"CGWK Rail Clips \u2013 Durable & Reliable Rail Fastening Solution","og_description":"High-quality CGWK Rail Clips for secure and long-lasting rail connections. Ideal for railways, industrial tracks, and heavy-duty applications.","og_url":"https:\/\/www.hnhlcrane.com\/pt_br\/produto\/clipes-de-trilho-cgwk\/","og_site_name":"Crane Parts Supplier-HL Crame","article_modified_time":"2025-09-14T14:47:54+00:00","og_image":[{"width":600,"height":600,"url":"https:\/\/www.hnhlcrane.com\/wp-content\/uploads\/2024\/11\/CGWK-Rail-Clips.jpg","type":"image\/jpeg"}],"twitter_card":"summary_large_image","twitter_misc":{"Est. tempo de leitura":"2 minutos"},"schema":{"@context":"https:\/\/schema.org","@graph":[{"@type":"WebPage","@id":"https:\/\/www.hnhlcrane.com\/product\/cgwk-rail-clips\/","url":"https:\/\/www.hnhlcrane.com\/product\/cgwk-rail-clips\/","name":"Clipes para trilhos CGWK - Solu\u00e7\u00e3o dur\u00e1vel e confi\u00e1vel para fixa\u00e7\u00e3o de trilhos","isPartOf":{"@id":"https:\/\/www.hnhlcrane.com\/#website"},"primaryImageOfPage":{"@id":"https:\/\/www.hnhlcrane.com\/product\/cgwk-rail-clips\/#primaryimage"},"image":{"@id":"https:\/\/www.hnhlcrane.com\/product\/cgwk-rail-clips\/#primaryimage"},"thumbnailUrl":"https:\/\/www.hnhlcrane.com\/wp-content\/uploads\/2024\/11\/CGWK-Rail-Clips.jpg","datePublished":"2024-11-29T13:45:30+00:00","dateModified":"2025-09-14T14:47:54+00:00","description":"Clipes de trilho CGWK de alta qualidade para conex\u00f5es de trilho seguras e duradouras. Ideal para ferrovias, trilhos industriais e aplica\u00e7\u00f5es pesadas.","breadcrumb":{"@id":"https:\/\/www.hnhlcrane.com\/product\/cgwk-rail-clips\/#breadcrumb"},"inLanguage":"pt-BR","potentialAction":[{"@type":"ReadAction","target":["https:\/\/www.hnhlcrane.com\/product\/cgwk-rail-clips\/"]}]},{"@type":"ImageObject","inLanguage":"pt-BR","@id":"https:\/\/www.hnhlcrane.com\/product\/cgwk-rail-clips\/#primaryimage","url":"https:\/\/www.hnhlcrane.com\/wp-content\/uploads\/2024\/11\/CGWK-Rail-Clips.jpg","contentUrl":"https:\/\/www.hnhlcrane.com\/wp-content\/uploads\/2024\/11\/CGWK-Rail-Clips.jpg","width":600,"height":600},{"@type":"BreadcrumbList","@id":"https:\/\/www.hnhlcrane.com\/product\/cgwk-rail-clips\/#breadcrumb","itemListElement":[{"@type":"ListItem","position":1,"name":"home","item":"https:\/\/www.hnhlcrane.com\/"},{"@type":"ListItem","position":2,"name":"products","item":"https:\/\/www.hnhlcrane.com\/products\/"},{"@type":"ListItem","position":3,"name":"CGWK Rail Clips"}]},{"@type":"WebSite","@id":"https:\/\/www.hnhlcrane.com\/#website","url":"https:\/\/www.hnhlcrane.com\/","name":"Fornecedor de pe\u00e7as para guindastes-HL Crame","description":"Uma solu\u00e7\u00e3o completa para todas as suas necessidades de pe\u00e7as de guindaste, gancho de guindaste, tambor de guindaste, roda de guindaste, acoplamento de guindaste, caixa de engrenagens de guindaste, motor de guindaste, freio de guindaste, espalhador de guindaste especial, garra de guindaste, espalhador de cont\u00eainer, bra\u00e7adeiras de guindaste de tarugo, espalhador de guindaste tipo C,Eletro\u00edm\u00e3 de eleva\u00e7\u00e3o, grampos de trilho de guindaste, talha el\u00e9trica, carros terminais de guindaste padr\u00e3o FEM, pe\u00e7as leves de guindaste, pe\u00e7as de esta\u00e7\u00e3o de trabalho de guindaste, pe\u00e7as el\u00e9tricas de guindaste, carrinho de cabo de viga I, controle remoto de guindaste, gabinete de controle el\u00e9trico de guindaste,Chave fim de curso de guindaste, alarme sonoro e luminoso de guindaste, conector de avia\u00e7\u00e3o para servi\u00e7o pesado, limitador de sobrecarga de guindaste, fornecedor de pe\u00e7as de guindaste da China, ganchos de guindaste, gancho de p\u00f3rtico, acess\u00f3rios de guindaste, gancho forjado, processamento de gancho, fabricante de gancho, gancho de guindaste padr\u00e3o da China, gancho de guincho el\u00e9trico, polia de guindaste, polia de gancho, polia laminada, fornecedor de polia de guindaste, polia de gancho europeu, polia de gancho de p\u00f3rtico, tambor de guindaste tipo WZL, conjunto de carretel de estilo europeu, carretel de guindaste,Pe\u00e7as de guindaste,Processamento de tambor,Fabricante de tambor de guindaste,Tambor de a\u00e7o fundido,Tambor de guincho el\u00e9trico,Montagem de tambor de guindaste,Blocos de roda DRS,Roda de guindaste europeu,Rodas forjadas,Conjunto de rodas ativas,Conjunto de rodas motrizes,Grupo de rodas motrizes,Fabricante de rodas de guindaste,Rodas de guindaste Demag,Rodas de guindaste Konecranes,Roda de ponte rolante,Acoplamentos de eixo,Acoplamentos de transmiss\u00e3o de energia,Acoplamentos de disco,Acoplamentos de fluido,Fabricante de acoplamento,Acoplamento cardan,Redutor de guindaste,Redutor de guindaste,Redutor para guindaste,Redutor de engrenagem para guindaste,Redutor de superf\u00edcie de dente duro,Redutor de guindaste e guincho,Redutor Flender,Fabricante de redutor,Redutor ZQ,Redutor QJ,Redutor QJY,Motores de engrenagem,Redutor Konecranes,Redutor tr\u00eas em um da s\u00e9rie F, Redutor tr\u00eas em um da s\u00e9rie K, M\u00e1quinas de transla\u00e7\u00e3o, Motor de transla\u00e7\u00e3o com engrenagem, Motor de engrenagem para transla\u00e7\u00e3o de guindaste, M\u00e1quinas de transla\u00e7\u00e3o Motores de inversor de frequ\u00eancia, Motores de engrenagem padr\u00e3o FEM, Motores de guindaste,Motores inversores,Motores para guindaste,Motores para servi\u00e7o de guindaste,Motores especiais para guindaste,Motores da s\u00e9rie YZR YZP YZ,Motor de guindaste e de eleva\u00e7\u00e3o,Motor de convers\u00e3o de frequ\u00eancia,Freios a tambor eletro-hidr\u00e1ulicos,Freios a disco eletro-hidr\u00e1ulicos,Freio,Freios para ponte rolante,Freios a disco,Freio a disco eletromagn\u00e9tico,Freio a disco hidr\u00e1ulico para guindaste,Fabricante de freios,Freios de seguran\u00e7a para guindaste,Garra de cabo simples,Garra de quatro cabos,Garra eletro-hidr\u00e1ulica com v\u00e1rias abas,Garra com casca de laranja,Garra com motor el\u00e9trico,Garra de concha eletro-hidr\u00e1ulica, fabricantes de garras, fabricantes de espalhador de cont\u00eaineres, espalhador de cont\u00eaineres de 20 p\u00e9s, espalhador de cont\u00eaineres semiautom\u00e1tico, estrutura de eleva\u00e7\u00e3o de cont\u00eaineres de 40 p\u00e9s, espalhador de cont\u00eaineres TEC, bra\u00e7adeira de eleva\u00e7\u00e3o de tarugo, bra\u00e7adeiras de tarugo, fabricante de bra\u00e7adeiras de guindaste de tarugo, fornecedor chin\u00eas de bra\u00e7adeiras de eleva\u00e7\u00e3o de tarugo, gancho tipo C de bobina, gancho de bobina, gancho tipo C de a\u00e7o de ponte rolante, gancho tipo C, espalhador tipo C, gancho tipo C, \u00edm\u00e3s de guindaste, dispositivo de fixa\u00e7\u00e3o de trilho,Dispositivo de fixa\u00e7\u00e3o de trilho de guindaste,Bra\u00e7adeira de trilho de guindaste,Talha el\u00e9trica de cabo de a\u00e7o CD\/MD,Talha el\u00e9trica de cabo de a\u00e7o,Talha el\u00e9trica de cabo de a\u00e7o de viga \u00fanica,Talha el\u00e9trica de cabo de a\u00e7o de viga dupla,Talha de corrente,Fabricante de talha el\u00e9trica de corrente,Distribuidor de talha el\u00e9trica de corrente na China,Talha el\u00e9trica de cabo de a\u00e7o europeia,Talha el\u00e9trica de cabo de a\u00e7o de viga dupla europeia,Carro de extremidade de guindaste de viga \u00fanica estilo europeu,Carro de extremidade de guindaste de viga \u00fanica estilo europeu FEN\/DIN,Fabricantes de viga final de guindaste, viga final de guindaste de viga dupla de talha estilo europeu, viga final de guindaste de suspens\u00e3o, viga final de guindaste de viga \u00fanica suspensa estilo europeu, viga final de guindaste de suspens\u00e3o FEN\/DIN, carrinho de cabo de guindaste, controle remoto sem fio, controle remoto, al\u00e7a de controle de guindaste, controles de guindaste, gabinete de controle el\u00e9trico, gabinete de controle de guindaste, chave de limite, alarme sonoro e luminoso, plugue de avia\u00e7\u00e3o, conector r\u00e1pido, plugue de avia\u00e7\u00e3o de guindaste, limitador de sobrecarga","publisher":{"@id":"https:\/\/www.hnhlcrane.com\/#organization"},"potentialAction":[{"@type":"SearchAction","target":{"@type":"EntryPoint","urlTemplate":"https:\/\/www.hnhlcrane.com\/?s={search_term_string}"},"query-input":{"@type":"PropertyValueSpecification","valueRequired":true,"valueName":"search_term_string"}}],"inLanguage":"pt-BR"},{"@type":"Organization","@id":"https:\/\/www.hnhlcrane.com\/#organization","name":"Fornecedor de pe\u00e7as para guindastes-HL Crame","url":"https:\/\/www.hnhlcrane.com\/","logo":{"@type":"ImageObject","inLanguage":"pt-BR","@id":"https:\/\/www.hnhlcrane.com\/#\/schema\/logo\/image\/","url":"https:\/\/www.hnhlcrane.com\/wp-content\/uploads\/2024\/09\/logo6-1-e1733899395598.png","contentUrl":"https:\/\/www.hnhlcrane.com\/wp-content\/uploads\/2024\/09\/logo6-1-e1733899395598.png","width":1000,"height":282,"caption":"Crane Parts Supplier-HL Crame"},"image":{"@id":"https:\/\/www.hnhlcrane.com\/#\/schema\/logo\/image\/"}}]}},"_links":{"self":[{"href":"https:\/\/www.hnhlcrane.com\/pt_br\/wp-json\/wp\/v2\/product\/5524","targetHints":{"allow":["GET"]}}],"collection":[{"href":"https:\/\/www.hnhlcrane.com\/pt_br\/wp-json\/wp\/v2\/product"}],"about":[{"href":"https:\/\/www.hnhlcrane.com\/pt_br\/wp-json\/wp\/v2\/types\/product"}],"version-history":[{"count":1,"href":"https:\/\/www.hnhlcrane.com\/pt_br\/wp-json\/wp\/v2\/product\/5524\/revisions"}],"predecessor-version":[{"id":6970,"href":"https:\/\/www.hnhlcrane.com\/pt_br\/wp-json\/wp\/v2\/product\/5524\/revisions\/6970"}],"wp:featuredmedia":[{"embeddable":true,"href":"https:\/\/www.hnhlcrane.com\/pt_br\/wp-json\/wp\/v2\/media\/5525"}],"wp:attachment":[{"href":"https:\/\/www.hnhlcrane.com\/pt_br\/wp-json\/wp\/v2\/media?parent=5524"}],"wp:term":[{"taxonomy":"product_brand","embeddable":true,"href":"https:\/\/www.hnhlcrane.com\/pt_br\/wp-json\/wp\/v2\/product_brand?post=5524"},{"taxonomy":"product_cat","embeddable":true,"href":"https:\/\/www.hnhlcrane.com\/pt_br\/wp-json\/wp\/v2\/product_cat?post=5524"},{"taxonomy":"product_tag","embeddable":true,"href":"https:\/\/www.hnhlcrane.com\/pt_br\/wp-json\/wp\/v2\/product_tag?post=5524"}],"curies":[{"name":"wp","href":"https:\/\/api.w.org\/{rel}","templated":true}]}}