{"id":5505,"date":"2024-11-28T14:51:15","date_gmt":"2024-11-28T06:51:15","guid":{"rendered":"https:\/\/www.hnhlcrane.com\/?post_type=product&#038;p=5505"},"modified":"2025-09-10T10:52:52","modified_gmt":"2025-09-10T02:52:52","slug":"clipes-de-trilho-wjk","status":"publish","type":"product","link":"https:\/\/www.hnhlcrane.com\/pt_br\/produto\/clipes-de-trilho-wjk\/","title":{"rendered":"Clipes de trilho WJK"},"content":{"rendered":"<h6><strong><span style=\"font-family: arial, helvetica, sans-serif; font-size: 18pt;\">Caracter\u00edsticas dos clipes de trilho WJK<\/span><\/strong><\/h6>\n<p>Os grampos de trilho WJK s\u00e3o projetados para vigas de a\u00e7o, com uma capacidade de eleva\u00e7\u00e3o de 350 toneladas por conjunto, compreendendo sete componentes no total.<\/p>\n<ol>\n<li><span style=\"font-size: 14pt;\"><strong>Soldagem da placa base<\/strong>:<\/span><br \/>\nA placa de base WJK \u00e9 soldada ao flange da viga do guindaste de a\u00e7o com soldas circundantes de tr\u00eas lados ou soldas laterais de dois lados. Essa configura\u00e7\u00e3o garante que a for\u00e7a lateral horizontal do guindaste seja transferida suavemente para a viga do guindaste. Al\u00e9m disso, ela elimina o enfraquecimento estrutural causado pela perfura\u00e7\u00e3o excessiva no flange, aumentando significativamente a capacidade de suporte de carga da se\u00e7\u00e3o transversal da viga do guindaste.<\/li>\n<li><span style=\"font-size: 14pt;\"><strong>Conex\u00e3o da junta esf\u00e9rica<\/strong>:<\/span><br \/>\nA placa de base se conecta \u00e0 extremidade inferior do parafuso em T por meio de uma junta esf\u00e9rica. Consequentemente, o parafuso em T permanece perpendicular \u00e0 tampa superior durante a aplica\u00e7\u00e3o da for\u00e7a lateral e permite uma leve inclina\u00e7\u00e3o. Esse projeto reduz efetivamente o impacto lateral do guindaste sobre o trilho, a viga do guindaste e o sistema de freio, prolongando a vida \u00fatil da estrutura.<\/li>\n<li><span style=\"font-size: 14pt;\"><strong>Placa de ajuste do medidor<\/strong>:<\/span><br \/>\nOs clipes WJK incluem uma placa de ajuste de bitola para o ajuste fino da bitola do trilho. Esse recurso aumenta a precis\u00e3o da instala\u00e7\u00e3o, reduz os desvios na linha central do trilho e incorpora um mecanismo duplo de travamento autom\u00e1tico para evitar o afrouxamento durante o uso.<\/li>\n<li><span style=\"font-family: arial, helvetica, sans-serif; font-size: 14pt;\"><strong>Facilidade de instala\u00e7\u00e3o e manuten\u00e7\u00e3o<\/strong>:<\/span><br \/>\nOs parafusos em T e as placas da tampa superior do <a href=\"https:\/\/www.hnhlcrane.com\/pt_br\/produtos\/clipes-de-trilho-de-guindaste\/\" target=\"_blank\" rel=\"noopener\">Clipes da WJK<\/a> pode ser facilmente montado e desmontado, proporcionando grande conveni\u00eancia durante as opera\u00e7\u00f5es de constru\u00e7\u00e3o e manuten\u00e7\u00e3o.<\/li>\n<li><span style=\"font-size: 14pt;\"><strong>Compatibilidade com a curvatura do trilho<\/strong>:<\/span><br \/>\nA placa de cobertura superior corresponde \u00e0 curvatura da se\u00e7\u00e3o transversal do trilho, permitindo que ela prenda firmemente o trilho sem impedir seu leve movimento longitudinal. Esse recurso tamb\u00e9m facilita a soldagem de trilhos de comprimento total.<\/li>\n<li><span style=\"font-size: 14pt;\"><strong>Espa\u00e7amento fixo de componentes<\/strong>:<\/span><br \/>\nO espa\u00e7amento dos componentes fixos \u00e9 determinado pela capacidade de eleva\u00e7\u00e3o do guindaste. Para cargas \u2264275t, o espa\u00e7amento \u00e9 de 600 mm; para cargas &gt;275t, o espa\u00e7amento \u00e9 reduzido para 500 mm.<\/li>\n<li><span style=\"font-size: 14pt;\"><strong>Compatibilidade de materiais de soldagem<\/strong>:<\/span><br \/>\nA base do componente fixo \u00e9 soldada \u00e0 viga do guindaste usando modelos de eletrodos compat\u00edveis com o material dos componentes de conex\u00e3o. Por exemplo, os eletrodos E4303 s\u00e3o usados para o a\u00e7o Q235, enquanto os eletrodos E5015 s\u00e3o usados para o a\u00e7o Q345.<\/li>\n<li><span style=\"font-size: 14pt;\"><strong>Tipos de solda com base no servi\u00e7o do guindaste<\/strong>:<\/span><br \/>\nOs guindastes para servi\u00e7os m\u00e9dios usam cord\u00f5es de solda de dois lados, enquanto os guindastes para servi\u00e7os pesados (ou superpesados) exigem cord\u00f5es de solda circundantes de tr\u00eas lados.<\/li>\n<li><span style=\"font-size: 14pt;\"><strong>Torque de aperto do parafuso<\/strong>:<\/span><br \/>\nPara guindastes de servi\u00e7o m\u00e9dio (Q \u2264 275t), o torque m\u00e1ximo de aperto dos parafusos \u00e9 de 150N-m. Para guindastes de servi\u00e7o pesado, ele \u00e9 aumentado para 220N-m.<\/li>\n<li><span style=\"font-size: 14pt;\"><strong>For\u00e7a lateral m\u00e1xima<\/strong>:<\/span><br \/>\nA for\u00e7a lateral m\u00e1xima permitida para os grampos dos trilhos \u00e9 de 45kN.<\/li>\n<\/ol>\n<p><img fetchpriority=\"high\" decoding=\"async\" class=\"alignnone wp-image-5508\" src=\"https:\/\/www.hnhlcrane.com\/wp-content\/uploads\/2024\/11\/WJK-Rail-Clips-3-300x95.jpg\" alt=\"\" width=\"802\" height=\"254\" srcset=\"https:\/\/www.hnhlcrane.com\/wp-content\/uploads\/2024\/11\/WJK-Rail-Clips-3-300x95.jpg 300w, https:\/\/www.hnhlcrane.com\/wp-content\/uploads\/2024\/11\/WJK-Rail-Clips-3-768x242.jpg 768w, https:\/\/www.hnhlcrane.com\/wp-content\/uploads\/2024\/11\/WJK-Rail-Clips-3-600x189.jpg 600w, https:\/\/www.hnhlcrane.com\/wp-content\/uploads\/2024\/11\/WJK-Rail-Clips-3.jpg 800w\" sizes=\"(max-width: 802px) 100vw, 802px\" \/><\/p>","protected":false},"excerpt":{"rendered":"<h6><strong><span style=\"font-family: arial, helvetica, sans-serif; font-size: 14pt;\">Especifica\u00e7\u00f5es dos clipes de trilho WJK<\/span><\/strong><\/h6>\n<ul>\n<li><strong>Modelos<\/strong>: WJK-TG38, WJK-TG43, WJK-TG50, WJK-TG60, WJK-QU70, WJK-QU80, WJK-QU100, WJK-QU120<\/li>\n<li><strong>M\u00e9todo de fixa\u00e7\u00e3o<\/strong>: Placa de base soldada<\/li>\n<\/ul>","protected":false},"featured_media":5506,"template":"","meta":{"_kad_post_transparent":"default","_kad_post_title":"","_kad_post_layout":"default","_kad_post_sidebar_id":"","_kad_post_content_style":"default","_kad_post_vertical_padding":"show","_kad_post_feature":"","_kad_post_feature_position":"","_kad_post_header":false,"_kad_post_footer":false},"product_brand":[],"product_cat":[83],"product_tag":[224,223,222,221,218,214,217,225,228,216,226,219,227,215,220],"class_list":{"0":"post-5505","1":"product","2":"type-product","3":"status-publish","4":"has-post-thumbnail","6":"product_cat-crane-rail-clips","7":"product_tag-05g525-rail-clips","8":"product_tag-cgbk-rail-clips","9":"product_tag-cgek-rail-clips","10":"product_tag-cgwk-rail-clips","11":"product_tag-crane-rail-clamp","12":"product_tag-crane-rail-clips","13":"product_tag-crane-rail-fixing-device","14":"product_tag-hdgy-rail-clips","15":"product_tag-rail-connection-splint","16":"product_tag-rail-fixing-device","17":"product_tag-rail-joints","18":"product_tag-swjk-rail-clips","19":"product_tag-tracks-jointing-plates","20":"product_tag-wjk-rail-clips","21":"product_tag-wjkc-rail-clips","23":"first","24":"instock","25":"shipping-taxable","26":"product-type-simple","27":"entry","28":"content-bg","29":"loop-entry"},"yoast_head":"<!-- This site is optimized with the Yoast SEO plugin v25.6 - https:\/\/yoast.com\/wordpress\/plugins\/seo\/ -->\n<title>WJK Rail Clips Manufacturer \u2013 Expert Crane Rail Fastening Solutions<\/title>\n<meta name=\"description\" content=\"WJK rail clips designed for secure crane rail attachment, vibration resistance, and long-lasting performance in overhead crane systems.\" \/>\n<meta name=\"robots\" content=\"index, follow, max-snippet:-1, max-image-preview:large, max-video-preview:-1\" \/>\n<link rel=\"canonical\" href=\"https:\/\/www.hnhlcrane.com\/pt_br\/produto\/clipes-de-trilho-wjk\/\" \/>\n<meta property=\"og:locale\" content=\"pt_BR\" \/>\n<meta property=\"og:type\" content=\"article\" \/>\n<meta property=\"og:title\" content=\"WJK Rail Clips Manufacturer \u2013 Expert Crane Rail Fastening Solutions\" \/>\n<meta property=\"og:description\" content=\"WJK rail clips designed for secure crane rail attachment, vibration resistance, and long-lasting performance in overhead crane systems.\" \/>\n<meta property=\"og:url\" content=\"https:\/\/www.hnhlcrane.com\/pt_br\/produto\/clipes-de-trilho-wjk\/\" \/>\n<meta property=\"og:site_name\" content=\"Crane Parts Supplier-HL Crame\" \/>\n<meta property=\"article:modified_time\" content=\"2025-09-10T02:52:52+00:00\" \/>\n<meta property=\"og:image\" content=\"https:\/\/www.hnhlcrane.com\/wp-content\/uploads\/2024\/11\/WJK-Rail-Clips-1.jpg\" \/>\n\t<meta property=\"og:image:width\" content=\"600\" \/>\n\t<meta property=\"og:image:height\" content=\"600\" \/>\n\t<meta property=\"og:image:type\" content=\"image\/jpeg\" \/>\n<meta name=\"twitter:card\" content=\"summary_large_image\" \/>\n<meta name=\"twitter:label1\" content=\"Est. tempo de leitura\" \/>\n\t<meta name=\"twitter:data1\" content=\"3 minutos\" \/>\n<script type=\"application\/ld+json\" class=\"yoast-schema-graph\">{\"@context\":\"https:\/\/schema.org\",\"@graph\":[{\"@type\":\"WebPage\",\"@id\":\"https:\/\/www.hnhlcrane.com\/product\/wjk-rail-clips\/\",\"url\":\"https:\/\/www.hnhlcrane.com\/product\/wjk-rail-clips\/\",\"name\":\"WJK Rail Clips Manufacturer \u2013 Expert Crane Rail Fastening Solutions\",\"isPartOf\":{\"@id\":\"https:\/\/www.hnhlcrane.com\/#website\"},\"primaryImageOfPage\":{\"@id\":\"https:\/\/www.hnhlcrane.com\/product\/wjk-rail-clips\/#primaryimage\"},\"image\":{\"@id\":\"https:\/\/www.hnhlcrane.com\/product\/wjk-rail-clips\/#primaryimage\"},\"thumbnailUrl\":\"https:\/\/www.hnhlcrane.com\/wp-content\/uploads\/2024\/11\/WJK-Rail-Clips-1.jpg\",\"datePublished\":\"2024-11-28T06:51:15+00:00\",\"dateModified\":\"2025-09-10T02:52:52+00:00\",\"description\":\"WJK rail clips designed for secure crane rail attachment, vibration resistance, and long-lasting performance in overhead crane systems.\",\"breadcrumb\":{\"@id\":\"https:\/\/www.hnhlcrane.com\/product\/wjk-rail-clips\/#breadcrumb\"},\"inLanguage\":\"pt-BR\",\"potentialAction\":[{\"@type\":\"ReadAction\",\"target\":[\"https:\/\/www.hnhlcrane.com\/product\/wjk-rail-clips\/\"]}]},{\"@type\":\"ImageObject\",\"inLanguage\":\"pt-BR\",\"@id\":\"https:\/\/www.hnhlcrane.com\/product\/wjk-rail-clips\/#primaryimage\",\"url\":\"https:\/\/www.hnhlcrane.com\/wp-content\/uploads\/2024\/11\/WJK-Rail-Clips-1.jpg\",\"contentUrl\":\"https:\/\/www.hnhlcrane.com\/wp-content\/uploads\/2024\/11\/WJK-Rail-Clips-1.jpg\",\"width\":600,\"height\":600},{\"@type\":\"BreadcrumbList\",\"@id\":\"https:\/\/www.hnhlcrane.com\/product\/wjk-rail-clips\/#breadcrumb\",\"itemListElement\":[{\"@type\":\"ListItem\",\"position\":1,\"name\":\"home\",\"item\":\"https:\/\/www.hnhlcrane.com\/\"},{\"@type\":\"ListItem\",\"position\":2,\"name\":\"products\",\"item\":\"https:\/\/www.hnhlcrane.com\/products\/\"},{\"@type\":\"ListItem\",\"position\":3,\"name\":\"WJK Rail Clips\"}]},{\"@type\":\"WebSite\",\"@id\":\"https:\/\/www.hnhlcrane.com\/#website\",\"url\":\"https:\/\/www.hnhlcrane.com\/\",\"name\":\"Crane Parts Supplier-HL Crame\",\"description\":\"One-stop solution for all your  crane parts needs,Crane Hook,Crane Drum,Crane Wheel,Crane Coupling,Crane Gearbox,Crane Motor,Crane Brake,Special Crane Spreader,Crane grab,Container spreader,Billet crane clamps,Crane C-type spreader,Lifting Electromagnet,Crane Rail Clips,Electric Hoist,FEM Standard Crane End Carriages,Light Crane Parts,Workstation Crane Parts,Crane Electrical Parts,I-beam cable trolley,Crane remote controller,Crane electrical control cabinet,Crane limit switch,Crane sound and light alarm,Heavy Duty Aviation Connector,Crane overload limiter,China Crane Parts Supplier,Crane hooks,Gantry crane hook,Crane accessories,Forged hook,hook processing,Hook manufacturer,China standard crane hook,electric hoist hook,Crane pulley,Hook pulley,Rolled pulley,Crane Pulley Supplier\uff0cEuropean hook pulley,Gantry crane hook pulley,WZL type crane drum,European style reel set,Crane reel,crane parts,Drum processing,crane drum manufacturer,Cast steel drum,Electric hoist drum,Crane drum assembly,DRS Wheel Blocks,European crane wheel,Forged wheels,Active wheel set,Driving wheel set,Driven wheel group,crane wheels manufacturer,Demag crane wheels,Konecranes Crane Wheels,Overhead crane Wheel,Shaft couplings,Power Transmission Couplings,Disc Couplings,Fluid couplings,Coupling manufacturer\uff0cCardan coupling,Crane Reducer,Crane Decelerators,Reducer gearbox,Reducer for crane,Gear Reducer For Crane,Hard tooth surface reducerCrane and hoist reducer,Flender reducer,Reducer manufacturer,ZQ reducer,QJ reducer,QJY reducer,Gear Motors,Konecranes reducer,F series three-in-one reducer,K series three-in-one reducer,travelling machinery,Travelling Motor With Gear,Gear Motor for Crane Traveling,Travelling machinery Frequency inverter motors,FEM standard Gear Motors,Crane motors,Inverter motors,Hoist motors,motorCrane duty motors,Special motor for crane,YZR YZP YZ series motors,Crane and hoist motor,Frequency conversion motor,Electro hydraulic drum brakes,Electro-hydraulic disc brakes,Brake,Overhead Crane Brakes,Disc brakes,Electromagnetic disk brake,Crane hydraulic disc brake,Brakes manufacturer,crane Safety brakes,Singlr rope grab,Four rope grab,Electro-hydraulic multi-flap grab,Orange peel grab,Electric motor grab,Electro-Hydraulicclamshell grab,grab manufacturers,Container spreader manufacturers,20ft Container Spreader,Semi Automatic container spreader,40ft Container Lifting Frame,TEC container Spreader,Billet lifting clamp,Billet Clamps,Billet crane clamps manufacturer,billet lifting clamps china supplier,Coil C-Type Hook,coil hook,Overhead Crane Steel Coil C-Type Hook,Crane C-hook,C-type spreader,C-type hook,Crane magnets,Rail fixing device,Crane Rail fixing device,crane Rail Clamp,CD\/MD Wire Rope Electric Hoist,Wire Rope Electric Hoist China Manufacturer,Single Girder Wire Rope Electric Hoist,Double Girder Wire Rope Electric Hoist,Chain Hoist,Electric chain hoist manufacturer,Electric chain hoist China distributor,European wire rope electric hoist\uff0cEuropean double beam wire rope electric hoist,European Style Single Beam Crane End Carriage,FEN\/DIN European Style Single Beam Crane End Carriage,Crane end beam manufacturers,European style hoist double beam crane end beam,Suspension crane end beam,European style suspended single beam crane end beam,FEN\/DIN Suspension crane end beam,crane cable trolley,Wireless remote control,remote controller,Crane control handle,Crane Controls,electrical control cabinet,crane control cabinet,Limit switch,Sound and light alarm,Aviation plug,quick connector,Crane aviation plug,Overload limiter\",\"publisher\":{\"@id\":\"https:\/\/www.hnhlcrane.com\/#organization\"},\"potentialAction\":[{\"@type\":\"SearchAction\",\"target\":{\"@type\":\"EntryPoint\",\"urlTemplate\":\"https:\/\/www.hnhlcrane.com\/?s={search_term_string}\"},\"query-input\":{\"@type\":\"PropertyValueSpecification\",\"valueRequired\":true,\"valueName\":\"search_term_string\"}}],\"inLanguage\":\"pt-BR\"},{\"@type\":\"Organization\",\"@id\":\"https:\/\/www.hnhlcrane.com\/#organization\",\"name\":\"Crane Parts Supplier-HL Crame\",\"url\":\"https:\/\/www.hnhlcrane.com\/\",\"logo\":{\"@type\":\"ImageObject\",\"inLanguage\":\"pt-BR\",\"@id\":\"https:\/\/www.hnhlcrane.com\/#\/schema\/logo\/image\/\",\"url\":\"https:\/\/www.hnhlcrane.com\/wp-content\/uploads\/2024\/09\/logo6-1-e1733899395598.png\",\"contentUrl\":\"https:\/\/www.hnhlcrane.com\/wp-content\/uploads\/2024\/09\/logo6-1-e1733899395598.png\",\"width\":1000,\"height\":282,\"caption\":\"Crane Parts Supplier-HL Crame\"},\"image\":{\"@id\":\"https:\/\/www.hnhlcrane.com\/#\/schema\/logo\/image\/\"}}]}<\/script>\n<!-- \/ Yoast SEO plugin. -->","yoast_head_json":{"title":"Fabricante de clipes para trilhos WJK - Solu\u00e7\u00f5es especializadas em fixa\u00e7\u00e3o de trilhos de guindastes","description":"Grampos de trilho WJK projetados para fixa\u00e7\u00e3o segura do trilho da ponte rolante, resist\u00eancia \u00e0 vibra\u00e7\u00e3o e desempenho duradouro em sistemas de pontes rolantes.","robots":{"index":"index","follow":"follow","max-snippet":"max-snippet:-1","max-image-preview":"max-image-preview:large","max-video-preview":"max-video-preview:-1"},"canonical":"https:\/\/www.hnhlcrane.com\/pt_br\/produto\/clipes-de-trilho-wjk\/","og_locale":"pt_BR","og_type":"article","og_title":"WJK Rail Clips Manufacturer \u2013 Expert Crane Rail Fastening Solutions","og_description":"WJK rail clips designed for secure crane rail attachment, vibration resistance, and long-lasting performance in overhead crane systems.","og_url":"https:\/\/www.hnhlcrane.com\/pt_br\/produto\/clipes-de-trilho-wjk\/","og_site_name":"Crane Parts Supplier-HL Crame","article_modified_time":"2025-09-10T02:52:52+00:00","og_image":[{"width":600,"height":600,"url":"https:\/\/www.hnhlcrane.com\/wp-content\/uploads\/2024\/11\/WJK-Rail-Clips-1.jpg","type":"image\/jpeg"}],"twitter_card":"summary_large_image","twitter_misc":{"Est. tempo de leitura":"3 minutos"},"schema":{"@context":"https:\/\/schema.org","@graph":[{"@type":"WebPage","@id":"https:\/\/www.hnhlcrane.com\/product\/wjk-rail-clips\/","url":"https:\/\/www.hnhlcrane.com\/product\/wjk-rail-clips\/","name":"Fabricante de clipes para trilhos WJK - Solu\u00e7\u00f5es especializadas em fixa\u00e7\u00e3o de trilhos de guindastes","isPartOf":{"@id":"https:\/\/www.hnhlcrane.com\/#website"},"primaryImageOfPage":{"@id":"https:\/\/www.hnhlcrane.com\/product\/wjk-rail-clips\/#primaryimage"},"image":{"@id":"https:\/\/www.hnhlcrane.com\/product\/wjk-rail-clips\/#primaryimage"},"thumbnailUrl":"https:\/\/www.hnhlcrane.com\/wp-content\/uploads\/2024\/11\/WJK-Rail-Clips-1.jpg","datePublished":"2024-11-28T06:51:15+00:00","dateModified":"2025-09-10T02:52:52+00:00","description":"Grampos de trilho WJK projetados para fixa\u00e7\u00e3o segura do trilho da ponte rolante, resist\u00eancia \u00e0 vibra\u00e7\u00e3o e desempenho duradouro em sistemas de pontes rolantes.","breadcrumb":{"@id":"https:\/\/www.hnhlcrane.com\/product\/wjk-rail-clips\/#breadcrumb"},"inLanguage":"pt-BR","potentialAction":[{"@type":"ReadAction","target":["https:\/\/www.hnhlcrane.com\/product\/wjk-rail-clips\/"]}]},{"@type":"ImageObject","inLanguage":"pt-BR","@id":"https:\/\/www.hnhlcrane.com\/product\/wjk-rail-clips\/#primaryimage","url":"https:\/\/www.hnhlcrane.com\/wp-content\/uploads\/2024\/11\/WJK-Rail-Clips-1.jpg","contentUrl":"https:\/\/www.hnhlcrane.com\/wp-content\/uploads\/2024\/11\/WJK-Rail-Clips-1.jpg","width":600,"height":600},{"@type":"BreadcrumbList","@id":"https:\/\/www.hnhlcrane.com\/product\/wjk-rail-clips\/#breadcrumb","itemListElement":[{"@type":"ListItem","position":1,"name":"home","item":"https:\/\/www.hnhlcrane.com\/"},{"@type":"ListItem","position":2,"name":"products","item":"https:\/\/www.hnhlcrane.com\/products\/"},{"@type":"ListItem","position":3,"name":"WJK Rail Clips"}]},{"@type":"WebSite","@id":"https:\/\/www.hnhlcrane.com\/#website","url":"https:\/\/www.hnhlcrane.com\/","name":"Fornecedor de pe\u00e7as para guindastes-HL Crame","description":"Uma solu\u00e7\u00e3o completa para todas as suas necessidades de pe\u00e7as de guindaste, gancho de guindaste, tambor de guindaste, roda de guindaste, acoplamento de guindaste, caixa de engrenagens de guindaste, motor de guindaste, freio de guindaste, espalhador de guindaste especial, garra de guindaste, espalhador de cont\u00eainer, bra\u00e7adeiras de guindaste de tarugo, espalhador de guindaste tipo C,Eletro\u00edm\u00e3 de eleva\u00e7\u00e3o, grampos de trilho de guindaste, talha el\u00e9trica, carros terminais de guindaste padr\u00e3o FEM, pe\u00e7as leves de guindaste, pe\u00e7as de esta\u00e7\u00e3o de trabalho de guindaste, pe\u00e7as el\u00e9tricas de guindaste, carrinho de cabo de viga I, controle remoto de guindaste, gabinete de controle el\u00e9trico de guindaste,Chave fim de curso de guindaste, alarme sonoro e luminoso de guindaste, conector de avia\u00e7\u00e3o para servi\u00e7o pesado, limitador de sobrecarga de guindaste, fornecedor de pe\u00e7as de guindaste da China, ganchos de guindaste, gancho de p\u00f3rtico, acess\u00f3rios de guindaste, gancho forjado, processamento de gancho, fabricante de gancho, gancho de guindaste padr\u00e3o da China, gancho de guincho el\u00e9trico, polia de guindaste, polia de gancho, polia laminada, fornecedor de polia de guindaste, polia de gancho europeu, polia de gancho de p\u00f3rtico, tambor de guindaste tipo WZL, conjunto de carretel de estilo europeu, carretel de guindaste,Pe\u00e7as de guindaste,Processamento de tambor,Fabricante de tambor de guindaste,Tambor de a\u00e7o fundido,Tambor de guincho el\u00e9trico,Montagem de tambor de guindaste,Blocos de roda DRS,Roda de guindaste europeu,Rodas forjadas,Conjunto de rodas ativas,Conjunto de rodas motrizes,Grupo de rodas motrizes,Fabricante de rodas de guindaste,Rodas de guindaste Demag,Rodas de guindaste Konecranes,Roda de ponte rolante,Acoplamentos de eixo,Acoplamentos de transmiss\u00e3o de energia,Acoplamentos de disco,Acoplamentos de fluido,Fabricante de acoplamento,Acoplamento cardan,Redutor de guindaste,Redutor de guindaste,Redutor para guindaste,Redutor de engrenagem para guindaste,Redutor de superf\u00edcie de dente duro,Redutor de guindaste e guincho,Redutor Flender,Fabricante de redutor,Redutor ZQ,Redutor QJ,Redutor QJY,Motores de engrenagem,Redutor Konecranes,Redutor tr\u00eas em um da s\u00e9rie F, Redutor tr\u00eas em um da s\u00e9rie K, M\u00e1quinas de transla\u00e7\u00e3o, Motor de transla\u00e7\u00e3o com engrenagem, Motor de engrenagem para transla\u00e7\u00e3o de guindaste, M\u00e1quinas de transla\u00e7\u00e3o Motores de inversor de frequ\u00eancia, Motores de engrenagem padr\u00e3o FEM, Motores de guindaste,Motores inversores,Motores para guindaste,Motores para servi\u00e7o de guindaste,Motores especiais para guindaste,Motores da s\u00e9rie YZR YZP YZ,Motor de guindaste e de eleva\u00e7\u00e3o,Motor de convers\u00e3o de frequ\u00eancia,Freios a tambor eletro-hidr\u00e1ulicos,Freios a disco eletro-hidr\u00e1ulicos,Freio,Freios para ponte rolante,Freios a disco,Freio a disco eletromagn\u00e9tico,Freio a disco hidr\u00e1ulico para guindaste,Fabricante de freios,Freios de seguran\u00e7a para guindaste,Garra de cabo simples,Garra de quatro cabos,Garra eletro-hidr\u00e1ulica com v\u00e1rias abas,Garra com casca de laranja,Garra com motor el\u00e9trico,Garra de concha eletro-hidr\u00e1ulica, fabricantes de garras, fabricantes de espalhador de cont\u00eaineres, espalhador de cont\u00eaineres de 20 p\u00e9s, espalhador de cont\u00eaineres semiautom\u00e1tico, estrutura de eleva\u00e7\u00e3o de cont\u00eaineres de 40 p\u00e9s, espalhador de cont\u00eaineres TEC, bra\u00e7adeira de eleva\u00e7\u00e3o de tarugo, bra\u00e7adeiras de tarugo, fabricante de bra\u00e7adeiras de guindaste de tarugo, fornecedor chin\u00eas de bra\u00e7adeiras de eleva\u00e7\u00e3o de tarugo, gancho tipo C de bobina, gancho de bobina, gancho tipo C de a\u00e7o de ponte rolante, gancho tipo C, espalhador tipo C, gancho tipo C, \u00edm\u00e3s de guindaste, dispositivo de fixa\u00e7\u00e3o de trilho,Dispositivo de fixa\u00e7\u00e3o de trilho de guindaste,Bra\u00e7adeira de trilho de guindaste,Talha el\u00e9trica de cabo de a\u00e7o CD\/MD,Talha el\u00e9trica de cabo de a\u00e7o,Talha el\u00e9trica de cabo de a\u00e7o de viga \u00fanica,Talha el\u00e9trica de cabo de a\u00e7o de viga dupla,Talha de corrente,Fabricante de talha el\u00e9trica de corrente,Distribuidor de talha el\u00e9trica de corrente na China,Talha el\u00e9trica de cabo de a\u00e7o europeia,Talha el\u00e9trica de cabo de a\u00e7o de viga dupla europeia,Carro de extremidade de guindaste de viga \u00fanica estilo europeu,Carro de extremidade de guindaste de viga \u00fanica estilo europeu FEN\/DIN,Fabricantes de viga final de guindaste, viga final de guindaste de viga dupla de talha estilo europeu, viga final de guindaste de suspens\u00e3o, viga final de guindaste de viga \u00fanica suspensa estilo europeu, viga final de guindaste de suspens\u00e3o FEN\/DIN, carrinho de cabo de guindaste, controle remoto sem fio, controle remoto, al\u00e7a de controle de guindaste, controles de guindaste, gabinete de controle el\u00e9trico, gabinete de controle de guindaste, chave de limite, alarme sonoro e luminoso, plugue de avia\u00e7\u00e3o, conector r\u00e1pido, plugue de avia\u00e7\u00e3o de guindaste, limitador de sobrecarga","publisher":{"@id":"https:\/\/www.hnhlcrane.com\/#organization"},"potentialAction":[{"@type":"SearchAction","target":{"@type":"EntryPoint","urlTemplate":"https:\/\/www.hnhlcrane.com\/?s={search_term_string}"},"query-input":{"@type":"PropertyValueSpecification","valueRequired":true,"valueName":"search_term_string"}}],"inLanguage":"pt-BR"},{"@type":"Organization","@id":"https:\/\/www.hnhlcrane.com\/#organization","name":"Fornecedor de pe\u00e7as para guindastes-HL Crame","url":"https:\/\/www.hnhlcrane.com\/","logo":{"@type":"ImageObject","inLanguage":"pt-BR","@id":"https:\/\/www.hnhlcrane.com\/#\/schema\/logo\/image\/","url":"https:\/\/www.hnhlcrane.com\/wp-content\/uploads\/2024\/09\/logo6-1-e1733899395598.png","contentUrl":"https:\/\/www.hnhlcrane.com\/wp-content\/uploads\/2024\/09\/logo6-1-e1733899395598.png","width":1000,"height":282,"caption":"Crane Parts Supplier-HL Crame"},"image":{"@id":"https:\/\/www.hnhlcrane.com\/#\/schema\/logo\/image\/"}}]}},"_links":{"self":[{"href":"https:\/\/www.hnhlcrane.com\/pt_br\/wp-json\/wp\/v2\/product\/5505","targetHints":{"allow":["GET"]}}],"collection":[{"href":"https:\/\/www.hnhlcrane.com\/pt_br\/wp-json\/wp\/v2\/product"}],"about":[{"href":"https:\/\/www.hnhlcrane.com\/pt_br\/wp-json\/wp\/v2\/types\/product"}],"version-history":[{"count":1,"href":"https:\/\/www.hnhlcrane.com\/pt_br\/wp-json\/wp\/v2\/product\/5505\/revisions"}],"predecessor-version":[{"id":6958,"href":"https:\/\/www.hnhlcrane.com\/pt_br\/wp-json\/wp\/v2\/product\/5505\/revisions\/6958"}],"wp:featuredmedia":[{"embeddable":true,"href":"https:\/\/www.hnhlcrane.com\/pt_br\/wp-json\/wp\/v2\/media\/5506"}],"wp:attachment":[{"href":"https:\/\/www.hnhlcrane.com\/pt_br\/wp-json\/wp\/v2\/media?parent=5505"}],"wp:term":[{"taxonomy":"product_brand","embeddable":true,"href":"https:\/\/www.hnhlcrane.com\/pt_br\/wp-json\/wp\/v2\/product_brand?post=5505"},{"taxonomy":"product_cat","embeddable":true,"href":"https:\/\/www.hnhlcrane.com\/pt_br\/wp-json\/wp\/v2\/product_cat?post=5505"},{"taxonomy":"product_tag","embeddable":true,"href":"https:\/\/www.hnhlcrane.com\/pt_br\/wp-json\/wp\/v2\/product_tag?post=5505"}],"curies":[{"name":"wp","href":"https:\/\/api.w.org\/{rel}","templated":true}]}}