{"id":5472,"date":"2024-11-26T00:45:41","date_gmt":"2024-11-25T16:45:41","guid":{"rendered":"https:\/\/www.hnhlcrane.com\/?post_type=product&#038;p=5472"},"modified":"2025-09-10T10:45:04","modified_gmt":"2025-09-10T02:45:04","slug":"copia-das-bracadeiras-de-guindaste-em-tarugo","status":"publish","type":"product","link":"https:\/\/www.hnhlcrane.com\/pt_br\/produto\/copia-das-bracadeiras-de-guindaste-em-tarugo\/","title":{"rendered":"Espalhador tipo C da Crane"},"content":{"rendered":"<h6><span style=\"font-family: arial, helvetica, sans-serif; font-size: 18pt;\"><strong>Vis\u00e3o geral do Crane C-Type Spreader<\/strong><\/span><\/h6>\n<p>O spreader tipo C da Crane \u00e9 um dispositivo especializado projetado para elevar e transportar bobinas horizontalmente. Nomeado por sua semelhan\u00e7a com a letra \"C\", esse spreader \u00e9 comumente usado em usinas sider\u00fargicas, instala\u00e7\u00f5es de produ\u00e7\u00e3o e processamento de chapas laminadas a frio, armaz\u00e9ns e outros locais de trabalho que lidam com bobinas de a\u00e7o horizontais.<\/p>\n<h6><span style=\"font-family: arial, helvetica, sans-serif; font-size: 18pt;\"><strong>Caracter\u00edsticas estruturais do guindaste <a href=\"https:\/\/www.hnhlcrane.com\/pt_br\/produtos\/espalhador-especial-para-guindastes\/\" target=\"_blank\" rel=\"noopener\">Espalhador tipo C<\/a><\/strong><\/span><\/h6>\n<ul>\n<li><strong>Corpo principal e contrapeso<\/strong>:\n<ul>\n<li><strong>Corpo principal<\/strong>: Constru\u00eddo com chapas de a\u00e7o e tubos de a\u00e7o, garantindo excelente resist\u00eancia \u00e0 flex\u00e3o e \u00e0 tor\u00e7\u00e3o. A estrutura leve aumenta a facilidade de uso e prolonga a vida \u00fatil.<\/li>\n<li><strong>Contrapeso<\/strong>: Equilibra o spreader e alinha seu centro de gravidade com o centro do objeto levantado, garantindo opera\u00e7\u00f5es seguras e confi\u00e1veis.<\/li>\n<\/ul>\n<\/li>\n<li><strong>Op\u00e7\u00f5es de design de prote\u00e7\u00e3o<\/strong>:\n<ul>\n<li>Com base nos requisitos do usu\u00e1rio, medidas de prote\u00e7\u00e3o, como placas de borracha ou n\u00e1ilon, podem ser adicionadas aos pontos de contato para evitar danos aos materiais levantados.<\/li>\n<\/ul>\n<\/li>\n<\/ul>\n<h6><span style=\"font-family: arial, helvetica, sans-serif; font-size: 18pt;\"><strong>Aplicativos<\/strong><\/span><\/h6>\n<p>O spreader tipo C \u00e9 adequado para manusear v\u00e1rios materiais enrolados, inclusive:<\/p>\n<ul>\n<li><strong>Bobinas de a\u00e7o<\/strong><\/li>\n<li><strong>Bobinas de alum\u00ednio<\/strong><\/li>\n<li><strong>Bobinas de cobre<\/strong><\/li>\n<li><strong>Fios-m\u00e1quina<\/strong><\/li>\n<\/ul>\n<p>Ele \u00e9 particularmente eficaz em ambientes que exigem manuseio cuidadoso e transporte eficiente de bobinas horizontais.<\/p>\n<h6><span style=\"font-family: arial, helvetica, sans-serif; font-size: 18pt;\"><strong>Vantagens<\/strong><\/span><\/h6>\n<ul>\n<li><strong>Design Racional<\/strong>:<span style=\"font-family: var(--global-body-font-family);\">O design do spreader garante estabilidade, equil\u00edbrio e precis\u00e3o durante as opera\u00e7\u00f5es.<\/span><\/li>\n<li><strong>Flexibilidade e conveni\u00eancia<\/strong>:<span style=\"font-family: var(--global-body-font-family);\">Movimentos suaves e manuseio simples aumentam a efici\u00eancia operacional.<\/span><\/li>\n<li><strong>Durabilidade<\/strong>:<span style=\"font-family: var(--global-body-font-family);\">A constru\u00e7\u00e3o robusta resiste ao desgaste, garantindo longevidade e confiabilidade.<\/span><\/li>\n<\/ul>\n<h6><span style=\"font-family: arial, helvetica, sans-serif; font-size: 18pt;\"><strong>Diretrizes de manuten\u00e7\u00e3o e uso<\/strong><\/span><\/h6>\n<ul>\n<li><strong>Requisitos de armazenamento<\/strong>:<span style=\"font-family: var(--global-body-font-family);\">Armazenar em um <\/span><strong style=\"font-family: var(--global-body-font-family);\">ambiente ventilado, seco e limpo<\/strong><span style=\"font-family: var(--global-body-font-family);\">. Evite a exposi\u00e7\u00e3o a <\/span><strong style=\"font-family: var(--global-body-font-family);\">\u00e1cido, alcalino, sal, gases qu\u00edmicos ou condi\u00e7\u00f5es \u00famidas<\/strong><span style=\"font-family: var(--global-body-font-family);\"> para evitar a corros\u00e3o.<\/span><\/li>\n<li><strong>Prote\u00e7\u00e3o da superf\u00edcie<\/strong>:<span style=\"font-family: var(--global-body-font-family);\">Aplique regularmente revestimentos \u00e0 prova de ferrugem para proteger a superf\u00edcie e manter sua apar\u00eancia e durabilidade.<\/span><\/li>\n<li><strong>Lubrifica\u00e7\u00e3o e limpeza<\/strong>:<span style=\"font-family: var(--global-body-font-family);\">Limpe e lubrifique periodicamente as pe\u00e7as m\u00f3veis para evitar atrito seco e emperramento, garantindo uma opera\u00e7\u00e3o suave.<\/span><\/li>\n<li><strong>Inspe\u00e7\u00e3o<\/strong>:<span style=\"font-family: var(--global-body-font-family);\">Realize inspe\u00e7\u00f5es regulares para identificar desgaste ou danos em componentes cr\u00edticos, resolvendo os problemas imediatamente para manter a seguran\u00e7a e a funcionalidade.<\/span><\/li>\n<\/ul>\n<p>O uso e a manuten\u00e7\u00e3o adequados do spreader tipo C da Crane prolongam significativamente sua vida \u00fatil, garantindo desempenho est\u00e1vel e seguran\u00e7a operacional. Essa ferramenta \u00e9 uma solu\u00e7\u00e3o indispens\u00e1vel para os setores que exigem manuseio seguro e eficiente de bobinas.<\/p>\n<h6><strong><span style=\"font-family: arial, helvetica, sans-serif; font-size: 18pt;\">Dimens\u00f5es e par\u00e2metros<\/span><\/strong><\/h6>\n<p><img fetchpriority=\"high\" decoding=\"async\" class=\"alignnone wp-image-5483\" src=\"https:\/\/www.hnhlcrane.com\/wp-content\/uploads\/2024\/11\/Crane-C-type-spreader-a-245x300.jpg\" alt=\"\" width=\"799\" height=\"978\" srcset=\"https:\/\/www.hnhlcrane.com\/wp-content\/uploads\/2024\/11\/Crane-C-type-spreader-a-245x300.jpg 245w, https:\/\/www.hnhlcrane.com\/wp-content\/uploads\/2024\/11\/Crane-C-type-spreader-a-768x939.jpg 768w, https:\/\/www.hnhlcrane.com\/wp-content\/uploads\/2024\/11\/Crane-C-type-spreader-a-600x734.jpg 600w, https:\/\/www.hnhlcrane.com\/wp-content\/uploads\/2024\/11\/Crane-C-type-spreader-a.jpg 800w\" sizes=\"(max-width: 799px) 100vw, 799px\" \/><\/p>","protected":false},"excerpt":{"rendered":"<p>Gancho tipo C de bobina, gancho de bobina, gancho tipo C de bobina de a\u00e7o de ponte rolante, gancho C de ponte rolante, espalhador tipo C, gancho tipo C, espalhador tipo C de ponte rolante, espalhador especial de ponte rolante<\/p>","protected":false},"featured_media":5473,"template":"","meta":{"_kad_post_transparent":"default","_kad_post_title":"","_kad_post_layout":"default","_kad_post_sidebar_id":"","_kad_post_content_style":"default","_kad_post_vertical_padding":"show","_kad_post_feature":"","_kad_post_feature_position":"","_kad_post_header":false,"_kad_post_footer":false},"product_brand":[],"product_cat":[59],"product_tag":[211,210,206,207,209,205,208,185],"class_list":{"0":"post-5472","1":"product","2":"type-product","3":"status-publish","4":"has-post-thumbnail","6":"product_cat-special-crane-spreader","7":"product_tag-c-type-hook","8":"product_tag-c-type-spreader","9":"product_tag-coil-c-type-hook","10":"product_tag-coil-hook","11":"product_tag-crane-c-hook","12":"product_tag-crane-c-type-spreader","13":"product_tag-overhead-crane-steel-coil-c-type-hook","14":"product_tag-special-crane-spreader","16":"first","17":"instock","18":"featured","19":"shipping-taxable","20":"product-type-simple","21":"entry","22":"content-bg","23":"loop-entry"},"yoast_head":"<!-- This site is optimized with the Yoast SEO plugin v25.6 - https:\/\/yoast.com\/wordpress\/plugins\/seo\/ -->\n<title>Crane C-type spreader \u2013 Heavy-Duty Lifting &amp; Container Handling Solution<\/title>\n<meta name=\"description\" content=\"High-quality crane C-type spreader for safe and efficient container and cargo handling. Ideal for overhead cranes, gantry cranes, and port operations.\" \/>\n<meta name=\"robots\" content=\"index, follow, max-snippet:-1, max-image-preview:large, max-video-preview:-1\" \/>\n<link rel=\"canonical\" href=\"https:\/\/www.hnhlcrane.com\/pt_br\/produto\/copia-das-bracadeiras-de-guindaste-em-tarugo\/\" \/>\n<meta property=\"og:locale\" content=\"pt_BR\" \/>\n<meta property=\"og:type\" content=\"article\" \/>\n<meta property=\"og:title\" content=\"Crane C-type spreader \u2013 Heavy-Duty Lifting &amp; Container Handling Solution\" \/>\n<meta property=\"og:description\" content=\"High-quality crane C-type spreader for safe and efficient container and cargo handling. Ideal for overhead cranes, gantry cranes, and port operations.\" \/>\n<meta property=\"og:url\" content=\"https:\/\/www.hnhlcrane.com\/pt_br\/produto\/copia-das-bracadeiras-de-guindaste-em-tarugo\/\" \/>\n<meta property=\"og:site_name\" content=\"Crane Parts Supplier-HL Crame\" \/>\n<meta property=\"article:modified_time\" content=\"2025-09-10T02:45:04+00:00\" \/>\n<meta property=\"og:image\" content=\"https:\/\/www.hnhlcrane.com\/wp-content\/uploads\/2024\/11\/Crane-C-type-spreader-1.jpg\" \/>\n\t<meta property=\"og:image:width\" content=\"600\" \/>\n\t<meta property=\"og:image:height\" content=\"600\" \/>\n\t<meta property=\"og:image:type\" content=\"image\/jpeg\" \/>\n<meta name=\"twitter:card\" content=\"summary_large_image\" \/>\n<meta name=\"twitter:label1\" content=\"Est. tempo de leitura\" \/>\n\t<meta name=\"twitter:data1\" content=\"2 minutos\" \/>\n<script type=\"application\/ld+json\" class=\"yoast-schema-graph\">{\"@context\":\"https:\/\/schema.org\",\"@graph\":[{\"@type\":\"WebPage\",\"@id\":\"https:\/\/www.hnhlcrane.com\/product\/billet-crane-clamps-copy\/\",\"url\":\"https:\/\/www.hnhlcrane.com\/product\/billet-crane-clamps-copy\/\",\"name\":\"Crane C-type spreader \u2013 Heavy-Duty Lifting & Container Handling Solution\",\"isPartOf\":{\"@id\":\"https:\/\/www.hnhlcrane.com\/#website\"},\"primaryImageOfPage\":{\"@id\":\"https:\/\/www.hnhlcrane.com\/product\/billet-crane-clamps-copy\/#primaryimage\"},\"image\":{\"@id\":\"https:\/\/www.hnhlcrane.com\/product\/billet-crane-clamps-copy\/#primaryimage\"},\"thumbnailUrl\":\"https:\/\/www.hnhlcrane.com\/wp-content\/uploads\/2024\/11\/Crane-C-type-spreader-1.jpg\",\"datePublished\":\"2024-11-25T16:45:41+00:00\",\"dateModified\":\"2025-09-10T02:45:04+00:00\",\"description\":\"High-quality crane C-type spreader for safe and efficient container and cargo handling. Ideal for overhead cranes, gantry cranes, and port operations.\",\"breadcrumb\":{\"@id\":\"https:\/\/www.hnhlcrane.com\/product\/billet-crane-clamps-copy\/#breadcrumb\"},\"inLanguage\":\"pt-BR\",\"potentialAction\":[{\"@type\":\"ReadAction\",\"target\":[\"https:\/\/www.hnhlcrane.com\/product\/billet-crane-clamps-copy\/\"]}]},{\"@type\":\"ImageObject\",\"inLanguage\":\"pt-BR\",\"@id\":\"https:\/\/www.hnhlcrane.com\/product\/billet-crane-clamps-copy\/#primaryimage\",\"url\":\"https:\/\/www.hnhlcrane.com\/wp-content\/uploads\/2024\/11\/Crane-C-type-spreader-1.jpg\",\"contentUrl\":\"https:\/\/www.hnhlcrane.com\/wp-content\/uploads\/2024\/11\/Crane-C-type-spreader-1.jpg\",\"width\":600,\"height\":600},{\"@type\":\"BreadcrumbList\",\"@id\":\"https:\/\/www.hnhlcrane.com\/product\/billet-crane-clamps-copy\/#breadcrumb\",\"itemListElement\":[{\"@type\":\"ListItem\",\"position\":1,\"name\":\"home\",\"item\":\"https:\/\/www.hnhlcrane.com\/\"},{\"@type\":\"ListItem\",\"position\":2,\"name\":\"products\",\"item\":\"https:\/\/www.hnhlcrane.com\/products\/\"},{\"@type\":\"ListItem\",\"position\":3,\"name\":\"Crane C-type spreader\"}]},{\"@type\":\"WebSite\",\"@id\":\"https:\/\/www.hnhlcrane.com\/#website\",\"url\":\"https:\/\/www.hnhlcrane.com\/\",\"name\":\"Crane Parts Supplier-HL Crame\",\"description\":\"One-stop solution for all your  crane parts needs,Crane Hook,Crane Drum,Crane Wheel,Crane Coupling,Crane Gearbox,Crane Motor,Crane Brake,Special Crane Spreader,Crane grab,Container spreader,Billet crane clamps,Crane C-type spreader,Lifting Electromagnet,Crane Rail Clips,Electric Hoist,FEM Standard Crane End Carriages,Light Crane Parts,Workstation Crane Parts,Crane Electrical Parts,I-beam cable trolley,Crane remote controller,Crane electrical control cabinet,Crane limit switch,Crane sound and light alarm,Heavy Duty Aviation Connector,Crane overload limiter,China Crane Parts Supplier,Crane hooks,Gantry crane hook,Crane accessories,Forged hook,hook processing,Hook manufacturer,China standard crane hook,electric hoist hook,Crane pulley,Hook pulley,Rolled pulley,Crane Pulley Supplier\uff0cEuropean hook pulley,Gantry crane hook pulley,WZL type crane drum,European style reel set,Crane reel,crane parts,Drum processing,crane drum manufacturer,Cast steel drum,Electric hoist drum,Crane drum assembly,DRS Wheel Blocks,European crane wheel,Forged wheels,Active wheel set,Driving wheel set,Driven wheel group,crane wheels manufacturer,Demag crane wheels,Konecranes Crane Wheels,Overhead crane Wheel,Shaft couplings,Power Transmission Couplings,Disc Couplings,Fluid couplings,Coupling manufacturer\uff0cCardan coupling,Crane Reducer,Crane Decelerators,Reducer gearbox,Reducer for crane,Gear Reducer For Crane,Hard tooth surface reducerCrane and hoist reducer,Flender reducer,Reducer manufacturer,ZQ reducer,QJ reducer,QJY reducer,Gear Motors,Konecranes reducer,F series three-in-one reducer,K series three-in-one reducer,travelling machinery,Travelling Motor With Gear,Gear Motor for Crane Traveling,Travelling machinery Frequency inverter motors,FEM standard Gear Motors,Crane motors,Inverter motors,Hoist motors,motorCrane duty motors,Special motor for crane,YZR YZP YZ series motors,Crane and hoist motor,Frequency conversion motor,Electro hydraulic drum brakes,Electro-hydraulic disc brakes,Brake,Overhead Crane Brakes,Disc brakes,Electromagnetic disk brake,Crane hydraulic disc brake,Brakes manufacturer,crane Safety brakes,Singlr rope grab,Four rope grab,Electro-hydraulic multi-flap grab,Orange peel grab,Electric motor grab,Electro-Hydraulicclamshell grab,grab manufacturers,Container spreader manufacturers,20ft Container Spreader,Semi Automatic container spreader,40ft Container Lifting Frame,TEC container Spreader,Billet lifting clamp,Billet Clamps,Billet crane clamps manufacturer,billet lifting clamps china supplier,Coil C-Type Hook,coil hook,Overhead Crane Steel Coil C-Type Hook,Crane C-hook,C-type spreader,C-type hook,Crane magnets,Rail fixing device,Crane Rail fixing device,crane Rail Clamp,CD\/MD Wire Rope Electric Hoist,Wire Rope Electric Hoist China Manufacturer,Single Girder Wire Rope Electric Hoist,Double Girder Wire Rope Electric Hoist,Chain Hoist,Electric chain hoist manufacturer,Electric chain hoist China distributor,European wire rope electric hoist\uff0cEuropean double beam wire rope electric hoist,European Style Single Beam Crane End Carriage,FEN\/DIN European Style Single Beam Crane End Carriage,Crane end beam manufacturers,European style hoist double beam crane end beam,Suspension crane end beam,European style suspended single beam crane end beam,FEN\/DIN Suspension crane end beam,crane cable trolley,Wireless remote control,remote controller,Crane control handle,Crane Controls,electrical control cabinet,crane control cabinet,Limit switch,Sound and light alarm,Aviation plug,quick connector,Crane aviation plug,Overload limiter\",\"publisher\":{\"@id\":\"https:\/\/www.hnhlcrane.com\/#organization\"},\"potentialAction\":[{\"@type\":\"SearchAction\",\"target\":{\"@type\":\"EntryPoint\",\"urlTemplate\":\"https:\/\/www.hnhlcrane.com\/?s={search_term_string}\"},\"query-input\":{\"@type\":\"PropertyValueSpecification\",\"valueRequired\":true,\"valueName\":\"search_term_string\"}}],\"inLanguage\":\"pt-BR\"},{\"@type\":\"Organization\",\"@id\":\"https:\/\/www.hnhlcrane.com\/#organization\",\"name\":\"Crane Parts Supplier-HL Crame\",\"url\":\"https:\/\/www.hnhlcrane.com\/\",\"logo\":{\"@type\":\"ImageObject\",\"inLanguage\":\"pt-BR\",\"@id\":\"https:\/\/www.hnhlcrane.com\/#\/schema\/logo\/image\/\",\"url\":\"https:\/\/www.hnhlcrane.com\/wp-content\/uploads\/2024\/09\/logo6-1-e1733899395598.png\",\"contentUrl\":\"https:\/\/www.hnhlcrane.com\/wp-content\/uploads\/2024\/09\/logo6-1-e1733899395598.png\",\"width\":1000,\"height\":282,\"caption\":\"Crane Parts Supplier-HL Crame\"},\"image\":{\"@id\":\"https:\/\/www.hnhlcrane.com\/#\/schema\/logo\/image\/\"}}]}<\/script>\n<!-- \/ Yoast SEO plugin. -->","yoast_head_json":{"title":"Espalhador tipo C da Crane - Solu\u00e7\u00e3o para eleva\u00e7\u00e3o de cargas pesadas e manuseio de cont\u00eaineres","description":"Espalhador tipo C de guindaste de alta qualidade para manuseio seguro e eficiente de cont\u00eaineres e cargas. Ideal para guindastes suspensos, guindastes de p\u00f3rtico e opera\u00e7\u00f5es portu\u00e1rias.","robots":{"index":"index","follow":"follow","max-snippet":"max-snippet:-1","max-image-preview":"max-image-preview:large","max-video-preview":"max-video-preview:-1"},"canonical":"https:\/\/www.hnhlcrane.com\/pt_br\/produto\/copia-das-bracadeiras-de-guindaste-em-tarugo\/","og_locale":"pt_BR","og_type":"article","og_title":"Crane C-type spreader \u2013 Heavy-Duty Lifting & Container Handling Solution","og_description":"High-quality crane C-type spreader for safe and efficient container and cargo handling. Ideal for overhead cranes, gantry cranes, and port operations.","og_url":"https:\/\/www.hnhlcrane.com\/pt_br\/produto\/copia-das-bracadeiras-de-guindaste-em-tarugo\/","og_site_name":"Crane Parts Supplier-HL Crame","article_modified_time":"2025-09-10T02:45:04+00:00","og_image":[{"width":600,"height":600,"url":"https:\/\/www.hnhlcrane.com\/wp-content\/uploads\/2024\/11\/Crane-C-type-spreader-1.jpg","type":"image\/jpeg"}],"twitter_card":"summary_large_image","twitter_misc":{"Est. tempo de leitura":"2 minutos"},"schema":{"@context":"https:\/\/schema.org","@graph":[{"@type":"WebPage","@id":"https:\/\/www.hnhlcrane.com\/product\/billet-crane-clamps-copy\/","url":"https:\/\/www.hnhlcrane.com\/product\/billet-crane-clamps-copy\/","name":"Espalhador tipo C da Crane - Solu\u00e7\u00e3o para eleva\u00e7\u00e3o de cargas pesadas e manuseio de cont\u00eaineres","isPartOf":{"@id":"https:\/\/www.hnhlcrane.com\/#website"},"primaryImageOfPage":{"@id":"https:\/\/www.hnhlcrane.com\/product\/billet-crane-clamps-copy\/#primaryimage"},"image":{"@id":"https:\/\/www.hnhlcrane.com\/product\/billet-crane-clamps-copy\/#primaryimage"},"thumbnailUrl":"https:\/\/www.hnhlcrane.com\/wp-content\/uploads\/2024\/11\/Crane-C-type-spreader-1.jpg","datePublished":"2024-11-25T16:45:41+00:00","dateModified":"2025-09-10T02:45:04+00:00","description":"Espalhador tipo C de guindaste de alta qualidade para manuseio seguro e eficiente de cont\u00eaineres e cargas. Ideal para guindastes suspensos, guindastes de p\u00f3rtico e opera\u00e7\u00f5es portu\u00e1rias.","breadcrumb":{"@id":"https:\/\/www.hnhlcrane.com\/product\/billet-crane-clamps-copy\/#breadcrumb"},"inLanguage":"pt-BR","potentialAction":[{"@type":"ReadAction","target":["https:\/\/www.hnhlcrane.com\/product\/billet-crane-clamps-copy\/"]}]},{"@type":"ImageObject","inLanguage":"pt-BR","@id":"https:\/\/www.hnhlcrane.com\/product\/billet-crane-clamps-copy\/#primaryimage","url":"https:\/\/www.hnhlcrane.com\/wp-content\/uploads\/2024\/11\/Crane-C-type-spreader-1.jpg","contentUrl":"https:\/\/www.hnhlcrane.com\/wp-content\/uploads\/2024\/11\/Crane-C-type-spreader-1.jpg","width":600,"height":600},{"@type":"BreadcrumbList","@id":"https:\/\/www.hnhlcrane.com\/product\/billet-crane-clamps-copy\/#breadcrumb","itemListElement":[{"@type":"ListItem","position":1,"name":"home","item":"https:\/\/www.hnhlcrane.com\/"},{"@type":"ListItem","position":2,"name":"products","item":"https:\/\/www.hnhlcrane.com\/products\/"},{"@type":"ListItem","position":3,"name":"Crane C-type spreader"}]},{"@type":"WebSite","@id":"https:\/\/www.hnhlcrane.com\/#website","url":"https:\/\/www.hnhlcrane.com\/","name":"Fornecedor de pe\u00e7as para guindastes-HL Crame","description":"Uma solu\u00e7\u00e3o completa para todas as suas necessidades de pe\u00e7as de guindaste, gancho de guindaste, tambor de guindaste, roda de guindaste, acoplamento de guindaste, caixa de engrenagens de guindaste, motor de guindaste, freio de guindaste, espalhador de guindaste especial, garra de guindaste, espalhador de cont\u00eainer, bra\u00e7adeiras de guindaste de tarugo, espalhador de guindaste tipo C,Eletro\u00edm\u00e3 de eleva\u00e7\u00e3o, grampos de trilho de guindaste, talha el\u00e9trica, carros terminais de guindaste padr\u00e3o FEM, pe\u00e7as leves de guindaste, pe\u00e7as de esta\u00e7\u00e3o de trabalho de guindaste, pe\u00e7as el\u00e9tricas de guindaste, carrinho de cabo de viga I, controle remoto de guindaste, gabinete de controle el\u00e9trico de guindaste,Chave fim de curso de guindaste, alarme sonoro e luminoso de guindaste, conector de avia\u00e7\u00e3o para servi\u00e7o pesado, limitador de sobrecarga de guindaste, fornecedor de pe\u00e7as de guindaste da China, ganchos de guindaste, gancho de p\u00f3rtico, acess\u00f3rios de guindaste, gancho forjado, processamento de gancho, fabricante de gancho, gancho de guindaste padr\u00e3o da China, gancho de guincho el\u00e9trico, polia de guindaste, polia de gancho, polia laminada, fornecedor de polia de guindaste, polia de gancho europeu, polia de gancho de p\u00f3rtico, tambor de guindaste tipo WZL, conjunto de carretel de estilo europeu, carretel de guindaste,Pe\u00e7as de guindaste,Processamento de tambor,Fabricante de tambor de guindaste,Tambor de a\u00e7o fundido,Tambor de guincho el\u00e9trico,Montagem de tambor de guindaste,Blocos de roda DRS,Roda de guindaste europeu,Rodas forjadas,Conjunto de rodas ativas,Conjunto de rodas motrizes,Grupo de rodas motrizes,Fabricante de rodas de guindaste,Rodas de guindaste Demag,Rodas de guindaste Konecranes,Roda de ponte rolante,Acoplamentos de eixo,Acoplamentos de transmiss\u00e3o de energia,Acoplamentos de disco,Acoplamentos de fluido,Fabricante de acoplamento,Acoplamento cardan,Redutor de guindaste,Redutor de guindaste,Redutor para guindaste,Redutor de engrenagem para guindaste,Redutor de superf\u00edcie de dente duro,Redutor de guindaste e guincho,Redutor Flender,Fabricante de redutor,Redutor ZQ,Redutor QJ,Redutor QJY,Motores de engrenagem,Redutor Konecranes,Redutor tr\u00eas em um da s\u00e9rie F, Redutor tr\u00eas em um da s\u00e9rie K, M\u00e1quinas de transla\u00e7\u00e3o, Motor de transla\u00e7\u00e3o com engrenagem, Motor de engrenagem para transla\u00e7\u00e3o de guindaste, M\u00e1quinas de transla\u00e7\u00e3o Motores de inversor de frequ\u00eancia, Motores de engrenagem padr\u00e3o FEM, Motores de guindaste,Motores inversores,Motores para guindaste,Motores para servi\u00e7o de guindaste,Motores especiais para guindaste,Motores da s\u00e9rie YZR YZP YZ,Motor de guindaste e de eleva\u00e7\u00e3o,Motor de convers\u00e3o de frequ\u00eancia,Freios a tambor eletro-hidr\u00e1ulicos,Freios a disco eletro-hidr\u00e1ulicos,Freio,Freios para ponte rolante,Freios a disco,Freio a disco eletromagn\u00e9tico,Freio a disco hidr\u00e1ulico para guindaste,Fabricante de freios,Freios de seguran\u00e7a para guindaste,Garra de cabo simples,Garra de quatro cabos,Garra eletro-hidr\u00e1ulica com v\u00e1rias abas,Garra com casca de laranja,Garra com motor el\u00e9trico,Garra de concha eletro-hidr\u00e1ulica, fabricantes de garras, fabricantes de espalhador de cont\u00eaineres, espalhador de cont\u00eaineres de 20 p\u00e9s, espalhador de cont\u00eaineres semiautom\u00e1tico, estrutura de eleva\u00e7\u00e3o de cont\u00eaineres de 40 p\u00e9s, espalhador de cont\u00eaineres TEC, bra\u00e7adeira de eleva\u00e7\u00e3o de tarugo, bra\u00e7adeiras de tarugo, fabricante de bra\u00e7adeiras de guindaste de tarugo, fornecedor chin\u00eas de bra\u00e7adeiras de eleva\u00e7\u00e3o de tarugo, gancho tipo C de bobina, gancho de bobina, gancho tipo C de a\u00e7o de ponte rolante, gancho tipo C, espalhador tipo C, gancho tipo C, \u00edm\u00e3s de guindaste, dispositivo de fixa\u00e7\u00e3o de trilho,Dispositivo de fixa\u00e7\u00e3o de trilho de guindaste,Bra\u00e7adeira de trilho de guindaste,Talha el\u00e9trica de cabo de a\u00e7o CD\/MD,Talha el\u00e9trica de cabo de a\u00e7o,Talha el\u00e9trica de cabo de a\u00e7o de viga \u00fanica,Talha el\u00e9trica de cabo de a\u00e7o de viga dupla,Talha de corrente,Fabricante de talha el\u00e9trica de corrente,Distribuidor de talha el\u00e9trica de corrente na China,Talha el\u00e9trica de cabo de a\u00e7o europeia,Talha el\u00e9trica de cabo de a\u00e7o de viga dupla europeia,Carro de extremidade de guindaste de viga \u00fanica estilo europeu,Carro de extremidade de guindaste de viga \u00fanica estilo europeu FEN\/DIN,Fabricantes de viga final de guindaste, viga final de guindaste de viga dupla de talha estilo europeu, viga final de guindaste de suspens\u00e3o, viga final de guindaste de viga \u00fanica suspensa estilo europeu, viga final de guindaste de suspens\u00e3o FEN\/DIN, carrinho de cabo de guindaste, controle remoto sem fio, controle remoto, al\u00e7a de controle de guindaste, controles de guindaste, gabinete de controle el\u00e9trico, gabinete de controle de guindaste, chave de limite, alarme sonoro e luminoso, plugue de avia\u00e7\u00e3o, conector r\u00e1pido, plugue de avia\u00e7\u00e3o de guindaste, limitador de sobrecarga","publisher":{"@id":"https:\/\/www.hnhlcrane.com\/#organization"},"potentialAction":[{"@type":"SearchAction","target":{"@type":"EntryPoint","urlTemplate":"https:\/\/www.hnhlcrane.com\/?s={search_term_string}"},"query-input":{"@type":"PropertyValueSpecification","valueRequired":true,"valueName":"search_term_string"}}],"inLanguage":"pt-BR"},{"@type":"Organization","@id":"https:\/\/www.hnhlcrane.com\/#organization","name":"Fornecedor de pe\u00e7as para guindastes-HL Crame","url":"https:\/\/www.hnhlcrane.com\/","logo":{"@type":"ImageObject","inLanguage":"pt-BR","@id":"https:\/\/www.hnhlcrane.com\/#\/schema\/logo\/image\/","url":"https:\/\/www.hnhlcrane.com\/wp-content\/uploads\/2024\/09\/logo6-1-e1733899395598.png","contentUrl":"https:\/\/www.hnhlcrane.com\/wp-content\/uploads\/2024\/09\/logo6-1-e1733899395598.png","width":1000,"height":282,"caption":"Crane Parts Supplier-HL Crame"},"image":{"@id":"https:\/\/www.hnhlcrane.com\/#\/schema\/logo\/image\/"}}]}},"_links":{"self":[{"href":"https:\/\/www.hnhlcrane.com\/pt_br\/wp-json\/wp\/v2\/product\/5472","targetHints":{"allow":["GET"]}}],"collection":[{"href":"https:\/\/www.hnhlcrane.com\/pt_br\/wp-json\/wp\/v2\/product"}],"about":[{"href":"https:\/\/www.hnhlcrane.com\/pt_br\/wp-json\/wp\/v2\/types\/product"}],"version-history":[{"count":2,"href":"https:\/\/www.hnhlcrane.com\/pt_br\/wp-json\/wp\/v2\/product\/5472\/revisions"}],"predecessor-version":[{"id":6955,"href":"https:\/\/www.hnhlcrane.com\/pt_br\/wp-json\/wp\/v2\/product\/5472\/revisions\/6955"}],"wp:featuredmedia":[{"embeddable":true,"href":"https:\/\/www.hnhlcrane.com\/pt_br\/wp-json\/wp\/v2\/media\/5473"}],"wp:attachment":[{"href":"https:\/\/www.hnhlcrane.com\/pt_br\/wp-json\/wp\/v2\/media?parent=5472"}],"wp:term":[{"taxonomy":"product_brand","embeddable":true,"href":"https:\/\/www.hnhlcrane.com\/pt_br\/wp-json\/wp\/v2\/product_brand?post=5472"},{"taxonomy":"product_cat","embeddable":true,"href":"https:\/\/www.hnhlcrane.com\/pt_br\/wp-json\/wp\/v2\/product_cat?post=5472"},{"taxonomy":"product_tag","embeddable":true,"href":"https:\/\/www.hnhlcrane.com\/pt_br\/wp-json\/wp\/v2\/product_tag?post=5472"}],"curies":[{"name":"wp","href":"https:\/\/api.w.org\/{rel}","templated":true}]}}