{"id":5444,"date":"2024-11-25T23:42:41","date_gmt":"2024-11-25T15:42:41","guid":{"rendered":"https:\/\/www.hnhlcrane.com\/?post_type=product&#038;p=5444"},"modified":"2025-09-14T22:22:06","modified_gmt":"2025-09-14T14:22:06","slug":"espalhador-de-conteineres","status":"publish","type":"product","link":"https:\/\/www.hnhlcrane.com\/pt_br\/produto\/espalhador-de-conteineres\/","title":{"rendered":"Espalhador de cont\u00eaineres"},"content":{"rendered":"<h6><span style=\"font-family: arial, helvetica, sans-serif; font-size: 18pt;\"><strong>Vis\u00e3o geral do Container Spreader<\/strong><\/span><\/h6>\n<p>A <strong>espalhador de cont\u00eaineres<\/strong> \u00e9 uma ferramenta grande e especializada projetada para carregar, descarregar e transferir cont\u00eaineres. Amplamente utilizado em armaz\u00e9ns de carga, portos e terminais mar\u00edtimos, caracteriza-se pela alta confiabilidade, opera\u00e7\u00e3o suave e excelente efici\u00eancia, o que o torna um dispositivo auxiliar essencial para <a href=\"https:\/\/www.hnhlcrane.com\/pt_br\/produtos\/espalhador-especial-para-guindastes\/\" target=\"_blank\" rel=\"noopener\">equipamentos de eleva\u00e7\u00e3o<\/a>.<\/p>\n<h6><span style=\"font-family: arial, helvetica, sans-serif; font-size: 18pt;\"><strong>Tipos de espalhadores de cont\u00eaineres<\/strong><\/span><\/h6>\n<ul style=\"list-style-type: disc;\">\n<li><strong>Espalhador fixo<\/strong>:\n<ul style=\"list-style-type: circle;\">\n<li><strong>Recursos<\/strong>: Estrutura simples e leve.<\/li>\n<li><strong>Limita\u00e7\u00e3o<\/strong>: Adequado apenas para um tamanho espec\u00edfico de cont\u00eainer.<\/li>\n<li><strong>Aplicativos<\/strong>: Comumente usado com guindastes de p\u00f3rtico multiuso e guindastes de p\u00f3rtico geral.<\/li>\n<\/ul>\n<\/li>\n<li><strong>Espalhador mestre-escravo (Espalhador combinado)<\/strong>:\n<ul style=\"list-style-type: circle;\">\n<li><strong>Estrutura<\/strong>: Composto por dois spreaders (superior e inferior) que trabalham em conjunto.<\/li>\n<li><strong>Vantagens<\/strong>: Pr\u00e1tico de usar.<\/li>\n<li><strong>Limita\u00e7\u00e3o<\/strong>: Peso relativamente pesado.<\/li>\n<\/ul>\n<\/li>\n<li><strong>Espalhador m\u00e3e-filha (Espalhador convers\u00edvel)<\/strong>:\n<ul style=\"list-style-type: circle;\">\n<li><strong>Recursos<\/strong>: Equipado com um sistema de energia dedicado no feixe especializado.<\/li>\n<li><strong>Vantagens<\/strong>: Design leve.<\/li>\n<li><strong>Limita\u00e7\u00e3o<\/strong>: Requer mais tempo para a substitui\u00e7\u00e3o do spreader.<\/li>\n<\/ul>\n<\/li>\n<li><strong>Espalhador telesc\u00f3pico<\/strong>:\n<ul style=\"list-style-type: circle;\">\n<li><strong>Mecanismo<\/strong>: Usa transmiss\u00e3o hidr\u00e1ulica para acionar correntes ou cilindros telesc\u00f3picos.<\/li>\n<li><strong>Vantagens<\/strong>: F\u00e1cil ajuste de comprimento, opera\u00e7\u00e3o flex\u00edvel, grande versatilidade e alta produtividade.<\/li>\n<\/ul>\n<\/li>\n<li><strong>Espalhador rotativo<\/strong>:\n<ul style=\"list-style-type: circle;\">\n<li><strong>Recursos<\/strong>: Capaz de movimento rotacional plano.<\/li>\n<li><strong>Aplicativos<\/strong>: Adequado para opera\u00e7\u00f5es de manuseio de cont\u00eaineres que exigem recursos de rota\u00e7\u00e3o.<\/li>\n<\/ul>\n<\/li>\n<\/ul>\n<h6><span style=\"font-family: arial, helvetica, sans-serif; font-size: 18pt;\"><strong>Caracter\u00edsticas estruturais dos distribuidores de cont\u00eaineres<\/strong><\/span><\/h6>\n<ul style=\"list-style-type: disc;\">\n<li><strong>Estrutura de alta resist\u00eancia<\/strong>:\n<ul style=\"list-style-type: circle;\">\n<li>A estrutura principal \u00e9 constru\u00edda com vigas em I com \u00e1reas cr\u00edticas refor\u00e7adas para aumentar a capacidade de carga e a rigidez, mantendo um design leve.<\/li>\n<\/ul>\n<\/li>\n<li><strong>Travamento de posi\u00e7\u00e3o dupla para Twistlocks<\/strong>:\n<ul style=\"list-style-type: circle;\">\n<li>Garante que o cont\u00eainer permane\u00e7a seguro durante a eleva\u00e7\u00e3o, aumentando a seguran\u00e7a.<\/li>\n<\/ul>\n<\/li>\n<li><strong>Mecanismo de quatro elos para acionamento lateral<\/strong>:\n<ul style=\"list-style-type: circle;\">\n<li>Proporciona uma rota\u00e7\u00e3o mais suave e precisa do twistlock, melhorando a seguran\u00e7a e a precis\u00e3o operacional.<\/li>\n<\/ul>\n<\/li>\n<li><strong>Design de cantos arredondados<\/strong>:\n<ul style=\"list-style-type: circle;\">\n<li>Evita danos aos cont\u00eaineres durante a opera\u00e7\u00e3o.<\/li>\n<\/ul>\n<\/li>\n<li><strong>Pain\u00e9is indicadores de travamento\/destravamento<\/strong>:\n<ul style=\"list-style-type: circle;\">\n<li>Permite que os operadores identifiquem facilmente o status de bloqueio\/desbloqueio para aumentar a seguran\u00e7a operacional.<\/li>\n<\/ul>\n<\/li>\n<\/ul>\n<h6><span style=\"font-family: arial, helvetica, sans-serif; font-size: 18pt;\"><strong>Aplica\u00e7\u00f5es dos distribuidores de cont\u00eaineres<\/strong><\/span><\/h6>\n<p>Os distribuidores de cont\u00eaineres s\u00e3o projetados especificamente para atender \u00e0s demandas de manuseio eficiente e seguro de cont\u00eaineres. Eles podem ser integrados a v\u00e1rios tipos de guindastes, como:<\/p>\n<ul>\n<li>Guindastes no cais,<\/li>\n<li>Guindastes de p\u00f3rtico com pneus (RTGs),<\/li>\n<li>Guindastes de p\u00f3rtico montados em trilhos (RMGs),<\/li>\n<li>Pontes rolantes, e<\/li>\n<li>Guindastes de portal.<\/li>\n<\/ul>\n<p>Essa versatilidade permite que os distribuidores de cont\u00eaineres se adaptem a diversos cen\u00e1rios e requisitos operacionais.<\/p>","protected":false},"excerpt":{"rendered":"<p>Fabricantes de espalhadores de cont\u00eaineres, espalhador de cont\u00eaineres de 20 p\u00e9s, espalhador de cont\u00eaineres semiautom\u00e1tico, estrutura de eleva\u00e7\u00e3o de cont\u00eaineres de 40 p\u00e9s, espalhador de cont\u00eaineres<\/p>","protected":false},"featured_media":5445,"template":"","meta":{"_kad_post_transparent":"default","_kad_post_title":"","_kad_post_layout":"default","_kad_post_sidebar_id":"","_kad_post_content_style":"default","_kad_post_vertical_padding":"show","_kad_post_feature":"","_kad_post_feature_position":"","_kad_post_header":false,"_kad_post_footer":false},"product_brand":[],"product_cat":[59],"product_tag":[196,198,194,195,197,185,199],"class_list":{"0":"post-5444","1":"product","2":"type-product","3":"status-publish","4":"has-post-thumbnail","6":"product_cat-special-crane-spreader","7":"product_tag-20ft-container-spreader","8":"product_tag-40ft-container-lifting-frame","9":"product_tag-container-spreader","10":"product_tag-container-spreader-manufacturers","11":"product_tag-semi-automatic-container-spreader","12":"product_tag-special-crane-spreader","13":"product_tag-tec-container-spreader","15":"first","16":"instock","17":"shipping-taxable","18":"product-type-simple","19":"entry","20":"content-bg","21":"loop-entry"},"yoast_head":"<!-- This site is optimized with the Yoast SEO plugin v25.6 - https:\/\/yoast.com\/wordpress\/plugins\/seo\/ -->\n<title>Container Spreader \u2013 Heavy-Duty Port &amp; Shipping Equipment<\/title>\n<meta name=\"description\" content=\"Top-quality Container Spreader for fast, safe, and efficient container handling in ports and shipping yards. Boost your cargo operations today.Container spreader manufacturers\" \/>\n<meta name=\"robots\" content=\"index, follow, max-snippet:-1, max-image-preview:large, max-video-preview:-1\" \/>\n<link rel=\"canonical\" href=\"https:\/\/www.hnhlcrane.com\/pt_br\/produto\/espalhador-de-conteineres\/\" \/>\n<meta property=\"og:locale\" content=\"pt_BR\" \/>\n<meta property=\"og:type\" content=\"article\" \/>\n<meta property=\"og:title\" content=\"Container Spreader \u2013 Heavy-Duty Port &amp; Shipping Equipment\" \/>\n<meta property=\"og:description\" content=\"Top-quality Container Spreader for fast, safe, and efficient container handling in ports and shipping yards. Boost your cargo operations today.Container spreader manufacturers\" \/>\n<meta property=\"og:url\" content=\"https:\/\/www.hnhlcrane.com\/pt_br\/produto\/espalhador-de-conteineres\/\" \/>\n<meta property=\"og:site_name\" content=\"Crane Parts Supplier-HL Crame\" \/>\n<meta property=\"article:modified_time\" content=\"2025-09-14T14:22:06+00:00\" \/>\n<meta property=\"og:image\" content=\"https:\/\/www.hnhlcrane.com\/wp-content\/uploads\/2024\/11\/Container-spreader-1.jpg\" \/>\n\t<meta property=\"og:image:width\" content=\"600\" \/>\n\t<meta property=\"og:image:height\" content=\"600\" \/>\n\t<meta property=\"og:image:type\" content=\"image\/jpeg\" \/>\n<meta name=\"twitter:card\" content=\"summary_large_image\" \/>\n<meta name=\"twitter:label1\" content=\"Est. tempo de leitura\" \/>\n\t<meta name=\"twitter:data1\" content=\"2 minutos\" \/>\n<script type=\"application\/ld+json\" class=\"yoast-schema-graph\">{\"@context\":\"https:\/\/schema.org\",\"@graph\":[{\"@type\":\"WebPage\",\"@id\":\"https:\/\/www.hnhlcrane.com\/product\/container-spreader\/\",\"url\":\"https:\/\/www.hnhlcrane.com\/product\/container-spreader\/\",\"name\":\"Container Spreader \u2013 Heavy-Duty Port & Shipping Equipment\",\"isPartOf\":{\"@id\":\"https:\/\/www.hnhlcrane.com\/#website\"},\"primaryImageOfPage\":{\"@id\":\"https:\/\/www.hnhlcrane.com\/product\/container-spreader\/#primaryimage\"},\"image\":{\"@id\":\"https:\/\/www.hnhlcrane.com\/product\/container-spreader\/#primaryimage\"},\"thumbnailUrl\":\"https:\/\/www.hnhlcrane.com\/wp-content\/uploads\/2024\/11\/Container-spreader-1.jpg\",\"datePublished\":\"2024-11-25T15:42:41+00:00\",\"dateModified\":\"2025-09-14T14:22:06+00:00\",\"description\":\"Top-quality Container Spreader for fast, safe, and efficient container handling in ports and shipping yards. Boost your cargo operations today.Container spreader manufacturers\",\"breadcrumb\":{\"@id\":\"https:\/\/www.hnhlcrane.com\/product\/container-spreader\/#breadcrumb\"},\"inLanguage\":\"pt-BR\",\"potentialAction\":[{\"@type\":\"ReadAction\",\"target\":[\"https:\/\/www.hnhlcrane.com\/product\/container-spreader\/\"]}]},{\"@type\":\"ImageObject\",\"inLanguage\":\"pt-BR\",\"@id\":\"https:\/\/www.hnhlcrane.com\/product\/container-spreader\/#primaryimage\",\"url\":\"https:\/\/www.hnhlcrane.com\/wp-content\/uploads\/2024\/11\/Container-spreader-1.jpg\",\"contentUrl\":\"https:\/\/www.hnhlcrane.com\/wp-content\/uploads\/2024\/11\/Container-spreader-1.jpg\",\"width\":600,\"height\":600},{\"@type\":\"BreadcrumbList\",\"@id\":\"https:\/\/www.hnhlcrane.com\/product\/container-spreader\/#breadcrumb\",\"itemListElement\":[{\"@type\":\"ListItem\",\"position\":1,\"name\":\"home\",\"item\":\"https:\/\/www.hnhlcrane.com\/\"},{\"@type\":\"ListItem\",\"position\":2,\"name\":\"products\",\"item\":\"https:\/\/www.hnhlcrane.com\/products\/\"},{\"@type\":\"ListItem\",\"position\":3,\"name\":\"Container spreader\"}]},{\"@type\":\"WebSite\",\"@id\":\"https:\/\/www.hnhlcrane.com\/#website\",\"url\":\"https:\/\/www.hnhlcrane.com\/\",\"name\":\"Crane Parts Supplier-HL Crame\",\"description\":\"One-stop solution for all your  crane parts needs,Crane Hook,Crane Drum,Crane Wheel,Crane Coupling,Crane Gearbox,Crane Motor,Crane Brake,Special Crane Spreader,Crane grab,Container spreader,Billet crane clamps,Crane C-type spreader,Lifting Electromagnet,Crane Rail Clips,Electric Hoist,FEM Standard Crane End Carriages,Light Crane Parts,Workstation Crane Parts,Crane Electrical Parts,I-beam cable trolley,Crane remote controller,Crane electrical control cabinet,Crane limit switch,Crane sound and light alarm,Heavy Duty Aviation Connector,Crane overload limiter,China Crane Parts Supplier,Crane hooks,Gantry crane hook,Crane accessories,Forged hook,hook processing,Hook manufacturer,China standard crane hook,electric hoist hook,Crane pulley,Hook pulley,Rolled pulley,Crane Pulley Supplier\uff0cEuropean hook pulley,Gantry crane hook pulley,WZL type crane drum,European style reel set,Crane reel,crane parts,Drum processing,crane drum manufacturer,Cast steel drum,Electric hoist drum,Crane drum assembly,DRS Wheel Blocks,European crane wheel,Forged wheels,Active wheel set,Driving wheel set,Driven wheel group,crane wheels manufacturer,Demag crane wheels,Konecranes Crane Wheels,Overhead crane Wheel,Shaft couplings,Power Transmission Couplings,Disc Couplings,Fluid couplings,Coupling manufacturer\uff0cCardan coupling,Crane Reducer,Crane Decelerators,Reducer gearbox,Reducer for crane,Gear Reducer For Crane,Hard tooth surface reducerCrane and hoist reducer,Flender reducer,Reducer manufacturer,ZQ reducer,QJ reducer,QJY reducer,Gear Motors,Konecranes reducer,F series three-in-one reducer,K series three-in-one reducer,travelling machinery,Travelling Motor With Gear,Gear Motor for Crane Traveling,Travelling machinery Frequency inverter motors,FEM standard Gear Motors,Crane motors,Inverter motors,Hoist motors,motorCrane duty motors,Special motor for crane,YZR YZP YZ series motors,Crane and hoist motor,Frequency conversion motor,Electro hydraulic drum brakes,Electro-hydraulic disc brakes,Brake,Overhead Crane Brakes,Disc brakes,Electromagnetic disk brake,Crane hydraulic disc brake,Brakes manufacturer,crane Safety brakes,Singlr rope grab,Four rope grab,Electro-hydraulic multi-flap grab,Orange peel grab,Electric motor grab,Electro-Hydraulicclamshell grab,grab manufacturers,Container spreader manufacturers,20ft Container Spreader,Semi Automatic container spreader,40ft Container Lifting Frame,TEC container Spreader,Billet lifting clamp,Billet Clamps,Billet crane clamps manufacturer,billet lifting clamps china supplier,Coil C-Type Hook,coil hook,Overhead Crane Steel Coil C-Type Hook,Crane C-hook,C-type spreader,C-type hook,Crane magnets,Rail fixing device,Crane Rail fixing device,crane Rail Clamp,CD\/MD Wire Rope Electric Hoist,Wire Rope Electric Hoist China Manufacturer,Single Girder Wire Rope Electric Hoist,Double Girder Wire Rope Electric Hoist,Chain Hoist,Electric chain hoist manufacturer,Electric chain hoist China distributor,European wire rope electric hoist\uff0cEuropean double beam wire rope electric hoist,European Style Single Beam Crane End Carriage,FEN\/DIN European Style Single Beam Crane End Carriage,Crane end beam manufacturers,European style hoist double beam crane end beam,Suspension crane end beam,European style suspended single beam crane end beam,FEN\/DIN Suspension crane end beam,crane cable trolley,Wireless remote control,remote controller,Crane control handle,Crane Controls,electrical control cabinet,crane control cabinet,Limit switch,Sound and light alarm,Aviation plug,quick connector,Crane aviation plug,Overload limiter\",\"publisher\":{\"@id\":\"https:\/\/www.hnhlcrane.com\/#organization\"},\"potentialAction\":[{\"@type\":\"SearchAction\",\"target\":{\"@type\":\"EntryPoint\",\"urlTemplate\":\"https:\/\/www.hnhlcrane.com\/?s={search_term_string}\"},\"query-input\":{\"@type\":\"PropertyValueSpecification\",\"valueRequired\":true,\"valueName\":\"search_term_string\"}}],\"inLanguage\":\"pt-BR\"},{\"@type\":\"Organization\",\"@id\":\"https:\/\/www.hnhlcrane.com\/#organization\",\"name\":\"Crane Parts Supplier-HL Crame\",\"url\":\"https:\/\/www.hnhlcrane.com\/\",\"logo\":{\"@type\":\"ImageObject\",\"inLanguage\":\"pt-BR\",\"@id\":\"https:\/\/www.hnhlcrane.com\/#\/schema\/logo\/image\/\",\"url\":\"https:\/\/www.hnhlcrane.com\/wp-content\/uploads\/2024\/09\/logo6-1-e1733899395598.png\",\"contentUrl\":\"https:\/\/www.hnhlcrane.com\/wp-content\/uploads\/2024\/09\/logo6-1-e1733899395598.png\",\"width\":1000,\"height\":282,\"caption\":\"Crane Parts Supplier-HL Crame\"},\"image\":{\"@id\":\"https:\/\/www.hnhlcrane.com\/#\/schema\/logo\/image\/\"}}]}<\/script>\n<!-- \/ Yoast SEO plugin. -->","yoast_head_json":{"title":"Container Spreader - Equipamento pesado para portos e embarca\u00e7\u00f5es","description":"Container Spreader de alta qualidade para manuseio r\u00e1pido, seguro e eficiente de cont\u00eaineres em portos e p\u00e1tios de embarque. Impulsione suas opera\u00e7\u00f5es de carga hoje mesmo. Fabricantes de spreader de cont\u00eaineres","robots":{"index":"index","follow":"follow","max-snippet":"max-snippet:-1","max-image-preview":"max-image-preview:large","max-video-preview":"max-video-preview:-1"},"canonical":"https:\/\/www.hnhlcrane.com\/pt_br\/produto\/espalhador-de-conteineres\/","og_locale":"pt_BR","og_type":"article","og_title":"Container Spreader \u2013 Heavy-Duty Port & Shipping Equipment","og_description":"Top-quality Container Spreader for fast, safe, and efficient container handling in ports and shipping yards. Boost your cargo operations today.Container spreader manufacturers","og_url":"https:\/\/www.hnhlcrane.com\/pt_br\/produto\/espalhador-de-conteineres\/","og_site_name":"Crane Parts Supplier-HL Crame","article_modified_time":"2025-09-14T14:22:06+00:00","og_image":[{"width":600,"height":600,"url":"https:\/\/www.hnhlcrane.com\/wp-content\/uploads\/2024\/11\/Container-spreader-1.jpg","type":"image\/jpeg"}],"twitter_card":"summary_large_image","twitter_misc":{"Est. tempo de leitura":"2 minutos"},"schema":{"@context":"https:\/\/schema.org","@graph":[{"@type":"WebPage","@id":"https:\/\/www.hnhlcrane.com\/product\/container-spreader\/","url":"https:\/\/www.hnhlcrane.com\/product\/container-spreader\/","name":"Container Spreader - Equipamento pesado para portos e embarca\u00e7\u00f5es","isPartOf":{"@id":"https:\/\/www.hnhlcrane.com\/#website"},"primaryImageOfPage":{"@id":"https:\/\/www.hnhlcrane.com\/product\/container-spreader\/#primaryimage"},"image":{"@id":"https:\/\/www.hnhlcrane.com\/product\/container-spreader\/#primaryimage"},"thumbnailUrl":"https:\/\/www.hnhlcrane.com\/wp-content\/uploads\/2024\/11\/Container-spreader-1.jpg","datePublished":"2024-11-25T15:42:41+00:00","dateModified":"2025-09-14T14:22:06+00:00","description":"Container Spreader de alta qualidade para manuseio r\u00e1pido, seguro e eficiente de cont\u00eaineres em portos e p\u00e1tios de embarque. Impulsione suas opera\u00e7\u00f5es de carga hoje mesmo. Fabricantes de spreader de cont\u00eaineres","breadcrumb":{"@id":"https:\/\/www.hnhlcrane.com\/product\/container-spreader\/#breadcrumb"},"inLanguage":"pt-BR","potentialAction":[{"@type":"ReadAction","target":["https:\/\/www.hnhlcrane.com\/product\/container-spreader\/"]}]},{"@type":"ImageObject","inLanguage":"pt-BR","@id":"https:\/\/www.hnhlcrane.com\/product\/container-spreader\/#primaryimage","url":"https:\/\/www.hnhlcrane.com\/wp-content\/uploads\/2024\/11\/Container-spreader-1.jpg","contentUrl":"https:\/\/www.hnhlcrane.com\/wp-content\/uploads\/2024\/11\/Container-spreader-1.jpg","width":600,"height":600},{"@type":"BreadcrumbList","@id":"https:\/\/www.hnhlcrane.com\/product\/container-spreader\/#breadcrumb","itemListElement":[{"@type":"ListItem","position":1,"name":"home","item":"https:\/\/www.hnhlcrane.com\/"},{"@type":"ListItem","position":2,"name":"products","item":"https:\/\/www.hnhlcrane.com\/products\/"},{"@type":"ListItem","position":3,"name":"Container spreader"}]},{"@type":"WebSite","@id":"https:\/\/www.hnhlcrane.com\/#website","url":"https:\/\/www.hnhlcrane.com\/","name":"Fornecedor de pe\u00e7as para guindastes-HL Crame","description":"Uma solu\u00e7\u00e3o completa para todas as suas necessidades de pe\u00e7as de guindaste, gancho de guindaste, tambor de guindaste, roda de guindaste, acoplamento de guindaste, caixa de engrenagens de guindaste, motor de guindaste, freio de guindaste, espalhador de guindaste especial, garra de guindaste, espalhador de cont\u00eainer, bra\u00e7adeiras de guindaste de tarugo, espalhador de guindaste tipo C,Eletro\u00edm\u00e3 de eleva\u00e7\u00e3o, grampos de trilho de guindaste, talha el\u00e9trica, carros terminais de guindaste padr\u00e3o FEM, pe\u00e7as leves de guindaste, pe\u00e7as de esta\u00e7\u00e3o de trabalho de guindaste, pe\u00e7as el\u00e9tricas de guindaste, carrinho de cabo de viga I, controle remoto de guindaste, gabinete de controle el\u00e9trico de guindaste,Chave fim de curso de guindaste, alarme sonoro e luminoso de guindaste, conector de avia\u00e7\u00e3o para servi\u00e7o pesado, limitador de sobrecarga de guindaste, fornecedor de pe\u00e7as de guindaste da China, ganchos de guindaste, gancho de p\u00f3rtico, acess\u00f3rios de guindaste, gancho forjado, processamento de gancho, fabricante de gancho, gancho de guindaste padr\u00e3o da China, gancho de guincho el\u00e9trico, polia de guindaste, polia de gancho, polia laminada, fornecedor de polia de guindaste, polia de gancho europeu, polia de gancho de p\u00f3rtico, tambor de guindaste tipo WZL, conjunto de carretel de estilo europeu, carretel de guindaste,Pe\u00e7as de guindaste,Processamento de tambor,Fabricante de tambor de guindaste,Tambor de a\u00e7o fundido,Tambor de guincho el\u00e9trico,Montagem de tambor de guindaste,Blocos de roda DRS,Roda de guindaste europeu,Rodas forjadas,Conjunto de rodas ativas,Conjunto de rodas motrizes,Grupo de rodas motrizes,Fabricante de rodas de guindaste,Rodas de guindaste Demag,Rodas de guindaste Konecranes,Roda de ponte rolante,Acoplamentos de eixo,Acoplamentos de transmiss\u00e3o de energia,Acoplamentos de disco,Acoplamentos de fluido,Fabricante de acoplamento,Acoplamento cardan,Redutor de guindaste,Redutor de guindaste,Redutor para guindaste,Redutor de engrenagem para guindaste,Redutor de superf\u00edcie de dente duro,Redutor de guindaste e guincho,Redutor Flender,Fabricante de redutor,Redutor ZQ,Redutor QJ,Redutor QJY,Motores de engrenagem,Redutor Konecranes,Redutor tr\u00eas em um da s\u00e9rie F, Redutor tr\u00eas em um da s\u00e9rie K, M\u00e1quinas de transla\u00e7\u00e3o, Motor de transla\u00e7\u00e3o com engrenagem, Motor de engrenagem para transla\u00e7\u00e3o de guindaste, M\u00e1quinas de transla\u00e7\u00e3o Motores de inversor de frequ\u00eancia, Motores de engrenagem padr\u00e3o FEM, Motores de guindaste,Motores inversores,Motores para guindaste,Motores para servi\u00e7o de guindaste,Motores especiais para guindaste,Motores da s\u00e9rie YZR YZP YZ,Motor de guindaste e de eleva\u00e7\u00e3o,Motor de convers\u00e3o de frequ\u00eancia,Freios a tambor eletro-hidr\u00e1ulicos,Freios a disco eletro-hidr\u00e1ulicos,Freio,Freios para ponte rolante,Freios a disco,Freio a disco eletromagn\u00e9tico,Freio a disco hidr\u00e1ulico para guindaste,Fabricante de freios,Freios de seguran\u00e7a para guindaste,Garra de cabo simples,Garra de quatro cabos,Garra eletro-hidr\u00e1ulica com v\u00e1rias abas,Garra com casca de laranja,Garra com motor el\u00e9trico,Garra de concha eletro-hidr\u00e1ulica, fabricantes de garras, fabricantes de espalhador de cont\u00eaineres, espalhador de cont\u00eaineres de 20 p\u00e9s, espalhador de cont\u00eaineres semiautom\u00e1tico, estrutura de eleva\u00e7\u00e3o de cont\u00eaineres de 40 p\u00e9s, espalhador de cont\u00eaineres TEC, bra\u00e7adeira de eleva\u00e7\u00e3o de tarugo, bra\u00e7adeiras de tarugo, fabricante de bra\u00e7adeiras de guindaste de tarugo, fornecedor chin\u00eas de bra\u00e7adeiras de eleva\u00e7\u00e3o de tarugo, gancho tipo C de bobina, gancho de bobina, gancho tipo C de a\u00e7o de ponte rolante, gancho tipo C, espalhador tipo C, gancho tipo C, \u00edm\u00e3s de guindaste, dispositivo de fixa\u00e7\u00e3o de trilho,Dispositivo de fixa\u00e7\u00e3o de trilho de guindaste,Bra\u00e7adeira de trilho de guindaste,Talha el\u00e9trica de cabo de a\u00e7o CD\/MD,Talha el\u00e9trica de cabo de a\u00e7o,Talha el\u00e9trica de cabo de a\u00e7o de viga \u00fanica,Talha el\u00e9trica de cabo de a\u00e7o de viga dupla,Talha de corrente,Fabricante de talha el\u00e9trica de corrente,Distribuidor de talha el\u00e9trica de corrente na China,Talha el\u00e9trica de cabo de a\u00e7o europeia,Talha el\u00e9trica de cabo de a\u00e7o de viga dupla europeia,Carro de extremidade de guindaste de viga \u00fanica estilo europeu,Carro de extremidade de guindaste de viga \u00fanica estilo europeu FEN\/DIN,Fabricantes de viga final de guindaste, viga final de guindaste de viga dupla de talha estilo europeu, viga final de guindaste de suspens\u00e3o, viga final de guindaste de viga \u00fanica suspensa estilo europeu, viga final de guindaste de suspens\u00e3o FEN\/DIN, carrinho de cabo de guindaste, controle remoto sem fio, controle remoto, al\u00e7a de controle de guindaste, controles de guindaste, gabinete de controle el\u00e9trico, gabinete de controle de guindaste, chave de limite, alarme sonoro e luminoso, plugue de avia\u00e7\u00e3o, conector r\u00e1pido, plugue de avia\u00e7\u00e3o de guindaste, limitador de sobrecarga","publisher":{"@id":"https:\/\/www.hnhlcrane.com\/#organization"},"potentialAction":[{"@type":"SearchAction","target":{"@type":"EntryPoint","urlTemplate":"https:\/\/www.hnhlcrane.com\/?s={search_term_string}"},"query-input":{"@type":"PropertyValueSpecification","valueRequired":true,"valueName":"search_term_string"}}],"inLanguage":"pt-BR"},{"@type":"Organization","@id":"https:\/\/www.hnhlcrane.com\/#organization","name":"Fornecedor de pe\u00e7as para guindastes-HL Crame","url":"https:\/\/www.hnhlcrane.com\/","logo":{"@type":"ImageObject","inLanguage":"pt-BR","@id":"https:\/\/www.hnhlcrane.com\/#\/schema\/logo\/image\/","url":"https:\/\/www.hnhlcrane.com\/wp-content\/uploads\/2024\/09\/logo6-1-e1733899395598.png","contentUrl":"https:\/\/www.hnhlcrane.com\/wp-content\/uploads\/2024\/09\/logo6-1-e1733899395598.png","width":1000,"height":282,"caption":"Crane Parts Supplier-HL Crame"},"image":{"@id":"https:\/\/www.hnhlcrane.com\/#\/schema\/logo\/image\/"}}]}},"_links":{"self":[{"href":"https:\/\/www.hnhlcrane.com\/pt_br\/wp-json\/wp\/v2\/product\/5444","targetHints":{"allow":["GET"]}}],"collection":[{"href":"https:\/\/www.hnhlcrane.com\/pt_br\/wp-json\/wp\/v2\/product"}],"about":[{"href":"https:\/\/www.hnhlcrane.com\/pt_br\/wp-json\/wp\/v2\/types\/product"}],"version-history":[{"count":2,"href":"https:\/\/www.hnhlcrane.com\/pt_br\/wp-json\/wp\/v2\/product\/5444\/revisions"}],"predecessor-version":[{"id":6967,"href":"https:\/\/www.hnhlcrane.com\/pt_br\/wp-json\/wp\/v2\/product\/5444\/revisions\/6967"}],"wp:featuredmedia":[{"embeddable":true,"href":"https:\/\/www.hnhlcrane.com\/pt_br\/wp-json\/wp\/v2\/media\/5445"}],"wp:attachment":[{"href":"https:\/\/www.hnhlcrane.com\/pt_br\/wp-json\/wp\/v2\/media?parent=5444"}],"wp:term":[{"taxonomy":"product_brand","embeddable":true,"href":"https:\/\/www.hnhlcrane.com\/pt_br\/wp-json\/wp\/v2\/product_brand?post=5444"},{"taxonomy":"product_cat","embeddable":true,"href":"https:\/\/www.hnhlcrane.com\/pt_br\/wp-json\/wp\/v2\/product_cat?post=5444"},{"taxonomy":"product_tag","embeddable":true,"href":"https:\/\/www.hnhlcrane.com\/pt_br\/wp-json\/wp\/v2\/product_tag?post=5444"}],"curies":[{"name":"wp","href":"https:\/\/api.w.org\/{rel}","templated":true}]}}