{"id":5740,"date":"2024-12-05T22:42:34","date_gmt":"2024-12-05T14:42:34","guid":{"rendered":"https:\/\/www.hnhlcrane.com\/?post_type=product&#038;p=5740"},"modified":"2025-09-14T23:11:45","modified_gmt":"2025-09-14T15:11:45","slug":"controlo-remoto-da-grua","status":"publish","type":"product","link":"https:\/\/www.hnhlcrane.com\/pt\/product\/controlo-remoto-da-grua\/","title":{"rendered":"Controlo remoto da grua"},"content":{"rendered":"<div class=\"flex max-w-full flex-col flex-grow\">\n<div class=\"min-h-8 text-message flex w-full flex-col items-end gap-2 whitespace-normal break-words [.text-message+&amp;]:mt-5\" dir=\"auto\" data-message-author-role=\"assistant\" data-message-id=\"d22886da-3fb2-45fa-876a-33dd54db9fd5\" data-message-model-slug=\"gpt-4o\">\n<div class=\"flex w-full flex-col gap-1 empty:hidden first:pt-[3px]\">\n<div class=\"markdown prose w-full break-words dark:prose-invert light\">\n<h6><strong><span style=\"font-family: arial, helvetica, sans-serif; font-size: 18pt;\">Introdu\u00e7\u00e3o aos comandos \u00e0 dist\u00e2ncia para gruas<\/span><\/strong><\/h6>\n<p>O <strong>controlo remoto da grua<\/strong> \u00e9 um dispositivo concebido para permitir o controlo remoto de gruas atrav\u00e9s de sinais sem fios, melhorando assim a efici\u00eancia operacional, a seguran\u00e7a e a conveni\u00eancia. Para proporcionar uma funcionalidade perfeita, o controlo remoto da grua \u00e9 geralmente constitu\u00eddo por dois componentes principais: o transmissor e o recetor. O transmissor, frequentemente um controlo remoto port\u00e1til, permite que os operadores emitam comandos utilizando bot\u00f5es ou joysticks. Entretanto, o recetor, instalado na grua, processa estes comandos e acciona os mecanismos correspondentes para executar v\u00e1rias ac\u00e7\u00f5es da grua.<\/p>\n<p>Para compreender melhor as suas capacidades, vamos analisar as principais carater\u00edsticas, as fun\u00e7\u00f5es prim\u00e1rias e as precau\u00e7\u00f5es de utiliza\u00e7\u00e3o essenciais do controlo remoto para gruas.<\/p>\n<h6><strong><span style=\"font-family: arial, helvetica, sans-serif; font-size: 18pt;\">Principais carater\u00edsticas dos comandos \u00e0 dist\u00e2ncia para gruas<\/span><\/strong><\/h6>\n<ol>\n<li><strong>Funcionamento sem fios<\/strong>:<br \/>\nSem necessidade de contacto direto, o controlador permite aos operadores gerir as gruas a partir de uma dist\u00e2ncia segura, garantindo seguran\u00e7a e comodidade.<\/li>\n<li><strong>Facilidade de utiliza\u00e7\u00e3o<\/strong>:<br \/>\nGra\u00e7as ao seu design ergon\u00f3mico, o controlador oferece uma opera\u00e7\u00e3o intuitiva e simples.<\/li>\n<li><strong>Alta estabilidade<\/strong>:<br \/>\nRigorosamente testado para garantir um desempenho fi\u00e1vel em v\u00e1rios ambientes de trabalho.<\/li>\n<li><strong>Seguran\u00e7a refor\u00e7ada<\/strong>:<br \/>\nEquipado com v\u00e1rias medidas de seguran\u00e7a para evitar erros operacionais.<\/li>\n<li><strong>Controlo multin\u00edvel<\/strong>:<br \/>\nSuporta velocidades e for\u00e7as de movimento ajust\u00e1veis com base em requisitos espec\u00edficos.<\/li>\n<li><strong>Controlo de precis\u00e3o<\/strong>:<br \/>\nA tecnologia avan\u00e7ada de sensores assegura opera\u00e7\u00f5es de elevada precis\u00e3o.<\/li>\n<li><strong>Portabilidade<\/strong>:<br \/>\nO design compacto e leve torna o controlador f\u00e1cil de transportar e utilizar.<\/li>\n<\/ol>\n<h6><strong><span style=\"font-family: arial, helvetica, sans-serif; font-size: 18pt;\">Principais fun\u00e7\u00f5es dos comandos \u00e0 dist\u00e2ncia para gruas<\/span><\/strong><\/h6>\n<ol>\n<li><strong>Controlo de eleva\u00e7\u00e3o<\/strong>:<br \/>\nOs operadores podem controlar as ac\u00e7\u00f5es de eleva\u00e7\u00e3o e descida da grua premindo os bot\u00f5es designados no controlo remoto.<\/li>\n<li><strong>Controlo Telesc\u00f3pico<\/strong>:<br \/>\nAjusta facilmente o comprimento da lan\u00e7a da grua atrav\u00e9s de bot\u00f5es de controlo.<\/li>\n<li><strong>Controlo de rota\u00e7\u00e3o<\/strong>:<br \/>\nPermite a rota\u00e7\u00e3o cont\u00ednua da grua utilizando controlos de rota\u00e7\u00e3o dedicados.<\/li>\n<li><strong>Carater\u00edsticas auxiliares<\/strong>:<br \/>\nInclui fun\u00e7\u00f5es como o controlo de luzes e alertas de buzina para melhorar o funcionamento em ambientes noturnos ou complexos.<\/li>\n<\/ol>\n<h6><strong><span style=\"font-family: arial, helvetica, sans-serif; font-size: 18pt;\">Precau\u00e7\u00f5es de utiliza\u00e7\u00e3o dos controlos remotos da grua<\/span><\/strong><\/h6>\n<p>Para garantir a seguran\u00e7a e a longevidade, os utilizadores devem respeitar as seguintes precau\u00e7\u00f5es:<\/p>\n<ol>\n<li><strong>Prepara\u00e7\u00e3o antes da opera\u00e7\u00e3o<\/strong>:<br \/>\nVerifique se a bateria est\u00e1 suficientemente carregada e familiarize-se com as fun\u00e7\u00f5es e a disposi\u00e7\u00e3o dos bot\u00f5es do controlador.<\/li>\n<li><strong>Funcionamento seguro<\/strong>:<br \/>\nSiga os protocolos de seguran\u00e7a, mantenha-se alerta e evite operar em zonas perigosas.<\/li>\n<li><strong>Impermeabiliza\u00e7\u00e3o<\/strong>:<br \/>\nEvite utilizar o controlador em ambientes h\u00famidos ou molhados.<\/li>\n<li><strong>Resist\u00eancia ao choque<\/strong>:<br \/>\nManusear com cuidado para evitar quedas ou impactos fortes.<\/li>\n<li><strong>Interfer\u00eancia de sinal<\/strong>:<br \/>\nEvite utilizar o controlador perto de campos electromagn\u00e9ticos fortes.<\/li>\n<li><strong>Inspe\u00e7\u00e3o de rotina<\/strong>:<br \/>\nInspecionar regularmente o controlador para garantir que todas as fun\u00e7\u00f5es est\u00e3o a funcionar corretamente.<\/li>\n<\/ol>\n<h6><strong><span style=\"font-family: arial, helvetica, sans-serif; font-size: 18pt;\">Aplica\u00e7\u00f5es dos telecomandos para gruas<\/span><\/strong><\/h6>\n<p>Este dispositivo vers\u00e1til \u00e9 adequado para uma vasta gama de cen\u00e1rios de engenharia, incluindo opera\u00e7\u00f5es modernas de constru\u00e7\u00e3o e log\u00edstica. Ao aumentar significativamente a conveni\u00eancia, a seguran\u00e7a e a efici\u00eancia, o controlo remoto da grua tornou-se uma ferramenta indispens\u00e1vel nas ind\u00fastrias contempor\u00e2neas.<\/p>\n<\/div>\n<\/div>\n<\/div>\n<\/div>\n<p>&nbsp;<\/p>","protected":false},"excerpt":{"rendered":"<h6><strong><span style=\"font-family: arial, helvetica, sans-serif; font-size: 14pt;\">Especifica\u00e7\u00f5es do controlo remoto da grua<\/span><\/strong><\/h6>\n<ul>\n<li><strong>Op\u00e7\u00f5es de modelo<\/strong>: F24-6D, F24-8D, F24-10D, F24-12D, F24-60<\/li>\n<li><strong>Op\u00e7\u00f5es de bot\u00f5es<\/strong>: 6, 8, 10, 12 bot\u00f5es ou controlo por joystick<\/li>\n<li><strong>\u00cdndice de prote\u00e7\u00e3o<\/strong>: IP65<\/li>\n<li><strong>Gama de frequ\u00eancias<\/strong>: VHF: 310-331 MHz; UHF: 425-446 MHz<\/li>\n<li><strong>Op\u00e7\u00f5es de alimenta\u00e7\u00e3o do recetor<\/strong>: 24V, 36V, 220V, 380V (opcional)<\/li>\n<li><strong>Temperatura de funcionamento<\/strong>: -40\u00b0C a +85\u00b0C<\/li>\n<li><strong>Dist\u00e2ncia de controlo<\/strong>: At\u00e9 100 m em ambientes abertos<\/li>\n<\/ul>","protected":false},"featured_media":5741,"template":"","meta":{"_kad_post_transparent":"default","_kad_post_title":"","_kad_post_layout":"default","_kad_post_sidebar_id":"","_kad_post_content_style":"default","_kad_post_vertical_padding":"show","_kad_post_feature":"","_kad_post_feature_position":"","_kad_post_header":false,"_kad_post_footer":false},"product_brand":[],"product_cat":[65],"product_tag":[284,288,290,289],"class_list":{"0":"post-5740","1":"product","2":"type-product","3":"status-publish","4":"has-post-thumbnail","6":"product_cat-crane-electrical-parts","7":"product_tag-crane-electrical-parts","8":"product_tag-crane-remote-controller","9":"product_tag-remote-controller","10":"product_tag-wireless-remote-control","12":"first","13":"instock","14":"shipping-taxable","15":"product-type-simple","16":"entry","17":"content-bg","18":"loop-entry"},"yoast_head":"<!-- This site is optimized with the Yoast SEO plugin v25.6 - https:\/\/yoast.com\/wordpress\/plugins\/seo\/ -->\n<title>Crane remote controller -Wireless remote control,remote controller<\/title>\n<meta name=\"description\" content=\"Our Crane Remote Controllers deliver dependable performance for safe and efficient crane operations, widely used in factories, ports, and warehouses.\" \/>\n<meta name=\"robots\" content=\"index, follow, max-snippet:-1, max-image-preview:large, max-video-preview:-1\" \/>\n<link rel=\"canonical\" href=\"https:\/\/www.hnhlcrane.com\/pt\/product\/controlo-remoto-da-grua\/\" \/>\n<meta property=\"og:locale\" content=\"pt_PT\" \/>\n<meta property=\"og:type\" content=\"article\" \/>\n<meta property=\"og:title\" content=\"Crane remote controller -Wireless remote control,remote controller\" \/>\n<meta property=\"og:description\" content=\"Our Crane Remote Controllers deliver dependable performance for safe and efficient crane operations, widely used in factories, ports, and warehouses.\" \/>\n<meta property=\"og:url\" content=\"https:\/\/www.hnhlcrane.com\/pt\/product\/controlo-remoto-da-grua\/\" \/>\n<meta property=\"og:site_name\" content=\"Crane Parts Supplier-HL Crame\" \/>\n<meta property=\"article:modified_time\" content=\"2025-09-14T15:11:45+00:00\" \/>\n<meta property=\"og:image\" content=\"https:\/\/www.hnhlcrane.com\/wp-content\/uploads\/2024\/12\/Crane-remote-controller-1.jpg\" \/>\n\t<meta property=\"og:image:width\" content=\"600\" \/>\n\t<meta property=\"og:image:height\" content=\"600\" \/>\n\t<meta property=\"og:image:type\" content=\"image\/jpeg\" \/>\n<meta name=\"twitter:card\" content=\"summary_large_image\" \/>\n<meta name=\"twitter:label1\" content=\"Tempo estimado de leitura\" \/>\n\t<meta name=\"twitter:data1\" content=\"3 minutos\" \/>\n<script type=\"application\/ld+json\" class=\"yoast-schema-graph\">{\"@context\":\"https:\/\/schema.org\",\"@graph\":[{\"@type\":\"WebPage\",\"@id\":\"https:\/\/www.hnhlcrane.com\/product\/crane-remote-controller\/\",\"url\":\"https:\/\/www.hnhlcrane.com\/product\/crane-remote-controller\/\",\"name\":\"Crane remote controller -Wireless remote control,remote controller\",\"isPartOf\":{\"@id\":\"https:\/\/www.hnhlcrane.com\/#website\"},\"primaryImageOfPage\":{\"@id\":\"https:\/\/www.hnhlcrane.com\/product\/crane-remote-controller\/#primaryimage\"},\"image\":{\"@id\":\"https:\/\/www.hnhlcrane.com\/product\/crane-remote-controller\/#primaryimage\"},\"thumbnailUrl\":\"https:\/\/www.hnhlcrane.com\/wp-content\/uploads\/2024\/12\/Crane-remote-controller-1.jpg\",\"datePublished\":\"2024-12-05T14:42:34+00:00\",\"dateModified\":\"2025-09-14T15:11:45+00:00\",\"description\":\"Our Crane Remote Controllers deliver dependable performance for safe and efficient crane operations, widely used in factories, ports, and warehouses.\",\"breadcrumb\":{\"@id\":\"https:\/\/www.hnhlcrane.com\/product\/crane-remote-controller\/#breadcrumb\"},\"inLanguage\":\"pt-PT\",\"potentialAction\":[{\"@type\":\"ReadAction\",\"target\":[\"https:\/\/www.hnhlcrane.com\/product\/crane-remote-controller\/\"]}]},{\"@type\":\"ImageObject\",\"inLanguage\":\"pt-PT\",\"@id\":\"https:\/\/www.hnhlcrane.com\/product\/crane-remote-controller\/#primaryimage\",\"url\":\"https:\/\/www.hnhlcrane.com\/wp-content\/uploads\/2024\/12\/Crane-remote-controller-1.jpg\",\"contentUrl\":\"https:\/\/www.hnhlcrane.com\/wp-content\/uploads\/2024\/12\/Crane-remote-controller-1.jpg\",\"width\":600,\"height\":600},{\"@type\":\"BreadcrumbList\",\"@id\":\"https:\/\/www.hnhlcrane.com\/product\/crane-remote-controller\/#breadcrumb\",\"itemListElement\":[{\"@type\":\"ListItem\",\"position\":1,\"name\":\"home\",\"item\":\"https:\/\/www.hnhlcrane.com\/\"},{\"@type\":\"ListItem\",\"position\":2,\"name\":\"products\",\"item\":\"https:\/\/www.hnhlcrane.com\/products\/\"},{\"@type\":\"ListItem\",\"position\":3,\"name\":\"Crane remote controller\"}]},{\"@type\":\"WebSite\",\"@id\":\"https:\/\/www.hnhlcrane.com\/#website\",\"url\":\"https:\/\/www.hnhlcrane.com\/\",\"name\":\"Crane Parts Supplier-HL Crame\",\"description\":\"One-stop solution for all your  crane parts needs,Crane Hook,Crane Drum,Crane Wheel,Crane Coupling,Crane Gearbox,Crane Motor,Crane Brake,Special Crane Spreader,Crane grab,Container spreader,Billet crane clamps,Crane C-type spreader,Lifting Electromagnet,Crane Rail Clips,Electric Hoist,FEM Standard Crane End Carriages,Light Crane Parts,Workstation Crane Parts,Crane Electrical Parts,I-beam cable trolley,Crane remote controller,Crane electrical control cabinet,Crane limit switch,Crane sound and light alarm,Heavy Duty Aviation Connector,Crane overload limiter,China Crane Parts Supplier,Crane hooks,Gantry crane hook,Crane accessories,Forged hook,hook processing,Hook manufacturer,China standard crane hook,electric hoist hook,Crane pulley,Hook pulley,Rolled pulley,Crane Pulley Supplier\uff0cEuropean hook pulley,Gantry crane hook pulley,WZL type crane drum,European style reel set,Crane reel,crane parts,Drum processing,crane drum manufacturer,Cast steel drum,Electric hoist drum,Crane drum assembly,DRS Wheel Blocks,European crane wheel,Forged wheels,Active wheel set,Driving wheel set,Driven wheel group,crane wheels manufacturer,Demag crane wheels,Konecranes Crane Wheels,Overhead crane Wheel,Shaft couplings,Power Transmission Couplings,Disc Couplings,Fluid couplings,Coupling manufacturer\uff0cCardan coupling,Crane Reducer,Crane Decelerators,Reducer gearbox,Reducer for crane,Gear Reducer For Crane,Hard tooth surface reducerCrane and hoist reducer,Flender reducer,Reducer manufacturer,ZQ reducer,QJ reducer,QJY reducer,Gear Motors,Konecranes reducer,F series three-in-one reducer,K series three-in-one reducer,travelling machinery,Travelling Motor With Gear,Gear Motor for Crane Traveling,Travelling machinery Frequency inverter motors,FEM standard Gear Motors,Crane motors,Inverter motors,Hoist motors,motorCrane duty motors,Special motor for crane,YZR YZP YZ series motors,Crane and hoist motor,Frequency conversion motor,Electro hydraulic drum brakes,Electro-hydraulic disc brakes,Brake,Overhead Crane Brakes,Disc brakes,Electromagnetic disk brake,Crane hydraulic disc brake,Brakes manufacturer,crane Safety brakes,Singlr rope grab,Four rope grab,Electro-hydraulic multi-flap grab,Orange peel grab,Electric motor grab,Electro-Hydraulicclamshell grab,grab manufacturers,Container spreader manufacturers,20ft Container Spreader,Semi Automatic container spreader,40ft Container Lifting Frame,TEC container Spreader,Billet lifting clamp,Billet Clamps,Billet crane clamps manufacturer,billet lifting clamps china supplier,Coil C-Type Hook,coil hook,Overhead Crane Steel Coil C-Type Hook,Crane C-hook,C-type spreader,C-type hook,Crane magnets,Rail fixing device,Crane Rail fixing device,crane Rail Clamp,CD\/MD Wire Rope Electric Hoist,Wire Rope Electric Hoist China Manufacturer,Single Girder Wire Rope Electric Hoist,Double Girder Wire Rope Electric Hoist,Chain Hoist,Electric chain hoist manufacturer,Electric chain hoist China distributor,European wire rope electric hoist\uff0cEuropean double beam wire rope electric hoist,European Style Single Beam Crane End Carriage,FEN\/DIN European Style Single Beam Crane End Carriage,Crane end beam manufacturers,European style hoist double beam crane end beam,Suspension crane end beam,European style suspended single beam crane end beam,FEN\/DIN Suspension crane end beam,crane cable trolley,Wireless remote control,remote controller,Crane control handle,Crane Controls,electrical control cabinet,crane control cabinet,Limit switch,Sound and light alarm,Aviation plug,quick connector,Crane aviation plug,Overload limiter\",\"publisher\":{\"@id\":\"https:\/\/www.hnhlcrane.com\/#organization\"},\"potentialAction\":[{\"@type\":\"SearchAction\",\"target\":{\"@type\":\"EntryPoint\",\"urlTemplate\":\"https:\/\/www.hnhlcrane.com\/?s={search_term_string}\"},\"query-input\":{\"@type\":\"PropertyValueSpecification\",\"valueRequired\":true,\"valueName\":\"search_term_string\"}}],\"inLanguage\":\"pt-PT\"},{\"@type\":\"Organization\",\"@id\":\"https:\/\/www.hnhlcrane.com\/#organization\",\"name\":\"Crane Parts Supplier-HL Crame\",\"url\":\"https:\/\/www.hnhlcrane.com\/\",\"logo\":{\"@type\":\"ImageObject\",\"inLanguage\":\"pt-PT\",\"@id\":\"https:\/\/www.hnhlcrane.com\/#\/schema\/logo\/image\/\",\"url\":\"https:\/\/www.hnhlcrane.com\/wp-content\/uploads\/2024\/09\/logo6-1-e1733899395598.png\",\"contentUrl\":\"https:\/\/www.hnhlcrane.com\/wp-content\/uploads\/2024\/09\/logo6-1-e1733899395598.png\",\"width\":1000,\"height\":282,\"caption\":\"Crane Parts Supplier-HL Crame\"},\"image\":{\"@id\":\"https:\/\/www.hnhlcrane.com\/#\/schema\/logo\/image\/\"}}]}<\/script>\n<!-- \/ Yoast SEO plugin. -->","yoast_head_json":{"title":"Controlo remoto para gruas -Controlo remoto sem fios, controlo remoto","description":"Os nossos controladores remotos de gruas proporcionam um desempenho fi\u00e1vel para opera\u00e7\u00f5es de gruas seguras e eficientes, amplamente utilizadas em f\u00e1bricas, portos e armaz\u00e9ns.","robots":{"index":"index","follow":"follow","max-snippet":"max-snippet:-1","max-image-preview":"max-image-preview:large","max-video-preview":"max-video-preview:-1"},"canonical":"https:\/\/www.hnhlcrane.com\/pt\/product\/controlo-remoto-da-grua\/","og_locale":"pt_PT","og_type":"article","og_title":"Crane remote controller -Wireless remote control,remote controller","og_description":"Our Crane Remote Controllers deliver dependable performance for safe and efficient crane operations, widely used in factories, ports, and warehouses.","og_url":"https:\/\/www.hnhlcrane.com\/pt\/product\/controlo-remoto-da-grua\/","og_site_name":"Crane Parts Supplier-HL Crame","article_modified_time":"2025-09-14T15:11:45+00:00","og_image":[{"width":600,"height":600,"url":"https:\/\/www.hnhlcrane.com\/wp-content\/uploads\/2024\/12\/Crane-remote-controller-1.jpg","type":"image\/jpeg"}],"twitter_card":"summary_large_image","twitter_misc":{"Tempo estimado de leitura":"3 minutos"},"schema":{"@context":"https:\/\/schema.org","@graph":[{"@type":"WebPage","@id":"https:\/\/www.hnhlcrane.com\/product\/crane-remote-controller\/","url":"https:\/\/www.hnhlcrane.com\/product\/crane-remote-controller\/","name":"Controlo remoto para gruas -Controlo remoto sem fios, controlo remoto","isPartOf":{"@id":"https:\/\/www.hnhlcrane.com\/#website"},"primaryImageOfPage":{"@id":"https:\/\/www.hnhlcrane.com\/product\/crane-remote-controller\/#primaryimage"},"image":{"@id":"https:\/\/www.hnhlcrane.com\/product\/crane-remote-controller\/#primaryimage"},"thumbnailUrl":"https:\/\/www.hnhlcrane.com\/wp-content\/uploads\/2024\/12\/Crane-remote-controller-1.jpg","datePublished":"2024-12-05T14:42:34+00:00","dateModified":"2025-09-14T15:11:45+00:00","description":"Os nossos controladores remotos de gruas proporcionam um desempenho fi\u00e1vel para opera\u00e7\u00f5es de gruas seguras e eficientes, amplamente utilizadas em f\u00e1bricas, portos e armaz\u00e9ns.","breadcrumb":{"@id":"https:\/\/www.hnhlcrane.com\/product\/crane-remote-controller\/#breadcrumb"},"inLanguage":"pt-PT","potentialAction":[{"@type":"ReadAction","target":["https:\/\/www.hnhlcrane.com\/product\/crane-remote-controller\/"]}]},{"@type":"ImageObject","inLanguage":"pt-PT","@id":"https:\/\/www.hnhlcrane.com\/product\/crane-remote-controller\/#primaryimage","url":"https:\/\/www.hnhlcrane.com\/wp-content\/uploads\/2024\/12\/Crane-remote-controller-1.jpg","contentUrl":"https:\/\/www.hnhlcrane.com\/wp-content\/uploads\/2024\/12\/Crane-remote-controller-1.jpg","width":600,"height":600},{"@type":"BreadcrumbList","@id":"https:\/\/www.hnhlcrane.com\/product\/crane-remote-controller\/#breadcrumb","itemListElement":[{"@type":"ListItem","position":1,"name":"home","item":"https:\/\/www.hnhlcrane.com\/"},{"@type":"ListItem","position":2,"name":"products","item":"https:\/\/www.hnhlcrane.com\/products\/"},{"@type":"ListItem","position":3,"name":"Crane remote controller"}]},{"@type":"WebSite","@id":"https:\/\/www.hnhlcrane.com\/#website","url":"https:\/\/www.hnhlcrane.com\/","name":"Fornecedor de pe\u00e7as para gruas-HL Crame","description":"Solu\u00e7\u00e3o \u00fanica para todas as suas necessidades de pe\u00e7as de guindaste, gancho de guindaste, tambor de guindaste, roda de guindaste, acoplamento de guindaste, caixa de engrenagens de guindaste, motor de guindaste, trav\u00e3o de guindaste, espalhador de guindaste especial, garra de guindaste, espalhador de contentor, bra\u00e7adeiras de guindaste de boleto, espalhador de guindaste tipo C,Eletro\u00edman de eleva\u00e7\u00e3o, clipes para carris de guindaste, guincho el\u00e9trico, carros terminais de guindaste padr\u00e3o FEM, pe\u00e7as leves para guindastes, pe\u00e7as para esta\u00e7\u00f5es de trabalho para guindastes, pe\u00e7as el\u00e9ctricas para guindastes, carrinho de cabos de viga em I, controlador remoto para guindastes, arm\u00e1rio de controlo el\u00e9trico para guindastes,Interruptor de limite do guindaste,Alarme de som e luz do guindaste,Conector de avia\u00e7\u00e3o pesada,Limitador de sobrecarga do guindaste,Fornecedor de pe\u00e7as de guindaste da China,Ganchos de guindaste,Gancho de p\u00f3rtico,Acess\u00f3rios de guindaste,Gancho forjado,Processamento de gancho,Fabricante de gancho,Gancho de guindaste padr\u00e3o da China,Gancho de guincho el\u00e9trico,Polia de guindaste,Polia de gancho,Polia laminada,Fornecedor de polia de guindaste,Polia de gancho europeu,Polia de gancho de p\u00f3rtico,Tambor de guindaste tipo WZL,Conjunto de bobina de estilo europeu,Bobina de guindaste,Pe\u00e7as de guindaste,Processamento de tambor,Fabricante de tambor de guindaste,Tambor de a\u00e7o fundido,Tambor de guincho el\u00e9trico,Montagem de tambor de guindaste,Blocos de roda DRS,Roda de guindaste europeu,Rodas forjadas,Conjunto de roda ativa,Conjunto de roda motriz,Grupo de roda motriz,Fabricante de rodas de guindaste,Rodas de guindaste Demag,Rodas de guindaste Konecranes,Roda de ponte rolante,Acoplamentos de eixo,Acoplamentos de transmiss\u00e3o de energia,Acoplamentos de disco,Acoplamentos de fluido,Fabricante de acoplamento,Acoplamento cardan,Redutor de guindaste,Redutor de guindaste,Redutor de guindaste,Redutor para guindaste,Redutor de engrenagem para guindaste,Redutor de superf\u00edcie de dente duro,Redutor de guindaste e guincho,Redutor de flender,Fabricante de redutor,Redutor ZQ,Redutor QJ,Redutor QJY,Motores de engrenagem,Redutor Konecranes,Redutor tr\u00eas-em-um s\u00e9rie F,Redutor tr\u00eas-em-um s\u00e9rie K,M\u00e1quinas de transla\u00e7\u00e3o,Motor de transla\u00e7\u00e3o com engrenagem,Motor de engrenagem para transla\u00e7\u00e3o de guindaste,M\u00e1quinas de transla\u00e7\u00e3o Motores de inversor de frequ\u00eancia,Motores de engrenagem padr\u00e3o FEM,Motores de guindaste,Motores inversores,Motores para guindaste,Motores para guindaste,Motores especiais para guindaste,Motores da s\u00e9rie YZR YZP YZ,Motor para guindaste e guincho,Motor de convers\u00e3o de frequ\u00eancia,Trav\u00f5es de tambor electro-hidr\u00e1ulicos,Trav\u00f5es de disco electro-hidr\u00e1ulicos,Trav\u00f5es,Trav\u00f5es de ponte rolante,Trav\u00f5es de disco,Trav\u00f5es de disco electromagn\u00e9ticos,Trav\u00f5es de disco hidr\u00e1ulicos para guindaste,Fabricante de trav\u00f5es,Trav\u00f5es de seguran\u00e7a para guindaste,Garra de corda simples,Garra de quatro cordas,Garra electro-hidr\u00e1ulica de m\u00faltiplas abas,Garra de casca de laranja,Garra de motor el\u00e9tricoPin\u00e7a electro-hidr\u00e1ulica, fabricantes de pin\u00e7as, fabricantes de espalhador de contentores, espalhador de contentores de 20 p\u00e9s, espalhador de contentores semi-autom\u00e1tico, estrutura de eleva\u00e7\u00e3o de contentores de 40 p\u00e9s, espalhador de contentores TEC, bra\u00e7adeira de eleva\u00e7\u00e3o de tarugos, bra\u00e7adeiras de tarugos, fabricante de bra\u00e7adeiras de guindaste de tarugos, fornecedor chin\u00eas de bra\u00e7adeiras de eleva\u00e7\u00e3o de tarugos, gancho tipo C de bobina, gancho de bobina, gancho tipo C de a\u00e7o de guindaste suspenso, gancho tipo C, espalhador tipo C, gancho tipo C, \u00edmanes de guindaste, dispositivo de fixa\u00e7\u00e3o de carris,Dispositivo de fixa\u00e7\u00e3o de trilho de guindaste,Bra\u00e7adeira de trilho de guindaste,Talha el\u00e9trica de cabo de a\u00e7o CD\/MD,Talha el\u00e9trica de cabo de a\u00e7o,Talha el\u00e9trica de cabo de a\u00e7o de viga \u00fanica,Talha el\u00e9trica de cabo de a\u00e7o de viga dupla,Talha de corrente,Fabricante de talha el\u00e9trica de corrente,Talha el\u00e9trica de corrente,Distribuidor na China,Talha el\u00e9trica de cabo de a\u00e7o europeia,Talha el\u00e9trica de cabo de a\u00e7o de viga dupla europeia,Carro de extremidade de guindaste de viga \u00fanica de estilo europeu,Carro de extremidade de guindaste de viga \u00fanica de estilo europeu FEN\/DIN,Fabricante de viga de extremidade de guindaste, viga de extremidade de guindaste de viga dupla de guincho de estilo europeu, viga de extremidade de guindaste de viga \u00fanica suspensa de estilo europeu, viga de extremidade de guindaste de viga \u00fanica suspensa FEN\/DIN, carrinho de cabo de guindaste, controle remoto sem fio, controle remoto, al\u00e7a de controle de guindaste, controles de guindaste, gabinete de controle el\u00e9trico, gabinete de controle de guindaste, interrutor de limite, alarme sonoro e luminoso, plugue de avia\u00e7\u00e3o, conetor r\u00e1pido, plugue de avia\u00e7\u00e3o de guindaste, limitador de sobrecarga","publisher":{"@id":"https:\/\/www.hnhlcrane.com\/#organization"},"potentialAction":[{"@type":"SearchAction","target":{"@type":"EntryPoint","urlTemplate":"https:\/\/www.hnhlcrane.com\/?s={search_term_string}"},"query-input":{"@type":"PropertyValueSpecification","valueRequired":true,"valueName":"search_term_string"}}],"inLanguage":"pt-PT"},{"@type":"Organization","@id":"https:\/\/www.hnhlcrane.com\/#organization","name":"Fornecedor de pe\u00e7as para gruas-HL Crame","url":"https:\/\/www.hnhlcrane.com\/","logo":{"@type":"ImageObject","inLanguage":"pt-PT","@id":"https:\/\/www.hnhlcrane.com\/#\/schema\/logo\/image\/","url":"https:\/\/www.hnhlcrane.com\/wp-content\/uploads\/2024\/09\/logo6-1-e1733899395598.png","contentUrl":"https:\/\/www.hnhlcrane.com\/wp-content\/uploads\/2024\/09\/logo6-1-e1733899395598.png","width":1000,"height":282,"caption":"Crane Parts Supplier-HL Crame"},"image":{"@id":"https:\/\/www.hnhlcrane.com\/#\/schema\/logo\/image\/"}}]}},"_links":{"self":[{"href":"https:\/\/www.hnhlcrane.com\/pt\/wp-json\/wp\/v2\/product\/5740","targetHints":{"allow":["GET"]}}],"collection":[{"href":"https:\/\/www.hnhlcrane.com\/pt\/wp-json\/wp\/v2\/product"}],"about":[{"href":"https:\/\/www.hnhlcrane.com\/pt\/wp-json\/wp\/v2\/types\/product"}],"version-history":[{"count":1,"href":"https:\/\/www.hnhlcrane.com\/pt\/wp-json\/wp\/v2\/product\/5740\/revisions"}],"predecessor-version":[{"id":6979,"href":"https:\/\/www.hnhlcrane.com\/pt\/wp-json\/wp\/v2\/product\/5740\/revisions\/6979"}],"wp:featuredmedia":[{"embeddable":true,"href":"https:\/\/www.hnhlcrane.com\/pt\/wp-json\/wp\/v2\/media\/5741"}],"wp:attachment":[{"href":"https:\/\/www.hnhlcrane.com\/pt\/wp-json\/wp\/v2\/media?parent=5740"}],"wp:term":[{"taxonomy":"product_brand","embeddable":true,"href":"https:\/\/www.hnhlcrane.com\/pt\/wp-json\/wp\/v2\/product_brand?post=5740"},{"taxonomy":"product_cat","embeddable":true,"href":"https:\/\/www.hnhlcrane.com\/pt\/wp-json\/wp\/v2\/product_cat?post=5740"},{"taxonomy":"product_tag","embeddable":true,"href":"https:\/\/www.hnhlcrane.com\/pt\/wp-json\/wp\/v2\/product_tag?post=5740"}],"curies":[{"name":"wp","href":"https:\/\/api.w.org\/{rel}","templated":true}]}}