{"id":5487,"date":"2024-11-26T01:03:18","date_gmt":"2024-11-25T17:03:18","guid":{"rendered":"https:\/\/www.hnhlcrane.com\/?post_type=product&#038;p=5487"},"modified":"2025-09-10T10:47:44","modified_gmt":"2025-09-10T02:47:44","slug":"eletroiman-de-elevacao","status":"publish","type":"product","link":"https:\/\/www.hnhlcrane.com\/pt\/product\/eletroiman-de-elevacao\/","title":{"rendered":"Eletro\u00edman de eleva\u00e7\u00e3o"},"content":{"rendered":"<h6><strong><span style=\"font-family: arial, helvetica, sans-serif; font-size: 18pt;\">Vis\u00e3o geral do eletro\u00edman de eleva\u00e7\u00e3o<\/span><\/strong><\/h6>\n<p>A <strong>Eletro\u00edman de eleva\u00e7\u00e3o<\/strong> \u00e9 um dispositivo que utiliza a corrente el\u00e9ctrica que passa atrav\u00e9s de uma bobina para gerar magnetismo, que desaparece quando a corrente \u00e9 desligada. Amplamente utilizado em ambientes industriais, \u00e9 normalmente constru\u00eddo em ferro macio ou a\u00e7o sil\u00edcio e apresenta um design totalmente selado e resistente \u00e0 humidade. Estes \u00edmanes s\u00e3o optimizados para serem leves, terem uma for\u00e7a de suc\u00e7\u00e3o elevada e um baixo consumo de energia. As propriedades magn\u00e9ticas podem ser convenientemente controladas atrav\u00e9s do ajuste da corrente el\u00e9ctrica, tornando-os vers\u00e1teis e eficientes.<\/p>\n<h6><span style=\"font-family: arial, helvetica, sans-serif; font-size: 18pt;\"><strong>Principais vantagens<\/strong><\/span><\/h6>\n<ul>\n<li><strong>Controlo f\u00e1cil<\/strong>:\n<ul>\n<li>O magnetismo \u00e9 ativado ou desativado simplesmente ligando ou desligando a corrente.<\/li>\n<\/ul>\n<\/li>\n<li><strong>Ajuste flex\u00edvel<\/strong>:\n<ul>\n<li>A for\u00e7a e a polaridade do campo magn\u00e9tico podem ser alteradas ajustando a intensidade e a dire\u00e7\u00e3o da corrente.<\/li>\n<\/ul>\n<\/li>\n<li><strong>Amplas aplica\u00e7\u00f5es<\/strong>:\n<ul>\n<li>Adequado para ind\u00fastrias como a metalurgia, minera\u00e7\u00e3o, maquinaria e transporte para levantar materiais ferromagn\u00e9ticos como o a\u00e7o.<\/li>\n<\/ul>\n<\/li>\n<\/ul>\n<h6><span style=\"font-family: arial, helvetica, sans-serif; font-size: 18pt;\"><strong>Aplica\u00e7\u00f5es<\/strong><\/span><\/h6>\n<ul>\n<li><strong>Metalurgia, minas e maquinaria<\/strong>:\n<ul>\n<li>Para levantar a\u00e7o, ferro fundido e outros materiais magn\u00e9ticos.<\/li>\n<\/ul>\n<\/li>\n<li><strong>Transporte<\/strong>:\n<ul>\n<li>Amplamente utilizado na log\u00edstica ferrovi\u00e1ria, portos e constru\u00e7\u00e3o naval para substituir o manuseamento manual de cargas pesadas.<\/li>\n<\/ul>\n<\/li>\n<li><strong>Ambientes especiais<\/strong>:\n<ul>\n<li>Pode funcionar em condi\u00e7\u00f5es extremas, incluindo temperaturas elevadas, ambientes subaqu\u00e1ticos, poeirentos, t\u00f3xicos ou frios.<\/li>\n<\/ul>\n<\/li>\n<\/ul>\n<h6><span style=\"font-family: arial, helvetica, sans-serif; font-size: 18pt;\"><strong>Modelos especializados<\/strong><\/span><\/h6>\n<h6><span style=\"font-family: arial, helvetica, sans-serif; font-size: 14pt;\"><strong>S\u00e9rie MW5 - Eletro\u00edman para eleva\u00e7\u00e3o de sucata de a\u00e7o<\/strong><\/span><\/h6>\n<ul>\n<li>Concebida para a eleva\u00e7\u00e3o de lingotes de ferro fundido, esferas de a\u00e7o e v\u00e1rias sucatas de a\u00e7o.<\/li>\n<\/ul>\n<h6><span style=\"font-family: arial, helvetica, sans-serif; font-size: 14pt;\"><strong>S\u00e9rie MW12 - Mandril eletromagn\u00e9tico retangular para var\u00f5es agrupados<\/strong><\/span><\/h6>\n<ul>\n<li>Possui uma conce\u00e7\u00e3o de circuito magn\u00e9tico de alta permeabilidade capaz de penetrar em v\u00e1rios espa\u00e7os de ar.<\/li>\n<li>Adequado para a eleva\u00e7\u00e3o de var\u00f5es agrupados; frequentemente utilizado em combina\u00e7\u00f5es de mandris m\u00faltiplos.<\/li>\n<\/ul>\n<h6><span style=\"font-family: arial, helvetica, sans-serif; font-size: 14pt;\"><strong>S\u00e9rie MW22 - Lingotes de a\u00e7o e blocos grandes<\/strong><\/span><\/h6>\n<ul>\n<li>Optimizado para a eleva\u00e7\u00e3o de lingotes de a\u00e7o, grandes blocos iniciais e componentes de a\u00e7o estrutural.<\/li>\n<\/ul>\n<h6><span style=\"font-family: arial, helvetica, sans-serif; font-size: 14pt;\"><strong>S\u00e9rie MW84 - Eletro\u00edman para chapas de a\u00e7o m\u00e9dias e grossas<\/strong><\/span><\/h6>\n<ul>\n<li>Especialmente concebido para a eleva\u00e7\u00e3o de chapas de a\u00e7o de espessura m\u00e9dia (6-32 mm).<\/li>\n<li>Assegura opera\u00e7\u00f5es seguras, exactas e eficientes.<\/li>\n<li>Para placas de a\u00e7o mais compridas, devem ser utilizados v\u00e1rios electro\u00edmanes em tandem.<\/li>\n<li>Dispon\u00edvel em dois tipos:\n<ul style=\"list-style-type: circle;\">\n<li><strong>Tipo 350<\/strong> e <strong>Tipo 400<\/strong> para diferentes capacidades de eleva\u00e7\u00e3o.<\/li>\n<li><strong>Temperatura normal<\/strong> e <strong>Alta temperatura<\/strong> (at\u00e9 700\u00b0C).<\/li>\n<\/ul>\n<\/li>\n<\/ul>\n<h6><span style=\"font-family: arial, helvetica, sans-serif; font-size: 18pt;\"><strong>Porqu\u00ea escolher electro\u00edmanes de eleva\u00e7\u00e3o?<\/strong><\/span><\/h6>\n<p>Os electro\u00edmanes de eleva\u00e7\u00e3o s\u00e3o ferramentas essenciais para o manuseamento eficiente de materiais em ind\u00fastrias que requerem tarefas de eleva\u00e7\u00e3o frequentes e pesadas. A sua capacidade de funcionar em diversos ambientes, combinada com uma for\u00e7a personaliz\u00e1vel e flexibilidade operacional, torna-os inestim\u00e1veis tanto em aplica\u00e7\u00f5es industriais padr\u00e3o como especializadas.<\/p>","protected":false},"excerpt":{"rendered":"<p>\u00cdmanes para gruas,Electro\u00edmanes de eleva\u00e7\u00e3o<\/p>\n<ul>\n<li><span style=\"font-family: arial, helvetica, sans-serif; font-size: 12pt;\"><strong>S\u00e9rie MW5 - Eletro\u00edman para eleva\u00e7\u00e3o de sucata de a\u00e7o<\/strong><\/span><\/li>\n<li><span style=\"font-family: arial, helvetica, sans-serif; font-size: 12pt;\"><strong>S\u00e9rie MW12 - Mandril eletromagn\u00e9tico retangular para var\u00f5es agrupados<\/strong><\/span><\/li>\n<li><span style=\"font-family: arial, helvetica, sans-serif; font-size: 12pt;\"><strong>S\u00e9rie MW22 - Lingotes de a\u00e7o e blocos grandes<\/strong><\/span><\/li>\n<li><span style=\"font-family: arial, helvetica, sans-serif; font-size: 12pt;\"><strong>S\u00e9rie MW84 - Eletro\u00edman para chapas de a\u00e7o m\u00e9dias e grossas<\/strong><\/span><\/li>\n<\/ul>","protected":false},"featured_media":5488,"template":"","meta":{"_kad_post_transparent":"default","_kad_post_title":"","_kad_post_layout":"default","_kad_post_sidebar_id":"","_kad_post_content_style":"default","_kad_post_vertical_padding":"show","_kad_post_feature":"","_kad_post_feature_position":"","_kad_post_header":false,"_kad_post_footer":false},"product_brand":[],"product_cat":[59],"product_tag":[213,212,185],"class_list":{"0":"post-5487","1":"product","2":"type-product","3":"status-publish","4":"has-post-thumbnail","6":"product_cat-special-crane-spreader","7":"product_tag-crane-magnets","8":"product_tag-lifting-electromagnet","9":"product_tag-special-crane-spreader","11":"first","12":"instock","13":"shipping-taxable","14":"product-type-simple","15":"entry","16":"content-bg","17":"loop-entry"},"yoast_head":"<!-- This site is optimized with the Yoast SEO plugin v25.6 - https:\/\/yoast.com\/wordpress\/plugins\/seo\/ -->\n<title>Lifting Electromagnet \u2013 Efficient Crane &amp; Industrial Lifting Magnet<\/title>\n<meta name=\"description\" content=\"Lifting electromagnets designed for maximum magnetic force, energy efficiency, and reliable performance in heavy-duty crane and industrial applications.\" \/>\n<meta name=\"robots\" content=\"index, follow, max-snippet:-1, max-image-preview:large, max-video-preview:-1\" \/>\n<link rel=\"canonical\" href=\"https:\/\/www.hnhlcrane.com\/pt\/product\/eletroiman-de-elevacao\/\" \/>\n<meta property=\"og:locale\" content=\"pt_PT\" \/>\n<meta property=\"og:type\" content=\"article\" \/>\n<meta property=\"og:title\" content=\"Lifting Electromagnet \u2013 Efficient Crane &amp; Industrial Lifting Magnet\" \/>\n<meta property=\"og:description\" content=\"Lifting electromagnets designed for maximum magnetic force, energy efficiency, and reliable performance in heavy-duty crane and industrial applications.\" \/>\n<meta property=\"og:url\" content=\"https:\/\/www.hnhlcrane.com\/pt\/product\/eletroiman-de-elevacao\/\" \/>\n<meta property=\"og:site_name\" content=\"Crane Parts Supplier-HL Crame\" \/>\n<meta property=\"article:modified_time\" content=\"2025-09-10T02:47:44+00:00\" \/>\n<meta property=\"og:image\" content=\"https:\/\/www.hnhlcrane.com\/wp-content\/uploads\/2024\/11\/Lifting-Electromagnet-1.jpg\" \/>\n\t<meta property=\"og:image:width\" content=\"600\" \/>\n\t<meta property=\"og:image:height\" content=\"600\" \/>\n\t<meta property=\"og:image:type\" content=\"image\/jpeg\" \/>\n<meta name=\"twitter:card\" content=\"summary_large_image\" \/>\n<meta name=\"twitter:label1\" content=\"Tempo estimado de leitura\" \/>\n\t<meta name=\"twitter:data1\" content=\"2 minutos\" \/>\n<script type=\"application\/ld+json\" class=\"yoast-schema-graph\">{\"@context\":\"https:\/\/schema.org\",\"@graph\":[{\"@type\":\"WebPage\",\"@id\":\"https:\/\/www.hnhlcrane.com\/product\/lifting-electromagnet\/\",\"url\":\"https:\/\/www.hnhlcrane.com\/product\/lifting-electromagnet\/\",\"name\":\"Lifting Electromagnet \u2013 Efficient Crane & Industrial Lifting Magnet\",\"isPartOf\":{\"@id\":\"https:\/\/www.hnhlcrane.com\/#website\"},\"primaryImageOfPage\":{\"@id\":\"https:\/\/www.hnhlcrane.com\/product\/lifting-electromagnet\/#primaryimage\"},\"image\":{\"@id\":\"https:\/\/www.hnhlcrane.com\/product\/lifting-electromagnet\/#primaryimage\"},\"thumbnailUrl\":\"https:\/\/www.hnhlcrane.com\/wp-content\/uploads\/2024\/11\/Lifting-Electromagnet-1.jpg\",\"datePublished\":\"2024-11-25T17:03:18+00:00\",\"dateModified\":\"2025-09-10T02:47:44+00:00\",\"description\":\"Lifting electromagnets designed for maximum magnetic force, energy efficiency, and reliable performance in heavy-duty crane and industrial applications.\",\"breadcrumb\":{\"@id\":\"https:\/\/www.hnhlcrane.com\/product\/lifting-electromagnet\/#breadcrumb\"},\"inLanguage\":\"pt-PT\",\"potentialAction\":[{\"@type\":\"ReadAction\",\"target\":[\"https:\/\/www.hnhlcrane.com\/product\/lifting-electromagnet\/\"]}]},{\"@type\":\"ImageObject\",\"inLanguage\":\"pt-PT\",\"@id\":\"https:\/\/www.hnhlcrane.com\/product\/lifting-electromagnet\/#primaryimage\",\"url\":\"https:\/\/www.hnhlcrane.com\/wp-content\/uploads\/2024\/11\/Lifting-Electromagnet-1.jpg\",\"contentUrl\":\"https:\/\/www.hnhlcrane.com\/wp-content\/uploads\/2024\/11\/Lifting-Electromagnet-1.jpg\",\"width\":600,\"height\":600},{\"@type\":\"BreadcrumbList\",\"@id\":\"https:\/\/www.hnhlcrane.com\/product\/lifting-electromagnet\/#breadcrumb\",\"itemListElement\":[{\"@type\":\"ListItem\",\"position\":1,\"name\":\"home\",\"item\":\"https:\/\/www.hnhlcrane.com\/\"},{\"@type\":\"ListItem\",\"position\":2,\"name\":\"products\",\"item\":\"https:\/\/www.hnhlcrane.com\/products\/\"},{\"@type\":\"ListItem\",\"position\":3,\"name\":\"Lifting Electromagnet\"}]},{\"@type\":\"WebSite\",\"@id\":\"https:\/\/www.hnhlcrane.com\/#website\",\"url\":\"https:\/\/www.hnhlcrane.com\/\",\"name\":\"Crane Parts Supplier-HL Crame\",\"description\":\"One-stop solution for all your  crane parts needs,Crane Hook,Crane Drum,Crane Wheel,Crane Coupling,Crane Gearbox,Crane Motor,Crane Brake,Special Crane Spreader,Crane grab,Container spreader,Billet crane clamps,Crane C-type spreader,Lifting Electromagnet,Crane Rail Clips,Electric Hoist,FEM Standard Crane End Carriages,Light Crane Parts,Workstation Crane Parts,Crane Electrical Parts,I-beam cable trolley,Crane remote controller,Crane electrical control cabinet,Crane limit switch,Crane sound and light alarm,Heavy Duty Aviation Connector,Crane overload limiter,China Crane Parts Supplier,Crane hooks,Gantry crane hook,Crane accessories,Forged hook,hook processing,Hook manufacturer,China standard crane hook,electric hoist hook,Crane pulley,Hook pulley,Rolled pulley,Crane Pulley Supplier\uff0cEuropean hook pulley,Gantry crane hook pulley,WZL type crane drum,European style reel set,Crane reel,crane parts,Drum processing,crane drum manufacturer,Cast steel drum,Electric hoist drum,Crane drum assembly,DRS Wheel Blocks,European crane wheel,Forged wheels,Active wheel set,Driving wheel set,Driven wheel group,crane wheels manufacturer,Demag crane wheels,Konecranes Crane Wheels,Overhead crane Wheel,Shaft couplings,Power Transmission Couplings,Disc Couplings,Fluid couplings,Coupling manufacturer\uff0cCardan coupling,Crane Reducer,Crane Decelerators,Reducer gearbox,Reducer for crane,Gear Reducer For Crane,Hard tooth surface reducerCrane and hoist reducer,Flender reducer,Reducer manufacturer,ZQ reducer,QJ reducer,QJY reducer,Gear Motors,Konecranes reducer,F series three-in-one reducer,K series three-in-one reducer,travelling machinery,Travelling Motor With Gear,Gear Motor for Crane Traveling,Travelling machinery Frequency inverter motors,FEM standard Gear Motors,Crane motors,Inverter motors,Hoist motors,motorCrane duty motors,Special motor for crane,YZR YZP YZ series motors,Crane and hoist motor,Frequency conversion motor,Electro hydraulic drum brakes,Electro-hydraulic disc brakes,Brake,Overhead Crane Brakes,Disc brakes,Electromagnetic disk brake,Crane hydraulic disc brake,Brakes manufacturer,crane Safety brakes,Singlr rope grab,Four rope grab,Electro-hydraulic multi-flap grab,Orange peel grab,Electric motor grab,Electro-Hydraulicclamshell grab,grab manufacturers,Container spreader manufacturers,20ft Container Spreader,Semi Automatic container spreader,40ft Container Lifting Frame,TEC container Spreader,Billet lifting clamp,Billet Clamps,Billet crane clamps manufacturer,billet lifting clamps china supplier,Coil C-Type Hook,coil hook,Overhead Crane Steel Coil C-Type Hook,Crane C-hook,C-type spreader,C-type hook,Crane magnets,Rail fixing device,Crane Rail fixing device,crane Rail Clamp,CD\/MD Wire Rope Electric Hoist,Wire Rope Electric Hoist China Manufacturer,Single Girder Wire Rope Electric Hoist,Double Girder Wire Rope Electric Hoist,Chain Hoist,Electric chain hoist manufacturer,Electric chain hoist China distributor,European wire rope electric hoist\uff0cEuropean double beam wire rope electric hoist,European Style Single Beam Crane End Carriage,FEN\/DIN European Style Single Beam Crane End Carriage,Crane end beam manufacturers,European style hoist double beam crane end beam,Suspension crane end beam,European style suspended single beam crane end beam,FEN\/DIN Suspension crane end beam,crane cable trolley,Wireless remote control,remote controller,Crane control handle,Crane Controls,electrical control cabinet,crane control cabinet,Limit switch,Sound and light alarm,Aviation plug,quick connector,Crane aviation plug,Overload limiter\",\"publisher\":{\"@id\":\"https:\/\/www.hnhlcrane.com\/#organization\"},\"potentialAction\":[{\"@type\":\"SearchAction\",\"target\":{\"@type\":\"EntryPoint\",\"urlTemplate\":\"https:\/\/www.hnhlcrane.com\/?s={search_term_string}\"},\"query-input\":{\"@type\":\"PropertyValueSpecification\",\"valueRequired\":true,\"valueName\":\"search_term_string\"}}],\"inLanguage\":\"pt-PT\"},{\"@type\":\"Organization\",\"@id\":\"https:\/\/www.hnhlcrane.com\/#organization\",\"name\":\"Crane Parts Supplier-HL Crame\",\"url\":\"https:\/\/www.hnhlcrane.com\/\",\"logo\":{\"@type\":\"ImageObject\",\"inLanguage\":\"pt-PT\",\"@id\":\"https:\/\/www.hnhlcrane.com\/#\/schema\/logo\/image\/\",\"url\":\"https:\/\/www.hnhlcrane.com\/wp-content\/uploads\/2024\/09\/logo6-1-e1733899395598.png\",\"contentUrl\":\"https:\/\/www.hnhlcrane.com\/wp-content\/uploads\/2024\/09\/logo6-1-e1733899395598.png\",\"width\":1000,\"height\":282,\"caption\":\"Crane Parts Supplier-HL Crame\"},\"image\":{\"@id\":\"https:\/\/www.hnhlcrane.com\/#\/schema\/logo\/image\/\"}}]}<\/script>\n<!-- \/ Yoast SEO plugin. -->","yoast_head_json":{"title":"Eletro\u00edman de eleva\u00e7\u00e3o - Grua eficiente e \u00edman de eleva\u00e7\u00e3o industrial","description":"Electro\u00edmanes de eleva\u00e7\u00e3o concebidos para uma for\u00e7a magn\u00e9tica m\u00e1xima, efici\u00eancia energ\u00e9tica e desempenho fi\u00e1vel em gruas pesadas e aplica\u00e7\u00f5es industriais.","robots":{"index":"index","follow":"follow","max-snippet":"max-snippet:-1","max-image-preview":"max-image-preview:large","max-video-preview":"max-video-preview:-1"},"canonical":"https:\/\/www.hnhlcrane.com\/pt\/product\/eletroiman-de-elevacao\/","og_locale":"pt_PT","og_type":"article","og_title":"Lifting Electromagnet \u2013 Efficient Crane & Industrial Lifting Magnet","og_description":"Lifting electromagnets designed for maximum magnetic force, energy efficiency, and reliable performance in heavy-duty crane and industrial applications.","og_url":"https:\/\/www.hnhlcrane.com\/pt\/product\/eletroiman-de-elevacao\/","og_site_name":"Crane Parts Supplier-HL Crame","article_modified_time":"2025-09-10T02:47:44+00:00","og_image":[{"width":600,"height":600,"url":"https:\/\/www.hnhlcrane.com\/wp-content\/uploads\/2024\/11\/Lifting-Electromagnet-1.jpg","type":"image\/jpeg"}],"twitter_card":"summary_large_image","twitter_misc":{"Tempo estimado de leitura":"2 minutos"},"schema":{"@context":"https:\/\/schema.org","@graph":[{"@type":"WebPage","@id":"https:\/\/www.hnhlcrane.com\/product\/lifting-electromagnet\/","url":"https:\/\/www.hnhlcrane.com\/product\/lifting-electromagnet\/","name":"Eletro\u00edman de eleva\u00e7\u00e3o - Grua eficiente e \u00edman de eleva\u00e7\u00e3o industrial","isPartOf":{"@id":"https:\/\/www.hnhlcrane.com\/#website"},"primaryImageOfPage":{"@id":"https:\/\/www.hnhlcrane.com\/product\/lifting-electromagnet\/#primaryimage"},"image":{"@id":"https:\/\/www.hnhlcrane.com\/product\/lifting-electromagnet\/#primaryimage"},"thumbnailUrl":"https:\/\/www.hnhlcrane.com\/wp-content\/uploads\/2024\/11\/Lifting-Electromagnet-1.jpg","datePublished":"2024-11-25T17:03:18+00:00","dateModified":"2025-09-10T02:47:44+00:00","description":"Electro\u00edmanes de eleva\u00e7\u00e3o concebidos para uma for\u00e7a magn\u00e9tica m\u00e1xima, efici\u00eancia energ\u00e9tica e desempenho fi\u00e1vel em gruas pesadas e aplica\u00e7\u00f5es industriais.","breadcrumb":{"@id":"https:\/\/www.hnhlcrane.com\/product\/lifting-electromagnet\/#breadcrumb"},"inLanguage":"pt-PT","potentialAction":[{"@type":"ReadAction","target":["https:\/\/www.hnhlcrane.com\/product\/lifting-electromagnet\/"]}]},{"@type":"ImageObject","inLanguage":"pt-PT","@id":"https:\/\/www.hnhlcrane.com\/product\/lifting-electromagnet\/#primaryimage","url":"https:\/\/www.hnhlcrane.com\/wp-content\/uploads\/2024\/11\/Lifting-Electromagnet-1.jpg","contentUrl":"https:\/\/www.hnhlcrane.com\/wp-content\/uploads\/2024\/11\/Lifting-Electromagnet-1.jpg","width":600,"height":600},{"@type":"BreadcrumbList","@id":"https:\/\/www.hnhlcrane.com\/product\/lifting-electromagnet\/#breadcrumb","itemListElement":[{"@type":"ListItem","position":1,"name":"home","item":"https:\/\/www.hnhlcrane.com\/"},{"@type":"ListItem","position":2,"name":"products","item":"https:\/\/www.hnhlcrane.com\/products\/"},{"@type":"ListItem","position":3,"name":"Lifting Electromagnet"}]},{"@type":"WebSite","@id":"https:\/\/www.hnhlcrane.com\/#website","url":"https:\/\/www.hnhlcrane.com\/","name":"Fornecedor de pe\u00e7as para gruas-HL Crame","description":"Solu\u00e7\u00e3o \u00fanica para todas as suas necessidades de pe\u00e7as de guindaste, gancho de guindaste, tambor de guindaste, roda de guindaste, acoplamento de guindaste, caixa de engrenagens de guindaste, motor de guindaste, trav\u00e3o de guindaste, espalhador de guindaste especial, garra de guindaste, espalhador de contentor, bra\u00e7adeiras de guindaste de boleto, espalhador de guindaste tipo C,Eletro\u00edman de eleva\u00e7\u00e3o, clipes para carris de guindaste, guincho el\u00e9trico, carros terminais de guindaste padr\u00e3o FEM, pe\u00e7as leves para guindastes, pe\u00e7as para esta\u00e7\u00f5es de trabalho para guindastes, pe\u00e7as el\u00e9ctricas para guindastes, carrinho de cabos de viga em I, controlador remoto para guindastes, arm\u00e1rio de controlo el\u00e9trico para guindastes,Interruptor de limite do guindaste,Alarme de som e luz do guindaste,Conector de avia\u00e7\u00e3o pesada,Limitador de sobrecarga do guindaste,Fornecedor de pe\u00e7as de guindaste da China,Ganchos de guindaste,Gancho de p\u00f3rtico,Acess\u00f3rios de guindaste,Gancho forjado,Processamento de gancho,Fabricante de gancho,Gancho de guindaste padr\u00e3o da China,Gancho de guincho el\u00e9trico,Polia de guindaste,Polia de gancho,Polia laminada,Fornecedor de polia de guindaste,Polia de gancho europeu,Polia de gancho de p\u00f3rtico,Tambor de guindaste tipo WZL,Conjunto de bobina de estilo europeu,Bobina de guindaste,Pe\u00e7as de guindaste,Processamento de tambor,Fabricante de tambor de guindaste,Tambor de a\u00e7o fundido,Tambor de guincho el\u00e9trico,Montagem de tambor de guindaste,Blocos de roda DRS,Roda de guindaste europeu,Rodas forjadas,Conjunto de roda ativa,Conjunto de roda motriz,Grupo de roda motriz,Fabricante de rodas de guindaste,Rodas de guindaste Demag,Rodas de guindaste Konecranes,Roda de ponte rolante,Acoplamentos de eixo,Acoplamentos de transmiss\u00e3o de energia,Acoplamentos de disco,Acoplamentos de fluido,Fabricante de acoplamento,Acoplamento cardan,Redutor de guindaste,Redutor de guindaste,Redutor de guindaste,Redutor para guindaste,Redutor de engrenagem para guindaste,Redutor de superf\u00edcie de dente duro,Redutor de guindaste e guincho,Redutor de flender,Fabricante de redutor,Redutor ZQ,Redutor QJ,Redutor QJY,Motores de engrenagem,Redutor Konecranes,Redutor tr\u00eas-em-um s\u00e9rie F,Redutor tr\u00eas-em-um s\u00e9rie K,M\u00e1quinas de transla\u00e7\u00e3o,Motor de transla\u00e7\u00e3o com engrenagem,Motor de engrenagem para transla\u00e7\u00e3o de guindaste,M\u00e1quinas de transla\u00e7\u00e3o Motores de inversor de frequ\u00eancia,Motores de engrenagem padr\u00e3o FEM,Motores de guindaste,Motores inversores,Motores para guindaste,Motores para guindaste,Motores especiais para guindaste,Motores da s\u00e9rie YZR YZP YZ,Motor para guindaste e guincho,Motor de convers\u00e3o de frequ\u00eancia,Trav\u00f5es de tambor electro-hidr\u00e1ulicos,Trav\u00f5es de disco electro-hidr\u00e1ulicos,Trav\u00f5es,Trav\u00f5es de ponte rolante,Trav\u00f5es de disco,Trav\u00f5es de disco electromagn\u00e9ticos,Trav\u00f5es de disco hidr\u00e1ulicos para guindaste,Fabricante de trav\u00f5es,Trav\u00f5es de seguran\u00e7a para guindaste,Garra de corda simples,Garra de quatro cordas,Garra electro-hidr\u00e1ulica de m\u00faltiplas abas,Garra de casca de laranja,Garra de motor el\u00e9tricoPin\u00e7a electro-hidr\u00e1ulica, fabricantes de pin\u00e7as, fabricantes de espalhador de contentores, espalhador de contentores de 20 p\u00e9s, espalhador de contentores semi-autom\u00e1tico, estrutura de eleva\u00e7\u00e3o de contentores de 40 p\u00e9s, espalhador de contentores TEC, bra\u00e7adeira de eleva\u00e7\u00e3o de tarugos, bra\u00e7adeiras de tarugos, fabricante de bra\u00e7adeiras de guindaste de tarugos, fornecedor chin\u00eas de bra\u00e7adeiras de eleva\u00e7\u00e3o de tarugos, gancho tipo C de bobina, gancho de bobina, gancho tipo C de a\u00e7o de guindaste suspenso, gancho tipo C, espalhador tipo C, gancho tipo C, \u00edmanes de guindaste, dispositivo de fixa\u00e7\u00e3o de carris,Dispositivo de fixa\u00e7\u00e3o de trilho de guindaste,Bra\u00e7adeira de trilho de guindaste,Talha el\u00e9trica de cabo de a\u00e7o CD\/MD,Talha el\u00e9trica de cabo de a\u00e7o,Talha el\u00e9trica de cabo de a\u00e7o de viga \u00fanica,Talha el\u00e9trica de cabo de a\u00e7o de viga dupla,Talha de corrente,Fabricante de talha el\u00e9trica de corrente,Talha el\u00e9trica de corrente,Distribuidor na China,Talha el\u00e9trica de cabo de a\u00e7o europeia,Talha el\u00e9trica de cabo de a\u00e7o de viga dupla europeia,Carro de extremidade de guindaste de viga \u00fanica de estilo europeu,Carro de extremidade de guindaste de viga \u00fanica de estilo europeu FEN\/DIN,Fabricante de viga de extremidade de guindaste, viga de extremidade de guindaste de viga dupla de guincho de estilo europeu, viga de extremidade de guindaste de viga \u00fanica suspensa de estilo europeu, viga de extremidade de guindaste de viga \u00fanica suspensa FEN\/DIN, carrinho de cabo de guindaste, controle remoto sem fio, controle remoto, al\u00e7a de controle de guindaste, controles de guindaste, gabinete de controle el\u00e9trico, gabinete de controle de guindaste, interrutor de limite, alarme sonoro e luminoso, plugue de avia\u00e7\u00e3o, conetor r\u00e1pido, plugue de avia\u00e7\u00e3o de guindaste, limitador de sobrecarga","publisher":{"@id":"https:\/\/www.hnhlcrane.com\/#organization"},"potentialAction":[{"@type":"SearchAction","target":{"@type":"EntryPoint","urlTemplate":"https:\/\/www.hnhlcrane.com\/?s={search_term_string}"},"query-input":{"@type":"PropertyValueSpecification","valueRequired":true,"valueName":"search_term_string"}}],"inLanguage":"pt-PT"},{"@type":"Organization","@id":"https:\/\/www.hnhlcrane.com\/#organization","name":"Fornecedor de pe\u00e7as para gruas-HL Crame","url":"https:\/\/www.hnhlcrane.com\/","logo":{"@type":"ImageObject","inLanguage":"pt-PT","@id":"https:\/\/www.hnhlcrane.com\/#\/schema\/logo\/image\/","url":"https:\/\/www.hnhlcrane.com\/wp-content\/uploads\/2024\/09\/logo6-1-e1733899395598.png","contentUrl":"https:\/\/www.hnhlcrane.com\/wp-content\/uploads\/2024\/09\/logo6-1-e1733899395598.png","width":1000,"height":282,"caption":"Crane Parts Supplier-HL Crame"},"image":{"@id":"https:\/\/www.hnhlcrane.com\/#\/schema\/logo\/image\/"}}]}},"_links":{"self":[{"href":"https:\/\/www.hnhlcrane.com\/pt\/wp-json\/wp\/v2\/product\/5487","targetHints":{"allow":["GET"]}}],"collection":[{"href":"https:\/\/www.hnhlcrane.com\/pt\/wp-json\/wp\/v2\/product"}],"about":[{"href":"https:\/\/www.hnhlcrane.com\/pt\/wp-json\/wp\/v2\/types\/product"}],"version-history":[{"count":2,"href":"https:\/\/www.hnhlcrane.com\/pt\/wp-json\/wp\/v2\/product\/5487\/revisions"}],"predecessor-version":[{"id":6957,"href":"https:\/\/www.hnhlcrane.com\/pt\/wp-json\/wp\/v2\/product\/5487\/revisions\/6957"}],"wp:featuredmedia":[{"embeddable":true,"href":"https:\/\/www.hnhlcrane.com\/pt\/wp-json\/wp\/v2\/media\/5488"}],"wp:attachment":[{"href":"https:\/\/www.hnhlcrane.com\/pt\/wp-json\/wp\/v2\/media?parent=5487"}],"wp:term":[{"taxonomy":"product_brand","embeddable":true,"href":"https:\/\/www.hnhlcrane.com\/pt\/wp-json\/wp\/v2\/product_brand?post=5487"},{"taxonomy":"product_cat","embeddable":true,"href":"https:\/\/www.hnhlcrane.com\/pt\/wp-json\/wp\/v2\/product_cat?post=5487"},{"taxonomy":"product_tag","embeddable":true,"href":"https:\/\/www.hnhlcrane.com\/pt\/wp-json\/wp\/v2\/product_tag?post=5487"}],"curies":[{"name":"wp","href":"https:\/\/api.w.org\/{rel}","templated":true}]}}