{"id":4915,"date":"2024-11-08T16:24:37","date_gmt":"2024-11-08T08:24:37","guid":{"rendered":"https:\/\/www.hnhlcrane.com\/?post_type=product&#038;p=4915"},"modified":"2025-09-20T22:33:08","modified_gmt":"2025-09-20T14:33:08","slug":"acoplamento-da-roda-do-travao-da-grua","status":"publish","type":"product","link":"https:\/\/www.hnhlcrane.com\/pt\/product\/acoplamento-da-roda-do-travao-da-grua\/","title":{"rendered":"Acoplamento da roda do trav\u00e3o da grua"},"content":{"rendered":"<p>O acoplamento da roda de trav\u00e3o da grua \u00e9 um componente mec\u00e2nico cr\u00edtico utilizado para ligar os veios de condu\u00e7\u00e3o e de acionamento de uma grua, permitindo-lhes rodar em conjunto para transmitir o bin\u00e1rio. Este acoplamento n\u00e3o s\u00f3 desempenha o papel de transmitir pot\u00eancia e movimento, como tamb\u00e9m fornece um n\u00edvel de prote\u00e7\u00e3o contra sobrecarga para evitar uma carga excessiva na maquinaria ligada. Durante a opera\u00e7\u00e3o da grua, o acoplamento da roda de trav\u00e3o tem uma fun\u00e7\u00e3o vital para garantir a seguran\u00e7a e a efici\u00eancia das opera\u00e7\u00f5es de eleva\u00e7\u00e3o.<\/p>\n<p>Ao conceber e fabricar o<a href=\"https:\/\/www.hnhlcrane.com\/pt\/produtos\/acoplamento-de-grua\/\" target=\"_blank\" rel=\"noopener\"> acoplamento da roda do trav\u00e3o da grua<\/a>Para garantir o seu desempenho e fiabilidade, s\u00e3o tidos em conta v\u00e1rios factores. Em primeiro lugar, tem de suportar o bin\u00e1rio significativo gerado durante as opera\u00e7\u00f5es de eleva\u00e7\u00e3o, sendo tamb\u00e9m dur\u00e1vel e est\u00e1vel. Al\u00e9m disso, devido \u00e0s condi\u00e7\u00f5es de funcionamento \u00fanicas que as gruas enfrentam, este acoplamento necessita de uma excelente resist\u00eancia ao desgaste e \u00e0 corros\u00e3o para se adaptar a v\u00e1rios ambientes de trabalho complexos.<\/p>\n<p>Ao selecionar e utilizar um acoplamento de roda de trav\u00e3o, \u00e9 essencial considerar v\u00e1rios factores, incluindo o tamanho e a natureza da carga, o alinhamento do eixo e o ambiente de trabalho. Por exemplo, nos casos em que a carga \u00e9 est\u00e1vel e os eixos est\u00e3o precisamente alinhados, um acoplamento r\u00edgido pode ser adequado. No entanto, em cen\u00e1rios com grandes flutua\u00e7\u00f5es de carga ou opera\u00e7\u00f5es frequentes de arranque e paragem, \u00e9 prefer\u00edvel um acoplamento flex\u00edvel com elementos amortecedores e de amortecimento de vibra\u00e7\u00f5es. Adicionalmente, factores ambientais espec\u00edficos, tais como temperaturas altas ou baixas ou a presen\u00e7a de \u00f3leo, \u00e1cidos ou \u00e1lcalis, devem ser considerados para evitar a escolha de materiais e estruturas inadequados.<\/p>\n<p>Em resumo, o acoplamento da roda do trav\u00e3o \u00e9 uma parte indispens\u00e1vel do sistema de uma grua e o seu desempenho e fiabilidade t\u00eam um impacto direto no funcionamento seguro e na efici\u00eancia de trabalho da grua. Por isso, \u00e9 fundamental selecionar e utilizar o tipo de acoplamento correto.<\/p>\n<p><img fetchpriority=\"high\" decoding=\"async\" class=\"wp-image-4929 alignleft\" src=\"https:\/\/www.hnhlcrane.com\/wp-content\/uploads\/2024\/11\/Crane-brake-wheel-coupling-300x204.jpg\" alt=\"\" width=\"1101\" height=\"748\" srcset=\"https:\/\/www.hnhlcrane.com\/wp-content\/uploads\/2024\/11\/Crane-brake-wheel-coupling-300x204.jpg 300w, https:\/\/www.hnhlcrane.com\/wp-content\/uploads\/2024\/11\/Crane-brake-wheel-coupling-768x523.jpg 768w, https:\/\/www.hnhlcrane.com\/wp-content\/uploads\/2024\/11\/Crane-brake-wheel-coupling-600x409.jpg 600w\" sizes=\"(max-width: 1101px) 100vw, 1101px\" \/><\/p>","protected":false},"excerpt":{"rendered":"<p><strong>Par\u00e2metros de acoplamento da roda do trav\u00e3o da grua:<\/strong><\/p>\n<ul>\n<li><strong>Bin\u00e1rio m\u00e1ximo admiss\u00edvel:<\/strong> 630 Nm a 125.000 Nm<\/li>\n<li><strong>Velocidade m\u00e1xima:<\/strong> 4000 rpm a 950 rpm<\/li>\n<li><strong>Di\u00e2metro da roda de trav\u00e3o:<\/strong> \u2205160, \u2205200, \u2205250, \u2205300, \u2205315, \u2205400, \u2205500, \u2205600, \u2205630, \u2205700, \u2205800<\/li>\n<li><strong>Material do acoplamento:<\/strong> ZG430-640, a\u00e7o 45<\/li>\n<li><strong>Tipo de acoplamento:<\/strong> Roda de trav\u00e3o com acoplamento de meio dente<\/li>\n<li><strong>Op\u00e7\u00f5es personalizadas:<\/strong> Pode fornecer os seus pr\u00f3prios desenhos, e n\u00f3s fabricaremos de acordo com as dimens\u00f5es especificadas.<\/li>\n<\/ul>","protected":false},"featured_media":4969,"template":"","meta":{"_kad_post_transparent":"default","_kad_post_title":"","_kad_post_layout":"default","_kad_post_sidebar_id":"","_kad_post_content_style":"default","_kad_post_vertical_padding":"show","_kad_post_feature":"","_kad_post_feature_position":"","_kad_post_header":false,"_kad_post_footer":false},"product_brand":[],"product_cat":[54],"product_tag":[131,135,127,132,126,73,129,121,128,72,124,130,125,134,123,122,133],"class_list":{"0":"post-4915","1":"product","2":"type-product","3":"status-publish","4":"has-post-thumbnail","6":"product_cat-crane-coupling","7":"product_tag-brake-wheel-drum-gear-coupling","8":"product_tag-brake-wheel-plum-elastic-coupling","9":"product_tag-cardan-coupling","10":"product_tag-cardan-shaft-coupling","11":"product_tag-coupling-manufacturer","12":"product_tag-crane-accessories","13":"product_tag-crane-brake-wheel-coupling","14":"product_tag-crane-coupling","15":"product_tag-crane-gear-couplings","16":"product_tag-crane-parts","17":"product_tag-disc-couplings","18":"product_tag-drum-gear-couplings","19":"product_tag-fluid-couplings","20":"product_tag-plum-blossom-elastic-coupling","21":"product_tag-power-transmission-couplings","22":"product_tag-shaft-couplings","23":"product_tag-wzl-drum-coupling","25":"first","26":"instock","27":"shipping-taxable","28":"product-type-simple","29":"entry","30":"content-bg","31":"loop-entry"},"yoast_head":"<!-- This site is optimized with the Yoast SEO plugin v25.6 - https:\/\/yoast.com\/wordpress\/plugins\/seo\/ -->\n<title>Crane Brake Wheel Coupling | Buy Durable &amp; Reliable Crane Parts<\/title>\n<meta name=\"description\" content=\"Buy durable crane brake wheel coupling for overhead and gantry cranes. HLCRANE ensures smooth braking and long-lasting performance.\" \/>\n<meta name=\"robots\" content=\"index, follow, max-snippet:-1, max-image-preview:large, max-video-preview:-1\" \/>\n<link rel=\"canonical\" href=\"https:\/\/www.hnhlcrane.com\/pt\/product\/acoplamento-da-roda-do-travao-da-grua\/\" \/>\n<meta property=\"og:locale\" content=\"pt_PT\" \/>\n<meta property=\"og:type\" content=\"article\" \/>\n<meta property=\"og:title\" content=\"Crane Brake Wheel Coupling | Buy Durable &amp; Reliable Crane Parts\" \/>\n<meta property=\"og:description\" content=\"Buy durable crane brake wheel coupling for overhead and gantry cranes. HLCRANE ensures smooth braking and long-lasting performance.\" \/>\n<meta property=\"og:url\" content=\"https:\/\/www.hnhlcrane.com\/pt\/product\/acoplamento-da-roda-do-travao-da-grua\/\" \/>\n<meta property=\"og:site_name\" content=\"Crane Parts Supplier-HL Crame\" \/>\n<meta property=\"article:modified_time\" content=\"2025-09-20T14:33:08+00:00\" \/>\n<meta property=\"og:image\" content=\"https:\/\/www.hnhlcrane.com\/wp-content\/uploads\/2024\/11\/Brake-wheel-drum-gear-coupling-1.jpg\" \/>\n\t<meta property=\"og:image:width\" content=\"600\" \/>\n\t<meta property=\"og:image:height\" content=\"600\" \/>\n\t<meta property=\"og:image:type\" content=\"image\/jpeg\" \/>\n<meta name=\"twitter:card\" content=\"summary_large_image\" \/>\n<meta name=\"twitter:label1\" content=\"Tempo estimado de leitura\" \/>\n\t<meta name=\"twitter:data1\" content=\"2 minutos\" \/>\n<script type=\"application\/ld+json\" class=\"yoast-schema-graph\">{\"@context\":\"https:\/\/schema.org\",\"@graph\":[{\"@type\":\"WebPage\",\"@id\":\"https:\/\/www.hnhlcrane.com\/product\/crane-brake-wheel-coupling\/\",\"url\":\"https:\/\/www.hnhlcrane.com\/product\/crane-brake-wheel-coupling\/\",\"name\":\"Crane Brake Wheel Coupling | Buy Durable & Reliable Crane Parts\",\"isPartOf\":{\"@id\":\"https:\/\/www.hnhlcrane.com\/#website\"},\"primaryImageOfPage\":{\"@id\":\"https:\/\/www.hnhlcrane.com\/product\/crane-brake-wheel-coupling\/#primaryimage\"},\"image\":{\"@id\":\"https:\/\/www.hnhlcrane.com\/product\/crane-brake-wheel-coupling\/#primaryimage\"},\"thumbnailUrl\":\"https:\/\/www.hnhlcrane.com\/wp-content\/uploads\/2024\/11\/Brake-wheel-drum-gear-coupling-1.jpg\",\"datePublished\":\"2024-11-08T08:24:37+00:00\",\"dateModified\":\"2025-09-20T14:33:08+00:00\",\"description\":\"Buy durable crane brake wheel coupling for overhead and gantry cranes. HLCRANE ensures smooth braking and long-lasting performance.\",\"breadcrumb\":{\"@id\":\"https:\/\/www.hnhlcrane.com\/product\/crane-brake-wheel-coupling\/#breadcrumb\"},\"inLanguage\":\"pt-PT\",\"potentialAction\":[{\"@type\":\"ReadAction\",\"target\":[\"https:\/\/www.hnhlcrane.com\/product\/crane-brake-wheel-coupling\/\"]}]},{\"@type\":\"ImageObject\",\"inLanguage\":\"pt-PT\",\"@id\":\"https:\/\/www.hnhlcrane.com\/product\/crane-brake-wheel-coupling\/#primaryimage\",\"url\":\"https:\/\/www.hnhlcrane.com\/wp-content\/uploads\/2024\/11\/Brake-wheel-drum-gear-coupling-1.jpg\",\"contentUrl\":\"https:\/\/www.hnhlcrane.com\/wp-content\/uploads\/2024\/11\/Brake-wheel-drum-gear-coupling-1.jpg\",\"width\":600,\"height\":600},{\"@type\":\"BreadcrumbList\",\"@id\":\"https:\/\/www.hnhlcrane.com\/product\/crane-brake-wheel-coupling\/#breadcrumb\",\"itemListElement\":[{\"@type\":\"ListItem\",\"position\":1,\"name\":\"home\",\"item\":\"https:\/\/www.hnhlcrane.com\/\"},{\"@type\":\"ListItem\",\"position\":2,\"name\":\"products\",\"item\":\"https:\/\/www.hnhlcrane.com\/products\/\"},{\"@type\":\"ListItem\",\"position\":3,\"name\":\"Crane brake wheel coupling\"}]},{\"@type\":\"WebSite\",\"@id\":\"https:\/\/www.hnhlcrane.com\/#website\",\"url\":\"https:\/\/www.hnhlcrane.com\/\",\"name\":\"Crane Parts Supplier-HL Crame\",\"description\":\"One-stop solution for all your  crane parts needs,Crane Hook,Crane Drum,Crane Wheel,Crane Coupling,Crane Gearbox,Crane Motor,Crane Brake,Special Crane Spreader,Crane grab,Container spreader,Billet crane clamps,Crane C-type spreader,Lifting Electromagnet,Crane Rail Clips,Electric Hoist,FEM Standard Crane End Carriages,Light Crane Parts,Workstation Crane Parts,Crane Electrical Parts,I-beam cable trolley,Crane remote controller,Crane electrical control cabinet,Crane limit switch,Crane sound and light alarm,Heavy Duty Aviation Connector,Crane overload limiter,China Crane Parts Supplier,Crane hooks,Gantry crane hook,Crane accessories,Forged hook,hook processing,Hook manufacturer,China standard crane hook,electric hoist hook,Crane pulley,Hook pulley,Rolled pulley,Crane Pulley Supplier\uff0cEuropean hook pulley,Gantry crane hook pulley,WZL type crane drum,European style reel set,Crane reel,crane parts,Drum processing,crane drum manufacturer,Cast steel drum,Electric hoist drum,Crane drum assembly,DRS Wheel Blocks,European crane wheel,Forged wheels,Active wheel set,Driving wheel set,Driven wheel group,crane wheels manufacturer,Demag crane wheels,Konecranes Crane Wheels,Overhead crane Wheel,Shaft couplings,Power Transmission Couplings,Disc Couplings,Fluid couplings,Coupling manufacturer\uff0cCardan coupling,Crane Reducer,Crane Decelerators,Reducer gearbox,Reducer for crane,Gear Reducer For Crane,Hard tooth surface reducerCrane and hoist reducer,Flender reducer,Reducer manufacturer,ZQ reducer,QJ reducer,QJY reducer,Gear Motors,Konecranes reducer,F series three-in-one reducer,K series three-in-one reducer,travelling machinery,Travelling Motor With Gear,Gear Motor for Crane Traveling,Travelling machinery Frequency inverter motors,FEM standard Gear Motors,Crane motors,Inverter motors,Hoist motors,motorCrane duty motors,Special motor for crane,YZR YZP YZ series motors,Crane and hoist motor,Frequency conversion motor,Electro hydraulic drum brakes,Electro-hydraulic disc brakes,Brake,Overhead Crane Brakes,Disc brakes,Electromagnetic disk brake,Crane hydraulic disc brake,Brakes manufacturer,crane Safety brakes,Singlr rope grab,Four rope grab,Electro-hydraulic multi-flap grab,Orange peel grab,Electric motor grab,Electro-Hydraulicclamshell grab,grab manufacturers,Container spreader manufacturers,20ft Container Spreader,Semi Automatic container spreader,40ft Container Lifting Frame,TEC container Spreader,Billet lifting clamp,Billet Clamps,Billet crane clamps manufacturer,billet lifting clamps china supplier,Coil C-Type Hook,coil hook,Overhead Crane Steel Coil C-Type Hook,Crane C-hook,C-type spreader,C-type hook,Crane magnets,Rail fixing device,Crane Rail fixing device,crane Rail Clamp,CD\/MD Wire Rope Electric Hoist,Wire Rope Electric Hoist China Manufacturer,Single Girder Wire Rope Electric Hoist,Double Girder Wire Rope Electric Hoist,Chain Hoist,Electric chain hoist manufacturer,Electric chain hoist China distributor,European wire rope electric hoist\uff0cEuropean double beam wire rope electric hoist,European Style Single Beam Crane End Carriage,FEN\/DIN European Style Single Beam Crane End Carriage,Crane end beam manufacturers,European style hoist double beam crane end beam,Suspension crane end beam,European style suspended single beam crane end beam,FEN\/DIN Suspension crane end beam,crane cable trolley,Wireless remote control,remote controller,Crane control handle,Crane Controls,electrical control cabinet,crane control cabinet,Limit switch,Sound and light alarm,Aviation plug,quick connector,Crane aviation plug,Overload limiter\",\"publisher\":{\"@id\":\"https:\/\/www.hnhlcrane.com\/#organization\"},\"potentialAction\":[{\"@type\":\"SearchAction\",\"target\":{\"@type\":\"EntryPoint\",\"urlTemplate\":\"https:\/\/www.hnhlcrane.com\/?s={search_term_string}\"},\"query-input\":{\"@type\":\"PropertyValueSpecification\",\"valueRequired\":true,\"valueName\":\"search_term_string\"}}],\"inLanguage\":\"pt-PT\"},{\"@type\":\"Organization\",\"@id\":\"https:\/\/www.hnhlcrane.com\/#organization\",\"name\":\"Crane Parts Supplier-HL Crame\",\"url\":\"https:\/\/www.hnhlcrane.com\/\",\"logo\":{\"@type\":\"ImageObject\",\"inLanguage\":\"pt-PT\",\"@id\":\"https:\/\/www.hnhlcrane.com\/#\/schema\/logo\/image\/\",\"url\":\"https:\/\/www.hnhlcrane.com\/wp-content\/uploads\/2024\/09\/logo6-1-e1733899395598.png\",\"contentUrl\":\"https:\/\/www.hnhlcrane.com\/wp-content\/uploads\/2024\/09\/logo6-1-e1733899395598.png\",\"width\":1000,\"height\":282,\"caption\":\"Crane Parts Supplier-HL Crame\"},\"image\":{\"@id\":\"https:\/\/www.hnhlcrane.com\/#\/schema\/logo\/image\/\"}}]}<\/script>\n<!-- \/ Yoast SEO plugin. -->","yoast_head_json":{"title":"Acoplamento de roda de freio de guindaste | Comprar pe\u00e7as de guindaste dur\u00e1veis e confi\u00e1veis","description":"Compre um acoplamento dur\u00e1vel da roda do trav\u00e3o da grua para pontes rolantes e p\u00f3rticos. A HLCRANE assegura uma travagem suave e um desempenho duradouro.","robots":{"index":"index","follow":"follow","max-snippet":"max-snippet:-1","max-image-preview":"max-image-preview:large","max-video-preview":"max-video-preview:-1"},"canonical":"https:\/\/www.hnhlcrane.com\/pt\/product\/acoplamento-da-roda-do-travao-da-grua\/","og_locale":"pt_PT","og_type":"article","og_title":"Crane Brake Wheel Coupling | Buy Durable & Reliable Crane Parts","og_description":"Buy durable crane brake wheel coupling for overhead and gantry cranes. HLCRANE ensures smooth braking and long-lasting performance.","og_url":"https:\/\/www.hnhlcrane.com\/pt\/product\/acoplamento-da-roda-do-travao-da-grua\/","og_site_name":"Crane Parts Supplier-HL Crame","article_modified_time":"2025-09-20T14:33:08+00:00","og_image":[{"width":600,"height":600,"url":"https:\/\/www.hnhlcrane.com\/wp-content\/uploads\/2024\/11\/Brake-wheel-drum-gear-coupling-1.jpg","type":"image\/jpeg"}],"twitter_card":"summary_large_image","twitter_misc":{"Tempo estimado de leitura":"2 minutos"},"schema":{"@context":"https:\/\/schema.org","@graph":[{"@type":"WebPage","@id":"https:\/\/www.hnhlcrane.com\/product\/crane-brake-wheel-coupling\/","url":"https:\/\/www.hnhlcrane.com\/product\/crane-brake-wheel-coupling\/","name":"Acoplamento de roda de freio de guindaste | Comprar pe\u00e7as de guindaste dur\u00e1veis e confi\u00e1veis","isPartOf":{"@id":"https:\/\/www.hnhlcrane.com\/#website"},"primaryImageOfPage":{"@id":"https:\/\/www.hnhlcrane.com\/product\/crane-brake-wheel-coupling\/#primaryimage"},"image":{"@id":"https:\/\/www.hnhlcrane.com\/product\/crane-brake-wheel-coupling\/#primaryimage"},"thumbnailUrl":"https:\/\/www.hnhlcrane.com\/wp-content\/uploads\/2024\/11\/Brake-wheel-drum-gear-coupling-1.jpg","datePublished":"2024-11-08T08:24:37+00:00","dateModified":"2025-09-20T14:33:08+00:00","description":"Compre um acoplamento dur\u00e1vel da roda do trav\u00e3o da grua para pontes rolantes e p\u00f3rticos. A HLCRANE assegura uma travagem suave e um desempenho duradouro.","breadcrumb":{"@id":"https:\/\/www.hnhlcrane.com\/product\/crane-brake-wheel-coupling\/#breadcrumb"},"inLanguage":"pt-PT","potentialAction":[{"@type":"ReadAction","target":["https:\/\/www.hnhlcrane.com\/product\/crane-brake-wheel-coupling\/"]}]},{"@type":"ImageObject","inLanguage":"pt-PT","@id":"https:\/\/www.hnhlcrane.com\/product\/crane-brake-wheel-coupling\/#primaryimage","url":"https:\/\/www.hnhlcrane.com\/wp-content\/uploads\/2024\/11\/Brake-wheel-drum-gear-coupling-1.jpg","contentUrl":"https:\/\/www.hnhlcrane.com\/wp-content\/uploads\/2024\/11\/Brake-wheel-drum-gear-coupling-1.jpg","width":600,"height":600},{"@type":"BreadcrumbList","@id":"https:\/\/www.hnhlcrane.com\/product\/crane-brake-wheel-coupling\/#breadcrumb","itemListElement":[{"@type":"ListItem","position":1,"name":"home","item":"https:\/\/www.hnhlcrane.com\/"},{"@type":"ListItem","position":2,"name":"products","item":"https:\/\/www.hnhlcrane.com\/products\/"},{"@type":"ListItem","position":3,"name":"Crane brake wheel coupling"}]},{"@type":"WebSite","@id":"https:\/\/www.hnhlcrane.com\/#website","url":"https:\/\/www.hnhlcrane.com\/","name":"Fornecedor de pe\u00e7as para gruas-HL Crame","description":"Solu\u00e7\u00e3o \u00fanica para todas as suas necessidades de pe\u00e7as de guindaste, gancho de guindaste, tambor de guindaste, roda de guindaste, acoplamento de guindaste, caixa de engrenagens de guindaste, motor de guindaste, trav\u00e3o de guindaste, espalhador de guindaste especial, garra de guindaste, espalhador de contentor, bra\u00e7adeiras de guindaste de boleto, espalhador de guindaste tipo C,Eletro\u00edman de eleva\u00e7\u00e3o, clipes para carris de guindaste, guincho el\u00e9trico, carros terminais de guindaste padr\u00e3o FEM, pe\u00e7as leves para guindastes, pe\u00e7as para esta\u00e7\u00f5es de trabalho para guindastes, pe\u00e7as el\u00e9ctricas para guindastes, carrinho de cabos de viga em I, controlador remoto para guindastes, arm\u00e1rio de controlo el\u00e9trico para guindastes,Interruptor de limite do guindaste,Alarme de som e luz do guindaste,Conector de avia\u00e7\u00e3o pesada,Limitador de sobrecarga do guindaste,Fornecedor de pe\u00e7as de guindaste da China,Ganchos de guindaste,Gancho de p\u00f3rtico,Acess\u00f3rios de guindaste,Gancho forjado,Processamento de gancho,Fabricante de gancho,Gancho de guindaste padr\u00e3o da China,Gancho de guincho el\u00e9trico,Polia de guindaste,Polia de gancho,Polia laminada,Fornecedor de polia de guindaste,Polia de gancho europeu,Polia de gancho de p\u00f3rtico,Tambor de guindaste tipo WZL,Conjunto de bobina de estilo europeu,Bobina de guindaste,Pe\u00e7as de guindaste,Processamento de tambor,Fabricante de tambor de guindaste,Tambor de a\u00e7o fundido,Tambor de guincho el\u00e9trico,Montagem de tambor de guindaste,Blocos de roda DRS,Roda de guindaste europeu,Rodas forjadas,Conjunto de roda ativa,Conjunto de roda motriz,Grupo de roda motriz,Fabricante de rodas de guindaste,Rodas de guindaste Demag,Rodas de guindaste Konecranes,Roda de ponte rolante,Acoplamentos de eixo,Acoplamentos de transmiss\u00e3o de energia,Acoplamentos de disco,Acoplamentos de fluido,Fabricante de acoplamento,Acoplamento cardan,Redutor de guindaste,Redutor de guindaste,Redutor de guindaste,Redutor para guindaste,Redutor de engrenagem para guindaste,Redutor de superf\u00edcie de dente duro,Redutor de guindaste e guincho,Redutor de flender,Fabricante de redutor,Redutor ZQ,Redutor QJ,Redutor QJY,Motores de engrenagem,Redutor Konecranes,Redutor tr\u00eas-em-um s\u00e9rie F,Redutor tr\u00eas-em-um s\u00e9rie K,M\u00e1quinas de transla\u00e7\u00e3o,Motor de transla\u00e7\u00e3o com engrenagem,Motor de engrenagem para transla\u00e7\u00e3o de guindaste,M\u00e1quinas de transla\u00e7\u00e3o Motores de inversor de frequ\u00eancia,Motores de engrenagem padr\u00e3o FEM,Motores de guindaste,Motores inversores,Motores para guindaste,Motores para guindaste,Motores especiais para guindaste,Motores da s\u00e9rie YZR YZP YZ,Motor para guindaste e guincho,Motor de convers\u00e3o de frequ\u00eancia,Trav\u00f5es de tambor electro-hidr\u00e1ulicos,Trav\u00f5es de disco electro-hidr\u00e1ulicos,Trav\u00f5es,Trav\u00f5es de ponte rolante,Trav\u00f5es de disco,Trav\u00f5es de disco electromagn\u00e9ticos,Trav\u00f5es de disco hidr\u00e1ulicos para guindaste,Fabricante de trav\u00f5es,Trav\u00f5es de seguran\u00e7a para guindaste,Garra de corda simples,Garra de quatro cordas,Garra electro-hidr\u00e1ulica de m\u00faltiplas abas,Garra de casca de laranja,Garra de motor el\u00e9tricoPin\u00e7a electro-hidr\u00e1ulica, fabricantes de pin\u00e7as, fabricantes de espalhador de contentores, espalhador de contentores de 20 p\u00e9s, espalhador de contentores semi-autom\u00e1tico, estrutura de eleva\u00e7\u00e3o de contentores de 40 p\u00e9s, espalhador de contentores TEC, bra\u00e7adeira de eleva\u00e7\u00e3o de tarugos, bra\u00e7adeiras de tarugos, fabricante de bra\u00e7adeiras de guindaste de tarugos, fornecedor chin\u00eas de bra\u00e7adeiras de eleva\u00e7\u00e3o de tarugos, gancho tipo C de bobina, gancho de bobina, gancho tipo C de a\u00e7o de guindaste suspenso, gancho tipo C, espalhador tipo C, gancho tipo C, \u00edmanes de guindaste, dispositivo de fixa\u00e7\u00e3o de carris,Dispositivo de fixa\u00e7\u00e3o de trilho de guindaste,Bra\u00e7adeira de trilho de guindaste,Talha el\u00e9trica de cabo de a\u00e7o CD\/MD,Talha el\u00e9trica de cabo de a\u00e7o,Talha el\u00e9trica de cabo de a\u00e7o de viga \u00fanica,Talha el\u00e9trica de cabo de a\u00e7o de viga dupla,Talha de corrente,Fabricante de talha el\u00e9trica de corrente,Talha el\u00e9trica de corrente,Distribuidor na China,Talha el\u00e9trica de cabo de a\u00e7o europeia,Talha el\u00e9trica de cabo de a\u00e7o de viga dupla europeia,Carro de extremidade de guindaste de viga \u00fanica de estilo europeu,Carro de extremidade de guindaste de viga \u00fanica de estilo europeu FEN\/DIN,Fabricante de viga de extremidade de guindaste, viga de extremidade de guindaste de viga dupla de guincho de estilo europeu, viga de extremidade de guindaste de viga \u00fanica suspensa de estilo europeu, viga de extremidade de guindaste de viga \u00fanica suspensa FEN\/DIN, carrinho de cabo de guindaste, controle remoto sem fio, controle remoto, al\u00e7a de controle de guindaste, controles de guindaste, gabinete de controle el\u00e9trico, gabinete de controle de guindaste, interrutor de limite, alarme sonoro e luminoso, plugue de avia\u00e7\u00e3o, conetor r\u00e1pido, plugue de avia\u00e7\u00e3o de guindaste, limitador de sobrecarga","publisher":{"@id":"https:\/\/www.hnhlcrane.com\/#organization"},"potentialAction":[{"@type":"SearchAction","target":{"@type":"EntryPoint","urlTemplate":"https:\/\/www.hnhlcrane.com\/?s={search_term_string}"},"query-input":{"@type":"PropertyValueSpecification","valueRequired":true,"valueName":"search_term_string"}}],"inLanguage":"pt-PT"},{"@type":"Organization","@id":"https:\/\/www.hnhlcrane.com\/#organization","name":"Fornecedor de pe\u00e7as para gruas-HL Crame","url":"https:\/\/www.hnhlcrane.com\/","logo":{"@type":"ImageObject","inLanguage":"pt-PT","@id":"https:\/\/www.hnhlcrane.com\/#\/schema\/logo\/image\/","url":"https:\/\/www.hnhlcrane.com\/wp-content\/uploads\/2024\/09\/logo6-1-e1733899395598.png","contentUrl":"https:\/\/www.hnhlcrane.com\/wp-content\/uploads\/2024\/09\/logo6-1-e1733899395598.png","width":1000,"height":282,"caption":"Crane Parts Supplier-HL Crame"},"image":{"@id":"https:\/\/www.hnhlcrane.com\/#\/schema\/logo\/image\/"}}]}},"_links":{"self":[{"href":"https:\/\/www.hnhlcrane.com\/pt\/wp-json\/wp\/v2\/product\/4915","targetHints":{"allow":["GET"]}}],"collection":[{"href":"https:\/\/www.hnhlcrane.com\/pt\/wp-json\/wp\/v2\/product"}],"about":[{"href":"https:\/\/www.hnhlcrane.com\/pt\/wp-json\/wp\/v2\/types\/product"}],"version-history":[{"count":2,"href":"https:\/\/www.hnhlcrane.com\/pt\/wp-json\/wp\/v2\/product\/4915\/revisions"}],"predecessor-version":[{"id":6913,"href":"https:\/\/www.hnhlcrane.com\/pt\/wp-json\/wp\/v2\/product\/4915\/revisions\/6913"}],"wp:featuredmedia":[{"embeddable":true,"href":"https:\/\/www.hnhlcrane.com\/pt\/wp-json\/wp\/v2\/media\/4969"}],"wp:attachment":[{"href":"https:\/\/www.hnhlcrane.com\/pt\/wp-json\/wp\/v2\/media?parent=4915"}],"wp:term":[{"taxonomy":"product_brand","embeddable":true,"href":"https:\/\/www.hnhlcrane.com\/pt\/wp-json\/wp\/v2\/product_brand?post=4915"},{"taxonomy":"product_cat","embeddable":true,"href":"https:\/\/www.hnhlcrane.com\/pt\/wp-json\/wp\/v2\/product_cat?post=4915"},{"taxonomy":"product_tag","embeddable":true,"href":"https:\/\/www.hnhlcrane.com\/pt\/wp-json\/wp\/v2\/product_tag?post=4915"}],"curies":[{"name":"wp","href":"https:\/\/api.w.org\/{rel}","templated":true}]}}