{"id":5539,"date":"2024-11-29T22:23:32","date_gmt":"2024-11-29T14:23:32","guid":{"rendered":"https:\/\/www.hnhlcrane.com\/?post_type=product&#038;p=5539"},"modified":"2024-11-29T22:28:19","modified_gmt":"2024-11-29T14:28:19","slug":"zaciski-szynowe-05g525","status":"publish","type":"product","link":"https:\/\/www.hnhlcrane.com\/pl\/product\/zaciski-szynowe-05g525\/","title":{"rendered":"05G525 Zaciski szynowe"},"content":{"rendered":"<h6><span style=\"font-family: arial, helvetica, sans-serif; font-size: 18pt;\"><strong>Cechy klips\u00f3w do szyn 05G525<\/strong><\/span><\/h6>\n<ol>\n<li><strong>Sta\u0142a odleg\u0142o\u015b\u0107 od \u015brodka otworu<\/strong>\n<ul>\n<li>Wszystkie p\u0142ytki zaciskowe maj\u0105 standardowy rozstaw dw\u00f3ch otwor\u00f3w wynosz\u0105cy 80 mm.<\/li>\n<\/ul>\n<\/li>\n<li><strong>Okre\u015blony <span class=\"katex\"><span class=\"katex-mathml\">A<\/span><\/span>\u00a0Warto\u015bci<\/strong>\n<ul>\n<li>The <span class=\"katex\"><span class=\"katex-mathml\">A<\/span><\/span>\u00a0r\u00f3\u017cni si\u0119 w zale\u017cno\u015bci od typu szyny:\n<ul>\n<li><strong>38 kg\/m szyny:<\/strong> <span class=\"katex\"><span class=\"katex-mathml\">A=90 mm<\/span><\/span><\/li>\n<li><strong>43 kg\/m szyny:<\/strong> <span class=\"katex\"><span class=\"katex-mathml\">A=90 mm<\/span><\/span><\/li>\n<li><strong>Szyny QU80:<\/strong> <span class=\"katex\"><span class=\"katex-mathml\">A=100 mm<\/span><\/span><\/li>\n<li><strong>Szyny QU100:<\/strong> <span class=\"katex\"><span class=\"katex-mathml\">A=105 mm<\/span><\/span><\/li>\n<li><strong>Szyny QU120:<\/strong> <span class=\"katex\"><span class=\"katex-mathml\">A=115 mm<\/span><\/span><\/li>\n<\/ul>\n<\/li>\n<\/ul>\n<\/li>\n<li><strong>Bezpieczne mocowanie szyny<\/strong>\n<ul>\n<li>Podczas mocowania szyn za pomoc\u0105 p\u0142ytek zaciskowych, p\u0142ytki musz\u0105 \u015bci\u015ble przylega\u0107 do szyny.<\/li>\n<li>Spawa\u0107 po\u0142\u0105czenie mi\u0119dzy p\u0142yt\u0105 zaciskow\u0105 a p\u0142yt\u0105 podstawy dopiero po prawid\u0142owym wyregulowaniu szyny.<\/li>\n<li>Przed spawaniem nale\u017cy dokr\u0119ci\u0107 \u015bruby, aby mocno docisn\u0105\u0107 szyn\u0119. Po spawaniu nale\u017cy sprawdzi\u0107 ka\u017cdy zacisk, aby upewni\u0107 si\u0119, \u017ce nie wyst\u0119puje luz.<\/li>\n<\/ul>\n<\/li>\n<\/ol>\n<p><img fetchpriority=\"high\" decoding=\"async\" class=\"wp-image-5541 alignleft\" src=\"https:\/\/www.hnhlcrane.com\/wp-content\/uploads\/2024\/11\/05G525-Rail-Clips-2-300x230.jpg\" alt=\"\" width=\"422\" height=\"323\" srcset=\"https:\/\/www.hnhlcrane.com\/wp-content\/uploads\/2024\/11\/05G525-Rail-Clips-2-300x230.jpg 300w, https:\/\/www.hnhlcrane.com\/wp-content\/uploads\/2024\/11\/05G525-Rail-Clips-2-768x588.jpg 768w, https:\/\/www.hnhlcrane.com\/wp-content\/uploads\/2024\/11\/05G525-Rail-Clips-2-600x459.jpg 600w, https:\/\/www.hnhlcrane.com\/wp-content\/uploads\/2024\/11\/05G525-Rail-Clips-2.jpg 800w\" sizes=\"(max-width: 422px) 100vw, 422px\" \/><\/p>","protected":false},"excerpt":{"rendered":"<h6><span style=\"font-family: arial, helvetica, sans-serif; font-size: 18pt;\"><strong>Specyfikacje klips\u00f3w do szyn 05G525<\/strong><\/span><\/h6>\n<ul>\n<li><strong>Model:<\/strong> 05G525<\/li>\n<li><strong>Metoda mocowania:<\/strong> Mocowanie \u015brub<\/li>\n<\/ul>","protected":false},"featured_media":5540,"template":"","meta":{"_kad_post_transparent":"default","_kad_post_title":"","_kad_post_layout":"default","_kad_post_sidebar_id":"","_kad_post_content_style":"default","_kad_post_vertical_padding":"show","_kad_post_feature":"","_kad_post_feature_position":"","_kad_post_header":false,"_kad_post_footer":false},"product_brand":[],"product_cat":[83],"product_tag":[224,223,222,221,218,214,217,225,228,216,226,219,227,215,220],"class_list":{"0":"post-5539","1":"product","2":"type-product","3":"status-publish","4":"has-post-thumbnail","6":"product_cat-crane-rail-clips","7":"product_tag-05g525-rail-clips","8":"product_tag-cgbk-rail-clips","9":"product_tag-cgek-rail-clips","10":"product_tag-cgwk-rail-clips","11":"product_tag-crane-rail-clamp","12":"product_tag-crane-rail-clips","13":"product_tag-crane-rail-fixing-device","14":"product_tag-hdgy-rail-clips","15":"product_tag-rail-connection-splint","16":"product_tag-rail-fixing-device","17":"product_tag-rail-joints","18":"product_tag-swjk-rail-clips","19":"product_tag-tracks-jointing-plates","20":"product_tag-wjk-rail-clips","21":"product_tag-wjkc-rail-clips","23":"first","24":"instock","25":"shipping-taxable","26":"product-type-simple","27":"entry","28":"content-bg","29":"loop-entry"},"yoast_head":"<!-- This site is optimized with the Yoast SEO plugin v25.6 - https:\/\/yoast.com\/wordpress\/plugins\/seo\/ -->\n<title>05G525 Rail Clips -Crane Rail Clips-Rail Clips-Crane Rail Clamp<\/title>\n<meta name=\"description\" content=\"Rail Clips,05G525 Rail Clips,Crane Rail Clips,Rail fixing device,Crane Rail fixing device,crane Rail Clamp,WJK Rail Clips,Overhead Crane Rail Clips\" \/>\n<meta name=\"robots\" content=\"index, follow, max-snippet:-1, max-image-preview:large, max-video-preview:-1\" \/>\n<link rel=\"canonical\" href=\"https:\/\/www.hnhlcrane.com\/pl\/product\/zaciski-szynowe-05g525\/\" \/>\n<meta property=\"og:locale\" content=\"pl_PL\" \/>\n<meta property=\"og:type\" content=\"article\" \/>\n<meta property=\"og:title\" content=\"05G525 Rail Clips -Crane Rail Clips-Rail Clips-Crane Rail Clamp\" \/>\n<meta property=\"og:description\" content=\"Rail Clips,05G525 Rail Clips,Crane Rail Clips,Rail fixing device,Crane Rail fixing device,crane Rail Clamp,WJK Rail Clips,Overhead Crane Rail Clips\" \/>\n<meta property=\"og:url\" content=\"https:\/\/www.hnhlcrane.com\/pl\/product\/zaciski-szynowe-05g525\/\" \/>\n<meta property=\"og:site_name\" content=\"Crane Parts Supplier-HL Crame\" \/>\n<meta property=\"article:modified_time\" content=\"2024-11-29T14:28:19+00:00\" \/>\n<meta property=\"og:image\" content=\"https:\/\/www.hnhlcrane.com\/wp-content\/uploads\/2024\/11\/05G525-Rail-Clips-1.jpg\" \/>\n\t<meta property=\"og:image:width\" content=\"600\" \/>\n\t<meta property=\"og:image:height\" content=\"600\" \/>\n\t<meta property=\"og:image:type\" content=\"image\/jpeg\" \/>\n<meta name=\"twitter:card\" content=\"summary_large_image\" \/>\n<meta name=\"twitter:label1\" content=\"Szacowany czas czytania\" \/>\n\t<meta name=\"twitter:data1\" content=\"1 minuta\" \/>\n<script type=\"application\/ld+json\" class=\"yoast-schema-graph\">{\"@context\":\"https:\/\/schema.org\",\"@graph\":[{\"@type\":\"WebPage\",\"@id\":\"https:\/\/www.hnhlcrane.com\/product\/05g525-rail-clips\/\",\"url\":\"https:\/\/www.hnhlcrane.com\/product\/05g525-rail-clips\/\",\"name\":\"05G525 Rail Clips -Crane Rail Clips-Rail Clips-Crane Rail Clamp\",\"isPartOf\":{\"@id\":\"https:\/\/www.hnhlcrane.com\/#website\"},\"primaryImageOfPage\":{\"@id\":\"https:\/\/www.hnhlcrane.com\/product\/05g525-rail-clips\/#primaryimage\"},\"image\":{\"@id\":\"https:\/\/www.hnhlcrane.com\/product\/05g525-rail-clips\/#primaryimage\"},\"thumbnailUrl\":\"https:\/\/www.hnhlcrane.com\/wp-content\/uploads\/2024\/11\/05G525-Rail-Clips-1.jpg\",\"datePublished\":\"2024-11-29T14:23:32+00:00\",\"dateModified\":\"2024-11-29T14:28:19+00:00\",\"description\":\"Rail Clips,05G525 Rail Clips,Crane Rail Clips,Rail fixing device,Crane Rail fixing device,crane Rail Clamp,WJK Rail Clips,Overhead Crane Rail Clips\",\"breadcrumb\":{\"@id\":\"https:\/\/www.hnhlcrane.com\/product\/05g525-rail-clips\/#breadcrumb\"},\"inLanguage\":\"pl-PL\",\"potentialAction\":[{\"@type\":\"ReadAction\",\"target\":[\"https:\/\/www.hnhlcrane.com\/product\/05g525-rail-clips\/\"]}]},{\"@type\":\"ImageObject\",\"inLanguage\":\"pl-PL\",\"@id\":\"https:\/\/www.hnhlcrane.com\/product\/05g525-rail-clips\/#primaryimage\",\"url\":\"https:\/\/www.hnhlcrane.com\/wp-content\/uploads\/2024\/11\/05G525-Rail-Clips-1.jpg\",\"contentUrl\":\"https:\/\/www.hnhlcrane.com\/wp-content\/uploads\/2024\/11\/05G525-Rail-Clips-1.jpg\",\"width\":600,\"height\":600},{\"@type\":\"BreadcrumbList\",\"@id\":\"https:\/\/www.hnhlcrane.com\/product\/05g525-rail-clips\/#breadcrumb\",\"itemListElement\":[{\"@type\":\"ListItem\",\"position\":1,\"name\":\"home\",\"item\":\"https:\/\/www.hnhlcrane.com\/\"},{\"@type\":\"ListItem\",\"position\":2,\"name\":\"products\",\"item\":\"https:\/\/www.hnhlcrane.com\/products\/\"},{\"@type\":\"ListItem\",\"position\":3,\"name\":\"05G525 Rail Clips\"}]},{\"@type\":\"WebSite\",\"@id\":\"https:\/\/www.hnhlcrane.com\/#website\",\"url\":\"https:\/\/www.hnhlcrane.com\/\",\"name\":\"Crane Parts Supplier-HL Crame\",\"description\":\"One-stop solution for all your  crane parts needs,Crane Hook,Crane Drum,Crane Wheel,Crane Coupling,Crane Gearbox,Crane Motor,Crane Brake,Special Crane Spreader,Crane grab,Container spreader,Billet crane clamps,Crane C-type spreader,Lifting Electromagnet,Crane Rail Clips,Electric Hoist,FEM Standard Crane End Carriages,Light Crane Parts,Workstation Crane Parts,Crane Electrical Parts,I-beam cable trolley,Crane remote controller,Crane electrical control cabinet,Crane limit switch,Crane sound and light alarm,Heavy Duty Aviation Connector,Crane overload limiter,China Crane Parts Supplier,Crane hooks,Gantry crane hook,Crane accessories,Forged hook,hook processing,Hook manufacturer,China standard crane hook,electric hoist hook,Crane pulley,Hook pulley,Rolled pulley,Crane Pulley Supplier\uff0cEuropean hook pulley,Gantry crane hook pulley,WZL type crane drum,European style reel set,Crane reel,crane parts,Drum processing,crane drum manufacturer,Cast steel drum,Electric hoist drum,Crane drum assembly,DRS Wheel Blocks,European crane wheel,Forged wheels,Active wheel set,Driving wheel set,Driven wheel group,crane wheels manufacturer,Demag crane wheels,Konecranes Crane Wheels,Overhead crane Wheel,Shaft couplings,Power Transmission Couplings,Disc Couplings,Fluid couplings,Coupling manufacturer\uff0cCardan coupling,Crane Reducer,Crane Decelerators,Reducer gearbox,Reducer for crane,Gear Reducer For Crane,Hard tooth surface reducerCrane and hoist reducer,Flender reducer,Reducer manufacturer,ZQ reducer,QJ reducer,QJY reducer,Gear Motors,Konecranes reducer,F series three-in-one reducer,K series three-in-one reducer,travelling machinery,Travelling Motor With Gear,Gear Motor for Crane Traveling,Travelling machinery Frequency inverter motors,FEM standard Gear Motors,Crane motors,Inverter motors,Hoist motors,motorCrane duty motors,Special motor for crane,YZR YZP YZ series motors,Crane and hoist motor,Frequency conversion motor,Electro hydraulic drum brakes,Electro-hydraulic disc brakes,Brake,Overhead Crane Brakes,Disc brakes,Electromagnetic disk brake,Crane hydraulic disc brake,Brakes manufacturer,crane Safety brakes,Singlr rope grab,Four rope grab,Electro-hydraulic multi-flap grab,Orange peel grab,Electric motor grab,Electro-Hydraulicclamshell grab,grab manufacturers,Container spreader manufacturers,20ft Container Spreader,Semi Automatic container spreader,40ft Container Lifting Frame,TEC container Spreader,Billet lifting clamp,Billet Clamps,Billet crane clamps manufacturer,billet lifting clamps china supplier,Coil C-Type Hook,coil hook,Overhead Crane Steel Coil C-Type Hook,Crane C-hook,C-type spreader,C-type hook,Crane magnets,Rail fixing device,Crane Rail fixing device,crane Rail Clamp,CD\/MD Wire Rope Electric Hoist,Wire Rope Electric Hoist China Manufacturer,Single Girder Wire Rope Electric Hoist,Double Girder Wire Rope Electric Hoist,Chain Hoist,Electric chain hoist manufacturer,Electric chain hoist China distributor,European wire rope electric hoist\uff0cEuropean double beam wire rope electric hoist,European Style Single Beam Crane End Carriage,FEN\/DIN European Style Single Beam Crane End Carriage,Crane end beam manufacturers,European style hoist double beam crane end beam,Suspension crane end beam,European style suspended single beam crane end beam,FEN\/DIN Suspension crane end beam,crane cable trolley,Wireless remote control,remote controller,Crane control handle,Crane Controls,electrical control cabinet,crane control cabinet,Limit switch,Sound and light alarm,Aviation plug,quick connector,Crane aviation plug,Overload limiter\",\"publisher\":{\"@id\":\"https:\/\/www.hnhlcrane.com\/#organization\"},\"potentialAction\":[{\"@type\":\"SearchAction\",\"target\":{\"@type\":\"EntryPoint\",\"urlTemplate\":\"https:\/\/www.hnhlcrane.com\/?s={search_term_string}\"},\"query-input\":{\"@type\":\"PropertyValueSpecification\",\"valueRequired\":true,\"valueName\":\"search_term_string\"}}],\"inLanguage\":\"pl-PL\"},{\"@type\":\"Organization\",\"@id\":\"https:\/\/www.hnhlcrane.com\/#organization\",\"name\":\"Crane Parts Supplier-HL Crame\",\"url\":\"https:\/\/www.hnhlcrane.com\/\",\"logo\":{\"@type\":\"ImageObject\",\"inLanguage\":\"pl-PL\",\"@id\":\"https:\/\/www.hnhlcrane.com\/#\/schema\/logo\/image\/\",\"url\":\"https:\/\/www.hnhlcrane.com\/wp-content\/uploads\/2024\/09\/logo6-1-e1733899395598.png\",\"contentUrl\":\"https:\/\/www.hnhlcrane.com\/wp-content\/uploads\/2024\/09\/logo6-1-e1733899395598.png\",\"width\":1000,\"height\":282,\"caption\":\"Crane Parts Supplier-HL Crame\"},\"image\":{\"@id\":\"https:\/\/www.hnhlcrane.com\/#\/schema\/logo\/image\/\"}}]}<\/script>\n<!-- \/ Yoast SEO plugin. -->","yoast_head_json":{"title":"05G525 Zaciski szynowe - Zaciski szynowe - Zaciski szynowe - Zacisk szynowy d\u017awigu","description":"Zaciski szynowe, zaciski szynowe 05G525, zaciski szynowe d\u017awigowe, urz\u0105dzenie do mocowania szyn, urz\u0105dzenie do mocowania szyn d\u017awigowych, zacisk szynowy d\u017awigowy, zaciski szynowe WJK, zaciski szynowe suwnicowe","robots":{"index":"index","follow":"follow","max-snippet":"max-snippet:-1","max-image-preview":"max-image-preview:large","max-video-preview":"max-video-preview:-1"},"canonical":"https:\/\/www.hnhlcrane.com\/pl\/product\/zaciski-szynowe-05g525\/","og_locale":"pl_PL","og_type":"article","og_title":"05G525 Rail Clips -Crane Rail Clips-Rail Clips-Crane Rail Clamp","og_description":"Rail Clips,05G525 Rail Clips,Crane Rail Clips,Rail fixing device,Crane Rail fixing device,crane Rail Clamp,WJK Rail Clips,Overhead Crane Rail Clips","og_url":"https:\/\/www.hnhlcrane.com\/pl\/product\/zaciski-szynowe-05g525\/","og_site_name":"Crane Parts Supplier-HL Crame","article_modified_time":"2024-11-29T14:28:19+00:00","og_image":[{"width":600,"height":600,"url":"https:\/\/www.hnhlcrane.com\/wp-content\/uploads\/2024\/11\/05G525-Rail-Clips-1.jpg","type":"image\/jpeg"}],"twitter_card":"summary_large_image","twitter_misc":{"Szacowany czas czytania":"1 minuta"},"schema":{"@context":"https:\/\/schema.org","@graph":[{"@type":"WebPage","@id":"https:\/\/www.hnhlcrane.com\/product\/05g525-rail-clips\/","url":"https:\/\/www.hnhlcrane.com\/product\/05g525-rail-clips\/","name":"05G525 Zaciski szynowe - Zaciski szynowe - Zaciski szynowe - Zacisk szynowy d\u017awigu","isPartOf":{"@id":"https:\/\/www.hnhlcrane.com\/#website"},"primaryImageOfPage":{"@id":"https:\/\/www.hnhlcrane.com\/product\/05g525-rail-clips\/#primaryimage"},"image":{"@id":"https:\/\/www.hnhlcrane.com\/product\/05g525-rail-clips\/#primaryimage"},"thumbnailUrl":"https:\/\/www.hnhlcrane.com\/wp-content\/uploads\/2024\/11\/05G525-Rail-Clips-1.jpg","datePublished":"2024-11-29T14:23:32+00:00","dateModified":"2024-11-29T14:28:19+00:00","description":"Zaciski szynowe, zaciski szynowe 05G525, zaciski szynowe d\u017awigowe, urz\u0105dzenie do mocowania szyn, urz\u0105dzenie do mocowania szyn d\u017awigowych, zacisk szynowy d\u017awigowy, zaciski szynowe WJK, zaciski szynowe suwnicowe","breadcrumb":{"@id":"https:\/\/www.hnhlcrane.com\/product\/05g525-rail-clips\/#breadcrumb"},"inLanguage":"pl-PL","potentialAction":[{"@type":"ReadAction","target":["https:\/\/www.hnhlcrane.com\/product\/05g525-rail-clips\/"]}]},{"@type":"ImageObject","inLanguage":"pl-PL","@id":"https:\/\/www.hnhlcrane.com\/product\/05g525-rail-clips\/#primaryimage","url":"https:\/\/www.hnhlcrane.com\/wp-content\/uploads\/2024\/11\/05G525-Rail-Clips-1.jpg","contentUrl":"https:\/\/www.hnhlcrane.com\/wp-content\/uploads\/2024\/11\/05G525-Rail-Clips-1.jpg","width":600,"height":600},{"@type":"BreadcrumbList","@id":"https:\/\/www.hnhlcrane.com\/product\/05g525-rail-clips\/#breadcrumb","itemListElement":[{"@type":"ListItem","position":1,"name":"home","item":"https:\/\/www.hnhlcrane.com\/"},{"@type":"ListItem","position":2,"name":"products","item":"https:\/\/www.hnhlcrane.com\/products\/"},{"@type":"ListItem","position":3,"name":"05G525 Rail Clips"}]},{"@type":"WebSite","@id":"https:\/\/www.hnhlcrane.com\/#website","url":"https:\/\/www.hnhlcrane.com\/","name":"Dostawca cz\u0119\u015bci do d\u017awig\u00f3w - HL Crame","description":"Kompleksowe rozwi\u0105zanie dla wszystkich potrzeb zwi\u0105zanych z cz\u0119\u015bciami d\u017awigowymi, hak d\u017awigowy, b\u0119ben d\u017awigowy, ko\u0142o d\u017awigowe, sprz\u0119g\u0142o d\u017awigowe, skrzynia bieg\u00f3w d\u017awigu, silnik d\u017awigowy, hamulec d\u017awigowy, specjalny rozpieracz d\u017awigowy, chwytak d\u017awigowy, rozpieracz kontenerowy, zaciski d\u017awigowe k\u0119sowe, rozpieracz typu C d\u017awigu,Elektromagnes podnosz\u0105cy, zaciski szynowe d\u017awigu, wci\u0105gnik elektryczny, standardowe w\u00f3zki ko\u0144cowe d\u017awigu FEM, lekkie cz\u0119\u015bci d\u017awigu, cz\u0119\u015bci d\u017awigu stacji roboczej, cz\u0119\u015bci elektryczne d\u017awigu, w\u00f3zek kablowy dwuteowy, pilot zdalnego sterowania d\u017awigu, elektryczna szafa sterownicza d\u017awigu,Wy\u0142\u0105cznik kra\u0144cowy d\u017awigu, alarm d\u017awi\u0119kowy i \u015bwietlny d\u017awigu, z\u0142\u0105cze lotnicze o du\u017cej wytrzyma\u0142o\u015bci, ogranicznik przeci\u0105\u017cenia d\u017awigu, dostawca cz\u0119\u015bci do d\u017awig\u00f3w w Chinach, haki d\u017awigowe, hak suwnicy bramowej, akcesoria d\u017awigowe, hak kuty, obr\u00f3bka hak\u00f3w, producent hak\u00f3w, standardowy hak d\u017awigowy w Chinach, hak wci\u0105gnika elektrycznego, ko\u0142o pasowe d\u017awigu, ko\u0142o pasowe haka, ko\u0142o pasowe walcowane, dostawca ko\u0142a pasowego d\u017awigu, europejskie ko\u0142o pasowe haka, ko\u0142o pasowe haka suwnicy bramowej, b\u0119ben d\u017awigowy typu WZL, zestaw b\u0119bn\u00f3w w stylu europejskim, b\u0119ben d\u017awigowy,cz\u0119\u015bci d\u017awigowe, obr\u00f3bka b\u0119bn\u00f3w, producent b\u0119bn\u00f3w d\u017awigowych, b\u0119ben stalowy odlewany, b\u0119ben wci\u0105gnika elektrycznego, monta\u017c b\u0119bna d\u017awigowego, bloki k\u00f3\u0142 DRS, europejskie ko\u0142o d\u017awigowe, ko\u0142a kute, zestaw k\u00f3\u0142 aktywnych, zestaw k\u00f3\u0142 nap\u0119dowych, grupa k\u00f3\u0142 nap\u0119dowych, producent k\u00f3\u0142 d\u017awigowych, ko\u0142a d\u017awigowe Demag, ko\u0142a d\u017awigowe Konecranes, ko\u0142o suwnicy, sprz\u0119g\u0142a wa\u0142u, sprz\u0119g\u0142a do przenoszenia mocy, sprz\u0119g\u0142a tarczowe, sprz\u0119g\u0142a p\u0142ynowe, producent sprz\u0119gie\u0142, sprz\u0119g\u0142o Cardana, reduktor d\u017awigu,Zwalniacze d\u017awigu, Reduktor skrzyni bieg\u00f3w, Reduktor do d\u017awigu, Reduktor bieg\u00f3w do d\u017awigu, Reduktor o twardej powierzchni z\u0119ba Reduktor d\u017awigu i wci\u0105gnika, Reduktor Flender, Producent reduktor\u00f3w, Reduktor ZQ, Reduktor QJ, Reduktor QJY, Silniki przek\u0142adniowe, Reduktor Konecranes,Reduktor serii F trzy w jednym, reduktor serii K trzy w jednym, maszyny jezdne, silnik jezdny z przek\u0142adni\u0105, silnik przek\u0142adniowy do jazdy d\u017awigiem, maszyny jezdne Silniki z przetwornic\u0105 cz\u0119stotliwo\u015bci, standardowe silniki przek\u0142adniowe FEM, silniki d\u017awigowe,Silniki falownika, Silniki wci\u0105gnika, silnik Silniki d\u017awigowe, Specjalny silnik do d\u017awigu, Silniki serii YZR YZP YZ, Silnik d\u017awigu i wci\u0105gnika, Silnik konwersji cz\u0119stotliwo\u015bci, Elektrohydrauliczne hamulce b\u0119bnowe, Elektrohydrauliczne hamulce tarczowe, Hamulec, Suwnica Hamulce, Hamulce tarczowe, Elektromagnetyczny hamulec tarczowy, Hydrauliczny hamulec tarczowy d\u017awigu, Producent hamulc\u00f3w, d\u017awig Hamulce bezpiecze\u0144stwa, Chwytak linowy pojedynczy, Chwytak czterolinowy, Elektrohydrauliczny chwytak wielop\u0142atowy, Chwytak ze sk\u00f3rk\u0105 pomara\u0144czow\u0105, Chwytak silnika elektrycznego,chwytak elektrohydrauliczny, producenci chwytak\u00f3w, producenci rozrzutnik\u00f3w kontener\u00f3w, rozrzutnik kontener\u00f3w 20 st\u00f3p, p\u00f3\u0142automatyczny rozrzutnik kontener\u00f3w, rama do podnoszenia kontener\u00f3w 40 st\u00f3p, rozrzutnik kontener\u00f3w TEC, zacisk do podnoszenia k\u0119s\u00f3w, zaciski k\u0119s\u00f3w, producent zacisk\u00f3w d\u017awigowych k\u0119s\u00f3w, dostawca zacisk\u00f3w do podnoszenia k\u0119s\u00f3w w Chinach, hak typu C cewki, hak cewki, hak typu C cewki stalowej suwnicy, hak typu C suwnicy, rozrzutnik typu C, hak typu C, magnesy suwnicy, urz\u0105dzenie do mocowania szyn,Urz\u0105dzenie do mocowania szyn d\u017awigowych, zacisk szynowy d\u017awigu, elektryczny wci\u0105gnik linowy CD \/ MD, elektryczny wci\u0105gnik linowy Chiny Producent, elektryczny wci\u0105gnik linowy jednod\u017awigarowy, elektryczny wci\u0105gnik linowy dwud\u017awigarowy, wci\u0105gnik \u0142a\u0144cuchowy, producent elektrycznych wci\u0105gnik\u00f3w \u0142a\u0144cuchowych, elektryczny wci\u0105gnik \u0142a\u0144cuchowy Chiny dystrybutor, europejski elektryczny wci\u0105gnik linowy, europejski elektryczny wci\u0105gnik linowy z podw\u00f3jn\u0105 belk\u0105, europejski w\u00f3zek ko\u0144cowy suwnicy jednobelkowej, europejski w\u00f3zek ko\u0144cowy suwnicy jednobelkowej FEN \/ DIN,Producenci belek ko\u0144cowych \u017curawia, europejski wci\u0105gnik z podw\u00f3jn\u0105 belk\u0105 d\u017awigow\u0105, belka ko\u0144cowa \u017curawia podwieszanego, europejska belka ko\u0144cowa \u017curawia z pojedyncz\u0105 belk\u0105 podwieszan\u0105, belka ko\u0144cowa \u017curawia podwieszanego FEN\/DIN, w\u00f3zek kablowy \u017curawia, pilot bezprzewodowy, pilot zdalnego sterowania, uchwyt steruj\u0105cy \u017curawia, sterowanie \u017curawiem, elektryczna szafa sterownicza, szafa sterownicza \u017curawia, wy\u0142\u0105cznik kra\u0144cowy, alarm d\u017awi\u0119kowy i \u015bwietlny, wtyczka lotnicza, szybkoz\u0142\u0105cze, wtyczka lotnicza \u017curawia, ogranicznik przeci\u0105\u017cenia","publisher":{"@id":"https:\/\/www.hnhlcrane.com\/#organization"},"potentialAction":[{"@type":"SearchAction","target":{"@type":"EntryPoint","urlTemplate":"https:\/\/www.hnhlcrane.com\/?s={search_term_string}"},"query-input":{"@type":"PropertyValueSpecification","valueRequired":true,"valueName":"search_term_string"}}],"inLanguage":"pl-PL"},{"@type":"Organization","@id":"https:\/\/www.hnhlcrane.com\/#organization","name":"Dostawca cz\u0119\u015bci do d\u017awig\u00f3w - HL Crame","url":"https:\/\/www.hnhlcrane.com\/","logo":{"@type":"ImageObject","inLanguage":"pl-PL","@id":"https:\/\/www.hnhlcrane.com\/#\/schema\/logo\/image\/","url":"https:\/\/www.hnhlcrane.com\/wp-content\/uploads\/2024\/09\/logo6-1-e1733899395598.png","contentUrl":"https:\/\/www.hnhlcrane.com\/wp-content\/uploads\/2024\/09\/logo6-1-e1733899395598.png","width":1000,"height":282,"caption":"Crane Parts Supplier-HL Crame"},"image":{"@id":"https:\/\/www.hnhlcrane.com\/#\/schema\/logo\/image\/"}}]}},"_links":{"self":[{"href":"https:\/\/www.hnhlcrane.com\/pl\/wp-json\/wp\/v2\/product\/5539","targetHints":{"allow":["GET"]}}],"collection":[{"href":"https:\/\/www.hnhlcrane.com\/pl\/wp-json\/wp\/v2\/product"}],"about":[{"href":"https:\/\/www.hnhlcrane.com\/pl\/wp-json\/wp\/v2\/types\/product"}],"version-history":[{"count":0,"href":"https:\/\/www.hnhlcrane.com\/pl\/wp-json\/wp\/v2\/product\/5539\/revisions"}],"wp:featuredmedia":[{"embeddable":true,"href":"https:\/\/www.hnhlcrane.com\/pl\/wp-json\/wp\/v2\/media\/5540"}],"wp:attachment":[{"href":"https:\/\/www.hnhlcrane.com\/pl\/wp-json\/wp\/v2\/media?parent=5539"}],"wp:term":[{"taxonomy":"product_brand","embeddable":true,"href":"https:\/\/www.hnhlcrane.com\/pl\/wp-json\/wp\/v2\/product_brand?post=5539"},{"taxonomy":"product_cat","embeddable":true,"href":"https:\/\/www.hnhlcrane.com\/pl\/wp-json\/wp\/v2\/product_cat?post=5539"},{"taxonomy":"product_tag","embeddable":true,"href":"https:\/\/www.hnhlcrane.com\/pl\/wp-json\/wp\/v2\/product_tag?post=5539"}],"curies":[{"name":"wp","href":"https:\/\/api.w.org\/{rel}","templated":true}]}}