{"id":5519,"date":"2024-11-29T21:34:40","date_gmt":"2024-11-29T13:34:40","guid":{"rendered":"https:\/\/www.hnhlcrane.com\/?post_type=product&#038;p=5519"},"modified":"2025-09-14T22:39:20","modified_gmt":"2025-09-14T14:39:20","slug":"klipsy-do-szyn-wjkc","status":"publish","type":"product","link":"https:\/\/www.hnhlcrane.com\/pl\/product\/klipsy-do-szyn-wjkc\/","title":{"rendered":"WJKC Rail Clips"},"content":{"rendered":"<h6><span style=\"font-family: arial, helvetica, sans-serif; font-size: 18pt;\"><strong>Cechy klips\u00f3w na szyn\u0119 WJKC<\/strong><\/span><\/h6>\n<ol>\n<li><strong>Aplikacje podstawowe<\/strong>:<br \/>\nZaciski szynowe WJKC s\u0105 u\u017cywane g\u0142\u00f3wnie do mocowania szyn d\u017awigowych z poziomymi ko\u0142ami prowadz\u0105cymi na stalowych belkach d\u017awigowych, a tak\u017ce do mocowania szyn wielkotona\u017cowych d\u017awig\u00f3w z mi\u0119kkim hakiem.<\/li>\n<li><strong>\u0141atwo\u015b\u0107 instalacji<\/strong>:<br \/>\nKonstrukcja u\u0142atwia monta\u017c, regulacj\u0119 i wymian\u0119 szyn.<\/li>\n<li><strong>Nie wymaga wiercenia<\/strong>:<br \/>\nZaciski te eliminuj\u0105 potrzeb\u0119 wiercenia w belkach d\u017awigowych, poniewa\u017c s\u0105 bezpo\u015brednio przyspawane do g\u00f3rnego ko\u0142nierza belki d\u017awigowej.<\/li>\n<li><strong>Podw\u00f3jne po\u0142\u0105czenie \u015brubowe<\/strong>:<br \/>\nUrz\u0105dzenia mocuj\u0105ce WJKC wykorzystuj\u0105 wy\u0142\u0105cznie po\u0142\u0105czenie z podw\u00f3jn\u0105 \u015brub\u0105 dla zwi\u0119kszenia stabilno\u015bci i niezawodno\u015bci.<\/li>\n<li><strong>No\u015bno\u015b\u0107<\/strong>:\n<ul>\n<li>WJKC1: Obs\u0142uguje maksymaln\u0105 si\u0142\u0119 boczn\u0105 wynosz\u0105c\u0105 <strong>135kN<\/strong> z poziomych k\u00f3\u0142 prowadz\u0105cych.<\/li>\n<li>WJKC2: Obs\u0142uguje maksymaln\u0105 si\u0142\u0119 boczn\u0105 wynosz\u0105c\u0105 <strong>220kN<\/strong>.<\/li>\n<li>WJKC3: Obs\u0142uguje maksymaln\u0105 si\u0142\u0119 boczn\u0105 wynosz\u0105c\u0105 <strong>400kN<\/strong>.<\/li>\n<\/ul>\n<\/li>\n<\/ol>\n<h6><span style=\"font-family: arial, helvetica, sans-serif; font-size: 18pt;\"><strong>Rozwa\u017cania dotycz\u0105ce wyboru zacisk\u00f3w szynowych WJKC<\/strong><\/span><\/h6>\n<ul>\n<li>W przypadku prowadnic \u017curawia z poziomymi ko\u0142ami prowadz\u0105cymi obowi\u0105zkowe jest stosowanie specjalnych kompozytowych podk\u0142adek gumowych na ca\u0142ej d\u0142ugo\u015bci pod szyn\u0105.<\/li>\n<li>Nie nale\u017cy instalowa\u0107 g\u0105sienic bez poziomych k\u00f3\u0142 prowadz\u0105cych.<\/li>\n<li>Szyny QU120 s\u0105 zalecane dla d\u017awig\u00f3w wielkotona\u017cowych, chocia\u017c w szczeg\u00f3lnych przypadkach mo\u017cna rozwa\u017cy\u0107 inne typy szyn.<\/li>\n<\/ul>\n<h6><span style=\"font-family: arial, helvetica, sans-serif; font-size: 18pt;\"><strong>Kolejno\u015b\u0107 instalacji i kluczowe punkty dla WJKC <a href=\"https:\/\/www.hnhlcrane.com\/pl\/produkty\/zaciski-szynowe-dzwigu\/\" target=\"_blank\" rel=\"noopener\">Klipsy do szyn<\/a><\/strong><\/span><\/h6>\n<ol>\n<li><strong>Wyr\u00f3wnanie bazy<\/strong>:<br \/>\nDo pozycjonowania nale\u017cy u\u017cy\u0107 trzech rowk\u00f3w na powierzchni sta\u0142ej podstawy i \u015brodka zacisku szyny. Dopuszczalne odchylenie od linii \u015brodkowej belki \u017curawia wynosi 1,00 mm.<\/li>\n<li><strong>\u015aruby T<\/strong>:<br \/>\nW\u0142\u00f3\u017c \u015bruby T i przesu\u0144 je w kierunku szyny.<\/li>\n<li><strong>P\u0142ytka regulacyjna<\/strong>:<br \/>\nPodczas instalacji nale\u017cy upewni\u0107 si\u0119, \u017ce rowkowana strona p\u0142ytki regulacyjnej jest skierowana do g\u00f3ry.<\/li>\n<li><strong>Monta\u017c komponent\u00f3w<\/strong>:<br \/>\nKolejno zamontowa\u0107 p\u0142ytk\u0119 dociskow\u0105, podk\u0142adki, podk\u0142adki spr\u0119\u017cyste i nakr\u0119tki.<\/li>\n<li><strong>Wyr\u00f3wnanie i dokr\u0119canie<\/strong>:\n<ul>\n<li>Wyreguluj p\u0142ytk\u0119 regulacyjn\u0105 w kszta\u0142cie klina, aby upewni\u0107 si\u0119, \u017ce zacisk szyny jest prostopad\u0142y do szyny.<\/li>\n<li>Dokr\u0119\u0107 \u015bruby, gdy p\u0142yta dociskowa b\u0119dzie \u015bci\u015ble przylega\u0107 do dolnego ko\u0142nierza szyny.<\/li>\n<li>Specyfikacje momentu obrotowego: 256N-m dla WJKC1 i WJKC2, 423N-m dla WJKC3.<\/li>\n<\/ul>\n<\/li>\n<li><strong>Redukcja stresu<\/strong>:<br \/>\nAby zminimalizowa\u0107 napr\u0119\u017cenia spawalnicze, nale\u017cy stosowa\u0107 techniki takie jak spawanie symetryczne, spawanie odwr\u00f3cone lub spawanie z pomini\u0119ciem.<\/li>\n<li><strong>Regulacja k\u0105ta<\/strong>:<br \/>\nPodczas projektowania i monta\u017cu nale\u017cy wzi\u0105\u0107 pod uwag\u0119, w jaki spos\u00f3b sta\u0142a p\u0142yta podstawy mo\u017ce wp\u0142yn\u0105\u0107 na k\u0105t belki \u017curawia.<\/li>\n<\/ol>\n<p>&nbsp;<\/p>","protected":false},"excerpt":{"rendered":"<p><span style=\"font-family: arial, helvetica, sans-serif;\"><strong>Specyfikacje klips\u00f3w do szyn WJKC<\/strong><\/span><\/p>\n<ul>\n<li><strong>Modele<\/strong>: WJKC1, WJKC2, WJKC3<\/li>\n<li><strong>Metoda mocowania<\/strong>: Spawana p\u0142yta podstawy<\/li>\n<\/ul>","protected":false},"featured_media":5520,"template":"","meta":{"_kad_post_transparent":"default","_kad_post_title":"","_kad_post_layout":"default","_kad_post_sidebar_id":"","_kad_post_content_style":"default","_kad_post_vertical_padding":"show","_kad_post_feature":"","_kad_post_feature_position":"","_kad_post_header":false,"_kad_post_footer":false},"product_brand":[],"product_cat":[83],"product_tag":[224,223,222,221,218,214,217,225,228,216,226,219,227,215,220],"class_list":{"0":"post-5519","1":"product","2":"type-product","3":"status-publish","4":"has-post-thumbnail","6":"product_cat-crane-rail-clips","7":"product_tag-05g525-rail-clips","8":"product_tag-cgbk-rail-clips","9":"product_tag-cgek-rail-clips","10":"product_tag-cgwk-rail-clips","11":"product_tag-crane-rail-clamp","12":"product_tag-crane-rail-clips","13":"product_tag-crane-rail-fixing-device","14":"product_tag-hdgy-rail-clips","15":"product_tag-rail-connection-splint","16":"product_tag-rail-fixing-device","17":"product_tag-rail-joints","18":"product_tag-swjk-rail-clips","19":"product_tag-tracks-jointing-plates","20":"product_tag-wjk-rail-clips","21":"product_tag-wjkc-rail-clips","23":"first","24":"instock","25":"shipping-taxable","26":"product-type-simple","27":"entry","28":"content-bg","29":"loop-entry"},"yoast_head":"<!-- This site is optimized with the Yoast SEO plugin v25.6 - https:\/\/yoast.com\/wordpress\/plugins\/seo\/ -->\n<title>WJKC Rail Clips \u2013 Durable &amp; Reliable Rail Fastening Solution<\/title>\n<meta name=\"description\" content=\"High-quality WJKC Rail Clips for secure and long-lasting rail connections. Ideal for railways, industrial tracks, and heavy-duty applications.\" \/>\n<meta name=\"robots\" content=\"index, follow, max-snippet:-1, max-image-preview:large, max-video-preview:-1\" \/>\n<link rel=\"canonical\" href=\"https:\/\/www.hnhlcrane.com\/pl\/product\/klipsy-do-szyn-wjkc\/\" \/>\n<meta property=\"og:locale\" content=\"pl_PL\" \/>\n<meta property=\"og:type\" content=\"article\" \/>\n<meta property=\"og:title\" content=\"WJKC Rail Clips \u2013 Durable &amp; Reliable Rail Fastening Solution\" \/>\n<meta property=\"og:description\" content=\"High-quality WJKC Rail Clips for secure and long-lasting rail connections. Ideal for railways, industrial tracks, and heavy-duty applications.\" \/>\n<meta property=\"og:url\" content=\"https:\/\/www.hnhlcrane.com\/pl\/product\/klipsy-do-szyn-wjkc\/\" \/>\n<meta property=\"og:site_name\" content=\"Crane Parts Supplier-HL Crame\" \/>\n<meta property=\"article:modified_time\" content=\"2025-09-14T14:39:20+00:00\" \/>\n<meta property=\"og:image\" content=\"https:\/\/www.hnhlcrane.com\/wp-content\/uploads\/2024\/11\/WJKC1-Rail-Clips.jpg\" \/>\n\t<meta property=\"og:image:width\" content=\"600\" \/>\n\t<meta property=\"og:image:height\" content=\"600\" \/>\n\t<meta property=\"og:image:type\" content=\"image\/jpeg\" \/>\n<meta name=\"twitter:card\" content=\"summary_large_image\" \/>\n<meta name=\"twitter:label1\" content=\"Szacowany czas czytania\" \/>\n\t<meta name=\"twitter:data1\" content=\"2 minuty\" \/>\n<script type=\"application\/ld+json\" class=\"yoast-schema-graph\">{\"@context\":\"https:\/\/schema.org\",\"@graph\":[{\"@type\":\"WebPage\",\"@id\":\"https:\/\/www.hnhlcrane.com\/product\/wjkc-rail-clips\/\",\"url\":\"https:\/\/www.hnhlcrane.com\/product\/wjkc-rail-clips\/\",\"name\":\"WJKC Rail Clips \u2013 Durable & Reliable Rail Fastening Solution\",\"isPartOf\":{\"@id\":\"https:\/\/www.hnhlcrane.com\/#website\"},\"primaryImageOfPage\":{\"@id\":\"https:\/\/www.hnhlcrane.com\/product\/wjkc-rail-clips\/#primaryimage\"},\"image\":{\"@id\":\"https:\/\/www.hnhlcrane.com\/product\/wjkc-rail-clips\/#primaryimage\"},\"thumbnailUrl\":\"https:\/\/www.hnhlcrane.com\/wp-content\/uploads\/2024\/11\/WJKC1-Rail-Clips.jpg\",\"datePublished\":\"2024-11-29T13:34:40+00:00\",\"dateModified\":\"2025-09-14T14:39:20+00:00\",\"description\":\"High-quality WJKC Rail Clips for secure and long-lasting rail connections. Ideal for railways, industrial tracks, and heavy-duty applications.\",\"breadcrumb\":{\"@id\":\"https:\/\/www.hnhlcrane.com\/product\/wjkc-rail-clips\/#breadcrumb\"},\"inLanguage\":\"pl-PL\",\"potentialAction\":[{\"@type\":\"ReadAction\",\"target\":[\"https:\/\/www.hnhlcrane.com\/product\/wjkc-rail-clips\/\"]}]},{\"@type\":\"ImageObject\",\"inLanguage\":\"pl-PL\",\"@id\":\"https:\/\/www.hnhlcrane.com\/product\/wjkc-rail-clips\/#primaryimage\",\"url\":\"https:\/\/www.hnhlcrane.com\/wp-content\/uploads\/2024\/11\/WJKC1-Rail-Clips.jpg\",\"contentUrl\":\"https:\/\/www.hnhlcrane.com\/wp-content\/uploads\/2024\/11\/WJKC1-Rail-Clips.jpg\",\"width\":600,\"height\":600},{\"@type\":\"BreadcrumbList\",\"@id\":\"https:\/\/www.hnhlcrane.com\/product\/wjkc-rail-clips\/#breadcrumb\",\"itemListElement\":[{\"@type\":\"ListItem\",\"position\":1,\"name\":\"home\",\"item\":\"https:\/\/www.hnhlcrane.com\/\"},{\"@type\":\"ListItem\",\"position\":2,\"name\":\"products\",\"item\":\"https:\/\/www.hnhlcrane.com\/products\/\"},{\"@type\":\"ListItem\",\"position\":3,\"name\":\"WJKC Rail Clips\"}]},{\"@type\":\"WebSite\",\"@id\":\"https:\/\/www.hnhlcrane.com\/#website\",\"url\":\"https:\/\/www.hnhlcrane.com\/\",\"name\":\"Crane Parts Supplier-HL Crame\",\"description\":\"One-stop solution for all your  crane parts needs,Crane Hook,Crane Drum,Crane Wheel,Crane Coupling,Crane Gearbox,Crane Motor,Crane Brake,Special Crane Spreader,Crane grab,Container spreader,Billet crane clamps,Crane C-type spreader,Lifting Electromagnet,Crane Rail Clips,Electric Hoist,FEM Standard Crane End Carriages,Light Crane Parts,Workstation Crane Parts,Crane Electrical Parts,I-beam cable trolley,Crane remote controller,Crane electrical control cabinet,Crane limit switch,Crane sound and light alarm,Heavy Duty Aviation Connector,Crane overload limiter,China Crane Parts Supplier,Crane hooks,Gantry crane hook,Crane accessories,Forged hook,hook processing,Hook manufacturer,China standard crane hook,electric hoist hook,Crane pulley,Hook pulley,Rolled pulley,Crane Pulley Supplier\uff0cEuropean hook pulley,Gantry crane hook pulley,WZL type crane drum,European style reel set,Crane reel,crane parts,Drum processing,crane drum manufacturer,Cast steel drum,Electric hoist drum,Crane drum assembly,DRS Wheel Blocks,European crane wheel,Forged wheels,Active wheel set,Driving wheel set,Driven wheel group,crane wheels manufacturer,Demag crane wheels,Konecranes Crane Wheels,Overhead crane Wheel,Shaft couplings,Power Transmission Couplings,Disc Couplings,Fluid couplings,Coupling manufacturer\uff0cCardan coupling,Crane Reducer,Crane Decelerators,Reducer gearbox,Reducer for crane,Gear Reducer For Crane,Hard tooth surface reducerCrane and hoist reducer,Flender reducer,Reducer manufacturer,ZQ reducer,QJ reducer,QJY reducer,Gear Motors,Konecranes reducer,F series three-in-one reducer,K series three-in-one reducer,travelling machinery,Travelling Motor With Gear,Gear Motor for Crane Traveling,Travelling machinery Frequency inverter motors,FEM standard Gear Motors,Crane motors,Inverter motors,Hoist motors,motorCrane duty motors,Special motor for crane,YZR YZP YZ series motors,Crane and hoist motor,Frequency conversion motor,Electro hydraulic drum brakes,Electro-hydraulic disc brakes,Brake,Overhead Crane Brakes,Disc brakes,Electromagnetic disk brake,Crane hydraulic disc brake,Brakes manufacturer,crane Safety brakes,Singlr rope grab,Four rope grab,Electro-hydraulic multi-flap grab,Orange peel grab,Electric motor grab,Electro-Hydraulicclamshell grab,grab manufacturers,Container spreader manufacturers,20ft Container Spreader,Semi Automatic container spreader,40ft Container Lifting Frame,TEC container Spreader,Billet lifting clamp,Billet Clamps,Billet crane clamps manufacturer,billet lifting clamps china supplier,Coil C-Type Hook,coil hook,Overhead Crane Steel Coil C-Type Hook,Crane C-hook,C-type spreader,C-type hook,Crane magnets,Rail fixing device,Crane Rail fixing device,crane Rail Clamp,CD\/MD Wire Rope Electric Hoist,Wire Rope Electric Hoist China Manufacturer,Single Girder Wire Rope Electric Hoist,Double Girder Wire Rope Electric Hoist,Chain Hoist,Electric chain hoist manufacturer,Electric chain hoist China distributor,European wire rope electric hoist\uff0cEuropean double beam wire rope electric hoist,European Style Single Beam Crane End Carriage,FEN\/DIN European Style Single Beam Crane End Carriage,Crane end beam manufacturers,European style hoist double beam crane end beam,Suspension crane end beam,European style suspended single beam crane end beam,FEN\/DIN Suspension crane end beam,crane cable trolley,Wireless remote control,remote controller,Crane control handle,Crane Controls,electrical control cabinet,crane control cabinet,Limit switch,Sound and light alarm,Aviation plug,quick connector,Crane aviation plug,Overload limiter\",\"publisher\":{\"@id\":\"https:\/\/www.hnhlcrane.com\/#organization\"},\"potentialAction\":[{\"@type\":\"SearchAction\",\"target\":{\"@type\":\"EntryPoint\",\"urlTemplate\":\"https:\/\/www.hnhlcrane.com\/?s={search_term_string}\"},\"query-input\":{\"@type\":\"PropertyValueSpecification\",\"valueRequired\":true,\"valueName\":\"search_term_string\"}}],\"inLanguage\":\"pl-PL\"},{\"@type\":\"Organization\",\"@id\":\"https:\/\/www.hnhlcrane.com\/#organization\",\"name\":\"Crane Parts Supplier-HL Crame\",\"url\":\"https:\/\/www.hnhlcrane.com\/\",\"logo\":{\"@type\":\"ImageObject\",\"inLanguage\":\"pl-PL\",\"@id\":\"https:\/\/www.hnhlcrane.com\/#\/schema\/logo\/image\/\",\"url\":\"https:\/\/www.hnhlcrane.com\/wp-content\/uploads\/2024\/09\/logo6-1-e1733899395598.png\",\"contentUrl\":\"https:\/\/www.hnhlcrane.com\/wp-content\/uploads\/2024\/09\/logo6-1-e1733899395598.png\",\"width\":1000,\"height\":282,\"caption\":\"Crane Parts Supplier-HL Crame\"},\"image\":{\"@id\":\"https:\/\/www.hnhlcrane.com\/#\/schema\/logo\/image\/\"}}]}<\/script>\n<!-- \/ Yoast SEO plugin. -->","yoast_head_json":{"title":"Klipsy do szyn WJKC - trwa\u0142e i niezawodne rozwi\u0105zanie do mocowania szyn","description":"Wysokiej jako\u015bci klipsy szynowe WJKC do bezpiecznych i trwa\u0142ych po\u0142\u0105cze\u0144 szynowych. Idealne dla kolei, tor\u00f3w przemys\u0142owych i ci\u0119\u017ckich zastosowa\u0144.","robots":{"index":"index","follow":"follow","max-snippet":"max-snippet:-1","max-image-preview":"max-image-preview:large","max-video-preview":"max-video-preview:-1"},"canonical":"https:\/\/www.hnhlcrane.com\/pl\/product\/klipsy-do-szyn-wjkc\/","og_locale":"pl_PL","og_type":"article","og_title":"WJKC Rail Clips \u2013 Durable & Reliable Rail Fastening Solution","og_description":"High-quality WJKC Rail Clips for secure and long-lasting rail connections. Ideal for railways, industrial tracks, and heavy-duty applications.","og_url":"https:\/\/www.hnhlcrane.com\/pl\/product\/klipsy-do-szyn-wjkc\/","og_site_name":"Crane Parts Supplier-HL Crame","article_modified_time":"2025-09-14T14:39:20+00:00","og_image":[{"width":600,"height":600,"url":"https:\/\/www.hnhlcrane.com\/wp-content\/uploads\/2024\/11\/WJKC1-Rail-Clips.jpg","type":"image\/jpeg"}],"twitter_card":"summary_large_image","twitter_misc":{"Szacowany czas czytania":"2 minuty"},"schema":{"@context":"https:\/\/schema.org","@graph":[{"@type":"WebPage","@id":"https:\/\/www.hnhlcrane.com\/product\/wjkc-rail-clips\/","url":"https:\/\/www.hnhlcrane.com\/product\/wjkc-rail-clips\/","name":"Klipsy do szyn WJKC - trwa\u0142e i niezawodne rozwi\u0105zanie do mocowania szyn","isPartOf":{"@id":"https:\/\/www.hnhlcrane.com\/#website"},"primaryImageOfPage":{"@id":"https:\/\/www.hnhlcrane.com\/product\/wjkc-rail-clips\/#primaryimage"},"image":{"@id":"https:\/\/www.hnhlcrane.com\/product\/wjkc-rail-clips\/#primaryimage"},"thumbnailUrl":"https:\/\/www.hnhlcrane.com\/wp-content\/uploads\/2024\/11\/WJKC1-Rail-Clips.jpg","datePublished":"2024-11-29T13:34:40+00:00","dateModified":"2025-09-14T14:39:20+00:00","description":"Wysokiej jako\u015bci klipsy szynowe WJKC do bezpiecznych i trwa\u0142ych po\u0142\u0105cze\u0144 szynowych. Idealne dla kolei, tor\u00f3w przemys\u0142owych i ci\u0119\u017ckich zastosowa\u0144.","breadcrumb":{"@id":"https:\/\/www.hnhlcrane.com\/product\/wjkc-rail-clips\/#breadcrumb"},"inLanguage":"pl-PL","potentialAction":[{"@type":"ReadAction","target":["https:\/\/www.hnhlcrane.com\/product\/wjkc-rail-clips\/"]}]},{"@type":"ImageObject","inLanguage":"pl-PL","@id":"https:\/\/www.hnhlcrane.com\/product\/wjkc-rail-clips\/#primaryimage","url":"https:\/\/www.hnhlcrane.com\/wp-content\/uploads\/2024\/11\/WJKC1-Rail-Clips.jpg","contentUrl":"https:\/\/www.hnhlcrane.com\/wp-content\/uploads\/2024\/11\/WJKC1-Rail-Clips.jpg","width":600,"height":600},{"@type":"BreadcrumbList","@id":"https:\/\/www.hnhlcrane.com\/product\/wjkc-rail-clips\/#breadcrumb","itemListElement":[{"@type":"ListItem","position":1,"name":"home","item":"https:\/\/www.hnhlcrane.com\/"},{"@type":"ListItem","position":2,"name":"products","item":"https:\/\/www.hnhlcrane.com\/products\/"},{"@type":"ListItem","position":3,"name":"WJKC Rail Clips"}]},{"@type":"WebSite","@id":"https:\/\/www.hnhlcrane.com\/#website","url":"https:\/\/www.hnhlcrane.com\/","name":"Dostawca cz\u0119\u015bci do d\u017awig\u00f3w - HL Crame","description":"Kompleksowe rozwi\u0105zanie dla wszystkich potrzeb zwi\u0105zanych z cz\u0119\u015bciami d\u017awigowymi, hak d\u017awigowy, b\u0119ben d\u017awigowy, ko\u0142o d\u017awigowe, sprz\u0119g\u0142o d\u017awigowe, skrzynia bieg\u00f3w d\u017awigu, silnik d\u017awigowy, hamulec d\u017awigowy, specjalny rozpieracz d\u017awigowy, chwytak d\u017awigowy, rozpieracz kontenerowy, zaciski d\u017awigowe k\u0119sowe, rozpieracz typu C d\u017awigu,Elektromagnes podnosz\u0105cy, zaciski szynowe d\u017awigu, wci\u0105gnik elektryczny, standardowe w\u00f3zki ko\u0144cowe d\u017awigu FEM, lekkie cz\u0119\u015bci d\u017awigu, cz\u0119\u015bci d\u017awigu stacji roboczej, cz\u0119\u015bci elektryczne d\u017awigu, w\u00f3zek kablowy dwuteowy, pilot zdalnego sterowania d\u017awigu, elektryczna szafa sterownicza d\u017awigu,Wy\u0142\u0105cznik kra\u0144cowy d\u017awigu, alarm d\u017awi\u0119kowy i \u015bwietlny d\u017awigu, z\u0142\u0105cze lotnicze o du\u017cej wytrzyma\u0142o\u015bci, ogranicznik przeci\u0105\u017cenia d\u017awigu, dostawca cz\u0119\u015bci do d\u017awig\u00f3w w Chinach, haki d\u017awigowe, hak suwnicy bramowej, akcesoria d\u017awigowe, hak kuty, obr\u00f3bka hak\u00f3w, producent hak\u00f3w, standardowy hak d\u017awigowy w Chinach, hak wci\u0105gnika elektrycznego, ko\u0142o pasowe d\u017awigu, ko\u0142o pasowe haka, ko\u0142o pasowe walcowane, dostawca ko\u0142a pasowego d\u017awigu, europejskie ko\u0142o pasowe haka, ko\u0142o pasowe haka suwnicy bramowej, b\u0119ben d\u017awigowy typu WZL, zestaw b\u0119bn\u00f3w w stylu europejskim, b\u0119ben d\u017awigowy,cz\u0119\u015bci d\u017awigowe, obr\u00f3bka b\u0119bn\u00f3w, producent b\u0119bn\u00f3w d\u017awigowych, b\u0119ben stalowy odlewany, b\u0119ben wci\u0105gnika elektrycznego, monta\u017c b\u0119bna d\u017awigowego, bloki k\u00f3\u0142 DRS, europejskie ko\u0142o d\u017awigowe, ko\u0142a kute, zestaw k\u00f3\u0142 aktywnych, zestaw k\u00f3\u0142 nap\u0119dowych, grupa k\u00f3\u0142 nap\u0119dowych, producent k\u00f3\u0142 d\u017awigowych, ko\u0142a d\u017awigowe Demag, ko\u0142a d\u017awigowe Konecranes, ko\u0142o suwnicy, sprz\u0119g\u0142a wa\u0142u, sprz\u0119g\u0142a do przenoszenia mocy, sprz\u0119g\u0142a tarczowe, sprz\u0119g\u0142a p\u0142ynowe, producent sprz\u0119gie\u0142, sprz\u0119g\u0142o Cardana, reduktor d\u017awigu,Zwalniacze d\u017awigu, Reduktor skrzyni bieg\u00f3w, Reduktor do d\u017awigu, Reduktor bieg\u00f3w do d\u017awigu, Reduktor o twardej powierzchni z\u0119ba Reduktor d\u017awigu i wci\u0105gnika, Reduktor Flender, Producent reduktor\u00f3w, Reduktor ZQ, Reduktor QJ, Reduktor QJY, Silniki przek\u0142adniowe, Reduktor Konecranes,Reduktor serii F trzy w jednym, reduktor serii K trzy w jednym, maszyny jezdne, silnik jezdny z przek\u0142adni\u0105, silnik przek\u0142adniowy do jazdy d\u017awigiem, maszyny jezdne Silniki z przetwornic\u0105 cz\u0119stotliwo\u015bci, standardowe silniki przek\u0142adniowe FEM, silniki d\u017awigowe,Silniki falownika, Silniki wci\u0105gnika, silnik Silniki d\u017awigowe, Specjalny silnik do d\u017awigu, Silniki serii YZR YZP YZ, Silnik d\u017awigu i wci\u0105gnika, Silnik konwersji cz\u0119stotliwo\u015bci, Elektrohydrauliczne hamulce b\u0119bnowe, Elektrohydrauliczne hamulce tarczowe, Hamulec, Suwnica Hamulce, Hamulce tarczowe, Elektromagnetyczny hamulec tarczowy, Hydrauliczny hamulec tarczowy d\u017awigu, Producent hamulc\u00f3w, d\u017awig Hamulce bezpiecze\u0144stwa, Chwytak linowy pojedynczy, Chwytak czterolinowy, Elektrohydrauliczny chwytak wielop\u0142atowy, Chwytak ze sk\u00f3rk\u0105 pomara\u0144czow\u0105, Chwytak silnika elektrycznego,chwytak elektrohydrauliczny, producenci chwytak\u00f3w, producenci rozrzutnik\u00f3w kontener\u00f3w, rozrzutnik kontener\u00f3w 20 st\u00f3p, p\u00f3\u0142automatyczny rozrzutnik kontener\u00f3w, rama do podnoszenia kontener\u00f3w 40 st\u00f3p, rozrzutnik kontener\u00f3w TEC, zacisk do podnoszenia k\u0119s\u00f3w, zaciski k\u0119s\u00f3w, producent zacisk\u00f3w d\u017awigowych k\u0119s\u00f3w, dostawca zacisk\u00f3w do podnoszenia k\u0119s\u00f3w w Chinach, hak typu C cewki, hak cewki, hak typu C cewki stalowej suwnicy, hak typu C suwnicy, rozrzutnik typu C, hak typu C, magnesy suwnicy, urz\u0105dzenie do mocowania szyn,Urz\u0105dzenie do mocowania szyn d\u017awigowych, zacisk szynowy d\u017awigu, elektryczny wci\u0105gnik linowy CD \/ MD, elektryczny wci\u0105gnik linowy Chiny Producent, elektryczny wci\u0105gnik linowy jednod\u017awigarowy, elektryczny wci\u0105gnik linowy dwud\u017awigarowy, wci\u0105gnik \u0142a\u0144cuchowy, producent elektrycznych wci\u0105gnik\u00f3w \u0142a\u0144cuchowych, elektryczny wci\u0105gnik \u0142a\u0144cuchowy Chiny dystrybutor, europejski elektryczny wci\u0105gnik linowy, europejski elektryczny wci\u0105gnik linowy z podw\u00f3jn\u0105 belk\u0105, europejski w\u00f3zek ko\u0144cowy suwnicy jednobelkowej, europejski w\u00f3zek ko\u0144cowy suwnicy jednobelkowej FEN \/ DIN,Producenci belek ko\u0144cowych \u017curawia, europejski wci\u0105gnik z podw\u00f3jn\u0105 belk\u0105 d\u017awigow\u0105, belka ko\u0144cowa \u017curawia podwieszanego, europejska belka ko\u0144cowa \u017curawia z pojedyncz\u0105 belk\u0105 podwieszan\u0105, belka ko\u0144cowa \u017curawia podwieszanego FEN\/DIN, w\u00f3zek kablowy \u017curawia, pilot bezprzewodowy, pilot zdalnego sterowania, uchwyt steruj\u0105cy \u017curawia, sterowanie \u017curawiem, elektryczna szafa sterownicza, szafa sterownicza \u017curawia, wy\u0142\u0105cznik kra\u0144cowy, alarm d\u017awi\u0119kowy i \u015bwietlny, wtyczka lotnicza, szybkoz\u0142\u0105cze, wtyczka lotnicza \u017curawia, ogranicznik przeci\u0105\u017cenia","publisher":{"@id":"https:\/\/www.hnhlcrane.com\/#organization"},"potentialAction":[{"@type":"SearchAction","target":{"@type":"EntryPoint","urlTemplate":"https:\/\/www.hnhlcrane.com\/?s={search_term_string}"},"query-input":{"@type":"PropertyValueSpecification","valueRequired":true,"valueName":"search_term_string"}}],"inLanguage":"pl-PL"},{"@type":"Organization","@id":"https:\/\/www.hnhlcrane.com\/#organization","name":"Dostawca cz\u0119\u015bci do d\u017awig\u00f3w - HL Crame","url":"https:\/\/www.hnhlcrane.com\/","logo":{"@type":"ImageObject","inLanguage":"pl-PL","@id":"https:\/\/www.hnhlcrane.com\/#\/schema\/logo\/image\/","url":"https:\/\/www.hnhlcrane.com\/wp-content\/uploads\/2024\/09\/logo6-1-e1733899395598.png","contentUrl":"https:\/\/www.hnhlcrane.com\/wp-content\/uploads\/2024\/09\/logo6-1-e1733899395598.png","width":1000,"height":282,"caption":"Crane Parts Supplier-HL Crame"},"image":{"@id":"https:\/\/www.hnhlcrane.com\/#\/schema\/logo\/image\/"}}]}},"_links":{"self":[{"href":"https:\/\/www.hnhlcrane.com\/pl\/wp-json\/wp\/v2\/product\/5519","targetHints":{"allow":["GET"]}}],"collection":[{"href":"https:\/\/www.hnhlcrane.com\/pl\/wp-json\/wp\/v2\/product"}],"about":[{"href":"https:\/\/www.hnhlcrane.com\/pl\/wp-json\/wp\/v2\/types\/product"}],"version-history":[{"count":1,"href":"https:\/\/www.hnhlcrane.com\/pl\/wp-json\/wp\/v2\/product\/5519\/revisions"}],"predecessor-version":[{"id":6969,"href":"https:\/\/www.hnhlcrane.com\/pl\/wp-json\/wp\/v2\/product\/5519\/revisions\/6969"}],"wp:featuredmedia":[{"embeddable":true,"href":"https:\/\/www.hnhlcrane.com\/pl\/wp-json\/wp\/v2\/media\/5520"}],"wp:attachment":[{"href":"https:\/\/www.hnhlcrane.com\/pl\/wp-json\/wp\/v2\/media?parent=5519"}],"wp:term":[{"taxonomy":"product_brand","embeddable":true,"href":"https:\/\/www.hnhlcrane.com\/pl\/wp-json\/wp\/v2\/product_brand?post=5519"},{"taxonomy":"product_cat","embeddable":true,"href":"https:\/\/www.hnhlcrane.com\/pl\/wp-json\/wp\/v2\/product_cat?post=5519"},{"taxonomy":"product_tag","embeddable":true,"href":"https:\/\/www.hnhlcrane.com\/pl\/wp-json\/wp\/v2\/product_tag?post=5519"}],"curies":[{"name":"wp","href":"https:\/\/api.w.org\/{rel}","templated":true}]}}