{"id":5659,"date":"2024-12-03T17:07:45","date_gmt":"2024-12-03T09:07:45","guid":{"rendered":"https:\/\/www.hnhlcrane.com\/?post_type=product&#038;p=5659"},"modified":"2024-12-06T13:37:05","modified_gmt":"2024-12-06T05:37:05","slug":"fem-ophanging-kraankopdragers","status":"publish","type":"product","link":"https:\/\/www.hnhlcrane.com\/nl\/product\/fem-ophanging-kraankopdragers\/","title":{"rendered":"FEM geveerde kraankopdragers"},"content":{"rendered":"<h6><strong><span style=\"font-family: arial, helvetica, sans-serif; font-size: 18pt;\">De hoofdkenmerken van de FEM hangkraankopdragers zijn onder andere:<\/span><\/strong><\/h6>\n<ul>\n<li><strong>Compacte structuur<\/strong>: Het ontwerp van de FEM hangkraankopdragers is zeer compact. Dit ontwerp geeft de algehele structuur niet alleen een strak en ongecompliceerd uiterlijk, maar vergemakkelijkt ook het laden, lossen en onderhoud.<\/li>\n<li><strong>Lichtgewicht ontwerp<\/strong>: Door gebruik te maken van geavanceerde fabricagetechnologie\u00ebn en lichtgewicht materialen is het gewicht van de Europese eindwagen met ophanging aanzienlijk verlaagd. Hierdoor is hij niet alleen gemakkelijker te verplaatsen en te installeren, maar verbruikt hij ook minder energie en is hij beter voor het milieu.<\/li>\n<li><strong>Hoge sterkte<\/strong>: De eindwagens zijn gemaakt van materialen met een hoge sterkte en geoptimaliseerde structurele ontwerpen, waardoor ze zware lasten kunnen dragen en onverwachte schokken kunnen weerstaan, waardoor de sterkte en stabiliteit van de structuur wordt gegarandeerd.<\/li>\n<li><strong>Veiligheidsbescherming<\/strong>: Uitgerust met een uitgebreid veiligheidsbeveiligingssysteem, inclusief ontsporingsbeveiligingen en buffers, zorgt het systeem voor een veilige werking van de uitrusting.<\/li>\n<li><strong>Hoge precisie productie<\/strong>: De eindwagens zijn vervaardigd met zeer nauwkeurige processen, zoals CNC-boren en boutverbindingen met hoge sterkte, waardoor de apparatuur nauwkeurig en soepel werkt.<\/li>\n<\/ul>\n<h6><strong><span style=\"font-family: arial, helvetica, sans-serif; font-size: 18pt;\">Specifieke voordelen van de FEM opgehangen kraankopdragers zijn onder andere:<\/span><\/strong><\/h6>\n<ul>\n<li><strong>Energie-effici\u00ebntie<\/strong>: Dankzij hun lichte en effici\u00ebnte ontwerp presteren Europese eindwagens met vering uitstekend op het gebied van energieverbruik, wat aansluit bij de principes van een groen ontwerp.<\/li>\n<li><strong>Bedieningsgemak<\/strong>: Bij het ontwerp van de eindwagens is rekening gehouden met het gebruiksgemak. Optionele functies, zoals draadloze afstandsbedieningen, vergroten de operationele flexibiliteit en het gebruiksgemak.<\/li>\n<li><strong>Hoge veiligheid<\/strong>: Met meerdere beschermende maatregelen, zoals bescherming tegen oververhitting en overbelasting, garandeert de apparatuur een veilige werking.<\/li>\n<li><strong>Breed toepasbaar<\/strong>: Door hun lichte gewicht en compacte afmetingen zijn Europese eindwagens met ophanging geschikt voor een groot aantal werkomgevingen, waardoor op bouwkosten wordt bespaard.<\/li>\n<\/ul>\n<p>De toepassingsscenario's voor FEM hangkraankopdragers zijn enorm. Dankzij hun lichte gewicht, hoge sterkte en veiligheidskenmerken worden deze eindwagens veel gebruikt in moderne industri\u00eble omgevingen, zoals fabrieken en magazijnen, waar een effici\u00ebnte en veilige materiaalhantering essentieel is. Door hun compacte ontwerp en hoge effici\u00ebntie zijn ze ideaal voor maximale prestaties in kleine ruimtes, waardoor ze geschikt zijn voor verschillende industri\u00eble toepassingen.<\/p>\n<h6><strong><span style=\"font-family: arial, helvetica, sans-serif; font-size: 18pt;\">1.DU10 3.2t Eindwagens van hangkranen<\/span><\/strong><\/h6>\n<p><img fetchpriority=\"high\" decoding=\"async\" class=\"alignnone  wp-image-5673\" src=\"https:\/\/www.hnhlcrane.com\/wp-content\/uploads\/2024\/12\/FEM-Suspension-crane-end-carriages-3.2t-300x211.jpg\" alt=\"\" width=\"800\" height=\"563\" srcset=\"https:\/\/www.hnhlcrane.com\/wp-content\/uploads\/2024\/12\/FEM-Suspension-crane-end-carriages-3.2t-300x211.jpg 300w, https:\/\/www.hnhlcrane.com\/wp-content\/uploads\/2024\/12\/FEM-Suspension-crane-end-carriages-3.2t-768x540.jpg 768w, https:\/\/www.hnhlcrane.com\/wp-content\/uploads\/2024\/12\/FEM-Suspension-crane-end-carriages-3.2t-600x422.jpg 600w, https:\/\/www.hnhlcrane.com\/wp-content\/uploads\/2024\/12\/FEM-Suspension-crane-end-carriages-3.2t.jpg 1000w\" sizes=\"(max-width: 800px) 100vw, 800px\" \/><\/p>\n<p>\u2460 buffer<i>\uff1b<\/i>Eindstraal<i>\uff1b<\/i>Wielen<i>(aandrijving)<\/i><i>\uff1b<\/i>Wielen<i>(inactief)<\/i><i>\uff1b<\/i>Wielen<i>(stationair of rijden)<\/i><\/p>\n<h6><strong><span style=\"font-family: arial, helvetica, sans-serif; font-size: 18pt;\">2.DU13 5t Eindwagens opschortingskraan<\/span><\/strong><\/h6>\n<p><img decoding=\"async\" class=\"alignnone  wp-image-5674\" src=\"https:\/\/www.hnhlcrane.com\/wp-content\/uploads\/2024\/12\/FEM-Suspension-crane-end-carriages-5t-300x226.jpg\" alt=\"\" width=\"799\" height=\"602\" srcset=\"https:\/\/www.hnhlcrane.com\/wp-content\/uploads\/2024\/12\/FEM-Suspension-crane-end-carriages-5t-300x226.jpg 300w, https:\/\/www.hnhlcrane.com\/wp-content\/uploads\/2024\/12\/FEM-Suspension-crane-end-carriages-5t-768x578.jpg 768w, https:\/\/www.hnhlcrane.com\/wp-content\/uploads\/2024\/12\/FEM-Suspension-crane-end-carriages-5t-600x451.jpg 600w, https:\/\/www.hnhlcrane.com\/wp-content\/uploads\/2024\/12\/FEM-Suspension-crane-end-carriages-5t.jpg 1000w\" sizes=\"(max-width: 799px) 100vw, 799px\" \/><\/p>\n<p>\u2460 buffer<i>\uff1b<\/i>Eindstraal<i>\uff1b<\/i>Wielen<i>(aandrijving)\uff1b<\/i>Wielen<i>(inactief)\uff1b<\/i>Wielen<i>(stationair of rijden)<\/i><\/p>\n<h6><strong><span style=\"font-family: arial, helvetica, sans-serif; font-size: 18pt;\">3.DU16 10t Eindwagens van hangkranen<\/span><\/strong><\/h6>\n<p><img decoding=\"async\" class=\"alignnone  wp-image-5675\" src=\"https:\/\/www.hnhlcrane.com\/wp-content\/uploads\/2024\/12\/FEM-Suspension-crane-end-carriages-10t-300x216.jpg\" alt=\"\" width=\"800\" height=\"576\" srcset=\"https:\/\/www.hnhlcrane.com\/wp-content\/uploads\/2024\/12\/FEM-Suspension-crane-end-carriages-10t-300x216.jpg 300w, https:\/\/www.hnhlcrane.com\/wp-content\/uploads\/2024\/12\/FEM-Suspension-crane-end-carriages-10t-768x553.jpg 768w, https:\/\/www.hnhlcrane.com\/wp-content\/uploads\/2024\/12\/FEM-Suspension-crane-end-carriages-10t-600x432.jpg 600w, https:\/\/www.hnhlcrane.com\/wp-content\/uploads\/2024\/12\/FEM-Suspension-crane-end-carriages-10t.jpg 1000w\" sizes=\"(max-width: 800px) 100vw, 800px\" \/><\/p>\n<p>\u2460 buffer<i>\uff1b<\/i>Eindstraal<i>\uff1b<\/i>Wielen<i>(aandrijving)\uff1b<\/i>Wielen<i>(inactief)\uff1b<\/i>Wielen<i>(stationair of rijden)<\/i><\/p>","protected":false},"excerpt":{"rendered":"<h6><strong><span style=\"font-family: arial, helvetica, sans-serif; font-size: 14pt;\">Specificaties van <\/span><span style=\"font-family: arial, helvetica, sans-serif; font-size: 14pt;\">FEM geveerde kraankopdragers<\/span><\/strong><\/h6>\n<ul>\n<li><strong>Modellen<\/strong>:DU10,DU13,DU16<\/li>\n<li><strong>Materiaal wiel<\/strong>: 40Cr<\/li>\n<li><strong>Typen wielverbindingen<\/strong>: versnelling<\/li>\n<li><strong>Vergelijkbare baanvorm:<\/strong> I-balk, H-balk<\/li>\n<\/ul>","protected":false},"featured_media":5660,"template":"","meta":{"_kad_post_transparent":"default","_kad_post_title":"","_kad_post_layout":"default","_kad_post_sidebar_id":"","_kad_post_content_style":"default","_kad_post_vertical_padding":"show","_kad_post_feature":"","_kad_post_feature_position":"","_kad_post_header":false,"_kad_post_footer":false},"product_brand":[],"product_cat":[62,61],"product_tag":[253,255,252,256,251,258,249,248,247,250,254,259,257],"class_list":{"0":"post-5659","1":"product","2":"type-product","3":"status-publish","4":"has-post-thumbnail","6":"product_cat-fem-standard-crane-end-carriages","7":"product_cat-fem-standard-crane-parts","8":"product_tag-crane-end-beam","9":"product_tag-crane-end-beam-manufacturers","10":"product_tag-end-carriages","11":"product_tag-european-style-hoist-double-beam-crane-end-beam","12":"product_tag-european-style-single-beam-crane-end-carriage","13":"product_tag-european-style-suspended-single-beam-crane-end-beam","14":"product_tag-fem-double-girder-crane-end-carriages","15":"product_tag-fem-single-girder-crane-end-carriages","16":"product_tag-fem-standard-crane-end-carriages","17":"product_tag-fem-suspension-crane-end-carriages","18":"product_tag-fen-din-european-style-single-beam-crane-end-carriage","19":"product_tag-fen-din-suspension-crane-end-beam","20":"product_tag-suspension-crane-end-beam","22":"first","23":"instock","24":"featured","25":"shipping-taxable","26":"product-type-simple","27":"entry","28":"content-bg","29":"loop-entry"},"yoast_head":"<!-- This site is optimized with the Yoast SEO plugin v25.6 - https:\/\/yoast.com\/wordpress\/plugins\/seo\/ -->\n<title>FEM Suspension crane end carriages -European End Carriage<\/title>\n<meta name=\"description\" content=\"Suspension crane end beam,European style suspended single beam crane end beam,FEN\/DIN Suspension crane end beam,FEM Suspension crane end carriages\" \/>\n<meta name=\"robots\" content=\"index, follow, max-snippet:-1, max-image-preview:large, max-video-preview:-1\" \/>\n<link rel=\"canonical\" href=\"https:\/\/www.hnhlcrane.com\/nl\/product\/fem-ophanging-kraankopdragers\/\" \/>\n<meta property=\"og:locale\" content=\"nl_NL\" \/>\n<meta property=\"og:type\" content=\"article\" \/>\n<meta property=\"og:title\" content=\"FEM Suspension crane end carriages -European End Carriage\" \/>\n<meta property=\"og:description\" content=\"Suspension crane end beam,European style suspended single beam crane end beam,FEN\/DIN Suspension crane end beam,FEM Suspension crane end carriages\" \/>\n<meta property=\"og:url\" content=\"https:\/\/www.hnhlcrane.com\/nl\/product\/fem-ophanging-kraankopdragers\/\" \/>\n<meta property=\"og:site_name\" content=\"Crane Parts Supplier-HL Crame\" \/>\n<meta property=\"article:modified_time\" content=\"2024-12-06T05:37:05+00:00\" \/>\n<meta property=\"og:image\" content=\"https:\/\/www.hnhlcrane.com\/wp-content\/uploads\/2024\/12\/FEM-Suspension-crane-end-carriages.jpg\" \/>\n\t<meta property=\"og:image:width\" content=\"600\" \/>\n\t<meta property=\"og:image:height\" content=\"600\" \/>\n\t<meta property=\"og:image:type\" content=\"image\/jpeg\" \/>\n<meta name=\"twitter:card\" content=\"summary_large_image\" \/>\n<meta name=\"twitter:label1\" content=\"Geschatte leestijd\" \/>\n\t<meta name=\"twitter:data1\" content=\"3 minuten\" \/>\n<script type=\"application\/ld+json\" class=\"yoast-schema-graph\">{\"@context\":\"https:\/\/schema.org\",\"@graph\":[{\"@type\":\"WebPage\",\"@id\":\"https:\/\/www.hnhlcrane.com\/product\/fem-suspension-crane-end-carriages\/\",\"url\":\"https:\/\/www.hnhlcrane.com\/product\/fem-suspension-crane-end-carriages\/\",\"name\":\"FEM Suspension crane end carriages -European End Carriage\",\"isPartOf\":{\"@id\":\"https:\/\/www.hnhlcrane.com\/#website\"},\"primaryImageOfPage\":{\"@id\":\"https:\/\/www.hnhlcrane.com\/product\/fem-suspension-crane-end-carriages\/#primaryimage\"},\"image\":{\"@id\":\"https:\/\/www.hnhlcrane.com\/product\/fem-suspension-crane-end-carriages\/#primaryimage\"},\"thumbnailUrl\":\"https:\/\/www.hnhlcrane.com\/wp-content\/uploads\/2024\/12\/FEM-Suspension-crane-end-carriages.jpg\",\"datePublished\":\"2024-12-03T09:07:45+00:00\",\"dateModified\":\"2024-12-06T05:37:05+00:00\",\"description\":\"Suspension crane end beam,European style suspended single beam crane end beam,FEN\/DIN Suspension crane end beam,FEM Suspension crane end carriages\",\"breadcrumb\":{\"@id\":\"https:\/\/www.hnhlcrane.com\/product\/fem-suspension-crane-end-carriages\/#breadcrumb\"},\"inLanguage\":\"nl-NL\",\"potentialAction\":[{\"@type\":\"ReadAction\",\"target\":[\"https:\/\/www.hnhlcrane.com\/product\/fem-suspension-crane-end-carriages\/\"]}]},{\"@type\":\"ImageObject\",\"inLanguage\":\"nl-NL\",\"@id\":\"https:\/\/www.hnhlcrane.com\/product\/fem-suspension-crane-end-carriages\/#primaryimage\",\"url\":\"https:\/\/www.hnhlcrane.com\/wp-content\/uploads\/2024\/12\/FEM-Suspension-crane-end-carriages.jpg\",\"contentUrl\":\"https:\/\/www.hnhlcrane.com\/wp-content\/uploads\/2024\/12\/FEM-Suspension-crane-end-carriages.jpg\",\"width\":600,\"height\":600},{\"@type\":\"BreadcrumbList\",\"@id\":\"https:\/\/www.hnhlcrane.com\/product\/fem-suspension-crane-end-carriages\/#breadcrumb\",\"itemListElement\":[{\"@type\":\"ListItem\",\"position\":1,\"name\":\"home\",\"item\":\"https:\/\/www.hnhlcrane.com\/\"},{\"@type\":\"ListItem\",\"position\":2,\"name\":\"products\",\"item\":\"https:\/\/www.hnhlcrane.com\/products\/\"},{\"@type\":\"ListItem\",\"position\":3,\"name\":\"FEM Suspension crane end carriages\"}]},{\"@type\":\"WebSite\",\"@id\":\"https:\/\/www.hnhlcrane.com\/#website\",\"url\":\"https:\/\/www.hnhlcrane.com\/\",\"name\":\"Crane Parts Supplier-HL Crame\",\"description\":\"One-stop solution for all your  crane parts needs,Crane Hook,Crane Drum,Crane Wheel,Crane Coupling,Crane Gearbox,Crane Motor,Crane Brake,Special Crane Spreader,Crane grab,Container spreader,Billet crane clamps,Crane C-type spreader,Lifting Electromagnet,Crane Rail Clips,Electric Hoist,FEM Standard Crane End Carriages,Light Crane Parts,Workstation Crane Parts,Crane Electrical Parts,I-beam cable trolley,Crane remote controller,Crane electrical control cabinet,Crane limit switch,Crane sound and light alarm,Heavy Duty Aviation Connector,Crane overload limiter,China Crane Parts Supplier,Crane hooks,Gantry crane hook,Crane accessories,Forged hook,hook processing,Hook manufacturer,China standard crane hook,electric hoist hook,Crane pulley,Hook pulley,Rolled pulley,Crane Pulley Supplier\uff0cEuropean hook pulley,Gantry crane hook pulley,WZL type crane drum,European style reel set,Crane reel,crane parts,Drum processing,crane drum manufacturer,Cast steel drum,Electric hoist drum,Crane drum assembly,DRS Wheel Blocks,European crane wheel,Forged wheels,Active wheel set,Driving wheel set,Driven wheel group,crane wheels manufacturer,Demag crane wheels,Konecranes Crane Wheels,Overhead crane Wheel,Shaft couplings,Power Transmission Couplings,Disc Couplings,Fluid couplings,Coupling manufacturer\uff0cCardan coupling,Crane Reducer,Crane Decelerators,Reducer gearbox,Reducer for crane,Gear Reducer For Crane,Hard tooth surface reducerCrane and hoist reducer,Flender reducer,Reducer manufacturer,ZQ reducer,QJ reducer,QJY reducer,Gear Motors,Konecranes reducer,F series three-in-one reducer,K series three-in-one reducer,travelling machinery,Travelling Motor With Gear,Gear Motor for Crane Traveling,Travelling machinery Frequency inverter motors,FEM standard Gear Motors,Crane motors,Inverter motors,Hoist motors,motorCrane duty motors,Special motor for crane,YZR YZP YZ series motors,Crane and hoist motor,Frequency conversion motor,Electro hydraulic drum brakes,Electro-hydraulic disc brakes,Brake,Overhead Crane Brakes,Disc brakes,Electromagnetic disk brake,Crane hydraulic disc brake,Brakes manufacturer,crane Safety brakes,Singlr rope grab,Four rope grab,Electro-hydraulic multi-flap grab,Orange peel grab,Electric motor grab,Electro-Hydraulicclamshell grab,grab manufacturers,Container spreader manufacturers,20ft Container Spreader,Semi Automatic container spreader,40ft Container Lifting Frame,TEC container Spreader,Billet lifting clamp,Billet Clamps,Billet crane clamps manufacturer,billet lifting clamps china supplier,Coil C-Type Hook,coil hook,Overhead Crane Steel Coil C-Type Hook,Crane C-hook,C-type spreader,C-type hook,Crane magnets,Rail fixing device,Crane Rail fixing device,crane Rail Clamp,CD\/MD Wire Rope Electric Hoist,Wire Rope Electric Hoist China Manufacturer,Single Girder Wire Rope Electric Hoist,Double Girder Wire Rope Electric Hoist,Chain Hoist,Electric chain hoist manufacturer,Electric chain hoist China distributor,European wire rope electric hoist\uff0cEuropean double beam wire rope electric hoist,European Style Single Beam Crane End Carriage,FEN\/DIN European Style Single Beam Crane End Carriage,Crane end beam manufacturers,European style hoist double beam crane end beam,Suspension crane end beam,European style suspended single beam crane end beam,FEN\/DIN Suspension crane end beam,crane cable trolley,Wireless remote control,remote controller,Crane control handle,Crane Controls,electrical control cabinet,crane control cabinet,Limit switch,Sound and light alarm,Aviation plug,quick connector,Crane aviation plug,Overload limiter\",\"publisher\":{\"@id\":\"https:\/\/www.hnhlcrane.com\/#organization\"},\"potentialAction\":[{\"@type\":\"SearchAction\",\"target\":{\"@type\":\"EntryPoint\",\"urlTemplate\":\"https:\/\/www.hnhlcrane.com\/?s={search_term_string}\"},\"query-input\":{\"@type\":\"PropertyValueSpecification\",\"valueRequired\":true,\"valueName\":\"search_term_string\"}}],\"inLanguage\":\"nl-NL\"},{\"@type\":\"Organization\",\"@id\":\"https:\/\/www.hnhlcrane.com\/#organization\",\"name\":\"Crane Parts Supplier-HL Crame\",\"url\":\"https:\/\/www.hnhlcrane.com\/\",\"logo\":{\"@type\":\"ImageObject\",\"inLanguage\":\"nl-NL\",\"@id\":\"https:\/\/www.hnhlcrane.com\/#\/schema\/logo\/image\/\",\"url\":\"https:\/\/www.hnhlcrane.com\/wp-content\/uploads\/2024\/09\/logo6-1-e1733899395598.png\",\"contentUrl\":\"https:\/\/www.hnhlcrane.com\/wp-content\/uploads\/2024\/09\/logo6-1-e1733899395598.png\",\"width\":1000,\"height\":282,\"caption\":\"Crane Parts Supplier-HL Crame\"},\"image\":{\"@id\":\"https:\/\/www.hnhlcrane.com\/#\/schema\/logo\/image\/\"}}]}<\/script>\n<!-- \/ Yoast SEO plugin. -->","yoast_head_json":{"title":"FEM geveerde kraankopdragers -Europese einddrager","description":"Opschortings kraan eindbalk, Europese stijl opgeschort enkele balk kraan eindbalk, FEN\/DIN Opschortingskraan eindbalk, FEM Opschortingskraan eindwagens","robots":{"index":"index","follow":"follow","max-snippet":"max-snippet:-1","max-image-preview":"max-image-preview:large","max-video-preview":"max-video-preview:-1"},"canonical":"https:\/\/www.hnhlcrane.com\/nl\/product\/fem-ophanging-kraankopdragers\/","og_locale":"nl_NL","og_type":"article","og_title":"FEM Suspension crane end carriages -European End Carriage","og_description":"Suspension crane end beam,European style suspended single beam crane end beam,FEN\/DIN Suspension crane end beam,FEM Suspension crane end carriages","og_url":"https:\/\/www.hnhlcrane.com\/nl\/product\/fem-ophanging-kraankopdragers\/","og_site_name":"Crane Parts Supplier-HL Crame","article_modified_time":"2024-12-06T05:37:05+00:00","og_image":[{"width":600,"height":600,"url":"https:\/\/www.hnhlcrane.com\/wp-content\/uploads\/2024\/12\/FEM-Suspension-crane-end-carriages.jpg","type":"image\/jpeg"}],"twitter_card":"summary_large_image","twitter_misc":{"Geschatte leestijd":"3 minuten"},"schema":{"@context":"https:\/\/schema.org","@graph":[{"@type":"WebPage","@id":"https:\/\/www.hnhlcrane.com\/product\/fem-suspension-crane-end-carriages\/","url":"https:\/\/www.hnhlcrane.com\/product\/fem-suspension-crane-end-carriages\/","name":"FEM geveerde kraankopdragers -Europese einddrager","isPartOf":{"@id":"https:\/\/www.hnhlcrane.com\/#website"},"primaryImageOfPage":{"@id":"https:\/\/www.hnhlcrane.com\/product\/fem-suspension-crane-end-carriages\/#primaryimage"},"image":{"@id":"https:\/\/www.hnhlcrane.com\/product\/fem-suspension-crane-end-carriages\/#primaryimage"},"thumbnailUrl":"https:\/\/www.hnhlcrane.com\/wp-content\/uploads\/2024\/12\/FEM-Suspension-crane-end-carriages.jpg","datePublished":"2024-12-03T09:07:45+00:00","dateModified":"2024-12-06T05:37:05+00:00","description":"Opschortings kraan eindbalk, Europese stijl opgeschort enkele balk kraan eindbalk, FEN\/DIN Opschortingskraan eindbalk, FEM Opschortingskraan eindwagens","breadcrumb":{"@id":"https:\/\/www.hnhlcrane.com\/product\/fem-suspension-crane-end-carriages\/#breadcrumb"},"inLanguage":"nl-NL","potentialAction":[{"@type":"ReadAction","target":["https:\/\/www.hnhlcrane.com\/product\/fem-suspension-crane-end-carriages\/"]}]},{"@type":"ImageObject","inLanguage":"nl-NL","@id":"https:\/\/www.hnhlcrane.com\/product\/fem-suspension-crane-end-carriages\/#primaryimage","url":"https:\/\/www.hnhlcrane.com\/wp-content\/uploads\/2024\/12\/FEM-Suspension-crane-end-carriages.jpg","contentUrl":"https:\/\/www.hnhlcrane.com\/wp-content\/uploads\/2024\/12\/FEM-Suspension-crane-end-carriages.jpg","width":600,"height":600},{"@type":"BreadcrumbList","@id":"https:\/\/www.hnhlcrane.com\/product\/fem-suspension-crane-end-carriages\/#breadcrumb","itemListElement":[{"@type":"ListItem","position":1,"name":"home","item":"https:\/\/www.hnhlcrane.com\/"},{"@type":"ListItem","position":2,"name":"products","item":"https:\/\/www.hnhlcrane.com\/products\/"},{"@type":"ListItem","position":3,"name":"FEM Suspension crane end carriages"}]},{"@type":"WebSite","@id":"https:\/\/www.hnhlcrane.com\/#website","url":"https:\/\/www.hnhlcrane.com\/","name":"Kraan onderdelen leverancier-HL Crame","description":"One-stop-oplossing voor al uw kraanonderdelen, Kraanhaak, Kraanrommel, Kraanwiel, Kraankoppeling, Kraanversnellingsbak, Kraanmotor, Kraanrem, Speciale Kraanspreider, Kraangrijper, Containerspreider, Billet kraanklemmen, Kraan C-type spreider,Hijsen elektromagneet, kraanrail klemmen, elektrische takel, FEM standaard kraan eindwagens, licht kraan onderdelen, werkplek kraan onderdelen, kraan elektrische onderdelen, I-balk kabel trolley, kraan afstandsbediening, kraan elektrische schakelkast,Kraan eindschakelaar, Kraan geluid en licht alarm, Heavy Duty Aviation Connector, Kraan overbelasting begrenzer, China kraan onderdelen leverancier, Kraan haken, Portaal kraan haak, Kraan accessoires, Gesmede haak, haak verwerking, Haak fabrikant, China standaard kraanhaak, elektrische takel haak, Kraan katrol, Haak katrol, Gerolde katrol, Kraan katrol leverancier, Europese haak katrol, Portaal kraan haak katrol, WZL type kraan trommel, Europese stijl haspel set, Kraan haspel,kraanonderdelen,Trommelverwerking,Kraantrommelfabrikant,Gietstalen trommel,Elektrische hijstrommel,Kraantrommelassemblage,DRS Wielblokken,Europees kraanwiel,Gesmede wielen,Actieve wielset,Aandrijfwielset,Aandrijfwielgroep,Kraantrommelfabrikant,Demag kraanwielen,Konecranes Kraanwielen,Bovenloopkraanwiel,Askoppelingen,Aandrijfkoppelingen,Schijfkoppelingen,Vloeistofkoppelingen,Koppelingfabrikant\uff0cKraankoppeling,Kraanreduceer,Kraanvertragers,Reductortandwielkast,Reductortandwielkast voor kraan,Reductortandwiel voor kraan,Reductortandwiel voor kraan,Reductortandwiel voor kraan en takel,Reductortandwiel Flender,Fabrikant reductortandwiel,Reductortandwiel ZQ,Reductortandwiel QJ,Reductortandwiel QJY,Reductortandwielmotoren,Reductortandwiel Konecranes,F serie drie-in-een reductiemiddel,K serie drie-in-een reductiemiddel,Reizende machines,Reizende motor met tandwiel,Motor met tandwiel voor kranen,Reizende machines Frequentieomvormermotoren,FEM standaard tandwielmotoren,Kraanmotoren,Omvormermotoren,Hijsmotoren,MotorKraanmotoren,Speciale motor voor kraan,YZR YZP YZ-motoren,Kraan- en hijsmotor,Frequentieomvormermotor,Elektrohydraulische trommelremmen,Elektrohydraulische schijfremmen,Remmen,Bovenloopkraanremmen,Schijfremmen,Elektromagnetische schijfrem,Hydraulische schijfrem voor kraan,Remmenfabrikant,Veiligheidsremmen voor kraan,Enkeltouwgrijper,Viertouwgrijper,Elektrohydraulische meervoudige grijper,Sinaasappelschilgrijper,Elektrische motorgrijper,Electrohydraulicclamshellgrijper,grijperfabrikanten,Containerspreiderfabrikanten,20ft Containerspreider,SemiAutomatische Containerspreider,40ft Containerhijsframe,TEC-containerspreider,Billethefklem,Billetklemmen,Billetkraanklemmenfabrikant,billethefklemmenin chinaleverancier,Rol C-Typehaak,spoelhaak,Bovenloopkraanstaalrol C-Typehaak,Kraan C-haak,C-type spreider,C-typehaak,Kraanmagneten,Railbevestigingsapparaat,Kraan Rail bevestiging apparaat, kraan Rail klem, CD \/ MD Wire Rope elektrische takel, Wire Rope elektrische takel China fabrikant, enkelligger staalkabel elektrische takel, dubbelligger staalkabel elektrische takel, kettingtakel, elektrische kettingtakel fabrikant, elektrische kettingtakel China distributeur, Europese staalkabel elektrische takel, Europese dubbele bundel staalkabel elektrische takel, Europese stijl enkele balk kraan eindwagen, FEN\/DIN Europese stijl enkele bundel kraan eindwagen,Kraan eindbalk fabrikanten, Europese stijl takel dubbele balk kraan eindbalk, schorsing kraan eindbalk, Europese stijl geschorst enkele balk kraan eindbalk, FEN\/DIN schorsing kraan eindbalk, kraan kabel trolley, draadloze afstandsbediening, afstandsbediening, kraan bedieningshendel, kraan besturingselementen, elektrische schakelkast, kraan besturingskast, eindschakelaar, geluid en licht alarm, luchtvaart stekker, snelkoppeling, kraan luchtvaart stekker, overbelasting begrenzer","publisher":{"@id":"https:\/\/www.hnhlcrane.com\/#organization"},"potentialAction":[{"@type":"SearchAction","target":{"@type":"EntryPoint","urlTemplate":"https:\/\/www.hnhlcrane.com\/?s={search_term_string}"},"query-input":{"@type":"PropertyValueSpecification","valueRequired":true,"valueName":"search_term_string"}}],"inLanguage":"nl-NL"},{"@type":"Organization","@id":"https:\/\/www.hnhlcrane.com\/#organization","name":"Kraan onderdelen leverancier-HL Crame","url":"https:\/\/www.hnhlcrane.com\/","logo":{"@type":"ImageObject","inLanguage":"nl-NL","@id":"https:\/\/www.hnhlcrane.com\/#\/schema\/logo\/image\/","url":"https:\/\/www.hnhlcrane.com\/wp-content\/uploads\/2024\/09\/logo6-1-e1733899395598.png","contentUrl":"https:\/\/www.hnhlcrane.com\/wp-content\/uploads\/2024\/09\/logo6-1-e1733899395598.png","width":1000,"height":282,"caption":"Crane Parts Supplier-HL Crame"},"image":{"@id":"https:\/\/www.hnhlcrane.com\/#\/schema\/logo\/image\/"}}]}},"_links":{"self":[{"href":"https:\/\/www.hnhlcrane.com\/nl\/wp-json\/wp\/v2\/product\/5659","targetHints":{"allow":["GET"]}}],"collection":[{"href":"https:\/\/www.hnhlcrane.com\/nl\/wp-json\/wp\/v2\/product"}],"about":[{"href":"https:\/\/www.hnhlcrane.com\/nl\/wp-json\/wp\/v2\/types\/product"}],"version-history":[{"count":0,"href":"https:\/\/www.hnhlcrane.com\/nl\/wp-json\/wp\/v2\/product\/5659\/revisions"}],"wp:featuredmedia":[{"embeddable":true,"href":"https:\/\/www.hnhlcrane.com\/nl\/wp-json\/wp\/v2\/media\/5660"}],"wp:attachment":[{"href":"https:\/\/www.hnhlcrane.com\/nl\/wp-json\/wp\/v2\/media?parent=5659"}],"wp:term":[{"taxonomy":"product_brand","embeddable":true,"href":"https:\/\/www.hnhlcrane.com\/nl\/wp-json\/wp\/v2\/product_brand?post=5659"},{"taxonomy":"product_cat","embeddable":true,"href":"https:\/\/www.hnhlcrane.com\/nl\/wp-json\/wp\/v2\/product_cat?post=5659"},{"taxonomy":"product_tag","embeddable":true,"href":"https:\/\/www.hnhlcrane.com\/nl\/wp-json\/wp\/v2\/product_tag?post=5659"}],"curies":[{"name":"wp","href":"https:\/\/api.w.org\/{rel}","templated":true}]}}