{"id":5487,"date":"2024-11-26T01:03:18","date_gmt":"2024-11-25T17:03:18","guid":{"rendered":"https:\/\/www.hnhlcrane.com\/?post_type=product&#038;p=5487"},"modified":"2025-09-10T10:47:44","modified_gmt":"2025-09-10T02:47:44","slug":"hefelektromagneet","status":"publish","type":"product","link":"https:\/\/www.hnhlcrane.com\/nl\/product\/hefelektromagneet\/","title":{"rendered":"Optillende elektromagneet"},"content":{"rendered":"<h6><strong><span style=\"font-family: arial, helvetica, sans-serif; font-size: 18pt;\">Overzicht hefelektromagneten<\/span><\/strong><\/h6>\n<p>A <strong>Optillende elektromagneet<\/strong> is een apparaat dat elektrische stroom door een spoel gebruikt om magnetisme op te wekken, dat verdwijnt wanneer de stroom wordt uitgeschakeld. Ze worden veel gebruikt in industri\u00eble omgevingen, zijn meestal gemaakt van zacht ijzer of siliciumstaal en hebben een volledig afgedicht, vochtbestendig ontwerp. Deze magneten zijn geoptimaliseerd voor een laag gewicht, hoge zuigkracht en laag energieverbruik. De magnetische eigenschappen kunnen eenvoudig worden geregeld door de elektrische stroom aan te passen, waardoor ze veelzijdig en effici\u00ebnt zijn.<\/p>\n<h6><span style=\"font-family: arial, helvetica, sans-serif; font-size: 18pt;\"><strong>Belangrijkste voordelen<\/strong><\/span><\/h6>\n<ul>\n<li><strong>Eenvoudige bediening<\/strong>:\n<ul>\n<li>Magnetisme wordt geactiveerd of gedeactiveerd door eenvoudig de stroom in of uit te schakelen.<\/li>\n<\/ul>\n<\/li>\n<li><strong>Flexibele aanpassing<\/strong>:\n<ul>\n<li>De sterkte en polariteit van het magnetische veld kan worden veranderd door de intensiteit en richting van de stroom aan te passen.<\/li>\n<\/ul>\n<\/li>\n<li><strong>Brede toepassingen<\/strong>:\n<ul>\n<li>Geschikt voor industrie\u00ebn zoals metallurgie, mijnbouw, machines en transport om ferromagnetische materialen zoals staal op te tillen.<\/li>\n<\/ul>\n<\/li>\n<\/ul>\n<h6><span style=\"font-family: arial, helvetica, sans-serif; font-size: 18pt;\"><strong>Toepassingen<\/strong><\/span><\/h6>\n<ul>\n<li><strong>Metallurgie, mijnbouw en machines<\/strong>:\n<ul>\n<li>Voor het heffen van staal, gietijzer en andere magnetische materialen.<\/li>\n<\/ul>\n<\/li>\n<li><strong>Vervoer<\/strong>:\n<ul>\n<li>Wijdverspreid gebruikt in spoorweglogistiek, havens en scheepsbouw om handmatige verwerking van zware ladingen te vervangen.<\/li>\n<\/ul>\n<\/li>\n<li><strong>Speciale omgevingen<\/strong>:\n<ul>\n<li>Kan werken onder extreme omstandigheden, waaronder hoge temperaturen, onder water, stoffige, giftige of koude omgevingen.<\/li>\n<\/ul>\n<\/li>\n<\/ul>\n<h6><span style=\"font-family: arial, helvetica, sans-serif; font-size: 18pt;\"><strong>Gespecialiseerde modellen<\/strong><\/span><\/h6>\n<h6><span style=\"font-family: arial, helvetica, sans-serif; font-size: 14pt;\"><strong>MW5 Series - Schrootstaal hijs elektromagneet<\/strong><\/span><\/h6>\n<ul>\n<li>Ontworpen voor het hijsen van gietijzeren blokken, stalen kogels en diverse soorten schroot.<\/li>\n<\/ul>\n<h6><span style=\"font-family: arial, helvetica, sans-serif; font-size: 14pt;\"><strong>MW12-serie - Rechthoekige elektromagnetische klauwplaat voor gebundeld betonstaal<\/strong><\/span><\/h6>\n<ul>\n<li>Voorzien van een magnetisch circuit met hoge doorlaatbaarheid dat door meerdere luchtspleten kan dringen.<\/li>\n<li>Geschikt voor het hijsen van gebundeld betonstaal; vaak gebruikt in combinaties van meerdere klauwplaten.<\/li>\n<\/ul>\n<h6><span style=\"font-family: arial, helvetica, sans-serif; font-size: 14pt;\"><strong>MW22-serie - Stalen blokken en grote blokken<\/strong><\/span><\/h6>\n<ul>\n<li>Geoptimaliseerd voor het hijsen van stalen blokken, grote blokken en constructiestaalcomponenten.<\/li>\n<\/ul>\n<h6><span style=\"font-family: arial, helvetica, sans-serif; font-size: 14pt;\"><strong>MW84 serie - Elektromagneet voor middelgrote en dikke staalplaten<\/strong><\/span><\/h6>\n<ul>\n<li>Speciaal ontworpen voor het heffen van stalen platen met een gemiddelde dikte (6-32 mm).<\/li>\n<li>Zorgt voor veilige, nauwkeurige en effici\u00ebnte werkzaamheden.<\/li>\n<li>Voor langere stalen platen moeten meerdere elektromagneten tegelijk worden gebruikt.<\/li>\n<li>Verkrijgbaar in twee soorten:\n<ul style=\"list-style-type: circle;\">\n<li><strong>Type 350<\/strong> en <strong>Type 400<\/strong> voor verschillende hefcapaciteiten.<\/li>\n<li><strong>Normale temperatuur<\/strong> en <strong>Hoge temperatuur<\/strong> modellen (tot 700\u00b0C).<\/li>\n<\/ul>\n<\/li>\n<\/ul>\n<h6><span style=\"font-family: arial, helvetica, sans-serif; font-size: 18pt;\"><strong>Waarom kiezen voor hef-elektromagneten?<\/strong><\/span><\/h6>\n<p>Hefelektromagneten zijn essenti\u00eble hulpmiddelen voor effici\u00ebnte materiaalhantering in industrie\u00ebn die frequente en zware hefwerkzaamheden vereisen. Hun vermogen om in verschillende omgevingen te functioneren, gecombineerd met aanpasbare kracht en operationele flexibiliteit, maakt ze van onschatbare waarde in zowel standaard als gespecialiseerde industri\u00eble toepassingen.<\/p>","protected":false},"excerpt":{"rendered":"<p>Kraanmagneten, het Opheffen Elektromagneet<\/p>\n<ul>\n<li><span style=\"font-family: arial, helvetica, sans-serif; font-size: 12pt;\"><strong>MW5 Series - Schrootstaal hijs elektromagneet<\/strong><\/span><\/li>\n<li><span style=\"font-family: arial, helvetica, sans-serif; font-size: 12pt;\"><strong>MW12-serie - Rechthoekige elektromagnetische klauwplaat voor gebundeld betonstaal<\/strong><\/span><\/li>\n<li><span style=\"font-family: arial, helvetica, sans-serif; font-size: 12pt;\"><strong>MW22-serie - Stalen blokken en grote blokken<\/strong><\/span><\/li>\n<li><span style=\"font-family: arial, helvetica, sans-serif; font-size: 12pt;\"><strong>MW84 serie - Elektromagneet voor middelgrote en dikke staalplaten<\/strong><\/span><\/li>\n<\/ul>","protected":false},"featured_media":5488,"template":"","meta":{"_kad_post_transparent":"default","_kad_post_title":"","_kad_post_layout":"default","_kad_post_sidebar_id":"","_kad_post_content_style":"default","_kad_post_vertical_padding":"show","_kad_post_feature":"","_kad_post_feature_position":"","_kad_post_header":false,"_kad_post_footer":false},"product_brand":[],"product_cat":[59],"product_tag":[213,212,185],"class_list":{"0":"post-5487","1":"product","2":"type-product","3":"status-publish","4":"has-post-thumbnail","6":"product_cat-special-crane-spreader","7":"product_tag-crane-magnets","8":"product_tag-lifting-electromagnet","9":"product_tag-special-crane-spreader","11":"first","12":"instock","13":"shipping-taxable","14":"product-type-simple","15":"entry","16":"content-bg","17":"loop-entry"},"yoast_head":"<!-- This site is optimized with the Yoast SEO plugin v25.6 - https:\/\/yoast.com\/wordpress\/plugins\/seo\/ -->\n<title>Lifting Electromagnet \u2013 Efficient Crane &amp; Industrial Lifting Magnet<\/title>\n<meta name=\"description\" content=\"Lifting electromagnets designed for maximum magnetic force, energy efficiency, and reliable performance in heavy-duty crane and industrial applications.\" \/>\n<meta name=\"robots\" content=\"index, follow, max-snippet:-1, max-image-preview:large, max-video-preview:-1\" \/>\n<link rel=\"canonical\" href=\"https:\/\/www.hnhlcrane.com\/nl\/product\/hefelektromagneet\/\" \/>\n<meta property=\"og:locale\" content=\"nl_NL\" \/>\n<meta property=\"og:type\" content=\"article\" \/>\n<meta property=\"og:title\" content=\"Lifting Electromagnet \u2013 Efficient Crane &amp; Industrial Lifting Magnet\" \/>\n<meta property=\"og:description\" content=\"Lifting electromagnets designed for maximum magnetic force, energy efficiency, and reliable performance in heavy-duty crane and industrial applications.\" \/>\n<meta property=\"og:url\" content=\"https:\/\/www.hnhlcrane.com\/nl\/product\/hefelektromagneet\/\" \/>\n<meta property=\"og:site_name\" content=\"Crane Parts Supplier-HL Crame\" \/>\n<meta property=\"article:modified_time\" content=\"2025-09-10T02:47:44+00:00\" \/>\n<meta property=\"og:image\" content=\"https:\/\/www.hnhlcrane.com\/wp-content\/uploads\/2024\/11\/Lifting-Electromagnet-1.jpg\" \/>\n\t<meta property=\"og:image:width\" content=\"600\" \/>\n\t<meta property=\"og:image:height\" content=\"600\" \/>\n\t<meta property=\"og:image:type\" content=\"image\/jpeg\" \/>\n<meta name=\"twitter:card\" content=\"summary_large_image\" \/>\n<meta name=\"twitter:label1\" content=\"Geschatte leestijd\" \/>\n\t<meta name=\"twitter:data1\" content=\"2 minuten\" \/>\n<script type=\"application\/ld+json\" class=\"yoast-schema-graph\">{\"@context\":\"https:\/\/schema.org\",\"@graph\":[{\"@type\":\"WebPage\",\"@id\":\"https:\/\/www.hnhlcrane.com\/product\/lifting-electromagnet\/\",\"url\":\"https:\/\/www.hnhlcrane.com\/product\/lifting-electromagnet\/\",\"name\":\"Lifting Electromagnet \u2013 Efficient Crane & Industrial Lifting Magnet\",\"isPartOf\":{\"@id\":\"https:\/\/www.hnhlcrane.com\/#website\"},\"primaryImageOfPage\":{\"@id\":\"https:\/\/www.hnhlcrane.com\/product\/lifting-electromagnet\/#primaryimage\"},\"image\":{\"@id\":\"https:\/\/www.hnhlcrane.com\/product\/lifting-electromagnet\/#primaryimage\"},\"thumbnailUrl\":\"https:\/\/www.hnhlcrane.com\/wp-content\/uploads\/2024\/11\/Lifting-Electromagnet-1.jpg\",\"datePublished\":\"2024-11-25T17:03:18+00:00\",\"dateModified\":\"2025-09-10T02:47:44+00:00\",\"description\":\"Lifting electromagnets designed for maximum magnetic force, energy efficiency, and reliable performance in heavy-duty crane and industrial applications.\",\"breadcrumb\":{\"@id\":\"https:\/\/www.hnhlcrane.com\/product\/lifting-electromagnet\/#breadcrumb\"},\"inLanguage\":\"nl-NL\",\"potentialAction\":[{\"@type\":\"ReadAction\",\"target\":[\"https:\/\/www.hnhlcrane.com\/product\/lifting-electromagnet\/\"]}]},{\"@type\":\"ImageObject\",\"inLanguage\":\"nl-NL\",\"@id\":\"https:\/\/www.hnhlcrane.com\/product\/lifting-electromagnet\/#primaryimage\",\"url\":\"https:\/\/www.hnhlcrane.com\/wp-content\/uploads\/2024\/11\/Lifting-Electromagnet-1.jpg\",\"contentUrl\":\"https:\/\/www.hnhlcrane.com\/wp-content\/uploads\/2024\/11\/Lifting-Electromagnet-1.jpg\",\"width\":600,\"height\":600},{\"@type\":\"BreadcrumbList\",\"@id\":\"https:\/\/www.hnhlcrane.com\/product\/lifting-electromagnet\/#breadcrumb\",\"itemListElement\":[{\"@type\":\"ListItem\",\"position\":1,\"name\":\"home\",\"item\":\"https:\/\/www.hnhlcrane.com\/\"},{\"@type\":\"ListItem\",\"position\":2,\"name\":\"products\",\"item\":\"https:\/\/www.hnhlcrane.com\/products\/\"},{\"@type\":\"ListItem\",\"position\":3,\"name\":\"Lifting Electromagnet\"}]},{\"@type\":\"WebSite\",\"@id\":\"https:\/\/www.hnhlcrane.com\/#website\",\"url\":\"https:\/\/www.hnhlcrane.com\/\",\"name\":\"Crane Parts Supplier-HL Crame\",\"description\":\"One-stop solution for all your  crane parts needs,Crane Hook,Crane Drum,Crane Wheel,Crane Coupling,Crane Gearbox,Crane Motor,Crane Brake,Special Crane Spreader,Crane grab,Container spreader,Billet crane clamps,Crane C-type spreader,Lifting Electromagnet,Crane Rail Clips,Electric Hoist,FEM Standard Crane End Carriages,Light Crane Parts,Workstation Crane Parts,Crane Electrical Parts,I-beam cable trolley,Crane remote controller,Crane electrical control cabinet,Crane limit switch,Crane sound and light alarm,Heavy Duty Aviation Connector,Crane overload limiter,China Crane Parts Supplier,Crane hooks,Gantry crane hook,Crane accessories,Forged hook,hook processing,Hook manufacturer,China standard crane hook,electric hoist hook,Crane pulley,Hook pulley,Rolled pulley,Crane Pulley Supplier\uff0cEuropean hook pulley,Gantry crane hook pulley,WZL type crane drum,European style reel set,Crane reel,crane parts,Drum processing,crane drum manufacturer,Cast steel drum,Electric hoist drum,Crane drum assembly,DRS Wheel Blocks,European crane wheel,Forged wheels,Active wheel set,Driving wheel set,Driven wheel group,crane wheels manufacturer,Demag crane wheels,Konecranes Crane Wheels,Overhead crane Wheel,Shaft couplings,Power Transmission Couplings,Disc Couplings,Fluid couplings,Coupling manufacturer\uff0cCardan coupling,Crane Reducer,Crane Decelerators,Reducer gearbox,Reducer for crane,Gear Reducer For Crane,Hard tooth surface reducerCrane and hoist reducer,Flender reducer,Reducer manufacturer,ZQ reducer,QJ reducer,QJY reducer,Gear Motors,Konecranes reducer,F series three-in-one reducer,K series three-in-one reducer,travelling machinery,Travelling Motor With Gear,Gear Motor for Crane Traveling,Travelling machinery Frequency inverter motors,FEM standard Gear Motors,Crane motors,Inverter motors,Hoist motors,motorCrane duty motors,Special motor for crane,YZR YZP YZ series motors,Crane and hoist motor,Frequency conversion motor,Electro hydraulic drum brakes,Electro-hydraulic disc brakes,Brake,Overhead Crane Brakes,Disc brakes,Electromagnetic disk brake,Crane hydraulic disc brake,Brakes manufacturer,crane Safety brakes,Singlr rope grab,Four rope grab,Electro-hydraulic multi-flap grab,Orange peel grab,Electric motor grab,Electro-Hydraulicclamshell grab,grab manufacturers,Container spreader manufacturers,20ft Container Spreader,Semi Automatic container spreader,40ft Container Lifting Frame,TEC container Spreader,Billet lifting clamp,Billet Clamps,Billet crane clamps manufacturer,billet lifting clamps china supplier,Coil C-Type Hook,coil hook,Overhead Crane Steel Coil C-Type Hook,Crane C-hook,C-type spreader,C-type hook,Crane magnets,Rail fixing device,Crane Rail fixing device,crane Rail Clamp,CD\/MD Wire Rope Electric Hoist,Wire Rope Electric Hoist China Manufacturer,Single Girder Wire Rope Electric Hoist,Double Girder Wire Rope Electric Hoist,Chain Hoist,Electric chain hoist manufacturer,Electric chain hoist China distributor,European wire rope electric hoist\uff0cEuropean double beam wire rope electric hoist,European Style Single Beam Crane End Carriage,FEN\/DIN European Style Single Beam Crane End Carriage,Crane end beam manufacturers,European style hoist double beam crane end beam,Suspension crane end beam,European style suspended single beam crane end beam,FEN\/DIN Suspension crane end beam,crane cable trolley,Wireless remote control,remote controller,Crane control handle,Crane Controls,electrical control cabinet,crane control cabinet,Limit switch,Sound and light alarm,Aviation plug,quick connector,Crane aviation plug,Overload limiter\",\"publisher\":{\"@id\":\"https:\/\/www.hnhlcrane.com\/#organization\"},\"potentialAction\":[{\"@type\":\"SearchAction\",\"target\":{\"@type\":\"EntryPoint\",\"urlTemplate\":\"https:\/\/www.hnhlcrane.com\/?s={search_term_string}\"},\"query-input\":{\"@type\":\"PropertyValueSpecification\",\"valueRequired\":true,\"valueName\":\"search_term_string\"}}],\"inLanguage\":\"nl-NL\"},{\"@type\":\"Organization\",\"@id\":\"https:\/\/www.hnhlcrane.com\/#organization\",\"name\":\"Crane Parts Supplier-HL Crame\",\"url\":\"https:\/\/www.hnhlcrane.com\/\",\"logo\":{\"@type\":\"ImageObject\",\"inLanguage\":\"nl-NL\",\"@id\":\"https:\/\/www.hnhlcrane.com\/#\/schema\/logo\/image\/\",\"url\":\"https:\/\/www.hnhlcrane.com\/wp-content\/uploads\/2024\/09\/logo6-1-e1733899395598.png\",\"contentUrl\":\"https:\/\/www.hnhlcrane.com\/wp-content\/uploads\/2024\/09\/logo6-1-e1733899395598.png\",\"width\":1000,\"height\":282,\"caption\":\"Crane Parts Supplier-HL Crame\"},\"image\":{\"@id\":\"https:\/\/www.hnhlcrane.com\/#\/schema\/logo\/image\/\"}}]}<\/script>\n<!-- \/ Yoast SEO plugin. -->","yoast_head_json":{"title":"Hijsen van elektromagneet - Effici\u00ebnte kraan &amp; industri\u00eble hijsmagneet","description":"Hefelektromagneten ontworpen voor maximale magnetische kracht, energie-effici\u00ebntie en betrouwbare prestaties in zware kraan- en industri\u00eble toepassingen.","robots":{"index":"index","follow":"follow","max-snippet":"max-snippet:-1","max-image-preview":"max-image-preview:large","max-video-preview":"max-video-preview:-1"},"canonical":"https:\/\/www.hnhlcrane.com\/nl\/product\/hefelektromagneet\/","og_locale":"nl_NL","og_type":"article","og_title":"Lifting Electromagnet \u2013 Efficient Crane & Industrial Lifting Magnet","og_description":"Lifting electromagnets designed for maximum magnetic force, energy efficiency, and reliable performance in heavy-duty crane and industrial applications.","og_url":"https:\/\/www.hnhlcrane.com\/nl\/product\/hefelektromagneet\/","og_site_name":"Crane Parts Supplier-HL Crame","article_modified_time":"2025-09-10T02:47:44+00:00","og_image":[{"width":600,"height":600,"url":"https:\/\/www.hnhlcrane.com\/wp-content\/uploads\/2024\/11\/Lifting-Electromagnet-1.jpg","type":"image\/jpeg"}],"twitter_card":"summary_large_image","twitter_misc":{"Geschatte leestijd":"2 minuten"},"schema":{"@context":"https:\/\/schema.org","@graph":[{"@type":"WebPage","@id":"https:\/\/www.hnhlcrane.com\/product\/lifting-electromagnet\/","url":"https:\/\/www.hnhlcrane.com\/product\/lifting-electromagnet\/","name":"Hijsen van elektromagneet - Effici\u00ebnte kraan &amp; industri\u00eble hijsmagneet","isPartOf":{"@id":"https:\/\/www.hnhlcrane.com\/#website"},"primaryImageOfPage":{"@id":"https:\/\/www.hnhlcrane.com\/product\/lifting-electromagnet\/#primaryimage"},"image":{"@id":"https:\/\/www.hnhlcrane.com\/product\/lifting-electromagnet\/#primaryimage"},"thumbnailUrl":"https:\/\/www.hnhlcrane.com\/wp-content\/uploads\/2024\/11\/Lifting-Electromagnet-1.jpg","datePublished":"2024-11-25T17:03:18+00:00","dateModified":"2025-09-10T02:47:44+00:00","description":"Hefelektromagneten ontworpen voor maximale magnetische kracht, energie-effici\u00ebntie en betrouwbare prestaties in zware kraan- en industri\u00eble toepassingen.","breadcrumb":{"@id":"https:\/\/www.hnhlcrane.com\/product\/lifting-electromagnet\/#breadcrumb"},"inLanguage":"nl-NL","potentialAction":[{"@type":"ReadAction","target":["https:\/\/www.hnhlcrane.com\/product\/lifting-electromagnet\/"]}]},{"@type":"ImageObject","inLanguage":"nl-NL","@id":"https:\/\/www.hnhlcrane.com\/product\/lifting-electromagnet\/#primaryimage","url":"https:\/\/www.hnhlcrane.com\/wp-content\/uploads\/2024\/11\/Lifting-Electromagnet-1.jpg","contentUrl":"https:\/\/www.hnhlcrane.com\/wp-content\/uploads\/2024\/11\/Lifting-Electromagnet-1.jpg","width":600,"height":600},{"@type":"BreadcrumbList","@id":"https:\/\/www.hnhlcrane.com\/product\/lifting-electromagnet\/#breadcrumb","itemListElement":[{"@type":"ListItem","position":1,"name":"home","item":"https:\/\/www.hnhlcrane.com\/"},{"@type":"ListItem","position":2,"name":"products","item":"https:\/\/www.hnhlcrane.com\/products\/"},{"@type":"ListItem","position":3,"name":"Lifting Electromagnet"}]},{"@type":"WebSite","@id":"https:\/\/www.hnhlcrane.com\/#website","url":"https:\/\/www.hnhlcrane.com\/","name":"Kraan onderdelen leverancier-HL Crame","description":"One-stop-oplossing voor al uw kraanonderdelen, Kraanhaak, Kraanrommel, Kraanwiel, Kraankoppeling, Kraanversnellingsbak, Kraanmotor, Kraanrem, Speciale Kraanspreider, Kraangrijper, Containerspreider, Billet kraanklemmen, Kraan C-type spreider,Hijsen elektromagneet, kraanrail klemmen, elektrische takel, FEM standaard kraan eindwagens, licht kraan onderdelen, werkplek kraan onderdelen, kraan elektrische onderdelen, I-balk kabel trolley, kraan afstandsbediening, kraan elektrische schakelkast,Kraan eindschakelaar, Kraan geluid en licht alarm, Heavy Duty Aviation Connector, Kraan overbelasting begrenzer, China kraan onderdelen leverancier, Kraan haken, Portaal kraan haak, Kraan accessoires, Gesmede haak, haak verwerking, Haak fabrikant, China standaard kraanhaak, elektrische takel haak, Kraan katrol, Haak katrol, Gerolde katrol, Kraan katrol leverancier, Europese haak katrol, Portaal kraan haak katrol, WZL type kraan trommel, Europese stijl haspel set, Kraan haspel,kraanonderdelen,Trommelverwerking,Kraantrommelfabrikant,Gietstalen trommel,Elektrische hijstrommel,Kraantrommelassemblage,DRS Wielblokken,Europees kraanwiel,Gesmede wielen,Actieve wielset,Aandrijfwielset,Aandrijfwielgroep,Kraantrommelfabrikant,Demag kraanwielen,Konecranes Kraanwielen,Bovenloopkraanwiel,Askoppelingen,Aandrijfkoppelingen,Schijfkoppelingen,Vloeistofkoppelingen,Koppelingfabrikant\uff0cKraankoppeling,Kraanreduceer,Kraanvertragers,Reductortandwielkast,Reductortandwielkast voor kraan,Reductortandwiel voor kraan,Reductortandwiel voor kraan,Reductortandwiel voor kraan en takel,Reductortandwiel Flender,Fabrikant reductortandwiel,Reductortandwiel ZQ,Reductortandwiel QJ,Reductortandwiel QJY,Reductortandwielmotoren,Reductortandwiel Konecranes,F serie drie-in-een reductiemiddel,K serie drie-in-een reductiemiddel,Reizende machines,Reizende motor met tandwiel,Motor met tandwiel voor kranen,Reizende machines Frequentieomvormermotoren,FEM standaard tandwielmotoren,Kraanmotoren,Omvormermotoren,Hijsmotoren,MotorKraanmotoren,Speciale motor voor kraan,YZR YZP YZ-motoren,Kraan- en hijsmotor,Frequentieomvormermotor,Elektrohydraulische trommelremmen,Elektrohydraulische schijfremmen,Remmen,Bovenloopkraanremmen,Schijfremmen,Elektromagnetische schijfrem,Hydraulische schijfrem voor kraan,Remmenfabrikant,Veiligheidsremmen voor kraan,Enkeltouwgrijper,Viertouwgrijper,Elektrohydraulische meervoudige grijper,Sinaasappelschilgrijper,Elektrische motorgrijper,Electrohydraulicclamshellgrijper,grijperfabrikanten,Containerspreiderfabrikanten,20ft Containerspreider,SemiAutomatische Containerspreider,40ft Containerhijsframe,TEC-containerspreider,Billethefklem,Billetklemmen,Billetkraanklemmenfabrikant,billethefklemmenin chinaleverancier,Rol C-Typehaak,spoelhaak,Bovenloopkraanstaalrol C-Typehaak,Kraan C-haak,C-type spreider,C-typehaak,Kraanmagneten,Railbevestigingsapparaat,Kraan Rail bevestiging apparaat, kraan Rail klem, CD \/ MD Wire Rope elektrische takel, Wire Rope elektrische takel China fabrikant, enkelligger staalkabel elektrische takel, dubbelligger staalkabel elektrische takel, kettingtakel, elektrische kettingtakel fabrikant, elektrische kettingtakel China distributeur, Europese staalkabel elektrische takel, Europese dubbele bundel staalkabel elektrische takel, Europese stijl enkele balk kraan eindwagen, FEN\/DIN Europese stijl enkele bundel kraan eindwagen,Kraan eindbalk fabrikanten, Europese stijl takel dubbele balk kraan eindbalk, schorsing kraan eindbalk, Europese stijl geschorst enkele balk kraan eindbalk, FEN\/DIN schorsing kraan eindbalk, kraan kabel trolley, draadloze afstandsbediening, afstandsbediening, kraan bedieningshendel, kraan besturingselementen, elektrische schakelkast, kraan besturingskast, eindschakelaar, geluid en licht alarm, luchtvaart stekker, snelkoppeling, kraan luchtvaart stekker, overbelasting begrenzer","publisher":{"@id":"https:\/\/www.hnhlcrane.com\/#organization"},"potentialAction":[{"@type":"SearchAction","target":{"@type":"EntryPoint","urlTemplate":"https:\/\/www.hnhlcrane.com\/?s={search_term_string}"},"query-input":{"@type":"PropertyValueSpecification","valueRequired":true,"valueName":"search_term_string"}}],"inLanguage":"nl-NL"},{"@type":"Organization","@id":"https:\/\/www.hnhlcrane.com\/#organization","name":"Kraan onderdelen leverancier-HL Crame","url":"https:\/\/www.hnhlcrane.com\/","logo":{"@type":"ImageObject","inLanguage":"nl-NL","@id":"https:\/\/www.hnhlcrane.com\/#\/schema\/logo\/image\/","url":"https:\/\/www.hnhlcrane.com\/wp-content\/uploads\/2024\/09\/logo6-1-e1733899395598.png","contentUrl":"https:\/\/www.hnhlcrane.com\/wp-content\/uploads\/2024\/09\/logo6-1-e1733899395598.png","width":1000,"height":282,"caption":"Crane Parts Supplier-HL Crame"},"image":{"@id":"https:\/\/www.hnhlcrane.com\/#\/schema\/logo\/image\/"}}]}},"_links":{"self":[{"href":"https:\/\/www.hnhlcrane.com\/nl\/wp-json\/wp\/v2\/product\/5487","targetHints":{"allow":["GET"]}}],"collection":[{"href":"https:\/\/www.hnhlcrane.com\/nl\/wp-json\/wp\/v2\/product"}],"about":[{"href":"https:\/\/www.hnhlcrane.com\/nl\/wp-json\/wp\/v2\/types\/product"}],"version-history":[{"count":2,"href":"https:\/\/www.hnhlcrane.com\/nl\/wp-json\/wp\/v2\/product\/5487\/revisions"}],"predecessor-version":[{"id":6957,"href":"https:\/\/www.hnhlcrane.com\/nl\/wp-json\/wp\/v2\/product\/5487\/revisions\/6957"}],"wp:featuredmedia":[{"embeddable":true,"href":"https:\/\/www.hnhlcrane.com\/nl\/wp-json\/wp\/v2\/media\/5488"}],"wp:attachment":[{"href":"https:\/\/www.hnhlcrane.com\/nl\/wp-json\/wp\/v2\/media?parent=5487"}],"wp:term":[{"taxonomy":"product_brand","embeddable":true,"href":"https:\/\/www.hnhlcrane.com\/nl\/wp-json\/wp\/v2\/product_brand?post=5487"},{"taxonomy":"product_cat","embeddable":true,"href":"https:\/\/www.hnhlcrane.com\/nl\/wp-json\/wp\/v2\/product_cat?post=5487"},{"taxonomy":"product_tag","embeddable":true,"href":"https:\/\/www.hnhlcrane.com\/nl\/wp-json\/wp\/v2\/product_tag?post=5487"}],"curies":[{"name":"wp","href":"https:\/\/api.w.org\/{rel}","templated":true}]}}