{"id":5753,"date":"2024-12-05T22:58:36","date_gmt":"2024-12-05T14:58:36","guid":{"rendered":"https:\/\/www.hnhlcrane.com\/?post_type=product&#038;p=5753"},"modified":"2024-12-10T23:30:11","modified_gmt":"2024-12-10T15:30:11","slug":"celtna-piekaramais-kontrolieris","status":"publish","type":"product","link":"https:\/\/www.hnhlcrane.com\/lv\/produkts\/celtna-piekaramais-kontrolieris\/","title":{"rendered":"Kr\u0101na piekaramais kontrolieris"},"content":{"rendered":"<h6><strong><span style=\"font-family: arial, helvetica, sans-serif; font-size: 18pt;\">Ievads par celt\u0146a piekarin\u0101majiem kontrolieriem<\/span><\/strong><\/h6>\n<p>Port\u0101ls <strong>Kr\u0101na piekaramais kontrolieris<\/strong> galvenok\u0101rt ir paredz\u0113ts da\u017e\u0101du celt\u0146a darb\u012bbu, tostarp iedarbin\u0101\u0161anas, aptur\u0113\u0161anas un virziena kust\u012bbas, vad\u012bbai. Tas pied\u0101v\u0101 uzticamu risin\u0101jumu celt\u0146u un pac\u0113l\u0101ju darb\u012bbai gan iek\u0161telp\u0101s, gan \u0101rpus telp\u0101m. T\u0101l\u0101k ir sniegts detaliz\u0113ts apraksts par t\u0101 lietojumiem, darb\u012bbas metod\u0113m, dro\u0161\u012bbas funkcij\u0101m un apkopes pras\u012bb\u0101m.<\/p>\n<h6><strong><span style=\"font-family: arial, helvetica, sans-serif; font-size: 18pt;\">Lietojumprogrammas darb\u012bbas joma un darba vide<\/span><\/strong><\/h6>\n<p>Kr\u0101na piekaramais kontrolieris ir piem\u0113rots vad\u012bbas sist\u0113m\u0101m, kas darbojas pie:<\/p>\n<ul>\n<li><strong>Mai\u0146str\u0101vas padeve<\/strong>: 50 Hz vai 60 Hz, spriegums l\u012bdz 380 V.<\/li>\n<li><strong>L\u012bdzstr\u0101vas jauda<\/strong>: Darba spriegums l\u012bdz 220 V.<\/li>\n<\/ul>\n<p>Kontrolieris ir paredz\u0113ts lieto\u0161anai \u0101rpus telp\u0101m, t\u0101p\u0113c tas ir iztur\u012bgs pret lietus, sniega un putek\u013cu iedarb\u012bbu, kas to padara ide\u0101li piem\u0113rotu t\u0101diem lietojumiem k\u0101 celt\u0146i un elektriskie pac\u0113l\u0101ji.<\/p>\n<h6><strong><span style=\"font-family: arial, helvetica, sans-serif; font-size: 18pt;\">Darb\u012bbas metodes un funkcijas<\/span><\/strong><\/h6>\n<p>Crane Pendant Controllers darbojas ar pog\u0101m uz vad\u012bbas roktura un pied\u0101v\u0101 \u0161\u0101das galven\u0101s funkcijas:<\/p>\n<ol>\n<li><strong>Av\u0101rijas aptur\u0113\u0161anas sl\u0113dzis<\/strong>:<br \/>\nApr\u012bkots ar rot\u0113jo\u0161u av\u0101rijas aptur\u0113\u0161anas sl\u0113dzi ar s\u0113nes galvi\u0146u, kas \u013cauj \u0101tri izsl\u0113gt motoru \u0101rk\u0101rtas situ\u0101cij\u0101s.<\/li>\n<li><strong>Virziena vad\u012bba<\/strong>:<br \/>\nPog\u0101m ir starptautiski bulti\u0146u simboli, un pret\u0113jo virzienu pogas ir meh\u0101niski blo\u0137\u0113tas, lai nov\u0113rstu vienlaic\u012bgu darb\u012bbu.<\/li>\n<li><strong>Kabe\u013cu aptur\u0113\u0161ana<\/strong>:<br \/>\nRokturis ir piek\u0101rts, izmantojot m\u012bkstas, pl\u0101nas t\u0113rauda stieples zem elektrisk\u0101s k\u0101rbas, lai nov\u0113rstu kabe\u013ca sasprindzin\u0101jumu un iesp\u0113jamus serdes boj\u0101jumus.<\/li>\n<\/ol>\n<h6><strong><span style=\"font-family: arial, helvetica, sans-serif; font-size: 18pt;\">Dro\u0161\u012bbas funkcijas un aizsardz\u012bba<\/span><\/strong><\/h6>\n<ol>\n<li><strong>\u016adensiztur\u012bgs un iztur\u012bgs<\/strong>:<br \/>\nKontrolieris ir konstru\u0113ts t\u0101, lai iztur\u0113tu skarbas vides apst\u0101k\u013cus, nodro\u0161inot nemain\u012bgu veiktsp\u0113ju.<\/li>\n<li><strong>Zems vad\u012bbas spriegums<\/strong>:<br \/>\nPogas vad\u012bbas spriegums ir ierobe\u017eots l\u012bdz 36 V, garant\u0113jot operatora dro\u0161\u012bbu lieto\u0161anas laik\u0101.<\/li>\n<li><strong>Augsts aizsardz\u012bbas l\u012bmenis<\/strong>:<br \/>\nAr aizsardz\u012bbas l\u012bmeni <strong>IP65<\/strong>, kontrolieris ir iztur\u012bgs pret \u016bdeni un putek\u013ciem, saglab\u0101jot funkcionalit\u0101ti ekstrem\u0101los apst\u0101k\u013cos.<\/li>\n<li><strong>Izol\u0101cija un pretest\u012bba<\/strong>:<br \/>\nAugstas kvalit\u0101tes izol\u0101cija nodro\u0161ina dro\u0161\u012bbu un darb\u012bbas uzticam\u012bbu pat mitr\u0101 vai nelabv\u0113l\u012bg\u0101 vid\u0113.<\/li>\n<\/ol>\n<h6><strong><span style=\"font-family: arial, helvetica, sans-serif; font-size: 18pt;\">Uztur\u0113\u0161ana un kop\u0161ana<\/span><\/strong><\/h6>\n<p>Lai nodro\u0161in\u0101tu ilgtermi\u0146a stabilit\u0101ti un funkcionalit\u0101ti, iev\u0113rojiet \u0161os apkopes padomus:<\/p>\n<ol>\n<li><strong>Pogas un av\u0101rijas aptur\u0113\u0161anas p\u0101rbaude<\/strong>:<br \/>\nRegul\u0101ri p\u0101rbaudiet pogas un av\u0101rijas aptur\u0113\u0161anas sl\u0113dzi, lai p\u0101rliecin\u0101tos par to, ka tie darbojas pareizi un ir \u0101tri atiestat\u0101mi.<\/li>\n<li><strong>Simbolu redzam\u012bba<\/strong>:<br \/>\nP\u0101rliecinieties, ka pogu mar\u0137\u0113jumi ir skaidri un redzami, lai nodro\u0161in\u0101tu intuit\u012bvu lieto\u0161anu.<\/li>\n<li><strong>Piekares sist\u0113mas integrit\u0101te<\/strong>:<br \/>\nP\u0101rbaudiet roktura piekarin\u0101\u0161anas sist\u0113mu, lai p\u0101rliecin\u0101tos, ka t\u0101 ir dro\u0161i piestiprin\u0101ta, nov\u0113r\u0161ot p\u0101rm\u0113r\u012bgu troses sasprindzin\u0101jumu vai iesp\u0113jamus boj\u0101jumus.<\/li>\n<li><strong>Vides aizsardz\u012bba<\/strong>:<br \/>\nUzglab\u0101jiet un izmantojiet kontrolieri apst\u0101k\u013cos, kas samazina ilgsto\u0161u ekstr\u0113mu elementu iedarb\u012bbu.<\/li>\n<\/ol>","protected":false},"excerpt":{"rendered":"<h6><strong><span style=\"font-family: arial, helvetica, sans-serif; font-size: 14pt;\">Kr\u0101nu piekaramo kontrolieru specifik\u0101cijas<\/span><\/strong><\/h6>\n<ul>\n<li><strong>Pogu skaits<\/strong>: 2, 4 vai 6 pogas.<\/li>\n<li><strong>Aizsardz\u012bbas l\u012bmenis<\/strong>: IP65.<\/li>\n<li><strong>Vad\u012bbas spriegums<\/strong>: 36V.<\/li>\n<li><strong>Darb\u012bbas temperat\u016bras diapazons<\/strong>: -40\u00b0C l\u012bdz +85\u00b0C.<\/li>\n<\/ul>","protected":false},"featured_media":5754,"template":"","meta":{"_kad_post_transparent":"default","_kad_post_title":"","_kad_post_layout":"default","_kad_post_sidebar_id":"","_kad_post_content_style":"default","_kad_post_vertical_padding":"show","_kad_post_feature":"","_kad_post_feature_position":"","_kad_post_header":false,"_kad_post_footer":false},"product_brand":[],"product_cat":[65],"product_tag":[293,294,284,295],"class_list":{"0":"post-5753","1":"product","2":"type-product","3":"status-publish","4":"has-post-thumbnail","6":"product_cat-crane-electrical-parts","7":"product_tag-crane-control-handle","8":"product_tag-crane-controls","9":"product_tag-crane-electrical-parts","10":"product_tag-crane-pendant-controller","12":"first","13":"instock","14":"shipping-taxable","15":"product-type-simple","16":"entry","17":"content-bg","18":"loop-entry"},"yoast_head":"<!-- This site is optimized with the Yoast SEO plugin v25.6 - https:\/\/yoast.com\/wordpress\/plugins\/seo\/ -->\n<title>Crane pendant controller -Crane control handle-Crane Controls<\/title>\n<meta name=\"description\" content=\"Crane control handle,Crane Controls,Crane pendant controller,Pendant controller manufacturer,Crane pendant controller Supplier,Crane Electrical Parts\" \/>\n<meta name=\"robots\" content=\"index, follow, max-snippet:-1, max-image-preview:large, max-video-preview:-1\" \/>\n<link rel=\"canonical\" href=\"https:\/\/www.hnhlcrane.com\/lv\/produkts\/celtna-piekaramais-kontrolieris\/\" \/>\n<meta property=\"og:locale\" content=\"lv_LV\" \/>\n<meta property=\"og:type\" content=\"article\" \/>\n<meta property=\"og:title\" content=\"Crane pendant controller -Crane control handle-Crane Controls\" \/>\n<meta property=\"og:description\" content=\"Crane control handle,Crane Controls,Crane pendant controller,Pendant controller manufacturer,Crane pendant controller Supplier,Crane Electrical Parts\" \/>\n<meta property=\"og:url\" content=\"https:\/\/www.hnhlcrane.com\/lv\/produkts\/celtna-piekaramais-kontrolieris\/\" \/>\n<meta property=\"og:site_name\" content=\"Crane Parts Supplier-HL Crame\" \/>\n<meta property=\"article:modified_time\" content=\"2024-12-10T15:30:11+00:00\" \/>\n<meta property=\"og:image\" content=\"https:\/\/www.hnhlcrane.com\/wp-content\/uploads\/2024\/12\/Crane-Pendant-Controllers-1.jpg\" \/>\n\t<meta property=\"og:image:width\" content=\"600\" \/>\n\t<meta property=\"og:image:height\" content=\"600\" \/>\n\t<meta property=\"og:image:type\" content=\"image\/jpeg\" \/>\n<meta name=\"twitter:card\" content=\"summary_large_image\" \/>\n<meta name=\"twitter:label1\" content=\"Est. reading time\" \/>\n\t<meta name=\"twitter:data1\" content=\"2 min\u016btes\" \/>\n<script type=\"application\/ld+json\" class=\"yoast-schema-graph\">{\"@context\":\"https:\/\/schema.org\",\"@graph\":[{\"@type\":\"WebPage\",\"@id\":\"https:\/\/www.hnhlcrane.com\/product\/crane-pendant-controller\/\",\"url\":\"https:\/\/www.hnhlcrane.com\/product\/crane-pendant-controller\/\",\"name\":\"Crane pendant controller -Crane control handle-Crane Controls\",\"isPartOf\":{\"@id\":\"https:\/\/www.hnhlcrane.com\/#website\"},\"primaryImageOfPage\":{\"@id\":\"https:\/\/www.hnhlcrane.com\/product\/crane-pendant-controller\/#primaryimage\"},\"image\":{\"@id\":\"https:\/\/www.hnhlcrane.com\/product\/crane-pendant-controller\/#primaryimage\"},\"thumbnailUrl\":\"https:\/\/www.hnhlcrane.com\/wp-content\/uploads\/2024\/12\/Crane-Pendant-Controllers-1.jpg\",\"datePublished\":\"2024-12-05T14:58:36+00:00\",\"dateModified\":\"2024-12-10T15:30:11+00:00\",\"description\":\"Crane control handle,Crane Controls,Crane pendant controller,Pendant controller manufacturer,Crane pendant controller Supplier,Crane Electrical Parts\",\"breadcrumb\":{\"@id\":\"https:\/\/www.hnhlcrane.com\/product\/crane-pendant-controller\/#breadcrumb\"},\"inLanguage\":\"lv-LV\",\"potentialAction\":[{\"@type\":\"ReadAction\",\"target\":[\"https:\/\/www.hnhlcrane.com\/product\/crane-pendant-controller\/\"]}]},{\"@type\":\"ImageObject\",\"inLanguage\":\"lv-LV\",\"@id\":\"https:\/\/www.hnhlcrane.com\/product\/crane-pendant-controller\/#primaryimage\",\"url\":\"https:\/\/www.hnhlcrane.com\/wp-content\/uploads\/2024\/12\/Crane-Pendant-Controllers-1.jpg\",\"contentUrl\":\"https:\/\/www.hnhlcrane.com\/wp-content\/uploads\/2024\/12\/Crane-Pendant-Controllers-1.jpg\",\"width\":600,\"height\":600},{\"@type\":\"BreadcrumbList\",\"@id\":\"https:\/\/www.hnhlcrane.com\/product\/crane-pendant-controller\/#breadcrumb\",\"itemListElement\":[{\"@type\":\"ListItem\",\"position\":1,\"name\":\"home\",\"item\":\"https:\/\/www.hnhlcrane.com\/\"},{\"@type\":\"ListItem\",\"position\":2,\"name\":\"products\",\"item\":\"https:\/\/www.hnhlcrane.com\/products\/\"},{\"@type\":\"ListItem\",\"position\":3,\"name\":\"Crane pendant controller\"}]},{\"@type\":\"WebSite\",\"@id\":\"https:\/\/www.hnhlcrane.com\/#website\",\"url\":\"https:\/\/www.hnhlcrane.com\/\",\"name\":\"Crane Parts Supplier-HL Crame\",\"description\":\"One-stop solution for all your  crane parts needs,Crane Hook,Crane Drum,Crane Wheel,Crane Coupling,Crane Gearbox,Crane Motor,Crane Brake,Special Crane Spreader,Crane grab,Container spreader,Billet crane clamps,Crane C-type spreader,Lifting Electromagnet,Crane Rail Clips,Electric Hoist,FEM Standard Crane End Carriages,Light Crane Parts,Workstation Crane Parts,Crane Electrical Parts,I-beam cable trolley,Crane remote controller,Crane electrical control cabinet,Crane limit switch,Crane sound and light alarm,Heavy Duty Aviation Connector,Crane overload limiter,China Crane Parts Supplier,Crane hooks,Gantry crane hook,Crane accessories,Forged hook,hook processing,Hook manufacturer,China standard crane hook,electric hoist hook,Crane pulley,Hook pulley,Rolled pulley,Crane Pulley Supplier\uff0cEuropean hook pulley,Gantry crane hook pulley,WZL type crane drum,European style reel set,Crane reel,crane parts,Drum processing,crane drum manufacturer,Cast steel drum,Electric hoist drum,Crane drum assembly,DRS Wheel Blocks,European crane wheel,Forged wheels,Active wheel set,Driving wheel set,Driven wheel group,crane wheels manufacturer,Demag crane wheels,Konecranes Crane Wheels,Overhead crane Wheel,Shaft couplings,Power Transmission Couplings,Disc Couplings,Fluid couplings,Coupling manufacturer\uff0cCardan coupling,Crane Reducer,Crane Decelerators,Reducer gearbox,Reducer for crane,Gear Reducer For Crane,Hard tooth surface reducerCrane and hoist reducer,Flender reducer,Reducer manufacturer,ZQ reducer,QJ reducer,QJY reducer,Gear Motors,Konecranes reducer,F series three-in-one reducer,K series three-in-one reducer,travelling machinery,Travelling Motor With Gear,Gear Motor for Crane Traveling,Travelling machinery Frequency inverter motors,FEM standard Gear Motors,Crane motors,Inverter motors,Hoist motors,motorCrane duty motors,Special motor for crane,YZR YZP YZ series motors,Crane and hoist motor,Frequency conversion motor,Electro hydraulic drum brakes,Electro-hydraulic disc brakes,Brake,Overhead Crane Brakes,Disc brakes,Electromagnetic disk brake,Crane hydraulic disc brake,Brakes manufacturer,crane Safety brakes,Singlr rope grab,Four rope grab,Electro-hydraulic multi-flap grab,Orange peel grab,Electric motor grab,Electro-Hydraulicclamshell grab,grab manufacturers,Container spreader manufacturers,20ft Container Spreader,Semi Automatic container spreader,40ft Container Lifting Frame,TEC container Spreader,Billet lifting clamp,Billet Clamps,Billet crane clamps manufacturer,billet lifting clamps china supplier,Coil C-Type Hook,coil hook,Overhead Crane Steel Coil C-Type Hook,Crane C-hook,C-type spreader,C-type hook,Crane magnets,Rail fixing device,Crane Rail fixing device,crane Rail Clamp,CD\/MD Wire Rope Electric Hoist,Wire Rope Electric Hoist China Manufacturer,Single Girder Wire Rope Electric Hoist,Double Girder Wire Rope Electric Hoist,Chain Hoist,Electric chain hoist manufacturer,Electric chain hoist China distributor,European wire rope electric hoist\uff0cEuropean double beam wire rope electric hoist,European Style Single Beam Crane End Carriage,FEN\/DIN European Style Single Beam Crane End Carriage,Crane end beam manufacturers,European style hoist double beam crane end beam,Suspension crane end beam,European style suspended single beam crane end beam,FEN\/DIN Suspension crane end beam,crane cable trolley,Wireless remote control,remote controller,Crane control handle,Crane Controls,electrical control cabinet,crane control cabinet,Limit switch,Sound and light alarm,Aviation plug,quick connector,Crane aviation plug,Overload limiter\",\"publisher\":{\"@id\":\"https:\/\/www.hnhlcrane.com\/#organization\"},\"potentialAction\":[{\"@type\":\"SearchAction\",\"target\":{\"@type\":\"EntryPoint\",\"urlTemplate\":\"https:\/\/www.hnhlcrane.com\/?s={search_term_string}\"},\"query-input\":{\"@type\":\"PropertyValueSpecification\",\"valueRequired\":true,\"valueName\":\"search_term_string\"}}],\"inLanguage\":\"lv-LV\"},{\"@type\":\"Organization\",\"@id\":\"https:\/\/www.hnhlcrane.com\/#organization\",\"name\":\"Crane Parts Supplier-HL Crame\",\"url\":\"https:\/\/www.hnhlcrane.com\/\",\"logo\":{\"@type\":\"ImageObject\",\"inLanguage\":\"lv-LV\",\"@id\":\"https:\/\/www.hnhlcrane.com\/#\/schema\/logo\/image\/\",\"url\":\"https:\/\/www.hnhlcrane.com\/wp-content\/uploads\/2024\/09\/logo6-1-e1733899395598.png\",\"contentUrl\":\"https:\/\/www.hnhlcrane.com\/wp-content\/uploads\/2024\/09\/logo6-1-e1733899395598.png\",\"width\":1000,\"height\":282,\"caption\":\"Crane Parts Supplier-HL Crame\"},\"image\":{\"@id\":\"https:\/\/www.hnhlcrane.com\/#\/schema\/logo\/image\/\"}}]}<\/script>\n<!-- \/ Yoast SEO plugin. -->","yoast_head_json":{"title":"Celt\u0146a piekaramais kontrolieris - celt\u0146a vad\u012bbas rokturis - celt\u0146a vad\u012bbas ier\u012bces","description":"Celt\u0146a vad\u012bbas rokturis,Celt\u0146a vad\u012bbas ier\u012bces,Celt\u0146a piekaramais kontrolieris,Piekaram\u0101 kontroliera ra\u017eot\u0101js,Celt\u0146a piekaram\u0101 kontroliera pieg\u0101d\u0101t\u0101js,Celt\u0146a elektrisk\u0101s da\u013cas","robots":{"index":"index","follow":"follow","max-snippet":"max-snippet:-1","max-image-preview":"max-image-preview:large","max-video-preview":"max-video-preview:-1"},"canonical":"https:\/\/www.hnhlcrane.com\/lv\/produkts\/celtna-piekaramais-kontrolieris\/","og_locale":"lv_LV","og_type":"article","og_title":"Crane pendant controller -Crane control handle-Crane Controls","og_description":"Crane control handle,Crane Controls,Crane pendant controller,Pendant controller manufacturer,Crane pendant controller Supplier,Crane Electrical Parts","og_url":"https:\/\/www.hnhlcrane.com\/lv\/produkts\/celtna-piekaramais-kontrolieris\/","og_site_name":"Crane Parts Supplier-HL Crame","article_modified_time":"2024-12-10T15:30:11+00:00","og_image":[{"width":600,"height":600,"url":"https:\/\/www.hnhlcrane.com\/wp-content\/uploads\/2024\/12\/Crane-Pendant-Controllers-1.jpg","type":"image\/jpeg"}],"twitter_card":"summary_large_image","twitter_misc":{"Est. reading time":"2 min\u016btes"},"schema":{"@context":"https:\/\/schema.org","@graph":[{"@type":"WebPage","@id":"https:\/\/www.hnhlcrane.com\/product\/crane-pendant-controller\/","url":"https:\/\/www.hnhlcrane.com\/product\/crane-pendant-controller\/","name":"Celt\u0146a piekaramais kontrolieris - celt\u0146a vad\u012bbas rokturis - celt\u0146a vad\u012bbas ier\u012bces","isPartOf":{"@id":"https:\/\/www.hnhlcrane.com\/#website"},"primaryImageOfPage":{"@id":"https:\/\/www.hnhlcrane.com\/product\/crane-pendant-controller\/#primaryimage"},"image":{"@id":"https:\/\/www.hnhlcrane.com\/product\/crane-pendant-controller\/#primaryimage"},"thumbnailUrl":"https:\/\/www.hnhlcrane.com\/wp-content\/uploads\/2024\/12\/Crane-Pendant-Controllers-1.jpg","datePublished":"2024-12-05T14:58:36+00:00","dateModified":"2024-12-10T15:30:11+00:00","description":"Celt\u0146a vad\u012bbas rokturis,Celt\u0146a vad\u012bbas ier\u012bces,Celt\u0146a piekaramais kontrolieris,Piekaram\u0101 kontroliera ra\u017eot\u0101js,Celt\u0146a piekaram\u0101 kontroliera pieg\u0101d\u0101t\u0101js,Celt\u0146a elektrisk\u0101s da\u013cas","breadcrumb":{"@id":"https:\/\/www.hnhlcrane.com\/product\/crane-pendant-controller\/#breadcrumb"},"inLanguage":"lv-LV","potentialAction":[{"@type":"ReadAction","target":["https:\/\/www.hnhlcrane.com\/product\/crane-pendant-controller\/"]}]},{"@type":"ImageObject","inLanguage":"lv-LV","@id":"https:\/\/www.hnhlcrane.com\/product\/crane-pendant-controller\/#primaryimage","url":"https:\/\/www.hnhlcrane.com\/wp-content\/uploads\/2024\/12\/Crane-Pendant-Controllers-1.jpg","contentUrl":"https:\/\/www.hnhlcrane.com\/wp-content\/uploads\/2024\/12\/Crane-Pendant-Controllers-1.jpg","width":600,"height":600},{"@type":"BreadcrumbList","@id":"https:\/\/www.hnhlcrane.com\/product\/crane-pendant-controller\/#breadcrumb","itemListElement":[{"@type":"ListItem","position":1,"name":"home","item":"https:\/\/www.hnhlcrane.com\/"},{"@type":"ListItem","position":2,"name":"products","item":"https:\/\/www.hnhlcrane.com\/products\/"},{"@type":"ListItem","position":3,"name":"Crane pendant controller"}]},{"@type":"WebSite","@id":"https:\/\/www.hnhlcrane.com\/#website","url":"https:\/\/www.hnhlcrane.com\/","name":"Celt\u0146u da\u013cu pieg\u0101d\u0101t\u0101js-HL Crame","description":"Vienas pieturas risin\u0101jums vis\u0101m j\u016bsu celt\u0146a deta\u013cu vajadz\u012bb\u0101m, celt\u0146a \u0101\u0137is, celt\u0146a bungas, celt\u0146a ritenis, celt\u0146a sakabe, celt\u0146a p\u0101rnesumk\u0101rba, celt\u0146a motors, celt\u0146a bremze, speci\u0101lais celt\u0146a izklied\u0113t\u0101js, celt\u0146a greifers, konteineru izklied\u0113t\u0101js, stiep\u013cu celt\u0146a skavas, celt\u0146a C tipa izklied\u0113t\u0101js,Pacel\u0161anas elektromagn\u0113ts, celt\u0146a slie\u017eu klipsas, elektriskais pac\u0113l\u0101js, FEM standarta celt\u0146a gala rati\u0146i, vieglo celt\u0146u da\u013cas, celt\u0146u darbstaciju celt\u0146u da\u013cas, celt\u0146u elektrisk\u0101s da\u013cas, I-sijas kabe\u013cu rati\u0146i, celt\u0146a t\u0101lvad\u012bbas pults, celt\u0146a elektrisk\u0101s vad\u012bbas skapis,celt\u0146a gala sl\u0113dzis, celt\u0146a ska\u0146as un gaismas signaliz\u0101cija, lieljaudas avi\u0101cijas savienot\u0101js, celt\u0146a p\u0101rslodzes ierobe\u017eot\u0101js, \u0136\u012bnas celt\u0146a da\u013cu pieg\u0101d\u0101t\u0101js, celt\u0146a \u0101\u0137i, port\u0101lcelt\u0146u celt\u0146a \u0101\u0137is, celt\u0146a piederumi, kaltais \u0101\u0137is, \u0101\u0137a apstr\u0101de, \u0101\u0137a ra\u017eot\u0101js, \u0136\u012bnas standarta celt\u0146a \u0101\u0137is, elektrisk\u0101 pac\u0113l\u0101ja \u0101\u0137is, celt\u0146a tr\u012b\u0161i, \u0101\u0137a tr\u012b\u0161i, velm\u0113tie tr\u012b\u0161i, celt\u0146a tr\u012b\u0161u pieg\u0101d\u0101t\u0101js, Eiropas \u0101\u0137a tr\u012b\u0161i, port\u0101lcelt\u0146u \u0101\u0137a tr\u012b\u0161i, WZL tipa celt\u0146a trumu\u013ci, Eiropas tipa spoles komplekts, celt\u0146a spole,celt\u0146a deta\u013cas,Bungas apstr\u0101de,celt\u0146a bungas ra\u017eot\u0101js,Liet\u0101 t\u0113rauda bungas,Elektrisk\u0101 pac\u0113l\u0101ja bungas,celt\u0146a bungas mont\u0101\u017ea,DRS rite\u0146u bloki,Eiropas celt\u0146a ritenis,Kalti rite\u0146i,Akt\u012bv\u0101 rite\u0146a komplekts,Vado\u0161\u0101 rite\u0146a komplekts,Piedzi\u0146as rite\u0146u grupa,celt\u0146a rite\u0146u ra\u017eot\u0101js,Demag celt\u0146a rite\u0146i,Konecranes celt\u0146a rite\u0146i,Tro\u0161u celt\u0146a rite\u0146i,Vadu savienojumi,Sp\u0113ka p\u0101rvades savienojumi,Diska savienojumi,\u0160\u0137idruma savienojumi,Savienojuma ra\u017eot\u0101js\uff0cKart\u0101na sakabe,Kravu reduktors,Kr\u0101nu reduktori, reduktoru reduktori, reduktori celt\u0146iem, reduktori celt\u0146iem, zobratu reduktori celt\u0146iem, reduktori ar cietu zobu virsmu, reduktori celt\u0146iem un pac\u0113l\u0101jiem, flenderu reduktori, reduktoru ra\u017eot\u0101ji, ZQ reduktori, QJ reduktori, QJY reduktori, zobratu motori, Konecranes reduktori,F s\u0113rijas tr\u012bs vien\u0101 reduktor\u0101,K s\u0113rijas tr\u012bs vien\u0101 reduktor\u0101,Ce\u013cojo\u0161\u0101s ma\u0161\u012bnas,Ce\u013cojo\u0161ais motors ar zobratu,Motoriz\u0113ts zobratu motors celt\u0146a ce\u013co\u0161anai,Ce\u013cojo\u0161\u0101s ma\u0161\u012bnas Frekvences invertora motori,FEM standarta zobratu motori,Celt\u0146u motori,Invertoru motori,Celt\u0146a motori,MotorCrane duty motori,Speci\u0101lie motori celt\u0146iem,YZR YZP YZ s\u0113rijas motori,Celt\u0146a un pac\u0113l\u0101ja motori,Frekvences p\u0101rveido\u0161anas motori,Elektrokr\u0101na hidraulisk\u0101s trumu\u013ca bremzes,Elektrokr\u0101na hidraulisk\u0101s disku bremzes,Bremzes,Tro\u0161u celt\u0146a bremzes,Disku bremzes,Elektromagn\u0113tisk\u0101s disku bremzes,Kr\u0101na hidraulisk\u0101s disku bremzes,Brem\u017eu ra\u017eot\u0101js,Celt\u0146a dro\u0161\u012bbas bremzes,Vienlaidu satv\u0113r\u0113js,\u010cetru tro\u0161u satv\u0113r\u0113js,Elektrokr\u0101na hidrauliskais daudzpl\u0101k\u0161\u0146u satv\u0113r\u0113js,Oran\u017ea mizas satv\u0113r\u0113js,Elektromotora satv\u0113r\u0113js,Electro-Hydraulicclamshell greifers, greifers ra\u017eot\u0101ji, konteineru izklied\u0113t\u0101ju ra\u017eot\u0101ji, 20ft konteineru izklied\u0113t\u0101js, pusautom\u0101tisk\u0101 konteineru izklied\u0113t\u0101js, 40ft konteineru cel\u0161anas r\u0101mis, TEC konteineru izklied\u0113t\u0101js, Billet pacel\u0161anas skava, Billet skavas, Billet celt\u0146a skavas ra\u017eot\u0101js, Billet pacel\u0161anas skavas \u0136\u012bnas pieg\u0101d\u0101t\u0101js, Coil C-Type Hook, spole \u0101\u0137is, tilts \u0101\u0137is, Autocelt celtnis t\u0113rauda spole C-Type Hook, celtnis C-k\u0101ja, C tipa izklied\u0113t\u0101js, C tipa \u0101\u0137is, celt\u0146a magn\u0113ti, slie\u017eu stiprin\u0101juma ier\u012bce,Kr\u0101na slie\u017eu stiprin\u0101juma ier\u012bce, celt\u0146a slie\u017eu skava, CD\/MD stiep\u013cu tro\u0161u elektriskais pac\u0113l\u0101js, stiep\u013cu tro\u0161u elektriskais pac\u0113l\u0101js \u0136\u012bnas ra\u017eot\u0101js, viena sijas stiep\u013cu tro\u0161u elektriskais pac\u0113l\u0101js, dubult\u0101s sijas stiep\u013cu tro\u0161u elektriskais pac\u0113l\u0101js, \u0137\u0113des pac\u0113l\u0101js, elektriskais \u0137\u0113des pac\u0113l\u0101js ra\u017eot\u0101js, elektriskais \u0137\u0113des pac\u0113l\u0101js \u0136\u012bnas izplat\u012bt\u0101js, Eiropas stiep\u013cu tro\u0161u elektriskais pac\u0113l\u0101js, Eiropas dubult\u0101s sijas stiep\u013cu tro\u0161u elektriskais pac\u0113l\u0101js, Eiropas stila viena sijas celt\u0146a gala rati\u0146i, FEN\/DIN Eiropas stila viena sijas celt\u0146a gala rati\u0146i,Ce\u013camkr\u0101nu gala sijas ra\u017eot\u0101ji, Eiropas stila pac\u0113l\u0101ja dubult\u0101s sijas celt\u0146a gala sijas, Piekares celt\u0146a gala sijas, Eiropas stila piekaram\u0101 vienst\u0101va celt\u0146a gala sijas, FEN\/DIN piekaram\u0101 celt\u0146a gala sijas, celt\u0146a tro\u0161u rati\u0146i, bezvadu t\u0101lvad\u012bbas pults, t\u0101lvad\u012bbas pults, celt\u0146a vad\u012bbas rokturis, celt\u0146a vad\u012bbas ier\u012bces, elektrisk\u0101s vad\u012bbas skapis, celt\u0146a vad\u012bbas skapis, gala sl\u0113dzis, ska\u0146as un gaismas signaliz\u0101cija, avi\u0101cijas kontaktdak\u0161a, \u0101trais savienojums, celt\u0146a avi\u0101cijas kontaktdak\u0161a, p\u0101rslodzes ierobe\u017eot\u0101js","publisher":{"@id":"https:\/\/www.hnhlcrane.com\/#organization"},"potentialAction":[{"@type":"SearchAction","target":{"@type":"EntryPoint","urlTemplate":"https:\/\/www.hnhlcrane.com\/?s={search_term_string}"},"query-input":{"@type":"PropertyValueSpecification","valueRequired":true,"valueName":"search_term_string"}}],"inLanguage":"lv-LV"},{"@type":"Organization","@id":"https:\/\/www.hnhlcrane.com\/#organization","name":"Celt\u0146u da\u013cu pieg\u0101d\u0101t\u0101js-HL Crame","url":"https:\/\/www.hnhlcrane.com\/","logo":{"@type":"ImageObject","inLanguage":"lv-LV","@id":"https:\/\/www.hnhlcrane.com\/#\/schema\/logo\/image\/","url":"https:\/\/www.hnhlcrane.com\/wp-content\/uploads\/2024\/09\/logo6-1-e1733899395598.png","contentUrl":"https:\/\/www.hnhlcrane.com\/wp-content\/uploads\/2024\/09\/logo6-1-e1733899395598.png","width":1000,"height":282,"caption":"Crane Parts Supplier-HL Crame"},"image":{"@id":"https:\/\/www.hnhlcrane.com\/#\/schema\/logo\/image\/"}}]}},"_links":{"self":[{"href":"https:\/\/www.hnhlcrane.com\/lv\/wp-json\/wp\/v2\/product\/5753","targetHints":{"allow":["GET"]}}],"collection":[{"href":"https:\/\/www.hnhlcrane.com\/lv\/wp-json\/wp\/v2\/product"}],"about":[{"href":"https:\/\/www.hnhlcrane.com\/lv\/wp-json\/wp\/v2\/types\/product"}],"version-history":[{"count":0,"href":"https:\/\/www.hnhlcrane.com\/lv\/wp-json\/wp\/v2\/product\/5753\/revisions"}],"wp:featuredmedia":[{"embeddable":true,"href":"https:\/\/www.hnhlcrane.com\/lv\/wp-json\/wp\/v2\/media\/5754"}],"wp:attachment":[{"href":"https:\/\/www.hnhlcrane.com\/lv\/wp-json\/wp\/v2\/media?parent=5753"}],"wp:term":[{"taxonomy":"product_brand","embeddable":true,"href":"https:\/\/www.hnhlcrane.com\/lv\/wp-json\/wp\/v2\/product_brand?post=5753"},{"taxonomy":"product_cat","embeddable":true,"href":"https:\/\/www.hnhlcrane.com\/lv\/wp-json\/wp\/v2\/product_cat?post=5753"},{"taxonomy":"product_tag","embeddable":true,"href":"https:\/\/www.hnhlcrane.com\/lv\/wp-json\/wp\/v2\/product_tag?post=5753"}],"curies":[{"name":"wp","href":"https:\/\/api.w.org\/{rel}","templated":true}]}}