{"id":5544,"date":"2024-11-29T22:40:44","date_gmt":"2024-11-29T14:40:44","guid":{"rendered":"https:\/\/www.hnhlcrane.com\/?post_type=product&#038;p=5544"},"modified":"2024-11-29T22:43:48","modified_gmt":"2024-11-29T14:43:48","slug":"hdgy-sliezu-klipi","status":"publish","type":"product","link":"https:\/\/www.hnhlcrane.com\/lv\/produkts\/hdgy-sliezu-klipi\/","title":{"rendered":"HDGY slie\u017eu klipi"},"content":{"rendered":"<h6><span style=\"font-family: arial, helvetica, sans-serif; font-size: 18pt;\"><strong>HDGY slie\u017eu klipu funkcijas<\/strong><\/span><\/h6>\n<ol>\n<li><strong>Elast\u012bga fiks\u0101cija un samazin\u0101ts nodilums<\/strong>\n<ul>\n<li>HDGY slie\u017eu klipsas ir paredz\u0113tas slie\u017eu elast\u012bgai fiks\u0101cijai pie betona celt\u0146a sij\u0101m.<\/li>\n<li>Tie samazina slie\u017eu galvas nodilumu, samazina celt\u0146a sijas triecienu, samazina celt\u0146a rite\u0146a atloka nodilumu un samazina trok\u0161\u0146a l\u012bmeni.<\/li>\n<\/ul>\n<\/li>\n<li><strong>Uzlabota stabilit\u0101te ar elast\u012bgu kompoz\u012btmateri\u0101la gumijas spilventi\u0146u<\/strong>\n<ul>\n<li>Elast\u012bga kompoz\u012btmateri\u0101la gumijas spilventi\u0146a iek\u013cau\u0161ana starp sliedi un celt\u0146a siju palielina berzi, nov\u0113r\u0161ot sliedes kust\u012bbu.<\/li>\n<li>Tas ar\u012b nov\u0113r\u0161 vai l\u012bdz minimumam samazina nevienm\u0113r\u012bgas atstarpes gar sliedi, uzlabojot skr\u016bvju sprieguma sadal\u012bjumu uz skavas pl\u0101ksn\u0113m.<\/li>\n<\/ul>\n<\/li>\n<li><strong>Optim\u0101ls sprieguma sadal\u012bjums<\/strong>\n<ul>\n<li>Gumijas spilventi\u0146am ir nedaudz izliekts \u0161\u0137\u0113rsgriezums, kas nodro\u0161ina racion\u0101lu sprieguma sadal\u012bjumu.<\/li>\n<li>Nelielas taisnst\u016bra formas izci\u013c\u0146i uz spilventi\u0146a uzlabo kontaktu ar sliedi, palielinot elast\u012bbu un nodro\u0161inot vibr\u0101ciju sl\u0101p\u0113\u0161anu.<\/li>\n<\/ul>\n<\/li>\n<li><strong>Iztur\u012bgs dizains<\/strong>\n<ul>\n<li>Taisnst\u016bra formas rievas uz spilventi\u0146a samazina s\u0101nu deform\u0101ciju sprieguma ietekm\u0113 un samazina virsmas boj\u0101jumus, ko rada saspie\u0161ana.<\/li>\n<li>Pateicoties apstr\u0101d\u0101tam t\u0113rauda stiegrojumam, konstrukcija ir \u013coti iztur\u012bga, saglab\u0101jot izcilu veiktsp\u0113ju pat p\u0113c 2 miljoniem noguruma ciklu.<\/li>\n<\/ul>\n<\/li>\n<li><strong>Dro\u0161as un simetriskas skavu pl\u0101ksnes<\/strong>\n<ul>\n<li>Skavas pl\u0101ksnes ir stingri piestiprin\u0101tas pie celt\u0146a sijas un iztur\u012bgas pret atsl\u0101bin\u0101\u0161anos vai celt\u0146a sijas nodilumu.<\/li>\n<li>Simetrisk\u0101s skavas pl\u0101ksnes \u0161\u0137\u0113rsgriezum\u0101 veido \u0137\u012b\u013cveida strukt\u016bru, kas ierobe\u017eo slie\u017eu s\u0101nu nob\u012bdi.<\/li>\n<\/ul>\n<\/li>\n<li><strong>Uzst\u0101d\u012b\u0161anas un apkopes regul\u0113jam\u012bba<\/strong>\n<ul>\n<li>Skavas pl\u0101ksnes elipsveida spraugas \u013cauj veikt s\u0101nu regul\u0113\u0161anu.<\/li>\n<li>Sl\u012bpi izliektas atveres kop\u0101 ar pretsl\u012bdes blokiem nov\u0113r\u0161 skavas kust\u012bbu, vienk\u0101r\u0161ojot s\u0101nu izl\u012bdzin\u0101\u0161anu uzst\u0101d\u012b\u0161anas vai apkopes laik\u0101.<\/li>\n<\/ul>\n<\/li>\n<li><strong>Dzelzce\u013ca kust\u012bbas pielaide<\/strong>\n<ul>\n<li>Sist\u0113ma \u013cauj piel\u0101goties neliel\u0101m slie\u017eu kust\u012bb\u0101m celt\u0146a darb\u012bbas laik\u0101, nodro\u0161inot elast\u012bbu, nemazinot stabilit\u0101ti.<\/li>\n<\/ul>\n<\/li>\n<\/ol>\n<hr \/>\n<h6><span style=\"font-family: arial, helvetica, sans-serif; font-size: 18pt;\"><strong>HDGY slie\u017eu klipu uzst\u0101d\u012b\u0161anas so\u013ci<\/strong><\/span><\/h6>\n<ol>\n<li><strong>Gumijas spilventi\u0146a novieto\u0161ana<\/strong>\n<ul>\n<li>Novietojiet gumijas spilventi\u0146u ar taisnst\u016brveida izci\u013c\u0146iem un riev\u0101m paral\u0113li sliedei un zem t\u0101s.<\/li>\n<li>P\u0101rliecinieties, ka spilventi\u0146\u0161 ir perpendikul\u0101rs sliedes vidusl\u012bnijai un novietots attiec\u012bb\u0101 pret skr\u016bv\u0113m ab\u0101s pus\u0113s.<\/li>\n<\/ul>\n<\/li>\n<li><strong>Pamatsl\u0101\u0146a sagatavo\u0161ana<\/strong>\n<ul>\n<li>Pirms gumijas spilventi\u0146a novieto\u0161anas uz betona pamatnes sl\u0101\u0146a r\u016bp\u012bgi not\u012briet virsmu, lai net\u012brumi nesamazin\u0101tu veiktsp\u0113ju.<\/li>\n<\/ul>\n<\/li>\n<li><strong>Skavas pl\u0101ksnes mont\u0101\u017ea<\/strong>\n<ul>\n<li>Iev\u0113rojiet \u0161o sec\u012bbu:\n<ul>\n<li>Ievietojiet bultskr\u016bves iepriek\u0161 urbtajos caurumos dzelzsbetona celt\u0146a sij\u0101.<\/li>\n<li>Novietojiet skavas pl\u0101ksnes korpusu.<\/li>\n<li>Pievienojiet pretsl\u012bdes bloku (ar mazo galu pret sliedi).<\/li>\n<li>Pievienojiet atsperu papl\u0101ksni un uzgriezni.<\/li>\n<li>Veiciet mont\u0101\u017eas iepriek\u0161\u0113ju pievilk\u0161anu.<\/li>\n<li>Noregul\u0113jiet skavas pl\u0101ksni t\u0101, lai t\u0101 cie\u0161i piespiestos pie sliedes malas.<\/li>\n<li>Visbeidzot piln\u012bb\u0101 pievilciet skr\u016bves.<\/li>\n<\/ul>\n<\/li>\n<\/ul>\n<\/li>\n<li><strong>Skavas pl\u0101ksnes izl\u012bdzin\u0101\u0161ana<\/strong>\n<ul>\n<li>P\u0101rliecinieties, ka skavas pl\u0101ksnes ass l\u012bnija ir perpendikul\u0101ra sliedes ass l\u012bnijai bez izliekuma.<\/li>\n<\/ul>\n<\/li>\n<\/ol>","protected":false},"excerpt":{"rendered":"<h6><span style=\"font-family: arial, helvetica, sans-serif; font-size: 14pt;\"><strong>HDGY dzelzce\u013ca klipu specifik\u0101cijas<\/strong><\/span><\/h6>\n<ul>\n<li><strong>Mode\u013ci:<\/strong> HDGY24, HDGY38A, HDGY38B, HDGY43, HDGY50, HDGY70, HDGY80, HDGY100, HDGY120<\/li>\n<li><strong>Fiks\u0113\u0161anas metode:<\/strong> Skr\u016bvju stiprin\u0101\u0161ana<\/li>\n<\/ul>","protected":false},"featured_media":5545,"template":"","meta":{"_kad_post_transparent":"default","_kad_post_title":"","_kad_post_layout":"default","_kad_post_sidebar_id":"","_kad_post_content_style":"default","_kad_post_vertical_padding":"show","_kad_post_feature":"","_kad_post_feature_position":"","_kad_post_header":false,"_kad_post_footer":false},"product_brand":[],"product_cat":[83],"product_tag":[224,223,222,221,218,214,217,225,228,216,226,219,227,215,220],"class_list":{"0":"post-5544","1":"product","2":"type-product","3":"status-publish","4":"has-post-thumbnail","6":"product_cat-crane-rail-clips","7":"product_tag-05g525-rail-clips","8":"product_tag-cgbk-rail-clips","9":"product_tag-cgek-rail-clips","10":"product_tag-cgwk-rail-clips","11":"product_tag-crane-rail-clamp","12":"product_tag-crane-rail-clips","13":"product_tag-crane-rail-fixing-device","14":"product_tag-hdgy-rail-clips","15":"product_tag-rail-connection-splint","16":"product_tag-rail-fixing-device","17":"product_tag-rail-joints","18":"product_tag-swjk-rail-clips","19":"product_tag-tracks-jointing-plates","20":"product_tag-wjk-rail-clips","21":"product_tag-wjkc-rail-clips","23":"first","24":"instock","25":"shipping-taxable","26":"product-type-simple","27":"entry","28":"content-bg","29":"loop-entry"},"yoast_head":"<!-- This site is optimized with the Yoast SEO plugin v25.6 - https:\/\/yoast.com\/wordpress\/plugins\/seo\/ -->\n<title>HDGY Rail Clips -Crane Rail Clips-Rail Clips-Crane Rail Clamp<\/title>\n<meta name=\"description\" content=\"Rail Clips,HDGY Rail Clips,Crane Rail Clips,Rail fixing device,Crane Rail fixing device,crane Rail Clamp,WJK Rail Clips,Overhead Crane Rail Clips\" \/>\n<meta name=\"robots\" content=\"index, follow, max-snippet:-1, max-image-preview:large, max-video-preview:-1\" \/>\n<link rel=\"canonical\" href=\"https:\/\/www.hnhlcrane.com\/lv\/produkts\/hdgy-sliezu-klipi\/\" \/>\n<meta property=\"og:locale\" content=\"lv_LV\" \/>\n<meta property=\"og:type\" content=\"article\" \/>\n<meta property=\"og:title\" content=\"HDGY Rail Clips -Crane Rail Clips-Rail Clips-Crane Rail Clamp\" \/>\n<meta property=\"og:description\" content=\"Rail Clips,HDGY Rail Clips,Crane Rail Clips,Rail fixing device,Crane Rail fixing device,crane Rail Clamp,WJK Rail Clips,Overhead Crane Rail Clips\" \/>\n<meta property=\"og:url\" content=\"https:\/\/www.hnhlcrane.com\/lv\/produkts\/hdgy-sliezu-klipi\/\" \/>\n<meta property=\"og:site_name\" content=\"Crane Parts Supplier-HL Crame\" \/>\n<meta property=\"article:modified_time\" content=\"2024-11-29T14:43:48+00:00\" \/>\n<meta property=\"og:image\" content=\"https:\/\/www.hnhlcrane.com\/wp-content\/uploads\/2024\/11\/HDGY-Rail-Clips.jpg\" \/>\n\t<meta property=\"og:image:width\" content=\"600\" \/>\n\t<meta property=\"og:image:height\" content=\"600\" \/>\n\t<meta property=\"og:image:type\" content=\"image\/jpeg\" \/>\n<meta name=\"twitter:card\" content=\"summary_large_image\" \/>\n<meta name=\"twitter:label1\" content=\"Est. reading time\" \/>\n\t<meta name=\"twitter:data1\" content=\"2 min\u016btes\" \/>\n<script type=\"application\/ld+json\" class=\"yoast-schema-graph\">{\"@context\":\"https:\/\/schema.org\",\"@graph\":[{\"@type\":\"WebPage\",\"@id\":\"https:\/\/www.hnhlcrane.com\/product\/hdgy-rail-clips\/\",\"url\":\"https:\/\/www.hnhlcrane.com\/product\/hdgy-rail-clips\/\",\"name\":\"HDGY Rail Clips -Crane Rail Clips-Rail Clips-Crane Rail Clamp\",\"isPartOf\":{\"@id\":\"https:\/\/www.hnhlcrane.com\/#website\"},\"primaryImageOfPage\":{\"@id\":\"https:\/\/www.hnhlcrane.com\/product\/hdgy-rail-clips\/#primaryimage\"},\"image\":{\"@id\":\"https:\/\/www.hnhlcrane.com\/product\/hdgy-rail-clips\/#primaryimage\"},\"thumbnailUrl\":\"https:\/\/www.hnhlcrane.com\/wp-content\/uploads\/2024\/11\/HDGY-Rail-Clips.jpg\",\"datePublished\":\"2024-11-29T14:40:44+00:00\",\"dateModified\":\"2024-11-29T14:43:48+00:00\",\"description\":\"Rail Clips,HDGY Rail Clips,Crane Rail Clips,Rail fixing device,Crane Rail fixing device,crane Rail Clamp,WJK Rail Clips,Overhead Crane Rail Clips\",\"breadcrumb\":{\"@id\":\"https:\/\/www.hnhlcrane.com\/product\/hdgy-rail-clips\/#breadcrumb\"},\"inLanguage\":\"lv-LV\",\"potentialAction\":[{\"@type\":\"ReadAction\",\"target\":[\"https:\/\/www.hnhlcrane.com\/product\/hdgy-rail-clips\/\"]}]},{\"@type\":\"ImageObject\",\"inLanguage\":\"lv-LV\",\"@id\":\"https:\/\/www.hnhlcrane.com\/product\/hdgy-rail-clips\/#primaryimage\",\"url\":\"https:\/\/www.hnhlcrane.com\/wp-content\/uploads\/2024\/11\/HDGY-Rail-Clips.jpg\",\"contentUrl\":\"https:\/\/www.hnhlcrane.com\/wp-content\/uploads\/2024\/11\/HDGY-Rail-Clips.jpg\",\"width\":600,\"height\":600},{\"@type\":\"BreadcrumbList\",\"@id\":\"https:\/\/www.hnhlcrane.com\/product\/hdgy-rail-clips\/#breadcrumb\",\"itemListElement\":[{\"@type\":\"ListItem\",\"position\":1,\"name\":\"home\",\"item\":\"https:\/\/www.hnhlcrane.com\/\"},{\"@type\":\"ListItem\",\"position\":2,\"name\":\"products\",\"item\":\"https:\/\/www.hnhlcrane.com\/products\/\"},{\"@type\":\"ListItem\",\"position\":3,\"name\":\"HDGY Rail Clips\"}]},{\"@type\":\"WebSite\",\"@id\":\"https:\/\/www.hnhlcrane.com\/#website\",\"url\":\"https:\/\/www.hnhlcrane.com\/\",\"name\":\"Crane Parts Supplier-HL Crame\",\"description\":\"One-stop solution for all your  crane parts needs,Crane Hook,Crane Drum,Crane Wheel,Crane Coupling,Crane Gearbox,Crane Motor,Crane Brake,Special Crane Spreader,Crane grab,Container spreader,Billet crane clamps,Crane C-type spreader,Lifting Electromagnet,Crane Rail Clips,Electric Hoist,FEM Standard Crane End Carriages,Light Crane Parts,Workstation Crane Parts,Crane Electrical Parts,I-beam cable trolley,Crane remote controller,Crane electrical control cabinet,Crane limit switch,Crane sound and light alarm,Heavy Duty Aviation Connector,Crane overload limiter,China Crane Parts Supplier,Crane hooks,Gantry crane hook,Crane accessories,Forged hook,hook processing,Hook manufacturer,China standard crane hook,electric hoist hook,Crane pulley,Hook pulley,Rolled pulley,Crane Pulley Supplier\uff0cEuropean hook pulley,Gantry crane hook pulley,WZL type crane drum,European style reel set,Crane reel,crane parts,Drum processing,crane drum manufacturer,Cast steel drum,Electric hoist drum,Crane drum assembly,DRS Wheel Blocks,European crane wheel,Forged wheels,Active wheel set,Driving wheel set,Driven wheel group,crane wheels manufacturer,Demag crane wheels,Konecranes Crane Wheels,Overhead crane Wheel,Shaft couplings,Power Transmission Couplings,Disc Couplings,Fluid couplings,Coupling manufacturer\uff0cCardan coupling,Crane Reducer,Crane Decelerators,Reducer gearbox,Reducer for crane,Gear Reducer For Crane,Hard tooth surface reducerCrane and hoist reducer,Flender reducer,Reducer manufacturer,ZQ reducer,QJ reducer,QJY reducer,Gear Motors,Konecranes reducer,F series three-in-one reducer,K series three-in-one reducer,travelling machinery,Travelling Motor With Gear,Gear Motor for Crane Traveling,Travelling machinery Frequency inverter motors,FEM standard Gear Motors,Crane motors,Inverter motors,Hoist motors,motorCrane duty motors,Special motor for crane,YZR YZP YZ series motors,Crane and hoist motor,Frequency conversion motor,Electro hydraulic drum brakes,Electro-hydraulic disc brakes,Brake,Overhead Crane Brakes,Disc brakes,Electromagnetic disk brake,Crane hydraulic disc brake,Brakes manufacturer,crane Safety brakes,Singlr rope grab,Four rope grab,Electro-hydraulic multi-flap grab,Orange peel grab,Electric motor grab,Electro-Hydraulicclamshell grab,grab manufacturers,Container spreader manufacturers,20ft Container Spreader,Semi Automatic container spreader,40ft Container Lifting Frame,TEC container Spreader,Billet lifting clamp,Billet Clamps,Billet crane clamps manufacturer,billet lifting clamps china supplier,Coil C-Type Hook,coil hook,Overhead Crane Steel Coil C-Type Hook,Crane C-hook,C-type spreader,C-type hook,Crane magnets,Rail fixing device,Crane Rail fixing device,crane Rail Clamp,CD\/MD Wire Rope Electric Hoist,Wire Rope Electric Hoist China Manufacturer,Single Girder Wire Rope Electric Hoist,Double Girder Wire Rope Electric Hoist,Chain Hoist,Electric chain hoist manufacturer,Electric chain hoist China distributor,European wire rope electric hoist\uff0cEuropean double beam wire rope electric hoist,European Style Single Beam Crane End Carriage,FEN\/DIN European Style Single Beam Crane End Carriage,Crane end beam manufacturers,European style hoist double beam crane end beam,Suspension crane end beam,European style suspended single beam crane end beam,FEN\/DIN Suspension crane end beam,crane cable trolley,Wireless remote control,remote controller,Crane control handle,Crane Controls,electrical control cabinet,crane control cabinet,Limit switch,Sound and light alarm,Aviation plug,quick connector,Crane aviation plug,Overload limiter\",\"publisher\":{\"@id\":\"https:\/\/www.hnhlcrane.com\/#organization\"},\"potentialAction\":[{\"@type\":\"SearchAction\",\"target\":{\"@type\":\"EntryPoint\",\"urlTemplate\":\"https:\/\/www.hnhlcrane.com\/?s={search_term_string}\"},\"query-input\":{\"@type\":\"PropertyValueSpecification\",\"valueRequired\":true,\"valueName\":\"search_term_string\"}}],\"inLanguage\":\"lv-LV\"},{\"@type\":\"Organization\",\"@id\":\"https:\/\/www.hnhlcrane.com\/#organization\",\"name\":\"Crane Parts Supplier-HL Crame\",\"url\":\"https:\/\/www.hnhlcrane.com\/\",\"logo\":{\"@type\":\"ImageObject\",\"inLanguage\":\"lv-LV\",\"@id\":\"https:\/\/www.hnhlcrane.com\/#\/schema\/logo\/image\/\",\"url\":\"https:\/\/www.hnhlcrane.com\/wp-content\/uploads\/2024\/09\/logo6-1-e1733899395598.png\",\"contentUrl\":\"https:\/\/www.hnhlcrane.com\/wp-content\/uploads\/2024\/09\/logo6-1-e1733899395598.png\",\"width\":1000,\"height\":282,\"caption\":\"Crane Parts Supplier-HL Crame\"},\"image\":{\"@id\":\"https:\/\/www.hnhlcrane.com\/#\/schema\/logo\/image\/\"}}]}<\/script>\n<!-- \/ Yoast SEO plugin. -->","yoast_head_json":{"title":"HDGY slie\u017eu klip\u0161i -Kr\u0101nu slie\u017eu klip\u0161i -Kr\u0101nu slie\u017eu klip\u0161i -Kr\u0101nu slie\u017eu skava","description":"Rail Clips,HDGY Rail Clips,Crane Rail Clips,Rail fiks\u0101cijas ier\u012bce,Crane Rail fiks\u0101cijas ier\u012bce,celt\u0146a Rail Clamp,WJK Rail Clips,Overhead Crane Rail Clips","robots":{"index":"index","follow":"follow","max-snippet":"max-snippet:-1","max-image-preview":"max-image-preview:large","max-video-preview":"max-video-preview:-1"},"canonical":"https:\/\/www.hnhlcrane.com\/lv\/produkts\/hdgy-sliezu-klipi\/","og_locale":"lv_LV","og_type":"article","og_title":"HDGY Rail Clips -Crane Rail Clips-Rail Clips-Crane Rail Clamp","og_description":"Rail Clips,HDGY Rail Clips,Crane Rail Clips,Rail fixing device,Crane Rail fixing device,crane Rail Clamp,WJK Rail Clips,Overhead Crane Rail Clips","og_url":"https:\/\/www.hnhlcrane.com\/lv\/produkts\/hdgy-sliezu-klipi\/","og_site_name":"Crane Parts Supplier-HL Crame","article_modified_time":"2024-11-29T14:43:48+00:00","og_image":[{"width":600,"height":600,"url":"https:\/\/www.hnhlcrane.com\/wp-content\/uploads\/2024\/11\/HDGY-Rail-Clips.jpg","type":"image\/jpeg"}],"twitter_card":"summary_large_image","twitter_misc":{"Est. reading time":"2 min\u016btes"},"schema":{"@context":"https:\/\/schema.org","@graph":[{"@type":"WebPage","@id":"https:\/\/www.hnhlcrane.com\/product\/hdgy-rail-clips\/","url":"https:\/\/www.hnhlcrane.com\/product\/hdgy-rail-clips\/","name":"HDGY slie\u017eu klip\u0161i -Kr\u0101nu slie\u017eu klip\u0161i -Kr\u0101nu slie\u017eu klip\u0161i -Kr\u0101nu slie\u017eu skava","isPartOf":{"@id":"https:\/\/www.hnhlcrane.com\/#website"},"primaryImageOfPage":{"@id":"https:\/\/www.hnhlcrane.com\/product\/hdgy-rail-clips\/#primaryimage"},"image":{"@id":"https:\/\/www.hnhlcrane.com\/product\/hdgy-rail-clips\/#primaryimage"},"thumbnailUrl":"https:\/\/www.hnhlcrane.com\/wp-content\/uploads\/2024\/11\/HDGY-Rail-Clips.jpg","datePublished":"2024-11-29T14:40:44+00:00","dateModified":"2024-11-29T14:43:48+00:00","description":"Rail Clips,HDGY Rail Clips,Crane Rail Clips,Rail fiks\u0101cijas ier\u012bce,Crane Rail fiks\u0101cijas ier\u012bce,celt\u0146a Rail Clamp,WJK Rail Clips,Overhead Crane Rail Clips","breadcrumb":{"@id":"https:\/\/www.hnhlcrane.com\/product\/hdgy-rail-clips\/#breadcrumb"},"inLanguage":"lv-LV","potentialAction":[{"@type":"ReadAction","target":["https:\/\/www.hnhlcrane.com\/product\/hdgy-rail-clips\/"]}]},{"@type":"ImageObject","inLanguage":"lv-LV","@id":"https:\/\/www.hnhlcrane.com\/product\/hdgy-rail-clips\/#primaryimage","url":"https:\/\/www.hnhlcrane.com\/wp-content\/uploads\/2024\/11\/HDGY-Rail-Clips.jpg","contentUrl":"https:\/\/www.hnhlcrane.com\/wp-content\/uploads\/2024\/11\/HDGY-Rail-Clips.jpg","width":600,"height":600},{"@type":"BreadcrumbList","@id":"https:\/\/www.hnhlcrane.com\/product\/hdgy-rail-clips\/#breadcrumb","itemListElement":[{"@type":"ListItem","position":1,"name":"home","item":"https:\/\/www.hnhlcrane.com\/"},{"@type":"ListItem","position":2,"name":"products","item":"https:\/\/www.hnhlcrane.com\/products\/"},{"@type":"ListItem","position":3,"name":"HDGY Rail Clips"}]},{"@type":"WebSite","@id":"https:\/\/www.hnhlcrane.com\/#website","url":"https:\/\/www.hnhlcrane.com\/","name":"Celt\u0146u da\u013cu pieg\u0101d\u0101t\u0101js-HL Crame","description":"Vienas pieturas risin\u0101jums vis\u0101m j\u016bsu celt\u0146a deta\u013cu vajadz\u012bb\u0101m, celt\u0146a \u0101\u0137is, celt\u0146a bungas, celt\u0146a ritenis, celt\u0146a sakabe, celt\u0146a p\u0101rnesumk\u0101rba, celt\u0146a motors, celt\u0146a bremze, speci\u0101lais celt\u0146a izklied\u0113t\u0101js, celt\u0146a greifers, konteineru izklied\u0113t\u0101js, stiep\u013cu celt\u0146a skavas, celt\u0146a C tipa izklied\u0113t\u0101js,Pacel\u0161anas elektromagn\u0113ts, celt\u0146a slie\u017eu klipsas, elektriskais pac\u0113l\u0101js, FEM standarta celt\u0146a gala rati\u0146i, vieglo celt\u0146u da\u013cas, celt\u0146u darbstaciju celt\u0146u da\u013cas, celt\u0146u elektrisk\u0101s da\u013cas, I-sijas kabe\u013cu rati\u0146i, celt\u0146a t\u0101lvad\u012bbas pults, celt\u0146a elektrisk\u0101s vad\u012bbas skapis,celt\u0146a gala sl\u0113dzis, celt\u0146a ska\u0146as un gaismas signaliz\u0101cija, lieljaudas avi\u0101cijas savienot\u0101js, celt\u0146a p\u0101rslodzes ierobe\u017eot\u0101js, \u0136\u012bnas celt\u0146a da\u013cu pieg\u0101d\u0101t\u0101js, celt\u0146a \u0101\u0137i, port\u0101lcelt\u0146u celt\u0146a \u0101\u0137is, celt\u0146a piederumi, kaltais \u0101\u0137is, \u0101\u0137a apstr\u0101de, \u0101\u0137a ra\u017eot\u0101js, \u0136\u012bnas standarta celt\u0146a \u0101\u0137is, elektrisk\u0101 pac\u0113l\u0101ja \u0101\u0137is, celt\u0146a tr\u012b\u0161i, \u0101\u0137a tr\u012b\u0161i, velm\u0113tie tr\u012b\u0161i, celt\u0146a tr\u012b\u0161u pieg\u0101d\u0101t\u0101js, Eiropas \u0101\u0137a tr\u012b\u0161i, port\u0101lcelt\u0146u \u0101\u0137a tr\u012b\u0161i, WZL tipa celt\u0146a trumu\u013ci, Eiropas tipa spoles komplekts, celt\u0146a spole,celt\u0146a deta\u013cas,Bungas apstr\u0101de,celt\u0146a bungas ra\u017eot\u0101js,Liet\u0101 t\u0113rauda bungas,Elektrisk\u0101 pac\u0113l\u0101ja bungas,celt\u0146a bungas mont\u0101\u017ea,DRS rite\u0146u bloki,Eiropas celt\u0146a ritenis,Kalti rite\u0146i,Akt\u012bv\u0101 rite\u0146a komplekts,Vado\u0161\u0101 rite\u0146a komplekts,Piedzi\u0146as rite\u0146u grupa,celt\u0146a rite\u0146u ra\u017eot\u0101js,Demag celt\u0146a rite\u0146i,Konecranes celt\u0146a rite\u0146i,Tro\u0161u celt\u0146a rite\u0146i,Vadu savienojumi,Sp\u0113ka p\u0101rvades savienojumi,Diska savienojumi,\u0160\u0137idruma savienojumi,Savienojuma ra\u017eot\u0101js\uff0cKart\u0101na sakabe,Kravu reduktors,Kr\u0101nu reduktori, reduktoru reduktori, reduktori celt\u0146iem, reduktori celt\u0146iem, zobratu reduktori celt\u0146iem, reduktori ar cietu zobu virsmu, reduktori celt\u0146iem un pac\u0113l\u0101jiem, flenderu reduktori, reduktoru ra\u017eot\u0101ji, ZQ reduktori, QJ reduktori, QJY reduktori, zobratu motori, Konecranes reduktori,F s\u0113rijas tr\u012bs vien\u0101 reduktor\u0101,K s\u0113rijas tr\u012bs vien\u0101 reduktor\u0101,Ce\u013cojo\u0161\u0101s ma\u0161\u012bnas,Ce\u013cojo\u0161ais motors ar zobratu,Motoriz\u0113ts zobratu motors celt\u0146a ce\u013co\u0161anai,Ce\u013cojo\u0161\u0101s ma\u0161\u012bnas Frekvences invertora motori,FEM standarta zobratu motori,Celt\u0146u motori,Invertoru motori,Celt\u0146a motori,MotorCrane duty motori,Speci\u0101lie motori celt\u0146iem,YZR YZP YZ s\u0113rijas motori,Celt\u0146a un pac\u0113l\u0101ja motori,Frekvences p\u0101rveido\u0161anas motori,Elektrokr\u0101na hidraulisk\u0101s trumu\u013ca bremzes,Elektrokr\u0101na hidraulisk\u0101s disku bremzes,Bremzes,Tro\u0161u celt\u0146a bremzes,Disku bremzes,Elektromagn\u0113tisk\u0101s disku bremzes,Kr\u0101na hidraulisk\u0101s disku bremzes,Brem\u017eu ra\u017eot\u0101js,Celt\u0146a dro\u0161\u012bbas bremzes,Vienlaidu satv\u0113r\u0113js,\u010cetru tro\u0161u satv\u0113r\u0113js,Elektrokr\u0101na hidrauliskais daudzpl\u0101k\u0161\u0146u satv\u0113r\u0113js,Oran\u017ea mizas satv\u0113r\u0113js,Elektromotora satv\u0113r\u0113js,Electro-Hydraulicclamshell greifers, greifers ra\u017eot\u0101ji, konteineru izklied\u0113t\u0101ju ra\u017eot\u0101ji, 20ft konteineru izklied\u0113t\u0101js, pusautom\u0101tisk\u0101 konteineru izklied\u0113t\u0101js, 40ft konteineru cel\u0161anas r\u0101mis, TEC konteineru izklied\u0113t\u0101js, Billet pacel\u0161anas skava, Billet skavas, Billet celt\u0146a skavas ra\u017eot\u0101js, Billet pacel\u0161anas skavas \u0136\u012bnas pieg\u0101d\u0101t\u0101js, Coil C-Type Hook, spole \u0101\u0137is, tilts \u0101\u0137is, Autocelt celtnis t\u0113rauda spole C-Type Hook, celtnis C-k\u0101ja, C tipa izklied\u0113t\u0101js, C tipa \u0101\u0137is, celt\u0146a magn\u0113ti, slie\u017eu stiprin\u0101juma ier\u012bce,Kr\u0101na slie\u017eu stiprin\u0101juma ier\u012bce, celt\u0146a slie\u017eu skava, CD\/MD stiep\u013cu tro\u0161u elektriskais pac\u0113l\u0101js, stiep\u013cu tro\u0161u elektriskais pac\u0113l\u0101js \u0136\u012bnas ra\u017eot\u0101js, viena sijas stiep\u013cu tro\u0161u elektriskais pac\u0113l\u0101js, dubult\u0101s sijas stiep\u013cu tro\u0161u elektriskais pac\u0113l\u0101js, \u0137\u0113des pac\u0113l\u0101js, elektriskais \u0137\u0113des pac\u0113l\u0101js ra\u017eot\u0101js, elektriskais \u0137\u0113des pac\u0113l\u0101js \u0136\u012bnas izplat\u012bt\u0101js, Eiropas stiep\u013cu tro\u0161u elektriskais pac\u0113l\u0101js, Eiropas dubult\u0101s sijas stiep\u013cu tro\u0161u elektriskais pac\u0113l\u0101js, Eiropas stila viena sijas celt\u0146a gala rati\u0146i, FEN\/DIN Eiropas stila viena sijas celt\u0146a gala rati\u0146i,Ce\u013camkr\u0101nu gala sijas ra\u017eot\u0101ji, Eiropas stila pac\u0113l\u0101ja dubult\u0101s sijas celt\u0146a gala sijas, Piekares celt\u0146a gala sijas, Eiropas stila piekaram\u0101 vienst\u0101va celt\u0146a gala sijas, FEN\/DIN piekaram\u0101 celt\u0146a gala sijas, celt\u0146a tro\u0161u rati\u0146i, bezvadu t\u0101lvad\u012bbas pults, t\u0101lvad\u012bbas pults, celt\u0146a vad\u012bbas rokturis, celt\u0146a vad\u012bbas ier\u012bces, elektrisk\u0101s vad\u012bbas skapis, celt\u0146a vad\u012bbas skapis, gala sl\u0113dzis, ska\u0146as un gaismas signaliz\u0101cija, avi\u0101cijas kontaktdak\u0161a, \u0101trais savienojums, celt\u0146a avi\u0101cijas kontaktdak\u0161a, p\u0101rslodzes ierobe\u017eot\u0101js","publisher":{"@id":"https:\/\/www.hnhlcrane.com\/#organization"},"potentialAction":[{"@type":"SearchAction","target":{"@type":"EntryPoint","urlTemplate":"https:\/\/www.hnhlcrane.com\/?s={search_term_string}"},"query-input":{"@type":"PropertyValueSpecification","valueRequired":true,"valueName":"search_term_string"}}],"inLanguage":"lv-LV"},{"@type":"Organization","@id":"https:\/\/www.hnhlcrane.com\/#organization","name":"Celt\u0146u da\u013cu pieg\u0101d\u0101t\u0101js-HL Crame","url":"https:\/\/www.hnhlcrane.com\/","logo":{"@type":"ImageObject","inLanguage":"lv-LV","@id":"https:\/\/www.hnhlcrane.com\/#\/schema\/logo\/image\/","url":"https:\/\/www.hnhlcrane.com\/wp-content\/uploads\/2024\/09\/logo6-1-e1733899395598.png","contentUrl":"https:\/\/www.hnhlcrane.com\/wp-content\/uploads\/2024\/09\/logo6-1-e1733899395598.png","width":1000,"height":282,"caption":"Crane Parts Supplier-HL Crame"},"image":{"@id":"https:\/\/www.hnhlcrane.com\/#\/schema\/logo\/image\/"}}]}},"_links":{"self":[{"href":"https:\/\/www.hnhlcrane.com\/lv\/wp-json\/wp\/v2\/product\/5544","targetHints":{"allow":["GET"]}}],"collection":[{"href":"https:\/\/www.hnhlcrane.com\/lv\/wp-json\/wp\/v2\/product"}],"about":[{"href":"https:\/\/www.hnhlcrane.com\/lv\/wp-json\/wp\/v2\/types\/product"}],"version-history":[{"count":0,"href":"https:\/\/www.hnhlcrane.com\/lv\/wp-json\/wp\/v2\/product\/5544\/revisions"}],"wp:featuredmedia":[{"embeddable":true,"href":"https:\/\/www.hnhlcrane.com\/lv\/wp-json\/wp\/v2\/media\/5545"}],"wp:attachment":[{"href":"https:\/\/www.hnhlcrane.com\/lv\/wp-json\/wp\/v2\/media?parent=5544"}],"wp:term":[{"taxonomy":"product_brand","embeddable":true,"href":"https:\/\/www.hnhlcrane.com\/lv\/wp-json\/wp\/v2\/product_brand?post=5544"},{"taxonomy":"product_cat","embeddable":true,"href":"https:\/\/www.hnhlcrane.com\/lv\/wp-json\/wp\/v2\/product_cat?post=5544"},{"taxonomy":"product_tag","embeddable":true,"href":"https:\/\/www.hnhlcrane.com\/lv\/wp-json\/wp\/v2\/product_tag?post=5544"}],"curies":[{"name":"wp","href":"https:\/\/api.w.org\/{rel}","templated":true}]}}