{"id":5763,"date":"2024-12-05T23:37:16","date_gmt":"2024-12-05T15:37:16","guid":{"rendered":"https:\/\/www.hnhlcrane.com\/?post_type=product&#038;p=5763"},"modified":"2024-12-10T23:29:41","modified_gmt":"2024-12-10T15:29:41","slug":"krano-elektros-valdymo-spinta","status":"publish","type":"product","link":"https:\/\/www.hnhlcrane.com\/lt\/produktas\/krano-elektros-valdymo-spinta\/","title":{"rendered":"Kran\u0173 elektros valdymo spinta"},"content":{"rendered":"<div class=\"flex max-w-full flex-col flex-grow\">\n<div class=\"min-h-8 text-message flex w-full flex-col items-end gap-2 whitespace-normal break-words text-start [.text-message+&amp;]:mt-5\" dir=\"auto\" data-message-author-role=\"assistant\" data-message-id=\"c900b7fa-04cb-4382-81d9-3bfa02a01192\" data-message-model-slug=\"gpt-4o\">\n<div class=\"flex w-full flex-col gap-1 empty:hidden first:pt-[3px]\">\n<div class=\"markdown prose w-full break-words dark:prose-invert light\">\n<h6><strong><span style=\"font-family: arial, helvetica, sans-serif; font-size: 18pt;\">\u012evadas \u012f kran\u0173 elektros valdymo spintas<\/span><\/strong><\/h6>\n<p>Svetain\u0117 <strong>Kran\u0173 elektros valdymo spinta<\/strong> yra esminis kran\u0173 pramon\u0117s komponentas, skirtas apsaugoti elektros komponentus ir reguliuoti krano darb\u0105. Jis u\u017etikrina ir saugum\u0105, ir efektyvum\u0105, integruodamas pa\u017eangias elektros sistemas \u012f tvirt\u0105 ir gerai organizuot\u0105 strukt\u016br\u0105.<\/p>\n<h6><strong><span style=\"font-family: arial, helvetica, sans-serif; font-size: 18pt;\">Strukt\u016bra ir funkcijos<\/span><\/strong><\/h6>\n<p>Valdymo spinta susideda i\u0161 trij\u0173 pagrindini\u0173 dali\u0173:<\/p>\n<ol>\n<li><strong>Korpusas<\/strong>:<br \/>\nI\u0161 lenkt\u0173 ir suvirint\u0173 plon\u0173 plieno plok\u0161\u010di\u0173 pagamintas korpusas apsaugo vidinius komponentus ir yra patvarus.<\/li>\n<li><strong>Elektros komponentai<\/strong>:<br \/>\nTai peili\u0173 jungikliai, kintamosios srov\u0117s kontaktoriai, vir\u0161\u012ftampi\u0173 kontaktoriai ir saugikliai, i\u0161d\u0117styti ant r\u0117min\u0117s konstrukcijos, kad b\u016bt\u0173 lengva juos pasiekti ir atlikti technin\u0119 prie\u017ei\u016br\u0105.<\/li>\n<li><strong>Prijungimo dalys<\/strong>:<br \/>\nLaidai ir jungtys u\u017etikrina skland\u0173 ry\u0161\u012f tarp komponent\u0173. Ant spintos dureli\u0173 sumontuotos signalin\u0117s lemput\u0117s, rodan\u010dios sistemos b\u016bsen\u0105.<\/li>\n<\/ol>\n<p>Spinta skirta didel\u0117s galios grandin\u0117ms valdyti naudojant ma\u017eos galios logik\u0105, naudojant u\u017eprogramuotas sekas, pakei\u010diant tradicines mechanines kum\u0161teles ir padidinant veikimo patikimum\u0105.<\/p>\n<h6><strong><span style=\"font-family: arial, helvetica, sans-serif; font-size: 18pt;\">Tipai ir klasifikacijos<\/span><\/strong><\/h6>\n<p>Kran\u0173 elektros valdymo spintas galima suskirstyti \u012f kategorijas pagal j\u0173 funkcijas ir montavimo vietas:<\/p>\n<ol>\n<li><strong>Valdymo spinta<\/strong>:<br \/>\nNaudojamas kran\u0173 steb\u0117jimui ir eksploatavimui, \u012fskaitant varikli\u0173 valdym\u0105, ribin\u0119 apsaug\u0105, saugos steb\u0117jim\u0105 ir ry\u0161i\u0173 sistemas.<\/li>\n<li><strong>Maitinimo \u0161altinio spinta<\/strong>:<br \/>\nKrano maitinimas, \u012fskaitant kabeli\u0173 s\u0105sajas, maitinimo jungiklius ir saugiklius.<\/li>\n<li><strong>Signal\u0173 spinta<\/strong>:<br \/>\nTvarko signal\u0173 perdavim\u0105 ir pri\u0117mim\u0105, \u012fskaitant jutiklius ir valdymo modulius.<\/li>\n<li><strong>Specializuotos spintos<\/strong>:<br \/>\nPagal u\u017esakym\u0105 pagamintos specifiniams krano reikalavimams, pavyzd\u017eiui, sprogimui, vandeniui ar korozijai atsparios spintos.<\/li>\n<li><strong>Duomen\u0173 surinkimo spinta<\/strong>:<br \/>\nRenka duomenis, pvz., srov\u0117s, \u012ftampos, grei\u010dio ir temperat\u016bros, kad juos b\u016bt\u0173 galima steb\u0117ti ir analizuoti.<\/li>\n<\/ol>\n<h6><strong><span style=\"font-family: arial, helvetica, sans-serif; font-size: 18pt;\">\u012erengimas ir prie\u017ei\u016bra<\/span><\/strong><\/h6>\n<p>Kad u\u017etikrintum\u0117te optimal\u0173 veikim\u0105, diegdami ir atlikdami technin\u0119 prie\u017ei\u016br\u0105 laikykit\u0117s \u0161i\u0173 nurodym\u0173:<\/p>\n<ol>\n<li><strong>Metalin\u0117s jungtys<\/strong>:<br \/>\nTinkamai prijunkite visas metalines dalis, ypa\u010d da\u017eytus ar anoduotus pavir\u0161ius, naudodami specializuotus kontaktinius kilim\u0117lius.<\/li>\n<li><strong>Komponent\u0173 i\u0161d\u0117stymas<\/strong>:<br \/>\nKomponentus i\u0161d\u0117stykite logi\u0161kai, u\u017etikrindami ne ma\u017eesn\u012f kaip 200 mm atstum\u0105 tarp pavar\u0173 ir jautri\u0173 elektrini\u0173 dali\u0173, kad suma\u017eintum\u0117te elektromagnetinius trikd\u017eius.<\/li>\n<li><strong>Aplinkos s\u0105lygos<\/strong>:\n<ul>\n<li><strong>Auk\u0161tis<\/strong>: \u017demiau nei 2000 m.<\/li>\n<li><strong>Temperat\u016bra<\/strong>: nuo -30\u00b0C iki +40\u00b0C.<\/li>\n<li><strong>Dr\u0117gm\u0117<\/strong>: \u2264 85%.<\/li>\n<li><strong>Stabilumas<\/strong>: Venkite viet\u0173, kuriose yra pernelyg didel\u0117 vibracija ar sm\u016bgiai.<\/li>\n<li><strong>Sauga<\/strong>: \u012esitikinkite, kad n\u0117ra sprogi\u0173 duj\u0173 ar gar\u0173.<\/li>\n<\/ul>\n<\/li>\n<\/ol>\n<h6><strong><span style=\"font-family: arial, helvetica, sans-serif; font-size: 18pt;\">Reik\u0161m\u0117 kran\u0173 pramon\u0117je<\/span><\/strong><\/h6>\n<p>\"Crane\" elektros valdymo spinta vaidina svarb\u0173 vaidmen\u012f pramon\u0117je, nes joje integruotos sud\u0117tingos grandin\u0117s ir pa\u017eangios valdymo sistemos. Ji u\u017etikrina saug\u0173 ir efektyv\u0173 veikim\u0105, tod\u0117l kranai atitinka \u0161iuolaikin\u0117s pramon\u0117s reikalavimus.<\/p>\n<p>D\u0117l tvirtos konstrukcijos, kategorizuot\u0173 funkcij\u0173 ir grie\u017et\u0173 montavimo bei darbo s\u0105lyg\u0173 laikymosi valdymo spinta u\u017etikrina patikimum\u0105 \u012fvairiose srityse.<\/p>\n<\/div>\n<\/div>\n<\/div>\n<\/div>","protected":false},"excerpt":{"rendered":"<p>Valdymo spinta, maitinimo spinta, signalo spinta, speciali spinta, duomen\u0173 surinkimo spinta, krano elektros valdymo spinta, elektros valdymo spinta, krano valdymo spinta<\/p>","protected":false},"featured_media":5764,"template":"","meta":{"_kad_post_transparent":"default","_kad_post_title":"","_kad_post_layout":"default","_kad_post_sidebar_id":"","_kad_post_content_style":"default","_kad_post_vertical_padding":"show","_kad_post_feature":"","_kad_post_feature_position":"","_kad_post_header":false,"_kad_post_footer":false},"product_brand":[],"product_cat":[65],"product_tag":[300,301,284,299],"class_list":{"0":"post-5763","1":"product","2":"type-product","3":"status-publish","4":"has-post-thumbnail","6":"product_cat-crane-electrical-parts","7":"product_tag-crane-control-cabinet","8":"product_tag-crane-electrical-control-cabinet","9":"product_tag-crane-electrical-parts","10":"product_tag-electrical-control-cabinet","12":"first","13":"instock","14":"shipping-taxable","15":"product-type-simple","16":"entry","17":"content-bg","18":"loop-entry"},"yoast_head":"<!-- This site is optimized with the Yoast SEO plugin v25.6 - https:\/\/yoast.com\/wordpress\/plugins\/seo\/ -->\n<title>Crane electrical control cabinet -electrical control cabinet<\/title>\n<meta name=\"description\" content=\"electrical control cabinet,crane control cabinet,Crane electrical control cabinet,Electrical control cabinet manufacturer,Crane Electrical Parts\" \/>\n<meta name=\"robots\" content=\"index, follow, max-snippet:-1, max-image-preview:large, max-video-preview:-1\" \/>\n<link rel=\"canonical\" href=\"https:\/\/www.hnhlcrane.com\/lt\/produktas\/krano-elektros-valdymo-spinta\/\" \/>\n<meta property=\"og:locale\" content=\"lt_LT\" \/>\n<meta property=\"og:type\" content=\"article\" \/>\n<meta property=\"og:title\" content=\"Crane electrical control cabinet -electrical control cabinet\" \/>\n<meta property=\"og:description\" content=\"electrical control cabinet,crane control cabinet,Crane electrical control cabinet,Electrical control cabinet manufacturer,Crane Electrical Parts\" \/>\n<meta property=\"og:url\" content=\"https:\/\/www.hnhlcrane.com\/lt\/produktas\/krano-elektros-valdymo-spinta\/\" \/>\n<meta property=\"og:site_name\" content=\"Crane Parts Supplier-HL Crame\" \/>\n<meta property=\"article:modified_time\" content=\"2024-12-10T15:29:41+00:00\" \/>\n<meta property=\"og:image\" content=\"https:\/\/www.hnhlcrane.com\/wp-content\/uploads\/2024\/12\/Crane-electrical-control-cabinet-1.jpg\" \/>\n\t<meta property=\"og:image:width\" content=\"600\" \/>\n\t<meta property=\"og:image:height\" content=\"600\" \/>\n\t<meta property=\"og:image:type\" content=\"image\/jpeg\" \/>\n<meta name=\"twitter:card\" content=\"summary_large_image\" \/>\n<meta name=\"twitter:label1\" content=\"Est. reading time\" \/>\n\t<meta name=\"twitter:data1\" content=\"2 minut\u0117s\" \/>\n<script type=\"application\/ld+json\" class=\"yoast-schema-graph\">{\"@context\":\"https:\/\/schema.org\",\"@graph\":[{\"@type\":\"WebPage\",\"@id\":\"https:\/\/www.hnhlcrane.com\/product\/crane-electrical-control-cabinet\/\",\"url\":\"https:\/\/www.hnhlcrane.com\/product\/crane-electrical-control-cabinet\/\",\"name\":\"Crane electrical control cabinet -electrical control cabinet\",\"isPartOf\":{\"@id\":\"https:\/\/www.hnhlcrane.com\/#website\"},\"primaryImageOfPage\":{\"@id\":\"https:\/\/www.hnhlcrane.com\/product\/crane-electrical-control-cabinet\/#primaryimage\"},\"image\":{\"@id\":\"https:\/\/www.hnhlcrane.com\/product\/crane-electrical-control-cabinet\/#primaryimage\"},\"thumbnailUrl\":\"https:\/\/www.hnhlcrane.com\/wp-content\/uploads\/2024\/12\/Crane-electrical-control-cabinet-1.jpg\",\"datePublished\":\"2024-12-05T15:37:16+00:00\",\"dateModified\":\"2024-12-10T15:29:41+00:00\",\"description\":\"electrical control cabinet,crane control cabinet,Crane electrical control cabinet,Electrical control cabinet manufacturer,Crane Electrical Parts\",\"breadcrumb\":{\"@id\":\"https:\/\/www.hnhlcrane.com\/product\/crane-electrical-control-cabinet\/#breadcrumb\"},\"inLanguage\":\"lt-LT\",\"potentialAction\":[{\"@type\":\"ReadAction\",\"target\":[\"https:\/\/www.hnhlcrane.com\/product\/crane-electrical-control-cabinet\/\"]}]},{\"@type\":\"ImageObject\",\"inLanguage\":\"lt-LT\",\"@id\":\"https:\/\/www.hnhlcrane.com\/product\/crane-electrical-control-cabinet\/#primaryimage\",\"url\":\"https:\/\/www.hnhlcrane.com\/wp-content\/uploads\/2024\/12\/Crane-electrical-control-cabinet-1.jpg\",\"contentUrl\":\"https:\/\/www.hnhlcrane.com\/wp-content\/uploads\/2024\/12\/Crane-electrical-control-cabinet-1.jpg\",\"width\":600,\"height\":600},{\"@type\":\"BreadcrumbList\",\"@id\":\"https:\/\/www.hnhlcrane.com\/product\/crane-electrical-control-cabinet\/#breadcrumb\",\"itemListElement\":[{\"@type\":\"ListItem\",\"position\":1,\"name\":\"home\",\"item\":\"https:\/\/www.hnhlcrane.com\/\"},{\"@type\":\"ListItem\",\"position\":2,\"name\":\"products\",\"item\":\"https:\/\/www.hnhlcrane.com\/products\/\"},{\"@type\":\"ListItem\",\"position\":3,\"name\":\"Crane electrical control cabinet\"}]},{\"@type\":\"WebSite\",\"@id\":\"https:\/\/www.hnhlcrane.com\/#website\",\"url\":\"https:\/\/www.hnhlcrane.com\/\",\"name\":\"Crane Parts Supplier-HL Crame\",\"description\":\"One-stop solution for all your  crane parts needs,Crane Hook,Crane Drum,Crane Wheel,Crane Coupling,Crane Gearbox,Crane Motor,Crane Brake,Special Crane Spreader,Crane grab,Container spreader,Billet crane clamps,Crane C-type spreader,Lifting Electromagnet,Crane Rail Clips,Electric Hoist,FEM Standard Crane End Carriages,Light Crane Parts,Workstation Crane Parts,Crane Electrical Parts,I-beam cable trolley,Crane remote controller,Crane electrical control cabinet,Crane limit switch,Crane sound and light alarm,Heavy Duty Aviation Connector,Crane overload limiter,China Crane Parts Supplier,Crane hooks,Gantry crane hook,Crane accessories,Forged hook,hook processing,Hook manufacturer,China standard crane hook,electric hoist hook,Crane pulley,Hook pulley,Rolled pulley,Crane Pulley Supplier\uff0cEuropean hook pulley,Gantry crane hook pulley,WZL type crane drum,European style reel set,Crane reel,crane parts,Drum processing,crane drum manufacturer,Cast steel drum,Electric hoist drum,Crane drum assembly,DRS Wheel Blocks,European crane wheel,Forged wheels,Active wheel set,Driving wheel set,Driven wheel group,crane wheels manufacturer,Demag crane wheels,Konecranes Crane Wheels,Overhead crane Wheel,Shaft couplings,Power Transmission Couplings,Disc Couplings,Fluid couplings,Coupling manufacturer\uff0cCardan coupling,Crane Reducer,Crane Decelerators,Reducer gearbox,Reducer for crane,Gear Reducer For Crane,Hard tooth surface reducerCrane and hoist reducer,Flender reducer,Reducer manufacturer,ZQ reducer,QJ reducer,QJY reducer,Gear Motors,Konecranes reducer,F series three-in-one reducer,K series three-in-one reducer,travelling machinery,Travelling Motor With Gear,Gear Motor for Crane Traveling,Travelling machinery Frequency inverter motors,FEM standard Gear Motors,Crane motors,Inverter motors,Hoist motors,motorCrane duty motors,Special motor for crane,YZR YZP YZ series motors,Crane and hoist motor,Frequency conversion motor,Electro hydraulic drum brakes,Electro-hydraulic disc brakes,Brake,Overhead Crane Brakes,Disc brakes,Electromagnetic disk brake,Crane hydraulic disc brake,Brakes manufacturer,crane Safety brakes,Singlr rope grab,Four rope grab,Electro-hydraulic multi-flap grab,Orange peel grab,Electric motor grab,Electro-Hydraulicclamshell grab,grab manufacturers,Container spreader manufacturers,20ft Container Spreader,Semi Automatic container spreader,40ft Container Lifting Frame,TEC container Spreader,Billet lifting clamp,Billet Clamps,Billet crane clamps manufacturer,billet lifting clamps china supplier,Coil C-Type Hook,coil hook,Overhead Crane Steel Coil C-Type Hook,Crane C-hook,C-type spreader,C-type hook,Crane magnets,Rail fixing device,Crane Rail fixing device,crane Rail Clamp,CD\/MD Wire Rope Electric Hoist,Wire Rope Electric Hoist China Manufacturer,Single Girder Wire Rope Electric Hoist,Double Girder Wire Rope Electric Hoist,Chain Hoist,Electric chain hoist manufacturer,Electric chain hoist China distributor,European wire rope electric hoist\uff0cEuropean double beam wire rope electric hoist,European Style Single Beam Crane End Carriage,FEN\/DIN European Style Single Beam Crane End Carriage,Crane end beam manufacturers,European style hoist double beam crane end beam,Suspension crane end beam,European style suspended single beam crane end beam,FEN\/DIN Suspension crane end beam,crane cable trolley,Wireless remote control,remote controller,Crane control handle,Crane Controls,electrical control cabinet,crane control cabinet,Limit switch,Sound and light alarm,Aviation plug,quick connector,Crane aviation plug,Overload limiter\",\"publisher\":{\"@id\":\"https:\/\/www.hnhlcrane.com\/#organization\"},\"potentialAction\":[{\"@type\":\"SearchAction\",\"target\":{\"@type\":\"EntryPoint\",\"urlTemplate\":\"https:\/\/www.hnhlcrane.com\/?s={search_term_string}\"},\"query-input\":{\"@type\":\"PropertyValueSpecification\",\"valueRequired\":true,\"valueName\":\"search_term_string\"}}],\"inLanguage\":\"lt-LT\"},{\"@type\":\"Organization\",\"@id\":\"https:\/\/www.hnhlcrane.com\/#organization\",\"name\":\"Crane Parts Supplier-HL Crame\",\"url\":\"https:\/\/www.hnhlcrane.com\/\",\"logo\":{\"@type\":\"ImageObject\",\"inLanguage\":\"lt-LT\",\"@id\":\"https:\/\/www.hnhlcrane.com\/#\/schema\/logo\/image\/\",\"url\":\"https:\/\/www.hnhlcrane.com\/wp-content\/uploads\/2024\/09\/logo6-1-e1733899395598.png\",\"contentUrl\":\"https:\/\/www.hnhlcrane.com\/wp-content\/uploads\/2024\/09\/logo6-1-e1733899395598.png\",\"width\":1000,\"height\":282,\"caption\":\"Crane Parts Supplier-HL Crame\"},\"image\":{\"@id\":\"https:\/\/www.hnhlcrane.com\/#\/schema\/logo\/image\/\"}}]}<\/script>\n<!-- \/ Yoast SEO plugin. -->","yoast_head_json":{"title":"Kran\u0173 elektros valdymo spinta -elektros valdymo spinta","description":"elektros valdymo spinta, krano valdymo spinta, krano elektros valdymo spinta, elektros valdymo spintos gamintojas, krano elektros dalys","robots":{"index":"index","follow":"follow","max-snippet":"max-snippet:-1","max-image-preview":"max-image-preview:large","max-video-preview":"max-video-preview:-1"},"canonical":"https:\/\/www.hnhlcrane.com\/lt\/produktas\/krano-elektros-valdymo-spinta\/","og_locale":"lt_LT","og_type":"article","og_title":"Crane electrical control cabinet -electrical control cabinet","og_description":"electrical control cabinet,crane control cabinet,Crane electrical control cabinet,Electrical control cabinet manufacturer,Crane Electrical Parts","og_url":"https:\/\/www.hnhlcrane.com\/lt\/produktas\/krano-elektros-valdymo-spinta\/","og_site_name":"Crane Parts Supplier-HL Crame","article_modified_time":"2024-12-10T15:29:41+00:00","og_image":[{"width":600,"height":600,"url":"https:\/\/www.hnhlcrane.com\/wp-content\/uploads\/2024\/12\/Crane-electrical-control-cabinet-1.jpg","type":"image\/jpeg"}],"twitter_card":"summary_large_image","twitter_misc":{"Est. reading time":"2 minut\u0117s"},"schema":{"@context":"https:\/\/schema.org","@graph":[{"@type":"WebPage","@id":"https:\/\/www.hnhlcrane.com\/product\/crane-electrical-control-cabinet\/","url":"https:\/\/www.hnhlcrane.com\/product\/crane-electrical-control-cabinet\/","name":"Kran\u0173 elektros valdymo spinta -elektros valdymo spinta","isPartOf":{"@id":"https:\/\/www.hnhlcrane.com\/#website"},"primaryImageOfPage":{"@id":"https:\/\/www.hnhlcrane.com\/product\/crane-electrical-control-cabinet\/#primaryimage"},"image":{"@id":"https:\/\/www.hnhlcrane.com\/product\/crane-electrical-control-cabinet\/#primaryimage"},"thumbnailUrl":"https:\/\/www.hnhlcrane.com\/wp-content\/uploads\/2024\/12\/Crane-electrical-control-cabinet-1.jpg","datePublished":"2024-12-05T15:37:16+00:00","dateModified":"2024-12-10T15:29:41+00:00","description":"elektros valdymo spinta, krano valdymo spinta, krano elektros valdymo spinta, elektros valdymo spintos gamintojas, krano elektros dalys","breadcrumb":{"@id":"https:\/\/www.hnhlcrane.com\/product\/crane-electrical-control-cabinet\/#breadcrumb"},"inLanguage":"lt-LT","potentialAction":[{"@type":"ReadAction","target":["https:\/\/www.hnhlcrane.com\/product\/crane-electrical-control-cabinet\/"]}]},{"@type":"ImageObject","inLanguage":"lt-LT","@id":"https:\/\/www.hnhlcrane.com\/product\/crane-electrical-control-cabinet\/#primaryimage","url":"https:\/\/www.hnhlcrane.com\/wp-content\/uploads\/2024\/12\/Crane-electrical-control-cabinet-1.jpg","contentUrl":"https:\/\/www.hnhlcrane.com\/wp-content\/uploads\/2024\/12\/Crane-electrical-control-cabinet-1.jpg","width":600,"height":600},{"@type":"BreadcrumbList","@id":"https:\/\/www.hnhlcrane.com\/product\/crane-electrical-control-cabinet\/#breadcrumb","itemListElement":[{"@type":"ListItem","position":1,"name":"home","item":"https:\/\/www.hnhlcrane.com\/"},{"@type":"ListItem","position":2,"name":"products","item":"https:\/\/www.hnhlcrane.com\/products\/"},{"@type":"ListItem","position":3,"name":"Crane electrical control cabinet"}]},{"@type":"WebSite","@id":"https:\/\/www.hnhlcrane.com\/#website","url":"https:\/\/www.hnhlcrane.com\/","name":"Kran\u0173 dali\u0173 tiek\u0117jas-HL Crame","description":"Vieno langelio sprendimas visiems j\u016bs\u0173 krano dali\u0173 poreikiams, krano kablys, krano b\u016bgnas, krano ratas, krano jungtis, krano pavar\u0173 d\u0117\u017e\u0117, krano variklis, krano stabdys, specialus krano barstytuvas, krano griebtuvas, konteineri\u0173 barstytuvas, ruo\u0161ini\u0173 krano spaustuvai, krano C tipo barstytuvas,k\u0117limo elektromagnetas, krano b\u0117gi\u0173 spaustuvai, elektrinis keltuvas, FEM standartiniai krano galiniai ve\u017eim\u0117liai, lengvojo krano dalys, krano darbo vietos dalys, krano elektros dalys, I sijos kabeli\u0173 ve\u017eim\u0117lis, krano nuotolinio valdymo pultas, krano elektros valdymo spinta,Kran\u0173 galinis jungiklis, Kran\u0173 garso ir \u0161viesos signalizacija, Sunkiosios aviacijos jungtis, Kran\u0173 perkrovos ribotuvas, Kinijos kran\u0173 dali\u0173 tiek\u0117jas, Kran\u0173 kabliai, portalinio krano kablys, Kran\u0173 priedai, Kaltinis kablys, kablio apdorojimas, Kablio gamintojas, Kinijos standartinis krano kablys, elektrinio keltuvo kablys, Kran\u0173 skriemulys, Kablio skriemulys, Valcuotas skriemulys, Kran\u0173 skriemuli\u0173 tiek\u0117jas\uff0cEuropieti\u0161kas kablio skriemulys, portalinio krano kablio skriemulys, WZL tipo krano b\u016bgnas, Europos stiliaus rit\u0117s rinkinys, Kran\u0173 rit\u0117,kran\u0173 dalys,B\u016bgno apdirbimas,krano b\u016bgno gamintojas,Lieto plieno b\u016bgnas,Elektrinio keltuvo b\u016bgnas,Kran\u0173 b\u016bgno surinkimas,DRS rat\u0173 blokai,Europos krano ratas,Kaltiniai ratai,Aktyvi\u0173j\u0173 rat\u0173 komplektas,Varom\u0173j\u0173 rat\u0173 komplektas,Varom\u0173j\u0173 rat\u0173 grup\u0117,krano rat\u0173 gamintojas,Demag krano ratai,Konecranes krano ratai,Tiltinio krano ratas,Veleno movos,J\u0117gos perdavimo movos,Diskin\u0117s movos,Skys\u010dio movos,Movos gamintojas,Kardanin\u0117s movos,Kran\u0173 reduktorius,Krano l\u0117tintuvai, Reduktorius pavar\u0173 d\u0117\u017e\u0117, Reduktorius kranui, Reduktorius kranui, Kiet\u0173j\u0173 dant\u0173 pavir\u0161iaus reduktoriusKrano ir keltuvo reduktorius, Flenderio reduktorius, Reduktoriaus gamintojas, ZQ reduktorius, QJ reduktorius, QJY reduktorius, Krumpliaratiniai varikliai, Konecranes reduktorius,F serijos \"trys viename\" reduktorius,K serijos \"trys viename\" reduktorius,va\u017eiuojan\u010dios ma\u0161inos,va\u017eiuojantis variklis su pavara,krano va\u017eiavimo variklis su pavara,va\u017eiuojan\u010di\u0173 ma\u0161in\u0173 da\u017enio keitikli\u0173 varikliai,FEM standarto krumpliaratiniai varikliai,kran\u0173 varikliai,Inverteriniai varikliai,Keltuv\u0173 varikliai,varikliaiKran\u0173 varikliai,Special\u016bs kran\u0173 varikliai,YZR YZP YZ serijos varikliai,Kran\u0173 ir keltuv\u0173 varikliai,Da\u017enio keitikli\u0173 varikliai,Elektrochidrauliniai b\u016bgniniai stabd\u017eiai,Elektrochidrauliniai diskiniai stabd\u017eiai,Stabd\u017eiai,Tiltinio krano stabd\u017eiai,Diskiniai stabd\u017eiai,Elektromagnetiniai diskiniai stabd\u017eiai,Krano hidrauliniai diskiniai stabd\u017eiai,Stabd\u017ei\u0173 gamintojas,Kran\u0173 saugos stabd\u017eiai,Viengubas lyno griebtuvas,Keturi\u0173 lyn\u0173 griebtuvas,Elektrochidraulinis daugiapakopis griebtuvas,Oran\u017ein\u0117s \u017eievel\u0117s griebtuvas,Elektrinis variklio griebtuvas,Electro-Hydraulicclamshell graib\u0161tas, graib\u0161to gamintojai, Konteineri\u0173 barstytuv\u0173 gamintojai, 20 p\u0117d\u0173 konteineri\u0173 barstytuvas, pusiau automatinis konteineri\u0173 barstytuvas, 40 p\u0117d\u0173 konteineri\u0173 k\u0117limo r\u0117mas, TEC konteineri\u0173 barstytuvas, ruo\u0161ini\u0173 k\u0117limo spaustuvas, ruo\u0161ini\u0173 spaustuvai, ruo\u0161ini\u0173 krano spaustuvai gamintojas, ruo\u0161ini\u0173 k\u0117limo spaustuvai Kinijos tiek\u0117jas, rit\u0117s C-tipo kablys, rit\u0117s kablys, tiltinio krano plieno rit\u0117s C-tipo kablys, krano C-kablys, C-tipo barstytuvas, C-tipo kablys, krano magnetai, b\u0117gi\u0173 tvirtinimo \u012ftaisas,Krano b\u0117gi\u0173 tvirtinimo \u012ftaisas, krano b\u0117gi\u0173 spaustukas, CD\/MD vielinio lyno elektrinis keltuvas, vielinio lyno elektrinis keltuvas Kinijos gamintojas, vieno sijos vielinio lyno elektrinis keltuvas, dviej\u0173 sij\u0173 vielinio lyno elektrinis keltuvas, grandininis keltuvas, elektrinis grandininis keltuvas gamintojas, elektrinis grandininis keltuvas Kinijos platintojas, europinis vielinio lyno elektrinis keltuvas, europinis dvigubos sijos vielinio lyno elektrinis keltuvas, europinio stiliaus vienos sijos krano galinis ve\u017eim\u0117lis, FEN\/DIN europinio stiliaus vienos sijos krano galinis ve\u017eim\u0117lis,Kran\u0173 galini\u0173 sij\u0173 gamintojai, europinio stiliaus k\u0117limo krano dvigubos sijos galin\u0117 sija, pakabinamo krano galin\u0117 sija, europinio stiliaus pakabinamo vienos sijos krano galin\u0117 sija, FEN\/DIN pakabinamo krano galin\u0117 sija, krano troso ve\u017eim\u0117lis, belaidis nuotolinio valdymo pultas, nuotolinio valdymo pultas, krano valdymo rankena, krano valdikliai, elektros valdymo spinta, krano valdymo spinta, ribinis jungiklis, garso ir \u0161viesos signalizacija, aviacijos ki\u0161tukas, greitoji jungtis, krano aviacijos ki\u0161tukas, perkrovos ribotuvas","publisher":{"@id":"https:\/\/www.hnhlcrane.com\/#organization"},"potentialAction":[{"@type":"SearchAction","target":{"@type":"EntryPoint","urlTemplate":"https:\/\/www.hnhlcrane.com\/?s={search_term_string}"},"query-input":{"@type":"PropertyValueSpecification","valueRequired":true,"valueName":"search_term_string"}}],"inLanguage":"lt-LT"},{"@type":"Organization","@id":"https:\/\/www.hnhlcrane.com\/#organization","name":"Kran\u0173 dali\u0173 tiek\u0117jas-HL Crame","url":"https:\/\/www.hnhlcrane.com\/","logo":{"@type":"ImageObject","inLanguage":"lt-LT","@id":"https:\/\/www.hnhlcrane.com\/#\/schema\/logo\/image\/","url":"https:\/\/www.hnhlcrane.com\/wp-content\/uploads\/2024\/09\/logo6-1-e1733899395598.png","contentUrl":"https:\/\/www.hnhlcrane.com\/wp-content\/uploads\/2024\/09\/logo6-1-e1733899395598.png","width":1000,"height":282,"caption":"Crane Parts Supplier-HL Crame"},"image":{"@id":"https:\/\/www.hnhlcrane.com\/#\/schema\/logo\/image\/"}}]}},"_links":{"self":[{"href":"https:\/\/www.hnhlcrane.com\/lt\/wp-json\/wp\/v2\/product\/5763","targetHints":{"allow":["GET"]}}],"collection":[{"href":"https:\/\/www.hnhlcrane.com\/lt\/wp-json\/wp\/v2\/product"}],"about":[{"href":"https:\/\/www.hnhlcrane.com\/lt\/wp-json\/wp\/v2\/types\/product"}],"version-history":[{"count":0,"href":"https:\/\/www.hnhlcrane.com\/lt\/wp-json\/wp\/v2\/product\/5763\/revisions"}],"wp:featuredmedia":[{"embeddable":true,"href":"https:\/\/www.hnhlcrane.com\/lt\/wp-json\/wp\/v2\/media\/5764"}],"wp:attachment":[{"href":"https:\/\/www.hnhlcrane.com\/lt\/wp-json\/wp\/v2\/media?parent=5763"}],"wp:term":[{"taxonomy":"product_brand","embeddable":true,"href":"https:\/\/www.hnhlcrane.com\/lt\/wp-json\/wp\/v2\/product_brand?post=5763"},{"taxonomy":"product_cat","embeddable":true,"href":"https:\/\/www.hnhlcrane.com\/lt\/wp-json\/wp\/v2\/product_cat?post=5763"},{"taxonomy":"product_tag","embeddable":true,"href":"https:\/\/www.hnhlcrane.com\/lt\/wp-json\/wp\/v2\/product_tag?post=5763"}],"curies":[{"name":"wp","href":"https:\/\/api.w.org\/{rel}","templated":true}]}}