{"id":5544,"date":"2024-11-29T22:40:44","date_gmt":"2024-11-29T14:40:44","guid":{"rendered":"https:\/\/www.hnhlcrane.com\/?post_type=product&#038;p=5544"},"modified":"2024-11-29T22:43:48","modified_gmt":"2024-11-29T14:43:48","slug":"hdgy-begiu-spaustukai","status":"publish","type":"product","link":"https:\/\/www.hnhlcrane.com\/lt\/produktas\/hdgy-begiu-spaustukai\/","title":{"rendered":"HDGY b\u0117gi\u0173 spaustukai"},"content":{"rendered":"<h6><span style=\"font-family: arial, helvetica, sans-serif; font-size: 18pt;\"><strong>HDGY b\u0117gi\u0173 spaustuk\u0173 savyb\u0117s<\/strong><\/span><\/h6>\n<ol>\n<li><strong>Elastinga fiksacija ir ma\u017eesnis d\u0117v\u0117jimasis<\/strong>\n<ul>\n<li>HDGY b\u0117gi\u0173 spaustuvai skirti elastingai tvirtinti b\u0117gius prie betonini\u0173 krano sij\u0173.<\/li>\n<li>Jie suma\u017eina b\u0117gi\u0173 galvu\u010di\u0173 nusid\u0117v\u0117jim\u0105, suma\u017eina krano sijos sm\u016bg\u012f, suma\u017eina krano rato flan\u0161o nusid\u0117v\u0117jim\u0105 ir suma\u017eina triuk\u0161mo lyg\u012f.<\/li>\n<\/ul>\n<\/li>\n<li><strong>Didesnis stabilumas su elastingu kompozitiniu guminiu padu<\/strong>\n<ul>\n<li>Tarp b\u0117gio ir krano sijos \u012fd\u0117ta elastinga kompozicin\u0117 gumos trinkel\u0117 padidina trint\u012f ir neleid\u017eia b\u0117giui jud\u0117ti.<\/li>\n<li>Taip pat pa\u0161alinami arba suma\u017einami netolyg\u016bs tarpai i\u0161ilgai b\u0117gio, tod\u0117l geriau pasiskirsto var\u017et\u0173 \u012ftempiai ant gnybt\u0173 plok\u0161teli\u0173.<\/li>\n<\/ul>\n<\/li>\n<li><strong>Optimalus \u012ftempi\u0173 pasiskirstymas<\/strong>\n<ul>\n<li>Gumin\u0117 pagalv\u0117l\u0117 yra \u0161iek tiek i\u0161gaubto skerspj\u016bvio, kad b\u016bt\u0173 racionaliai paskirstytas \u012ftempimas.<\/li>\n<li>Ma\u017eos sta\u010diakamp\u0117s briaunos ant trinkel\u0117s sustiprina s\u0105lyt\u012f su b\u0117giu, padidina elastingum\u0105 ir slopina vibracij\u0105.<\/li>\n<\/ul>\n<\/li>\n<li><strong>Patvarus dizainas<\/strong>\n<ul>\n<li>Sta\u010diakampiai grioveliai ant trinkel\u0117s suma\u017eina \u0161onin\u0119 deformacij\u0105 veikiant apkrovai ir suma\u017eina pavir\u0161iaus pa\u017eeidimus d\u0117l suspaudimo.<\/li>\n<li>D\u0117l apdoroto plieno armat\u016bros konstrukcija yra labai patvari ir i\u0161laiko puikias eksploatacines savybes net po 2 milijon\u0173 nuovargio cikl\u0173.<\/li>\n<\/ul>\n<\/li>\n<li><strong>Saugios ir simetri\u0161kos spaustuk\u0173 plok\u0161tel\u0117s<\/strong>\n<ul>\n<li>Prispaudimo plok\u0161t\u0117s yra tvirtai pritvirtintos prie krano sijos ir atsparios atsilaisvinimui arba krano sijos nusid\u0117v\u0117jimui.<\/li>\n<li>Simetri\u0161kos gnybt\u0173 plok\u0161tel\u0117s skerspj\u016bvyje sudaro plei\u0161to formos strukt\u016br\u0105, ribojan\u010di\u0105 \u0161onin\u012f b\u0117gio poslink\u012f.<\/li>\n<\/ul>\n<\/li>\n<li><strong>Galimyb\u0117 reguliuoti montavim\u0105 ir prie\u017ei\u016br\u0105<\/strong>\n<ul>\n<li>Elips\u0117s formos lizdai spaustuko plok\u0161tel\u0117je leid\u017eia atlikti \u0161onin\u012f reguliavim\u0105.<\/li>\n<li>Nuo\u017eulnios skyl\u0117s, sujungtos su neslystan\u010diais blokais, neleid\u017eia gnybtui jud\u0117ti, tod\u0117l montuojant ar atliekant technin\u0119 prie\u017ei\u016br\u0105 papras\u010diau atlikti \u0161onin\u012f derinim\u0105.<\/li>\n<\/ul>\n<\/li>\n<li><strong>B\u0117gi\u0173 jud\u0117jimo tolerancija<\/strong>\n<ul>\n<li>Sistema prisitaiko prie nedideli\u0173 b\u0117gi\u0173 judesi\u0173 kranui veikiant, tod\u0117l u\u017etikrinamas lankstumas nesuma\u017einant stabilumo.<\/li>\n<\/ul>\n<\/li>\n<\/ol>\n<hr \/>\n<h6><span style=\"font-family: arial, helvetica, sans-serif; font-size: 18pt;\"><strong>HDGY b\u0117gi\u0173 spaustuk\u0173 montavimo \u017eingsniai<\/strong><\/span><\/h6>\n<ol>\n<li><strong>Gumin\u0117s pagalv\u0117l\u0117s pad\u0117ties nustatymas<\/strong>\n<ul>\n<li>Gumin\u0119 pagalv\u0117l\u0119, kurios sta\u010diakamp\u0117s briaunos ir grioveliai i\u0161d\u0117styti lygiagre\u010diai b\u0117giui, pad\u0117kite po juo.<\/li>\n<li>\u012esitikinkite, kad trinkel\u0117 yra statmena b\u0117gio a\u0161inei linijai ir yra abiejose pus\u0117se var\u017et\u0173 at\u017evilgiu.<\/li>\n<\/ul>\n<\/li>\n<li><strong>Pagrindinio sluoksnio paruo\u0161imas<\/strong>\n<ul>\n<li>Prie\u0161 d\u0117dami gumin\u0119 trinkel\u0119 ant betono pagrindo sluoksnio, kruop\u0161\u010diai nuvalykite pavir\u0161i\u0173, kad \u0161iuk\u0161l\u0117s nesuma\u017eint\u0173 eksploatacini\u0173 savybi\u0173.<\/li>\n<\/ul>\n<\/li>\n<li><strong>Spaustuko plok\u0161t\u0117s surinkimas<\/strong>\n<ul>\n<li>Laikykit\u0117s \u0161ios sekos:\n<ul>\n<li>\u012eki\u0161kite var\u017etus \u012f gel\u017ebetonin\u0117je krano sijoje i\u0161 anksto i\u0161gr\u0119\u017etas skyles.<\/li>\n<li>U\u017ed\u0117kite spaustuko plok\u0161tel\u0117s korpus\u0105.<\/li>\n<li>\u012ed\u0117kite neslystant\u012f blokel\u012f (ma\u017e\u0105ja dalimi \u012f b\u0117g\u012f).<\/li>\n<li>\u012ed\u0117kite spyruoklin\u0119 pover\u017el\u0119 ir ver\u017el\u0119.<\/li>\n<li>I\u0161 anksto priver\u017ekite mazg\u0105.<\/li>\n<li>Sureguliuokite spaustuko plok\u0161tel\u0119, kad ji tvirtai prisispaust\u0173 prie b\u0117gio kra\u0161to.<\/li>\n<li>Galiausiai iki galo priver\u017ekite var\u017etus.<\/li>\n<\/ul>\n<\/li>\n<\/ul>\n<\/li>\n<li><strong>Prispaudimo plok\u0161tel\u0117s i\u0161lyginimas<\/strong>\n<ul>\n<li>\u012esitikinkite, kad spaustuko plok\u0161t\u0117s a\u0161in\u0117 linija yra statmena b\u0117gio a\u0161inei linijai ir n\u0117ra pakrypusi.<\/li>\n<\/ul>\n<\/li>\n<\/ol>","protected":false},"excerpt":{"rendered":"<h6><span style=\"font-family: arial, helvetica, sans-serif; font-size: 14pt;\"><strong>HDGY b\u0117gi\u0173 spaustuk\u0173 specifikacijos<\/strong><\/span><\/h6>\n<ul>\n<li><strong>Modeliai:<\/strong> HDGY24, HDGY38A, HDGY38B, HDGY43, HDGY50, HDGY70, HDGY80, HDGY100, HDGY120<\/li>\n<li><strong>Tvirtinimo b\u016bdas:<\/strong> Var\u017et\u0173 tvirtinimas<\/li>\n<\/ul>","protected":false},"featured_media":5545,"template":"","meta":{"_kad_post_transparent":"default","_kad_post_title":"","_kad_post_layout":"default","_kad_post_sidebar_id":"","_kad_post_content_style":"default","_kad_post_vertical_padding":"show","_kad_post_feature":"","_kad_post_feature_position":"","_kad_post_header":false,"_kad_post_footer":false},"product_brand":[],"product_cat":[83],"product_tag":[224,223,222,221,218,214,217,225,228,216,226,219,227,215,220],"class_list":{"0":"post-5544","1":"product","2":"type-product","3":"status-publish","4":"has-post-thumbnail","6":"product_cat-crane-rail-clips","7":"product_tag-05g525-rail-clips","8":"product_tag-cgbk-rail-clips","9":"product_tag-cgek-rail-clips","10":"product_tag-cgwk-rail-clips","11":"product_tag-crane-rail-clamp","12":"product_tag-crane-rail-clips","13":"product_tag-crane-rail-fixing-device","14":"product_tag-hdgy-rail-clips","15":"product_tag-rail-connection-splint","16":"product_tag-rail-fixing-device","17":"product_tag-rail-joints","18":"product_tag-swjk-rail-clips","19":"product_tag-tracks-jointing-plates","20":"product_tag-wjk-rail-clips","21":"product_tag-wjkc-rail-clips","23":"first","24":"instock","25":"shipping-taxable","26":"product-type-simple","27":"entry","28":"content-bg","29":"loop-entry"},"yoast_head":"<!-- This site is optimized with the Yoast SEO plugin v25.6 - https:\/\/yoast.com\/wordpress\/plugins\/seo\/ -->\n<title>HDGY Rail Clips -Crane Rail Clips-Rail Clips-Crane Rail Clamp<\/title>\n<meta name=\"description\" content=\"Rail Clips,HDGY Rail Clips,Crane Rail Clips,Rail fixing device,Crane Rail fixing device,crane Rail Clamp,WJK Rail Clips,Overhead Crane Rail Clips\" \/>\n<meta name=\"robots\" content=\"index, follow, max-snippet:-1, max-image-preview:large, max-video-preview:-1\" \/>\n<link rel=\"canonical\" href=\"https:\/\/www.hnhlcrane.com\/lt\/produktas\/hdgy-begiu-spaustukai\/\" \/>\n<meta property=\"og:locale\" content=\"lt_LT\" \/>\n<meta property=\"og:type\" content=\"article\" \/>\n<meta property=\"og:title\" content=\"HDGY Rail Clips -Crane Rail Clips-Rail Clips-Crane Rail Clamp\" \/>\n<meta property=\"og:description\" content=\"Rail Clips,HDGY Rail Clips,Crane Rail Clips,Rail fixing device,Crane Rail fixing device,crane Rail Clamp,WJK Rail Clips,Overhead Crane Rail Clips\" \/>\n<meta property=\"og:url\" content=\"https:\/\/www.hnhlcrane.com\/lt\/produktas\/hdgy-begiu-spaustukai\/\" \/>\n<meta property=\"og:site_name\" content=\"Crane Parts Supplier-HL Crame\" \/>\n<meta property=\"article:modified_time\" content=\"2024-11-29T14:43:48+00:00\" \/>\n<meta property=\"og:image\" content=\"https:\/\/www.hnhlcrane.com\/wp-content\/uploads\/2024\/11\/HDGY-Rail-Clips.jpg\" \/>\n\t<meta property=\"og:image:width\" content=\"600\" \/>\n\t<meta property=\"og:image:height\" content=\"600\" \/>\n\t<meta property=\"og:image:type\" content=\"image\/jpeg\" \/>\n<meta name=\"twitter:card\" content=\"summary_large_image\" \/>\n<meta name=\"twitter:label1\" content=\"Est. reading time\" \/>\n\t<meta name=\"twitter:data1\" content=\"2 minut\u0117s\" \/>\n<script type=\"application\/ld+json\" class=\"yoast-schema-graph\">{\"@context\":\"https:\/\/schema.org\",\"@graph\":[{\"@type\":\"WebPage\",\"@id\":\"https:\/\/www.hnhlcrane.com\/product\/hdgy-rail-clips\/\",\"url\":\"https:\/\/www.hnhlcrane.com\/product\/hdgy-rail-clips\/\",\"name\":\"HDGY Rail Clips -Crane Rail Clips-Rail Clips-Crane Rail Clamp\",\"isPartOf\":{\"@id\":\"https:\/\/www.hnhlcrane.com\/#website\"},\"primaryImageOfPage\":{\"@id\":\"https:\/\/www.hnhlcrane.com\/product\/hdgy-rail-clips\/#primaryimage\"},\"image\":{\"@id\":\"https:\/\/www.hnhlcrane.com\/product\/hdgy-rail-clips\/#primaryimage\"},\"thumbnailUrl\":\"https:\/\/www.hnhlcrane.com\/wp-content\/uploads\/2024\/11\/HDGY-Rail-Clips.jpg\",\"datePublished\":\"2024-11-29T14:40:44+00:00\",\"dateModified\":\"2024-11-29T14:43:48+00:00\",\"description\":\"Rail Clips,HDGY Rail Clips,Crane Rail Clips,Rail fixing device,Crane Rail fixing device,crane Rail Clamp,WJK Rail Clips,Overhead Crane Rail Clips\",\"breadcrumb\":{\"@id\":\"https:\/\/www.hnhlcrane.com\/product\/hdgy-rail-clips\/#breadcrumb\"},\"inLanguage\":\"lt-LT\",\"potentialAction\":[{\"@type\":\"ReadAction\",\"target\":[\"https:\/\/www.hnhlcrane.com\/product\/hdgy-rail-clips\/\"]}]},{\"@type\":\"ImageObject\",\"inLanguage\":\"lt-LT\",\"@id\":\"https:\/\/www.hnhlcrane.com\/product\/hdgy-rail-clips\/#primaryimage\",\"url\":\"https:\/\/www.hnhlcrane.com\/wp-content\/uploads\/2024\/11\/HDGY-Rail-Clips.jpg\",\"contentUrl\":\"https:\/\/www.hnhlcrane.com\/wp-content\/uploads\/2024\/11\/HDGY-Rail-Clips.jpg\",\"width\":600,\"height\":600},{\"@type\":\"BreadcrumbList\",\"@id\":\"https:\/\/www.hnhlcrane.com\/product\/hdgy-rail-clips\/#breadcrumb\",\"itemListElement\":[{\"@type\":\"ListItem\",\"position\":1,\"name\":\"home\",\"item\":\"https:\/\/www.hnhlcrane.com\/\"},{\"@type\":\"ListItem\",\"position\":2,\"name\":\"products\",\"item\":\"https:\/\/www.hnhlcrane.com\/products\/\"},{\"@type\":\"ListItem\",\"position\":3,\"name\":\"HDGY Rail Clips\"}]},{\"@type\":\"WebSite\",\"@id\":\"https:\/\/www.hnhlcrane.com\/#website\",\"url\":\"https:\/\/www.hnhlcrane.com\/\",\"name\":\"Crane Parts Supplier-HL Crame\",\"description\":\"One-stop solution for all your  crane parts needs,Crane Hook,Crane Drum,Crane Wheel,Crane Coupling,Crane Gearbox,Crane Motor,Crane Brake,Special Crane Spreader,Crane grab,Container spreader,Billet crane clamps,Crane C-type spreader,Lifting Electromagnet,Crane Rail Clips,Electric Hoist,FEM Standard Crane End Carriages,Light Crane Parts,Workstation Crane Parts,Crane Electrical Parts,I-beam cable trolley,Crane remote controller,Crane electrical control cabinet,Crane limit switch,Crane sound and light alarm,Heavy Duty Aviation Connector,Crane overload limiter,China Crane Parts Supplier,Crane hooks,Gantry crane hook,Crane accessories,Forged hook,hook processing,Hook manufacturer,China standard crane hook,electric hoist hook,Crane pulley,Hook pulley,Rolled pulley,Crane Pulley Supplier\uff0cEuropean hook pulley,Gantry crane hook pulley,WZL type crane drum,European style reel set,Crane reel,crane parts,Drum processing,crane drum manufacturer,Cast steel drum,Electric hoist drum,Crane drum assembly,DRS Wheel Blocks,European crane wheel,Forged wheels,Active wheel set,Driving wheel set,Driven wheel group,crane wheels manufacturer,Demag crane wheels,Konecranes Crane Wheels,Overhead crane Wheel,Shaft couplings,Power Transmission Couplings,Disc Couplings,Fluid couplings,Coupling manufacturer\uff0cCardan coupling,Crane Reducer,Crane Decelerators,Reducer gearbox,Reducer for crane,Gear Reducer For Crane,Hard tooth surface reducerCrane and hoist reducer,Flender reducer,Reducer manufacturer,ZQ reducer,QJ reducer,QJY reducer,Gear Motors,Konecranes reducer,F series three-in-one reducer,K series three-in-one reducer,travelling machinery,Travelling Motor With Gear,Gear Motor for Crane Traveling,Travelling machinery Frequency inverter motors,FEM standard Gear Motors,Crane motors,Inverter motors,Hoist motors,motorCrane duty motors,Special motor for crane,YZR YZP YZ series motors,Crane and hoist motor,Frequency conversion motor,Electro hydraulic drum brakes,Electro-hydraulic disc brakes,Brake,Overhead Crane Brakes,Disc brakes,Electromagnetic disk brake,Crane hydraulic disc brake,Brakes manufacturer,crane Safety brakes,Singlr rope grab,Four rope grab,Electro-hydraulic multi-flap grab,Orange peel grab,Electric motor grab,Electro-Hydraulicclamshell grab,grab manufacturers,Container spreader manufacturers,20ft Container Spreader,Semi Automatic container spreader,40ft Container Lifting Frame,TEC container Spreader,Billet lifting clamp,Billet Clamps,Billet crane clamps manufacturer,billet lifting clamps china supplier,Coil C-Type Hook,coil hook,Overhead Crane Steel Coil C-Type Hook,Crane C-hook,C-type spreader,C-type hook,Crane magnets,Rail fixing device,Crane Rail fixing device,crane Rail Clamp,CD\/MD Wire Rope Electric Hoist,Wire Rope Electric Hoist China Manufacturer,Single Girder Wire Rope Electric Hoist,Double Girder Wire Rope Electric Hoist,Chain Hoist,Electric chain hoist manufacturer,Electric chain hoist China distributor,European wire rope electric hoist\uff0cEuropean double beam wire rope electric hoist,European Style Single Beam Crane End Carriage,FEN\/DIN European Style Single Beam Crane End Carriage,Crane end beam manufacturers,European style hoist double beam crane end beam,Suspension crane end beam,European style suspended single beam crane end beam,FEN\/DIN Suspension crane end beam,crane cable trolley,Wireless remote control,remote controller,Crane control handle,Crane Controls,electrical control cabinet,crane control cabinet,Limit switch,Sound and light alarm,Aviation plug,quick connector,Crane aviation plug,Overload limiter\",\"publisher\":{\"@id\":\"https:\/\/www.hnhlcrane.com\/#organization\"},\"potentialAction\":[{\"@type\":\"SearchAction\",\"target\":{\"@type\":\"EntryPoint\",\"urlTemplate\":\"https:\/\/www.hnhlcrane.com\/?s={search_term_string}\"},\"query-input\":{\"@type\":\"PropertyValueSpecification\",\"valueRequired\":true,\"valueName\":\"search_term_string\"}}],\"inLanguage\":\"lt-LT\"},{\"@type\":\"Organization\",\"@id\":\"https:\/\/www.hnhlcrane.com\/#organization\",\"name\":\"Crane Parts Supplier-HL Crame\",\"url\":\"https:\/\/www.hnhlcrane.com\/\",\"logo\":{\"@type\":\"ImageObject\",\"inLanguage\":\"lt-LT\",\"@id\":\"https:\/\/www.hnhlcrane.com\/#\/schema\/logo\/image\/\",\"url\":\"https:\/\/www.hnhlcrane.com\/wp-content\/uploads\/2024\/09\/logo6-1-e1733899395598.png\",\"contentUrl\":\"https:\/\/www.hnhlcrane.com\/wp-content\/uploads\/2024\/09\/logo6-1-e1733899395598.png\",\"width\":1000,\"height\":282,\"caption\":\"Crane Parts Supplier-HL Crame\"},\"image\":{\"@id\":\"https:\/\/www.hnhlcrane.com\/#\/schema\/logo\/image\/\"}}]}<\/script>\n<!-- \/ Yoast SEO plugin. -->","yoast_head_json":{"title":"HDGY b\u0117gi\u0173 spaustukai - krano b\u0117gi\u0173 spaustukai - b\u0117gi\u0173 spaustukai - krano b\u0117gi\u0173 spaustukas","description":"B\u0117gi\u0173 spaustukai,HDGY b\u0117gi\u0173 spaustukai,Krano b\u0117gi\u0173 spaustukai,B\u0117gi\u0173 tvirtinimo \u012ftaisas,Krano b\u0117gi\u0173 tvirtinimo \u012ftaisas,Krano b\u0117gi\u0173 spaustukas,WJK b\u0117gi\u0173 spaustukai,Tilto krano b\u0117gi\u0173 spaustukai","robots":{"index":"index","follow":"follow","max-snippet":"max-snippet:-1","max-image-preview":"max-image-preview:large","max-video-preview":"max-video-preview:-1"},"canonical":"https:\/\/www.hnhlcrane.com\/lt\/produktas\/hdgy-begiu-spaustukai\/","og_locale":"lt_LT","og_type":"article","og_title":"HDGY Rail Clips -Crane Rail Clips-Rail Clips-Crane Rail Clamp","og_description":"Rail Clips,HDGY Rail Clips,Crane Rail Clips,Rail fixing device,Crane Rail fixing device,crane Rail Clamp,WJK Rail Clips,Overhead Crane Rail Clips","og_url":"https:\/\/www.hnhlcrane.com\/lt\/produktas\/hdgy-begiu-spaustukai\/","og_site_name":"Crane Parts Supplier-HL Crame","article_modified_time":"2024-11-29T14:43:48+00:00","og_image":[{"width":600,"height":600,"url":"https:\/\/www.hnhlcrane.com\/wp-content\/uploads\/2024\/11\/HDGY-Rail-Clips.jpg","type":"image\/jpeg"}],"twitter_card":"summary_large_image","twitter_misc":{"Est. reading time":"2 minut\u0117s"},"schema":{"@context":"https:\/\/schema.org","@graph":[{"@type":"WebPage","@id":"https:\/\/www.hnhlcrane.com\/product\/hdgy-rail-clips\/","url":"https:\/\/www.hnhlcrane.com\/product\/hdgy-rail-clips\/","name":"HDGY b\u0117gi\u0173 spaustukai - krano b\u0117gi\u0173 spaustukai - b\u0117gi\u0173 spaustukai - krano b\u0117gi\u0173 spaustukas","isPartOf":{"@id":"https:\/\/www.hnhlcrane.com\/#website"},"primaryImageOfPage":{"@id":"https:\/\/www.hnhlcrane.com\/product\/hdgy-rail-clips\/#primaryimage"},"image":{"@id":"https:\/\/www.hnhlcrane.com\/product\/hdgy-rail-clips\/#primaryimage"},"thumbnailUrl":"https:\/\/www.hnhlcrane.com\/wp-content\/uploads\/2024\/11\/HDGY-Rail-Clips.jpg","datePublished":"2024-11-29T14:40:44+00:00","dateModified":"2024-11-29T14:43:48+00:00","description":"B\u0117gi\u0173 spaustukai,HDGY b\u0117gi\u0173 spaustukai,Krano b\u0117gi\u0173 spaustukai,B\u0117gi\u0173 tvirtinimo \u012ftaisas,Krano b\u0117gi\u0173 tvirtinimo \u012ftaisas,Krano b\u0117gi\u0173 spaustukas,WJK b\u0117gi\u0173 spaustukai,Tilto krano b\u0117gi\u0173 spaustukai","breadcrumb":{"@id":"https:\/\/www.hnhlcrane.com\/product\/hdgy-rail-clips\/#breadcrumb"},"inLanguage":"lt-LT","potentialAction":[{"@type":"ReadAction","target":["https:\/\/www.hnhlcrane.com\/product\/hdgy-rail-clips\/"]}]},{"@type":"ImageObject","inLanguage":"lt-LT","@id":"https:\/\/www.hnhlcrane.com\/product\/hdgy-rail-clips\/#primaryimage","url":"https:\/\/www.hnhlcrane.com\/wp-content\/uploads\/2024\/11\/HDGY-Rail-Clips.jpg","contentUrl":"https:\/\/www.hnhlcrane.com\/wp-content\/uploads\/2024\/11\/HDGY-Rail-Clips.jpg","width":600,"height":600},{"@type":"BreadcrumbList","@id":"https:\/\/www.hnhlcrane.com\/product\/hdgy-rail-clips\/#breadcrumb","itemListElement":[{"@type":"ListItem","position":1,"name":"home","item":"https:\/\/www.hnhlcrane.com\/"},{"@type":"ListItem","position":2,"name":"products","item":"https:\/\/www.hnhlcrane.com\/products\/"},{"@type":"ListItem","position":3,"name":"HDGY Rail Clips"}]},{"@type":"WebSite","@id":"https:\/\/www.hnhlcrane.com\/#website","url":"https:\/\/www.hnhlcrane.com\/","name":"Kran\u0173 dali\u0173 tiek\u0117jas-HL Crame","description":"Vieno langelio sprendimas visiems j\u016bs\u0173 krano dali\u0173 poreikiams, krano kablys, krano b\u016bgnas, krano ratas, krano jungtis, krano pavar\u0173 d\u0117\u017e\u0117, krano variklis, krano stabdys, specialus krano barstytuvas, krano griebtuvas, konteineri\u0173 barstytuvas, ruo\u0161ini\u0173 krano spaustuvai, krano C tipo barstytuvas,k\u0117limo elektromagnetas, krano b\u0117gi\u0173 spaustuvai, elektrinis keltuvas, FEM standartiniai krano galiniai ve\u017eim\u0117liai, lengvojo krano dalys, krano darbo vietos dalys, krano elektros dalys, I sijos kabeli\u0173 ve\u017eim\u0117lis, krano nuotolinio valdymo pultas, krano elektros valdymo spinta,Kran\u0173 galinis jungiklis, Kran\u0173 garso ir \u0161viesos signalizacija, Sunkiosios aviacijos jungtis, Kran\u0173 perkrovos ribotuvas, Kinijos kran\u0173 dali\u0173 tiek\u0117jas, Kran\u0173 kabliai, portalinio krano kablys, Kran\u0173 priedai, Kaltinis kablys, kablio apdorojimas, Kablio gamintojas, Kinijos standartinis krano kablys, elektrinio keltuvo kablys, Kran\u0173 skriemulys, Kablio skriemulys, Valcuotas skriemulys, Kran\u0173 skriemuli\u0173 tiek\u0117jas\uff0cEuropieti\u0161kas kablio skriemulys, portalinio krano kablio skriemulys, WZL tipo krano b\u016bgnas, Europos stiliaus rit\u0117s rinkinys, Kran\u0173 rit\u0117,kran\u0173 dalys,B\u016bgno apdirbimas,krano b\u016bgno gamintojas,Lieto plieno b\u016bgnas,Elektrinio keltuvo b\u016bgnas,Kran\u0173 b\u016bgno surinkimas,DRS rat\u0173 blokai,Europos krano ratas,Kaltiniai ratai,Aktyvi\u0173j\u0173 rat\u0173 komplektas,Varom\u0173j\u0173 rat\u0173 komplektas,Varom\u0173j\u0173 rat\u0173 grup\u0117,krano rat\u0173 gamintojas,Demag krano ratai,Konecranes krano ratai,Tiltinio krano ratas,Veleno movos,J\u0117gos perdavimo movos,Diskin\u0117s movos,Skys\u010dio movos,Movos gamintojas,Kardanin\u0117s movos,Kran\u0173 reduktorius,Krano l\u0117tintuvai, Reduktorius pavar\u0173 d\u0117\u017e\u0117, Reduktorius kranui, Reduktorius kranui, Kiet\u0173j\u0173 dant\u0173 pavir\u0161iaus reduktoriusKrano ir keltuvo reduktorius, Flenderio reduktorius, Reduktoriaus gamintojas, ZQ reduktorius, QJ reduktorius, QJY reduktorius, Krumpliaratiniai varikliai, Konecranes reduktorius,F serijos \"trys viename\" reduktorius,K serijos \"trys viename\" reduktorius,va\u017eiuojan\u010dios ma\u0161inos,va\u017eiuojantis variklis su pavara,krano va\u017eiavimo variklis su pavara,va\u017eiuojan\u010di\u0173 ma\u0161in\u0173 da\u017enio keitikli\u0173 varikliai,FEM standarto krumpliaratiniai varikliai,kran\u0173 varikliai,Inverteriniai varikliai,Keltuv\u0173 varikliai,varikliaiKran\u0173 varikliai,Special\u016bs kran\u0173 varikliai,YZR YZP YZ serijos varikliai,Kran\u0173 ir keltuv\u0173 varikliai,Da\u017enio keitikli\u0173 varikliai,Elektrochidrauliniai b\u016bgniniai stabd\u017eiai,Elektrochidrauliniai diskiniai stabd\u017eiai,Stabd\u017eiai,Tiltinio krano stabd\u017eiai,Diskiniai stabd\u017eiai,Elektromagnetiniai diskiniai stabd\u017eiai,Krano hidrauliniai diskiniai stabd\u017eiai,Stabd\u017ei\u0173 gamintojas,Kran\u0173 saugos stabd\u017eiai,Viengubas lyno griebtuvas,Keturi\u0173 lyn\u0173 griebtuvas,Elektrochidraulinis daugiapakopis griebtuvas,Oran\u017ein\u0117s \u017eievel\u0117s griebtuvas,Elektrinis variklio griebtuvas,Electro-Hydraulicclamshell graib\u0161tas, graib\u0161to gamintojai, Konteineri\u0173 barstytuv\u0173 gamintojai, 20 p\u0117d\u0173 konteineri\u0173 barstytuvas, pusiau automatinis konteineri\u0173 barstytuvas, 40 p\u0117d\u0173 konteineri\u0173 k\u0117limo r\u0117mas, TEC konteineri\u0173 barstytuvas, ruo\u0161ini\u0173 k\u0117limo spaustuvas, ruo\u0161ini\u0173 spaustuvai, ruo\u0161ini\u0173 krano spaustuvai gamintojas, ruo\u0161ini\u0173 k\u0117limo spaustuvai Kinijos tiek\u0117jas, rit\u0117s C-tipo kablys, rit\u0117s kablys, tiltinio krano plieno rit\u0117s C-tipo kablys, krano C-kablys, C-tipo barstytuvas, C-tipo kablys, krano magnetai, b\u0117gi\u0173 tvirtinimo \u012ftaisas,Krano b\u0117gi\u0173 tvirtinimo \u012ftaisas, krano b\u0117gi\u0173 spaustukas, CD\/MD vielinio lyno elektrinis keltuvas, vielinio lyno elektrinis keltuvas Kinijos gamintojas, vieno sijos vielinio lyno elektrinis keltuvas, dviej\u0173 sij\u0173 vielinio lyno elektrinis keltuvas, grandininis keltuvas, elektrinis grandininis keltuvas gamintojas, elektrinis grandininis keltuvas Kinijos platintojas, europinis vielinio lyno elektrinis keltuvas, europinis dvigubos sijos vielinio lyno elektrinis keltuvas, europinio stiliaus vienos sijos krano galinis ve\u017eim\u0117lis, FEN\/DIN europinio stiliaus vienos sijos krano galinis ve\u017eim\u0117lis,Kran\u0173 galini\u0173 sij\u0173 gamintojai, europinio stiliaus k\u0117limo krano dvigubos sijos galin\u0117 sija, pakabinamo krano galin\u0117 sija, europinio stiliaus pakabinamo vienos sijos krano galin\u0117 sija, FEN\/DIN pakabinamo krano galin\u0117 sija, krano troso ve\u017eim\u0117lis, belaidis nuotolinio valdymo pultas, nuotolinio valdymo pultas, krano valdymo rankena, krano valdikliai, elektros valdymo spinta, krano valdymo spinta, ribinis jungiklis, garso ir \u0161viesos signalizacija, aviacijos ki\u0161tukas, greitoji jungtis, krano aviacijos ki\u0161tukas, perkrovos ribotuvas","publisher":{"@id":"https:\/\/www.hnhlcrane.com\/#organization"},"potentialAction":[{"@type":"SearchAction","target":{"@type":"EntryPoint","urlTemplate":"https:\/\/www.hnhlcrane.com\/?s={search_term_string}"},"query-input":{"@type":"PropertyValueSpecification","valueRequired":true,"valueName":"search_term_string"}}],"inLanguage":"lt-LT"},{"@type":"Organization","@id":"https:\/\/www.hnhlcrane.com\/#organization","name":"Kran\u0173 dali\u0173 tiek\u0117jas-HL Crame","url":"https:\/\/www.hnhlcrane.com\/","logo":{"@type":"ImageObject","inLanguage":"lt-LT","@id":"https:\/\/www.hnhlcrane.com\/#\/schema\/logo\/image\/","url":"https:\/\/www.hnhlcrane.com\/wp-content\/uploads\/2024\/09\/logo6-1-e1733899395598.png","contentUrl":"https:\/\/www.hnhlcrane.com\/wp-content\/uploads\/2024\/09\/logo6-1-e1733899395598.png","width":1000,"height":282,"caption":"Crane Parts Supplier-HL Crame"},"image":{"@id":"https:\/\/www.hnhlcrane.com\/#\/schema\/logo\/image\/"}}]}},"_links":{"self":[{"href":"https:\/\/www.hnhlcrane.com\/lt\/wp-json\/wp\/v2\/product\/5544","targetHints":{"allow":["GET"]}}],"collection":[{"href":"https:\/\/www.hnhlcrane.com\/lt\/wp-json\/wp\/v2\/product"}],"about":[{"href":"https:\/\/www.hnhlcrane.com\/lt\/wp-json\/wp\/v2\/types\/product"}],"version-history":[{"count":0,"href":"https:\/\/www.hnhlcrane.com\/lt\/wp-json\/wp\/v2\/product\/5544\/revisions"}],"wp:featuredmedia":[{"embeddable":true,"href":"https:\/\/www.hnhlcrane.com\/lt\/wp-json\/wp\/v2\/media\/5545"}],"wp:attachment":[{"href":"https:\/\/www.hnhlcrane.com\/lt\/wp-json\/wp\/v2\/media?parent=5544"}],"wp:term":[{"taxonomy":"product_brand","embeddable":true,"href":"https:\/\/www.hnhlcrane.com\/lt\/wp-json\/wp\/v2\/product_brand?post=5544"},{"taxonomy":"product_cat","embeddable":true,"href":"https:\/\/www.hnhlcrane.com\/lt\/wp-json\/wp\/v2\/product_cat?post=5544"},{"taxonomy":"product_tag","embeddable":true,"href":"https:\/\/www.hnhlcrane.com\/lt\/wp-json\/wp\/v2\/product_tag?post=5544"}],"curies":[{"name":"wp","href":"https:\/\/api.w.org\/{rel}","templated":true}]}}