{"id":5777,"date":"2024-12-06T00:21:10","date_gmt":"2024-12-05T16:21:10","guid":{"rendered":"https:\/\/www.hnhlcrane.com\/?post_type=product&#038;p=5777"},"modified":"2024-12-10T23:29:09","modified_gmt":"2024-12-10T15:29:09","slug":"finecorsa-della-gru","status":"publish","type":"product","link":"https:\/\/www.hnhlcrane.com\/it\/prodotto\/finecorsa-della-gru\/","title":{"rendered":"Finecorsa della gru"},"content":{"rendered":"<h6><strong><span style=\"font-family: arial, helvetica, sans-serif; font-size: 18pt;\">Panoramica dell'interruttore di finecorsa della gru DXZ<\/span><\/strong><\/h6>\n<p>Il <strong>Interruttore di finecorsa per gru DXZ<\/strong> \u00e8 un dispositivo fondamentale utilizzato per regolare la portata operativa di gru e altri macchinari pesanti. La sua funzione principale \u00e8 quella di garantire la sicurezza prevenendo collisioni o condizioni di sovraccarico attraverso un preciso controllo della posizione. Combina componenti meccanici ed elettronici per un controllo accurato dei limiti, rendendolo una scelta affidabile per applicazioni pesanti.<\/p>\n<h6><strong><span style=\"font-family: arial, helvetica, sans-serif; font-size: 18pt;\">Parametri chiave<\/span><\/strong><\/h6>\n<ol>\n<li><strong>Ambiente operativo<\/strong>:\n<ul>\n<li><strong>Intervallo di temperatura<\/strong>Da -40\u00b0C a +55\u00b0C.<\/li>\n<li><strong>Umidit\u00e0 relativa<\/strong>\u2264 90%.<\/li>\n<\/ul>\n<\/li>\n<li><strong>Rapporto di trasmissione<\/strong>:\n<ul>\n<li>Le opzioni comprendono: 1:13, 1:17, 1:46, 1:60, 1:78, 1:210, 1:274, 1:960.<\/li>\n<\/ul>\n<\/li>\n<li><strong>Precisione di posizionamento a ripetizione<\/strong>:\n<ul>\n<li>L'errore angolare della camma di memoria \u00e8 \u2264 0,005 radianti (~0,3 gradi).<\/li>\n<\/ul>\n<\/li>\n<li><strong>Tensione nominale<\/strong>:\n<ul>\n<li>CA: 125-250V.<\/li>\n<li>DC: 30V.<\/li>\n<\/ul>\n<\/li>\n<li><strong>Corrente nominale<\/strong>:\n<ul>\n<li>CA: 6A.<\/li>\n<li>DC: 4A.<\/li>\n<\/ul>\n<\/li>\n<li><strong>Circuiti di controllo<\/strong>:\n<ul>\n<li>Il design standard comprende 1-4 circuiti di controllo, espandibili a 5-6 circuiti in base alle esigenze dell'utente.<\/li>\n<\/ul>\n<\/li>\n<\/ol>\n<h6><strong><span style=\"font-family: arial, helvetica, sans-serif; font-size: 18pt;\">Applicazioni e caratteristiche<\/span><\/strong><\/h6>\n<p>L'interruttore di finecorsa per gru DXZ \u00e8 ampiamente utilizzato in vari dispositivi meccanici, in particolare in attrezzature pesanti come gru a torre e gru a cavalletto. Le sue funzioni e caratteristiche principali includono:<\/p>\n<ol>\n<li><strong>Garanzia di sicurezza<\/strong>:\n<ul>\n<li>Impedisce alle macchine di superare i limiti di sicurezza operativi.<\/li>\n<\/ul>\n<\/li>\n<li><strong>Controllo di precisione<\/strong>:\n<ul>\n<li>Consente di ottenere un posizionamento preciso e una limitazione del raggio d'azione mediante sensori meccanici o elettronici.<\/li>\n<\/ul>\n<\/li>\n<li><strong>Versatilit\u00e0<\/strong>:\n<ul>\n<li>Adatto a diversi ambienti di lavoro gravosi, garantisce prestazioni affidabili.<\/li>\n<\/ul>\n<\/li>\n<\/ol>\n<h6><strong><span style=\"font-family: arial, helvetica, sans-serif; font-size: 18pt;\">Installazione e manutenzione<\/span><\/strong><\/h6>\n<ol>\n<li><strong>Linee guida per l'installazione<\/strong>:\n<ul>\n<li>Fissare saldamente l'interruttore per evitare vibrazioni durante il funzionamento.<\/li>\n<li>Assicurarsi che tutti i collegamenti elettrici siano corretti e conformi al progetto operativo.<\/li>\n<\/ul>\n<\/li>\n<li><strong>Raccomandazioni per la manutenzione<\/strong>:\n<ul>\n<li>Ispezionare regolarmente i componenti meccanici e i collegamenti elettrici per verificare che non siano usurati o danneggiati.<\/li>\n<li>Regolare periodicamente la posizione e la sensibilit\u00e0 del limitatore per mantenere prestazioni ottimali.<\/li>\n<\/ul>\n<\/li>\n<\/ol>\n<p>Rispettando le corrette pratiche di installazione e manutenzione, l'interruttore di finecorsa per gru DXZ garantisce un'affidabilit\u00e0 a lungo termine e contribuisce al funzionamento sicuro ed efficiente dei sistemi di gru.<\/p>","protected":false},"excerpt":{"rendered":"<p><strong><span style=\"font-family: arial, helvetica, sans-serif; font-size: 14pt;\">Parametri principali del finecorsa della gru DXZ:<\/span><\/strong><br \/>\nTemperatura ambiente: La temperatura di esercizio \u00e8 compresa tra -40\u2103 e +55\u2103 e l'umidit\u00e0 relativa non \u00e8 superiore a 90%.<br \/>\nRapporto di trasmissione: 1:13, 1:17, 1:46, 1:60, 1:78, 1:210, 1:274, 1:960<br \/>\nPrecisione di posizionamento ripetuta: L'errore angolare della camma di memoria non supera 0,005 radianti (circa 0,3 gradi).<br \/>\nTensione nominale: La tensione nominale di esercizio \u00e8 di 125-250 V CA o 30 V CC.<br \/>\nCorrente nominale: la corrente di lavoro nominale \u00e8 di 6A (CA) o 4A (CC).<\/p>","protected":false},"featured_media":5779,"template":"","meta":{"_kad_post_transparent":"default","_kad_post_title":"","_kad_post_layout":"default","_kad_post_sidebar_id":"","_kad_post_content_style":"default","_kad_post_vertical_padding":"show","_kad_post_feature":"","_kad_post_feature_position":"","_kad_post_header":false,"_kad_post_footer":false},"product_brand":[],"product_cat":[65],"product_tag":[284,309,310,307],"class_list":{"0":"post-5777","1":"product","2":"type-product","3":"status-publish","4":"has-post-thumbnail","6":"product_cat-crane-electrical-parts","7":"product_tag-crane-electrical-parts","8":"product_tag-crane-limit-switch","9":"product_tag-dxz-crane-limit-switch","10":"product_tag-limit-switch","12":"first","13":"instock","14":"shipping-taxable","15":"product-type-simple","16":"entry","17":"content-bg","18":"loop-entry"},"yoast_head":"<!-- This site is optimized with the Yoast SEO plugin v25.6 - https:\/\/yoast.com\/wordpress\/plugins\/seo\/ -->\n<title>Crane limit switch -\u200cDXZ limit switch-lifting rotation limit switch<\/title>\n<meta name=\"description\" content=\"Infrared anti-collision device,cross limit switch,heavy hammer limit switch,lifting rotation limit switch,Limit switch manufacturer,Crane limit switch\" \/>\n<meta name=\"robots\" content=\"index, follow, max-snippet:-1, max-image-preview:large, max-video-preview:-1\" \/>\n<link rel=\"canonical\" href=\"https:\/\/www.hnhlcrane.com\/it\/prodotto\/finecorsa-della-gru\/\" \/>\n<meta property=\"og:locale\" content=\"it_IT\" \/>\n<meta property=\"og:type\" content=\"article\" \/>\n<meta property=\"og:title\" content=\"Crane limit switch -\u200cDXZ limit switch-lifting rotation limit switch\" \/>\n<meta property=\"og:description\" content=\"Infrared anti-collision device,cross limit switch,heavy hammer limit switch,lifting rotation limit switch,Limit switch manufacturer,Crane limit switch\" \/>\n<meta property=\"og:url\" content=\"https:\/\/www.hnhlcrane.com\/it\/prodotto\/finecorsa-della-gru\/\" \/>\n<meta property=\"og:site_name\" content=\"Crane Parts Supplier-HL Crame\" \/>\n<meta property=\"article:modified_time\" content=\"2024-12-10T15:29:09+00:00\" \/>\n<meta property=\"og:image\" content=\"https:\/\/www.hnhlcrane.com\/wp-content\/uploads\/2024\/12\/Crane-limit-switch-dxz-1.jpg\" \/>\n\t<meta property=\"og:image:width\" content=\"600\" \/>\n\t<meta property=\"og:image:height\" content=\"600\" \/>\n\t<meta property=\"og:image:type\" content=\"image\/jpeg\" \/>\n<meta name=\"twitter:card\" content=\"summary_large_image\" \/>\n<meta name=\"twitter:label1\" content=\"Tempo di lettura stimato\" \/>\n\t<meta name=\"twitter:data1\" content=\"2 minuti\" \/>\n<script type=\"application\/ld+json\" class=\"yoast-schema-graph\">{\"@context\":\"https:\/\/schema.org\",\"@graph\":[{\"@type\":\"WebPage\",\"@id\":\"https:\/\/www.hnhlcrane.com\/product\/crane-limit-switch\/\",\"url\":\"https:\/\/www.hnhlcrane.com\/product\/crane-limit-switch\/\",\"name\":\"Crane limit switch -\u200cDXZ limit switch-lifting rotation limit switch\",\"isPartOf\":{\"@id\":\"https:\/\/www.hnhlcrane.com\/#website\"},\"primaryImageOfPage\":{\"@id\":\"https:\/\/www.hnhlcrane.com\/product\/crane-limit-switch\/#primaryimage\"},\"image\":{\"@id\":\"https:\/\/www.hnhlcrane.com\/product\/crane-limit-switch\/#primaryimage\"},\"thumbnailUrl\":\"https:\/\/www.hnhlcrane.com\/wp-content\/uploads\/2024\/12\/Crane-limit-switch-dxz-1.jpg\",\"datePublished\":\"2024-12-05T16:21:10+00:00\",\"dateModified\":\"2024-12-10T15:29:09+00:00\",\"description\":\"Infrared anti-collision device,cross limit switch,heavy hammer limit switch,lifting rotation limit switch,Limit switch manufacturer,Crane limit switch\",\"breadcrumb\":{\"@id\":\"https:\/\/www.hnhlcrane.com\/product\/crane-limit-switch\/#breadcrumb\"},\"inLanguage\":\"it-IT\",\"potentialAction\":[{\"@type\":\"ReadAction\",\"target\":[\"https:\/\/www.hnhlcrane.com\/product\/crane-limit-switch\/\"]}]},{\"@type\":\"ImageObject\",\"inLanguage\":\"it-IT\",\"@id\":\"https:\/\/www.hnhlcrane.com\/product\/crane-limit-switch\/#primaryimage\",\"url\":\"https:\/\/www.hnhlcrane.com\/wp-content\/uploads\/2024\/12\/Crane-limit-switch-dxz-1.jpg\",\"contentUrl\":\"https:\/\/www.hnhlcrane.com\/wp-content\/uploads\/2024\/12\/Crane-limit-switch-dxz-1.jpg\",\"width\":600,\"height\":600},{\"@type\":\"BreadcrumbList\",\"@id\":\"https:\/\/www.hnhlcrane.com\/product\/crane-limit-switch\/#breadcrumb\",\"itemListElement\":[{\"@type\":\"ListItem\",\"position\":1,\"name\":\"home\",\"item\":\"https:\/\/www.hnhlcrane.com\/\"},{\"@type\":\"ListItem\",\"position\":2,\"name\":\"products\",\"item\":\"https:\/\/www.hnhlcrane.com\/products\/\"},{\"@type\":\"ListItem\",\"position\":3,\"name\":\"Crane limit switch\"}]},{\"@type\":\"WebSite\",\"@id\":\"https:\/\/www.hnhlcrane.com\/#website\",\"url\":\"https:\/\/www.hnhlcrane.com\/\",\"name\":\"Crane Parts Supplier-HL Crame\",\"description\":\"One-stop solution for all your  crane parts needs,Crane Hook,Crane Drum,Crane Wheel,Crane Coupling,Crane Gearbox,Crane Motor,Crane Brake,Special Crane Spreader,Crane grab,Container spreader,Billet crane clamps,Crane C-type spreader,Lifting Electromagnet,Crane Rail Clips,Electric Hoist,FEM Standard Crane End Carriages,Light Crane Parts,Workstation Crane Parts,Crane Electrical Parts,I-beam cable trolley,Crane remote controller,Crane electrical control cabinet,Crane limit switch,Crane sound and light alarm,Heavy Duty Aviation Connector,Crane overload limiter,China Crane Parts Supplier,Crane hooks,Gantry crane hook,Crane accessories,Forged hook,hook processing,Hook manufacturer,China standard crane hook,electric hoist hook,Crane pulley,Hook pulley,Rolled pulley,Crane Pulley Supplier\uff0cEuropean hook pulley,Gantry crane hook pulley,WZL type crane drum,European style reel set,Crane reel,crane parts,Drum processing,crane drum manufacturer,Cast steel drum,Electric hoist drum,Crane drum assembly,DRS Wheel Blocks,European crane wheel,Forged wheels,Active wheel set,Driving wheel set,Driven wheel group,crane wheels manufacturer,Demag crane wheels,Konecranes Crane Wheels,Overhead crane Wheel,Shaft couplings,Power Transmission Couplings,Disc Couplings,Fluid couplings,Coupling manufacturer\uff0cCardan coupling,Crane Reducer,Crane Decelerators,Reducer gearbox,Reducer for crane,Gear Reducer For Crane,Hard tooth surface reducerCrane and hoist reducer,Flender reducer,Reducer manufacturer,ZQ reducer,QJ reducer,QJY reducer,Gear Motors,Konecranes reducer,F series three-in-one reducer,K series three-in-one reducer,travelling machinery,Travelling Motor With Gear,Gear Motor for Crane Traveling,Travelling machinery Frequency inverter motors,FEM standard Gear Motors,Crane motors,Inverter motors,Hoist motors,motorCrane duty motors,Special motor for crane,YZR YZP YZ series motors,Crane and hoist motor,Frequency conversion motor,Electro hydraulic drum brakes,Electro-hydraulic disc brakes,Brake,Overhead Crane Brakes,Disc brakes,Electromagnetic disk brake,Crane hydraulic disc brake,Brakes manufacturer,crane Safety brakes,Singlr rope grab,Four rope grab,Electro-hydraulic multi-flap grab,Orange peel grab,Electric motor grab,Electro-Hydraulicclamshell grab,grab manufacturers,Container spreader manufacturers,20ft Container Spreader,Semi Automatic container spreader,40ft Container Lifting Frame,TEC container Spreader,Billet lifting clamp,Billet Clamps,Billet crane clamps manufacturer,billet lifting clamps china supplier,Coil C-Type Hook,coil hook,Overhead Crane Steel Coil C-Type Hook,Crane C-hook,C-type spreader,C-type hook,Crane magnets,Rail fixing device,Crane Rail fixing device,crane Rail Clamp,CD\/MD Wire Rope Electric Hoist,Wire Rope Electric Hoist China Manufacturer,Single Girder Wire Rope Electric Hoist,Double Girder Wire Rope Electric Hoist,Chain Hoist,Electric chain hoist manufacturer,Electric chain hoist China distributor,European wire rope electric hoist\uff0cEuropean double beam wire rope electric hoist,European Style Single Beam Crane End Carriage,FEN\/DIN European Style Single Beam Crane End Carriage,Crane end beam manufacturers,European style hoist double beam crane end beam,Suspension crane end beam,European style suspended single beam crane end beam,FEN\/DIN Suspension crane end beam,crane cable trolley,Wireless remote control,remote controller,Crane control handle,Crane Controls,electrical control cabinet,crane control cabinet,Limit switch,Sound and light alarm,Aviation plug,quick connector,Crane aviation plug,Overload limiter\",\"publisher\":{\"@id\":\"https:\/\/www.hnhlcrane.com\/#organization\"},\"potentialAction\":[{\"@type\":\"SearchAction\",\"target\":{\"@type\":\"EntryPoint\",\"urlTemplate\":\"https:\/\/www.hnhlcrane.com\/?s={search_term_string}\"},\"query-input\":{\"@type\":\"PropertyValueSpecification\",\"valueRequired\":true,\"valueName\":\"search_term_string\"}}],\"inLanguage\":\"it-IT\"},{\"@type\":\"Organization\",\"@id\":\"https:\/\/www.hnhlcrane.com\/#organization\",\"name\":\"Crane Parts Supplier-HL Crame\",\"url\":\"https:\/\/www.hnhlcrane.com\/\",\"logo\":{\"@type\":\"ImageObject\",\"inLanguage\":\"it-IT\",\"@id\":\"https:\/\/www.hnhlcrane.com\/#\/schema\/logo\/image\/\",\"url\":\"https:\/\/www.hnhlcrane.com\/wp-content\/uploads\/2024\/09\/logo6-1-e1733899395598.png\",\"contentUrl\":\"https:\/\/www.hnhlcrane.com\/wp-content\/uploads\/2024\/09\/logo6-1-e1733899395598.png\",\"width\":1000,\"height\":282,\"caption\":\"Crane Parts Supplier-HL Crame\"},\"image\":{\"@id\":\"https:\/\/www.hnhlcrane.com\/#\/schema\/logo\/image\/\"}}]}<\/script>\n<!-- \/ Yoast SEO plugin. -->","yoast_head_json":{"title":"Interruttore di finecorsa della gru - Interruttore di finecorsa DXZ - Interruttore di finecorsa della rotazione di sollevamento","description":"Dispositivo anticollisione a infrarossi, finecorsa trasversale, finecorsa del martello pesante, finecorsa di rotazione di sollevamento, produttore di finecorsa, finecorsa della gru","robots":{"index":"index","follow":"follow","max-snippet":"max-snippet:-1","max-image-preview":"max-image-preview:large","max-video-preview":"max-video-preview:-1"},"canonical":"https:\/\/www.hnhlcrane.com\/it\/prodotto\/finecorsa-della-gru\/","og_locale":"it_IT","og_type":"article","og_title":"Crane limit switch -\u200cDXZ limit switch-lifting rotation limit switch","og_description":"Infrared anti-collision device,cross limit switch,heavy hammer limit switch,lifting rotation limit switch,Limit switch manufacturer,Crane limit switch","og_url":"https:\/\/www.hnhlcrane.com\/it\/prodotto\/finecorsa-della-gru\/","og_site_name":"Crane Parts Supplier-HL Crame","article_modified_time":"2024-12-10T15:29:09+00:00","og_image":[{"width":600,"height":600,"url":"https:\/\/www.hnhlcrane.com\/wp-content\/uploads\/2024\/12\/Crane-limit-switch-dxz-1.jpg","type":"image\/jpeg"}],"twitter_card":"summary_large_image","twitter_misc":{"Tempo di lettura stimato":"2 minuti"},"schema":{"@context":"https:\/\/schema.org","@graph":[{"@type":"WebPage","@id":"https:\/\/www.hnhlcrane.com\/product\/crane-limit-switch\/","url":"https:\/\/www.hnhlcrane.com\/product\/crane-limit-switch\/","name":"Interruttore di finecorsa della gru - Interruttore di finecorsa DXZ - Interruttore di finecorsa della rotazione di sollevamento","isPartOf":{"@id":"https:\/\/www.hnhlcrane.com\/#website"},"primaryImageOfPage":{"@id":"https:\/\/www.hnhlcrane.com\/product\/crane-limit-switch\/#primaryimage"},"image":{"@id":"https:\/\/www.hnhlcrane.com\/product\/crane-limit-switch\/#primaryimage"},"thumbnailUrl":"https:\/\/www.hnhlcrane.com\/wp-content\/uploads\/2024\/12\/Crane-limit-switch-dxz-1.jpg","datePublished":"2024-12-05T16:21:10+00:00","dateModified":"2024-12-10T15:29:09+00:00","description":"Dispositivo anticollisione a infrarossi, finecorsa trasversale, finecorsa del martello pesante, finecorsa di rotazione di sollevamento, produttore di finecorsa, finecorsa della gru","breadcrumb":{"@id":"https:\/\/www.hnhlcrane.com\/product\/crane-limit-switch\/#breadcrumb"},"inLanguage":"it-IT","potentialAction":[{"@type":"ReadAction","target":["https:\/\/www.hnhlcrane.com\/product\/crane-limit-switch\/"]}]},{"@type":"ImageObject","inLanguage":"it-IT","@id":"https:\/\/www.hnhlcrane.com\/product\/crane-limit-switch\/#primaryimage","url":"https:\/\/www.hnhlcrane.com\/wp-content\/uploads\/2024\/12\/Crane-limit-switch-dxz-1.jpg","contentUrl":"https:\/\/www.hnhlcrane.com\/wp-content\/uploads\/2024\/12\/Crane-limit-switch-dxz-1.jpg","width":600,"height":600},{"@type":"BreadcrumbList","@id":"https:\/\/www.hnhlcrane.com\/product\/crane-limit-switch\/#breadcrumb","itemListElement":[{"@type":"ListItem","position":1,"name":"home","item":"https:\/\/www.hnhlcrane.com\/"},{"@type":"ListItem","position":2,"name":"products","item":"https:\/\/www.hnhlcrane.com\/products\/"},{"@type":"ListItem","position":3,"name":"Crane limit switch"}]},{"@type":"WebSite","@id":"https:\/\/www.hnhlcrane.com\/#website","url":"https:\/\/www.hnhlcrane.com\/","name":"Fornitore di parti di gru-HL Crame","description":"Gancio per gru, tamburo per gru, ruota per gru, accoppiamento per gru, riduttore per gru, motore per gru, freno per gru, spargitore speciale per gru, pinza per gru, spargitore per container, morsetti per gru in billetta, spargitore per gru a C,Elettromagnete di sollevamento, fermi della rotaia della gru, paranco elettrico, carrelli di estremit\u00e0 della gru standard FEM, parti della gru leggera, parti della gru della stazione di lavoro, parti elettriche della gru, carrello portacavi a I, telecomando della gru, armadio di comando elettrico della gru,Interruttore di fine corsa della gru, allarme sonoro e luminoso della gru, connettore di aviazione per impieghi gravosi, limitatore di sovraccarico della gru, fornitore di parti della gru in Cina, ganci della gru, gancio della gru a cavalletto, accessori della gru, gancio forgiato, lavorazione del gancio, produttore del gancio, gancio della gru standard in Cina, gancio del paranco elettrico, puleggia della gru, puleggia del gancio, puleggia laminata, fornitore della puleggia della gru, puleggia del gancio europeo, puleggia del gancio della gru a cavalletto, tamburo della gru di tipo WZL, set di bobine di stile europeo, bobina della gru,parti di gru, lavorazione del tamburo, produttore di tamburi per gru, tamburo in acciaio fuso, tamburo per paranchi elettrici, assemblaggio di tamburi per gru, blocchi ruota DRS, ruota europea per gru, ruote forgiate, set di ruote attive, set di ruote motrici, gruppo di ruote motrici, produttore di ruote per gru, ruote per gru Demag, ruote per gru Konecranes, ruota per gru a ponte, giunti per alberi, giunti per trasmissione di potenza, giunti a disco, giunti fluidi, produttore di giunti, giunto cardanico, riduttore per gru,Deceleratori per gru, riduttore, riduttore per gru, riduttore per gru, riduttore con superficie a denti duri, riduttore per gru e paranchi, riduttore Flender, produttore di riduttori, riduttore ZQ, riduttore QJ, riduttore QJY, motoriduttori, riduttore Konecranes,Riduttore serie F tre in uno, riduttore serie K tre in uno, macchina viaggiante, motore viaggiante con ingranaggio, motoriduttore per gru viaggiante, macchina viaggiante Motori inverter, motoriduttori standard FEM, motori per gru,Motori inverter, motori per paranchi, motori per gru, motori speciali per gru, motori serie YZR YZP YZ, motori per gru e paranchi, motori a conversione di frequenza, freni a tamburo elettroidraulici, freni a disco elettroidraulici, freni, freni per carroponte, freni a disco, freni a disco elettromagnetici, freni a disco idraulici per gru, produttore di freni, freni di sicurezza per gru, presa a fune singola, presa a quattro funi, presa elettroidraulica multi-flap, presa a buccia d'arancia, presa a motore elettrico,Elettro-idraulica a conchiglia, produttori di pinze, produttori di spreader per container, spreader per container da 20 piedi, spreader per container semiautomatico, telaio di sollevamento per container da 40 piedi, spreader per container TEC, morsetto di sollevamento per billette, morsetti per billette, produttore di morsetti per gru per billette, fornitore cinese di morsetti di sollevamento per billette, gancio a C per bobina, gancio per bobina, gancio a C per gru a ponte in acciaio per bobina, gancio a C per gru, spreader a C per gru, gancio a C per gru, magneti per gru, dispositivo di fissaggio della rotaia,Dispositivo di fissaggio della rotaia della gru, morsetto della rotaia della gru, paranco elettrico a fune CD\/MD, paranco elettrico a fune Cina, paranco elettrico a fune a una trave, paranco elettrico a doppia trave, paranco a catena, paranco elettrico a catena produttore, paranco elettrico a catena Cina distributore, paranco elettrico a fune europeo, paranco elettrico a doppia trave europeo, carrello di estremit\u00e0 della gru a trave singola di stile europeo, carrello di estremit\u00e0 della gru a trave singola di stile europeo FEN\/DIN,Produttori di travi di estremit\u00e0 della gru, trave di estremit\u00e0 della gru a doppia trave di stile europeo, trave di estremit\u00e0 della gru a sospensione, trave di estremit\u00e0 della gru a singola trave sospesa di stile europeo, trave di estremit\u00e0 della gru a sospensione FEN\/DIN, carrello portacavi della gru, telecomando senza fili, telecomando, maniglia di controllo della gru, comandi della gru, armadio elettrico di controllo, armadio di controllo della gru, interruttore di limite, allarme sonoro e luminoso, spina dell'aviazione, connettore rapido, spina dell'aviazione della gru, limitatore di sovraccarico","publisher":{"@id":"https:\/\/www.hnhlcrane.com\/#organization"},"potentialAction":[{"@type":"SearchAction","target":{"@type":"EntryPoint","urlTemplate":"https:\/\/www.hnhlcrane.com\/?s={search_term_string}"},"query-input":{"@type":"PropertyValueSpecification","valueRequired":true,"valueName":"search_term_string"}}],"inLanguage":"it-IT"},{"@type":"Organization","@id":"https:\/\/www.hnhlcrane.com\/#organization","name":"Fornitore di parti di gru-HL Crame","url":"https:\/\/www.hnhlcrane.com\/","logo":{"@type":"ImageObject","inLanguage":"it-IT","@id":"https:\/\/www.hnhlcrane.com\/#\/schema\/logo\/image\/","url":"https:\/\/www.hnhlcrane.com\/wp-content\/uploads\/2024\/09\/logo6-1-e1733899395598.png","contentUrl":"https:\/\/www.hnhlcrane.com\/wp-content\/uploads\/2024\/09\/logo6-1-e1733899395598.png","width":1000,"height":282,"caption":"Crane Parts Supplier-HL Crame"},"image":{"@id":"https:\/\/www.hnhlcrane.com\/#\/schema\/logo\/image\/"}}]}},"_links":{"self":[{"href":"https:\/\/www.hnhlcrane.com\/it\/wp-json\/wp\/v2\/product\/5777","targetHints":{"allow":["GET"]}}],"collection":[{"href":"https:\/\/www.hnhlcrane.com\/it\/wp-json\/wp\/v2\/product"}],"about":[{"href":"https:\/\/www.hnhlcrane.com\/it\/wp-json\/wp\/v2\/types\/product"}],"version-history":[{"count":0,"href":"https:\/\/www.hnhlcrane.com\/it\/wp-json\/wp\/v2\/product\/5777\/revisions"}],"wp:featuredmedia":[{"embeddable":true,"href":"https:\/\/www.hnhlcrane.com\/it\/wp-json\/wp\/v2\/media\/5779"}],"wp:attachment":[{"href":"https:\/\/www.hnhlcrane.com\/it\/wp-json\/wp\/v2\/media?parent=5777"}],"wp:term":[{"taxonomy":"product_brand","embeddable":true,"href":"https:\/\/www.hnhlcrane.com\/it\/wp-json\/wp\/v2\/product_brand?post=5777"},{"taxonomy":"product_cat","embeddable":true,"href":"https:\/\/www.hnhlcrane.com\/it\/wp-json\/wp\/v2\/product_cat?post=5777"},{"taxonomy":"product_tag","embeddable":true,"href":"https:\/\/www.hnhlcrane.com\/it\/wp-json\/wp\/v2\/product_tag?post=5777"}],"curies":[{"name":"wp","href":"https:\/\/api.w.org\/{rel}","templated":true}]}}