{"id":5539,"date":"2024-11-29T22:23:32","date_gmt":"2024-11-29T14:23:32","guid":{"rendered":"https:\/\/www.hnhlcrane.com\/?post_type=product&#038;p=5539"},"modified":"2024-11-29T22:28:19","modified_gmt":"2024-11-29T14:28:19","slug":"05g525-clip-per-rotaia","status":"publish","type":"product","link":"https:\/\/www.hnhlcrane.com\/it\/prodotto\/05g525-clip-per-rotaia\/","title":{"rendered":"05G525 Clip per guide"},"content":{"rendered":"<h6><span style=\"font-family: arial, helvetica, sans-serif; font-size: 18pt;\"><strong>Caratteristiche di 05G525 Clip per guide<\/strong><\/span><\/h6>\n<ol>\n<li><strong>Distanza centrale del foro consistente<\/strong>\n<ul>\n<li>Tutte le piastre di fissaggio hanno un interasse standard di 80 mm.<\/li>\n<\/ul>\n<\/li>\n<li><strong>Specificato <span class=\"katex\"><span class=\"katex-mathml\">A<\/span><\/span>\u00a0Valori<\/strong>\n<ul>\n<li>Il <span class=\"katex\"><span class=\"katex-mathml\">A<\/span><\/span>\u00a0varia a seconda del tipo di rotaia:\n<ul>\n<li><strong>38 kg\/m di rotaie:<\/strong> <span class=\"katex\"><span class=\"katex-mathml\">A=90 mm<\/span><\/span><\/li>\n<li><strong>43 kg\/m di rotaie:<\/strong> <span class=\"katex\"><span class=\"katex-mathml\">A=90 mm<\/span><\/span><\/li>\n<li><strong>Binari QU80:<\/strong> <span class=\"katex\"><span class=\"katex-mathml\">A=100 mm<\/span><\/span><\/li>\n<li><strong>Binari QU100:<\/strong> <span class=\"katex\"><span class=\"katex-mathml\">A=105 mm<\/span><\/span><\/li>\n<li><strong>Binari QU120:<\/strong> <span class=\"katex\"><span class=\"katex-mathml\">A=115 mm<\/span><\/span><\/li>\n<\/ul>\n<\/li>\n<\/ul>\n<\/li>\n<li><strong>Fissaggio sicuro della guida<\/strong>\n<ul>\n<li>Quando si fissano le rotaie con le piastre di fissaggio, le piastre devono essere a stretto contatto con la rotaia.<\/li>\n<li>Saldare il collegamento tra la piastra di fissaggio e la piastra di base solo dopo aver regolato correttamente la guida.<\/li>\n<li>Prima della saldatura, serrare i bulloni per premere saldamente la guida. Dopo la saldatura, ispezionare ogni morsetto per verificare che non si allenti.<\/li>\n<\/ul>\n<\/li>\n<\/ol>\n<p><img fetchpriority=\"high\" decoding=\"async\" class=\"wp-image-5541 alignleft\" src=\"https:\/\/www.hnhlcrane.com\/wp-content\/uploads\/2024\/11\/05G525-Rail-Clips-2-300x230.jpg\" alt=\"\" width=\"422\" height=\"323\" srcset=\"https:\/\/www.hnhlcrane.com\/wp-content\/uploads\/2024\/11\/05G525-Rail-Clips-2-300x230.jpg 300w, https:\/\/www.hnhlcrane.com\/wp-content\/uploads\/2024\/11\/05G525-Rail-Clips-2-768x588.jpg 768w, https:\/\/www.hnhlcrane.com\/wp-content\/uploads\/2024\/11\/05G525-Rail-Clips-2-600x459.jpg 600w, https:\/\/www.hnhlcrane.com\/wp-content\/uploads\/2024\/11\/05G525-Rail-Clips-2.jpg 800w\" sizes=\"(max-width: 422px) 100vw, 422px\" \/><\/p>","protected":false},"excerpt":{"rendered":"<h6><span style=\"font-family: arial, helvetica, sans-serif; font-size: 18pt;\"><strong>Specifiche dei morsetti per guide 05G525<\/strong><\/span><\/h6>\n<ul>\n<li><strong>Modello:<\/strong> 05G525<\/li>\n<li><strong>Metodo di fissaggio:<\/strong> Fissaggio con bulloni<\/li>\n<\/ul>","protected":false},"featured_media":5540,"template":"","meta":{"_kad_post_transparent":"default","_kad_post_title":"","_kad_post_layout":"default","_kad_post_sidebar_id":"","_kad_post_content_style":"default","_kad_post_vertical_padding":"show","_kad_post_feature":"","_kad_post_feature_position":"","_kad_post_header":false,"_kad_post_footer":false},"product_brand":[],"product_cat":[83],"product_tag":[224,223,222,221,218,214,217,225,228,216,226,219,227,215,220],"class_list":{"0":"post-5539","1":"product","2":"type-product","3":"status-publish","4":"has-post-thumbnail","6":"product_cat-crane-rail-clips","7":"product_tag-05g525-rail-clips","8":"product_tag-cgbk-rail-clips","9":"product_tag-cgek-rail-clips","10":"product_tag-cgwk-rail-clips","11":"product_tag-crane-rail-clamp","12":"product_tag-crane-rail-clips","13":"product_tag-crane-rail-fixing-device","14":"product_tag-hdgy-rail-clips","15":"product_tag-rail-connection-splint","16":"product_tag-rail-fixing-device","17":"product_tag-rail-joints","18":"product_tag-swjk-rail-clips","19":"product_tag-tracks-jointing-plates","20":"product_tag-wjk-rail-clips","21":"product_tag-wjkc-rail-clips","23":"first","24":"instock","25":"shipping-taxable","26":"product-type-simple","27":"entry","28":"content-bg","29":"loop-entry"},"yoast_head":"<!-- This site is optimized with the Yoast SEO plugin v25.6 - https:\/\/yoast.com\/wordpress\/plugins\/seo\/ -->\n<title>05G525 Rail Clips -Crane Rail Clips-Rail Clips-Crane Rail Clamp<\/title>\n<meta name=\"description\" content=\"Rail Clips,05G525 Rail Clips,Crane Rail Clips,Rail fixing device,Crane Rail fixing device,crane Rail Clamp,WJK Rail Clips,Overhead Crane Rail Clips\" \/>\n<meta name=\"robots\" content=\"index, follow, max-snippet:-1, max-image-preview:large, max-video-preview:-1\" \/>\n<link rel=\"canonical\" href=\"https:\/\/www.hnhlcrane.com\/it\/prodotto\/05g525-clip-per-rotaia\/\" \/>\n<meta property=\"og:locale\" content=\"it_IT\" \/>\n<meta property=\"og:type\" content=\"article\" \/>\n<meta property=\"og:title\" content=\"05G525 Rail Clips -Crane Rail Clips-Rail Clips-Crane Rail Clamp\" \/>\n<meta property=\"og:description\" content=\"Rail Clips,05G525 Rail Clips,Crane Rail Clips,Rail fixing device,Crane Rail fixing device,crane Rail Clamp,WJK Rail Clips,Overhead Crane Rail Clips\" \/>\n<meta property=\"og:url\" content=\"https:\/\/www.hnhlcrane.com\/it\/prodotto\/05g525-clip-per-rotaia\/\" \/>\n<meta property=\"og:site_name\" content=\"Crane Parts Supplier-HL Crame\" \/>\n<meta property=\"article:modified_time\" content=\"2024-11-29T14:28:19+00:00\" \/>\n<meta property=\"og:image\" content=\"https:\/\/www.hnhlcrane.com\/wp-content\/uploads\/2024\/11\/05G525-Rail-Clips-1.jpg\" \/>\n\t<meta property=\"og:image:width\" content=\"600\" \/>\n\t<meta property=\"og:image:height\" content=\"600\" \/>\n\t<meta property=\"og:image:type\" content=\"image\/jpeg\" \/>\n<meta name=\"twitter:card\" content=\"summary_large_image\" \/>\n<meta name=\"twitter:label1\" content=\"Tempo di lettura stimato\" \/>\n\t<meta name=\"twitter:data1\" content=\"1 minuto\" \/>\n<script type=\"application\/ld+json\" class=\"yoast-schema-graph\">{\"@context\":\"https:\/\/schema.org\",\"@graph\":[{\"@type\":\"WebPage\",\"@id\":\"https:\/\/www.hnhlcrane.com\/product\/05g525-rail-clips\/\",\"url\":\"https:\/\/www.hnhlcrane.com\/product\/05g525-rail-clips\/\",\"name\":\"05G525 Rail Clips -Crane Rail Clips-Rail Clips-Crane Rail Clamp\",\"isPartOf\":{\"@id\":\"https:\/\/www.hnhlcrane.com\/#website\"},\"primaryImageOfPage\":{\"@id\":\"https:\/\/www.hnhlcrane.com\/product\/05g525-rail-clips\/#primaryimage\"},\"image\":{\"@id\":\"https:\/\/www.hnhlcrane.com\/product\/05g525-rail-clips\/#primaryimage\"},\"thumbnailUrl\":\"https:\/\/www.hnhlcrane.com\/wp-content\/uploads\/2024\/11\/05G525-Rail-Clips-1.jpg\",\"datePublished\":\"2024-11-29T14:23:32+00:00\",\"dateModified\":\"2024-11-29T14:28:19+00:00\",\"description\":\"Rail Clips,05G525 Rail Clips,Crane Rail Clips,Rail fixing device,Crane Rail fixing device,crane Rail Clamp,WJK Rail Clips,Overhead Crane Rail Clips\",\"breadcrumb\":{\"@id\":\"https:\/\/www.hnhlcrane.com\/product\/05g525-rail-clips\/#breadcrumb\"},\"inLanguage\":\"it-IT\",\"potentialAction\":[{\"@type\":\"ReadAction\",\"target\":[\"https:\/\/www.hnhlcrane.com\/product\/05g525-rail-clips\/\"]}]},{\"@type\":\"ImageObject\",\"inLanguage\":\"it-IT\",\"@id\":\"https:\/\/www.hnhlcrane.com\/product\/05g525-rail-clips\/#primaryimage\",\"url\":\"https:\/\/www.hnhlcrane.com\/wp-content\/uploads\/2024\/11\/05G525-Rail-Clips-1.jpg\",\"contentUrl\":\"https:\/\/www.hnhlcrane.com\/wp-content\/uploads\/2024\/11\/05G525-Rail-Clips-1.jpg\",\"width\":600,\"height\":600},{\"@type\":\"BreadcrumbList\",\"@id\":\"https:\/\/www.hnhlcrane.com\/product\/05g525-rail-clips\/#breadcrumb\",\"itemListElement\":[{\"@type\":\"ListItem\",\"position\":1,\"name\":\"home\",\"item\":\"https:\/\/www.hnhlcrane.com\/\"},{\"@type\":\"ListItem\",\"position\":2,\"name\":\"products\",\"item\":\"https:\/\/www.hnhlcrane.com\/products\/\"},{\"@type\":\"ListItem\",\"position\":3,\"name\":\"05G525 Rail Clips\"}]},{\"@type\":\"WebSite\",\"@id\":\"https:\/\/www.hnhlcrane.com\/#website\",\"url\":\"https:\/\/www.hnhlcrane.com\/\",\"name\":\"Crane Parts Supplier-HL Crame\",\"description\":\"One-stop solution for all your  crane parts needs,Crane Hook,Crane Drum,Crane Wheel,Crane Coupling,Crane Gearbox,Crane Motor,Crane Brake,Special Crane Spreader,Crane grab,Container spreader,Billet crane clamps,Crane C-type spreader,Lifting Electromagnet,Crane Rail Clips,Electric Hoist,FEM Standard Crane End Carriages,Light Crane Parts,Workstation Crane Parts,Crane Electrical Parts,I-beam cable trolley,Crane remote controller,Crane electrical control cabinet,Crane limit switch,Crane sound and light alarm,Heavy Duty Aviation Connector,Crane overload limiter,China Crane Parts Supplier,Crane hooks,Gantry crane hook,Crane accessories,Forged hook,hook processing,Hook manufacturer,China standard crane hook,electric hoist hook,Crane pulley,Hook pulley,Rolled pulley,Crane Pulley Supplier\uff0cEuropean hook pulley,Gantry crane hook pulley,WZL type crane drum,European style reel set,Crane reel,crane parts,Drum processing,crane drum manufacturer,Cast steel drum,Electric hoist drum,Crane drum assembly,DRS Wheel Blocks,European crane wheel,Forged wheels,Active wheel set,Driving wheel set,Driven wheel group,crane wheels manufacturer,Demag crane wheels,Konecranes Crane Wheels,Overhead crane Wheel,Shaft couplings,Power Transmission Couplings,Disc Couplings,Fluid couplings,Coupling manufacturer\uff0cCardan coupling,Crane Reducer,Crane Decelerators,Reducer gearbox,Reducer for crane,Gear Reducer For Crane,Hard tooth surface reducerCrane and hoist reducer,Flender reducer,Reducer manufacturer,ZQ reducer,QJ reducer,QJY reducer,Gear Motors,Konecranes reducer,F series three-in-one reducer,K series three-in-one reducer,travelling machinery,Travelling Motor With Gear,Gear Motor for Crane Traveling,Travelling machinery Frequency inverter motors,FEM standard Gear Motors,Crane motors,Inverter motors,Hoist motors,motorCrane duty motors,Special motor for crane,YZR YZP YZ series motors,Crane and hoist motor,Frequency conversion motor,Electro hydraulic drum brakes,Electro-hydraulic disc brakes,Brake,Overhead Crane Brakes,Disc brakes,Electromagnetic disk brake,Crane hydraulic disc brake,Brakes manufacturer,crane Safety brakes,Singlr rope grab,Four rope grab,Electro-hydraulic multi-flap grab,Orange peel grab,Electric motor grab,Electro-Hydraulicclamshell grab,grab manufacturers,Container spreader manufacturers,20ft Container Spreader,Semi Automatic container spreader,40ft Container Lifting Frame,TEC container Spreader,Billet lifting clamp,Billet Clamps,Billet crane clamps manufacturer,billet lifting clamps china supplier,Coil C-Type Hook,coil hook,Overhead Crane Steel Coil C-Type Hook,Crane C-hook,C-type spreader,C-type hook,Crane magnets,Rail fixing device,Crane Rail fixing device,crane Rail Clamp,CD\/MD Wire Rope Electric Hoist,Wire Rope Electric Hoist China Manufacturer,Single Girder Wire Rope Electric Hoist,Double Girder Wire Rope Electric Hoist,Chain Hoist,Electric chain hoist manufacturer,Electric chain hoist China distributor,European wire rope electric hoist\uff0cEuropean double beam wire rope electric hoist,European Style Single Beam Crane End Carriage,FEN\/DIN European Style Single Beam Crane End Carriage,Crane end beam manufacturers,European style hoist double beam crane end beam,Suspension crane end beam,European style suspended single beam crane end beam,FEN\/DIN Suspension crane end beam,crane cable trolley,Wireless remote control,remote controller,Crane control handle,Crane Controls,electrical control cabinet,crane control cabinet,Limit switch,Sound and light alarm,Aviation plug,quick connector,Crane aviation plug,Overload limiter\",\"publisher\":{\"@id\":\"https:\/\/www.hnhlcrane.com\/#organization\"},\"potentialAction\":[{\"@type\":\"SearchAction\",\"target\":{\"@type\":\"EntryPoint\",\"urlTemplate\":\"https:\/\/www.hnhlcrane.com\/?s={search_term_string}\"},\"query-input\":{\"@type\":\"PropertyValueSpecification\",\"valueRequired\":true,\"valueName\":\"search_term_string\"}}],\"inLanguage\":\"it-IT\"},{\"@type\":\"Organization\",\"@id\":\"https:\/\/www.hnhlcrane.com\/#organization\",\"name\":\"Crane Parts Supplier-HL Crame\",\"url\":\"https:\/\/www.hnhlcrane.com\/\",\"logo\":{\"@type\":\"ImageObject\",\"inLanguage\":\"it-IT\",\"@id\":\"https:\/\/www.hnhlcrane.com\/#\/schema\/logo\/image\/\",\"url\":\"https:\/\/www.hnhlcrane.com\/wp-content\/uploads\/2024\/09\/logo6-1-e1733899395598.png\",\"contentUrl\":\"https:\/\/www.hnhlcrane.com\/wp-content\/uploads\/2024\/09\/logo6-1-e1733899395598.png\",\"width\":1000,\"height\":282,\"caption\":\"Crane Parts Supplier-HL Crame\"},\"image\":{\"@id\":\"https:\/\/www.hnhlcrane.com\/#\/schema\/logo\/image\/\"}}]}<\/script>\n<!-- \/ Yoast SEO plugin. -->","yoast_head_json":{"title":"05G525 Clip per binari - Clip per binari della gru - Clip per binari - Morsetto per binari della gru","description":"Clip per rotaie, clip per rotaie 05G525, clip per rotaie per gru, dispositivo di fissaggio per rotaie, dispositivo di fissaggio per rotaie per gru, morsetto per rotaie per gru, clip per rotaie WJK, clip per rotaie per carroponte","robots":{"index":"index","follow":"follow","max-snippet":"max-snippet:-1","max-image-preview":"max-image-preview:large","max-video-preview":"max-video-preview:-1"},"canonical":"https:\/\/www.hnhlcrane.com\/it\/prodotto\/05g525-clip-per-rotaia\/","og_locale":"it_IT","og_type":"article","og_title":"05G525 Rail Clips -Crane Rail Clips-Rail Clips-Crane Rail Clamp","og_description":"Rail Clips,05G525 Rail Clips,Crane Rail Clips,Rail fixing device,Crane Rail fixing device,crane Rail Clamp,WJK Rail Clips,Overhead Crane Rail Clips","og_url":"https:\/\/www.hnhlcrane.com\/it\/prodotto\/05g525-clip-per-rotaia\/","og_site_name":"Crane Parts Supplier-HL Crame","article_modified_time":"2024-11-29T14:28:19+00:00","og_image":[{"width":600,"height":600,"url":"https:\/\/www.hnhlcrane.com\/wp-content\/uploads\/2024\/11\/05G525-Rail-Clips-1.jpg","type":"image\/jpeg"}],"twitter_card":"summary_large_image","twitter_misc":{"Tempo di lettura stimato":"1 minuto"},"schema":{"@context":"https:\/\/schema.org","@graph":[{"@type":"WebPage","@id":"https:\/\/www.hnhlcrane.com\/product\/05g525-rail-clips\/","url":"https:\/\/www.hnhlcrane.com\/product\/05g525-rail-clips\/","name":"05G525 Clip per binari - Clip per binari della gru - Clip per binari - Morsetto per binari della gru","isPartOf":{"@id":"https:\/\/www.hnhlcrane.com\/#website"},"primaryImageOfPage":{"@id":"https:\/\/www.hnhlcrane.com\/product\/05g525-rail-clips\/#primaryimage"},"image":{"@id":"https:\/\/www.hnhlcrane.com\/product\/05g525-rail-clips\/#primaryimage"},"thumbnailUrl":"https:\/\/www.hnhlcrane.com\/wp-content\/uploads\/2024\/11\/05G525-Rail-Clips-1.jpg","datePublished":"2024-11-29T14:23:32+00:00","dateModified":"2024-11-29T14:28:19+00:00","description":"Clip per rotaie, clip per rotaie 05G525, clip per rotaie per gru, dispositivo di fissaggio per rotaie, dispositivo di fissaggio per rotaie per gru, morsetto per rotaie per gru, clip per rotaie WJK, clip per rotaie per carroponte","breadcrumb":{"@id":"https:\/\/www.hnhlcrane.com\/product\/05g525-rail-clips\/#breadcrumb"},"inLanguage":"it-IT","potentialAction":[{"@type":"ReadAction","target":["https:\/\/www.hnhlcrane.com\/product\/05g525-rail-clips\/"]}]},{"@type":"ImageObject","inLanguage":"it-IT","@id":"https:\/\/www.hnhlcrane.com\/product\/05g525-rail-clips\/#primaryimage","url":"https:\/\/www.hnhlcrane.com\/wp-content\/uploads\/2024\/11\/05G525-Rail-Clips-1.jpg","contentUrl":"https:\/\/www.hnhlcrane.com\/wp-content\/uploads\/2024\/11\/05G525-Rail-Clips-1.jpg","width":600,"height":600},{"@type":"BreadcrumbList","@id":"https:\/\/www.hnhlcrane.com\/product\/05g525-rail-clips\/#breadcrumb","itemListElement":[{"@type":"ListItem","position":1,"name":"home","item":"https:\/\/www.hnhlcrane.com\/"},{"@type":"ListItem","position":2,"name":"products","item":"https:\/\/www.hnhlcrane.com\/products\/"},{"@type":"ListItem","position":3,"name":"05G525 Rail Clips"}]},{"@type":"WebSite","@id":"https:\/\/www.hnhlcrane.com\/#website","url":"https:\/\/www.hnhlcrane.com\/","name":"Fornitore di parti di gru-HL Crame","description":"Gancio per gru, tamburo per gru, ruota per gru, accoppiamento per gru, riduttore per gru, motore per gru, freno per gru, spargitore speciale per gru, pinza per gru, spargitore per container, morsetti per gru in billetta, spargitore per gru a C,Elettromagnete di sollevamento, fermi della rotaia della gru, paranco elettrico, carrelli di estremit\u00e0 della gru standard FEM, parti della gru leggera, parti della gru della stazione di lavoro, parti elettriche della gru, carrello portacavi a I, telecomando della gru, armadio di comando elettrico della gru,Interruttore di fine corsa della gru, allarme sonoro e luminoso della gru, connettore di aviazione per impieghi gravosi, limitatore di sovraccarico della gru, fornitore di parti della gru in Cina, ganci della gru, gancio della gru a cavalletto, accessori della gru, gancio forgiato, lavorazione del gancio, produttore del gancio, gancio della gru standard in Cina, gancio del paranco elettrico, puleggia della gru, puleggia del gancio, puleggia laminata, fornitore della puleggia della gru, puleggia del gancio europeo, puleggia del gancio della gru a cavalletto, tamburo della gru di tipo WZL, set di bobine di stile europeo, bobina della gru,parti di gru, lavorazione del tamburo, produttore di tamburi per gru, tamburo in acciaio fuso, tamburo per paranchi elettrici, assemblaggio di tamburi per gru, blocchi ruota DRS, ruota europea per gru, ruote forgiate, set di ruote attive, set di ruote motrici, gruppo di ruote motrici, produttore di ruote per gru, ruote per gru Demag, ruote per gru Konecranes, ruota per gru a ponte, giunti per alberi, giunti per trasmissione di potenza, giunti a disco, giunti fluidi, produttore di giunti, giunto cardanico, riduttore per gru,Deceleratori per gru, riduttore, riduttore per gru, riduttore per gru, riduttore con superficie a denti duri, riduttore per gru e paranchi, riduttore Flender, produttore di riduttori, riduttore ZQ, riduttore QJ, riduttore QJY, motoriduttori, riduttore Konecranes,Riduttore serie F tre in uno, riduttore serie K tre in uno, macchina viaggiante, motore viaggiante con ingranaggio, motoriduttore per gru viaggiante, macchina viaggiante Motori inverter, motoriduttori standard FEM, motori per gru,Motori inverter, motori per paranchi, motori per gru, motori speciali per gru, motori serie YZR YZP YZ, motori per gru e paranchi, motori a conversione di frequenza, freni a tamburo elettroidraulici, freni a disco elettroidraulici, freni, freni per carroponte, freni a disco, freni a disco elettromagnetici, freni a disco idraulici per gru, produttore di freni, freni di sicurezza per gru, presa a fune singola, presa a quattro funi, presa elettroidraulica multi-flap, presa a buccia d'arancia, presa a motore elettrico,Elettro-idraulica a conchiglia, produttori di pinze, produttori di spreader per container, spreader per container da 20 piedi, spreader per container semiautomatico, telaio di sollevamento per container da 40 piedi, spreader per container TEC, morsetto di sollevamento per billette, morsetti per billette, produttore di morsetti per gru per billette, fornitore cinese di morsetti di sollevamento per billette, gancio a C per bobina, gancio per bobina, gancio a C per gru a ponte in acciaio per bobina, gancio a C per gru, spreader a C per gru, gancio a C per gru, magneti per gru, dispositivo di fissaggio della rotaia,Dispositivo di fissaggio della rotaia della gru, morsetto della rotaia della gru, paranco elettrico a fune CD\/MD, paranco elettrico a fune Cina, paranco elettrico a fune a una trave, paranco elettrico a doppia trave, paranco a catena, paranco elettrico a catena produttore, paranco elettrico a catena Cina distributore, paranco elettrico a fune europeo, paranco elettrico a doppia trave europeo, carrello di estremit\u00e0 della gru a trave singola di stile europeo, carrello di estremit\u00e0 della gru a trave singola di stile europeo FEN\/DIN,Produttori di travi di estremit\u00e0 della gru, trave di estremit\u00e0 della gru a doppia trave di stile europeo, trave di estremit\u00e0 della gru a sospensione, trave di estremit\u00e0 della gru a singola trave sospesa di stile europeo, trave di estremit\u00e0 della gru a sospensione FEN\/DIN, carrello portacavi della gru, telecomando senza fili, telecomando, maniglia di controllo della gru, comandi della gru, armadio elettrico di controllo, armadio di controllo della gru, interruttore di limite, allarme sonoro e luminoso, spina dell'aviazione, connettore rapido, spina dell'aviazione della gru, limitatore di sovraccarico","publisher":{"@id":"https:\/\/www.hnhlcrane.com\/#organization"},"potentialAction":[{"@type":"SearchAction","target":{"@type":"EntryPoint","urlTemplate":"https:\/\/www.hnhlcrane.com\/?s={search_term_string}"},"query-input":{"@type":"PropertyValueSpecification","valueRequired":true,"valueName":"search_term_string"}}],"inLanguage":"it-IT"},{"@type":"Organization","@id":"https:\/\/www.hnhlcrane.com\/#organization","name":"Fornitore di parti di gru-HL Crame","url":"https:\/\/www.hnhlcrane.com\/","logo":{"@type":"ImageObject","inLanguage":"it-IT","@id":"https:\/\/www.hnhlcrane.com\/#\/schema\/logo\/image\/","url":"https:\/\/www.hnhlcrane.com\/wp-content\/uploads\/2024\/09\/logo6-1-e1733899395598.png","contentUrl":"https:\/\/www.hnhlcrane.com\/wp-content\/uploads\/2024\/09\/logo6-1-e1733899395598.png","width":1000,"height":282,"caption":"Crane Parts Supplier-HL Crame"},"image":{"@id":"https:\/\/www.hnhlcrane.com\/#\/schema\/logo\/image\/"}}]}},"_links":{"self":[{"href":"https:\/\/www.hnhlcrane.com\/it\/wp-json\/wp\/v2\/product\/5539","targetHints":{"allow":["GET"]}}],"collection":[{"href":"https:\/\/www.hnhlcrane.com\/it\/wp-json\/wp\/v2\/product"}],"about":[{"href":"https:\/\/www.hnhlcrane.com\/it\/wp-json\/wp\/v2\/types\/product"}],"version-history":[{"count":0,"href":"https:\/\/www.hnhlcrane.com\/it\/wp-json\/wp\/v2\/product\/5539\/revisions"}],"wp:featuredmedia":[{"embeddable":true,"href":"https:\/\/www.hnhlcrane.com\/it\/wp-json\/wp\/v2\/media\/5540"}],"wp:attachment":[{"href":"https:\/\/www.hnhlcrane.com\/it\/wp-json\/wp\/v2\/media?parent=5539"}],"wp:term":[{"taxonomy":"product_brand","embeddable":true,"href":"https:\/\/www.hnhlcrane.com\/it\/wp-json\/wp\/v2\/product_brand?post=5539"},{"taxonomy":"product_cat","embeddable":true,"href":"https:\/\/www.hnhlcrane.com\/it\/wp-json\/wp\/v2\/product_cat?post=5539"},{"taxonomy":"product_tag","embeddable":true,"href":"https:\/\/www.hnhlcrane.com\/it\/wp-json\/wp\/v2\/product_tag?post=5539"}],"curies":[{"name":"wp","href":"https:\/\/api.w.org\/{rel}","templated":true}]}}