{"id":5424,"date":"2024-11-25T23:05:17","date_gmt":"2024-11-25T15:05:17","guid":{"rendered":"https:\/\/www.hnhlcrane.com\/?post_type=product&#038;p=5424"},"modified":"2026-04-20T23:23:38","modified_gmt":"2026-04-20T15:23:38","slug":"gru-di-presa","status":"publish","type":"product","link":"https:\/\/www.hnhlcrane.com\/it\/prodotto\/gru-di-presa\/","title":{"rendered":"Gru afferrata"},"content":{"rendered":"<h6><span style=\"font-family: arial, helvetica, sans-serif; font-size: 18pt;\"><strong>Panoramica della gru<\/strong><\/span><\/h6>\n<p>A <strong>gru di presa<\/strong> \u00e8 un dispositivo di sollevamento appositamente progettato e utilizzato con le gru per la movimentazione e il trasporto di materiali sfusi. \u00c8 costituito da due o pi\u00f9 ganasce a forma di benna che possono aprirsi e chiudersi, azionate dai meccanismi di sollevamento e di apertura\/chiusura della gru per afferrare e rilasciare i materiali. Questo dispositivo offre un'elevata efficienza operativa ed \u00e8 ampiamente utilizzato per la movimentazione di carichi sfusi in porti, miniere, fabbriche e altri ambienti simili.<\/p>\n<hr \/>\n<h6><span style=\"font-family: arial, helvetica, sans-serif; font-size: 18pt;\"><strong>Linee guida di sicurezza per l'utilizzo <a href=\"https:\/\/www.hnhlcrane.com\/it\/prodotti\/spandiconcime-speciale-per-gru\/\" target=\"_blank\" rel=\"noopener\">Gru afferrate<\/a><\/strong><\/span><\/h6>\n<p>Quando si utilizza una gru a benna, \u00e8 essenziale seguire queste pratiche di sicurezza:<\/p>\n<ul>\n<li>La gru deve essere manovrata da un gruista certificato.<\/li>\n<li>Non permettere a nessuno di rimanere sulla gru durante il funzionamento.<\/li>\n<li>Quando si trasportano carichi pesanti, mantenere una distanza di almeno 0,5 metri da qualsiasi ostacolo lungo il percorso del carico.<\/li>\n<li>Assicurarsi che la fune di sollevamento e la fune di chiusura mantengano la stessa velocit\u00e0 durante il sollevamento della benna.<\/li>\n<li>Evitare di usare la pinza per sollevare oggetti solidi interi.<\/li>\n<li>Prima di ogni turno, controllare la tenuta delle funi di sospensione e le condizioni delle pulegge per le funi di chiusura.<\/li>\n<\/ul>\n<hr \/>\n<h6><span style=\"font-family: arial, helvetica, sans-serif; font-size: 18pt;\"><strong>Tipi di gru e loro caratteristiche<\/strong><\/span><\/h6>\n<h6><span style=\"font-family: arial, helvetica, sans-serif; font-size: 14pt;\"><strong>Presa a fune singola<\/strong><\/span><\/h6>\n<ul>\n<li><strong>Meccanismo<\/strong>: Funziona con una fune metallica per eseguire le azioni di sollevamento e di apertura\/chiusura, utilizzando uno speciale meccanismo di bloccaggio.<\/li>\n<li><strong>Caratteristiche<\/strong>: Adatto alle gru con un unico tamburo di sollevamento (gancio singolo), consente l'apertura e la chiusura senza soluzione di continuit\u00e0 durante le operazioni di carico e scarico. Facile da agganciare e da sganciare, \u00e8 adatto per operazioni subacquee e terrestri come la presa e l'impilamento.<\/li>\n<li><strong>Limitazioni<\/strong>: Non pu\u00f2 aprirsi a mezz'aria, ad eccezione dei tipi azionati a mano o telecomandati.<\/li>\n<\/ul>\n<hr \/>\n<h6><span style=\"font-family: arial, helvetica, sans-serif; font-size: 14pt;\"><strong>Presa a doppia fune<\/strong><\/span><\/h6>\n<ul>\n<li><strong>Meccanismo<\/strong>: Progettato per gru con meccanismi di sollevamento doppi (una sola fune per ogni tamburo). Utilizza una fune per l'equilibrio e l'altra per l'apertura e la chiusura della benna.<\/li>\n<li><strong>Caratteristiche<\/strong>:\n<ul>\n<li>Spesso utilizzato nei porti, nelle banchine e nelle industrie edilizie.<\/li>\n<li>Disponibili in configurazioni leggere, medie, pesanti e ultrapesanti in base alle propriet\u00e0 del materiale.<\/li>\n<li>Progettato per la movimentazione di materiali sfusi e sfusi.<\/li>\n<\/ul>\n<\/li>\n<\/ul>\n<hr \/>\n<h6><span style=\"font-family: arial, helvetica, sans-serif; font-size: 14pt;\"><strong>Presa a quattro corde<\/strong><\/span><\/h6>\n<ul>\n<li><strong>Meccanismo<\/strong>: Utilizzato con gru dotate di due serie di tamburi a fune. Impiega due funi per il sostegno e due per l'apertura e la chiusura delle ganasce.<\/li>\n<li><strong>Applicazioni<\/strong>: Adatte a compiti come il carico, lo scarico, l'impilamento e l'alimentazione di materiali. Spesso viene utilizzato con gru a ponte o a cavalletto.<\/li>\n<li><strong>Personalizzazione<\/strong>: Pu\u00f2 essere personalizzato con denti, travi parallele o per operazioni subacquee in base alle esigenze dell'utente e alle caratteristiche del materiale.<\/li>\n<\/ul>\n<hr \/>\n<h6><span style=\"font-family: arial, helvetica, sans-serif; font-size: 14pt;\"><strong>Afferrabile con pi\u00f9 artigli<\/strong><\/span><\/h6>\n<ul>\n<li><strong>Applicazioni<\/strong>: Gestisce in modo efficiente rottami metallici, materiali solidi di grandi dimensioni e rifiuti in ambienti difficili come porti, ferrovie, metallurgia ed edilizia.<\/li>\n<li><strong>Caratteristiche<\/strong>:\n<ul>\n<li>Disponibile nei modelli a corda singola, a doppia corda, a quattro corde ed elettrico.<\/li>\n<li>Le ganasce si chiudono individualmente in base alle dimensioni e alla forma del materiale, garantendo una movimentazione efficace.<\/li>\n<li>Progettato con 4-8 ganasce, personalizzabili in base alle esigenze dell'utente e alle propriet\u00e0 del materiale.<\/li>\n<\/ul>\n<\/li>\n<\/ul>\n<hr \/>\n<h6><span style=\"font-family: arial, helvetica, sans-serif; font-size: 14pt;\"><strong>Afferrare il tronco<\/strong><\/span><\/h6>\n<ul>\n<li><strong>Applicazioni<\/strong>: Specificamente progettata per la movimentazione del legname nei cantieri di legname, nelle grandi fabbriche di lavorazione del legno, nelle cartiere e nei porti. Vengono utilizzati per lo scarico delle navi, l'accatastamento dei tronchi e altre attivit\u00e0 correlate.<\/li>\n<li><strong>Caratteristiche<\/strong>:\n<ul>\n<li>Disponibile nei modelli a corda singola, a doppia corda, a quattro corde ed elettrico.<\/li>\n<li>Personalizzabile per soddisfare le esigenze specifiche degli utenti.<\/li>\n<\/ul>\n<\/li>\n<\/ul>\n<hr \/>\n<h6><span style=\"font-family: arial, helvetica, sans-serif; font-size: 14pt;\"><strong>Pinza motorizzata<\/strong><\/span><\/h6>\n<ul>\n<li><strong>Meccanismo<\/strong>: Dotato di un proprio meccanismo di apertura\/chiusura, consente di operare a qualsiasi altezza per la movimentazione dei materiali.<\/li>\n<li><strong>Caratteristiche<\/strong>:\n<ul>\n<li>Maggiore produttivit\u00e0 rispetto alle benne a fune singola.<\/li>\n<li>Facile aggancio e sgancio con elevata efficienza di carico\/scarico.<\/li>\n<li>Adatto alla movimentazione di materiali sfusi.<\/li>\n<li>Richiede un avvolgicavo di alimentazione per altezze di sollevamento superiori.<\/li>\n<\/ul>\n<\/li>\n<li><strong>Limitazione<\/strong>: Non adatto per operazioni subacquee.<\/li>\n<\/ul>\n<hr \/>\n<h6><span style=\"font-family: arial, helvetica, sans-serif; font-size: 14pt;\"><strong>Pinza idraulica elettrica a pi\u00f9 artigli<\/strong><\/span><\/h6>\n<ul>\n<li><strong>Applicazioni<\/strong>: Progettato per la movimentazione di materiali irregolari e di grandi dimensioni come rottami di acciaio, ghisa, minerali e rifiuti in ambienti difficili, sostituendo efficacemente il lavoro manuale.<\/li>\n<li><strong>Caratteristiche<\/strong>:\n<ul>\n<li>Dotato di un sistema idraulico indipendente, che utilizza componenti di alta qualit\u00e0 per prestazioni eccellenti.<\/li>\n<li>Ciascuna mascella \u00e8 azionata da un cilindro idraulico separato, che garantisce l'assenza di fuoriuscite di materiale.<\/li>\n<li>Include un connettore per cavi sulla parte superiore per una facile integrazione con la gru.<\/li>\n<li>Disponibili in diverse configurazioni: ganasce circolari o rettangolari e design a griffe chiuse, semiaperte o aperte.<\/li>\n<\/ul>\n<\/li>\n<\/ul>","protected":false},"excerpt":{"rendered":"<p>Pinza a fune singola, pinza a quattro funi, pinza multi-flap elettroidraulica, pinza a buccia d'arancia, pinza a motore elettrico, pinza a conchiglia elettroidraulica<\/p>","protected":false},"featured_media":5443,"template":"","meta":{"_kad_post_transparent":"default","_kad_post_title":"","_kad_post_layout":"default","_kad_post_sidebar_id":"","_kad_post_content_style":"default","_kad_post_vertical_padding":"show","_kad_post_feature":"","_kad_post_feature_position":"","_kad_post_header":false,"_kad_post_footer":false},"product_brand":[],"product_cat":[59],"product_tag":[186,191,189,192,188,193,190,187,185],"class_list":{"0":"post-5424","1":"product","2":"type-product","3":"status-publish","4":"has-post-thumbnail","6":"product_cat-special-crane-spreader","7":"product_tag-crane-grab","8":"product_tag-electric-motor-grab","9":"product_tag-electro-hydraulic-multi-flap-grab","10":"product_tag-electro-hydraulicclamshell-grab","11":"product_tag-four-rope-grab","12":"product_tag-grab-manufacturers","13":"product_tag-orange-peel-grab","14":"product_tag-singlr-rope-grab","15":"product_tag-special-crane-spreader","17":"first","18":"instock","19":"featured","20":"shipping-taxable","21":"product-type-simple","22":"entry","23":"content-bg","24":"loop-entry"},"yoast_head":"<!-- This site is optimized with the Yoast SEO plugin v25.6 - https:\/\/yoast.com\/wordpress\/plugins\/seo\/ -->\n<title>Crane Grab for Bulk Material Handling | Heavy Duty &amp; Custom Design<\/title>\n<meta name=\"description\" content=\"Looking for reliable crane grab? We supply heavy-duty clamshell, orange peel and scrap grabs for ports, steel plants and bulk handling. Custom design available. Get a quote today.\" \/>\n<meta name=\"robots\" content=\"index, follow, max-snippet:-1, max-image-preview:large, max-video-preview:-1\" \/>\n<link rel=\"canonical\" href=\"https:\/\/www.hnhlcrane.com\/it\/prodotto\/gru-di-presa\/\" \/>\n<meta property=\"og:locale\" content=\"it_IT\" \/>\n<meta property=\"og:type\" content=\"article\" \/>\n<meta property=\"og:title\" content=\"Crane Grab for Bulk Material Handling | Heavy Duty &amp; Custom Design\" \/>\n<meta property=\"og:description\" content=\"Looking for reliable crane grab? We supply heavy-duty clamshell, orange peel and scrap grabs for ports, steel plants and bulk handling. Custom design available. Get a quote today.\" \/>\n<meta property=\"og:url\" content=\"https:\/\/www.hnhlcrane.com\/it\/prodotto\/gru-di-presa\/\" \/>\n<meta property=\"og:site_name\" content=\"Crane Parts Supplier-HL Crame\" \/>\n<meta property=\"article:modified_time\" content=\"2026-04-20T15:23:38+00:00\" \/>\n<meta property=\"og:image\" content=\"https:\/\/www.hnhlcrane.com\/wp-content\/uploads\/2024\/11\/Crane-grab-16.jpg\" \/>\n\t<meta property=\"og:image:width\" content=\"600\" \/>\n\t<meta property=\"og:image:height\" content=\"600\" \/>\n\t<meta property=\"og:image:type\" content=\"image\/jpeg\" \/>\n<meta name=\"twitter:card\" content=\"summary_large_image\" \/>\n<meta name=\"twitter:label1\" content=\"Tempo di lettura stimato\" \/>\n\t<meta name=\"twitter:data1\" content=\"3 minuti\" \/>\n<script type=\"application\/ld+json\" class=\"yoast-schema-graph\">{\"@context\":\"https:\/\/schema.org\",\"@graph\":[{\"@type\":\"WebPage\",\"@id\":\"https:\/\/www.hnhlcrane.com\/product\/crane-grab\/\",\"url\":\"https:\/\/www.hnhlcrane.com\/product\/crane-grab\/\",\"name\":\"Crane Grab for Bulk Material Handling | Heavy Duty & Custom Design\",\"isPartOf\":{\"@id\":\"https:\/\/www.hnhlcrane.com\/#website\"},\"primaryImageOfPage\":{\"@id\":\"https:\/\/www.hnhlcrane.com\/product\/crane-grab\/#primaryimage\"},\"image\":{\"@id\":\"https:\/\/www.hnhlcrane.com\/product\/crane-grab\/#primaryimage\"},\"thumbnailUrl\":\"https:\/\/www.hnhlcrane.com\/wp-content\/uploads\/2024\/11\/Crane-grab-16.jpg\",\"datePublished\":\"2024-11-25T15:05:17+00:00\",\"dateModified\":\"2026-04-20T15:23:38+00:00\",\"description\":\"Looking for reliable crane grab? We supply heavy-duty clamshell, orange peel and scrap grabs for ports, steel plants and bulk handling. Custom design available. Get a quote today.\",\"breadcrumb\":{\"@id\":\"https:\/\/www.hnhlcrane.com\/product\/crane-grab\/#breadcrumb\"},\"inLanguage\":\"it-IT\",\"potentialAction\":[{\"@type\":\"ReadAction\",\"target\":[\"https:\/\/www.hnhlcrane.com\/product\/crane-grab\/\"]}]},{\"@type\":\"ImageObject\",\"inLanguage\":\"it-IT\",\"@id\":\"https:\/\/www.hnhlcrane.com\/product\/crane-grab\/#primaryimage\",\"url\":\"https:\/\/www.hnhlcrane.com\/wp-content\/uploads\/2024\/11\/Crane-grab-16.jpg\",\"contentUrl\":\"https:\/\/www.hnhlcrane.com\/wp-content\/uploads\/2024\/11\/Crane-grab-16.jpg\",\"width\":600,\"height\":600},{\"@type\":\"BreadcrumbList\",\"@id\":\"https:\/\/www.hnhlcrane.com\/product\/crane-grab\/#breadcrumb\",\"itemListElement\":[{\"@type\":\"ListItem\",\"position\":1,\"name\":\"home\",\"item\":\"https:\/\/www.hnhlcrane.com\/\"},{\"@type\":\"ListItem\",\"position\":2,\"name\":\"products\",\"item\":\"https:\/\/www.hnhlcrane.com\/products\/\"},{\"@type\":\"ListItem\",\"position\":3,\"name\":\"Crane grab\"}]},{\"@type\":\"WebSite\",\"@id\":\"https:\/\/www.hnhlcrane.com\/#website\",\"url\":\"https:\/\/www.hnhlcrane.com\/\",\"name\":\"Crane Parts Supplier-HL Crame\",\"description\":\"One-stop solution for all your  crane parts needs,Crane Hook,Crane Drum,Crane Wheel,Crane Coupling,Crane Gearbox,Crane Motor,Crane Brake,Special Crane Spreader,Crane grab,Container spreader,Billet crane clamps,Crane C-type spreader,Lifting Electromagnet,Crane Rail Clips,Electric Hoist,FEM Standard Crane End Carriages,Light Crane Parts,Workstation Crane Parts,Crane Electrical Parts,I-beam cable trolley,Crane remote controller,Crane electrical control cabinet,Crane limit switch,Crane sound and light alarm,Heavy Duty Aviation Connector,Crane overload limiter,China Crane Parts Supplier,Crane hooks,Gantry crane hook,Crane accessories,Forged hook,hook processing,Hook manufacturer,China standard crane hook,electric hoist hook,Crane pulley,Hook pulley,Rolled pulley,Crane Pulley Supplier\uff0cEuropean hook pulley,Gantry crane hook pulley,WZL type crane drum,European style reel set,Crane reel,crane parts,Drum processing,crane drum manufacturer,Cast steel drum,Electric hoist drum,Crane drum assembly,DRS Wheel Blocks,European crane wheel,Forged wheels,Active wheel set,Driving wheel set,Driven wheel group,crane wheels manufacturer,Demag crane wheels,Konecranes Crane Wheels,Overhead crane Wheel,Shaft couplings,Power Transmission Couplings,Disc Couplings,Fluid couplings,Coupling manufacturer\uff0cCardan coupling,Crane Reducer,Crane Decelerators,Reducer gearbox,Reducer for crane,Gear Reducer For Crane,Hard tooth surface reducerCrane and hoist reducer,Flender reducer,Reducer manufacturer,ZQ reducer,QJ reducer,QJY reducer,Gear Motors,Konecranes reducer,F series three-in-one reducer,K series three-in-one reducer,travelling machinery,Travelling Motor With Gear,Gear Motor for Crane Traveling,Travelling machinery Frequency inverter motors,FEM standard Gear Motors,Crane motors,Inverter motors,Hoist motors,motorCrane duty motors,Special motor for crane,YZR YZP YZ series motors,Crane and hoist motor,Frequency conversion motor,Electro hydraulic drum brakes,Electro-hydraulic disc brakes,Brake,Overhead Crane Brakes,Disc brakes,Electromagnetic disk brake,Crane hydraulic disc brake,Brakes manufacturer,crane Safety brakes,Singlr rope grab,Four rope grab,Electro-hydraulic multi-flap grab,Orange peel grab,Electric motor grab,Electro-Hydraulicclamshell grab,grab manufacturers,Container spreader manufacturers,20ft Container Spreader,Semi Automatic container spreader,40ft Container Lifting Frame,TEC container Spreader,Billet lifting clamp,Billet Clamps,Billet crane clamps manufacturer,billet lifting clamps china supplier,Coil C-Type Hook,coil hook,Overhead Crane Steel Coil C-Type Hook,Crane C-hook,C-type spreader,C-type hook,Crane magnets,Rail fixing device,Crane Rail fixing device,crane Rail Clamp,CD\/MD Wire Rope Electric Hoist,Wire Rope Electric Hoist China Manufacturer,Single Girder Wire Rope Electric Hoist,Double Girder Wire Rope Electric Hoist,Chain Hoist,Electric chain hoist manufacturer,Electric chain hoist China distributor,European wire rope electric hoist\uff0cEuropean double beam wire rope electric hoist,European Style Single Beam Crane End Carriage,FEN\/DIN European Style Single Beam Crane End Carriage,Crane end beam manufacturers,European style hoist double beam crane end beam,Suspension crane end beam,European style suspended single beam crane end beam,FEN\/DIN Suspension crane end beam,crane cable trolley,Wireless remote control,remote controller,Crane control handle,Crane Controls,electrical control cabinet,crane control cabinet,Limit switch,Sound and light alarm,Aviation plug,quick connector,Crane aviation plug,Overload limiter\",\"publisher\":{\"@id\":\"https:\/\/www.hnhlcrane.com\/#organization\"},\"potentialAction\":[{\"@type\":\"SearchAction\",\"target\":{\"@type\":\"EntryPoint\",\"urlTemplate\":\"https:\/\/www.hnhlcrane.com\/?s={search_term_string}\"},\"query-input\":{\"@type\":\"PropertyValueSpecification\",\"valueRequired\":true,\"valueName\":\"search_term_string\"}}],\"inLanguage\":\"it-IT\"},{\"@type\":\"Organization\",\"@id\":\"https:\/\/www.hnhlcrane.com\/#organization\",\"name\":\"Crane Parts Supplier-HL Crame\",\"url\":\"https:\/\/www.hnhlcrane.com\/\",\"logo\":{\"@type\":\"ImageObject\",\"inLanguage\":\"it-IT\",\"@id\":\"https:\/\/www.hnhlcrane.com\/#\/schema\/logo\/image\/\",\"url\":\"https:\/\/www.hnhlcrane.com\/wp-content\/uploads\/2024\/09\/logo6-1-e1733899395598.png\",\"contentUrl\":\"https:\/\/www.hnhlcrane.com\/wp-content\/uploads\/2024\/09\/logo6-1-e1733899395598.png\",\"width\":1000,\"height\":282,\"caption\":\"Crane Parts Supplier-HL Crame\"},\"image\":{\"@id\":\"https:\/\/www.hnhlcrane.com\/#\/schema\/logo\/image\/\"}}]}<\/script>\n<!-- \/ Yoast SEO plugin. -->","yoast_head_json":{"title":"Gru per la movimentazione di materiali sfusi - Design personalizzato e per impieghi gravosi","description":"Cercate una benna per gru affidabile? Forniamo benne a conchiglia, a buccia d'arancia e per rottami per porti, acciaierie e movimentazione di materiali sfusi. \u00c8 disponibile un design personalizzato. Richiedete un preventivo oggi stesso.","robots":{"index":"index","follow":"follow","max-snippet":"max-snippet:-1","max-image-preview":"max-image-preview:large","max-video-preview":"max-video-preview:-1"},"canonical":"https:\/\/www.hnhlcrane.com\/it\/prodotto\/gru-di-presa\/","og_locale":"it_IT","og_type":"article","og_title":"Crane Grab for Bulk Material Handling | Heavy Duty & Custom Design","og_description":"Looking for reliable crane grab? We supply heavy-duty clamshell, orange peel and scrap grabs for ports, steel plants and bulk handling. Custom design available. Get a quote today.","og_url":"https:\/\/www.hnhlcrane.com\/it\/prodotto\/gru-di-presa\/","og_site_name":"Crane Parts Supplier-HL Crame","article_modified_time":"2026-04-20T15:23:38+00:00","og_image":[{"width":600,"height":600,"url":"https:\/\/www.hnhlcrane.com\/wp-content\/uploads\/2024\/11\/Crane-grab-16.jpg","type":"image\/jpeg"}],"twitter_card":"summary_large_image","twitter_misc":{"Tempo di lettura stimato":"3 minuti"},"schema":{"@context":"https:\/\/schema.org","@graph":[{"@type":"WebPage","@id":"https:\/\/www.hnhlcrane.com\/product\/crane-grab\/","url":"https:\/\/www.hnhlcrane.com\/product\/crane-grab\/","name":"Gru per la movimentazione di materiali sfusi - Design personalizzato e per impieghi gravosi","isPartOf":{"@id":"https:\/\/www.hnhlcrane.com\/#website"},"primaryImageOfPage":{"@id":"https:\/\/www.hnhlcrane.com\/product\/crane-grab\/#primaryimage"},"image":{"@id":"https:\/\/www.hnhlcrane.com\/product\/crane-grab\/#primaryimage"},"thumbnailUrl":"https:\/\/www.hnhlcrane.com\/wp-content\/uploads\/2024\/11\/Crane-grab-16.jpg","datePublished":"2024-11-25T15:05:17+00:00","dateModified":"2026-04-20T15:23:38+00:00","description":"Cercate una benna per gru affidabile? Forniamo benne a conchiglia, a buccia d'arancia e per rottami per porti, acciaierie e movimentazione di materiali sfusi. \u00c8 disponibile un design personalizzato. Richiedete un preventivo oggi stesso.","breadcrumb":{"@id":"https:\/\/www.hnhlcrane.com\/product\/crane-grab\/#breadcrumb"},"inLanguage":"it-IT","potentialAction":[{"@type":"ReadAction","target":["https:\/\/www.hnhlcrane.com\/product\/crane-grab\/"]}]},{"@type":"ImageObject","inLanguage":"it-IT","@id":"https:\/\/www.hnhlcrane.com\/product\/crane-grab\/#primaryimage","url":"https:\/\/www.hnhlcrane.com\/wp-content\/uploads\/2024\/11\/Crane-grab-16.jpg","contentUrl":"https:\/\/www.hnhlcrane.com\/wp-content\/uploads\/2024\/11\/Crane-grab-16.jpg","width":600,"height":600},{"@type":"BreadcrumbList","@id":"https:\/\/www.hnhlcrane.com\/product\/crane-grab\/#breadcrumb","itemListElement":[{"@type":"ListItem","position":1,"name":"home","item":"https:\/\/www.hnhlcrane.com\/"},{"@type":"ListItem","position":2,"name":"products","item":"https:\/\/www.hnhlcrane.com\/products\/"},{"@type":"ListItem","position":3,"name":"Crane grab"}]},{"@type":"WebSite","@id":"https:\/\/www.hnhlcrane.com\/#website","url":"https:\/\/www.hnhlcrane.com\/","name":"Fornitore di parti di gru-HL Crame","description":"Gancio per gru, tamburo per gru, ruota per gru, accoppiamento per gru, riduttore per gru, motore per gru, freno per gru, spargitore speciale per gru, pinza per gru, spargitore per container, morsetti per gru in billetta, spargitore per gru a C,Elettromagnete di sollevamento, fermi della rotaia della gru, paranco elettrico, carrelli di estremit\u00e0 della gru standard FEM, parti della gru leggera, parti della gru della stazione di lavoro, parti elettriche della gru, carrello portacavi a I, telecomando della gru, armadio di comando elettrico della gru,Interruttore di fine corsa della gru, allarme sonoro e luminoso della gru, connettore di aviazione per impieghi gravosi, limitatore di sovraccarico della gru, fornitore di parti della gru in Cina, ganci della gru, gancio della gru a cavalletto, accessori della gru, gancio forgiato, lavorazione del gancio, produttore del gancio, gancio della gru standard in Cina, gancio del paranco elettrico, puleggia della gru, puleggia del gancio, puleggia laminata, fornitore della puleggia della gru, puleggia del gancio europeo, puleggia del gancio della gru a cavalletto, tamburo della gru di tipo WZL, set di bobine di stile europeo, bobina della gru,parti di gru, lavorazione del tamburo, produttore di tamburi per gru, tamburo in acciaio fuso, tamburo per paranchi elettrici, assemblaggio di tamburi per gru, blocchi ruota DRS, ruota europea per gru, ruote forgiate, set di ruote attive, set di ruote motrici, gruppo di ruote motrici, produttore di ruote per gru, ruote per gru Demag, ruote per gru Konecranes, ruota per gru a ponte, giunti per alberi, giunti per trasmissione di potenza, giunti a disco, giunti fluidi, produttore di giunti, giunto cardanico, riduttore per gru,Deceleratori per gru, riduttore, riduttore per gru, riduttore per gru, riduttore con superficie a denti duri, riduttore per gru e paranchi, riduttore Flender, produttore di riduttori, riduttore ZQ, riduttore QJ, riduttore QJY, motoriduttori, riduttore Konecranes,Riduttore serie F tre in uno, riduttore serie K tre in uno, macchina viaggiante, motore viaggiante con ingranaggio, motoriduttore per gru viaggiante, macchina viaggiante Motori inverter, motoriduttori standard FEM, motori per gru,Motori inverter, motori per paranchi, motori per gru, motori speciali per gru, motori serie YZR YZP YZ, motori per gru e paranchi, motori a conversione di frequenza, freni a tamburo elettroidraulici, freni a disco elettroidraulici, freni, freni per carroponte, freni a disco, freni a disco elettromagnetici, freni a disco idraulici per gru, produttore di freni, freni di sicurezza per gru, presa a fune singola, presa a quattro funi, presa elettroidraulica multi-flap, presa a buccia d'arancia, presa a motore elettrico,Elettro-idraulica a conchiglia, produttori di pinze, produttori di spreader per container, spreader per container da 20 piedi, spreader per container semiautomatico, telaio di sollevamento per container da 40 piedi, spreader per container TEC, morsetto di sollevamento per billette, morsetti per billette, produttore di morsetti per gru per billette, fornitore cinese di morsetti di sollevamento per billette, gancio a C per bobina, gancio per bobina, gancio a C per gru a ponte in acciaio per bobina, gancio a C per gru, spreader a C per gru, gancio a C per gru, magneti per gru, dispositivo di fissaggio della rotaia,Dispositivo di fissaggio della rotaia della gru, morsetto della rotaia della gru, paranco elettrico a fune CD\/MD, paranco elettrico a fune Cina, paranco elettrico a fune a una trave, paranco elettrico a doppia trave, paranco a catena, paranco elettrico a catena produttore, paranco elettrico a catena Cina distributore, paranco elettrico a fune europeo, paranco elettrico a doppia trave europeo, carrello di estremit\u00e0 della gru a trave singola di stile europeo, carrello di estremit\u00e0 della gru a trave singola di stile europeo FEN\/DIN,Produttori di travi di estremit\u00e0 della gru, trave di estremit\u00e0 della gru a doppia trave di stile europeo, trave di estremit\u00e0 della gru a sospensione, trave di estremit\u00e0 della gru a singola trave sospesa di stile europeo, trave di estremit\u00e0 della gru a sospensione FEN\/DIN, carrello portacavi della gru, telecomando senza fili, telecomando, maniglia di controllo della gru, comandi della gru, armadio elettrico di controllo, armadio di controllo della gru, interruttore di limite, allarme sonoro e luminoso, spina dell'aviazione, connettore rapido, spina dell'aviazione della gru, limitatore di sovraccarico","publisher":{"@id":"https:\/\/www.hnhlcrane.com\/#organization"},"potentialAction":[{"@type":"SearchAction","target":{"@type":"EntryPoint","urlTemplate":"https:\/\/www.hnhlcrane.com\/?s={search_term_string}"},"query-input":{"@type":"PropertyValueSpecification","valueRequired":true,"valueName":"search_term_string"}}],"inLanguage":"it-IT"},{"@type":"Organization","@id":"https:\/\/www.hnhlcrane.com\/#organization","name":"Fornitore di parti di gru-HL Crame","url":"https:\/\/www.hnhlcrane.com\/","logo":{"@type":"ImageObject","inLanguage":"it-IT","@id":"https:\/\/www.hnhlcrane.com\/#\/schema\/logo\/image\/","url":"https:\/\/www.hnhlcrane.com\/wp-content\/uploads\/2024\/09\/logo6-1-e1733899395598.png","contentUrl":"https:\/\/www.hnhlcrane.com\/wp-content\/uploads\/2024\/09\/logo6-1-e1733899395598.png","width":1000,"height":282,"caption":"Crane Parts Supplier-HL Crame"},"image":{"@id":"https:\/\/www.hnhlcrane.com\/#\/schema\/logo\/image\/"}}]}},"_links":{"self":[{"href":"https:\/\/www.hnhlcrane.com\/it\/wp-json\/wp\/v2\/product\/5424","targetHints":{"allow":["GET"]}}],"collection":[{"href":"https:\/\/www.hnhlcrane.com\/it\/wp-json\/wp\/v2\/product"}],"about":[{"href":"https:\/\/www.hnhlcrane.com\/it\/wp-json\/wp\/v2\/types\/product"}],"version-history":[{"count":1,"href":"https:\/\/www.hnhlcrane.com\/it\/wp-json\/wp\/v2\/product\/5424\/revisions"}],"predecessor-version":[{"id":6951,"href":"https:\/\/www.hnhlcrane.com\/it\/wp-json\/wp\/v2\/product\/5424\/revisions\/6951"}],"wp:featuredmedia":[{"embeddable":true,"href":"https:\/\/www.hnhlcrane.com\/it\/wp-json\/wp\/v2\/media\/5443"}],"wp:attachment":[{"href":"https:\/\/www.hnhlcrane.com\/it\/wp-json\/wp\/v2\/media?parent=5424"}],"wp:term":[{"taxonomy":"product_brand","embeddable":true,"href":"https:\/\/www.hnhlcrane.com\/it\/wp-json\/wp\/v2\/product_brand?post=5424"},{"taxonomy":"product_cat","embeddable":true,"href":"https:\/\/www.hnhlcrane.com\/it\/wp-json\/wp\/v2\/product_cat?post=5424"},{"taxonomy":"product_tag","embeddable":true,"href":"https:\/\/www.hnhlcrane.com\/it\/wp-json\/wp\/v2\/product_tag?post=5424"}],"curies":[{"name":"wp","href":"https:\/\/api.w.org\/{rel}","templated":true}]}}