{"id":5158,"date":"2024-11-10T15:59:16","date_gmt":"2024-11-10T07:59:16","guid":{"rendered":"https:\/\/www.hnhlcrane.com\/?post_type=product&#038;p=5158"},"modified":"2025-09-09T00:23:44","modified_gmt":"2025-09-08T16:23:44","slug":"cambio-per-gru-qj-l","status":"publish","type":"product","link":"https:\/\/www.hnhlcrane.com\/it\/prodotto\/cambio-per-gru-qj-l\/","title":{"rendered":"Riduttore per gru QJ-L"},"content":{"rendered":"<div class=\"flex-shrink-0 flex flex-col relative items-end\">\n<div>\n<div class=\"pt-0\">\n<div class=\"gizmo-bot-avatar flex h-8 w-8 items-center justify-center overflow-hidden rounded-full\">\n<div class=\"relative p-1 rounded-sm flex items-center justify-center bg-token-main-surface-primary text-token-text-primary h-8 w-8\"><\/div>\n<\/div>\n<\/div>\n<\/div>\n<\/div>\n<div class=\"group\/conversation-turn relative flex w-full min-w-0 flex-col agent-turn\">\n<div class=\"flex-col gap-1 md:gap-3\">\n<div class=\"flex max-w-full flex-col flex-grow\">\n<div class=\"min-h-8 text-message flex w-full flex-col items-end gap-2 whitespace-normal break-words [.text-message+&amp;]:mt-5\" dir=\"auto\" data-message-author-role=\"assistant\" data-message-id=\"3b403baf-b927-4069-83cc-5b7e1d47227d\" data-message-model-slug=\"gpt-4o\">\n<div class=\"flex w-full flex-col gap-1 empty:hidden first:pt-[3px]\">\n<div class=\"markdown prose w-full break-words dark:prose-invert light\">\n<h6><span style=\"font-family: arial, helvetica, sans-serif; font-size: 18pt;\"><strong>Panoramica del riduttore per gru QJ-L<\/strong><\/span><\/h6>\n<p>Il QJ-L <a href=\"https:\/\/www.hnhlcrane.com\/it\/prodotti\/cambio-gru\/\" target=\"_blank\" rel=\"noopener\">cambio gru<\/a> \u00e8 stato progettato principalmente per i meccanismi di azionamento delle gru, ma pu\u00f2 essere applicato anche nei sistemi di trasmissione di vari macchinari, tra cui i trasporti, la metallurgia, l'industria mineraria, chimica e leggera. Caratterizzato da superfici dei denti di media durezza su ingranaggi e alberi di trasmissione in acciaio legato a medio tenore di carbonio, offre una struttura compatta e un'elevata capacit\u00e0 di carico.<\/p>\n<h6><span style=\"font-family: arial, helvetica, sans-serif; font-size: 18pt;\"><strong>Dimensioni e tipi di montaggio del riduttore della gru QJ-L<\/strong><\/span><\/h6>\n<p><img fetchpriority=\"high\" decoding=\"async\" class=\"alignnone wp-image-5161\" src=\"https:\/\/www.hnhlcrane.com\/wp-content\/uploads\/2024\/11\/QJ-L-crane-gearbox-a-300x208.jpg\" alt=\"\" width=\"800\" height=\"554\" srcset=\"https:\/\/www.hnhlcrane.com\/wp-content\/uploads\/2024\/11\/QJ-L-crane-gearbox-a-300x208.jpg 300w, https:\/\/www.hnhlcrane.com\/wp-content\/uploads\/2024\/11\/QJ-L-crane-gearbox-a-768x532.jpg 768w, https:\/\/www.hnhlcrane.com\/wp-content\/uploads\/2024\/11\/QJ-L-crane-gearbox-a-600x416.jpg 600w, https:\/\/www.hnhlcrane.com\/wp-content\/uploads\/2024\/11\/QJ-L-crane-gearbox-a.jpg 1000w\" sizes=\"(max-width: 800px) 100vw, 800px\" \/><\/p>\n<p><img decoding=\"async\" class=\"alignnone wp-image-5162\" src=\"https:\/\/www.hnhlcrane.com\/wp-content\/uploads\/2024\/11\/QJ-L-crane-gearbox-b-300x150.jpg\" alt=\"\" width=\"800\" height=\"400\" srcset=\"https:\/\/www.hnhlcrane.com\/wp-content\/uploads\/2024\/11\/QJ-L-crane-gearbox-b-300x150.jpg 300w, https:\/\/www.hnhlcrane.com\/wp-content\/uploads\/2024\/11\/QJ-L-crane-gearbox-b-768x383.jpg 768w, https:\/\/www.hnhlcrane.com\/wp-content\/uploads\/2024\/11\/QJ-L-crane-gearbox-b-600x299.jpg 600w, https:\/\/www.hnhlcrane.com\/wp-content\/uploads\/2024\/11\/QJ-L-crane-gearbox-b.jpg 1000w\" sizes=\"(max-width: 800px) 100vw, 800px\" \/><\/p>\n<h6><span style=\"font-family: arial, helvetica, sans-serif; font-size: 18pt;\"><strong>Tabella delle capacit\u00e0 di carico per il riduttore della gru QJ-L<\/strong><\/span><\/h6>\n<p><img decoding=\"async\" class=\"alignnone wp-image-5163\" src=\"https:\/\/www.hnhlcrane.com\/wp-content\/uploads\/2024\/11\/QJ-L-crane-gearbox-c-237x300.jpg\" alt=\"\" width=\"800\" height=\"1013\" srcset=\"https:\/\/www.hnhlcrane.com\/wp-content\/uploads\/2024\/11\/QJ-L-crane-gearbox-c-237x300.jpg 237w, https:\/\/www.hnhlcrane.com\/wp-content\/uploads\/2024\/11\/QJ-L-crane-gearbox-c-809x1024.jpg 809w, https:\/\/www.hnhlcrane.com\/wp-content\/uploads\/2024\/11\/QJ-L-crane-gearbox-c-768x972.jpg 768w, https:\/\/www.hnhlcrane.com\/wp-content\/uploads\/2024\/11\/QJ-L-crane-gearbox-c-600x759.jpg 600w, https:\/\/www.hnhlcrane.com\/wp-content\/uploads\/2024\/11\/QJ-L-crane-gearbox-c.jpg 1000w\" sizes=\"(max-width: 800px) 100vw, 800px\" \/><\/p>\n<\/div>\n<\/div>\n<\/div>\n<\/div>\n<\/div>\n<\/div>","protected":false},"excerpt":{"rendered":"<p><strong>Riduttore per gru QJ-L Specifiche:<\/strong><\/p>\n<ul>\n<li><strong>Modelli:<\/strong> QJ-L140, QJ-L170, QJ-L200, QJ-L236, QJ-L280, QJ-L335, QJ-L400<\/li>\n<li><strong>Rapporti di trasmissione:<\/strong> 16, 18, 20, 22.4, 25, 28, 31.5, 35.5, 40, 45, 50, 56, 63, 71, 80, 90, 100<\/li>\n<li><strong>Tipi di montaggio:<\/strong> I, II, III, IV, V, VI<\/li>\n<li><strong>Materiali degli alberi e degli ingranaggi:<\/strong> 42CrMo, 35CrMo<\/li>\n<li><strong>Gamma di coppia in uscita:<\/strong> Da 308 Nm a 7950 Nm<\/li>\n<li><strong>Opzioni personalizzate:<\/strong> Sono disponibili personalizzazioni non standard; possiamo produrre in base ai disegni e alle specifiche fornite dal cliente.<\/li>\n<\/ul>","protected":false},"featured_media":5159,"template":"","meta":{"_kad_post_transparent":"default","_kad_post_title":"","_kad_post_layout":"default","_kad_post_sidebar_id":"","_kad_post_content_style":"default","_kad_post_vertical_padding":"show","_kad_post_feature":"","_kad_post_feature_position":"","_kad_post_header":false,"_kad_post_footer":false},"product_brand":[],"product_cat":[55],"product_tag":[73,138,136,72,137,151,159,144,155,149,141,142,152,147,148,140,139,145,153,158,154,146],"class_list":{"0":"post-5158","1":"product","2":"type-product","3":"status-publish","4":"has-post-thumbnail","6":"product_cat-crane-gearbox","7":"product_tag-crane-accessories","8":"product_tag-crane-decelerators","9":"product_tag-crane-gearbox","10":"product_tag-crane-parts","11":"product_tag-crane-reducer","12":"product_tag-f-series-three-in-one-reducer","13":"product_tag-fem-standard-gear-motors","14":"product_tag-flender-reducer","15":"product_tag-gear-motor-for-crane-traveling","16":"product_tag-gear-motors","17":"product_tag-gear-reducer-for-crane","18":"product_tag-hard-tooth-surface-reducercrane-and-hoist-reducer","19":"product_tag-k-series-three-in-one-reducer","20":"product_tag-qj-reducer","21":"product_tag-qjy-reducer","22":"product_tag-reducer-for-crane","23":"product_tag-reducer-gearbox","24":"product_tag-reducer-manufacturer","25":"product_tag-travelling-machinery","26":"product_tag-travelling-machinery-frequency-inverter-motors","27":"product_tag-travelling-motor-with-gear","28":"product_tag-zq-reducer","30":"first","31":"instock","32":"shipping-taxable","33":"product-type-simple","34":"entry","35":"content-bg","36":"loop-entry"},"yoast_head":"<!-- This site is optimized with the Yoast SEO plugin v25.6 - https:\/\/yoast.com\/wordpress\/plugins\/seo\/ -->\n<title>QJ-L crane gearbox \u2013 Reliable Crane Gear Reducers &amp; Decelerator<\/title>\n<meta name=\"description\" content=\"Buy QJ-L Crane Gearbox, Reducers, and Decelerators for durable, efficient crane performance. Trusted reducer manufacturer worldwide.\" \/>\n<meta name=\"robots\" content=\"index, follow, max-snippet:-1, max-image-preview:large, max-video-preview:-1\" \/>\n<link rel=\"canonical\" href=\"https:\/\/www.hnhlcrane.com\/it\/prodotto\/cambio-per-gru-qj-l\/\" \/>\n<meta property=\"og:locale\" content=\"it_IT\" \/>\n<meta property=\"og:type\" content=\"article\" \/>\n<meta property=\"og:title\" content=\"QJ-L crane gearbox \u2013 Reliable Crane Gear Reducers &amp; Decelerator\" \/>\n<meta property=\"og:description\" content=\"Buy QJ-L Crane Gearbox, Reducers, and Decelerators for durable, efficient crane performance. Trusted reducer manufacturer worldwide.\" \/>\n<meta property=\"og:url\" content=\"https:\/\/www.hnhlcrane.com\/it\/prodotto\/cambio-per-gru-qj-l\/\" \/>\n<meta property=\"og:site_name\" content=\"Crane Parts Supplier-HL Crame\" \/>\n<meta property=\"article:modified_time\" content=\"2025-09-08T16:23:44+00:00\" \/>\n<meta property=\"og:image\" content=\"https:\/\/www.hnhlcrane.com\/wp-content\/uploads\/2024\/11\/QJ-L-crane-gearbox-1.jpg\" \/>\n\t<meta property=\"og:image:width\" content=\"600\" \/>\n\t<meta property=\"og:image:height\" content=\"600\" \/>\n\t<meta property=\"og:image:type\" content=\"image\/jpeg\" \/>\n<meta name=\"twitter:card\" content=\"summary_large_image\" \/>\n<meta name=\"twitter:label1\" content=\"Tempo di lettura stimato\" \/>\n\t<meta name=\"twitter:data1\" content=\"2 minuti\" \/>\n<script type=\"application\/ld+json\" class=\"yoast-schema-graph\">{\"@context\":\"https:\/\/schema.org\",\"@graph\":[{\"@type\":\"WebPage\",\"@id\":\"https:\/\/www.hnhlcrane.com\/product\/qj-l-crane-gearbox\/\",\"url\":\"https:\/\/www.hnhlcrane.com\/product\/qj-l-crane-gearbox\/\",\"name\":\"QJ-L crane gearbox \u2013 Reliable Crane Gear Reducers & Decelerator\",\"isPartOf\":{\"@id\":\"https:\/\/www.hnhlcrane.com\/#website\"},\"primaryImageOfPage\":{\"@id\":\"https:\/\/www.hnhlcrane.com\/product\/qj-l-crane-gearbox\/#primaryimage\"},\"image\":{\"@id\":\"https:\/\/www.hnhlcrane.com\/product\/qj-l-crane-gearbox\/#primaryimage\"},\"thumbnailUrl\":\"https:\/\/www.hnhlcrane.com\/wp-content\/uploads\/2024\/11\/QJ-L-crane-gearbox-1.jpg\",\"datePublished\":\"2024-11-10T07:59:16+00:00\",\"dateModified\":\"2025-09-08T16:23:44+00:00\",\"description\":\"Buy QJ-L Crane Gearbox, Reducers, and Decelerators for durable, efficient crane performance. Trusted reducer manufacturer worldwide.\",\"breadcrumb\":{\"@id\":\"https:\/\/www.hnhlcrane.com\/product\/qj-l-crane-gearbox\/#breadcrumb\"},\"inLanguage\":\"it-IT\",\"potentialAction\":[{\"@type\":\"ReadAction\",\"target\":[\"https:\/\/www.hnhlcrane.com\/product\/qj-l-crane-gearbox\/\"]}]},{\"@type\":\"ImageObject\",\"inLanguage\":\"it-IT\",\"@id\":\"https:\/\/www.hnhlcrane.com\/product\/qj-l-crane-gearbox\/#primaryimage\",\"url\":\"https:\/\/www.hnhlcrane.com\/wp-content\/uploads\/2024\/11\/QJ-L-crane-gearbox-1.jpg\",\"contentUrl\":\"https:\/\/www.hnhlcrane.com\/wp-content\/uploads\/2024\/11\/QJ-L-crane-gearbox-1.jpg\",\"width\":600,\"height\":600},{\"@type\":\"BreadcrumbList\",\"@id\":\"https:\/\/www.hnhlcrane.com\/product\/qj-l-crane-gearbox\/#breadcrumb\",\"itemListElement\":[{\"@type\":\"ListItem\",\"position\":1,\"name\":\"home\",\"item\":\"https:\/\/www.hnhlcrane.com\/\"},{\"@type\":\"ListItem\",\"position\":2,\"name\":\"products\",\"item\":\"https:\/\/www.hnhlcrane.com\/products\/\"},{\"@type\":\"ListItem\",\"position\":3,\"name\":\"QJ-L crane gearbox\"}]},{\"@type\":\"WebSite\",\"@id\":\"https:\/\/www.hnhlcrane.com\/#website\",\"url\":\"https:\/\/www.hnhlcrane.com\/\",\"name\":\"Crane Parts Supplier-HL Crame\",\"description\":\"One-stop solution for all your  crane parts needs,Crane Hook,Crane Drum,Crane Wheel,Crane Coupling,Crane Gearbox,Crane Motor,Crane Brake,Special Crane Spreader,Crane grab,Container spreader,Billet crane clamps,Crane C-type spreader,Lifting Electromagnet,Crane Rail Clips,Electric Hoist,FEM Standard Crane End Carriages,Light Crane Parts,Workstation Crane Parts,Crane Electrical Parts,I-beam cable trolley,Crane remote controller,Crane electrical control cabinet,Crane limit switch,Crane sound and light alarm,Heavy Duty Aviation Connector,Crane overload limiter,China Crane Parts Supplier,Crane hooks,Gantry crane hook,Crane accessories,Forged hook,hook processing,Hook manufacturer,China standard crane hook,electric hoist hook,Crane pulley,Hook pulley,Rolled pulley,Crane Pulley Supplier\uff0cEuropean hook pulley,Gantry crane hook pulley,WZL type crane drum,European style reel set,Crane reel,crane parts,Drum processing,crane drum manufacturer,Cast steel drum,Electric hoist drum,Crane drum assembly,DRS Wheel Blocks,European crane wheel,Forged wheels,Active wheel set,Driving wheel set,Driven wheel group,crane wheels manufacturer,Demag crane wheels,Konecranes Crane Wheels,Overhead crane Wheel,Shaft couplings,Power Transmission Couplings,Disc Couplings,Fluid couplings,Coupling manufacturer\uff0cCardan coupling,Crane Reducer,Crane Decelerators,Reducer gearbox,Reducer for crane,Gear Reducer For Crane,Hard tooth surface reducerCrane and hoist reducer,Flender reducer,Reducer manufacturer,ZQ reducer,QJ reducer,QJY reducer,Gear Motors,Konecranes reducer,F series three-in-one reducer,K series three-in-one reducer,travelling machinery,Travelling Motor With Gear,Gear Motor for Crane Traveling,Travelling machinery Frequency inverter motors,FEM standard Gear Motors,Crane motors,Inverter motors,Hoist motors,motorCrane duty motors,Special motor for crane,YZR YZP YZ series motors,Crane and hoist motor,Frequency conversion motor,Electro hydraulic drum brakes,Electro-hydraulic disc brakes,Brake,Overhead Crane Brakes,Disc brakes,Electromagnetic disk brake,Crane hydraulic disc brake,Brakes manufacturer,crane Safety brakes,Singlr rope grab,Four rope grab,Electro-hydraulic multi-flap grab,Orange peel grab,Electric motor grab,Electro-Hydraulicclamshell grab,grab manufacturers,Container spreader manufacturers,20ft Container Spreader,Semi Automatic container spreader,40ft Container Lifting Frame,TEC container Spreader,Billet lifting clamp,Billet Clamps,Billet crane clamps manufacturer,billet lifting clamps china supplier,Coil C-Type Hook,coil hook,Overhead Crane Steel Coil C-Type Hook,Crane C-hook,C-type spreader,C-type hook,Crane magnets,Rail fixing device,Crane Rail fixing device,crane Rail Clamp,CD\/MD Wire Rope Electric Hoist,Wire Rope Electric Hoist China Manufacturer,Single Girder Wire Rope Electric Hoist,Double Girder Wire Rope Electric Hoist,Chain Hoist,Electric chain hoist manufacturer,Electric chain hoist China distributor,European wire rope electric hoist\uff0cEuropean double beam wire rope electric hoist,European Style Single Beam Crane End Carriage,FEN\/DIN European Style Single Beam Crane End Carriage,Crane end beam manufacturers,European style hoist double beam crane end beam,Suspension crane end beam,European style suspended single beam crane end beam,FEN\/DIN Suspension crane end beam,crane cable trolley,Wireless remote control,remote controller,Crane control handle,Crane Controls,electrical control cabinet,crane control cabinet,Limit switch,Sound and light alarm,Aviation plug,quick connector,Crane aviation plug,Overload limiter\",\"publisher\":{\"@id\":\"https:\/\/www.hnhlcrane.com\/#organization\"},\"potentialAction\":[{\"@type\":\"SearchAction\",\"target\":{\"@type\":\"EntryPoint\",\"urlTemplate\":\"https:\/\/www.hnhlcrane.com\/?s={search_term_string}\"},\"query-input\":{\"@type\":\"PropertyValueSpecification\",\"valueRequired\":true,\"valueName\":\"search_term_string\"}}],\"inLanguage\":\"it-IT\"},{\"@type\":\"Organization\",\"@id\":\"https:\/\/www.hnhlcrane.com\/#organization\",\"name\":\"Crane Parts Supplier-HL Crame\",\"url\":\"https:\/\/www.hnhlcrane.com\/\",\"logo\":{\"@type\":\"ImageObject\",\"inLanguage\":\"it-IT\",\"@id\":\"https:\/\/www.hnhlcrane.com\/#\/schema\/logo\/image\/\",\"url\":\"https:\/\/www.hnhlcrane.com\/wp-content\/uploads\/2024\/09\/logo6-1-e1733899395598.png\",\"contentUrl\":\"https:\/\/www.hnhlcrane.com\/wp-content\/uploads\/2024\/09\/logo6-1-e1733899395598.png\",\"width\":1000,\"height\":282,\"caption\":\"Crane Parts Supplier-HL Crame\"},\"image\":{\"@id\":\"https:\/\/www.hnhlcrane.com\/#\/schema\/logo\/image\/\"}}]}<\/script>\n<!-- \/ Yoast SEO plugin. -->","yoast_head_json":{"title":"Riduttore per gru QJ-L - Riduttori e deceleratori per gru affidabili","description":"Acquistate i riduttori, i riduttori e i deceleratori per gru QJ-L per ottenere prestazioni durature ed efficienti. Produttore di riduttori di fiducia in tutto il mondo.","robots":{"index":"index","follow":"follow","max-snippet":"max-snippet:-1","max-image-preview":"max-image-preview:large","max-video-preview":"max-video-preview:-1"},"canonical":"https:\/\/www.hnhlcrane.com\/it\/prodotto\/cambio-per-gru-qj-l\/","og_locale":"it_IT","og_type":"article","og_title":"QJ-L crane gearbox \u2013 Reliable Crane Gear Reducers & Decelerator","og_description":"Buy QJ-L Crane Gearbox, Reducers, and Decelerators for durable, efficient crane performance. Trusted reducer manufacturer worldwide.","og_url":"https:\/\/www.hnhlcrane.com\/it\/prodotto\/cambio-per-gru-qj-l\/","og_site_name":"Crane Parts Supplier-HL Crame","article_modified_time":"2025-09-08T16:23:44+00:00","og_image":[{"width":600,"height":600,"url":"https:\/\/www.hnhlcrane.com\/wp-content\/uploads\/2024\/11\/QJ-L-crane-gearbox-1.jpg","type":"image\/jpeg"}],"twitter_card":"summary_large_image","twitter_misc":{"Tempo di lettura stimato":"2 minuti"},"schema":{"@context":"https:\/\/schema.org","@graph":[{"@type":"WebPage","@id":"https:\/\/www.hnhlcrane.com\/product\/qj-l-crane-gearbox\/","url":"https:\/\/www.hnhlcrane.com\/product\/qj-l-crane-gearbox\/","name":"Riduttore per gru QJ-L - Riduttori e deceleratori per gru affidabili","isPartOf":{"@id":"https:\/\/www.hnhlcrane.com\/#website"},"primaryImageOfPage":{"@id":"https:\/\/www.hnhlcrane.com\/product\/qj-l-crane-gearbox\/#primaryimage"},"image":{"@id":"https:\/\/www.hnhlcrane.com\/product\/qj-l-crane-gearbox\/#primaryimage"},"thumbnailUrl":"https:\/\/www.hnhlcrane.com\/wp-content\/uploads\/2024\/11\/QJ-L-crane-gearbox-1.jpg","datePublished":"2024-11-10T07:59:16+00:00","dateModified":"2025-09-08T16:23:44+00:00","description":"Acquistate i riduttori, i riduttori e i deceleratori per gru QJ-L per ottenere prestazioni durature ed efficienti. Produttore di riduttori di fiducia in tutto il mondo.","breadcrumb":{"@id":"https:\/\/www.hnhlcrane.com\/product\/qj-l-crane-gearbox\/#breadcrumb"},"inLanguage":"it-IT","potentialAction":[{"@type":"ReadAction","target":["https:\/\/www.hnhlcrane.com\/product\/qj-l-crane-gearbox\/"]}]},{"@type":"ImageObject","inLanguage":"it-IT","@id":"https:\/\/www.hnhlcrane.com\/product\/qj-l-crane-gearbox\/#primaryimage","url":"https:\/\/www.hnhlcrane.com\/wp-content\/uploads\/2024\/11\/QJ-L-crane-gearbox-1.jpg","contentUrl":"https:\/\/www.hnhlcrane.com\/wp-content\/uploads\/2024\/11\/QJ-L-crane-gearbox-1.jpg","width":600,"height":600},{"@type":"BreadcrumbList","@id":"https:\/\/www.hnhlcrane.com\/product\/qj-l-crane-gearbox\/#breadcrumb","itemListElement":[{"@type":"ListItem","position":1,"name":"home","item":"https:\/\/www.hnhlcrane.com\/"},{"@type":"ListItem","position":2,"name":"products","item":"https:\/\/www.hnhlcrane.com\/products\/"},{"@type":"ListItem","position":3,"name":"QJ-L crane gearbox"}]},{"@type":"WebSite","@id":"https:\/\/www.hnhlcrane.com\/#website","url":"https:\/\/www.hnhlcrane.com\/","name":"Fornitore di parti di gru-HL Crame","description":"Gancio per gru, tamburo per gru, ruota per gru, accoppiamento per gru, riduttore per gru, motore per gru, freno per gru, spargitore speciale per gru, pinza per gru, spargitore per container, morsetti per gru in billetta, spargitore per gru a C,Elettromagnete di sollevamento, fermi della rotaia della gru, paranco elettrico, carrelli di estremit\u00e0 della gru standard FEM, parti della gru leggera, parti della gru della stazione di lavoro, parti elettriche della gru, carrello portacavi a I, telecomando della gru, armadio di comando elettrico della gru,Interruttore di fine corsa della gru, allarme sonoro e luminoso della gru, connettore di aviazione per impieghi gravosi, limitatore di sovraccarico della gru, fornitore di parti della gru in Cina, ganci della gru, gancio della gru a cavalletto, accessori della gru, gancio forgiato, lavorazione del gancio, produttore del gancio, gancio della gru standard in Cina, gancio del paranco elettrico, puleggia della gru, puleggia del gancio, puleggia laminata, fornitore della puleggia della gru, puleggia del gancio europeo, puleggia del gancio della gru a cavalletto, tamburo della gru di tipo WZL, set di bobine di stile europeo, bobina della gru,parti di gru, lavorazione del tamburo, produttore di tamburi per gru, tamburo in acciaio fuso, tamburo per paranchi elettrici, assemblaggio di tamburi per gru, blocchi ruota DRS, ruota europea per gru, ruote forgiate, set di ruote attive, set di ruote motrici, gruppo di ruote motrici, produttore di ruote per gru, ruote per gru Demag, ruote per gru Konecranes, ruota per gru a ponte, giunti per alberi, giunti per trasmissione di potenza, giunti a disco, giunti fluidi, produttore di giunti, giunto cardanico, riduttore per gru,Deceleratori per gru, riduttore, riduttore per gru, riduttore per gru, riduttore con superficie a denti duri, riduttore per gru e paranchi, riduttore Flender, produttore di riduttori, riduttore ZQ, riduttore QJ, riduttore QJY, motoriduttori, riduttore Konecranes,Riduttore serie F tre in uno, riduttore serie K tre in uno, macchina viaggiante, motore viaggiante con ingranaggio, motoriduttore per gru viaggiante, macchina viaggiante Motori inverter, motoriduttori standard FEM, motori per gru,Motori inverter, motori per paranchi, motori per gru, motori speciali per gru, motori serie YZR YZP YZ, motori per gru e paranchi, motori a conversione di frequenza, freni a tamburo elettroidraulici, freni a disco elettroidraulici, freni, freni per carroponte, freni a disco, freni a disco elettromagnetici, freni a disco idraulici per gru, produttore di freni, freni di sicurezza per gru, presa a fune singola, presa a quattro funi, presa elettroidraulica multi-flap, presa a buccia d'arancia, presa a motore elettrico,Elettro-idraulica a conchiglia, produttori di pinze, produttori di spreader per container, spreader per container da 20 piedi, spreader per container semiautomatico, telaio di sollevamento per container da 40 piedi, spreader per container TEC, morsetto di sollevamento per billette, morsetti per billette, produttore di morsetti per gru per billette, fornitore cinese di morsetti di sollevamento per billette, gancio a C per bobina, gancio per bobina, gancio a C per gru a ponte in acciaio per bobina, gancio a C per gru, spreader a C per gru, gancio a C per gru, magneti per gru, dispositivo di fissaggio della rotaia,Dispositivo di fissaggio della rotaia della gru, morsetto della rotaia della gru, paranco elettrico a fune CD\/MD, paranco elettrico a fune Cina, paranco elettrico a fune a una trave, paranco elettrico a doppia trave, paranco a catena, paranco elettrico a catena produttore, paranco elettrico a catena Cina distributore, paranco elettrico a fune europeo, paranco elettrico a doppia trave europeo, carrello di estremit\u00e0 della gru a trave singola di stile europeo, carrello di estremit\u00e0 della gru a trave singola di stile europeo FEN\/DIN,Produttori di travi di estremit\u00e0 della gru, trave di estremit\u00e0 della gru a doppia trave di stile europeo, trave di estremit\u00e0 della gru a sospensione, trave di estremit\u00e0 della gru a singola trave sospesa di stile europeo, trave di estremit\u00e0 della gru a sospensione FEN\/DIN, carrello portacavi della gru, telecomando senza fili, telecomando, maniglia di controllo della gru, comandi della gru, armadio elettrico di controllo, armadio di controllo della gru, interruttore di limite, allarme sonoro e luminoso, spina dell'aviazione, connettore rapido, spina dell'aviazione della gru, limitatore di sovraccarico","publisher":{"@id":"https:\/\/www.hnhlcrane.com\/#organization"},"potentialAction":[{"@type":"SearchAction","target":{"@type":"EntryPoint","urlTemplate":"https:\/\/www.hnhlcrane.com\/?s={search_term_string}"},"query-input":{"@type":"PropertyValueSpecification","valueRequired":true,"valueName":"search_term_string"}}],"inLanguage":"it-IT"},{"@type":"Organization","@id":"https:\/\/www.hnhlcrane.com\/#organization","name":"Fornitore di parti di gru-HL Crame","url":"https:\/\/www.hnhlcrane.com\/","logo":{"@type":"ImageObject","inLanguage":"it-IT","@id":"https:\/\/www.hnhlcrane.com\/#\/schema\/logo\/image\/","url":"https:\/\/www.hnhlcrane.com\/wp-content\/uploads\/2024\/09\/logo6-1-e1733899395598.png","contentUrl":"https:\/\/www.hnhlcrane.com\/wp-content\/uploads\/2024\/09\/logo6-1-e1733899395598.png","width":1000,"height":282,"caption":"Crane Parts Supplier-HL Crame"},"image":{"@id":"https:\/\/www.hnhlcrane.com\/#\/schema\/logo\/image\/"}}]}},"_links":{"self":[{"href":"https:\/\/www.hnhlcrane.com\/it\/wp-json\/wp\/v2\/product\/5158","targetHints":{"allow":["GET"]}}],"collection":[{"href":"https:\/\/www.hnhlcrane.com\/it\/wp-json\/wp\/v2\/product"}],"about":[{"href":"https:\/\/www.hnhlcrane.com\/it\/wp-json\/wp\/v2\/types\/product"}],"version-history":[{"count":2,"href":"https:\/\/www.hnhlcrane.com\/it\/wp-json\/wp\/v2\/product\/5158\/revisions"}],"predecessor-version":[{"id":6932,"href":"https:\/\/www.hnhlcrane.com\/it\/wp-json\/wp\/v2\/product\/5158\/revisions\/6932"}],"wp:featuredmedia":[{"embeddable":true,"href":"https:\/\/www.hnhlcrane.com\/it\/wp-json\/wp\/v2\/media\/5159"}],"wp:attachment":[{"href":"https:\/\/www.hnhlcrane.com\/it\/wp-json\/wp\/v2\/media?parent=5158"}],"wp:term":[{"taxonomy":"product_brand","embeddable":true,"href":"https:\/\/www.hnhlcrane.com\/it\/wp-json\/wp\/v2\/product_brand?post=5158"},{"taxonomy":"product_cat","embeddable":true,"href":"https:\/\/www.hnhlcrane.com\/it\/wp-json\/wp\/v2\/product_cat?post=5158"},{"taxonomy":"product_tag","embeddable":true,"href":"https:\/\/www.hnhlcrane.com\/it\/wp-json\/wp\/v2\/product_tag?post=5158"}],"curies":[{"name":"wp","href":"https:\/\/api.w.org\/{rel}","templated":true}]}}