{"id":5519,"date":"2024-11-29T21:34:40","date_gmt":"2024-11-29T13:34:40","guid":{"rendered":"https:\/\/www.hnhlcrane.com\/?post_type=product&#038;p=5519"},"modified":"2025-09-14T22:39:20","modified_gmt":"2025-09-14T14:39:20","slug":"wjkc-sincsipeszek","status":"publish","type":"product","link":"https:\/\/www.hnhlcrane.com\/hu\/termek\/wjkc-sincsipeszek\/","title":{"rendered":"WJKC s\u00edncsipeszek"},"content":{"rendered":"<h6><span style=\"font-family: arial, helvetica, sans-serif; font-size: 18pt;\"><strong>A WJKC s\u00ednkapcsok jellemz\u0151i<\/strong><\/span><\/h6>\n<ol>\n<li><strong>Els\u0151dleges alkalmaz\u00e1sok<\/strong>:<br \/>\nA WJKC s\u00ednkapcsokat els\u0151sorban a v\u00edzszintes vezet\u0151ker\u00e9kkel ell\u00e1tott darus\u00ednek r\u00f6gz\u00edt\u00e9s\u00e9re haszn\u00e1lj\u00e1k ac\u00e9l darutart\u00f3kon, valamint a nagy teherb\u00edr\u00e1s\u00fa l\u00e1gyhorgos daruk s\u00ednjeinek r\u00f6gz\u00edt\u00e9s\u00e9re.<\/li>\n<li><strong>K\u00f6nny\u0171 telep\u00edt\u00e9s<\/strong>:<br \/>\nA kialak\u00edt\u00e1s megk\u00f6nny\u00edti a s\u00ednek egyszer\u0171 felszerel\u00e9s\u00e9t, be\u00e1ll\u00edt\u00e1s\u00e1t \u00e9s cser\u00e9j\u00e9t.<\/li>\n<li><strong>Nincs sz\u00fcks\u00e9g f\u00far\u00e1sra<\/strong>:<br \/>\nEzek a kapcsok kik\u00fcsz\u00f6b\u00f6lik a darutart\u00f3kba t\u00f6rt\u00e9n\u0151 f\u00far\u00e1st, mivel k\u00f6zvetlen\u00fcl a darutart\u00f3 fels\u0151 perem\u00e9re vannak hegesztve.<\/li>\n<li><strong>Dupla csavaros csatlakoz\u00e1s<\/strong>:<br \/>\nA WJKC r\u00f6gz\u00edt\u0151eszk\u00f6z\u00f6k kiz\u00e1r\u00f3lag kett\u0151s csavaros csatlakoz\u00e1st haszn\u00e1lnak a fokozott stabilit\u00e1s \u00e9s megb\u00edzhat\u00f3s\u00e1g \u00e9rdek\u00e9ben.<\/li>\n<li><strong>Teherb\u00edr\u00f3 k\u00e9pess\u00e9g<\/strong>:\n<ul>\n<li>WJKC1: A maxim\u00e1lis oldalir\u00e1ny\u00fa er\u0151 kezelhet\u0151s\u00e9ge <strong>135kN<\/strong> v\u00edzszintes ir\u00e1ny\u00edt\u00f3kerekekb\u0151l.<\/li>\n<li>WJKC2: A maxim\u00e1lis oldalir\u00e1ny\u00fa er\u0151 kezelhet\u0151s\u00e9ge <strong>220kN<\/strong>.<\/li>\n<li>WJKC3: A maxim\u00e1lis oldalir\u00e1ny\u00fa er\u0151 kezelhet\u0151s\u00e9ge <strong>400kN<\/strong>.<\/li>\n<\/ul>\n<\/li>\n<\/ol>\n<h6><span style=\"font-family: arial, helvetica, sans-serif; font-size: 18pt;\"><strong>A WJKC s\u00ednkapcsok kiv\u00e1laszt\u00e1si szempontjai<\/strong><\/span><\/h6>\n<ul>\n<li>A v\u00edzszintes vezet\u0151ker\u00e9kkel ell\u00e1tott darup\u00e1ly\u00e1k eset\u00e9ben k\u00f6telez\u0151 speci\u00e1lis kompozit gumibet\u00e9teket haszn\u00e1lni a s\u00edn teljes hossz\u00e1ban a s\u00edn alatt.<\/li>\n<li>A v\u00edzszintes vezet\u0151kerekek n\u00e9lk\u00fcli p\u00e1ly\u00e1kat nem szabad felszerelni.<\/li>\n<li>A QU120 s\u00edneket a nagy teherb\u00edr\u00e1s\u00fa darukhoz aj\u00e1nlj\u00e1k, b\u00e1r k\u00fcl\u00f6nleges esetekben m\u00e1s s\u00ednt\u00edpusok is sz\u00f3ba j\u00f6hetnek.<\/li>\n<\/ul>\n<h6><span style=\"font-family: arial, helvetica, sans-serif; font-size: 18pt;\"><strong>A WJKC telep\u00edt\u00e9si sorrendje \u00e9s f\u0151bb pontjai <a href=\"https:\/\/www.hnhlcrane.com\/hu\/termekek\/daru-sinkapcsok\/\" target=\"_blank\" rel=\"noopener\">S\u00ednkapcsok<\/a><\/strong><\/span><\/h6>\n<ol>\n<li><strong>B\u00e1zis igaz\u00edt\u00e1sa<\/strong>:<br \/>\nHaszn\u00e1lja a r\u00f6gz\u00edtett alap fel\u00fclet\u00e9n l\u00e9v\u0151 h\u00e1rom hornyot \u00e9s a s\u00ednr\u00f6gz\u00edt\u0151 k\u00f6z\u00e9ppontj\u00e1t a poz\u00edcion\u00e1l\u00e1shoz. A megengedett elt\u00e9r\u00e9s a daru gerenda k\u00f6z\u00e9pvonal\u00e1t\u00f3l 1,00 mm.<\/li>\n<li><strong>T-csavarok<\/strong>:<br \/>\nHelyezze be a T-csavarokat, \u00e9s cs\u00fasztassa \u0151ket a s\u00edn fel\u00e9 a hely\u00fckre.<\/li>\n<li><strong>Be\u00e1ll\u00edt\u00f3lemez<\/strong>:<br \/>\nA beszerel\u00e9s sor\u00e1n \u00fcgyeljen arra, hogy a be\u00e1ll\u00edt\u00f3lemez hornyolt oldala felfel\u00e9 n\u00e9zzen.<\/li>\n<li><strong>Alkatr\u00e9sz \u00f6sszeszerel\u00e9s<\/strong>:<br \/>\nSzerelje fel egym\u00e1s ut\u00e1n a nyom\u00f3lemezt, az al\u00e1t\u00e9teket, a rug\u00f3s al\u00e1t\u00e9teket \u00e9s az any\u00e1kat.<\/li>\n<li><strong>Kiegyenl\u00edt\u00e9s \u00e9s megh\u00faz\u00e1s<\/strong>:\n<ul>\n<li>\u00c1ll\u00edtsa be az \u00e9k alak\u00fa \u00e1ll\u00edt\u00f3lemezt, hogy a s\u00ednr\u00f6gz\u00edt\u0151 mer\u0151legesen \u00e1lljon a s\u00ednre.<\/li>\n<li>H\u00fazza meg a csavarokat, ha a nyom\u00f3lemez szorosan illeszkedik a s\u00edn als\u00f3 perem\u00e9hez.<\/li>\n<li>Nyomat\u00e9ki el\u0151\u00edr\u00e1sok: WJKC1 \u00e9s WJKC2 eset\u00e9ben 256N-m, WJKC3 eset\u00e9ben 423N-m.<\/li>\n<\/ul>\n<\/li>\n<li><strong>Stresszcs\u00f6kkent\u00e9s<\/strong>:<br \/>\nA hegeszt\u00e9si fesz\u00fclts\u00e9g minimaliz\u00e1l\u00e1sa \u00e9rdek\u00e9ben haszn\u00e1ljon olyan technik\u00e1kat, mint a szimmetrikus hegeszt\u00e9s, a ford\u00edtott hegeszt\u00e9s vagy a kihagy\u00e1sos hegeszt\u00e9s.<\/li>\n<li><strong>Sz\u00f6gbe\u00e1ll\u00edt\u00e1sok<\/strong>:<br \/>\nA tervez\u00e9s \u00e9s a telep\u00edt\u00e9s sor\u00e1n vegye figyelembe, hogy a r\u00f6gz\u00edtett alaplemez hogyan befoly\u00e1solhatja a daru gerend\u00e1j\u00e1nak sz\u00f6g\u00e9t.<\/li>\n<\/ol>\n<p>&nbsp;<\/p>","protected":false},"excerpt":{"rendered":"<p><span style=\"font-family: arial, helvetica, sans-serif;\"><strong>A WJKC s\u00edncsipeszek specifik\u00e1ci\u00f3i<\/strong><\/span><\/p>\n<ul>\n<li><strong>Modellek<\/strong>: WJKC1, WJKC2, WJKC3<\/li>\n<li><strong>R\u00f6gz\u00edt\u00e9si m\u00f3dszer<\/strong>: Hegesztett alaplemez<\/li>\n<\/ul>","protected":false},"featured_media":5520,"template":"","meta":{"_kad_post_transparent":"default","_kad_post_title":"","_kad_post_layout":"default","_kad_post_sidebar_id":"","_kad_post_content_style":"default","_kad_post_vertical_padding":"show","_kad_post_feature":"","_kad_post_feature_position":"","_kad_post_header":false,"_kad_post_footer":false},"product_brand":[],"product_cat":[83],"product_tag":[224,223,222,221,218,214,217,225,228,216,226,219,227,215,220],"class_list":{"0":"post-5519","1":"product","2":"type-product","3":"status-publish","4":"has-post-thumbnail","6":"product_cat-crane-rail-clips","7":"product_tag-05g525-rail-clips","8":"product_tag-cgbk-rail-clips","9":"product_tag-cgek-rail-clips","10":"product_tag-cgwk-rail-clips","11":"product_tag-crane-rail-clamp","12":"product_tag-crane-rail-clips","13":"product_tag-crane-rail-fixing-device","14":"product_tag-hdgy-rail-clips","15":"product_tag-rail-connection-splint","16":"product_tag-rail-fixing-device","17":"product_tag-rail-joints","18":"product_tag-swjk-rail-clips","19":"product_tag-tracks-jointing-plates","20":"product_tag-wjk-rail-clips","21":"product_tag-wjkc-rail-clips","23":"first","24":"instock","25":"shipping-taxable","26":"product-type-simple","27":"entry","28":"content-bg","29":"loop-entry"},"yoast_head":"<!-- This site is optimized with the Yoast SEO plugin v25.6 - https:\/\/yoast.com\/wordpress\/plugins\/seo\/ -->\n<title>WJKC Rail Clips \u2013 Durable &amp; Reliable Rail Fastening Solution<\/title>\n<meta name=\"description\" content=\"High-quality WJKC Rail Clips for secure and long-lasting rail connections. Ideal for railways, industrial tracks, and heavy-duty applications.\" \/>\n<meta name=\"robots\" content=\"index, follow, max-snippet:-1, max-image-preview:large, max-video-preview:-1\" \/>\n<link rel=\"canonical\" href=\"https:\/\/www.hnhlcrane.com\/hu\/termek\/wjkc-sincsipeszek\/\" \/>\n<meta property=\"og:locale\" content=\"hu_HU\" \/>\n<meta property=\"og:type\" content=\"article\" \/>\n<meta property=\"og:title\" content=\"WJKC Rail Clips \u2013 Durable &amp; Reliable Rail Fastening Solution\" \/>\n<meta property=\"og:description\" content=\"High-quality WJKC Rail Clips for secure and long-lasting rail connections. Ideal for railways, industrial tracks, and heavy-duty applications.\" \/>\n<meta property=\"og:url\" content=\"https:\/\/www.hnhlcrane.com\/hu\/termek\/wjkc-sincsipeszek\/\" \/>\n<meta property=\"og:site_name\" content=\"Crane Parts Supplier-HL Crame\" \/>\n<meta property=\"article:modified_time\" content=\"2025-09-14T14:39:20+00:00\" \/>\n<meta property=\"og:image\" content=\"https:\/\/www.hnhlcrane.com\/wp-content\/uploads\/2024\/11\/WJKC1-Rail-Clips.jpg\" \/>\n\t<meta property=\"og:image:width\" content=\"600\" \/>\n\t<meta property=\"og:image:height\" content=\"600\" \/>\n\t<meta property=\"og:image:type\" content=\"image\/jpeg\" \/>\n<meta name=\"twitter:card\" content=\"summary_large_image\" \/>\n<meta name=\"twitter:label1\" content=\"Becs\u00fclt olvas\u00e1si id\u0151\" \/>\n\t<meta name=\"twitter:data1\" content=\"2 perc\" \/>\n<script type=\"application\/ld+json\" class=\"yoast-schema-graph\">{\"@context\":\"https:\/\/schema.org\",\"@graph\":[{\"@type\":\"WebPage\",\"@id\":\"https:\/\/www.hnhlcrane.com\/product\/wjkc-rail-clips\/\",\"url\":\"https:\/\/www.hnhlcrane.com\/product\/wjkc-rail-clips\/\",\"name\":\"WJKC Rail Clips \u2013 Durable & Reliable Rail Fastening Solution\",\"isPartOf\":{\"@id\":\"https:\/\/www.hnhlcrane.com\/#website\"},\"primaryImageOfPage\":{\"@id\":\"https:\/\/www.hnhlcrane.com\/product\/wjkc-rail-clips\/#primaryimage\"},\"image\":{\"@id\":\"https:\/\/www.hnhlcrane.com\/product\/wjkc-rail-clips\/#primaryimage\"},\"thumbnailUrl\":\"https:\/\/www.hnhlcrane.com\/wp-content\/uploads\/2024\/11\/WJKC1-Rail-Clips.jpg\",\"datePublished\":\"2024-11-29T13:34:40+00:00\",\"dateModified\":\"2025-09-14T14:39:20+00:00\",\"description\":\"High-quality WJKC Rail Clips for secure and long-lasting rail connections. Ideal for railways, industrial tracks, and heavy-duty applications.\",\"breadcrumb\":{\"@id\":\"https:\/\/www.hnhlcrane.com\/product\/wjkc-rail-clips\/#breadcrumb\"},\"inLanguage\":\"hu\",\"potentialAction\":[{\"@type\":\"ReadAction\",\"target\":[\"https:\/\/www.hnhlcrane.com\/product\/wjkc-rail-clips\/\"]}]},{\"@type\":\"ImageObject\",\"inLanguage\":\"hu\",\"@id\":\"https:\/\/www.hnhlcrane.com\/product\/wjkc-rail-clips\/#primaryimage\",\"url\":\"https:\/\/www.hnhlcrane.com\/wp-content\/uploads\/2024\/11\/WJKC1-Rail-Clips.jpg\",\"contentUrl\":\"https:\/\/www.hnhlcrane.com\/wp-content\/uploads\/2024\/11\/WJKC1-Rail-Clips.jpg\",\"width\":600,\"height\":600},{\"@type\":\"BreadcrumbList\",\"@id\":\"https:\/\/www.hnhlcrane.com\/product\/wjkc-rail-clips\/#breadcrumb\",\"itemListElement\":[{\"@type\":\"ListItem\",\"position\":1,\"name\":\"home\",\"item\":\"https:\/\/www.hnhlcrane.com\/\"},{\"@type\":\"ListItem\",\"position\":2,\"name\":\"products\",\"item\":\"https:\/\/www.hnhlcrane.com\/products\/\"},{\"@type\":\"ListItem\",\"position\":3,\"name\":\"WJKC Rail Clips\"}]},{\"@type\":\"WebSite\",\"@id\":\"https:\/\/www.hnhlcrane.com\/#website\",\"url\":\"https:\/\/www.hnhlcrane.com\/\",\"name\":\"Crane Parts Supplier-HL Crame\",\"description\":\"One-stop solution for all your  crane parts needs,Crane Hook,Crane Drum,Crane Wheel,Crane Coupling,Crane Gearbox,Crane Motor,Crane Brake,Special Crane Spreader,Crane grab,Container spreader,Billet crane clamps,Crane C-type spreader,Lifting Electromagnet,Crane Rail Clips,Electric Hoist,FEM Standard Crane End Carriages,Light Crane Parts,Workstation Crane Parts,Crane Electrical Parts,I-beam cable trolley,Crane remote controller,Crane electrical control cabinet,Crane limit switch,Crane sound and light alarm,Heavy Duty Aviation Connector,Crane overload limiter,China Crane Parts Supplier,Crane hooks,Gantry crane hook,Crane accessories,Forged hook,hook processing,Hook manufacturer,China standard crane hook,electric hoist hook,Crane pulley,Hook pulley,Rolled pulley,Crane Pulley Supplier\uff0cEuropean hook pulley,Gantry crane hook pulley,WZL type crane drum,European style reel set,Crane reel,crane parts,Drum processing,crane drum manufacturer,Cast steel drum,Electric hoist drum,Crane drum assembly,DRS Wheel Blocks,European crane wheel,Forged wheels,Active wheel set,Driving wheel set,Driven wheel group,crane wheels manufacturer,Demag crane wheels,Konecranes Crane Wheels,Overhead crane Wheel,Shaft couplings,Power Transmission Couplings,Disc Couplings,Fluid couplings,Coupling manufacturer\uff0cCardan coupling,Crane Reducer,Crane Decelerators,Reducer gearbox,Reducer for crane,Gear Reducer For Crane,Hard tooth surface reducerCrane and hoist reducer,Flender reducer,Reducer manufacturer,ZQ reducer,QJ reducer,QJY reducer,Gear Motors,Konecranes reducer,F series three-in-one reducer,K series three-in-one reducer,travelling machinery,Travelling Motor With Gear,Gear Motor for Crane Traveling,Travelling machinery Frequency inverter motors,FEM standard Gear Motors,Crane motors,Inverter motors,Hoist motors,motorCrane duty motors,Special motor for crane,YZR YZP YZ series motors,Crane and hoist motor,Frequency conversion motor,Electro hydraulic drum brakes,Electro-hydraulic disc brakes,Brake,Overhead Crane Brakes,Disc brakes,Electromagnetic disk brake,Crane hydraulic disc brake,Brakes manufacturer,crane Safety brakes,Singlr rope grab,Four rope grab,Electro-hydraulic multi-flap grab,Orange peel grab,Electric motor grab,Electro-Hydraulicclamshell grab,grab manufacturers,Container spreader manufacturers,20ft Container Spreader,Semi Automatic container spreader,40ft Container Lifting Frame,TEC container Spreader,Billet lifting clamp,Billet Clamps,Billet crane clamps manufacturer,billet lifting clamps china supplier,Coil C-Type Hook,coil hook,Overhead Crane Steel Coil C-Type Hook,Crane C-hook,C-type spreader,C-type hook,Crane magnets,Rail fixing device,Crane Rail fixing device,crane Rail Clamp,CD\/MD Wire Rope Electric Hoist,Wire Rope Electric Hoist China Manufacturer,Single Girder Wire Rope Electric Hoist,Double Girder Wire Rope Electric Hoist,Chain Hoist,Electric chain hoist manufacturer,Electric chain hoist China distributor,European wire rope electric hoist\uff0cEuropean double beam wire rope electric hoist,European Style Single Beam Crane End Carriage,FEN\/DIN European Style Single Beam Crane End Carriage,Crane end beam manufacturers,European style hoist double beam crane end beam,Suspension crane end beam,European style suspended single beam crane end beam,FEN\/DIN Suspension crane end beam,crane cable trolley,Wireless remote control,remote controller,Crane control handle,Crane Controls,electrical control cabinet,crane control cabinet,Limit switch,Sound and light alarm,Aviation plug,quick connector,Crane aviation plug,Overload limiter\",\"publisher\":{\"@id\":\"https:\/\/www.hnhlcrane.com\/#organization\"},\"potentialAction\":[{\"@type\":\"SearchAction\",\"target\":{\"@type\":\"EntryPoint\",\"urlTemplate\":\"https:\/\/www.hnhlcrane.com\/?s={search_term_string}\"},\"query-input\":{\"@type\":\"PropertyValueSpecification\",\"valueRequired\":true,\"valueName\":\"search_term_string\"}}],\"inLanguage\":\"hu\"},{\"@type\":\"Organization\",\"@id\":\"https:\/\/www.hnhlcrane.com\/#organization\",\"name\":\"Crane Parts Supplier-HL Crame\",\"url\":\"https:\/\/www.hnhlcrane.com\/\",\"logo\":{\"@type\":\"ImageObject\",\"inLanguage\":\"hu\",\"@id\":\"https:\/\/www.hnhlcrane.com\/#\/schema\/logo\/image\/\",\"url\":\"https:\/\/www.hnhlcrane.com\/wp-content\/uploads\/2024\/09\/logo6-1-e1733899395598.png\",\"contentUrl\":\"https:\/\/www.hnhlcrane.com\/wp-content\/uploads\/2024\/09\/logo6-1-e1733899395598.png\",\"width\":1000,\"height\":282,\"caption\":\"Crane Parts Supplier-HL Crame\"},\"image\":{\"@id\":\"https:\/\/www.hnhlcrane.com\/#\/schema\/logo\/image\/\"}}]}<\/script>\n<!-- \/ Yoast SEO plugin. -->","yoast_head_json":{"title":"WJKC s\u00ednkapcsok - Tart\u00f3s \u00e9s megb\u00edzhat\u00f3 s\u00ednr\u00f6gz\u00edt\u00e9si megold\u00e1s","description":"Kiv\u00e1l\u00f3 min\u0151s\u00e9g\u0171 WJKC s\u00ednkapcsok a biztons\u00e1gos \u00e9s tart\u00f3s s\u00edncsatlakoz\u00e1sokhoz. Ide\u00e1lis vas\u00fatvonalakhoz, ipari p\u00e1ly\u00e1khoz \u00e9s nagy ig\u00e9nybev\u00e9tel\u0171 alkalmaz\u00e1sokhoz.","robots":{"index":"index","follow":"follow","max-snippet":"max-snippet:-1","max-image-preview":"max-image-preview:large","max-video-preview":"max-video-preview:-1"},"canonical":"https:\/\/www.hnhlcrane.com\/hu\/termek\/wjkc-sincsipeszek\/","og_locale":"hu_HU","og_type":"article","og_title":"WJKC Rail Clips \u2013 Durable & Reliable Rail Fastening Solution","og_description":"High-quality WJKC Rail Clips for secure and long-lasting rail connections. Ideal for railways, industrial tracks, and heavy-duty applications.","og_url":"https:\/\/www.hnhlcrane.com\/hu\/termek\/wjkc-sincsipeszek\/","og_site_name":"Crane Parts Supplier-HL Crame","article_modified_time":"2025-09-14T14:39:20+00:00","og_image":[{"width":600,"height":600,"url":"https:\/\/www.hnhlcrane.com\/wp-content\/uploads\/2024\/11\/WJKC1-Rail-Clips.jpg","type":"image\/jpeg"}],"twitter_card":"summary_large_image","twitter_misc":{"Becs\u00fclt olvas\u00e1si id\u0151":"2 perc"},"schema":{"@context":"https:\/\/schema.org","@graph":[{"@type":"WebPage","@id":"https:\/\/www.hnhlcrane.com\/product\/wjkc-rail-clips\/","url":"https:\/\/www.hnhlcrane.com\/product\/wjkc-rail-clips\/","name":"WJKC s\u00ednkapcsok - Tart\u00f3s \u00e9s megb\u00edzhat\u00f3 s\u00ednr\u00f6gz\u00edt\u00e9si megold\u00e1s","isPartOf":{"@id":"https:\/\/www.hnhlcrane.com\/#website"},"primaryImageOfPage":{"@id":"https:\/\/www.hnhlcrane.com\/product\/wjkc-rail-clips\/#primaryimage"},"image":{"@id":"https:\/\/www.hnhlcrane.com\/product\/wjkc-rail-clips\/#primaryimage"},"thumbnailUrl":"https:\/\/www.hnhlcrane.com\/wp-content\/uploads\/2024\/11\/WJKC1-Rail-Clips.jpg","datePublished":"2024-11-29T13:34:40+00:00","dateModified":"2025-09-14T14:39:20+00:00","description":"Kiv\u00e1l\u00f3 min\u0151s\u00e9g\u0171 WJKC s\u00ednkapcsok a biztons\u00e1gos \u00e9s tart\u00f3s s\u00edncsatlakoz\u00e1sokhoz. Ide\u00e1lis vas\u00fatvonalakhoz, ipari p\u00e1ly\u00e1khoz \u00e9s nagy ig\u00e9nybev\u00e9tel\u0171 alkalmaz\u00e1sokhoz.","breadcrumb":{"@id":"https:\/\/www.hnhlcrane.com\/product\/wjkc-rail-clips\/#breadcrumb"},"inLanguage":"hu","potentialAction":[{"@type":"ReadAction","target":["https:\/\/www.hnhlcrane.com\/product\/wjkc-rail-clips\/"]}]},{"@type":"ImageObject","inLanguage":"hu","@id":"https:\/\/www.hnhlcrane.com\/product\/wjkc-rail-clips\/#primaryimage","url":"https:\/\/www.hnhlcrane.com\/wp-content\/uploads\/2024\/11\/WJKC1-Rail-Clips.jpg","contentUrl":"https:\/\/www.hnhlcrane.com\/wp-content\/uploads\/2024\/11\/WJKC1-Rail-Clips.jpg","width":600,"height":600},{"@type":"BreadcrumbList","@id":"https:\/\/www.hnhlcrane.com\/product\/wjkc-rail-clips\/#breadcrumb","itemListElement":[{"@type":"ListItem","position":1,"name":"home","item":"https:\/\/www.hnhlcrane.com\/"},{"@type":"ListItem","position":2,"name":"products","item":"https:\/\/www.hnhlcrane.com\/products\/"},{"@type":"ListItem","position":3,"name":"WJKC Rail Clips"}]},{"@type":"WebSite","@id":"https:\/\/www.hnhlcrane.com\/#website","url":"https:\/\/www.hnhlcrane.com\/","name":"Daru alkatr\u00e9szek sz\u00e1ll\u00edt\u00f3ja-HL Crame","description":"Egyablakos megold\u00e1s az \u00f6sszes darualkatr\u00e9sz ig\u00e9nyeinek kiel\u00e9g\u00edt\u00e9s\u00e9re, daru kamp\u00f3, daru dob, daru ker\u00e9k, daru tengelykapcsol\u00f3, daru sebess\u00e9gv\u00e1lt\u00f3, daru motor, daru f\u00e9k, speci\u00e1lis daru sz\u00f3r\u00f3, daru markol\u00f3, kont\u00e9ner sz\u00f3r\u00f3, Billet daru bilincsek, daru C-t\u00edpus\u00fa sz\u00f3r\u00f3,Emel\u0151 elektrom\u00e1gnes,daru s\u00ednkapcsok,elektromos emel\u0151,FEM szabv\u00e1nyos daru v\u00e9gkocsik,k\u00f6nny\u0171 daru alkatr\u00e9szek,munka\u00e1llom\u00e1s daru alkatr\u00e9szek,daru elektromos alkatr\u00e9szek,I-gerenda k\u00e1bel kocsi,daru t\u00e1vir\u00e1ny\u00edt\u00f3,daru elektromos vez\u00e9rl\u0151szekr\u00e9ny,Daru v\u00e9g\u00e1ll\u00e1skapcsol\u00f3,Daru hang \u00e9s f\u00e9nyjelz\u00e9s,Heavy Duty Aviation Connector,Daru t\u00falterhel\u00e9s korl\u00e1toz\u00f3,K\u00edna daru alkatr\u00e9szek sz\u00e1ll\u00edt\u00f3ja,daru horgok,port\u00e1l daru horog,daru tartoz\u00e9kok,kov\u00e1csolt horog,horog feldolgoz\u00e1s,horog gy\u00e1rt\u00f3,K\u00edna szabv\u00e1nyos daru horog,elektromos emel\u0151 horog,daru csiga,horog csiga,hengerelt csiga,daru csiga sz\u00e1ll\u00edt\u00f3\uff0cEur\u00f3pai horog csiga,port\u00e1l daru horog csiga,WZL t\u00edpus\u00fa daru dob,eur\u00f3pai st\u00edlus\u00fa ors\u00f3 k\u00e9szlet,daru ors\u00f3,daru alkatr\u00e9szek,dobfeldolgoz\u00e1s,darudob gy\u00e1rt\u00f3,\u00f6nt\u00f6tt ac\u00e9l dob,elektromos emel\u0151dob,darudob szerelv\u00e9ny,DRS ker\u00e9kblokkok,eur\u00f3pai daru ker\u00e9k,kov\u00e1csolt kerekek,akt\u00edv ker\u00e9kk\u00e9szlet,meghajt\u00f3 ker\u00e9kk\u00e9szlet,meghajtott ker\u00e9kcsoport,daru kerekek gy\u00e1rt\u00f3ja,Demag daru kerekek,Konecranes daru kerekek,daru fels\u0151 daru ker\u00e9k,tengelykapcsol\u00f3k,er\u0151\u00e1tviteli tengelykapcsol\u00f3k,t\u00e1rcs\u00e1s tengelykapcsol\u00f3k,folyad\u00e9kkapcsol\u00f3k,kuplung gy\u00e1rt\u00f3\uff0cCardan coupling,daru reduktor,Daru lass\u00edt\u00f3k,Reduktor sebess\u00e9gv\u00e1lt\u00f3,Reduktor daru sz\u00e1m\u00e1ra,Fogasker\u00e9k reduktor daru sz\u00e1m\u00e1ra,Kem\u00e9ny fogazott fel\u00fclet reduktorDaru \u00e9s emel\u0151 reduktor,Flender reduktor,Reduktor gy\u00e1rt\u00f3,ZQ reduktor,QJ reduktor,QJY reduktor,Fogasker\u00e9k motorok,Konecranes reduktor,F sorozat h\u00e1rom az egyben reduktor,K sorozat h\u00e1rom az egyben reduktor,utaz\u00f3 g\u00e9pek,Utaz\u00f3 motor fogasker\u00e9kkel,Fogasker\u00e9kmotor daru utaz\u00e1shoz,Utaz\u00f3 g\u00e9pek frekvenciav\u00e1lt\u00f3 motorok,FEM szabv\u00e1nyos fogasker\u00e9kmotorok,daru motorok,Inverteres motorok,Emel\u0151motorok,motorDaruk\u00e9sz\u00fcl\u00e9k motorok,Speci\u00e1lis motor daru sz\u00e1m\u00e1ra,YZR YZP YZ sorozat\u00fa motorok,Daru \u00e9s emel\u0151motor,Frekvenciav\u00e1lt\u00f3 motor,Elektrohidraulikus dobf\u00e9kek,Elektrohidraulikus t\u00e1rcsaf\u00e9kek,F\u00e9k,Daru f\u00e9k,Daruf\u00e9k,T\u00e1rcsaf\u00e9kek,Elektrom\u00e1gneses t\u00e1rcsaf\u00e9k,Daru hidraulikus t\u00e1rcsaf\u00e9k,F\u00e9kek gy\u00e1rt\u00f3ja,daru biztons\u00e1gi f\u00e9kek,Egyk\u00f6teles k\u00f6t\u00e9lfog\u00f3k,N\u00e9gyk\u00f6teles fog\u00f3k,Elektrohidraulikus t\u00f6bblapos fog\u00f3k,Narancsh\u00e9j fog\u00f3k,Elektromotoros fog\u00f3k,Elektrohidraulikus kagyl\u00f3s markol\u00f3,markol\u00f3 gy\u00e1rt\u00f3k,Kont\u00e9ner sz\u00f3r\u00f3 gy\u00e1rt\u00f3k,20ft kont\u00e9ner sz\u00f3r\u00f3,f\u00e9lautomata kont\u00e9ner sz\u00f3r\u00f3,40ft kont\u00e9ner emel\u0151 keret,TEC kont\u00e9ner sz\u00f3r\u00f3,Billet emel\u0151 bilincs,Billet bilincsek,Billet daru bilincsek gy\u00e1rt\u00f3ja,billet emel\u0151 bilincsek porcel\u00e1n sz\u00e1ll\u00edt\u00f3,Coil C-type Hook,tekercs horog,fejidaru ac\u00e9l tekercs C-type Hook,daru C-hook,C-type sz\u00f3r\u00f3,C-type horog,daru m\u00e1gnesek,s\u00edn r\u00f6gz\u00edt\u0151 eszk\u00f6z,Crane Rail fixing device,daru Rail Clamp,CD\/MD Wire Rope Electric Hoist,Wire Rope Electric Hoist China Manufacturer,Single Girder Wire Rope Electric Hoist,Double Girder Wire Rope Electric Hoist,Chain Hoist,Electric chain hoist manufacturer,Electric chain hoist China distributor,European wire rope electric hoist\uff0cEuropean double beam wire rope electric hoist,European Style Single Beam Crane End Carriage,FEN\/DIN European Style Single Beam Crane End Carriage,Daru v\u00e9ggerenda gy\u00e1rt\u00f3k,Eur\u00f3pai st\u00edlus\u00fa emel\u0151 kett\u0151s gerenda daru v\u00e9ggerenda,Felf\u00fcggesztett daru v\u00e9ggerenda,Eur\u00f3pai st\u00edlus\u00fa felf\u00fcggesztett egygerend\u00e1s daru v\u00e9ggerenda,FEN\/DIN felf\u00fcggesztett daru v\u00e9ggerenda,daru k\u00e1belkocsi,vezet\u00e9k n\u00e9lk\u00fcli t\u00e1vir\u00e1ny\u00edt\u00f3,t\u00e1vir\u00e1ny\u00edt\u00f3,daru vez\u00e9rl\u0151kar,daru vez\u00e9rl\u0151k, elektromos vez\u00e9rl\u0151szekr\u00e9ny,daru vez\u00e9rl\u0151szekr\u00e9ny,v\u00e9g\u00e1ll\u00e1skapcsol\u00f3,hang \u00e9s f\u00e9nyjelz\u00e9s,rep\u00fcl\u00e9si dug\u00f3,gyorscsatlakoz\u00f3,daru rep\u00fcl\u00e9si dug\u00f3,t\u00falterhel\u00e9skorl\u00e1toz\u00f3","publisher":{"@id":"https:\/\/www.hnhlcrane.com\/#organization"},"potentialAction":[{"@type":"SearchAction","target":{"@type":"EntryPoint","urlTemplate":"https:\/\/www.hnhlcrane.com\/?s={search_term_string}"},"query-input":{"@type":"PropertyValueSpecification","valueRequired":true,"valueName":"search_term_string"}}],"inLanguage":"hu"},{"@type":"Organization","@id":"https:\/\/www.hnhlcrane.com\/#organization","name":"Daru alkatr\u00e9szek sz\u00e1ll\u00edt\u00f3ja-HL Crame","url":"https:\/\/www.hnhlcrane.com\/","logo":{"@type":"ImageObject","inLanguage":"hu","@id":"https:\/\/www.hnhlcrane.com\/#\/schema\/logo\/image\/","url":"https:\/\/www.hnhlcrane.com\/wp-content\/uploads\/2024\/09\/logo6-1-e1733899395598.png","contentUrl":"https:\/\/www.hnhlcrane.com\/wp-content\/uploads\/2024\/09\/logo6-1-e1733899395598.png","width":1000,"height":282,"caption":"Crane Parts Supplier-HL Crame"},"image":{"@id":"https:\/\/www.hnhlcrane.com\/#\/schema\/logo\/image\/"}}]}},"_links":{"self":[{"href":"https:\/\/www.hnhlcrane.com\/hu\/wp-json\/wp\/v2\/product\/5519","targetHints":{"allow":["GET"]}}],"collection":[{"href":"https:\/\/www.hnhlcrane.com\/hu\/wp-json\/wp\/v2\/product"}],"about":[{"href":"https:\/\/www.hnhlcrane.com\/hu\/wp-json\/wp\/v2\/types\/product"}],"version-history":[{"count":1,"href":"https:\/\/www.hnhlcrane.com\/hu\/wp-json\/wp\/v2\/product\/5519\/revisions"}],"predecessor-version":[{"id":6969,"href":"https:\/\/www.hnhlcrane.com\/hu\/wp-json\/wp\/v2\/product\/5519\/revisions\/6969"}],"wp:featuredmedia":[{"embeddable":true,"href":"https:\/\/www.hnhlcrane.com\/hu\/wp-json\/wp\/v2\/media\/5520"}],"wp:attachment":[{"href":"https:\/\/www.hnhlcrane.com\/hu\/wp-json\/wp\/v2\/media?parent=5519"}],"wp:term":[{"taxonomy":"product_brand","embeddable":true,"href":"https:\/\/www.hnhlcrane.com\/hu\/wp-json\/wp\/v2\/product_brand?post=5519"},{"taxonomy":"product_cat","embeddable":true,"href":"https:\/\/www.hnhlcrane.com\/hu\/wp-json\/wp\/v2\/product_cat?post=5519"},{"taxonomy":"product_tag","embeddable":true,"href":"https:\/\/www.hnhlcrane.com\/hu\/wp-json\/wp\/v2\/product_tag?post=5519"}],"curies":[{"name":"wp","href":"https:\/\/api.w.org\/{rel}","templated":true}]}}