{"id":5505,"date":"2024-11-28T14:51:15","date_gmt":"2024-11-28T06:51:15","guid":{"rendered":"https:\/\/www.hnhlcrane.com\/?post_type=product&#038;p=5505"},"modified":"2025-09-10T10:52:52","modified_gmt":"2025-09-10T02:52:52","slug":"wjk-sinkapcsok","status":"publish","type":"product","link":"https:\/\/www.hnhlcrane.com\/hu\/termek\/wjk-sinkapcsok\/","title":{"rendered":"WJK s\u00edncsipeszek"},"content":{"rendered":"<h6><strong><span style=\"font-family: arial, helvetica, sans-serif; font-size: 18pt;\">A WJK s\u00ednkapcsok jellemz\u0151i<\/span><\/strong><\/h6>\n<p>A WJK s\u00ednkapcsokat ac\u00e9lgerend\u00e1khoz tervezt\u00e9k, k\u00e9szletenk\u00e9nt 350 tonn\u00e1s emel\u0151kapacit\u00e1ssal, \u00f6sszesen h\u00e9t komponensb\u0151l \u00e1ll.<\/p>\n<ol>\n<li><span style=\"font-size: 14pt;\"><strong>Alaplemez hegeszt\u00e9s<\/strong>:<\/span><br \/>\nA WJK alaplemezt az ac\u00e9l daru gerenda perem\u00e9hez hegesztik h\u00e1romoldali k\u00f6rhegeszt\u00e9ssel vagy k\u00e9toldali oldalhegeszt\u00e9ssel. Ez a kialak\u00edt\u00e1s biztos\u00edtja, hogy a daru v\u00edzszintes oldalir\u00e1ny\u00fa ereje z\u00f6kken\u0151mentesen \u00e1tker\u00fclj\u00f6n a daru gerend\u00e1j\u00e1ra. Ezenk\u00edv\u00fcl kik\u00fcsz\u00f6b\u00f6li a perem t\u00falzott f\u00far\u00e1sa \u00e1ltal okozott szerkezeti gyeng\u00fcl\u00e9st, ez\u00e1ltal jelent\u0151sen megn\u00f6veli a daru gerenda keresztmetszeti teherb\u00edr\u00f3 k\u00e9pess\u00e9g\u00e9t.<\/li>\n<li><span style=\"font-size: 14pt;\"><strong>G\u00f6mbcsukl\u00f3 csatlakoz\u00e1s<\/strong>:<\/span><br \/>\nAz alaplemez egy g\u00f6mbcsukl\u00f3n kereszt\u00fcl csatlakozik a T-csavar als\u00f3 v\u00e9g\u00e9hez. Ennek k\u00f6vetkezt\u00e9ben a T-csavar oldalir\u00e1ny\u00fa er\u0151behat\u00e1skor mer\u0151leges marad a fels\u0151 burkolatra, \u00e9s lehet\u0151v\u00e9 teszi az enyhe d\u0151l\u00e9st. Ez a kialak\u00edt\u00e1s hat\u00e9konyan m\u00e9rs\u00e9kli a daru oldalir\u00e1ny\u00fa hat\u00e1s\u00e1t a s\u00ednre, a daru gerend\u00e1j\u00e1ra \u00e9s a f\u00e9krendszerre, v\u00e9gs\u0151 soron meghosszabb\u00edtva a szerkezeti \u00e9lettartamot.<\/li>\n<li><span style=\"font-size: 14pt;\"><strong>M\u00e9r\u0151m\u0171szer-be\u00e1ll\u00edt\u00f3 lemez<\/strong>:<\/span><br \/>\nA WJK klipszek a s\u00ednsz\u00e9less\u00e9g finomhangol\u00e1s\u00e1hoz egy s\u00ednsz\u00e9less\u00e9g-\u00e1ll\u00edt\u00f3 lemezt tartalmaznak. Ez a funkci\u00f3 n\u00f6veli a telep\u00edt\u00e9si pontoss\u00e1got, cs\u00f6kkenti a s\u00edn k\u00f6z\u00e9pvonal\u00e1nak elt\u00e9r\u00e9seit, \u00e9s kett\u0151s \u00f6nz\u00e1r\u00f3 mechanizmussal rendelkezik, amely megakad\u00e1lyozza a haszn\u00e1lat k\u00f6zbeni meglazul\u00e1st.<\/li>\n<li><span style=\"font-family: arial, helvetica, sans-serif; font-size: 14pt;\"><strong>K\u00f6nny\u0171 telep\u00edt\u00e9s \u00e9s karbantart\u00e1s<\/strong>:<\/span><br \/>\nA T-csavarok \u00e9s a fels\u0151 fed\u0151lapok a <a href=\"https:\/\/www.hnhlcrane.com\/hu\/termekek\/daru-sinkapcsok\/\" target=\"_blank\" rel=\"noopener\">WJK klipek<\/a> k\u00f6nnyen \u00f6sszeszerelhet\u0151 \u00e9s sz\u00e9tszerelhet\u0151, ami nagy k\u00e9nyelmet biztos\u00edt az \u00e9p\u00edt\u00e9si \u00e9s karbantart\u00e1si m\u0171veletek sor\u00e1n.<\/li>\n<li><span style=\"font-size: 14pt;\"><strong>Kompatibilit\u00e1s a s\u00edn g\u00f6rb\u00fclet\u00e9vel<\/strong>:<\/span><br \/>\nA fels\u0151 fed\u0151lap a s\u00edn keresztmetszet\u00e9nek g\u00f6rb\u00fclet\u00e9hez igazodik, \u00edgy szorosan r\u00f6gz\u00edti a s\u00ednt an\u00e9lk\u00fcl, hogy akad\u00e1lyozn\u00e1 annak enyhe hosszir\u00e1ny\u00fa mozg\u00e1s\u00e1t. Ez a tulajdons\u00e1g megk\u00f6nny\u00edti a teljes hossz\u00fas\u00e1g\u00fa s\u00ednek hegeszt\u00e9s\u00e9t is.<\/li>\n<li><span style=\"font-size: 14pt;\"><strong>R\u00f6gz\u00edtett komponens-t\u00e1vols\u00e1g<\/strong>:<\/span><br \/>\nA r\u00f6gz\u00edtett elemek t\u00e1vols\u00e1g\u00e1t a daru emel\u0151kapacit\u00e1sa hat\u00e1rozza meg. A \u2264275t teherb\u00edr\u00e1s eset\u00e9n a t\u00e1vols\u00e1g 600 mm; a 275t-n\u00e1l nagyobb teherb\u00edr\u00e1s eset\u00e9n a t\u00e1vols\u00e1g 500 mm-re cs\u00f6kken.<\/li>\n<li><span style=\"font-size: 14pt;\"><strong>Hegeszt\u00e9si anyag kompatibilit\u00e1s<\/strong>:<\/span><br \/>\nA r\u00f6gz\u00edtett alkatr\u00e9sz alapj\u00e1t az \u00f6sszek\u00f6t\u0151 alkatr\u00e9szek anyag\u00e1val kompatibilis elektr\u00f3damodellekkel hegesztik a daru gerend\u00e1j\u00e1hoz. P\u00e9ld\u00e1ul az E4303 elektr\u00f3d\u00e1kat Q235 ac\u00e9lhoz, m\u00edg az E5015 elektr\u00f3d\u00e1kat Q345 ac\u00e9lhoz haszn\u00e1lj\u00e1k.<\/li>\n<li><span style=\"font-size: 14pt;\"><strong>Hegeszt\u00e9si t\u00edpusok a daruz\u00e1si k\u00f6telezetts\u00e9g alapj\u00e1n<\/strong>:<\/span><br \/>\nA k\u00f6zepes teherb\u00edr\u00e1s\u00fa daruk k\u00e9toldali hegeszt\u00e9si varratokat haszn\u00e1lnak, m\u00edg a nagy teherb\u00edr\u00e1s\u00fa (vagy szuperneh\u00e9z) darukn\u00e1l h\u00e1romoldali k\u00f6rbev\u00e1g\u00f3 hegeszt\u00e9si varratokra van sz\u00fcks\u00e9g.<\/li>\n<li><span style=\"font-size: 14pt;\"><strong>Csavarh\u00faz\u00e1si nyomat\u00e9k<\/strong>:<\/span><br \/>\nK\u00f6zepes teherb\u00edr\u00e1s\u00fa daruk (Q \u2264 275t) eset\u00e9n a csavarok maxim\u00e1lis megh\u00faz\u00e1si nyomat\u00e9ka 150 N-m. Nagy teherb\u00edr\u00e1s\u00fa daruk eset\u00e9ben ez 220 N-m-re emelkedik.<\/li>\n<li><span style=\"font-size: 14pt;\"><strong>Maxim\u00e1lis oldalir\u00e1ny\u00fa er\u0151<\/strong>:<\/span><br \/>\nA s\u00ednkapcsok megengedett legnagyobb oldalir\u00e1ny\u00fa ereje 45 kN.<\/li>\n<\/ol>\n<p><img fetchpriority=\"high\" decoding=\"async\" class=\"alignnone wp-image-5508\" src=\"https:\/\/www.hnhlcrane.com\/wp-content\/uploads\/2024\/11\/WJK-Rail-Clips-3-300x95.jpg\" alt=\"\" width=\"802\" height=\"254\" srcset=\"https:\/\/www.hnhlcrane.com\/wp-content\/uploads\/2024\/11\/WJK-Rail-Clips-3-300x95.jpg 300w, https:\/\/www.hnhlcrane.com\/wp-content\/uploads\/2024\/11\/WJK-Rail-Clips-3-768x242.jpg 768w, https:\/\/www.hnhlcrane.com\/wp-content\/uploads\/2024\/11\/WJK-Rail-Clips-3-600x189.jpg 600w, https:\/\/www.hnhlcrane.com\/wp-content\/uploads\/2024\/11\/WJK-Rail-Clips-3.jpg 800w\" sizes=\"(max-width: 802px) 100vw, 802px\" \/><\/p>","protected":false},"excerpt":{"rendered":"<h6><strong><span style=\"font-family: arial, helvetica, sans-serif; font-size: 14pt;\">A WJK s\u00ednkapcsok specifik\u00e1ci\u00f3i<\/span><\/strong><\/h6>\n<ul>\n<li><strong>Modellek<\/strong>: WJK-TG38, WJK-TG43, WJK-TG50, WJK-TG60, WJK-QU70, WJK-QU80, WJK-QU100, WJK-QU120<\/li>\n<li><strong>R\u00f6gz\u00edt\u00e9si m\u00f3dszer<\/strong>: Hegesztett alaplemez<\/li>\n<\/ul>","protected":false},"featured_media":5506,"template":"","meta":{"_kad_post_transparent":"default","_kad_post_title":"","_kad_post_layout":"default","_kad_post_sidebar_id":"","_kad_post_content_style":"default","_kad_post_vertical_padding":"show","_kad_post_feature":"","_kad_post_feature_position":"","_kad_post_header":false,"_kad_post_footer":false},"product_brand":[],"product_cat":[83],"product_tag":[224,223,222,221,218,214,217,225,228,216,226,219,227,215,220],"class_list":{"0":"post-5505","1":"product","2":"type-product","3":"status-publish","4":"has-post-thumbnail","6":"product_cat-crane-rail-clips","7":"product_tag-05g525-rail-clips","8":"product_tag-cgbk-rail-clips","9":"product_tag-cgek-rail-clips","10":"product_tag-cgwk-rail-clips","11":"product_tag-crane-rail-clamp","12":"product_tag-crane-rail-clips","13":"product_tag-crane-rail-fixing-device","14":"product_tag-hdgy-rail-clips","15":"product_tag-rail-connection-splint","16":"product_tag-rail-fixing-device","17":"product_tag-rail-joints","18":"product_tag-swjk-rail-clips","19":"product_tag-tracks-jointing-plates","20":"product_tag-wjk-rail-clips","21":"product_tag-wjkc-rail-clips","23":"first","24":"instock","25":"shipping-taxable","26":"product-type-simple","27":"entry","28":"content-bg","29":"loop-entry"},"yoast_head":"<!-- This site is optimized with the Yoast SEO plugin v25.6 - https:\/\/yoast.com\/wordpress\/plugins\/seo\/ -->\n<title>WJK Rail Clips Manufacturer \u2013 Expert Crane Rail Fastening Solutions<\/title>\n<meta name=\"description\" content=\"WJK rail clips designed for secure crane rail attachment, vibration resistance, and long-lasting performance in overhead crane systems.\" \/>\n<meta name=\"robots\" content=\"index, follow, max-snippet:-1, max-image-preview:large, max-video-preview:-1\" \/>\n<link rel=\"canonical\" href=\"https:\/\/www.hnhlcrane.com\/hu\/termek\/wjk-sinkapcsok\/\" \/>\n<meta property=\"og:locale\" content=\"hu_HU\" \/>\n<meta property=\"og:type\" content=\"article\" \/>\n<meta property=\"og:title\" content=\"WJK Rail Clips Manufacturer \u2013 Expert Crane Rail Fastening Solutions\" \/>\n<meta property=\"og:description\" content=\"WJK rail clips designed for secure crane rail attachment, vibration resistance, and long-lasting performance in overhead crane systems.\" \/>\n<meta property=\"og:url\" content=\"https:\/\/www.hnhlcrane.com\/hu\/termek\/wjk-sinkapcsok\/\" \/>\n<meta property=\"og:site_name\" content=\"Crane Parts Supplier-HL Crame\" \/>\n<meta property=\"article:modified_time\" content=\"2025-09-10T02:52:52+00:00\" \/>\n<meta property=\"og:image\" content=\"https:\/\/www.hnhlcrane.com\/wp-content\/uploads\/2024\/11\/WJK-Rail-Clips-1.jpg\" \/>\n\t<meta property=\"og:image:width\" content=\"600\" \/>\n\t<meta property=\"og:image:height\" content=\"600\" \/>\n\t<meta property=\"og:image:type\" content=\"image\/jpeg\" \/>\n<meta name=\"twitter:card\" content=\"summary_large_image\" \/>\n<meta name=\"twitter:label1\" content=\"Becs\u00fclt olvas\u00e1si id\u0151\" \/>\n\t<meta name=\"twitter:data1\" content=\"3 perc\" \/>\n<script type=\"application\/ld+json\" class=\"yoast-schema-graph\">{\"@context\":\"https:\/\/schema.org\",\"@graph\":[{\"@type\":\"WebPage\",\"@id\":\"https:\/\/www.hnhlcrane.com\/product\/wjk-rail-clips\/\",\"url\":\"https:\/\/www.hnhlcrane.com\/product\/wjk-rail-clips\/\",\"name\":\"WJK Rail Clips Manufacturer \u2013 Expert Crane Rail Fastening Solutions\",\"isPartOf\":{\"@id\":\"https:\/\/www.hnhlcrane.com\/#website\"},\"primaryImageOfPage\":{\"@id\":\"https:\/\/www.hnhlcrane.com\/product\/wjk-rail-clips\/#primaryimage\"},\"image\":{\"@id\":\"https:\/\/www.hnhlcrane.com\/product\/wjk-rail-clips\/#primaryimage\"},\"thumbnailUrl\":\"https:\/\/www.hnhlcrane.com\/wp-content\/uploads\/2024\/11\/WJK-Rail-Clips-1.jpg\",\"datePublished\":\"2024-11-28T06:51:15+00:00\",\"dateModified\":\"2025-09-10T02:52:52+00:00\",\"description\":\"WJK rail clips designed for secure crane rail attachment, vibration resistance, and long-lasting performance in overhead crane systems.\",\"breadcrumb\":{\"@id\":\"https:\/\/www.hnhlcrane.com\/product\/wjk-rail-clips\/#breadcrumb\"},\"inLanguage\":\"hu\",\"potentialAction\":[{\"@type\":\"ReadAction\",\"target\":[\"https:\/\/www.hnhlcrane.com\/product\/wjk-rail-clips\/\"]}]},{\"@type\":\"ImageObject\",\"inLanguage\":\"hu\",\"@id\":\"https:\/\/www.hnhlcrane.com\/product\/wjk-rail-clips\/#primaryimage\",\"url\":\"https:\/\/www.hnhlcrane.com\/wp-content\/uploads\/2024\/11\/WJK-Rail-Clips-1.jpg\",\"contentUrl\":\"https:\/\/www.hnhlcrane.com\/wp-content\/uploads\/2024\/11\/WJK-Rail-Clips-1.jpg\",\"width\":600,\"height\":600},{\"@type\":\"BreadcrumbList\",\"@id\":\"https:\/\/www.hnhlcrane.com\/product\/wjk-rail-clips\/#breadcrumb\",\"itemListElement\":[{\"@type\":\"ListItem\",\"position\":1,\"name\":\"home\",\"item\":\"https:\/\/www.hnhlcrane.com\/\"},{\"@type\":\"ListItem\",\"position\":2,\"name\":\"products\",\"item\":\"https:\/\/www.hnhlcrane.com\/products\/\"},{\"@type\":\"ListItem\",\"position\":3,\"name\":\"WJK Rail Clips\"}]},{\"@type\":\"WebSite\",\"@id\":\"https:\/\/www.hnhlcrane.com\/#website\",\"url\":\"https:\/\/www.hnhlcrane.com\/\",\"name\":\"Crane Parts Supplier-HL Crame\",\"description\":\"One-stop solution for all your  crane parts needs,Crane Hook,Crane Drum,Crane Wheel,Crane Coupling,Crane Gearbox,Crane Motor,Crane Brake,Special Crane Spreader,Crane grab,Container spreader,Billet crane clamps,Crane C-type spreader,Lifting Electromagnet,Crane Rail Clips,Electric Hoist,FEM Standard Crane End Carriages,Light Crane Parts,Workstation Crane Parts,Crane Electrical Parts,I-beam cable trolley,Crane remote controller,Crane electrical control cabinet,Crane limit switch,Crane sound and light alarm,Heavy Duty Aviation Connector,Crane overload limiter,China Crane Parts Supplier,Crane hooks,Gantry crane hook,Crane accessories,Forged hook,hook processing,Hook manufacturer,China standard crane hook,electric hoist hook,Crane pulley,Hook pulley,Rolled pulley,Crane Pulley Supplier\uff0cEuropean hook pulley,Gantry crane hook pulley,WZL type crane drum,European style reel set,Crane reel,crane parts,Drum processing,crane drum manufacturer,Cast steel drum,Electric hoist drum,Crane drum assembly,DRS Wheel Blocks,European crane wheel,Forged wheels,Active wheel set,Driving wheel set,Driven wheel group,crane wheels manufacturer,Demag crane wheels,Konecranes Crane Wheels,Overhead crane Wheel,Shaft couplings,Power Transmission Couplings,Disc Couplings,Fluid couplings,Coupling manufacturer\uff0cCardan coupling,Crane Reducer,Crane Decelerators,Reducer gearbox,Reducer for crane,Gear Reducer For Crane,Hard tooth surface reducerCrane and hoist reducer,Flender reducer,Reducer manufacturer,ZQ reducer,QJ reducer,QJY reducer,Gear Motors,Konecranes reducer,F series three-in-one reducer,K series three-in-one reducer,travelling machinery,Travelling Motor With Gear,Gear Motor for Crane Traveling,Travelling machinery Frequency inverter motors,FEM standard Gear Motors,Crane motors,Inverter motors,Hoist motors,motorCrane duty motors,Special motor for crane,YZR YZP YZ series motors,Crane and hoist motor,Frequency conversion motor,Electro hydraulic drum brakes,Electro-hydraulic disc brakes,Brake,Overhead Crane Brakes,Disc brakes,Electromagnetic disk brake,Crane hydraulic disc brake,Brakes manufacturer,crane Safety brakes,Singlr rope grab,Four rope grab,Electro-hydraulic multi-flap grab,Orange peel grab,Electric motor grab,Electro-Hydraulicclamshell grab,grab manufacturers,Container spreader manufacturers,20ft Container Spreader,Semi Automatic container spreader,40ft Container Lifting Frame,TEC container Spreader,Billet lifting clamp,Billet Clamps,Billet crane clamps manufacturer,billet lifting clamps china supplier,Coil C-Type Hook,coil hook,Overhead Crane Steel Coil C-Type Hook,Crane C-hook,C-type spreader,C-type hook,Crane magnets,Rail fixing device,Crane Rail fixing device,crane Rail Clamp,CD\/MD Wire Rope Electric Hoist,Wire Rope Electric Hoist China Manufacturer,Single Girder Wire Rope Electric Hoist,Double Girder Wire Rope Electric Hoist,Chain Hoist,Electric chain hoist manufacturer,Electric chain hoist China distributor,European wire rope electric hoist\uff0cEuropean double beam wire rope electric hoist,European Style Single Beam Crane End Carriage,FEN\/DIN European Style Single Beam Crane End Carriage,Crane end beam manufacturers,European style hoist double beam crane end beam,Suspension crane end beam,European style suspended single beam crane end beam,FEN\/DIN Suspension crane end beam,crane cable trolley,Wireless remote control,remote controller,Crane control handle,Crane Controls,electrical control cabinet,crane control cabinet,Limit switch,Sound and light alarm,Aviation plug,quick connector,Crane aviation plug,Overload limiter\",\"publisher\":{\"@id\":\"https:\/\/www.hnhlcrane.com\/#organization\"},\"potentialAction\":[{\"@type\":\"SearchAction\",\"target\":{\"@type\":\"EntryPoint\",\"urlTemplate\":\"https:\/\/www.hnhlcrane.com\/?s={search_term_string}\"},\"query-input\":{\"@type\":\"PropertyValueSpecification\",\"valueRequired\":true,\"valueName\":\"search_term_string\"}}],\"inLanguage\":\"hu\"},{\"@type\":\"Organization\",\"@id\":\"https:\/\/www.hnhlcrane.com\/#organization\",\"name\":\"Crane Parts Supplier-HL Crame\",\"url\":\"https:\/\/www.hnhlcrane.com\/\",\"logo\":{\"@type\":\"ImageObject\",\"inLanguage\":\"hu\",\"@id\":\"https:\/\/www.hnhlcrane.com\/#\/schema\/logo\/image\/\",\"url\":\"https:\/\/www.hnhlcrane.com\/wp-content\/uploads\/2024\/09\/logo6-1-e1733899395598.png\",\"contentUrl\":\"https:\/\/www.hnhlcrane.com\/wp-content\/uploads\/2024\/09\/logo6-1-e1733899395598.png\",\"width\":1000,\"height\":282,\"caption\":\"Crane Parts Supplier-HL Crame\"},\"image\":{\"@id\":\"https:\/\/www.hnhlcrane.com\/#\/schema\/logo\/image\/\"}}]}<\/script>\n<!-- \/ Yoast SEO plugin. -->","yoast_head_json":{"title":"WJK Rail Clips gy\u00e1rt\u00f3ja - szak\u00e9rt\u0151 daru s\u00ednr\u00f6gz\u00edt\u00e9si megold\u00e1sok","description":"A WJK s\u00ednkapcsokat a darus\u00ednek biztons\u00e1gos r\u00f6gz\u00edt\u00e9s\u00e9re, rezg\u00e9s\u00e1ll\u00f3s\u00e1gra \u00e9s hossz\u00fa \u00e9lettartam\u00fa teljes\u00edtm\u00e9nyre tervezt\u00e9k a daru fels\u0151vezet\u00e9k-rendszerekben.","robots":{"index":"index","follow":"follow","max-snippet":"max-snippet:-1","max-image-preview":"max-image-preview:large","max-video-preview":"max-video-preview:-1"},"canonical":"https:\/\/www.hnhlcrane.com\/hu\/termek\/wjk-sinkapcsok\/","og_locale":"hu_HU","og_type":"article","og_title":"WJK Rail Clips Manufacturer \u2013 Expert Crane Rail Fastening Solutions","og_description":"WJK rail clips designed for secure crane rail attachment, vibration resistance, and long-lasting performance in overhead crane systems.","og_url":"https:\/\/www.hnhlcrane.com\/hu\/termek\/wjk-sinkapcsok\/","og_site_name":"Crane Parts Supplier-HL Crame","article_modified_time":"2025-09-10T02:52:52+00:00","og_image":[{"width":600,"height":600,"url":"https:\/\/www.hnhlcrane.com\/wp-content\/uploads\/2024\/11\/WJK-Rail-Clips-1.jpg","type":"image\/jpeg"}],"twitter_card":"summary_large_image","twitter_misc":{"Becs\u00fclt olvas\u00e1si id\u0151":"3 perc"},"schema":{"@context":"https:\/\/schema.org","@graph":[{"@type":"WebPage","@id":"https:\/\/www.hnhlcrane.com\/product\/wjk-rail-clips\/","url":"https:\/\/www.hnhlcrane.com\/product\/wjk-rail-clips\/","name":"WJK Rail Clips gy\u00e1rt\u00f3ja - szak\u00e9rt\u0151 daru s\u00ednr\u00f6gz\u00edt\u00e9si megold\u00e1sok","isPartOf":{"@id":"https:\/\/www.hnhlcrane.com\/#website"},"primaryImageOfPage":{"@id":"https:\/\/www.hnhlcrane.com\/product\/wjk-rail-clips\/#primaryimage"},"image":{"@id":"https:\/\/www.hnhlcrane.com\/product\/wjk-rail-clips\/#primaryimage"},"thumbnailUrl":"https:\/\/www.hnhlcrane.com\/wp-content\/uploads\/2024\/11\/WJK-Rail-Clips-1.jpg","datePublished":"2024-11-28T06:51:15+00:00","dateModified":"2025-09-10T02:52:52+00:00","description":"A WJK s\u00ednkapcsokat a darus\u00ednek biztons\u00e1gos r\u00f6gz\u00edt\u00e9s\u00e9re, rezg\u00e9s\u00e1ll\u00f3s\u00e1gra \u00e9s hossz\u00fa \u00e9lettartam\u00fa teljes\u00edtm\u00e9nyre tervezt\u00e9k a daru fels\u0151vezet\u00e9k-rendszerekben.","breadcrumb":{"@id":"https:\/\/www.hnhlcrane.com\/product\/wjk-rail-clips\/#breadcrumb"},"inLanguage":"hu","potentialAction":[{"@type":"ReadAction","target":["https:\/\/www.hnhlcrane.com\/product\/wjk-rail-clips\/"]}]},{"@type":"ImageObject","inLanguage":"hu","@id":"https:\/\/www.hnhlcrane.com\/product\/wjk-rail-clips\/#primaryimage","url":"https:\/\/www.hnhlcrane.com\/wp-content\/uploads\/2024\/11\/WJK-Rail-Clips-1.jpg","contentUrl":"https:\/\/www.hnhlcrane.com\/wp-content\/uploads\/2024\/11\/WJK-Rail-Clips-1.jpg","width":600,"height":600},{"@type":"BreadcrumbList","@id":"https:\/\/www.hnhlcrane.com\/product\/wjk-rail-clips\/#breadcrumb","itemListElement":[{"@type":"ListItem","position":1,"name":"home","item":"https:\/\/www.hnhlcrane.com\/"},{"@type":"ListItem","position":2,"name":"products","item":"https:\/\/www.hnhlcrane.com\/products\/"},{"@type":"ListItem","position":3,"name":"WJK Rail Clips"}]},{"@type":"WebSite","@id":"https:\/\/www.hnhlcrane.com\/#website","url":"https:\/\/www.hnhlcrane.com\/","name":"Daru alkatr\u00e9szek sz\u00e1ll\u00edt\u00f3ja-HL Crame","description":"Egyablakos megold\u00e1s az \u00f6sszes darualkatr\u00e9sz ig\u00e9nyeinek kiel\u00e9g\u00edt\u00e9s\u00e9re, daru kamp\u00f3, daru dob, daru ker\u00e9k, daru tengelykapcsol\u00f3, daru sebess\u00e9gv\u00e1lt\u00f3, daru motor, daru f\u00e9k, speci\u00e1lis daru sz\u00f3r\u00f3, daru markol\u00f3, kont\u00e9ner sz\u00f3r\u00f3, Billet daru bilincsek, daru C-t\u00edpus\u00fa sz\u00f3r\u00f3,Emel\u0151 elektrom\u00e1gnes,daru s\u00ednkapcsok,elektromos emel\u0151,FEM szabv\u00e1nyos daru v\u00e9gkocsik,k\u00f6nny\u0171 daru alkatr\u00e9szek,munka\u00e1llom\u00e1s daru alkatr\u00e9szek,daru elektromos alkatr\u00e9szek,I-gerenda k\u00e1bel kocsi,daru t\u00e1vir\u00e1ny\u00edt\u00f3,daru elektromos vez\u00e9rl\u0151szekr\u00e9ny,Daru v\u00e9g\u00e1ll\u00e1skapcsol\u00f3,Daru hang \u00e9s f\u00e9nyjelz\u00e9s,Heavy Duty Aviation Connector,Daru t\u00falterhel\u00e9s korl\u00e1toz\u00f3,K\u00edna daru alkatr\u00e9szek sz\u00e1ll\u00edt\u00f3ja,daru horgok,port\u00e1l daru horog,daru tartoz\u00e9kok,kov\u00e1csolt horog,horog feldolgoz\u00e1s,horog gy\u00e1rt\u00f3,K\u00edna szabv\u00e1nyos daru horog,elektromos emel\u0151 horog,daru csiga,horog csiga,hengerelt csiga,daru csiga sz\u00e1ll\u00edt\u00f3\uff0cEur\u00f3pai horog csiga,port\u00e1l daru horog csiga,WZL t\u00edpus\u00fa daru dob,eur\u00f3pai st\u00edlus\u00fa ors\u00f3 k\u00e9szlet,daru ors\u00f3,daru alkatr\u00e9szek,dobfeldolgoz\u00e1s,darudob gy\u00e1rt\u00f3,\u00f6nt\u00f6tt ac\u00e9l dob,elektromos emel\u0151dob,darudob szerelv\u00e9ny,DRS ker\u00e9kblokkok,eur\u00f3pai daru ker\u00e9k,kov\u00e1csolt kerekek,akt\u00edv ker\u00e9kk\u00e9szlet,meghajt\u00f3 ker\u00e9kk\u00e9szlet,meghajtott ker\u00e9kcsoport,daru kerekek gy\u00e1rt\u00f3ja,Demag daru kerekek,Konecranes daru kerekek,daru fels\u0151 daru ker\u00e9k,tengelykapcsol\u00f3k,er\u0151\u00e1tviteli tengelykapcsol\u00f3k,t\u00e1rcs\u00e1s tengelykapcsol\u00f3k,folyad\u00e9kkapcsol\u00f3k,kuplung gy\u00e1rt\u00f3\uff0cCardan coupling,daru reduktor,Daru lass\u00edt\u00f3k,Reduktor sebess\u00e9gv\u00e1lt\u00f3,Reduktor daru sz\u00e1m\u00e1ra,Fogasker\u00e9k reduktor daru sz\u00e1m\u00e1ra,Kem\u00e9ny fogazott fel\u00fclet reduktorDaru \u00e9s emel\u0151 reduktor,Flender reduktor,Reduktor gy\u00e1rt\u00f3,ZQ reduktor,QJ reduktor,QJY reduktor,Fogasker\u00e9k motorok,Konecranes reduktor,F sorozat h\u00e1rom az egyben reduktor,K sorozat h\u00e1rom az egyben reduktor,utaz\u00f3 g\u00e9pek,Utaz\u00f3 motor fogasker\u00e9kkel,Fogasker\u00e9kmotor daru utaz\u00e1shoz,Utaz\u00f3 g\u00e9pek frekvenciav\u00e1lt\u00f3 motorok,FEM szabv\u00e1nyos fogasker\u00e9kmotorok,daru motorok,Inverteres motorok,Emel\u0151motorok,motorDaruk\u00e9sz\u00fcl\u00e9k motorok,Speci\u00e1lis motor daru sz\u00e1m\u00e1ra,YZR YZP YZ sorozat\u00fa motorok,Daru \u00e9s emel\u0151motor,Frekvenciav\u00e1lt\u00f3 motor,Elektrohidraulikus dobf\u00e9kek,Elektrohidraulikus t\u00e1rcsaf\u00e9kek,F\u00e9k,Daru f\u00e9k,Daruf\u00e9k,T\u00e1rcsaf\u00e9kek,Elektrom\u00e1gneses t\u00e1rcsaf\u00e9k,Daru hidraulikus t\u00e1rcsaf\u00e9k,F\u00e9kek gy\u00e1rt\u00f3ja,daru biztons\u00e1gi f\u00e9kek,Egyk\u00f6teles k\u00f6t\u00e9lfog\u00f3k,N\u00e9gyk\u00f6teles fog\u00f3k,Elektrohidraulikus t\u00f6bblapos fog\u00f3k,Narancsh\u00e9j fog\u00f3k,Elektromotoros fog\u00f3k,Elektrohidraulikus kagyl\u00f3s markol\u00f3,markol\u00f3 gy\u00e1rt\u00f3k,Kont\u00e9ner sz\u00f3r\u00f3 gy\u00e1rt\u00f3k,20ft kont\u00e9ner sz\u00f3r\u00f3,f\u00e9lautomata kont\u00e9ner sz\u00f3r\u00f3,40ft kont\u00e9ner emel\u0151 keret,TEC kont\u00e9ner sz\u00f3r\u00f3,Billet emel\u0151 bilincs,Billet bilincsek,Billet daru bilincsek gy\u00e1rt\u00f3ja,billet emel\u0151 bilincsek porcel\u00e1n sz\u00e1ll\u00edt\u00f3,Coil C-type Hook,tekercs horog,fejidaru ac\u00e9l tekercs C-type Hook,daru C-hook,C-type sz\u00f3r\u00f3,C-type horog,daru m\u00e1gnesek,s\u00edn r\u00f6gz\u00edt\u0151 eszk\u00f6z,Crane Rail fixing device,daru Rail Clamp,CD\/MD Wire Rope Electric Hoist,Wire Rope Electric Hoist China Manufacturer,Single Girder Wire Rope Electric Hoist,Double Girder Wire Rope Electric Hoist,Chain Hoist,Electric chain hoist manufacturer,Electric chain hoist China distributor,European wire rope electric hoist\uff0cEuropean double beam wire rope electric hoist,European Style Single Beam Crane End Carriage,FEN\/DIN European Style Single Beam Crane End Carriage,Daru v\u00e9ggerenda gy\u00e1rt\u00f3k,Eur\u00f3pai st\u00edlus\u00fa emel\u0151 kett\u0151s gerenda daru v\u00e9ggerenda,Felf\u00fcggesztett daru v\u00e9ggerenda,Eur\u00f3pai st\u00edlus\u00fa felf\u00fcggesztett egygerend\u00e1s daru v\u00e9ggerenda,FEN\/DIN felf\u00fcggesztett daru v\u00e9ggerenda,daru k\u00e1belkocsi,vezet\u00e9k n\u00e9lk\u00fcli t\u00e1vir\u00e1ny\u00edt\u00f3,t\u00e1vir\u00e1ny\u00edt\u00f3,daru vez\u00e9rl\u0151kar,daru vez\u00e9rl\u0151k, elektromos vez\u00e9rl\u0151szekr\u00e9ny,daru vez\u00e9rl\u0151szekr\u00e9ny,v\u00e9g\u00e1ll\u00e1skapcsol\u00f3,hang \u00e9s f\u00e9nyjelz\u00e9s,rep\u00fcl\u00e9si dug\u00f3,gyorscsatlakoz\u00f3,daru rep\u00fcl\u00e9si dug\u00f3,t\u00falterhel\u00e9skorl\u00e1toz\u00f3","publisher":{"@id":"https:\/\/www.hnhlcrane.com\/#organization"},"potentialAction":[{"@type":"SearchAction","target":{"@type":"EntryPoint","urlTemplate":"https:\/\/www.hnhlcrane.com\/?s={search_term_string}"},"query-input":{"@type":"PropertyValueSpecification","valueRequired":true,"valueName":"search_term_string"}}],"inLanguage":"hu"},{"@type":"Organization","@id":"https:\/\/www.hnhlcrane.com\/#organization","name":"Daru alkatr\u00e9szek sz\u00e1ll\u00edt\u00f3ja-HL Crame","url":"https:\/\/www.hnhlcrane.com\/","logo":{"@type":"ImageObject","inLanguage":"hu","@id":"https:\/\/www.hnhlcrane.com\/#\/schema\/logo\/image\/","url":"https:\/\/www.hnhlcrane.com\/wp-content\/uploads\/2024\/09\/logo6-1-e1733899395598.png","contentUrl":"https:\/\/www.hnhlcrane.com\/wp-content\/uploads\/2024\/09\/logo6-1-e1733899395598.png","width":1000,"height":282,"caption":"Crane Parts Supplier-HL Crame"},"image":{"@id":"https:\/\/www.hnhlcrane.com\/#\/schema\/logo\/image\/"}}]}},"_links":{"self":[{"href":"https:\/\/www.hnhlcrane.com\/hu\/wp-json\/wp\/v2\/product\/5505","targetHints":{"allow":["GET"]}}],"collection":[{"href":"https:\/\/www.hnhlcrane.com\/hu\/wp-json\/wp\/v2\/product"}],"about":[{"href":"https:\/\/www.hnhlcrane.com\/hu\/wp-json\/wp\/v2\/types\/product"}],"version-history":[{"count":1,"href":"https:\/\/www.hnhlcrane.com\/hu\/wp-json\/wp\/v2\/product\/5505\/revisions"}],"predecessor-version":[{"id":6958,"href":"https:\/\/www.hnhlcrane.com\/hu\/wp-json\/wp\/v2\/product\/5505\/revisions\/6958"}],"wp:featuredmedia":[{"embeddable":true,"href":"https:\/\/www.hnhlcrane.com\/hu\/wp-json\/wp\/v2\/media\/5506"}],"wp:attachment":[{"href":"https:\/\/www.hnhlcrane.com\/hu\/wp-json\/wp\/v2\/media?parent=5505"}],"wp:term":[{"taxonomy":"product_brand","embeddable":true,"href":"https:\/\/www.hnhlcrane.com\/hu\/wp-json\/wp\/v2\/product_brand?post=5505"},{"taxonomy":"product_cat","embeddable":true,"href":"https:\/\/www.hnhlcrane.com\/hu\/wp-json\/wp\/v2\/product_cat?post=5505"},{"taxonomy":"product_tag","embeddable":true,"href":"https:\/\/www.hnhlcrane.com\/hu\/wp-json\/wp\/v2\/product_tag?post=5505"}],"curies":[{"name":"wp","href":"https:\/\/api.w.org\/{rel}","templated":true}]}}