{"id":4915,"date":"2024-11-08T16:24:37","date_gmt":"2024-11-08T08:24:37","guid":{"rendered":"https:\/\/www.hnhlcrane.com\/?post_type=product&#038;p=4915"},"modified":"2025-09-20T22:33:08","modified_gmt":"2025-09-20T14:33:08","slug":"darufek-fekkerekkapcsolo","status":"publish","type":"product","link":"https:\/\/www.hnhlcrane.com\/hu\/termek\/darufek-fekkerekkapcsolo\/","title":{"rendered":"Daruf\u00e9k f\u00e9kker\u00e9kkapcsol\u00f3"},"content":{"rendered":"<p>A daru f\u00e9kker\u00e9kcsatlakoz\u00f3ja egy kritikus mechanikai alkatr\u00e9sz, amelyet a daru hajt\u00f3 \u00e9s hajtott tengelyeinek \u00f6sszekapcsol\u00e1s\u00e1ra haszn\u00e1lnak, lehet\u0151v\u00e9 t\u00e9ve, hogy egy\u00fctt forogjanak a nyomat\u00e9k \u00e1tad\u00e1sa \u00e9rdek\u00e9ben. Ez a tengelykapcsol\u00f3 nemcsak az er\u0151 \u00e9s a mozg\u00e1s \u00e1tvitel\u00e9ben j\u00e1tszik szerepet, hanem egyfajta t\u00falterhel\u00e9s elleni v\u00e9delmet is biztos\u00edt, hogy megakad\u00e1lyozza a csatlakoztatott g\u00e9p t\u00falzott terhel\u00e9s\u00e9t. A daru m\u0171k\u00f6d\u00e9se sor\u00e1n a f\u00e9kker\u00e9kkapcsol\u00f3 l\u00e9tfontoss\u00e1g\u00fa funkci\u00f3t t\u00f6lt be az emel\u00e9si m\u0171veletek biztons\u00e1g\u00e1nak \u00e9s hat\u00e9konys\u00e1g\u00e1nak biztos\u00edt\u00e1s\u00e1ban.<\/p>\n<p>A tervez\u00e9s \u00e9s gy\u00e1rt\u00e1s sor\u00e1n a<a href=\"https:\/\/www.hnhlcrane.com\/hu\/termekek\/darucsatlakozo\/\" target=\"_blank\" rel=\"noopener\"> daruf\u00e9k f\u00e9kker\u00e9kkapcsol\u00f3<\/a>, t\u00f6bb t\u00e9nyez\u0151t is figyelembe vesznek a teljes\u00edtm\u00e9ny \u00e9s a megb\u00edzhat\u00f3s\u00e1g garant\u00e1l\u00e1sa \u00e9rdek\u00e9ben. El\u0151sz\u00f6r is, ellen kell \u00e1llnia az emel\u00e9si m\u0171veletek sor\u00e1n keletkez\u0151 jelent\u0151s nyomat\u00e9knak, ugyanakkor tart\u00f3snak \u00e9s stabilnak kell lennie. Tov\u00e1bb\u00e1 a daruk egyedi m\u0171k\u00f6d\u00e9si k\u00f6r\u00fclm\u00e9nyei miatt ennek a tengelykapcsol\u00f3nak kiv\u00e1l\u00f3 kop\u00e1s\u00e1ll\u00f3s\u00e1gra \u00e9s korr\u00f3zi\u00f3\u00e1ll\u00f3s\u00e1gra van sz\u00fcks\u00e9ge, hogy alkalmazkodni tudjon a k\u00fcl\u00f6nb\u00f6z\u0151 \u00f6sszetett munkak\u00f6rnyezetekhez.<\/p>\n<p>A f\u00e9kker\u00e9kcsatlakoz\u00f3 kiv\u00e1laszt\u00e1sakor \u00e9s haszn\u00e1latakor t\u00f6bb t\u00e9nyez\u0151t is figyelembe kell venni, bele\u00e9rtve a terhel\u00e9s m\u00e9ret\u00e9t \u00e9s jelleg\u00e9t, a tengely igaz\u00edt\u00e1s\u00e1t \u00e9s a munkak\u00f6rnyezetet. P\u00e9ld\u00e1ul olyan esetekben, amikor a terhel\u00e9s egyenletes \u00e9s a tengelyek pontosan ki vannak igaz\u00edtva, egy merev tengelykapcsol\u00f3 lehet megfelel\u0151. Nagy terhel\u00e9singadoz\u00e1sokkal vagy gyakori ind\u00edt\u00e1ssal \u00e9s le\u00e1ll\u00edt\u00e1ssal j\u00e1r\u00f3 m\u0171veletekkel j\u00e1r\u00f3 helyzetekben azonban el\u0151ny\u00f6sebb a rugalmas, csillap\u00edt\u00f3 \u00e9s rezg\u00e9scsillap\u00edt\u00f3 elemekkel ell\u00e1tott tengelykapcsol\u00f3. Ezenk\u00edv\u00fcl figyelembe kell venni a k\u00f6rnyezeti t\u00e9nyez\u0151ket, p\u00e9ld\u00e1ul a magas vagy alacsony h\u0151m\u00e9rs\u00e9kletet, illetve az olaj, savak vagy l\u00fagok jelenl\u00e9t\u00e9t, hogy elker\u00fclhet\u0151 legyen a nem megfelel\u0151 anyagok \u00e9s szerkezetek kiv\u00e1laszt\u00e1sa.<\/p>\n<p>\u00d6sszefoglalva, a f\u00e9kker\u00e9kkapcsol\u00f3 a daru rendszer n\u00e9lk\u00fcl\u00f6zhetetlen r\u00e9sze, \u00e9s teljes\u00edtm\u00e9nye \u00e9s megb\u00edzhat\u00f3s\u00e1ga k\u00f6zvetlen\u00fcl befoly\u00e1solja a daru biztons\u00e1gos m\u0171k\u00f6d\u00e9s\u00e9t \u00e9s munkahat\u00e9konys\u00e1g\u00e1t. Ez\u00e9rt a megfelel\u0151 tengelykapcsol\u00f3 t\u00edpus kiv\u00e1laszt\u00e1sa \u00e9s haszn\u00e1lata d\u00f6nt\u0151 fontoss\u00e1g\u00fa.<\/p>\n<p><img fetchpriority=\"high\" decoding=\"async\" class=\"wp-image-4929 alignleft\" src=\"https:\/\/www.hnhlcrane.com\/wp-content\/uploads\/2024\/11\/Crane-brake-wheel-coupling-300x204.jpg\" alt=\"\" width=\"1101\" height=\"748\" srcset=\"https:\/\/www.hnhlcrane.com\/wp-content\/uploads\/2024\/11\/Crane-brake-wheel-coupling-300x204.jpg 300w, https:\/\/www.hnhlcrane.com\/wp-content\/uploads\/2024\/11\/Crane-brake-wheel-coupling-768x523.jpg 768w, https:\/\/www.hnhlcrane.com\/wp-content\/uploads\/2024\/11\/Crane-brake-wheel-coupling-600x409.jpg 600w\" sizes=\"(max-width: 1101px) 100vw, 1101px\" \/><\/p>","protected":false},"excerpt":{"rendered":"<p><strong>Daruf\u00e9k f\u00e9kker\u00e9kkapcsol\u00f3 param\u00e9terei:<\/strong><\/p>\n<ul>\n<li><strong>Maxim\u00e1lis megengedett nyomat\u00e9k:<\/strong> 630 Nm \u00e9s 125 000 Nm k\u00f6z\u00f6tt<\/li>\n<li><strong>Maxim\u00e1lis sebess\u00e9g:<\/strong> 4000 fordulat\/perc \u00e9s 950 fordulat\/perc k\u00f6z\u00f6tt<\/li>\n<li><strong>F\u00e9kker\u00e9k \u00e1tm\u00e9r\u0151:<\/strong> \u2205160, \u2205200, \u2205250, \u2205300, \u2205315, \u2205400, \u2205500, \u2205600, \u2205630, \u2205700, \u2205800<\/li>\n<li><strong>Csatlakoz\u00f3 anyag:<\/strong> ZG430-640, 45 ac\u00e9l<\/li>\n<li><strong>Csatlakoz\u00f3 t\u00edpus:<\/strong> F\u00e9kker\u00e9k f\u00e9lfogaz\u00e1s\u00fa tengelykapcsol\u00f3val<\/li>\n<li><strong>Egyedi be\u00e1ll\u00edt\u00e1sok:<\/strong> Megadhatja saj\u00e1t rajzait, \u00e9s mi a megadott m\u00e9retek szerint gy\u00e1rtjuk le.<\/li>\n<\/ul>","protected":false},"featured_media":4969,"template":"","meta":{"_kad_post_transparent":"default","_kad_post_title":"","_kad_post_layout":"default","_kad_post_sidebar_id":"","_kad_post_content_style":"default","_kad_post_vertical_padding":"show","_kad_post_feature":"","_kad_post_feature_position":"","_kad_post_header":false,"_kad_post_footer":false},"product_brand":[],"product_cat":[54],"product_tag":[131,135,127,132,126,73,129,121,128,72,124,130,125,134,123,122,133],"class_list":{"0":"post-4915","1":"product","2":"type-product","3":"status-publish","4":"has-post-thumbnail","6":"product_cat-crane-coupling","7":"product_tag-brake-wheel-drum-gear-coupling","8":"product_tag-brake-wheel-plum-elastic-coupling","9":"product_tag-cardan-coupling","10":"product_tag-cardan-shaft-coupling","11":"product_tag-coupling-manufacturer","12":"product_tag-crane-accessories","13":"product_tag-crane-brake-wheel-coupling","14":"product_tag-crane-coupling","15":"product_tag-crane-gear-couplings","16":"product_tag-crane-parts","17":"product_tag-disc-couplings","18":"product_tag-drum-gear-couplings","19":"product_tag-fluid-couplings","20":"product_tag-plum-blossom-elastic-coupling","21":"product_tag-power-transmission-couplings","22":"product_tag-shaft-couplings","23":"product_tag-wzl-drum-coupling","25":"first","26":"instock","27":"shipping-taxable","28":"product-type-simple","29":"entry","30":"content-bg","31":"loop-entry"},"yoast_head":"<!-- This site is optimized with the Yoast SEO plugin v25.6 - https:\/\/yoast.com\/wordpress\/plugins\/seo\/ -->\n<title>Crane Brake Wheel Coupling | Buy Durable &amp; Reliable Crane Parts<\/title>\n<meta name=\"description\" content=\"Buy durable crane brake wheel coupling for overhead and gantry cranes. HLCRANE ensures smooth braking and long-lasting performance.\" \/>\n<meta name=\"robots\" content=\"index, follow, max-snippet:-1, max-image-preview:large, max-video-preview:-1\" \/>\n<link rel=\"canonical\" href=\"https:\/\/www.hnhlcrane.com\/hu\/termek\/darufek-fekkerekkapcsolo\/\" \/>\n<meta property=\"og:locale\" content=\"hu_HU\" \/>\n<meta property=\"og:type\" content=\"article\" \/>\n<meta property=\"og:title\" content=\"Crane Brake Wheel Coupling | Buy Durable &amp; Reliable Crane Parts\" \/>\n<meta property=\"og:description\" content=\"Buy durable crane brake wheel coupling for overhead and gantry cranes. HLCRANE ensures smooth braking and long-lasting performance.\" \/>\n<meta property=\"og:url\" content=\"https:\/\/www.hnhlcrane.com\/hu\/termek\/darufek-fekkerekkapcsolo\/\" \/>\n<meta property=\"og:site_name\" content=\"Crane Parts Supplier-HL Crame\" \/>\n<meta property=\"article:modified_time\" content=\"2025-09-20T14:33:08+00:00\" \/>\n<meta property=\"og:image\" content=\"https:\/\/www.hnhlcrane.com\/wp-content\/uploads\/2024\/11\/Brake-wheel-drum-gear-coupling-1.jpg\" \/>\n\t<meta property=\"og:image:width\" content=\"600\" \/>\n\t<meta property=\"og:image:height\" content=\"600\" \/>\n\t<meta property=\"og:image:type\" content=\"image\/jpeg\" \/>\n<meta name=\"twitter:card\" content=\"summary_large_image\" \/>\n<meta name=\"twitter:label1\" content=\"Becs\u00fclt olvas\u00e1si id\u0151\" \/>\n\t<meta name=\"twitter:data1\" content=\"2 perc\" \/>\n<script type=\"application\/ld+json\" class=\"yoast-schema-graph\">{\"@context\":\"https:\/\/schema.org\",\"@graph\":[{\"@type\":\"WebPage\",\"@id\":\"https:\/\/www.hnhlcrane.com\/product\/crane-brake-wheel-coupling\/\",\"url\":\"https:\/\/www.hnhlcrane.com\/product\/crane-brake-wheel-coupling\/\",\"name\":\"Crane Brake Wheel Coupling | Buy Durable & Reliable Crane Parts\",\"isPartOf\":{\"@id\":\"https:\/\/www.hnhlcrane.com\/#website\"},\"primaryImageOfPage\":{\"@id\":\"https:\/\/www.hnhlcrane.com\/product\/crane-brake-wheel-coupling\/#primaryimage\"},\"image\":{\"@id\":\"https:\/\/www.hnhlcrane.com\/product\/crane-brake-wheel-coupling\/#primaryimage\"},\"thumbnailUrl\":\"https:\/\/www.hnhlcrane.com\/wp-content\/uploads\/2024\/11\/Brake-wheel-drum-gear-coupling-1.jpg\",\"datePublished\":\"2024-11-08T08:24:37+00:00\",\"dateModified\":\"2025-09-20T14:33:08+00:00\",\"description\":\"Buy durable crane brake wheel coupling for overhead and gantry cranes. HLCRANE ensures smooth braking and long-lasting performance.\",\"breadcrumb\":{\"@id\":\"https:\/\/www.hnhlcrane.com\/product\/crane-brake-wheel-coupling\/#breadcrumb\"},\"inLanguage\":\"hu\",\"potentialAction\":[{\"@type\":\"ReadAction\",\"target\":[\"https:\/\/www.hnhlcrane.com\/product\/crane-brake-wheel-coupling\/\"]}]},{\"@type\":\"ImageObject\",\"inLanguage\":\"hu\",\"@id\":\"https:\/\/www.hnhlcrane.com\/product\/crane-brake-wheel-coupling\/#primaryimage\",\"url\":\"https:\/\/www.hnhlcrane.com\/wp-content\/uploads\/2024\/11\/Brake-wheel-drum-gear-coupling-1.jpg\",\"contentUrl\":\"https:\/\/www.hnhlcrane.com\/wp-content\/uploads\/2024\/11\/Brake-wheel-drum-gear-coupling-1.jpg\",\"width\":600,\"height\":600},{\"@type\":\"BreadcrumbList\",\"@id\":\"https:\/\/www.hnhlcrane.com\/product\/crane-brake-wheel-coupling\/#breadcrumb\",\"itemListElement\":[{\"@type\":\"ListItem\",\"position\":1,\"name\":\"home\",\"item\":\"https:\/\/www.hnhlcrane.com\/\"},{\"@type\":\"ListItem\",\"position\":2,\"name\":\"products\",\"item\":\"https:\/\/www.hnhlcrane.com\/products\/\"},{\"@type\":\"ListItem\",\"position\":3,\"name\":\"Crane brake wheel coupling\"}]},{\"@type\":\"WebSite\",\"@id\":\"https:\/\/www.hnhlcrane.com\/#website\",\"url\":\"https:\/\/www.hnhlcrane.com\/\",\"name\":\"Crane Parts Supplier-HL Crame\",\"description\":\"One-stop solution for all your  crane parts needs,Crane Hook,Crane Drum,Crane Wheel,Crane Coupling,Crane Gearbox,Crane Motor,Crane Brake,Special Crane Spreader,Crane grab,Container spreader,Billet crane clamps,Crane C-type spreader,Lifting Electromagnet,Crane Rail Clips,Electric Hoist,FEM Standard Crane End Carriages,Light Crane Parts,Workstation Crane Parts,Crane Electrical Parts,I-beam cable trolley,Crane remote controller,Crane electrical control cabinet,Crane limit switch,Crane sound and light alarm,Heavy Duty Aviation Connector,Crane overload limiter,China Crane Parts Supplier,Crane hooks,Gantry crane hook,Crane accessories,Forged hook,hook processing,Hook manufacturer,China standard crane hook,electric hoist hook,Crane pulley,Hook pulley,Rolled pulley,Crane Pulley Supplier\uff0cEuropean hook pulley,Gantry crane hook pulley,WZL type crane drum,European style reel set,Crane reel,crane parts,Drum processing,crane drum manufacturer,Cast steel drum,Electric hoist drum,Crane drum assembly,DRS Wheel Blocks,European crane wheel,Forged wheels,Active wheel set,Driving wheel set,Driven wheel group,crane wheels manufacturer,Demag crane wheels,Konecranes Crane Wheels,Overhead crane Wheel,Shaft couplings,Power Transmission Couplings,Disc Couplings,Fluid couplings,Coupling manufacturer\uff0cCardan coupling,Crane Reducer,Crane Decelerators,Reducer gearbox,Reducer for crane,Gear Reducer For Crane,Hard tooth surface reducerCrane and hoist reducer,Flender reducer,Reducer manufacturer,ZQ reducer,QJ reducer,QJY reducer,Gear Motors,Konecranes reducer,F series three-in-one reducer,K series three-in-one reducer,travelling machinery,Travelling Motor With Gear,Gear Motor for Crane Traveling,Travelling machinery Frequency inverter motors,FEM standard Gear Motors,Crane motors,Inverter motors,Hoist motors,motorCrane duty motors,Special motor for crane,YZR YZP YZ series motors,Crane and hoist motor,Frequency conversion motor,Electro hydraulic drum brakes,Electro-hydraulic disc brakes,Brake,Overhead Crane Brakes,Disc brakes,Electromagnetic disk brake,Crane hydraulic disc brake,Brakes manufacturer,crane Safety brakes,Singlr rope grab,Four rope grab,Electro-hydraulic multi-flap grab,Orange peel grab,Electric motor grab,Electro-Hydraulicclamshell grab,grab manufacturers,Container spreader manufacturers,20ft Container Spreader,Semi Automatic container spreader,40ft Container Lifting Frame,TEC container Spreader,Billet lifting clamp,Billet Clamps,Billet crane clamps manufacturer,billet lifting clamps china supplier,Coil C-Type Hook,coil hook,Overhead Crane Steel Coil C-Type Hook,Crane C-hook,C-type spreader,C-type hook,Crane magnets,Rail fixing device,Crane Rail fixing device,crane Rail Clamp,CD\/MD Wire Rope Electric Hoist,Wire Rope Electric Hoist China Manufacturer,Single Girder Wire Rope Electric Hoist,Double Girder Wire Rope Electric Hoist,Chain Hoist,Electric chain hoist manufacturer,Electric chain hoist China distributor,European wire rope electric hoist\uff0cEuropean double beam wire rope electric hoist,European Style Single Beam Crane End Carriage,FEN\/DIN European Style Single Beam Crane End Carriage,Crane end beam manufacturers,European style hoist double beam crane end beam,Suspension crane end beam,European style suspended single beam crane end beam,FEN\/DIN Suspension crane end beam,crane cable trolley,Wireless remote control,remote controller,Crane control handle,Crane Controls,electrical control cabinet,crane control cabinet,Limit switch,Sound and light alarm,Aviation plug,quick connector,Crane aviation plug,Overload limiter\",\"publisher\":{\"@id\":\"https:\/\/www.hnhlcrane.com\/#organization\"},\"potentialAction\":[{\"@type\":\"SearchAction\",\"target\":{\"@type\":\"EntryPoint\",\"urlTemplate\":\"https:\/\/www.hnhlcrane.com\/?s={search_term_string}\"},\"query-input\":{\"@type\":\"PropertyValueSpecification\",\"valueRequired\":true,\"valueName\":\"search_term_string\"}}],\"inLanguage\":\"hu\"},{\"@type\":\"Organization\",\"@id\":\"https:\/\/www.hnhlcrane.com\/#organization\",\"name\":\"Crane Parts Supplier-HL Crame\",\"url\":\"https:\/\/www.hnhlcrane.com\/\",\"logo\":{\"@type\":\"ImageObject\",\"inLanguage\":\"hu\",\"@id\":\"https:\/\/www.hnhlcrane.com\/#\/schema\/logo\/image\/\",\"url\":\"https:\/\/www.hnhlcrane.com\/wp-content\/uploads\/2024\/09\/logo6-1-e1733899395598.png\",\"contentUrl\":\"https:\/\/www.hnhlcrane.com\/wp-content\/uploads\/2024\/09\/logo6-1-e1733899395598.png\",\"width\":1000,\"height\":282,\"caption\":\"Crane Parts Supplier-HL Crame\"},\"image\":{\"@id\":\"https:\/\/www.hnhlcrane.com\/#\/schema\/logo\/image\/\"}}]}<\/script>\n<!-- \/ Yoast SEO plugin. -->","yoast_head_json":{"title":"Daru f\u00e9kker\u00e9k-ker\u00e9kkapcsol\u00f3 | V\u00e1s\u00e1roljon tart\u00f3s \u00e9s megb\u00edzhat\u00f3 darualkatr\u00e9szeket","description":"V\u00e1s\u00e1roljon tart\u00f3s daruf\u00e9kt\u00e1rcsa-f\u00e9kkapcsol\u00f3t a fej- \u00e9s port\u00e1ldarukhoz. A HLCRANE biztos\u00edtja a sima f\u00e9kez\u00e9st \u00e9s a hossz\u00fa t\u00e1v\u00fa teljes\u00edtm\u00e9nyt.","robots":{"index":"index","follow":"follow","max-snippet":"max-snippet:-1","max-image-preview":"max-image-preview:large","max-video-preview":"max-video-preview:-1"},"canonical":"https:\/\/www.hnhlcrane.com\/hu\/termek\/darufek-fekkerekkapcsolo\/","og_locale":"hu_HU","og_type":"article","og_title":"Crane Brake Wheel Coupling | Buy Durable & Reliable Crane Parts","og_description":"Buy durable crane brake wheel coupling for overhead and gantry cranes. HLCRANE ensures smooth braking and long-lasting performance.","og_url":"https:\/\/www.hnhlcrane.com\/hu\/termek\/darufek-fekkerekkapcsolo\/","og_site_name":"Crane Parts Supplier-HL Crame","article_modified_time":"2025-09-20T14:33:08+00:00","og_image":[{"width":600,"height":600,"url":"https:\/\/www.hnhlcrane.com\/wp-content\/uploads\/2024\/11\/Brake-wheel-drum-gear-coupling-1.jpg","type":"image\/jpeg"}],"twitter_card":"summary_large_image","twitter_misc":{"Becs\u00fclt olvas\u00e1si id\u0151":"2 perc"},"schema":{"@context":"https:\/\/schema.org","@graph":[{"@type":"WebPage","@id":"https:\/\/www.hnhlcrane.com\/product\/crane-brake-wheel-coupling\/","url":"https:\/\/www.hnhlcrane.com\/product\/crane-brake-wheel-coupling\/","name":"Daru f\u00e9kker\u00e9k-ker\u00e9kkapcsol\u00f3 | V\u00e1s\u00e1roljon tart\u00f3s \u00e9s megb\u00edzhat\u00f3 darualkatr\u00e9szeket","isPartOf":{"@id":"https:\/\/www.hnhlcrane.com\/#website"},"primaryImageOfPage":{"@id":"https:\/\/www.hnhlcrane.com\/product\/crane-brake-wheel-coupling\/#primaryimage"},"image":{"@id":"https:\/\/www.hnhlcrane.com\/product\/crane-brake-wheel-coupling\/#primaryimage"},"thumbnailUrl":"https:\/\/www.hnhlcrane.com\/wp-content\/uploads\/2024\/11\/Brake-wheel-drum-gear-coupling-1.jpg","datePublished":"2024-11-08T08:24:37+00:00","dateModified":"2025-09-20T14:33:08+00:00","description":"V\u00e1s\u00e1roljon tart\u00f3s daruf\u00e9kt\u00e1rcsa-f\u00e9kkapcsol\u00f3t a fej- \u00e9s port\u00e1ldarukhoz. A HLCRANE biztos\u00edtja a sima f\u00e9kez\u00e9st \u00e9s a hossz\u00fa t\u00e1v\u00fa teljes\u00edtm\u00e9nyt.","breadcrumb":{"@id":"https:\/\/www.hnhlcrane.com\/product\/crane-brake-wheel-coupling\/#breadcrumb"},"inLanguage":"hu","potentialAction":[{"@type":"ReadAction","target":["https:\/\/www.hnhlcrane.com\/product\/crane-brake-wheel-coupling\/"]}]},{"@type":"ImageObject","inLanguage":"hu","@id":"https:\/\/www.hnhlcrane.com\/product\/crane-brake-wheel-coupling\/#primaryimage","url":"https:\/\/www.hnhlcrane.com\/wp-content\/uploads\/2024\/11\/Brake-wheel-drum-gear-coupling-1.jpg","contentUrl":"https:\/\/www.hnhlcrane.com\/wp-content\/uploads\/2024\/11\/Brake-wheel-drum-gear-coupling-1.jpg","width":600,"height":600},{"@type":"BreadcrumbList","@id":"https:\/\/www.hnhlcrane.com\/product\/crane-brake-wheel-coupling\/#breadcrumb","itemListElement":[{"@type":"ListItem","position":1,"name":"home","item":"https:\/\/www.hnhlcrane.com\/"},{"@type":"ListItem","position":2,"name":"products","item":"https:\/\/www.hnhlcrane.com\/products\/"},{"@type":"ListItem","position":3,"name":"Crane brake wheel coupling"}]},{"@type":"WebSite","@id":"https:\/\/www.hnhlcrane.com\/#website","url":"https:\/\/www.hnhlcrane.com\/","name":"Daru alkatr\u00e9szek sz\u00e1ll\u00edt\u00f3ja-HL Crame","description":"Egyablakos megold\u00e1s az \u00f6sszes darualkatr\u00e9sz ig\u00e9nyeinek kiel\u00e9g\u00edt\u00e9s\u00e9re, daru kamp\u00f3, daru dob, daru ker\u00e9k, daru tengelykapcsol\u00f3, daru sebess\u00e9gv\u00e1lt\u00f3, daru motor, daru f\u00e9k, speci\u00e1lis daru sz\u00f3r\u00f3, daru markol\u00f3, kont\u00e9ner sz\u00f3r\u00f3, Billet daru bilincsek, daru C-t\u00edpus\u00fa sz\u00f3r\u00f3,Emel\u0151 elektrom\u00e1gnes,daru s\u00ednkapcsok,elektromos emel\u0151,FEM szabv\u00e1nyos daru v\u00e9gkocsik,k\u00f6nny\u0171 daru alkatr\u00e9szek,munka\u00e1llom\u00e1s daru alkatr\u00e9szek,daru elektromos alkatr\u00e9szek,I-gerenda k\u00e1bel kocsi,daru t\u00e1vir\u00e1ny\u00edt\u00f3,daru elektromos vez\u00e9rl\u0151szekr\u00e9ny,Daru v\u00e9g\u00e1ll\u00e1skapcsol\u00f3,Daru hang \u00e9s f\u00e9nyjelz\u00e9s,Heavy Duty Aviation Connector,Daru t\u00falterhel\u00e9s korl\u00e1toz\u00f3,K\u00edna daru alkatr\u00e9szek sz\u00e1ll\u00edt\u00f3ja,daru horgok,port\u00e1l daru horog,daru tartoz\u00e9kok,kov\u00e1csolt horog,horog feldolgoz\u00e1s,horog gy\u00e1rt\u00f3,K\u00edna szabv\u00e1nyos daru horog,elektromos emel\u0151 horog,daru csiga,horog csiga,hengerelt csiga,daru csiga sz\u00e1ll\u00edt\u00f3\uff0cEur\u00f3pai horog csiga,port\u00e1l daru horog csiga,WZL t\u00edpus\u00fa daru dob,eur\u00f3pai st\u00edlus\u00fa ors\u00f3 k\u00e9szlet,daru ors\u00f3,daru alkatr\u00e9szek,dobfeldolgoz\u00e1s,darudob gy\u00e1rt\u00f3,\u00f6nt\u00f6tt ac\u00e9l dob,elektromos emel\u0151dob,darudob szerelv\u00e9ny,DRS ker\u00e9kblokkok,eur\u00f3pai daru ker\u00e9k,kov\u00e1csolt kerekek,akt\u00edv ker\u00e9kk\u00e9szlet,meghajt\u00f3 ker\u00e9kk\u00e9szlet,meghajtott ker\u00e9kcsoport,daru kerekek gy\u00e1rt\u00f3ja,Demag daru kerekek,Konecranes daru kerekek,daru fels\u0151 daru ker\u00e9k,tengelykapcsol\u00f3k,er\u0151\u00e1tviteli tengelykapcsol\u00f3k,t\u00e1rcs\u00e1s tengelykapcsol\u00f3k,folyad\u00e9kkapcsol\u00f3k,kuplung gy\u00e1rt\u00f3\uff0cCardan coupling,daru reduktor,Daru lass\u00edt\u00f3k,Reduktor sebess\u00e9gv\u00e1lt\u00f3,Reduktor daru sz\u00e1m\u00e1ra,Fogasker\u00e9k reduktor daru sz\u00e1m\u00e1ra,Kem\u00e9ny fogazott fel\u00fclet reduktorDaru \u00e9s emel\u0151 reduktor,Flender reduktor,Reduktor gy\u00e1rt\u00f3,ZQ reduktor,QJ reduktor,QJY reduktor,Fogasker\u00e9k motorok,Konecranes reduktor,F sorozat h\u00e1rom az egyben reduktor,K sorozat h\u00e1rom az egyben reduktor,utaz\u00f3 g\u00e9pek,Utaz\u00f3 motor fogasker\u00e9kkel,Fogasker\u00e9kmotor daru utaz\u00e1shoz,Utaz\u00f3 g\u00e9pek frekvenciav\u00e1lt\u00f3 motorok,FEM szabv\u00e1nyos fogasker\u00e9kmotorok,daru motorok,Inverteres motorok,Emel\u0151motorok,motorDaruk\u00e9sz\u00fcl\u00e9k motorok,Speci\u00e1lis motor daru sz\u00e1m\u00e1ra,YZR YZP YZ sorozat\u00fa motorok,Daru \u00e9s emel\u0151motor,Frekvenciav\u00e1lt\u00f3 motor,Elektrohidraulikus dobf\u00e9kek,Elektrohidraulikus t\u00e1rcsaf\u00e9kek,F\u00e9k,Daru f\u00e9k,Daruf\u00e9k,T\u00e1rcsaf\u00e9kek,Elektrom\u00e1gneses t\u00e1rcsaf\u00e9k,Daru hidraulikus t\u00e1rcsaf\u00e9k,F\u00e9kek gy\u00e1rt\u00f3ja,daru biztons\u00e1gi f\u00e9kek,Egyk\u00f6teles k\u00f6t\u00e9lfog\u00f3k,N\u00e9gyk\u00f6teles fog\u00f3k,Elektrohidraulikus t\u00f6bblapos fog\u00f3k,Narancsh\u00e9j fog\u00f3k,Elektromotoros fog\u00f3k,Elektrohidraulikus kagyl\u00f3s markol\u00f3,markol\u00f3 gy\u00e1rt\u00f3k,Kont\u00e9ner sz\u00f3r\u00f3 gy\u00e1rt\u00f3k,20ft kont\u00e9ner sz\u00f3r\u00f3,f\u00e9lautomata kont\u00e9ner sz\u00f3r\u00f3,40ft kont\u00e9ner emel\u0151 keret,TEC kont\u00e9ner sz\u00f3r\u00f3,Billet emel\u0151 bilincs,Billet bilincsek,Billet daru bilincsek gy\u00e1rt\u00f3ja,billet emel\u0151 bilincsek porcel\u00e1n sz\u00e1ll\u00edt\u00f3,Coil C-type Hook,tekercs horog,fejidaru ac\u00e9l tekercs C-type Hook,daru C-hook,C-type sz\u00f3r\u00f3,C-type horog,daru m\u00e1gnesek,s\u00edn r\u00f6gz\u00edt\u0151 eszk\u00f6z,Crane Rail fixing device,daru Rail Clamp,CD\/MD Wire Rope Electric Hoist,Wire Rope Electric Hoist China Manufacturer,Single Girder Wire Rope Electric Hoist,Double Girder Wire Rope Electric Hoist,Chain Hoist,Electric chain hoist manufacturer,Electric chain hoist China distributor,European wire rope electric hoist\uff0cEuropean double beam wire rope electric hoist,European Style Single Beam Crane End Carriage,FEN\/DIN European Style Single Beam Crane End Carriage,Daru v\u00e9ggerenda gy\u00e1rt\u00f3k,Eur\u00f3pai st\u00edlus\u00fa emel\u0151 kett\u0151s gerenda daru v\u00e9ggerenda,Felf\u00fcggesztett daru v\u00e9ggerenda,Eur\u00f3pai st\u00edlus\u00fa felf\u00fcggesztett egygerend\u00e1s daru v\u00e9ggerenda,FEN\/DIN felf\u00fcggesztett daru v\u00e9ggerenda,daru k\u00e1belkocsi,vezet\u00e9k n\u00e9lk\u00fcli t\u00e1vir\u00e1ny\u00edt\u00f3,t\u00e1vir\u00e1ny\u00edt\u00f3,daru vez\u00e9rl\u0151kar,daru vez\u00e9rl\u0151k, elektromos vez\u00e9rl\u0151szekr\u00e9ny,daru vez\u00e9rl\u0151szekr\u00e9ny,v\u00e9g\u00e1ll\u00e1skapcsol\u00f3,hang \u00e9s f\u00e9nyjelz\u00e9s,rep\u00fcl\u00e9si dug\u00f3,gyorscsatlakoz\u00f3,daru rep\u00fcl\u00e9si dug\u00f3,t\u00falterhel\u00e9skorl\u00e1toz\u00f3","publisher":{"@id":"https:\/\/www.hnhlcrane.com\/#organization"},"potentialAction":[{"@type":"SearchAction","target":{"@type":"EntryPoint","urlTemplate":"https:\/\/www.hnhlcrane.com\/?s={search_term_string}"},"query-input":{"@type":"PropertyValueSpecification","valueRequired":true,"valueName":"search_term_string"}}],"inLanguage":"hu"},{"@type":"Organization","@id":"https:\/\/www.hnhlcrane.com\/#organization","name":"Daru alkatr\u00e9szek sz\u00e1ll\u00edt\u00f3ja-HL Crame","url":"https:\/\/www.hnhlcrane.com\/","logo":{"@type":"ImageObject","inLanguage":"hu","@id":"https:\/\/www.hnhlcrane.com\/#\/schema\/logo\/image\/","url":"https:\/\/www.hnhlcrane.com\/wp-content\/uploads\/2024\/09\/logo6-1-e1733899395598.png","contentUrl":"https:\/\/www.hnhlcrane.com\/wp-content\/uploads\/2024\/09\/logo6-1-e1733899395598.png","width":1000,"height":282,"caption":"Crane Parts Supplier-HL Crame"},"image":{"@id":"https:\/\/www.hnhlcrane.com\/#\/schema\/logo\/image\/"}}]}},"_links":{"self":[{"href":"https:\/\/www.hnhlcrane.com\/hu\/wp-json\/wp\/v2\/product\/4915","targetHints":{"allow":["GET"]}}],"collection":[{"href":"https:\/\/www.hnhlcrane.com\/hu\/wp-json\/wp\/v2\/product"}],"about":[{"href":"https:\/\/www.hnhlcrane.com\/hu\/wp-json\/wp\/v2\/types\/product"}],"version-history":[{"count":2,"href":"https:\/\/www.hnhlcrane.com\/hu\/wp-json\/wp\/v2\/product\/4915\/revisions"}],"predecessor-version":[{"id":6913,"href":"https:\/\/www.hnhlcrane.com\/hu\/wp-json\/wp\/v2\/product\/4915\/revisions\/6913"}],"wp:featuredmedia":[{"embeddable":true,"href":"https:\/\/www.hnhlcrane.com\/hu\/wp-json\/wp\/v2\/media\/4969"}],"wp:attachment":[{"href":"https:\/\/www.hnhlcrane.com\/hu\/wp-json\/wp\/v2\/media?parent=4915"}],"wp:term":[{"taxonomy":"product_brand","embeddable":true,"href":"https:\/\/www.hnhlcrane.com\/hu\/wp-json\/wp\/v2\/product_brand?post=4915"},{"taxonomy":"product_cat","embeddable":true,"href":"https:\/\/www.hnhlcrane.com\/hu\/wp-json\/wp\/v2\/product_cat?post=4915"},{"taxonomy":"product_tag","embeddable":true,"href":"https:\/\/www.hnhlcrane.com\/hu\/wp-json\/wp\/v2\/product_tag?post=4915"}],"curies":[{"name":"wp","href":"https:\/\/api.w.org\/{rel}","templated":true}]}}