{"id":5753,"date":"2024-12-05T22:58:36","date_gmt":"2024-12-05T14:58:36","guid":{"rendered":"https:\/\/www.hnhlcrane.com\/?post_type=product&#038;p=5753"},"modified":"2024-12-10T23:30:11","modified_gmt":"2024-12-10T15:30:11","slug":"controleur-de-pendule-de-grue","status":"publish","type":"product","link":"https:\/\/www.hnhlcrane.com\/fr\/product\/controleur-de-pendule-de-grue\/","title":{"rendered":"Contr\u00f4leur de pendule de grue"},"content":{"rendered":"<h6><strong><span style=\"font-family: arial, helvetica, sans-serif; font-size: 18pt;\">Introduction aux contr\u00f4leurs suspendus de grues<\/span><\/strong><\/h6>\n<p>Le <strong>Contr\u00f4leur de pendentif de grue<\/strong> est principalement con\u00e7u pour contr\u00f4ler diverses actions de la grue, notamment le d\u00e9marrage, l'arr\u00eat et le mouvement directionnel. Il offre une solution fiable pour les op\u00e9rations de grutage et de levage dans les environnements int\u00e9rieurs et ext\u00e9rieurs. Vous trouverez ci-dessous une description d\u00e9taill\u00e9e de ses applications, de ses m\u00e9thodes de fonctionnement, de ses caract\u00e9ristiques de s\u00e9curit\u00e9 et de ses exigences en mati\u00e8re de maintenance.<\/p>\n<h6><strong><span style=\"font-family: arial, helvetica, sans-serif; font-size: 18pt;\">Champ d'application et environnement de travail<\/span><\/strong><\/h6>\n<p>Le contr\u00f4leur suspendu de grue est adapt\u00e9 aux syst\u00e8mes de contr\u00f4le fonctionnant \u00e0 :<\/p>\n<ul>\n<li><strong>Alimentation en courant alternatif<\/strong>: 50Hz ou 60Hz, tension jusqu'\u00e0 380V.<\/li>\n<li><strong>Alimentation en courant continu<\/strong>: Tension de fonctionnement jusqu'\u00e0 220V.<\/li>\n<\/ul>\n<p>Con\u00e7u pour une utilisation en ext\u00e9rieur, le contr\u00f4leur r\u00e9siste \u00e0 la pluie, \u00e0 la neige et \u00e0 la poussi\u00e8re, ce qui le rend id\u00e9al pour des applications telles que les grues et les palans \u00e9lectriques.<\/p>\n<h6><strong><span style=\"font-family: arial, helvetica, sans-serif; font-size: 18pt;\">M\u00e9thodes de fonctionnement et caract\u00e9ristiques<\/span><\/strong><\/h6>\n<p>Les contr\u00f4leurs pendulaires de grue fonctionnent \u00e0 l'aide de boutons situ\u00e9s sur la poign\u00e9e de commande et offrent les caract\u00e9ristiques cl\u00e9s suivantes :<\/p>\n<ol>\n<li><strong>Interrupteur d'arr\u00eat d'urgence<\/strong>:<br \/>\n\u00c9quip\u00e9 d'un interrupteur d'arr\u00eat d'urgence \u00e0 t\u00eate de champignon \u00e0 r\u00e9armement rotatif, il permet d'arr\u00eater rapidement le moteur en cas d'urgence.<\/li>\n<li><strong>Contr\u00f4le directionnel<\/strong>:<br \/>\nLes boutons comportent des symboles de fl\u00e8ches internationales et les boutons de direction oppos\u00e9s sont verrouill\u00e9s m\u00e9caniquement pour emp\u00eacher toute op\u00e9ration simultan\u00e9e.<\/li>\n<li><strong>Suspension par c\u00e2ble<\/strong>:<br \/>\nLa poign\u00e9e est suspendue \u00e0 l'aide de fils d'acier souples et fins sous le bo\u00eetier \u00e9lectrique afin d'\u00e9viter toute tension sur le c\u00e2ble et tout endommagement potentiel du noyau.<\/li>\n<\/ol>\n<h6><strong><span style=\"font-family: arial, helvetica, sans-serif; font-size: 18pt;\">Dispositifs de s\u00e9curit\u00e9 et protection<\/span><\/strong><\/h6>\n<ol>\n<li><strong>Imperm\u00e9able et durable<\/strong>:<br \/>\nLe contr\u00f4leur est con\u00e7u pour r\u00e9sister aux environnements difficiles, ce qui garantit des performances constantes.<\/li>\n<li><strong>Tension de contr\u00f4le basse<\/strong>:<br \/>\nLa tension de commande des boutons est limit\u00e9e \u00e0 36V, ce qui garantit la s\u00e9curit\u00e9 de l'op\u00e9rateur pendant l'utilisation.<\/li>\n<li><strong>Indice de protection \u00e9lev\u00e9<\/strong>:<br \/>\nAvec un niveau de protection de <strong>IP65<\/strong>Le contr\u00f4leur r\u00e9siste \u00e0 l'eau et \u00e0 la poussi\u00e8re, ce qui lui permet de fonctionner dans des conditions extr\u00eames.<\/li>\n<li><strong>Isolation et r\u00e9sistance<\/strong>:<br \/>\nUne isolation de haute qualit\u00e9 garantit la s\u00e9curit\u00e9 et la fiabilit\u00e9 op\u00e9rationnelle, m\u00eame dans des environnements humides ou d\u00e9favorables.<\/li>\n<\/ol>\n<h6><strong><span style=\"font-family: arial, helvetica, sans-serif; font-size: 18pt;\">Maintenance et entretien<\/span><\/strong><\/h6>\n<p>Pour garantir une stabilit\u00e9 et une fonctionnalit\u00e9 \u00e0 long terme, suivez ces conseils d'entretien :<\/p>\n<ol>\n<li><strong>V\u00e9rification du bouton et de l'arr\u00eat d'urgence<\/strong>:<br \/>\nInspecter r\u00e9guli\u00e8rement les boutons et l'interrupteur d'arr\u00eat d'urgence pour s'assurer de leur bon fonctionnement et de leur capacit\u00e9 de r\u00e9initialisation rapide.<\/li>\n<li><strong>Visibilit\u00e9 du symbole<\/strong>:<br \/>\nVeiller \u00e0 ce que les \u00e9tiquettes des boutons restent claires et visibles pour une utilisation intuitive.<\/li>\n<li><strong>Int\u00e9grit\u00e9 du syst\u00e8me de suspension<\/strong>:<br \/>\nV\u00e9rifiez le syst\u00e8me de suspension de la poign\u00e9e pour vous assurer qu'il est bien fix\u00e9, afin d'\u00e9viter une tension excessive du c\u00e2ble ou des dommages potentiels.<\/li>\n<li><strong>Protection de l'environnement<\/strong>:<br \/>\nStocker et utiliser le contr\u00f4leur dans des conditions qui minimisent l'exposition prolong\u00e9e aux \u00e9l\u00e9ments extr\u00eames.<\/li>\n<\/ol>","protected":false},"excerpt":{"rendered":"<h6><strong><span style=\"font-family: arial, helvetica, sans-serif; font-size: 14pt;\">Sp\u00e9cifications des contr\u00f4leurs pendulaires de grues<\/span><\/strong><\/h6>\n<ul>\n<li><strong>Nombre de boutons<\/strong>: 2, 4 ou 6 boutons.<\/li>\n<li><strong>Niveau de protection<\/strong>: IP65.<\/li>\n<li><strong>Tension de contr\u00f4le<\/strong>: 36V.<\/li>\n<li><strong>Plage de temp\u00e9rature de fonctionnement<\/strong>La temp\u00e9rature de fonctionnement est comprise entre -40\u00b0C et +85\u00b0C.<\/li>\n<\/ul>","protected":false},"featured_media":5754,"template":"","meta":{"_kad_post_transparent":"default","_kad_post_title":"","_kad_post_layout":"default","_kad_post_sidebar_id":"","_kad_post_content_style":"default","_kad_post_vertical_padding":"show","_kad_post_feature":"","_kad_post_feature_position":"","_kad_post_header":false,"_kad_post_footer":false},"product_brand":[],"product_cat":[65],"product_tag":[293,294,284,295],"class_list":{"0":"post-5753","1":"product","2":"type-product","3":"status-publish","4":"has-post-thumbnail","6":"product_cat-crane-electrical-parts","7":"product_tag-crane-control-handle","8":"product_tag-crane-controls","9":"product_tag-crane-electrical-parts","10":"product_tag-crane-pendant-controller","12":"first","13":"instock","14":"shipping-taxable","15":"product-type-simple","16":"entry","17":"content-bg","18":"loop-entry"},"yoast_head":"<!-- This site is optimized with the Yoast SEO plugin v25.6 - https:\/\/yoast.com\/wordpress\/plugins\/seo\/ -->\n<title>Crane pendant controller -Crane control handle-Crane Controls<\/title>\n<meta name=\"description\" content=\"Crane control handle,Crane Controls,Crane pendant controller,Pendant controller manufacturer,Crane pendant controller Supplier,Crane Electrical Parts\" \/>\n<meta name=\"robots\" content=\"index, follow, max-snippet:-1, max-image-preview:large, max-video-preview:-1\" \/>\n<link rel=\"canonical\" href=\"https:\/\/www.hnhlcrane.com\/fr\/product\/controleur-de-pendule-de-grue\/\" \/>\n<meta property=\"og:locale\" content=\"fr_FR\" \/>\n<meta property=\"og:type\" content=\"article\" \/>\n<meta property=\"og:title\" content=\"Crane pendant controller -Crane control handle-Crane Controls\" \/>\n<meta property=\"og:description\" content=\"Crane control handle,Crane Controls,Crane pendant controller,Pendant controller manufacturer,Crane pendant controller Supplier,Crane Electrical Parts\" \/>\n<meta property=\"og:url\" content=\"https:\/\/www.hnhlcrane.com\/fr\/product\/controleur-de-pendule-de-grue\/\" \/>\n<meta property=\"og:site_name\" content=\"Crane Parts Supplier-HL Crame\" \/>\n<meta property=\"article:modified_time\" content=\"2024-12-10T15:30:11+00:00\" \/>\n<meta property=\"og:image\" content=\"https:\/\/www.hnhlcrane.com\/wp-content\/uploads\/2024\/12\/Crane-Pendant-Controllers-1.jpg\" \/>\n\t<meta property=\"og:image:width\" content=\"600\" \/>\n\t<meta property=\"og:image:height\" content=\"600\" \/>\n\t<meta property=\"og:image:type\" content=\"image\/jpeg\" \/>\n<meta name=\"twitter:card\" content=\"summary_large_image\" \/>\n<meta name=\"twitter:label1\" content=\"Dur\u00e9e de lecture estim\u00e9e\" \/>\n\t<meta name=\"twitter:data1\" content=\"2 minutes\" \/>\n<script type=\"application\/ld+json\" class=\"yoast-schema-graph\">{\"@context\":\"https:\/\/schema.org\",\"@graph\":[{\"@type\":\"WebPage\",\"@id\":\"https:\/\/www.hnhlcrane.com\/product\/crane-pendant-controller\/\",\"url\":\"https:\/\/www.hnhlcrane.com\/product\/crane-pendant-controller\/\",\"name\":\"Crane pendant controller -Crane control handle-Crane Controls\",\"isPartOf\":{\"@id\":\"https:\/\/www.hnhlcrane.com\/#website\"},\"primaryImageOfPage\":{\"@id\":\"https:\/\/www.hnhlcrane.com\/product\/crane-pendant-controller\/#primaryimage\"},\"image\":{\"@id\":\"https:\/\/www.hnhlcrane.com\/product\/crane-pendant-controller\/#primaryimage\"},\"thumbnailUrl\":\"https:\/\/www.hnhlcrane.com\/wp-content\/uploads\/2024\/12\/Crane-Pendant-Controllers-1.jpg\",\"datePublished\":\"2024-12-05T14:58:36+00:00\",\"dateModified\":\"2024-12-10T15:30:11+00:00\",\"description\":\"Crane control handle,Crane Controls,Crane pendant controller,Pendant controller manufacturer,Crane pendant controller Supplier,Crane Electrical Parts\",\"breadcrumb\":{\"@id\":\"https:\/\/www.hnhlcrane.com\/product\/crane-pendant-controller\/#breadcrumb\"},\"inLanguage\":\"fr-FR\",\"potentialAction\":[{\"@type\":\"ReadAction\",\"target\":[\"https:\/\/www.hnhlcrane.com\/product\/crane-pendant-controller\/\"]}]},{\"@type\":\"ImageObject\",\"inLanguage\":\"fr-FR\",\"@id\":\"https:\/\/www.hnhlcrane.com\/product\/crane-pendant-controller\/#primaryimage\",\"url\":\"https:\/\/www.hnhlcrane.com\/wp-content\/uploads\/2024\/12\/Crane-Pendant-Controllers-1.jpg\",\"contentUrl\":\"https:\/\/www.hnhlcrane.com\/wp-content\/uploads\/2024\/12\/Crane-Pendant-Controllers-1.jpg\",\"width\":600,\"height\":600},{\"@type\":\"BreadcrumbList\",\"@id\":\"https:\/\/www.hnhlcrane.com\/product\/crane-pendant-controller\/#breadcrumb\",\"itemListElement\":[{\"@type\":\"ListItem\",\"position\":1,\"name\":\"home\",\"item\":\"https:\/\/www.hnhlcrane.com\/\"},{\"@type\":\"ListItem\",\"position\":2,\"name\":\"products\",\"item\":\"https:\/\/www.hnhlcrane.com\/products\/\"},{\"@type\":\"ListItem\",\"position\":3,\"name\":\"Crane pendant controller\"}]},{\"@type\":\"WebSite\",\"@id\":\"https:\/\/www.hnhlcrane.com\/#website\",\"url\":\"https:\/\/www.hnhlcrane.com\/\",\"name\":\"Crane Parts Supplier-HL Crame\",\"description\":\"One-stop solution for all your  crane parts needs,Crane Hook,Crane Drum,Crane Wheel,Crane Coupling,Crane Gearbox,Crane Motor,Crane Brake,Special Crane Spreader,Crane grab,Container spreader,Billet crane clamps,Crane C-type spreader,Lifting Electromagnet,Crane Rail Clips,Electric Hoist,FEM Standard Crane End Carriages,Light Crane Parts,Workstation Crane Parts,Crane Electrical Parts,I-beam cable trolley,Crane remote controller,Crane electrical control cabinet,Crane limit switch,Crane sound and light alarm,Heavy Duty Aviation Connector,Crane overload limiter,China Crane Parts Supplier,Crane hooks,Gantry crane hook,Crane accessories,Forged hook,hook processing,Hook manufacturer,China standard crane hook,electric hoist hook,Crane pulley,Hook pulley,Rolled pulley,Crane Pulley Supplier\uff0cEuropean hook pulley,Gantry crane hook pulley,WZL type crane drum,European style reel set,Crane reel,crane parts,Drum processing,crane drum manufacturer,Cast steel drum,Electric hoist drum,Crane drum assembly,DRS Wheel Blocks,European crane wheel,Forged wheels,Active wheel set,Driving wheel set,Driven wheel group,crane wheels manufacturer,Demag crane wheels,Konecranes Crane Wheels,Overhead crane Wheel,Shaft couplings,Power Transmission Couplings,Disc Couplings,Fluid couplings,Coupling manufacturer\uff0cCardan coupling,Crane Reducer,Crane Decelerators,Reducer gearbox,Reducer for crane,Gear Reducer For Crane,Hard tooth surface reducerCrane and hoist reducer,Flender reducer,Reducer manufacturer,ZQ reducer,QJ reducer,QJY reducer,Gear Motors,Konecranes reducer,F series three-in-one reducer,K series three-in-one reducer,travelling machinery,Travelling Motor With Gear,Gear Motor for Crane Traveling,Travelling machinery Frequency inverter motors,FEM standard Gear Motors,Crane motors,Inverter motors,Hoist motors,motorCrane duty motors,Special motor for crane,YZR YZP YZ series motors,Crane and hoist motor,Frequency conversion motor,Electro hydraulic drum brakes,Electro-hydraulic disc brakes,Brake,Overhead Crane Brakes,Disc brakes,Electromagnetic disk brake,Crane hydraulic disc brake,Brakes manufacturer,crane Safety brakes,Singlr rope grab,Four rope grab,Electro-hydraulic multi-flap grab,Orange peel grab,Electric motor grab,Electro-Hydraulicclamshell grab,grab manufacturers,Container spreader manufacturers,20ft Container Spreader,Semi Automatic container spreader,40ft Container Lifting Frame,TEC container Spreader,Billet lifting clamp,Billet Clamps,Billet crane clamps manufacturer,billet lifting clamps china supplier,Coil C-Type Hook,coil hook,Overhead Crane Steel Coil C-Type Hook,Crane C-hook,C-type spreader,C-type hook,Crane magnets,Rail fixing device,Crane Rail fixing device,crane Rail Clamp,CD\/MD Wire Rope Electric Hoist,Wire Rope Electric Hoist China Manufacturer,Single Girder Wire Rope Electric Hoist,Double Girder Wire Rope Electric Hoist,Chain Hoist,Electric chain hoist manufacturer,Electric chain hoist China distributor,European wire rope electric hoist\uff0cEuropean double beam wire rope electric hoist,European Style Single Beam Crane End Carriage,FEN\/DIN European Style Single Beam Crane End Carriage,Crane end beam manufacturers,European style hoist double beam crane end beam,Suspension crane end beam,European style suspended single beam crane end beam,FEN\/DIN Suspension crane end beam,crane cable trolley,Wireless remote control,remote controller,Crane control handle,Crane Controls,electrical control cabinet,crane control cabinet,Limit switch,Sound and light alarm,Aviation plug,quick connector,Crane aviation plug,Overload limiter\",\"publisher\":{\"@id\":\"https:\/\/www.hnhlcrane.com\/#organization\"},\"potentialAction\":[{\"@type\":\"SearchAction\",\"target\":{\"@type\":\"EntryPoint\",\"urlTemplate\":\"https:\/\/www.hnhlcrane.com\/?s={search_term_string}\"},\"query-input\":{\"@type\":\"PropertyValueSpecification\",\"valueRequired\":true,\"valueName\":\"search_term_string\"}}],\"inLanguage\":\"fr-FR\"},{\"@type\":\"Organization\",\"@id\":\"https:\/\/www.hnhlcrane.com\/#organization\",\"name\":\"Crane Parts Supplier-HL Crame\",\"url\":\"https:\/\/www.hnhlcrane.com\/\",\"logo\":{\"@type\":\"ImageObject\",\"inLanguage\":\"fr-FR\",\"@id\":\"https:\/\/www.hnhlcrane.com\/#\/schema\/logo\/image\/\",\"url\":\"https:\/\/www.hnhlcrane.com\/wp-content\/uploads\/2024\/09\/logo6-1-e1733899395598.png\",\"contentUrl\":\"https:\/\/www.hnhlcrane.com\/wp-content\/uploads\/2024\/09\/logo6-1-e1733899395598.png\",\"width\":1000,\"height\":282,\"caption\":\"Crane Parts Supplier-HL Crame\"},\"image\":{\"@id\":\"https:\/\/www.hnhlcrane.com\/#\/schema\/logo\/image\/\"}}]}<\/script>\n<!-- \/ Yoast SEO plugin. -->","yoast_head_json":{"title":"Contr\u00f4leur pendulaire de grue - Poign\u00e9e de commande de grue - Commandes de grue","description":"Poign\u00e9e de commande de grue,Commandes de grue,Contr\u00f4leur pendentif de grue,Fabricant de contr\u00f4leur pendentif de grue,Fournisseur de contr\u00f4leur pendentif de grue,Pi\u00e8ces d\u00e9tach\u00e9es \u00e9lectriques de grue","robots":{"index":"index","follow":"follow","max-snippet":"max-snippet:-1","max-image-preview":"max-image-preview:large","max-video-preview":"max-video-preview:-1"},"canonical":"https:\/\/www.hnhlcrane.com\/fr\/product\/controleur-de-pendule-de-grue\/","og_locale":"fr_FR","og_type":"article","og_title":"Crane pendant controller -Crane control handle-Crane Controls","og_description":"Crane control handle,Crane Controls,Crane pendant controller,Pendant controller manufacturer,Crane pendant controller Supplier,Crane Electrical Parts","og_url":"https:\/\/www.hnhlcrane.com\/fr\/product\/controleur-de-pendule-de-grue\/","og_site_name":"Crane Parts Supplier-HL Crame","article_modified_time":"2024-12-10T15:30:11+00:00","og_image":[{"width":600,"height":600,"url":"https:\/\/www.hnhlcrane.com\/wp-content\/uploads\/2024\/12\/Crane-Pendant-Controllers-1.jpg","type":"image\/jpeg"}],"twitter_card":"summary_large_image","twitter_misc":{"Dur\u00e9e de lecture estim\u00e9e":"2 minutes"},"schema":{"@context":"https:\/\/schema.org","@graph":[{"@type":"WebPage","@id":"https:\/\/www.hnhlcrane.com\/product\/crane-pendant-controller\/","url":"https:\/\/www.hnhlcrane.com\/product\/crane-pendant-controller\/","name":"Contr\u00f4leur pendulaire de grue - Poign\u00e9e de commande de grue - Commandes de grue","isPartOf":{"@id":"https:\/\/www.hnhlcrane.com\/#website"},"primaryImageOfPage":{"@id":"https:\/\/www.hnhlcrane.com\/product\/crane-pendant-controller\/#primaryimage"},"image":{"@id":"https:\/\/www.hnhlcrane.com\/product\/crane-pendant-controller\/#primaryimage"},"thumbnailUrl":"https:\/\/www.hnhlcrane.com\/wp-content\/uploads\/2024\/12\/Crane-Pendant-Controllers-1.jpg","datePublished":"2024-12-05T14:58:36+00:00","dateModified":"2024-12-10T15:30:11+00:00","description":"Poign\u00e9e de commande de grue,Commandes de grue,Contr\u00f4leur pendentif de grue,Fabricant de contr\u00f4leur pendentif de grue,Fournisseur de contr\u00f4leur pendentif de grue,Pi\u00e8ces d\u00e9tach\u00e9es \u00e9lectriques de grue","breadcrumb":{"@id":"https:\/\/www.hnhlcrane.com\/product\/crane-pendant-controller\/#breadcrumb"},"inLanguage":"fr-FR","potentialAction":[{"@type":"ReadAction","target":["https:\/\/www.hnhlcrane.com\/product\/crane-pendant-controller\/"]}]},{"@type":"ImageObject","inLanguage":"fr-FR","@id":"https:\/\/www.hnhlcrane.com\/product\/crane-pendant-controller\/#primaryimage","url":"https:\/\/www.hnhlcrane.com\/wp-content\/uploads\/2024\/12\/Crane-Pendant-Controllers-1.jpg","contentUrl":"https:\/\/www.hnhlcrane.com\/wp-content\/uploads\/2024\/12\/Crane-Pendant-Controllers-1.jpg","width":600,"height":600},{"@type":"BreadcrumbList","@id":"https:\/\/www.hnhlcrane.com\/product\/crane-pendant-controller\/#breadcrumb","itemListElement":[{"@type":"ListItem","position":1,"name":"home","item":"https:\/\/www.hnhlcrane.com\/"},{"@type":"ListItem","position":2,"name":"products","item":"https:\/\/www.hnhlcrane.com\/products\/"},{"@type":"ListItem","position":3,"name":"Crane pendant controller"}]},{"@type":"WebSite","@id":"https:\/\/www.hnhlcrane.com\/#website","url":"https:\/\/www.hnhlcrane.com\/","name":"Fournisseur de pi\u00e8ces pour grues - HL Crame","description":"Une solution unique pour tous vos besoins en pi\u00e8ces de grue,Crochet de grue,Tambour de grue,Roue de grue,Accouplement de grue,Bo\u00eete de vitesse de grue,Moteur de grue,Frein de grue,\u00c9carteur sp\u00e9cial de grue,Grappin de grue,\u00c9carteur de conteneur,Pinces de grue \u00e0 billes,\u00c9carteur de grue de type C,\u00c9lectro-aimant de levage, pinces pour rail de grue, palan \u00e9lectrique, chariot d'extr\u00e9mit\u00e9 de grue aux normes FEM, pi\u00e8ces pour grues l\u00e9g\u00e8res, pi\u00e8ces pour grues \u00e0 poste de travail, pi\u00e8ces \u00e9lectriques pour grues, chariot de c\u00e2ble \u00e0 poutre en I, t\u00e9l\u00e9commande de grue, armoire de commande \u00e9lectrique de grue,Interrupteur de fin de course de grue,Alarme sonore et lumineuse de grue,Connecteur d'aviation \u00e0 usage intensif,Limiteur de surcharge de grue,Fournisseur chinois de pi\u00e8ces de grue,Crochets de grue,Crochet de grue \u00e0 portique,Accessoires de grue,Crochet forg\u00e9,Traitement des crochets,Fabricant de crochets,Crochet de grue standard chinois,Crochet de palan \u00e9lectrique,Poulie de grue,Poulie \u00e0 crochet,Poulie roul\u00e9e,Fournisseur de poulies de grue\uff0cPoulie \u00e0 crochet europ\u00e9enne,Poulie \u00e0 crochet de grue \u00e0 portique,Tambour de grue de type WZL,Enrouleur de grue de style europ\u00e9en,Enrouleur de grue,pi\u00e8ces de grue, traitement des tambours, fabricant de tambours de grue, tambour en acier moul\u00e9, tambour de palan \u00e9lectrique, assemblage de tambour de grue, blocs de roue DRS, roue de grue europ\u00e9enne, roues forg\u00e9es, ensemble de roues actives, ensemble de roues motrices, groupe de roues motrices, fabricant de roues de grue, roues de grue Demag, roues de grue Konecranes, roue de pont roulant, accouplements d'arbre, accouplements de transmission de puissance, accouplements \u00e0 disque, accouplements de fluide, fabricant d'accouplements\uff0cAccouplement de cardan, r\u00e9ducteur de grue,R\u00e9ducteur de grue,R\u00e9ducteur pour grue,R\u00e9ducteur pour grue,R\u00e9ducteur \u00e0 denture dure,R\u00e9ducteur pour grue et palan,R\u00e9ducteur Flender,Fabricant de r\u00e9ducteurs,R\u00e9ducteur ZQ,R\u00e9ducteur QJ,R\u00e9ducteur QJY,Moteurs \u00e0 engrenages,R\u00e9ducteur Konecranes,R\u00e9ducteur trois en un de la s\u00e9rie F,R\u00e9ducteur trois en un de la s\u00e9rie K,Machines de d\u00e9placement,Moteur de d\u00e9placement avec engrenage,Moteur \u00e0 engrenage pour le d\u00e9placement de la grue,Machines de d\u00e9placement,Moteurs \u00e0 convertisseur de fr\u00e9quence,Moteurs \u00e0 engrenage standard FEM,Moteurs de grue,Moteurs \u00e0 convertisseur de fr\u00e9quence,Moteurs de levage,Moteurs pour grues,Moteurs sp\u00e9ciaux pour grues,Moteurs de la s\u00e9rie YZR YZP YZ,Moteurs pour grues et palans,Moteurs \u00e0 convertisseur de fr\u00e9quence,Freins \u00e0 tambour \u00e9lectro-hydrauliques,Freins \u00e0 disque \u00e9lectro-hydrauliques,Freins,Freins pour ponts roulants,Freins \u00e0 disque,Frein \u00e0 disque \u00e9lectromagn\u00e9tique,Frein \u00e0 disque hydraulique pour grues,Fabricant de freins,Freins de s\u00e9curit\u00e9 pour grues,Pince \u00e0 c\u00e2ble unique,Pince \u00e0 quatre c\u00e2bles,Pince \u00e9lectro-hydraulique \u00e0 clapets multiples,Pince \u00e0 peau d'orange,Pince \u00e0 moteur \u00e9lectrique,Grappin \u00e0 benne \u00e9lectro-hydraulique, fabricant de grappins, fabricant d'\u00e9carteurs de conteneurs, \u00e9carteur de conteneurs de 20 pieds, \u00e9carteur de conteneurs semi-automatique, ch\u00e2ssis de levage de conteneurs de 40 pieds, \u00e9carteur de conteneurs TEC, pince de levage \u00e0 billes, pinces \u00e0 billes, fabricant de pinces \u00e0 billes pour grues, fournisseur chinois de pinces de levage \u00e0 billes, crochet de bobine en C, crochet de bobine, crochet de bobine en C pour ponts roulants, crochet en C pour grues, \u00e9carteur de type C, crochet de type C, aimants pour grues, dispositif de fixation de rail,Dispositif de fixation de rail de grue,Pince de rail de grue,Palan \u00e9lectrique \u00e0 c\u00e2ble CD\/MD,Palan \u00e9lectrique \u00e0 c\u00e2ble en Chine,Palan \u00e9lectrique \u00e0 c\u00e2ble monopoutre,Palan \u00e9lectrique \u00e0 c\u00e2ble bipoutre,Palan \u00e0 cha\u00eene,Palan \u00e9lectrique \u00e0 cha\u00eene,Fabricant de palan \u00e9lectrique \u00e0 cha\u00eene,Palan \u00e9lectrique \u00e0 cha\u00eene en Chine,Palan \u00e9lectrique \u00e0 c\u00e2ble\uff0cPalan \u00e9lectrique \u00e0 c\u00e2ble bipoutre en Europe,Chariot d'extr\u00e9mit\u00e9 de grue monopoutre de style europ\u00e9en,Chariot d'extr\u00e9mit\u00e9 de grue monopoutre de style europ\u00e9en FEN\/DIN,Fabricant de poutres d'extr\u00e9mit\u00e9 de grues,Poutre d'extr\u00e9mit\u00e9 de grue \u00e0 double poutre,Poutre d'extr\u00e9mit\u00e9 de grue suspendue,Poutre d'extr\u00e9mit\u00e9 de grue suspendue de style europ\u00e9en,FEN\/DIN Poutre d'extr\u00e9mit\u00e9 de grue suspendue,Chariot de c\u00e2ble de grue,T\u00e9l\u00e9commande sans fil,T\u00e9l\u00e9commande,Poign\u00e9e de commande de grue,Commandes de grue,Armoire de commande \u00e9lectrique,Armoire de commande de grue,Interrupteur de fin de course,Alarme sonore et lumineuse,Prise aviation,Connecteur rapide,Prise aviation de grue,Limiteur de surcharge","publisher":{"@id":"https:\/\/www.hnhlcrane.com\/#organization"},"potentialAction":[{"@type":"SearchAction","target":{"@type":"EntryPoint","urlTemplate":"https:\/\/www.hnhlcrane.com\/?s={search_term_string}"},"query-input":{"@type":"PropertyValueSpecification","valueRequired":true,"valueName":"search_term_string"}}],"inLanguage":"fr-FR"},{"@type":"Organization","@id":"https:\/\/www.hnhlcrane.com\/#organization","name":"Fournisseur de pi\u00e8ces pour grues - HL Crame","url":"https:\/\/www.hnhlcrane.com\/","logo":{"@type":"ImageObject","inLanguage":"fr-FR","@id":"https:\/\/www.hnhlcrane.com\/#\/schema\/logo\/image\/","url":"https:\/\/www.hnhlcrane.com\/wp-content\/uploads\/2024\/09\/logo6-1-e1733899395598.png","contentUrl":"https:\/\/www.hnhlcrane.com\/wp-content\/uploads\/2024\/09\/logo6-1-e1733899395598.png","width":1000,"height":282,"caption":"Crane Parts Supplier-HL Crame"},"image":{"@id":"https:\/\/www.hnhlcrane.com\/#\/schema\/logo\/image\/"}}]}},"_links":{"self":[{"href":"https:\/\/www.hnhlcrane.com\/fr\/wp-json\/wp\/v2\/product\/5753","targetHints":{"allow":["GET"]}}],"collection":[{"href":"https:\/\/www.hnhlcrane.com\/fr\/wp-json\/wp\/v2\/product"}],"about":[{"href":"https:\/\/www.hnhlcrane.com\/fr\/wp-json\/wp\/v2\/types\/product"}],"version-history":[{"count":0,"href":"https:\/\/www.hnhlcrane.com\/fr\/wp-json\/wp\/v2\/product\/5753\/revisions"}],"wp:featuredmedia":[{"embeddable":true,"href":"https:\/\/www.hnhlcrane.com\/fr\/wp-json\/wp\/v2\/media\/5754"}],"wp:attachment":[{"href":"https:\/\/www.hnhlcrane.com\/fr\/wp-json\/wp\/v2\/media?parent=5753"}],"wp:term":[{"taxonomy":"product_brand","embeddable":true,"href":"https:\/\/www.hnhlcrane.com\/fr\/wp-json\/wp\/v2\/product_brand?post=5753"},{"taxonomy":"product_cat","embeddable":true,"href":"https:\/\/www.hnhlcrane.com\/fr\/wp-json\/wp\/v2\/product_cat?post=5753"},{"taxonomy":"product_tag","embeddable":true,"href":"https:\/\/www.hnhlcrane.com\/fr\/wp-json\/wp\/v2\/product_tag?post=5753"}],"curies":[{"name":"wp","href":"https:\/\/api.w.org\/{rel}","templated":true}]}}