{"id":5524,"date":"2024-11-29T21:45:30","date_gmt":"2024-11-29T13:45:30","guid":{"rendered":"https:\/\/www.hnhlcrane.com\/?post_type=product&#038;p=5524"},"modified":"2025-09-14T22:47:54","modified_gmt":"2025-09-14T14:47:54","slug":"clips-de-rail-cgwk","status":"publish","type":"product","link":"https:\/\/www.hnhlcrane.com\/fr\/product\/clips-de-rail-cgwk\/","title":{"rendered":"Clips de rail CGWK"},"content":{"rendered":"<h6><span style=\"font-family: arial, helvetica, sans-serif; font-size: 18pt;\"><strong>Caract\u00e9ristiques des pinces \u00e0 rail CGWK<\/strong><\/span><\/h6>\n<ol>\n<li><strong>Soudage de plaques de base<\/strong>:<br \/>\nLa plaque de base CGWK est soud\u00e9e \u00e0 l'aile sup\u00e9rieure de la poutre de grue en acier \u00e0 l'aide de soudures d'angle sur deux c\u00f4t\u00e9s ou de soudures enveloppantes sur trois c\u00f4t\u00e9s. Cela garantit que les forces lat\u00e9rales horizontales de la grue sont transmises uniform\u00e9ment \u00e0 la poutre de la grue, \u00e9vitant ainsi les faiblesses structurelles caus\u00e9es par un per\u00e7age important sur la bride de la poutre.<\/li>\n<li><strong>Connexion sph\u00e9rique \u00e0 charni\u00e8re<\/strong>:<br \/>\nLa plaque de base et la plaque de serrage sup\u00e9rieure sont reli\u00e9es par une charni\u00e8re sph\u00e9rique. Cette conception permet une l\u00e9g\u00e8re inclinaison sous l'effet des forces lat\u00e9rales, ce qui att\u00e9nue efficacement l'impact des forces horizontales sur la poutre de la grue et les syst\u00e8mes de freinage.<\/li>\n<li><strong>Positionnement Proximit\u00e9<\/strong>:<br \/>\nLa plaque de base du CGWK est positionn\u00e9e \u00e0 environ <strong>1mm<\/strong> sous le bord inf\u00e9rieur du rail, ce qui limite efficacement le mouvement lat\u00e9ral du rail.<\/li>\n<li><strong>Boulons sp\u00e9ciaux pour la stabilit\u00e9<\/strong>:<br \/>\nDes boulons sp\u00e9ciaux sont utilis\u00e9s pour optimiser la r\u00e9partition de la charge sur les composants de fixation, et la plaque de serrage sup\u00e9rieure peut \u00eatre facilement retir\u00e9e, ce qui facilite grandement l'installation et la maintenance.<\/li>\n<li><strong>Mat\u00e9riau et r\u00e9sistance<\/strong>:<br \/>\nTous les \u00e9l\u00e9ments de fixation sont fabriqu\u00e9s en acier \u00e0 haute r\u00e9sistance faiblement alli\u00e9. Les <strong>M20 Grade 8.8<\/strong> Les boulons de r\u00e9sistance sont serr\u00e9s \u00e0 un couple de <strong>220N-m<\/strong>et le syst\u00e8me peut r\u00e9sister \u00e0 une force lat\u00e9rale maximale de <strong>65kN<\/strong> \u00e0 chaque point de charge de la roue.<\/li>\n<\/ol>\n<h6><span style=\"font-family: arial, helvetica, sans-serif; font-size: 18pt;\"><strong>Instructions d'installation pour le CGWK<a href=\"https:\/\/www.hnhlcrane.com\/fr\/produits\/clips-pour-rail-de-grue\/\" target=\"_blank\" rel=\"noopener\"> Clips de rail<\/a><\/strong><\/span><\/h6>\n<ol>\n<li><strong>Alignement des rails<\/strong>:<br \/>\nAlignez le rail selon les sp\u00e9cifications de conception avant de commencer l'installation.<\/li>\n<li><strong>Positionnement de la plaque de base<\/strong>:\n<ul>\n<li>Positionner les plaques de base le long de la direction du rail \u00e0 des intervalles de <strong>500mm<\/strong>.<\/li>\n<li>Veillez \u00e0 ce que la distance perpendiculaire entre le centre du boulon et le centre du rail (valeur <strong>a<\/strong>) est correctement positionn\u00e9.<\/li>\n<\/ul>\n<\/li>\n<li><strong>Soudage de plaques de base<\/strong>:<br \/>\nSouder la plaque de base \u00e0 la poutre de la grue en utilisant la m\u00e9thode sp\u00e9cifi\u00e9e (soudage sur deux ou trois faces).<\/li>\n<li><strong>Assemblage des composants<\/strong>:<br \/>\nAssembler les clips dans l'ordre suivant :<\/p>\n<ul>\n<li>Positionner les boulons<\/li>\n<li>Placer la plaque de serrage sup\u00e9rieure<\/li>\n<li>Ajouter les rondelles plates, les rondelles \u00e9lastiques et les \u00e9crous<\/li>\n<li>Serrer les \u00e9crous au couple de <strong>220N-m<\/strong>.<\/li>\n<\/ul>\n<\/li>\n<\/ol>\n<p><img fetchpriority=\"high\" decoding=\"async\" class=\"alignnone wp-image-5526\" src=\"https:\/\/www.hnhlcrane.com\/wp-content\/uploads\/2024\/11\/CGWK-Rail-Clips-1-300x103.jpg\" alt=\"\" width=\"804\" height=\"276\" srcset=\"https:\/\/www.hnhlcrane.com\/wp-content\/uploads\/2024\/11\/CGWK-Rail-Clips-1-300x103.jpg 300w, https:\/\/www.hnhlcrane.com\/wp-content\/uploads\/2024\/11\/CGWK-Rail-Clips-1-768x263.jpg 768w, https:\/\/www.hnhlcrane.com\/wp-content\/uploads\/2024\/11\/CGWK-Rail-Clips-1-600x205.jpg 600w, https:\/\/www.hnhlcrane.com\/wp-content\/uploads\/2024\/11\/CGWK-Rail-Clips-1.jpg 1000w\" sizes=\"(max-width: 804px) 100vw, 804px\" \/><\/p>","protected":false},"excerpt":{"rendered":"<h6><span style=\"font-family: arial, helvetica, sans-serif; font-size: 14pt;\"><strong>Sp\u00e9cifications des attaches de rail CGWK<\/strong><\/span><\/h6>\n<ul>\n<li><strong>Mod\u00e8les<\/strong>: CGWK38, CGWK43, CGWK50, CGWK60, CGWK70, CGWK80, CGWK100, CGWK120<\/li>\n<li><strong>M\u00e9thode de fixation<\/strong>: Plaque de base soud\u00e9e<\/li>\n<\/ul>","protected":false},"featured_media":5525,"template":"","meta":{"_kad_post_transparent":"default","_kad_post_title":"","_kad_post_layout":"default","_kad_post_sidebar_id":"","_kad_post_content_style":"default","_kad_post_vertical_padding":"show","_kad_post_feature":"","_kad_post_feature_position":"","_kad_post_header":false,"_kad_post_footer":false},"product_brand":[],"product_cat":[83],"product_tag":[224,223,222,221,218,214,217,225,228,216,226,219,227,215,220],"class_list":{"0":"post-5524","1":"product","2":"type-product","3":"status-publish","4":"has-post-thumbnail","6":"product_cat-crane-rail-clips","7":"product_tag-05g525-rail-clips","8":"product_tag-cgbk-rail-clips","9":"product_tag-cgek-rail-clips","10":"product_tag-cgwk-rail-clips","11":"product_tag-crane-rail-clamp","12":"product_tag-crane-rail-clips","13":"product_tag-crane-rail-fixing-device","14":"product_tag-hdgy-rail-clips","15":"product_tag-rail-connection-splint","16":"product_tag-rail-fixing-device","17":"product_tag-rail-joints","18":"product_tag-swjk-rail-clips","19":"product_tag-tracks-jointing-plates","20":"product_tag-wjk-rail-clips","21":"product_tag-wjkc-rail-clips","23":"first","24":"instock","25":"shipping-taxable","26":"product-type-simple","27":"entry","28":"content-bg","29":"loop-entry"},"yoast_head":"<!-- This site is optimized with the Yoast SEO plugin v25.6 - https:\/\/yoast.com\/wordpress\/plugins\/seo\/ -->\n<title>CGWK Rail Clips \u2013 Durable &amp; Reliable Rail Fastening Solution<\/title>\n<meta name=\"description\" content=\"High-quality CGWK Rail Clips for secure and long-lasting rail connections. Ideal for railways, industrial tracks, and heavy-duty applications.\" \/>\n<meta name=\"robots\" content=\"index, follow, max-snippet:-1, max-image-preview:large, max-video-preview:-1\" \/>\n<link rel=\"canonical\" href=\"https:\/\/www.hnhlcrane.com\/fr\/product\/clips-de-rail-cgwk\/\" \/>\n<meta property=\"og:locale\" content=\"fr_FR\" \/>\n<meta property=\"og:type\" content=\"article\" \/>\n<meta property=\"og:title\" content=\"CGWK Rail Clips \u2013 Durable &amp; Reliable Rail Fastening Solution\" \/>\n<meta property=\"og:description\" content=\"High-quality CGWK Rail Clips for secure and long-lasting rail connections. Ideal for railways, industrial tracks, and heavy-duty applications.\" \/>\n<meta property=\"og:url\" content=\"https:\/\/www.hnhlcrane.com\/fr\/product\/clips-de-rail-cgwk\/\" \/>\n<meta property=\"og:site_name\" content=\"Crane Parts Supplier-HL Crame\" \/>\n<meta property=\"article:modified_time\" content=\"2025-09-14T14:47:54+00:00\" \/>\n<meta property=\"og:image\" content=\"https:\/\/www.hnhlcrane.com\/wp-content\/uploads\/2024\/11\/CGWK-Rail-Clips.jpg\" \/>\n\t<meta property=\"og:image:width\" content=\"600\" \/>\n\t<meta property=\"og:image:height\" content=\"600\" \/>\n\t<meta property=\"og:image:type\" content=\"image\/jpeg\" \/>\n<meta name=\"twitter:card\" content=\"summary_large_image\" \/>\n<meta name=\"twitter:label1\" content=\"Dur\u00e9e de lecture estim\u00e9e\" \/>\n\t<meta name=\"twitter:data1\" content=\"2 minutes\" \/>\n<script type=\"application\/ld+json\" class=\"yoast-schema-graph\">{\"@context\":\"https:\/\/schema.org\",\"@graph\":[{\"@type\":\"WebPage\",\"@id\":\"https:\/\/www.hnhlcrane.com\/product\/cgwk-rail-clips\/\",\"url\":\"https:\/\/www.hnhlcrane.com\/product\/cgwk-rail-clips\/\",\"name\":\"CGWK Rail Clips \u2013 Durable & Reliable Rail Fastening Solution\",\"isPartOf\":{\"@id\":\"https:\/\/www.hnhlcrane.com\/#website\"},\"primaryImageOfPage\":{\"@id\":\"https:\/\/www.hnhlcrane.com\/product\/cgwk-rail-clips\/#primaryimage\"},\"image\":{\"@id\":\"https:\/\/www.hnhlcrane.com\/product\/cgwk-rail-clips\/#primaryimage\"},\"thumbnailUrl\":\"https:\/\/www.hnhlcrane.com\/wp-content\/uploads\/2024\/11\/CGWK-Rail-Clips.jpg\",\"datePublished\":\"2024-11-29T13:45:30+00:00\",\"dateModified\":\"2025-09-14T14:47:54+00:00\",\"description\":\"High-quality CGWK Rail Clips for secure and long-lasting rail connections. Ideal for railways, industrial tracks, and heavy-duty applications.\",\"breadcrumb\":{\"@id\":\"https:\/\/www.hnhlcrane.com\/product\/cgwk-rail-clips\/#breadcrumb\"},\"inLanguage\":\"fr-FR\",\"potentialAction\":[{\"@type\":\"ReadAction\",\"target\":[\"https:\/\/www.hnhlcrane.com\/product\/cgwk-rail-clips\/\"]}]},{\"@type\":\"ImageObject\",\"inLanguage\":\"fr-FR\",\"@id\":\"https:\/\/www.hnhlcrane.com\/product\/cgwk-rail-clips\/#primaryimage\",\"url\":\"https:\/\/www.hnhlcrane.com\/wp-content\/uploads\/2024\/11\/CGWK-Rail-Clips.jpg\",\"contentUrl\":\"https:\/\/www.hnhlcrane.com\/wp-content\/uploads\/2024\/11\/CGWK-Rail-Clips.jpg\",\"width\":600,\"height\":600},{\"@type\":\"BreadcrumbList\",\"@id\":\"https:\/\/www.hnhlcrane.com\/product\/cgwk-rail-clips\/#breadcrumb\",\"itemListElement\":[{\"@type\":\"ListItem\",\"position\":1,\"name\":\"home\",\"item\":\"https:\/\/www.hnhlcrane.com\/\"},{\"@type\":\"ListItem\",\"position\":2,\"name\":\"products\",\"item\":\"https:\/\/www.hnhlcrane.com\/products\/\"},{\"@type\":\"ListItem\",\"position\":3,\"name\":\"CGWK Rail Clips\"}]},{\"@type\":\"WebSite\",\"@id\":\"https:\/\/www.hnhlcrane.com\/#website\",\"url\":\"https:\/\/www.hnhlcrane.com\/\",\"name\":\"Crane Parts Supplier-HL Crame\",\"description\":\"One-stop solution for all your  crane parts needs,Crane Hook,Crane Drum,Crane Wheel,Crane Coupling,Crane Gearbox,Crane Motor,Crane Brake,Special Crane Spreader,Crane grab,Container spreader,Billet crane clamps,Crane C-type spreader,Lifting Electromagnet,Crane Rail Clips,Electric Hoist,FEM Standard Crane End Carriages,Light Crane Parts,Workstation Crane Parts,Crane Electrical Parts,I-beam cable trolley,Crane remote controller,Crane electrical control cabinet,Crane limit switch,Crane sound and light alarm,Heavy Duty Aviation Connector,Crane overload limiter,China Crane Parts Supplier,Crane hooks,Gantry crane hook,Crane accessories,Forged hook,hook processing,Hook manufacturer,China standard crane hook,electric hoist hook,Crane pulley,Hook pulley,Rolled pulley,Crane Pulley Supplier\uff0cEuropean hook pulley,Gantry crane hook pulley,WZL type crane drum,European style reel set,Crane reel,crane parts,Drum processing,crane drum manufacturer,Cast steel drum,Electric hoist drum,Crane drum assembly,DRS Wheel Blocks,European crane wheel,Forged wheels,Active wheel set,Driving wheel set,Driven wheel group,crane wheels manufacturer,Demag crane wheels,Konecranes Crane Wheels,Overhead crane Wheel,Shaft couplings,Power Transmission Couplings,Disc Couplings,Fluid couplings,Coupling manufacturer\uff0cCardan coupling,Crane Reducer,Crane Decelerators,Reducer gearbox,Reducer for crane,Gear Reducer For Crane,Hard tooth surface reducerCrane and hoist reducer,Flender reducer,Reducer manufacturer,ZQ reducer,QJ reducer,QJY reducer,Gear Motors,Konecranes reducer,F series three-in-one reducer,K series three-in-one reducer,travelling machinery,Travelling Motor With Gear,Gear Motor for Crane Traveling,Travelling machinery Frequency inverter motors,FEM standard Gear Motors,Crane motors,Inverter motors,Hoist motors,motorCrane duty motors,Special motor for crane,YZR YZP YZ series motors,Crane and hoist motor,Frequency conversion motor,Electro hydraulic drum brakes,Electro-hydraulic disc brakes,Brake,Overhead Crane Brakes,Disc brakes,Electromagnetic disk brake,Crane hydraulic disc brake,Brakes manufacturer,crane Safety brakes,Singlr rope grab,Four rope grab,Electro-hydraulic multi-flap grab,Orange peel grab,Electric motor grab,Electro-Hydraulicclamshell grab,grab manufacturers,Container spreader manufacturers,20ft Container Spreader,Semi Automatic container spreader,40ft Container Lifting Frame,TEC container Spreader,Billet lifting clamp,Billet Clamps,Billet crane clamps manufacturer,billet lifting clamps china supplier,Coil C-Type Hook,coil hook,Overhead Crane Steel Coil C-Type Hook,Crane C-hook,C-type spreader,C-type hook,Crane magnets,Rail fixing device,Crane Rail fixing device,crane Rail Clamp,CD\/MD Wire Rope Electric Hoist,Wire Rope Electric Hoist China Manufacturer,Single Girder Wire Rope Electric Hoist,Double Girder Wire Rope Electric Hoist,Chain Hoist,Electric chain hoist manufacturer,Electric chain hoist China distributor,European wire rope electric hoist\uff0cEuropean double beam wire rope electric hoist,European Style Single Beam Crane End Carriage,FEN\/DIN European Style Single Beam Crane End Carriage,Crane end beam manufacturers,European style hoist double beam crane end beam,Suspension crane end beam,European style suspended single beam crane end beam,FEN\/DIN Suspension crane end beam,crane cable trolley,Wireless remote control,remote controller,Crane control handle,Crane Controls,electrical control cabinet,crane control cabinet,Limit switch,Sound and light alarm,Aviation plug,quick connector,Crane aviation plug,Overload limiter\",\"publisher\":{\"@id\":\"https:\/\/www.hnhlcrane.com\/#organization\"},\"potentialAction\":[{\"@type\":\"SearchAction\",\"target\":{\"@type\":\"EntryPoint\",\"urlTemplate\":\"https:\/\/www.hnhlcrane.com\/?s={search_term_string}\"},\"query-input\":{\"@type\":\"PropertyValueSpecification\",\"valueRequired\":true,\"valueName\":\"search_term_string\"}}],\"inLanguage\":\"fr-FR\"},{\"@type\":\"Organization\",\"@id\":\"https:\/\/www.hnhlcrane.com\/#organization\",\"name\":\"Crane Parts Supplier-HL Crame\",\"url\":\"https:\/\/www.hnhlcrane.com\/\",\"logo\":{\"@type\":\"ImageObject\",\"inLanguage\":\"fr-FR\",\"@id\":\"https:\/\/www.hnhlcrane.com\/#\/schema\/logo\/image\/\",\"url\":\"https:\/\/www.hnhlcrane.com\/wp-content\/uploads\/2024\/09\/logo6-1-e1733899395598.png\",\"contentUrl\":\"https:\/\/www.hnhlcrane.com\/wp-content\/uploads\/2024\/09\/logo6-1-e1733899395598.png\",\"width\":1000,\"height\":282,\"caption\":\"Crane Parts Supplier-HL Crame\"},\"image\":{\"@id\":\"https:\/\/www.hnhlcrane.com\/#\/schema\/logo\/image\/\"}}]}<\/script>\n<!-- \/ Yoast SEO plugin. -->","yoast_head_json":{"title":"Clips de rail CGWK - Solution de fixation de rail durable et fiable","description":"Clips de rail CGWK de haute qualit\u00e9 pour des connexions de rail s\u00fbres et durables. Id\u00e9ales pour les chemins de fer, les voies industrielles et les applications lourdes.","robots":{"index":"index","follow":"follow","max-snippet":"max-snippet:-1","max-image-preview":"max-image-preview:large","max-video-preview":"max-video-preview:-1"},"canonical":"https:\/\/www.hnhlcrane.com\/fr\/product\/clips-de-rail-cgwk\/","og_locale":"fr_FR","og_type":"article","og_title":"CGWK Rail Clips \u2013 Durable & Reliable Rail Fastening Solution","og_description":"High-quality CGWK Rail Clips for secure and long-lasting rail connections. Ideal for railways, industrial tracks, and heavy-duty applications.","og_url":"https:\/\/www.hnhlcrane.com\/fr\/product\/clips-de-rail-cgwk\/","og_site_name":"Crane Parts Supplier-HL Crame","article_modified_time":"2025-09-14T14:47:54+00:00","og_image":[{"width":600,"height":600,"url":"https:\/\/www.hnhlcrane.com\/wp-content\/uploads\/2024\/11\/CGWK-Rail-Clips.jpg","type":"image\/jpeg"}],"twitter_card":"summary_large_image","twitter_misc":{"Dur\u00e9e de lecture estim\u00e9e":"2 minutes"},"schema":{"@context":"https:\/\/schema.org","@graph":[{"@type":"WebPage","@id":"https:\/\/www.hnhlcrane.com\/product\/cgwk-rail-clips\/","url":"https:\/\/www.hnhlcrane.com\/product\/cgwk-rail-clips\/","name":"Clips de rail CGWK - Solution de fixation de rail durable et fiable","isPartOf":{"@id":"https:\/\/www.hnhlcrane.com\/#website"},"primaryImageOfPage":{"@id":"https:\/\/www.hnhlcrane.com\/product\/cgwk-rail-clips\/#primaryimage"},"image":{"@id":"https:\/\/www.hnhlcrane.com\/product\/cgwk-rail-clips\/#primaryimage"},"thumbnailUrl":"https:\/\/www.hnhlcrane.com\/wp-content\/uploads\/2024\/11\/CGWK-Rail-Clips.jpg","datePublished":"2024-11-29T13:45:30+00:00","dateModified":"2025-09-14T14:47:54+00:00","description":"Clips de rail CGWK de haute qualit\u00e9 pour des connexions de rail s\u00fbres et durables. Id\u00e9ales pour les chemins de fer, les voies industrielles et les applications lourdes.","breadcrumb":{"@id":"https:\/\/www.hnhlcrane.com\/product\/cgwk-rail-clips\/#breadcrumb"},"inLanguage":"fr-FR","potentialAction":[{"@type":"ReadAction","target":["https:\/\/www.hnhlcrane.com\/product\/cgwk-rail-clips\/"]}]},{"@type":"ImageObject","inLanguage":"fr-FR","@id":"https:\/\/www.hnhlcrane.com\/product\/cgwk-rail-clips\/#primaryimage","url":"https:\/\/www.hnhlcrane.com\/wp-content\/uploads\/2024\/11\/CGWK-Rail-Clips.jpg","contentUrl":"https:\/\/www.hnhlcrane.com\/wp-content\/uploads\/2024\/11\/CGWK-Rail-Clips.jpg","width":600,"height":600},{"@type":"BreadcrumbList","@id":"https:\/\/www.hnhlcrane.com\/product\/cgwk-rail-clips\/#breadcrumb","itemListElement":[{"@type":"ListItem","position":1,"name":"home","item":"https:\/\/www.hnhlcrane.com\/"},{"@type":"ListItem","position":2,"name":"products","item":"https:\/\/www.hnhlcrane.com\/products\/"},{"@type":"ListItem","position":3,"name":"CGWK Rail Clips"}]},{"@type":"WebSite","@id":"https:\/\/www.hnhlcrane.com\/#website","url":"https:\/\/www.hnhlcrane.com\/","name":"Fournisseur de pi\u00e8ces pour grues - HL Crame","description":"Une solution unique pour tous vos besoins en pi\u00e8ces de grue,Crochet de grue,Tambour de grue,Roue de grue,Accouplement de grue,Bo\u00eete de vitesse de grue,Moteur de grue,Frein de grue,\u00c9carteur sp\u00e9cial de grue,Grappin de grue,\u00c9carteur de conteneur,Pinces de grue \u00e0 billes,\u00c9carteur de grue de type C,\u00c9lectro-aimant de levage, pinces pour rail de grue, palan \u00e9lectrique, chariot d'extr\u00e9mit\u00e9 de grue aux normes FEM, pi\u00e8ces pour grues l\u00e9g\u00e8res, pi\u00e8ces pour grues \u00e0 poste de travail, pi\u00e8ces \u00e9lectriques pour grues, chariot de c\u00e2ble \u00e0 poutre en I, t\u00e9l\u00e9commande de grue, armoire de commande \u00e9lectrique de grue,Interrupteur de fin de course de grue,Alarme sonore et lumineuse de grue,Connecteur d'aviation \u00e0 usage intensif,Limiteur de surcharge de grue,Fournisseur chinois de pi\u00e8ces de grue,Crochets de grue,Crochet de grue \u00e0 portique,Accessoires de grue,Crochet forg\u00e9,Traitement des crochets,Fabricant de crochets,Crochet de grue standard chinois,Crochet de palan \u00e9lectrique,Poulie de grue,Poulie \u00e0 crochet,Poulie roul\u00e9e,Fournisseur de poulies de grue\uff0cPoulie \u00e0 crochet europ\u00e9enne,Poulie \u00e0 crochet de grue \u00e0 portique,Tambour de grue de type WZL,Enrouleur de grue de style europ\u00e9en,Enrouleur de grue,pi\u00e8ces de grue, traitement des tambours, fabricant de tambours de grue, tambour en acier moul\u00e9, tambour de palan \u00e9lectrique, assemblage de tambour de grue, blocs de roue DRS, roue de grue europ\u00e9enne, roues forg\u00e9es, ensemble de roues actives, ensemble de roues motrices, groupe de roues motrices, fabricant de roues de grue, roues de grue Demag, roues de grue Konecranes, roue de pont roulant, accouplements d'arbre, accouplements de transmission de puissance, accouplements \u00e0 disque, accouplements de fluide, fabricant d'accouplements\uff0cAccouplement de cardan, r\u00e9ducteur de grue,R\u00e9ducteur de grue,R\u00e9ducteur pour grue,R\u00e9ducteur pour grue,R\u00e9ducteur \u00e0 denture dure,R\u00e9ducteur pour grue et palan,R\u00e9ducteur Flender,Fabricant de r\u00e9ducteurs,R\u00e9ducteur ZQ,R\u00e9ducteur QJ,R\u00e9ducteur QJY,Moteurs \u00e0 engrenages,R\u00e9ducteur Konecranes,R\u00e9ducteur trois en un de la s\u00e9rie F,R\u00e9ducteur trois en un de la s\u00e9rie K,Machines de d\u00e9placement,Moteur de d\u00e9placement avec engrenage,Moteur \u00e0 engrenage pour le d\u00e9placement de la grue,Machines de d\u00e9placement,Moteurs \u00e0 convertisseur de fr\u00e9quence,Moteurs \u00e0 engrenage standard FEM,Moteurs de grue,Moteurs \u00e0 convertisseur de fr\u00e9quence,Moteurs de levage,Moteurs pour grues,Moteurs sp\u00e9ciaux pour grues,Moteurs de la s\u00e9rie YZR YZP YZ,Moteurs pour grues et palans,Moteurs \u00e0 convertisseur de fr\u00e9quence,Freins \u00e0 tambour \u00e9lectro-hydrauliques,Freins \u00e0 disque \u00e9lectro-hydrauliques,Freins,Freins pour ponts roulants,Freins \u00e0 disque,Frein \u00e0 disque \u00e9lectromagn\u00e9tique,Frein \u00e0 disque hydraulique pour grues,Fabricant de freins,Freins de s\u00e9curit\u00e9 pour grues,Pince \u00e0 c\u00e2ble unique,Pince \u00e0 quatre c\u00e2bles,Pince \u00e9lectro-hydraulique \u00e0 clapets multiples,Pince \u00e0 peau d'orange,Pince \u00e0 moteur \u00e9lectrique,Grappin \u00e0 benne \u00e9lectro-hydraulique, fabricant de grappins, fabricant d'\u00e9carteurs de conteneurs, \u00e9carteur de conteneurs de 20 pieds, \u00e9carteur de conteneurs semi-automatique, ch\u00e2ssis de levage de conteneurs de 40 pieds, \u00e9carteur de conteneurs TEC, pince de levage \u00e0 billes, pinces \u00e0 billes, fabricant de pinces \u00e0 billes pour grues, fournisseur chinois de pinces de levage \u00e0 billes, crochet de bobine en C, crochet de bobine, crochet de bobine en C pour ponts roulants, crochet en C pour grues, \u00e9carteur de type C, crochet de type C, aimants pour grues, dispositif de fixation de rail,Dispositif de fixation de rail de grue,Pince de rail de grue,Palan \u00e9lectrique \u00e0 c\u00e2ble CD\/MD,Palan \u00e9lectrique \u00e0 c\u00e2ble en Chine,Palan \u00e9lectrique \u00e0 c\u00e2ble monopoutre,Palan \u00e9lectrique \u00e0 c\u00e2ble bipoutre,Palan \u00e0 cha\u00eene,Palan \u00e9lectrique \u00e0 cha\u00eene,Fabricant de palan \u00e9lectrique \u00e0 cha\u00eene,Palan \u00e9lectrique \u00e0 cha\u00eene en Chine,Palan \u00e9lectrique \u00e0 c\u00e2ble\uff0cPalan \u00e9lectrique \u00e0 c\u00e2ble bipoutre en Europe,Chariot d'extr\u00e9mit\u00e9 de grue monopoutre de style europ\u00e9en,Chariot d'extr\u00e9mit\u00e9 de grue monopoutre de style europ\u00e9en FEN\/DIN,Fabricant de poutres d'extr\u00e9mit\u00e9 de grues,Poutre d'extr\u00e9mit\u00e9 de grue \u00e0 double poutre,Poutre d'extr\u00e9mit\u00e9 de grue suspendue,Poutre d'extr\u00e9mit\u00e9 de grue suspendue de style europ\u00e9en,FEN\/DIN Poutre d'extr\u00e9mit\u00e9 de grue suspendue,Chariot de c\u00e2ble de grue,T\u00e9l\u00e9commande sans fil,T\u00e9l\u00e9commande,Poign\u00e9e de commande de grue,Commandes de grue,Armoire de commande \u00e9lectrique,Armoire de commande de grue,Interrupteur de fin de course,Alarme sonore et lumineuse,Prise aviation,Connecteur rapide,Prise aviation de grue,Limiteur de surcharge","publisher":{"@id":"https:\/\/www.hnhlcrane.com\/#organization"},"potentialAction":[{"@type":"SearchAction","target":{"@type":"EntryPoint","urlTemplate":"https:\/\/www.hnhlcrane.com\/?s={search_term_string}"},"query-input":{"@type":"PropertyValueSpecification","valueRequired":true,"valueName":"search_term_string"}}],"inLanguage":"fr-FR"},{"@type":"Organization","@id":"https:\/\/www.hnhlcrane.com\/#organization","name":"Fournisseur de pi\u00e8ces pour grues - HL Crame","url":"https:\/\/www.hnhlcrane.com\/","logo":{"@type":"ImageObject","inLanguage":"fr-FR","@id":"https:\/\/www.hnhlcrane.com\/#\/schema\/logo\/image\/","url":"https:\/\/www.hnhlcrane.com\/wp-content\/uploads\/2024\/09\/logo6-1-e1733899395598.png","contentUrl":"https:\/\/www.hnhlcrane.com\/wp-content\/uploads\/2024\/09\/logo6-1-e1733899395598.png","width":1000,"height":282,"caption":"Crane Parts Supplier-HL Crame"},"image":{"@id":"https:\/\/www.hnhlcrane.com\/#\/schema\/logo\/image\/"}}]}},"_links":{"self":[{"href":"https:\/\/www.hnhlcrane.com\/fr\/wp-json\/wp\/v2\/product\/5524","targetHints":{"allow":["GET"]}}],"collection":[{"href":"https:\/\/www.hnhlcrane.com\/fr\/wp-json\/wp\/v2\/product"}],"about":[{"href":"https:\/\/www.hnhlcrane.com\/fr\/wp-json\/wp\/v2\/types\/product"}],"version-history":[{"count":1,"href":"https:\/\/www.hnhlcrane.com\/fr\/wp-json\/wp\/v2\/product\/5524\/revisions"}],"predecessor-version":[{"id":6970,"href":"https:\/\/www.hnhlcrane.com\/fr\/wp-json\/wp\/v2\/product\/5524\/revisions\/6970"}],"wp:featuredmedia":[{"embeddable":true,"href":"https:\/\/www.hnhlcrane.com\/fr\/wp-json\/wp\/v2\/media\/5525"}],"wp:attachment":[{"href":"https:\/\/www.hnhlcrane.com\/fr\/wp-json\/wp\/v2\/media?parent=5524"}],"wp:term":[{"taxonomy":"product_brand","embeddable":true,"href":"https:\/\/www.hnhlcrane.com\/fr\/wp-json\/wp\/v2\/product_brand?post=5524"},{"taxonomy":"product_cat","embeddable":true,"href":"https:\/\/www.hnhlcrane.com\/fr\/wp-json\/wp\/v2\/product_cat?post=5524"},{"taxonomy":"product_tag","embeddable":true,"href":"https:\/\/www.hnhlcrane.com\/fr\/wp-json\/wp\/v2\/product_tag?post=5524"}],"curies":[{"name":"wp","href":"https:\/\/api.w.org\/{rel}","templated":true}]}}