{"id":5487,"date":"2024-11-26T01:03:18","date_gmt":"2024-11-25T17:03:18","guid":{"rendered":"https:\/\/www.hnhlcrane.com\/?post_type=product&#038;p=5487"},"modified":"2025-09-10T10:47:44","modified_gmt":"2025-09-10T02:47:44","slug":"electro-aimant-de-levage","status":"publish","type":"product","link":"https:\/\/www.hnhlcrane.com\/fr\/product\/electro-aimant-de-levage\/","title":{"rendered":"Electro-aimant de levage"},"content":{"rendered":"<h6><strong><span style=\"font-family: arial, helvetica, sans-serif; font-size: 18pt;\">Electro-aimant de levage Aper\u00e7u<\/span><\/strong><\/h6>\n<p>A <strong>Electro-aimant de levage<\/strong> est un dispositif qui utilise le courant \u00e9lectrique passant dans une bobine pour g\u00e9n\u00e9rer du magn\u00e9tisme, qui dispara\u00eet lorsque le courant est coup\u00e9. Largement utilis\u00e9 dans l'industrie, il est g\u00e9n\u00e9ralement fabriqu\u00e9 en fer doux ou en acier au silicium et pr\u00e9sente une conception enti\u00e8rement scell\u00e9e et r\u00e9sistante \u00e0 l'humidit\u00e9. Ces aimants sont optimis\u00e9s pour un poids l\u00e9ger, une force d'aspiration \u00e9lev\u00e9e et une faible consommation d'\u00e9nergie. Les propri\u00e9t\u00e9s magn\u00e9tiques peuvent \u00eatre facilement contr\u00f4l\u00e9es en ajustant le courant \u00e9lectrique, ce qui les rend polyvalents et efficaces.<\/p>\n<h6><span style=\"font-family: arial, helvetica, sans-serif; font-size: 18pt;\"><strong>Principaux avantages<\/strong><\/span><\/h6>\n<ul>\n<li><strong>Contr\u00f4le facile<\/strong>:\n<ul>\n<li>Pour activer ou d\u00e9sactiver le magn\u00e9tisme, il suffit d'activer ou de d\u00e9sactiver le courant.<\/li>\n<\/ul>\n<\/li>\n<li><strong>Ajustement flexible<\/strong>:\n<ul>\n<li>La force et la polarit\u00e9 du champ magn\u00e9tique peuvent \u00eatre modifi\u00e9es en ajustant l'intensit\u00e9 et la direction du courant.<\/li>\n<\/ul>\n<\/li>\n<li><strong>Applications \u00e9tendues<\/strong>:\n<ul>\n<li>Convient aux industries telles que la m\u00e9tallurgie, l'exploitation mini\u00e8re, les machines et les transports pour soulever des mat\u00e9riaux ferromagn\u00e9tiques tels que l'acier.<\/li>\n<\/ul>\n<\/li>\n<\/ul>\n<h6><span style=\"font-family: arial, helvetica, sans-serif; font-size: 18pt;\"><strong>Applications<\/strong><\/span><\/h6>\n<ul>\n<li><strong>M\u00e9tallurgie, mines et machines<\/strong>:\n<ul>\n<li>Pour le levage de l'acier, de la fonte et d'autres mat\u00e9riaux magn\u00e9tiques.<\/li>\n<\/ul>\n<\/li>\n<li><strong>Transport<\/strong>:\n<ul>\n<li>Largement utilis\u00e9 dans la logistique ferroviaire, les ports et la construction navale pour remplacer la manutention manuelle de charges lourdes.<\/li>\n<\/ul>\n<\/li>\n<li><strong>Environnements sp\u00e9ciaux<\/strong>:\n<ul>\n<li>Peut fonctionner dans des conditions extr\u00eames, notamment \u00e0 des temp\u00e9ratures \u00e9lev\u00e9es, sous l'eau, dans des environnements poussi\u00e9reux, toxiques ou froids.<\/li>\n<\/ul>\n<\/li>\n<\/ul>\n<h6><span style=\"font-family: arial, helvetica, sans-serif; font-size: 18pt;\"><strong>Mod\u00e8les sp\u00e9cialis\u00e9s<\/strong><\/span><\/h6>\n<h6><span style=\"font-family: arial, helvetica, sans-serif; font-size: 14pt;\"><strong>S\u00e9rie MW5 - Electro-aimant de levage de ferraille<\/strong><\/span><\/h6>\n<ul>\n<li>Con\u00e7u pour le levage de lingots de fonte, de billes d'acier et de divers d\u00e9chets d'acier.<\/li>\n<\/ul>\n<h6><span style=\"font-family: arial, helvetica, sans-serif; font-size: 14pt;\"><strong>S\u00e9rie MW12 - Mandrin \u00e9lectromagn\u00e9tique rectangulaire pour barres d'armature en faisceau<\/strong><\/span><\/h6>\n<ul>\n<li>Comprend un circuit magn\u00e9tique \u00e0 haute perm\u00e9abilit\u00e9 capable de p\u00e9n\u00e9trer de multiples espaces d'air.<\/li>\n<li>Convient au levage de barres d'armature en paquets ; souvent utilis\u00e9 en combinaison avec plusieurs mandrins.<\/li>\n<\/ul>\n<h6><span style=\"font-family: arial, helvetica, sans-serif; font-size: 14pt;\"><strong>S\u00e9rie MW22 - Lingots d'acier et grands blooms<\/strong><\/span><\/h6>\n<ul>\n<li>Optimis\u00e9 pour le levage de lingots d'acier, de grandes pi\u00e8ces de forme initiales et de composants en acier de construction.<\/li>\n<\/ul>\n<h6><span style=\"font-family: arial, helvetica, sans-serif; font-size: 14pt;\"><strong>S\u00e9rie MW84 - Electro-aimant pour plaques d'acier moyennes et \u00e9paisses<\/strong><\/span><\/h6>\n<ul>\n<li>Sp\u00e9cialement con\u00e7u pour le levage de plaques d'acier d'\u00e9paisseur moyenne (6-32 mm).<\/li>\n<li>Veiller \u00e0 la s\u00e9curit\u00e9, \u00e0 la pr\u00e9cision et \u00e0 l'efficacit\u00e9 des op\u00e9rations.<\/li>\n<li>Pour les plaques d'acier plus longues, plusieurs \u00e9lectroaimants doivent \u00eatre utilis\u00e9s en tandem.<\/li>\n<li>Disponible en deux types :\n<ul style=\"list-style-type: circle;\">\n<li><strong>Type 350<\/strong> et <strong>Type 400<\/strong> pour diff\u00e9rentes capacit\u00e9s de levage.<\/li>\n<li><strong>Temp\u00e9rature normale<\/strong> et <strong>Haute temp\u00e9rature<\/strong> (jusqu'\u00e0 700\u00b0C).<\/li>\n<\/ul>\n<\/li>\n<\/ul>\n<h6><span style=\"font-family: arial, helvetica, sans-serif; font-size: 18pt;\"><strong>Pourquoi choisir les \u00e9lectroaimants de levage ?<\/strong><\/span><\/h6>\n<p>Les \u00e9lectro-aimants de levage sont des outils essentiels pour une manutention efficace des mat\u00e9riaux dans les industries n\u00e9cessitant des t\u00e2ches de levage fr\u00e9quentes et lourdes. Leur capacit\u00e9 \u00e0 fonctionner dans divers environnements, combin\u00e9e \u00e0 une force personnalisable et \u00e0 une flexibilit\u00e9 op\u00e9rationnelle, les rend inestimables dans les applications industrielles standard et sp\u00e9cialis\u00e9es.<\/p>","protected":false},"excerpt":{"rendered":"<p>Aimants pour grues, \u00e9lectro-aimants de levage<\/p>\n<ul>\n<li><span style=\"font-family: arial, helvetica, sans-serif; font-size: 12pt;\"><strong>S\u00e9rie MW5 - Electro-aimant de levage de ferraille<\/strong><\/span><\/li>\n<li><span style=\"font-family: arial, helvetica, sans-serif; font-size: 12pt;\"><strong>S\u00e9rie MW12 - Mandrin \u00e9lectromagn\u00e9tique rectangulaire pour barres d'armature en faisceau<\/strong><\/span><\/li>\n<li><span style=\"font-family: arial, helvetica, sans-serif; font-size: 12pt;\"><strong>S\u00e9rie MW22 - Lingots d'acier et grands blooms<\/strong><\/span><\/li>\n<li><span style=\"font-family: arial, helvetica, sans-serif; font-size: 12pt;\"><strong>S\u00e9rie MW84 - Electro-aimant pour plaques d'acier moyennes et \u00e9paisses<\/strong><\/span><\/li>\n<\/ul>","protected":false},"featured_media":5488,"template":"","meta":{"_kad_post_transparent":"default","_kad_post_title":"","_kad_post_layout":"default","_kad_post_sidebar_id":"","_kad_post_content_style":"default","_kad_post_vertical_padding":"show","_kad_post_feature":"","_kad_post_feature_position":"","_kad_post_header":false,"_kad_post_footer":false},"product_brand":[],"product_cat":[59],"product_tag":[213,212,185],"class_list":{"0":"post-5487","1":"product","2":"type-product","3":"status-publish","4":"has-post-thumbnail","6":"product_cat-special-crane-spreader","7":"product_tag-crane-magnets","8":"product_tag-lifting-electromagnet","9":"product_tag-special-crane-spreader","11":"first","12":"instock","13":"shipping-taxable","14":"product-type-simple","15":"entry","16":"content-bg","17":"loop-entry"},"yoast_head":"<!-- This site is optimized with the Yoast SEO plugin v25.6 - https:\/\/yoast.com\/wordpress\/plugins\/seo\/ -->\n<title>Lifting Electromagnet \u2013 Efficient Crane &amp; Industrial Lifting Magnet<\/title>\n<meta name=\"description\" content=\"Lifting electromagnets designed for maximum magnetic force, energy efficiency, and reliable performance in heavy-duty crane and industrial applications.\" \/>\n<meta name=\"robots\" content=\"index, follow, max-snippet:-1, max-image-preview:large, max-video-preview:-1\" \/>\n<link rel=\"canonical\" href=\"https:\/\/www.hnhlcrane.com\/fr\/product\/electro-aimant-de-levage\/\" \/>\n<meta property=\"og:locale\" content=\"fr_FR\" \/>\n<meta property=\"og:type\" content=\"article\" \/>\n<meta property=\"og:title\" content=\"Lifting Electromagnet \u2013 Efficient Crane &amp; Industrial Lifting Magnet\" \/>\n<meta property=\"og:description\" content=\"Lifting electromagnets designed for maximum magnetic force, energy efficiency, and reliable performance in heavy-duty crane and industrial applications.\" \/>\n<meta property=\"og:url\" content=\"https:\/\/www.hnhlcrane.com\/fr\/product\/electro-aimant-de-levage\/\" \/>\n<meta property=\"og:site_name\" content=\"Crane Parts Supplier-HL Crame\" \/>\n<meta property=\"article:modified_time\" content=\"2025-09-10T02:47:44+00:00\" \/>\n<meta property=\"og:image\" content=\"https:\/\/www.hnhlcrane.com\/wp-content\/uploads\/2024\/11\/Lifting-Electromagnet-1.jpg\" \/>\n\t<meta property=\"og:image:width\" content=\"600\" \/>\n\t<meta property=\"og:image:height\" content=\"600\" \/>\n\t<meta property=\"og:image:type\" content=\"image\/jpeg\" \/>\n<meta name=\"twitter:card\" content=\"summary_large_image\" \/>\n<meta name=\"twitter:label1\" content=\"Dur\u00e9e de lecture estim\u00e9e\" \/>\n\t<meta name=\"twitter:data1\" content=\"2 minutes\" \/>\n<script type=\"application\/ld+json\" class=\"yoast-schema-graph\">{\"@context\":\"https:\/\/schema.org\",\"@graph\":[{\"@type\":\"WebPage\",\"@id\":\"https:\/\/www.hnhlcrane.com\/product\/lifting-electromagnet\/\",\"url\":\"https:\/\/www.hnhlcrane.com\/product\/lifting-electromagnet\/\",\"name\":\"Lifting Electromagnet \u2013 Efficient Crane & Industrial Lifting Magnet\",\"isPartOf\":{\"@id\":\"https:\/\/www.hnhlcrane.com\/#website\"},\"primaryImageOfPage\":{\"@id\":\"https:\/\/www.hnhlcrane.com\/product\/lifting-electromagnet\/#primaryimage\"},\"image\":{\"@id\":\"https:\/\/www.hnhlcrane.com\/product\/lifting-electromagnet\/#primaryimage\"},\"thumbnailUrl\":\"https:\/\/www.hnhlcrane.com\/wp-content\/uploads\/2024\/11\/Lifting-Electromagnet-1.jpg\",\"datePublished\":\"2024-11-25T17:03:18+00:00\",\"dateModified\":\"2025-09-10T02:47:44+00:00\",\"description\":\"Lifting electromagnets designed for maximum magnetic force, energy efficiency, and reliable performance in heavy-duty crane and industrial applications.\",\"breadcrumb\":{\"@id\":\"https:\/\/www.hnhlcrane.com\/product\/lifting-electromagnet\/#breadcrumb\"},\"inLanguage\":\"fr-FR\",\"potentialAction\":[{\"@type\":\"ReadAction\",\"target\":[\"https:\/\/www.hnhlcrane.com\/product\/lifting-electromagnet\/\"]}]},{\"@type\":\"ImageObject\",\"inLanguage\":\"fr-FR\",\"@id\":\"https:\/\/www.hnhlcrane.com\/product\/lifting-electromagnet\/#primaryimage\",\"url\":\"https:\/\/www.hnhlcrane.com\/wp-content\/uploads\/2024\/11\/Lifting-Electromagnet-1.jpg\",\"contentUrl\":\"https:\/\/www.hnhlcrane.com\/wp-content\/uploads\/2024\/11\/Lifting-Electromagnet-1.jpg\",\"width\":600,\"height\":600},{\"@type\":\"BreadcrumbList\",\"@id\":\"https:\/\/www.hnhlcrane.com\/product\/lifting-electromagnet\/#breadcrumb\",\"itemListElement\":[{\"@type\":\"ListItem\",\"position\":1,\"name\":\"home\",\"item\":\"https:\/\/www.hnhlcrane.com\/\"},{\"@type\":\"ListItem\",\"position\":2,\"name\":\"products\",\"item\":\"https:\/\/www.hnhlcrane.com\/products\/\"},{\"@type\":\"ListItem\",\"position\":3,\"name\":\"Lifting Electromagnet\"}]},{\"@type\":\"WebSite\",\"@id\":\"https:\/\/www.hnhlcrane.com\/#website\",\"url\":\"https:\/\/www.hnhlcrane.com\/\",\"name\":\"Crane Parts Supplier-HL Crame\",\"description\":\"One-stop solution for all your  crane parts needs,Crane Hook,Crane Drum,Crane Wheel,Crane Coupling,Crane Gearbox,Crane Motor,Crane Brake,Special Crane Spreader,Crane grab,Container spreader,Billet crane clamps,Crane C-type spreader,Lifting Electromagnet,Crane Rail Clips,Electric Hoist,FEM Standard Crane End Carriages,Light Crane Parts,Workstation Crane Parts,Crane Electrical Parts,I-beam cable trolley,Crane remote controller,Crane electrical control cabinet,Crane limit switch,Crane sound and light alarm,Heavy Duty Aviation Connector,Crane overload limiter,China Crane Parts Supplier,Crane hooks,Gantry crane hook,Crane accessories,Forged hook,hook processing,Hook manufacturer,China standard crane hook,electric hoist hook,Crane pulley,Hook pulley,Rolled pulley,Crane Pulley Supplier\uff0cEuropean hook pulley,Gantry crane hook pulley,WZL type crane drum,European style reel set,Crane reel,crane parts,Drum processing,crane drum manufacturer,Cast steel drum,Electric hoist drum,Crane drum assembly,DRS Wheel Blocks,European crane wheel,Forged wheels,Active wheel set,Driving wheel set,Driven wheel group,crane wheels manufacturer,Demag crane wheels,Konecranes Crane Wheels,Overhead crane Wheel,Shaft couplings,Power Transmission Couplings,Disc Couplings,Fluid couplings,Coupling manufacturer\uff0cCardan coupling,Crane Reducer,Crane Decelerators,Reducer gearbox,Reducer for crane,Gear Reducer For Crane,Hard tooth surface reducerCrane and hoist reducer,Flender reducer,Reducer manufacturer,ZQ reducer,QJ reducer,QJY reducer,Gear Motors,Konecranes reducer,F series three-in-one reducer,K series three-in-one reducer,travelling machinery,Travelling Motor With Gear,Gear Motor for Crane Traveling,Travelling machinery Frequency inverter motors,FEM standard Gear Motors,Crane motors,Inverter motors,Hoist motors,motorCrane duty motors,Special motor for crane,YZR YZP YZ series motors,Crane and hoist motor,Frequency conversion motor,Electro hydraulic drum brakes,Electro-hydraulic disc brakes,Brake,Overhead Crane Brakes,Disc brakes,Electromagnetic disk brake,Crane hydraulic disc brake,Brakes manufacturer,crane Safety brakes,Singlr rope grab,Four rope grab,Electro-hydraulic multi-flap grab,Orange peel grab,Electric motor grab,Electro-Hydraulicclamshell grab,grab manufacturers,Container spreader manufacturers,20ft Container Spreader,Semi Automatic container spreader,40ft Container Lifting Frame,TEC container Spreader,Billet lifting clamp,Billet Clamps,Billet crane clamps manufacturer,billet lifting clamps china supplier,Coil C-Type Hook,coil hook,Overhead Crane Steel Coil C-Type Hook,Crane C-hook,C-type spreader,C-type hook,Crane magnets,Rail fixing device,Crane Rail fixing device,crane Rail Clamp,CD\/MD Wire Rope Electric Hoist,Wire Rope Electric Hoist China Manufacturer,Single Girder Wire Rope Electric Hoist,Double Girder Wire Rope Electric Hoist,Chain Hoist,Electric chain hoist manufacturer,Electric chain hoist China distributor,European wire rope electric hoist\uff0cEuropean double beam wire rope electric hoist,European Style Single Beam Crane End Carriage,FEN\/DIN European Style Single Beam Crane End Carriage,Crane end beam manufacturers,European style hoist double beam crane end beam,Suspension crane end beam,European style suspended single beam crane end beam,FEN\/DIN Suspension crane end beam,crane cable trolley,Wireless remote control,remote controller,Crane control handle,Crane Controls,electrical control cabinet,crane control cabinet,Limit switch,Sound and light alarm,Aviation plug,quick connector,Crane aviation plug,Overload limiter\",\"publisher\":{\"@id\":\"https:\/\/www.hnhlcrane.com\/#organization\"},\"potentialAction\":[{\"@type\":\"SearchAction\",\"target\":{\"@type\":\"EntryPoint\",\"urlTemplate\":\"https:\/\/www.hnhlcrane.com\/?s={search_term_string}\"},\"query-input\":{\"@type\":\"PropertyValueSpecification\",\"valueRequired\":true,\"valueName\":\"search_term_string\"}}],\"inLanguage\":\"fr-FR\"},{\"@type\":\"Organization\",\"@id\":\"https:\/\/www.hnhlcrane.com\/#organization\",\"name\":\"Crane Parts Supplier-HL Crame\",\"url\":\"https:\/\/www.hnhlcrane.com\/\",\"logo\":{\"@type\":\"ImageObject\",\"inLanguage\":\"fr-FR\",\"@id\":\"https:\/\/www.hnhlcrane.com\/#\/schema\/logo\/image\/\",\"url\":\"https:\/\/www.hnhlcrane.com\/wp-content\/uploads\/2024\/09\/logo6-1-e1733899395598.png\",\"contentUrl\":\"https:\/\/www.hnhlcrane.com\/wp-content\/uploads\/2024\/09\/logo6-1-e1733899395598.png\",\"width\":1000,\"height\":282,\"caption\":\"Crane Parts Supplier-HL Crame\"},\"image\":{\"@id\":\"https:\/\/www.hnhlcrane.com\/#\/schema\/logo\/image\/\"}}]}<\/script>\n<!-- \/ Yoast SEO plugin. -->","yoast_head_json":{"title":"Electro-aimant de levage - Grue efficace et aimant de levage industriel","description":"Electro-aimants de levage con\u00e7us pour une force magn\u00e9tique maximale, une efficacit\u00e9 \u00e9nerg\u00e9tique et des performances fiables dans les grues \u00e0 usage intensif et les applications industrielles.","robots":{"index":"index","follow":"follow","max-snippet":"max-snippet:-1","max-image-preview":"max-image-preview:large","max-video-preview":"max-video-preview:-1"},"canonical":"https:\/\/www.hnhlcrane.com\/fr\/product\/electro-aimant-de-levage\/","og_locale":"fr_FR","og_type":"article","og_title":"Lifting Electromagnet \u2013 Efficient Crane & Industrial Lifting Magnet","og_description":"Lifting electromagnets designed for maximum magnetic force, energy efficiency, and reliable performance in heavy-duty crane and industrial applications.","og_url":"https:\/\/www.hnhlcrane.com\/fr\/product\/electro-aimant-de-levage\/","og_site_name":"Crane Parts Supplier-HL Crame","article_modified_time":"2025-09-10T02:47:44+00:00","og_image":[{"width":600,"height":600,"url":"https:\/\/www.hnhlcrane.com\/wp-content\/uploads\/2024\/11\/Lifting-Electromagnet-1.jpg","type":"image\/jpeg"}],"twitter_card":"summary_large_image","twitter_misc":{"Dur\u00e9e de lecture estim\u00e9e":"2 minutes"},"schema":{"@context":"https:\/\/schema.org","@graph":[{"@type":"WebPage","@id":"https:\/\/www.hnhlcrane.com\/product\/lifting-electromagnet\/","url":"https:\/\/www.hnhlcrane.com\/product\/lifting-electromagnet\/","name":"Electro-aimant de levage - Grue efficace et aimant de levage industriel","isPartOf":{"@id":"https:\/\/www.hnhlcrane.com\/#website"},"primaryImageOfPage":{"@id":"https:\/\/www.hnhlcrane.com\/product\/lifting-electromagnet\/#primaryimage"},"image":{"@id":"https:\/\/www.hnhlcrane.com\/product\/lifting-electromagnet\/#primaryimage"},"thumbnailUrl":"https:\/\/www.hnhlcrane.com\/wp-content\/uploads\/2024\/11\/Lifting-Electromagnet-1.jpg","datePublished":"2024-11-25T17:03:18+00:00","dateModified":"2025-09-10T02:47:44+00:00","description":"Electro-aimants de levage con\u00e7us pour une force magn\u00e9tique maximale, une efficacit\u00e9 \u00e9nerg\u00e9tique et des performances fiables dans les grues \u00e0 usage intensif et les applications industrielles.","breadcrumb":{"@id":"https:\/\/www.hnhlcrane.com\/product\/lifting-electromagnet\/#breadcrumb"},"inLanguage":"fr-FR","potentialAction":[{"@type":"ReadAction","target":["https:\/\/www.hnhlcrane.com\/product\/lifting-electromagnet\/"]}]},{"@type":"ImageObject","inLanguage":"fr-FR","@id":"https:\/\/www.hnhlcrane.com\/product\/lifting-electromagnet\/#primaryimage","url":"https:\/\/www.hnhlcrane.com\/wp-content\/uploads\/2024\/11\/Lifting-Electromagnet-1.jpg","contentUrl":"https:\/\/www.hnhlcrane.com\/wp-content\/uploads\/2024\/11\/Lifting-Electromagnet-1.jpg","width":600,"height":600},{"@type":"BreadcrumbList","@id":"https:\/\/www.hnhlcrane.com\/product\/lifting-electromagnet\/#breadcrumb","itemListElement":[{"@type":"ListItem","position":1,"name":"home","item":"https:\/\/www.hnhlcrane.com\/"},{"@type":"ListItem","position":2,"name":"products","item":"https:\/\/www.hnhlcrane.com\/products\/"},{"@type":"ListItem","position":3,"name":"Lifting Electromagnet"}]},{"@type":"WebSite","@id":"https:\/\/www.hnhlcrane.com\/#website","url":"https:\/\/www.hnhlcrane.com\/","name":"Fournisseur de pi\u00e8ces pour grues - HL Crame","description":"Une solution unique pour tous vos besoins en pi\u00e8ces de grue,Crochet de grue,Tambour de grue,Roue de grue,Accouplement de grue,Bo\u00eete de vitesse de grue,Moteur de grue,Frein de grue,\u00c9carteur sp\u00e9cial de grue,Grappin de grue,\u00c9carteur de conteneur,Pinces de grue \u00e0 billes,\u00c9carteur de grue de type C,\u00c9lectro-aimant de levage, pinces pour rail de grue, palan \u00e9lectrique, chariot d'extr\u00e9mit\u00e9 de grue aux normes FEM, pi\u00e8ces pour grues l\u00e9g\u00e8res, pi\u00e8ces pour grues \u00e0 poste de travail, pi\u00e8ces \u00e9lectriques pour grues, chariot de c\u00e2ble \u00e0 poutre en I, t\u00e9l\u00e9commande de grue, armoire de commande \u00e9lectrique de grue,Interrupteur de fin de course de grue,Alarme sonore et lumineuse de grue,Connecteur d'aviation \u00e0 usage intensif,Limiteur de surcharge de grue,Fournisseur chinois de pi\u00e8ces de grue,Crochets de grue,Crochet de grue \u00e0 portique,Accessoires de grue,Crochet forg\u00e9,Traitement des crochets,Fabricant de crochets,Crochet de grue standard chinois,Crochet de palan \u00e9lectrique,Poulie de grue,Poulie \u00e0 crochet,Poulie roul\u00e9e,Fournisseur de poulies de grue\uff0cPoulie \u00e0 crochet europ\u00e9enne,Poulie \u00e0 crochet de grue \u00e0 portique,Tambour de grue de type WZL,Enrouleur de grue de style europ\u00e9en,Enrouleur de grue,pi\u00e8ces de grue, traitement des tambours, fabricant de tambours de grue, tambour en acier moul\u00e9, tambour de palan \u00e9lectrique, assemblage de tambour de grue, blocs de roue DRS, roue de grue europ\u00e9enne, roues forg\u00e9es, ensemble de roues actives, ensemble de roues motrices, groupe de roues motrices, fabricant de roues de grue, roues de grue Demag, roues de grue Konecranes, roue de pont roulant, accouplements d'arbre, accouplements de transmission de puissance, accouplements \u00e0 disque, accouplements de fluide, fabricant d'accouplements\uff0cAccouplement de cardan, r\u00e9ducteur de grue,R\u00e9ducteur de grue,R\u00e9ducteur pour grue,R\u00e9ducteur pour grue,R\u00e9ducteur \u00e0 denture dure,R\u00e9ducteur pour grue et palan,R\u00e9ducteur Flender,Fabricant de r\u00e9ducteurs,R\u00e9ducteur ZQ,R\u00e9ducteur QJ,R\u00e9ducteur QJY,Moteurs \u00e0 engrenages,R\u00e9ducteur Konecranes,R\u00e9ducteur trois en un de la s\u00e9rie F,R\u00e9ducteur trois en un de la s\u00e9rie K,Machines de d\u00e9placement,Moteur de d\u00e9placement avec engrenage,Moteur \u00e0 engrenage pour le d\u00e9placement de la grue,Machines de d\u00e9placement,Moteurs \u00e0 convertisseur de fr\u00e9quence,Moteurs \u00e0 engrenage standard FEM,Moteurs de grue,Moteurs \u00e0 convertisseur de fr\u00e9quence,Moteurs de levage,Moteurs pour grues,Moteurs sp\u00e9ciaux pour grues,Moteurs de la s\u00e9rie YZR YZP YZ,Moteurs pour grues et palans,Moteurs \u00e0 convertisseur de fr\u00e9quence,Freins \u00e0 tambour \u00e9lectro-hydrauliques,Freins \u00e0 disque \u00e9lectro-hydrauliques,Freins,Freins pour ponts roulants,Freins \u00e0 disque,Frein \u00e0 disque \u00e9lectromagn\u00e9tique,Frein \u00e0 disque hydraulique pour grues,Fabricant de freins,Freins de s\u00e9curit\u00e9 pour grues,Pince \u00e0 c\u00e2ble unique,Pince \u00e0 quatre c\u00e2bles,Pince \u00e9lectro-hydraulique \u00e0 clapets multiples,Pince \u00e0 peau d'orange,Pince \u00e0 moteur \u00e9lectrique,Grappin \u00e0 benne \u00e9lectro-hydraulique, fabricant de grappins, fabricant d'\u00e9carteurs de conteneurs, \u00e9carteur de conteneurs de 20 pieds, \u00e9carteur de conteneurs semi-automatique, ch\u00e2ssis de levage de conteneurs de 40 pieds, \u00e9carteur de conteneurs TEC, pince de levage \u00e0 billes, pinces \u00e0 billes, fabricant de pinces \u00e0 billes pour grues, fournisseur chinois de pinces de levage \u00e0 billes, crochet de bobine en C, crochet de bobine, crochet de bobine en C pour ponts roulants, crochet en C pour grues, \u00e9carteur de type C, crochet de type C, aimants pour grues, dispositif de fixation de rail,Dispositif de fixation de rail de grue,Pince de rail de grue,Palan \u00e9lectrique \u00e0 c\u00e2ble CD\/MD,Palan \u00e9lectrique \u00e0 c\u00e2ble en Chine,Palan \u00e9lectrique \u00e0 c\u00e2ble monopoutre,Palan \u00e9lectrique \u00e0 c\u00e2ble bipoutre,Palan \u00e0 cha\u00eene,Palan \u00e9lectrique \u00e0 cha\u00eene,Fabricant de palan \u00e9lectrique \u00e0 cha\u00eene,Palan \u00e9lectrique \u00e0 cha\u00eene en Chine,Palan \u00e9lectrique \u00e0 c\u00e2ble\uff0cPalan \u00e9lectrique \u00e0 c\u00e2ble bipoutre en Europe,Chariot d'extr\u00e9mit\u00e9 de grue monopoutre de style europ\u00e9en,Chariot d'extr\u00e9mit\u00e9 de grue monopoutre de style europ\u00e9en FEN\/DIN,Fabricant de poutres d'extr\u00e9mit\u00e9 de grues,Poutre d'extr\u00e9mit\u00e9 de grue \u00e0 double poutre,Poutre d'extr\u00e9mit\u00e9 de grue suspendue,Poutre d'extr\u00e9mit\u00e9 de grue suspendue de style europ\u00e9en,FEN\/DIN Poutre d'extr\u00e9mit\u00e9 de grue suspendue,Chariot de c\u00e2ble de grue,T\u00e9l\u00e9commande sans fil,T\u00e9l\u00e9commande,Poign\u00e9e de commande de grue,Commandes de grue,Armoire de commande \u00e9lectrique,Armoire de commande de grue,Interrupteur de fin de course,Alarme sonore et lumineuse,Prise aviation,Connecteur rapide,Prise aviation de grue,Limiteur de surcharge","publisher":{"@id":"https:\/\/www.hnhlcrane.com\/#organization"},"potentialAction":[{"@type":"SearchAction","target":{"@type":"EntryPoint","urlTemplate":"https:\/\/www.hnhlcrane.com\/?s={search_term_string}"},"query-input":{"@type":"PropertyValueSpecification","valueRequired":true,"valueName":"search_term_string"}}],"inLanguage":"fr-FR"},{"@type":"Organization","@id":"https:\/\/www.hnhlcrane.com\/#organization","name":"Fournisseur de pi\u00e8ces pour grues - HL Crame","url":"https:\/\/www.hnhlcrane.com\/","logo":{"@type":"ImageObject","inLanguage":"fr-FR","@id":"https:\/\/www.hnhlcrane.com\/#\/schema\/logo\/image\/","url":"https:\/\/www.hnhlcrane.com\/wp-content\/uploads\/2024\/09\/logo6-1-e1733899395598.png","contentUrl":"https:\/\/www.hnhlcrane.com\/wp-content\/uploads\/2024\/09\/logo6-1-e1733899395598.png","width":1000,"height":282,"caption":"Crane Parts Supplier-HL Crame"},"image":{"@id":"https:\/\/www.hnhlcrane.com\/#\/schema\/logo\/image\/"}}]}},"_links":{"self":[{"href":"https:\/\/www.hnhlcrane.com\/fr\/wp-json\/wp\/v2\/product\/5487","targetHints":{"allow":["GET"]}}],"collection":[{"href":"https:\/\/www.hnhlcrane.com\/fr\/wp-json\/wp\/v2\/product"}],"about":[{"href":"https:\/\/www.hnhlcrane.com\/fr\/wp-json\/wp\/v2\/types\/product"}],"version-history":[{"count":2,"href":"https:\/\/www.hnhlcrane.com\/fr\/wp-json\/wp\/v2\/product\/5487\/revisions"}],"predecessor-version":[{"id":6957,"href":"https:\/\/www.hnhlcrane.com\/fr\/wp-json\/wp\/v2\/product\/5487\/revisions\/6957"}],"wp:featuredmedia":[{"embeddable":true,"href":"https:\/\/www.hnhlcrane.com\/fr\/wp-json\/wp\/v2\/media\/5488"}],"wp:attachment":[{"href":"https:\/\/www.hnhlcrane.com\/fr\/wp-json\/wp\/v2\/media?parent=5487"}],"wp:term":[{"taxonomy":"product_brand","embeddable":true,"href":"https:\/\/www.hnhlcrane.com\/fr\/wp-json\/wp\/v2\/product_brand?post=5487"},{"taxonomy":"product_cat","embeddable":true,"href":"https:\/\/www.hnhlcrane.com\/fr\/wp-json\/wp\/v2\/product_cat?post=5487"},{"taxonomy":"product_tag","embeddable":true,"href":"https:\/\/www.hnhlcrane.com\/fr\/wp-json\/wp\/v2\/product_tag?post=5487"}],"curies":[{"name":"wp","href":"https:\/\/api.w.org\/{rel}","templated":true}]}}