{"id":5472,"date":"2024-11-26T00:45:41","date_gmt":"2024-11-25T16:45:41","guid":{"rendered":"https:\/\/www.hnhlcrane.com\/?post_type=product&#038;p=5472"},"modified":"2025-09-10T10:45:04","modified_gmt":"2025-09-10T02:45:04","slug":"copies-detriers-de-grue-en-billette","status":"publish","type":"product","link":"https:\/\/www.hnhlcrane.com\/fr\/product\/copies-detriers-de-grue-en-billette\/","title":{"rendered":"\u00c9pandeur Crane de type C"},"content":{"rendered":"<h6><span style=\"font-family: arial, helvetica, sans-serif; font-size: 18pt;\"><strong>Pr\u00e9sentation de l'\u00e9pandeur Crane de type C<\/strong><\/span><\/h6>\n<p>Le palonnier Crane est un appareil sp\u00e9cialis\u00e9 con\u00e7u pour soulever et transporter horizontalement des bobines. Nomm\u00e9 ainsi en raison de sa ressemblance avec la lettre \"C\", ce palonnier est couramment utilis\u00e9 dans les aci\u00e9ries, les installations de production et de traitement de t\u00f4les lamin\u00e9es \u00e0 froid, les entrep\u00f4ts de stockage et autres lieux de travail o\u00f9 sont manipul\u00e9es des bobines d'acier horizontales.<\/p>\n<h6><span style=\"font-family: arial, helvetica, sans-serif; font-size: 18pt;\"><strong>Caract\u00e9ristiques structurelles de la grue <a href=\"https:\/\/www.hnhlcrane.com\/fr\/produits\/epandeur-a-grue-speciale\/\" target=\"_blank\" rel=\"noopener\">\u00c9pandeur de type C<\/a><\/strong><\/span><\/h6>\n<ul>\n<li><strong>Corps principal et contrepoids<\/strong>:\n<ul>\n<li><strong>Corps principal<\/strong>: Construit \u00e0 partir de plaques et de tubes d'acier, il offre une excellente r\u00e9sistance \u00e0 la flexion et \u00e0 la torsion. La structure l\u00e9g\u00e8re facilite l'utilisation et prolonge la dur\u00e9e de vie.<\/li>\n<li><strong>Contrepoids<\/strong>: Equilibre l'\u00e9pandeur et aligne son centre de gravit\u00e9 avec celui de l'objet soulev\u00e9, garantissant ainsi des op\u00e9rations s\u00fbres et fiables.<\/li>\n<\/ul>\n<\/li>\n<li><strong>Options de conception de la protection<\/strong>:\n<ul>\n<li>En fonction des besoins de l'utilisateur, des mesures de protection telles que des plaques en caoutchouc ou en nylon peuvent \u00eatre ajout\u00e9es aux points de contact pour \u00e9viter d'endommager les mat\u00e9riaux soulev\u00e9s.<\/li>\n<\/ul>\n<\/li>\n<\/ul>\n<h6><span style=\"font-family: arial, helvetica, sans-serif; font-size: 18pt;\"><strong>Applications<\/strong><\/span><\/h6>\n<p>L'\u00e9pandeur de type C convient \u00e0 la manutention de divers mat\u00e9riaux enroul\u00e9s, notamment<\/p>\n<ul>\n<li><strong>Bobines d'acier<\/strong><\/li>\n<li><strong>Bobines d'aluminium<\/strong><\/li>\n<li><strong>Bobines de cuivre<\/strong><\/li>\n<li><strong>Fil machine<\/strong><\/li>\n<\/ul>\n<p>Il est particuli\u00e8rement efficace dans les environnements n\u00e9cessitant une manipulation soigneuse et un transport efficace des bobines horizontales.<\/p>\n<h6><span style=\"font-family: arial, helvetica, sans-serif; font-size: 18pt;\"><strong>Avantages<\/strong><\/span><\/h6>\n<ul>\n<li><strong>Conception rationnelle<\/strong>:<span style=\"font-family: var(--global-body-font-family);\">La conception de l'\u00e9pandeur garantit la stabilit\u00e9, l'\u00e9quilibre et la pr\u00e9cision des op\u00e9rations.<\/span><\/li>\n<li><strong>Flexibilit\u00e9 et commodit\u00e9<\/strong>:<span style=\"font-family: var(--global-body-font-family);\">Des mouvements fluides et une manipulation simple am\u00e9liorent l'efficacit\u00e9 op\u00e9rationnelle.<\/span><\/li>\n<li><strong>Durabilit\u00e9<\/strong>:<span style=\"font-family: var(--global-body-font-family);\">La construction robuste r\u00e9siste \u00e0 l'usure, garantissant long\u00e9vit\u00e9 et fiabilit\u00e9.<\/span><\/li>\n<\/ul>\n<h6><span style=\"font-family: arial, helvetica, sans-serif; font-size: 18pt;\"><strong>Directives d'entretien et d'utilisation<\/strong><\/span><\/h6>\n<ul>\n<li><strong>Exigences en mati\u00e8re de stockage<\/strong>:<span style=\"font-family: var(--global-body-font-family);\">Conserver dans un <\/span><strong style=\"font-family: var(--global-body-font-family);\">environnement ventil\u00e9, sec et propre<\/strong><span style=\"font-family: var(--global-body-font-family);\">. \u00c9viter l'exposition \u00e0 <\/span><strong style=\"font-family: var(--global-body-font-family);\">l'acide, l'alcali, le sel, les gaz chimiques ou l'humidit\u00e9<\/strong><span style=\"font-family: var(--global-body-font-family);\"> pour \u00e9viter la corrosion.<\/span><\/li>\n<li><strong>Protection de la surface<\/strong>:<span style=\"font-family: var(--global-body-font-family);\">Appliquer r\u00e9guli\u00e8rement des rev\u00eatements antirouille pour prot\u00e9ger la surface et maintenir son aspect et sa durabilit\u00e9.<\/span><\/li>\n<li><strong>Lubrification et nettoyage<\/strong>:<span style=\"font-family: var(--global-body-font-family);\">Nettoyer et lubrifier p\u00e9riodiquement les pi\u00e8ces mobiles afin d'\u00e9viter les frottements secs et les blocages et d'assurer un fonctionnement sans heurts.<\/span><\/li>\n<li><strong>L'inspection<\/strong>:<span style=\"font-family: var(--global-body-font-family);\">Effectuer des inspections r\u00e9guli\u00e8res afin d'identifier l'usure ou la d\u00e9t\u00e9rioration des composants critiques, et traiter les probl\u00e8mes rapidement afin de maintenir la s\u00e9curit\u00e9 et la fonctionnalit\u00e9.<\/span><\/li>\n<\/ul>\n<p>L'utilisation et l'entretien corrects de l'\u00e9pandeur Crane de type C prolongent consid\u00e9rablement sa dur\u00e9e de vie, garantissant des performances stables et la s\u00e9curit\u00e9 des op\u00e9rations. Cet outil est une solution indispensable pour les industries qui exigent une manutention s\u00fbre et efficace des bobines.<\/p>\n<h6><strong><span style=\"font-family: arial, helvetica, sans-serif; font-size: 18pt;\">Dimensions et param\u00e8tres<\/span><\/strong><\/h6>\n<p><img fetchpriority=\"high\" decoding=\"async\" class=\"alignnone wp-image-5483\" src=\"https:\/\/www.hnhlcrane.com\/wp-content\/uploads\/2024\/11\/Crane-C-type-spreader-a-245x300.jpg\" alt=\"\" width=\"799\" height=\"978\" srcset=\"https:\/\/www.hnhlcrane.com\/wp-content\/uploads\/2024\/11\/Crane-C-type-spreader-a-245x300.jpg 245w, https:\/\/www.hnhlcrane.com\/wp-content\/uploads\/2024\/11\/Crane-C-type-spreader-a-768x939.jpg 768w, https:\/\/www.hnhlcrane.com\/wp-content\/uploads\/2024\/11\/Crane-C-type-spreader-a-600x734.jpg 600w, https:\/\/www.hnhlcrane.com\/wp-content\/uploads\/2024\/11\/Crane-C-type-spreader-a.jpg 800w\" sizes=\"(max-width: 799px) 100vw, 799px\" \/><\/p>","protected":false},"excerpt":{"rendered":"<p>Crochet \u00e0 bobine de type C, crochet \u00e0 bobine, crochet \u00e0 bobine de type C, crochet \u00e0 bobine de type C, \u00e9carteur de type C, crochet de type C, \u00e9carteur de type C pour grue, \u00e9carteur sp\u00e9cial pour grue<\/p>","protected":false},"featured_media":5473,"template":"","meta":{"_kad_post_transparent":"default","_kad_post_title":"","_kad_post_layout":"default","_kad_post_sidebar_id":"","_kad_post_content_style":"default","_kad_post_vertical_padding":"show","_kad_post_feature":"","_kad_post_feature_position":"","_kad_post_header":false,"_kad_post_footer":false},"product_brand":[],"product_cat":[59],"product_tag":[211,210,206,207,209,205,208,185],"class_list":{"0":"post-5472","1":"product","2":"type-product","3":"status-publish","4":"has-post-thumbnail","6":"product_cat-special-crane-spreader","7":"product_tag-c-type-hook","8":"product_tag-c-type-spreader","9":"product_tag-coil-c-type-hook","10":"product_tag-coil-hook","11":"product_tag-crane-c-hook","12":"product_tag-crane-c-type-spreader","13":"product_tag-overhead-crane-steel-coil-c-type-hook","14":"product_tag-special-crane-spreader","16":"first","17":"instock","18":"featured","19":"shipping-taxable","20":"product-type-simple","21":"entry","22":"content-bg","23":"loop-entry"},"yoast_head":"<!-- This site is optimized with the Yoast SEO plugin v25.6 - https:\/\/yoast.com\/wordpress\/plugins\/seo\/ -->\n<title>Crane C-type spreader \u2013 Heavy-Duty Lifting &amp; Container Handling Solution<\/title>\n<meta name=\"description\" content=\"High-quality crane C-type spreader for safe and efficient container and cargo handling. Ideal for overhead cranes, gantry cranes, and port operations.\" \/>\n<meta name=\"robots\" content=\"index, follow, max-snippet:-1, max-image-preview:large, max-video-preview:-1\" \/>\n<link rel=\"canonical\" href=\"https:\/\/www.hnhlcrane.com\/fr\/product\/copies-detriers-de-grue-en-billette\/\" \/>\n<meta property=\"og:locale\" content=\"fr_FR\" \/>\n<meta property=\"og:type\" content=\"article\" \/>\n<meta property=\"og:title\" content=\"Crane C-type spreader \u2013 Heavy-Duty Lifting &amp; Container Handling Solution\" \/>\n<meta property=\"og:description\" content=\"High-quality crane C-type spreader for safe and efficient container and cargo handling. Ideal for overhead cranes, gantry cranes, and port operations.\" \/>\n<meta property=\"og:url\" content=\"https:\/\/www.hnhlcrane.com\/fr\/product\/copies-detriers-de-grue-en-billette\/\" \/>\n<meta property=\"og:site_name\" content=\"Crane Parts Supplier-HL Crame\" \/>\n<meta property=\"article:modified_time\" content=\"2025-09-10T02:45:04+00:00\" \/>\n<meta property=\"og:image\" content=\"https:\/\/www.hnhlcrane.com\/wp-content\/uploads\/2024\/11\/Crane-C-type-spreader-1.jpg\" \/>\n\t<meta property=\"og:image:width\" content=\"600\" \/>\n\t<meta property=\"og:image:height\" content=\"600\" \/>\n\t<meta property=\"og:image:type\" content=\"image\/jpeg\" \/>\n<meta name=\"twitter:card\" content=\"summary_large_image\" \/>\n<meta name=\"twitter:label1\" content=\"Dur\u00e9e de lecture estim\u00e9e\" \/>\n\t<meta name=\"twitter:data1\" content=\"2 minutes\" \/>\n<script type=\"application\/ld+json\" class=\"yoast-schema-graph\">{\"@context\":\"https:\/\/schema.org\",\"@graph\":[{\"@type\":\"WebPage\",\"@id\":\"https:\/\/www.hnhlcrane.com\/product\/billet-crane-clamps-copy\/\",\"url\":\"https:\/\/www.hnhlcrane.com\/product\/billet-crane-clamps-copy\/\",\"name\":\"Crane C-type spreader \u2013 Heavy-Duty Lifting & Container Handling Solution\",\"isPartOf\":{\"@id\":\"https:\/\/www.hnhlcrane.com\/#website\"},\"primaryImageOfPage\":{\"@id\":\"https:\/\/www.hnhlcrane.com\/product\/billet-crane-clamps-copy\/#primaryimage\"},\"image\":{\"@id\":\"https:\/\/www.hnhlcrane.com\/product\/billet-crane-clamps-copy\/#primaryimage\"},\"thumbnailUrl\":\"https:\/\/www.hnhlcrane.com\/wp-content\/uploads\/2024\/11\/Crane-C-type-spreader-1.jpg\",\"datePublished\":\"2024-11-25T16:45:41+00:00\",\"dateModified\":\"2025-09-10T02:45:04+00:00\",\"description\":\"High-quality crane C-type spreader for safe and efficient container and cargo handling. Ideal for overhead cranes, gantry cranes, and port operations.\",\"breadcrumb\":{\"@id\":\"https:\/\/www.hnhlcrane.com\/product\/billet-crane-clamps-copy\/#breadcrumb\"},\"inLanguage\":\"fr-FR\",\"potentialAction\":[{\"@type\":\"ReadAction\",\"target\":[\"https:\/\/www.hnhlcrane.com\/product\/billet-crane-clamps-copy\/\"]}]},{\"@type\":\"ImageObject\",\"inLanguage\":\"fr-FR\",\"@id\":\"https:\/\/www.hnhlcrane.com\/product\/billet-crane-clamps-copy\/#primaryimage\",\"url\":\"https:\/\/www.hnhlcrane.com\/wp-content\/uploads\/2024\/11\/Crane-C-type-spreader-1.jpg\",\"contentUrl\":\"https:\/\/www.hnhlcrane.com\/wp-content\/uploads\/2024\/11\/Crane-C-type-spreader-1.jpg\",\"width\":600,\"height\":600},{\"@type\":\"BreadcrumbList\",\"@id\":\"https:\/\/www.hnhlcrane.com\/product\/billet-crane-clamps-copy\/#breadcrumb\",\"itemListElement\":[{\"@type\":\"ListItem\",\"position\":1,\"name\":\"home\",\"item\":\"https:\/\/www.hnhlcrane.com\/\"},{\"@type\":\"ListItem\",\"position\":2,\"name\":\"products\",\"item\":\"https:\/\/www.hnhlcrane.com\/products\/\"},{\"@type\":\"ListItem\",\"position\":3,\"name\":\"Crane C-type spreader\"}]},{\"@type\":\"WebSite\",\"@id\":\"https:\/\/www.hnhlcrane.com\/#website\",\"url\":\"https:\/\/www.hnhlcrane.com\/\",\"name\":\"Crane Parts Supplier-HL Crame\",\"description\":\"One-stop solution for all your  crane parts needs,Crane Hook,Crane Drum,Crane Wheel,Crane Coupling,Crane Gearbox,Crane Motor,Crane Brake,Special Crane Spreader,Crane grab,Container spreader,Billet crane clamps,Crane C-type spreader,Lifting Electromagnet,Crane Rail Clips,Electric Hoist,FEM Standard Crane End Carriages,Light Crane Parts,Workstation Crane Parts,Crane Electrical Parts,I-beam cable trolley,Crane remote controller,Crane electrical control cabinet,Crane limit switch,Crane sound and light alarm,Heavy Duty Aviation Connector,Crane overload limiter,China Crane Parts Supplier,Crane hooks,Gantry crane hook,Crane accessories,Forged hook,hook processing,Hook manufacturer,China standard crane hook,electric hoist hook,Crane pulley,Hook pulley,Rolled pulley,Crane Pulley Supplier\uff0cEuropean hook pulley,Gantry crane hook pulley,WZL type crane drum,European style reel set,Crane reel,crane parts,Drum processing,crane drum manufacturer,Cast steel drum,Electric hoist drum,Crane drum assembly,DRS Wheel Blocks,European crane wheel,Forged wheels,Active wheel set,Driving wheel set,Driven wheel group,crane wheels manufacturer,Demag crane wheels,Konecranes Crane Wheels,Overhead crane Wheel,Shaft couplings,Power Transmission Couplings,Disc Couplings,Fluid couplings,Coupling manufacturer\uff0cCardan coupling,Crane Reducer,Crane Decelerators,Reducer gearbox,Reducer for crane,Gear Reducer For Crane,Hard tooth surface reducerCrane and hoist reducer,Flender reducer,Reducer manufacturer,ZQ reducer,QJ reducer,QJY reducer,Gear Motors,Konecranes reducer,F series three-in-one reducer,K series three-in-one reducer,travelling machinery,Travelling Motor With Gear,Gear Motor for Crane Traveling,Travelling machinery Frequency inverter motors,FEM standard Gear Motors,Crane motors,Inverter motors,Hoist motors,motorCrane duty motors,Special motor for crane,YZR YZP YZ series motors,Crane and hoist motor,Frequency conversion motor,Electro hydraulic drum brakes,Electro-hydraulic disc brakes,Brake,Overhead Crane Brakes,Disc brakes,Electromagnetic disk brake,Crane hydraulic disc brake,Brakes manufacturer,crane Safety brakes,Singlr rope grab,Four rope grab,Electro-hydraulic multi-flap grab,Orange peel grab,Electric motor grab,Electro-Hydraulicclamshell grab,grab manufacturers,Container spreader manufacturers,20ft Container Spreader,Semi Automatic container spreader,40ft Container Lifting Frame,TEC container Spreader,Billet lifting clamp,Billet Clamps,Billet crane clamps manufacturer,billet lifting clamps china supplier,Coil C-Type Hook,coil hook,Overhead Crane Steel Coil C-Type Hook,Crane C-hook,C-type spreader,C-type hook,Crane magnets,Rail fixing device,Crane Rail fixing device,crane Rail Clamp,CD\/MD Wire Rope Electric Hoist,Wire Rope Electric Hoist China Manufacturer,Single Girder Wire Rope Electric Hoist,Double Girder Wire Rope Electric Hoist,Chain Hoist,Electric chain hoist manufacturer,Electric chain hoist China distributor,European wire rope electric hoist\uff0cEuropean double beam wire rope electric hoist,European Style Single Beam Crane End Carriage,FEN\/DIN European Style Single Beam Crane End Carriage,Crane end beam manufacturers,European style hoist double beam crane end beam,Suspension crane end beam,European style suspended single beam crane end beam,FEN\/DIN Suspension crane end beam,crane cable trolley,Wireless remote control,remote controller,Crane control handle,Crane Controls,electrical control cabinet,crane control cabinet,Limit switch,Sound and light alarm,Aviation plug,quick connector,Crane aviation plug,Overload limiter\",\"publisher\":{\"@id\":\"https:\/\/www.hnhlcrane.com\/#organization\"},\"potentialAction\":[{\"@type\":\"SearchAction\",\"target\":{\"@type\":\"EntryPoint\",\"urlTemplate\":\"https:\/\/www.hnhlcrane.com\/?s={search_term_string}\"},\"query-input\":{\"@type\":\"PropertyValueSpecification\",\"valueRequired\":true,\"valueName\":\"search_term_string\"}}],\"inLanguage\":\"fr-FR\"},{\"@type\":\"Organization\",\"@id\":\"https:\/\/www.hnhlcrane.com\/#organization\",\"name\":\"Crane Parts Supplier-HL Crame\",\"url\":\"https:\/\/www.hnhlcrane.com\/\",\"logo\":{\"@type\":\"ImageObject\",\"inLanguage\":\"fr-FR\",\"@id\":\"https:\/\/www.hnhlcrane.com\/#\/schema\/logo\/image\/\",\"url\":\"https:\/\/www.hnhlcrane.com\/wp-content\/uploads\/2024\/09\/logo6-1-e1733899395598.png\",\"contentUrl\":\"https:\/\/www.hnhlcrane.com\/wp-content\/uploads\/2024\/09\/logo6-1-e1733899395598.png\",\"width\":1000,\"height\":282,\"caption\":\"Crane Parts Supplier-HL Crame\"},\"image\":{\"@id\":\"https:\/\/www.hnhlcrane.com\/#\/schema\/logo\/image\/\"}}]}<\/script>\n<!-- \/ Yoast SEO plugin. -->","yoast_head_json":{"title":"Palonnier de type C de la grue - Heavy-Duty Lifting &amp; Container Handling Solution","description":"Palonnier de grue de type C de haute qualit\u00e9 pour une manutention s\u00fbre et efficace des conteneurs et des marchandises. Id\u00e9al pour les ponts roulants, les portiques et les op\u00e9rations portuaires.","robots":{"index":"index","follow":"follow","max-snippet":"max-snippet:-1","max-image-preview":"max-image-preview:large","max-video-preview":"max-video-preview:-1"},"canonical":"https:\/\/www.hnhlcrane.com\/fr\/product\/copies-detriers-de-grue-en-billette\/","og_locale":"fr_FR","og_type":"article","og_title":"Crane C-type spreader \u2013 Heavy-Duty Lifting & Container Handling Solution","og_description":"High-quality crane C-type spreader for safe and efficient container and cargo handling. Ideal for overhead cranes, gantry cranes, and port operations.","og_url":"https:\/\/www.hnhlcrane.com\/fr\/product\/copies-detriers-de-grue-en-billette\/","og_site_name":"Crane Parts Supplier-HL Crame","article_modified_time":"2025-09-10T02:45:04+00:00","og_image":[{"width":600,"height":600,"url":"https:\/\/www.hnhlcrane.com\/wp-content\/uploads\/2024\/11\/Crane-C-type-spreader-1.jpg","type":"image\/jpeg"}],"twitter_card":"summary_large_image","twitter_misc":{"Dur\u00e9e de lecture estim\u00e9e":"2 minutes"},"schema":{"@context":"https:\/\/schema.org","@graph":[{"@type":"WebPage","@id":"https:\/\/www.hnhlcrane.com\/product\/billet-crane-clamps-copy\/","url":"https:\/\/www.hnhlcrane.com\/product\/billet-crane-clamps-copy\/","name":"Palonnier de type C de la grue - Heavy-Duty Lifting &amp; Container Handling Solution","isPartOf":{"@id":"https:\/\/www.hnhlcrane.com\/#website"},"primaryImageOfPage":{"@id":"https:\/\/www.hnhlcrane.com\/product\/billet-crane-clamps-copy\/#primaryimage"},"image":{"@id":"https:\/\/www.hnhlcrane.com\/product\/billet-crane-clamps-copy\/#primaryimage"},"thumbnailUrl":"https:\/\/www.hnhlcrane.com\/wp-content\/uploads\/2024\/11\/Crane-C-type-spreader-1.jpg","datePublished":"2024-11-25T16:45:41+00:00","dateModified":"2025-09-10T02:45:04+00:00","description":"Palonnier de grue de type C de haute qualit\u00e9 pour une manutention s\u00fbre et efficace des conteneurs et des marchandises. Id\u00e9al pour les ponts roulants, les portiques et les op\u00e9rations portuaires.","breadcrumb":{"@id":"https:\/\/www.hnhlcrane.com\/product\/billet-crane-clamps-copy\/#breadcrumb"},"inLanguage":"fr-FR","potentialAction":[{"@type":"ReadAction","target":["https:\/\/www.hnhlcrane.com\/product\/billet-crane-clamps-copy\/"]}]},{"@type":"ImageObject","inLanguage":"fr-FR","@id":"https:\/\/www.hnhlcrane.com\/product\/billet-crane-clamps-copy\/#primaryimage","url":"https:\/\/www.hnhlcrane.com\/wp-content\/uploads\/2024\/11\/Crane-C-type-spreader-1.jpg","contentUrl":"https:\/\/www.hnhlcrane.com\/wp-content\/uploads\/2024\/11\/Crane-C-type-spreader-1.jpg","width":600,"height":600},{"@type":"BreadcrumbList","@id":"https:\/\/www.hnhlcrane.com\/product\/billet-crane-clamps-copy\/#breadcrumb","itemListElement":[{"@type":"ListItem","position":1,"name":"home","item":"https:\/\/www.hnhlcrane.com\/"},{"@type":"ListItem","position":2,"name":"products","item":"https:\/\/www.hnhlcrane.com\/products\/"},{"@type":"ListItem","position":3,"name":"Crane C-type spreader"}]},{"@type":"WebSite","@id":"https:\/\/www.hnhlcrane.com\/#website","url":"https:\/\/www.hnhlcrane.com\/","name":"Fournisseur de pi\u00e8ces pour grues - HL Crame","description":"Une solution unique pour tous vos besoins en pi\u00e8ces de grue,Crochet de grue,Tambour de grue,Roue de grue,Accouplement de grue,Bo\u00eete de vitesse de grue,Moteur de grue,Frein de grue,\u00c9carteur sp\u00e9cial de grue,Grappin de grue,\u00c9carteur de conteneur,Pinces de grue \u00e0 billes,\u00c9carteur de grue de type C,\u00c9lectro-aimant de levage, pinces pour rail de grue, palan \u00e9lectrique, chariot d'extr\u00e9mit\u00e9 de grue aux normes FEM, pi\u00e8ces pour grues l\u00e9g\u00e8res, pi\u00e8ces pour grues \u00e0 poste de travail, pi\u00e8ces \u00e9lectriques pour grues, chariot de c\u00e2ble \u00e0 poutre en I, t\u00e9l\u00e9commande de grue, armoire de commande \u00e9lectrique de grue,Interrupteur de fin de course de grue,Alarme sonore et lumineuse de grue,Connecteur d'aviation \u00e0 usage intensif,Limiteur de surcharge de grue,Fournisseur chinois de pi\u00e8ces de grue,Crochets de grue,Crochet de grue \u00e0 portique,Accessoires de grue,Crochet forg\u00e9,Traitement des crochets,Fabricant de crochets,Crochet de grue standard chinois,Crochet de palan \u00e9lectrique,Poulie de grue,Poulie \u00e0 crochet,Poulie roul\u00e9e,Fournisseur de poulies de grue\uff0cPoulie \u00e0 crochet europ\u00e9enne,Poulie \u00e0 crochet de grue \u00e0 portique,Tambour de grue de type WZL,Enrouleur de grue de style europ\u00e9en,Enrouleur de grue,pi\u00e8ces de grue, traitement des tambours, fabricant de tambours de grue, tambour en acier moul\u00e9, tambour de palan \u00e9lectrique, assemblage de tambour de grue, blocs de roue DRS, roue de grue europ\u00e9enne, roues forg\u00e9es, ensemble de roues actives, ensemble de roues motrices, groupe de roues motrices, fabricant de roues de grue, roues de grue Demag, roues de grue Konecranes, roue de pont roulant, accouplements d'arbre, accouplements de transmission de puissance, accouplements \u00e0 disque, accouplements de fluide, fabricant d'accouplements\uff0cAccouplement de cardan, r\u00e9ducteur de grue,R\u00e9ducteur de grue,R\u00e9ducteur pour grue,R\u00e9ducteur pour grue,R\u00e9ducteur \u00e0 denture dure,R\u00e9ducteur pour grue et palan,R\u00e9ducteur Flender,Fabricant de r\u00e9ducteurs,R\u00e9ducteur ZQ,R\u00e9ducteur QJ,R\u00e9ducteur QJY,Moteurs \u00e0 engrenages,R\u00e9ducteur Konecranes,R\u00e9ducteur trois en un de la s\u00e9rie F,R\u00e9ducteur trois en un de la s\u00e9rie K,Machines de d\u00e9placement,Moteur de d\u00e9placement avec engrenage,Moteur \u00e0 engrenage pour le d\u00e9placement de la grue,Machines de d\u00e9placement,Moteurs \u00e0 convertisseur de fr\u00e9quence,Moteurs \u00e0 engrenage standard FEM,Moteurs de grue,Moteurs \u00e0 convertisseur de fr\u00e9quence,Moteurs de levage,Moteurs pour grues,Moteurs sp\u00e9ciaux pour grues,Moteurs de la s\u00e9rie YZR YZP YZ,Moteurs pour grues et palans,Moteurs \u00e0 convertisseur de fr\u00e9quence,Freins \u00e0 tambour \u00e9lectro-hydrauliques,Freins \u00e0 disque \u00e9lectro-hydrauliques,Freins,Freins pour ponts roulants,Freins \u00e0 disque,Frein \u00e0 disque \u00e9lectromagn\u00e9tique,Frein \u00e0 disque hydraulique pour grues,Fabricant de freins,Freins de s\u00e9curit\u00e9 pour grues,Pince \u00e0 c\u00e2ble unique,Pince \u00e0 quatre c\u00e2bles,Pince \u00e9lectro-hydraulique \u00e0 clapets multiples,Pince \u00e0 peau d'orange,Pince \u00e0 moteur \u00e9lectrique,Grappin \u00e0 benne \u00e9lectro-hydraulique, fabricant de grappins, fabricant d'\u00e9carteurs de conteneurs, \u00e9carteur de conteneurs de 20 pieds, \u00e9carteur de conteneurs semi-automatique, ch\u00e2ssis de levage de conteneurs de 40 pieds, \u00e9carteur de conteneurs TEC, pince de levage \u00e0 billes, pinces \u00e0 billes, fabricant de pinces \u00e0 billes pour grues, fournisseur chinois de pinces de levage \u00e0 billes, crochet de bobine en C, crochet de bobine, crochet de bobine en C pour ponts roulants, crochet en C pour grues, \u00e9carteur de type C, crochet de type C, aimants pour grues, dispositif de fixation de rail,Dispositif de fixation de rail de grue,Pince de rail de grue,Palan \u00e9lectrique \u00e0 c\u00e2ble CD\/MD,Palan \u00e9lectrique \u00e0 c\u00e2ble en Chine,Palan \u00e9lectrique \u00e0 c\u00e2ble monopoutre,Palan \u00e9lectrique \u00e0 c\u00e2ble bipoutre,Palan \u00e0 cha\u00eene,Palan \u00e9lectrique \u00e0 cha\u00eene,Fabricant de palan \u00e9lectrique \u00e0 cha\u00eene,Palan \u00e9lectrique \u00e0 cha\u00eene en Chine,Palan \u00e9lectrique \u00e0 c\u00e2ble\uff0cPalan \u00e9lectrique \u00e0 c\u00e2ble bipoutre en Europe,Chariot d'extr\u00e9mit\u00e9 de grue monopoutre de style europ\u00e9en,Chariot d'extr\u00e9mit\u00e9 de grue monopoutre de style europ\u00e9en FEN\/DIN,Fabricant de poutres d'extr\u00e9mit\u00e9 de grues,Poutre d'extr\u00e9mit\u00e9 de grue \u00e0 double poutre,Poutre d'extr\u00e9mit\u00e9 de grue suspendue,Poutre d'extr\u00e9mit\u00e9 de grue suspendue de style europ\u00e9en,FEN\/DIN Poutre d'extr\u00e9mit\u00e9 de grue suspendue,Chariot de c\u00e2ble de grue,T\u00e9l\u00e9commande sans fil,T\u00e9l\u00e9commande,Poign\u00e9e de commande de grue,Commandes de grue,Armoire de commande \u00e9lectrique,Armoire de commande de grue,Interrupteur de fin de course,Alarme sonore et lumineuse,Prise aviation,Connecteur rapide,Prise aviation de grue,Limiteur de surcharge","publisher":{"@id":"https:\/\/www.hnhlcrane.com\/#organization"},"potentialAction":[{"@type":"SearchAction","target":{"@type":"EntryPoint","urlTemplate":"https:\/\/www.hnhlcrane.com\/?s={search_term_string}"},"query-input":{"@type":"PropertyValueSpecification","valueRequired":true,"valueName":"search_term_string"}}],"inLanguage":"fr-FR"},{"@type":"Organization","@id":"https:\/\/www.hnhlcrane.com\/#organization","name":"Fournisseur de pi\u00e8ces pour grues - HL Crame","url":"https:\/\/www.hnhlcrane.com\/","logo":{"@type":"ImageObject","inLanguage":"fr-FR","@id":"https:\/\/www.hnhlcrane.com\/#\/schema\/logo\/image\/","url":"https:\/\/www.hnhlcrane.com\/wp-content\/uploads\/2024\/09\/logo6-1-e1733899395598.png","contentUrl":"https:\/\/www.hnhlcrane.com\/wp-content\/uploads\/2024\/09\/logo6-1-e1733899395598.png","width":1000,"height":282,"caption":"Crane Parts Supplier-HL Crame"},"image":{"@id":"https:\/\/www.hnhlcrane.com\/#\/schema\/logo\/image\/"}}]}},"_links":{"self":[{"href":"https:\/\/www.hnhlcrane.com\/fr\/wp-json\/wp\/v2\/product\/5472","targetHints":{"allow":["GET"]}}],"collection":[{"href":"https:\/\/www.hnhlcrane.com\/fr\/wp-json\/wp\/v2\/product"}],"about":[{"href":"https:\/\/www.hnhlcrane.com\/fr\/wp-json\/wp\/v2\/types\/product"}],"version-history":[{"count":2,"href":"https:\/\/www.hnhlcrane.com\/fr\/wp-json\/wp\/v2\/product\/5472\/revisions"}],"predecessor-version":[{"id":6955,"href":"https:\/\/www.hnhlcrane.com\/fr\/wp-json\/wp\/v2\/product\/5472\/revisions\/6955"}],"wp:featuredmedia":[{"embeddable":true,"href":"https:\/\/www.hnhlcrane.com\/fr\/wp-json\/wp\/v2\/media\/5473"}],"wp:attachment":[{"href":"https:\/\/www.hnhlcrane.com\/fr\/wp-json\/wp\/v2\/media?parent=5472"}],"wp:term":[{"taxonomy":"product_brand","embeddable":true,"href":"https:\/\/www.hnhlcrane.com\/fr\/wp-json\/wp\/v2\/product_brand?post=5472"},{"taxonomy":"product_cat","embeddable":true,"href":"https:\/\/www.hnhlcrane.com\/fr\/wp-json\/wp\/v2\/product_cat?post=5472"},{"taxonomy":"product_tag","embeddable":true,"href":"https:\/\/www.hnhlcrane.com\/fr\/wp-json\/wp\/v2\/product_tag?post=5472"}],"curies":[{"name":"wp","href":"https:\/\/api.w.org\/{rel}","templated":true}]}}