{"id":5158,"date":"2024-11-10T15:59:16","date_gmt":"2024-11-10T07:59:16","guid":{"rendered":"https:\/\/www.hnhlcrane.com\/?post_type=product&#038;p=5158"},"modified":"2025-09-09T00:23:44","modified_gmt":"2025-09-08T16:23:44","slug":"boite-de-vitesses-pour-grues-qj-l","status":"publish","type":"product","link":"https:\/\/www.hnhlcrane.com\/fr\/product\/boite-de-vitesses-pour-grues-qj-l\/","title":{"rendered":"Bo\u00eete de vitesses pour grue QJ-L"},"content":{"rendered":"<div class=\"flex-shrink-0 flex flex-col relative items-end\">\n<div>\n<div class=\"pt-0\">\n<div class=\"gizmo-bot-avatar flex h-8 w-8 items-center justify-center overflow-hidden rounded-full\">\n<div class=\"relative p-1 rounded-sm flex items-center justify-center bg-token-main-surface-primary text-token-text-primary h-8 w-8\"><\/div>\n<\/div>\n<\/div>\n<\/div>\n<\/div>\n<div class=\"group\/conversation-turn relative flex w-full min-w-0 flex-col agent-turn\">\n<div class=\"flex-col gap-1 md:gap-3\">\n<div class=\"flex max-w-full flex-col flex-grow\">\n<div class=\"min-h-8 text-message flex w-full flex-col items-end gap-2 whitespace-normal break-words [.text-message+&amp;]:mt-5\" dir=\"auto\" data-message-author-role=\"assistant\" data-message-id=\"3b403baf-b927-4069-83cc-5b7e1d47227d\" data-message-model-slug=\"gpt-4o\">\n<div class=\"flex w-full flex-col gap-1 empty:hidden first:pt-[3px]\">\n<div class=\"markdown prose w-full break-words dark:prose-invert light\">\n<h6><span style=\"font-family: arial, helvetica, sans-serif; font-size: 18pt;\"><strong>Aper\u00e7u du r\u00e9ducteur de grue QJ-L<\/strong><\/span><\/h6>\n<p>Le QJ-L <a href=\"https:\/\/www.hnhlcrane.com\/fr\/produits\/boite-de-vitesses-de-grue\/\" target=\"_blank\" rel=\"noopener\">bo\u00eete de vitesses de grue<\/a> est principalement con\u00e7u pour les m\u00e9canismes de fonctionnement des grues, mais il peut \u00e9galement \u00eatre utilis\u00e9 dans les syst\u00e8mes de transmission de diverses machines, notamment dans les secteurs du transport, de la m\u00e9tallurgie, de l'exploitation mini\u00e8re, de la chimie et de l'industrie l\u00e9g\u00e8re. Avec des surfaces de dents moyennement dures sur les engrenages et les arbres d'engrenage fabriqu\u00e9s en acier alli\u00e9 \u00e0 teneur moyenne en carbone, il offre une structure compacte et une capacit\u00e9 de charge \u00e9lev\u00e9e.<\/p>\n<h6><span style=\"font-family: arial, helvetica, sans-serif; font-size: 18pt;\"><strong>Dimensions et types d'assemblage du r\u00e9ducteur de la grue QJ-L<\/strong><\/span><\/h6>\n<p><img fetchpriority=\"high\" decoding=\"async\" class=\"alignnone wp-image-5161\" src=\"https:\/\/www.hnhlcrane.com\/wp-content\/uploads\/2024\/11\/QJ-L-crane-gearbox-a-300x208.jpg\" alt=\"\" width=\"800\" height=\"554\" srcset=\"https:\/\/www.hnhlcrane.com\/wp-content\/uploads\/2024\/11\/QJ-L-crane-gearbox-a-300x208.jpg 300w, https:\/\/www.hnhlcrane.com\/wp-content\/uploads\/2024\/11\/QJ-L-crane-gearbox-a-768x532.jpg 768w, https:\/\/www.hnhlcrane.com\/wp-content\/uploads\/2024\/11\/QJ-L-crane-gearbox-a-600x416.jpg 600w, https:\/\/www.hnhlcrane.com\/wp-content\/uploads\/2024\/11\/QJ-L-crane-gearbox-a.jpg 1000w\" sizes=\"(max-width: 800px) 100vw, 800px\" \/><\/p>\n<p><img decoding=\"async\" class=\"alignnone wp-image-5162\" src=\"https:\/\/www.hnhlcrane.com\/wp-content\/uploads\/2024\/11\/QJ-L-crane-gearbox-b-300x150.jpg\" alt=\"\" width=\"800\" height=\"400\" srcset=\"https:\/\/www.hnhlcrane.com\/wp-content\/uploads\/2024\/11\/QJ-L-crane-gearbox-b-300x150.jpg 300w, https:\/\/www.hnhlcrane.com\/wp-content\/uploads\/2024\/11\/QJ-L-crane-gearbox-b-768x383.jpg 768w, https:\/\/www.hnhlcrane.com\/wp-content\/uploads\/2024\/11\/QJ-L-crane-gearbox-b-600x299.jpg 600w, https:\/\/www.hnhlcrane.com\/wp-content\/uploads\/2024\/11\/QJ-L-crane-gearbox-b.jpg 1000w\" sizes=\"(max-width: 800px) 100vw, 800px\" \/><\/p>\n<h6><span style=\"font-family: arial, helvetica, sans-serif; font-size: 18pt;\"><strong>Tableau des capacit\u00e9s de charge pour la bo\u00eete de vitesses de la grue QJ-L<\/strong><\/span><\/h6>\n<p><img decoding=\"async\" class=\"alignnone wp-image-5163\" src=\"https:\/\/www.hnhlcrane.com\/wp-content\/uploads\/2024\/11\/QJ-L-crane-gearbox-c-237x300.jpg\" alt=\"\" width=\"800\" height=\"1013\" srcset=\"https:\/\/www.hnhlcrane.com\/wp-content\/uploads\/2024\/11\/QJ-L-crane-gearbox-c-237x300.jpg 237w, https:\/\/www.hnhlcrane.com\/wp-content\/uploads\/2024\/11\/QJ-L-crane-gearbox-c-809x1024.jpg 809w, https:\/\/www.hnhlcrane.com\/wp-content\/uploads\/2024\/11\/QJ-L-crane-gearbox-c-768x972.jpg 768w, https:\/\/www.hnhlcrane.com\/wp-content\/uploads\/2024\/11\/QJ-L-crane-gearbox-c-600x759.jpg 600w, https:\/\/www.hnhlcrane.com\/wp-content\/uploads\/2024\/11\/QJ-L-crane-gearbox-c.jpg 1000w\" sizes=\"(max-width: 800px) 100vw, 800px\" \/><\/p>\n<\/div>\n<\/div>\n<\/div>\n<\/div>\n<\/div>\n<\/div>","protected":false},"excerpt":{"rendered":"<p><strong>Bo\u00eete de vitesses pour grue QJ-L Sp\u00e9cifications :<\/strong><\/p>\n<ul>\n<li><strong>Mod\u00e8les :<\/strong> QJ-L140, QJ-L170, QJ-L200, QJ-L236, QJ-L280, QJ-L335, QJ-L400<\/li>\n<li><strong>Ratios d'engrenage :<\/strong> 16, 18, 20, 22.4, 25, 28, 31.5, 35.5, 40, 45, 50, 56, 63, 71, 80, 90, 100<\/li>\n<li><strong>Types d'assemblage :<\/strong> I, II, III, IV, V, VI<\/li>\n<li><strong>Mat\u00e9riaux de l'arbre et de l'engrenage :<\/strong> 42CrMo, 35CrMo<\/li>\n<li><strong>Plage de couple de sortie :<\/strong> 308 Nm \u00e0 7950 Nm<\/li>\n<li><strong>Options personnalis\u00e9es :<\/strong> Des personnalisations non standard sont possibles ; nous pouvons fabriquer sur la base des dessins et des sp\u00e9cifications fournis par le client.<\/li>\n<\/ul>","protected":false},"featured_media":5159,"template":"","meta":{"_kad_post_transparent":"default","_kad_post_title":"","_kad_post_layout":"default","_kad_post_sidebar_id":"","_kad_post_content_style":"default","_kad_post_vertical_padding":"show","_kad_post_feature":"","_kad_post_feature_position":"","_kad_post_header":false,"_kad_post_footer":false},"product_brand":[],"product_cat":[55],"product_tag":[73,138,136,72,137,151,159,144,155,149,141,142,152,147,148,140,139,145,153,158,154,146],"class_list":{"0":"post-5158","1":"product","2":"type-product","3":"status-publish","4":"has-post-thumbnail","6":"product_cat-crane-gearbox","7":"product_tag-crane-accessories","8":"product_tag-crane-decelerators","9":"product_tag-crane-gearbox","10":"product_tag-crane-parts","11":"product_tag-crane-reducer","12":"product_tag-f-series-three-in-one-reducer","13":"product_tag-fem-standard-gear-motors","14":"product_tag-flender-reducer","15":"product_tag-gear-motor-for-crane-traveling","16":"product_tag-gear-motors","17":"product_tag-gear-reducer-for-crane","18":"product_tag-hard-tooth-surface-reducercrane-and-hoist-reducer","19":"product_tag-k-series-three-in-one-reducer","20":"product_tag-qj-reducer","21":"product_tag-qjy-reducer","22":"product_tag-reducer-for-crane","23":"product_tag-reducer-gearbox","24":"product_tag-reducer-manufacturer","25":"product_tag-travelling-machinery","26":"product_tag-travelling-machinery-frequency-inverter-motors","27":"product_tag-travelling-motor-with-gear","28":"product_tag-zq-reducer","30":"first","31":"instock","32":"shipping-taxable","33":"product-type-simple","34":"entry","35":"content-bg","36":"loop-entry"},"yoast_head":"<!-- This site is optimized with the Yoast SEO plugin v25.6 - https:\/\/yoast.com\/wordpress\/plugins\/seo\/ -->\n<title>QJ-L crane gearbox \u2013 Reliable Crane Gear Reducers &amp; Decelerator<\/title>\n<meta name=\"description\" content=\"Buy QJ-L Crane Gearbox, Reducers, and Decelerators for durable, efficient crane performance. Trusted reducer manufacturer worldwide.\" \/>\n<meta name=\"robots\" content=\"index, follow, max-snippet:-1, max-image-preview:large, max-video-preview:-1\" \/>\n<link rel=\"canonical\" href=\"https:\/\/www.hnhlcrane.com\/fr\/product\/boite-de-vitesses-pour-grues-qj-l\/\" \/>\n<meta property=\"og:locale\" content=\"fr_FR\" \/>\n<meta property=\"og:type\" content=\"article\" \/>\n<meta property=\"og:title\" content=\"QJ-L crane gearbox \u2013 Reliable Crane Gear Reducers &amp; Decelerator\" \/>\n<meta property=\"og:description\" content=\"Buy QJ-L Crane Gearbox, Reducers, and Decelerators for durable, efficient crane performance. Trusted reducer manufacturer worldwide.\" \/>\n<meta property=\"og:url\" content=\"https:\/\/www.hnhlcrane.com\/fr\/product\/boite-de-vitesses-pour-grues-qj-l\/\" \/>\n<meta property=\"og:site_name\" content=\"Crane Parts Supplier-HL Crame\" \/>\n<meta property=\"article:modified_time\" content=\"2025-09-08T16:23:44+00:00\" \/>\n<meta property=\"og:image\" content=\"https:\/\/www.hnhlcrane.com\/wp-content\/uploads\/2024\/11\/QJ-L-crane-gearbox-1.jpg\" \/>\n\t<meta property=\"og:image:width\" content=\"600\" \/>\n\t<meta property=\"og:image:height\" content=\"600\" \/>\n\t<meta property=\"og:image:type\" content=\"image\/jpeg\" \/>\n<meta name=\"twitter:card\" content=\"summary_large_image\" \/>\n<meta name=\"twitter:label1\" content=\"Dur\u00e9e de lecture estim\u00e9e\" \/>\n\t<meta name=\"twitter:data1\" content=\"2 minutes\" \/>\n<script type=\"application\/ld+json\" class=\"yoast-schema-graph\">{\"@context\":\"https:\/\/schema.org\",\"@graph\":[{\"@type\":\"WebPage\",\"@id\":\"https:\/\/www.hnhlcrane.com\/product\/qj-l-crane-gearbox\/\",\"url\":\"https:\/\/www.hnhlcrane.com\/product\/qj-l-crane-gearbox\/\",\"name\":\"QJ-L crane gearbox \u2013 Reliable Crane Gear Reducers & Decelerator\",\"isPartOf\":{\"@id\":\"https:\/\/www.hnhlcrane.com\/#website\"},\"primaryImageOfPage\":{\"@id\":\"https:\/\/www.hnhlcrane.com\/product\/qj-l-crane-gearbox\/#primaryimage\"},\"image\":{\"@id\":\"https:\/\/www.hnhlcrane.com\/product\/qj-l-crane-gearbox\/#primaryimage\"},\"thumbnailUrl\":\"https:\/\/www.hnhlcrane.com\/wp-content\/uploads\/2024\/11\/QJ-L-crane-gearbox-1.jpg\",\"datePublished\":\"2024-11-10T07:59:16+00:00\",\"dateModified\":\"2025-09-08T16:23:44+00:00\",\"description\":\"Buy QJ-L Crane Gearbox, Reducers, and Decelerators for durable, efficient crane performance. Trusted reducer manufacturer worldwide.\",\"breadcrumb\":{\"@id\":\"https:\/\/www.hnhlcrane.com\/product\/qj-l-crane-gearbox\/#breadcrumb\"},\"inLanguage\":\"fr-FR\",\"potentialAction\":[{\"@type\":\"ReadAction\",\"target\":[\"https:\/\/www.hnhlcrane.com\/product\/qj-l-crane-gearbox\/\"]}]},{\"@type\":\"ImageObject\",\"inLanguage\":\"fr-FR\",\"@id\":\"https:\/\/www.hnhlcrane.com\/product\/qj-l-crane-gearbox\/#primaryimage\",\"url\":\"https:\/\/www.hnhlcrane.com\/wp-content\/uploads\/2024\/11\/QJ-L-crane-gearbox-1.jpg\",\"contentUrl\":\"https:\/\/www.hnhlcrane.com\/wp-content\/uploads\/2024\/11\/QJ-L-crane-gearbox-1.jpg\",\"width\":600,\"height\":600},{\"@type\":\"BreadcrumbList\",\"@id\":\"https:\/\/www.hnhlcrane.com\/product\/qj-l-crane-gearbox\/#breadcrumb\",\"itemListElement\":[{\"@type\":\"ListItem\",\"position\":1,\"name\":\"home\",\"item\":\"https:\/\/www.hnhlcrane.com\/\"},{\"@type\":\"ListItem\",\"position\":2,\"name\":\"products\",\"item\":\"https:\/\/www.hnhlcrane.com\/products\/\"},{\"@type\":\"ListItem\",\"position\":3,\"name\":\"QJ-L crane gearbox\"}]},{\"@type\":\"WebSite\",\"@id\":\"https:\/\/www.hnhlcrane.com\/#website\",\"url\":\"https:\/\/www.hnhlcrane.com\/\",\"name\":\"Crane Parts Supplier-HL Crame\",\"description\":\"One-stop solution for all your  crane parts needs,Crane Hook,Crane Drum,Crane Wheel,Crane Coupling,Crane Gearbox,Crane Motor,Crane Brake,Special Crane Spreader,Crane grab,Container spreader,Billet crane clamps,Crane C-type spreader,Lifting Electromagnet,Crane Rail Clips,Electric Hoist,FEM Standard Crane End Carriages,Light Crane Parts,Workstation Crane Parts,Crane Electrical Parts,I-beam cable trolley,Crane remote controller,Crane electrical control cabinet,Crane limit switch,Crane sound and light alarm,Heavy Duty Aviation Connector,Crane overload limiter,China Crane Parts Supplier,Crane hooks,Gantry crane hook,Crane accessories,Forged hook,hook processing,Hook manufacturer,China standard crane hook,electric hoist hook,Crane pulley,Hook pulley,Rolled pulley,Crane Pulley Supplier\uff0cEuropean hook pulley,Gantry crane hook pulley,WZL type crane drum,European style reel set,Crane reel,crane parts,Drum processing,crane drum manufacturer,Cast steel drum,Electric hoist drum,Crane drum assembly,DRS Wheel Blocks,European crane wheel,Forged wheels,Active wheel set,Driving wheel set,Driven wheel group,crane wheels manufacturer,Demag crane wheels,Konecranes Crane Wheels,Overhead crane Wheel,Shaft couplings,Power Transmission Couplings,Disc Couplings,Fluid couplings,Coupling manufacturer\uff0cCardan coupling,Crane Reducer,Crane Decelerators,Reducer gearbox,Reducer for crane,Gear Reducer For Crane,Hard tooth surface reducerCrane and hoist reducer,Flender reducer,Reducer manufacturer,ZQ reducer,QJ reducer,QJY reducer,Gear Motors,Konecranes reducer,F series three-in-one reducer,K series three-in-one reducer,travelling machinery,Travelling Motor With Gear,Gear Motor for Crane Traveling,Travelling machinery Frequency inverter motors,FEM standard Gear Motors,Crane motors,Inverter motors,Hoist motors,motorCrane duty motors,Special motor for crane,YZR YZP YZ series motors,Crane and hoist motor,Frequency conversion motor,Electro hydraulic drum brakes,Electro-hydraulic disc brakes,Brake,Overhead Crane Brakes,Disc brakes,Electromagnetic disk brake,Crane hydraulic disc brake,Brakes manufacturer,crane Safety brakes,Singlr rope grab,Four rope grab,Electro-hydraulic multi-flap grab,Orange peel grab,Electric motor grab,Electro-Hydraulicclamshell grab,grab manufacturers,Container spreader manufacturers,20ft Container Spreader,Semi Automatic container spreader,40ft Container Lifting Frame,TEC container Spreader,Billet lifting clamp,Billet Clamps,Billet crane clamps manufacturer,billet lifting clamps china supplier,Coil C-Type Hook,coil hook,Overhead Crane Steel Coil C-Type Hook,Crane C-hook,C-type spreader,C-type hook,Crane magnets,Rail fixing device,Crane Rail fixing device,crane Rail Clamp,CD\/MD Wire Rope Electric Hoist,Wire Rope Electric Hoist China Manufacturer,Single Girder Wire Rope Electric Hoist,Double Girder Wire Rope Electric Hoist,Chain Hoist,Electric chain hoist manufacturer,Electric chain hoist China distributor,European wire rope electric hoist\uff0cEuropean double beam wire rope electric hoist,European Style Single Beam Crane End Carriage,FEN\/DIN European Style Single Beam Crane End Carriage,Crane end beam manufacturers,European style hoist double beam crane end beam,Suspension crane end beam,European style suspended single beam crane end beam,FEN\/DIN Suspension crane end beam,crane cable trolley,Wireless remote control,remote controller,Crane control handle,Crane Controls,electrical control cabinet,crane control cabinet,Limit switch,Sound and light alarm,Aviation plug,quick connector,Crane aviation plug,Overload limiter\",\"publisher\":{\"@id\":\"https:\/\/www.hnhlcrane.com\/#organization\"},\"potentialAction\":[{\"@type\":\"SearchAction\",\"target\":{\"@type\":\"EntryPoint\",\"urlTemplate\":\"https:\/\/www.hnhlcrane.com\/?s={search_term_string}\"},\"query-input\":{\"@type\":\"PropertyValueSpecification\",\"valueRequired\":true,\"valueName\":\"search_term_string\"}}],\"inLanguage\":\"fr-FR\"},{\"@type\":\"Organization\",\"@id\":\"https:\/\/www.hnhlcrane.com\/#organization\",\"name\":\"Crane Parts Supplier-HL Crame\",\"url\":\"https:\/\/www.hnhlcrane.com\/\",\"logo\":{\"@type\":\"ImageObject\",\"inLanguage\":\"fr-FR\",\"@id\":\"https:\/\/www.hnhlcrane.com\/#\/schema\/logo\/image\/\",\"url\":\"https:\/\/www.hnhlcrane.com\/wp-content\/uploads\/2024\/09\/logo6-1-e1733899395598.png\",\"contentUrl\":\"https:\/\/www.hnhlcrane.com\/wp-content\/uploads\/2024\/09\/logo6-1-e1733899395598.png\",\"width\":1000,\"height\":282,\"caption\":\"Crane Parts Supplier-HL Crame\"},\"image\":{\"@id\":\"https:\/\/www.hnhlcrane.com\/#\/schema\/logo\/image\/\"}}]}<\/script>\n<!-- \/ Yoast SEO plugin. -->","yoast_head_json":{"title":"QJ-L crane gearbox - Reliable Crane Gear Reducers &amp; Decelerator","description":"Achetez les bo\u00eetes de vitesses, les r\u00e9ducteurs et les d\u00e9c\u00e9l\u00e9rateurs de grues QJ-L pour une performance durable et efficace des grues. Fabricant de r\u00e9ducteurs de confiance dans le monde entier.","robots":{"index":"index","follow":"follow","max-snippet":"max-snippet:-1","max-image-preview":"max-image-preview:large","max-video-preview":"max-video-preview:-1"},"canonical":"https:\/\/www.hnhlcrane.com\/fr\/product\/boite-de-vitesses-pour-grues-qj-l\/","og_locale":"fr_FR","og_type":"article","og_title":"QJ-L crane gearbox \u2013 Reliable Crane Gear Reducers & Decelerator","og_description":"Buy QJ-L Crane Gearbox, Reducers, and Decelerators for durable, efficient crane performance. Trusted reducer manufacturer worldwide.","og_url":"https:\/\/www.hnhlcrane.com\/fr\/product\/boite-de-vitesses-pour-grues-qj-l\/","og_site_name":"Crane Parts Supplier-HL Crame","article_modified_time":"2025-09-08T16:23:44+00:00","og_image":[{"width":600,"height":600,"url":"https:\/\/www.hnhlcrane.com\/wp-content\/uploads\/2024\/11\/QJ-L-crane-gearbox-1.jpg","type":"image\/jpeg"}],"twitter_card":"summary_large_image","twitter_misc":{"Dur\u00e9e de lecture estim\u00e9e":"2 minutes"},"schema":{"@context":"https:\/\/schema.org","@graph":[{"@type":"WebPage","@id":"https:\/\/www.hnhlcrane.com\/product\/qj-l-crane-gearbox\/","url":"https:\/\/www.hnhlcrane.com\/product\/qj-l-crane-gearbox\/","name":"QJ-L crane gearbox - Reliable Crane Gear Reducers &amp; Decelerator","isPartOf":{"@id":"https:\/\/www.hnhlcrane.com\/#website"},"primaryImageOfPage":{"@id":"https:\/\/www.hnhlcrane.com\/product\/qj-l-crane-gearbox\/#primaryimage"},"image":{"@id":"https:\/\/www.hnhlcrane.com\/product\/qj-l-crane-gearbox\/#primaryimage"},"thumbnailUrl":"https:\/\/www.hnhlcrane.com\/wp-content\/uploads\/2024\/11\/QJ-L-crane-gearbox-1.jpg","datePublished":"2024-11-10T07:59:16+00:00","dateModified":"2025-09-08T16:23:44+00:00","description":"Achetez les bo\u00eetes de vitesses, les r\u00e9ducteurs et les d\u00e9c\u00e9l\u00e9rateurs de grues QJ-L pour une performance durable et efficace des grues. Fabricant de r\u00e9ducteurs de confiance dans le monde entier.","breadcrumb":{"@id":"https:\/\/www.hnhlcrane.com\/product\/qj-l-crane-gearbox\/#breadcrumb"},"inLanguage":"fr-FR","potentialAction":[{"@type":"ReadAction","target":["https:\/\/www.hnhlcrane.com\/product\/qj-l-crane-gearbox\/"]}]},{"@type":"ImageObject","inLanguage":"fr-FR","@id":"https:\/\/www.hnhlcrane.com\/product\/qj-l-crane-gearbox\/#primaryimage","url":"https:\/\/www.hnhlcrane.com\/wp-content\/uploads\/2024\/11\/QJ-L-crane-gearbox-1.jpg","contentUrl":"https:\/\/www.hnhlcrane.com\/wp-content\/uploads\/2024\/11\/QJ-L-crane-gearbox-1.jpg","width":600,"height":600},{"@type":"BreadcrumbList","@id":"https:\/\/www.hnhlcrane.com\/product\/qj-l-crane-gearbox\/#breadcrumb","itemListElement":[{"@type":"ListItem","position":1,"name":"home","item":"https:\/\/www.hnhlcrane.com\/"},{"@type":"ListItem","position":2,"name":"products","item":"https:\/\/www.hnhlcrane.com\/products\/"},{"@type":"ListItem","position":3,"name":"QJ-L crane gearbox"}]},{"@type":"WebSite","@id":"https:\/\/www.hnhlcrane.com\/#website","url":"https:\/\/www.hnhlcrane.com\/","name":"Fournisseur de pi\u00e8ces pour grues - HL Crame","description":"Une solution unique pour tous vos besoins en pi\u00e8ces de grue,Crochet de grue,Tambour de grue,Roue de grue,Accouplement de grue,Bo\u00eete de vitesse de grue,Moteur de grue,Frein de grue,\u00c9carteur sp\u00e9cial de grue,Grappin de grue,\u00c9carteur de conteneur,Pinces de grue \u00e0 billes,\u00c9carteur de grue de type C,\u00c9lectro-aimant de levage, pinces pour rail de grue, palan \u00e9lectrique, chariot d'extr\u00e9mit\u00e9 de grue aux normes FEM, pi\u00e8ces pour grues l\u00e9g\u00e8res, pi\u00e8ces pour grues \u00e0 poste de travail, pi\u00e8ces \u00e9lectriques pour grues, chariot de c\u00e2ble \u00e0 poutre en I, t\u00e9l\u00e9commande de grue, armoire de commande \u00e9lectrique de grue,Interrupteur de fin de course de grue,Alarme sonore et lumineuse de grue,Connecteur d'aviation \u00e0 usage intensif,Limiteur de surcharge de grue,Fournisseur chinois de pi\u00e8ces de grue,Crochets de grue,Crochet de grue \u00e0 portique,Accessoires de grue,Crochet forg\u00e9,Traitement des crochets,Fabricant de crochets,Crochet de grue standard chinois,Crochet de palan \u00e9lectrique,Poulie de grue,Poulie \u00e0 crochet,Poulie roul\u00e9e,Fournisseur de poulies de grue\uff0cPoulie \u00e0 crochet europ\u00e9enne,Poulie \u00e0 crochet de grue \u00e0 portique,Tambour de grue de type WZL,Enrouleur de grue de style europ\u00e9en,Enrouleur de grue,pi\u00e8ces de grue, traitement des tambours, fabricant de tambours de grue, tambour en acier moul\u00e9, tambour de palan \u00e9lectrique, assemblage de tambour de grue, blocs de roue DRS, roue de grue europ\u00e9enne, roues forg\u00e9es, ensemble de roues actives, ensemble de roues motrices, groupe de roues motrices, fabricant de roues de grue, roues de grue Demag, roues de grue Konecranes, roue de pont roulant, accouplements d'arbre, accouplements de transmission de puissance, accouplements \u00e0 disque, accouplements de fluide, fabricant d'accouplements\uff0cAccouplement de cardan, r\u00e9ducteur de grue,R\u00e9ducteur de grue,R\u00e9ducteur pour grue,R\u00e9ducteur pour grue,R\u00e9ducteur \u00e0 denture dure,R\u00e9ducteur pour grue et palan,R\u00e9ducteur Flender,Fabricant de r\u00e9ducteurs,R\u00e9ducteur ZQ,R\u00e9ducteur QJ,R\u00e9ducteur QJY,Moteurs \u00e0 engrenages,R\u00e9ducteur Konecranes,R\u00e9ducteur trois en un de la s\u00e9rie F,R\u00e9ducteur trois en un de la s\u00e9rie K,Machines de d\u00e9placement,Moteur de d\u00e9placement avec engrenage,Moteur \u00e0 engrenage pour le d\u00e9placement de la grue,Machines de d\u00e9placement,Moteurs \u00e0 convertisseur de fr\u00e9quence,Moteurs \u00e0 engrenage standard FEM,Moteurs de grue,Moteurs \u00e0 convertisseur de fr\u00e9quence,Moteurs de levage,Moteurs pour grues,Moteurs sp\u00e9ciaux pour grues,Moteurs de la s\u00e9rie YZR YZP YZ,Moteurs pour grues et palans,Moteurs \u00e0 convertisseur de fr\u00e9quence,Freins \u00e0 tambour \u00e9lectro-hydrauliques,Freins \u00e0 disque \u00e9lectro-hydrauliques,Freins,Freins pour ponts roulants,Freins \u00e0 disque,Frein \u00e0 disque \u00e9lectromagn\u00e9tique,Frein \u00e0 disque hydraulique pour grues,Fabricant de freins,Freins de s\u00e9curit\u00e9 pour grues,Pince \u00e0 c\u00e2ble unique,Pince \u00e0 quatre c\u00e2bles,Pince \u00e9lectro-hydraulique \u00e0 clapets multiples,Pince \u00e0 peau d'orange,Pince \u00e0 moteur \u00e9lectrique,Grappin \u00e0 benne \u00e9lectro-hydraulique, fabricant de grappins, fabricant d'\u00e9carteurs de conteneurs, \u00e9carteur de conteneurs de 20 pieds, \u00e9carteur de conteneurs semi-automatique, ch\u00e2ssis de levage de conteneurs de 40 pieds, \u00e9carteur de conteneurs TEC, pince de levage \u00e0 billes, pinces \u00e0 billes, fabricant de pinces \u00e0 billes pour grues, fournisseur chinois de pinces de levage \u00e0 billes, crochet de bobine en C, crochet de bobine, crochet de bobine en C pour ponts roulants, crochet en C pour grues, \u00e9carteur de type C, crochet de type C, aimants pour grues, dispositif de fixation de rail,Dispositif de fixation de rail de grue,Pince de rail de grue,Palan \u00e9lectrique \u00e0 c\u00e2ble CD\/MD,Palan \u00e9lectrique \u00e0 c\u00e2ble en Chine,Palan \u00e9lectrique \u00e0 c\u00e2ble monopoutre,Palan \u00e9lectrique \u00e0 c\u00e2ble bipoutre,Palan \u00e0 cha\u00eene,Palan \u00e9lectrique \u00e0 cha\u00eene,Fabricant de palan \u00e9lectrique \u00e0 cha\u00eene,Palan \u00e9lectrique \u00e0 cha\u00eene en Chine,Palan \u00e9lectrique \u00e0 c\u00e2ble\uff0cPalan \u00e9lectrique \u00e0 c\u00e2ble bipoutre en Europe,Chariot d'extr\u00e9mit\u00e9 de grue monopoutre de style europ\u00e9en,Chariot d'extr\u00e9mit\u00e9 de grue monopoutre de style europ\u00e9en FEN\/DIN,Fabricant de poutres d'extr\u00e9mit\u00e9 de grues,Poutre d'extr\u00e9mit\u00e9 de grue \u00e0 double poutre,Poutre d'extr\u00e9mit\u00e9 de grue suspendue,Poutre d'extr\u00e9mit\u00e9 de grue suspendue de style europ\u00e9en,FEN\/DIN Poutre d'extr\u00e9mit\u00e9 de grue suspendue,Chariot de c\u00e2ble de grue,T\u00e9l\u00e9commande sans fil,T\u00e9l\u00e9commande,Poign\u00e9e de commande de grue,Commandes de grue,Armoire de commande \u00e9lectrique,Armoire de commande de grue,Interrupteur de fin de course,Alarme sonore et lumineuse,Prise aviation,Connecteur rapide,Prise aviation de grue,Limiteur de surcharge","publisher":{"@id":"https:\/\/www.hnhlcrane.com\/#organization"},"potentialAction":[{"@type":"SearchAction","target":{"@type":"EntryPoint","urlTemplate":"https:\/\/www.hnhlcrane.com\/?s={search_term_string}"},"query-input":{"@type":"PropertyValueSpecification","valueRequired":true,"valueName":"search_term_string"}}],"inLanguage":"fr-FR"},{"@type":"Organization","@id":"https:\/\/www.hnhlcrane.com\/#organization","name":"Fournisseur de pi\u00e8ces pour grues - HL Crame","url":"https:\/\/www.hnhlcrane.com\/","logo":{"@type":"ImageObject","inLanguage":"fr-FR","@id":"https:\/\/www.hnhlcrane.com\/#\/schema\/logo\/image\/","url":"https:\/\/www.hnhlcrane.com\/wp-content\/uploads\/2024\/09\/logo6-1-e1733899395598.png","contentUrl":"https:\/\/www.hnhlcrane.com\/wp-content\/uploads\/2024\/09\/logo6-1-e1733899395598.png","width":1000,"height":282,"caption":"Crane Parts Supplier-HL Crame"},"image":{"@id":"https:\/\/www.hnhlcrane.com\/#\/schema\/logo\/image\/"}}]}},"_links":{"self":[{"href":"https:\/\/www.hnhlcrane.com\/fr\/wp-json\/wp\/v2\/product\/5158","targetHints":{"allow":["GET"]}}],"collection":[{"href":"https:\/\/www.hnhlcrane.com\/fr\/wp-json\/wp\/v2\/product"}],"about":[{"href":"https:\/\/www.hnhlcrane.com\/fr\/wp-json\/wp\/v2\/types\/product"}],"version-history":[{"count":2,"href":"https:\/\/www.hnhlcrane.com\/fr\/wp-json\/wp\/v2\/product\/5158\/revisions"}],"predecessor-version":[{"id":6932,"href":"https:\/\/www.hnhlcrane.com\/fr\/wp-json\/wp\/v2\/product\/5158\/revisions\/6932"}],"wp:featuredmedia":[{"embeddable":true,"href":"https:\/\/www.hnhlcrane.com\/fr\/wp-json\/wp\/v2\/media\/5159"}],"wp:attachment":[{"href":"https:\/\/www.hnhlcrane.com\/fr\/wp-json\/wp\/v2\/media?parent=5158"}],"wp:term":[{"taxonomy":"product_brand","embeddable":true,"href":"https:\/\/www.hnhlcrane.com\/fr\/wp-json\/wp\/v2\/product_brand?post=5158"},{"taxonomy":"product_cat","embeddable":true,"href":"https:\/\/www.hnhlcrane.com\/fr\/wp-json\/wp\/v2\/product_cat?post=5158"},{"taxonomy":"product_tag","embeddable":true,"href":"https:\/\/www.hnhlcrane.com\/fr\/wp-json\/wp\/v2\/product_tag?post=5158"}],"curies":[{"name":"wp","href":"https:\/\/api.w.org\/{rel}","templated":true}]}}