{"id":5740,"date":"2024-12-05T22:42:34","date_gmt":"2024-12-05T14:42:34","guid":{"rendered":"https:\/\/www.hnhlcrane.com\/?post_type=product&#038;p=5740"},"modified":"2025-09-14T23:11:45","modified_gmt":"2025-09-14T15:11:45","slug":"nosturin-kauko-ohjain","status":"publish","type":"product","link":"https:\/\/www.hnhlcrane.com\/fi\/tuote\/nosturin-kauko-ohjain\/","title":{"rendered":"Nosturin kauko-ohjain"},"content":{"rendered":"<div class=\"flex max-w-full flex-col flex-grow\">\n<div class=\"min-h-8 text-message flex w-full flex-col items-end gap-2 whitespace-normal break-words [.text-message+&amp;]:mt-5\" dir=\"auto\" data-message-author-role=\"assistant\" data-message-id=\"d22886da-3fb2-45fa-876a-33dd54db9fd5\" data-message-model-slug=\"gpt-4o\">\n<div class=\"flex w-full flex-col gap-1 empty:hidden first:pt-[3px]\">\n<div class=\"markdown prose w-full break-words dark:prose-invert light\">\n<h6><strong><span style=\"font-family: arial, helvetica, sans-serif; font-size: 18pt;\">Johdanto nosturin kauko-ohjaimiin<\/span><\/strong><\/h6>\n<p>The <strong>nosturin kauko-ohjain<\/strong> on laite, joka on suunniteltu mahdollistamaan nostureiden kauko-ohjaus langattomien signaalien avulla, mik\u00e4 parantaa toiminnan tehokkuutta, turvallisuutta ja mukavuutta. Saumattoman toiminnan varmistamiseksi nosturin kauko-ohjain koostuu yleens\u00e4 kahdesta p\u00e4\u00e4komponentista: l\u00e4hettimest\u00e4 ja vastaanottimesta. L\u00e4hettimen, joka on usein k\u00e4sikaukos\u00e4\u00e4din, avulla k\u00e4ytt\u00e4j\u00e4t voivat antaa komentoja painikkeilla tai joystickeill\u00e4. Nosturiin asennettu vastaanotin puolestaan k\u00e4sittelee n\u00e4it\u00e4 komentoja ja ohjaa vastaavia mekanismeja nosturin eri toimintojen suorittamiseksi.<\/p>\n<p>Jotta ymm\u00e4rt\u00e4isit paremmin sen ominaisuuksia, tutustutaan nosturin kauko-ohjaimen t\u00e4rkeimpiin ominaisuuksiin, ensisijaisiin toimintoihin ja t\u00e4rkeimpiin varotoimenpiteisiin.<\/p>\n<h6><strong><span style=\"font-family: arial, helvetica, sans-serif; font-size: 18pt;\">Nosturin kaukos\u00e4\u00e4timien t\u00e4rkeimm\u00e4t ominaisuudet<\/span><\/strong><\/h6>\n<ol>\n<li><strong>Langaton toiminta<\/strong>:<br \/>\nIlman suoraa kontaktia ohjain antaa k\u00e4ytt\u00e4jille mahdollisuuden hallita nostureita turvallisen et\u00e4isyyden p\u00e4\u00e4st\u00e4, mik\u00e4 takaa sek\u00e4 turvallisuuden ett\u00e4 mukavuuden.<\/li>\n<li><strong>Helppok\u00e4ytt\u00f6isyys<\/strong>:<br \/>\nErgonomisen muotoilunsa ansiosta ohjain on intuitiivinen ja yksinkertainen k\u00e4ytt\u00e4\u00e4.<\/li>\n<li><strong>Korkea vakaus<\/strong>:<br \/>\nTarkasti testattu luotettavan suorituskyvyn varmistamiseksi erilaisissa ty\u00f6ymp\u00e4rist\u00f6iss\u00e4.<\/li>\n<li><strong>Parannettu turvallisuus<\/strong>:<br \/>\nVarustettu useilla turvatoimilla k\u00e4ytt\u00f6virheiden est\u00e4miseksi.<\/li>\n<li><strong>Monitasoinen ohjaus<\/strong>:<br \/>\nTukee s\u00e4\u00e4dett\u00e4vi\u00e4 liikenopeuksia ja voimia erityisvaatimusten mukaan.<\/li>\n<li><strong>Tarkkuusohjaus<\/strong>:<br \/>\nKehittynyt anturitekniikka takaa eritt\u00e4in tarkat toiminnot.<\/li>\n<li><strong>Siirrett\u00e4vyys<\/strong>:<br \/>\nKompaktin ja kevyen rakenteen ansiosta ohjainta on helppo kuljettaa ja k\u00e4ytt\u00e4\u00e4.<\/li>\n<\/ol>\n<h6><strong><span style=\"font-family: arial, helvetica, sans-serif; font-size: 18pt;\">Nosturin kaukos\u00e4\u00e4timien p\u00e4\u00e4toiminnot<\/span><\/strong><\/h6>\n<ol>\n<li><strong>Noston ohjaus<\/strong>:<br \/>\nK\u00e4ytt\u00e4j\u00e4t voivat ohjata nosturin nosto- ja laskutoimintoja painamalla kaukos\u00e4\u00e4timen siihen tarkoitettuja painikkeita.<\/li>\n<li><strong>Teleskooppinen ohjaus<\/strong>:<br \/>\nS\u00e4\u00e4t\u00e4\u00e4 nosturin puomin pituutta helposti ohjauspainikkeilla.<\/li>\n<li><strong>Py\u00f6rimisliikkeen ohjaus<\/strong>:<br \/>\nMahdollistaa nosturin saumattoman py\u00f6rimisen k\u00e4ytt\u00e4m\u00e4ll\u00e4 erityisi\u00e4 py\u00f6rimisohjaimia.<\/li>\n<li><strong>Lis\u00e4ominaisuudet<\/strong>:<br \/>\nSis\u00e4lt\u00e4\u00e4 toimintoja, kuten valonohjauksen ja torvih\u00e4lytykset, jotka tehostavat toimintaa y\u00f6aikaan tai monimutkaisissa ymp\u00e4rist\u00f6iss\u00e4.<\/li>\n<\/ol>\n<h6><strong><span style=\"font-family: arial, helvetica, sans-serif; font-size: 18pt;\">Nosturin kaukos\u00e4\u00e4timien k\u00e4ytt\u00f6\u00e4 koskevat varotoimet<\/span><\/strong><\/h6>\n<p>Turvallisuuden ja pitk\u00e4ik\u00e4isyyden varmistamiseksi k\u00e4ytt\u00e4jien on noudatettava seuraavia varotoimenpiteit\u00e4:<\/p>\n<ol>\n<li><strong>Valmistelu ennen k\u00e4ytt\u00f6\u00e4<\/strong>:<br \/>\nTarkista, ett\u00e4 akku on ladattu riitt\u00e4v\u00e4sti, ja tutustu ohjaimen toimintoihin ja painikkeiden sijoitteluun.<\/li>\n<li><strong>Turvallinen toiminta<\/strong>:<br \/>\nNoudata turvallisuusprotokollia, pysy valppaana ja v\u00e4lt\u00e4 ty\u00f6skentely\u00e4 vaarallisilla alueilla.<\/li>\n<li><strong>Vedeneristys<\/strong>:<br \/>\n\u00c4l\u00e4 k\u00e4yt\u00e4 ohjainta kosteissa tai m\u00e4riss\u00e4 ymp\u00e4rist\u00f6iss\u00e4.<\/li>\n<li><strong>Iskunkest\u00e4vyys<\/strong>:<br \/>\nK\u00e4sittele varovasti ja v\u00e4lt\u00e4 pudotuksia tai voimakkaita iskuja.<\/li>\n<li><strong>Signaalin h\u00e4iri\u00f6t<\/strong>:<br \/>\nV\u00e4lt\u00e4 ohjaimen k\u00e4ytt\u00f6\u00e4 voimakkaiden s\u00e4hk\u00f6magneettisten kenttien l\u00e4hell\u00e4.<\/li>\n<li><strong>Rutiinitarkastus<\/strong>:<br \/>\nTarkasta ohjain s\u00e4\u00e4nn\u00f6llisesti varmistaaksesi, ett\u00e4 kaikki toiminnot toimivat oikein.<\/li>\n<\/ol>\n<h6><strong><span style=\"font-family: arial, helvetica, sans-serif; font-size: 18pt;\">Nosturin kaukos\u00e4\u00e4timien sovellukset<\/span><\/strong><\/h6>\n<p>T\u00e4m\u00e4 monipuolinen laite soveltuu monenlaisiin teknisiin tilanteisiin, kuten nykyaikaiseen rakentamiseen ja logistiikkatoimintoihin. Nosturin kauko-ohjaimesta on tullut korvaamaton ty\u00f6kalu nykyaikaisella teollisuudella, koska se parantaa huomattavasti mukavuutta, turvallisuutta ja tehokkuutta.<\/p>\n<\/div>\n<\/div>\n<\/div>\n<\/div>\n<p>&nbsp;<\/p>","protected":false},"excerpt":{"rendered":"<h6><strong><span style=\"font-family: arial, helvetica, sans-serif; font-size: 14pt;\">Nosturin kauko-ohjaimen tekniset tiedot<\/span><\/strong><\/h6>\n<ul>\n<li><strong>Mallivaihtoehdot<\/strong>: F24-6D, F24-8D, F24-10D, F24-12D, F24-60<\/li>\n<li><strong>Painikeasetukset<\/strong>: 6, 8, 10, 12 painiketta tai joystick-ohjaus.<\/li>\n<li><strong>Suojausluokitus<\/strong>: IP65<\/li>\n<li><strong>Taajuusalue<\/strong>: VHF: 310-331 MHz; UHF: 425-446 MHz.<\/li>\n<li><strong>Vastaanottimen tehovaihtoehdot<\/strong>: 24V, 36V, 220V, 380V (valinnainen)<\/li>\n<li><strong>K\u00e4ytt\u00f6l\u00e4mp\u00f6tila<\/strong>: -40\u00b0C - +85\u00b0C<\/li>\n<li><strong>Ohjauset\u00e4isyys<\/strong>: Jopa 100m avoimissa ymp\u00e4rist\u00f6iss\u00e4<\/li>\n<\/ul>","protected":false},"featured_media":5741,"template":"","meta":{"_kad_post_transparent":"default","_kad_post_title":"","_kad_post_layout":"default","_kad_post_sidebar_id":"","_kad_post_content_style":"default","_kad_post_vertical_padding":"show","_kad_post_feature":"","_kad_post_feature_position":"","_kad_post_header":false,"_kad_post_footer":false},"product_brand":[],"product_cat":[65],"product_tag":[284,288,290,289],"class_list":{"0":"post-5740","1":"product","2":"type-product","3":"status-publish","4":"has-post-thumbnail","6":"product_cat-crane-electrical-parts","7":"product_tag-crane-electrical-parts","8":"product_tag-crane-remote-controller","9":"product_tag-remote-controller","10":"product_tag-wireless-remote-control","12":"first","13":"instock","14":"shipping-taxable","15":"product-type-simple","16":"entry","17":"content-bg","18":"loop-entry"},"yoast_head":"<!-- This site is optimized with the Yoast SEO plugin v25.6 - https:\/\/yoast.com\/wordpress\/plugins\/seo\/ -->\n<title>Crane remote controller -Wireless remote control,remote controller<\/title>\n<meta name=\"description\" content=\"Our Crane Remote Controllers deliver dependable performance for safe and efficient crane operations, widely used in factories, ports, and warehouses.\" \/>\n<meta name=\"robots\" content=\"index, follow, max-snippet:-1, max-image-preview:large, max-video-preview:-1\" \/>\n<link rel=\"canonical\" href=\"https:\/\/www.hnhlcrane.com\/fi\/tuote\/nosturin-kauko-ohjain\/\" \/>\n<meta property=\"og:locale\" content=\"fi_FI\" \/>\n<meta property=\"og:type\" content=\"article\" \/>\n<meta property=\"og:title\" content=\"Crane remote controller -Wireless remote control,remote controller\" \/>\n<meta property=\"og:description\" content=\"Our Crane Remote Controllers deliver dependable performance for safe and efficient crane operations, widely used in factories, ports, and warehouses.\" \/>\n<meta property=\"og:url\" content=\"https:\/\/www.hnhlcrane.com\/fi\/tuote\/nosturin-kauko-ohjain\/\" \/>\n<meta property=\"og:site_name\" content=\"Crane Parts Supplier-HL Crame\" \/>\n<meta property=\"article:modified_time\" content=\"2025-09-14T15:11:45+00:00\" \/>\n<meta property=\"og:image\" content=\"https:\/\/www.hnhlcrane.com\/wp-content\/uploads\/2024\/12\/Crane-remote-controller-1.jpg\" \/>\n\t<meta property=\"og:image:width\" content=\"600\" \/>\n\t<meta property=\"og:image:height\" content=\"600\" \/>\n\t<meta property=\"og:image:type\" content=\"image\/jpeg\" \/>\n<meta name=\"twitter:card\" content=\"summary_large_image\" \/>\n<meta name=\"twitter:label1\" content=\"Arvioitu lukuaika\" \/>\n\t<meta name=\"twitter:data1\" content=\"3 minuuttia\" \/>\n<script type=\"application\/ld+json\" class=\"yoast-schema-graph\">{\"@context\":\"https:\/\/schema.org\",\"@graph\":[{\"@type\":\"WebPage\",\"@id\":\"https:\/\/www.hnhlcrane.com\/product\/crane-remote-controller\/\",\"url\":\"https:\/\/www.hnhlcrane.com\/product\/crane-remote-controller\/\",\"name\":\"Crane remote controller -Wireless remote control,remote controller\",\"isPartOf\":{\"@id\":\"https:\/\/www.hnhlcrane.com\/#website\"},\"primaryImageOfPage\":{\"@id\":\"https:\/\/www.hnhlcrane.com\/product\/crane-remote-controller\/#primaryimage\"},\"image\":{\"@id\":\"https:\/\/www.hnhlcrane.com\/product\/crane-remote-controller\/#primaryimage\"},\"thumbnailUrl\":\"https:\/\/www.hnhlcrane.com\/wp-content\/uploads\/2024\/12\/Crane-remote-controller-1.jpg\",\"datePublished\":\"2024-12-05T14:42:34+00:00\",\"dateModified\":\"2025-09-14T15:11:45+00:00\",\"description\":\"Our Crane Remote Controllers deliver dependable performance for safe and efficient crane operations, widely used in factories, ports, and warehouses.\",\"breadcrumb\":{\"@id\":\"https:\/\/www.hnhlcrane.com\/product\/crane-remote-controller\/#breadcrumb\"},\"inLanguage\":\"fi\",\"potentialAction\":[{\"@type\":\"ReadAction\",\"target\":[\"https:\/\/www.hnhlcrane.com\/product\/crane-remote-controller\/\"]}]},{\"@type\":\"ImageObject\",\"inLanguage\":\"fi\",\"@id\":\"https:\/\/www.hnhlcrane.com\/product\/crane-remote-controller\/#primaryimage\",\"url\":\"https:\/\/www.hnhlcrane.com\/wp-content\/uploads\/2024\/12\/Crane-remote-controller-1.jpg\",\"contentUrl\":\"https:\/\/www.hnhlcrane.com\/wp-content\/uploads\/2024\/12\/Crane-remote-controller-1.jpg\",\"width\":600,\"height\":600},{\"@type\":\"BreadcrumbList\",\"@id\":\"https:\/\/www.hnhlcrane.com\/product\/crane-remote-controller\/#breadcrumb\",\"itemListElement\":[{\"@type\":\"ListItem\",\"position\":1,\"name\":\"home\",\"item\":\"https:\/\/www.hnhlcrane.com\/\"},{\"@type\":\"ListItem\",\"position\":2,\"name\":\"products\",\"item\":\"https:\/\/www.hnhlcrane.com\/products\/\"},{\"@type\":\"ListItem\",\"position\":3,\"name\":\"Crane remote controller\"}]},{\"@type\":\"WebSite\",\"@id\":\"https:\/\/www.hnhlcrane.com\/#website\",\"url\":\"https:\/\/www.hnhlcrane.com\/\",\"name\":\"Crane Parts Supplier-HL Crame\",\"description\":\"One-stop solution for all your  crane parts needs,Crane Hook,Crane Drum,Crane Wheel,Crane Coupling,Crane Gearbox,Crane Motor,Crane Brake,Special Crane Spreader,Crane grab,Container spreader,Billet crane clamps,Crane C-type spreader,Lifting Electromagnet,Crane Rail Clips,Electric Hoist,FEM Standard Crane End Carriages,Light Crane Parts,Workstation Crane Parts,Crane Electrical Parts,I-beam cable trolley,Crane remote controller,Crane electrical control cabinet,Crane limit switch,Crane sound and light alarm,Heavy Duty Aviation Connector,Crane overload limiter,China Crane Parts Supplier,Crane hooks,Gantry crane hook,Crane accessories,Forged hook,hook processing,Hook manufacturer,China standard crane hook,electric hoist hook,Crane pulley,Hook pulley,Rolled pulley,Crane Pulley Supplier\uff0cEuropean hook pulley,Gantry crane hook pulley,WZL type crane drum,European style reel set,Crane reel,crane parts,Drum processing,crane drum manufacturer,Cast steel drum,Electric hoist drum,Crane drum assembly,DRS Wheel Blocks,European crane wheel,Forged wheels,Active wheel set,Driving wheel set,Driven wheel group,crane wheels manufacturer,Demag crane wheels,Konecranes Crane Wheels,Overhead crane Wheel,Shaft couplings,Power Transmission Couplings,Disc Couplings,Fluid couplings,Coupling manufacturer\uff0cCardan coupling,Crane Reducer,Crane Decelerators,Reducer gearbox,Reducer for crane,Gear Reducer For Crane,Hard tooth surface reducerCrane and hoist reducer,Flender reducer,Reducer manufacturer,ZQ reducer,QJ reducer,QJY reducer,Gear Motors,Konecranes reducer,F series three-in-one reducer,K series three-in-one reducer,travelling machinery,Travelling Motor With Gear,Gear Motor for Crane Traveling,Travelling machinery Frequency inverter motors,FEM standard Gear Motors,Crane motors,Inverter motors,Hoist motors,motorCrane duty motors,Special motor for crane,YZR YZP YZ series motors,Crane and hoist motor,Frequency conversion motor,Electro hydraulic drum brakes,Electro-hydraulic disc brakes,Brake,Overhead Crane Brakes,Disc brakes,Electromagnetic disk brake,Crane hydraulic disc brake,Brakes manufacturer,crane Safety brakes,Singlr rope grab,Four rope grab,Electro-hydraulic multi-flap grab,Orange peel grab,Electric motor grab,Electro-Hydraulicclamshell grab,grab manufacturers,Container spreader manufacturers,20ft Container Spreader,Semi Automatic container spreader,40ft Container Lifting Frame,TEC container Spreader,Billet lifting clamp,Billet Clamps,Billet crane clamps manufacturer,billet lifting clamps china supplier,Coil C-Type Hook,coil hook,Overhead Crane Steel Coil C-Type Hook,Crane C-hook,C-type spreader,C-type hook,Crane magnets,Rail fixing device,Crane Rail fixing device,crane Rail Clamp,CD\/MD Wire Rope Electric Hoist,Wire Rope Electric Hoist China Manufacturer,Single Girder Wire Rope Electric Hoist,Double Girder Wire Rope Electric Hoist,Chain Hoist,Electric chain hoist manufacturer,Electric chain hoist China distributor,European wire rope electric hoist\uff0cEuropean double beam wire rope electric hoist,European Style Single Beam Crane End Carriage,FEN\/DIN European Style Single Beam Crane End Carriage,Crane end beam manufacturers,European style hoist double beam crane end beam,Suspension crane end beam,European style suspended single beam crane end beam,FEN\/DIN Suspension crane end beam,crane cable trolley,Wireless remote control,remote controller,Crane control handle,Crane Controls,electrical control cabinet,crane control cabinet,Limit switch,Sound and light alarm,Aviation plug,quick connector,Crane aviation plug,Overload limiter\",\"publisher\":{\"@id\":\"https:\/\/www.hnhlcrane.com\/#organization\"},\"potentialAction\":[{\"@type\":\"SearchAction\",\"target\":{\"@type\":\"EntryPoint\",\"urlTemplate\":\"https:\/\/www.hnhlcrane.com\/?s={search_term_string}\"},\"query-input\":{\"@type\":\"PropertyValueSpecification\",\"valueRequired\":true,\"valueName\":\"search_term_string\"}}],\"inLanguage\":\"fi\"},{\"@type\":\"Organization\",\"@id\":\"https:\/\/www.hnhlcrane.com\/#organization\",\"name\":\"Crane Parts Supplier-HL Crame\",\"url\":\"https:\/\/www.hnhlcrane.com\/\",\"logo\":{\"@type\":\"ImageObject\",\"inLanguage\":\"fi\",\"@id\":\"https:\/\/www.hnhlcrane.com\/#\/schema\/logo\/image\/\",\"url\":\"https:\/\/www.hnhlcrane.com\/wp-content\/uploads\/2024\/09\/logo6-1-e1733899395598.png\",\"contentUrl\":\"https:\/\/www.hnhlcrane.com\/wp-content\/uploads\/2024\/09\/logo6-1-e1733899395598.png\",\"width\":1000,\"height\":282,\"caption\":\"Crane Parts Supplier-HL Crame\"},\"image\":{\"@id\":\"https:\/\/www.hnhlcrane.com\/#\/schema\/logo\/image\/\"}}]}<\/script>\n<!-- \/ Yoast SEO plugin. -->","yoast_head_json":{"title":"Nosturin kauko-ohjain - Langaton kauko-ohjain, kauko-ohjain","description":"Nosturin kauko-ohjaimemme tarjoavat luotettavan suorituskyvyn turvalliseen ja tehokkaaseen nosturik\u00e4ytt\u00f6\u00f6n, jota k\u00e4ytet\u00e4\u00e4n laajalti tehtaissa, satamissa ja varastoissa.","robots":{"index":"index","follow":"follow","max-snippet":"max-snippet:-1","max-image-preview":"max-image-preview:large","max-video-preview":"max-video-preview:-1"},"canonical":"https:\/\/www.hnhlcrane.com\/fi\/tuote\/nosturin-kauko-ohjain\/","og_locale":"fi_FI","og_type":"article","og_title":"Crane remote controller -Wireless remote control,remote controller","og_description":"Our Crane Remote Controllers deliver dependable performance for safe and efficient crane operations, widely used in factories, ports, and warehouses.","og_url":"https:\/\/www.hnhlcrane.com\/fi\/tuote\/nosturin-kauko-ohjain\/","og_site_name":"Crane Parts Supplier-HL Crame","article_modified_time":"2025-09-14T15:11:45+00:00","og_image":[{"width":600,"height":600,"url":"https:\/\/www.hnhlcrane.com\/wp-content\/uploads\/2024\/12\/Crane-remote-controller-1.jpg","type":"image\/jpeg"}],"twitter_card":"summary_large_image","twitter_misc":{"Arvioitu lukuaika":"3 minuuttia"},"schema":{"@context":"https:\/\/schema.org","@graph":[{"@type":"WebPage","@id":"https:\/\/www.hnhlcrane.com\/product\/crane-remote-controller\/","url":"https:\/\/www.hnhlcrane.com\/product\/crane-remote-controller\/","name":"Nosturin kauko-ohjain - Langaton kauko-ohjain, kauko-ohjain","isPartOf":{"@id":"https:\/\/www.hnhlcrane.com\/#website"},"primaryImageOfPage":{"@id":"https:\/\/www.hnhlcrane.com\/product\/crane-remote-controller\/#primaryimage"},"image":{"@id":"https:\/\/www.hnhlcrane.com\/product\/crane-remote-controller\/#primaryimage"},"thumbnailUrl":"https:\/\/www.hnhlcrane.com\/wp-content\/uploads\/2024\/12\/Crane-remote-controller-1.jpg","datePublished":"2024-12-05T14:42:34+00:00","dateModified":"2025-09-14T15:11:45+00:00","description":"Nosturin kauko-ohjaimemme tarjoavat luotettavan suorituskyvyn turvalliseen ja tehokkaaseen nosturik\u00e4ytt\u00f6\u00f6n, jota k\u00e4ytet\u00e4\u00e4n laajalti tehtaissa, satamissa ja varastoissa.","breadcrumb":{"@id":"https:\/\/www.hnhlcrane.com\/product\/crane-remote-controller\/#breadcrumb"},"inLanguage":"fi","potentialAction":[{"@type":"ReadAction","target":["https:\/\/www.hnhlcrane.com\/product\/crane-remote-controller\/"]}]},{"@type":"ImageObject","inLanguage":"fi","@id":"https:\/\/www.hnhlcrane.com\/product\/crane-remote-controller\/#primaryimage","url":"https:\/\/www.hnhlcrane.com\/wp-content\/uploads\/2024\/12\/Crane-remote-controller-1.jpg","contentUrl":"https:\/\/www.hnhlcrane.com\/wp-content\/uploads\/2024\/12\/Crane-remote-controller-1.jpg","width":600,"height":600},{"@type":"BreadcrumbList","@id":"https:\/\/www.hnhlcrane.com\/product\/crane-remote-controller\/#breadcrumb","itemListElement":[{"@type":"ListItem","position":1,"name":"home","item":"https:\/\/www.hnhlcrane.com\/"},{"@type":"ListItem","position":2,"name":"products","item":"https:\/\/www.hnhlcrane.com\/products\/"},{"@type":"ListItem","position":3,"name":"Crane remote controller"}]},{"@type":"WebSite","@id":"https:\/\/www.hnhlcrane.com\/#website","url":"https:\/\/www.hnhlcrane.com\/","name":"Nosturin osien toimittaja-HL Crame","description":"Yhden luukun ratkaisu kaikkiin nosturin osien tarpeisiin, nosturin koukku, nosturirumpu, nosturipy\u00f6r\u00e4, nosturikytkin, nosturivaihteisto, nosturimoottori, nosturijarru, erikoisnosturin levitin, nosturin koura, kontin levitin, Billet-nosturin kiinnittimet, nosturin C-tyypin levitin,Nostos\u00e4hk\u00f6magneetti,Nosturin kiskoklipsit,S\u00e4hk\u00f6inen nostin,FEM-standardin mukaiset nosturin p\u00e4\u00e4tyvaunut,Kevytnosturin osat,Ty\u00f6asemanosturin osat,Nosturin s\u00e4hk\u00f6osat,I-palkkikaapelivaunu,Nosturin kauko-ohjain,Nosturin s\u00e4hk\u00f6inen ohjauskaappi,Nosturin rajakytkin,Nosturin \u00e4\u00e4ni- ja valoh\u00e4lytys,Heavy Duty Aviation Connector,Nosturin ylikuormituksen rajoitin,Kiina Nosturin osien toimittaja,Nosturin koukut,Gantry nosturin koukku,Nosturin tarvikkeet,Taottu koukku,koukun k\u00e4sittely,koukun valmistaja,Kiina standardi nosturin koukku,s\u00e4hk\u00f6inen nosturin koukku,Nosturin hihnapy\u00f6r\u00e4,Koukku hihnapy\u00f6r\u00e4,Valssattu hihnapy\u00f6r\u00e4,Nosturin hihnapy\u00f6r\u00e4n toimittaja\uff0cEuroopan koukku hihnapy\u00f6r\u00e4,Gantry nosturin koukku hihnapy\u00f6r\u00e4,WZL-tyypin nosturin rumpu,Euroopan tyylinen kela setti,nosturin kela,nosturin osat,Rumpujen k\u00e4sittely,nosturirumpujen valmistaja,Valuter\u00e4srumpu,S\u00e4hk\u00f6k\u00e4ytt\u00f6inen nosturirumpu,Nosturirumpujen kokoonpano,DRS-py\u00f6r\u00e4lohkot,Eurooppalainen nosturipy\u00f6r\u00e4,Taotut py\u00f6r\u00e4t,Aktiivinen py\u00f6r\u00e4sarja,Ajopy\u00f6r\u00e4sarja,Ajopy\u00f6r\u00e4ryhm\u00e4,Nosturipy\u00f6rien valmistaja,Demag-nosturipy\u00f6r\u00e4t,Konecranes-nosturipy\u00f6r\u00e4t,Akseliliit\u00e4nn\u00e4t,Voimansiirtokytkimet,Kiekkoliit\u00e4nn\u00e4t,Nesteen liit\u00e4nn\u00e4t,Kytkent\u00e4valmistaja\uff0cKardaanikytkent\u00e4,Nosturin v\u00e4hennys,Nosturin hidastimet,Reducer gearbox,Reducer for crane,Gear Reducer For Crane,Hard tooth surface reducerCrane and hoist reducer,Flender reducer,Reducer valmistaja,ZQ reducer,QJ reducer,QJY reducer,Gear Motors,Konecranes reducer,F-sarjan kolme-in-one-reduktori,K-sarjan kolme-in-one-reduktori,kulkukoneet,kulkumoottori hammaspy\u00f6r\u00e4ll\u00e4,hammaspy\u00f6r\u00e4moottori nosturin kuljettamiseen,kulkukoneet Taajuusmuuttajamoottorit,FEM-standardin mukaiset hammaspy\u00f6r\u00e4moottorit,nosturimoottorit,Invertterimoottorit,Nostomoottorit,moottoriNosturin k\u00e4ytt\u00f6moottorit,Erikoismoottori nosturiin,YZR YZP YZ-sarjan moottorit,Nosturin ja nostimen moottori,Taajuusmuuttajamoottori,S\u00e4hk\u00f6hydrauliset rumpujarrut,S\u00e4hk\u00f6hydrauliset levyjarrut,Jarrut,Nosturin jarrut,Levyjarrut,S\u00e4hk\u00f6magneettinen levyjarru,Nosturin hydraulinen levyjarru,Jarrujenvalmistaja,Nosturin turvajarrut,Singlr-k\u00f6ysikoura,Nelosk\u00f6ysikoura,S\u00e4hk\u00f6hydraulinen monilaippakoura,Oranssinkuori-kourakoura,S\u00e4hk\u00f6moottorikoura,Electro-Hydraulicclamshell grab,grab valmistajat,Container spreader manufacturers,20ft Container Spreader,Semi Automatic container spreader,40ft Container Lifting Frame,TEC container Spreader,Billet lifting clamp,Billet Clamps,Billet crane clamps manufacturer,billet lifting clamps china supplier,Coil C-Type Hook,coil hook,Overhead Crane Steel Coil C-Type Hook,Crane C-hook,C-type spreader,C-type hook,C-type hook,Crane magneetit,Rail kiinnityslaite,Crane Rail fixing device,crane Rail Clamp,CD\/MD Wire Rope Electric Hoist,Wire Rope Electric Hoist China Manufacturer,Single Girder Wire Rope Electric Hoist,Double Girder Wire Rope Electric Hoist,Chain Hoist,Electric chain hoist valmistaja,Electric chain hoist China distributor,European wire rope electric hoist\uff0cEuropean double beam wire rope electric hoist,European Style Single Beam Crane End Carriage,FEN\/DIN European Style Single Beam Crane End Carriage,Nosturin p\u00e4\u00e4typalkin valmistajat,eurooppalaistyylinen nosturin kaksoispalkkisen nosturin p\u00e4\u00e4typalkki,ripustusnosturin p\u00e4\u00e4typalkki,eurooppalaistyylinen ripustettu yksipalkkinen nosturin p\u00e4\u00e4typalkki,FEN\/DIN ripustusnosturin p\u00e4\u00e4typalkki,nosturin vaijerivaunu,langaton kaukos\u00e4\u00e4din,kaukos\u00e4\u00e4din,nosturin ohjauskahva,nosturin ohjauskahva,nosturin ohjauskahva,s\u00e4hk\u00f6inen ohjauskotelo,nosturin ohjauskotelo,rajakatkaisin,\u00e4\u00e4ni ja valoh\u00e4lytys,ilmailupistoke,pikalukitusliit\u00e4nt\u00e4,nosturin ilmailupistoke,ylikuormanrajoitus","publisher":{"@id":"https:\/\/www.hnhlcrane.com\/#organization"},"potentialAction":[{"@type":"SearchAction","target":{"@type":"EntryPoint","urlTemplate":"https:\/\/www.hnhlcrane.com\/?s={search_term_string}"},"query-input":{"@type":"PropertyValueSpecification","valueRequired":true,"valueName":"search_term_string"}}],"inLanguage":"fi"},{"@type":"Organization","@id":"https:\/\/www.hnhlcrane.com\/#organization","name":"Nosturin osien toimittaja-HL Crame","url":"https:\/\/www.hnhlcrane.com\/","logo":{"@type":"ImageObject","inLanguage":"fi","@id":"https:\/\/www.hnhlcrane.com\/#\/schema\/logo\/image\/","url":"https:\/\/www.hnhlcrane.com\/wp-content\/uploads\/2024\/09\/logo6-1-e1733899395598.png","contentUrl":"https:\/\/www.hnhlcrane.com\/wp-content\/uploads\/2024\/09\/logo6-1-e1733899395598.png","width":1000,"height":282,"caption":"Crane Parts Supplier-HL Crame"},"image":{"@id":"https:\/\/www.hnhlcrane.com\/#\/schema\/logo\/image\/"}}]}},"_links":{"self":[{"href":"https:\/\/www.hnhlcrane.com\/fi\/wp-json\/wp\/v2\/product\/5740","targetHints":{"allow":["GET"]}}],"collection":[{"href":"https:\/\/www.hnhlcrane.com\/fi\/wp-json\/wp\/v2\/product"}],"about":[{"href":"https:\/\/www.hnhlcrane.com\/fi\/wp-json\/wp\/v2\/types\/product"}],"version-history":[{"count":1,"href":"https:\/\/www.hnhlcrane.com\/fi\/wp-json\/wp\/v2\/product\/5740\/revisions"}],"predecessor-version":[{"id":6979,"href":"https:\/\/www.hnhlcrane.com\/fi\/wp-json\/wp\/v2\/product\/5740\/revisions\/6979"}],"wp:featuredmedia":[{"embeddable":true,"href":"https:\/\/www.hnhlcrane.com\/fi\/wp-json\/wp\/v2\/media\/5741"}],"wp:attachment":[{"href":"https:\/\/www.hnhlcrane.com\/fi\/wp-json\/wp\/v2\/media?parent=5740"}],"wp:term":[{"taxonomy":"product_brand","embeddable":true,"href":"https:\/\/www.hnhlcrane.com\/fi\/wp-json\/wp\/v2\/product_brand?post=5740"},{"taxonomy":"product_cat","embeddable":true,"href":"https:\/\/www.hnhlcrane.com\/fi\/wp-json\/wp\/v2\/product_cat?post=5740"},{"taxonomy":"product_tag","embeddable":true,"href":"https:\/\/www.hnhlcrane.com\/fi\/wp-json\/wp\/v2\/product_tag?post=5740"}],"curies":[{"name":"wp","href":"https:\/\/api.w.org\/{rel}","templated":true}]}}