{"id":5544,"date":"2024-11-29T22:40:44","date_gmt":"2024-11-29T14:40:44","guid":{"rendered":"https:\/\/www.hnhlcrane.com\/?post_type=product&#038;p=5544"},"modified":"2024-11-29T22:43:48","modified_gmt":"2024-11-29T14:43:48","slug":"hdgy-kiskoleikkeet","status":"publish","type":"product","link":"https:\/\/www.hnhlcrane.com\/fi\/tuote\/hdgy-kiskoleikkeet\/","title":{"rendered":"HDGY Rail Clips"},"content":{"rendered":"<h6><span style=\"font-family: arial, helvetica, sans-serif; font-size: 18pt;\"><strong>HDGY Rail Clipsin ominaisuudet<\/strong><\/span><\/h6>\n<ol>\n<li><strong>Elastinen kiinnitys ja v\u00e4hentynyt kuluminen<\/strong>\n<ul>\n<li>HDGY-kiskoklipsit on suunniteltu kiskojen joustavaan kiinnitt\u00e4miseen betonisiin nosturipalkkeihin.<\/li>\n<li>Ne v\u00e4hent\u00e4v\u00e4t kiskonp\u00e4\u00e4n kulumista, minimoivat nosturipalkin iskua, v\u00e4hent\u00e4v\u00e4t nosturipy\u00f6r\u00e4n laipan kulumista ja alentavat melutasoa.<\/li>\n<\/ul>\n<\/li>\n<li><strong>Parannettu vakaus elastisella komposiittikumityynyll\u00e4 varustettuna<\/strong>\n<ul>\n<li>Kiskon ja nosturipalkin v\u00e4liss\u00e4 oleva joustava komposiittikumityyny lis\u00e4\u00e4 kitkaa ja est\u00e4\u00e4 kiskon liikkumisen.<\/li>\n<li>Se my\u00f6s poistaa tai minimoi ep\u00e4tasaiset raot kiskon pituudelta, mik\u00e4 parantaa pulttien j\u00e4nnityksen jakautumista kiinnityslevyihin.<\/li>\n<\/ul>\n<\/li>\n<li><strong>Optimaalinen j\u00e4nnitysjakauma<\/strong>\n<ul>\n<li>Kumityynyss\u00e4 on hieman kupera poikkileikkaus j\u00e4nnityksen j\u00e4rkev\u00e4n jakautumisen varmistamiseksi.<\/li>\n<li>Tyynyn pienet suorakulmaiset harjanteet parantavat kosketusta kiskoon, lis\u00e4\u00e4v\u00e4t joustavuutta ja vaimentavat t\u00e4rin\u00e4\u00e4.<\/li>\n<\/ul>\n<\/li>\n<li><strong>Kest\u00e4v\u00e4 muotoilu<\/strong>\n<ul>\n<li>Tyynyn suorakulmaiset urat minimoivat sivusuuntaisen muodonmuutoksen rasituksessa ja v\u00e4hent\u00e4v\u00e4t puristuksesta aiheutuvia pintavaurioita.<\/li>\n<li>K\u00e4sitellyn ter\u00e4svahvikkeen ansiosta rakenne on eritt\u00e4in kest\u00e4v\u00e4 ja s\u00e4ilytt\u00e4\u00e4 erinomaisen suorituskyvyn jopa 2 miljoonan v\u00e4symissyklin j\u00e4lkeen.<\/li>\n<\/ul>\n<\/li>\n<li><strong>Turvalliset ja symmetriset kiinnityslevyt<\/strong>\n<ul>\n<li>Kiinnityslevyt kiinnittyv\u00e4t tukevasti nosturipalkkiin ja kest\u00e4v\u00e4t l\u00f6ystymist\u00e4 tai nosturipalkin kulumista.<\/li>\n<li>Symmetriset kiinnityslevyt muodostavat poikkileikkauksessa kiilamaisen rakenteen, joka rajoittaa kiskon sivusiirtym\u00e4\u00e4.<\/li>\n<\/ul>\n<\/li>\n<li><strong>S\u00e4\u00e4dett\u00e4vyys asennusta ja huoltoa varten<\/strong>\n<ul>\n<li>Kiinnityslevyss\u00e4 olevat elliptiset urat mahdollistavat sivusuuntaiset s\u00e4\u00e4d\u00f6t.<\/li>\n<li>Kaltevat rei\u00e4t yhdistettyn\u00e4 liukumista est\u00e4viin lohkoihin est\u00e4v\u00e4t kiinnittimen liikkumisen ja helpottavat sivusuuntaista kohdistusta asennuksen tai huollon aikana.<\/li>\n<\/ul>\n<\/li>\n<li><strong>Kiskoliikkeen toleranssi<\/strong>\n<ul>\n<li>J\u00e4rjestelm\u00e4 mukautuu pieniin kiskon liikkeisiin nosturin k\u00e4yt\u00f6n aikana, mik\u00e4 takaa joustavuuden vakaudesta tinkim\u00e4tt\u00e4.<\/li>\n<\/ul>\n<\/li>\n<\/ol>\n<hr \/>\n<h6><span style=\"font-family: arial, helvetica, sans-serif; font-size: 18pt;\"><strong>HDGY-kiskoklipsin asennusvaiheet<\/strong><\/span><\/h6>\n<ol>\n<li><strong>Kumityynyn asettaminen paikalleen<\/strong>\n<ul>\n<li>Aseta kumityyny, jonka suorakulmaiset harjanteet ja urat ovat samansuuntaiset kiskon kanssa, kiskon alle.<\/li>\n<li>Varmista, ett\u00e4 tyyny on kohtisuorassa kiskon keskilinjaan n\u00e4hden ja ett\u00e4 se on sijoitettu molemmin puolin oleviin pultteihin n\u00e4hden.<\/li>\n<\/ul>\n<\/li>\n<li><strong>Pohjakerroksen valmistelu<\/strong>\n<ul>\n<li>Ennen kuin asetat kumityynyn betonipohjakerroksen p\u00e4\u00e4lle, puhdista pinta perusteellisesti, jotta roskat eiv\u00e4t heikenn\u00e4 suorituskyky\u00e4.<\/li>\n<\/ul>\n<\/li>\n<li><strong>Kiinnityslevyn kokoaminen<\/strong>\n<ul>\n<li>Seuraa t\u00e4t\u00e4 j\u00e4rjestyst\u00e4:\n<ul>\n<li>Aseta pultit ter\u00e4sbetoniseen nosturipalkkiin esiporattuihin reikiin.<\/li>\n<li>Aseta kiinnityslevyn runko paikalleen.<\/li>\n<li>Lis\u00e4\u00e4 liukuestepalikka (niin, ett\u00e4 pieni p\u00e4\u00e4 osoittaa kiskoon p\u00e4in).<\/li>\n<li>Lis\u00e4\u00e4 jousialuslevy ja mutteri.<\/li>\n<li>Kirist\u00e4 kokoonpano.<\/li>\n<li>S\u00e4\u00e4d\u00e4 kiinnityslevy niin, ett\u00e4 se painuu tiukasti kiskon reunaa vasten.<\/li>\n<li>Kirist\u00e4 pultit lopuksi kokonaan.<\/li>\n<\/ul>\n<\/li>\n<\/ul>\n<\/li>\n<li><strong>Kiinnityslevyn kohdistus<\/strong>\n<ul>\n<li>Varmista, ett\u00e4 kiinnityslevyn keskilinja on kohtisuorassa kiskon keskilinjaan n\u00e4hden ilman vinoutta.<\/li>\n<\/ul>\n<\/li>\n<\/ol>","protected":false},"excerpt":{"rendered":"<h6><span style=\"font-family: arial, helvetica, sans-serif; font-size: 14pt;\"><strong>HDGY Rail Clipsin tekniset tiedot<\/strong><\/span><\/h6>\n<ul>\n<li><strong>Mallit:<\/strong> HDGY24, HDGY38A, HDGY38B, HDGY43, HDGY50, HDGY70, HDGY80, HDGY100 JA HDGY120<\/li>\n<li><strong>Kiinnitysmenetelm\u00e4:<\/strong> Pultin kiinnitys<\/li>\n<\/ul>","protected":false},"featured_media":5545,"template":"","meta":{"_kad_post_transparent":"default","_kad_post_title":"","_kad_post_layout":"default","_kad_post_sidebar_id":"","_kad_post_content_style":"default","_kad_post_vertical_padding":"show","_kad_post_feature":"","_kad_post_feature_position":"","_kad_post_header":false,"_kad_post_footer":false},"product_brand":[],"product_cat":[83],"product_tag":[224,223,222,221,218,214,217,225,228,216,226,219,227,215,220],"class_list":{"0":"post-5544","1":"product","2":"type-product","3":"status-publish","4":"has-post-thumbnail","6":"product_cat-crane-rail-clips","7":"product_tag-05g525-rail-clips","8":"product_tag-cgbk-rail-clips","9":"product_tag-cgek-rail-clips","10":"product_tag-cgwk-rail-clips","11":"product_tag-crane-rail-clamp","12":"product_tag-crane-rail-clips","13":"product_tag-crane-rail-fixing-device","14":"product_tag-hdgy-rail-clips","15":"product_tag-rail-connection-splint","16":"product_tag-rail-fixing-device","17":"product_tag-rail-joints","18":"product_tag-swjk-rail-clips","19":"product_tag-tracks-jointing-plates","20":"product_tag-wjk-rail-clips","21":"product_tag-wjkc-rail-clips","23":"first","24":"instock","25":"shipping-taxable","26":"product-type-simple","27":"entry","28":"content-bg","29":"loop-entry"},"yoast_head":"<!-- This site is optimized with the Yoast SEO plugin v25.6 - https:\/\/yoast.com\/wordpress\/plugins\/seo\/ -->\n<title>HDGY Rail Clips -Crane Rail Clips-Rail Clips-Crane Rail Clamp<\/title>\n<meta name=\"description\" content=\"Rail Clips,HDGY Rail Clips,Crane Rail Clips,Rail fixing device,Crane Rail fixing device,crane Rail Clamp,WJK Rail Clips,Overhead Crane Rail Clips\" \/>\n<meta name=\"robots\" content=\"index, follow, max-snippet:-1, max-image-preview:large, max-video-preview:-1\" \/>\n<link rel=\"canonical\" href=\"https:\/\/www.hnhlcrane.com\/fi\/tuote\/hdgy-kiskoleikkeet\/\" \/>\n<meta property=\"og:locale\" content=\"fi_FI\" \/>\n<meta property=\"og:type\" content=\"article\" \/>\n<meta property=\"og:title\" content=\"HDGY Rail Clips -Crane Rail Clips-Rail Clips-Crane Rail Clamp\" \/>\n<meta property=\"og:description\" content=\"Rail Clips,HDGY Rail Clips,Crane Rail Clips,Rail fixing device,Crane Rail fixing device,crane Rail Clamp,WJK Rail Clips,Overhead Crane Rail Clips\" \/>\n<meta property=\"og:url\" content=\"https:\/\/www.hnhlcrane.com\/fi\/tuote\/hdgy-kiskoleikkeet\/\" \/>\n<meta property=\"og:site_name\" content=\"Crane Parts Supplier-HL Crame\" \/>\n<meta property=\"article:modified_time\" content=\"2024-11-29T14:43:48+00:00\" \/>\n<meta property=\"og:image\" content=\"https:\/\/www.hnhlcrane.com\/wp-content\/uploads\/2024\/11\/HDGY-Rail-Clips.jpg\" \/>\n\t<meta property=\"og:image:width\" content=\"600\" \/>\n\t<meta property=\"og:image:height\" content=\"600\" \/>\n\t<meta property=\"og:image:type\" content=\"image\/jpeg\" \/>\n<meta name=\"twitter:card\" content=\"summary_large_image\" \/>\n<meta name=\"twitter:label1\" content=\"Arvioitu lukuaika\" \/>\n\t<meta name=\"twitter:data1\" content=\"2 minuuttia\" \/>\n<script type=\"application\/ld+json\" class=\"yoast-schema-graph\">{\"@context\":\"https:\/\/schema.org\",\"@graph\":[{\"@type\":\"WebPage\",\"@id\":\"https:\/\/www.hnhlcrane.com\/product\/hdgy-rail-clips\/\",\"url\":\"https:\/\/www.hnhlcrane.com\/product\/hdgy-rail-clips\/\",\"name\":\"HDGY Rail Clips -Crane Rail Clips-Rail Clips-Crane Rail Clamp\",\"isPartOf\":{\"@id\":\"https:\/\/www.hnhlcrane.com\/#website\"},\"primaryImageOfPage\":{\"@id\":\"https:\/\/www.hnhlcrane.com\/product\/hdgy-rail-clips\/#primaryimage\"},\"image\":{\"@id\":\"https:\/\/www.hnhlcrane.com\/product\/hdgy-rail-clips\/#primaryimage\"},\"thumbnailUrl\":\"https:\/\/www.hnhlcrane.com\/wp-content\/uploads\/2024\/11\/HDGY-Rail-Clips.jpg\",\"datePublished\":\"2024-11-29T14:40:44+00:00\",\"dateModified\":\"2024-11-29T14:43:48+00:00\",\"description\":\"Rail Clips,HDGY Rail Clips,Crane Rail Clips,Rail fixing device,Crane Rail fixing device,crane Rail Clamp,WJK Rail Clips,Overhead Crane Rail Clips\",\"breadcrumb\":{\"@id\":\"https:\/\/www.hnhlcrane.com\/product\/hdgy-rail-clips\/#breadcrumb\"},\"inLanguage\":\"fi\",\"potentialAction\":[{\"@type\":\"ReadAction\",\"target\":[\"https:\/\/www.hnhlcrane.com\/product\/hdgy-rail-clips\/\"]}]},{\"@type\":\"ImageObject\",\"inLanguage\":\"fi\",\"@id\":\"https:\/\/www.hnhlcrane.com\/product\/hdgy-rail-clips\/#primaryimage\",\"url\":\"https:\/\/www.hnhlcrane.com\/wp-content\/uploads\/2024\/11\/HDGY-Rail-Clips.jpg\",\"contentUrl\":\"https:\/\/www.hnhlcrane.com\/wp-content\/uploads\/2024\/11\/HDGY-Rail-Clips.jpg\",\"width\":600,\"height\":600},{\"@type\":\"BreadcrumbList\",\"@id\":\"https:\/\/www.hnhlcrane.com\/product\/hdgy-rail-clips\/#breadcrumb\",\"itemListElement\":[{\"@type\":\"ListItem\",\"position\":1,\"name\":\"home\",\"item\":\"https:\/\/www.hnhlcrane.com\/\"},{\"@type\":\"ListItem\",\"position\":2,\"name\":\"products\",\"item\":\"https:\/\/www.hnhlcrane.com\/products\/\"},{\"@type\":\"ListItem\",\"position\":3,\"name\":\"HDGY Rail Clips\"}]},{\"@type\":\"WebSite\",\"@id\":\"https:\/\/www.hnhlcrane.com\/#website\",\"url\":\"https:\/\/www.hnhlcrane.com\/\",\"name\":\"Crane Parts Supplier-HL Crame\",\"description\":\"One-stop solution for all your  crane parts needs,Crane Hook,Crane Drum,Crane Wheel,Crane Coupling,Crane Gearbox,Crane Motor,Crane Brake,Special Crane Spreader,Crane grab,Container spreader,Billet crane clamps,Crane C-type spreader,Lifting Electromagnet,Crane Rail Clips,Electric Hoist,FEM Standard Crane End Carriages,Light Crane Parts,Workstation Crane Parts,Crane Electrical Parts,I-beam cable trolley,Crane remote controller,Crane electrical control cabinet,Crane limit switch,Crane sound and light alarm,Heavy Duty Aviation Connector,Crane overload limiter,China Crane Parts Supplier,Crane hooks,Gantry crane hook,Crane accessories,Forged hook,hook processing,Hook manufacturer,China standard crane hook,electric hoist hook,Crane pulley,Hook pulley,Rolled pulley,Crane Pulley Supplier\uff0cEuropean hook pulley,Gantry crane hook pulley,WZL type crane drum,European style reel set,Crane reel,crane parts,Drum processing,crane drum manufacturer,Cast steel drum,Electric hoist drum,Crane drum assembly,DRS Wheel Blocks,European crane wheel,Forged wheels,Active wheel set,Driving wheel set,Driven wheel group,crane wheels manufacturer,Demag crane wheels,Konecranes Crane Wheels,Overhead crane Wheel,Shaft couplings,Power Transmission Couplings,Disc Couplings,Fluid couplings,Coupling manufacturer\uff0cCardan coupling,Crane Reducer,Crane Decelerators,Reducer gearbox,Reducer for crane,Gear Reducer For Crane,Hard tooth surface reducerCrane and hoist reducer,Flender reducer,Reducer manufacturer,ZQ reducer,QJ reducer,QJY reducer,Gear Motors,Konecranes reducer,F series three-in-one reducer,K series three-in-one reducer,travelling machinery,Travelling Motor With Gear,Gear Motor for Crane Traveling,Travelling machinery Frequency inverter motors,FEM standard Gear Motors,Crane motors,Inverter motors,Hoist motors,motorCrane duty motors,Special motor for crane,YZR YZP YZ series motors,Crane and hoist motor,Frequency conversion motor,Electro hydraulic drum brakes,Electro-hydraulic disc brakes,Brake,Overhead Crane Brakes,Disc brakes,Electromagnetic disk brake,Crane hydraulic disc brake,Brakes manufacturer,crane Safety brakes,Singlr rope grab,Four rope grab,Electro-hydraulic multi-flap grab,Orange peel grab,Electric motor grab,Electro-Hydraulicclamshell grab,grab manufacturers,Container spreader manufacturers,20ft Container Spreader,Semi Automatic container spreader,40ft Container Lifting Frame,TEC container Spreader,Billet lifting clamp,Billet Clamps,Billet crane clamps manufacturer,billet lifting clamps china supplier,Coil C-Type Hook,coil hook,Overhead Crane Steel Coil C-Type Hook,Crane C-hook,C-type spreader,C-type hook,Crane magnets,Rail fixing device,Crane Rail fixing device,crane Rail Clamp,CD\/MD Wire Rope Electric Hoist,Wire Rope Electric Hoist China Manufacturer,Single Girder Wire Rope Electric Hoist,Double Girder Wire Rope Electric Hoist,Chain Hoist,Electric chain hoist manufacturer,Electric chain hoist China distributor,European wire rope electric hoist\uff0cEuropean double beam wire rope electric hoist,European Style Single Beam Crane End Carriage,FEN\/DIN European Style Single Beam Crane End Carriage,Crane end beam manufacturers,European style hoist double beam crane end beam,Suspension crane end beam,European style suspended single beam crane end beam,FEN\/DIN Suspension crane end beam,crane cable trolley,Wireless remote control,remote controller,Crane control handle,Crane Controls,electrical control cabinet,crane control cabinet,Limit switch,Sound and light alarm,Aviation plug,quick connector,Crane aviation plug,Overload limiter\",\"publisher\":{\"@id\":\"https:\/\/www.hnhlcrane.com\/#organization\"},\"potentialAction\":[{\"@type\":\"SearchAction\",\"target\":{\"@type\":\"EntryPoint\",\"urlTemplate\":\"https:\/\/www.hnhlcrane.com\/?s={search_term_string}\"},\"query-input\":{\"@type\":\"PropertyValueSpecification\",\"valueRequired\":true,\"valueName\":\"search_term_string\"}}],\"inLanguage\":\"fi\"},{\"@type\":\"Organization\",\"@id\":\"https:\/\/www.hnhlcrane.com\/#organization\",\"name\":\"Crane Parts Supplier-HL Crame\",\"url\":\"https:\/\/www.hnhlcrane.com\/\",\"logo\":{\"@type\":\"ImageObject\",\"inLanguage\":\"fi\",\"@id\":\"https:\/\/www.hnhlcrane.com\/#\/schema\/logo\/image\/\",\"url\":\"https:\/\/www.hnhlcrane.com\/wp-content\/uploads\/2024\/09\/logo6-1-e1733899395598.png\",\"contentUrl\":\"https:\/\/www.hnhlcrane.com\/wp-content\/uploads\/2024\/09\/logo6-1-e1733899395598.png\",\"width\":1000,\"height\":282,\"caption\":\"Crane Parts Supplier-HL Crame\"},\"image\":{\"@id\":\"https:\/\/www.hnhlcrane.com\/#\/schema\/logo\/image\/\"}}]}<\/script>\n<!-- \/ Yoast SEO plugin. -->","yoast_head_json":{"title":"HDGY Rail Clips -nosturin kiskonpidikkeet-kiskonpidikkeet-nosturin kiskonpidinpidin","description":"Rail Clips,HDGY Rail Clips,Crane Rail Clips,Rail kiinnityslaite,Crane Rail kiinnityslaite,nosturi Rail Clamp,WJK Rail Clips,Overhead Crane Rail Clips,Nosturi Rail Clips","robots":{"index":"index","follow":"follow","max-snippet":"max-snippet:-1","max-image-preview":"max-image-preview:large","max-video-preview":"max-video-preview:-1"},"canonical":"https:\/\/www.hnhlcrane.com\/fi\/tuote\/hdgy-kiskoleikkeet\/","og_locale":"fi_FI","og_type":"article","og_title":"HDGY Rail Clips -Crane Rail Clips-Rail Clips-Crane Rail Clamp","og_description":"Rail Clips,HDGY Rail Clips,Crane Rail Clips,Rail fixing device,Crane Rail fixing device,crane Rail Clamp,WJK Rail Clips,Overhead Crane Rail Clips","og_url":"https:\/\/www.hnhlcrane.com\/fi\/tuote\/hdgy-kiskoleikkeet\/","og_site_name":"Crane Parts Supplier-HL Crame","article_modified_time":"2024-11-29T14:43:48+00:00","og_image":[{"width":600,"height":600,"url":"https:\/\/www.hnhlcrane.com\/wp-content\/uploads\/2024\/11\/HDGY-Rail-Clips.jpg","type":"image\/jpeg"}],"twitter_card":"summary_large_image","twitter_misc":{"Arvioitu lukuaika":"2 minuuttia"},"schema":{"@context":"https:\/\/schema.org","@graph":[{"@type":"WebPage","@id":"https:\/\/www.hnhlcrane.com\/product\/hdgy-rail-clips\/","url":"https:\/\/www.hnhlcrane.com\/product\/hdgy-rail-clips\/","name":"HDGY Rail Clips -nosturin kiskonpidikkeet-kiskonpidikkeet-nosturin kiskonpidinpidin","isPartOf":{"@id":"https:\/\/www.hnhlcrane.com\/#website"},"primaryImageOfPage":{"@id":"https:\/\/www.hnhlcrane.com\/product\/hdgy-rail-clips\/#primaryimage"},"image":{"@id":"https:\/\/www.hnhlcrane.com\/product\/hdgy-rail-clips\/#primaryimage"},"thumbnailUrl":"https:\/\/www.hnhlcrane.com\/wp-content\/uploads\/2024\/11\/HDGY-Rail-Clips.jpg","datePublished":"2024-11-29T14:40:44+00:00","dateModified":"2024-11-29T14:43:48+00:00","description":"Rail Clips,HDGY Rail Clips,Crane Rail Clips,Rail kiinnityslaite,Crane Rail kiinnityslaite,nosturi Rail Clamp,WJK Rail Clips,Overhead Crane Rail Clips,Nosturi Rail Clips","breadcrumb":{"@id":"https:\/\/www.hnhlcrane.com\/product\/hdgy-rail-clips\/#breadcrumb"},"inLanguage":"fi","potentialAction":[{"@type":"ReadAction","target":["https:\/\/www.hnhlcrane.com\/product\/hdgy-rail-clips\/"]}]},{"@type":"ImageObject","inLanguage":"fi","@id":"https:\/\/www.hnhlcrane.com\/product\/hdgy-rail-clips\/#primaryimage","url":"https:\/\/www.hnhlcrane.com\/wp-content\/uploads\/2024\/11\/HDGY-Rail-Clips.jpg","contentUrl":"https:\/\/www.hnhlcrane.com\/wp-content\/uploads\/2024\/11\/HDGY-Rail-Clips.jpg","width":600,"height":600},{"@type":"BreadcrumbList","@id":"https:\/\/www.hnhlcrane.com\/product\/hdgy-rail-clips\/#breadcrumb","itemListElement":[{"@type":"ListItem","position":1,"name":"home","item":"https:\/\/www.hnhlcrane.com\/"},{"@type":"ListItem","position":2,"name":"products","item":"https:\/\/www.hnhlcrane.com\/products\/"},{"@type":"ListItem","position":3,"name":"HDGY Rail Clips"}]},{"@type":"WebSite","@id":"https:\/\/www.hnhlcrane.com\/#website","url":"https:\/\/www.hnhlcrane.com\/","name":"Nosturin osien toimittaja-HL Crame","description":"Yhden luukun ratkaisu kaikkiin nosturin osien tarpeisiin, nosturin koukku, nosturirumpu, nosturipy\u00f6r\u00e4, nosturikytkin, nosturivaihteisto, nosturimoottori, nosturijarru, erikoisnosturin levitin, nosturin koura, kontin levitin, Billet-nosturin kiinnittimet, nosturin C-tyypin levitin,Nostos\u00e4hk\u00f6magneetti,Nosturin kiskoklipsit,S\u00e4hk\u00f6inen nostin,FEM-standardin mukaiset nosturin p\u00e4\u00e4tyvaunut,Kevytnosturin osat,Ty\u00f6asemanosturin osat,Nosturin s\u00e4hk\u00f6osat,I-palkkikaapelivaunu,Nosturin kauko-ohjain,Nosturin s\u00e4hk\u00f6inen ohjauskaappi,Nosturin rajakytkin,Nosturin \u00e4\u00e4ni- ja valoh\u00e4lytys,Heavy Duty Aviation Connector,Nosturin ylikuormituksen rajoitin,Kiina Nosturin osien toimittaja,Nosturin koukut,Gantry nosturin koukku,Nosturin tarvikkeet,Taottu koukku,koukun k\u00e4sittely,koukun valmistaja,Kiina standardi nosturin koukku,s\u00e4hk\u00f6inen nosturin koukku,Nosturin hihnapy\u00f6r\u00e4,Koukku hihnapy\u00f6r\u00e4,Valssattu hihnapy\u00f6r\u00e4,Nosturin hihnapy\u00f6r\u00e4n toimittaja\uff0cEuroopan koukku hihnapy\u00f6r\u00e4,Gantry nosturin koukku hihnapy\u00f6r\u00e4,WZL-tyypin nosturin rumpu,Euroopan tyylinen kela setti,nosturin kela,nosturin osat,Rumpujen k\u00e4sittely,nosturirumpujen valmistaja,Valuter\u00e4srumpu,S\u00e4hk\u00f6k\u00e4ytt\u00f6inen nosturirumpu,Nosturirumpujen kokoonpano,DRS-py\u00f6r\u00e4lohkot,Eurooppalainen nosturipy\u00f6r\u00e4,Taotut py\u00f6r\u00e4t,Aktiivinen py\u00f6r\u00e4sarja,Ajopy\u00f6r\u00e4sarja,Ajopy\u00f6r\u00e4ryhm\u00e4,Nosturipy\u00f6rien valmistaja,Demag-nosturipy\u00f6r\u00e4t,Konecranes-nosturipy\u00f6r\u00e4t,Akseliliit\u00e4nn\u00e4t,Voimansiirtokytkimet,Kiekkoliit\u00e4nn\u00e4t,Nesteen liit\u00e4nn\u00e4t,Kytkent\u00e4valmistaja\uff0cKardaanikytkent\u00e4,Nosturin v\u00e4hennys,Nosturin hidastimet,Reducer gearbox,Reducer for crane,Gear Reducer For Crane,Hard tooth surface reducerCrane and hoist reducer,Flender reducer,Reducer valmistaja,ZQ reducer,QJ reducer,QJY reducer,Gear Motors,Konecranes reducer,F-sarjan kolme-in-one-reduktori,K-sarjan kolme-in-one-reduktori,kulkukoneet,kulkumoottori hammaspy\u00f6r\u00e4ll\u00e4,hammaspy\u00f6r\u00e4moottori nosturin kuljettamiseen,kulkukoneet Taajuusmuuttajamoottorit,FEM-standardin mukaiset hammaspy\u00f6r\u00e4moottorit,nosturimoottorit,Invertterimoottorit,Nostomoottorit,moottoriNosturin k\u00e4ytt\u00f6moottorit,Erikoismoottori nosturiin,YZR YZP YZ-sarjan moottorit,Nosturin ja nostimen moottori,Taajuusmuuttajamoottori,S\u00e4hk\u00f6hydrauliset rumpujarrut,S\u00e4hk\u00f6hydrauliset levyjarrut,Jarrut,Nosturin jarrut,Levyjarrut,S\u00e4hk\u00f6magneettinen levyjarru,Nosturin hydraulinen levyjarru,Jarrujenvalmistaja,Nosturin turvajarrut,Singlr-k\u00f6ysikoura,Nelosk\u00f6ysikoura,S\u00e4hk\u00f6hydraulinen monilaippakoura,Oranssinkuori-kourakoura,S\u00e4hk\u00f6moottorikoura,Electro-Hydraulicclamshell grab,grab valmistajat,Container spreader manufacturers,20ft Container Spreader,Semi Automatic container spreader,40ft Container Lifting Frame,TEC container Spreader,Billet lifting clamp,Billet Clamps,Billet crane clamps manufacturer,billet lifting clamps china supplier,Coil C-Type Hook,coil hook,Overhead Crane Steel Coil C-Type Hook,Crane C-hook,C-type spreader,C-type hook,C-type hook,Crane magneetit,Rail kiinnityslaite,Crane Rail fixing device,crane Rail Clamp,CD\/MD Wire Rope Electric Hoist,Wire Rope Electric Hoist China Manufacturer,Single Girder Wire Rope Electric Hoist,Double Girder Wire Rope Electric Hoist,Chain Hoist,Electric chain hoist valmistaja,Electric chain hoist China distributor,European wire rope electric hoist\uff0cEuropean double beam wire rope electric hoist,European Style Single Beam Crane End Carriage,FEN\/DIN European Style Single Beam Crane End Carriage,Nosturin p\u00e4\u00e4typalkin valmistajat,eurooppalaistyylinen nosturin kaksoispalkkisen nosturin p\u00e4\u00e4typalkki,ripustusnosturin p\u00e4\u00e4typalkki,eurooppalaistyylinen ripustettu yksipalkkinen nosturin p\u00e4\u00e4typalkki,FEN\/DIN ripustusnosturin p\u00e4\u00e4typalkki,nosturin vaijerivaunu,langaton kaukos\u00e4\u00e4din,kaukos\u00e4\u00e4din,nosturin ohjauskahva,nosturin ohjauskahva,nosturin ohjauskahva,s\u00e4hk\u00f6inen ohjauskotelo,nosturin ohjauskotelo,rajakatkaisin,\u00e4\u00e4ni ja valoh\u00e4lytys,ilmailupistoke,pikalukitusliit\u00e4nt\u00e4,nosturin ilmailupistoke,ylikuormanrajoitus","publisher":{"@id":"https:\/\/www.hnhlcrane.com\/#organization"},"potentialAction":[{"@type":"SearchAction","target":{"@type":"EntryPoint","urlTemplate":"https:\/\/www.hnhlcrane.com\/?s={search_term_string}"},"query-input":{"@type":"PropertyValueSpecification","valueRequired":true,"valueName":"search_term_string"}}],"inLanguage":"fi"},{"@type":"Organization","@id":"https:\/\/www.hnhlcrane.com\/#organization","name":"Nosturin osien toimittaja-HL Crame","url":"https:\/\/www.hnhlcrane.com\/","logo":{"@type":"ImageObject","inLanguage":"fi","@id":"https:\/\/www.hnhlcrane.com\/#\/schema\/logo\/image\/","url":"https:\/\/www.hnhlcrane.com\/wp-content\/uploads\/2024\/09\/logo6-1-e1733899395598.png","contentUrl":"https:\/\/www.hnhlcrane.com\/wp-content\/uploads\/2024\/09\/logo6-1-e1733899395598.png","width":1000,"height":282,"caption":"Crane Parts Supplier-HL Crame"},"image":{"@id":"https:\/\/www.hnhlcrane.com\/#\/schema\/logo\/image\/"}}]}},"_links":{"self":[{"href":"https:\/\/www.hnhlcrane.com\/fi\/wp-json\/wp\/v2\/product\/5544","targetHints":{"allow":["GET"]}}],"collection":[{"href":"https:\/\/www.hnhlcrane.com\/fi\/wp-json\/wp\/v2\/product"}],"about":[{"href":"https:\/\/www.hnhlcrane.com\/fi\/wp-json\/wp\/v2\/types\/product"}],"version-history":[{"count":0,"href":"https:\/\/www.hnhlcrane.com\/fi\/wp-json\/wp\/v2\/product\/5544\/revisions"}],"wp:featuredmedia":[{"embeddable":true,"href":"https:\/\/www.hnhlcrane.com\/fi\/wp-json\/wp\/v2\/media\/5545"}],"wp:attachment":[{"href":"https:\/\/www.hnhlcrane.com\/fi\/wp-json\/wp\/v2\/media?parent=5544"}],"wp:term":[{"taxonomy":"product_brand","embeddable":true,"href":"https:\/\/www.hnhlcrane.com\/fi\/wp-json\/wp\/v2\/product_brand?post=5544"},{"taxonomy":"product_cat","embeddable":true,"href":"https:\/\/www.hnhlcrane.com\/fi\/wp-json\/wp\/v2\/product_cat?post=5544"},{"taxonomy":"product_tag","embeddable":true,"href":"https:\/\/www.hnhlcrane.com\/fi\/wp-json\/wp\/v2\/product_tag?post=5544"}],"curies":[{"name":"wp","href":"https:\/\/api.w.org\/{rel}","templated":true}]}}